{"id":9835,"date":"2021-06-28T11:45:46","date_gmt":"2021-06-28T09:45:46","guid":{"rendered":"https:\/\/www.akuplastics.com\/vizsgalati-technologia\/"},"modified":"2025-09-11T09:01:20","modified_gmt":"2025-09-11T07:01:20","slug":"szikratesztek-vizsgalati-technologia-hegesztesi-varratszilardsag-dvs","status":"publish","type":"page","link":"https:\/\/www.akuplastics.com\/hu\/gepek-es-eszkoezoek\/szikratesztek-vizsgalati-technologia-hegesztesi-varratszilardsag-dvs\/","title":{"rendered":"Vizsg\u00e1lati technol\u00f3gia"},"content":{"rendered":"\t\t<div data-elementor-type=\"wp-page\" data-elementor-id=\"9835\" class=\"elementor elementor-9835 elementor-4735\" data-elementor-post-type=\"page\">\n\t\t\t\t\t\t<section class=\"elementor-section elementor-top-section elementor-element elementor-element-707a9239 elementor-section-boxed elementor-section-height-default elementor-section-height-default\" data-id=\"707a9239\" data-element_type=\"section\" data-e-type=\"section\">\n\t\t\t\t\t\t<div class=\"elementor-container elementor-column-gap-default\">\n\t\t\t\t\t<div class=\"elementor-column elementor-col-100 elementor-top-column elementor-element elementor-element-6db969d7\" data-id=\"6db969d7\" data-element_type=\"column\" data-e-type=\"column\">\n\t\t\t<div class=\"elementor-widget-wrap elementor-element-populated\">\n\t\t\t\t\t\t<div class=\"elementor-element elementor-element-1694d4f0 elementor-widget elementor-widget-text-editor\" data-id=\"1694d4f0\" data-element_type=\"widget\" data-e-type=\"widget\" data-widget_type=\"text-editor.default\">\n\t\t\t\t<div class=\"elementor-widget-container\">\n\t\t\t\t\t\t\t\t\t<h1>Szikratesztel\u0151 eszk\u00f6z\u00f6k \u00e9s vizsg\u00e1lati technol\u00f3gia m\u0171anyag-feldolgoz\u00f3k sz\u00e1m\u00e1ra<\/h1>\n\t\t\t\t\t\t\t\t<\/div>\n\t\t\t\t<\/div>\n\t\t\t\t<section class=\"elementor-section elementor-inner-section elementor-element elementor-element-42189da3 elementor-section-boxed elementor-section-height-default elementor-section-height-default\" data-id=\"42189da3\" data-element_type=\"section\" data-e-type=\"section\">\n\t\t\t\t\t\t<div class=\"elementor-container elementor-column-gap-default\">\n\t\t\t\t\t<div class=\"elementor-column elementor-col-50 elementor-inner-column elementor-element elementor-element-7193794f\" data-id=\"7193794f\" data-element_type=\"column\" data-e-type=\"column\">\n\t\t\t<div class=\"elementor-widget-wrap elementor-element-populated\">\n\t\t\t\t\t\t<div class=\"elementor-element elementor-element-5616eb76 elementor-widget elementor-widget-text-editor\" data-id=\"5616eb76\" data-element_type=\"widget\" data-e-type=\"widget\" data-widget_type=\"text-editor.default\">\n\t\t\t\t<div class=\"elementor-widget-container\">\n\t\t\t\t\t\t\t\t\t<p>A DVS (N\u00e9met Hegeszt\u00e9si \u00e9s kapcsol\u00f3d\u00f3 elj\u00e1r\u00e1sok sz\u00f6vets\u00e9ge e. V.) a m\u0171anyagok szakszer\u0171 feldolgoz\u00e1s\u00e1nak r\u00e9szek\u00e9nt megk\u00f6veteli a<strong>hegeszt\u00e9si varratok<\/strong>, a felhaszn\u00e1lt anyagok \u00e9s a k\u00fcl\u00f6nb\u00f6z\u0151 megmunk\u00e1l\u00e1si folyamatok <strong>ellen\u0151rz\u00e9s\u00e9t <\/strong>.<\/p><p>\u00a0<\/p><p><em>A <strong>tart\u00e1ly- \u00e9s k\u00e9sz\u00fcl\u00e9k\u00e9p\u00edt\u00e9sben a m\u0171anyag hegeszt\u00e9si varratok roncsol\u00e1smentes vizsg\u00e1lat\u00e1ra a szikrapr\u00f3ba a leggyorsabb, legegyszer\u0171bb \u00e9s mindenekel\u0151tt a legk\u00f6lts\u00e9ghat\u00e9konyabb<\/strong> megold\u00e1s.<br \/><\/em><br \/>Ezek a <strong>szikratesztek<\/strong> nagyfrekvenci\u00e1s v\u00e1ltakoz\u00f3 \u00e1ram\u00fa nagyfesz\u00fclts\u00e9g alapj\u00e1n m\u0171k\u00f6dnek, \u00e9s <strong>megb\u00edzhat\u00f3an jelzik a sziv\u00e1rg\u00f3 hegeszt\u00e9si varratokat vizu\u00e1lisan \u00e9s akusztikusan<\/strong>.<\/p><p>Jelenleg k\u00e9t <strong>CE-j\u00f3v\u00e1hagy\u00e1sos <\/strong>k\u00e9sz\u00fcl\u00e9k \u00e1ll a felel\u0151s k\u00e9sz\u00fcl\u00e9kgy\u00e1rt\u00f3k rendelkez\u00e9s\u00e9re:<\/p><p><strong>PST 100<\/strong> <br \/>Pisztolyszer\u0171 k\u00e9zi k\u00e9sz\u00fcl\u00e9k hajl\u00e9kony r\u00fadelektr\u00f3d\u00e1val, kb. 1 kg k\u00f6nny\u0171, fokozatmentesen \u00e1ll\u00edthat\u00f3 10 &#8211; 55 kV vizsg\u00e1lati fesz\u00fclts\u00e9ggel 3 &#8211; 30 mm anyagvastags\u00e1ghoz, csak 230 V 50\/60 Hz t\u00e1pfesz\u00fclts\u00e9ghez.<br \/><br \/><\/p><p>Sz\u00e1mos <strong>k\u00fcl\u00f6nb\u00f6z\u0151 vizsg\u00e1lati elektr\u00f3da <\/strong>, mint p\u00e9ld\u00e1ul a k\u00f6z\u00f6ns\u00e9ges ac\u00e9lkef\u00e9s elektr\u00f3da (dobkefe), bronz vizsg\u00e1lati kefe, dr\u00f3th\u00e1l\u00f3s g\u00e9zelektr\u00f3da, cs\u00facselektr\u00f3da a legk\u00fcl\u00f6nf\u00e9l\u00e9bb munk\u00e1khoz egyedi tartoz\u00e9kk\u00e9nt vagy tok-k\u00e9szletk\u00e9nt kaphat\u00f3. K\u00e9r\u00e9sre sz\u00e1mos m\u00e1s speci\u00e1lis elektr\u00f3d\u00e1t is tudunk sz\u00e1ll\u00edtani.<br \/><br \/><\/p><p>A tesztcsatorn\u00e1k vizsg\u00e1lata, amelyre f\u0151k\u00e9nt a hullad\u00e9klerak\u00f3k b\u00e9lel\u00e9s\u00e9n\u00e9l \u00e9s az alag\u00fat\u00e9p\u00edt\u00e9sn\u00e9l van sz\u00fcks\u00e9g, <strong>l\u00e9gcsatorna-vizsg\u00e1l\u00f3 k\u00e9sz\u00fcl\u00e9kkel<\/strong> v\u00e9gezhet\u0151 el. Ezt egyszer\u0171 kezelhet\u0151s\u00e9g \u00e9s stabil kialak\u00edt\u00e1s jellemzi. A sz\u00e1ll\u00edt\u00e1s egy kis kompresszort \u00e9s egy s\u0171r\u00edtett leveg\u0151s palackot tartalmaz.<\/p><p>Programunkban speci\u00e1lis, praktikus, k\u00f6nny\u0171 eszk\u00f6z\u00f6k szerepelnek, amelyekkel a f\u00f3liahegeszt\u00e9si <strong>varratok hegeszt\u00e9si varratszil\u00e1rds\u00e1g\u00e1t <\/strong>gyorsan \u00e9s egyszer\u0171en, az \u00e9p\u00edtkez\u00e9seken <strong>h\u00e1ntol\u00e1si pr\u00f3b\u00e1val<\/strong> vizsg\u00e1lhatjuk.<br \/><strong style=\"color: var( --e-global-color-text ); letter-spacing: 0px;\"><br \/>Hegeszt\u00e9si varratok hajl\u00edt\u00e1si vizsg\u00e1latai<\/strong><span style=\"color: var( --e-global-color-text ); letter-spacing: 0px;\">az EN ir\u00e1nyelv vagy a DVS (N\u00e9met Hegeszt\u00e9si \u00e9s kapcsol\u00f3d\u00f3 elj\u00e1r\u00e1sok sz\u00f6vets\u00e9ge e. V.) \u00e1ltal el\u0151\u00edrtaknak megfelel\u0151en egy speci\u00e1lisan kifejlesztett <\/span><strong style=\"color: var( --e-global-color-text ); letter-spacing: 0px;\">hajl\u00edt\u00e1si sz\u00f6gm\u00e9r\u0151vel<\/strong><span style=\"color: var( --e-global-color-text ); letter-spacing: 0px;\"> ker\u00fcl v\u00e9grehajt\u00e1sra. Ez lehet\u0151v\u00e9 teszi a PE-HD, PP-H, PVC-U, PVDF lemezek hegeszt\u00e9si varratszil\u00e1rds\u00e1g\u00e1nak gyors, h\u00e1zon bel\u00fcli vizsg\u00e1lat\u00e1t ak\u00e1r 30 mm vastags\u00e1gban is.<\/span><\/p>\t\t\t\t\t\t\t\t<\/div>\n\t\t\t\t<\/div>\n\t\t\t\t\t<\/div>\n\t\t<\/div>\n\t\t\t\t<div class=\"elementor-column elementor-col-50 elementor-inner-column elementor-element elementor-element-1cf13d0d\" data-id=\"1cf13d0d\" data-element_type=\"column\" data-e-type=\"column\">\n\t\t\t<div class=\"elementor-widget-wrap elementor-element-populated\">\n\t\t\t\t\t\t<div class=\"elementor-element elementor-element-2662c40 elementor-widget elementor-widget-image\" data-id=\"2662c40\" data-element_type=\"widget\" data-e-type=\"widget\" data-widget_type=\"image.default\">\n\t\t\t\t<div class=\"elementor-widget-container\">\n\t\t\t\t\t\t\t\t\t\t\t\t<figure class=\"wp-caption\">\n\t\t\t\t\t\t\t\t\t\t<img loading=\"lazy\" decoding=\"async\" width=\"221\" height=\"300\" src=\"https:\/\/www.akuplastics.com\/wp-content\/uploads\/2025\/09\/PST-100-Funkenpruefgeraet-Set-1-1-221x300.webp\" class=\"attachment-medium size-medium wp-image-27214\" alt=\"PST-100 szikr\u00e1ztat\u00f3 vizsg\u00e1l\u00f3 k\u00e9szlet\" srcset=\"https:\/\/www.akuplastics.com\/wp-content\/uploads\/2025\/09\/PST-100-Funkenpruefgeraet-Set-1-1-221x300.webp 221w, https:\/\/www.akuplastics.com\/wp-content\/uploads\/2025\/09\/PST-100-Funkenpruefgeraet-Set-1-1.webp 396w\" sizes=\"auto, (max-width: 221px) 100vw, 221px\" \/>\t\t\t\t\t\t\t\t\t\t\t<figcaption class=\"widget-image-caption wp-caption-text\">PST-100 szikr\u00e1ztat\u00f3 vizsg\u00e1l\u00f3 k\u00e9szlet<\/figcaption>\n\t\t\t\t\t\t\t\t\t\t<\/figure>\n\t\t\t\t\t\t\t\t\t<\/div>\n\t\t\t\t<\/div>\n\t\t\t\t<div class=\"elementor-element elementor-element-9cd942d elementor-widget elementor-widget-image\" data-id=\"9cd942d\" data-element_type=\"widget\" data-e-type=\"widget\" data-widget_type=\"image.default\">\n\t\t\t\t<div class=\"elementor-widget-container\">\n\t\t\t\t\t\t\t\t\t\t\t\t<figure class=\"wp-caption\">\n\t\t\t\t\t\t\t\t\t\t<img loading=\"lazy\" decoding=\"async\" width=\"300\" height=\"190\" src=\"https:\/\/www.akuplastics.com\/wp-content\/uploads\/2025\/09\/PST-100-Funkenpruefgeraet-Schweissnaht-300x190.webp\" class=\"attachment-medium size-medium wp-image-27193\" alt=\"PST 100 Funkenpr\u00fcfger\u00e4t Schwei\u00dfnaht\" srcset=\"https:\/\/www.akuplastics.com\/wp-content\/uploads\/2025\/09\/PST-100-Funkenpruefgeraet-Schweissnaht-300x190.webp 300w, https:\/\/www.akuplastics.com\/wp-content\/uploads\/2025\/09\/PST-100-Funkenpruefgeraet-Schweissnaht.webp 528w\" sizes=\"auto, (max-width: 300px) 100vw, 300px\" \/>\t\t\t\t\t\t\t\t\t\t\t<figcaption class=\"widget-image-caption wp-caption-text\">PST-100 szikr\u00e1ztat\u00f3 vizsg\u00e1l\u00f3 <\/figcaption>\n\t\t\t\t\t\t\t\t\t\t<\/figure>\n\t\t\t\t\t\t\t\t\t<\/div>\n\t\t\t\t<\/div>\n\t\t\t\t<div class=\"elementor-element elementor-element-069d661 elementor-widget elementor-widget-image\" data-id=\"069d661\" data-element_type=\"widget\" data-e-type=\"widget\" data-widget_type=\"image.default\">\n\t\t\t\t<div class=\"elementor-widget-container\">\n\t\t\t\t\t\t\t\t\t\t\t\t<figure class=\"wp-caption\">\n\t\t\t\t\t\t\t\t\t\t<img loading=\"lazy\" decoding=\"async\" width=\"233\" height=\"300\" src=\"https:\/\/www.akuplastics.com\/wp-content\/uploads\/2021\/06\/biegepruefung-233x300.png\" class=\"attachment-medium size-medium wp-image-13109\" alt=\"Hajl\u00edt\u00e1svizsg\u00e1lati technika\" srcset=\"https:\/\/www.akuplastics.com\/wp-content\/uploads\/2021\/06\/biegepruefung-233x300.png 233w, https:\/\/www.akuplastics.com\/wp-content\/uploads\/2021\/06\/biegepruefung.png 310w\" sizes=\"auto, (max-width: 233px) 100vw, 233px\" \/>\t\t\t\t\t\t\t\t\t\t\t<figcaption class=\"widget-image-caption wp-caption-text\">Hajl\u00edt\u00f3vizsg\u00e1lat Vizsg\u00e1lati-technol\u00f3gia <\/figcaption>\n\t\t\t\t\t\t\t\t\t\t<\/figure>\n\t\t\t\t\t\t\t\t\t<\/div>\n\t\t\t\t<\/div>\n\t\t\t\t\t<\/div>\n\t\t<\/div>\n\t\t\t\t\t<\/div>\n\t\t<\/section>\n\t\t\t\t\t<\/div>\n\t\t<\/div>\n\t\t\t\t\t<\/div>\n\t\t<\/section>\n\t\t\t\t<\/div>\n\t\t","protected":false},"excerpt":{"rendered":"<p>Szikratesztel\u0151 eszk\u00f6z\u00f6k \u00e9s vizsg\u00e1lati technol\u00f3gia m\u0171anyag-feldolgoz\u00f3k sz\u00e1m\u00e1ra A DVS (N\u00e9met Hegeszt\u00e9si \u00e9s kapcsol\u00f3d\u00f3 elj\u00e1r\u00e1sok sz\u00f6vets\u00e9ge e. V.) a m\u0171anyagok szakszer\u0171 feldolgoz\u00e1s\u00e1nak r\u00e9szek\u00e9nt megk\u00f6veteli ahegeszt\u00e9si varratok, a felhaszn\u00e1lt anyagok \u00e9s a k\u00fcl\u00f6nb\u00f6z\u0151 megmunk\u00e1l\u00e1si folyamatok ellen\u0151rz\u00e9s\u00e9t . \u00a0 A tart\u00e1ly- \u00e9s k\u00e9sz\u00fcl\u00e9k\u00e9p\u00edt\u00e9sben a m\u0171anyag hegeszt\u00e9si varratok roncsol\u00e1smentes vizsg\u00e1lat\u00e1ra a szikrapr\u00f3ba a leggyorsabb, legegyszer\u0171bb \u00e9s mindenekel\u0151tt a legk\u00f6lts\u00e9ghat\u00e9konyabb [&hellip;]<\/p>\n","protected":false},"author":2,"featured_media":0,"parent":9403,"menu_order":0,"comment_status":"closed","ping_status":"closed","template":"elementor_header_footer","meta":{"iawp_total_views":31,"footnotes":""},"class_list":["post-9835","page","type-page","status-publish","hentry"],"yoast_head":"<!-- This site is optimized with the Yoast SEO Premium plugin v27.4 (Yoast SEO v27.5) - https:\/\/yoast.com\/product\/yoast-seo-premium-wordpress\/ -->\n<title>Szikr\u00e1k Vizsg\u00e1l\u00f3berendez\u00e9sek Vizsg\u00e1lati technol\u00f3gia Hegeszt\u00e9si varratszil\u00e1rds\u00e1g DVS Plastics<\/title>\n<meta name=\"description\" content=\"Olyan egyen\u00e1ram\u00fa szikrapr\u00f3b\u00e1l\u00f3 k\u00e9sz\u00fcl\u00e9keket sz\u00e1ll\u00edtunk, mint a PHD 6kV, a PHD 1-20kV vagy a PHD 2-40kV az \u00e9p\u00edt\u0151m\u00e9rn\u00f6ki \u00e9s magas\u00e9p\u00edt\u00e9si szigetel\u00e9sek (talajv\u00edzszigetel\u00e9s, hidak, lapos tet\u0151k stb.), a vegyiparban alkalmazott bevonatok \u00e9s tart\u00e1lyb\u00e9l\u00e9sek, a hullad\u00e9klerak\u00f3k b\u00e9l\u00e9se \u00e9s az olajiparban alkalmazott cs\u0151vezet\u00e9kek s\u0171r\u0171s\u00e9gvizsg\u00e1lat\u00e1hoz. N\u00e9h\u00e1ny k\u00e9sz\u00fcl\u00e9k k\u00fcl\u00f6n\u00f6sen finom be\u00e1ll\u00edt\u00e1si lehet\u0151s\u00e9geinek k\u00f6sz\u00f6nhet\u0151en ak\u00e1r 10\u00b5 vastags\u00e1g\u00fa bevonatok is vizsg\u00e1lhat\u00f3k.\" \/>\n<meta name=\"robots\" content=\"index, follow, max-snippet:-1, max-image-preview:large, max-video-preview:-1\" \/>\n<link rel=\"canonical\" href=\"https:\/\/www.akuplastics.com\/hu\/gepek-es-eszkoezoek\/szikratesztek-vizsgalati-technologia-hegesztesi-varratszilardsag-dvs\/\" \/>\n<script type=\"application\/ld+json\" class=\"yoast-schema-graph\">{\"@context\":\"https:\\\/\\\/schema.org\",\"@graph\":[{\"@type\":\"WebPage\",\"@id\":\"https:\\\/\\\/www.akuplastics.com\\\/hu\\\/gepek-es-eszkoezoek\\\/szikratesztek-vizsgalati-technologia-hegesztesi-varratszilardsag-dvs\\\/\",\"url\":\"https:\\\/\\\/www.akuplastics.com\\\/hu\\\/gepek-es-eszkoezoek\\\/szikratesztek-vizsgalati-technologia-hegesztesi-varratszilardsag-dvs\\\/\",\"name\":\"Szikr\u00e1k Vizsg\u00e1l\u00f3berendez\u00e9sek Vizsg\u00e1lati technol\u00f3gia Hegeszt\u00e9si varratszil\u00e1rds\u00e1g DVS Plastics\",\"isPartOf\":{\"@id\":\"https:\\\/\\\/www.akuplastics.com\\\/hu\\\/#website\"},\"primaryImageOfPage\":{\"@id\":\"https:\\\/\\\/www.akuplastics.com\\\/hu\\\/gepek-es-eszkoezoek\\\/szikratesztek-vizsgalati-technologia-hegesztesi-varratszilardsag-dvs\\\/#primaryimage\"},\"image\":{\"@id\":\"https:\\\/\\\/www.akuplastics.com\\\/hu\\\/gepek-es-eszkoezoek\\\/szikratesztek-vizsgalati-technologia-hegesztesi-varratszilardsag-dvs\\\/#primaryimage\"},\"thumbnailUrl\":\"https:\\\/\\\/www.akuplastics.com\\\/wp-content\\\/uploads\\\/2025\\\/09\\\/PST-100-Funkenpruefgeraet-Set-1-1-221x300.webp\",\"datePublished\":\"2021-06-28T09:45:46+00:00\",\"dateModified\":\"2025-09-11T07:01:20+00:00\",\"description\":\"Olyan egyen\u00e1ram\u00fa szikrapr\u00f3b\u00e1l\u00f3 k\u00e9sz\u00fcl\u00e9keket sz\u00e1ll\u00edtunk, mint a PHD 6kV, a PHD 1-20kV vagy a PHD 2-40kV az \u00e9p\u00edt\u0151m\u00e9rn\u00f6ki \u00e9s magas\u00e9p\u00edt\u00e9si szigetel\u00e9sek (talajv\u00edzszigetel\u00e9s, hidak, lapos tet\u0151k stb.), a vegyiparban alkalmazott bevonatok \u00e9s tart\u00e1lyb\u00e9l\u00e9sek, a hullad\u00e9klerak\u00f3k b\u00e9l\u00e9se \u00e9s az olajiparban alkalmazott cs\u0151vezet\u00e9kek s\u0171r\u0171s\u00e9gvizsg\u00e1lat\u00e1hoz. N\u00e9h\u00e1ny k\u00e9sz\u00fcl\u00e9k k\u00fcl\u00f6n\u00f6sen finom be\u00e1ll\u00edt\u00e1si lehet\u0151s\u00e9geinek k\u00f6sz\u00f6nhet\u0151en ak\u00e1r 10\u00b5 vastags\u00e1g\u00fa bevonatok is vizsg\u00e1lhat\u00f3k.\",\"breadcrumb\":{\"@id\":\"https:\\\/\\\/www.akuplastics.com\\\/hu\\\/gepek-es-eszkoezoek\\\/szikratesztek-vizsgalati-technologia-hegesztesi-varratszilardsag-dvs\\\/#breadcrumb\"},\"inLanguage\":\"hu\",\"potentialAction\":[{\"@type\":\"ReadAction\",\"target\":[\"https:\\\/\\\/www.akuplastics.com\\\/hu\\\/gepek-es-eszkoezoek\\\/szikratesztek-vizsgalati-technologia-hegesztesi-varratszilardsag-dvs\\\/\"]}]},{\"@type\":\"ImageObject\",\"inLanguage\":\"hu\",\"@id\":\"https:\\\/\\\/www.akuplastics.com\\\/hu\\\/gepek-es-eszkoezoek\\\/szikratesztek-vizsgalati-technologia-hegesztesi-varratszilardsag-dvs\\\/#primaryimage\",\"url\":\"https:\\\/\\\/www.akuplastics.com\\\/wp-content\\\/uploads\\\/2025\\\/09\\\/PST-100-Funkenpruefgeraet-Set-1-1-221x300.webp\",\"contentUrl\":\"https:\\\/\\\/www.akuplastics.com\\\/wp-content\\\/uploads\\\/2025\\\/09\\\/PST-100-Funkenpruefgeraet-Set-1-1-221x300.webp\"},{\"@type\":\"BreadcrumbList\",\"@id\":\"https:\\\/\\\/www.akuplastics.com\\\/hu\\\/gepek-es-eszkoezoek\\\/szikratesztek-vizsgalati-technologia-hegesztesi-varratszilardsag-dvs\\\/#breadcrumb\",\"itemListElement\":[{\"@type\":\"ListItem\",\"position\":1,\"name\":\"Kezd\u0151lap\",\"item\":\"https:\\\/\\\/www.akuplastics.com\\\/hu\\\/\"},{\"@type\":\"ListItem\",\"position\":2,\"name\":\"G\u00e9pek \u00e9s eszk\u00f6z\u00f6k\",\"item\":\"https:\\\/\\\/www.akuplastics.com\\\/hu\\\/gepek-es-eszkoezoek\\\/\"},{\"@type\":\"ListItem\",\"position\":3,\"name\":\"Vizsg\u00e1lati technol\u00f3gia\"}]},{\"@type\":\"WebSite\",\"@id\":\"https:\\\/\\\/www.akuplastics.com\\\/hu\\\/#website\",\"url\":\"https:\\\/\\\/www.akuplastics.com\\\/hu\\\/\",\"name\":\"Semi-Finished Products \u2013 Finished Parts \u2013 Ventilation Moulded Parts \u2013 Machines\",\"description\":\"Halbzeuge, Halbfabrikate, Kunststoffhalbzeuge, Kunststoffhalbfabrikate\",\"publisher\":{\"@id\":\"https:\\\/\\\/www.akuplastics.com\\\/hu\\\/#organization\"},\"alternateName\":\"AKUPLASTICS \u2013 Engineering in Plastics\",\"potentialAction\":[{\"@type\":\"SearchAction\",\"target\":{\"@type\":\"EntryPoint\",\"urlTemplate\":\"https:\\\/\\\/www.akuplastics.com\\\/hu\\\/?s={search_term_string}\"},\"query-input\":{\"@type\":\"PropertyValueSpecification\",\"valueRequired\":true,\"valueName\":\"search_term_string\"}}],\"inLanguage\":\"hu\"},{\"@type\":\"Organization\",\"@id\":\"https:\\\/\\\/www.akuplastics.com\\\/hu\\\/#organization\",\"name\":\"Ing. Christian Ahlborn e.U.\",\"alternateName\":\"AKU\",\"url\":\"https:\\\/\\\/www.akuplastics.com\\\/hu\\\/\",\"logo\":{\"@type\":\"ImageObject\",\"inLanguage\":\"hu\",\"@id\":\"https:\\\/\\\/www.akuplastics.com\\\/hu\\\/#\\\/schema\\\/logo\\\/image\\\/\",\"url\":\"https:\\\/\\\/www.akuplastics.com\\\/wp-content\\\/uploads\\\/2020\\\/07\\\/Grafik14-inkl-r.png\",\"contentUrl\":\"https:\\\/\\\/www.akuplastics.com\\\/wp-content\\\/uploads\\\/2020\\\/07\\\/Grafik14-inkl-r.png\",\"width\":1994,\"height\":743,\"caption\":\"Ing. Christian Ahlborn e.U.\"},\"image\":{\"@id\":\"https:\\\/\\\/www.akuplastics.com\\\/hu\\\/#\\\/schema\\\/logo\\\/image\\\/\"}}]}<\/script>\n<!-- \/ Yoast SEO Premium plugin. -->","yoast_head_json":{"title":"Szikr\u00e1k Vizsg\u00e1l\u00f3berendez\u00e9sek Vizsg\u00e1lati technol\u00f3gia Hegeszt\u00e9si varratszil\u00e1rds\u00e1g DVS Plastics","description":"Olyan egyen\u00e1ram\u00fa szikrapr\u00f3b\u00e1l\u00f3 k\u00e9sz\u00fcl\u00e9keket sz\u00e1ll\u00edtunk, mint a PHD 6kV, a PHD 1-20kV vagy a PHD 2-40kV az \u00e9p\u00edt\u0151m\u00e9rn\u00f6ki \u00e9s magas\u00e9p\u00edt\u00e9si szigetel\u00e9sek (talajv\u00edzszigetel\u00e9s, hidak, lapos tet\u0151k stb.), a vegyiparban alkalmazott bevonatok \u00e9s tart\u00e1lyb\u00e9l\u00e9sek, a hullad\u00e9klerak\u00f3k b\u00e9l\u00e9se \u00e9s az olajiparban alkalmazott cs\u0151vezet\u00e9kek s\u0171r\u0171s\u00e9gvizsg\u00e1lat\u00e1hoz. N\u00e9h\u00e1ny k\u00e9sz\u00fcl\u00e9k k\u00fcl\u00f6n\u00f6sen finom be\u00e1ll\u00edt\u00e1si lehet\u0151s\u00e9geinek k\u00f6sz\u00f6nhet\u0151en ak\u00e1r 10\u00b5 vastags\u00e1g\u00fa bevonatok is vizsg\u00e1lhat\u00f3k.","robots":{"index":"index","follow":"follow","max-snippet":"max-snippet:-1","max-image-preview":"max-image-preview:large","max-video-preview":"max-video-preview:-1"},"canonical":"https:\/\/www.akuplastics.com\/hu\/gepek-es-eszkoezoek\/szikratesztek-vizsgalati-technologia-hegesztesi-varratszilardsag-dvs\/","schema":{"@context":"https:\/\/schema.org","@graph":[{"@type":"WebPage","@id":"https:\/\/www.akuplastics.com\/hu\/gepek-es-eszkoezoek\/szikratesztek-vizsgalati-technologia-hegesztesi-varratszilardsag-dvs\/","url":"https:\/\/www.akuplastics.com\/hu\/gepek-es-eszkoezoek\/szikratesztek-vizsgalati-technologia-hegesztesi-varratszilardsag-dvs\/","name":"Szikr\u00e1k Vizsg\u00e1l\u00f3berendez\u00e9sek Vizsg\u00e1lati technol\u00f3gia Hegeszt\u00e9si varratszil\u00e1rds\u00e1g DVS Plastics","isPartOf":{"@id":"https:\/\/www.akuplastics.com\/hu\/#website"},"primaryImageOfPage":{"@id":"https:\/\/www.akuplastics.com\/hu\/gepek-es-eszkoezoek\/szikratesztek-vizsgalati-technologia-hegesztesi-varratszilardsag-dvs\/#primaryimage"},"image":{"@id":"https:\/\/www.akuplastics.com\/hu\/gepek-es-eszkoezoek\/szikratesztek-vizsgalati-technologia-hegesztesi-varratszilardsag-dvs\/#primaryimage"},"thumbnailUrl":"https:\/\/www.akuplastics.com\/wp-content\/uploads\/2025\/09\/PST-100-Funkenpruefgeraet-Set-1-1-221x300.webp","datePublished":"2021-06-28T09:45:46+00:00","dateModified":"2025-09-11T07:01:20+00:00","description":"Olyan egyen\u00e1ram\u00fa szikrapr\u00f3b\u00e1l\u00f3 k\u00e9sz\u00fcl\u00e9keket sz\u00e1ll\u00edtunk, mint a PHD 6kV, a PHD 1-20kV vagy a PHD 2-40kV az \u00e9p\u00edt\u0151m\u00e9rn\u00f6ki \u00e9s magas\u00e9p\u00edt\u00e9si szigetel\u00e9sek (talajv\u00edzszigetel\u00e9s, hidak, lapos tet\u0151k stb.), a vegyiparban alkalmazott bevonatok \u00e9s tart\u00e1lyb\u00e9l\u00e9sek, a hullad\u00e9klerak\u00f3k b\u00e9l\u00e9se \u00e9s az olajiparban alkalmazott cs\u0151vezet\u00e9kek s\u0171r\u0171s\u00e9gvizsg\u00e1lat\u00e1hoz. N\u00e9h\u00e1ny k\u00e9sz\u00fcl\u00e9k k\u00fcl\u00f6n\u00f6sen finom be\u00e1ll\u00edt\u00e1si lehet\u0151s\u00e9geinek k\u00f6sz\u00f6nhet\u0151en ak\u00e1r 10\u00b5 vastags\u00e1g\u00fa bevonatok is vizsg\u00e1lhat\u00f3k.","breadcrumb":{"@id":"https:\/\/www.akuplastics.com\/hu\/gepek-es-eszkoezoek\/szikratesztek-vizsgalati-technologia-hegesztesi-varratszilardsag-dvs\/#breadcrumb"},"inLanguage":"hu","potentialAction":[{"@type":"ReadAction","target":["https:\/\/www.akuplastics.com\/hu\/gepek-es-eszkoezoek\/szikratesztek-vizsgalati-technologia-hegesztesi-varratszilardsag-dvs\/"]}]},{"@type":"ImageObject","inLanguage":"hu","@id":"https:\/\/www.akuplastics.com\/hu\/gepek-es-eszkoezoek\/szikratesztek-vizsgalati-technologia-hegesztesi-varratszilardsag-dvs\/#primaryimage","url":"https:\/\/www.akuplastics.com\/wp-content\/uploads\/2025\/09\/PST-100-Funkenpruefgeraet-Set-1-1-221x300.webp","contentUrl":"https:\/\/www.akuplastics.com\/wp-content\/uploads\/2025\/09\/PST-100-Funkenpruefgeraet-Set-1-1-221x300.webp"},{"@type":"BreadcrumbList","@id":"https:\/\/www.akuplastics.com\/hu\/gepek-es-eszkoezoek\/szikratesztek-vizsgalati-technologia-hegesztesi-varratszilardsag-dvs\/#breadcrumb","itemListElement":[{"@type":"ListItem","position":1,"name":"Kezd\u0151lap","item":"https:\/\/www.akuplastics.com\/hu\/"},{"@type":"ListItem","position":2,"name":"G\u00e9pek \u00e9s eszk\u00f6z\u00f6k","item":"https:\/\/www.akuplastics.com\/hu\/gepek-es-eszkoezoek\/"},{"@type":"ListItem","position":3,"name":"Vizsg\u00e1lati technol\u00f3gia"}]},{"@type":"WebSite","@id":"https:\/\/www.akuplastics.com\/hu\/#website","url":"https:\/\/www.akuplastics.com\/hu\/","name":"Semi-Finished Products \u2013 Finished Parts \u2013 Ventilation Moulded Parts \u2013 Machines","description":"Halbzeuge, Halbfabrikate, Kunststoffhalbzeuge, Kunststoffhalbfabrikate","publisher":{"@id":"https:\/\/www.akuplastics.com\/hu\/#organization"},"alternateName":"AKUPLASTICS \u2013 Engineering in Plastics","potentialAction":[{"@type":"SearchAction","target":{"@type":"EntryPoint","urlTemplate":"https:\/\/www.akuplastics.com\/hu\/?s={search_term_string}"},"query-input":{"@type":"PropertyValueSpecification","valueRequired":true,"valueName":"search_term_string"}}],"inLanguage":"hu"},{"@type":"Organization","@id":"https:\/\/www.akuplastics.com\/hu\/#organization","name":"Ing. Christian Ahlborn e.U.","alternateName":"AKU","url":"https:\/\/www.akuplastics.com\/hu\/","logo":{"@type":"ImageObject","inLanguage":"hu","@id":"https:\/\/www.akuplastics.com\/hu\/#\/schema\/logo\/image\/","url":"https:\/\/www.akuplastics.com\/wp-content\/uploads\/2020\/07\/Grafik14-inkl-r.png","contentUrl":"https:\/\/www.akuplastics.com\/wp-content\/uploads\/2020\/07\/Grafik14-inkl-r.png","width":1994,"height":743,"caption":"Ing. Christian Ahlborn e.U."},"image":{"@id":"https:\/\/www.akuplastics.com\/hu\/#\/schema\/logo\/image\/"}}]}},"_links":{"self":[{"href":"https:\/\/www.akuplastics.com\/hu\/wp-json\/wp\/v2\/pages\/9835","targetHints":{"allow":["GET"]}}],"collection":[{"href":"https:\/\/www.akuplastics.com\/hu\/wp-json\/wp\/v2\/pages"}],"about":[{"href":"https:\/\/www.akuplastics.com\/hu\/wp-json\/wp\/v2\/types\/page"}],"author":[{"embeddable":true,"href":"https:\/\/www.akuplastics.com\/hu\/wp-json\/wp\/v2\/users\/2"}],"replies":[{"embeddable":true,"href":"https:\/\/www.akuplastics.com\/hu\/wp-json\/wp\/v2\/comments?post=9835"}],"version-history":[{"count":12,"href":"https:\/\/www.akuplastics.com\/hu\/wp-json\/wp\/v2\/pages\/9835\/revisions"}],"predecessor-version":[{"id":27217,"href":"https:\/\/www.akuplastics.com\/hu\/wp-json\/wp\/v2\/pages\/9835\/revisions\/27217"}],"up":[{"embeddable":true,"href":"https:\/\/www.akuplastics.com\/hu\/wp-json\/wp\/v2\/pages\/9403"}],"wp:attachment":[{"href":"https:\/\/www.akuplastics.com\/hu\/wp-json\/wp\/v2\/media?parent=9835"}],"curies":[{"name":"wp","href":"https:\/\/api.w.org\/{rel}","templated":true}]}}