{"id":9823,"date":"2021-10-27T14:12:30","date_gmt":"2021-10-27T12:12:30","guid":{"rendered":"https:\/\/www.akuplastics.com\/akuice\/"},"modified":"2024-01-17T19:47:52","modified_gmt":"2024-01-17T18:47:52","slug":"jegkorong-lovobetetek-es-felszini-lemezek","status":"publish","type":"page","link":"https:\/\/www.akuplastics.com\/hu\/jegkorong-lovobetetek-es-felszini-lemezek\/","title":{"rendered":"AKUice"},"content":{"rendered":"\t\t<div data-elementor-type=\"wp-page\" data-elementor-id=\"9823\" class=\"elementor elementor-9823 elementor-5719\" data-elementor-post-type=\"page\">\n\t\t\t\t\t\t<section class=\"elementor-section elementor-top-section elementor-element elementor-element-4c6aa44b elementor-section-full_width elementor-section-height-default elementor-section-height-default\" data-id=\"4c6aa44b\" data-element_type=\"section\" data-e-type=\"section\" data-settings=\"{&quot;background_background&quot;:&quot;classic&quot;}\">\n\t\t\t\t\t\t<div class=\"elementor-container elementor-column-gap-default\">\n\t\t\t\t\t<div class=\"elementor-column elementor-col-100 elementor-top-column elementor-element elementor-element-7cf35902\" data-id=\"7cf35902\" data-element_type=\"column\" data-e-type=\"column\">\n\t\t\t<div class=\"elementor-widget-wrap elementor-element-populated\">\n\t\t\t\t\t\t<section class=\"elementor-section elementor-inner-section elementor-element elementor-element-5ba5c85d elementor-section-boxed elementor-section-height-default elementor-section-height-default\" data-id=\"5ba5c85d\" data-element_type=\"section\" data-e-type=\"section\">\n\t\t\t\t\t\t<div class=\"elementor-container elementor-column-gap-default\">\n\t\t\t\t\t<div class=\"elementor-column elementor-col-50 elementor-inner-column elementor-element elementor-element-2f40b9b0\" data-id=\"2f40b9b0\" data-element_type=\"column\" data-e-type=\"column\">\n\t\t\t<div class=\"elementor-widget-wrap elementor-element-populated\">\n\t\t\t\t\t\t<div class=\"elementor-element elementor-element-c2bd9ae elementor-widget elementor-widget-text-editor\" data-id=\"c2bd9ae\" data-element_type=\"widget\" data-e-type=\"widget\" data-widget_type=\"text-editor.default\">\n\t\t\t\t<div class=\"elementor-widget-container\">\n\t\t\t\t\t\t\t\t\t<p><img loading=\"lazy\" decoding=\"async\" class=\"alignnone size-medium wp-image-5724\" src=\"https:\/\/www.akuplastics.com\/wp-content\/uploads\/2021\/10\/akuice-300x74.jpg\" alt=\"\" width=\"300\" height=\"74\" srcset=\"https:\/\/www.akuplastics.com\/wp-content\/uploads\/2021\/10\/akuice-300x74.jpg 300w, https:\/\/www.akuplastics.com\/wp-content\/uploads\/2021\/10\/akuice-1024x254.jpg 1024w, https:\/\/www.akuplastics.com\/wp-content\/uploads\/2021\/10\/akuice-768x190.jpg 768w, https:\/\/www.akuplastics.com\/wp-content\/uploads\/2021\/10\/akuice-1536x381.jpg 1536w, https:\/\/www.akuplastics.com\/wp-content\/uploads\/2021\/10\/akuice-scaled.jpg 2048w\" sizes=\"auto, (max-width: 300px) 100vw, 300px\" \/><\/p>\n\t\t\t\t\t\t\t\t<\/div>\n\t\t\t\t<\/div>\n\t\t\t\t\t<\/div>\n\t\t<\/div>\n\t\t\t\t<div class=\"elementor-column elementor-col-50 elementor-inner-column elementor-element elementor-element-4c86975\" data-id=\"4c86975\" data-element_type=\"column\" data-e-type=\"column\">\n\t\t\t<div class=\"elementor-widget-wrap elementor-element-populated\">\n\t\t\t\t\t\t<div class=\"elementor-element elementor-element-34631b7 elementor-widget elementor-widget-text-editor\" data-id=\"34631b7\" data-element_type=\"widget\" data-e-type=\"widget\" data-widget_type=\"text-editor.default\">\n\t\t\t\t<div class=\"elementor-widget-container\">\n\t\t\t\t\t\t\t\t\t<p><em><strong>&#8230;fejleszd a k\u00e9pess\u00e9geidet!<\/strong><\/em><\/p>\n<p><em><strong>&#8230;jav\u00edtsd az edz\u00e9sedet!<\/strong><\/em><\/p>\n<p><em><strong>&#8230;jav\u00edtsd a j\u00e1t\u00e9kodat!<\/strong><\/em><\/p>\n\t\t\t\t\t\t\t\t<\/div>\n\t\t\t\t<\/div>\n\t\t\t\t\t<\/div>\n\t\t<\/div>\n\t\t\t\t\t<\/div>\n\t\t<\/section>\n\t\t\t\t<section class=\"elementor-section elementor-inner-section elementor-element elementor-element-fb95b96 elementor-section-boxed elementor-section-height-default elementor-section-height-default\" data-id=\"fb95b96\" data-element_type=\"section\" data-e-type=\"section\">\n\t\t\t\t\t\t<div class=\"elementor-container elementor-column-gap-default\">\n\t\t\t\t\t<div class=\"elementor-column elementor-col-50 elementor-inner-column elementor-element elementor-element-fa90a7c\" data-id=\"fa90a7c\" data-element_type=\"column\" data-e-type=\"column\">\n\t\t\t<div class=\"elementor-widget-wrap elementor-element-populated\">\n\t\t\t\t\t\t<div class=\"elementor-element elementor-element-f22a3f0 elementor-widget elementor-widget-text-editor\" data-id=\"f22a3f0\" data-element_type=\"widget\" data-e-type=\"widget\" data-widget_type=\"text-editor.default\">\n\t\t\t\t<div class=\"elementor-widget-container\">\n\t\t\t\t\t\t\t\t\t<h1>AKU\u00aeICE j\u00e9gkorong l\u00f6v\u0151bet\u00e9tek <\/h1>\n\t\t\t\t\t\t\t\t<\/div>\n\t\t\t\t<\/div>\n\t\t\t\t<div class=\"elementor-element elementor-element-4cfea7f elementor-widget elementor-widget-text-editor\" data-id=\"4cfea7f\" data-element_type=\"widget\" data-e-type=\"widget\" data-widget_type=\"text-editor.default\">\n\t\t\t\t<div class=\"elementor-widget-container\">\n\t\t\t\t\t\t\t\t\t<p><em><br \/>\n  <strong>AKU\u00aeICE j\u00e9gkorong l\u00f6v\u0151bet\u00e9tek<\/strong><br \/>\n<\/em> Ausztri\u00e1ban k\u00e9sz\u00fclnek 5 mm vastags\u00e1g\u00fa, k\u00fcl\u00f6n\u00f6sen cs\u00fasz\u00f3s m\u0171anyagb\u00f3l, \u00e9s -50\u00b0C-ig haszn\u00e1lhat\u00f3ak.<\/p>\n<p><em><br \/>\n  <strong>AKU\u00aeICE j\u00e9gkorong l\u00f6v\u0151bet\u00e9tek<\/strong><br \/>\n<\/em><strong><br \/>\n  <em> <\/em><br \/>\n<\/strong>feh\u00e9r sz\u00edn\u00fcknek k\u00f6sz\u00f6nhet\u0151en k\u00fcl\u00f6n\u00f6sen j\u00f3l visszaverik a napf\u00e9nyt \u00e9s a h\u0151t, ami t\u00e1mogatja a s\u00edkoss\u00e1got a k\u00fclt\u00e9ren.<b><i> <\/i><\/b><\/p>\n<p><em><br \/>\n  <strong>AKU\u00aeICE j\u00e9gkorong l\u00f6v\u0151bet\u00e9tek<\/strong><br \/>\n<\/em><strong><br \/>\n  <em> <\/em><br \/>\n<\/strong>szinte b\u00e1rmilyen belt\u00e9ri vagy k\u00fclt\u00e9ri fel\u00fcleten elhelyezhet\u0151 \u00e9s j\u00e1tszhat\u00f3.  <b><i> <\/i><\/b><\/p>\n<p><em><br \/>\n  <strong>AKU\u00aeICE j\u00e9gkorong l\u00f6v\u0151bet\u00e9tek<\/strong><br \/>\n<\/em><strong><br \/>\n  <em> <\/em><br \/>\n<\/strong>lehet\u0151v\u00e9 teszik az ambici\u00f3zus j\u00e9gkorongoz\u00f3k sz\u00e1m\u00e1ra, hogy eg\u00e9sz \u00e9vben jav\u00edts\u00e1k teljes\u00edtm\u00e9ny\u00fcket az \u00fct\u0151vel \u00e9s koronggal t\u00f6rt\u00e9n\u0151 edz\u00e9ssel.<\/p>\n<p>Tov\u00e1bbi inform\u00e1ci\u00f3k\u00e9rt kattintson <a href=\"https:\/\/www.akuplastics.com\/wp-content\/uploads\/2021\/10\/Katalog-AKUICE-Hockey-Shooting-Pads.pdf\" target=\"_blank\" rel=\"noopener\">ide<\/a>.<\/p>\n\t\t\t\t\t\t\t\t<\/div>\n\t\t\t\t<\/div>\n\t\t\t\t<div class=\"elementor-element elementor-element-0f9aaf9 elementor-widget elementor-widget-text-editor\" data-id=\"0f9aaf9\" data-element_type=\"widget\" data-e-type=\"widget\" data-widget_type=\"text-editor.default\">\n\t\t\t\t<div class=\"elementor-widget-container\">\n\t\t\t\t\t\t\t\t\t<h1><em><strong>AKU\u00aeICE fel\u00fclet  <\/strong><\/em><\/h1>\n\t\t\t\t\t\t\t\t<\/div>\n\t\t\t\t<\/div>\n\t\t\t\t<div class=\"elementor-element elementor-element-e400a1a elementor-widget elementor-widget-text-editor\" data-id=\"e400a1a\" data-element_type=\"widget\" data-e-type=\"widget\" data-widget_type=\"text-editor.default\">\n\t\t\t\t<div class=\"elementor-widget-container\">\n\t\t\t\t\t\t\t\t\t<p><em><br \/>\n  <strong>AKU\u00aeICE fel\u00fclet <\/strong><br \/>\n<\/em>k\u00fcl\u00f6n\u00f6sen cs\u00fasz\u00e1smentes m\u0171anyagb\u00f3l k\u00e9sz\u00fclnek, \u00e9s -50\u00b0C-ig haszn\u00e1lhat\u00f3ak.<br \/>A fel\u00fclet nagyon sima \u00e9s ellen\u00e1ll\u00f3.<\/p>\n<p><em><strong>AKU\u00aeICE fel\u00fclet<\/strong><\/em><strong><em> <\/em><\/strong>\u00e1ltal\u00e1ban<strong>1000 x 2000 mm-es<\/strong> form\u00e1tum\u00fa, <strong>20 mm vastags\u00e1g\u00fa <\/strong>lapok form\u00e1j\u00e1ban, speci\u00e1lis elj\u00e1r\u00e1ssal k\u00e9sz\u00fclnek. A v\u00e1g\u00e1sok vagy form\u00e1zott v\u00e1g\u00e1sok k\u00f6nnyen lehets\u00e9gesek. A 15 mm-n\u00e9l v\u00e9konyabb lemezek s\u00edkoss\u00e1gi okokb\u00f3l nem haszn\u00e1lhat\u00f3k, mivel ez vetemed\u00e9shez vezethet. Ez negat\u00edv hat\u00e1ssal lenne a k\u00e9pz\u00e9sre \u00e9s a hossz\u00fa t\u00e1v\u00fa haszn\u00e1latra.<\/p>\n<p><em><br \/>\n  <strong>AKU\u00aeICE fel\u00fclet <\/strong><br \/>\n<\/em><strong>nyelvvel \u00e9s horonnyal <\/strong>vagy <strong>an\u00e9lk\u00fcl <\/strong>is <strong>sz\u00e1ll\u00edthat\u00f3 <\/strong>, ebben az esetben a nett\u00f3 m\u00e9ret valamivel kisebb.<br \/>M\u00e1s csatlakoz\u00e1sokat m\u00e1r sikeresen v\u00e9grehajtottak a telep\u00edt\u0151 c\u00e9gek.<\/p>\n<p>A parkettagy\u00e1rt\u00f3k m\u00e1r nagyon pozit\u00edv k\u00eds\u00e9rleteket v\u00e9geztek a kattint\u00e1sos rendszerekkel.<\/p><\/p>\n\t\t\t\t\t\t\t\t<\/div>\n\t\t\t\t<\/div>\n\t\t\t\t\t<\/div>\n\t\t<\/div>\n\t\t\t\t<div class=\"elementor-column elementor-col-50 elementor-inner-column elementor-element elementor-element-4bff249\" data-id=\"4bff249\" data-element_type=\"column\" data-e-type=\"column\">\n\t\t\t<div class=\"elementor-widget-wrap elementor-element-populated\">\n\t\t\t\t\t\t<div class=\"elementor-element elementor-element-f9dd17a elementor-widget elementor-widget-image\" data-id=\"f9dd17a\" data-element_type=\"widget\" data-e-type=\"widget\" data-widget_type=\"image.default\">\n\t\t\t\t<div class=\"elementor-widget-container\">\n\t\t\t\t\t\t\t\t\t\t\t\t\t\t\t<img loading=\"lazy\" decoding=\"async\" width=\"395\" height=\"304\" src=\"https:\/\/www.akuplastics.com\/wp-content\/uploads\/2021\/10\/AKUIce-Pad-Pro.jpg\" class=\"attachment-large size-large wp-image-9852\" alt=\"\" srcset=\"https:\/\/www.akuplastics.com\/wp-content\/uploads\/2021\/10\/AKUIce-Pad-Pro.jpg 395w, https:\/\/www.akuplastics.com\/wp-content\/uploads\/2021\/10\/AKUIce-Pad-Pro-300x231.jpg 300w\" sizes=\"auto, (max-width: 395px) 100vw, 395px\" \/>\t\t\t\t\t\t\t\t\t\t\t\t\t\t\t<\/div>\n\t\t\t\t<\/div>\n\t\t\t\t<div class=\"elementor-element elementor-element-684e572 elementor-widget elementor-widget-image\" data-id=\"684e572\" data-element_type=\"widget\" data-e-type=\"widget\" data-widget_type=\"image.default\">\n\t\t\t\t<div class=\"elementor-widget-container\">\n\t\t\t\t\t\t\t\t\t\t\t\t\t\t\t<img loading=\"lazy\" decoding=\"async\" width=\"778\" height=\"466\" src=\"https:\/\/www.akuplastics.com\/wp-content\/uploads\/2021\/10\/IMAG0433-ice21-kleiner.jpg\" class=\"attachment-large size-large wp-image-9854\" alt=\"Hockey Shooting Pads\" srcset=\"https:\/\/www.akuplastics.com\/wp-content\/uploads\/2021\/10\/IMAG0433-ice21-kleiner.jpg 778w, https:\/\/www.akuplastics.com\/wp-content\/uploads\/2021\/10\/IMAG0433-ice21-kleiner-300x180.jpg 300w, https:\/\/www.akuplastics.com\/wp-content\/uploads\/2021\/10\/IMAG0433-ice21-kleiner-768x460.jpg 768w\" sizes=\"auto, (max-width: 778px) 100vw, 778px\" \/>\t\t\t\t\t\t\t\t\t\t\t\t\t\t\t<\/div>\n\t\t\t\t<\/div>\n\t\t\t\t<div class=\"elementor-element elementor-element-593eec6 elementor-widget elementor-widget-image\" data-id=\"593eec6\" data-element_type=\"widget\" data-e-type=\"widget\" data-widget_type=\"image.default\">\n\t\t\t\t<div class=\"elementor-widget-container\">\n\t\t\t\t\t\t\t\t\t\t\t\t\t\t\t<img loading=\"lazy\" decoding=\"async\" width=\"412\" height=\"241\" src=\"https:\/\/www.akuplastics.com\/wp-content\/uploads\/2021\/11\/akuice_surface_t2_resize.jpg\" class=\"attachment-large size-large wp-image-9856\" alt=\"AKU Ice Surface Plattenware\" srcset=\"https:\/\/www.akuplastics.com\/wp-content\/uploads\/2021\/11\/akuice_surface_t2_resize.jpg 412w, https:\/\/www.akuplastics.com\/wp-content\/uploads\/2021\/11\/akuice_surface_t2_resize-300x175.jpg 300w\" sizes=\"auto, (max-width: 412px) 100vw, 412px\" \/>\t\t\t\t\t\t\t\t\t\t\t\t\t\t\t<\/div>\n\t\t\t\t<\/div>\n\t\t\t\t<div class=\"elementor-element elementor-element-be30526 elementor-widget elementor-widget-image\" data-id=\"be30526\" data-element_type=\"widget\" data-e-type=\"widget\" data-widget_type=\"image.default\">\n\t\t\t\t<div class=\"elementor-widget-container\">\n\t\t\t\t\t\t\t\t\t\t\t\t\t\t\t<img loading=\"lazy\" decoding=\"async\" width=\"412\" height=\"241\" src=\"https:\/\/www.akuplastics.com\/wp-content\/uploads\/2021\/11\/akuice_surface_t2_edge_resize.jpg\" class=\"attachment-large size-large wp-image-9858\" alt=\"\" srcset=\"https:\/\/www.akuplastics.com\/wp-content\/uploads\/2021\/11\/akuice_surface_t2_edge_resize.jpg 412w, https:\/\/www.akuplastics.com\/wp-content\/uploads\/2021\/11\/akuice_surface_t2_edge_resize-300x175.jpg 300w\" sizes=\"auto, (max-width: 412px) 100vw, 412px\" \/>\t\t\t\t\t\t\t\t\t\t\t\t\t\t\t<\/div>\n\t\t\t\t<\/div>\n\t\t\t\t\t<\/div>\n\t\t<\/div>\n\t\t\t\t\t<\/div>\n\t\t<\/section>\n\t\t\t\t\t<\/div>\n\t\t<\/div>\n\t\t\t\t\t<\/div>\n\t\t<\/section>\n\t\t\t\t<\/div>\n\t\t","protected":false},"excerpt":{"rendered":"<p>&#8230;fejleszd a k\u00e9pess\u00e9geidet! &#8230;jav\u00edtsd az edz\u00e9sedet! &#8230;jav\u00edtsd a j\u00e1t\u00e9kodat! AKU\u00aeICE j\u00e9gkorong l\u00f6v\u0151bet\u00e9tek AKU\u00aeICE j\u00e9gkorong l\u00f6v\u0151bet\u00e9tek Ausztri\u00e1ban k\u00e9sz\u00fclnek 5 mm vastags\u00e1g\u00fa, k\u00fcl\u00f6n\u00f6sen cs\u00fasz\u00f3s m\u0171anyagb\u00f3l, \u00e9s -50\u00b0C-ig haszn\u00e1lhat\u00f3ak. AKU\u00aeICE j\u00e9gkorong l\u00f6v\u0151bet\u00e9tek feh\u00e9r sz\u00edn\u00fcknek k\u00f6sz\u00f6nhet\u0151en k\u00fcl\u00f6n\u00f6sen j\u00f3l visszaverik a napf\u00e9nyt \u00e9s a h\u0151t, ami t\u00e1mogatja a s\u00edkoss\u00e1got a k\u00fclt\u00e9ren. AKU\u00aeICE j\u00e9gkorong l\u00f6v\u0151bet\u00e9tek szinte b\u00e1rmilyen belt\u00e9ri vagy k\u00fclt\u00e9ri fel\u00fcleten [&hellip;]<\/p>\n","protected":false},"author":2,"featured_media":0,"parent":0,"menu_order":0,"comment_status":"closed","ping_status":"closed","template":"","meta":{"iawp_total_views":5,"footnotes":""},"class_list":["post-9823","page","type-page","status-publish","hentry"],"yoast_head":"<!-- This site is optimized with the Yoast SEO Premium plugin v27.3 (Yoast SEO v27.3) - https:\/\/yoast.com\/product\/yoast-seo-premium-wordpress\/ -->\n<title>J\u00e9gkorong l\u00f6v\u0151bet\u00e9tek \u00e9s felsz\u00edni lemezek<\/title>\n<meta name=\"description\" content=\"Hoki l\u00f6v\u0151bet\u00e9tek \u00e9s fel\u00fcletek, valamint f\u00e9lk\u00e9sz \u00e9s k\u00e9sz alkatr\u00e9szek: &quot;\u00dcdv\u00f6z\u00f6lj\u00fck az AKUPLASTICS-n\u00e1l, a kiv\u00e1l\u00f3 min\u0151s\u00e9g\u0171 f\u00e9lk\u00e9sz \u00e9s k\u00e9sz alkatr\u00e9szek megb\u00edzhat\u00f3 partner\u00e9n\u00e9l. Kiterjedt term\u00e9kportf\u00f3li\u00f3nk az anyagok sz\u00e9les sk\u00e1l\u00e1j\u00e1t tartalmazza, bele\u00e9rtve a merev PVC, PVC-U, PVC-HI, PVC-ELS, PVC-C, C-PVC, CPVC, Trovidur\u00ae, Corzan\u00ae, rugalmas PVC, PVC-P, merev PVC-hab, k\u00f6nny\u0171 PVC-hab \u00e9s m\u00e9g sok m\u00e1s anyagot.Ak\u00e1r lemezekre, extrud\u00e1lt lemezekre, pr\u00e9selt lemezekre, szinterelt lemezekre, lemezekre, blokkokra, t\u00f6m\u00f6r rudakra, \u00fcreges rudakra, kerek rudakra, f\u00e9lk\u00f6r\u00edves rudakra, lapos rudakra, n\u00e9gyzetes rudakra, hatsz\u00f6gletes rudakra, hegeszt\u0151 rudakra, hegeszt\u0151p\u00e1lc\u00e1kra, nyom\u00f3cs\u00f6vekre, l\u00e1t\u00f3cs\u00f6vekre, n\u00e9gyzetes cs\u00f6vekre vagy n\u00e9gysz\u00f6gletes cs\u00f6vekre van sz\u00fcks\u00e9ge, mi kiv\u00e1l\u00f3 min\u0151s\u00e9g\u0171 megold\u00e1sokat k\u00edn\u00e1lunk az \u00d6n ig\u00e9nyeihez.\" \/>\n<meta name=\"robots\" content=\"index, follow, max-snippet:-1, max-image-preview:large, max-video-preview:-1\" \/>\n<link rel=\"canonical\" href=\"https:\/\/www.akuplastics.com\/hu\/jegkorong-lovobetetek-es-felszini-lemezek\/\" \/>\n<script type=\"application\/ld+json\" class=\"yoast-schema-graph\">{\"@context\":\"https:\\\/\\\/schema.org\",\"@graph\":[{\"@type\":\"WebPage\",\"@id\":\"https:\\\/\\\/www.akuplastics.com\\\/hu\\\/jegkorong-lovobetetek-es-felszini-lemezek\\\/\",\"url\":\"https:\\\/\\\/www.akuplastics.com\\\/hu\\\/jegkorong-lovobetetek-es-felszini-lemezek\\\/\",\"name\":\"J\u00e9gkorong l\u00f6v\u0151bet\u00e9tek \u00e9s felsz\u00edni lemezek\",\"isPartOf\":{\"@id\":\"https:\\\/\\\/www.akuplastics.com\\\/hu\\\/#website\"},\"primaryImageOfPage\":{\"@id\":\"https:\\\/\\\/www.akuplastics.com\\\/hu\\\/jegkorong-lovobetetek-es-felszini-lemezek\\\/#primaryimage\"},\"image\":{\"@id\":\"https:\\\/\\\/www.akuplastics.com\\\/hu\\\/jegkorong-lovobetetek-es-felszini-lemezek\\\/#primaryimage\"},\"thumbnailUrl\":\"https:\\\/\\\/www.akuplastics.com\\\/wp-content\\\/uploads\\\/2021\\\/10\\\/akuice-300x74.jpg\",\"datePublished\":\"2021-10-27T12:12:30+00:00\",\"dateModified\":\"2024-01-17T18:47:52+00:00\",\"description\":\"Hoki l\u00f6v\u0151bet\u00e9tek \u00e9s fel\u00fcletek, valamint f\u00e9lk\u00e9sz \u00e9s k\u00e9sz alkatr\u00e9szek: \\\"\u00dcdv\u00f6z\u00f6lj\u00fck az AKUPLASTICS-n\u00e1l, a kiv\u00e1l\u00f3 min\u0151s\u00e9g\u0171 f\u00e9lk\u00e9sz \u00e9s k\u00e9sz alkatr\u00e9szek megb\u00edzhat\u00f3 partner\u00e9n\u00e9l. Kiterjedt term\u00e9kportf\u00f3li\u00f3nk az anyagok sz\u00e9les sk\u00e1l\u00e1j\u00e1t tartalmazza, bele\u00e9rtve a merev PVC, PVC-U, PVC-HI, PVC-ELS, PVC-C, C-PVC, CPVC, Trovidur\u00ae, Corzan\u00ae, rugalmas PVC, PVC-P, merev PVC-hab, k\u00f6nny\u0171 PVC-hab \u00e9s m\u00e9g sok m\u00e1s anyagot.Ak\u00e1r lemezekre, extrud\u00e1lt lemezekre, pr\u00e9selt lemezekre, szinterelt lemezekre, lemezekre, blokkokra, t\u00f6m\u00f6r rudakra, \u00fcreges rudakra, kerek rudakra, f\u00e9lk\u00f6r\u00edves rudakra, lapos rudakra, n\u00e9gyzetes rudakra, hatsz\u00f6gletes rudakra, hegeszt\u0151 rudakra, hegeszt\u0151p\u00e1lc\u00e1kra, nyom\u00f3cs\u00f6vekre, l\u00e1t\u00f3cs\u00f6vekre, n\u00e9gyzetes cs\u00f6vekre vagy n\u00e9gysz\u00f6gletes cs\u00f6vekre van sz\u00fcks\u00e9ge, mi kiv\u00e1l\u00f3 min\u0151s\u00e9g\u0171 megold\u00e1sokat k\u00edn\u00e1lunk az \u00d6n ig\u00e9nyeihez.\",\"breadcrumb\":{\"@id\":\"https:\\\/\\\/www.akuplastics.com\\\/hu\\\/jegkorong-lovobetetek-es-felszini-lemezek\\\/#breadcrumb\"},\"inLanguage\":\"hu\",\"potentialAction\":[{\"@type\":\"ReadAction\",\"target\":[\"https:\\\/\\\/www.akuplastics.com\\\/hu\\\/jegkorong-lovobetetek-es-felszini-lemezek\\\/\"]}]},{\"@type\":\"ImageObject\",\"inLanguage\":\"hu\",\"@id\":\"https:\\\/\\\/www.akuplastics.com\\\/hu\\\/jegkorong-lovobetetek-es-felszini-lemezek\\\/#primaryimage\",\"url\":\"https:\\\/\\\/www.akuplastics.com\\\/wp-content\\\/uploads\\\/2021\\\/10\\\/akuice-300x74.jpg\",\"contentUrl\":\"https:\\\/\\\/www.akuplastics.com\\\/wp-content\\\/uploads\\\/2021\\\/10\\\/akuice-300x74.jpg\"},{\"@type\":\"BreadcrumbList\",\"@id\":\"https:\\\/\\\/www.akuplastics.com\\\/hu\\\/jegkorong-lovobetetek-es-felszini-lemezek\\\/#breadcrumb\",\"itemListElement\":[{\"@type\":\"ListItem\",\"position\":1,\"name\":\"Kezd\u0151lap\",\"item\":\"https:\\\/\\\/www.akuplastics.com\\\/hu\\\/\"},{\"@type\":\"ListItem\",\"position\":2,\"name\":\"AKUice\"}]},{\"@type\":\"WebSite\",\"@id\":\"https:\\\/\\\/www.akuplastics.com\\\/hu\\\/#website\",\"url\":\"https:\\\/\\\/www.akuplastics.com\\\/hu\\\/\",\"name\":\"Semi-Finished Products \u2013 Finished Parts \u2013 Ventilation Moulded Parts \u2013 Machines\",\"description\":\"Halbzeuge, Halbfabrikate, Kunststoffhalbzeuge, Kunststoffhalbfabrikate\",\"publisher\":{\"@id\":\"https:\\\/\\\/www.akuplastics.com\\\/hu\\\/#organization\"},\"alternateName\":\"AKUPLASTICS \u2013 Engineering in Plastics\",\"potentialAction\":[{\"@type\":\"SearchAction\",\"target\":{\"@type\":\"EntryPoint\",\"urlTemplate\":\"https:\\\/\\\/www.akuplastics.com\\\/hu\\\/?s={search_term_string}\"},\"query-input\":{\"@type\":\"PropertyValueSpecification\",\"valueRequired\":true,\"valueName\":\"search_term_string\"}}],\"inLanguage\":\"hu\"},{\"@type\":\"Organization\",\"@id\":\"https:\\\/\\\/www.akuplastics.com\\\/hu\\\/#organization\",\"name\":\"Ing. Christian Ahlborn e.U.\",\"alternateName\":\"AKU\",\"url\":\"https:\\\/\\\/www.akuplastics.com\\\/hu\\\/\",\"logo\":{\"@type\":\"ImageObject\",\"inLanguage\":\"hu\",\"@id\":\"https:\\\/\\\/www.akuplastics.com\\\/hu\\\/#\\\/schema\\\/logo\\\/image\\\/\",\"url\":\"https:\\\/\\\/www.akuplastics.com\\\/wp-content\\\/uploads\\\/2020\\\/07\\\/Grafik14-inkl-r.png\",\"contentUrl\":\"https:\\\/\\\/www.akuplastics.com\\\/wp-content\\\/uploads\\\/2020\\\/07\\\/Grafik14-inkl-r.png\",\"width\":1994,\"height\":743,\"caption\":\"Ing. Christian Ahlborn e.U.\"},\"image\":{\"@id\":\"https:\\\/\\\/www.akuplastics.com\\\/hu\\\/#\\\/schema\\\/logo\\\/image\\\/\"}}]}<\/script>\n<!-- \/ Yoast SEO Premium plugin. -->","yoast_head_json":{"title":"J\u00e9gkorong l\u00f6v\u0151bet\u00e9tek \u00e9s felsz\u00edni lemezek","description":"Hoki l\u00f6v\u0151bet\u00e9tek \u00e9s fel\u00fcletek, valamint f\u00e9lk\u00e9sz \u00e9s k\u00e9sz alkatr\u00e9szek: \"\u00dcdv\u00f6z\u00f6lj\u00fck az AKUPLASTICS-n\u00e1l, a kiv\u00e1l\u00f3 min\u0151s\u00e9g\u0171 f\u00e9lk\u00e9sz \u00e9s k\u00e9sz alkatr\u00e9szek megb\u00edzhat\u00f3 partner\u00e9n\u00e9l. Kiterjedt term\u00e9kportf\u00f3li\u00f3nk az anyagok sz\u00e9les sk\u00e1l\u00e1j\u00e1t tartalmazza, bele\u00e9rtve a merev PVC, PVC-U, PVC-HI, PVC-ELS, PVC-C, C-PVC, CPVC, Trovidur\u00ae, Corzan\u00ae, rugalmas PVC, PVC-P, merev PVC-hab, k\u00f6nny\u0171 PVC-hab \u00e9s m\u00e9g sok m\u00e1s anyagot.Ak\u00e1r lemezekre, extrud\u00e1lt lemezekre, pr\u00e9selt lemezekre, szinterelt lemezekre, lemezekre, blokkokra, t\u00f6m\u00f6r rudakra, \u00fcreges rudakra, kerek rudakra, f\u00e9lk\u00f6r\u00edves rudakra, lapos rudakra, n\u00e9gyzetes rudakra, hatsz\u00f6gletes rudakra, hegeszt\u0151 rudakra, hegeszt\u0151p\u00e1lc\u00e1kra, nyom\u00f3cs\u00f6vekre, l\u00e1t\u00f3cs\u00f6vekre, n\u00e9gyzetes cs\u00f6vekre vagy n\u00e9gysz\u00f6gletes cs\u00f6vekre van sz\u00fcks\u00e9ge, mi kiv\u00e1l\u00f3 min\u0151s\u00e9g\u0171 megold\u00e1sokat k\u00edn\u00e1lunk az \u00d6n ig\u00e9nyeihez.","robots":{"index":"index","follow":"follow","max-snippet":"max-snippet:-1","max-image-preview":"max-image-preview:large","max-video-preview":"max-video-preview:-1"},"canonical":"https:\/\/www.akuplastics.com\/hu\/jegkorong-lovobetetek-es-felszini-lemezek\/","schema":{"@context":"https:\/\/schema.org","@graph":[{"@type":"WebPage","@id":"https:\/\/www.akuplastics.com\/hu\/jegkorong-lovobetetek-es-felszini-lemezek\/","url":"https:\/\/www.akuplastics.com\/hu\/jegkorong-lovobetetek-es-felszini-lemezek\/","name":"J\u00e9gkorong l\u00f6v\u0151bet\u00e9tek \u00e9s felsz\u00edni lemezek","isPartOf":{"@id":"https:\/\/www.akuplastics.com\/hu\/#website"},"primaryImageOfPage":{"@id":"https:\/\/www.akuplastics.com\/hu\/jegkorong-lovobetetek-es-felszini-lemezek\/#primaryimage"},"image":{"@id":"https:\/\/www.akuplastics.com\/hu\/jegkorong-lovobetetek-es-felszini-lemezek\/#primaryimage"},"thumbnailUrl":"https:\/\/www.akuplastics.com\/wp-content\/uploads\/2021\/10\/akuice-300x74.jpg","datePublished":"2021-10-27T12:12:30+00:00","dateModified":"2024-01-17T18:47:52+00:00","description":"Hoki l\u00f6v\u0151bet\u00e9tek \u00e9s fel\u00fcletek, valamint f\u00e9lk\u00e9sz \u00e9s k\u00e9sz alkatr\u00e9szek: \"\u00dcdv\u00f6z\u00f6lj\u00fck az AKUPLASTICS-n\u00e1l, a kiv\u00e1l\u00f3 min\u0151s\u00e9g\u0171 f\u00e9lk\u00e9sz \u00e9s k\u00e9sz alkatr\u00e9szek megb\u00edzhat\u00f3 partner\u00e9n\u00e9l. Kiterjedt term\u00e9kportf\u00f3li\u00f3nk az anyagok sz\u00e9les sk\u00e1l\u00e1j\u00e1t tartalmazza, bele\u00e9rtve a merev PVC, PVC-U, PVC-HI, PVC-ELS, PVC-C, C-PVC, CPVC, Trovidur\u00ae, Corzan\u00ae, rugalmas PVC, PVC-P, merev PVC-hab, k\u00f6nny\u0171 PVC-hab \u00e9s m\u00e9g sok m\u00e1s anyagot.Ak\u00e1r lemezekre, extrud\u00e1lt lemezekre, pr\u00e9selt lemezekre, szinterelt lemezekre, lemezekre, blokkokra, t\u00f6m\u00f6r rudakra, \u00fcreges rudakra, kerek rudakra, f\u00e9lk\u00f6r\u00edves rudakra, lapos rudakra, n\u00e9gyzetes rudakra, hatsz\u00f6gletes rudakra, hegeszt\u0151 rudakra, hegeszt\u0151p\u00e1lc\u00e1kra, nyom\u00f3cs\u00f6vekre, l\u00e1t\u00f3cs\u00f6vekre, n\u00e9gyzetes cs\u00f6vekre vagy n\u00e9gysz\u00f6gletes cs\u00f6vekre van sz\u00fcks\u00e9ge, mi kiv\u00e1l\u00f3 min\u0151s\u00e9g\u0171 megold\u00e1sokat k\u00edn\u00e1lunk az \u00d6n ig\u00e9nyeihez.","breadcrumb":{"@id":"https:\/\/www.akuplastics.com\/hu\/jegkorong-lovobetetek-es-felszini-lemezek\/#breadcrumb"},"inLanguage":"hu","potentialAction":[{"@type":"ReadAction","target":["https:\/\/www.akuplastics.com\/hu\/jegkorong-lovobetetek-es-felszini-lemezek\/"]}]},{"@type":"ImageObject","inLanguage":"hu","@id":"https:\/\/www.akuplastics.com\/hu\/jegkorong-lovobetetek-es-felszini-lemezek\/#primaryimage","url":"https:\/\/www.akuplastics.com\/wp-content\/uploads\/2021\/10\/akuice-300x74.jpg","contentUrl":"https:\/\/www.akuplastics.com\/wp-content\/uploads\/2021\/10\/akuice-300x74.jpg"},{"@type":"BreadcrumbList","@id":"https:\/\/www.akuplastics.com\/hu\/jegkorong-lovobetetek-es-felszini-lemezek\/#breadcrumb","itemListElement":[{"@type":"ListItem","position":1,"name":"Kezd\u0151lap","item":"https:\/\/www.akuplastics.com\/hu\/"},{"@type":"ListItem","position":2,"name":"AKUice"}]},{"@type":"WebSite","@id":"https:\/\/www.akuplastics.com\/hu\/#website","url":"https:\/\/www.akuplastics.com\/hu\/","name":"Semi-Finished Products \u2013 Finished Parts \u2013 Ventilation Moulded Parts \u2013 Machines","description":"Halbzeuge, Halbfabrikate, Kunststoffhalbzeuge, Kunststoffhalbfabrikate","publisher":{"@id":"https:\/\/www.akuplastics.com\/hu\/#organization"},"alternateName":"AKUPLASTICS \u2013 Engineering in Plastics","potentialAction":[{"@type":"SearchAction","target":{"@type":"EntryPoint","urlTemplate":"https:\/\/www.akuplastics.com\/hu\/?s={search_term_string}"},"query-input":{"@type":"PropertyValueSpecification","valueRequired":true,"valueName":"search_term_string"}}],"inLanguage":"hu"},{"@type":"Organization","@id":"https:\/\/www.akuplastics.com\/hu\/#organization","name":"Ing. Christian Ahlborn e.U.","alternateName":"AKU","url":"https:\/\/www.akuplastics.com\/hu\/","logo":{"@type":"ImageObject","inLanguage":"hu","@id":"https:\/\/www.akuplastics.com\/hu\/#\/schema\/logo\/image\/","url":"https:\/\/www.akuplastics.com\/wp-content\/uploads\/2020\/07\/Grafik14-inkl-r.png","contentUrl":"https:\/\/www.akuplastics.com\/wp-content\/uploads\/2020\/07\/Grafik14-inkl-r.png","width":1994,"height":743,"caption":"Ing. Christian Ahlborn e.U."},"image":{"@id":"https:\/\/www.akuplastics.com\/hu\/#\/schema\/logo\/image\/"}}]}},"_links":{"self":[{"href":"https:\/\/www.akuplastics.com\/hu\/wp-json\/wp\/v2\/pages\/9823","targetHints":{"allow":["GET"]}}],"collection":[{"href":"https:\/\/www.akuplastics.com\/hu\/wp-json\/wp\/v2\/pages"}],"about":[{"href":"https:\/\/www.akuplastics.com\/hu\/wp-json\/wp\/v2\/types\/page"}],"author":[{"embeddable":true,"href":"https:\/\/www.akuplastics.com\/hu\/wp-json\/wp\/v2\/users\/2"}],"replies":[{"embeddable":true,"href":"https:\/\/www.akuplastics.com\/hu\/wp-json\/wp\/v2\/comments?post=9823"}],"version-history":[{"count":3,"href":"https:\/\/www.akuplastics.com\/hu\/wp-json\/wp\/v2\/pages\/9823\/revisions"}],"predecessor-version":[{"id":14345,"href":"https:\/\/www.akuplastics.com\/hu\/wp-json\/wp\/v2\/pages\/9823\/revisions\/14345"}],"wp:attachment":[{"href":"https:\/\/www.akuplastics.com\/hu\/wp-json\/wp\/v2\/media?parent=9823"}],"curies":[{"name":"wp","href":"https:\/\/api.w.org\/{rel}","templated":true}]}}