{"id":9791,"date":"2021-06-20T13:05:16","date_gmt":"2021-06-20T11:05:16","guid":{"rendered":"https:\/\/www.akuplastics.com\/forsthoff-mini-electronic-es-mini-electronic-sc-forrolevegos-hegesztopisztolyok\/"},"modified":"2024-02-01T11:25:22","modified_gmt":"2024-02-01T10:25:22","slug":"forsthoff-mini-electronic-es-mini-electronic-sc-forrolevegos-hegesztopisztolyok","status":"publish","type":"page","link":"https:\/\/www.akuplastics.com\/hu\/forsthoff-mini-electronic-es-mini-electronic-sc-forrolevegos-hegesztopisztolyok\/","title":{"rendered":"Forsthoff MINI-Electronic \u00e9s MINI-Electronic-SC forr\u00f3leveg\u0151s hegeszt\u0151pisztolyok"},"content":{"rendered":"\t\t<div data-elementor-type=\"wp-page\" data-elementor-id=\"9791\" class=\"elementor elementor-9791 elementor-4316\" data-elementor-post-type=\"page\">\n\t\t\t\t\t\t<section class=\"elementor-section elementor-top-section elementor-element elementor-element-fe87f82 elementor-section-boxed elementor-section-height-default elementor-section-height-default\" data-id=\"fe87f82\" data-element_type=\"section\" data-e-type=\"section\">\n\t\t\t\t\t\t<div class=\"elementor-container elementor-column-gap-default\">\n\t\t\t\t\t<div class=\"elementor-column elementor-col-100 elementor-top-column elementor-element elementor-element-9d73eaf\" data-id=\"9d73eaf\" data-element_type=\"column\" data-e-type=\"column\">\n\t\t\t<div class=\"elementor-widget-wrap elementor-element-populated\">\n\t\t\t\t\t\t<div class=\"elementor-element elementor-element-b2e6bbb elementor-widget elementor-widget-text-editor\" data-id=\"b2e6bbb\" data-element_type=\"widget\" data-e-type=\"widget\" data-widget_type=\"text-editor.default\">\n\t\t\t\t<div class=\"elementor-widget-container\">\n\t\t\t\t\t\t\t\t\t<h1>Forr\u00f3leveg\u0151s hegeszt\u0151pisztoly  <\/h1>\n\t\t\t\t\t\t\t\t<\/div>\n\t\t\t\t<\/div>\n\t\t\t\t<section class=\"elementor-section elementor-inner-section elementor-element elementor-element-801269c elementor-section-boxed elementor-section-height-default elementor-section-height-default\" data-id=\"801269c\" data-element_type=\"section\" data-e-type=\"section\">\n\t\t\t\t\t\t<div class=\"elementor-container elementor-column-gap-default\">\n\t\t\t\t\t<div class=\"elementor-column elementor-col-50 elementor-inner-column elementor-element elementor-element-a7a0317\" data-id=\"a7a0317\" data-element_type=\"column\" data-e-type=\"column\">\n\t\t\t<div class=\"elementor-widget-wrap elementor-element-populated\">\n\t\t\t\t\t\t<div class=\"elementor-element elementor-element-036b7b5 elementor-widget elementor-widget-text-editor\" data-id=\"036b7b5\" data-element_type=\"widget\" data-e-type=\"widget\" data-widget_type=\"text-editor.default\">\n\t\t\t\t<div class=\"elementor-widget-container\">\n\t\t\t\t\t\t\t\t\t<h5><strong>Forsthoff MINI-Electronic \u00e9s MINI-Electronic-SC<\/strong><\/h5>\n<p>A <b>forr\u00f3leveg\u0151s hegeszt\u0151pisztoly olyan hordozhat\u00f3 eszk\u00f6z<\/b>, amelyet m\u0171anyag hegeszt\u00e9s\u00e9re haszn\u00e1lnak forr\u00f3leveg\u0151s hegeszt\u00e9si technol\u00f3gi\u00e1val.<\/p>\n<p>Ezek a <b>k\u00e9zi k\u00e9sz\u00fcl\u00e9kek<\/b> k\u00fcl\u00f6n\u00f6sen hasznosak olyan ter\u00fcleteken, mint a m\u0171anyag-feldolgoz\u00e1s, az \u00e9p\u00edt\u0151ipar, a j\u00e1rm\u0171jav\u00edt\u00e1s \u00e9s m\u00e1s olyan alkalmaz\u00e1sok, ahol pontos \u00e9s ellen\u0151rz\u00f6tt hegesztett k\u00f6t\u00e9sekre van sz\u00fcks\u00e9g.  <\/p>\n<p>A MINI-Electronic <b>szigetelt hegeszt\u0151pisztoly<\/b> k\u00f6nny\u0171 s\u00falya \u00e9s k\u00f6nny\u0171 kezelhet\u0151s\u00e9ge miatt ide\u00e1lis m\u0171anyagszerel\u0151k \u00e9s tart\u00e1ly\u00e9p\u00edt\u0151k sz\u00e1m\u00e1ra.<\/p>\n<p>Az 1500 W 230 V-os f\u0171t\u0151teljes\u00edtm\u00e9ny fokozatmentesen \u00e1ll\u00edthat\u00f3 20 \u00e9s 700 \u00b0C k\u00f6z\u00f6tt, \u00e9s elektronikusan \u00e1lland\u00f3 \u00e9rt\u00e9ken tarthat\u00f3. Ezenk\u00edv\u00fcl a sz\u00fcks\u00e9ges l\u00e9gmennyis\u00e9g egy tov\u00e1bbi forgat\u00f3gombbal egyedileg szab\u00e1lyozhat\u00f3.<\/p>\n<p>A <b>k\u00e9sz\u00fcl\u00e9khez k\u00fcls\u0151 leveg\u0151ell\u00e1t\u00e1s sz\u00fcks\u00e9ges<\/b>, p\u00e9ld\u00e1ul oldals\u00f3 csatorn\u00e1s f\u00fav\u00f3, ventil\u00e1tor vagy kompresszor.<\/p>\n<p><b>Hordozhat\u00f3 k\u00e9zi f\u00fav\u00f3g\u00e9pet<\/b> is k\u00edn\u00e1lunk, amely man\u0151verezhet\u0151s\u00e9g\u00e9nek k\u00f6sz\u00f6nhet\u0151en az \u00e9p\u00edtkez\u00e9seken \u00e9s a terepen is k\u00e9pes biztos\u00edtani a sz\u00fcks\u00e9ges leveg\u0151t.<\/p>\n<p>Sz\u00fcks\u00e9g eset\u00e9n a hegeszt\u0151pisztoly a dugaszolhat\u00f3 f\u00fav\u00f3k\u00e1k adaptere helyett M10-es menetes f\u00fav\u00f3k\u00e1khoz val\u00f3 adapterrel is felszerelhet\u0151.  <br \/>Ez az adapter lehet\u0151v\u00e9 teszi a <b>csavaros gyorshegeszt\u0151 f\u00fav\u00f3k\u00e1k<\/b> haszn\u00e1lat\u00e1t, amelyeket nagy stabilit\u00e1suk miatt gyakran haszn\u00e1lnak a m\u0171anyag- \u00e9s tart\u00e1lygy\u00e1rt\u00e1sban.<\/p>\n<p>A MINI-Electronic hegeszt\u0151pisztoly sz\u00e1mos tartoz\u00e9kkal felszerelhet\u0151 a m\u0171anyagok hegeszt\u00e9s\u00e9hez.<\/p>\n<p>A MINI-Electronic SC-t egy kieg\u00e9sz\u00edt\u0151 k\u00e9zi f\u00fav\u00f3val sz\u00e1ll\u00edtjuk <b>\u00e9p\u00edtkez\u00e9seken \u00e9s k\u00fclt\u00e9ri haszn\u00e1latra<\/b>.<\/p>\n\t\t\t\t\t\t\t\t<\/div>\n\t\t\t\t<\/div>\n\t\t\t\t<div class=\"elementor-element elementor-element-e0a9386 elementor-widget__width-initial elementor-widget elementor-widget-text-editor\" data-id=\"e0a9386\" data-element_type=\"widget\" data-e-type=\"widget\" data-widget_type=\"text-editor.default\">\n\t\t\t\t<div class=\"elementor-widget-container\">\n\t\t\t\t\t\t\t\t\t<div>\n<div>\n<div>\n<div>\n<div data-testid=\"conversation-turn-129\">\n<div>\n<div>\n<div>\n<div>\n<div>\n<div data-message-author-role=\"assistant\" data-message-id=\"2f848228-c12c-4fa2-b40f-39deae086806\">\n<div>\n<p><b><span style=\"color: var( --e-global-color-text ); font-family: var( --e-global-typography-text-font-family ), arial; font-size: var( --e-global-typography-text-font-size );\">Funkcionalit\u00e1s <\/span><span style=\"color: var( --e-global-color-text ); font-family: var( --e-global-typography-text-font-family ), arial; font-size: var( --e-global-typography-text-font-size );\">Forr\u00f3leveg\u0151s hegeszt\u0151pisztolyok<\/span><span style=\"color: var( --e-global-color-text ); font-family: var( --e-global-typography-text-font-family ), arial; font-size: var( --e-global-typography-text-font-size );\">:<\/p>\n<p><\/span><\/b><\/p>\n<p>A forr\u00f3leveg\u0151s hegeszt\u0151pisztoly \u00fagy m\u0171k\u00f6dik, hogy szab\u00e1lyozott l\u00e9g\u00e1ramot hoz l\u00e9tre, amelyet egy f\u0171t\u0151elemen kereszt\u00fcl vezet.  <br \/>Ez a f\u0171t\u0151elem felmeleg\u00edti a leveg\u0151t, majd a forr\u00f3 leveg\u0151t a hegesztend\u0151 m\u0171anyag fel\u00fcletekre ir\u00e1ny\u00edtja.  <br \/>Az olvad\u00e1s akkor k\u00f6vetkezik be, amikor a m\u0171anyagokat az \u00e9rintkez\u00e9si pontokon felmeleg\u00edtik, \u00e9s a leh\u0171l\u00e9s ut\u00e1n szil\u00e1rd hegeszt\u00e9si varrat alakul ki.<\/p>\n<p><strong>A forr\u00f3leveg\u0151s hegeszt\u0151pisztoly jellemz\u0151i:<\/p>\n<p><\/strong><\/p>\n<ul>\n<li>\n<p><strong>H\u0151m\u00e9rs\u00e9klet-szab\u00e1lyoz\u00e1s:<\/strong> <br \/>A modern hegeszt\u0151pisztolyok prec\u00edz h\u0151m\u00e9rs\u00e9klet-szab\u00e1lyoz\u00e1ssal vannak felszerelve, amely lehet\u0151v\u00e9 teszi a k\u00fcl\u00f6nb\u00f6z\u0151 m\u0171anyagokra optim\u00e1lis hegeszt\u00e9si h\u0151m\u00e9rs\u00e9klet be\u00e1ll\u00edt\u00e1s\u00e1t.<\/p>\n<\/li>\n<li>\n<p><strong>Leveg\u0151\u00e1raml\u00e1s-szab\u00e1lyoz\u00e1s:<\/strong> <br \/>A l\u00e9g\u00e1raml\u00e1s szab\u00e1lyozhat\u00f3s\u00e1ga biztos\u00edtja a felmeleg\u00edtett leveg\u0151 egyenletes eloszl\u00e1s\u00e1t a hegesztend\u0151 fel\u00fcleteken.<\/p>\n<\/li>\n<li>\n<p><strong>K\u00e9zi tervez\u00e9s:<\/strong> <br \/>A forr\u00f3leveg\u0151s hegeszt\u0151pisztolyok k\u00e9zben tarthat\u00f3k, ami lehet\u0151v\u00e9 teszi a kezel\u0151 sz\u00e1m\u00e1ra, hogy a forr\u00f3 leveg\u0151t pontosan a k\u00edv\u00e1nt ter\u00fcletekre ir\u00e1ny\u00edtsa.<\/p>\n<\/li>\n<li>\n<p><strong>F\u00fav\u00f3k\u00e1k \u00e9s tartoz\u00e9kok:<\/strong> <br \/>Sz\u00e1mos modell k\u00fcl\u00f6nb\u00f6z\u0151 f\u00fav\u00f3k\u00e1kkal \u00e9s tartoz\u00e9kokkal rendelkezik, amelyek lehet\u0151v\u00e9 teszik a felhaszn\u00e1l\u00f3 sz\u00e1m\u00e1ra, hogy a k\u00fcl\u00f6nb\u00f6z\u0151 ig\u00e9nyeknek megfelel\u0151en v\u00e1ltoztassa a l\u00e9g\u00e1raml\u00e1s f\u00f3kusz\u00e1t \u00e9s alakj\u00e1t.<\/p>\n<\/li>\n<li>\n<p><strong>K\u00f6nny\u0171 \u00e9s hordozhat\u00f3:<\/strong> <br \/>A k\u00e9zi kialak\u00edt\u00e1suknak k\u00f6sz\u00f6nhet\u0151en a forr\u00f3leveg\u0151s hegeszt\u0151pisztolyok k\u00f6nny\u0171ek \u00e9s hordozhat\u00f3k, \u00edgy k\u00f6nnyen haszn\u00e1lhat\u00f3k k\u00fcl\u00f6nb\u00f6z\u0151 helysz\u00edneken.<\/p>\n<\/li>\n<li>\n<p><strong>Biztons\u00e1gi funkci\u00f3k:<\/strong> <br \/>A k\u00e9sz\u00fcl\u00e9kek olyan biztons\u00e1gi funkci\u00f3kkal is felszerelhet\u0151k, mint a t\u00falmeleged\u00e9s elleni v\u00e9delem \u00e9s az automatikus kikapcsol\u00e1s a biztons\u00e1gos m\u0171k\u00f6d\u00e9s \u00e9rdek\u00e9ben.<\/p>\n<\/li>\n<\/ul>\n<p><strong>A forr\u00f3leveg\u0151s hegeszt\u0151pisztoly alkalmaz\u00e1sai:<\/p>\n<p><\/strong><\/p>\n<ul>\n<li>\n<p><strong>M\u0171anyag-feldolgoz\u00e1s:<\/strong> <br \/>A m\u0171anyagiparban a hegeszt\u0151pisztolyt olyan term\u00e9kek gy\u00e1rt\u00e1s\u00e1hoz haszn\u00e1lj\u00e1k, mint a tart\u00e1lyok, cs\u00f6vek \u00e9s csomagol\u00f3anyagok.<\/p>\n<\/li>\n<li>\n<p><strong>\u00c9p\u00edt\u00e9s:<\/strong> <br \/>Az \u00e9p\u00edt\u0151ipari alkalmaz\u00e1sokban a forr\u00f3leveg\u0151s hegeszt\u0151pisztolyt m\u0171anyag t\u00f6m\u00edt\u00e9sek, ponyv\u00e1k \u00e9s tet\u0151fed\u0151 membr\u00e1nok hegeszt\u00e9s\u00e9re haszn\u00e1lj\u00e1k.<\/p>\n<\/li>\n<li>\n<p><strong>Aut\u00f3ipar:<\/strong> <br \/>A j\u00e1rm\u0171jav\u00edt\u00e1sban a hegeszt\u0151pisztolyt m\u0171anyag alkatr\u00e9szek, p\u00e9ld\u00e1ul l\u00f6kh\u00e1r\u00edt\u00f3k vagy m\u0171szerfalak jav\u00edt\u00e1s\u00e1ra haszn\u00e1lj\u00e1k.<\/p>\n<\/li>\n<li>\n<p><strong>Jav\u00edt\u00e1s \u00e9s karbantart\u00e1s:<\/strong> <br \/>A m\u0171anyag term\u00e9kek jav\u00edt\u00e1s\u00e1ra \u00e9s karbantart\u00e1s\u00e1ra is haszn\u00e1lj\u00e1k a k\u00fcl\u00f6nb\u00f6z\u0151 ipar\u00e1gakban.<\/p>\n<\/li>\n<\/ul>\n<p>A <b>forr\u00f3leveg\u0151s hegeszt\u0151pisztoly egy sokoldal\u00fa \u00e9s praktikus eszk\u00f6z<\/b>, amely <b>pontos \u00e9s hat\u00e9kony m\u00f3dszert<\/b> k\u00edn\u00e1l <b>a m\u0171anyagok hegeszt\u00e9s\u00e9hez<\/b> k\u00fcl\u00f6nb\u00f6z\u0151 alkalmaz\u00e1sokban.<\/p>\n<\/div>\n<\/div>\n<\/div>\n<div>\n<div>\n<div> <\/div>\n<\/div>\n<\/div>\n<\/div>\n<\/div>\n<\/div>\n<\/div>\n<\/div>\n<\/div>\n<\/div>\n<\/div>\n<\/div>\n<div>\n<form>\n<div>\n<div> <\/div>\n<\/div>\n<\/form>\n<\/div>\n\t\t\t\t\t\t\t\t<\/div>\n\t\t\t\t<\/div>\n\t\t\t\t\t<\/div>\n\t\t<\/div>\n\t\t\t\t<div class=\"elementor-column elementor-col-50 elementor-inner-column elementor-element elementor-element-ce2cebd\" data-id=\"ce2cebd\" data-element_type=\"column\" data-e-type=\"column\">\n\t\t\t<div class=\"elementor-widget-wrap elementor-element-populated\">\n\t\t\t\t\t\t<div class=\"elementor-element elementor-element-e76a073 elementor-invisible elementor-widget elementor-widget-image\" data-id=\"e76a073\" data-element_type=\"widget\" data-e-type=\"widget\" data-settings=\"{&quot;_animation&quot;:&quot;fadeInDown&quot;}\" data-widget_type=\"image.default\">\n\t\t\t\t<div class=\"elementor-widget-container\">\n\t\t\t\t\t\t\t\t\t\t\t\t<figure class=\"wp-caption\">\n\t\t\t\t\t\t\t\t\t\t<img loading=\"lazy\" decoding=\"async\" width=\"176\" height=\"250\" src=\"https:\/\/www.akuplastics.com\/wp-content\/uploads\/2021\/06\/Mini-E.1.jpg\" class=\"attachment-medium size-medium wp-image-13013\" alt=\"Hei\u00dfluft Schwei\u00dfpistole Mini Electronic\" \/>\t\t\t\t\t\t\t\t\t\t\t<figcaption class=\"widget-image-caption wp-caption-text\">Forr\u00f3leveg\u0151s hegeszt\u0151pisztoly Mini Elektronikus<\/figcaption>\n\t\t\t\t\t\t\t\t\t\t<\/figure>\n\t\t\t\t\t\t\t\t\t<\/div>\n\t\t\t\t<\/div>\n\t\t\t\t<div class=\"elementor-element elementor-element-42b34e0 elementor-invisible elementor-widget elementor-widget-image\" data-id=\"42b34e0\" data-element_type=\"widget\" data-e-type=\"widget\" data-settings=\"{&quot;_animation&quot;:&quot;fadeInUp&quot;}\" data-widget_type=\"image.default\">\n\t\t\t\t<div class=\"elementor-widget-container\">\n\t\t\t\t\t\t\t\t\t\t\t\t<figure class=\"wp-caption\">\n\t\t\t\t\t\t\t\t\t\t<img loading=\"lazy\" decoding=\"async\" width=\"215\" height=\"300\" src=\"https:\/\/www.akuplastics.com\/wp-content\/uploads\/2021\/06\/Mini-E-SC-1-215x300.jpg\" class=\"attachment-medium size-medium wp-image-13015\" alt=\"Hei\u00dfluft Schwei\u00dfpistole Mini Electronic SC\" srcset=\"https:\/\/www.akuplastics.com\/wp-content\/uploads\/2021\/06\/Mini-E-SC-1-215x300.jpg 215w, https:\/\/www.akuplastics.com\/wp-content\/uploads\/2021\/06\/Mini-E-SC-1.jpg 647w\" sizes=\"auto, (max-width: 215px) 100vw, 215px\" \/>\t\t\t\t\t\t\t\t\t\t\t<figcaption class=\"widget-image-caption wp-caption-text\">Forr\u00f3leveg\u0151s hegeszt\u0151pisztoly Mini Electronic SC<\/figcaption>\n\t\t\t\t\t\t\t\t\t\t<\/figure>\n\t\t\t\t\t\t\t\t\t<\/div>\n\t\t\t\t<\/div>\n\t\t\t\t\t<\/div>\n\t\t<\/div>\n\t\t\t\t\t<\/div>\n\t\t<\/section>\n\t\t\t\t\t<\/div>\n\t\t<\/div>\n\t\t\t\t\t<\/div>\n\t\t<\/section>\n\t\t\t\t<\/div>\n\t\t","protected":false},"excerpt":{"rendered":"<p>Forr\u00f3leveg\u0151s hegeszt\u0151pisztoly Forsthoff MINI-Electronic \u00e9s MINI-Electronic-SC A forr\u00f3leveg\u0151s hegeszt\u0151pisztoly olyan hordozhat\u00f3 eszk\u00f6z, amelyet m\u0171anyag hegeszt\u00e9s\u00e9re haszn\u00e1lnak forr\u00f3leveg\u0151s hegeszt\u00e9si technol\u00f3gi\u00e1val. Ezek a k\u00e9zi k\u00e9sz\u00fcl\u00e9kek k\u00fcl\u00f6n\u00f6sen hasznosak olyan ter\u00fcleteken, mint a m\u0171anyag-feldolgoz\u00e1s, az \u00e9p\u00edt\u0151ipar, a j\u00e1rm\u0171jav\u00edt\u00e1s \u00e9s m\u00e1s olyan alkalmaz\u00e1sok, ahol pontos \u00e9s ellen\u0151rz\u00f6tt hegesztett k\u00f6t\u00e9sekre van sz\u00fcks\u00e9g. A MINI-Electronic szigetelt hegeszt\u0151pisztoly k\u00f6nny\u0171 s\u00falya \u00e9s k\u00f6nny\u0171 kezelhet\u0151s\u00e9ge [&hellip;]<\/p>\n","protected":false},"author":2,"featured_media":0,"parent":0,"menu_order":0,"comment_status":"closed","ping_status":"closed","template":"","meta":{"iawp_total_views":10,"footnotes":""},"class_list":["post-9791","page","type-page","status-publish","hentry"],"yoast_head":"<!-- This site is optimized with the Yoast SEO Premium plugin v27.4 (Yoast SEO v27.5) - https:\/\/yoast.com\/product\/yoast-seo-premium-wordpress\/ -->\n<title>MINI-Electronic MINI-Electronic-SC forr\u00f3leveg\u0151s hegeszt\u0151pisztoly<\/title>\n<meta name=\"description\" content=\"A MINI-Electronic \u00e9s a MINI-Electronic-SC szigetelt forr\u00f3leveg\u0151s hegeszt\u0151pisztoly a k\u00f6nny\u0171 kezelhet\u0151s\u00e9g\u00e9nek\/k\u00f6nnyeds\u00e9g\u00e9nek k\u00f6sz\u00f6nhet\u0151en kiemelked\u0151. Ezek a k\u00e9zi eszk\u00f6z\u00f6k k\u00fcl\u00f6n\u00f6sen hasznosak\" \/>\n<meta name=\"robots\" content=\"index, follow, max-snippet:-1, max-image-preview:large, max-video-preview:-1\" \/>\n<link rel=\"canonical\" href=\"https:\/\/www.akuplastics.com\/hu\/forsthoff-mini-electronic-es-mini-electronic-sc-forrolevegos-hegesztopisztolyok\/\" \/>\n<script type=\"application\/ld+json\" class=\"yoast-schema-graph\">{\"@context\":\"https:\\\/\\\/schema.org\",\"@graph\":[{\"@type\":\"WebPage\",\"@id\":\"https:\\\/\\\/www.akuplastics.com\\\/hu\\\/forsthoff-mini-electronic-es-mini-electronic-sc-forrolevegos-hegesztopisztolyok\\\/\",\"url\":\"https:\\\/\\\/www.akuplastics.com\\\/hu\\\/forsthoff-mini-electronic-es-mini-electronic-sc-forrolevegos-hegesztopisztolyok\\\/\",\"name\":\"MINI-Electronic MINI-Electronic-SC forr\u00f3leveg\u0151s hegeszt\u0151pisztoly\",\"isPartOf\":{\"@id\":\"https:\\\/\\\/www.akuplastics.com\\\/hu\\\/#website\"},\"primaryImageOfPage\":{\"@id\":\"https:\\\/\\\/www.akuplastics.com\\\/hu\\\/forsthoff-mini-electronic-es-mini-electronic-sc-forrolevegos-hegesztopisztolyok\\\/#primaryimage\"},\"image\":{\"@id\":\"https:\\\/\\\/www.akuplastics.com\\\/hu\\\/forsthoff-mini-electronic-es-mini-electronic-sc-forrolevegos-hegesztopisztolyok\\\/#primaryimage\"},\"thumbnailUrl\":\"https:\\\/\\\/www.akuplastics.com\\\/wp-content\\\/uploads\\\/2021\\\/06\\\/Mini-E.1.jpg\",\"datePublished\":\"2021-06-20T11:05:16+00:00\",\"dateModified\":\"2024-02-01T10:25:22+00:00\",\"description\":\"A MINI-Electronic \u00e9s a MINI-Electronic-SC szigetelt forr\u00f3leveg\u0151s hegeszt\u0151pisztoly a k\u00f6nny\u0171 kezelhet\u0151s\u00e9g\u00e9nek\\\/k\u00f6nnyeds\u00e9g\u00e9nek k\u00f6sz\u00f6nhet\u0151en kiemelked\u0151. Ezek a k\u00e9zi eszk\u00f6z\u00f6k k\u00fcl\u00f6n\u00f6sen hasznosak\",\"breadcrumb\":{\"@id\":\"https:\\\/\\\/www.akuplastics.com\\\/hu\\\/forsthoff-mini-electronic-es-mini-electronic-sc-forrolevegos-hegesztopisztolyok\\\/#breadcrumb\"},\"inLanguage\":\"hu\",\"potentialAction\":[{\"@type\":\"ReadAction\",\"target\":[\"https:\\\/\\\/www.akuplastics.com\\\/hu\\\/forsthoff-mini-electronic-es-mini-electronic-sc-forrolevegos-hegesztopisztolyok\\\/\"]}]},{\"@type\":\"ImageObject\",\"inLanguage\":\"hu\",\"@id\":\"https:\\\/\\\/www.akuplastics.com\\\/hu\\\/forsthoff-mini-electronic-es-mini-electronic-sc-forrolevegos-hegesztopisztolyok\\\/#primaryimage\",\"url\":\"https:\\\/\\\/www.akuplastics.com\\\/wp-content\\\/uploads\\\/2021\\\/06\\\/Mini-E.1.jpg\",\"contentUrl\":\"https:\\\/\\\/www.akuplastics.com\\\/wp-content\\\/uploads\\\/2021\\\/06\\\/Mini-E.1.jpg\"},{\"@type\":\"BreadcrumbList\",\"@id\":\"https:\\\/\\\/www.akuplastics.com\\\/hu\\\/forsthoff-mini-electronic-es-mini-electronic-sc-forrolevegos-hegesztopisztolyok\\\/#breadcrumb\",\"itemListElement\":[{\"@type\":\"ListItem\",\"position\":1,\"name\":\"Kezd\u0151lap\",\"item\":\"https:\\\/\\\/www.akuplastics.com\\\/hu\\\/\"},{\"@type\":\"ListItem\",\"position\":2,\"name\":\"Forsthoff MINI-Electronic \u00e9s MINI-Electronic-SC forr\u00f3leveg\u0151s hegeszt\u0151pisztolyok\"}]},{\"@type\":\"WebSite\",\"@id\":\"https:\\\/\\\/www.akuplastics.com\\\/hu\\\/#website\",\"url\":\"https:\\\/\\\/www.akuplastics.com\\\/hu\\\/\",\"name\":\"Semi-Finished Products \u2013 Finished Parts \u2013 Ventilation Moulded Parts \u2013 Machines\",\"description\":\"Halbzeuge, Halbfabrikate, Kunststoffhalbzeuge, Kunststoffhalbfabrikate\",\"publisher\":{\"@id\":\"https:\\\/\\\/www.akuplastics.com\\\/hu\\\/#organization\"},\"alternateName\":\"AKUPLASTICS \u2013 Engineering in Plastics\",\"potentialAction\":[{\"@type\":\"SearchAction\",\"target\":{\"@type\":\"EntryPoint\",\"urlTemplate\":\"https:\\\/\\\/www.akuplastics.com\\\/hu\\\/?s={search_term_string}\"},\"query-input\":{\"@type\":\"PropertyValueSpecification\",\"valueRequired\":true,\"valueName\":\"search_term_string\"}}],\"inLanguage\":\"hu\"},{\"@type\":\"Organization\",\"@id\":\"https:\\\/\\\/www.akuplastics.com\\\/hu\\\/#organization\",\"name\":\"Ing. Christian Ahlborn e.U.\",\"alternateName\":\"AKU\",\"url\":\"https:\\\/\\\/www.akuplastics.com\\\/hu\\\/\",\"logo\":{\"@type\":\"ImageObject\",\"inLanguage\":\"hu\",\"@id\":\"https:\\\/\\\/www.akuplastics.com\\\/hu\\\/#\\\/schema\\\/logo\\\/image\\\/\",\"url\":\"https:\\\/\\\/www.akuplastics.com\\\/wp-content\\\/uploads\\\/2020\\\/07\\\/Grafik14-inkl-r.png\",\"contentUrl\":\"https:\\\/\\\/www.akuplastics.com\\\/wp-content\\\/uploads\\\/2020\\\/07\\\/Grafik14-inkl-r.png\",\"width\":1994,\"height\":743,\"caption\":\"Ing. Christian Ahlborn e.U.\"},\"image\":{\"@id\":\"https:\\\/\\\/www.akuplastics.com\\\/hu\\\/#\\\/schema\\\/logo\\\/image\\\/\"}}]}<\/script>\n<!-- \/ Yoast SEO Premium plugin. -->","yoast_head_json":{"title":"MINI-Electronic MINI-Electronic-SC forr\u00f3leveg\u0151s hegeszt\u0151pisztoly","description":"A MINI-Electronic \u00e9s a MINI-Electronic-SC szigetelt forr\u00f3leveg\u0151s hegeszt\u0151pisztoly a k\u00f6nny\u0171 kezelhet\u0151s\u00e9g\u00e9nek\/k\u00f6nnyeds\u00e9g\u00e9nek k\u00f6sz\u00f6nhet\u0151en kiemelked\u0151. Ezek a k\u00e9zi eszk\u00f6z\u00f6k k\u00fcl\u00f6n\u00f6sen hasznosak","robots":{"index":"index","follow":"follow","max-snippet":"max-snippet:-1","max-image-preview":"max-image-preview:large","max-video-preview":"max-video-preview:-1"},"canonical":"https:\/\/www.akuplastics.com\/hu\/forsthoff-mini-electronic-es-mini-electronic-sc-forrolevegos-hegesztopisztolyok\/","schema":{"@context":"https:\/\/schema.org","@graph":[{"@type":"WebPage","@id":"https:\/\/www.akuplastics.com\/hu\/forsthoff-mini-electronic-es-mini-electronic-sc-forrolevegos-hegesztopisztolyok\/","url":"https:\/\/www.akuplastics.com\/hu\/forsthoff-mini-electronic-es-mini-electronic-sc-forrolevegos-hegesztopisztolyok\/","name":"MINI-Electronic MINI-Electronic-SC forr\u00f3leveg\u0151s hegeszt\u0151pisztoly","isPartOf":{"@id":"https:\/\/www.akuplastics.com\/hu\/#website"},"primaryImageOfPage":{"@id":"https:\/\/www.akuplastics.com\/hu\/forsthoff-mini-electronic-es-mini-electronic-sc-forrolevegos-hegesztopisztolyok\/#primaryimage"},"image":{"@id":"https:\/\/www.akuplastics.com\/hu\/forsthoff-mini-electronic-es-mini-electronic-sc-forrolevegos-hegesztopisztolyok\/#primaryimage"},"thumbnailUrl":"https:\/\/www.akuplastics.com\/wp-content\/uploads\/2021\/06\/Mini-E.1.jpg","datePublished":"2021-06-20T11:05:16+00:00","dateModified":"2024-02-01T10:25:22+00:00","description":"A MINI-Electronic \u00e9s a MINI-Electronic-SC szigetelt forr\u00f3leveg\u0151s hegeszt\u0151pisztoly a k\u00f6nny\u0171 kezelhet\u0151s\u00e9g\u00e9nek\/k\u00f6nnyeds\u00e9g\u00e9nek k\u00f6sz\u00f6nhet\u0151en kiemelked\u0151. Ezek a k\u00e9zi eszk\u00f6z\u00f6k k\u00fcl\u00f6n\u00f6sen hasznosak","breadcrumb":{"@id":"https:\/\/www.akuplastics.com\/hu\/forsthoff-mini-electronic-es-mini-electronic-sc-forrolevegos-hegesztopisztolyok\/#breadcrumb"},"inLanguage":"hu","potentialAction":[{"@type":"ReadAction","target":["https:\/\/www.akuplastics.com\/hu\/forsthoff-mini-electronic-es-mini-electronic-sc-forrolevegos-hegesztopisztolyok\/"]}]},{"@type":"ImageObject","inLanguage":"hu","@id":"https:\/\/www.akuplastics.com\/hu\/forsthoff-mini-electronic-es-mini-electronic-sc-forrolevegos-hegesztopisztolyok\/#primaryimage","url":"https:\/\/www.akuplastics.com\/wp-content\/uploads\/2021\/06\/Mini-E.1.jpg","contentUrl":"https:\/\/www.akuplastics.com\/wp-content\/uploads\/2021\/06\/Mini-E.1.jpg"},{"@type":"BreadcrumbList","@id":"https:\/\/www.akuplastics.com\/hu\/forsthoff-mini-electronic-es-mini-electronic-sc-forrolevegos-hegesztopisztolyok\/#breadcrumb","itemListElement":[{"@type":"ListItem","position":1,"name":"Kezd\u0151lap","item":"https:\/\/www.akuplastics.com\/hu\/"},{"@type":"ListItem","position":2,"name":"Forsthoff MINI-Electronic \u00e9s MINI-Electronic-SC forr\u00f3leveg\u0151s hegeszt\u0151pisztolyok"}]},{"@type":"WebSite","@id":"https:\/\/www.akuplastics.com\/hu\/#website","url":"https:\/\/www.akuplastics.com\/hu\/","name":"Semi-Finished Products \u2013 Finished Parts \u2013 Ventilation Moulded Parts \u2013 Machines","description":"Halbzeuge, Halbfabrikate, Kunststoffhalbzeuge, Kunststoffhalbfabrikate","publisher":{"@id":"https:\/\/www.akuplastics.com\/hu\/#organization"},"alternateName":"AKUPLASTICS \u2013 Engineering in Plastics","potentialAction":[{"@type":"SearchAction","target":{"@type":"EntryPoint","urlTemplate":"https:\/\/www.akuplastics.com\/hu\/?s={search_term_string}"},"query-input":{"@type":"PropertyValueSpecification","valueRequired":true,"valueName":"search_term_string"}}],"inLanguage":"hu"},{"@type":"Organization","@id":"https:\/\/www.akuplastics.com\/hu\/#organization","name":"Ing. Christian Ahlborn e.U.","alternateName":"AKU","url":"https:\/\/www.akuplastics.com\/hu\/","logo":{"@type":"ImageObject","inLanguage":"hu","@id":"https:\/\/www.akuplastics.com\/hu\/#\/schema\/logo\/image\/","url":"https:\/\/www.akuplastics.com\/wp-content\/uploads\/2020\/07\/Grafik14-inkl-r.png","contentUrl":"https:\/\/www.akuplastics.com\/wp-content\/uploads\/2020\/07\/Grafik14-inkl-r.png","width":1994,"height":743,"caption":"Ing. Christian Ahlborn e.U."},"image":{"@id":"https:\/\/www.akuplastics.com\/hu\/#\/schema\/logo\/image\/"}}]}},"_links":{"self":[{"href":"https:\/\/www.akuplastics.com\/hu\/wp-json\/wp\/v2\/pages\/9791","targetHints":{"allow":["GET"]}}],"collection":[{"href":"https:\/\/www.akuplastics.com\/hu\/wp-json\/wp\/v2\/pages"}],"about":[{"href":"https:\/\/www.akuplastics.com\/hu\/wp-json\/wp\/v2\/types\/page"}],"author":[{"embeddable":true,"href":"https:\/\/www.akuplastics.com\/hu\/wp-json\/wp\/v2\/users\/2"}],"replies":[{"embeddable":true,"href":"https:\/\/www.akuplastics.com\/hu\/wp-json\/wp\/v2\/comments?post=9791"}],"version-history":[{"count":6,"href":"https:\/\/www.akuplastics.com\/hu\/wp-json\/wp\/v2\/pages\/9791\/revisions"}],"predecessor-version":[{"id":15848,"href":"https:\/\/www.akuplastics.com\/hu\/wp-json\/wp\/v2\/pages\/9791\/revisions\/15848"}],"wp:attachment":[{"href":"https:\/\/www.akuplastics.com\/hu\/wp-json\/wp\/v2\/media?parent=9791"}],"curies":[{"name":"wp","href":"https:\/\/api.w.org\/{rel}","templated":true}]}}