{"id":9752,"date":"2021-06-20T12:47:14","date_gmt":"2021-06-20T10:47:14","guid":{"rendered":"https:\/\/www.akuplastics.com\/hot-air-s\/"},"modified":"2024-02-05T08:32:44","modified_gmt":"2024-02-05T07:32:44","slug":"forro-levego-muanyag-hegeszto-folia-muanyag-feldolgozas","status":"publish","type":"page","link":"https:\/\/www.akuplastics.com\/hu\/forro-levego-muanyag-hegeszto-folia-muanyag-feldolgozas\/","title":{"rendered":"Hot Air S"},"content":{"rendered":"\t\t<div data-elementor-type=\"wp-page\" data-elementor-id=\"9752\" class=\"elementor elementor-9752 elementor-4308\" data-elementor-post-type=\"page\">\n\t\t\t\t\t\t<section class=\"elementor-section elementor-top-section elementor-element elementor-element-4673035 elementor-section-boxed elementor-section-height-default elementor-section-height-default\" data-id=\"4673035\" data-element_type=\"section\" data-e-type=\"section\">\n\t\t\t\t\t\t<div class=\"elementor-container elementor-column-gap-default\">\n\t\t\t\t\t<div class=\"elementor-column elementor-col-100 elementor-top-column elementor-element elementor-element-c31397b\" data-id=\"c31397b\" data-element_type=\"column\" data-e-type=\"column\">\n\t\t\t<div class=\"elementor-widget-wrap elementor-element-populated\">\n\t\t\t\t\t\t<div class=\"elementor-element elementor-element-5f4dc1c elementor-widget elementor-widget-text-editor\" data-id=\"5f4dc1c\" data-element_type=\"widget\" data-e-type=\"widget\" data-widget_type=\"text-editor.default\">\n\t\t\t\t<div class=\"elementor-widget-container\">\n\t\t\t\t\t\t\t\t\t<h1>Forr\u00f3leveg\u0151s m\u0171anyag hegeszt\u0151 f\u00f3li\u00e1khoz<\/h1>\n\t\t\t\t\t\t\t\t<\/div>\n\t\t\t\t<\/div>\n\t\t\t\t<section class=\"elementor-section elementor-inner-section elementor-element elementor-element-39bdb17 elementor-section-boxed elementor-section-height-default elementor-section-height-default\" data-id=\"39bdb17\" data-element_type=\"section\" data-e-type=\"section\">\n\t\t\t\t\t\t<div class=\"elementor-container elementor-column-gap-default\">\n\t\t\t\t\t<div class=\"elementor-column elementor-col-50 elementor-inner-column elementor-element elementor-element-d14ece5\" data-id=\"d14ece5\" data-element_type=\"column\" data-e-type=\"column\">\n\t\t\t<div class=\"elementor-widget-wrap elementor-element-populated\">\n\t\t\t\t\t\t<div class=\"elementor-element elementor-element-ca0ba62 elementor-widget elementor-widget-text-editor\" data-id=\"ca0ba62\" data-element_type=\"widget\" data-e-type=\"widget\" data-widget_type=\"text-editor.default\">\n\t\t\t\t<div class=\"elementor-widget-container\">\n\t\t\t\t\t\t\t\t\t<p>A Forsthoff HOT-AIR-S lehet\u0151v\u00e9 teszi a<span style=\"color: var( --e-global-color-text ); font-family: var( --e-global-typography-text-font-family ), arial; font-size: var( --e-global-typography-text-font-size );\"> <b>hullad\u00e9klerak\u00f3 b\u00e9l\u00e9sek, t\u00f3f\u00f3li\u00e1k \u00e9s neh\u00e9z ponyv\u00e1k<\/b><b>er\u0151teljes \u00e9s hat\u00e9kony hegeszt\u00e9s\u00e9t<\/b><\/span>.<span style=\"color: var( --e-global-color-text ); font-family: var( --e-global-typography-text-font-family ), arial; font-size: var( --e-global-typography-text-font-size );\"><\/p>\n<p><\/span><\/p>\n<p>A k\u00e9sz\u00fcl\u00e9k az aut\u00f3iparban is haszn\u00e1lhat\u00f3 a kiegyenl\u00edt\u0151anyag kisz\u00e1r\u00edt\u00e1s\u00e1ra \u00e9s a <b>m\u0171anyag alkatr\u00e9szek aktiv\u00e1l\u00e1s\u00e1ra<\/b>.<\/p>\n<p>A 3000 W 230 V-os f\u0171t\u00e9si teljes\u00edtm\u00e9ny fokozatmentesen \u00e1ll\u00edthat\u00f3 szobah\u0151m\u00e9rs\u00e9klett\u0151l 700 \u00b0C-ig.  <\/p>\n<p>A k\u00e9sz\u00fcl\u00e9k \u00faj \u00e9s nagyon megb\u00edzhat\u00f3 h\u0151m\u00e9rs\u00e9klet-elektronik\u00e1val rendelkezik, \u00e9s a 40 mm sz\u00e9les r\u00e9sf\u00fav\u00f3k\u00e1val egy\u00fctt t\u00f6k\u00e9letes \u00e1tfed\u0151 hegeszt\u00e9sek lehets\u00e9gesek.<\/p>\n<p>A k\u00e9sz\u00fcl\u00e9k <b>karbantart\u00e1sa <\/b>is <b>egyszer\u0171 <\/b>, k\u00f6sz\u00f6nhet\u0151en a <b>motorok \u00faj gener\u00e1ci\u00f3j\u00e1nak<\/b>, amelyek <b>sz\u00e9n \u00e9lettartama<\/b> jelent\u0151sen <b>hosszabb<\/b>, t\u00f6bb mint 1500 \u00f3ra.<\/p>\n<p>A kollektorkef\u00e9k egy kikapcsol\u00f3szerkezettel is fel vannak szerelve, amely megakad\u00e1lyozza a motor k\u00e1rosod\u00e1s\u00e1t, ha a sz\u00e9nkef\u00e9k elhaszn\u00e1l\u00f3dtak.<br \/>A <b>gy\u0171jt\u0151sz\u00e9neket <\/b> <b>t\u00f6bbsz\u00f6r is ki lehet cser\u00e9lni<\/b>.  <br \/>A fasz\u00e9n k\u00f6nnyen cser\u00e9lhet\u0151 k\u00edv\u00fclr\u0151l, a k\u00e9sz\u00fcl\u00e9k kinyit\u00e1sa n\u00e9lk\u00fcl.  <\/p>\n<p><b>Robusztuss\u00e1ga <\/b>\u00e9s <b>hat\u00e9konys\u00e1ga <\/b>ellen\u00e9re a Hot-Air S <b>k\u00f6nny\u0171 <\/b>, 1400 g, 3 m-es csatlakoz\u00f3k\u00e1bellel.  <\/p>\n<p>Ez teszi a k\u00e9sz\u00fcl\u00e9ket egy <b>modern eszk\u00f6zz\u00e9<\/b>, amelyet gyakran haszn\u00e1lnak az ipari m\u0171veletekben.<\/p>\n<p>A <b>tartoz\u00e9kok sz\u00e9les v\u00e1laszt\u00e9ka<\/b> teszi teljess\u00e9 a HOT-AIR S haszn\u00e1lat\u00e1t neh\u00e9z f\u00f3li\u00e1k \u00e9s ponyv\u00e1k lez\u00e1r\u00e1s\u00e1ra.<\/p>\n\t\t\t\t\t\t\t\t<\/div>\n\t\t\t\t<\/div>\n\t\t\t\t<div class=\"elementor-element elementor-element-c8e40fb elementor-widget elementor-widget-text-editor\" data-id=\"c8e40fb\" data-element_type=\"widget\" data-e-type=\"widget\" data-widget_type=\"text-editor.default\">\n\t\t\t\t<div class=\"elementor-widget-container\">\n\t\t\t\t\t\t\t\t\t<p><b>\u00c1ltal\u00e1nos inform\u00e1ci\u00f3k a&nbsp;<span style=\"color: var( --e-global-color-text ); font-family: var( --e-global-typography-text-font-family ), arial; font-size: var( --e-global-typography-text-font-size );\">Forr\u00f3leveg\u0151s m\u0171anyaghegeszt\u0151 g\u00e9pekr\u0151l<\/span>.<span style=\"color: var( --e-global-color-text ); font-family: var( --e-global-typography-text-font-family ), arial; font-size: var( --e-global-typography-text-font-size );\"><br><\/span><\/b><span style=\"color: var( --e-global-color-text ); font-family: var( --e-global-typography-text-font-family ), arial; font-size: var( --e-global-typography-text-font-size ); font-weight: var( --e-global-typography-text-font-weight );\"><br>A forr\u00f3leveg\u0151s m\u0171anyaghegeszt\u0151 g\u00e9p egy speci\u00e1lis <\/span><span style=\"color: var( --e-global-color-text ); font-family: var( --e-global-typography-text-font-family ), arial; font-size: var( --e-global-typography-text-font-size );\">\n  <b>speci\u00e1lis szersz\u00e1mg\u00e9p<\/b>\n<\/span><span style=\"color: var( --e-global-color-text ); font-family: var( --e-global-typography-text-font-family ), arial; font-size: var( --e-global-typography-text-font-size ); font-weight: var( --e-global-typography-text-font-weight );\">amely m\u0171anyag hegeszt\u00e9s\u00e9re szolg\u00e1l forr\u00f3 leveg\u0151vel. <br>Ez a k\u00e9sz\u00fcl\u00e9k fontos szerepet j\u00e1tszik k\u00fcl\u00f6nb\u00f6z\u0151 ipar\u00e1gakban, t\u00f6bbek k\u00f6z\u00f6tt a m\u0171anyag-feldolgoz\u00e1sban, az \u00e9p\u00edt\u0151iparban, az aut\u00f3iparban \u00e9s sok m\u00e1s ipar\u00e1gban, ahol pontos \u00e9s megb\u00edzhat\u00f3 hegesztett k\u00f6t\u00e9sekre van sz\u00fcks\u00e9g. <br><\/span><strong style=\"color: var( --e-global-color-text ); font-family: var( --e-global-typography-text-font-family ), arial; font-size: var( --e-global-typography-text-font-size );\"><br>Hogyan m\u0171k\u00f6dik?<br><\/strong><span style=\"color: var( --e-global-color-text ); font-family: var( --e-global-typography-text-font-family ), arial; font-size: var( --e-global-typography-text-font-size ); font-weight: var( --e-global-typography-text-font-weight );\"><br><\/span><\/p>\n<p>A forr\u00f3leveg\u0151s m\u0171anyaghegeszt\u0151 a <b>forr\u00f3leveg\u0151s hegeszt\u00e9si technol\u00f3gia alapj\u00e1n m\u0171k\u00f6dik<\/b>.<br><b>Szab\u00e1lyozott l\u00e9g\u00e1ramot hoz l\u00e9tre<\/b>, amelyet egy f\u0171t\u0151elemen kereszt\u00fcl vezet.  <\/p>\n<p>A felmeleg\u00edtett leveg\u0151t ezut\u00e1n a hegesztend\u0151 m\u0171anyagfel\u00fcletekre ir\u00e1ny\u00edtj\u00e1k.  <br><br>A <b>hev\u00edt\u00e9s megolvasztja a m\u0171anyagokat az \u00e9rintkez\u00e9si pontokon<\/b>, majd a leh\u0171l\u00e9s ut\u00e1n szil\u00e1rd hegeszt\u00e9si varrat j\u00f6n l\u00e9tre.<br><br><\/p>\n<p><strong>A forr\u00f3leveg\u0151s m\u0171anyag hegeszt\u0151g\u00e9p jellemz\u0151i:<br><br><\/strong><\/p>\n<ul>\n<li>\n<p><strong>H\u0151m\u00e9rs\u00e9klet-szab\u00e1lyoz\u00e1s:<\/strong> <br>A modern k\u00e9sz\u00fcl\u00e9kek pontos h\u0151m\u00e9rs\u00e9klet-szab\u00e1lyoz\u00e1ssal rendelkeznek, amely lehet\u0151v\u00e9 teszi a k\u00fcl\u00f6nb\u00f6z\u0151 m\u0171anyagokra optim\u00e1lis hegeszt\u00e9si h\u0151m\u00e9rs\u00e9klet be\u00e1ll\u00edt\u00e1s\u00e1t.<\/p>\n<\/li>\n<li>\n<p><strong>Leveg\u0151\u00e1raml\u00e1s-szab\u00e1lyoz\u00e1s:<\/strong> <br>A l\u00e9g\u00e1raml\u00e1s szab\u00e1lyozhat\u00f3s\u00e1ga biztos\u00edtja a felmeleg\u00edtett leveg\u0151 egyenletes eloszl\u00e1s\u00e1t a hegesztend\u0151 fel\u00fcleteken.<\/p>\n<\/li>\n<li>\n<p><strong>K\u00e9zi vez\u00e9rl\u00e9s\u0171 modellek:<\/strong> <br>Egyes k\u00e9sz\u00fcl\u00e9kek k\u00e9zi vez\u00e9rl\u00e9s\u0171ek, \u00e9s lehet\u0151v\u00e9 teszik a kezel\u0151 sz\u00e1m\u00e1ra, hogy a forr\u00f3 leveg\u0151t pontosan a k\u00edv\u00e1nt ter\u00fcletekre ir\u00e1ny\u00edtsa.<\/p>\n<\/li>\n<li>\n<p><strong>Helyhez k\u00f6t\u00f6tt modellek:<\/strong> <br>A helyhez k\u00f6t\u00f6tt modellek integr\u00e1lhat\u00f3k a gy\u00e1rt\u00f3sorokba, hogy lehet\u0151v\u00e9 tegy\u00e9k a m\u0171anyag alkatr\u00e9szek automatiz\u00e1lt hegeszt\u00e9s\u00e9t.<\/p>\n<\/li>\n<li>\n<p><strong>Sokoldal\u00fas\u00e1g:<\/strong> <br>A forr\u00f3leveg\u0151s m\u0171anyaghegeszt\u0151 g\u00e9pnek sokoldal\u00fanak kell lennie, \u00e9s alkalmazkodnia kell a k\u00fcl\u00f6nb\u00f6z\u0151 m\u0171anyag anyagokhoz \u00e9s hegeszt\u00e9si k\u00f6vetelm\u00e9nyekhez.<\/p>\n<\/li>\n<li>\n<p><strong>Biztons\u00e1gi funkci\u00f3k:<\/strong> <br>A k\u00e9sz\u00fcl\u00e9kek olyan biztons\u00e1gi funkci\u00f3kkal is felszerelhet\u0151k, mint a t\u00falmeleged\u00e9s elleni v\u00e9delem \u00e9s az automatikus kikapcsol\u00e1s a biztons\u00e1gos m\u0171k\u00f6d\u00e9s \u00e9rdek\u00e9ben.<br><br><\/p>\n<\/li>\n<\/ul>\n<p><strong>A forr\u00f3leveg\u0151s m\u0171anyaghegeszt\u0151 g\u00e9p alkalmaz\u00e1sai:<br><br><\/strong><\/p>\n<ul>\n<li>\n<p><strong>M\u0171anyag-feldolgoz\u00e1s:<\/strong> <br>A m\u0171anyagiparban a forr\u00f3leveg\u0151s m\u0171anyaghegeszt\u0151t olyan term\u00e9kek gy\u00e1rt\u00e1s\u00e1ra haszn\u00e1lj\u00e1k, mint a tart\u00e1lyok, tart\u00e1lyok, cs\u00f6vek \u00e9s egy\u00e9b m\u0171anyag alkatr\u00e9szek.<\/p>\n<\/li>\n<li>\n<p><strong>\u00c9p\u00edt\u00e9s:<\/strong> <br>Az \u00e9p\u00edt\u0151ipari alkalmaz\u00e1sokban a k\u00e9sz\u00fcl\u00e9ket m\u0171anyag t\u00f6m\u00edt\u00e9sek, ponyv\u00e1k \u00e9s egy\u00e9b \u00e9p\u00edt\u0151ipari elemek hegeszt\u00e9s\u00e9re haszn\u00e1lj\u00e1k.<\/p>\n<\/li>\n<li>\n<p><strong>Aut\u00f3ipar:<\/strong> <br>A j\u00e1rm\u0171gy\u00e1rt\u00e1sban a forr\u00f3leveg\u0151s m\u0171anyaghegeszt\u0151 k\u00e9sz\u00fcl\u00e9ket m\u0171anyag alkatr\u00e9szek, p\u00e9ld\u00e1ul l\u00f6kh\u00e1r\u00edt\u00f3k vagy m\u0171szerfalak jav\u00edt\u00e1s\u00e1ra lehet haszn\u00e1lni.<\/p>\n<\/li>\n<li>\n<p><strong>Jav\u00edt\u00e1s \u00e9s karbantart\u00e1s:<\/strong> <br>A m\u0171anyag term\u00e9kek jav\u00edt\u00e1s\u00e1ra \u00e9s karbantart\u00e1s\u00e1ra is haszn\u00e1lj\u00e1k a k\u00fcl\u00f6nb\u00f6z\u0151 ipar\u00e1gakban.<br><br><\/p>\n<\/li>\n<\/ul>\n<p>A <b>forr\u00f3leveg\u0151s m\u0171anyaghegeszt\u0151 sokoldal\u00fa eszk\u00f6z<\/b>, amelyet a <b>pontoss\u00e1g \u00e9s a hat\u00e9konys\u00e1g<\/b> jellemez, \u00e9s a <b>m\u0171anyag-feldolgoz\u00e1sban sz\u00e1mos alkalmaz\u00e1si ter\u00fcletet<\/b> t\u00e1mogat.<\/p>\t\t\t\t\t\t\t\t<\/div>\n\t\t\t\t<\/div>\n\t\t\t\t\t<\/div>\n\t\t<\/div>\n\t\t\t\t<div class=\"elementor-column elementor-col-50 elementor-inner-column elementor-element elementor-element-a298789\" data-id=\"a298789\" data-element_type=\"column\" data-e-type=\"column\">\n\t\t\t<div class=\"elementor-widget-wrap elementor-element-populated\">\n\t\t\t\t\t\t<div class=\"elementor-element elementor-element-7afd261 elementor-invisible elementor-widget elementor-widget-image\" data-id=\"7afd261\" data-element_type=\"widget\" data-e-type=\"widget\" data-settings=\"{&quot;_animation&quot;:&quot;fadeInDown&quot;}\" data-widget_type=\"image.default\">\n\t\t\t\t<div class=\"elementor-widget-container\">\n\t\t\t\t\t\t\t\t\t\t\t\t<figure class=\"wp-caption\">\n\t\t\t\t\t\t\t\t\t\t<img loading=\"lazy\" decoding=\"async\" width=\"300\" height=\"209\" src=\"https:\/\/www.akuplastics.com\/wp-content\/uploads\/2020\/07\/HotAir-S-2-300x209.jpg\" class=\"attachment-medium size-medium wp-image-12873\" alt=\"Hei\u00dfluft Kunststoff Schwei\u00dfger\u00e4t f\u00fcr Folien\" srcset=\"https:\/\/www.akuplastics.com\/wp-content\/uploads\/2020\/07\/HotAir-S-2-300x209.jpg 300w, https:\/\/www.akuplastics.com\/wp-content\/uploads\/2020\/07\/HotAir-S-2-1024x715.jpg 1024w, https:\/\/www.akuplastics.com\/wp-content\/uploads\/2020\/07\/HotAir-S-2-768x536.jpg 768w, https:\/\/www.akuplastics.com\/wp-content\/uploads\/2020\/07\/HotAir-S-2-1536x1072.jpg 1536w, https:\/\/www.akuplastics.com\/wp-content\/uploads\/2020\/07\/HotAir-S-2-scaled.jpg 2048w, https:\/\/www.akuplastics.com\/wp-content\/uploads\/2020\/07\/HotAir-S-2-1200x837.jpg 1200w, https:\/\/www.akuplastics.com\/wp-content\/uploads\/2020\/07\/HotAir-S-2-1980x1382.jpg 1980w\" sizes=\"auto, (max-width: 300px) 100vw, 300px\" \/>\t\t\t\t\t\t\t\t\t\t\t<figcaption class=\"widget-image-caption wp-caption-text\">Forr\u00f3leveg\u0151s m\u0171anyag hegeszt\u0151 k\u00e9sz\u00fcl\u00e9k f\u00f3li\u00e1khoz HotAir-S 2<\/figcaption>\n\t\t\t\t\t\t\t\t\t\t<\/figure>\n\t\t\t\t\t\t\t\t\t<\/div>\n\t\t\t\t<\/div>\n\t\t\t\t\t<\/div>\n\t\t<\/div>\n\t\t\t\t\t<\/div>\n\t\t<\/section>\n\t\t\t\t\t<\/div>\n\t\t<\/div>\n\t\t\t\t\t<\/div>\n\t\t<\/section>\n\t\t\t\t<\/div>\n\t\t","protected":false},"excerpt":{"rendered":"<p>Forr\u00f3leveg\u0151s m\u0171anyag hegeszt\u0151 f\u00f3li\u00e1khoz A Forsthoff HOT-AIR-S lehet\u0151v\u00e9 teszi a hullad\u00e9klerak\u00f3 b\u00e9l\u00e9sek, t\u00f3f\u00f3li\u00e1k \u00e9s neh\u00e9z ponyv\u00e1ker\u0151teljes \u00e9s hat\u00e9kony hegeszt\u00e9s\u00e9t. A k\u00e9sz\u00fcl\u00e9k az aut\u00f3iparban is haszn\u00e1lhat\u00f3 a kiegyenl\u00edt\u0151anyag kisz\u00e1r\u00edt\u00e1s\u00e1ra \u00e9s a m\u0171anyag alkatr\u00e9szek aktiv\u00e1l\u00e1s\u00e1ra. A 3000 W 230 V-os f\u0171t\u00e9si teljes\u00edtm\u00e9ny fokozatmentesen \u00e1ll\u00edthat\u00f3 szobah\u0151m\u00e9rs\u00e9klett\u0151l 700 \u00b0C-ig. A k\u00e9sz\u00fcl\u00e9k \u00faj \u00e9s nagyon megb\u00edzhat\u00f3 h\u0151m\u00e9rs\u00e9klet-elektronik\u00e1val rendelkezik, \u00e9s a [&hellip;]<\/p>\n","protected":false},"author":2,"featured_media":0,"parent":0,"menu_order":0,"comment_status":"closed","ping_status":"closed","template":"elementor_header_footer","meta":{"iawp_total_views":123,"footnotes":""},"class_list":["post-9752","page","type-page","status-publish","hentry"],"yoast_head":"<!-- This site is optimized with the Yoast SEO Premium plugin v27.3 (Yoast SEO v27.4) - https:\/\/yoast.com\/product\/yoast-seo-premium-wordpress\/ -->\n<title>Forr\u00f3 leveg\u0151 m\u0171anyag hegeszt\u0151 g\u00e9p F\u00f3lia m\u0171anyag feldolgoz\u00e1s<\/title>\n<meta name=\"description\" content=\"A Forsthoff HOT-AIR-S lehet\u0151v\u00e9 teszi a hullad\u00e9klerak\u00f3 b\u00e9l\u00e9sek, t\u00f3f\u00f3li\u00e1k \u00e9s neh\u00e9z ponyv\u00e1k er\u0151teljes \u00e9s hat\u00e9kony hegeszt\u00e9s\u00e9t.A k\u00e9sz\u00fcl\u00e9k az aut\u00f3iparban is haszn\u00e1lhat\u00f3 a t\u00f6lt\u0151anyag kisz\u00e1r\u00edt\u00e1s\u00e1ra \u00e9s a m\u0171anyag alkatr\u00e9szek aktiv\u00e1l\u00e1s\u00e1ra.A 3000 W 230 V-os f\u0171t\u0151teljes\u00edtm\u00e9ny fokozatmentesen \u00e1ll\u00edthat\u00f3 szobah\u0151m\u00e9rs\u00e9klett\u0151l 700 \u00b0C-ig.A k\u00e9sz\u00fcl\u00e9k \u00faj \u00e9s nagyon megb\u00edzhat\u00f3 h\u0151m\u00e9rs\u00e9klet-elektronik\u00e1val rendelkezik, \u00e9s a 40 mm sz\u00e9les r\u00e9sf\u00fav\u00f3k\u00e1val egy\u00fctt t\u00f6k\u00e9letes \u00e1tfed\u0151 hegeszt\u00e9sek lehets\u00e9gesek.\" \/>\n<meta name=\"robots\" content=\"index, follow, max-snippet:-1, max-image-preview:large, max-video-preview:-1\" \/>\n<link rel=\"canonical\" href=\"https:\/\/www.akuplastics.com\/hu\/forro-levego-muanyag-hegeszto-folia-muanyag-feldolgozas\/\" \/>\n<script type=\"application\/ld+json\" class=\"yoast-schema-graph\">{\"@context\":\"https:\\\/\\\/schema.org\",\"@graph\":[{\"@type\":\"WebPage\",\"@id\":\"https:\\\/\\\/www.akuplastics.com\\\/hu\\\/forro-levego-muanyag-hegeszto-folia-muanyag-feldolgozas\\\/\",\"url\":\"https:\\\/\\\/www.akuplastics.com\\\/hu\\\/forro-levego-muanyag-hegeszto-folia-muanyag-feldolgozas\\\/\",\"name\":\"Forr\u00f3 leveg\u0151 m\u0171anyag hegeszt\u0151 g\u00e9p F\u00f3lia m\u0171anyag feldolgoz\u00e1s\",\"isPartOf\":{\"@id\":\"https:\\\/\\\/www.akuplastics.com\\\/hu\\\/#website\"},\"primaryImageOfPage\":{\"@id\":\"https:\\\/\\\/www.akuplastics.com\\\/hu\\\/forro-levego-muanyag-hegeszto-folia-muanyag-feldolgozas\\\/#primaryimage\"},\"image\":{\"@id\":\"https:\\\/\\\/www.akuplastics.com\\\/hu\\\/forro-levego-muanyag-hegeszto-folia-muanyag-feldolgozas\\\/#primaryimage\"},\"thumbnailUrl\":\"https:\\\/\\\/www.akuplastics.com\\\/wp-content\\\/uploads\\\/2020\\\/07\\\/HotAir-S-2-300x209.jpg\",\"datePublished\":\"2021-06-20T10:47:14+00:00\",\"dateModified\":\"2024-02-05T07:32:44+00:00\",\"description\":\"A Forsthoff HOT-AIR-S lehet\u0151v\u00e9 teszi a hullad\u00e9klerak\u00f3 b\u00e9l\u00e9sek, t\u00f3f\u00f3li\u00e1k \u00e9s neh\u00e9z ponyv\u00e1k er\u0151teljes \u00e9s hat\u00e9kony hegeszt\u00e9s\u00e9t.A k\u00e9sz\u00fcl\u00e9k az aut\u00f3iparban is haszn\u00e1lhat\u00f3 a t\u00f6lt\u0151anyag kisz\u00e1r\u00edt\u00e1s\u00e1ra \u00e9s a m\u0171anyag alkatr\u00e9szek aktiv\u00e1l\u00e1s\u00e1ra.A 3000 W 230 V-os f\u0171t\u0151teljes\u00edtm\u00e9ny fokozatmentesen \u00e1ll\u00edthat\u00f3 szobah\u0151m\u00e9rs\u00e9klett\u0151l 700 \u00b0C-ig.A k\u00e9sz\u00fcl\u00e9k \u00faj \u00e9s nagyon megb\u00edzhat\u00f3 h\u0151m\u00e9rs\u00e9klet-elektronik\u00e1val rendelkezik, \u00e9s a 40 mm sz\u00e9les r\u00e9sf\u00fav\u00f3k\u00e1val egy\u00fctt t\u00f6k\u00e9letes \u00e1tfed\u0151 hegeszt\u00e9sek lehets\u00e9gesek.\",\"breadcrumb\":{\"@id\":\"https:\\\/\\\/www.akuplastics.com\\\/hu\\\/forro-levego-muanyag-hegeszto-folia-muanyag-feldolgozas\\\/#breadcrumb\"},\"inLanguage\":\"hu\",\"potentialAction\":[{\"@type\":\"ReadAction\",\"target\":[\"https:\\\/\\\/www.akuplastics.com\\\/hu\\\/forro-levego-muanyag-hegeszto-folia-muanyag-feldolgozas\\\/\"]}]},{\"@type\":\"ImageObject\",\"inLanguage\":\"hu\",\"@id\":\"https:\\\/\\\/www.akuplastics.com\\\/hu\\\/forro-levego-muanyag-hegeszto-folia-muanyag-feldolgozas\\\/#primaryimage\",\"url\":\"https:\\\/\\\/www.akuplastics.com\\\/wp-content\\\/uploads\\\/2020\\\/07\\\/HotAir-S-2-300x209.jpg\",\"contentUrl\":\"https:\\\/\\\/www.akuplastics.com\\\/wp-content\\\/uploads\\\/2020\\\/07\\\/HotAir-S-2-300x209.jpg\"},{\"@type\":\"BreadcrumbList\",\"@id\":\"https:\\\/\\\/www.akuplastics.com\\\/hu\\\/forro-levego-muanyag-hegeszto-folia-muanyag-feldolgozas\\\/#breadcrumb\",\"itemListElement\":[{\"@type\":\"ListItem\",\"position\":1,\"name\":\"Kezd\u0151lap\",\"item\":\"https:\\\/\\\/www.akuplastics.com\\\/hu\\\/\"},{\"@type\":\"ListItem\",\"position\":2,\"name\":\"Hot Air S\"}]},{\"@type\":\"WebSite\",\"@id\":\"https:\\\/\\\/www.akuplastics.com\\\/hu\\\/#website\",\"url\":\"https:\\\/\\\/www.akuplastics.com\\\/hu\\\/\",\"name\":\"Semi-Finished Products \u2013 Finished Parts \u2013 Ventilation Moulded Parts \u2013 Machines\",\"description\":\"Halbzeuge, Halbfabrikate, Kunststoffhalbzeuge, Kunststoffhalbfabrikate\",\"publisher\":{\"@id\":\"https:\\\/\\\/www.akuplastics.com\\\/hu\\\/#organization\"},\"alternateName\":\"AKUPLASTICS \u2013 Engineering in Plastics\",\"potentialAction\":[{\"@type\":\"SearchAction\",\"target\":{\"@type\":\"EntryPoint\",\"urlTemplate\":\"https:\\\/\\\/www.akuplastics.com\\\/hu\\\/?s={search_term_string}\"},\"query-input\":{\"@type\":\"PropertyValueSpecification\",\"valueRequired\":true,\"valueName\":\"search_term_string\"}}],\"inLanguage\":\"hu\"},{\"@type\":\"Organization\",\"@id\":\"https:\\\/\\\/www.akuplastics.com\\\/hu\\\/#organization\",\"name\":\"Ing. Christian Ahlborn e.U.\",\"alternateName\":\"AKU\",\"url\":\"https:\\\/\\\/www.akuplastics.com\\\/hu\\\/\",\"logo\":{\"@type\":\"ImageObject\",\"inLanguage\":\"hu\",\"@id\":\"https:\\\/\\\/www.akuplastics.com\\\/hu\\\/#\\\/schema\\\/logo\\\/image\\\/\",\"url\":\"https:\\\/\\\/www.akuplastics.com\\\/wp-content\\\/uploads\\\/2020\\\/07\\\/Grafik14-inkl-r.png\",\"contentUrl\":\"https:\\\/\\\/www.akuplastics.com\\\/wp-content\\\/uploads\\\/2020\\\/07\\\/Grafik14-inkl-r.png\",\"width\":1994,\"height\":743,\"caption\":\"Ing. Christian Ahlborn e.U.\"},\"image\":{\"@id\":\"https:\\\/\\\/www.akuplastics.com\\\/hu\\\/#\\\/schema\\\/logo\\\/image\\\/\"}}]}<\/script>\n<!-- \/ Yoast SEO Premium plugin. -->","yoast_head_json":{"title":"Forr\u00f3 leveg\u0151 m\u0171anyag hegeszt\u0151 g\u00e9p F\u00f3lia m\u0171anyag feldolgoz\u00e1s","description":"A Forsthoff HOT-AIR-S lehet\u0151v\u00e9 teszi a hullad\u00e9klerak\u00f3 b\u00e9l\u00e9sek, t\u00f3f\u00f3li\u00e1k \u00e9s neh\u00e9z ponyv\u00e1k er\u0151teljes \u00e9s hat\u00e9kony hegeszt\u00e9s\u00e9t.A k\u00e9sz\u00fcl\u00e9k az aut\u00f3iparban is haszn\u00e1lhat\u00f3 a t\u00f6lt\u0151anyag kisz\u00e1r\u00edt\u00e1s\u00e1ra \u00e9s a m\u0171anyag alkatr\u00e9szek aktiv\u00e1l\u00e1s\u00e1ra.A 3000 W 230 V-os f\u0171t\u0151teljes\u00edtm\u00e9ny fokozatmentesen \u00e1ll\u00edthat\u00f3 szobah\u0151m\u00e9rs\u00e9klett\u0151l 700 \u00b0C-ig.A k\u00e9sz\u00fcl\u00e9k \u00faj \u00e9s nagyon megb\u00edzhat\u00f3 h\u0151m\u00e9rs\u00e9klet-elektronik\u00e1val rendelkezik, \u00e9s a 40 mm sz\u00e9les r\u00e9sf\u00fav\u00f3k\u00e1val egy\u00fctt t\u00f6k\u00e9letes \u00e1tfed\u0151 hegeszt\u00e9sek lehets\u00e9gesek.","robots":{"index":"index","follow":"follow","max-snippet":"max-snippet:-1","max-image-preview":"max-image-preview:large","max-video-preview":"max-video-preview:-1"},"canonical":"https:\/\/www.akuplastics.com\/hu\/forro-levego-muanyag-hegeszto-folia-muanyag-feldolgozas\/","schema":{"@context":"https:\/\/schema.org","@graph":[{"@type":"WebPage","@id":"https:\/\/www.akuplastics.com\/hu\/forro-levego-muanyag-hegeszto-folia-muanyag-feldolgozas\/","url":"https:\/\/www.akuplastics.com\/hu\/forro-levego-muanyag-hegeszto-folia-muanyag-feldolgozas\/","name":"Forr\u00f3 leveg\u0151 m\u0171anyag hegeszt\u0151 g\u00e9p F\u00f3lia m\u0171anyag feldolgoz\u00e1s","isPartOf":{"@id":"https:\/\/www.akuplastics.com\/hu\/#website"},"primaryImageOfPage":{"@id":"https:\/\/www.akuplastics.com\/hu\/forro-levego-muanyag-hegeszto-folia-muanyag-feldolgozas\/#primaryimage"},"image":{"@id":"https:\/\/www.akuplastics.com\/hu\/forro-levego-muanyag-hegeszto-folia-muanyag-feldolgozas\/#primaryimage"},"thumbnailUrl":"https:\/\/www.akuplastics.com\/wp-content\/uploads\/2020\/07\/HotAir-S-2-300x209.jpg","datePublished":"2021-06-20T10:47:14+00:00","dateModified":"2024-02-05T07:32:44+00:00","description":"A Forsthoff HOT-AIR-S lehet\u0151v\u00e9 teszi a hullad\u00e9klerak\u00f3 b\u00e9l\u00e9sek, t\u00f3f\u00f3li\u00e1k \u00e9s neh\u00e9z ponyv\u00e1k er\u0151teljes \u00e9s hat\u00e9kony hegeszt\u00e9s\u00e9t.A k\u00e9sz\u00fcl\u00e9k az aut\u00f3iparban is haszn\u00e1lhat\u00f3 a t\u00f6lt\u0151anyag kisz\u00e1r\u00edt\u00e1s\u00e1ra \u00e9s a m\u0171anyag alkatr\u00e9szek aktiv\u00e1l\u00e1s\u00e1ra.A 3000 W 230 V-os f\u0171t\u0151teljes\u00edtm\u00e9ny fokozatmentesen \u00e1ll\u00edthat\u00f3 szobah\u0151m\u00e9rs\u00e9klett\u0151l 700 \u00b0C-ig.A k\u00e9sz\u00fcl\u00e9k \u00faj \u00e9s nagyon megb\u00edzhat\u00f3 h\u0151m\u00e9rs\u00e9klet-elektronik\u00e1val rendelkezik, \u00e9s a 40 mm sz\u00e9les r\u00e9sf\u00fav\u00f3k\u00e1val egy\u00fctt t\u00f6k\u00e9letes \u00e1tfed\u0151 hegeszt\u00e9sek lehets\u00e9gesek.","breadcrumb":{"@id":"https:\/\/www.akuplastics.com\/hu\/forro-levego-muanyag-hegeszto-folia-muanyag-feldolgozas\/#breadcrumb"},"inLanguage":"hu","potentialAction":[{"@type":"ReadAction","target":["https:\/\/www.akuplastics.com\/hu\/forro-levego-muanyag-hegeszto-folia-muanyag-feldolgozas\/"]}]},{"@type":"ImageObject","inLanguage":"hu","@id":"https:\/\/www.akuplastics.com\/hu\/forro-levego-muanyag-hegeszto-folia-muanyag-feldolgozas\/#primaryimage","url":"https:\/\/www.akuplastics.com\/wp-content\/uploads\/2020\/07\/HotAir-S-2-300x209.jpg","contentUrl":"https:\/\/www.akuplastics.com\/wp-content\/uploads\/2020\/07\/HotAir-S-2-300x209.jpg"},{"@type":"BreadcrumbList","@id":"https:\/\/www.akuplastics.com\/hu\/forro-levego-muanyag-hegeszto-folia-muanyag-feldolgozas\/#breadcrumb","itemListElement":[{"@type":"ListItem","position":1,"name":"Kezd\u0151lap","item":"https:\/\/www.akuplastics.com\/hu\/"},{"@type":"ListItem","position":2,"name":"Hot Air S"}]},{"@type":"WebSite","@id":"https:\/\/www.akuplastics.com\/hu\/#website","url":"https:\/\/www.akuplastics.com\/hu\/","name":"Semi-Finished Products \u2013 Finished Parts \u2013 Ventilation Moulded Parts \u2013 Machines","description":"Halbzeuge, Halbfabrikate, Kunststoffhalbzeuge, Kunststoffhalbfabrikate","publisher":{"@id":"https:\/\/www.akuplastics.com\/hu\/#organization"},"alternateName":"AKUPLASTICS \u2013 Engineering in Plastics","potentialAction":[{"@type":"SearchAction","target":{"@type":"EntryPoint","urlTemplate":"https:\/\/www.akuplastics.com\/hu\/?s={search_term_string}"},"query-input":{"@type":"PropertyValueSpecification","valueRequired":true,"valueName":"search_term_string"}}],"inLanguage":"hu"},{"@type":"Organization","@id":"https:\/\/www.akuplastics.com\/hu\/#organization","name":"Ing. Christian Ahlborn e.U.","alternateName":"AKU","url":"https:\/\/www.akuplastics.com\/hu\/","logo":{"@type":"ImageObject","inLanguage":"hu","@id":"https:\/\/www.akuplastics.com\/hu\/#\/schema\/logo\/image\/","url":"https:\/\/www.akuplastics.com\/wp-content\/uploads\/2020\/07\/Grafik14-inkl-r.png","contentUrl":"https:\/\/www.akuplastics.com\/wp-content\/uploads\/2020\/07\/Grafik14-inkl-r.png","width":1994,"height":743,"caption":"Ing. Christian Ahlborn e.U."},"image":{"@id":"https:\/\/www.akuplastics.com\/hu\/#\/schema\/logo\/image\/"}}]}},"_links":{"self":[{"href":"https:\/\/www.akuplastics.com\/hu\/wp-json\/wp\/v2\/pages\/9752","targetHints":{"allow":["GET"]}}],"collection":[{"href":"https:\/\/www.akuplastics.com\/hu\/wp-json\/wp\/v2\/pages"}],"about":[{"href":"https:\/\/www.akuplastics.com\/hu\/wp-json\/wp\/v2\/types\/page"}],"author":[{"embeddable":true,"href":"https:\/\/www.akuplastics.com\/hu\/wp-json\/wp\/v2\/users\/2"}],"replies":[{"embeddable":true,"href":"https:\/\/www.akuplastics.com\/hu\/wp-json\/wp\/v2\/comments?post=9752"}],"version-history":[{"count":10,"href":"https:\/\/www.akuplastics.com\/hu\/wp-json\/wp\/v2\/pages\/9752\/revisions"}],"predecessor-version":[{"id":15855,"href":"https:\/\/www.akuplastics.com\/hu\/wp-json\/wp\/v2\/pages\/9752\/revisions\/15855"}],"wp:attachment":[{"href":"https:\/\/www.akuplastics.com\/hu\/wp-json\/wp\/v2\/media?parent=9752"}],"curies":[{"name":"wp","href":"https:\/\/api.w.org\/{rel}","templated":true}]}}