{"id":9626,"date":"2021-06-20T14:13:38","date_gmt":"2021-06-20T12:13:38","guid":{"rendered":"https:\/\/www.akuplastics.com\/forplast-f\/"},"modified":"2024-02-01T11:14:12","modified_gmt":"2024-02-01T10:14:12","slug":"forplast-f-automata-hegesztogep-padloburkolatokhoz","status":"publish","type":"page","link":"https:\/\/www.akuplastics.com\/hu\/forplast-f-automata-hegesztogep-padloburkolatokhoz\/","title":{"rendered":"Forplast F"},"content":{"rendered":"\t\t<div data-elementor-type=\"wp-page\" data-elementor-id=\"9626\" class=\"elementor elementor-9626 elementor-4374\" data-elementor-post-type=\"page\">\n\t\t\t\t\t\t<section class=\"elementor-section elementor-top-section elementor-element elementor-element-4d60dda elementor-section-boxed elementor-section-height-default elementor-section-height-default\" data-id=\"4d60dda\" data-element_type=\"section\" data-e-type=\"section\">\n\t\t\t\t\t\t<div class=\"elementor-container elementor-column-gap-default\">\n\t\t\t\t\t<div class=\"elementor-column elementor-col-100 elementor-top-column elementor-element elementor-element-3aef583\" data-id=\"3aef583\" data-element_type=\"column\" data-e-type=\"column\">\n\t\t\t<div class=\"elementor-widget-wrap elementor-element-populated\">\n\t\t\t\t\t\t<div class=\"elementor-element elementor-element-9b35d9d elementor-widget elementor-widget-text-editor\" data-id=\"9b35d9d\" data-element_type=\"widget\" data-e-type=\"widget\" data-widget_type=\"text-editor.default\">\n\t\t\t\t<div class=\"elementor-widget-container\">\n\t\t\t\t\t\t\t\t\t<h1>Forr\u00f3leveg\u0151s hegeszt\u0151g\u00e9p padl\u00f3burkolatokhoz<\/h1>\n\t\t\t\t\t\t\t\t<\/div>\n\t\t\t\t<\/div>\n\t\t\t\t<section class=\"elementor-section elementor-inner-section elementor-element elementor-element-cd63f2d elementor-section-boxed elementor-section-height-default elementor-section-height-default\" data-id=\"cd63f2d\" data-element_type=\"section\" data-e-type=\"section\">\n\t\t\t\t\t\t<div class=\"elementor-container elementor-column-gap-default\">\n\t\t\t\t\t<div class=\"elementor-column elementor-col-50 elementor-inner-column elementor-element elementor-element-408abc2\" data-id=\"408abc2\" data-element_type=\"column\" data-e-type=\"column\">\n\t\t\t<div class=\"elementor-widget-wrap elementor-element-populated\">\n\t\t\t\t\t\t<div class=\"elementor-element elementor-element-c26f71e elementor-widget elementor-widget-text-editor\" data-id=\"c26f71e\" data-element_type=\"widget\" data-e-type=\"widget\" data-widget_type=\"text-editor.default\">\n\t\t\t\t<div class=\"elementor-widget-container\">\n\t\t\t\t\t\t\t\t\t<p><span style=\"color: var( --e-global-color-text ); font-family: var( --e-global-typography-text-font-family ), arial; font-size: var( --e-global-typography-text-font-size ); font-weight: var( --e-global-typography-text-font-weight );\">A <\/span><span style=\"color: var( --e-global-color-text ); font-family: var( --e-global-typography-text-font-family ), arial; font-size: var( --e-global-typography-text-font-size );\"><br \/>\n  <b>FORPLAST-F automata hegeszt\u0151g\u00e9p <\/b><br \/>\n<\/span><span style=\"color: var( --e-global-color-text ); font-family: var( --e-global-typography-text-font-family ), arial; font-size: var( --e-global-typography-text-font-size ); font-weight: var( --e-global-typography-text-font-weight );\">k\u00e9pes hegeszteni mind a <\/span><span style=\"color: var( --e-global-color-text ); font-family: var( --e-global-typography-text-font-family ), arial; font-size: var( --e-global-typography-text-font-size );\"><br \/>\n  <b>PVC<\/b><br \/>\n<\/span><span style=\"color: var( --e-global-color-text ); font-family: var( --e-global-typography-text-font-family ), arial; font-size: var( --e-global-typography-text-font-size ); font-weight: var( --e-global-typography-text-font-weight );\">&#8211;<\/span><b style=\"color: var( --e-global-color-text ); font-family: var( --e-global-typography-text-font-family ), arial; font-size: var( --e-global-typography-text-font-size );\">padl\u00f3burkolatok hegeszthet\u0151k<\/b><span style=\"color: var( --e-global-color-text ); font-family: var( --e-global-typography-text-font-family ), arial; font-size: var( --e-global-typography-text-font-size ); font-weight: var( --e-global-typography-text-font-weight );\">valamint lin\u00f3leum padl\u00f3burkolatok f\u00fazi\u00f3s hegeszt\u00e9s\u00e9t \u00e9s t\u00f6m\u00edt\u00e9s\u00e9t.<br \/><\/span><\/p>\n<p>A 4000 W-os, 230 V-os v\u00e1lt\u00f3\u00e1ram\u00fa <b>f\u0171t\u0151teljes\u00edtm\u00e9ny <\/b>elektronikusan 20 \u00e9s 700 \u00b0C k\u00f6z\u00f6tt \u00e1ll\u00edthat\u00f3.  <br \/>A k\u00e9sz\u00fcl\u00e9k <b>fokozatmentesen \u00e1ll\u00edthat\u00f3 sebess\u00e9ggel<\/b> is rendelkezik 0 \u00e9s 19 m\u00e9ter\/perc k\u00f6z\u00f6tt. \u00e9s ez\u00e9rt az egyes anyagt\u00edpusokhoz igaz\u00edthat\u00f3.<\/p>\n<p>A nyom\u00f3g\u00f6rg\u0151 \u00e9s a huzalvezet\u0151 magas h\u0151m\u00e9rs\u00e9kletnek ellen\u00e1ll\u00f3 bevonata biztos\u00edtja a <b>hegeszt\u0151huzal tiszta leteker\u00e9s\u00e9t<\/b>.  <\/p>\n<p>Az univerz\u00e1lis kitekercsel\u0151 k\u00e9sz\u00fcl\u00e9k minden szabv\u00e1nyos huzaltekercshez alkalmas.<\/p>\n<p>A k\u00e9sz\u00fcl\u00e9k teljesen <b>felszerelt, hegeszt\u00e9sre k\u00e9sz<\/b>, \u00e9s <b>automatikus fali kikapcsol\u00e1si<\/b> funkci\u00f3val is rendelkezik.<\/p>\n<p>A hegeszt\u0151fej beford\u00edt\u00e1sa ut\u00e1n a g\u00e9p automatikusan elindul.  <br \/>A biztons\u00e1gos fut\u00e1st a g\u00e9ph\u00e1z <b>h\u00e1rompontos al\u00e1t\u00e1maszt\u00e1sa<\/b> biztos\u00edtja.<\/p>\n\t\t\t\t\t\t\t\t<\/div>\n\t\t\t\t<\/div>\n\t\t\t\t<div class=\"elementor-element elementor-element-ddb8ee1 elementor-widget elementor-widget-text-editor\" data-id=\"ddb8ee1\" data-element_type=\"widget\" data-e-type=\"widget\" data-widget_type=\"text-editor.default\">\n\t\t\t\t<div class=\"elementor-widget-container\">\n\t\t\t\t\t\t\t\t\t<div>\n<div>\n<div>\n<div>\n<div data-testid=\"conversation-turn-121\">\n<div>\n<div>\n<div>\n<div>\n<div>\n<div data-message-author-role=\"assistant\" data-message-id=\"b07f2e4e-0f65-439d-88f8-17c859dea8bb\">\n<div>\n<p><b>\u00c1ltal\u00e1nos inform\u00e1ci\u00f3k a forr\u00f3leveg\u0151s hegeszt\u0151g\u00e9pekr\u0151l:<br \/><\/b><br \/>A forr\u00f3leveg\u0151s hegeszt\u0151g\u00e9p olyan <b>automatiz\u00e1lt hegeszt\u0151g\u00e9p<\/b>, amely forr\u00f3leveg\u0151s hegeszt\u00e9si technol\u00f3gi\u00e1t haszn\u00e1l a k\u00fcl\u00f6nb\u00f6z\u0151 anyagok \u00f6sszekapcsol\u00e1s\u00e1ra.<\/p>\n<p>Ezek a g\u00e9pek k\u00fcl\u00f6n\u00f6sen <b>elterjedtek a m\u0171anyag-feldolgoz\u00f3 iparban<\/b>, mivel <b>prec\u00edz \u00e9s hat\u00e9kony m\u00f3dszert<\/b> k\u00edn\u00e1lnak a <b>m\u0171anyagok hegeszt\u00e9s\u00e9re<\/b>.<\/p>\n<p><strong>Funkcionalit\u00e1s:<\/p>\n<p><\/strong><\/p>\n<ul>\n<li>A forr\u00f3leveg\u0151s hegeszt\u0151g\u00e9p a <b>forr\u00f3leveg\u0151s hegeszt\u00e9si technol\u00f3gi\u00e1n<\/b> alapul, amelyben az anyagok meleg\u00edt\u00e9s\u00e9vel \u00e9s megolvaszt\u00e1s\u00e1val tart\u00f3s k\u00f6t\u00e9s j\u00f6n l\u00e9tre.<\/li>\n<li>A forr\u00f3leveg\u0151-f\u00fav\u00f3 <b>szab\u00e1lyozott l\u00e9g\u00e1ramot<\/b> hoz l\u00e9tre, amelyet egy f\u0171t\u0151elemen kereszt\u00fcl vezet.<\/li>\n<li>A <b>felhev\u00edtett leveg\u0151t<\/b> ezut\u00e1n a hegesztend\u0151 anyagra ir\u00e1ny\u00edtj\u00e1k, hogy azt <b>olvad\u00e1si h\u0151m\u00e9rs\u00e9kletre <\/b>hozz\u00e1k.<\/li>\n<li>Az <b>anyagokat<\/b> ezut\u00e1n <b>\u00f6sszepr\u00e9selik \u00e9s \u00f6sszeolvasztj\u00e1k<\/b>, hogy szil\u00e1rd k\u00f6t\u00e9st hozzanak l\u00e9tre.\n<\/li>\n<\/ul>\n<p><strong>A forr\u00f3leveg\u0151s hegeszt\u0151g\u00e9p jellemz\u0151i:<\/p>\n<p><\/strong><\/p>\n<ul>\n<li><strong style=\"background-color: transparent; color: var( --e-global-color-text ); font-family: var( --e-global-typography-text-font-family ), arial;\">H\u0151m\u00e9rs\u00e9klet-szab\u00e1lyoz\u00e1s:<\/strong><span style=\"background-color: transparent; color: var( --e-global-color-text ); font-family: var( --e-global-typography-text-font-family ), arial; font-weight: var( --e-global-typography-text-font-weight );\"><br \/>\n  <span style=\"background-color: transparent; color: var( --e-global-color-text ); font-family: var( --e-global-typography-text-font-family ), arial; font-weight: var( --e-global-typography-text-font-weight );\"> <br \/>A modern forr\u00f3leveg\u0151s hegeszt\u0151g\u00e9pek pontos h\u0151m\u00e9rs\u00e9klet-szab\u00e1lyoz\u00e1ssal rendelkeznek a k\u00fcl\u00f6nb\u00f6z\u0151 anyagok optim\u00e1lis hegeszt\u00e9si h\u0151m\u00e9rs\u00e9klet\u00e9nek biztos\u00edt\u00e1sa \u00e9rdek\u00e9ben.<\/span><br \/>\n<\/span><\/p>\n<\/li>\n<\/ul>\n<ul>\n<li>\n<p><strong>Leveg\u0151\u00e1raml\u00e1s-szab\u00e1lyoz\u00e1s:<\/strong> <br \/>A l\u00e9g\u00e1raml\u00e1s szab\u00e1lyoz\u00e1sa fontos annak biztos\u00edt\u00e1sa \u00e9rdek\u00e9ben, hogy a felmeleg\u00edtett leveg\u0151 egyenletesen ker\u00fclj\u00f6n a hegesztend\u0151 anyagokra.<\/p>\n<\/li>\n<li>\n<p><strong>Automatiz\u00e1l\u00e1s:<\/strong> <br \/>A forr\u00f3leveg\u0151s hegeszt\u0151g\u00e9p r\u00e9szben vagy teljesen automatiz\u00e1lhat\u00f3, ami lehet\u0151v\u00e9 teszi a megism\u00e9telhet\u0151 \u00e9s nagy pontoss\u00e1g\u00fa hegeszt\u00e9si folyamatokat.<\/p>\n<\/li>\n<li>\n<p><strong>Nyom\u00e1sszab\u00e1lyoz\u00e1s:<\/strong> <br \/>A hegeszt\u00e9si nyom\u00e1s be\u00e1ll\u00edt\u00e1s\u00e1nak \u00e9s szab\u00e1lyoz\u00e1s\u00e1nak k\u00e9pess\u00e9ge biztos\u00edtja az anyagok egyenletes olvad\u00e1s\u00e1t.<\/p>\n<\/li>\n<li>\n<p><strong>Anyag testreszab\u00e1sa:<\/strong> <br \/>A g\u00e9pnek alkalmazkodnia kell a k\u00fcl\u00f6nb\u00f6z\u0151 anyagokhoz \u00e9s anyagvastags\u00e1gokhoz, hogy az alkalmaz\u00e1sok sz\u00e9les sk\u00e1l\u00e1j\u00e1t tegye lehet\u0151v\u00e9.<\/p>\n<\/li>\n<li>\n<p><strong>Biztons\u00e1gi jellemz\u0151k:<\/strong> <br \/>A melegleveg\u0151s hegeszt\u0151g\u00e9pek biztons\u00e1gi funkci\u00f3kkal, p\u00e9ld\u00e1ul v\u00e9szle\u00e1ll\u00edt\u00f3 kapcsol\u00f3val \u00e9s t\u00falmeleged\u00e9s elleni v\u00e9delemmel is felszerelhet\u0151k a biztons\u00e1gos m\u0171k\u00f6d\u00e9s \u00e9rdek\u00e9ben.<\/p>\n<\/li>\n<\/ul>\n<p><strong>A forr\u00f3leveg\u0151s hegeszt\u0151g\u00e9p alkalmaz\u00e1sai:<\/p>\n<p><\/strong><\/p>\n<ul>\n<li>\n<p><strong>M\u0171anyag-feldolgoz\u00e1s:<\/strong> <br \/>A m\u0171anyagiparban a forr\u00f3leveg\u0151s hegeszt\u0151g\u00e9peket gyakran haszn\u00e1lj\u00e1k m\u0171anyag alkatr\u00e9szek hegeszt\u00e9s\u00e9re, ak\u00e1r tart\u00e1lyok, cs\u00f6vek, csomagol\u00f3anyagok vagy m\u00e1s m\u0171anyag term\u00e9kek gy\u00e1rt\u00e1sa sor\u00e1n.<\/p>\n<\/li>\n<li>\n<p><strong>textilipar:<\/strong> <br \/>A forr\u00f3leveg\u0151s hegeszt\u0151g\u00e9peket textilterm\u00e9kek gy\u00e1rt\u00e1s\u00e1n\u00e1l haszn\u00e1lj\u00e1k, ahol sz\u00f6vetdarabokat tudnak \u00f6sszehegeszteni.<\/p>\n<\/li>\n<li>\n<p><strong>Aut\u00f3ipar:<\/strong> <br \/>A forr\u00f3leveg\u0151s hegeszt\u0151g\u00e9pek a j\u00e1rm\u0171gy\u00e1rt\u00e1sban haszn\u00e1lt m\u0171anyag alkatr\u00e9szek, p\u00e9ld\u00e1ul m\u0171szerfalak vagy bels\u0151 burkolatok gy\u00e1rt\u00e1s\u00e1ra haszn\u00e1lhat\u00f3k.<\/p>\n<\/li>\n<li>\n<p><strong>\u00e9p\u00edt\u0151ipar:<\/strong> <br \/>A forr\u00f3leveg\u0151s hegeszt\u0151g\u00e9pek felhaszn\u00e1lhat\u00f3k m\u0171anyag f\u00f3li\u00e1k, burkolatok vagy membr\u00e1nok gy\u00e1rt\u00e1s\u00e1ra \u00e9p\u00edt\u00e9si projektekhez.<\/p>\n<\/li>\n<li>\n<p><strong>Orvosi alkalmaz\u00e1sok:<\/strong> <br \/>Az orvostechnik\u00e1ban a forr\u00f3leveg\u0151s hegeszt\u0151g\u00e9peket orvosi eszk\u00f6z\u00f6k \u00e9s csomagol\u00e1sok gy\u00e1rt\u00e1s\u00e1ra haszn\u00e1lj\u00e1k.<\/p>\n<\/li>\n<\/ul>\n<p>A forr\u00f3leveg\u0151s hegeszt\u0151g\u00e9pek <b>hat\u00e9kony \u00e9s pontos m\u00f3dszert<\/b> k\u00edn\u00e1lnak <b>az anyagok<\/b>, k\u00fcl\u00f6n\u00f6sen a <b>m\u0171anyagok<\/b> <b>hegeszt\u00e9s\u00e9re<\/b>, \u00e9s sz\u00e9les k\u00f6rben haszn\u00e1lj\u00e1k \u0151ket a k\u00fcl\u00f6nb\u00f6z\u0151 ipar\u00e1gakban.<\/p>\n<\/div>\n<\/div>\n<\/div>\n<div>\n<div>\n<div> <\/div>\n<div> <\/div>\n<\/div>\n<\/div>\n<\/div>\n<\/div>\n<\/div>\n<\/div>\n<\/div>\n<\/div>\n<\/div>\n<\/div>\n<\/div>\n<div>\n<form>\n<div>\n<div> <\/div>\n<\/div>\n<\/form>\n<\/div>\n\t\t\t\t\t\t\t\t<\/div>\n\t\t\t\t<\/div>\n\t\t\t\t\t<\/div>\n\t\t<\/div>\n\t\t\t\t<div class=\"elementor-column elementor-col-50 elementor-inner-column elementor-element elementor-element-af91c44\" data-id=\"af91c44\" data-element_type=\"column\" data-e-type=\"column\">\n\t\t\t<div class=\"elementor-widget-wrap elementor-element-populated\">\n\t\t\t\t\t\t<div class=\"elementor-element elementor-element-e5837ab elementor-invisible elementor-widget elementor-widget-image\" data-id=\"e5837ab\" data-element_type=\"widget\" data-e-type=\"widget\" data-settings=\"{&quot;_animation&quot;:&quot;fadeInDown&quot;}\" data-widget_type=\"image.default\">\n\t\t\t\t<div class=\"elementor-widget-container\">\n\t\t\t\t\t\t\t\t\t\t\t\t<figure class=\"wp-caption\">\n\t\t\t\t\t\t\t\t\t\t<img loading=\"lazy\" decoding=\"async\" width=\"240\" height=\"205\" src=\"https:\/\/www.akuplastics.com\/wp-content\/uploads\/2021\/06\/Forplast-F-Fussboden.jpg\" class=\"attachment-medium size-medium wp-image-13067\" alt=\"Forplast-F Hei\u00dfluft Schwei\u00dfautomaten Bodenbelag\" \/>\t\t\t\t\t\t\t\t\t\t\t<figcaption class=\"widget-image-caption wp-caption-text\">Forr\u00f3leveg\u0151s hegeszt\u0151g\u00e9p padl\u00f3burkolatokhoz Forplast-F<\/figcaption>\n\t\t\t\t\t\t\t\t\t\t<\/figure>\n\t\t\t\t\t\t\t\t\t<\/div>\n\t\t\t\t<\/div>\n\t\t\t\t<div class=\"elementor-element elementor-element-50a9eef elementor-invisible elementor-widget elementor-widget-image\" data-id=\"50a9eef\" data-element_type=\"widget\" data-e-type=\"widget\" data-settings=\"{&quot;_animation&quot;:&quot;fadeInUp&quot;}\" data-widget_type=\"image.default\">\n\t\t\t\t<div class=\"elementor-widget-container\">\n\t\t\t\t\t\t\t\t\t\t\t\t<figure class=\"wp-caption\">\n\t\t\t\t\t\t\t\t\t\t<img loading=\"lazy\" decoding=\"async\" width=\"201\" height=\"300\" src=\"https:\/\/www.akuplastics.com\/wp-content\/uploads\/2021\/06\/Forplast-F-Drahteinzug-046-201x300.jpg\" class=\"attachment-medium size-medium wp-image-13064\" alt=\"Hei\u00dfluft Schwei\u00dfautomat f\u00fcr Bodenbel\u00e4ge Forplast-F\" srcset=\"https:\/\/www.akuplastics.com\/wp-content\/uploads\/2021\/06\/Forplast-F-Drahteinzug-046-201x300.jpg 201w, https:\/\/www.akuplastics.com\/wp-content\/uploads\/2021\/06\/Forplast-F-Drahteinzug-046.jpg 622w\" sizes=\"auto, (max-width: 201px) 100vw, 201px\" \/>\t\t\t\t\t\t\t\t\t\t\t<figcaption class=\"widget-image-caption wp-caption-text\">Forr\u00f3leveg\u0151s hegeszt\u0151g\u00e9p padl\u00f3burkolatokhoz Forplast-F huzaladagol\u00f3  <\/figcaption>\n\t\t\t\t\t\t\t\t\t\t<\/figure>\n\t\t\t\t\t\t\t\t\t<\/div>\n\t\t\t\t<\/div>\n\t\t\t\t\t<\/div>\n\t\t<\/div>\n\t\t\t\t\t<\/div>\n\t\t<\/section>\n\t\t\t\t\t<\/div>\n\t\t<\/div>\n\t\t\t\t\t<\/div>\n\t\t<\/section>\n\t\t\t\t<\/div>\n\t\t","protected":false},"excerpt":{"rendered":"<p>Forr\u00f3leveg\u0151s hegeszt\u0151g\u00e9p padl\u00f3burkolatokhoz A FORPLAST-F automata hegeszt\u0151g\u00e9p k\u00e9pes hegeszteni mind a PVC &#8211;padl\u00f3burkolatok hegeszthet\u0151kvalamint lin\u00f3leum padl\u00f3burkolatok f\u00fazi\u00f3s hegeszt\u00e9s\u00e9t \u00e9s t\u00f6m\u00edt\u00e9s\u00e9t. A 4000 W-os, 230 V-os v\u00e1lt\u00f3\u00e1ram\u00fa f\u0171t\u0151teljes\u00edtm\u00e9ny elektronikusan 20 \u00e9s 700 \u00b0C k\u00f6z\u00f6tt \u00e1ll\u00edthat\u00f3. A k\u00e9sz\u00fcl\u00e9k fokozatmentesen \u00e1ll\u00edthat\u00f3 sebess\u00e9ggel is rendelkezik 0 \u00e9s 19 m\u00e9ter\/perc k\u00f6z\u00f6tt. \u00e9s ez\u00e9rt az egyes anyagt\u00edpusokhoz igaz\u00edthat\u00f3. A nyom\u00f3g\u00f6rg\u0151 \u00e9s [&hellip;]<\/p>\n","protected":false},"author":2,"featured_media":0,"parent":0,"menu_order":0,"comment_status":"closed","ping_status":"closed","template":"","meta":{"iawp_total_views":4,"footnotes":""},"class_list":["post-9626","page","type-page","status-publish","hentry"],"yoast_head":"<!-- This site is optimized with the Yoast SEO Premium plugin v27.4 (Yoast SEO v27.5) - https:\/\/yoast.com\/product\/yoast-seo-premium-wordpress\/ -->\n<title>FORPLAST-F automata hegeszt\u0151g\u00e9p padl\u00f3burkolatok forr\u00f3leveg\u0151s hegeszt\u00e9s\u00e9hez<\/title>\n<meta name=\"description\" content=\"A FORPLAST-F automata hegeszt\u0151g\u00e9p PVC padl\u00f3burkolatok hegeszt\u00e9s\u00e9re, valamint f\u00fazi\u00f3s hegeszt\u00e9sre \u00e9s t\u00f6m\u00edt\u00e9sre is haszn\u00e1lhat\u00f3.\" \/>\n<meta name=\"robots\" content=\"index, follow, max-snippet:-1, max-image-preview:large, max-video-preview:-1\" \/>\n<link rel=\"canonical\" href=\"https:\/\/www.akuplastics.com\/hu\/forplast-f-automata-hegesztogep-padloburkolatokhoz\/\" \/>\n<script type=\"application\/ld+json\" class=\"yoast-schema-graph\">{\"@context\":\"https:\\\/\\\/schema.org\",\"@graph\":[{\"@type\":\"WebPage\",\"@id\":\"https:\\\/\\\/www.akuplastics.com\\\/hu\\\/forplast-f-automata-hegesztogep-padloburkolatokhoz\\\/\",\"url\":\"https:\\\/\\\/www.akuplastics.com\\\/hu\\\/forplast-f-automata-hegesztogep-padloburkolatokhoz\\\/\",\"name\":\"FORPLAST-F automata hegeszt\u0151g\u00e9p padl\u00f3burkolatok forr\u00f3leveg\u0151s hegeszt\u00e9s\u00e9hez\",\"isPartOf\":{\"@id\":\"https:\\\/\\\/www.akuplastics.com\\\/hu\\\/#website\"},\"primaryImageOfPage\":{\"@id\":\"https:\\\/\\\/www.akuplastics.com\\\/hu\\\/forplast-f-automata-hegesztogep-padloburkolatokhoz\\\/#primaryimage\"},\"image\":{\"@id\":\"https:\\\/\\\/www.akuplastics.com\\\/hu\\\/forplast-f-automata-hegesztogep-padloburkolatokhoz\\\/#primaryimage\"},\"thumbnailUrl\":\"https:\\\/\\\/www.akuplastics.com\\\/wp-content\\\/uploads\\\/2021\\\/06\\\/Forplast-F-Fussboden.jpg\",\"datePublished\":\"2021-06-20T12:13:38+00:00\",\"dateModified\":\"2024-02-01T10:14:12+00:00\",\"description\":\"A FORPLAST-F automata hegeszt\u0151g\u00e9p PVC padl\u00f3burkolatok hegeszt\u00e9s\u00e9re, valamint f\u00fazi\u00f3s hegeszt\u00e9sre \u00e9s t\u00f6m\u00edt\u00e9sre is haszn\u00e1lhat\u00f3.\",\"breadcrumb\":{\"@id\":\"https:\\\/\\\/www.akuplastics.com\\\/hu\\\/forplast-f-automata-hegesztogep-padloburkolatokhoz\\\/#breadcrumb\"},\"inLanguage\":\"hu\",\"potentialAction\":[{\"@type\":\"ReadAction\",\"target\":[\"https:\\\/\\\/www.akuplastics.com\\\/hu\\\/forplast-f-automata-hegesztogep-padloburkolatokhoz\\\/\"]}]},{\"@type\":\"ImageObject\",\"inLanguage\":\"hu\",\"@id\":\"https:\\\/\\\/www.akuplastics.com\\\/hu\\\/forplast-f-automata-hegesztogep-padloburkolatokhoz\\\/#primaryimage\",\"url\":\"https:\\\/\\\/www.akuplastics.com\\\/wp-content\\\/uploads\\\/2021\\\/06\\\/Forplast-F-Fussboden.jpg\",\"contentUrl\":\"https:\\\/\\\/www.akuplastics.com\\\/wp-content\\\/uploads\\\/2021\\\/06\\\/Forplast-F-Fussboden.jpg\"},{\"@type\":\"BreadcrumbList\",\"@id\":\"https:\\\/\\\/www.akuplastics.com\\\/hu\\\/forplast-f-automata-hegesztogep-padloburkolatokhoz\\\/#breadcrumb\",\"itemListElement\":[{\"@type\":\"ListItem\",\"position\":1,\"name\":\"Kezd\u0151lap\",\"item\":\"https:\\\/\\\/www.akuplastics.com\\\/hu\\\/\"},{\"@type\":\"ListItem\",\"position\":2,\"name\":\"Forplast F\"}]},{\"@type\":\"WebSite\",\"@id\":\"https:\\\/\\\/www.akuplastics.com\\\/hu\\\/#website\",\"url\":\"https:\\\/\\\/www.akuplastics.com\\\/hu\\\/\",\"name\":\"Semi-Finished Products \u2013 Finished Parts \u2013 Ventilation Moulded Parts \u2013 Machines\",\"description\":\"Halbzeuge, Halbfabrikate, Kunststoffhalbzeuge, Kunststoffhalbfabrikate\",\"publisher\":{\"@id\":\"https:\\\/\\\/www.akuplastics.com\\\/hu\\\/#organization\"},\"alternateName\":\"AKUPLASTICS \u2013 Engineering in Plastics\",\"potentialAction\":[{\"@type\":\"SearchAction\",\"target\":{\"@type\":\"EntryPoint\",\"urlTemplate\":\"https:\\\/\\\/www.akuplastics.com\\\/hu\\\/?s={search_term_string}\"},\"query-input\":{\"@type\":\"PropertyValueSpecification\",\"valueRequired\":true,\"valueName\":\"search_term_string\"}}],\"inLanguage\":\"hu\"},{\"@type\":\"Organization\",\"@id\":\"https:\\\/\\\/www.akuplastics.com\\\/hu\\\/#organization\",\"name\":\"Ing. Christian Ahlborn e.U.\",\"alternateName\":\"AKU\",\"url\":\"https:\\\/\\\/www.akuplastics.com\\\/hu\\\/\",\"logo\":{\"@type\":\"ImageObject\",\"inLanguage\":\"hu\",\"@id\":\"https:\\\/\\\/www.akuplastics.com\\\/hu\\\/#\\\/schema\\\/logo\\\/image\\\/\",\"url\":\"https:\\\/\\\/www.akuplastics.com\\\/wp-content\\\/uploads\\\/2020\\\/07\\\/Grafik14-inkl-r.png\",\"contentUrl\":\"https:\\\/\\\/www.akuplastics.com\\\/wp-content\\\/uploads\\\/2020\\\/07\\\/Grafik14-inkl-r.png\",\"width\":1994,\"height\":743,\"caption\":\"Ing. Christian Ahlborn e.U.\"},\"image\":{\"@id\":\"https:\\\/\\\/www.akuplastics.com\\\/hu\\\/#\\\/schema\\\/logo\\\/image\\\/\"}}]}<\/script>\n<!-- \/ Yoast SEO Premium plugin. -->","yoast_head_json":{"title":"FORPLAST-F automata hegeszt\u0151g\u00e9p padl\u00f3burkolatok forr\u00f3leveg\u0151s hegeszt\u00e9s\u00e9hez","description":"A FORPLAST-F automata hegeszt\u0151g\u00e9p PVC padl\u00f3burkolatok hegeszt\u00e9s\u00e9re, valamint f\u00fazi\u00f3s hegeszt\u00e9sre \u00e9s t\u00f6m\u00edt\u00e9sre is haszn\u00e1lhat\u00f3.","robots":{"index":"index","follow":"follow","max-snippet":"max-snippet:-1","max-image-preview":"max-image-preview:large","max-video-preview":"max-video-preview:-1"},"canonical":"https:\/\/www.akuplastics.com\/hu\/forplast-f-automata-hegesztogep-padloburkolatokhoz\/","schema":{"@context":"https:\/\/schema.org","@graph":[{"@type":"WebPage","@id":"https:\/\/www.akuplastics.com\/hu\/forplast-f-automata-hegesztogep-padloburkolatokhoz\/","url":"https:\/\/www.akuplastics.com\/hu\/forplast-f-automata-hegesztogep-padloburkolatokhoz\/","name":"FORPLAST-F automata hegeszt\u0151g\u00e9p padl\u00f3burkolatok forr\u00f3leveg\u0151s hegeszt\u00e9s\u00e9hez","isPartOf":{"@id":"https:\/\/www.akuplastics.com\/hu\/#website"},"primaryImageOfPage":{"@id":"https:\/\/www.akuplastics.com\/hu\/forplast-f-automata-hegesztogep-padloburkolatokhoz\/#primaryimage"},"image":{"@id":"https:\/\/www.akuplastics.com\/hu\/forplast-f-automata-hegesztogep-padloburkolatokhoz\/#primaryimage"},"thumbnailUrl":"https:\/\/www.akuplastics.com\/wp-content\/uploads\/2021\/06\/Forplast-F-Fussboden.jpg","datePublished":"2021-06-20T12:13:38+00:00","dateModified":"2024-02-01T10:14:12+00:00","description":"A FORPLAST-F automata hegeszt\u0151g\u00e9p PVC padl\u00f3burkolatok hegeszt\u00e9s\u00e9re, valamint f\u00fazi\u00f3s hegeszt\u00e9sre \u00e9s t\u00f6m\u00edt\u00e9sre is haszn\u00e1lhat\u00f3.","breadcrumb":{"@id":"https:\/\/www.akuplastics.com\/hu\/forplast-f-automata-hegesztogep-padloburkolatokhoz\/#breadcrumb"},"inLanguage":"hu","potentialAction":[{"@type":"ReadAction","target":["https:\/\/www.akuplastics.com\/hu\/forplast-f-automata-hegesztogep-padloburkolatokhoz\/"]}]},{"@type":"ImageObject","inLanguage":"hu","@id":"https:\/\/www.akuplastics.com\/hu\/forplast-f-automata-hegesztogep-padloburkolatokhoz\/#primaryimage","url":"https:\/\/www.akuplastics.com\/wp-content\/uploads\/2021\/06\/Forplast-F-Fussboden.jpg","contentUrl":"https:\/\/www.akuplastics.com\/wp-content\/uploads\/2021\/06\/Forplast-F-Fussboden.jpg"},{"@type":"BreadcrumbList","@id":"https:\/\/www.akuplastics.com\/hu\/forplast-f-automata-hegesztogep-padloburkolatokhoz\/#breadcrumb","itemListElement":[{"@type":"ListItem","position":1,"name":"Kezd\u0151lap","item":"https:\/\/www.akuplastics.com\/hu\/"},{"@type":"ListItem","position":2,"name":"Forplast F"}]},{"@type":"WebSite","@id":"https:\/\/www.akuplastics.com\/hu\/#website","url":"https:\/\/www.akuplastics.com\/hu\/","name":"Semi-Finished Products \u2013 Finished Parts \u2013 Ventilation Moulded Parts \u2013 Machines","description":"Halbzeuge, Halbfabrikate, Kunststoffhalbzeuge, Kunststoffhalbfabrikate","publisher":{"@id":"https:\/\/www.akuplastics.com\/hu\/#organization"},"alternateName":"AKUPLASTICS \u2013 Engineering in Plastics","potentialAction":[{"@type":"SearchAction","target":{"@type":"EntryPoint","urlTemplate":"https:\/\/www.akuplastics.com\/hu\/?s={search_term_string}"},"query-input":{"@type":"PropertyValueSpecification","valueRequired":true,"valueName":"search_term_string"}}],"inLanguage":"hu"},{"@type":"Organization","@id":"https:\/\/www.akuplastics.com\/hu\/#organization","name":"Ing. Christian Ahlborn e.U.","alternateName":"AKU","url":"https:\/\/www.akuplastics.com\/hu\/","logo":{"@type":"ImageObject","inLanguage":"hu","@id":"https:\/\/www.akuplastics.com\/hu\/#\/schema\/logo\/image\/","url":"https:\/\/www.akuplastics.com\/wp-content\/uploads\/2020\/07\/Grafik14-inkl-r.png","contentUrl":"https:\/\/www.akuplastics.com\/wp-content\/uploads\/2020\/07\/Grafik14-inkl-r.png","width":1994,"height":743,"caption":"Ing. Christian Ahlborn e.U."},"image":{"@id":"https:\/\/www.akuplastics.com\/hu\/#\/schema\/logo\/image\/"}}]}},"_links":{"self":[{"href":"https:\/\/www.akuplastics.com\/hu\/wp-json\/wp\/v2\/pages\/9626","targetHints":{"allow":["GET"]}}],"collection":[{"href":"https:\/\/www.akuplastics.com\/hu\/wp-json\/wp\/v2\/pages"}],"about":[{"href":"https:\/\/www.akuplastics.com\/hu\/wp-json\/wp\/v2\/types\/page"}],"author":[{"embeddable":true,"href":"https:\/\/www.akuplastics.com\/hu\/wp-json\/wp\/v2\/users\/2"}],"replies":[{"embeddable":true,"href":"https:\/\/www.akuplastics.com\/hu\/wp-json\/wp\/v2\/comments?post=9626"}],"version-history":[{"count":10,"href":"https:\/\/www.akuplastics.com\/hu\/wp-json\/wp\/v2\/pages\/9626\/revisions"}],"predecessor-version":[{"id":15817,"href":"https:\/\/www.akuplastics.com\/hu\/wp-json\/wp\/v2\/pages\/9626\/revisions\/15817"}],"wp:attachment":[{"href":"https:\/\/www.akuplastics.com\/hu\/wp-json\/wp\/v2\/media?parent=9626"}],"curies":[{"name":"wp","href":"https:\/\/api.w.org\/{rel}","templated":true}]}}