{"id":9342,"date":"2021-02-16T15:14:33","date_gmt":"2021-02-16T14:14:33","guid":{"rendered":"https:\/\/www.akuplastics.com\/adatvedelem-gdpr\/"},"modified":"2025-07-15T18:28:12","modified_gmt":"2025-07-15T16:28:12","slug":"adatvedelem-gdpr","status":"publish","type":"page","link":"https:\/\/www.akuplastics.com\/hu\/adatvedelem-gdpr\/","title":{"rendered":"Adatv\u00e9delem GDPR"},"content":{"rendered":"\t\t<div data-elementor-type=\"wp-page\" data-elementor-id=\"9342\" class=\"elementor elementor-9342 elementor-1412\" data-elementor-post-type=\"page\">\n\t\t\t\t\t\t<section class=\"elementor-section elementor-top-section elementor-element elementor-element-4c3d25f elementor-section-full_width elementor-section-height-default elementor-section-height-default\" data-id=\"4c3d25f\" data-element_type=\"section\" data-e-type=\"section\" data-settings=\"{&quot;background_background&quot;:&quot;classic&quot;}\">\n\t\t\t\t\t\t<div class=\"elementor-container elementor-column-gap-default\">\n\t\t\t\t\t<div class=\"elementor-column elementor-col-100 elementor-top-column elementor-element elementor-element-696bdae0\" data-id=\"696bdae0\" data-element_type=\"column\" data-e-type=\"column\">\n\t\t\t<div class=\"elementor-widget-wrap elementor-element-populated\">\n\t\t\t\t\t\t<section class=\"elementor-section elementor-inner-section elementor-element elementor-element-5cc1d77e elementor-section-boxed elementor-section-height-default elementor-section-height-default\" data-id=\"5cc1d77e\" data-element_type=\"section\" data-e-type=\"section\">\n\t\t\t\t\t\t<div class=\"elementor-container elementor-column-gap-default\">\n\t\t\t\t\t<div class=\"elementor-column elementor-col-100 elementor-inner-column elementor-element elementor-element-23bc82dc\" data-id=\"23bc82dc\" data-element_type=\"column\" data-e-type=\"column\">\n\t\t\t<div class=\"elementor-widget-wrap elementor-element-populated\">\n\t\t\t\t\t\t<div class=\"elementor-element elementor-element-217e195 elementor-widget elementor-widget-text-editor\" data-id=\"217e195\" data-element_type=\"widget\" data-e-type=\"widget\" data-widget_type=\"text-editor.default\">\n\t\t\t\t<div class=\"elementor-widget-container\">\n\t\t\t\t\t\t\t\t\t<h1>HOZZ\u00c1J\u00c1RUL\u00c1S AZ ADATOK T\u00c1ROL\u00c1S\u00c1HOZ A K\u00d6VETKEZ\u0150K SZERINT. GDPR<\/h1>\n<p><strong>Ezennel<\/strong><b>kifejezetten felhatalmazom<\/b> <b>az Ahlborn Kunststoffe e.U<\/b><strong>.<\/strong>, FN 139830h, M\u00fcrfelndorf 10, AT-3650 P\u00f6ggstall, vagy a partnerc\u00e9g <b>AKU KG<\/b>, FN 641135x, Bergmillergasse 6\/32 1140 B\u00e9cs, hogy az adataimat elektronikus \u00faton feldolgozza vagy felhaszn\u00e1lja az adatv\u00e9delmi t\u00e1j\u00e9koztat\u00f3ban meghat\u00e1rozott c\u00e9lokra, az ott meghat\u00e1rozott felt\u00e9telek mellett.<\/p>\n<p><strong>Hozz\u00e1j\u00e1rulok k\u00fcl\u00f6n\u00f6sen ahhoz, hogy az Ahlborn Kunststoffe e.U. \u00e9s az AKU KG a j\u00f6v\u0151ben e-mailben, SMS-ben, faxon, telefonon vagy lev\u00e9lben t\u00e1j\u00e9koztasson a term\u00e9kekkel, szolg\u00e1ltat\u00e1sokkal \u00e9s v\u00e1llalatunkkal kapcsolatos h\u00edrekr\u0151l.<\/strong><\/p>\n<p><strong>&nbsp;<\/strong><\/p>\n<p><\/p>\n<p><b>Szem\u00e9lyes adataimat<\/b> a sz\u00e1mviteli k\u00f6telezetts\u00e9geknek megfelel\u0151en legfeljebb 7 \u00e9vig t\u00e1rolj\u00e1k. Ezen t\u00falmen\u0151en az adataimat a k\u00f6lcs\u00f6n\u00f6s \u00e9rdek alapj\u00e1n t\u00e1rolj\u00e1k mindaddig, am\u00edg ezzel szemben indokolt tiltakoz\u00e1somat nem teszem, vagy kifejezett hozz\u00e1j\u00e1rul\u00e1som alapj\u00e1n mindaddig, am\u00edg ezt a hozz\u00e1j\u00e1rul\u00e1st vissza nem vonom.<\/p><p><br><\/p>\n<p><\/p>\n<p>Jogom van arra, hogy az Ahlborn Kunststoffe e.U. v\u00e1llalat t\u00e1j\u00e9koztasson az \u00e1ltalam kezelt szem\u00e9lyes adatokr\u00f3l, valamint jogom van a szem\u00e9lyes adataim helyesb\u00edt\u00e9<span style=\"letter-spacing: 0px;\">s\u00e9hez, t\u00f6rl\u00e9s\u00e9hez vagy kezel\u00e9s\u00e9nek korl\u00e1toz\u00e1s\u00e1hoz, tov\u00e1bb\u00e1 jogom van az adatok hordozhat\u00f3s\u00e1g\u00e1hoz. Tov\u00e1bb\u00e1 jogom van panaszt tenni az adatv\u00e9delmi hat\u00f3s\u00e1gn\u00e1l<\/span><a style=\"letter-spacing: 0px; background-color: #ffffff;\" href=\"https:\/\/www.dsb.gv.at\/\" target=\"_blank\" rel=\"noopener noreferrer nofollow\">(www.dsb.gv.at<\/a><span style=\"letter-spacing: 0px;\">).<\/span><\/p>\n<p>Term\u00e9szetesen ezt a hozz\u00e1j\u00e1rul\u00f3 nyilatkozatot b\u00e1rmikor visszavonhatom.<\/p><p><br><\/p>\n<p><\/p>\n<p><span style=\"color: #50656e; font-family: Arial, sans-serif;\"><a class=\"cky-banner-element\" href=\"#\">A weboldal cookie-be\u00e1ll\u00edt\u00e1sait itt tudja m\u00f3dos\u00edtani<\/a><\/span><\/p><p><br><\/p>\n<p><\/p>\n<p>Amennyiben <strong>h\u00edrlevelet<\/strong> kap t\u0151l\u00fcnk, lehet\u0151s\u00e9ge van leiratkozni <strong>az e-mailben tal\u00e1lhat\u00f3 linken kereszt\u00fcl<\/strong>.<\/p>\t\t\t\t\t\t\t\t<\/div>\n\t\t\t\t<\/div>\n\t\t\t\t\t<\/div>\n\t\t<\/div>\n\t\t\t\t\t<\/div>\n\t\t<\/section>\n\t\t\t\t\t<\/div>\n\t\t<\/div>\n\t\t\t\t\t<\/div>\n\t\t<\/section>\n\t\t\t\t<\/div>\n\t\t","protected":false},"excerpt":{"rendered":"<p>HOZZ\u00c1J\u00c1RUL\u00c1S AZ ADATOK T\u00c1ROL\u00c1S\u00c1HOZ A K\u00d6VETKEZ\u0150K SZERINT. GDPR Ezennelkifejezetten felhatalmazom az Ahlborn Kunststoffe e.U., FN 139830h, M\u00fcrfelndorf 10, AT-3650 P\u00f6ggstall, vagy a partnerc\u00e9g AKU KG, FN 641135x, Bergmillergasse 6\/32 1140 B\u00e9cs, hogy az adataimat elektronikus \u00faton feldolgozza vagy felhaszn\u00e1lja az adatv\u00e9delmi t\u00e1j\u00e9koztat\u00f3ban meghat\u00e1rozott c\u00e9lokra, az ott meghat\u00e1rozott felt\u00e9telek mellett. Hozz\u00e1j\u00e1rulok k\u00fcl\u00f6n\u00f6sen ahhoz, hogy az Ahlborn [&hellip;]<\/p>\n","protected":false},"author":2,"featured_media":0,"parent":0,"menu_order":0,"comment_status":"closed","ping_status":"closed","template":"elementor_header_footer","meta":{"iawp_total_views":8,"footnotes":""},"class_list":["post-9342","page","type-page","status-publish","hentry"],"yoast_head":"<!-- This site is optimized with the Yoast SEO Premium plugin v27.4 (Yoast SEO v27.5) - https:\/\/yoast.com\/product\/yoast-seo-premium-wordpress\/ -->\n<title>adatv\u00e9delem dsgvo Ahlborn Kunststoffe AKU KG<\/title>\n<meta name=\"description\" content=\"\u00dcdv\u00f6z\u00f6lj\u00fck az AKUPLASTICS-n\u00e1l, a kiv\u00e1l\u00f3 min\u0151s\u00e9g\u0171 f\u00e9lk\u00e9sz \u00e9s k\u00e9sz alkatr\u00e9szek megb\u00edzhat\u00f3 partner\u00e9n\u00e9l. Sz\u00e9les v\u00e1laszt\u00e9k a lemezekt\u0151l a hegeszt\u0151g\u00e9pekig, a PVC-t\u0151l a PTFE-ig. Fedezze fel a merev PVC, PVC-U, PVC-HI, PVC-ELS, PVC-C, C-PVC, CPVC, Trovidur\u00ae, Corzan\u00ae, hajl\u00e9kony PVC, PVC-P, merev PVC-hab, k\u00f6nny\u0171 PVC-hab \u00e9s m\u00e9g sok m\u00e1s term\u00e9kb\u0151l k\u00e9sz\u00fclt megold\u00e1sokat. Megmunk\u00e1l\u00f3 g\u00e9pek, hegeszt\u00e9si \u00e9s hajl\u00edt\u00e1si technol\u00f3gia, hegeszt\u00e9si tartoz\u00e9kok. Tudjon meg t\u00f6bbet sok\u00e9ves tapasztalatunkr\u00f3l. Szem\u00e9lyre szabott megold\u00e1sok\u00e9rt forduljon hozz\u00e1nk.\" \/>\n<meta name=\"robots\" content=\"noindex, follow\" \/>\n<script type=\"application\/ld+json\" class=\"yoast-schema-graph\">{\"@context\":\"https:\\\/\\\/schema.org\",\"@graph\":[{\"@type\":\"WebPage\",\"@id\":\"https:\\\/\\\/www.akuplastics.com\\\/hu\\\/adatvedelem-gdpr\\\/\",\"url\":\"https:\\\/\\\/www.akuplastics.com\\\/hu\\\/adatvedelem-gdpr\\\/\",\"name\":\"adatv\u00e9delem dsgvo Ahlborn Kunststoffe AKU KG\",\"isPartOf\":{\"@id\":\"https:\\\/\\\/www.akuplastics.com\\\/hu\\\/#website\"},\"datePublished\":\"2021-02-16T14:14:33+00:00\",\"dateModified\":\"2025-07-15T16:28:12+00:00\",\"description\":\"\u00dcdv\u00f6z\u00f6lj\u00fck az AKUPLASTICS-n\u00e1l, a kiv\u00e1l\u00f3 min\u0151s\u00e9g\u0171 f\u00e9lk\u00e9sz \u00e9s k\u00e9sz alkatr\u00e9szek megb\u00edzhat\u00f3 partner\u00e9n\u00e9l. Sz\u00e9les v\u00e1laszt\u00e9k a lemezekt\u0151l a hegeszt\u0151g\u00e9pekig, a PVC-t\u0151l a PTFE-ig. Fedezze fel a merev PVC, PVC-U, PVC-HI, PVC-ELS, PVC-C, C-PVC, CPVC, Trovidur\u00ae, Corzan\u00ae, hajl\u00e9kony PVC, PVC-P, merev PVC-hab, k\u00f6nny\u0171 PVC-hab \u00e9s m\u00e9g sok m\u00e1s term\u00e9kb\u0151l k\u00e9sz\u00fclt megold\u00e1sokat. Megmunk\u00e1l\u00f3 g\u00e9pek, hegeszt\u00e9si \u00e9s hajl\u00edt\u00e1si technol\u00f3gia, hegeszt\u00e9si tartoz\u00e9kok. Tudjon meg t\u00f6bbet sok\u00e9ves tapasztalatunkr\u00f3l. Szem\u00e9lyre szabott megold\u00e1sok\u00e9rt forduljon hozz\u00e1nk.\",\"breadcrumb\":{\"@id\":\"https:\\\/\\\/www.akuplastics.com\\\/hu\\\/adatvedelem-gdpr\\\/#breadcrumb\"},\"inLanguage\":\"hu\",\"potentialAction\":[{\"@type\":\"ReadAction\",\"target\":[\"https:\\\/\\\/www.akuplastics.com\\\/hu\\\/adatvedelem-gdpr\\\/\"]}]},{\"@type\":\"BreadcrumbList\",\"@id\":\"https:\\\/\\\/www.akuplastics.com\\\/hu\\\/adatvedelem-gdpr\\\/#breadcrumb\",\"itemListElement\":[{\"@type\":\"ListItem\",\"position\":1,\"name\":\"Kezd\u0151lap\",\"item\":\"https:\\\/\\\/www.akuplastics.com\\\/hu\\\/\"},{\"@type\":\"ListItem\",\"position\":2,\"name\":\"Adatv\u00e9delem GDPR\"}]},{\"@type\":\"WebSite\",\"@id\":\"https:\\\/\\\/www.akuplastics.com\\\/hu\\\/#website\",\"url\":\"https:\\\/\\\/www.akuplastics.com\\\/hu\\\/\",\"name\":\"Semi-Finished Products \u2013 Finished Parts \u2013 Ventilation Moulded Parts \u2013 Machines\",\"description\":\"Halbzeuge, Halbfabrikate, Kunststoffhalbzeuge, Kunststoffhalbfabrikate\",\"publisher\":{\"@id\":\"https:\\\/\\\/www.akuplastics.com\\\/hu\\\/#organization\"},\"alternateName\":\"AKUPLASTICS \u2013 Engineering in Plastics\",\"potentialAction\":[{\"@type\":\"SearchAction\",\"target\":{\"@type\":\"EntryPoint\",\"urlTemplate\":\"https:\\\/\\\/www.akuplastics.com\\\/hu\\\/?s={search_term_string}\"},\"query-input\":{\"@type\":\"PropertyValueSpecification\",\"valueRequired\":true,\"valueName\":\"search_term_string\"}}],\"inLanguage\":\"hu\"},{\"@type\":\"Organization\",\"@id\":\"https:\\\/\\\/www.akuplastics.com\\\/hu\\\/#organization\",\"name\":\"Ing. Christian Ahlborn e.U.\",\"alternateName\":\"AKU\",\"url\":\"https:\\\/\\\/www.akuplastics.com\\\/hu\\\/\",\"logo\":{\"@type\":\"ImageObject\",\"inLanguage\":\"hu\",\"@id\":\"https:\\\/\\\/www.akuplastics.com\\\/hu\\\/#\\\/schema\\\/logo\\\/image\\\/\",\"url\":\"https:\\\/\\\/www.akuplastics.com\\\/wp-content\\\/uploads\\\/2020\\\/07\\\/Grafik14-inkl-r.png\",\"contentUrl\":\"https:\\\/\\\/www.akuplastics.com\\\/wp-content\\\/uploads\\\/2020\\\/07\\\/Grafik14-inkl-r.png\",\"width\":1994,\"height\":743,\"caption\":\"Ing. Christian Ahlborn e.U.\"},\"image\":{\"@id\":\"https:\\\/\\\/www.akuplastics.com\\\/hu\\\/#\\\/schema\\\/logo\\\/image\\\/\"}}]}<\/script>\n<!-- \/ Yoast SEO Premium plugin. -->","yoast_head_json":{"title":"adatv\u00e9delem dsgvo Ahlborn Kunststoffe AKU KG","description":"\u00dcdv\u00f6z\u00f6lj\u00fck az AKUPLASTICS-n\u00e1l, a kiv\u00e1l\u00f3 min\u0151s\u00e9g\u0171 f\u00e9lk\u00e9sz \u00e9s k\u00e9sz alkatr\u00e9szek megb\u00edzhat\u00f3 partner\u00e9n\u00e9l. Sz\u00e9les v\u00e1laszt\u00e9k a lemezekt\u0151l a hegeszt\u0151g\u00e9pekig, a PVC-t\u0151l a PTFE-ig. Fedezze fel a merev PVC, PVC-U, PVC-HI, PVC-ELS, PVC-C, C-PVC, CPVC, Trovidur\u00ae, Corzan\u00ae, hajl\u00e9kony PVC, PVC-P, merev PVC-hab, k\u00f6nny\u0171 PVC-hab \u00e9s m\u00e9g sok m\u00e1s term\u00e9kb\u0151l k\u00e9sz\u00fclt megold\u00e1sokat. Megmunk\u00e1l\u00f3 g\u00e9pek, hegeszt\u00e9si \u00e9s hajl\u00edt\u00e1si technol\u00f3gia, hegeszt\u00e9si tartoz\u00e9kok. Tudjon meg t\u00f6bbet sok\u00e9ves tapasztalatunkr\u00f3l. Szem\u00e9lyre szabott megold\u00e1sok\u00e9rt forduljon hozz\u00e1nk.","robots":{"index":"noindex","follow":"follow"},"schema":{"@context":"https:\/\/schema.org","@graph":[{"@type":"WebPage","@id":"https:\/\/www.akuplastics.com\/hu\/adatvedelem-gdpr\/","url":"https:\/\/www.akuplastics.com\/hu\/adatvedelem-gdpr\/","name":"adatv\u00e9delem dsgvo Ahlborn Kunststoffe AKU KG","isPartOf":{"@id":"https:\/\/www.akuplastics.com\/hu\/#website"},"datePublished":"2021-02-16T14:14:33+00:00","dateModified":"2025-07-15T16:28:12+00:00","description":"\u00dcdv\u00f6z\u00f6lj\u00fck az AKUPLASTICS-n\u00e1l, a kiv\u00e1l\u00f3 min\u0151s\u00e9g\u0171 f\u00e9lk\u00e9sz \u00e9s k\u00e9sz alkatr\u00e9szek megb\u00edzhat\u00f3 partner\u00e9n\u00e9l. Sz\u00e9les v\u00e1laszt\u00e9k a lemezekt\u0151l a hegeszt\u0151g\u00e9pekig, a PVC-t\u0151l a PTFE-ig. Fedezze fel a merev PVC, PVC-U, PVC-HI, PVC-ELS, PVC-C, C-PVC, CPVC, Trovidur\u00ae, Corzan\u00ae, hajl\u00e9kony PVC, PVC-P, merev PVC-hab, k\u00f6nny\u0171 PVC-hab \u00e9s m\u00e9g sok m\u00e1s term\u00e9kb\u0151l k\u00e9sz\u00fclt megold\u00e1sokat. Megmunk\u00e1l\u00f3 g\u00e9pek, hegeszt\u00e9si \u00e9s hajl\u00edt\u00e1si technol\u00f3gia, hegeszt\u00e9si tartoz\u00e9kok. Tudjon meg t\u00f6bbet sok\u00e9ves tapasztalatunkr\u00f3l. Szem\u00e9lyre szabott megold\u00e1sok\u00e9rt forduljon hozz\u00e1nk.","breadcrumb":{"@id":"https:\/\/www.akuplastics.com\/hu\/adatvedelem-gdpr\/#breadcrumb"},"inLanguage":"hu","potentialAction":[{"@type":"ReadAction","target":["https:\/\/www.akuplastics.com\/hu\/adatvedelem-gdpr\/"]}]},{"@type":"BreadcrumbList","@id":"https:\/\/www.akuplastics.com\/hu\/adatvedelem-gdpr\/#breadcrumb","itemListElement":[{"@type":"ListItem","position":1,"name":"Kezd\u0151lap","item":"https:\/\/www.akuplastics.com\/hu\/"},{"@type":"ListItem","position":2,"name":"Adatv\u00e9delem GDPR"}]},{"@type":"WebSite","@id":"https:\/\/www.akuplastics.com\/hu\/#website","url":"https:\/\/www.akuplastics.com\/hu\/","name":"Semi-Finished Products \u2013 Finished Parts \u2013 Ventilation Moulded Parts \u2013 Machines","description":"Halbzeuge, Halbfabrikate, Kunststoffhalbzeuge, Kunststoffhalbfabrikate","publisher":{"@id":"https:\/\/www.akuplastics.com\/hu\/#organization"},"alternateName":"AKUPLASTICS \u2013 Engineering in Plastics","potentialAction":[{"@type":"SearchAction","target":{"@type":"EntryPoint","urlTemplate":"https:\/\/www.akuplastics.com\/hu\/?s={search_term_string}"},"query-input":{"@type":"PropertyValueSpecification","valueRequired":true,"valueName":"search_term_string"}}],"inLanguage":"hu"},{"@type":"Organization","@id":"https:\/\/www.akuplastics.com\/hu\/#organization","name":"Ing. Christian Ahlborn e.U.","alternateName":"AKU","url":"https:\/\/www.akuplastics.com\/hu\/","logo":{"@type":"ImageObject","inLanguage":"hu","@id":"https:\/\/www.akuplastics.com\/hu\/#\/schema\/logo\/image\/","url":"https:\/\/www.akuplastics.com\/wp-content\/uploads\/2020\/07\/Grafik14-inkl-r.png","contentUrl":"https:\/\/www.akuplastics.com\/wp-content\/uploads\/2020\/07\/Grafik14-inkl-r.png","width":1994,"height":743,"caption":"Ing. Christian Ahlborn e.U."},"image":{"@id":"https:\/\/www.akuplastics.com\/hu\/#\/schema\/logo\/image\/"}}]}},"_links":{"self":[{"href":"https:\/\/www.akuplastics.com\/hu\/wp-json\/wp\/v2\/pages\/9342","targetHints":{"allow":["GET"]}}],"collection":[{"href":"https:\/\/www.akuplastics.com\/hu\/wp-json\/wp\/v2\/pages"}],"about":[{"href":"https:\/\/www.akuplastics.com\/hu\/wp-json\/wp\/v2\/types\/page"}],"author":[{"embeddable":true,"href":"https:\/\/www.akuplastics.com\/hu\/wp-json\/wp\/v2\/users\/2"}],"replies":[{"embeddable":true,"href":"https:\/\/www.akuplastics.com\/hu\/wp-json\/wp\/v2\/comments?post=9342"}],"version-history":[{"count":29,"href":"https:\/\/www.akuplastics.com\/hu\/wp-json\/wp\/v2\/pages\/9342\/revisions"}],"predecessor-version":[{"id":26970,"href":"https:\/\/www.akuplastics.com\/hu\/wp-json\/wp\/v2\/pages\/9342\/revisions\/26970"}],"wp:attachment":[{"href":"https:\/\/www.akuplastics.com\/hu\/wp-json\/wp\/v2\/media?parent=9342"}],"curies":[{"name":"wp","href":"https:\/\/api.w.org\/{rel}","templated":true}]}}