{"id":9313,"date":"2021-02-17T14:50:39","date_gmt":"2021-02-17T13:50:39","guid":{"rendered":"https:\/\/www.akuplastics.com\/teljes-barok-pa-attekintes\/"},"modified":"2025-01-20T12:36:19","modified_gmt":"2025-01-20T11:36:19","slug":"teljes-barok-pa-attekintes","status":"publish","type":"page","link":"https:\/\/www.akuplastics.com\/hu\/felkesz-termekek-lemezek-tomor-rudak-ureges-rudak-profilok-csovek-hegesztesi-rudak\/tomor-rudak-kerek-rudak-negyzet-alaku-lapos-hatszogletu-rudak-rud\/teljes-barok-pa-attekintes\/","title":{"rendered":"T\u00f6m\u00f6r rudak PA \u00e1ttekint\u00e9s"},"content":{"rendered":"\t\t<div data-elementor-type=\"wp-page\" data-elementor-id=\"9313\" class=\"elementor elementor-9313 elementor-1435\" data-elementor-post-type=\"page\">\n\t\t\t\t\t\t<section class=\"elementor-section elementor-top-section elementor-element elementor-element-47de1cf4 elementor-section-full_width elementor-section-height-default elementor-section-height-default\" data-id=\"47de1cf4\" data-element_type=\"section\" data-e-type=\"section\" data-settings=\"{&quot;background_background&quot;:&quot;classic&quot;}\">\n\t\t\t\t\t\t<div class=\"elementor-container elementor-column-gap-default\">\n\t\t\t\t\t<div class=\"elementor-column elementor-col-100 elementor-top-column elementor-element elementor-element-3b8616ae\" data-id=\"3b8616ae\" data-element_type=\"column\" data-e-type=\"column\">\n\t\t\t<div class=\"elementor-widget-wrap elementor-element-populated\">\n\t\t\t\t\t\t<section class=\"elementor-section elementor-inner-section elementor-element elementor-element-66347476 elementor-section-boxed elementor-section-height-default elementor-section-height-default\" data-id=\"66347476\" data-element_type=\"section\" data-e-type=\"section\">\n\t\t\t\t\t\t<div class=\"elementor-container elementor-column-gap-default\">\n\t\t\t\t\t<div class=\"elementor-column elementor-col-50 elementor-inner-column elementor-element elementor-element-76de697a\" data-id=\"76de697a\" data-element_type=\"column\" data-e-type=\"column\">\n\t\t\t<div class=\"elementor-widget-wrap elementor-element-populated\">\n\t\t\t\t\t\t<div class=\"elementor-element elementor-element-e7a9d62 elementor-widget elementor-widget-text-editor\" data-id=\"e7a9d62\" data-element_type=\"widget\" data-e-type=\"widget\" data-widget_type=\"text-editor.default\">\n\t\t\t\t<div class=\"elementor-widget-container\">\n\t\t\t\t\t\t\t\t\t<h1>PA T\u00d6M\u00d6R RUDAK<\/h1>\n\t\t\t\t\t\t\t\t<\/div>\n\t\t\t\t<\/div>\n\t\t\t\t<div class=\"elementor-element elementor-element-87434eb elementor-widget elementor-widget-text-editor\" data-id=\"87434eb\" data-element_type=\"widget\" data-e-type=\"widget\" data-widget_type=\"text-editor.default\">\n\t\t\t\t<div class=\"elementor-widget-container\">\n\t\t\t\t\t\t\t\t\t<p>A poliamidok\u00a0<b>nagy szil\u00e1rds\u00e1ggal\u00a0\u00e9s\u00a0merevs\u00e9ggel<\/b>,\u00a0<b>kiv\u00e1l\u00f3 \u00fct\u00e9s\u00e1ll\u00f3s\u00e1ggal<\/b>\u00a0\u00e9s\u00a0<b>j\u00f3 kop\u00e1s- \u00e9s kop\u00e1s\u00e1ll\u00f3s\u00e1ggal<\/b>\u00a0.<\/p><p>A poliamidok\u00a0<b>viszonylag alacsony \u00fcvegh\u0151m\u00e9rs\u00e9klet\u0171ek<\/b>\u00a0ez\u00e9rt gyakran er\u0151s\u00edtik \u0151ket\u00a0k\u00fcl\u00f6nb\u00f6z\u0151 \u00fcvegsz\u00e1lakkal.<\/p><p>A GF (\u00fcvegsz\u00e1las poliamidok) \u00edgy egy\u00a0<b>A szil\u00e1rds\u00e1g javul\u00e1sa\u00a0\u00e9s a\u00a0rugalmass\u00e1gi modulus javul\u00e1sa<\/b>.<br \/>A\u00a0<b>Folyamatos \u00fczemi h\u0151m\u00e9rs\u00e9klet\u00a0<\/b>kb. -30 \u00b0C (PA 11) \u00e9s PA 12: kb. -70 \u00b0C-t\u00f3l t\u00f6bb mint +100 \u00b0C-ig.<br \/>R\u00f6vid t\u00e1von is lehets\u00e9ges a 140-180 \u00b0C \u00e9s a feletti h\u0151m\u00e9rs\u00e9klet (PA 46: 280 \u00b0C-ig).<\/p><p><span style=\"color: var( --e-global-color-text ); font-family: var( --e-global-typography-text-font-family ), arial; font-size: var( --e-global-typography-text-font-size ); font-weight: var( --e-global-typography-text-font-weight );\">PA vagy <\/span><span style=\"font-family: -apple-system, BlinkMacSystemFont, 'Segoe UI', Roboto, 'Helvetica Neue', Arial, 'Noto Sans', sans-serif, 'Apple Color Emoji', 'Segoe UI Emoji', 'Segoe UI Symbol', 'Noto Color Emoji'; color: var( --e-global-color-text ); font-size: var( --e-global-typography-text-font-size ); font-weight: var( --e-global-typography-text-font-weight );\">poliamid<\/span><span style=\"font-family: -apple-system, BlinkMacSystemFont, 'Segoe UI', Roboto, 'Helvetica Neue', Arial, 'Noto Sans', sans-serif, 'Apple Color Emoji', 'Segoe UI Emoji', 'Segoe UI Symbol', 'Noto Color Emoji'; color: var( --e-global-color-text ); font-size: var( --e-global-typography-text-font-size ); font-weight: var( --e-global-typography-text-font-weight );\">\u00a0V<\/span><span style=\"color: var( --e-global-color-text ); font-family: var( --e-global-typography-text-font-family ), arial; font-size: var( --e-global-typography-text-font-size ); font-weight: var( --e-global-typography-text-font-weight );\">oll rudak a k\u00f6vetkez\u0151 PA min\u0151s\u00e9gekben kaphat\u00f3k:<\/span><\/p><ul><li><strong><a href=\"https:\/\/www.akuplastics.com\/hu\/toemoer-rudak-pa-6e\/\">PA 6E<\/a><\/strong><\/li><li><strong><a title=\"PA 6.6\" href=\"https:\/\/www.akuplastics.com\/hu\/toemoer-rudak-pa-6-6\/\">PA 6.6<\/a><\/strong><\/li><li><strong><a title=\"PA 6.6 GF30\" href=\"https:\/\/www.akuplastics.com\/hu\/toemoer-rudak-pa-6-gf30\/\">PA 6.6 GF30<\/a><\/strong><\/li><\/ul>\t\t\t\t\t\t\t\t<\/div>\n\t\t\t\t<\/div>\n\t\t\t\t<div class=\"elementor-element elementor-element-636a0b9 elementor-widget elementor-widget-text-editor\" data-id=\"636a0b9\" data-element_type=\"widget\" data-e-type=\"widget\" data-widget_type=\"text-editor.default\">\n\t\t\t\t<div class=\"elementor-widget-container\">\n\t\t\t\t\t\t\t\t\t<h5><b>Poliamid<\/b><\/h5>\n<p>gyakran r\u00f6vid\u00edtve PA, a h\u0151re l\u00e1gyul\u00f3 m\u0171anyagok csal\u00e1dja, amely sokoldal\u00fas\u00e1g\u00e1r\u00f3l \u00e9s kiv\u00e1l\u00f3 mechanikai tulajdons\u00e1gair\u00f3l ismert.<\/p>\n<\/p>\n<p><strong>A PA tulajdons\u00e1gai:<\/strong><\/p>\n<ul>\n<li>\n<p><strong>Nagy szak\u00edt\u00f3szil\u00e1rds\u00e1g \u00e9s sz\u00edv\u00f3ss\u00e1g:<\/strong><br \/>A poliamidok nagy szak\u00edt\u00f3szil\u00e1rds\u00e1ggal \u00e9s sz\u00edv\u00f3ss\u00e1ggal rendelkeznek, ami alkalmass\u00e1 teszi \u0151ket a nagy mechanikai terhel\u00e9st ig\u00e9nyl\u0151 alkalmaz\u00e1sokhoz.<\/p>\n<\/li>\n<li>\n<p><strong>J\u00f3 kop\u00e1s\u00e1ll\u00f3s\u00e1g:<\/strong><br \/>A PA ismert j\u00f3 kop\u00e1s\u00e1ll\u00f3s\u00e1g\u00e1r\u00f3l, ami k\u00fcl\u00f6n\u00f6sen alkalmass\u00e1 teszi a s\u00farl\u00f3d\u00e1ssal \u00e9s kop\u00e1ssal j\u00e1r\u00f3 alkalmaz\u00e1sokhoz.<\/p>\n<\/li>\n<li>\n<p><strong>J\u00f3 k\u00e9miai ellen\u00e1ll\u00e1s:<\/strong><br \/>A poliamidok sz\u00e1mos vegyi anyaggal szemben ellen\u00e1ll\u00f3ak, ami vonz\u00f3v\u00e1 teszi \u0151ket az agressz\u00edv k\u00f6rnyezetben t\u00f6rt\u00e9n\u0151 alkalmaz\u00e1sokhoz.<\/p>\n<\/li>\n<li>\n<p><strong>Nedvess\u00e9gfelv\u00e9tel:<\/strong><br \/>A PA hajlamos a nedvess\u00e9g felv\u00e9tel\u00e9re, ami befoly\u00e1solhatja mechanikai tulajdons\u00e1gait. Ez\u00e9rt fontos, hogy ezt figyelembe vegy\u00fck a term\u00e9k haszn\u00e1latakor.<\/p>\n<\/li>\n<li>\n<p><strong>Nagy h\u0151\u00e1ll\u00f3s\u00e1g:<\/strong><br \/>A poliamidok egyes t\u00edpusai, mint p\u00e9ld\u00e1ul a PA 6\/6.6, j\u00f3 h\u0151\u00e1ll\u00f3s\u00e1ggal rendelkeznek, \u00e9s magas h\u0151m\u00e9rs\u00e9klet\u0171 alkalmaz\u00e1sokban haszn\u00e1lhat\u00f3k.<\/p>\n<\/li>\n<li>\n<p><strong>Elektromos szigetel\u00e9s:<\/strong><br \/>A PA j\u00f3 elektromos szigetel\u00e9si tulajdons\u00e1gokkal rendelkezik, \u00e9s az elektromos iparban h\u00e1zak, csatlakoz\u00f3k \u00e9s egy\u00e9b alkatr\u00e9szek gy\u00e1rt\u00e1s\u00e1ra haszn\u00e1lj\u00e1k.<\/p>\n<\/li>\n<\/ul>\n<div> <\/div>\n<p><strong>A poliamidok t\u00edpusai:<\/strong><\/p>\n<ul>\n<li>\n<p><strong>PA 6 (poliamid 6):<\/strong> Ez egy kaprolakt\u00e1m polimeriz\u00e1ci\u00f3j\u00e1val el\u0151\u00e1ll\u00edtott poliamid. J\u00f3 sz\u00edv\u00f3ss\u00e1g \u00e9s kop\u00e1s\u00e1ll\u00f3s\u00e1g jellemzi.<\/p>\n<\/li>\n<li>\n<p><strong>PA 6.6 (poliamid 6.6):<\/strong> Ezt a poliamidot adipinsav \u00e9s hexametil\u00e9ndiamin kondenz\u00e1ci\u00f3j\u00e1val \u00e1ll\u00edtj\u00e1k el\u0151. A PA 6-hoz k\u00e9pest nagyobb szil\u00e1rds\u00e1got \u00e9s h\u0151\u00e1ll\u00f3s\u00e1got biztos\u00edt.<\/p>\n<\/li>\n<li>\n<p><strong>Egy\u00e9b t\u00edpusok:<\/strong> Vannak k\u00fcl\u00f6nb\u00f6z\u0151 m\u00e1s poliamidok, mint p\u00e9ld\u00e1ul a PA 11 \u00e9s PA 12, amelyeket saj\u00e1tos k\u00e9miai szerkezet \u00e9s tulajdons\u00e1gok jellemeznek.<\/p>\n<\/li>\n<\/ul>\n<div> <\/div>\n<p><strong>A PA alkalmaz\u00e1sai:<\/strong><\/p>\n<p>A poliamidokat sz\u00e9les k\u00f6rben haszn\u00e1lj\u00e1k k\u00fcl\u00f6nb\u00f6z\u0151 ipar\u00e1gakban, t\u00f6bbek k\u00f6z\u00f6tt:<\/p>\n<ul>\n<li>\n<p><strong>Aut\u00f3ipar:<\/strong> sebess\u00e9gv\u00e1lt\u00f3h\u00e1zak, csap\u00e1gyak, t\u00f6m\u00edt\u00e9sek \u00e9s egy\u00e9b alkatr\u00e9szek.<\/p>\n<\/li>\n<li>\n<p><strong>Elektronika:<\/strong> h\u00e1zak elektronikus eszk\u00f6z\u00f6kh\u00f6z, csatlakoz\u00f3khoz \u00e9s szigetel\u0151kh\u00f6z.<\/p>\n<\/li>\n<li>\n<p><strong>Textilipar:<\/strong> nejlonsz\u00e1lak text\u00edli\u00e1khoz \u00e9s k\u00f6telekhez.<\/p>\n<\/li>\n<li>\n<p><strong>G\u00e9p\u00e9szet:<\/strong> fogaskerekek, csap\u00e1gyak, csavarok \u00e9s egy\u00e9b mechanikai alkatr\u00e9szek.<\/p>\n<\/li>\n<\/ul>\n<div> <\/div>\n<p>A poliamidok saj\u00e1tos tulajdons\u00e1gai t\u00edpust\u00f3l \u00e9s gy\u00e1rt\u00e1si elj\u00e1r\u00e1st\u00f3l f\u00fcgg\u0151en v\u00e1ltoznak, ez\u00e9rt a megfelel\u0151 poliamid kiv\u00e1laszt\u00e1sa az adott alkalmaz\u00e1s k\u00f6vetelm\u00e9nyeit\u0151l f\u00fcgg.<\/p>\n\t\t\t\t\t\t\t\t<\/div>\n\t\t\t\t<\/div>\n\t\t\t\t\t<\/div>\n\t\t<\/div>\n\t\t\t\t<div class=\"elementor-column elementor-col-50 elementor-inner-column elementor-element elementor-element-f0c2983\" data-id=\"f0c2983\" data-element_type=\"column\" data-e-type=\"column\">\n\t\t\t<div class=\"elementor-widget-wrap elementor-element-populated\">\n\t\t\t\t\t\t<div class=\"elementor-element elementor-element-13fe252 elementor-widget elementor-widget-image\" data-id=\"13fe252\" data-element_type=\"widget\" data-e-type=\"widget\" data-widget_type=\"image.default\">\n\t\t\t\t<div class=\"elementor-widget-container\">\n\t\t\t\t\t\t\t\t\t\t\t\t<figure class=\"wp-caption\">\n\t\t\t\t\t\t\t\t\t\t<img loading=\"lazy\" decoding=\"async\" width=\"200\" height=\"300\" src=\"https:\/\/www.akuplastics.com\/wp-content\/uploads\/2024\/02\/GEHR-PA-2-200x300.webp\" class=\"attachment-medium size-medium wp-image-17179\" alt=\"PA St\u00e4be Platten\" srcset=\"https:\/\/www.akuplastics.com\/wp-content\/uploads\/2024\/02\/GEHR-PA-2-200x300.webp 200w, https:\/\/www.akuplastics.com\/wp-content\/uploads\/2024\/02\/GEHR-PA-2-683x1024.webp 683w, https:\/\/www.akuplastics.com\/wp-content\/uploads\/2024\/02\/GEHR-PA-2-768x1152.webp 768w, https:\/\/www.akuplastics.com\/wp-content\/uploads\/2024\/02\/GEHR-PA-2-1024x1536.webp 1024w, https:\/\/www.akuplastics.com\/wp-content\/uploads\/2024\/02\/GEHR-PA-2.webp 1280w\" sizes=\"auto, (max-width: 200px) 100vw, 200px\" \/>\t\t\t\t\t\t\t\t\t\t\t<figcaption class=\"widget-image-caption wp-caption-text\">PA poliamid rudak<\/figcaption>\n\t\t\t\t\t\t\t\t\t\t<\/figure>\n\t\t\t\t\t\t\t\t\t<\/div>\n\t\t\t\t<\/div>\n\t\t\t\t\t<\/div>\n\t\t<\/div>\n\t\t\t\t\t<\/div>\n\t\t<\/section>\n\t\t\t\t\t<\/div>\n\t\t<\/div>\n\t\t\t\t\t<\/div>\n\t\t<\/section>\n\t\t\t\t<\/div>\n\t\t","protected":false},"excerpt":{"rendered":"<p>PA T\u00d6M\u00d6R RUDAK A poliamidok\u00a0nagy szil\u00e1rds\u00e1ggal\u00a0\u00e9s\u00a0merevs\u00e9ggel,\u00a0kiv\u00e1l\u00f3 \u00fct\u00e9s\u00e1ll\u00f3s\u00e1ggal\u00a0\u00e9s\u00a0j\u00f3 kop\u00e1s- \u00e9s kop\u00e1s\u00e1ll\u00f3s\u00e1ggal\u00a0. A poliamidok\u00a0viszonylag alacsony \u00fcvegh\u0151m\u00e9rs\u00e9klet\u0171ek\u00a0ez\u00e9rt gyakran er\u0151s\u00edtik \u0151ket\u00a0k\u00fcl\u00f6nb\u00f6z\u0151 \u00fcvegsz\u00e1lakkal. A GF (\u00fcvegsz\u00e1las poliamidok) \u00edgy egy\u00a0A szil\u00e1rds\u00e1g javul\u00e1sa\u00a0\u00e9s a\u00a0rugalmass\u00e1gi modulus javul\u00e1sa.A\u00a0Folyamatos \u00fczemi h\u0151m\u00e9rs\u00e9klet\u00a0kb. -30 \u00b0C (PA 11) \u00e9s PA 12: kb. -70 \u00b0C-t\u00f3l t\u00f6bb mint +100 \u00b0C-ig.R\u00f6vid t\u00e1von is lehets\u00e9ges a 140-180 \u00b0C \u00e9s a feletti h\u0151m\u00e9rs\u00e9klet [&hellip;]<\/p>\n","protected":false},"author":2,"featured_media":0,"parent":9286,"menu_order":0,"comment_status":"closed","ping_status":"closed","template":"","meta":{"iawp_total_views":30,"footnotes":""},"class_list":["post-9313","page","type-page","status-publish","hentry"],"yoast_head":"<!-- This site is optimized with the Yoast SEO Premium plugin v27.4 (Yoast SEO v27.5) - https:\/\/yoast.com\/product\/yoast-seo-premium-wordpress\/ -->\n<title>T\u00f6m\u00f6r rudak PA poliamid rudak PA 6E PA 6.6 GF30 PA 12TR<\/title>\n<meta name=\"description\" content=\"T\u00f6m\u00f6r r\u00fadjaink PA vagy poliamid PA 6E PA 6.6 GF30 PA 12TR rudakk\u00e9nt. A poliamidok nagy szil\u00e1rds\u00e1ggal \u00e9s merevs\u00e9ggel, kiv\u00e1l\u00f3 \u00fct\u00e9s\u00e1ll\u00f3s\u00e1ggal \u00e9s j\u00f3 kop\u00e1s- \u00e9s kop\u00e1s\u00e1ll\u00f3s\u00e1ggal rendelkeznek.A poliamidok \u00fcvegh\u0151m\u00e9rs\u00e9klete viszonylag alacsony, ez\u00e9rt gyakran k\u00fcl\u00f6nb\u00f6z\u0151 \u00fcvegsz\u00e1lakkal er\u0151s\u00edtik meg \u0151ket.A GF (\u00fcvegsz\u00e1las poliamidok) \u00edgy jav\u00edtj\u00e1k a szil\u00e1rds\u00e1got \u00e9s a rugalmass\u00e1gi modulust.\" \/>\n<meta name=\"robots\" content=\"index, follow, max-snippet:-1, max-image-preview:large, max-video-preview:-1\" \/>\n<link rel=\"canonical\" href=\"https:\/\/www.akuplastics.com\/hu\/felkesz-termekek-lemezek-tomor-rudak-ureges-rudak-profilok-csovek-hegesztesi-rudak\/tomor-rudak-kerek-rudak-negyzet-alaku-lapos-hatszogletu-rudak-rud\/teljes-barok-pa-attekintes\/\" \/>\n<script type=\"application\/ld+json\" class=\"yoast-schema-graph\">{\"@context\":\"https:\\\/\\\/schema.org\",\"@graph\":[{\"@type\":\"WebPage\",\"@id\":\"https:\\\/\\\/www.akuplastics.com\\\/hu\\\/felkesz-termekek-lemezek-tomor-rudak-ureges-rudak-profilok-csovek-hegesztesi-rudak\\\/tomor-rudak-kerek-rudak-negyzet-alaku-lapos-hatszogletu-rudak-rud\\\/teljes-barok-pa-attekintes\\\/\",\"url\":\"https:\\\/\\\/www.akuplastics.com\\\/hu\\\/felkesz-termekek-lemezek-tomor-rudak-ureges-rudak-profilok-csovek-hegesztesi-rudak\\\/tomor-rudak-kerek-rudak-negyzet-alaku-lapos-hatszogletu-rudak-rud\\\/teljes-barok-pa-attekintes\\\/\",\"name\":\"T\u00f6m\u00f6r rudak PA poliamid rudak PA 6E PA 6.6 GF30 PA 12TR\",\"isPartOf\":{\"@id\":\"https:\\\/\\\/www.akuplastics.com\\\/hu\\\/#website\"},\"primaryImageOfPage\":{\"@id\":\"https:\\\/\\\/www.akuplastics.com\\\/hu\\\/felkesz-termekek-lemezek-tomor-rudak-ureges-rudak-profilok-csovek-hegesztesi-rudak\\\/tomor-rudak-kerek-rudak-negyzet-alaku-lapos-hatszogletu-rudak-rud\\\/teljes-barok-pa-attekintes\\\/#primaryimage\"},\"image\":{\"@id\":\"https:\\\/\\\/www.akuplastics.com\\\/hu\\\/felkesz-termekek-lemezek-tomor-rudak-ureges-rudak-profilok-csovek-hegesztesi-rudak\\\/tomor-rudak-kerek-rudak-negyzet-alaku-lapos-hatszogletu-rudak-rud\\\/teljes-barok-pa-attekintes\\\/#primaryimage\"},\"thumbnailUrl\":\"https:\\\/\\\/www.akuplastics.com\\\/wp-content\\\/uploads\\\/2024\\\/02\\\/GEHR-PA-2-200x300.webp\",\"datePublished\":\"2021-02-17T13:50:39+00:00\",\"dateModified\":\"2025-01-20T11:36:19+00:00\",\"description\":\"T\u00f6m\u00f6r r\u00fadjaink PA vagy poliamid PA 6E PA 6.6 GF30 PA 12TR rudakk\u00e9nt. A poliamidok nagy szil\u00e1rds\u00e1ggal \u00e9s merevs\u00e9ggel, kiv\u00e1l\u00f3 \u00fct\u00e9s\u00e1ll\u00f3s\u00e1ggal \u00e9s j\u00f3 kop\u00e1s- \u00e9s kop\u00e1s\u00e1ll\u00f3s\u00e1ggal rendelkeznek.A poliamidok \u00fcvegh\u0151m\u00e9rs\u00e9klete viszonylag alacsony, ez\u00e9rt gyakran k\u00fcl\u00f6nb\u00f6z\u0151 \u00fcvegsz\u00e1lakkal er\u0151s\u00edtik meg \u0151ket.A GF (\u00fcvegsz\u00e1las poliamidok) \u00edgy jav\u00edtj\u00e1k a szil\u00e1rds\u00e1got \u00e9s a rugalmass\u00e1gi modulust.\",\"breadcrumb\":{\"@id\":\"https:\\\/\\\/www.akuplastics.com\\\/hu\\\/felkesz-termekek-lemezek-tomor-rudak-ureges-rudak-profilok-csovek-hegesztesi-rudak\\\/tomor-rudak-kerek-rudak-negyzet-alaku-lapos-hatszogletu-rudak-rud\\\/teljes-barok-pa-attekintes\\\/#breadcrumb\"},\"inLanguage\":\"hu\",\"potentialAction\":[{\"@type\":\"ReadAction\",\"target\":[\"https:\\\/\\\/www.akuplastics.com\\\/hu\\\/felkesz-termekek-lemezek-tomor-rudak-ureges-rudak-profilok-csovek-hegesztesi-rudak\\\/tomor-rudak-kerek-rudak-negyzet-alaku-lapos-hatszogletu-rudak-rud\\\/teljes-barok-pa-attekintes\\\/\"]}]},{\"@type\":\"ImageObject\",\"inLanguage\":\"hu\",\"@id\":\"https:\\\/\\\/www.akuplastics.com\\\/hu\\\/felkesz-termekek-lemezek-tomor-rudak-ureges-rudak-profilok-csovek-hegesztesi-rudak\\\/tomor-rudak-kerek-rudak-negyzet-alaku-lapos-hatszogletu-rudak-rud\\\/teljes-barok-pa-attekintes\\\/#primaryimage\",\"url\":\"https:\\\/\\\/www.akuplastics.com\\\/wp-content\\\/uploads\\\/2024\\\/02\\\/GEHR-PA-2-200x300.webp\",\"contentUrl\":\"https:\\\/\\\/www.akuplastics.com\\\/wp-content\\\/uploads\\\/2024\\\/02\\\/GEHR-PA-2-200x300.webp\"},{\"@type\":\"BreadcrumbList\",\"@id\":\"https:\\\/\\\/www.akuplastics.com\\\/hu\\\/felkesz-termekek-lemezek-tomor-rudak-ureges-rudak-profilok-csovek-hegesztesi-rudak\\\/tomor-rudak-kerek-rudak-negyzet-alaku-lapos-hatszogletu-rudak-rud\\\/teljes-barok-pa-attekintes\\\/#breadcrumb\",\"itemListElement\":[{\"@type\":\"ListItem\",\"position\":1,\"name\":\"Kezd\u0151lap\",\"item\":\"https:\\\/\\\/www.akuplastics.com\\\/hu\\\/\"},{\"@type\":\"ListItem\",\"position\":2,\"name\":\"F\u00e9lk\u00e9sz term\u00e9kek\",\"item\":\"https:\\\/\\\/www.akuplastics.com\\\/hu\\\/felkesz-termekek-lemezek-tomor-rudak-ureges-rudak-profilok-csovek-hegesztesi-rudak\\\/\"},{\"@type\":\"ListItem\",\"position\":3,\"name\":\"T\u00f6m\u00f6r rudak\",\"item\":\"https:\\\/\\\/www.akuplastics.com\\\/hu\\\/felkesz-termekek-lemezek-tomor-rudak-ureges-rudak-profilok-csovek-hegesztesi-rudak\\\/tomor-rudak-kerek-rudak-negyzet-alaku-lapos-hatszogletu-rudak-rud\\\/\"},{\"@type\":\"ListItem\",\"position\":4,\"name\":\"T\u00f6m\u00f6r rudak PA \u00e1ttekint\u00e9s\"}]},{\"@type\":\"WebSite\",\"@id\":\"https:\\\/\\\/www.akuplastics.com\\\/hu\\\/#website\",\"url\":\"https:\\\/\\\/www.akuplastics.com\\\/hu\\\/\",\"name\":\"Semi-Finished Products \u2013 Finished Parts \u2013 Ventilation Moulded Parts \u2013 Machines\",\"description\":\"Halbzeuge, Halbfabrikate, Kunststoffhalbzeuge, Kunststoffhalbfabrikate\",\"publisher\":{\"@id\":\"https:\\\/\\\/www.akuplastics.com\\\/hu\\\/#organization\"},\"alternateName\":\"AKUPLASTICS \u2013 Engineering in Plastics\",\"potentialAction\":[{\"@type\":\"SearchAction\",\"target\":{\"@type\":\"EntryPoint\",\"urlTemplate\":\"https:\\\/\\\/www.akuplastics.com\\\/hu\\\/?s={search_term_string}\"},\"query-input\":{\"@type\":\"PropertyValueSpecification\",\"valueRequired\":true,\"valueName\":\"search_term_string\"}}],\"inLanguage\":\"hu\"},{\"@type\":\"Organization\",\"@id\":\"https:\\\/\\\/www.akuplastics.com\\\/hu\\\/#organization\",\"name\":\"Ing. Christian Ahlborn e.U.\",\"alternateName\":\"AKU\",\"url\":\"https:\\\/\\\/www.akuplastics.com\\\/hu\\\/\",\"logo\":{\"@type\":\"ImageObject\",\"inLanguage\":\"hu\",\"@id\":\"https:\\\/\\\/www.akuplastics.com\\\/hu\\\/#\\\/schema\\\/logo\\\/image\\\/\",\"url\":\"https:\\\/\\\/www.akuplastics.com\\\/wp-content\\\/uploads\\\/2020\\\/07\\\/Grafik14-inkl-r.png\",\"contentUrl\":\"https:\\\/\\\/www.akuplastics.com\\\/wp-content\\\/uploads\\\/2020\\\/07\\\/Grafik14-inkl-r.png\",\"width\":1994,\"height\":743,\"caption\":\"Ing. Christian Ahlborn e.U.\"},\"image\":{\"@id\":\"https:\\\/\\\/www.akuplastics.com\\\/hu\\\/#\\\/schema\\\/logo\\\/image\\\/\"}}]}<\/script>\n<!-- \/ Yoast SEO Premium plugin. -->","yoast_head_json":{"title":"T\u00f6m\u00f6r rudak PA poliamid rudak PA 6E PA 6.6 GF30 PA 12TR","description":"T\u00f6m\u00f6r r\u00fadjaink PA vagy poliamid PA 6E PA 6.6 GF30 PA 12TR rudakk\u00e9nt. A poliamidok nagy szil\u00e1rds\u00e1ggal \u00e9s merevs\u00e9ggel, kiv\u00e1l\u00f3 \u00fct\u00e9s\u00e1ll\u00f3s\u00e1ggal \u00e9s j\u00f3 kop\u00e1s- \u00e9s kop\u00e1s\u00e1ll\u00f3s\u00e1ggal rendelkeznek.A poliamidok \u00fcvegh\u0151m\u00e9rs\u00e9klete viszonylag alacsony, ez\u00e9rt gyakran k\u00fcl\u00f6nb\u00f6z\u0151 \u00fcvegsz\u00e1lakkal er\u0151s\u00edtik meg \u0151ket.A GF (\u00fcvegsz\u00e1las poliamidok) \u00edgy jav\u00edtj\u00e1k a szil\u00e1rds\u00e1got \u00e9s a rugalmass\u00e1gi modulust.","robots":{"index":"index","follow":"follow","max-snippet":"max-snippet:-1","max-image-preview":"max-image-preview:large","max-video-preview":"max-video-preview:-1"},"canonical":"https:\/\/www.akuplastics.com\/hu\/felkesz-termekek-lemezek-tomor-rudak-ureges-rudak-profilok-csovek-hegesztesi-rudak\/tomor-rudak-kerek-rudak-negyzet-alaku-lapos-hatszogletu-rudak-rud\/teljes-barok-pa-attekintes\/","schema":{"@context":"https:\/\/schema.org","@graph":[{"@type":"WebPage","@id":"https:\/\/www.akuplastics.com\/hu\/felkesz-termekek-lemezek-tomor-rudak-ureges-rudak-profilok-csovek-hegesztesi-rudak\/tomor-rudak-kerek-rudak-negyzet-alaku-lapos-hatszogletu-rudak-rud\/teljes-barok-pa-attekintes\/","url":"https:\/\/www.akuplastics.com\/hu\/felkesz-termekek-lemezek-tomor-rudak-ureges-rudak-profilok-csovek-hegesztesi-rudak\/tomor-rudak-kerek-rudak-negyzet-alaku-lapos-hatszogletu-rudak-rud\/teljes-barok-pa-attekintes\/","name":"T\u00f6m\u00f6r rudak PA poliamid rudak PA 6E PA 6.6 GF30 PA 12TR","isPartOf":{"@id":"https:\/\/www.akuplastics.com\/hu\/#website"},"primaryImageOfPage":{"@id":"https:\/\/www.akuplastics.com\/hu\/felkesz-termekek-lemezek-tomor-rudak-ureges-rudak-profilok-csovek-hegesztesi-rudak\/tomor-rudak-kerek-rudak-negyzet-alaku-lapos-hatszogletu-rudak-rud\/teljes-barok-pa-attekintes\/#primaryimage"},"image":{"@id":"https:\/\/www.akuplastics.com\/hu\/felkesz-termekek-lemezek-tomor-rudak-ureges-rudak-profilok-csovek-hegesztesi-rudak\/tomor-rudak-kerek-rudak-negyzet-alaku-lapos-hatszogletu-rudak-rud\/teljes-barok-pa-attekintes\/#primaryimage"},"thumbnailUrl":"https:\/\/www.akuplastics.com\/wp-content\/uploads\/2024\/02\/GEHR-PA-2-200x300.webp","datePublished":"2021-02-17T13:50:39+00:00","dateModified":"2025-01-20T11:36:19+00:00","description":"T\u00f6m\u00f6r r\u00fadjaink PA vagy poliamid PA 6E PA 6.6 GF30 PA 12TR rudakk\u00e9nt. A poliamidok nagy szil\u00e1rds\u00e1ggal \u00e9s merevs\u00e9ggel, kiv\u00e1l\u00f3 \u00fct\u00e9s\u00e1ll\u00f3s\u00e1ggal \u00e9s j\u00f3 kop\u00e1s- \u00e9s kop\u00e1s\u00e1ll\u00f3s\u00e1ggal rendelkeznek.A poliamidok \u00fcvegh\u0151m\u00e9rs\u00e9klete viszonylag alacsony, ez\u00e9rt gyakran k\u00fcl\u00f6nb\u00f6z\u0151 \u00fcvegsz\u00e1lakkal er\u0151s\u00edtik meg \u0151ket.A GF (\u00fcvegsz\u00e1las poliamidok) \u00edgy jav\u00edtj\u00e1k a szil\u00e1rds\u00e1got \u00e9s a rugalmass\u00e1gi modulust.","breadcrumb":{"@id":"https:\/\/www.akuplastics.com\/hu\/felkesz-termekek-lemezek-tomor-rudak-ureges-rudak-profilok-csovek-hegesztesi-rudak\/tomor-rudak-kerek-rudak-negyzet-alaku-lapos-hatszogletu-rudak-rud\/teljes-barok-pa-attekintes\/#breadcrumb"},"inLanguage":"hu","potentialAction":[{"@type":"ReadAction","target":["https:\/\/www.akuplastics.com\/hu\/felkesz-termekek-lemezek-tomor-rudak-ureges-rudak-profilok-csovek-hegesztesi-rudak\/tomor-rudak-kerek-rudak-negyzet-alaku-lapos-hatszogletu-rudak-rud\/teljes-barok-pa-attekintes\/"]}]},{"@type":"ImageObject","inLanguage":"hu","@id":"https:\/\/www.akuplastics.com\/hu\/felkesz-termekek-lemezek-tomor-rudak-ureges-rudak-profilok-csovek-hegesztesi-rudak\/tomor-rudak-kerek-rudak-negyzet-alaku-lapos-hatszogletu-rudak-rud\/teljes-barok-pa-attekintes\/#primaryimage","url":"https:\/\/www.akuplastics.com\/wp-content\/uploads\/2024\/02\/GEHR-PA-2-200x300.webp","contentUrl":"https:\/\/www.akuplastics.com\/wp-content\/uploads\/2024\/02\/GEHR-PA-2-200x300.webp"},{"@type":"BreadcrumbList","@id":"https:\/\/www.akuplastics.com\/hu\/felkesz-termekek-lemezek-tomor-rudak-ureges-rudak-profilok-csovek-hegesztesi-rudak\/tomor-rudak-kerek-rudak-negyzet-alaku-lapos-hatszogletu-rudak-rud\/teljes-barok-pa-attekintes\/#breadcrumb","itemListElement":[{"@type":"ListItem","position":1,"name":"Kezd\u0151lap","item":"https:\/\/www.akuplastics.com\/hu\/"},{"@type":"ListItem","position":2,"name":"F\u00e9lk\u00e9sz term\u00e9kek","item":"https:\/\/www.akuplastics.com\/hu\/felkesz-termekek-lemezek-tomor-rudak-ureges-rudak-profilok-csovek-hegesztesi-rudak\/"},{"@type":"ListItem","position":3,"name":"T\u00f6m\u00f6r rudak","item":"https:\/\/www.akuplastics.com\/hu\/felkesz-termekek-lemezek-tomor-rudak-ureges-rudak-profilok-csovek-hegesztesi-rudak\/tomor-rudak-kerek-rudak-negyzet-alaku-lapos-hatszogletu-rudak-rud\/"},{"@type":"ListItem","position":4,"name":"T\u00f6m\u00f6r rudak PA \u00e1ttekint\u00e9s"}]},{"@type":"WebSite","@id":"https:\/\/www.akuplastics.com\/hu\/#website","url":"https:\/\/www.akuplastics.com\/hu\/","name":"Semi-Finished Products \u2013 Finished Parts \u2013 Ventilation Moulded Parts \u2013 Machines","description":"Halbzeuge, Halbfabrikate, Kunststoffhalbzeuge, Kunststoffhalbfabrikate","publisher":{"@id":"https:\/\/www.akuplastics.com\/hu\/#organization"},"alternateName":"AKUPLASTICS \u2013 Engineering in Plastics","potentialAction":[{"@type":"SearchAction","target":{"@type":"EntryPoint","urlTemplate":"https:\/\/www.akuplastics.com\/hu\/?s={search_term_string}"},"query-input":{"@type":"PropertyValueSpecification","valueRequired":true,"valueName":"search_term_string"}}],"inLanguage":"hu"},{"@type":"Organization","@id":"https:\/\/www.akuplastics.com\/hu\/#organization","name":"Ing. Christian Ahlborn e.U.","alternateName":"AKU","url":"https:\/\/www.akuplastics.com\/hu\/","logo":{"@type":"ImageObject","inLanguage":"hu","@id":"https:\/\/www.akuplastics.com\/hu\/#\/schema\/logo\/image\/","url":"https:\/\/www.akuplastics.com\/wp-content\/uploads\/2020\/07\/Grafik14-inkl-r.png","contentUrl":"https:\/\/www.akuplastics.com\/wp-content\/uploads\/2020\/07\/Grafik14-inkl-r.png","width":1994,"height":743,"caption":"Ing. Christian Ahlborn e.U."},"image":{"@id":"https:\/\/www.akuplastics.com\/hu\/#\/schema\/logo\/image\/"}}]}},"_links":{"self":[{"href":"https:\/\/www.akuplastics.com\/hu\/wp-json\/wp\/v2\/pages\/9313","targetHints":{"allow":["GET"]}}],"collection":[{"href":"https:\/\/www.akuplastics.com\/hu\/wp-json\/wp\/v2\/pages"}],"about":[{"href":"https:\/\/www.akuplastics.com\/hu\/wp-json\/wp\/v2\/types\/page"}],"author":[{"embeddable":true,"href":"https:\/\/www.akuplastics.com\/hu\/wp-json\/wp\/v2\/users\/2"}],"replies":[{"embeddable":true,"href":"https:\/\/www.akuplastics.com\/hu\/wp-json\/wp\/v2\/comments?post=9313"}],"version-history":[{"count":18,"href":"https:\/\/www.akuplastics.com\/hu\/wp-json\/wp\/v2\/pages\/9313\/revisions"}],"predecessor-version":[{"id":25652,"href":"https:\/\/www.akuplastics.com\/hu\/wp-json\/wp\/v2\/pages\/9313\/revisions\/25652"}],"up":[{"embeddable":true,"href":"https:\/\/www.akuplastics.com\/hu\/wp-json\/wp\/v2\/pages\/9286"}],"wp:attachment":[{"href":"https:\/\/www.akuplastics.com\/hu\/wp-json\/wp\/v2\/media?parent=9313"}],"curies":[{"name":"wp","href":"https:\/\/api.w.org\/{rel}","templated":true}]}}