{"id":9285,"date":"2020-10-29T14:31:26","date_gmt":"2020-10-29T13:31:26","guid":{"rendered":"https:\/\/www.akuplastics.com\/pvc-lapok-attekintes-trovidur\/"},"modified":"2024-01-14T17:06:21","modified_gmt":"2024-01-14T16:06:21","slug":"pvc-lapok-attekintes-trovidur","status":"publish","type":"page","link":"https:\/\/www.akuplastics.com\/hu\/pvc-lapok-attekintes-trovidur\/","title":{"rendered":"PVC lapok \u00c1ttekint\u00e9s Trovidur"},"content":{"rendered":"\t\t<div data-elementor-type=\"wp-post\" data-elementor-id=\"9285\" class=\"elementor elementor-9285 elementor-953\" data-elementor-post-type=\"page\">\n\t\t\t\t\t\t<section class=\"elementor-section elementor-top-section elementor-element elementor-element-2b350c9 elementor-section-full_width elementor-section-height-default elementor-section-height-default\" data-id=\"2b350c9\" data-element_type=\"section\" data-e-type=\"section\" data-settings=\"{&quot;background_background&quot;:&quot;gradient&quot;}\">\n\t\t\t\t\t\t<div class=\"elementor-container elementor-column-gap-default\">\n\t\t\t\t\t<div class=\"elementor-column elementor-col-100 elementor-top-column elementor-element elementor-element-2332c1fe\" data-id=\"2332c1fe\" data-element_type=\"column\" data-e-type=\"column\" data-settings=\"{&quot;background_background&quot;:&quot;classic&quot;}\">\n\t\t\t<div class=\"elementor-widget-wrap elementor-element-populated\">\n\t\t\t\t\t\t<section class=\"elementor-section elementor-inner-section elementor-element elementor-element-21beb6fd elementor-section-boxed elementor-section-height-default elementor-section-height-default\" data-id=\"21beb6fd\" data-element_type=\"section\" data-e-type=\"section\">\n\t\t\t\t\t\t<div class=\"elementor-container elementor-column-gap-default\">\n\t\t\t\t\t<div class=\"elementor-column elementor-col-50 elementor-inner-column elementor-element elementor-element-78d39cee\" data-id=\"78d39cee\" data-element_type=\"column\" data-e-type=\"column\">\n\t\t\t<div class=\"elementor-widget-wrap elementor-element-populated\">\n\t\t\t\t\t\t<div class=\"elementor-element elementor-element-797ffb2 elementor-widget elementor-widget-text-editor\" data-id=\"797ffb2\" data-element_type=\"widget\" data-e-type=\"widget\" data-widget_type=\"text-editor.default\">\n\t\t\t\t<div class=\"elementor-widget-container\">\n\t\t\t\t\t\t\t\t\t<p>Extrud\u00e1lt merev PVC lemezeket sz\u00e1ll\u00edtunk a k\u00f6vetkez\u0151 min\u0151s\u00e9gekben:<\/p>\n<ul>\n<li><a title=\"trovidur EC\" href=\"https:\/\/www.akuplastics.com\/hu\/pvc-u-lemezek-rohs-wee-elv-rlap\/\">Trovidur\u00ae EC \u00e9s AKU\u00ae-DUR PVC-U (norm\u00e1l \u00fct\u00e9s\u00e1ll\u00f3s\u00e1g\u00fa \u00e9s RoHS-konform PVC-U)<\/a><\/li>\n<li><a title=\"Trovidur ET\" href=\"https:\/\/www.akuplastics.com\/hu\/pvc-u-kristalytiszta-atlatszo-vedoeszkozok\/\">Trovidur\u00ae ET \u00e9s AKU\u00ae-DUR PVC GLAS-ESD (\u00e1tl\u00e1tsz\u00f3 PVC-U)<\/a><\/li>\n<li><a title=\"Trovidur ESA\" href=\"https:\/\/www.akuplastics.com\/index.php\/halbzeuge-aus-platten-staebe-rohre-schweissdraht\/halbzeuge-aus-platten\/platten-aus-pvc-u-hartpvc-extrudiert-trovidur-esa-d.html\">Trovidur\u00ae ESA (hideg \u00fct\u00e9s\u00e1ll\u00f3 k\u00fclt\u00e9ri alkalmaz\u00e1sokhoz, nyomtat\u00e1si min\u0151s\u00e9g)<\/a><\/li>\n<\/ul>\n\t\t\t\t\t\t\t\t<\/div>\n\t\t\t\t<\/div>\n\t\t\t\t\t<\/div>\n\t\t<\/div>\n\t\t\t\t<div class=\"elementor-column elementor-col-50 elementor-inner-column elementor-element elementor-element-197d61a8\" data-id=\"197d61a8\" data-element_type=\"column\" data-e-type=\"column\">\n\t\t\t<div class=\"elementor-widget-wrap\">\n\t\t\t\t\t\t\t<\/div>\n\t\t<\/div>\n\t\t\t\t\t<\/div>\n\t\t<\/section>\n\t\t\t\t\t<\/div>\n\t\t<\/div>\n\t\t\t\t\t<\/div>\n\t\t<\/section>\n\t\t\t\t<\/div>\n\t\t","protected":false},"excerpt":{"rendered":"<p>Extrud\u00e1lt merev PVC lemezeket sz\u00e1ll\u00edtunk a k\u00f6vetkez\u0151 min\u0151s\u00e9gekben: Trovidur\u00ae EC \u00e9s AKU\u00ae-DUR PVC-U (norm\u00e1l \u00fct\u00e9s\u00e1ll\u00f3s\u00e1g\u00fa \u00e9s RoHS-konform PVC-U) Trovidur\u00ae ET \u00e9s AKU\u00ae-DUR PVC GLAS-ESD (\u00e1tl\u00e1tsz\u00f3 PVC-U) Trovidur\u00ae ESA (hideg \u00fct\u00e9s\u00e1ll\u00f3 k\u00fclt\u00e9ri alkalmaz\u00e1sokhoz, nyomtat\u00e1si min\u0151s\u00e9g)<\/p>\n","protected":false},"author":2,"featured_media":0,"parent":0,"menu_order":0,"comment_status":"closed","ping_status":"closed","template":"","meta":{"iawp_total_views":1,"footnotes":""},"class_list":["post-9285","page","type-page","status-publish","hentry"],"yoast_head":"<!-- This site is optimized with the Yoast SEO Premium plugin v27.3 (Yoast SEO v27.3) - https:\/\/yoast.com\/product\/yoast-seo-premium-wordpress\/ -->\n<title>Kem\u00e9ny PVC lapok Trovidur lap<\/title>\n<meta name=\"description\" content=\"Merev PVC lemezek vagy Trovidur EC, Trovidur ET \u00e9s Trovidur ESA lemezek. \u00dcdv\u00f6z\u00f6lj\u00fck az AKUPLASTICS-n\u00e1l!\" \/>\n<meta name=\"robots\" content=\"index, follow, max-snippet:-1, max-image-preview:large, max-video-preview:-1\" \/>\n<link rel=\"canonical\" href=\"https:\/\/www.akuplastics.com\/hu\/pvc-lapok-attekintes-trovidur\/\" \/>\n<script type=\"application\/ld+json\" class=\"yoast-schema-graph\">{\"@context\":\"https:\\\/\\\/schema.org\",\"@graph\":[{\"@type\":\"WebPage\",\"@id\":\"https:\\\/\\\/www.akuplastics.com\\\/hu\\\/pvc-lapok-attekintes-trovidur\\\/\",\"url\":\"https:\\\/\\\/www.akuplastics.com\\\/hu\\\/pvc-lapok-attekintes-trovidur\\\/\",\"name\":\"Kem\u00e9ny PVC lapok Trovidur lap\",\"isPartOf\":{\"@id\":\"https:\\\/\\\/www.akuplastics.com\\\/hu\\\/#website\"},\"datePublished\":\"2020-10-29T13:31:26+00:00\",\"dateModified\":\"2024-01-14T16:06:21+00:00\",\"description\":\"Merev PVC lemezek vagy Trovidur EC, Trovidur ET \u00e9s Trovidur ESA lemezek. \u00dcdv\u00f6z\u00f6lj\u00fck az AKUPLASTICS-n\u00e1l!\",\"breadcrumb\":{\"@id\":\"https:\\\/\\\/www.akuplastics.com\\\/hu\\\/pvc-lapok-attekintes-trovidur\\\/#breadcrumb\"},\"inLanguage\":\"hu\",\"potentialAction\":[{\"@type\":\"ReadAction\",\"target\":[\"https:\\\/\\\/www.akuplastics.com\\\/hu\\\/pvc-lapok-attekintes-trovidur\\\/\"]}]},{\"@type\":\"BreadcrumbList\",\"@id\":\"https:\\\/\\\/www.akuplastics.com\\\/hu\\\/pvc-lapok-attekintes-trovidur\\\/#breadcrumb\",\"itemListElement\":[{\"@type\":\"ListItem\",\"position\":1,\"name\":\"Kezd\u0151lap\",\"item\":\"https:\\\/\\\/www.akuplastics.com\\\/hu\\\/\"},{\"@type\":\"ListItem\",\"position\":2,\"name\":\"PVC lapok \u00c1ttekint\u00e9s Trovidur\"}]},{\"@type\":\"WebSite\",\"@id\":\"https:\\\/\\\/www.akuplastics.com\\\/hu\\\/#website\",\"url\":\"https:\\\/\\\/www.akuplastics.com\\\/hu\\\/\",\"name\":\"Semi-Finished Products \u2013 Finished Parts \u2013 Ventilation Moulded Parts \u2013 Machines\",\"description\":\"Halbzeuge, Halbfabrikate, Kunststoffhalbzeuge, Kunststoffhalbfabrikate\",\"publisher\":{\"@id\":\"https:\\\/\\\/www.akuplastics.com\\\/hu\\\/#organization\"},\"alternateName\":\"AKUPLASTICS \u2013 Engineering in Plastics\",\"potentialAction\":[{\"@type\":\"SearchAction\",\"target\":{\"@type\":\"EntryPoint\",\"urlTemplate\":\"https:\\\/\\\/www.akuplastics.com\\\/hu\\\/?s={search_term_string}\"},\"query-input\":{\"@type\":\"PropertyValueSpecification\",\"valueRequired\":true,\"valueName\":\"search_term_string\"}}],\"inLanguage\":\"hu\"},{\"@type\":\"Organization\",\"@id\":\"https:\\\/\\\/www.akuplastics.com\\\/hu\\\/#organization\",\"name\":\"Ing. Christian Ahlborn e.U.\",\"alternateName\":\"AKU\",\"url\":\"https:\\\/\\\/www.akuplastics.com\\\/hu\\\/\",\"logo\":{\"@type\":\"ImageObject\",\"inLanguage\":\"hu\",\"@id\":\"https:\\\/\\\/www.akuplastics.com\\\/hu\\\/#\\\/schema\\\/logo\\\/image\\\/\",\"url\":\"https:\\\/\\\/www.akuplastics.com\\\/wp-content\\\/uploads\\\/2020\\\/07\\\/Grafik14-inkl-r.png\",\"contentUrl\":\"https:\\\/\\\/www.akuplastics.com\\\/wp-content\\\/uploads\\\/2020\\\/07\\\/Grafik14-inkl-r.png\",\"width\":1994,\"height\":743,\"caption\":\"Ing. Christian Ahlborn e.U.\"},\"image\":{\"@id\":\"https:\\\/\\\/www.akuplastics.com\\\/hu\\\/#\\\/schema\\\/logo\\\/image\\\/\"}}]}<\/script>\n<!-- \/ Yoast SEO Premium plugin. -->","yoast_head_json":{"title":"Kem\u00e9ny PVC lapok Trovidur lap","description":"Merev PVC lemezek vagy Trovidur EC, Trovidur ET \u00e9s Trovidur ESA lemezek. \u00dcdv\u00f6z\u00f6lj\u00fck az AKUPLASTICS-n\u00e1l!","robots":{"index":"index","follow":"follow","max-snippet":"max-snippet:-1","max-image-preview":"max-image-preview:large","max-video-preview":"max-video-preview:-1"},"canonical":"https:\/\/www.akuplastics.com\/hu\/pvc-lapok-attekintes-trovidur\/","schema":{"@context":"https:\/\/schema.org","@graph":[{"@type":"WebPage","@id":"https:\/\/www.akuplastics.com\/hu\/pvc-lapok-attekintes-trovidur\/","url":"https:\/\/www.akuplastics.com\/hu\/pvc-lapok-attekintes-trovidur\/","name":"Kem\u00e9ny PVC lapok Trovidur lap","isPartOf":{"@id":"https:\/\/www.akuplastics.com\/hu\/#website"},"datePublished":"2020-10-29T13:31:26+00:00","dateModified":"2024-01-14T16:06:21+00:00","description":"Merev PVC lemezek vagy Trovidur EC, Trovidur ET \u00e9s Trovidur ESA lemezek. \u00dcdv\u00f6z\u00f6lj\u00fck az AKUPLASTICS-n\u00e1l!","breadcrumb":{"@id":"https:\/\/www.akuplastics.com\/hu\/pvc-lapok-attekintes-trovidur\/#breadcrumb"},"inLanguage":"hu","potentialAction":[{"@type":"ReadAction","target":["https:\/\/www.akuplastics.com\/hu\/pvc-lapok-attekintes-trovidur\/"]}]},{"@type":"BreadcrumbList","@id":"https:\/\/www.akuplastics.com\/hu\/pvc-lapok-attekintes-trovidur\/#breadcrumb","itemListElement":[{"@type":"ListItem","position":1,"name":"Kezd\u0151lap","item":"https:\/\/www.akuplastics.com\/hu\/"},{"@type":"ListItem","position":2,"name":"PVC lapok \u00c1ttekint\u00e9s Trovidur"}]},{"@type":"WebSite","@id":"https:\/\/www.akuplastics.com\/hu\/#website","url":"https:\/\/www.akuplastics.com\/hu\/","name":"Semi-Finished Products \u2013 Finished Parts \u2013 Ventilation Moulded Parts \u2013 Machines","description":"Halbzeuge, Halbfabrikate, Kunststoffhalbzeuge, Kunststoffhalbfabrikate","publisher":{"@id":"https:\/\/www.akuplastics.com\/hu\/#organization"},"alternateName":"AKUPLASTICS \u2013 Engineering in Plastics","potentialAction":[{"@type":"SearchAction","target":{"@type":"EntryPoint","urlTemplate":"https:\/\/www.akuplastics.com\/hu\/?s={search_term_string}"},"query-input":{"@type":"PropertyValueSpecification","valueRequired":true,"valueName":"search_term_string"}}],"inLanguage":"hu"},{"@type":"Organization","@id":"https:\/\/www.akuplastics.com\/hu\/#organization","name":"Ing. Christian Ahlborn e.U.","alternateName":"AKU","url":"https:\/\/www.akuplastics.com\/hu\/","logo":{"@type":"ImageObject","inLanguage":"hu","@id":"https:\/\/www.akuplastics.com\/hu\/#\/schema\/logo\/image\/","url":"https:\/\/www.akuplastics.com\/wp-content\/uploads\/2020\/07\/Grafik14-inkl-r.png","contentUrl":"https:\/\/www.akuplastics.com\/wp-content\/uploads\/2020\/07\/Grafik14-inkl-r.png","width":1994,"height":743,"caption":"Ing. Christian Ahlborn e.U."},"image":{"@id":"https:\/\/www.akuplastics.com\/hu\/#\/schema\/logo\/image\/"}}]}},"_links":{"self":[{"href":"https:\/\/www.akuplastics.com\/hu\/wp-json\/wp\/v2\/pages\/9285","targetHints":{"allow":["GET"]}}],"collection":[{"href":"https:\/\/www.akuplastics.com\/hu\/wp-json\/wp\/v2\/pages"}],"about":[{"href":"https:\/\/www.akuplastics.com\/hu\/wp-json\/wp\/v2\/types\/page"}],"author":[{"embeddable":true,"href":"https:\/\/www.akuplastics.com\/hu\/wp-json\/wp\/v2\/users\/2"}],"replies":[{"embeddable":true,"href":"https:\/\/www.akuplastics.com\/hu\/wp-json\/wp\/v2\/comments?post=9285"}],"version-history":[{"count":2,"href":"https:\/\/www.akuplastics.com\/hu\/wp-json\/wp\/v2\/pages\/9285\/revisions"}],"predecessor-version":[{"id":13318,"href":"https:\/\/www.akuplastics.com\/hu\/wp-json\/wp\/v2\/pages\/9285\/revisions\/13318"}],"wp:attachment":[{"href":"https:\/\/www.akuplastics.com\/hu\/wp-json\/wp\/v2\/media?parent=9285"}],"curies":[{"name":"wp","href":"https:\/\/api.w.org\/{rel}","templated":true}]}}