{"id":9232,"date":"2020-09-17T11:05:18","date_gmt":"2020-09-17T09:05:18","guid":{"rendered":"https:\/\/www.akuplastics.com\/biopolimerek\/"},"modified":"2024-04-19T09:24:28","modified_gmt":"2024-04-19T07:24:28","slug":"biopolimerek","status":"publish","type":"page","link":"https:\/\/www.akuplastics.com\/hu\/felkesz-termekek-lemezek-tomor-rudak-ureges-rudak-profilok-csovek-hegesztesi-rudak\/biopolimerek\/","title":{"rendered":"Biopolimerek"},"content":{"rendered":"\t\t<div data-elementor-type=\"wp-page\" data-elementor-id=\"9232\" class=\"elementor elementor-9232 elementor-677\" data-elementor-post-type=\"page\">\n\t\t\t\t\t\t<section class=\"elementor-section elementor-top-section elementor-element elementor-element-51e007f7 elementor-section-full_width elementor-section-height-default elementor-section-height-default\" data-id=\"51e007f7\" data-element_type=\"section\" data-e-type=\"section\" data-settings=\"{&quot;background_background&quot;:&quot;gradient&quot;}\">\n\t\t\t\t\t\t<div class=\"elementor-container elementor-column-gap-default\">\n\t\t\t\t\t<div class=\"elementor-column elementor-col-100 elementor-top-column elementor-element elementor-element-797d1c0c\" data-id=\"797d1c0c\" data-element_type=\"column\" data-e-type=\"column\">\n\t\t\t<div class=\"elementor-widget-wrap elementor-element-populated\">\n\t\t\t\t\t\t<section class=\"elementor-section elementor-inner-section elementor-element elementor-element-2b0b0237 elementor-section-boxed elementor-section-height-default elementor-section-height-default\" data-id=\"2b0b0237\" data-element_type=\"section\" data-e-type=\"section\">\n\t\t\t\t\t\t<div class=\"elementor-container elementor-column-gap-default\">\n\t\t\t\t\t<div class=\"elementor-column elementor-col-50 elementor-inner-column elementor-element elementor-element-6d267812\" data-id=\"6d267812\" data-element_type=\"column\" data-e-type=\"column\">\n\t\t\t<div class=\"elementor-widget-wrap elementor-element-populated\">\n\t\t\t\t\t\t<div class=\"elementor-element elementor-element-1373e6c elementor-widget elementor-widget-text-editor\" data-id=\"1373e6c\" data-element_type=\"widget\" data-e-type=\"widget\" data-widget_type=\"text-editor.default\">\n\t\t\t\t<div class=\"elementor-widget-container\">\n\t\t\t\t\t\t\t\t\t<h1>PLA-HI CL WPC-PP-b\u0151l \u00e9s PA-b\u00f3l k\u00e9sz\u00fclt biopolimerek 6.10<\/h1>\n\t\t\t\t\t\t\t\t<\/div>\n\t\t\t\t<\/div>\n\t\t\t\t<div class=\"elementor-element elementor-element-a2abac3 elementor-widget elementor-widget-text-editor\" data-id=\"a2abac3\" data-element_type=\"widget\" data-e-type=\"widget\" data-widget_type=\"text-editor.default\">\n\t\t\t\t<div class=\"elementor-widget-container\">\n\t\t\t\t\t\t\t\t\t<h4><span style=\"color: var( --e-global-color-text ); font-size: 14px; letter-spacing: 0px;\">Mivel az \u00e1lland\u00f3 piaci megfigyel\u00e9s \u00e9s a t\u00e1rsadalmi v\u00e1ltoz\u00e1sok a j\u00f6v\u0151ben a megold\u00e1sok \u00fajragondol\u00e1s\u00e1t ig\u00e9nylik, vil\u00e1gszerte most el\u0151sz\u00f6r gy\u00e1rtanak biopolimereken alapul\u00f3 f\u00e9lk\u00e9sz term\u00e9keket.<\/span><\/h4><p>Ez csak az ipar\u00e1g valamennyi szerepl\u0151je \u00e9s partnereink k\u00f6z\u00f6tti szoros egy\u00fcttm\u0171k\u00f6d\u00e9snek k\u00f6sz\u00f6nhet\u0151en volt lehets\u00e9ges.<\/p><p><strong><em>BIO-AKU\u00ae<\/em><\/strong>\u00a0F\u00e9lk\u00e9sz term\u00e9kek,\u00a0ideiglenesen az anyagok k\u00f6z\u00f6tt.<\/p><ul><li><strong>PLA-HI<\/strong><\/li><li><strong>CL<\/strong><\/li><li><strong>WPC-PP<\/strong><\/li><li><strong>PA 6.10<\/strong><\/li><\/ul><p><strong>\u00a0<\/strong><\/p><p>csak a kezdet; a j\u00f6v\u0151beni ig\u00e9nyekhez folyamatosan tov\u00e1bbi anyagokat fejlesztenek ki.<\/p><p>\u00a0<\/p><p>Mi Ezt az utat k\u00f6vetj\u00fck\u00a0egy olyan ipar\u00e1g egyik \u00fatt\u00f6r\u0151jek\u00e9nt, amelyet kor\u00e1bban kiz\u00e1r\u00f3lag a petrolk\u00e9miai term\u00e9kek besz\u00e1ll\u00edt\u00f3i uraltak.<\/p><p>A legmagasabb szint\u0171 szak\u00e9rtelem, valamint az \u00faj \u00e9s innovat\u00edv utak felfedez\u00e9s\u00e9re val\u00f3 hajland\u00f3s\u00e1g jellemzi ezt az izgalmas projektet.<\/p><p>\u00a0<\/p><p>Tov\u00e1bbi inform\u00e1ci\u00f3k\u00e9rt kattintson a <strong><a href=\"https:\/\/www.akuplastics.com\/wp-content\/uploads\/2021\/11\/Biopolymere.pdf\" target=\"_blank\" rel=\"noopener\">linkre<\/a><\/strong><\/p>\t\t\t\t\t\t\t\t<\/div>\n\t\t\t\t<\/div>\n\t\t\t\t<div class=\"elementor-element elementor-element-925e4c9 elementor-widget elementor-widget-text-editor\" data-id=\"925e4c9\" data-element_type=\"widget\" data-e-type=\"widget\" data-widget_type=\"text-editor.default\">\n\t\t\t\t<div class=\"elementor-widget-container\">\n\t\t\t\t\t\t\t\t\t<p>A <b>biopolimerek<\/b> speci\u00e1lis alappolimerekkel, p\u00e9ld\u00e1ul <b>PLA-HI, WPC-30PP \u00e9s PA 6.10<\/b> alapanyagokkal kombin\u00e1lva \u00faj t\u00e1vlatokat nyitnak a fenntarthat\u00f3 \u00e9s nagy teljes\u00edtm\u00e9ny\u0171 m\u0171anyag megold\u00e1sok el\u0151tt.<\/p><p>\u00a0<\/p><p>E <b>fejlett polimerkever\u00e9kek<\/b> jellemz\u0151inek \u00e9s el\u0151nyeinek le\u00edr\u00e1sa:<\/p><p>\u00a0<\/p><p><strong>PLA-HI <\/strong><strong>(nagy \u00fct\u00e9s\u00e1ll\u00f3s\u00e1g\u00fa poli-tejsav):<\/strong><\/p><p><strong>Tulajdons\u00e1gok:<\/strong><\/p><ul><li><strong>Nagy \u00fct\u00e9s\u00e1ll\u00f3s\u00e1g:<\/strong> <br \/>A PLA-HI-t a hagyom\u00e1nyos PLA-hoz k\u00e9pest jobb \u00fct\u00e9s\u00e1ll\u00f3s\u00e1g jellemzi, ami ide\u00e1lis a fokozott mechanikai terhel\u00e9st ig\u00e9nyl\u0151 alkalmaz\u00e1sokhoz.<\/li><li><strong>Biol\u00f3giailag leboml\u00f3:<\/strong> <br \/>A hagyom\u00e1nyos PLA-hoz hasonl\u00f3an a PLA-HI is biol\u00f3giailag leboml\u00f3, ami hozz\u00e1j\u00e1rul a k\u00f6rnyezetbar\u00e1t \u00e1rtalmatlan\u00edt\u00e1shoz.<\/li><\/ul><div>\u00a0<\/div><p><strong>WPC-30PP (fa-m\u0171anyag kompozit 30% polipropil\u00e9nnel):<\/strong><\/p><p><strong>Tulajdons\u00e1gok:<\/strong><\/p><ul><li><strong>Fa rost tartalom:<\/strong> <br \/>A 30% polipropil\u00e9n hozz\u00e1ad\u00e1sa a faanyagsz\u00e1lakhoz jav\u00edtja a kompozit szil\u00e1rds\u00e1g\u00e1t \u00e9s stabilit\u00e1s\u00e1t.<\/li><li><strong>Fenntarthat\u00f3s\u00e1g:<\/strong> <br \/>A fa rostok \u00e9s a polipropil\u00e9n kombin\u00e1ci\u00f3ja el\u0151seg\u00edti a fenntarthat\u00f3s\u00e1got, \u00e9s cs\u00f6kkenti a tiszt\u00e1n szintetikus polimerek ir\u00e1nti ig\u00e9nyt.<\/li><li><strong>Form\u00e1zhat\u00f3s\u00e1g:<\/strong> A WPC-30PP form\u00e1zhat\u00f3, \u00e9s sz\u00e1mos alkalmaz\u00e1sban felhaszn\u00e1lhat\u00f3.<\/li><\/ul><p><strong>Alkalmaz\u00e1sok:<\/strong><\/p><ul><li>\u00c9p\u00edt\u0151- \u00e9s \u00e9p\u00edt\u0151anyagok.<\/li><li>B\u00fatorok \u00e9s bels\u0151\u00e9p\u00edt\u00e9szet.<\/li><li>Kerti b\u00fatorok \u00e9s terasz.<\/li><\/ul><p>\u00a0<\/p><p><strong>PA 6.10 (poliamid 6.10):<\/strong><\/p><p><strong>Tulajdons\u00e1gok:<\/strong><\/p><ul><li><strong>Bio-alap\u00fa:<\/strong> <br \/>A PA 6.10 meg\u00fajul\u00f3 nyersanyagokb\u00f3l k\u00e9sz\u00fcl, ez\u00e9rt bioalap\u00fa \u00e9s fenntarthat\u00f3.<\/li><li><strong>Nagy szil\u00e1rds\u00e1g:<\/strong> <br \/>A polimer nagy szil\u00e1rds\u00e1ggal \u00e9s merevs\u00e9ggel rendelkezik, ami alkalmass\u00e1 teszi szerkezeti alkalmaz\u00e1sokhoz.<\/li><li><strong>Sokoldal\u00fas\u00e1g:<\/strong> <br \/>A PA 6.10 k\u00fcl\u00f6nf\u00e9le alkalmaz\u00e1sokban haszn\u00e1lhat\u00f3, az aut\u00f3ipari alkatr\u00e9szekt\u0151l a fogyaszt\u00e1si cikkekig.<\/li><\/ul><p><strong>Alkalmaz\u00e1sok:<\/strong><\/p><ul><li>Aut\u00f3ipari alkalmaz\u00e1sok, p\u00e9ld\u00e1ul motort\u00e9ri alkatr\u00e9szek.<\/li><li>Elektronikai h\u00e1z.<\/li><li>Sportfelszerel\u00e9sek \u00e9s szabadt\u00e9ri ruh\u00e1zat.<\/li><\/ul><div>\u00a0<\/div><p><strong>A biopolimerek haszn\u00e1lat\u00e1nak el\u0151nyei ezekben a kever\u00e9kekben:<\/strong><\/p><ol><li><strong>Fenntarthat\u00f3s\u00e1g:<\/strong> <br \/>A biopolimerek integr\u00e1l\u00e1sa seg\u00edt cs\u00f6kkenteni a fosszilis nyersanyagokt\u00f3l val\u00f3 f\u00fcgg\u0151s\u00e9get \u00e9s el\u0151seg\u00edti a fenntarthat\u00f3 gy\u00e1rt\u00e1si gyakorlatokat.<\/li><li><strong>Fokozott teljes\u00edtm\u00e9ny:<\/strong> <br \/>A PLA-HI \u00e9s a WPC-30PP jobb mechanikai tulajdons\u00e1gokkal rendelkezik, mint p\u00e9ld\u00e1ul az \u00fct\u00e9s\u00e1ll\u00f3s\u00e1g \u00e9s a szil\u00e1rds\u00e1g.<\/li><li><strong>Sokoldal\u00fas\u00e1g:<\/strong> <br \/>A vegy\u00fcletek sokoldal\u00faak, \u00e9s a csomagol\u00f3anyagokt\u00f3l az \u00e9p\u00edt\u0151ipari alkatr\u00e9szekig sz\u00e1mos ipar\u00e1gban felhaszn\u00e1lhat\u00f3k.<\/li><li><strong>Biol\u00f3giai lebonthat\u00f3s\u00e1g:<\/strong> <br \/>A PLA-HI \u00e9s a PA 6.10 haszn\u00e1lata hozz\u00e1j\u00e1rul olyan term\u00e9kek kifejleszt\u00e9s\u00e9hez, amelyek \u00e9lettartamuk v\u00e9g\u00e9n biol\u00f3giailag lebomlanak.<\/li><\/ol><div>\u00a0<\/div><p>A biopolimerek PLA-HI-vel, WPC-30PP-vel \u00e9s PA 6.10-zel val\u00f3 kombin\u00e1ci\u00f3ja innovat\u00edv l\u00e9p\u00e9st jelent a fenntarthat\u00f3 \u00e9s nagy teljes\u00edtm\u00e9ny\u0171 polimer megold\u00e1sok fel\u00e9 az alkalmaz\u00e1sok sz\u00e9les sk\u00e1l\u00e1j\u00e1n.<\/p>\t\t\t\t\t\t\t\t<\/div>\n\t\t\t\t<\/div>\n\t\t\t\t\t<\/div>\n\t\t<\/div>\n\t\t\t\t<div class=\"elementor-column elementor-col-50 elementor-inner-column elementor-element elementor-element-503898d\" data-id=\"503898d\" data-element_type=\"column\" data-e-type=\"column\">\n\t\t\t<div class=\"elementor-widget-wrap elementor-element-populated\">\n\t\t\t\t\t\t<div class=\"elementor-element elementor-element-2b67b79 elementor-widget elementor-widget-image\" data-id=\"2b67b79\" data-element_type=\"widget\" data-e-type=\"widget\" data-widget_type=\"image.default\">\n\t\t\t\t<div class=\"elementor-widget-container\">\n\t\t\t\t\t\t\t\t\t\t\t\t<figure class=\"wp-caption\">\n\t\t\t\t\t\t\t\t\t\t<img loading=\"lazy\" decoding=\"async\" width=\"300\" height=\"105\" src=\"https:\/\/www.akuplastics.com\/wp-content\/uploads\/2024\/02\/GEHR-PLA-L-300x105.webp\" class=\"attachment-medium size-medium wp-image-17197\" alt=\"Biokunststoffe biopolymere biohalbzeug PLA-HI CL WPC-PP PA 6.10\" srcset=\"https:\/\/www.akuplastics.com\/wp-content\/uploads\/2024\/02\/GEHR-PLA-L-300x105.webp 300w, https:\/\/www.akuplastics.com\/wp-content\/uploads\/2024\/02\/GEHR-PLA-L-1024x358.webp 1024w, https:\/\/www.akuplastics.com\/wp-content\/uploads\/2024\/02\/GEHR-PLA-L-768x269.webp 768w, https:\/\/www.akuplastics.com\/wp-content\/uploads\/2024\/02\/GEHR-PLA-L-1536x538.webp 1536w, https:\/\/www.akuplastics.com\/wp-content\/uploads\/2024\/02\/GEHR-PLA-L.webp 1920w\" sizes=\"auto, (max-width: 300px) 100vw, 300px\" \/>\t\t\t\t\t\t\t\t\t\t\t<figcaption class=\"widget-image-caption wp-caption-text\">Biopolimerek Bio f\u00e9lk\u00e9sz term\u00e9kek<\/figcaption>\n\t\t\t\t\t\t\t\t\t\t<\/figure>\n\t\t\t\t\t\t\t\t\t<\/div>\n\t\t\t\t<\/div>\n\t\t\t\t\t<\/div>\n\t\t<\/div>\n\t\t\t\t\t<\/div>\n\t\t<\/section>\n\t\t\t\t\t<\/div>\n\t\t<\/div>\n\t\t\t\t\t<\/div>\n\t\t<\/section>\n\t\t\t\t<\/div>\n\t\t","protected":false},"excerpt":{"rendered":"<p>PLA-HI CL WPC-PP-b\u0151l \u00e9s PA-b\u00f3l k\u00e9sz\u00fclt biopolimerek 6.10 Mivel az \u00e1lland\u00f3 piaci megfigyel\u00e9s \u00e9s a t\u00e1rsadalmi v\u00e1ltoz\u00e1sok a j\u00f6v\u0151ben a megold\u00e1sok \u00fajragondol\u00e1s\u00e1t ig\u00e9nylik, vil\u00e1gszerte most el\u0151sz\u00f6r gy\u00e1rtanak biopolimereken alapul\u00f3 f\u00e9lk\u00e9sz term\u00e9keket. Ez csak az ipar\u00e1g valamennyi szerepl\u0151je \u00e9s partnereink k\u00f6z\u00f6tti szoros egy\u00fcttm\u0171k\u00f6d\u00e9snek k\u00f6sz\u00f6nhet\u0151en volt lehets\u00e9ges. BIO-AKU\u00ae\u00a0F\u00e9lk\u00e9sz term\u00e9kek,\u00a0ideiglenesen az anyagok k\u00f6z\u00f6tt. PLA-HI CL WPC-PP PA 6.10 [&hellip;]<\/p>\n","protected":false},"author":2,"featured_media":0,"parent":9213,"menu_order":0,"comment_status":"closed","ping_status":"closed","template":"","meta":{"iawp_total_views":9,"footnotes":""},"class_list":["post-9232","page","type-page","status-publish","hentry"],"yoast_head":"<!-- This site is optimized with the Yoast SEO Premium plugin v27.4 (Yoast SEO v27.5) - https:\/\/yoast.com\/product\/yoast-seo-premium-wordpress\/ -->\n<title>Biopolimerekb\u0151l k\u00e9sz\u00fclt f\u00e9lk\u00e9sz term\u00e9kek PLA-LF, WPC-PP \u00e9s PA-6.10 felhaszn\u00e1l\u00e1s\u00e1val.<\/title>\n<meta name=\"description\" content=\"Biopolimerekb\u0151l k\u00e9sz\u00fclt f\u00e9lk\u00e9sz term\u00e9kek sz\u00e9les v\u00e1laszt\u00e9ka, mint p\u00e9ld\u00e1ul PLA-LF, WPC-PP \u00e9s PA 6.10. Valamint egy\u00e9b f\u00e9lk\u00e9sz \u00e9s k\u00e9sz alkatr\u00e9szek: PVC-t\u0151l PTFE-ig.\" \/>\n<meta name=\"robots\" content=\"index, follow, max-snippet:-1, max-image-preview:large, max-video-preview:-1\" \/>\n<link rel=\"canonical\" href=\"https:\/\/www.akuplastics.com\/hu\/felkesz-termekek-lemezek-tomor-rudak-ureges-rudak-profilok-csovek-hegesztesi-rudak\/biopolimerek\/\" \/>\n<script type=\"application\/ld+json\" class=\"yoast-schema-graph\">{\"@context\":\"https:\\\/\\\/schema.org\",\"@graph\":[{\"@type\":\"WebPage\",\"@id\":\"https:\\\/\\\/www.akuplastics.com\\\/hu\\\/felkesz-termekek-lemezek-tomor-rudak-ureges-rudak-profilok-csovek-hegesztesi-rudak\\\/biopolimerek\\\/\",\"url\":\"https:\\\/\\\/www.akuplastics.com\\\/hu\\\/felkesz-termekek-lemezek-tomor-rudak-ureges-rudak-profilok-csovek-hegesztesi-rudak\\\/biopolimerek\\\/\",\"name\":\"Biopolimerekb\u0151l k\u00e9sz\u00fclt f\u00e9lk\u00e9sz term\u00e9kek PLA-LF, WPC-PP \u00e9s PA-6.10 felhaszn\u00e1l\u00e1s\u00e1val.\",\"isPartOf\":{\"@id\":\"https:\\\/\\\/www.akuplastics.com\\\/hu\\\/#website\"},\"primaryImageOfPage\":{\"@id\":\"https:\\\/\\\/www.akuplastics.com\\\/hu\\\/felkesz-termekek-lemezek-tomor-rudak-ureges-rudak-profilok-csovek-hegesztesi-rudak\\\/biopolimerek\\\/#primaryimage\"},\"image\":{\"@id\":\"https:\\\/\\\/www.akuplastics.com\\\/hu\\\/felkesz-termekek-lemezek-tomor-rudak-ureges-rudak-profilok-csovek-hegesztesi-rudak\\\/biopolimerek\\\/#primaryimage\"},\"thumbnailUrl\":\"https:\\\/\\\/www.akuplastics.com\\\/wp-content\\\/uploads\\\/2024\\\/02\\\/GEHR-PLA-L-300x105.webp\",\"datePublished\":\"2020-09-17T09:05:18+00:00\",\"dateModified\":\"2024-04-19T07:24:28+00:00\",\"description\":\"Biopolimerekb\u0151l k\u00e9sz\u00fclt f\u00e9lk\u00e9sz term\u00e9kek sz\u00e9les v\u00e1laszt\u00e9ka, mint p\u00e9ld\u00e1ul PLA-LF, WPC-PP \u00e9s PA 6.10. Valamint egy\u00e9b f\u00e9lk\u00e9sz \u00e9s k\u00e9sz alkatr\u00e9szek: PVC-t\u0151l PTFE-ig.\",\"breadcrumb\":{\"@id\":\"https:\\\/\\\/www.akuplastics.com\\\/hu\\\/felkesz-termekek-lemezek-tomor-rudak-ureges-rudak-profilok-csovek-hegesztesi-rudak\\\/biopolimerek\\\/#breadcrumb\"},\"inLanguage\":\"hu\",\"potentialAction\":[{\"@type\":\"ReadAction\",\"target\":[\"https:\\\/\\\/www.akuplastics.com\\\/hu\\\/felkesz-termekek-lemezek-tomor-rudak-ureges-rudak-profilok-csovek-hegesztesi-rudak\\\/biopolimerek\\\/\"]}]},{\"@type\":\"ImageObject\",\"inLanguage\":\"hu\",\"@id\":\"https:\\\/\\\/www.akuplastics.com\\\/hu\\\/felkesz-termekek-lemezek-tomor-rudak-ureges-rudak-profilok-csovek-hegesztesi-rudak\\\/biopolimerek\\\/#primaryimage\",\"url\":\"https:\\\/\\\/www.akuplastics.com\\\/wp-content\\\/uploads\\\/2024\\\/02\\\/GEHR-PLA-L-300x105.webp\",\"contentUrl\":\"https:\\\/\\\/www.akuplastics.com\\\/wp-content\\\/uploads\\\/2024\\\/02\\\/GEHR-PLA-L-300x105.webp\"},{\"@type\":\"BreadcrumbList\",\"@id\":\"https:\\\/\\\/www.akuplastics.com\\\/hu\\\/felkesz-termekek-lemezek-tomor-rudak-ureges-rudak-profilok-csovek-hegesztesi-rudak\\\/biopolimerek\\\/#breadcrumb\",\"itemListElement\":[{\"@type\":\"ListItem\",\"position\":1,\"name\":\"Kezd\u0151lap\",\"item\":\"https:\\\/\\\/www.akuplastics.com\\\/hu\\\/\"},{\"@type\":\"ListItem\",\"position\":2,\"name\":\"F\u00e9lk\u00e9sz term\u00e9kek\",\"item\":\"https:\\\/\\\/www.akuplastics.com\\\/hu\\\/felkesz-termekek-lemezek-tomor-rudak-ureges-rudak-profilok-csovek-hegesztesi-rudak\\\/\"},{\"@type\":\"ListItem\",\"position\":3,\"name\":\"Biopolimerek\"}]},{\"@type\":\"WebSite\",\"@id\":\"https:\\\/\\\/www.akuplastics.com\\\/hu\\\/#website\",\"url\":\"https:\\\/\\\/www.akuplastics.com\\\/hu\\\/\",\"name\":\"Semi-Finished Products \u2013 Finished Parts \u2013 Ventilation Moulded Parts \u2013 Machines\",\"description\":\"Halbzeuge, Halbfabrikate, Kunststoffhalbzeuge, Kunststoffhalbfabrikate\",\"publisher\":{\"@id\":\"https:\\\/\\\/www.akuplastics.com\\\/hu\\\/#organization\"},\"alternateName\":\"AKUPLASTICS \u2013 Engineering in Plastics\",\"potentialAction\":[{\"@type\":\"SearchAction\",\"target\":{\"@type\":\"EntryPoint\",\"urlTemplate\":\"https:\\\/\\\/www.akuplastics.com\\\/hu\\\/?s={search_term_string}\"},\"query-input\":{\"@type\":\"PropertyValueSpecification\",\"valueRequired\":true,\"valueName\":\"search_term_string\"}}],\"inLanguage\":\"hu\"},{\"@type\":\"Organization\",\"@id\":\"https:\\\/\\\/www.akuplastics.com\\\/hu\\\/#organization\",\"name\":\"Ing. Christian Ahlborn e.U.\",\"alternateName\":\"AKU\",\"url\":\"https:\\\/\\\/www.akuplastics.com\\\/hu\\\/\",\"logo\":{\"@type\":\"ImageObject\",\"inLanguage\":\"hu\",\"@id\":\"https:\\\/\\\/www.akuplastics.com\\\/hu\\\/#\\\/schema\\\/logo\\\/image\\\/\",\"url\":\"https:\\\/\\\/www.akuplastics.com\\\/wp-content\\\/uploads\\\/2020\\\/07\\\/Grafik14-inkl-r.png\",\"contentUrl\":\"https:\\\/\\\/www.akuplastics.com\\\/wp-content\\\/uploads\\\/2020\\\/07\\\/Grafik14-inkl-r.png\",\"width\":1994,\"height\":743,\"caption\":\"Ing. Christian Ahlborn e.U.\"},\"image\":{\"@id\":\"https:\\\/\\\/www.akuplastics.com\\\/hu\\\/#\\\/schema\\\/logo\\\/image\\\/\"}}]}<\/script>\n<!-- \/ Yoast SEO Premium plugin. -->","yoast_head_json":{"title":"Biopolimerekb\u0151l k\u00e9sz\u00fclt f\u00e9lk\u00e9sz term\u00e9kek PLA-LF, WPC-PP \u00e9s PA-6.10 felhaszn\u00e1l\u00e1s\u00e1val.","description":"Biopolimerekb\u0151l k\u00e9sz\u00fclt f\u00e9lk\u00e9sz term\u00e9kek sz\u00e9les v\u00e1laszt\u00e9ka, mint p\u00e9ld\u00e1ul PLA-LF, WPC-PP \u00e9s PA 6.10. Valamint egy\u00e9b f\u00e9lk\u00e9sz \u00e9s k\u00e9sz alkatr\u00e9szek: PVC-t\u0151l PTFE-ig.","robots":{"index":"index","follow":"follow","max-snippet":"max-snippet:-1","max-image-preview":"max-image-preview:large","max-video-preview":"max-video-preview:-1"},"canonical":"https:\/\/www.akuplastics.com\/hu\/felkesz-termekek-lemezek-tomor-rudak-ureges-rudak-profilok-csovek-hegesztesi-rudak\/biopolimerek\/","schema":{"@context":"https:\/\/schema.org","@graph":[{"@type":"WebPage","@id":"https:\/\/www.akuplastics.com\/hu\/felkesz-termekek-lemezek-tomor-rudak-ureges-rudak-profilok-csovek-hegesztesi-rudak\/biopolimerek\/","url":"https:\/\/www.akuplastics.com\/hu\/felkesz-termekek-lemezek-tomor-rudak-ureges-rudak-profilok-csovek-hegesztesi-rudak\/biopolimerek\/","name":"Biopolimerekb\u0151l k\u00e9sz\u00fclt f\u00e9lk\u00e9sz term\u00e9kek PLA-LF, WPC-PP \u00e9s PA-6.10 felhaszn\u00e1l\u00e1s\u00e1val.","isPartOf":{"@id":"https:\/\/www.akuplastics.com\/hu\/#website"},"primaryImageOfPage":{"@id":"https:\/\/www.akuplastics.com\/hu\/felkesz-termekek-lemezek-tomor-rudak-ureges-rudak-profilok-csovek-hegesztesi-rudak\/biopolimerek\/#primaryimage"},"image":{"@id":"https:\/\/www.akuplastics.com\/hu\/felkesz-termekek-lemezek-tomor-rudak-ureges-rudak-profilok-csovek-hegesztesi-rudak\/biopolimerek\/#primaryimage"},"thumbnailUrl":"https:\/\/www.akuplastics.com\/wp-content\/uploads\/2024\/02\/GEHR-PLA-L-300x105.webp","datePublished":"2020-09-17T09:05:18+00:00","dateModified":"2024-04-19T07:24:28+00:00","description":"Biopolimerekb\u0151l k\u00e9sz\u00fclt f\u00e9lk\u00e9sz term\u00e9kek sz\u00e9les v\u00e1laszt\u00e9ka, mint p\u00e9ld\u00e1ul PLA-LF, WPC-PP \u00e9s PA 6.10. Valamint egy\u00e9b f\u00e9lk\u00e9sz \u00e9s k\u00e9sz alkatr\u00e9szek: PVC-t\u0151l PTFE-ig.","breadcrumb":{"@id":"https:\/\/www.akuplastics.com\/hu\/felkesz-termekek-lemezek-tomor-rudak-ureges-rudak-profilok-csovek-hegesztesi-rudak\/biopolimerek\/#breadcrumb"},"inLanguage":"hu","potentialAction":[{"@type":"ReadAction","target":["https:\/\/www.akuplastics.com\/hu\/felkesz-termekek-lemezek-tomor-rudak-ureges-rudak-profilok-csovek-hegesztesi-rudak\/biopolimerek\/"]}]},{"@type":"ImageObject","inLanguage":"hu","@id":"https:\/\/www.akuplastics.com\/hu\/felkesz-termekek-lemezek-tomor-rudak-ureges-rudak-profilok-csovek-hegesztesi-rudak\/biopolimerek\/#primaryimage","url":"https:\/\/www.akuplastics.com\/wp-content\/uploads\/2024\/02\/GEHR-PLA-L-300x105.webp","contentUrl":"https:\/\/www.akuplastics.com\/wp-content\/uploads\/2024\/02\/GEHR-PLA-L-300x105.webp"},{"@type":"BreadcrumbList","@id":"https:\/\/www.akuplastics.com\/hu\/felkesz-termekek-lemezek-tomor-rudak-ureges-rudak-profilok-csovek-hegesztesi-rudak\/biopolimerek\/#breadcrumb","itemListElement":[{"@type":"ListItem","position":1,"name":"Kezd\u0151lap","item":"https:\/\/www.akuplastics.com\/hu\/"},{"@type":"ListItem","position":2,"name":"F\u00e9lk\u00e9sz term\u00e9kek","item":"https:\/\/www.akuplastics.com\/hu\/felkesz-termekek-lemezek-tomor-rudak-ureges-rudak-profilok-csovek-hegesztesi-rudak\/"},{"@type":"ListItem","position":3,"name":"Biopolimerek"}]},{"@type":"WebSite","@id":"https:\/\/www.akuplastics.com\/hu\/#website","url":"https:\/\/www.akuplastics.com\/hu\/","name":"Semi-Finished Products \u2013 Finished Parts \u2013 Ventilation Moulded Parts \u2013 Machines","description":"Halbzeuge, Halbfabrikate, Kunststoffhalbzeuge, Kunststoffhalbfabrikate","publisher":{"@id":"https:\/\/www.akuplastics.com\/hu\/#organization"},"alternateName":"AKUPLASTICS \u2013 Engineering in Plastics","potentialAction":[{"@type":"SearchAction","target":{"@type":"EntryPoint","urlTemplate":"https:\/\/www.akuplastics.com\/hu\/?s={search_term_string}"},"query-input":{"@type":"PropertyValueSpecification","valueRequired":true,"valueName":"search_term_string"}}],"inLanguage":"hu"},{"@type":"Organization","@id":"https:\/\/www.akuplastics.com\/hu\/#organization","name":"Ing. Christian Ahlborn e.U.","alternateName":"AKU","url":"https:\/\/www.akuplastics.com\/hu\/","logo":{"@type":"ImageObject","inLanguage":"hu","@id":"https:\/\/www.akuplastics.com\/hu\/#\/schema\/logo\/image\/","url":"https:\/\/www.akuplastics.com\/wp-content\/uploads\/2020\/07\/Grafik14-inkl-r.png","contentUrl":"https:\/\/www.akuplastics.com\/wp-content\/uploads\/2020\/07\/Grafik14-inkl-r.png","width":1994,"height":743,"caption":"Ing. Christian Ahlborn e.U."},"image":{"@id":"https:\/\/www.akuplastics.com\/hu\/#\/schema\/logo\/image\/"}}]}},"_links":{"self":[{"href":"https:\/\/www.akuplastics.com\/hu\/wp-json\/wp\/v2\/pages\/9232","targetHints":{"allow":["GET"]}}],"collection":[{"href":"https:\/\/www.akuplastics.com\/hu\/wp-json\/wp\/v2\/pages"}],"about":[{"href":"https:\/\/www.akuplastics.com\/hu\/wp-json\/wp\/v2\/types\/page"}],"author":[{"embeddable":true,"href":"https:\/\/www.akuplastics.com\/hu\/wp-json\/wp\/v2\/users\/2"}],"replies":[{"embeddable":true,"href":"https:\/\/www.akuplastics.com\/hu\/wp-json\/wp\/v2\/comments?post=9232"}],"version-history":[{"count":29,"href":"https:\/\/www.akuplastics.com\/hu\/wp-json\/wp\/v2\/pages\/9232\/revisions"}],"predecessor-version":[{"id":22356,"href":"https:\/\/www.akuplastics.com\/hu\/wp-json\/wp\/v2\/pages\/9232\/revisions\/22356"}],"up":[{"embeddable":true,"href":"https:\/\/www.akuplastics.com\/hu\/wp-json\/wp\/v2\/pages\/9213"}],"wp:attachment":[{"href":"https:\/\/www.akuplastics.com\/hu\/wp-json\/wp\/v2\/media?parent=9232"}],"curies":[{"name":"wp","href":"https:\/\/api.w.org\/{rel}","templated":true}]}}