{"id":9223,"date":"2020-07-17T11:12:13","date_gmt":"2020-07-17T09:12:13","guid":{"rendered":"https:\/\/www.akuplastics.com\/rolunk\/"},"modified":"2025-01-23T12:54:48","modified_gmt":"2025-01-23T11:54:48","slug":"rolunk-akuplastics-ahlborn-kunststoffe","status":"publish","type":"page","link":"https:\/\/www.akuplastics.com\/hu\/rolunk-akuplastics-ahlborn-kunststoffe\/","title":{"rendered":"R\u00f3lunk"},"content":{"rendered":"\t\t<div data-elementor-type=\"wp-post\" data-elementor-id=\"9223\" class=\"elementor elementor-9223 elementor-331\" data-elementor-post-type=\"page\">\n\t\t\t\t\t\t<section class=\"elementor-section elementor-top-section elementor-element elementor-element-28fafcd elementor-section-boxed elementor-section-height-default elementor-section-height-default\" data-id=\"28fafcd\" data-element_type=\"section\" data-e-type=\"section\">\n\t\t\t\t\t\t<div class=\"elementor-container elementor-column-gap-default\">\n\t\t\t\t\t<div class=\"elementor-column elementor-col-100 elementor-top-column elementor-element elementor-element-6925622\" data-id=\"6925622\" data-element_type=\"column\" data-e-type=\"column\">\n\t\t\t<div class=\"elementor-widget-wrap elementor-element-populated\">\n\t\t\t\t\t\t<div class=\"elementor-element elementor-element-d8cec89 elementor-widget elementor-widget-text-editor\" data-id=\"d8cec89\" data-element_type=\"widget\" data-e-type=\"widget\" data-widget_type=\"text-editor.default\">\n\t\t\t\t<div class=\"elementor-widget-container\">\n\t\t\t\t\t\t\t\t\t<h1>R\u00f3lunk<\/h1>\n\t\t\t\t\t\t\t\t<\/div>\n\t\t\t\t<\/div>\n\t\t\t\t<div class=\"elementor-element elementor-element-4b622af elementor-widget elementor-widget-text-editor\" data-id=\"4b622af\" data-element_type=\"widget\" data-e-type=\"widget\" data-widget_type=\"text-editor.default\">\n\t\t\t\t<div class=\"elementor-widget-container\">\n\t\t\t\t\t\t\t\t\t<p><span style=\"color: #7a7a7a;\">A h\u0151form\u00e1zhat\u00f3 m\u0171anyag f\u00e9lk\u00e9sz term\u00e9kek forgalmaz\u00e1sa \u00e9s feldolgoz\u00e1sa ter\u00e9n <strong>szerzett sok\u00e9ves tapasztalatunknak<\/strong> k\u00f6sz\u00f6nhet\u0151en a teljes feldolgoz\u00f3ipar <strong>teljes k\u00f6r\u0171 megold\u00e1sainak jelent\u0151s osztr\u00e1k besz\u00e1ll\u00edt\u00f3j\u00e1v\u00e1 <\/strong>v\u00e1ltunk.<\/p>\n<p><\/span><\/p>\n<p><span style=\"color: #7a7a7a;\">Partnerv\u00e1llalatok h\u00e1l\u00f3zatak\u00e9nt sz\u00e1ll\u00edtunk <\/span><span style=\"letter-spacing: 0.1px; font-family: var( --e-global-typography-text-font-family ), arial;\">\u00e9s t\u00e1mogatjuk <\/span><span style=\"font-family: var( --e-global-typography-text-font-family ), arial; letter-spacing: 0.1px;\">Melk an der Donau \u00e9s B\u00e9cs k\u00f6zel\u00e9ben l\u00e9v\u0151 k\u00f6zpontjainkb\u00f3l<\/span><span style=\"letter-spacing: 0.1px; font-family: var( --e-global-typography-text-font-family ), arial;\">,<\/span> <span style=\"letter-spacing: 0.1px; font-family: var( --e-global-typography-text-font-family ), arial;\">a hazai piacot, valamint nyugat-eur\u00f3pai, magyarorsz\u00e1gi \u00e9s d\u00e9lkelet-eur\u00f3pai \u00fcgyfeleinket.<\/span><span style=\"font-family: var( --e-global-typography-text-font-family ), arial; letter-spacing: 0.1px;\"> .<\/p>\n<p><\/span><\/p>\n<p><span style=\"color: #7a7a7a;\">A k\u00e9t <strong>csehorsz\u00e1gi \u00e9s szlov\u00e1kiai<\/strong> <strong>rakt\u00e1roz\u00e1si kirendelts\u00e9g<\/strong> a saj\u00e1t piacuk\u00e9rt, valamint m\u00e1s kelet-eur\u00f3pai orsz\u00e1gok\u00e9rt felel\u0151s.<\/span><\/p>\n\t\t\t\t\t\t\t\t<\/div>\n\t\t\t\t<\/div>\n\t\t\t\t<div class=\"elementor-element elementor-element-a564eec elementor-widget elementor-widget-text-editor\" data-id=\"a564eec\" data-element_type=\"widget\" data-e-type=\"widget\" data-widget_type=\"text-editor.default\">\n\t\t\t\t<div class=\"elementor-widget-container\">\n\t\t\t\t\t\t\t\t\t<p><span style=\"letter-spacing: 0.1px;\">Term\u00e9keinket a <b>k\u00f6vetkez\u0151 ter\u00fcleteken<\/b> haszn\u00e1lj\u00e1k:<\/span><\/p>\n\t\t\t\t\t\t\t\t<\/div>\n\t\t\t\t<\/div>\n\t\t\t\t<div class=\"elementor-element elementor-element-030edcc elementor-hidden-tablet elementor-hidden-mobile elementor-widget elementor-widget-text-editor\" data-id=\"030edcc\" data-element_type=\"widget\" data-e-type=\"widget\" data-widget_type=\"text-editor.default\">\n\t\t\t\t<div class=\"elementor-widget-container\">\n\t\t\t\t\t\t\t\t\t<ul>\n<li>\n<p>Vegyipar<\/p>\n<\/li>\n<li>\n<p>Tart\u00e1ly- \u00e9s \u00fczem\u00e9p\u00edt\u00e9s<\/p>\n<\/li>\n<li>\n<p>Alga teny\u00e9szt\u0151 \u00fczem \u00e9p\u00edt\u00e9se<\/p>\n<\/li>\n<li>\n<p>F\u00e9lvezet\u0151ipar<\/p>\n<\/li>\n<li>\n<p>Berendez\u00e9sgy\u00e1rt\u00e1s<\/p>\n<\/li>\n<li>\n<p>Elektro- \u00e9s elektronikai ipar<\/p>\n<\/li>\n<li>\n<p>G\u00e9p- \u00e9s speci\u00e1lis g\u00e9pgy\u00e1rt\u00e1s<\/p>\n<\/li>\n<li>\n<p>T\u00e1rol\u00e1si, emel\u00e9si \u00e9s sz\u00e1ll\u00edt\u00e1s technika<\/p>\n<\/li>\n<li>\n<p>Textilipari g\u00e9pgy\u00e1rt\u00e1s<\/p>\n<\/li>\n<li>\n<p>Aut\u00f3ipar \u00e9s j\u00e1rm\u0171gy\u00e1rt\u00e1s<\/p>\n<\/li>\n<li>\n<p>\u00c9lelmiszeripar<\/p>\n<\/li>\n<li>\n<p>VisCom alkalmaz\u00e1sok<\/p>\n<\/li>\n<li>\n<p>Orvostechnol\u00f3gia<\/p>\n<\/li>\n<li>\n<p>Nukle\u00e1ris technol\u00f3gia<\/p>\n<\/li>\n<li>\n<p>\u00e9s sok m\u00e1s ter\u00fcleten.<\/p>\n<\/li>\n<\/ul>\n\t\t\t\t\t\t\t\t<\/div>\n\t\t\t\t<\/div>\n\t\t\t\t<div class=\"elementor-element elementor-element-b1f723f elementor-hidden-desktop elementor-widget elementor-widget-text-editor\" data-id=\"b1f723f\" data-element_type=\"widget\" data-e-type=\"widget\" data-widget_type=\"text-editor.default\">\n\t\t\t\t<div class=\"elementor-widget-container\">\n\t\t\t\t\t\t\t\t\t<table class=\" aligncenter\" style=\"width: 472pt;\" border=\"0\" width=\"629\" cellspacing=\"0\" cellpadding=\"0\">\n<colgroup>\n<col style=\"mso-width-source: userset; mso-width-alt: 6656; width: 137pt;\" width=\"182\">\n<col style=\"mso-width-source: userset; mso-width-alt: 6034; width: 124pt;\" width=\"165\">\n<col style=\"mso-width-source: userset; mso-width-alt: 5961; width: 122pt;\" width=\"163\">\n<col style=\"mso-width-source: userset; mso-width-alt: 4352; width: 89pt;\" width=\"119\"> <\/colgroup>\n<tbody>\n<tr style=\"height: 42.75pt;\">\n<td class=\"xl63\" style=\"height: 42.75pt; width: 137pt; text-align: left;\" width=\"182\" height=\"57\">Vegyipar<\/td>\n<td class=\"xl63\" style=\"width: 124pt; text-align: left;\" width=\"165\">K\u00e9sz\u00fcl\u00e9kgy\u00e1rt\u00e1s<\/td>\n<td class=\"xl63\" style=\"width: 122pt; text-align: left;\" width=\"163\">Textilipari g\u00e9pgy\u00e1rt\u00e1s<\/td>\n<td class=\"xl63\" style=\"width: 89pt; text-align: left;\" width=\"119\">Orvostechnika<\/td>\n<\/tr>\n<tr style=\"height: 71.25pt;\">\n<td class=\"xl63\" style=\"height: 71.25pt; width: 137pt;\" width=\"182\" height=\"95\">Kont\u00e9ner- \u00e9s \u00fczem\u00e9p\u00edt\u00e9s<\/td>\n<td class=\"xl63\" style=\"width: 124pt;\" width=\"165\">Elektromos \u00e9s elektronikai ipar<\/td>\n<td class=\"xl63\" style=\"width: 122pt;\" width=\"163\">Aut\u00f3ipar \u00e9s j\u00e1rm\u0171gy\u00e1rt\u00e1s<\/td>\n<td class=\"xl63\" style=\"width: 89pt;\" width=\"119\">Nukle\u00e1ris technol\u00f3gia<\/td>\n<\/tr>\n<tr style=\"height: 99.75pt;\">\n<td class=\"xl63\" style=\"height: 99.75pt; width: 137pt;\" width=\"182\" height=\"133\">Alga termeszt\u00e9s N\u00f6v\u00e9nytermeszt\u00e9s<\/td>\n<td class=\"xl63\" style=\"width: 124pt;\" width=\"165\">G\u00e9p- \u00e9s speci\u00e1lis g\u00e9pgy\u00e1rt\u00e1s<\/td>\n<td class=\"xl63\" style=\"width: 122pt;\" width=\"163\">\u00e9lelmiszeripar<\/td>\n<td class=\"xl63\" style=\"width: 89pt;\" width=\"119\">\u00e9s sz\u00e1mos m\u00e1s ter\u00fcleten.<\/td>\n<\/tr>\n<tr style=\"height: 42.75pt;\">\n<td class=\"xl63\" style=\"height: 42.75pt; width: 137pt;\" width=\"182\" height=\"57\">F\u00e9lvezet\u0151ipar<\/td>\n<td class=\"xl63\" style=\"width: 124pt;\" width=\"165\">T\u00e1rol\u00f3-, emel\u0151- \u00e9s sz\u00e1ll\u00edt\u00f3technika<\/td>\n<td class=\"xl63\" style=\"width: 122pt;\" width=\"163\">VisCom alkalmaz\u00e1sok<\/td>\n<td> .<\/td>\n<\/tr>\n<\/tbody>\n<\/table>\n\t\t\t\t\t\t\t\t<\/div>\n\t\t\t\t<\/div>\n\t\t\t\t<div class=\"elementor-element elementor-element-da7e3a8 elementor-widget elementor-widget-text-editor\" data-id=\"da7e3a8\" data-element_type=\"widget\" data-e-type=\"widget\" data-widget_type=\"text-editor.default\">\n\t\t\t\t<div class=\"elementor-widget-container\">\n\t\t\t\t\t\t\t\t\t<div>\n<p><span style=\"font-family: var( --e-global-typography-text-font-family ), arial; letter-spacing: 0.1px;\">Egy kiegyens\u00falyozott term\u00e9ksk\u00e1la, amely olyan <\/span><a href=\"https:\/\/www.akuplastics.com\/hu\/felkesz-termekek-lemezek-tomor-rudak-ureges-rudak-profilok-csovek-hegesztesi-rudak\/\"><strong style=\"font-family: var( --e-global-typography-text-font-family ), arial; letter-spacing: 0.1px;\">f\u00e9lk\u00e9sz term\u00e9kekb\u0151l <\/strong><\/a><span style=\"font-family: var( --e-global-typography-text-font-family ), arial; letter-spacing: 0.1px;\">\u00e1ll mint <\/span><span style=\"font-family: var( --e-global-typography-text-font-family ), arial; letter-spacing: 0.1px;\">lemezek, t\u00f6m\u00f6r \u00e9s \u00fcreges rudak, hatsz\u00f6glet\u0171 rudak, lapos rudak, szabv\u00e1nyos profilok, hegeszt\u0151p\u00e1lc\u00e1k \u00e9s \u00e1tl\u00e1tsz\u00f3 cs\u00f6vek, valamint a feldolgoz\u00f3 technol\u00f3gi\u00e1val k\u00e9sz\u00fclt <\/span><a href=\"https:\/\/www.akuplastics.com\/hu\/kesz-alkatreszek-muanyag-ugyfelrajz-megmunkalas-cad-cnc\/\"><strong style=\"font-family: var( --e-global-typography-text-font-family ), arial; letter-spacing: 0.1px;\">k\u00e9szterm\u00e9kek<\/strong><\/a><span style=\"font-family: var( --e-global-typography-text-font-family ), arial; letter-spacing: 0.1px;\">\u00e9s a <\/span><a href=\"https:\/\/www.akuplastics.com\/hu\/szellozolecek\/\"><strong style=\"font-family: var( --e-global-typography-text-font-family ), arial; letter-spacing: 0.1px;\">\u00f6nt\u00f6tt szell\u0151z\u0151elemek<\/strong><\/a><span style=\"font-family: var( --e-global-typography-text-font-family ), arial; letter-spacing: 0.1px;\">illetve <\/span><a href=\"https:\/\/www.akuplastics.com\/hu\/gepek-es-eszkoezoek\/\"><strong style=\"font-family: var( --e-global-typography-text-font-family ), arial; letter-spacing: 0.1px;\">hegeszt\u0151- \u00e9s hajl\u00edt\u00e1stechnikai g\u00e9pekig <\/strong><\/a><span style=\"font-family: var( --e-global-typography-text-font-family ), arial; letter-spacing: 0.1px;\"> terjed, egy\u00e9rtelm\u0171en al\u00e1t\u00e1masztja ezt. <\/span><\/p>\n<p><span style=\"font-family: var( --e-global-typography-text-font-family ), arial; letter-spacing: 0.1px;\"> <\/span><\/p>\n<\/div>\n<p><span style=\"color: #7a7a7a;\">Besz\u00e1ll\u00edt\u00f3i k\u00f6r\u00fcnk folyamatos fel\u00fclvizsg\u00e1lat\u00e1val \u00e9s b\u0151v\u00edt\u00e9s\u00e9vel a legjobb min\u0151s\u00e9get tudjuk k\u00edn\u00e1lni <strong>tisztess\u00e9ges \u00e1ron <\/strong>.<\/span><br \/><span style=\"color: #7a7a7a;\">Mivel az \u00e1lland\u00f3 piaci megfigyel\u00e9s \u00e9s a t\u00e1rsadalmi v\u00e1ltoz\u00e1sok a j\u00f6v\u0151ben a megold\u00e1sok \u00fajragondol\u00e1s\u00e1t teszik sz\u00fcks\u00e9gess\u00e9, a f\u00e9lk\u00e9sz term\u00e9kek alapja a<\/span> <strong><a href=\"https:\/\/www.akuplastics.com\/hu\/felkesz-termekek-lemezek-tomor-rudak-ureges-rudak-profilok-csovek-hegesztesi-rudak\/biopolimerek\/\">biopolimerek<\/a> \u00e9s <a href=\"https:\/\/www.akuplastics.com\/hu\/felkesz-termekek-lemezek-tomor-rudak-ureges-rudak-profilok-csovek-hegesztesi-rudak\/regeneralt-ujrahasznositott-muanyagok\/\">regener\u00e1tumok<\/a> <\/strong><span style=\"color: #7a7a7a;\">els\u0151 \u00edzben ker\u00fclnek bevezet\u00e9sre.<\/span><\/p>\n<p><span style=\"font-family: var( --e-global-typography-text-font-family ), arial; letter-spacing: 0.1px;\"> <\/span><\/p>\n\t\t\t\t\t\t\t\t<\/div>\n\t\t\t\t<\/div>\n\t\t\t\t\t<\/div>\n\t\t<\/div>\n\t\t\t\t\t<\/div>\n\t\t<\/section>\n\t\t\t\t<\/div>\n\t\t","protected":false},"excerpt":{"rendered":"<p>R\u00f3lunk A h\u0151form\u00e1zhat\u00f3 m\u0171anyag f\u00e9lk\u00e9sz term\u00e9kek forgalmaz\u00e1sa \u00e9s feldolgoz\u00e1sa ter\u00e9n szerzett sok\u00e9ves tapasztalatunknak k\u00f6sz\u00f6nhet\u0151en a teljes feldolgoz\u00f3ipar teljes k\u00f6r\u0171 megold\u00e1sainak jelent\u0151s osztr\u00e1k besz\u00e1ll\u00edt\u00f3j\u00e1v\u00e1 v\u00e1ltunk. Partnerv\u00e1llalatok h\u00e1l\u00f3zatak\u00e9nt sz\u00e1ll\u00edtunk \u00e9s t\u00e1mogatjuk Melk an der Donau \u00e9s B\u00e9cs k\u00f6zel\u00e9ben l\u00e9v\u0151 k\u00f6zpontjainkb\u00f3l, a hazai piacot, valamint nyugat-eur\u00f3pai, magyarorsz\u00e1gi \u00e9s d\u00e9lkelet-eur\u00f3pai \u00fcgyfeleinket. . A k\u00e9t csehorsz\u00e1gi \u00e9s szlov\u00e1kiai rakt\u00e1roz\u00e1si kirendelts\u00e9g [&hellip;]<\/p>\n","protected":false},"author":2,"featured_media":0,"parent":0,"menu_order":0,"comment_status":"closed","ping_status":"closed","template":"elementor_header_footer","meta":{"iawp_total_views":134,"footnotes":""},"class_list":["post-9223","page","type-page","status-publish","hentry"],"yoast_head":"<!-- This site is optimized with the Yoast SEO Premium plugin v27.4 (Yoast SEO v27.5) - https:\/\/yoast.com\/product\/yoast-seo-premium-wordpress\/ -->\n<title>r\u00f3lunk akuplastics ahlborn kunststoffe AKU KG<\/title>\n<meta name=\"description\" content=\"R\u00f3lunk AKUPLASTICS vagy Ahlborn Kunststoffe \u00e9s AKU KG: az \u00d6n megb\u00edzhat\u00f3 partnere f\u00e9lk\u00e9sz \u00e9s k\u00e9sz alkatr\u00e9szek ter\u00e9n, a PVC-t\u0151l a PTFE-ig. K\u00edn\u00e1latunkban lemezek, rudak, cs\u00f6vek, hegeszt\u0151g\u00e9pek \u00e9s egy\u00e9b term\u00e9kek tal\u00e1lhat\u00f3k. Sok\u00e9ves tapasztalatunkkal kiv\u00e1l\u00f3 min\u0151s\u00e9g\u0171 megold\u00e1sokat k\u00edn\u00e1lunk k\u00fcl\u00f6nb\u00f6z\u0151 ipar\u00e1gak sz\u00e1m\u00e1ra. Szem\u00e9lyre szabott k\u00f6vetelm\u00e9nyekkel kapcsolatban l\u00e9pjen vel\u00fcnk kapcsolatba.\" \/>\n<meta name=\"robots\" content=\"index, follow, max-snippet:-1, max-image-preview:large, max-video-preview:-1\" \/>\n<link rel=\"canonical\" href=\"https:\/\/www.akuplastics.com\/hu\/rolunk-akuplastics-ahlborn-kunststoffe\/\" \/>\n<script type=\"application\/ld+json\" class=\"yoast-schema-graph\">{\"@context\":\"https:\\\/\\\/schema.org\",\"@graph\":[{\"@type\":\"WebPage\",\"@id\":\"https:\\\/\\\/www.akuplastics.com\\\/hu\\\/rolunk-akuplastics-ahlborn-kunststoffe\\\/\",\"url\":\"https:\\\/\\\/www.akuplastics.com\\\/hu\\\/rolunk-akuplastics-ahlborn-kunststoffe\\\/\",\"name\":\"r\u00f3lunk akuplastics ahlborn kunststoffe AKU KG\",\"isPartOf\":{\"@id\":\"https:\\\/\\\/www.akuplastics.com\\\/hu\\\/#website\"},\"datePublished\":\"2020-07-17T09:12:13+00:00\",\"dateModified\":\"2025-01-23T11:54:48+00:00\",\"description\":\"R\u00f3lunk AKUPLASTICS vagy Ahlborn Kunststoffe \u00e9s AKU KG: az \u00d6n megb\u00edzhat\u00f3 partnere f\u00e9lk\u00e9sz \u00e9s k\u00e9sz alkatr\u00e9szek ter\u00e9n, a PVC-t\u0151l a PTFE-ig. K\u00edn\u00e1latunkban lemezek, rudak, cs\u00f6vek, hegeszt\u0151g\u00e9pek \u00e9s egy\u00e9b term\u00e9kek tal\u00e1lhat\u00f3k. Sok\u00e9ves tapasztalatunkkal kiv\u00e1l\u00f3 min\u0151s\u00e9g\u0171 megold\u00e1sokat k\u00edn\u00e1lunk k\u00fcl\u00f6nb\u00f6z\u0151 ipar\u00e1gak sz\u00e1m\u00e1ra. Szem\u00e9lyre szabott k\u00f6vetelm\u00e9nyekkel kapcsolatban l\u00e9pjen vel\u00fcnk kapcsolatba.\",\"breadcrumb\":{\"@id\":\"https:\\\/\\\/www.akuplastics.com\\\/hu\\\/rolunk-akuplastics-ahlborn-kunststoffe\\\/#breadcrumb\"},\"inLanguage\":\"hu\",\"potentialAction\":[{\"@type\":\"ReadAction\",\"target\":[\"https:\\\/\\\/www.akuplastics.com\\\/hu\\\/rolunk-akuplastics-ahlborn-kunststoffe\\\/\"]}]},{\"@type\":\"BreadcrumbList\",\"@id\":\"https:\\\/\\\/www.akuplastics.com\\\/hu\\\/rolunk-akuplastics-ahlborn-kunststoffe\\\/#breadcrumb\",\"itemListElement\":[{\"@type\":\"ListItem\",\"position\":1,\"name\":\"Kezd\u0151lap\",\"item\":\"https:\\\/\\\/www.akuplastics.com\\\/hu\\\/\"},{\"@type\":\"ListItem\",\"position\":2,\"name\":\"R\u00f3lunk\"}]},{\"@type\":\"WebSite\",\"@id\":\"https:\\\/\\\/www.akuplastics.com\\\/hu\\\/#website\",\"url\":\"https:\\\/\\\/www.akuplastics.com\\\/hu\\\/\",\"name\":\"Semi-Finished Products \u2013 Finished Parts \u2013 Ventilation Moulded Parts \u2013 Machines\",\"description\":\"Halbzeuge, Halbfabrikate, Kunststoffhalbzeuge, Kunststoffhalbfabrikate\",\"publisher\":{\"@id\":\"https:\\\/\\\/www.akuplastics.com\\\/hu\\\/#organization\"},\"alternateName\":\"AKUPLASTICS \u2013 Engineering in Plastics\",\"potentialAction\":[{\"@type\":\"SearchAction\",\"target\":{\"@type\":\"EntryPoint\",\"urlTemplate\":\"https:\\\/\\\/www.akuplastics.com\\\/hu\\\/?s={search_term_string}\"},\"query-input\":{\"@type\":\"PropertyValueSpecification\",\"valueRequired\":true,\"valueName\":\"search_term_string\"}}],\"inLanguage\":\"hu\"},{\"@type\":\"Organization\",\"@id\":\"https:\\\/\\\/www.akuplastics.com\\\/hu\\\/#organization\",\"name\":\"Ing. Christian Ahlborn e.U.\",\"alternateName\":\"AKU\",\"url\":\"https:\\\/\\\/www.akuplastics.com\\\/hu\\\/\",\"logo\":{\"@type\":\"ImageObject\",\"inLanguage\":\"hu\",\"@id\":\"https:\\\/\\\/www.akuplastics.com\\\/hu\\\/#\\\/schema\\\/logo\\\/image\\\/\",\"url\":\"https:\\\/\\\/www.akuplastics.com\\\/wp-content\\\/uploads\\\/2020\\\/07\\\/Grafik14-inkl-r.png\",\"contentUrl\":\"https:\\\/\\\/www.akuplastics.com\\\/wp-content\\\/uploads\\\/2020\\\/07\\\/Grafik14-inkl-r.png\",\"width\":1994,\"height\":743,\"caption\":\"Ing. Christian Ahlborn e.U.\"},\"image\":{\"@id\":\"https:\\\/\\\/www.akuplastics.com\\\/hu\\\/#\\\/schema\\\/logo\\\/image\\\/\"}}]}<\/script>\n<!-- \/ Yoast SEO Premium plugin. -->","yoast_head_json":{"title":"r\u00f3lunk akuplastics ahlborn kunststoffe AKU KG","description":"R\u00f3lunk AKUPLASTICS vagy Ahlborn Kunststoffe \u00e9s AKU KG: az \u00d6n megb\u00edzhat\u00f3 partnere f\u00e9lk\u00e9sz \u00e9s k\u00e9sz alkatr\u00e9szek ter\u00e9n, a PVC-t\u0151l a PTFE-ig. K\u00edn\u00e1latunkban lemezek, rudak, cs\u00f6vek, hegeszt\u0151g\u00e9pek \u00e9s egy\u00e9b term\u00e9kek tal\u00e1lhat\u00f3k. Sok\u00e9ves tapasztalatunkkal kiv\u00e1l\u00f3 min\u0151s\u00e9g\u0171 megold\u00e1sokat k\u00edn\u00e1lunk k\u00fcl\u00f6nb\u00f6z\u0151 ipar\u00e1gak sz\u00e1m\u00e1ra. Szem\u00e9lyre szabott k\u00f6vetelm\u00e9nyekkel kapcsolatban l\u00e9pjen vel\u00fcnk kapcsolatba.","robots":{"index":"index","follow":"follow","max-snippet":"max-snippet:-1","max-image-preview":"max-image-preview:large","max-video-preview":"max-video-preview:-1"},"canonical":"https:\/\/www.akuplastics.com\/hu\/rolunk-akuplastics-ahlborn-kunststoffe\/","schema":{"@context":"https:\/\/schema.org","@graph":[{"@type":"WebPage","@id":"https:\/\/www.akuplastics.com\/hu\/rolunk-akuplastics-ahlborn-kunststoffe\/","url":"https:\/\/www.akuplastics.com\/hu\/rolunk-akuplastics-ahlborn-kunststoffe\/","name":"r\u00f3lunk akuplastics ahlborn kunststoffe AKU KG","isPartOf":{"@id":"https:\/\/www.akuplastics.com\/hu\/#website"},"datePublished":"2020-07-17T09:12:13+00:00","dateModified":"2025-01-23T11:54:48+00:00","description":"R\u00f3lunk AKUPLASTICS vagy Ahlborn Kunststoffe \u00e9s AKU KG: az \u00d6n megb\u00edzhat\u00f3 partnere f\u00e9lk\u00e9sz \u00e9s k\u00e9sz alkatr\u00e9szek ter\u00e9n, a PVC-t\u0151l a PTFE-ig. K\u00edn\u00e1latunkban lemezek, rudak, cs\u00f6vek, hegeszt\u0151g\u00e9pek \u00e9s egy\u00e9b term\u00e9kek tal\u00e1lhat\u00f3k. Sok\u00e9ves tapasztalatunkkal kiv\u00e1l\u00f3 min\u0151s\u00e9g\u0171 megold\u00e1sokat k\u00edn\u00e1lunk k\u00fcl\u00f6nb\u00f6z\u0151 ipar\u00e1gak sz\u00e1m\u00e1ra. Szem\u00e9lyre szabott k\u00f6vetelm\u00e9nyekkel kapcsolatban l\u00e9pjen vel\u00fcnk kapcsolatba.","breadcrumb":{"@id":"https:\/\/www.akuplastics.com\/hu\/rolunk-akuplastics-ahlborn-kunststoffe\/#breadcrumb"},"inLanguage":"hu","potentialAction":[{"@type":"ReadAction","target":["https:\/\/www.akuplastics.com\/hu\/rolunk-akuplastics-ahlborn-kunststoffe\/"]}]},{"@type":"BreadcrumbList","@id":"https:\/\/www.akuplastics.com\/hu\/rolunk-akuplastics-ahlborn-kunststoffe\/#breadcrumb","itemListElement":[{"@type":"ListItem","position":1,"name":"Kezd\u0151lap","item":"https:\/\/www.akuplastics.com\/hu\/"},{"@type":"ListItem","position":2,"name":"R\u00f3lunk"}]},{"@type":"WebSite","@id":"https:\/\/www.akuplastics.com\/hu\/#website","url":"https:\/\/www.akuplastics.com\/hu\/","name":"Semi-Finished Products \u2013 Finished Parts \u2013 Ventilation Moulded Parts \u2013 Machines","description":"Halbzeuge, Halbfabrikate, Kunststoffhalbzeuge, Kunststoffhalbfabrikate","publisher":{"@id":"https:\/\/www.akuplastics.com\/hu\/#organization"},"alternateName":"AKUPLASTICS \u2013 Engineering in Plastics","potentialAction":[{"@type":"SearchAction","target":{"@type":"EntryPoint","urlTemplate":"https:\/\/www.akuplastics.com\/hu\/?s={search_term_string}"},"query-input":{"@type":"PropertyValueSpecification","valueRequired":true,"valueName":"search_term_string"}}],"inLanguage":"hu"},{"@type":"Organization","@id":"https:\/\/www.akuplastics.com\/hu\/#organization","name":"Ing. Christian Ahlborn e.U.","alternateName":"AKU","url":"https:\/\/www.akuplastics.com\/hu\/","logo":{"@type":"ImageObject","inLanguage":"hu","@id":"https:\/\/www.akuplastics.com\/hu\/#\/schema\/logo\/image\/","url":"https:\/\/www.akuplastics.com\/wp-content\/uploads\/2020\/07\/Grafik14-inkl-r.png","contentUrl":"https:\/\/www.akuplastics.com\/wp-content\/uploads\/2020\/07\/Grafik14-inkl-r.png","width":1994,"height":743,"caption":"Ing. Christian Ahlborn e.U."},"image":{"@id":"https:\/\/www.akuplastics.com\/hu\/#\/schema\/logo\/image\/"}}]}},"_links":{"self":[{"href":"https:\/\/www.akuplastics.com\/hu\/wp-json\/wp\/v2\/pages\/9223","targetHints":{"allow":["GET"]}}],"collection":[{"href":"https:\/\/www.akuplastics.com\/hu\/wp-json\/wp\/v2\/pages"}],"about":[{"href":"https:\/\/www.akuplastics.com\/hu\/wp-json\/wp\/v2\/types\/page"}],"author":[{"embeddable":true,"href":"https:\/\/www.akuplastics.com\/hu\/wp-json\/wp\/v2\/users\/2"}],"replies":[{"embeddable":true,"href":"https:\/\/www.akuplastics.com\/hu\/wp-json\/wp\/v2\/comments?post=9223"}],"version-history":[{"count":34,"href":"https:\/\/www.akuplastics.com\/hu\/wp-json\/wp\/v2\/pages\/9223\/revisions"}],"predecessor-version":[{"id":25675,"href":"https:\/\/www.akuplastics.com\/hu\/wp-json\/wp\/v2\/pages\/9223\/revisions\/25675"}],"wp:attachment":[{"href":"https:\/\/www.akuplastics.com\/hu\/wp-json\/wp\/v2\/media?parent=9223"}],"curies":[{"name":"wp","href":"https:\/\/api.w.org\/{rel}","templated":true}]}}