{"id":9213,"date":"2020-08-04T13:08:52","date_gmt":"2020-08-04T11:08:52","guid":{"rendered":"https:\/\/www.akuplastics.com\/felkesz-termekek\/"},"modified":"2024-04-28T20:10:18","modified_gmt":"2024-04-28T18:10:18","slug":"felkesz-termekek-lemezek-tomor-rudak-ureges-rudak-profilok-csovek-hegesztesi-rudak","status":"publish","type":"page","link":"https:\/\/www.akuplastics.com\/hu\/felkesz-termekek-lemezek-tomor-rudak-ureges-rudak-profilok-csovek-hegesztesi-rudak\/","title":{"rendered":"F\u00e9lk\u00e9sz term\u00e9kek"},"content":{"rendered":"\t\t<div data-elementor-type=\"wp-page\" data-elementor-id=\"9213\" class=\"elementor elementor-9213 elementor-507\" data-elementor-post-type=\"page\">\n\t\t\t\t\t\t<section class=\"elementor-section elementor-top-section elementor-element elementor-element-8528a22 elementor-section-boxed elementor-section-height-default elementor-section-height-default\" data-id=\"8528a22\" data-element_type=\"section\" data-e-type=\"section\">\n\t\t\t\t\t\t<div class=\"elementor-container elementor-column-gap-default\">\n\t\t\t\t\t<div class=\"elementor-column elementor-col-100 elementor-top-column elementor-element elementor-element-6a4a542\" data-id=\"6a4a542\" data-element_type=\"column\" data-e-type=\"column\">\n\t\t\t<div class=\"elementor-widget-wrap elementor-element-populated\">\n\t\t\t\t\t\t<div class=\"elementor-element elementor-element-bbfa300 elementor-widget elementor-widget-heading\" data-id=\"bbfa300\" data-element_type=\"widget\" data-e-type=\"widget\" data-widget_type=\"heading.default\">\n\t\t\t\t<div class=\"elementor-widget-container\">\n\t\t\t\t\t<h1 class=\"elementor-heading-title elementor-size-default\">F\u00e9lk\u00e9sz term\u00e9kek<\/h1>\t\t\t\t<\/div>\n\t\t\t\t<\/div>\n\t\t\t\t\t<\/div>\n\t\t<\/div>\n\t\t\t\t\t<\/div>\n\t\t<\/section>\n\t\t\t\t<section class=\"elementor-section elementor-top-section elementor-element elementor-element-f621e66 elementor-section-boxed elementor-section-height-default elementor-section-height-default\" data-id=\"f621e66\" data-element_type=\"section\" data-e-type=\"section\">\n\t\t\t\t\t\t<div class=\"elementor-container elementor-column-gap-default\">\n\t\t\t\t\t<div class=\"elementor-column elementor-col-25 elementor-top-column elementor-element elementor-element-eddd54d\" data-id=\"eddd54d\" data-element_type=\"column\" data-e-type=\"column\">\n\t\t\t<div class=\"elementor-widget-wrap elementor-element-populated\">\n\t\t\t\t\t\t<div class=\"elementor-element elementor-element-2177ed7 elementor-cta--valign-middle elementor-cta--skin-classic elementor-animated-content elementor-widget elementor-widget-call-to-action\" data-id=\"2177ed7\" data-element_type=\"widget\" data-e-type=\"widget\" data-widget_type=\"call-to-action.default\">\n\t\t\t\t<div class=\"elementor-widget-container\">\n\t\t\t\t\t\t\t<a class=\"elementor-cta\" href=\"https:\/\/www.akuplastics.com\/hu\/felkesz-termekek-lemezek-tomor-rudak-ureges-rudak-profilok-csovek-hegesztesi-rudak\/lemezek\/\">\n\t\t\t\t\t<div class=\"elementor-cta__bg-wrapper\">\n\t\t\t\t<div class=\"elementor-cta__bg elementor-bg\" style=\"background-image: url(https:\/\/www.akuplastics.com\/wp-content\/uploads\/2023\/09\/AKU_ver._Platten-Edited-300x292.png);\" role=\"img\" aria-label=\"M\u0171anyag lemezek, f\u00e9lk\u00e9sz term\u00e9kek: PE, PVC, PP, POM, PVDF, PTFE, PVDF, ECTFE, PCTFE, FEP, PFA\"><\/div>\n\t\t\t\t<div class=\"elementor-cta__bg-overlay\"><\/div>\n\t\t\t<\/div>\n\t\t\t\t\t\t\t<div class=\"elementor-cta__content\">\n\t\t\t\t\n\t\t\t\t\t\t\t\t\t<h1 class=\"elementor-cta__title elementor-cta__content-item elementor-content-item\">\n\t\t\t\t\t\tLemezek\t\t\t\t\t<\/h1>\n\t\t\t\t\n\t\t\t\t\n\t\t\t\t\t\t\t<\/div>\n\t\t\t\t\t\t<\/a>\n\t\t\t\t\t\t<\/div>\n\t\t\t\t<\/div>\n\t\t\t\t<div class=\"elementor-element elementor-element-f683d87 elementor-cta--skin-classic elementor-animated-content elementor-widget elementor-widget-call-to-action\" data-id=\"f683d87\" data-element_type=\"widget\" data-e-type=\"widget\" data-widget_type=\"call-to-action.default\">\n\t\t\t\t<div class=\"elementor-widget-container\">\n\t\t\t\t\t\t\t<a class=\"elementor-cta\" href=\"https:\/\/www.akuplastics.com\/hu\/felkesz-termekek-lemezek-tomor-rudak-ureges-rudak-profilok-csovek-hegesztesi-rudak\/formazott-csovek-pvc-u-pe-pp\/\">\n\t\t\t\t\t<div class=\"elementor-cta__bg-wrapper\">\n\t\t\t\t<div class=\"elementor-cta__bg elementor-bg\" style=\"background-image: url(https:\/\/www.akuplastics.com\/wp-content\/uploads\/2024\/02\/GEHR-PP-200x300.webp);\" role=\"img\" aria-label=\"PP \u00fcreges rudak perem rudak hatsz\u00f6glet\u0171 rudak\"><\/div>\n\t\t\t\t<div class=\"elementor-cta__bg-overlay\"><\/div>\n\t\t\t<\/div>\n\t\t\t\t\t\t\t<div class=\"elementor-cta__content\">\n\t\t\t\t\n\t\t\t\t\t\t\t\t\t<h2 class=\"elementor-cta__title elementor-cta__content-item elementor-content-item\">\n\t\t\t\t\t\tProfilcs\u00f6vek\t\t\t\t\t<\/h2>\n\t\t\t\t\n\t\t\t\t\n\t\t\t\t\t\t\t<\/div>\n\t\t\t\t\t\t<\/a>\n\t\t\t\t\t\t<\/div>\n\t\t\t\t<\/div>\n\t\t\t\t\t<\/div>\n\t\t<\/div>\n\t\t\t\t<div class=\"elementor-column elementor-col-25 elementor-top-column elementor-element elementor-element-f7a8564\" data-id=\"f7a8564\" data-element_type=\"column\" data-e-type=\"column\">\n\t\t\t<div class=\"elementor-widget-wrap elementor-element-populated\">\n\t\t\t\t\t\t<div class=\"elementor-element elementor-element-33452c6 elementor-cta--skin-classic elementor-animated-content elementor-widget elementor-widget-call-to-action\" data-id=\"33452c6\" data-element_type=\"widget\" data-e-type=\"widget\" data-widget_type=\"call-to-action.default\">\n\t\t\t\t<div class=\"elementor-widget-container\">\n\t\t\t\t\t\t\t<a class=\"elementor-cta\" href=\"https:\/\/www.akuplastics.com\/hu\/felkesz-termekek-lemezek-tomor-rudak-ureges-rudak-profilok-csovek-hegesztesi-rudak\/tomor-rudak-rudak-felkesz-termekek-muanyagok\/\">\n\t\t\t\t\t<div class=\"elementor-cta__bg-wrapper\">\n\t\t\t\t<div class=\"elementor-cta__bg elementor-bg\" style=\"background-image: url(https:\/\/www.akuplastics.com\/wp-content\/uploads\/2024\/02\/GEHR-PVC-1-230x300.webp);\" role=\"img\" aria-label=\"PVC k\u00f6rrudak\"><\/div>\n\t\t\t\t<div class=\"elementor-cta__bg-overlay\"><\/div>\n\t\t\t<\/div>\n\t\t\t\t\t\t\t<div class=\"elementor-cta__content\">\n\t\t\t\t\n\t\t\t\t\t\t\t\t\t<h2 class=\"elementor-cta__title elementor-cta__content-item elementor-content-item\">\n\t\t\t\t\t\tT\u00f6m\u00f6r rudak\t\t\t\t\t<\/h2>\n\t\t\t\t\n\t\t\t\t\n\t\t\t\t\t\t\t<\/div>\n\t\t\t\t\t\t<\/a>\n\t\t\t\t\t\t<\/div>\n\t\t\t\t<\/div>\n\t\t\t\t<div class=\"elementor-element elementor-element-d5bfc02 elementor-cta--skin-classic elementor-animated-content elementor-widget elementor-widget-call-to-action\" data-id=\"d5bfc02\" data-element_type=\"widget\" data-e-type=\"widget\" data-widget_type=\"call-to-action.default\">\n\t\t\t\t<div class=\"elementor-widget-container\">\n\t\t\t\t\t\t\t<a class=\"elementor-cta\" href=\"https:\/\/www.akuplastics.com\/hu\/felkesz-termekek-lemezek-tomor-rudak-ureges-rudak-profilok-csovek-hegesztesi-rudak\/4-elu-lapos-6-elu-rudak\/\">\n\t\t\t\t\t<div class=\"elementor-cta__bg-wrapper\">\n\t\t\t\t<div class=\"elementor-cta__bg elementor-bg\" style=\"background-image: url(https:\/\/www.akuplastics.com\/wp-content\/uploads\/2023\/09\/Bild2-Edited-268x300.png);\" role=\"img\" aria-label=\"Standard profilok U-profilok T-profilok H-profilok\"><\/div>\n\t\t\t\t<div class=\"elementor-cta__bg-overlay\"><\/div>\n\t\t\t<\/div>\n\t\t\t\t\t\t\t<div class=\"elementor-cta__content\">\n\t\t\t\t\n\t\t\t\t\t\t\t\t\t<h2 class=\"elementor-cta__title elementor-cta__content-item elementor-content-item\">\n\t\t\t\t\t\tLapos, 4 \u00e9s 6 sz\u00f6gletes rudak\t\t\t\t\t<\/h2>\n\t\t\t\t\n\t\t\t\t\n\t\t\t\t\t\t\t<\/div>\n\t\t\t\t\t\t<\/a>\n\t\t\t\t\t\t<\/div>\n\t\t\t\t<\/div>\n\t\t\t\t\t<\/div>\n\t\t<\/div>\n\t\t\t\t<div class=\"elementor-column elementor-col-25 elementor-top-column elementor-element elementor-element-eaaf1e1\" data-id=\"eaaf1e1\" data-element_type=\"column\" data-e-type=\"column\">\n\t\t\t<div class=\"elementor-widget-wrap elementor-element-populated\">\n\t\t\t\t\t\t<div class=\"elementor-element elementor-element-b779991 elementor-cta--skin-classic elementor-animated-content elementor-widget elementor-widget-call-to-action\" data-id=\"b779991\" data-element_type=\"widget\" data-e-type=\"widget\" data-widget_type=\"call-to-action.default\">\n\t\t\t\t<div class=\"elementor-widget-container\">\n\t\t\t\t\t\t\t<a class=\"elementor-cta\" href=\"https:\/\/www.akuplastics.com\/hu\/felkesz-termekek-lemezek-tomor-rudak-ureges-rudak-profilok-csovek-hegesztesi-rudak\/uereges-rudak\/\">\n\t\t\t\t\t<div class=\"elementor-cta__bg-wrapper\">\n\t\t\t\t<div class=\"elementor-cta__bg elementor-bg\" style=\"background-image: url(https:\/\/www.akuplastics.com\/wp-content\/uploads\/2024\/02\/Product-Overview-3-300x248.webp);\" role=\"img\" aria-label=\"\u00dcreges rudak: PVC, PP, PE, PVDF, PA, POM, PTFE, PCTFE, ECTFE, PFA, FEP\"><\/div>\n\t\t\t\t<div class=\"elementor-cta__bg-overlay\"><\/div>\n\t\t\t<\/div>\n\t\t\t\t\t\t\t<div class=\"elementor-cta__content\">\n\t\t\t\t\n\t\t\t\t\t\t\t\t\t<h2 class=\"elementor-cta__title elementor-cta__content-item elementor-content-item\">\n\t\t\t\t\t\t\u00dcreges rudak\t\t\t\t\t<\/h2>\n\t\t\t\t\n\t\t\t\t\n\t\t\t\t\t\t\t<\/div>\n\t\t\t\t\t\t<\/a>\n\t\t\t\t\t\t<\/div>\n\t\t\t\t<\/div>\n\t\t\t\t<div class=\"elementor-element elementor-element-32b630d elementor-cta--layout-image-above elementor-cta--valign-middle elementor-cta--skin-classic elementor-animated-content elementor-widget elementor-widget-call-to-action\" data-id=\"32b630d\" data-element_type=\"widget\" data-e-type=\"widget\" data-widget_type=\"call-to-action.default\">\n\t\t\t\t<div class=\"elementor-widget-container\">\n\t\t\t\t\t\t\t<a class=\"elementor-cta\" href=\"https:\/\/www.akuplastics.com\/hu\/felkesz-termekek-lemezek-tomor-rudak-ureges-rudak-profilok-csovek-hegesztesi-rudak\/hegesztesi-fogyoeszkoezoek\/\">\n\t\t\t\t\t<div class=\"elementor-cta__bg-wrapper\">\n\t\t\t\t<div class=\"elementor-cta__bg elementor-bg\" style=\"background-image: url(https:\/\/www.akuplastics.com\/wp-content\/uploads\/2024\/02\/Welding-Rod-300x239.webp);\" role=\"img\" aria-label=\"Hegeszt\u0151anyagok, f\u00e9lk\u00e9sz m\u0171anyag term\u00e9kek\"><\/div>\n\t\t\t\t<div class=\"elementor-cta__bg-overlay\"><\/div>\n\t\t\t<\/div>\n\t\t\t\t\t\t\t<div class=\"elementor-cta__content\">\n\t\t\t\t\n\t\t\t\t\t\t\t\t\t<h2 class=\"elementor-cta__title elementor-cta__content-item elementor-content-item\">\n\t\t\t\t\t\tHegeszt\u00e9si fogy\u00f3eszk\u00f6z\u00f6k\t\t\t\t\t<\/h2>\n\t\t\t\t\n\t\t\t\t\n\t\t\t\t\t\t\t<\/div>\n\t\t\t\t\t\t<\/a>\n\t\t\t\t\t\t<\/div>\n\t\t\t\t<\/div>\n\t\t\t\t\t<\/div>\n\t\t<\/div>\n\t\t\t\t<div class=\"elementor-column elementor-col-25 elementor-top-column elementor-element elementor-element-77e725e\" data-id=\"77e725e\" data-element_type=\"column\" data-e-type=\"column\">\n\t\t\t<div class=\"elementor-widget-wrap elementor-element-populated\">\n\t\t\t\t\t\t<div class=\"elementor-element elementor-element-ca2d671 elementor-cta--skin-classic elementor-animated-content elementor-widget elementor-widget-call-to-action\" data-id=\"ca2d671\" data-element_type=\"widget\" data-e-type=\"widget\" data-widget_type=\"call-to-action.default\">\n\t\t\t\t<div class=\"elementor-widget-container\">\n\t\t\t\t\t\t\t<a class=\"elementor-cta\" href=\"https:\/\/www.akuplastics.com\/hu\/felkesz-termekek-lemezek-tomor-rudak-ureges-rudak-profilok-csovek-hegesztesi-rudak\/csoevek-megtekintese\/\">\n\t\t\t\t\t<div class=\"elementor-cta__bg-wrapper\">\n\t\t\t\t<div class=\"elementor-cta__bg elementor-bg\" style=\"background-image: url(https:\/\/www.akuplastics.com\/wp-content\/uploads\/2024\/02\/GEHR-PVC-transparent-Tubes-300x300.webp);\" role=\"img\" aria-label=\"PVC \u00c1tl\u00e1tsz\u00f3 cs\u00f6vek\"><\/div>\n\t\t\t\t<div class=\"elementor-cta__bg-overlay\"><\/div>\n\t\t\t<\/div>\n\t\t\t\t\t\t\t<div class=\"elementor-cta__content\">\n\t\t\t\t\n\t\t\t\t\t\t\t\t\t<h2 class=\"elementor-cta__title elementor-cta__content-item elementor-content-item\">\n\t\t\t\t\t\t\u00c1tl\u00e1tsz\u00f3 cs\u00f6vek\t\t\t\t\t<\/h2>\n\t\t\t\t\n\t\t\t\t\n\t\t\t\t\t\t\t<\/div>\n\t\t\t\t\t\t<\/a>\n\t\t\t\t\t\t<\/div>\n\t\t\t\t<\/div>\n\t\t\t\t<div class=\"elementor-element elementor-element-5735e5d elementor-cta--skin-classic elementor-animated-content elementor-widget elementor-widget-call-to-action\" data-id=\"5735e5d\" data-element_type=\"widget\" data-e-type=\"widget\" data-widget_type=\"call-to-action.default\">\n\t\t\t\t<div class=\"elementor-widget-container\">\n\t\t\t\t\t\t\t<a class=\"elementor-cta\" href=\"https:\/\/www.akuplastics.com\/halbzeug-platten-vollstaebe-hohlstaebe\/normprofile-u-profile-t-profile-h-profile\/\">\n\t\t\t\t\t<div class=\"elementor-cta__bg-wrapper\">\n\t\t\t\t<div class=\"elementor-cta__bg elementor-bg\" style=\"background-image: url(https:\/\/www.akuplastics.com\/wp-content\/uploads\/2024\/02\/Profiles-2--260x300.webp);\" role=\"img\" aria-label=\"PVC-U H-profilok, U-profilok, L-profilok, standard profilok\"><\/div>\n\t\t\t\t<div class=\"elementor-cta__bg-overlay\"><\/div>\n\t\t\t<\/div>\n\t\t\t\t\t\t\t<div class=\"elementor-cta__content\">\n\t\t\t\t\n\t\t\t\t\t\t\t\t\t<h2 class=\"elementor-cta__title elementor-cta__content-item elementor-content-item\">\n\t\t\t\t\t\tStandard profilok\t\t\t\t\t<\/h2>\n\t\t\t\t\n\t\t\t\t\n\t\t\t\t\t\t\t<\/div>\n\t\t\t\t\t\t<\/a>\n\t\t\t\t\t\t<\/div>\n\t\t\t\t<\/div>\n\t\t\t\t\t<\/div>\n\t\t<\/div>\n\t\t\t\t\t<\/div>\n\t\t<\/section>\n\t\t\t\t<\/div>\n\t\t","protected":false},"excerpt":{"rendered":"<p>F\u00e9lk\u00e9sz term\u00e9kek Lemezek Profilcs\u00f6vek T\u00f6m\u00f6r rudak Lapos, 4 \u00e9s 6 sz\u00f6gletes rudak \u00dcreges rudak Hegeszt\u00e9si fogy\u00f3eszk\u00f6z\u00f6k \u00c1tl\u00e1tsz\u00f3 cs\u00f6vek Standard profilok<\/p>\n","protected":false},"author":2,"featured_media":0,"parent":0,"menu_order":0,"comment_status":"closed","ping_status":"closed","template":"elementor_header_footer","meta":{"iawp_total_views":114,"footnotes":""},"class_list":["post-9213","page","type-page","status-publish","hentry"],"yoast_head":"<!-- This site is optimized with the Yoast SEO Premium plugin v27.4 (Yoast SEO v27.5) - https:\/\/yoast.com\/product\/yoast-seo-premium-wordpress\/ -->\n<title>F\u00e9lk\u00e9sz term\u00e9kek Lemezek T\u00f6m\u00f6r rudak \u00dcreges r\u00fadak Profilok Cs\u00f6vek Hegeszt\u00e9si rudak<\/title>\n<meta name=\"description\" content=\"F\u00e9lk\u00e9sz term\u00e9kek Lemezek T\u00f6m\u00f6r rudak \u00dcreges rudak Lapos rudak Szabv\u00e1nyos profilok Hegeszt\u00e9si rudak \u00e9s l\u00e1t\u00f3cs\u00f6vek, megmunk\u00e1lt k\u00e9sz term\u00e9kek, \u00f6nt\u00f6tt szell\u0151z\u0151 alkatr\u00e9szek. \u00dcdv\u00f6z\u00f6lj\u00fck az AKUPLASTICS-n\u00e1l, a kiv\u00e1l\u00f3 min\u0151s\u00e9g\u0171 f\u00e9lk\u00e9sz \u00e9s k\u00e9sz term\u00e9kek megb\u00edzhat\u00f3 partner\u00e9n\u00e9l. Sz\u00e9les v\u00e1laszt\u00e9k a lemezekt\u0151l a hegeszt\u0151g\u00e9pekig, a PVC-t\u0151l a PTFE-ig. Fedezze fel a megold\u00e1sokat a k\u00f6vetkez\u0151 anyagokb\u00f3l: merev PVC, PVC-U, PVC-HI, PVC-ELS, PVC-C, C-PVC, CPVC, Trovidur\u00ae, Corzan\u00ae, hajl\u00e9kony PVC, PVC-P, merev PVC hab, k\u00f6nny\u0171 PVC hab, merev PVC hab, PVC hab\" \/>\n<meta name=\"robots\" content=\"index, follow, max-snippet:-1, max-image-preview:large, max-video-preview:-1\" \/>\n<link rel=\"canonical\" href=\"https:\/\/www.akuplastics.com\/hu\/felkesz-termekek-lemezek-tomor-rudak-ureges-rudak-profilok-csovek-hegesztesi-rudak\/\" \/>\n<script type=\"application\/ld+json\" class=\"yoast-schema-graph\">{\"@context\":\"https:\\\/\\\/schema.org\",\"@graph\":[{\"@type\":\"WebPage\",\"@id\":\"https:\\\/\\\/www.akuplastics.com\\\/hu\\\/felkesz-termekek-lemezek-tomor-rudak-ureges-rudak-profilok-csovek-hegesztesi-rudak\\\/\",\"url\":\"https:\\\/\\\/www.akuplastics.com\\\/hu\\\/felkesz-termekek-lemezek-tomor-rudak-ureges-rudak-profilok-csovek-hegesztesi-rudak\\\/\",\"name\":\"F\u00e9lk\u00e9sz term\u00e9kek Lemezek T\u00f6m\u00f6r rudak \u00dcreges r\u00fadak Profilok Cs\u00f6vek Hegeszt\u00e9si rudak\",\"isPartOf\":{\"@id\":\"https:\\\/\\\/www.akuplastics.com\\\/hu\\\/#website\"},\"datePublished\":\"2020-08-04T11:08:52+00:00\",\"dateModified\":\"2024-04-28T18:10:18+00:00\",\"description\":\"F\u00e9lk\u00e9sz term\u00e9kek Lemezek T\u00f6m\u00f6r rudak \u00dcreges rudak Lapos rudak Szabv\u00e1nyos profilok Hegeszt\u00e9si rudak \u00e9s l\u00e1t\u00f3cs\u00f6vek, megmunk\u00e1lt k\u00e9sz term\u00e9kek, \u00f6nt\u00f6tt szell\u0151z\u0151 alkatr\u00e9szek. \u00dcdv\u00f6z\u00f6lj\u00fck az AKUPLASTICS-n\u00e1l, a kiv\u00e1l\u00f3 min\u0151s\u00e9g\u0171 f\u00e9lk\u00e9sz \u00e9s k\u00e9sz term\u00e9kek megb\u00edzhat\u00f3 partner\u00e9n\u00e9l. Sz\u00e9les v\u00e1laszt\u00e9k a lemezekt\u0151l a hegeszt\u0151g\u00e9pekig, a PVC-t\u0151l a PTFE-ig. Fedezze fel a megold\u00e1sokat a k\u00f6vetkez\u0151 anyagokb\u00f3l: merev PVC, PVC-U, PVC-HI, PVC-ELS, PVC-C, C-PVC, CPVC, Trovidur\u00ae, Corzan\u00ae, hajl\u00e9kony PVC, PVC-P, merev PVC hab, k\u00f6nny\u0171 PVC hab, merev PVC hab, PVC hab\",\"breadcrumb\":{\"@id\":\"https:\\\/\\\/www.akuplastics.com\\\/hu\\\/felkesz-termekek-lemezek-tomor-rudak-ureges-rudak-profilok-csovek-hegesztesi-rudak\\\/#breadcrumb\"},\"inLanguage\":\"hu\",\"potentialAction\":[{\"@type\":\"ReadAction\",\"target\":[\"https:\\\/\\\/www.akuplastics.com\\\/hu\\\/felkesz-termekek-lemezek-tomor-rudak-ureges-rudak-profilok-csovek-hegesztesi-rudak\\\/\"]}]},{\"@type\":\"BreadcrumbList\",\"@id\":\"https:\\\/\\\/www.akuplastics.com\\\/hu\\\/felkesz-termekek-lemezek-tomor-rudak-ureges-rudak-profilok-csovek-hegesztesi-rudak\\\/#breadcrumb\",\"itemListElement\":[{\"@type\":\"ListItem\",\"position\":1,\"name\":\"Kezd\u0151lap\",\"item\":\"https:\\\/\\\/www.akuplastics.com\\\/hu\\\/\"},{\"@type\":\"ListItem\",\"position\":2,\"name\":\"F\u00e9lk\u00e9sz term\u00e9kek\"}]},{\"@type\":\"WebSite\",\"@id\":\"https:\\\/\\\/www.akuplastics.com\\\/hu\\\/#website\",\"url\":\"https:\\\/\\\/www.akuplastics.com\\\/hu\\\/\",\"name\":\"Semi-Finished Products \u2013 Finished Parts \u2013 Ventilation Moulded Parts \u2013 Machines\",\"description\":\"Halbzeuge, Halbfabrikate, Kunststoffhalbzeuge, Kunststoffhalbfabrikate\",\"publisher\":{\"@id\":\"https:\\\/\\\/www.akuplastics.com\\\/hu\\\/#organization\"},\"alternateName\":\"AKUPLASTICS \u2013 Engineering in Plastics\",\"potentialAction\":[{\"@type\":\"SearchAction\",\"target\":{\"@type\":\"EntryPoint\",\"urlTemplate\":\"https:\\\/\\\/www.akuplastics.com\\\/hu\\\/?s={search_term_string}\"},\"query-input\":{\"@type\":\"PropertyValueSpecification\",\"valueRequired\":true,\"valueName\":\"search_term_string\"}}],\"inLanguage\":\"hu\"},{\"@type\":\"Organization\",\"@id\":\"https:\\\/\\\/www.akuplastics.com\\\/hu\\\/#organization\",\"name\":\"Ing. Christian Ahlborn e.U.\",\"alternateName\":\"AKU\",\"url\":\"https:\\\/\\\/www.akuplastics.com\\\/hu\\\/\",\"logo\":{\"@type\":\"ImageObject\",\"inLanguage\":\"hu\",\"@id\":\"https:\\\/\\\/www.akuplastics.com\\\/hu\\\/#\\\/schema\\\/logo\\\/image\\\/\",\"url\":\"https:\\\/\\\/www.akuplastics.com\\\/wp-content\\\/uploads\\\/2020\\\/07\\\/Grafik14-inkl-r.png\",\"contentUrl\":\"https:\\\/\\\/www.akuplastics.com\\\/wp-content\\\/uploads\\\/2020\\\/07\\\/Grafik14-inkl-r.png\",\"width\":1994,\"height\":743,\"caption\":\"Ing. Christian Ahlborn e.U.\"},\"image\":{\"@id\":\"https:\\\/\\\/www.akuplastics.com\\\/hu\\\/#\\\/schema\\\/logo\\\/image\\\/\"}}]}<\/script>\n<!-- \/ Yoast SEO Premium plugin. -->","yoast_head_json":{"title":"F\u00e9lk\u00e9sz term\u00e9kek Lemezek T\u00f6m\u00f6r rudak \u00dcreges r\u00fadak Profilok Cs\u00f6vek Hegeszt\u00e9si rudak","description":"F\u00e9lk\u00e9sz term\u00e9kek Lemezek T\u00f6m\u00f6r rudak \u00dcreges rudak Lapos rudak Szabv\u00e1nyos profilok Hegeszt\u00e9si rudak \u00e9s l\u00e1t\u00f3cs\u00f6vek, megmunk\u00e1lt k\u00e9sz term\u00e9kek, \u00f6nt\u00f6tt szell\u0151z\u0151 alkatr\u00e9szek. \u00dcdv\u00f6z\u00f6lj\u00fck az AKUPLASTICS-n\u00e1l, a kiv\u00e1l\u00f3 min\u0151s\u00e9g\u0171 f\u00e9lk\u00e9sz \u00e9s k\u00e9sz term\u00e9kek megb\u00edzhat\u00f3 partner\u00e9n\u00e9l. Sz\u00e9les v\u00e1laszt\u00e9k a lemezekt\u0151l a hegeszt\u0151g\u00e9pekig, a PVC-t\u0151l a PTFE-ig. Fedezze fel a megold\u00e1sokat a k\u00f6vetkez\u0151 anyagokb\u00f3l: merev PVC, PVC-U, PVC-HI, PVC-ELS, PVC-C, C-PVC, CPVC, Trovidur\u00ae, Corzan\u00ae, hajl\u00e9kony PVC, PVC-P, merev PVC hab, k\u00f6nny\u0171 PVC hab, merev PVC hab, PVC hab","robots":{"index":"index","follow":"follow","max-snippet":"max-snippet:-1","max-image-preview":"max-image-preview:large","max-video-preview":"max-video-preview:-1"},"canonical":"https:\/\/www.akuplastics.com\/hu\/felkesz-termekek-lemezek-tomor-rudak-ureges-rudak-profilok-csovek-hegesztesi-rudak\/","schema":{"@context":"https:\/\/schema.org","@graph":[{"@type":"WebPage","@id":"https:\/\/www.akuplastics.com\/hu\/felkesz-termekek-lemezek-tomor-rudak-ureges-rudak-profilok-csovek-hegesztesi-rudak\/","url":"https:\/\/www.akuplastics.com\/hu\/felkesz-termekek-lemezek-tomor-rudak-ureges-rudak-profilok-csovek-hegesztesi-rudak\/","name":"F\u00e9lk\u00e9sz term\u00e9kek Lemezek T\u00f6m\u00f6r rudak \u00dcreges r\u00fadak Profilok Cs\u00f6vek Hegeszt\u00e9si rudak","isPartOf":{"@id":"https:\/\/www.akuplastics.com\/hu\/#website"},"datePublished":"2020-08-04T11:08:52+00:00","dateModified":"2024-04-28T18:10:18+00:00","description":"F\u00e9lk\u00e9sz term\u00e9kek Lemezek T\u00f6m\u00f6r rudak \u00dcreges rudak Lapos rudak Szabv\u00e1nyos profilok Hegeszt\u00e9si rudak \u00e9s l\u00e1t\u00f3cs\u00f6vek, megmunk\u00e1lt k\u00e9sz term\u00e9kek, \u00f6nt\u00f6tt szell\u0151z\u0151 alkatr\u00e9szek. \u00dcdv\u00f6z\u00f6lj\u00fck az AKUPLASTICS-n\u00e1l, a kiv\u00e1l\u00f3 min\u0151s\u00e9g\u0171 f\u00e9lk\u00e9sz \u00e9s k\u00e9sz term\u00e9kek megb\u00edzhat\u00f3 partner\u00e9n\u00e9l. Sz\u00e9les v\u00e1laszt\u00e9k a lemezekt\u0151l a hegeszt\u0151g\u00e9pekig, a PVC-t\u0151l a PTFE-ig. Fedezze fel a megold\u00e1sokat a k\u00f6vetkez\u0151 anyagokb\u00f3l: merev PVC, PVC-U, PVC-HI, PVC-ELS, PVC-C, C-PVC, CPVC, Trovidur\u00ae, Corzan\u00ae, hajl\u00e9kony PVC, PVC-P, merev PVC hab, k\u00f6nny\u0171 PVC hab, merev PVC hab, PVC hab","breadcrumb":{"@id":"https:\/\/www.akuplastics.com\/hu\/felkesz-termekek-lemezek-tomor-rudak-ureges-rudak-profilok-csovek-hegesztesi-rudak\/#breadcrumb"},"inLanguage":"hu","potentialAction":[{"@type":"ReadAction","target":["https:\/\/www.akuplastics.com\/hu\/felkesz-termekek-lemezek-tomor-rudak-ureges-rudak-profilok-csovek-hegesztesi-rudak\/"]}]},{"@type":"BreadcrumbList","@id":"https:\/\/www.akuplastics.com\/hu\/felkesz-termekek-lemezek-tomor-rudak-ureges-rudak-profilok-csovek-hegesztesi-rudak\/#breadcrumb","itemListElement":[{"@type":"ListItem","position":1,"name":"Kezd\u0151lap","item":"https:\/\/www.akuplastics.com\/hu\/"},{"@type":"ListItem","position":2,"name":"F\u00e9lk\u00e9sz term\u00e9kek"}]},{"@type":"WebSite","@id":"https:\/\/www.akuplastics.com\/hu\/#website","url":"https:\/\/www.akuplastics.com\/hu\/","name":"Semi-Finished Products \u2013 Finished Parts \u2013 Ventilation Moulded Parts \u2013 Machines","description":"Halbzeuge, Halbfabrikate, Kunststoffhalbzeuge, Kunststoffhalbfabrikate","publisher":{"@id":"https:\/\/www.akuplastics.com\/hu\/#organization"},"alternateName":"AKUPLASTICS \u2013 Engineering in Plastics","potentialAction":[{"@type":"SearchAction","target":{"@type":"EntryPoint","urlTemplate":"https:\/\/www.akuplastics.com\/hu\/?s={search_term_string}"},"query-input":{"@type":"PropertyValueSpecification","valueRequired":true,"valueName":"search_term_string"}}],"inLanguage":"hu"},{"@type":"Organization","@id":"https:\/\/www.akuplastics.com\/hu\/#organization","name":"Ing. Christian Ahlborn e.U.","alternateName":"AKU","url":"https:\/\/www.akuplastics.com\/hu\/","logo":{"@type":"ImageObject","inLanguage":"hu","@id":"https:\/\/www.akuplastics.com\/hu\/#\/schema\/logo\/image\/","url":"https:\/\/www.akuplastics.com\/wp-content\/uploads\/2020\/07\/Grafik14-inkl-r.png","contentUrl":"https:\/\/www.akuplastics.com\/wp-content\/uploads\/2020\/07\/Grafik14-inkl-r.png","width":1994,"height":743,"caption":"Ing. Christian Ahlborn e.U."},"image":{"@id":"https:\/\/www.akuplastics.com\/hu\/#\/schema\/logo\/image\/"}}]}},"_links":{"self":[{"href":"https:\/\/www.akuplastics.com\/hu\/wp-json\/wp\/v2\/pages\/9213","targetHints":{"allow":["GET"]}}],"collection":[{"href":"https:\/\/www.akuplastics.com\/hu\/wp-json\/wp\/v2\/pages"}],"about":[{"href":"https:\/\/www.akuplastics.com\/hu\/wp-json\/wp\/v2\/types\/page"}],"author":[{"embeddable":true,"href":"https:\/\/www.akuplastics.com\/hu\/wp-json\/wp\/v2\/users\/2"}],"replies":[{"embeddable":true,"href":"https:\/\/www.akuplastics.com\/hu\/wp-json\/wp\/v2\/comments?post=9213"}],"version-history":[{"count":38,"href":"https:\/\/www.akuplastics.com\/hu\/wp-json\/wp\/v2\/pages\/9213\/revisions"}],"predecessor-version":[{"id":22543,"href":"https:\/\/www.akuplastics.com\/hu\/wp-json\/wp\/v2\/pages\/9213\/revisions\/22543"}],"wp:attachment":[{"href":"https:\/\/www.akuplastics.com\/hu\/wp-json\/wp\/v2\/media?parent=9213"}],"curies":[{"name":"wp","href":"https:\/\/api.w.org\/{rel}","templated":true}]}}