{"id":9148,"date":"2020-09-17T10:21:27","date_gmt":"2020-09-17T08:21:27","guid":{"rendered":"https:\/\/www.akuplastics.com\/diakok\/"},"modified":"2024-04-19T10:51:53","modified_gmt":"2024-04-19T08:51:53","slug":"foliak","status":"publish","type":"page","link":"https:\/\/www.akuplastics.com\/hu\/felkesz-termekek-lemezek-tomor-rudak-ureges-rudak-profilok-csovek-hegesztesi-rudak\/foliak\/","title":{"rendered":"F\u00f3li\u00e1k"},"content":{"rendered":"\t\t<div data-elementor-type=\"wp-page\" data-elementor-id=\"9148\" class=\"elementor elementor-9148 elementor-615\" data-elementor-post-type=\"page\">\n\t\t\t\t\t\t<section class=\"elementor-section elementor-top-section elementor-element elementor-element-74bd8aed elementor-section-full_width elementor-section-height-default elementor-section-height-default\" data-id=\"74bd8aed\" data-element_type=\"section\" data-e-type=\"section\" data-settings=\"{&quot;background_background&quot;:&quot;gradient&quot;}\">\n\t\t\t\t\t\t<div class=\"elementor-container elementor-column-gap-default\">\n\t\t\t\t\t<div class=\"elementor-column elementor-col-100 elementor-top-column elementor-element elementor-element-f000e55\" data-id=\"f000e55\" data-element_type=\"column\" data-e-type=\"column\">\n\t\t\t<div class=\"elementor-widget-wrap elementor-element-populated\">\n\t\t\t\t\t\t<section class=\"elementor-section elementor-inner-section elementor-element elementor-element-27737fea elementor-section-boxed elementor-section-height-default elementor-section-height-default\" data-id=\"27737fea\" data-element_type=\"section\" data-e-type=\"section\">\n\t\t\t\t\t\t<div class=\"elementor-container elementor-column-gap-default\">\n\t\t\t\t\t<div class=\"elementor-column elementor-col-100 elementor-inner-column elementor-element elementor-element-6b92bb6b\" data-id=\"6b92bb6b\" data-element_type=\"column\" data-e-type=\"column\">\n\t\t\t<div class=\"elementor-widget-wrap elementor-element-populated\">\n\t\t\t\t\t\t<div class=\"elementor-element elementor-element-6a8ca19 elementor-widget__width-inherit elementor-widget elementor-widget-text-editor\" data-id=\"6a8ca19\" data-element_type=\"widget\" data-e-type=\"widget\" data-widget_type=\"text-editor.default\">\n\t\t\t\t<div class=\"elementor-widget-container\">\n\t\t\t\t\t\t\t\t\t<h1>FEP \u00e9s PTFE leh\u00fazhat\u00f3 f\u00f3li\u00e1kb\u00f3l k\u00e9sz\u00fclt f\u00f3li\u00e1k\u00a0<\/h1><p>A FEP-b\u0151l (fluoretil\u00e9n-propil\u00e9n) \u00e9s PTFE-b\u0151l (politetrafluoretil\u00e9n) k\u00e9sz\u00fclt f\u00f3li\u00e1k v\u00e9kony fal\u00fa, rugalmas anyagok, amelyeket egyedi k\u00e9miai \u00e9s fizikai tulajdons\u00e1gaik miatt k\u00fcl\u00f6nb\u00f6z\u0151 alkalmaz\u00e1sokban haszn\u00e1lnak.<\/p><div class=\"flex-1 overflow-hidden\"><div class=\"react-scroll-to-bottom--css-agnwt-79elbk h-full\"><div class=\"react-scroll-to-bottom--css-agnwt-1n7m0yu\"><div class=\"flex flex-col pb-9 text-sm\"><div class=\"w-full text-token-text-primary\" data-testid=\"conversation-turn-75\"><div class=\"px-4 py-2 justify-center text-base md:gap-6 m-auto\"><div class=\"flex flex-1 text-base mx-auto gap-3 md:px-5 lg:px-1 xl:px-5 md:max-w-3xl lg:max-w-[40rem] xl:max-w-[48rem] group final-completion\"><div class=\"relative flex w-full flex-col lg:w-[calc(100%-115px)] agent-turn\"><div class=\"flex-col gap-1 md:gap-3\"><div class=\"flex flex-grow flex-col max-w-full\"><div class=\"min-h-[20px] text-message flex flex-col items-start gap-3 whitespace-pre-wrap break-words [.text-message+&amp;]:mt-5 overflow-x-auto\" data-message-author-role=\"assistant\" data-message-id=\"41d9bb7f-8770-45b0-8fc9-dcf3036e777c\"><div class=\"markdown prose w-full break-words dark:prose-invert light\"><p><span style=\"color: var( --e-global-color-text ); font-family: var( --e-global-typography-text-font-family ), arial; font-size: var( --e-global-typography-text-font-size ); font-weight: var( --e-global-typography-text-font-weight );\">Mi<\/span>&amp;nbsp;<span style=\"color: var( --e-global-color-text ); font-family: var( --e-global-typography-text-font-family ), arial; font-size: var( --e-global-typography-text-font-size );\"><b>a k\u00f6vetkez\u0151 anyagokb\u00f3l<\/b><\/span>sz\u00e1ll\u00edtjuk a f\u00f3li\u00e1kat <span style=\"color: var( --e-global-color-text ); font-family: var( --e-global-typography-text-font-family ), arial; font-size: var( --e-global-typography-text-font-size ); font-weight: var( --e-global-typography-text-font-weight );\">:<\/span><\/p><p style=\"padding-left: 40px;\"><a style=\"font-family: var( --e-global-typography-text-font-family ), arial; font-size: var( --e-global-typography-text-font-size ); background-color: #ffffff;\" title=\"FEP\" href=\"https:\/\/www.akuplastics.com\/hu\/felkesz-termekek-lemezek-tomor-rudak-ureges-rudak-profilok-csovek-hegesztesi-rudak\/foliak\/fep-foliak-es-lemezek-hengerelve-laminalva-laminalva-uvegszovetbol-kotott-anyaggal\/\"><b>FEP<\/b><\/a><\/p><p style=\"padding-left: 40px;\"><a href=\"https:\/\/www.akuplastics.com\/hu\/felkesz-termekek-lemezek-tomor-rudak-ureges-rudak-profilok-csovek-hegesztesi-rudak\/foliak\/ptfe-lehuzhato-foliak-inert-savallo-foliak\/\"><b>PTFE<\/b><\/a><\/p><p>\u00a0<\/p><p><strong style=\"color: var( --e-global-color-text ); font-family: var( --e-global-typography-text-font-family ), arial; font-size: var( --e-global-typography-text-font-size );\">FEP-b\u0151l k\u00e9sz\u00fclt f\u00f3li\u00e1k:<\/strong><\/p><p>A FEP-f\u00f3li\u00e1k fluoretil\u00e9n-propil\u00e9nb\u0151l k\u00e9sz\u00fclnek, amely egy fluoropolimer, amelyet tetrafluoretil\u00e9n (TFE) \u00e9s hexafluorpropil\u00e9n (HFP) kopolimeriz\u00e1ci\u00f3j\u00e1val \u00e1ll\u00edtanak el\u0151. A FEP-et nagyfok\u00fa \u00e1tl\u00e1tsz\u00f3s\u00e1g, rugalmass\u00e1g \u00e9s kiv\u00e1l\u00f3 elektromos szigetel\u00e9si tulajdons\u00e1gok jellemzik.<\/p><p>\u00a0<\/p><p><b>Tulajdons\u00e1gok \u00e9s alkalmaz\u00e1sok:<\/b><\/p><ul><li><p><strong>H\u0151m\u00e9rs\u00e9klet\u00e1ll\u00f3s\u00e1g:<\/strong> <br \/>A FEP-f\u00f3li\u00e1k magas h\u0151\u00e1ll\u00f3s\u00e1ggal rendelkeznek, \u00e9s ak\u00e1r 200 \u00b0C-os h\u0151m\u00e9rs\u00e9kleten is alkalmazhat\u00f3k an\u00e9lk\u00fcl, hogy szerkezeti tulajdons\u00e1gaik romlan\u00e1nak.<\/p><\/li><li><p><strong>K\u00e9miai ellen\u00e1ll\u00e1s:<\/strong> <br \/>A FEP k\u00e9miailag inert \u00e9s kiv\u00e1l\u00f3an ellen\u00e1ll a vegyszerek sz\u00e9les sk\u00e1l\u00e1j\u00e1nak, ami vonz\u00f3v\u00e1 teszi a vegyiparban val\u00f3 alkalmaz\u00e1sra.<\/p><\/li><li><p><strong>J\u00f3 dielektromoss\u00e1g:<\/strong> <br \/>A FEP dielektromos tulajdons\u00e1gai miatt kiv\u00e1l\u00f3 szigetel\u0151anyag, amelyet az elektromos iparban k\u00e1belburkolatokhoz \u00e9s szigetel\u0151kh\u00f6z haszn\u00e1lnak.<\/p><\/li><li><p><strong>\u00c1tl\u00e1tsz\u00f3:<\/strong> <br \/>A FEP-f\u00f3li\u00e1k \u00e1tl\u00e1tsz\u00f3ak, \u00e9s m\u00e9g hosszabb UV-sug\u00e1rz\u00e1snak val\u00f3 kitetts\u00e9g ut\u00e1n is meg\u0151rzik tisztas\u00e1gukat.<\/p><\/li><li><p><strong>Alacsony s\u00farl\u00f3d\u00e1s:<\/strong> <br \/>A FEP-et alacsony s\u00farl\u00f3d\u00e1s jellemzi, ez\u00e9rt olyan alkalmaz\u00e1sokban haszn\u00e1lhat\u00f3, ahol alacsony s\u00farl\u00f3d\u00e1si ellen\u00e1ll\u00e1ssal \u00e9s j\u00f3 cs\u00fasz\u00e1si tulajdons\u00e1gokkal kell sz\u00e1molni.<\/p><\/li><\/ul><div>\u00a0<\/div><p><strong>PTFE-b\u0151l k\u00e9sz\u00fclt f\u00f3li\u00e1k:<\/strong><\/p><p>A PTFE-f\u00f3li\u00e1k politetrafluoretil\u00e9nb\u0151l k\u00e9sz\u00fclnek, amely egy tetrafluoretil\u00e9n polimeriz\u00e1ci\u00f3j\u00e1val el\u0151\u00e1ll\u00edtott fluoropolimer. A PTFE legink\u00e1bb a Teflon\u00ae m\u00e1rkan\u00e9v alatt ismert, \u00e9s az egyik legellen\u00e1ll\u00f3bb anyagnak sz\u00e1m\u00edt a vegyi anyagokkal \u00e9s a sz\u00e9ls\u0151s\u00e9ges h\u0151m\u00e9rs\u00e9kletekkel szemben.<\/p><p>\u00a0<\/p><p><b>Tulajdons\u00e1gok \u00e9s alkalmaz\u00e1sok:<\/b><\/p><ul><li><p><strong>Rendk\u00edv\u00fcl magas h\u0151m\u00e9rs\u00e9kleti ellen\u00e1ll\u00e1s:<\/strong> <br \/>A PTFE-f\u00f3li\u00e1k ak\u00e1r 260\u00b0C-os h\u0151m\u00e9rs\u00e9kletet is kib\u00edrnak an\u00e9lk\u00fcl, hogy k\u00e9miai vagy fizikai tulajdons\u00e1gaik megv\u00e1ltozn\u00e1nak.<\/p><\/li><li><p><strong>K\u00e9miai ellen\u00e1ll\u00e1s:<\/strong> <br \/>A PTFE inert \u00e9s a legt\u00f6bb vegyszerrel szemben ellen\u00e1ll\u00f3, ez\u00e9rt alkalmas agressz\u00edv k\u00e9miai k\u00f6rnyezetben val\u00f3 haszn\u00e1latra.<\/p><\/li><li><p><strong>J\u00f3 dielektromoss\u00e1g:<\/strong> <br \/>Kiv\u00e1l\u00f3 dielektromos tulajdons\u00e1gai miatt a PTFE-t az elektromos iparban szigetel\u0151kh\u00f6z, k\u00e1belburkolatokhoz \u00e9s egy\u00e9b alkalmaz\u00e1sokhoz haszn\u00e1lj\u00e1k.<\/p><\/li><li><p><strong>Alacsony s\u00farl\u00f3d\u00e1s:<\/strong> <br \/>A PTFE-nek rendk\u00edv\u00fcl alacsony a s\u00farl\u00f3d\u00e1sa, ez\u00e9rt gyakran haszn\u00e1lj\u00e1k tapad\u00e1smentes bevonatk\u00e9nt a f\u0151z\u0151ed\u00e9nyekben, cs\u00fasz\u00f3anyagk\u00e9nt a csap\u00e1gyakban \u00e9s m\u00e1s alkalmaz\u00e1sokban.<\/p><\/li><li><p><strong>Nem ragad:<\/strong> <br \/>A PTFE nem ragad, ami azt jelenti, hogy az anyagok nem tapadnak meg a fel\u00fclet\u00e9n, \u00e9s k\u00f6nnyen lecs\u00fasznak r\u00f3la.<\/p><\/li><\/ul><div>\u00a0<\/div><p>Mindk\u00e9t esetben a FEP \u00e9s a PTFE f\u00f3li\u00e1kat <b>olyan alkalmaz\u00e1sokban<\/b> haszn\u00e1lj\u00e1k, mint a <b>t\u00f6m\u00edt\u00e9sek, szigetel\u0151k, vegyi berendez\u00e9sek, elektromos k\u00e1belek<\/b> \u00e9s sok m\u00e1s, <b>egyedi tulajdons\u00e1gaik<\/b> miatt. <br \/>A kett\u0151 k\u00f6z\u00f6tti v\u00e1laszt\u00e1s az adott alkalmaz\u00e1s egyedi k\u00f6vetelm\u00e9nyeit\u0151l f\u00fcgg.<\/p><\/div><\/div><\/div><\/div><\/div><\/div><\/div><\/div><\/div><\/div><\/div><\/div>\t\t\t\t\t\t\t\t<\/div>\n\t\t\t\t<\/div>\n\t\t\t\t\t<\/div>\n\t\t<\/div>\n\t\t\t\t\t<\/div>\n\t\t<\/section>\n\t\t\t\t\t<\/div>\n\t\t<\/div>\n\t\t\t\t\t<\/div>\n\t\t<\/section>\n\t\t\t\t<\/div>\n\t\t","protected":false},"excerpt":{"rendered":"<p>FEP \u00e9s PTFE leh\u00fazhat\u00f3 f\u00f3li\u00e1kb\u00f3l k\u00e9sz\u00fclt f\u00f3li\u00e1k\u00a0 A FEP-b\u0151l (fluoretil\u00e9n-propil\u00e9n) \u00e9s PTFE-b\u0151l (politetrafluoretil\u00e9n) k\u00e9sz\u00fclt f\u00f3li\u00e1k v\u00e9kony fal\u00fa, rugalmas anyagok, amelyeket egyedi k\u00e9miai \u00e9s fizikai tulajdons\u00e1gaik miatt k\u00fcl\u00f6nb\u00f6z\u0151 alkalmaz\u00e1sokban haszn\u00e1lnak. Mi&amp;nbsp;a k\u00f6vetkez\u0151 anyagokb\u00f3lsz\u00e1ll\u00edtjuk a f\u00f3li\u00e1kat : FEP PTFE \u00a0 FEP-b\u0151l k\u00e9sz\u00fclt f\u00f3li\u00e1k: A FEP-f\u00f3li\u00e1k fluoretil\u00e9n-propil\u00e9nb\u0151l k\u00e9sz\u00fclnek, amely egy fluoropolimer, amelyet tetrafluoretil\u00e9n (TFE) \u00e9s hexafluorpropil\u00e9n (HFP) kopolimeriz\u00e1ci\u00f3j\u00e1val [&hellip;]<\/p>\n","protected":false},"author":2,"featured_media":0,"parent":9213,"menu_order":0,"comment_status":"closed","ping_status":"closed","template":"elementor_header_footer","meta":{"iawp_total_views":13,"footnotes":""},"class_list":["post-9148","page","type-page","status-publish","hentry"],"yoast_head":"<!-- This site is optimized with the Yoast SEO Premium plugin v27.4 (Yoast SEO v27.5) - https:\/\/yoast.com\/product\/yoast-seo-premium-wordpress\/ -->\n<title>F\u00f3li\u00e1k FEP tekercselt, egyik oldalon lamin\u00e1latlanul k\u00f6t\u00f6tt \u00fcveg lamin\u00e1lt PTFE leh\u00fazhat\u00f3 f\u00f3li\u00e1k<\/title>\n<meta name=\"description\" content=\"FEP f\u00f3li\u00e1b\u00f3l k\u00e9sz\u00fclt f\u00f3li\u00e1k sz\u00e9les v\u00e1laszt\u00e9ka hengerelt lamin\u00e1latlan egyoldalas k\u00f6t\u00f6tt \u00fcvegb\u0151l lamin\u00e1lt PTFE leh\u00fazhat\u00f3 f\u00f3li\u00e1k, valamint f\u00e9lk\u00e9sz term\u00e9kek \u00e9s k\u00e9sz alkatr\u00e9szek: PVC-t\u0151l a PTFE-ig &quot;\u00dcdv\u00f6z\u00f6lj\u00fck az AKUPLASTICS-n\u00e1l, a kiv\u00e1l\u00f3 min\u0151s\u00e9g\u0171 f\u00e9lk\u00e9sz \u00e9s k\u00e9sz alkatr\u00e9szek megb\u00edzhat\u00f3 partner\u00e9n\u00e9l.\" \/>\n<meta name=\"robots\" content=\"index, follow, max-snippet:-1, max-image-preview:large, max-video-preview:-1\" \/>\n<link rel=\"canonical\" href=\"https:\/\/www.akuplastics.com\/hu\/felkesz-termekek-lemezek-tomor-rudak-ureges-rudak-profilok-csovek-hegesztesi-rudak\/foliak\/\" \/>\n<script type=\"application\/ld+json\" class=\"yoast-schema-graph\">{\"@context\":\"https:\\\/\\\/schema.org\",\"@graph\":[{\"@type\":\"WebPage\",\"@id\":\"https:\\\/\\\/www.akuplastics.com\\\/hu\\\/felkesz-termekek-lemezek-tomor-rudak-ureges-rudak-profilok-csovek-hegesztesi-rudak\\\/foliak\\\/\",\"url\":\"https:\\\/\\\/www.akuplastics.com\\\/hu\\\/felkesz-termekek-lemezek-tomor-rudak-ureges-rudak-profilok-csovek-hegesztesi-rudak\\\/foliak\\\/\",\"name\":\"F\u00f3li\u00e1k FEP tekercselt, egyik oldalon lamin\u00e1latlanul k\u00f6t\u00f6tt \u00fcveg lamin\u00e1lt PTFE leh\u00fazhat\u00f3 f\u00f3li\u00e1k\",\"isPartOf\":{\"@id\":\"https:\\\/\\\/www.akuplastics.com\\\/hu\\\/#website\"},\"datePublished\":\"2020-09-17T08:21:27+00:00\",\"dateModified\":\"2024-04-19T08:51:53+00:00\",\"description\":\"FEP f\u00f3li\u00e1b\u00f3l k\u00e9sz\u00fclt f\u00f3li\u00e1k sz\u00e9les v\u00e1laszt\u00e9ka hengerelt lamin\u00e1latlan egyoldalas k\u00f6t\u00f6tt \u00fcvegb\u0151l lamin\u00e1lt PTFE leh\u00fazhat\u00f3 f\u00f3li\u00e1k, valamint f\u00e9lk\u00e9sz term\u00e9kek \u00e9s k\u00e9sz alkatr\u00e9szek: PVC-t\u0151l a PTFE-ig \\\"\u00dcdv\u00f6z\u00f6lj\u00fck az AKUPLASTICS-n\u00e1l, a kiv\u00e1l\u00f3 min\u0151s\u00e9g\u0171 f\u00e9lk\u00e9sz \u00e9s k\u00e9sz alkatr\u00e9szek megb\u00edzhat\u00f3 partner\u00e9n\u00e9l.\",\"breadcrumb\":{\"@id\":\"https:\\\/\\\/www.akuplastics.com\\\/hu\\\/felkesz-termekek-lemezek-tomor-rudak-ureges-rudak-profilok-csovek-hegesztesi-rudak\\\/foliak\\\/#breadcrumb\"},\"inLanguage\":\"hu\",\"potentialAction\":[{\"@type\":\"ReadAction\",\"target\":[\"https:\\\/\\\/www.akuplastics.com\\\/hu\\\/felkesz-termekek-lemezek-tomor-rudak-ureges-rudak-profilok-csovek-hegesztesi-rudak\\\/foliak\\\/\"]}]},{\"@type\":\"BreadcrumbList\",\"@id\":\"https:\\\/\\\/www.akuplastics.com\\\/hu\\\/felkesz-termekek-lemezek-tomor-rudak-ureges-rudak-profilok-csovek-hegesztesi-rudak\\\/foliak\\\/#breadcrumb\",\"itemListElement\":[{\"@type\":\"ListItem\",\"position\":1,\"name\":\"Kezd\u0151lap\",\"item\":\"https:\\\/\\\/www.akuplastics.com\\\/hu\\\/\"},{\"@type\":\"ListItem\",\"position\":2,\"name\":\"F\u00e9lk\u00e9sz term\u00e9kek\",\"item\":\"https:\\\/\\\/www.akuplastics.com\\\/hu\\\/felkesz-termekek-lemezek-tomor-rudak-ureges-rudak-profilok-csovek-hegesztesi-rudak\\\/\"},{\"@type\":\"ListItem\",\"position\":3,\"name\":\"F\u00f3li\u00e1k\"}]},{\"@type\":\"WebSite\",\"@id\":\"https:\\\/\\\/www.akuplastics.com\\\/hu\\\/#website\",\"url\":\"https:\\\/\\\/www.akuplastics.com\\\/hu\\\/\",\"name\":\"Semi-Finished Products \u2013 Finished Parts \u2013 Ventilation Moulded Parts \u2013 Machines\",\"description\":\"Halbzeuge, Halbfabrikate, Kunststoffhalbzeuge, Kunststoffhalbfabrikate\",\"publisher\":{\"@id\":\"https:\\\/\\\/www.akuplastics.com\\\/hu\\\/#organization\"},\"alternateName\":\"AKUPLASTICS \u2013 Engineering in Plastics\",\"potentialAction\":[{\"@type\":\"SearchAction\",\"target\":{\"@type\":\"EntryPoint\",\"urlTemplate\":\"https:\\\/\\\/www.akuplastics.com\\\/hu\\\/?s={search_term_string}\"},\"query-input\":{\"@type\":\"PropertyValueSpecification\",\"valueRequired\":true,\"valueName\":\"search_term_string\"}}],\"inLanguage\":\"hu\"},{\"@type\":\"Organization\",\"@id\":\"https:\\\/\\\/www.akuplastics.com\\\/hu\\\/#organization\",\"name\":\"Ing. Christian Ahlborn e.U.\",\"alternateName\":\"AKU\",\"url\":\"https:\\\/\\\/www.akuplastics.com\\\/hu\\\/\",\"logo\":{\"@type\":\"ImageObject\",\"inLanguage\":\"hu\",\"@id\":\"https:\\\/\\\/www.akuplastics.com\\\/hu\\\/#\\\/schema\\\/logo\\\/image\\\/\",\"url\":\"https:\\\/\\\/www.akuplastics.com\\\/wp-content\\\/uploads\\\/2020\\\/07\\\/Grafik14-inkl-r.png\",\"contentUrl\":\"https:\\\/\\\/www.akuplastics.com\\\/wp-content\\\/uploads\\\/2020\\\/07\\\/Grafik14-inkl-r.png\",\"width\":1994,\"height\":743,\"caption\":\"Ing. Christian Ahlborn e.U.\"},\"image\":{\"@id\":\"https:\\\/\\\/www.akuplastics.com\\\/hu\\\/#\\\/schema\\\/logo\\\/image\\\/\"}}]}<\/script>\n<!-- \/ Yoast SEO Premium plugin. -->","yoast_head_json":{"title":"F\u00f3li\u00e1k FEP tekercselt, egyik oldalon lamin\u00e1latlanul k\u00f6t\u00f6tt \u00fcveg lamin\u00e1lt PTFE leh\u00fazhat\u00f3 f\u00f3li\u00e1k","description":"FEP f\u00f3li\u00e1b\u00f3l k\u00e9sz\u00fclt f\u00f3li\u00e1k sz\u00e9les v\u00e1laszt\u00e9ka hengerelt lamin\u00e1latlan egyoldalas k\u00f6t\u00f6tt \u00fcvegb\u0151l lamin\u00e1lt PTFE leh\u00fazhat\u00f3 f\u00f3li\u00e1k, valamint f\u00e9lk\u00e9sz term\u00e9kek \u00e9s k\u00e9sz alkatr\u00e9szek: PVC-t\u0151l a PTFE-ig \"\u00dcdv\u00f6z\u00f6lj\u00fck az AKUPLASTICS-n\u00e1l, a kiv\u00e1l\u00f3 min\u0151s\u00e9g\u0171 f\u00e9lk\u00e9sz \u00e9s k\u00e9sz alkatr\u00e9szek megb\u00edzhat\u00f3 partner\u00e9n\u00e9l.","robots":{"index":"index","follow":"follow","max-snippet":"max-snippet:-1","max-image-preview":"max-image-preview:large","max-video-preview":"max-video-preview:-1"},"canonical":"https:\/\/www.akuplastics.com\/hu\/felkesz-termekek-lemezek-tomor-rudak-ureges-rudak-profilok-csovek-hegesztesi-rudak\/foliak\/","schema":{"@context":"https:\/\/schema.org","@graph":[{"@type":"WebPage","@id":"https:\/\/www.akuplastics.com\/hu\/felkesz-termekek-lemezek-tomor-rudak-ureges-rudak-profilok-csovek-hegesztesi-rudak\/foliak\/","url":"https:\/\/www.akuplastics.com\/hu\/felkesz-termekek-lemezek-tomor-rudak-ureges-rudak-profilok-csovek-hegesztesi-rudak\/foliak\/","name":"F\u00f3li\u00e1k FEP tekercselt, egyik oldalon lamin\u00e1latlanul k\u00f6t\u00f6tt \u00fcveg lamin\u00e1lt PTFE leh\u00fazhat\u00f3 f\u00f3li\u00e1k","isPartOf":{"@id":"https:\/\/www.akuplastics.com\/hu\/#website"},"datePublished":"2020-09-17T08:21:27+00:00","dateModified":"2024-04-19T08:51:53+00:00","description":"FEP f\u00f3li\u00e1b\u00f3l k\u00e9sz\u00fclt f\u00f3li\u00e1k sz\u00e9les v\u00e1laszt\u00e9ka hengerelt lamin\u00e1latlan egyoldalas k\u00f6t\u00f6tt \u00fcvegb\u0151l lamin\u00e1lt PTFE leh\u00fazhat\u00f3 f\u00f3li\u00e1k, valamint f\u00e9lk\u00e9sz term\u00e9kek \u00e9s k\u00e9sz alkatr\u00e9szek: PVC-t\u0151l a PTFE-ig \"\u00dcdv\u00f6z\u00f6lj\u00fck az AKUPLASTICS-n\u00e1l, a kiv\u00e1l\u00f3 min\u0151s\u00e9g\u0171 f\u00e9lk\u00e9sz \u00e9s k\u00e9sz alkatr\u00e9szek megb\u00edzhat\u00f3 partner\u00e9n\u00e9l.","breadcrumb":{"@id":"https:\/\/www.akuplastics.com\/hu\/felkesz-termekek-lemezek-tomor-rudak-ureges-rudak-profilok-csovek-hegesztesi-rudak\/foliak\/#breadcrumb"},"inLanguage":"hu","potentialAction":[{"@type":"ReadAction","target":["https:\/\/www.akuplastics.com\/hu\/felkesz-termekek-lemezek-tomor-rudak-ureges-rudak-profilok-csovek-hegesztesi-rudak\/foliak\/"]}]},{"@type":"BreadcrumbList","@id":"https:\/\/www.akuplastics.com\/hu\/felkesz-termekek-lemezek-tomor-rudak-ureges-rudak-profilok-csovek-hegesztesi-rudak\/foliak\/#breadcrumb","itemListElement":[{"@type":"ListItem","position":1,"name":"Kezd\u0151lap","item":"https:\/\/www.akuplastics.com\/hu\/"},{"@type":"ListItem","position":2,"name":"F\u00e9lk\u00e9sz term\u00e9kek","item":"https:\/\/www.akuplastics.com\/hu\/felkesz-termekek-lemezek-tomor-rudak-ureges-rudak-profilok-csovek-hegesztesi-rudak\/"},{"@type":"ListItem","position":3,"name":"F\u00f3li\u00e1k"}]},{"@type":"WebSite","@id":"https:\/\/www.akuplastics.com\/hu\/#website","url":"https:\/\/www.akuplastics.com\/hu\/","name":"Semi-Finished Products \u2013 Finished Parts \u2013 Ventilation Moulded Parts \u2013 Machines","description":"Halbzeuge, Halbfabrikate, Kunststoffhalbzeuge, Kunststoffhalbfabrikate","publisher":{"@id":"https:\/\/www.akuplastics.com\/hu\/#organization"},"alternateName":"AKUPLASTICS \u2013 Engineering in Plastics","potentialAction":[{"@type":"SearchAction","target":{"@type":"EntryPoint","urlTemplate":"https:\/\/www.akuplastics.com\/hu\/?s={search_term_string}"},"query-input":{"@type":"PropertyValueSpecification","valueRequired":true,"valueName":"search_term_string"}}],"inLanguage":"hu"},{"@type":"Organization","@id":"https:\/\/www.akuplastics.com\/hu\/#organization","name":"Ing. Christian Ahlborn e.U.","alternateName":"AKU","url":"https:\/\/www.akuplastics.com\/hu\/","logo":{"@type":"ImageObject","inLanguage":"hu","@id":"https:\/\/www.akuplastics.com\/hu\/#\/schema\/logo\/image\/","url":"https:\/\/www.akuplastics.com\/wp-content\/uploads\/2020\/07\/Grafik14-inkl-r.png","contentUrl":"https:\/\/www.akuplastics.com\/wp-content\/uploads\/2020\/07\/Grafik14-inkl-r.png","width":1994,"height":743,"caption":"Ing. Christian Ahlborn e.U."},"image":{"@id":"https:\/\/www.akuplastics.com\/hu\/#\/schema\/logo\/image\/"}}]}},"_links":{"self":[{"href":"https:\/\/www.akuplastics.com\/hu\/wp-json\/wp\/v2\/pages\/9148","targetHints":{"allow":["GET"]}}],"collection":[{"href":"https:\/\/www.akuplastics.com\/hu\/wp-json\/wp\/v2\/pages"}],"about":[{"href":"https:\/\/www.akuplastics.com\/hu\/wp-json\/wp\/v2\/types\/page"}],"author":[{"embeddable":true,"href":"https:\/\/www.akuplastics.com\/hu\/wp-json\/wp\/v2\/users\/2"}],"replies":[{"embeddable":true,"href":"https:\/\/www.akuplastics.com\/hu\/wp-json\/wp\/v2\/comments?post=9148"}],"version-history":[{"count":29,"href":"https:\/\/www.akuplastics.com\/hu\/wp-json\/wp\/v2\/pages\/9148\/revisions"}],"predecessor-version":[{"id":22453,"href":"https:\/\/www.akuplastics.com\/hu\/wp-json\/wp\/v2\/pages\/9148\/revisions\/22453"}],"up":[{"embeddable":true,"href":"https:\/\/www.akuplastics.com\/hu\/wp-json\/wp\/v2\/pages\/9213"}],"wp:attachment":[{"href":"https:\/\/www.akuplastics.com\/hu\/wp-json\/wp\/v2\/media?parent=9148"}],"curies":[{"name":"wp","href":"https:\/\/api.w.org\/{rel}","templated":true}]}}