{"id":9146,"date":"2020-09-17T10:21:28","date_gmt":"2020-09-17T08:21:28","guid":{"rendered":"https:\/\/www.akuplastics.com\/4-elu-lapos-6-elu-rudak\/"},"modified":"2024-04-28T19:48:22","modified_gmt":"2024-04-28T17:48:22","slug":"4-elu-lapos-6-elu-rudak","status":"publish","type":"page","link":"https:\/\/www.akuplastics.com\/hu\/felkesz-termekek-lemezek-tomor-rudak-ureges-rudak-profilok-csovek-hegesztesi-rudak\/4-elu-lapos-6-elu-rudak\/","title":{"rendered":"4 sz\u00f6gletes, lapos, 6 sz\u00f6gletes rudak"},"content":{"rendered":"\t\t<div data-elementor-type=\"wp-page\" data-elementor-id=\"9146\" class=\"elementor elementor-9146 elementor-616\" data-elementor-post-type=\"page\">\n\t\t\t\t\t\t<section class=\"elementor-section elementor-top-section elementor-element elementor-element-2ffb625a elementor-section-full_width elementor-section-height-default elementor-section-height-default\" data-id=\"2ffb625a\" data-element_type=\"section\" data-e-type=\"section\" data-settings=\"{&quot;background_background&quot;:&quot;classic&quot;}\">\n\t\t\t\t\t\t<div class=\"elementor-container elementor-column-gap-default\">\n\t\t\t\t\t<div class=\"elementor-column elementor-col-100 elementor-top-column elementor-element elementor-element-21f2e157\" data-id=\"21f2e157\" data-element_type=\"column\" data-e-type=\"column\">\n\t\t\t<div class=\"elementor-widget-wrap elementor-element-populated\">\n\t\t\t\t\t\t<section class=\"elementor-section elementor-inner-section elementor-element elementor-element-4230ee31 elementor-section-boxed elementor-section-height-default elementor-section-height-default\" data-id=\"4230ee31\" data-element_type=\"section\" data-e-type=\"section\">\n\t\t\t\t\t\t<div class=\"elementor-container elementor-column-gap-default\">\n\t\t\t\t\t<div class=\"elementor-column elementor-col-50 elementor-inner-column elementor-element elementor-element-1f6b85e2\" data-id=\"1f6b85e2\" data-element_type=\"column\" data-e-type=\"column\">\n\t\t\t<div class=\"elementor-widget-wrap elementor-element-populated\">\n\t\t\t\t\t\t<div class=\"elementor-element elementor-element-b0f67c1 elementor-widget elementor-widget-text-editor\" data-id=\"b0f67c1\" data-element_type=\"widget\" data-e-type=\"widget\" data-widget_type=\"text-editor.default\">\n\t\t\t\t<div class=\"elementor-widget-container\">\n\t\t\t\t\t\t\t\t\t<h1>PVC-U \u00e9s PMMA lapos rudak \u00e9s szeg\u00e9lyek<\/h1>\n<p>az \u00e9p\u00edt\u0151iparban, a f\u00e9mmegmunk\u00e1l\u00e1sban, a k\u00e9zm\u0171iparban \u00e9s m\u00e1s ter\u00fcleteken k\u00fcl\u00f6nb\u00f6z\u0151 alkalmaz\u00e1sokban haszn\u00e1lt \u00e9p\u00edt\u0151rudak k\u00fcl\u00f6nleges form\u00e1i.  <\/p>\n<\/p>\n<p>Term\u00e9kprogramunk a k\u00f6vetkez\u0151ket tartalmazza  <\/p>\n<p><strong style=\"color: var( --e-global-color-text ); font-family: var( --e-global-typography-text-font-family ), arial; font-size: var( --e-global-typography-text-font-size ); letter-spacing: 0px;\"><a href=\"https:\/\/www.akuplastics.com\/hu\/akucryl-aku-cryl-pmma-xt-szoegletes-rudak\/\">PVC-U\/PMMA n\u00e9gysz\u00f6gletes rudak<\/a><\/strong><\/p>\n<p><strong><a href=\"https:\/\/www.akuplastics.com\/hu\/lapos-rudak-pvc-u\/\">Lapos rudak PVC-U<\/a><\/strong><\/p>\n<p><strong><a href=\"https:\/\/www.akuplastics.com\/hu\/felkesz-termekek-lemezek-tomor-rudak-ureges-rudak-profilok-csovek-hegesztesi-rudak\/4-elu-lapos-6-elu-rudak\/6-szegelyrud-pvc-u-polivinil-klorid-sotetszurke\/\">6-sz\u00f6gletes rudak<\/a><\/strong><\/p>\n<\/p>\n<p><span style=\"font-weight: bolder;\">\u00c1ltal\u00e1nos inform\u00e1ci\u00f3k a lapos \u00e9s szeg\u00e9ly rudakr\u00f3l<\/span><\/p>\n<p><span style=\"font-weight: bolder; color: var( --e-global-color-text ); font-family: var( --e-global-typography-text-font-family ), arial; font-size: var( --e-global-typography-text-font-size ); letter-spacing: 0px;\"> <\/span><\/p>\n<p><span style=\"font-weight: bolder; color: var( --e-global-color-text ); font-family: var( --e-global-typography-text-font-family ), arial; font-size: var( --e-global-typography-text-font-size ); letter-spacing: 0px;\">N\u00e9gysz\u00f6gletes rudak:<\/span><\/p>\n<p><span style=\"font-weight: bolder;\"> <\/span><\/p>\n<p><span style=\"font-weight: bolder;\">Tulajdons\u00e1gok:<\/span><\/p>\n<ul style=\"font-size: 14px; background-color: #ffffff;\">\n<li style=\"font-size: 14px;\"><span style=\"font-weight: bolder;\">N\u00e9gyzet alak\u00fa:<\/span> A n\u00e9gysz\u00f6gletes rudak t\u00e9glalap keresztmetszet\u0171ek.<\/li>\n<li style=\"font-size: 14px;\"><span style=\"font-weight: bolder;\">Stabilit\u00e1s<\/span>: Lapos oldalaiknak k\u00f6sz\u00f6nhet\u0151en a n\u00e9gysz\u00f6gletes rudak stabilit\u00e1st ny\u00fajtanak, \u00e9s j\u00f3l alkalmazhat\u00f3k teherhord\u00f3 szerkezetekhez.<\/li>\n<li style=\"font-size: 14px;\"><span style=\"font-weight: bolder;\">Egyszer\u0171 r\u00f6gz\u00edt\u00e9s:<\/span> A lapos oldaluk megk\u00f6nny\u00edti a r\u00f6gz\u00edt\u0151elemek felszerel\u00e9s\u00e9t.<\/li>\n<\/ul>\n<p><span style=\"font-weight: bolder;\">Alkalmaz\u00e1sok:<\/span><\/p>\n<ul style=\"font-size: 14px; background-color: #ffffff;\">\n<li style=\"font-size: 14px;\"><span style=\"font-weight: bolder;\">\u00c9p\u00edt\u0151ipar:<\/span> A n\u00e9gyzetes rudakat az \u00e9p\u00edt\u0151iparban teherhord\u00f3 szerkezetekhez \u00e9s t\u00e1maszokhoz haszn\u00e1lj\u00e1k.<\/li>\n<li style=\"font-size: 14px;\"><span style=\"font-weight: bolder;\">Szersz\u00e1mtart\u00f3k:<\/span> A szersz\u00e1mgy\u00e1rt\u00e1sban szersz\u00e1mok \u00e9s k\u00e9sek tart\u00e1s\u00e1ra szolg\u00e1lnak.<\/li>\n<li style=\"font-size: 14px;\"><span style=\"font-weight: bolder;\">Tervez\u00e9si elemek:<\/span> A tiszta form\u00e1juk alkalmass\u00e1 teszi \u0151ket eszt\u00e9tikus designelemek k\u00e9sz\u00edt\u00e9s\u00e9re az \u00e9p\u00edt\u00e9szetben \u00e9s a m\u0171v\u00e9szetben.<\/li>\n<\/ul>\n<p><span style=\"font-weight: bolder;\">Lapos rudak:<\/span><\/p>\n<p><span style=\"font-weight: bolder;\"> <\/span><\/p>\n<p><span style=\"font-weight: bolder;\">Tulajdons\u00e1gok:<\/span><\/p>\n<ul style=\"font-size: 14px; background-color: #ffffff;\">\n<li style=\"font-size: 14px;\"><span style=\"font-weight: bolder;\">Sz\u00e9les \u00e9s lapos forma:<\/span> A lapos rudakat sz\u00e9les \u00e9s lapos alakjuk jellemzi.<\/li>\n<li style=\"font-size: 14px;\"><span style=\"font-weight: bolder;\">Alacsony vastags\u00e1g<\/span>: A n\u00e9gyzetes rudakhoz k\u00e9pest a lapos rudaknak alacsony a vastags\u00e1ga.<\/li>\n<li style=\"font-size: 14px;\"><span style=\"font-weight: bolder;\">Rugalmass\u00e1g<\/span>: Lapos szerkezet\u00fcknek k\u00f6sz\u00f6nhet\u0151en k\u00f6nnyen hajl\u00edthat\u00f3ak vagy hajl\u00edtottak.<\/li>\n<\/ul>\n<p><span style=\"font-weight: bolder;\">Alkalmaz\u00e1sok:<\/span><\/p>\n<ul style=\"font-size: 14px; background-color: #ffffff;\">\n<li style=\"font-size: 14px;\"><span style=\"font-weight: bolder;\">\u00c9p\u00edt\u0151ipar:<\/span> A lapos rudakat az \u00e9p\u00edt\u0151iparban gerend\u00e1khoz \u00e9s kapcsolatokhoz haszn\u00e1lj\u00e1k.<\/li>\n<li style=\"font-size: 14px;\"><span style=\"font-weight: bolder;\">Szersz\u00e1mok gy\u00e1rt\u00e1sa:<\/span> A s\u00edk rudakat alapanyagk\u00e9nt haszn\u00e1lj\u00e1k szersz\u00e1mok \u00e9s eszk\u00f6z\u00f6k gy\u00e1rt\u00e1s\u00e1hoz.<\/li>\n<li style=\"font-size: 14px;\"><span style=\"font-weight: bolder;\">Dekorat\u00edv elemek:<\/span> A lapos alakjuk miatt alkalmasak a b\u00fatorok \u00e9s k\u00e9zm\u0171ves term\u00e9kek d\u00edsz\u00edt\u00e9s\u00e9re.<\/li>\n<\/ul>\n<p><span style=\"font-weight: bolder;\">Hatsz\u00f6gletes rudak:<\/span><\/p>\n<p><span style=\"font-weight: bolder;\"> <\/span><\/p>\n<p><span style=\"font-weight: bolder;\">Tulajdons\u00e1gok:<\/span><\/p>\n<ul style=\"font-size: 14px; background-color: #ffffff;\">\n<li style=\"font-size: 14px;\"><span style=\"font-weight: bolder;\">Hatsz\u00f6glet\u0171 forma<\/span>: A hatsz\u00f6glet\u0171 rudak hatsz\u00f6glet\u0171 keresztmetszettel rendelkeznek, ami egyedi form\u00e1t k\u00f6lcs\u00f6n\u00f6z nekik.<\/li>\n<li style=\"font-size: 14px;\"><span style=\"font-weight: bolder;\">Stabilit\u00e1s<\/span>: Lapos oldalaik stabilit\u00e1st biztos\u00edtanak, \u00e9s megakad\u00e1lyozz\u00e1k az elgurul\u00e1st.<\/li>\n<\/ul>\n<p><span style=\"font-weight: bolder;\">Alkalmaz\u00e1sok:<\/span><\/p>\n<ul style=\"font-size: 14px; background-color: #ffffff;\">\n<li style=\"font-size: 14px;\"><span style=\"font-weight: bolder;\">Csavarok \u00e9s r\u00f6gz\u00edt\u0151elemek<\/span>: A hatsz\u00f6glet\u0171 rudakat gyakran haszn\u00e1lj\u00e1k csavarok \u00e9s r\u00f6gz\u00edt\u0151elemek alapanyagak\u00e9nt.<\/li>\n<li style=\"font-size: 14px;\"><span style=\"font-weight: bolder;\">G\u00e9pelemek:<\/span> A g\u00e9piparban a mechanikai szerkezetek alkatr\u00e9szek\u00e9nt haszn\u00e1lj\u00e1k \u0151ket.<\/li>\n<li style=\"font-size: 14px;\"><span style=\"font-weight: bolder;\">Szersz\u00e1mgy\u00e1rt\u00e1s:<\/span> A hatsz\u00f6glet\u0171 rudakat szersz\u00e1mok \u00e9s kulcsok gy\u00e1rt\u00e1s\u00e1hoz haszn\u00e1lj\u00e1k.<\/li>\n<\/ul>\n<p>\u00d6sszess\u00e9g\u00e9ben a <span style=\"font-weight: bold;\">n\u00e9gysz\u00f6g\u0171, lapos \u00e9s hatsz\u00f6g\u0171 t\u00f6m\u00f6r rudak <\/span>sz\u00e9les k\u00f6r\u0171 alkalmaz\u00e1st k\u00edn\u00e1lnak a k\u00fcl\u00f6nb\u00f6z\u0151 ipar\u00e1gakban, az \u00e9p\u00edt\u0151ipart\u00f3l a szersz\u00e1mgy\u00e1rt\u00e1sig \u00e9s a g\u00e9pgy\u00e1rt\u00e1sig.<br \/>Sokoldal\u00fas\u00e1guk miatt fontos anyagok a modern gy\u00e1rt\u00e1sban.<\/p>\n\t\t\t\t\t\t\t\t<\/div>\n\t\t\t\t<\/div>\n\t\t\t\t\t<\/div>\n\t\t<\/div>\n\t\t\t\t<div class=\"elementor-column elementor-col-50 elementor-inner-column elementor-element elementor-element-62a65e59\" data-id=\"62a65e59\" data-element_type=\"column\" data-e-type=\"column\">\n\t\t\t<div class=\"elementor-widget-wrap elementor-element-populated\">\n\t\t\t\t\t\t<div class=\"elementor-element elementor-element-8c2290c elementor-widget elementor-widget-image\" data-id=\"8c2290c\" data-element_type=\"widget\" data-e-type=\"widget\" data-widget_type=\"image.default\">\n\t\t\t\t<div class=\"elementor-widget-container\">\n\t\t\t\t\t\t\t\t\t\t\t\t<figure class=\"wp-caption\">\n\t\t\t\t\t\t\t\t\t\t<img loading=\"lazy\" decoding=\"async\" width=\"268\" height=\"300\" src=\"https:\/\/www.akuplastics.com\/wp-content\/uploads\/2023\/09\/Bild2-Edited-268x300.png\" class=\"attachment-medium size-medium wp-image-9254\" alt=\"Standard profilok U-profilok T-profilok H-profilok\" srcset=\"https:\/\/www.akuplastics.com\/wp-content\/uploads\/2023\/09\/Bild2-Edited-268x300.png 268w, https:\/\/www.akuplastics.com\/wp-content\/uploads\/2023\/09\/Bild2-Edited.png 373w\" sizes=\"auto, (max-width: 268px) 100vw, 268px\" \/>\t\t\t\t\t\t\t\t\t\t\t<figcaption class=\"widget-image-caption wp-caption-text\">Lapos \u00e9s szeg\u00e9ly rudak<\/figcaption>\n\t\t\t\t\t\t\t\t\t\t<\/figure>\n\t\t\t\t\t\t\t\t\t<\/div>\n\t\t\t\t<\/div>\n\t\t\t\t\t<\/div>\n\t\t<\/div>\n\t\t\t\t\t<\/div>\n\t\t<\/section>\n\t\t\t\t\t<\/div>\n\t\t<\/div>\n\t\t\t\t\t<\/div>\n\t\t<\/section>\n\t\t\t\t<\/div>\n\t\t","protected":false},"excerpt":{"rendered":"<p>PVC-U \u00e9s PMMA lapos rudak \u00e9s szeg\u00e9lyek az \u00e9p\u00edt\u0151iparban, a f\u00e9mmegmunk\u00e1l\u00e1sban, a k\u00e9zm\u0171iparban \u00e9s m\u00e1s ter\u00fcleteken k\u00fcl\u00f6nb\u00f6z\u0151 alkalmaz\u00e1sokban haszn\u00e1lt \u00e9p\u00edt\u0151rudak k\u00fcl\u00f6nleges form\u00e1i. Term\u00e9kprogramunk a k\u00f6vetkez\u0151ket tartalmazza PVC-U\/PMMA n\u00e9gysz\u00f6gletes rudak Lapos rudak PVC-U 6-sz\u00f6gletes rudak \u00c1ltal\u00e1nos inform\u00e1ci\u00f3k a lapos \u00e9s szeg\u00e9ly rudakr\u00f3l N\u00e9gysz\u00f6gletes rudak: Tulajdons\u00e1gok: N\u00e9gyzet alak\u00fa: A n\u00e9gysz\u00f6gletes rudak t\u00e9glalap keresztmetszet\u0171ek. Stabilit\u00e1s: Lapos oldalaiknak k\u00f6sz\u00f6nhet\u0151en [&hellip;]<\/p>\n","protected":false},"author":2,"featured_media":0,"parent":9213,"menu_order":0,"comment_status":"closed","ping_status":"closed","template":"","meta":{"iawp_total_views":52,"footnotes":""},"class_list":["post-9146","page","type-page","status-publish","hentry"],"yoast_head":"<!-- This site is optimized with the Yoast SEO Premium plugin v27.4 (Yoast SEO v27.5) - https:\/\/yoast.com\/product\/yoast-seo-premium-wordpress\/ -->\n<title>PVC-U PMMA lapos rudak \u00e9s szeg\u00e9lyek v\u00e1laszt\u00e9ka<\/title>\n<meta name=\"description\" content=\"PVC-U PMMA lapos rudak \u00e9s szeg\u00e9lyek sz\u00e9les v\u00e1laszt\u00e9ka, valamint k\u00e9szterm\u00e9kek: PVC-t\u0151l a PTFE-ig &quot;\u00dcdv\u00f6z\u00f6lj\u00fck az AKUPLASTICS-n\u00e1l, a megb\u00edzhat\u00f3 partner\u00e9n\u00e9l a kiv\u00e1l\u00f3 min\u0151s\u00e9g\u0171 f\u00e9lk\u00e9sz \u00e9s k\u00e9szterm\u00e9kek ter\u00e9n.\" \/>\n<meta name=\"robots\" content=\"index, follow, max-snippet:-1, max-image-preview:large, max-video-preview:-1\" \/>\n<link rel=\"canonical\" href=\"https:\/\/www.akuplastics.com\/hu\/felkesz-termekek-lemezek-tomor-rudak-ureges-rudak-profilok-csovek-hegesztesi-rudak\/4-elu-lapos-6-elu-rudak\/\" \/>\n<script type=\"application\/ld+json\" class=\"yoast-schema-graph\">{\"@context\":\"https:\\\/\\\/schema.org\",\"@graph\":[{\"@type\":\"WebPage\",\"@id\":\"https:\\\/\\\/www.akuplastics.com\\\/hu\\\/felkesz-termekek-lemezek-tomor-rudak-ureges-rudak-profilok-csovek-hegesztesi-rudak\\\/4-elu-lapos-6-elu-rudak\\\/\",\"url\":\"https:\\\/\\\/www.akuplastics.com\\\/hu\\\/felkesz-termekek-lemezek-tomor-rudak-ureges-rudak-profilok-csovek-hegesztesi-rudak\\\/4-elu-lapos-6-elu-rudak\\\/\",\"name\":\"PVC-U PMMA lapos rudak \u00e9s szeg\u00e9lyek v\u00e1laszt\u00e9ka\",\"isPartOf\":{\"@id\":\"https:\\\/\\\/www.akuplastics.com\\\/hu\\\/#website\"},\"primaryImageOfPage\":{\"@id\":\"https:\\\/\\\/www.akuplastics.com\\\/hu\\\/felkesz-termekek-lemezek-tomor-rudak-ureges-rudak-profilok-csovek-hegesztesi-rudak\\\/4-elu-lapos-6-elu-rudak\\\/#primaryimage\"},\"image\":{\"@id\":\"https:\\\/\\\/www.akuplastics.com\\\/hu\\\/felkesz-termekek-lemezek-tomor-rudak-ureges-rudak-profilok-csovek-hegesztesi-rudak\\\/4-elu-lapos-6-elu-rudak\\\/#primaryimage\"},\"thumbnailUrl\":\"https:\\\/\\\/www.akuplastics.com\\\/wp-content\\\/uploads\\\/2023\\\/09\\\/Bild2-Edited-268x300.png\",\"datePublished\":\"2020-09-17T08:21:28+00:00\",\"dateModified\":\"2024-04-28T17:48:22+00:00\",\"description\":\"PVC-U PMMA lapos rudak \u00e9s szeg\u00e9lyek sz\u00e9les v\u00e1laszt\u00e9ka, valamint k\u00e9szterm\u00e9kek: PVC-t\u0151l a PTFE-ig \\\"\u00dcdv\u00f6z\u00f6lj\u00fck az AKUPLASTICS-n\u00e1l, a megb\u00edzhat\u00f3 partner\u00e9n\u00e9l a kiv\u00e1l\u00f3 min\u0151s\u00e9g\u0171 f\u00e9lk\u00e9sz \u00e9s k\u00e9szterm\u00e9kek ter\u00e9n.\",\"breadcrumb\":{\"@id\":\"https:\\\/\\\/www.akuplastics.com\\\/hu\\\/felkesz-termekek-lemezek-tomor-rudak-ureges-rudak-profilok-csovek-hegesztesi-rudak\\\/4-elu-lapos-6-elu-rudak\\\/#breadcrumb\"},\"inLanguage\":\"hu\",\"potentialAction\":[{\"@type\":\"ReadAction\",\"target\":[\"https:\\\/\\\/www.akuplastics.com\\\/hu\\\/felkesz-termekek-lemezek-tomor-rudak-ureges-rudak-profilok-csovek-hegesztesi-rudak\\\/4-elu-lapos-6-elu-rudak\\\/\"]}]},{\"@type\":\"ImageObject\",\"inLanguage\":\"hu\",\"@id\":\"https:\\\/\\\/www.akuplastics.com\\\/hu\\\/felkesz-termekek-lemezek-tomor-rudak-ureges-rudak-profilok-csovek-hegesztesi-rudak\\\/4-elu-lapos-6-elu-rudak\\\/#primaryimage\",\"url\":\"https:\\\/\\\/www.akuplastics.com\\\/wp-content\\\/uploads\\\/2023\\\/09\\\/Bild2-Edited-268x300.png\",\"contentUrl\":\"https:\\\/\\\/www.akuplastics.com\\\/wp-content\\\/uploads\\\/2023\\\/09\\\/Bild2-Edited-268x300.png\"},{\"@type\":\"BreadcrumbList\",\"@id\":\"https:\\\/\\\/www.akuplastics.com\\\/hu\\\/felkesz-termekek-lemezek-tomor-rudak-ureges-rudak-profilok-csovek-hegesztesi-rudak\\\/4-elu-lapos-6-elu-rudak\\\/#breadcrumb\",\"itemListElement\":[{\"@type\":\"ListItem\",\"position\":1,\"name\":\"Kezd\u0151lap\",\"item\":\"https:\\\/\\\/www.akuplastics.com\\\/hu\\\/\"},{\"@type\":\"ListItem\",\"position\":2,\"name\":\"F\u00e9lk\u00e9sz term\u00e9kek\",\"item\":\"https:\\\/\\\/www.akuplastics.com\\\/hu\\\/felkesz-termekek-lemezek-tomor-rudak-ureges-rudak-profilok-csovek-hegesztesi-rudak\\\/\"},{\"@type\":\"ListItem\",\"position\":3,\"name\":\"4 sz\u00f6gletes, lapos, 6 sz\u00f6gletes rudak\"}]},{\"@type\":\"WebSite\",\"@id\":\"https:\\\/\\\/www.akuplastics.com\\\/hu\\\/#website\",\"url\":\"https:\\\/\\\/www.akuplastics.com\\\/hu\\\/\",\"name\":\"Semi-Finished Products \u2013 Finished Parts \u2013 Ventilation Moulded Parts \u2013 Machines\",\"description\":\"Halbzeuge, Halbfabrikate, Kunststoffhalbzeuge, Kunststoffhalbfabrikate\",\"publisher\":{\"@id\":\"https:\\\/\\\/www.akuplastics.com\\\/hu\\\/#organization\"},\"alternateName\":\"AKUPLASTICS \u2013 Engineering in Plastics\",\"potentialAction\":[{\"@type\":\"SearchAction\",\"target\":{\"@type\":\"EntryPoint\",\"urlTemplate\":\"https:\\\/\\\/www.akuplastics.com\\\/hu\\\/?s={search_term_string}\"},\"query-input\":{\"@type\":\"PropertyValueSpecification\",\"valueRequired\":true,\"valueName\":\"search_term_string\"}}],\"inLanguage\":\"hu\"},{\"@type\":\"Organization\",\"@id\":\"https:\\\/\\\/www.akuplastics.com\\\/hu\\\/#organization\",\"name\":\"Ing. Christian Ahlborn e.U.\",\"alternateName\":\"AKU\",\"url\":\"https:\\\/\\\/www.akuplastics.com\\\/hu\\\/\",\"logo\":{\"@type\":\"ImageObject\",\"inLanguage\":\"hu\",\"@id\":\"https:\\\/\\\/www.akuplastics.com\\\/hu\\\/#\\\/schema\\\/logo\\\/image\\\/\",\"url\":\"https:\\\/\\\/www.akuplastics.com\\\/wp-content\\\/uploads\\\/2020\\\/07\\\/Grafik14-inkl-r.png\",\"contentUrl\":\"https:\\\/\\\/www.akuplastics.com\\\/wp-content\\\/uploads\\\/2020\\\/07\\\/Grafik14-inkl-r.png\",\"width\":1994,\"height\":743,\"caption\":\"Ing. Christian Ahlborn e.U.\"},\"image\":{\"@id\":\"https:\\\/\\\/www.akuplastics.com\\\/hu\\\/#\\\/schema\\\/logo\\\/image\\\/\"}}]}<\/script>\n<!-- \/ Yoast SEO Premium plugin. -->","yoast_head_json":{"title":"PVC-U PMMA lapos rudak \u00e9s szeg\u00e9lyek v\u00e1laszt\u00e9ka","description":"PVC-U PMMA lapos rudak \u00e9s szeg\u00e9lyek sz\u00e9les v\u00e1laszt\u00e9ka, valamint k\u00e9szterm\u00e9kek: PVC-t\u0151l a PTFE-ig \"\u00dcdv\u00f6z\u00f6lj\u00fck az AKUPLASTICS-n\u00e1l, a megb\u00edzhat\u00f3 partner\u00e9n\u00e9l a kiv\u00e1l\u00f3 min\u0151s\u00e9g\u0171 f\u00e9lk\u00e9sz \u00e9s k\u00e9szterm\u00e9kek ter\u00e9n.","robots":{"index":"index","follow":"follow","max-snippet":"max-snippet:-1","max-image-preview":"max-image-preview:large","max-video-preview":"max-video-preview:-1"},"canonical":"https:\/\/www.akuplastics.com\/hu\/felkesz-termekek-lemezek-tomor-rudak-ureges-rudak-profilok-csovek-hegesztesi-rudak\/4-elu-lapos-6-elu-rudak\/","schema":{"@context":"https:\/\/schema.org","@graph":[{"@type":"WebPage","@id":"https:\/\/www.akuplastics.com\/hu\/felkesz-termekek-lemezek-tomor-rudak-ureges-rudak-profilok-csovek-hegesztesi-rudak\/4-elu-lapos-6-elu-rudak\/","url":"https:\/\/www.akuplastics.com\/hu\/felkesz-termekek-lemezek-tomor-rudak-ureges-rudak-profilok-csovek-hegesztesi-rudak\/4-elu-lapos-6-elu-rudak\/","name":"PVC-U PMMA lapos rudak \u00e9s szeg\u00e9lyek v\u00e1laszt\u00e9ka","isPartOf":{"@id":"https:\/\/www.akuplastics.com\/hu\/#website"},"primaryImageOfPage":{"@id":"https:\/\/www.akuplastics.com\/hu\/felkesz-termekek-lemezek-tomor-rudak-ureges-rudak-profilok-csovek-hegesztesi-rudak\/4-elu-lapos-6-elu-rudak\/#primaryimage"},"image":{"@id":"https:\/\/www.akuplastics.com\/hu\/felkesz-termekek-lemezek-tomor-rudak-ureges-rudak-profilok-csovek-hegesztesi-rudak\/4-elu-lapos-6-elu-rudak\/#primaryimage"},"thumbnailUrl":"https:\/\/www.akuplastics.com\/wp-content\/uploads\/2023\/09\/Bild2-Edited-268x300.png","datePublished":"2020-09-17T08:21:28+00:00","dateModified":"2024-04-28T17:48:22+00:00","description":"PVC-U PMMA lapos rudak \u00e9s szeg\u00e9lyek sz\u00e9les v\u00e1laszt\u00e9ka, valamint k\u00e9szterm\u00e9kek: PVC-t\u0151l a PTFE-ig \"\u00dcdv\u00f6z\u00f6lj\u00fck az AKUPLASTICS-n\u00e1l, a megb\u00edzhat\u00f3 partner\u00e9n\u00e9l a kiv\u00e1l\u00f3 min\u0151s\u00e9g\u0171 f\u00e9lk\u00e9sz \u00e9s k\u00e9szterm\u00e9kek ter\u00e9n.","breadcrumb":{"@id":"https:\/\/www.akuplastics.com\/hu\/felkesz-termekek-lemezek-tomor-rudak-ureges-rudak-profilok-csovek-hegesztesi-rudak\/4-elu-lapos-6-elu-rudak\/#breadcrumb"},"inLanguage":"hu","potentialAction":[{"@type":"ReadAction","target":["https:\/\/www.akuplastics.com\/hu\/felkesz-termekek-lemezek-tomor-rudak-ureges-rudak-profilok-csovek-hegesztesi-rudak\/4-elu-lapos-6-elu-rudak\/"]}]},{"@type":"ImageObject","inLanguage":"hu","@id":"https:\/\/www.akuplastics.com\/hu\/felkesz-termekek-lemezek-tomor-rudak-ureges-rudak-profilok-csovek-hegesztesi-rudak\/4-elu-lapos-6-elu-rudak\/#primaryimage","url":"https:\/\/www.akuplastics.com\/wp-content\/uploads\/2023\/09\/Bild2-Edited-268x300.png","contentUrl":"https:\/\/www.akuplastics.com\/wp-content\/uploads\/2023\/09\/Bild2-Edited-268x300.png"},{"@type":"BreadcrumbList","@id":"https:\/\/www.akuplastics.com\/hu\/felkesz-termekek-lemezek-tomor-rudak-ureges-rudak-profilok-csovek-hegesztesi-rudak\/4-elu-lapos-6-elu-rudak\/#breadcrumb","itemListElement":[{"@type":"ListItem","position":1,"name":"Kezd\u0151lap","item":"https:\/\/www.akuplastics.com\/hu\/"},{"@type":"ListItem","position":2,"name":"F\u00e9lk\u00e9sz term\u00e9kek","item":"https:\/\/www.akuplastics.com\/hu\/felkesz-termekek-lemezek-tomor-rudak-ureges-rudak-profilok-csovek-hegesztesi-rudak\/"},{"@type":"ListItem","position":3,"name":"4 sz\u00f6gletes, lapos, 6 sz\u00f6gletes rudak"}]},{"@type":"WebSite","@id":"https:\/\/www.akuplastics.com\/hu\/#website","url":"https:\/\/www.akuplastics.com\/hu\/","name":"Semi-Finished Products \u2013 Finished Parts \u2013 Ventilation Moulded Parts \u2013 Machines","description":"Halbzeuge, Halbfabrikate, Kunststoffhalbzeuge, Kunststoffhalbfabrikate","publisher":{"@id":"https:\/\/www.akuplastics.com\/hu\/#organization"},"alternateName":"AKUPLASTICS \u2013 Engineering in Plastics","potentialAction":[{"@type":"SearchAction","target":{"@type":"EntryPoint","urlTemplate":"https:\/\/www.akuplastics.com\/hu\/?s={search_term_string}"},"query-input":{"@type":"PropertyValueSpecification","valueRequired":true,"valueName":"search_term_string"}}],"inLanguage":"hu"},{"@type":"Organization","@id":"https:\/\/www.akuplastics.com\/hu\/#organization","name":"Ing. Christian Ahlborn e.U.","alternateName":"AKU","url":"https:\/\/www.akuplastics.com\/hu\/","logo":{"@type":"ImageObject","inLanguage":"hu","@id":"https:\/\/www.akuplastics.com\/hu\/#\/schema\/logo\/image\/","url":"https:\/\/www.akuplastics.com\/wp-content\/uploads\/2020\/07\/Grafik14-inkl-r.png","contentUrl":"https:\/\/www.akuplastics.com\/wp-content\/uploads\/2020\/07\/Grafik14-inkl-r.png","width":1994,"height":743,"caption":"Ing. Christian Ahlborn e.U."},"image":{"@id":"https:\/\/www.akuplastics.com\/hu\/#\/schema\/logo\/image\/"}}]}},"_links":{"self":[{"href":"https:\/\/www.akuplastics.com\/hu\/wp-json\/wp\/v2\/pages\/9146","targetHints":{"allow":["GET"]}}],"collection":[{"href":"https:\/\/www.akuplastics.com\/hu\/wp-json\/wp\/v2\/pages"}],"about":[{"href":"https:\/\/www.akuplastics.com\/hu\/wp-json\/wp\/v2\/types\/page"}],"author":[{"embeddable":true,"href":"https:\/\/www.akuplastics.com\/hu\/wp-json\/wp\/v2\/users\/2"}],"replies":[{"embeddable":true,"href":"https:\/\/www.akuplastics.com\/hu\/wp-json\/wp\/v2\/comments?post=9146"}],"version-history":[{"count":24,"href":"https:\/\/www.akuplastics.com\/hu\/wp-json\/wp\/v2\/pages\/9146\/revisions"}],"predecessor-version":[{"id":22532,"href":"https:\/\/www.akuplastics.com\/hu\/wp-json\/wp\/v2\/pages\/9146\/revisions\/22532"}],"up":[{"embeddable":true,"href":"https:\/\/www.akuplastics.com\/hu\/wp-json\/wp\/v2\/pages\/9213"}],"wp:attachment":[{"href":"https:\/\/www.akuplastics.com\/hu\/wp-json\/wp\/v2\/media?parent=9146"}],"curies":[{"name":"wp","href":"https:\/\/api.w.org\/{rel}","templated":true}]}}