{"id":31053,"date":"2025-10-29T08:17:44","date_gmt":"2025-10-29T07:17:44","guid":{"rendered":"https:\/\/www.akuplastics.com\/pvc-spiraltoemlo\/"},"modified":"2025-10-29T11:45:32","modified_gmt":"2025-10-29T10:45:32","slug":"pvc-spiraltoemlo","status":"publish","type":"page","link":"https:\/\/www.akuplastics.com\/hu\/pvc-spiraltoemlo\/","title":{"rendered":"PVC spir\u00e1lt\u00f6ml\u0151"},"content":{"rendered":"\t\t<div data-elementor-type=\"wp-page\" data-elementor-id=\"31053\" class=\"elementor elementor-31053 elementor-30277\" data-elementor-post-type=\"page\">\n\t\t\t\t\t\t<section class=\"elementor-section elementor-top-section elementor-element elementor-element-6025abb3 elementor-section-full_width elementor-section-height-default elementor-section-height-default\" data-id=\"6025abb3\" data-element_type=\"section\" data-e-type=\"section\" data-settings=\"{&quot;background_background&quot;:&quot;gradient&quot;}\">\n\t\t\t\t\t\t<div class=\"elementor-container elementor-column-gap-default\">\n\t\t\t\t\t<div class=\"elementor-column elementor-col-100 elementor-top-column elementor-element elementor-element-c978d9b\" data-id=\"c978d9b\" data-element_type=\"column\" data-e-type=\"column\">\n\t\t\t<div class=\"elementor-widget-wrap elementor-element-populated\">\n\t\t\t\t\t\t<section class=\"elementor-section elementor-inner-section elementor-element elementor-element-1ead80f elementor-section-boxed elementor-section-height-default elementor-section-height-default\" data-id=\"1ead80f\" data-element_type=\"section\" data-e-type=\"section\">\n\t\t\t\t\t\t<div class=\"elementor-container elementor-column-gap-default\">\n\t\t\t\t\t<div class=\"elementor-column elementor-col-100 elementor-inner-column elementor-element elementor-element-97f2d40\" data-id=\"97f2d40\" data-element_type=\"column\" data-e-type=\"column\">\n\t\t\t<div class=\"elementor-widget-wrap elementor-element-populated\">\n\t\t\t\t\t\t<div class=\"elementor-element elementor-element-5288b20 elementor-widget__width-initial elementor-widget elementor-widget-text-editor\" data-id=\"5288b20\" data-element_type=\"widget\" data-e-type=\"widget\" data-widget_type=\"text-editor.default\">\n\t\t\t\t<div class=\"elementor-widget-container\">\n\t\t\t\t\t\t\t\t\t<h1 class=\"csc-firstHeader\" style=\"text-align: left;\">Rugalmas, k\u00f6nny\u0171, k\u00f6r alak\u00fa PVC spir\u00e1lt\u00f6ml\u0151, bels\u0151 dr\u00f3tspir\u00e1llal a stabiliz\u00e1l\u00e1s \u00e9rdek\u00e9ben<\/h1>\t\t\t\t\t\t\t\t<\/div>\n\t\t\t\t<\/div>\n\t\t\t\t<div class=\"elementor-element elementor-element-843282f elementor-widget__width-initial elementor-widget elementor-widget-text-editor\" data-id=\"843282f\" data-element_type=\"widget\" data-e-type=\"widget\" data-widget_type=\"text-editor.default\">\n\t\t\t\t<div class=\"elementor-widget-container\">\n\t\t\t\t\t\t\t\t\t<p style=\"text-align: left;\">Rugalmas \u00e9s k\u00f6nny\u0171 spir\u00e1lt\u00f6ml\u0151, k\u00f6r alak\u00fa, bels\u0151 dr\u00f3tspir\u00e1llal a stabiliz\u00e1l\u00e1s \u00e9rdek\u00e9ben.<\/p><p style=\"text-align: left;\">Lehets\u00e9ges negat\u00edv t\u00falnyom\u00e1s k\u00e9r\u00e9sre, mechanikai, k\u00e9miai \u00e9s termikus terhel\u00e9s ut\u00e1n.<\/p>\t\t\t\t\t\t\t\t<\/div>\n\t\t\t\t<\/div>\n\t\t\t\t<div class=\"elementor-element elementor-element-b534910 elementor-widget__width-initial elementor-widget elementor-widget-text-editor\" data-id=\"b534910\" data-element_type=\"widget\" data-e-type=\"widget\" data-widget_type=\"text-editor.default\">\n\t\t\t\t<div class=\"elementor-widget-container\">\n\t\t\t\t\t\t\t\t\t<p style=\"text-align: left;\"> <\/p><p style=\"text-align: left;\">Lehets\u00e9ges negat\u00edv t\u00falnyom\u00e1s k\u00e9r\u00e9sre, mechanikai, k\u00e9miai \u00e9s termikus terhel\u00e9s ut\u00e1n.<\/p>\t\t\t\t\t\t\t\t<\/div>\n\t\t\t\t<\/div>\n\t\t\t\t<div class=\"elementor-element elementor-element-5a28bf2 elementor-widget__width-initial elementor-widget elementor-widget-text-editor\" data-id=\"5a28bf2\" data-element_type=\"widget\" data-e-type=\"widget\" data-widget_type=\"text-editor.default\">\n\t\t\t\t<div class=\"elementor-widget-container\">\n\t\t\t\t\t\t\t\t\t<table border=\"0\" width=\"480\" cellspacing=\"0\" cellpadding=\"0\"><tbody><tr><td width=\"80\" height=\"61\">\u00d8<\/td><td width=\"80\">S\u00faly kg\/m<\/td><td width=\"80\">s<\/td><td width=\"80\">Hajl\u00edt\u00e1si sug\u00e1r<\/td><td width=\"80\">Max. \u00fczemi nyom\u00e1s bar <\/td><td width=\"80\">Max. v\u00e1kuum bar <\/td><\/tr><tr><td width=\"80\" height=\"22\">50<\/td><td width=\"80\">0,24<\/td><td width=\"80\">0,4<\/td><td width=\"80\">35<\/td><td width=\"80\">0,35<\/td><td width=\"80\">0,15<\/td><\/tr><tr><td width=\"80\" height=\"21\">65<\/td><td width=\"80\">0,33<\/td><td width=\"80\">0,4<\/td><td width=\"80\">45<\/td><td width=\"80\">0,33<\/td><td width=\"80\">0,13<\/td><\/tr><tr><td width=\"80\" height=\"21\">75<\/td><td width=\"80\">0,34<\/td><td width=\"80\">0,4<\/td><td width=\"80\">49<\/td><td width=\"80\">0,3<\/td><td width=\"80\">0,12<\/td><\/tr><tr><td width=\"80\" height=\"21\">90<\/td><td width=\"80\">0,36<\/td><td width=\"80\">0,4<\/td><td width=\"80\">53<\/td><td width=\"80\">0,3<\/td><td width=\"80\">0,1<\/td><\/tr><tr><td width=\"80\" height=\"21\">110<\/td><td width=\"80\">0,39<\/td><td width=\"80\">0,4<\/td><td width=\"80\">56<\/td><td width=\"80\">0,25<\/td><td width=\"80\">0,09<\/td><\/tr><tr><td width=\"80\" height=\"21\">125<\/td><td width=\"80\">0,5<\/td><td width=\"80\">0,4<\/td><td width=\"80\">70<\/td><td width=\"80\">0,2<\/td><td width=\"80\">0,08<\/td><\/tr><tr><td width=\"80\" height=\"21\">140<\/td><td width=\"80\">0,6<\/td><td width=\"80\">0,4<\/td><td width=\"80\">85<\/td><td width=\"80\">0,2<\/td><td width=\"80\">0,07<\/td><\/tr><tr><td width=\"80\" height=\"21\">160<\/td><td width=\"80\">0,62<\/td><td width=\"80\">0,4<\/td><td width=\"80\">88<\/td><td width=\"80\">0,15<\/td><td width=\"80\">0,06<\/td><\/tr><tr><td width=\"80\" height=\"21\">180<\/td><td width=\"80\">0,7<\/td><td width=\"80\">0,4<\/td><td width=\"80\">95<\/td><td width=\"80\">0,1<\/td><td width=\"80\">0,06<\/td><\/tr><tr><td width=\"80\" height=\"21\">200<\/td><td width=\"80\">0,73<\/td><td width=\"80\">0,4<\/td><td width=\"80\">105<\/td><td width=\"80\">0,08<\/td><td width=\"80\">0,05<\/td><\/tr><tr><td width=\"80\" height=\"21\">225<\/td><td width=\"80\">0,81<\/td><td width=\"80\">0,4<\/td><td width=\"80\">123<\/td><td width=\"80\">0,06<\/td><td width=\"80\">0,04<\/td><\/tr><tr><td width=\"80\" height=\"21\">250<\/td><td width=\"80\">0,99<\/td><td width=\"80\">0,4<\/td><td width=\"80\">140<\/td><td width=\"80\">0,05<\/td><td width=\"80\">0,03<\/td><\/tr><tr><td width=\"80\" height=\"21\">280<\/td><td width=\"80\">1,23<\/td><td width=\"80\">0,4<\/td><td width=\"80\">175<\/td><td width=\"80\">0,04<\/td><td width=\"80\">0,03<\/td><\/tr><tr><td width=\"80\" height=\"21\">315<\/td><td width=\"80\">1,49<\/td><td width=\"80\">0,4<\/td><td width=\"80\">210<\/td><td width=\"80\">0,03<\/td><td width=\"80\">0,02<\/td><\/tr><tr><td width=\"80\" height=\"21\">355<\/td><td width=\"80\">1,98<\/td><td width=\"80\">0,4<\/td><td width=\"80\">245<\/td><td width=\"80\">0,02<\/td><td width=\"80\">0,02<\/td><\/tr><tr><td width=\"80\" height=\"21\">400<\/td><td width=\"80\">2,26<\/td><td width=\"80\">0,4<\/td><td width=\"80\">280<\/td><td width=\"80\">0,02<\/td><td width=\"80\">0,01<\/td><\/tr><tr><td width=\"80\" height=\"21\">450<\/td><td width=\"80\">2,54<\/td><td width=\"80\">0,4<\/td><td width=\"80\">315<\/td><td width=\"80\">0,01<\/td><td width=\"80\">0,01<\/td><\/tr><tr><td width=\"80\" height=\"21\">500<\/td><td width=\"80\">2,83<\/td><td width=\"80\">0,4<\/td><td width=\"80\">350<\/td><td width=\"80\">0,01<\/td><td width=\"80\">0,01<\/td><\/tr><\/tbody><\/table>\t\t\t\t\t\t\t\t<\/div>\n\t\t\t\t<\/div>\n\t\t\t\t\t<\/div>\n\t\t<\/div>\n\t\t\t\t<div class=\"elementor-column elementor-col-50 elementor-inner-column elementor-element elementor-element-97bb919\" data-id=\"97bb919\" data-element_type=\"column\" data-e-type=\"column\">\n\t\t\t<div class=\"elementor-widget-wrap elementor-element-populated\">\n\t\t\t\t\t\t<div class=\"elementor-element elementor-element-1a349e7 elementor-widget elementor-widget-image\" data-id=\"1a349e7\" data-element_type=\"widget\" data-e-type=\"widget\" data-widget_type=\"image.default\">\n\t\t\t\t<div class=\"elementor-widget-container\">\n\t\t\t\t\t\t\t\t\t\t\t\t<figure class=\"wp-caption\">\n\t\t\t\t\t\t\t\t\t\t<img loading=\"lazy\" decoding=\"async\" width=\"300\" height=\"63\" src=\"https:\/\/www.akuplastics.com\/wp-content\/uploads\/2025\/10\/pvc-spiralschlauch-300x63.webp\" class=\"attachment-medium size-medium wp-image-30276\" alt=\"PVC spir\u00e1lt\u00f6ml\u0151, k\u00f6r alak\u00fa, bels\u0151 dr\u00f3tspir\u00e1llal a stabiliz\u00e1l\u00e1s \u00e9rdek\u00e9ben\" srcset=\"https:\/\/www.akuplastics.com\/wp-content\/uploads\/2025\/10\/pvc-spiralschlauch-300x63.webp 300w, https:\/\/www.akuplastics.com\/wp-content\/uploads\/2025\/10\/pvc-spiralschlauch.webp 500w\" sizes=\"auto, (max-width: 300px) 100vw, 300px\" \/>\t\t\t\t\t\t\t\t\t\t\t<figcaption class=\"widget-image-caption wp-caption-text\">PVC spir\u00e1lt\u00f6ml\u0151, k\u00f6r alak\u00fa, bels\u0151 dr\u00f3tspir\u00e1llal a stabiliz\u00e1l\u00e1s \u00e9rdek\u00e9ben<\/figcaption>\n\t\t\t\t\t\t\t\t\t\t<\/figure>\n\t\t\t\t\t\t\t\t\t<\/div>\n\t\t\t\t<\/div>\n\t\t\t\t\t<\/div>\n\t\t<\/div>\n\t\t\t\t\t<\/div>\n\t\t<\/section>\n\t\t\t\t\t<\/div>\n\t\t<\/div>\n\t\t\t\t\t<\/div>\n\t\t<\/section>\n\t\t\t\t<\/div>\n\t\t","protected":false},"excerpt":{"rendered":"<p>Rugalmas, k\u00f6nny\u0171, k\u00f6r alak\u00fa PVC spir\u00e1lt\u00f6ml\u0151, bels\u0151 dr\u00f3tspir\u00e1llal a stabiliz\u00e1l\u00e1s \u00e9rdek\u00e9ben Rugalmas \u00e9s k\u00f6nny\u0171 spir\u00e1lt\u00f6ml\u0151, k\u00f6r alak\u00fa, bels\u0151 dr\u00f3tspir\u00e1llal a stabiliz\u00e1l\u00e1s \u00e9rdek\u00e9ben. Lehets\u00e9ges negat\u00edv t\u00falnyom\u00e1s k\u00e9r\u00e9sre, mechanikai, k\u00e9miai \u00e9s termikus terhel\u00e9s ut\u00e1n. Lehets\u00e9ges negat\u00edv t\u00falnyom\u00e1s k\u00e9r\u00e9sre, mechanikai, k\u00e9miai \u00e9s termikus terhel\u00e9s ut\u00e1n. \u00d8 S\u00faly kg\/m s Hajl\u00edt\u00e1si sug\u00e1r Max. \u00fczemi nyom\u00e1s bar Max. v\u00e1kuum bar [&hellip;]<\/p>\n","protected":false},"author":3,"featured_media":30276,"parent":0,"menu_order":1,"comment_status":"closed","ping_status":"closed","template":"","meta":{"iawp_total_views":2,"footnotes":""},"class_list":["post-31053","page","type-page","status-publish","has-post-thumbnail","hentry"],"yoast_head":"<!-- This site is optimized with the Yoast SEO Premium plugin v27.4 (Yoast SEO v27.5) - https:\/\/yoast.com\/product\/yoast-seo-premium-wordpress\/ -->\n<title>PVC spir\u00e1lt\u00f6ml\u0151 PVC PVC feh\u00e9r rugalmas k\u00f6nny\u0171<\/title>\n<meta name=\"description\" content=\"Rugalmas \u00e9s k\u00f6nny\u0171 PVC spir\u00e1lt\u00f6ml\u0151, k\u00f6r alak\u00fa, bels\u0151 dr\u00f3tspir\u00e1llal a stabiliz\u00e1l\u00e1s \u00e9rdek\u00e9ben.\" \/>\n<meta name=\"robots\" content=\"index, follow, max-snippet:-1, max-image-preview:large, max-video-preview:-1\" \/>\n<link rel=\"canonical\" href=\"https:\/\/www.akuplastics.com\/hu\/pvc-spiraltoemlo\/\" \/>\n<script type=\"application\/ld+json\" class=\"yoast-schema-graph\">{\"@context\":\"https:\\\/\\\/schema.org\",\"@graph\":[{\"@type\":\"WebPage\",\"@id\":\"https:\\\/\\\/www.akuplastics.com\\\/hu\\\/pvc-spiraltoemlo\\\/\",\"url\":\"https:\\\/\\\/www.akuplastics.com\\\/hu\\\/pvc-spiraltoemlo\\\/\",\"name\":\"PVC spir\u00e1lt\u00f6ml\u0151 PVC PVC feh\u00e9r rugalmas k\u00f6nny\u0171\",\"isPartOf\":{\"@id\":\"https:\\\/\\\/www.akuplastics.com\\\/hu\\\/#website\"},\"primaryImageOfPage\":{\"@id\":\"https:\\\/\\\/www.akuplastics.com\\\/hu\\\/pvc-spiraltoemlo\\\/#primaryimage\"},\"image\":{\"@id\":\"https:\\\/\\\/www.akuplastics.com\\\/hu\\\/pvc-spiraltoemlo\\\/#primaryimage\"},\"thumbnailUrl\":\"https:\\\/\\\/www.akuplastics.com\\\/wp-content\\\/uploads\\\/2025\\\/10\\\/pvc-spiralschlauch.webp\",\"datePublished\":\"2025-10-29T07:17:44+00:00\",\"dateModified\":\"2025-10-29T10:45:32+00:00\",\"description\":\"Rugalmas \u00e9s k\u00f6nny\u0171 PVC spir\u00e1lt\u00f6ml\u0151, k\u00f6r alak\u00fa, bels\u0151 dr\u00f3tspir\u00e1llal a stabiliz\u00e1l\u00e1s \u00e9rdek\u00e9ben.\",\"breadcrumb\":{\"@id\":\"https:\\\/\\\/www.akuplastics.com\\\/hu\\\/pvc-spiraltoemlo\\\/#breadcrumb\"},\"inLanguage\":\"hu\",\"potentialAction\":[{\"@type\":\"ReadAction\",\"target\":[\"https:\\\/\\\/www.akuplastics.com\\\/hu\\\/pvc-spiraltoemlo\\\/\"]}]},{\"@type\":\"ImageObject\",\"inLanguage\":\"hu\",\"@id\":\"https:\\\/\\\/www.akuplastics.com\\\/hu\\\/pvc-spiraltoemlo\\\/#primaryimage\",\"url\":\"https:\\\/\\\/www.akuplastics.com\\\/wp-content\\\/uploads\\\/2025\\\/10\\\/pvc-spiralschlauch.webp\",\"contentUrl\":\"https:\\\/\\\/www.akuplastics.com\\\/wp-content\\\/uploads\\\/2025\\\/10\\\/pvc-spiralschlauch.webp\",\"width\":500,\"height\":105,\"caption\":\"PVC spir\u00e1lt\u00f6ml\u0151, k\u00f6r alak\u00fa, bels\u0151 dr\u00f3tspir\u00e1llal a stabiliz\u00e1l\u00e1s \u00e9rdek\u00e9ben\"},{\"@type\":\"BreadcrumbList\",\"@id\":\"https:\\\/\\\/www.akuplastics.com\\\/hu\\\/pvc-spiraltoemlo\\\/#breadcrumb\",\"itemListElement\":[{\"@type\":\"ListItem\",\"position\":1,\"name\":\"Kezd\u0151lap\",\"item\":\"https:\\\/\\\/www.akuplastics.com\\\/hu\\\/\"},{\"@type\":\"ListItem\",\"position\":2,\"name\":\"PVC spir\u00e1lt\u00f6ml\u0151\"}]},{\"@type\":\"WebSite\",\"@id\":\"https:\\\/\\\/www.akuplastics.com\\\/hu\\\/#website\",\"url\":\"https:\\\/\\\/www.akuplastics.com\\\/hu\\\/\",\"name\":\"Semi-Finished Products \u2013 Finished Parts \u2013 Ventilation Moulded Parts \u2013 Machines\",\"description\":\"Halbzeuge, Halbfabrikate, Kunststoffhalbzeuge, Kunststoffhalbfabrikate\",\"publisher\":{\"@id\":\"https:\\\/\\\/www.akuplastics.com\\\/hu\\\/#organization\"},\"alternateName\":\"AKUPLASTICS \u2013 Engineering in Plastics\",\"potentialAction\":[{\"@type\":\"SearchAction\",\"target\":{\"@type\":\"EntryPoint\",\"urlTemplate\":\"https:\\\/\\\/www.akuplastics.com\\\/hu\\\/?s={search_term_string}\"},\"query-input\":{\"@type\":\"PropertyValueSpecification\",\"valueRequired\":true,\"valueName\":\"search_term_string\"}}],\"inLanguage\":\"hu\"},{\"@type\":\"Organization\",\"@id\":\"https:\\\/\\\/www.akuplastics.com\\\/hu\\\/#organization\",\"name\":\"Ing. Christian Ahlborn e.U.\",\"alternateName\":\"AKU\",\"url\":\"https:\\\/\\\/www.akuplastics.com\\\/hu\\\/\",\"logo\":{\"@type\":\"ImageObject\",\"inLanguage\":\"hu\",\"@id\":\"https:\\\/\\\/www.akuplastics.com\\\/hu\\\/#\\\/schema\\\/logo\\\/image\\\/\",\"url\":\"https:\\\/\\\/www.akuplastics.com\\\/wp-content\\\/uploads\\\/2020\\\/07\\\/Grafik14-inkl-r.png\",\"contentUrl\":\"https:\\\/\\\/www.akuplastics.com\\\/wp-content\\\/uploads\\\/2020\\\/07\\\/Grafik14-inkl-r.png\",\"width\":1994,\"height\":743,\"caption\":\"Ing. Christian Ahlborn e.U.\"},\"image\":{\"@id\":\"https:\\\/\\\/www.akuplastics.com\\\/hu\\\/#\\\/schema\\\/logo\\\/image\\\/\"}}]}<\/script>\n<!-- \/ Yoast SEO Premium plugin. -->","yoast_head_json":{"title":"PVC spir\u00e1lt\u00f6ml\u0151 PVC PVC feh\u00e9r rugalmas k\u00f6nny\u0171","description":"Rugalmas \u00e9s k\u00f6nny\u0171 PVC spir\u00e1lt\u00f6ml\u0151, k\u00f6r alak\u00fa, bels\u0151 dr\u00f3tspir\u00e1llal a stabiliz\u00e1l\u00e1s \u00e9rdek\u00e9ben.","robots":{"index":"index","follow":"follow","max-snippet":"max-snippet:-1","max-image-preview":"max-image-preview:large","max-video-preview":"max-video-preview:-1"},"canonical":"https:\/\/www.akuplastics.com\/hu\/pvc-spiraltoemlo\/","schema":{"@context":"https:\/\/schema.org","@graph":[{"@type":"WebPage","@id":"https:\/\/www.akuplastics.com\/hu\/pvc-spiraltoemlo\/","url":"https:\/\/www.akuplastics.com\/hu\/pvc-spiraltoemlo\/","name":"PVC spir\u00e1lt\u00f6ml\u0151 PVC PVC feh\u00e9r rugalmas k\u00f6nny\u0171","isPartOf":{"@id":"https:\/\/www.akuplastics.com\/hu\/#website"},"primaryImageOfPage":{"@id":"https:\/\/www.akuplastics.com\/hu\/pvc-spiraltoemlo\/#primaryimage"},"image":{"@id":"https:\/\/www.akuplastics.com\/hu\/pvc-spiraltoemlo\/#primaryimage"},"thumbnailUrl":"https:\/\/www.akuplastics.com\/wp-content\/uploads\/2025\/10\/pvc-spiralschlauch.webp","datePublished":"2025-10-29T07:17:44+00:00","dateModified":"2025-10-29T10:45:32+00:00","description":"Rugalmas \u00e9s k\u00f6nny\u0171 PVC spir\u00e1lt\u00f6ml\u0151, k\u00f6r alak\u00fa, bels\u0151 dr\u00f3tspir\u00e1llal a stabiliz\u00e1l\u00e1s \u00e9rdek\u00e9ben.","breadcrumb":{"@id":"https:\/\/www.akuplastics.com\/hu\/pvc-spiraltoemlo\/#breadcrumb"},"inLanguage":"hu","potentialAction":[{"@type":"ReadAction","target":["https:\/\/www.akuplastics.com\/hu\/pvc-spiraltoemlo\/"]}]},{"@type":"ImageObject","inLanguage":"hu","@id":"https:\/\/www.akuplastics.com\/hu\/pvc-spiraltoemlo\/#primaryimage","url":"https:\/\/www.akuplastics.com\/wp-content\/uploads\/2025\/10\/pvc-spiralschlauch.webp","contentUrl":"https:\/\/www.akuplastics.com\/wp-content\/uploads\/2025\/10\/pvc-spiralschlauch.webp","width":500,"height":105,"caption":"PVC spir\u00e1lt\u00f6ml\u0151, k\u00f6r alak\u00fa, bels\u0151 dr\u00f3tspir\u00e1llal a stabiliz\u00e1l\u00e1s \u00e9rdek\u00e9ben"},{"@type":"BreadcrumbList","@id":"https:\/\/www.akuplastics.com\/hu\/pvc-spiraltoemlo\/#breadcrumb","itemListElement":[{"@type":"ListItem","position":1,"name":"Kezd\u0151lap","item":"https:\/\/www.akuplastics.com\/hu\/"},{"@type":"ListItem","position":2,"name":"PVC spir\u00e1lt\u00f6ml\u0151"}]},{"@type":"WebSite","@id":"https:\/\/www.akuplastics.com\/hu\/#website","url":"https:\/\/www.akuplastics.com\/hu\/","name":"Semi-Finished Products \u2013 Finished Parts \u2013 Ventilation Moulded Parts \u2013 Machines","description":"Halbzeuge, Halbfabrikate, Kunststoffhalbzeuge, Kunststoffhalbfabrikate","publisher":{"@id":"https:\/\/www.akuplastics.com\/hu\/#organization"},"alternateName":"AKUPLASTICS \u2013 Engineering in Plastics","potentialAction":[{"@type":"SearchAction","target":{"@type":"EntryPoint","urlTemplate":"https:\/\/www.akuplastics.com\/hu\/?s={search_term_string}"},"query-input":{"@type":"PropertyValueSpecification","valueRequired":true,"valueName":"search_term_string"}}],"inLanguage":"hu"},{"@type":"Organization","@id":"https:\/\/www.akuplastics.com\/hu\/#organization","name":"Ing. Christian Ahlborn e.U.","alternateName":"AKU","url":"https:\/\/www.akuplastics.com\/hu\/","logo":{"@type":"ImageObject","inLanguage":"hu","@id":"https:\/\/www.akuplastics.com\/hu\/#\/schema\/logo\/image\/","url":"https:\/\/www.akuplastics.com\/wp-content\/uploads\/2020\/07\/Grafik14-inkl-r.png","contentUrl":"https:\/\/www.akuplastics.com\/wp-content\/uploads\/2020\/07\/Grafik14-inkl-r.png","width":1994,"height":743,"caption":"Ing. Christian Ahlborn e.U."},"image":{"@id":"https:\/\/www.akuplastics.com\/hu\/#\/schema\/logo\/image\/"}}]}},"_links":{"self":[{"href":"https:\/\/www.akuplastics.com\/hu\/wp-json\/wp\/v2\/pages\/31053","targetHints":{"allow":["GET"]}}],"collection":[{"href":"https:\/\/www.akuplastics.com\/hu\/wp-json\/wp\/v2\/pages"}],"about":[{"href":"https:\/\/www.akuplastics.com\/hu\/wp-json\/wp\/v2\/types\/page"}],"author":[{"embeddable":true,"href":"https:\/\/www.akuplastics.com\/hu\/wp-json\/wp\/v2\/users\/3"}],"replies":[{"embeddable":true,"href":"https:\/\/www.akuplastics.com\/hu\/wp-json\/wp\/v2\/comments?post=31053"}],"version-history":[{"count":2,"href":"https:\/\/www.akuplastics.com\/hu\/wp-json\/wp\/v2\/pages\/31053\/revisions"}],"predecessor-version":[{"id":31061,"href":"https:\/\/www.akuplastics.com\/hu\/wp-json\/wp\/v2\/pages\/31053\/revisions\/31061"}],"wp:featuredmedia":[{"embeddable":true,"href":"https:\/\/www.akuplastics.com\/hu\/wp-json\/wp\/v2\/media\/30276"}],"wp:attachment":[{"href":"https:\/\/www.akuplastics.com\/hu\/wp-json\/wp\/v2\/media?parent=31053"}],"curies":[{"name":"wp","href":"https:\/\/api.w.org\/{rel}","templated":true}]}}