{"id":31035,"date":"2025-10-29T11:28:35","date_gmt":"2025-10-29T10:28:35","guid":{"rendered":"https:\/\/www.akuplastics.com\/szoegletes-reselt-tolozar-csatlakozoval\/"},"modified":"2025-10-29T11:44:20","modified_gmt":"2025-10-29T10:44:20","slug":"szoegletes-reselt-tolozar-csatlakozoval","status":"publish","type":"page","link":"https:\/\/www.akuplastics.com\/hu\/szoegletes-reselt-tolozar-csatlakozoval\/","title":{"rendered":"Sz\u00f6gletes r\u00e9selt tol\u00f3z\u00e1r csatlakoz\u00f3val"},"content":{"rendered":"\t\t<div data-elementor-type=\"wp-page\" data-elementor-id=\"31035\" class=\"elementor elementor-31035 elementor-30569\" data-elementor-post-type=\"page\">\n\t\t\t\t\t\t<section class=\"elementor-section elementor-top-section elementor-element elementor-element-6025abb3 elementor-section-full_width elementor-section-height-default elementor-section-height-default\" data-id=\"6025abb3\" data-element_type=\"section\" data-e-type=\"section\" data-settings=\"{&quot;background_background&quot;:&quot;gradient&quot;}\">\n\t\t\t\t\t\t<div class=\"elementor-container elementor-column-gap-default\">\n\t\t\t\t\t<div class=\"elementor-column elementor-col-100 elementor-top-column elementor-element elementor-element-c978d9b\" data-id=\"c978d9b\" data-element_type=\"column\" data-e-type=\"column\">\n\t\t\t<div class=\"elementor-widget-wrap elementor-element-populated\">\n\t\t\t\t\t\t<section class=\"elementor-section elementor-inner-section elementor-element elementor-element-1ead80f elementor-section-boxed elementor-section-height-default elementor-section-height-default\" data-id=\"1ead80f\" data-element_type=\"section\" data-e-type=\"section\">\n\t\t\t\t\t\t<div class=\"elementor-container elementor-column-gap-default\">\n\t\t\t\t\t<div class=\"elementor-column elementor-col-100 elementor-inner-column elementor-element elementor-element-97f2d40\" data-id=\"97f2d40\" data-element_type=\"column\" data-e-type=\"column\">\n\t\t\t<div class=\"elementor-widget-wrap elementor-element-populated\">\n\t\t\t\t\t\t<div class=\"elementor-element elementor-element-5288b20 elementor-widget__width-initial elementor-widget elementor-widget-text-editor\" data-id=\"5288b20\" data-element_type=\"widget\" data-e-type=\"widget\" data-widget_type=\"text-editor.default\">\n\t\t\t\t<div class=\"elementor-widget-container\">\n\t\t\t\t\t\t\t\t\t<h1 class=\"csc-firstHeader\" style=\"text-align: left;\">Sz\u00f6gletes r\u00e9selt tol\u00f3z\u00e1r csatlakoz\u00f3val, PVC-U PPs PP-H PE-HD anyagb\u00f3l <\/h1>\t\t\t\t\t\t\t\t<\/div>\n\t\t\t\t<\/div>\n\t\t\t\t<div class=\"elementor-element elementor-element-843282f elementor-widget__width-initial elementor-widget elementor-widget-text-editor\" data-id=\"843282f\" data-element_type=\"widget\" data-e-type=\"widget\" data-widget_type=\"text-editor.default\">\n\t\t\t\t<div class=\"elementor-widget-container\">\n\t\t\t\t\t\t\t\t\t<p style=\"text-align: left;\">Sz\u00f6gletes r\u00e9selt tol\u00f3z\u00e1r csatlakoz\u00f3val, l\u00e9gtechnikai rendszerekbe t\u00f6rt\u00e9n\u0151 be\u00e9p\u00edt\u00e9shez, t\u00e9rfogat\u00e1ramok szab\u00e1lyoz\u00e1s\u00e1ra elsz\u00edv\u00e1si pontokon.<\/p>\n<p style=\"text-align: left;\">A r\u00e9selt tol\u00f3z\u00e1r melegleveg\u0151s h\u00faz\u00f3hegeszt\u00e9ssel r\u00f6gz\u00edthet\u0151 csatorn\u00e1kra vagy cs\u00f6vekre.<\/p>\t\t\t\t\t\t\t\t<\/div>\n\t\t\t\t<\/div>\n\t\t\t\t<div class=\"elementor-element elementor-element-b534910 elementor-widget__width-initial elementor-widget elementor-widget-text-editor\" data-id=\"b534910\" data-element_type=\"widget\" data-e-type=\"widget\" data-widget_type=\"text-editor.default\">\n\t\t\t\t<div class=\"elementor-widget-container\">\n\t\t\t\t\t\t\t\t\t<p style=\"text-align: left;\"> <\/p><p style=\"text-align: left;\">Lehets\u00e9ges negat\u00edv t\u00falnyom\u00e1s k\u00e9r\u00e9sre, mechanikai, k\u00e9miai \u00e9s termikus terhel\u00e9s ut\u00e1n.<\/p>\t\t\t\t\t\t\t\t<\/div>\n\t\t\t\t<\/div>\n\t\t\t\t<div class=\"elementor-element elementor-element-5a28bf2 elementor-widget__width-initial elementor-widget elementor-widget-text-editor\" data-id=\"5a28bf2\" data-element_type=\"widget\" data-e-type=\"widget\" data-widget_type=\"text-editor.default\">\n\t\t\t\t<div class=\"elementor-widget-container\">\n\t\t\t\t\t\t\t\t\t<table border=\"0\" width=\"560\" cellspacing=\"0\" cellpadding=\"0\">\n<tbody>\n<tr>\n<td width=\"80\" height=\"61\">Csatornam\u00e9ret<\/td>\n<td colspan=\"5\" width=\"400\">PVC\/PVC feh\u00e9r\/PE-HD\/PP-H\/PPs<\/td>\n<td width=\"80\">szabad keresztmetszet<\/td>\n<\/tr>\n<tr>\n<td width=\"80\" height=\"22\"> <\/td>\n<td width=\"80\">A<\/td>\n<td width=\"80\">B<\/td>\n<td width=\"80\">C<\/td>\n<td width=\"80\">L<\/td>\n<td width=\"80\">S<\/td>\n<td width=\"80\">%<\/td>\n<\/tr>\n<tr>\n<td width=\"80\" height=\"22\">300&#215;100<\/td>\n<td width=\"80\">300<\/td>\n<td width=\"80\">100<\/td>\n<td width=\"80\">12<\/td>\n<td width=\"80\">50<\/td>\n<td width=\"80\">5<\/td>\n<td width=\"80\">34<\/td>\n<\/tr>\n<tr>\n<td width=\"80\" height=\"21\">300&#215;150<\/td>\n<td width=\"80\">300<\/td>\n<td width=\"80\">150<\/td>\n<td width=\"80\">12<\/td>\n<td width=\"80\">50<\/td>\n<td width=\"80\">5<\/td>\n<td width=\"80\">36<\/td>\n<\/tr>\n<tr>\n<td width=\"80\" height=\"21\">300&#215;200<\/td>\n<td width=\"80\">300<\/td>\n<td width=\"80\">200<\/td>\n<td width=\"80\">12<\/td>\n<td width=\"80\">50<\/td>\n<td width=\"80\">5<\/td>\n<td width=\"80\">37<\/td>\n<\/tr>\n<tr>\n<td width=\"80\" height=\"21\">300&#215;250<\/td>\n<td width=\"80\">300<\/td>\n<td width=\"80\">250<\/td>\n<td width=\"80\">12<\/td>\n<td width=\"80\">50<\/td>\n<td width=\"80\">5<\/td>\n<td width=\"80\">38<\/td>\n<\/tr>\n<tr>\n<td width=\"80\" height=\"21\">400&#215;100<\/td>\n<td width=\"80\">400<\/td>\n<td width=\"80\">100<\/td>\n<td width=\"80\">12<\/td>\n<td width=\"80\">50<\/td>\n<td width=\"80\">5<\/td>\n<td width=\"80\">35<\/td>\n<\/tr>\n<tr>\n<td width=\"80\" height=\"21\">400&#215;150<\/td>\n<td width=\"80\">400<\/td>\n<td width=\"80\">150<\/td>\n<td width=\"80\">12<\/td>\n<td width=\"80\">50<\/td>\n<td width=\"80\">5<\/td>\n<td width=\"80\">36<\/td>\n<\/tr>\n<tr>\n<td width=\"80\" height=\"21\">400&#215;200<\/td>\n<td width=\"80\">400<\/td>\n<td width=\"80\">200<\/td>\n<td width=\"80\">12<\/td>\n<td width=\"80\">50<\/td>\n<td width=\"80\">5<\/td>\n<td width=\"80\">37<\/td>\n<\/tr>\n<tr>\n<td width=\"80\" height=\"21\">400&#215;250<\/td>\n<td width=\"80\">400<\/td>\n<td width=\"80\">250<\/td>\n<td width=\"80\">12<\/td>\n<td width=\"80\">50<\/td>\n<td width=\"80\">5<\/td>\n<td width=\"80\">38<\/td>\n<\/tr>\n<tr>\n<td width=\"80\" height=\"21\">500&#215;100<\/td>\n<td width=\"80\">500<\/td>\n<td width=\"80\">100<\/td>\n<td width=\"80\">12<\/td>\n<td width=\"80\">50<\/td>\n<td width=\"80\">5<\/td>\n<td width=\"80\">34<\/td>\n<\/tr>\n<tr>\n<td width=\"80\" height=\"21\">500&#215;150<\/td>\n<td width=\"80\">500<\/td>\n<td width=\"80\">150<\/td>\n<td width=\"80\">12<\/td>\n<td width=\"80\">50<\/td>\n<td width=\"80\">5<\/td>\n<td width=\"80\">36<\/td>\n<\/tr>\n<tr>\n<td width=\"80\" height=\"21\">500&#215;200<\/td>\n<td width=\"80\">500<\/td>\n<td width=\"80\">200<\/td>\n<td width=\"80\">12<\/td>\n<td width=\"80\">50<\/td>\n<td width=\"80\">5<\/td>\n<td width=\"80\">37<\/td>\n<\/tr>\n<tr>\n<td width=\"80\" height=\"21\">500&#215;250<\/td>\n<td width=\"80\">500<\/td>\n<td width=\"80\">250<\/td>\n<td width=\"80\">12<\/td>\n<td width=\"80\">50<\/td>\n<td width=\"80\">5<\/td>\n<td width=\"80\">38<\/td>\n<\/tr>\n<tr>\n<td width=\"80\" height=\"21\">600&#215;100<\/td>\n<td width=\"80\">600<\/td>\n<td width=\"80\">100<\/td>\n<td width=\"80\">12<\/td>\n<td width=\"80\">50<\/td>\n<td width=\"80\">5<\/td>\n<td width=\"80\">35<\/td>\n<\/tr>\n<tr>\n<td width=\"80\" height=\"21\">600&#215;150<\/td>\n<td width=\"80\">600<\/td>\n<td width=\"80\">150<\/td>\n<td width=\"80\">12<\/td>\n<td width=\"80\">50<\/td>\n<td width=\"80\">5<\/td>\n<td width=\"80\">36<\/td>\n<\/tr>\n<tr>\n<td width=\"80\" height=\"21\">600&#215;200<\/td>\n<td width=\"80\">600<\/td>\n<td width=\"80\">200<\/td>\n<td width=\"80\">12<\/td>\n<td width=\"80\">50<\/td>\n<td width=\"80\">5<\/td>\n<td width=\"80\">37<\/td>\n<\/tr>\n<tr>\n<td width=\"80\" height=\"20\">600&#215;250<\/td>\n<td width=\"80\">600<\/td>\n<td width=\"80\">250<\/td>\n<td width=\"80\">12<\/td>\n<td width=\"80\">50<\/td>\n<td width=\"80\">5<\/td>\n<td width=\"80\">38<\/td>\n<\/tr>\n<\/tbody>\n<\/table>\t\t\t\t\t\t\t\t<\/div>\n\t\t\t\t<\/div>\n\t\t\t\t\t<\/div>\n\t\t<\/div>\n\t\t\t\t<div class=\"elementor-column elementor-col-50 elementor-inner-column elementor-element elementor-element-97bb919\" data-id=\"97bb919\" data-element_type=\"column\" data-e-type=\"column\">\n\t\t\t<div class=\"elementor-widget-wrap elementor-element-populated\">\n\t\t\t\t\t\t<div class=\"elementor-element elementor-element-1a349e7 elementor-widget elementor-widget-image\" data-id=\"1a349e7\" data-element_type=\"widget\" data-e-type=\"widget\" data-widget_type=\"image.default\">\n\t\t\t\t<div class=\"elementor-widget-container\">\n\t\t\t\t\t\t\t\t\t\t\t\t<figure class=\"wp-caption\">\n\t\t\t\t\t\t\t\t\t\t<img loading=\"lazy\" decoding=\"async\" width=\"117\" height=\"300\" src=\"https:\/\/www.akuplastics.com\/wp-content\/uploads\/2025\/10\/Schlitzschieber-eckig-mit-Anschlussstueck-PVC-U-PPs-PP-H-PE-HD-117x300.webp\" class=\"attachment-medium size-medium wp-image-30754\" alt=\"Sz\u00f6gletes tol\u00f3z\u00e1r csatlakoz\u00f3val PVC-U PPs PP-H PE-HD\" srcset=\"https:\/\/www.akuplastics.com\/wp-content\/uploads\/2025\/10\/Schlitzschieber-eckig-mit-Anschlussstueck-PVC-U-PPs-PP-H-PE-HD-117x300.webp 117w, https:\/\/www.akuplastics.com\/wp-content\/uploads\/2025\/10\/Schlitzschieber-eckig-mit-Anschlussstueck-PVC-U-PPs-PP-H-PE-HD-399x1024.webp 399w, https:\/\/www.akuplastics.com\/wp-content\/uploads\/2025\/10\/Schlitzschieber-eckig-mit-Anschlussstueck-PVC-U-PPs-PP-H-PE-HD.webp 500w\" sizes=\"auto, (max-width: 117px) 100vw, 117px\" \/>\t\t\t\t\t\t\t\t\t\t\t<figcaption class=\"widget-image-caption wp-caption-text\">Sz\u00f6gletes tol\u00f3z\u00e1r csatlakoz\u00f3val PVC-U PPs PP-H PE-HD<\/figcaption>\n\t\t\t\t\t\t\t\t\t\t<\/figure>\n\t\t\t\t\t\t\t\t\t<\/div>\n\t\t\t\t<\/div>\n\t\t\t\t\t<\/div>\n\t\t<\/div>\n\t\t\t\t\t<\/div>\n\t\t<\/section>\n\t\t\t\t\t<\/div>\n\t\t<\/div>\n\t\t\t\t\t<\/div>\n\t\t<\/section>\n\t\t\t\t<\/div>\n\t\t","protected":false},"excerpt":{"rendered":"<p>Sz\u00f6gletes r\u00e9selt tol\u00f3z\u00e1r csatlakoz\u00f3val, PVC-U PPs PP-H PE-HD anyagb\u00f3l Sz\u00f6gletes r\u00e9selt tol\u00f3z\u00e1r csatlakoz\u00f3val, l\u00e9gtechnikai rendszerekbe t\u00f6rt\u00e9n\u0151 be\u00e9p\u00edt\u00e9shez, t\u00e9rfogat\u00e1ramok szab\u00e1lyoz\u00e1s\u00e1ra elsz\u00edv\u00e1si pontokon. A r\u00e9selt tol\u00f3z\u00e1r melegleveg\u0151s h\u00faz\u00f3hegeszt\u00e9ssel r\u00f6gz\u00edthet\u0151 csatorn\u00e1kra vagy cs\u00f6vekre. Lehets\u00e9ges negat\u00edv t\u00falnyom\u00e1s k\u00e9r\u00e9sre, mechanikai, k\u00e9miai \u00e9s termikus terhel\u00e9s ut\u00e1n. Csatornam\u00e9ret PVC\/PVC feh\u00e9r\/PE-HD\/PP-H\/PPs szabad keresztmetszet A B C L S % 300&#215;100 300 100 12 [&hellip;]<\/p>\n","protected":false},"author":3,"featured_media":30754,"parent":0,"menu_order":1,"comment_status":"closed","ping_status":"closed","template":"","meta":{"iawp_total_views":1,"footnotes":""},"class_list":["post-31035","page","type-page","status-publish","has-post-thumbnail","hentry"],"yoast_head":"<!-- This site is optimized with the Yoast SEO Premium plugin v27.4 (Yoast SEO v27.5) - https:\/\/yoast.com\/product\/yoast-seo-premium-wordpress\/ -->\n<title>Sz\u00f6gletes r\u00e9selt tol\u00f3z\u00e1r csatlakoz\u00f3 PVC-U PPs PP-H PE-HD<\/title>\n<meta name=\"description\" content=\"Sz\u00f6gletes r\u00e9selt tol\u00f3z\u00e1r csatlakoz\u00f3val, l\u00e9gtechnikai rendszerekbe t\u00f6rt\u00e9n\u0151 be\u00e9p\u00edt\u00e9shez, t\u00e9rfogat\u00e1ramok szab\u00e1lyoz\u00e1s\u00e1ra elsz\u00edv\u00e1si pontokon. A r\u00e9selt tol\u00f3z\u00e1r melegleveg\u0151s h\u00faz\u00f3hegeszt\u00e9ssel r\u00f6gz\u00edthet\u0151 csatorn\u00e1kra vagy cs\u00f6vekre.\" \/>\n<meta name=\"robots\" content=\"index, follow, max-snippet:-1, max-image-preview:large, max-video-preview:-1\" \/>\n<link rel=\"canonical\" href=\"https:\/\/www.akuplastics.com\/hu\/szoegletes-reselt-tolozar-csatlakozoval\/\" \/>\n<script type=\"application\/ld+json\" class=\"yoast-schema-graph\">{\"@context\":\"https:\\\/\\\/schema.org\",\"@graph\":[{\"@type\":\"WebPage\",\"@id\":\"https:\\\/\\\/www.akuplastics.com\\\/hu\\\/szoegletes-reselt-tolozar-csatlakozoval\\\/\",\"url\":\"https:\\\/\\\/www.akuplastics.com\\\/hu\\\/szoegletes-reselt-tolozar-csatlakozoval\\\/\",\"name\":\"Sz\u00f6gletes r\u00e9selt tol\u00f3z\u00e1r csatlakoz\u00f3 PVC-U PPs PP-H PE-HD\",\"isPartOf\":{\"@id\":\"https:\\\/\\\/www.akuplastics.com\\\/hu\\\/#website\"},\"primaryImageOfPage\":{\"@id\":\"https:\\\/\\\/www.akuplastics.com\\\/hu\\\/szoegletes-reselt-tolozar-csatlakozoval\\\/#primaryimage\"},\"image\":{\"@id\":\"https:\\\/\\\/www.akuplastics.com\\\/hu\\\/szoegletes-reselt-tolozar-csatlakozoval\\\/#primaryimage\"},\"thumbnailUrl\":\"https:\\\/\\\/www.akuplastics.com\\\/wp-content\\\/uploads\\\/2025\\\/10\\\/Schlitzschieber-eckig-mit-Anschlussstueck-PVC-U-PPs-PP-H-PE-HD.webp\",\"datePublished\":\"2025-10-29T10:28:35+00:00\",\"dateModified\":\"2025-10-29T10:44:20+00:00\",\"description\":\"Sz\u00f6gletes r\u00e9selt tol\u00f3z\u00e1r csatlakoz\u00f3val, l\u00e9gtechnikai rendszerekbe t\u00f6rt\u00e9n\u0151 be\u00e9p\u00edt\u00e9shez, t\u00e9rfogat\u00e1ramok szab\u00e1lyoz\u00e1s\u00e1ra elsz\u00edv\u00e1si pontokon. A r\u00e9selt tol\u00f3z\u00e1r melegleveg\u0151s h\u00faz\u00f3hegeszt\u00e9ssel r\u00f6gz\u00edthet\u0151 csatorn\u00e1kra vagy cs\u00f6vekre.\",\"breadcrumb\":{\"@id\":\"https:\\\/\\\/www.akuplastics.com\\\/hu\\\/szoegletes-reselt-tolozar-csatlakozoval\\\/#breadcrumb\"},\"inLanguage\":\"hu\",\"potentialAction\":[{\"@type\":\"ReadAction\",\"target\":[\"https:\\\/\\\/www.akuplastics.com\\\/hu\\\/szoegletes-reselt-tolozar-csatlakozoval\\\/\"]}]},{\"@type\":\"ImageObject\",\"inLanguage\":\"hu\",\"@id\":\"https:\\\/\\\/www.akuplastics.com\\\/hu\\\/szoegletes-reselt-tolozar-csatlakozoval\\\/#primaryimage\",\"url\":\"https:\\\/\\\/www.akuplastics.com\\\/wp-content\\\/uploads\\\/2025\\\/10\\\/Schlitzschieber-eckig-mit-Anschlussstueck-PVC-U-PPs-PP-H-PE-HD.webp\",\"contentUrl\":\"https:\\\/\\\/www.akuplastics.com\\\/wp-content\\\/uploads\\\/2025\\\/10\\\/Schlitzschieber-eckig-mit-Anschlussstueck-PVC-U-PPs-PP-H-PE-HD.webp\",\"width\":500,\"height\":1283,\"caption\":\"Sz\u00f6gletes tol\u00f3z\u00e1r csatlakoz\u00f3val PVC-U PPs PP-H PE-HD\"},{\"@type\":\"BreadcrumbList\",\"@id\":\"https:\\\/\\\/www.akuplastics.com\\\/hu\\\/szoegletes-reselt-tolozar-csatlakozoval\\\/#breadcrumb\",\"itemListElement\":[{\"@type\":\"ListItem\",\"position\":1,\"name\":\"Kezd\u0151lap\",\"item\":\"https:\\\/\\\/www.akuplastics.com\\\/hu\\\/\"},{\"@type\":\"ListItem\",\"position\":2,\"name\":\"Sz\u00f6gletes r\u00e9selt tol\u00f3z\u00e1r csatlakoz\u00f3val\"}]},{\"@type\":\"WebSite\",\"@id\":\"https:\\\/\\\/www.akuplastics.com\\\/hu\\\/#website\",\"url\":\"https:\\\/\\\/www.akuplastics.com\\\/hu\\\/\",\"name\":\"Semi-Finished Products \u2013 Finished Parts \u2013 Ventilation Moulded Parts \u2013 Machines\",\"description\":\"Halbzeuge, Halbfabrikate, Kunststoffhalbzeuge, Kunststoffhalbfabrikate\",\"publisher\":{\"@id\":\"https:\\\/\\\/www.akuplastics.com\\\/hu\\\/#organization\"},\"alternateName\":\"AKUPLASTICS \u2013 Engineering in Plastics\",\"potentialAction\":[{\"@type\":\"SearchAction\",\"target\":{\"@type\":\"EntryPoint\",\"urlTemplate\":\"https:\\\/\\\/www.akuplastics.com\\\/hu\\\/?s={search_term_string}\"},\"query-input\":{\"@type\":\"PropertyValueSpecification\",\"valueRequired\":true,\"valueName\":\"search_term_string\"}}],\"inLanguage\":\"hu\"},{\"@type\":\"Organization\",\"@id\":\"https:\\\/\\\/www.akuplastics.com\\\/hu\\\/#organization\",\"name\":\"Ing. Christian Ahlborn e.U.\",\"alternateName\":\"AKU\",\"url\":\"https:\\\/\\\/www.akuplastics.com\\\/hu\\\/\",\"logo\":{\"@type\":\"ImageObject\",\"inLanguage\":\"hu\",\"@id\":\"https:\\\/\\\/www.akuplastics.com\\\/hu\\\/#\\\/schema\\\/logo\\\/image\\\/\",\"url\":\"https:\\\/\\\/www.akuplastics.com\\\/wp-content\\\/uploads\\\/2020\\\/07\\\/Grafik14-inkl-r.png\",\"contentUrl\":\"https:\\\/\\\/www.akuplastics.com\\\/wp-content\\\/uploads\\\/2020\\\/07\\\/Grafik14-inkl-r.png\",\"width\":1994,\"height\":743,\"caption\":\"Ing. Christian Ahlborn e.U.\"},\"image\":{\"@id\":\"https:\\\/\\\/www.akuplastics.com\\\/hu\\\/#\\\/schema\\\/logo\\\/image\\\/\"}}]}<\/script>\n<!-- \/ Yoast SEO Premium plugin. -->","yoast_head_json":{"title":"Sz\u00f6gletes r\u00e9selt tol\u00f3z\u00e1r csatlakoz\u00f3 PVC-U PPs PP-H PE-HD","description":"Sz\u00f6gletes r\u00e9selt tol\u00f3z\u00e1r csatlakoz\u00f3val, l\u00e9gtechnikai rendszerekbe t\u00f6rt\u00e9n\u0151 be\u00e9p\u00edt\u00e9shez, t\u00e9rfogat\u00e1ramok szab\u00e1lyoz\u00e1s\u00e1ra elsz\u00edv\u00e1si pontokon. A r\u00e9selt tol\u00f3z\u00e1r melegleveg\u0151s h\u00faz\u00f3hegeszt\u00e9ssel r\u00f6gz\u00edthet\u0151 csatorn\u00e1kra vagy cs\u00f6vekre.","robots":{"index":"index","follow":"follow","max-snippet":"max-snippet:-1","max-image-preview":"max-image-preview:large","max-video-preview":"max-video-preview:-1"},"canonical":"https:\/\/www.akuplastics.com\/hu\/szoegletes-reselt-tolozar-csatlakozoval\/","schema":{"@context":"https:\/\/schema.org","@graph":[{"@type":"WebPage","@id":"https:\/\/www.akuplastics.com\/hu\/szoegletes-reselt-tolozar-csatlakozoval\/","url":"https:\/\/www.akuplastics.com\/hu\/szoegletes-reselt-tolozar-csatlakozoval\/","name":"Sz\u00f6gletes r\u00e9selt tol\u00f3z\u00e1r csatlakoz\u00f3 PVC-U PPs PP-H PE-HD","isPartOf":{"@id":"https:\/\/www.akuplastics.com\/hu\/#website"},"primaryImageOfPage":{"@id":"https:\/\/www.akuplastics.com\/hu\/szoegletes-reselt-tolozar-csatlakozoval\/#primaryimage"},"image":{"@id":"https:\/\/www.akuplastics.com\/hu\/szoegletes-reselt-tolozar-csatlakozoval\/#primaryimage"},"thumbnailUrl":"https:\/\/www.akuplastics.com\/wp-content\/uploads\/2025\/10\/Schlitzschieber-eckig-mit-Anschlussstueck-PVC-U-PPs-PP-H-PE-HD.webp","datePublished":"2025-10-29T10:28:35+00:00","dateModified":"2025-10-29T10:44:20+00:00","description":"Sz\u00f6gletes r\u00e9selt tol\u00f3z\u00e1r csatlakoz\u00f3val, l\u00e9gtechnikai rendszerekbe t\u00f6rt\u00e9n\u0151 be\u00e9p\u00edt\u00e9shez, t\u00e9rfogat\u00e1ramok szab\u00e1lyoz\u00e1s\u00e1ra elsz\u00edv\u00e1si pontokon. A r\u00e9selt tol\u00f3z\u00e1r melegleveg\u0151s h\u00faz\u00f3hegeszt\u00e9ssel r\u00f6gz\u00edthet\u0151 csatorn\u00e1kra vagy cs\u00f6vekre.","breadcrumb":{"@id":"https:\/\/www.akuplastics.com\/hu\/szoegletes-reselt-tolozar-csatlakozoval\/#breadcrumb"},"inLanguage":"hu","potentialAction":[{"@type":"ReadAction","target":["https:\/\/www.akuplastics.com\/hu\/szoegletes-reselt-tolozar-csatlakozoval\/"]}]},{"@type":"ImageObject","inLanguage":"hu","@id":"https:\/\/www.akuplastics.com\/hu\/szoegletes-reselt-tolozar-csatlakozoval\/#primaryimage","url":"https:\/\/www.akuplastics.com\/wp-content\/uploads\/2025\/10\/Schlitzschieber-eckig-mit-Anschlussstueck-PVC-U-PPs-PP-H-PE-HD.webp","contentUrl":"https:\/\/www.akuplastics.com\/wp-content\/uploads\/2025\/10\/Schlitzschieber-eckig-mit-Anschlussstueck-PVC-U-PPs-PP-H-PE-HD.webp","width":500,"height":1283,"caption":"Sz\u00f6gletes tol\u00f3z\u00e1r csatlakoz\u00f3val PVC-U PPs PP-H PE-HD"},{"@type":"BreadcrumbList","@id":"https:\/\/www.akuplastics.com\/hu\/szoegletes-reselt-tolozar-csatlakozoval\/#breadcrumb","itemListElement":[{"@type":"ListItem","position":1,"name":"Kezd\u0151lap","item":"https:\/\/www.akuplastics.com\/hu\/"},{"@type":"ListItem","position":2,"name":"Sz\u00f6gletes r\u00e9selt tol\u00f3z\u00e1r csatlakoz\u00f3val"}]},{"@type":"WebSite","@id":"https:\/\/www.akuplastics.com\/hu\/#website","url":"https:\/\/www.akuplastics.com\/hu\/","name":"Semi-Finished Products \u2013 Finished Parts \u2013 Ventilation Moulded Parts \u2013 Machines","description":"Halbzeuge, Halbfabrikate, Kunststoffhalbzeuge, Kunststoffhalbfabrikate","publisher":{"@id":"https:\/\/www.akuplastics.com\/hu\/#organization"},"alternateName":"AKUPLASTICS \u2013 Engineering in Plastics","potentialAction":[{"@type":"SearchAction","target":{"@type":"EntryPoint","urlTemplate":"https:\/\/www.akuplastics.com\/hu\/?s={search_term_string}"},"query-input":{"@type":"PropertyValueSpecification","valueRequired":true,"valueName":"search_term_string"}}],"inLanguage":"hu"},{"@type":"Organization","@id":"https:\/\/www.akuplastics.com\/hu\/#organization","name":"Ing. Christian Ahlborn e.U.","alternateName":"AKU","url":"https:\/\/www.akuplastics.com\/hu\/","logo":{"@type":"ImageObject","inLanguage":"hu","@id":"https:\/\/www.akuplastics.com\/hu\/#\/schema\/logo\/image\/","url":"https:\/\/www.akuplastics.com\/wp-content\/uploads\/2020\/07\/Grafik14-inkl-r.png","contentUrl":"https:\/\/www.akuplastics.com\/wp-content\/uploads\/2020\/07\/Grafik14-inkl-r.png","width":1994,"height":743,"caption":"Ing. Christian Ahlborn e.U."},"image":{"@id":"https:\/\/www.akuplastics.com\/hu\/#\/schema\/logo\/image\/"}}]}},"_links":{"self":[{"href":"https:\/\/www.akuplastics.com\/hu\/wp-json\/wp\/v2\/pages\/31035","targetHints":{"allow":["GET"]}}],"collection":[{"href":"https:\/\/www.akuplastics.com\/hu\/wp-json\/wp\/v2\/pages"}],"about":[{"href":"https:\/\/www.akuplastics.com\/hu\/wp-json\/wp\/v2\/types\/page"}],"author":[{"embeddable":true,"href":"https:\/\/www.akuplastics.com\/hu\/wp-json\/wp\/v2\/users\/3"}],"replies":[{"embeddable":true,"href":"https:\/\/www.akuplastics.com\/hu\/wp-json\/wp\/v2\/comments?post=31035"}],"version-history":[{"count":2,"href":"https:\/\/www.akuplastics.com\/hu\/wp-json\/wp\/v2\/pages\/31035\/revisions"}],"predecessor-version":[{"id":31043,"href":"https:\/\/www.akuplastics.com\/hu\/wp-json\/wp\/v2\/pages\/31035\/revisions\/31043"}],"wp:featuredmedia":[{"embeddable":true,"href":"https:\/\/www.akuplastics.com\/hu\/wp-json\/wp\/v2\/media\/30754"}],"wp:attachment":[{"href":"https:\/\/www.akuplastics.com\/hu\/wp-json\/wp\/v2\/media?parent=31035"}],"curies":[{"name":"wp","href":"https:\/\/api.w.org\/{rel}","templated":true}]}}