{"id":30998,"date":"2025-10-29T11:25:26","date_gmt":"2025-10-29T10:25:26","guid":{"rendered":"https:\/\/www.akuplastics.com\/negyszoegletes-tolozar\/"},"modified":"2025-10-29T11:43:40","modified_gmt":"2025-10-29T10:43:40","slug":"negyszoegletes-tolozar","status":"publish","type":"page","link":"https:\/\/www.akuplastics.com\/hu\/negyszoegletes-tolozar\/","title":{"rendered":"N\u00e9gysz\u00f6gletes tol\u00f3z\u00e1r"},"content":{"rendered":"\t\t<div data-elementor-type=\"wp-page\" data-elementor-id=\"30998\" class=\"elementor elementor-30998 elementor-30558\" data-elementor-post-type=\"page\">\n\t\t\t\t\t\t<section class=\"elementor-section elementor-top-section elementor-element elementor-element-6025abb3 elementor-section-full_width elementor-section-height-default elementor-section-height-default\" data-id=\"6025abb3\" data-element_type=\"section\" data-e-type=\"section\" data-settings=\"{&quot;background_background&quot;:&quot;gradient&quot;}\">\n\t\t\t\t\t\t<div class=\"elementor-container elementor-column-gap-default\">\n\t\t\t\t\t<div class=\"elementor-column elementor-col-100 elementor-top-column elementor-element elementor-element-c978d9b\" data-id=\"c978d9b\" data-element_type=\"column\" data-e-type=\"column\">\n\t\t\t<div class=\"elementor-widget-wrap elementor-element-populated\">\n\t\t\t\t\t\t<section class=\"elementor-section elementor-inner-section elementor-element elementor-element-1ead80f elementor-section-boxed elementor-section-height-default elementor-section-height-default\" data-id=\"1ead80f\" data-element_type=\"section\" data-e-type=\"section\">\n\t\t\t\t\t\t<div class=\"elementor-container elementor-column-gap-default\">\n\t\t\t\t\t<div class=\"elementor-column elementor-col-100 elementor-inner-column elementor-element elementor-element-97f2d40\" data-id=\"97f2d40\" data-element_type=\"column\" data-e-type=\"column\">\n\t\t\t<div class=\"elementor-widget-wrap elementor-element-populated\">\n\t\t\t\t\t\t<div class=\"elementor-element elementor-element-5288b20 elementor-widget__width-initial elementor-widget elementor-widget-text-editor\" data-id=\"5288b20\" data-element_type=\"widget\" data-e-type=\"widget\" data-widget_type=\"text-editor.default\">\n\t\t\t\t<div class=\"elementor-widget-container\">\n\t\t\t\t\t\t\t\t\t<h1 class=\"csc-firstHeader\" style=\"text-align: left;\">N\u00e9gysz\u00f6gletes tol\u00f3z\u00e1r PVC-U, PPs, PP-H, PE-HD anyagb\u00f3l <\/h1>\t\t\t\t\t\t\t\t<\/div>\n\t\t\t\t<\/div>\n\t\t\t\t<div class=\"elementor-element elementor-element-843282f elementor-widget__width-initial elementor-widget elementor-widget-text-editor\" data-id=\"843282f\" data-element_type=\"widget\" data-e-type=\"widget\" data-widget_type=\"text-editor.default\">\n\t\t\t\t<div class=\"elementor-widget-container\">\n\t\t\t\t\t\t\t\t\t<p style=\"text-align: left;\">N\u00e9gysz\u00f6gletes tol\u00f3z\u00e1r, l\u00e9gtechnikai rendszerekbe t\u00f6rt\u00e9n\u0151 be\u00e9p\u00edt\u00e9shez az elsz\u00edv\u00e1si pontokon a t\u00e9rfogat\u00e1ram szab\u00e1lyoz\u00e1s\u00e1ra.<\/p>\n<p style=\"text-align: left;\">A tol\u00f3z\u00e1r melegleveg\u0151s h\u00faz\u00f3hegeszt\u00e9ssel r\u00f6gz\u00edthet\u0151 csatorn\u00e1khoz vagy cs\u00f6vekhez (r\u00f6gz\u00edt\u0151keret seg\u00edts\u00e9g\u00e9vel).<\/p>\t\t\t\t\t\t\t\t<\/div>\n\t\t\t\t<\/div>\n\t\t\t\t<div class=\"elementor-element elementor-element-b534910 elementor-widget__width-initial elementor-widget elementor-widget-text-editor\" data-id=\"b534910\" data-element_type=\"widget\" data-e-type=\"widget\" data-widget_type=\"text-editor.default\">\n\t\t\t\t<div class=\"elementor-widget-container\">\n\t\t\t\t\t\t\t\t\t<p style=\"text-align: left;\"> <\/p><p style=\"text-align: left;\">Lehets\u00e9ges negat\u00edv t\u00falnyom\u00e1s k\u00e9r\u00e9sre, mechanikai, k\u00e9miai \u00e9s termikus terhel\u00e9s ut\u00e1n.<\/p>\t\t\t\t\t\t\t\t<\/div>\n\t\t\t\t<\/div>\n\t\t\t\t<div class=\"elementor-element elementor-element-5a28bf2 elementor-widget__width-initial elementor-widget elementor-widget-text-editor\" data-id=\"5a28bf2\" data-element_type=\"widget\" data-e-type=\"widget\" data-widget_type=\"text-editor.default\">\n\t\t\t\t<div class=\"elementor-widget-container\">\n\t\t\t\t\t\t\t\t\t<table width=\"371\">\n<tbody>\n<tr>\n<td width=\"78\">Csatornam\u00e9ret<\/td>\n<td colspan=\"5\" width=\"215\">PVC\/feh\u00e9r PVC\/PE-HD\/PP-H\/PPs<\/td>\n<td width=\"78\">szabad keresztmetszet<\/td>\n<\/tr>\n<tr>\n<td width=\"78\"> <\/td>\n<td width=\"39\">A<\/td>\n<td width=\"60\">Sz\u00e9less\u00e9g<\/td>\n<td width=\"54\">C<\/td>\n<td width=\"31\">L<\/td>\n<td width=\"31\">Magass\u00e1g<\/td>\n<td width=\"78\">%<\/td>\n<\/tr>\n<tr>\n<td width=\"78\">300&#215;100<\/td>\n<td width=\"39\">300<\/td>\n<td width=\"60\">100<\/td>\n<td width=\"54\">12<\/td>\n<td width=\"31\">50<\/td>\n<td width=\"31\">5<\/td>\n<td width=\"78\">34<\/td>\n<\/tr>\n<tr>\n<td width=\"78\">300&#215;150<\/td>\n<td width=\"39\">300<\/td>\n<td width=\"60\">150<\/td>\n<td width=\"54\">12<\/td>\n<td width=\"31\">50<\/td>\n<td width=\"31\">5<\/td>\n<td width=\"78\">36<\/td>\n<\/tr>\n<tr>\n<td width=\"78\">300&#215;200<\/td>\n<td width=\"39\">300<\/td>\n<td width=\"60\">200<\/td>\n<td width=\"54\">12<\/td>\n<td width=\"31\">50<\/td>\n<td width=\"31\">5<\/td>\n<td width=\"78\">37<\/td>\n<\/tr>\n<tr>\n<td width=\"78\">300&#215;250<\/td>\n<td width=\"39\">300<\/td>\n<td width=\"60\">250<\/td>\n<td width=\"54\">12<\/td>\n<td width=\"31\">50<\/td>\n<td width=\"31\">5<\/td>\n<td width=\"78\">38<\/td>\n<\/tr>\n<tr>\n<td width=\"78\">400&#215;100<\/td>\n<td width=\"39\">400<\/td>\n<td width=\"60\">100<\/td>\n<td width=\"54\">12<\/td>\n<td width=\"31\">50<\/td>\n<td width=\"31\">5<\/td>\n<td width=\"78\">35<\/td>\n<\/tr>\n<tr>\n<td width=\"78\">400&#215;150<\/td>\n<td width=\"39\">400<\/td>\n<td width=\"60\">150<\/td>\n<td width=\"54\">12<\/td>\n<td width=\"31\">50<\/td>\n<td width=\"31\">5<\/td>\n<td width=\"78\">36<\/td>\n<\/tr>\n<tr>\n<td width=\"78\">400&#215;200<\/td>\n<td width=\"39\">400<\/td>\n<td width=\"60\">200<\/td>\n<td width=\"54\">12<\/td>\n<td width=\"31\">50<\/td>\n<td width=\"31\">5<\/td>\n<td width=\"78\">37<\/td>\n<\/tr>\n<tr>\n<td width=\"78\">400&#215;250<\/td>\n<td width=\"39\">400<\/td>\n<td width=\"60\">250<\/td>\n<td width=\"54\">12<\/td>\n<td width=\"31\">50<\/td>\n<td width=\"31\">5<\/td>\n<td width=\"78\">38<\/td>\n<\/tr>\n<tr>\n<td width=\"78\">500&#215;100<\/td>\n<td width=\"39\">500<\/td>\n<td width=\"60\">100<\/td>\n<td width=\"54\">12<\/td>\n<td width=\"31\">50<\/td>\n<td width=\"31\">5<\/td>\n<td width=\"78\">34<\/td>\n<\/tr>\n<tr>\n<td width=\"78\">500&#215;150<\/td>\n<td width=\"39\">500<\/td>\n<td width=\"60\">150<\/td>\n<td width=\"54\">12<\/td>\n<td width=\"31\">50<\/td>\n<td width=\"31\">5<\/td>\n<td width=\"78\">36<\/td>\n<\/tr>\n<tr>\n<td width=\"78\">500&#215;200<\/td>\n<td width=\"39\">500<\/td>\n<td width=\"60\">200<\/td>\n<td width=\"54\">12<\/td>\n<td width=\"31\">50<\/td>\n<td width=\"31\">5<\/td>\n<td width=\"78\">37<\/td>\n<\/tr>\n<tr>\n<td width=\"78\">500&#215;250<\/td>\n<td width=\"39\">500<\/td>\n<td width=\"60\">250<\/td>\n<td width=\"54\">12<\/td>\n<td width=\"31\">50<\/td>\n<td width=\"31\">5<\/td>\n<td width=\"78\">38<\/td>\n<\/tr>\n<tr>\n<td width=\"78\">600&#215;100<\/td>\n<td width=\"39\">600<\/td>\n<td width=\"60\">100<\/td>\n<td width=\"54\">12<\/td>\n<td width=\"31\">50<\/td>\n<td width=\"31\">5<\/td>\n<td width=\"78\">35<\/td>\n<\/tr>\n<tr>\n<td width=\"78\">600&#215;150<\/td>\n<td width=\"39\">600<\/td>\n<td width=\"60\">150<\/td>\n<td width=\"54\">12<\/td>\n<td width=\"31\">50<\/td>\n<td width=\"31\">5<\/td>\n<td width=\"78\">36<\/td>\n<\/tr>\n<tr>\n<td width=\"78\">600&#215;200<\/td>\n<td width=\"39\">600<\/td>\n<td width=\"60\">200<\/td>\n<td width=\"54\">12<\/td>\n<td width=\"31\">50<\/td>\n<td width=\"31\">5<\/td>\n<td width=\"78\">37<\/td>\n<\/tr>\n<tr>\n<td width=\"78\">600&#215;250<\/td>\n<td width=\"39\">600<\/td>\n<td width=\"60\">250<\/td>\n<td width=\"54\">12<\/td>\n<td width=\"31\">50<\/td>\n<td width=\"31\">5<\/td>\n<td width=\"78\">38<\/td>\n<\/tr>\n<\/tbody>\n<\/table>\t\t\t\t\t\t\t\t<\/div>\n\t\t\t\t<\/div>\n\t\t\t\t\t<\/div>\n\t\t<\/div>\n\t\t\t\t<div class=\"elementor-column elementor-col-50 elementor-inner-column elementor-element elementor-element-97bb919\" data-id=\"97bb919\" data-element_type=\"column\" data-e-type=\"column\">\n\t\t\t<div class=\"elementor-widget-wrap elementor-element-populated\">\n\t\t\t\t\t\t<div class=\"elementor-element elementor-element-1a349e7 elementor-widget elementor-widget-image\" data-id=\"1a349e7\" data-element_type=\"widget\" data-e-type=\"widget\" data-widget_type=\"image.default\">\n\t\t\t\t<div class=\"elementor-widget-container\">\n\t\t\t\t\t\t\t\t\t\t\t\t<figure class=\"wp-caption\">\n\t\t\t\t\t\t\t\t\t\t<img loading=\"lazy\" decoding=\"async\" width=\"300\" height=\"226\" src=\"https:\/\/www.akuplastics.com\/wp-content\/uploads\/2025\/10\/Schlitzschieber-eckig-PVC-U-PPs-PP-H-PE-HD-300x226.webp\" class=\"attachment-medium size-medium wp-image-30753\" alt=\"Sz\u00f6gletes tol\u00f3z\u00e1r PVC-U PPs PP-H PE-HD\" srcset=\"https:\/\/www.akuplastics.com\/wp-content\/uploads\/2025\/10\/Schlitzschieber-eckig-PVC-U-PPs-PP-H-PE-HD-300x226.webp 300w, https:\/\/www.akuplastics.com\/wp-content\/uploads\/2025\/10\/Schlitzschieber-eckig-PVC-U-PPs-PP-H-PE-HD.webp 500w\" sizes=\"auto, (max-width: 300px) 100vw, 300px\" \/>\t\t\t\t\t\t\t\t\t\t\t<figcaption class=\"widget-image-caption wp-caption-text\">Sz\u00f6gletes tol\u00f3z\u00e1r PVC-U PPs PP-H PE-HD<\/figcaption>\n\t\t\t\t\t\t\t\t\t\t<\/figure>\n\t\t\t\t\t\t\t\t\t<\/div>\n\t\t\t\t<\/div>\n\t\t\t\t\t<\/div>\n\t\t<\/div>\n\t\t\t\t\t<\/div>\n\t\t<\/section>\n\t\t\t\t\t<\/div>\n\t\t<\/div>\n\t\t\t\t\t<\/div>\n\t\t<\/section>\n\t\t\t\t<\/div>\n\t\t","protected":false},"excerpt":{"rendered":"<p>N\u00e9gysz\u00f6gletes tol\u00f3z\u00e1r PVC-U, PPs, PP-H, PE-HD anyagb\u00f3l N\u00e9gysz\u00f6gletes tol\u00f3z\u00e1r, l\u00e9gtechnikai rendszerekbe t\u00f6rt\u00e9n\u0151 be\u00e9p\u00edt\u00e9shez az elsz\u00edv\u00e1si pontokon a t\u00e9rfogat\u00e1ram szab\u00e1lyoz\u00e1s\u00e1ra. A tol\u00f3z\u00e1r melegleveg\u0151s h\u00faz\u00f3hegeszt\u00e9ssel r\u00f6gz\u00edthet\u0151 csatorn\u00e1khoz vagy cs\u00f6vekhez (r\u00f6gz\u00edt\u0151keret seg\u00edts\u00e9g\u00e9vel). Lehets\u00e9ges negat\u00edv t\u00falnyom\u00e1s k\u00e9r\u00e9sre, mechanikai, k\u00e9miai \u00e9s termikus terhel\u00e9s ut\u00e1n. Csatornam\u00e9ret PVC\/feh\u00e9r PVC\/PE-HD\/PP-H\/PPs szabad keresztmetszet A Sz\u00e9less\u00e9g C L Magass\u00e1g % 300&#215;100 300 100 12 50 [&hellip;]<\/p>\n","protected":false},"author":3,"featured_media":30753,"parent":0,"menu_order":1,"comment_status":"closed","ping_status":"closed","template":"","meta":{"iawp_total_views":2,"footnotes":""},"class_list":["post-30998","page","type-page","status-publish","has-post-thumbnail","hentry"],"yoast_head":"<!-- This site is optimized with the Yoast SEO Premium plugin v27.4 (Yoast SEO v27.5) - https:\/\/yoast.com\/product\/yoast-seo-premium-wordpress\/ -->\n<title>Sz\u00f6gletes tol\u00f3z\u00e1r PVC-U PPs PP-H PE-HD<\/title>\n<meta name=\"description\" content=\"N\u00e9gysz\u00f6gletes tol\u00f3z\u00e1r, l\u00e9gtechnikai rendszerekbe t\u00f6rt\u00e9n\u0151 be\u00e9p\u00edt\u00e9shez az elsz\u00edv\u00e1si pontokon a t\u00e9rfogat\u00e1ram szab\u00e1lyoz\u00e1s\u00e1ra. A tol\u00f3z\u00e1r melegleveg\u0151s h\u00faz\u00f3hegeszt\u00e9ssel r\u00f6gz\u00edthet\u0151 csatorn\u00e1khoz vagy cs\u00f6vekhez (r\u00f6gz\u00edt\u0151keret seg\u00edts\u00e9g\u00e9vel).\" \/>\n<meta name=\"robots\" content=\"index, follow, max-snippet:-1, max-image-preview:large, max-video-preview:-1\" \/>\n<link rel=\"canonical\" href=\"https:\/\/www.akuplastics.com\/hu\/negyszoegletes-tolozar\/\" \/>\n<script type=\"application\/ld+json\" class=\"yoast-schema-graph\">{\"@context\":\"https:\\\/\\\/schema.org\",\"@graph\":[{\"@type\":\"WebPage\",\"@id\":\"https:\\\/\\\/www.akuplastics.com\\\/hu\\\/negyszoegletes-tolozar\\\/\",\"url\":\"https:\\\/\\\/www.akuplastics.com\\\/hu\\\/negyszoegletes-tolozar\\\/\",\"name\":\"Sz\u00f6gletes tol\u00f3z\u00e1r PVC-U PPs PP-H PE-HD\",\"isPartOf\":{\"@id\":\"https:\\\/\\\/www.akuplastics.com\\\/hu\\\/#website\"},\"primaryImageOfPage\":{\"@id\":\"https:\\\/\\\/www.akuplastics.com\\\/hu\\\/negyszoegletes-tolozar\\\/#primaryimage\"},\"image\":{\"@id\":\"https:\\\/\\\/www.akuplastics.com\\\/hu\\\/negyszoegletes-tolozar\\\/#primaryimage\"},\"thumbnailUrl\":\"https:\\\/\\\/www.akuplastics.com\\\/wp-content\\\/uploads\\\/2025\\\/10\\\/Schlitzschieber-eckig-PVC-U-PPs-PP-H-PE-HD.webp\",\"datePublished\":\"2025-10-29T10:25:26+00:00\",\"dateModified\":\"2025-10-29T10:43:40+00:00\",\"description\":\"N\u00e9gysz\u00f6gletes tol\u00f3z\u00e1r, l\u00e9gtechnikai rendszerekbe t\u00f6rt\u00e9n\u0151 be\u00e9p\u00edt\u00e9shez az elsz\u00edv\u00e1si pontokon a t\u00e9rfogat\u00e1ram szab\u00e1lyoz\u00e1s\u00e1ra. A tol\u00f3z\u00e1r melegleveg\u0151s h\u00faz\u00f3hegeszt\u00e9ssel r\u00f6gz\u00edthet\u0151 csatorn\u00e1khoz vagy cs\u00f6vekhez (r\u00f6gz\u00edt\u0151keret seg\u00edts\u00e9g\u00e9vel).\",\"breadcrumb\":{\"@id\":\"https:\\\/\\\/www.akuplastics.com\\\/hu\\\/negyszoegletes-tolozar\\\/#breadcrumb\"},\"inLanguage\":\"hu\",\"potentialAction\":[{\"@type\":\"ReadAction\",\"target\":[\"https:\\\/\\\/www.akuplastics.com\\\/hu\\\/negyszoegletes-tolozar\\\/\"]}]},{\"@type\":\"ImageObject\",\"inLanguage\":\"hu\",\"@id\":\"https:\\\/\\\/www.akuplastics.com\\\/hu\\\/negyszoegletes-tolozar\\\/#primaryimage\",\"url\":\"https:\\\/\\\/www.akuplastics.com\\\/wp-content\\\/uploads\\\/2025\\\/10\\\/Schlitzschieber-eckig-PVC-U-PPs-PP-H-PE-HD.webp\",\"contentUrl\":\"https:\\\/\\\/www.akuplastics.com\\\/wp-content\\\/uploads\\\/2025\\\/10\\\/Schlitzschieber-eckig-PVC-U-PPs-PP-H-PE-HD.webp\",\"width\":500,\"height\":377,\"caption\":\"Sz\u00f6gletes tol\u00f3z\u00e1r PVC-U PPs PP-H PE-HD\"},{\"@type\":\"BreadcrumbList\",\"@id\":\"https:\\\/\\\/www.akuplastics.com\\\/hu\\\/negyszoegletes-tolozar\\\/#breadcrumb\",\"itemListElement\":[{\"@type\":\"ListItem\",\"position\":1,\"name\":\"Kezd\u0151lap\",\"item\":\"https:\\\/\\\/www.akuplastics.com\\\/hu\\\/\"},{\"@type\":\"ListItem\",\"position\":2,\"name\":\"N\u00e9gysz\u00f6gletes tol\u00f3z\u00e1r\"}]},{\"@type\":\"WebSite\",\"@id\":\"https:\\\/\\\/www.akuplastics.com\\\/hu\\\/#website\",\"url\":\"https:\\\/\\\/www.akuplastics.com\\\/hu\\\/\",\"name\":\"Semi-Finished Products \u2013 Finished Parts \u2013 Ventilation Moulded Parts \u2013 Machines\",\"description\":\"Halbzeuge, Halbfabrikate, Kunststoffhalbzeuge, Kunststoffhalbfabrikate\",\"publisher\":{\"@id\":\"https:\\\/\\\/www.akuplastics.com\\\/hu\\\/#organization\"},\"alternateName\":\"AKUPLASTICS \u2013 Engineering in Plastics\",\"potentialAction\":[{\"@type\":\"SearchAction\",\"target\":{\"@type\":\"EntryPoint\",\"urlTemplate\":\"https:\\\/\\\/www.akuplastics.com\\\/hu\\\/?s={search_term_string}\"},\"query-input\":{\"@type\":\"PropertyValueSpecification\",\"valueRequired\":true,\"valueName\":\"search_term_string\"}}],\"inLanguage\":\"hu\"},{\"@type\":\"Organization\",\"@id\":\"https:\\\/\\\/www.akuplastics.com\\\/hu\\\/#organization\",\"name\":\"Ing. Christian Ahlborn e.U.\",\"alternateName\":\"AKU\",\"url\":\"https:\\\/\\\/www.akuplastics.com\\\/hu\\\/\",\"logo\":{\"@type\":\"ImageObject\",\"inLanguage\":\"hu\",\"@id\":\"https:\\\/\\\/www.akuplastics.com\\\/hu\\\/#\\\/schema\\\/logo\\\/image\\\/\",\"url\":\"https:\\\/\\\/www.akuplastics.com\\\/wp-content\\\/uploads\\\/2020\\\/07\\\/Grafik14-inkl-r.png\",\"contentUrl\":\"https:\\\/\\\/www.akuplastics.com\\\/wp-content\\\/uploads\\\/2020\\\/07\\\/Grafik14-inkl-r.png\",\"width\":1994,\"height\":743,\"caption\":\"Ing. Christian Ahlborn e.U.\"},\"image\":{\"@id\":\"https:\\\/\\\/www.akuplastics.com\\\/hu\\\/#\\\/schema\\\/logo\\\/image\\\/\"}}]}<\/script>\n<!-- \/ Yoast SEO Premium plugin. -->","yoast_head_json":{"title":"Sz\u00f6gletes tol\u00f3z\u00e1r PVC-U PPs PP-H PE-HD","description":"N\u00e9gysz\u00f6gletes tol\u00f3z\u00e1r, l\u00e9gtechnikai rendszerekbe t\u00f6rt\u00e9n\u0151 be\u00e9p\u00edt\u00e9shez az elsz\u00edv\u00e1si pontokon a t\u00e9rfogat\u00e1ram szab\u00e1lyoz\u00e1s\u00e1ra. A tol\u00f3z\u00e1r melegleveg\u0151s h\u00faz\u00f3hegeszt\u00e9ssel r\u00f6gz\u00edthet\u0151 csatorn\u00e1khoz vagy cs\u00f6vekhez (r\u00f6gz\u00edt\u0151keret seg\u00edts\u00e9g\u00e9vel).","robots":{"index":"index","follow":"follow","max-snippet":"max-snippet:-1","max-image-preview":"max-image-preview:large","max-video-preview":"max-video-preview:-1"},"canonical":"https:\/\/www.akuplastics.com\/hu\/negyszoegletes-tolozar\/","schema":{"@context":"https:\/\/schema.org","@graph":[{"@type":"WebPage","@id":"https:\/\/www.akuplastics.com\/hu\/negyszoegletes-tolozar\/","url":"https:\/\/www.akuplastics.com\/hu\/negyszoegletes-tolozar\/","name":"Sz\u00f6gletes tol\u00f3z\u00e1r PVC-U PPs PP-H PE-HD","isPartOf":{"@id":"https:\/\/www.akuplastics.com\/hu\/#website"},"primaryImageOfPage":{"@id":"https:\/\/www.akuplastics.com\/hu\/negyszoegletes-tolozar\/#primaryimage"},"image":{"@id":"https:\/\/www.akuplastics.com\/hu\/negyszoegletes-tolozar\/#primaryimage"},"thumbnailUrl":"https:\/\/www.akuplastics.com\/wp-content\/uploads\/2025\/10\/Schlitzschieber-eckig-PVC-U-PPs-PP-H-PE-HD.webp","datePublished":"2025-10-29T10:25:26+00:00","dateModified":"2025-10-29T10:43:40+00:00","description":"N\u00e9gysz\u00f6gletes tol\u00f3z\u00e1r, l\u00e9gtechnikai rendszerekbe t\u00f6rt\u00e9n\u0151 be\u00e9p\u00edt\u00e9shez az elsz\u00edv\u00e1si pontokon a t\u00e9rfogat\u00e1ram szab\u00e1lyoz\u00e1s\u00e1ra. A tol\u00f3z\u00e1r melegleveg\u0151s h\u00faz\u00f3hegeszt\u00e9ssel r\u00f6gz\u00edthet\u0151 csatorn\u00e1khoz vagy cs\u00f6vekhez (r\u00f6gz\u00edt\u0151keret seg\u00edts\u00e9g\u00e9vel).","breadcrumb":{"@id":"https:\/\/www.akuplastics.com\/hu\/negyszoegletes-tolozar\/#breadcrumb"},"inLanguage":"hu","potentialAction":[{"@type":"ReadAction","target":["https:\/\/www.akuplastics.com\/hu\/negyszoegletes-tolozar\/"]}]},{"@type":"ImageObject","inLanguage":"hu","@id":"https:\/\/www.akuplastics.com\/hu\/negyszoegletes-tolozar\/#primaryimage","url":"https:\/\/www.akuplastics.com\/wp-content\/uploads\/2025\/10\/Schlitzschieber-eckig-PVC-U-PPs-PP-H-PE-HD.webp","contentUrl":"https:\/\/www.akuplastics.com\/wp-content\/uploads\/2025\/10\/Schlitzschieber-eckig-PVC-U-PPs-PP-H-PE-HD.webp","width":500,"height":377,"caption":"Sz\u00f6gletes tol\u00f3z\u00e1r PVC-U PPs PP-H PE-HD"},{"@type":"BreadcrumbList","@id":"https:\/\/www.akuplastics.com\/hu\/negyszoegletes-tolozar\/#breadcrumb","itemListElement":[{"@type":"ListItem","position":1,"name":"Kezd\u0151lap","item":"https:\/\/www.akuplastics.com\/hu\/"},{"@type":"ListItem","position":2,"name":"N\u00e9gysz\u00f6gletes tol\u00f3z\u00e1r"}]},{"@type":"WebSite","@id":"https:\/\/www.akuplastics.com\/hu\/#website","url":"https:\/\/www.akuplastics.com\/hu\/","name":"Semi-Finished Products \u2013 Finished Parts \u2013 Ventilation Moulded Parts \u2013 Machines","description":"Halbzeuge, Halbfabrikate, Kunststoffhalbzeuge, Kunststoffhalbfabrikate","publisher":{"@id":"https:\/\/www.akuplastics.com\/hu\/#organization"},"alternateName":"AKUPLASTICS \u2013 Engineering in Plastics","potentialAction":[{"@type":"SearchAction","target":{"@type":"EntryPoint","urlTemplate":"https:\/\/www.akuplastics.com\/hu\/?s={search_term_string}"},"query-input":{"@type":"PropertyValueSpecification","valueRequired":true,"valueName":"search_term_string"}}],"inLanguage":"hu"},{"@type":"Organization","@id":"https:\/\/www.akuplastics.com\/hu\/#organization","name":"Ing. Christian Ahlborn e.U.","alternateName":"AKU","url":"https:\/\/www.akuplastics.com\/hu\/","logo":{"@type":"ImageObject","inLanguage":"hu","@id":"https:\/\/www.akuplastics.com\/hu\/#\/schema\/logo\/image\/","url":"https:\/\/www.akuplastics.com\/wp-content\/uploads\/2020\/07\/Grafik14-inkl-r.png","contentUrl":"https:\/\/www.akuplastics.com\/wp-content\/uploads\/2020\/07\/Grafik14-inkl-r.png","width":1994,"height":743,"caption":"Ing. Christian Ahlborn e.U."},"image":{"@id":"https:\/\/www.akuplastics.com\/hu\/#\/schema\/logo\/image\/"}}]}},"_links":{"self":[{"href":"https:\/\/www.akuplastics.com\/hu\/wp-json\/wp\/v2\/pages\/30998","targetHints":{"allow":["GET"]}}],"collection":[{"href":"https:\/\/www.akuplastics.com\/hu\/wp-json\/wp\/v2\/pages"}],"about":[{"href":"https:\/\/www.akuplastics.com\/hu\/wp-json\/wp\/v2\/types\/page"}],"author":[{"embeddable":true,"href":"https:\/\/www.akuplastics.com\/hu\/wp-json\/wp\/v2\/users\/3"}],"replies":[{"embeddable":true,"href":"https:\/\/www.akuplastics.com\/hu\/wp-json\/wp\/v2\/comments?post=30998"}],"version-history":[{"count":2,"href":"https:\/\/www.akuplastics.com\/hu\/wp-json\/wp\/v2\/pages\/30998\/revisions"}],"predecessor-version":[{"id":31016,"href":"https:\/\/www.akuplastics.com\/hu\/wp-json\/wp\/v2\/pages\/30998\/revisions\/31016"}],"wp:featuredmedia":[{"embeddable":true,"href":"https:\/\/www.akuplastics.com\/hu\/wp-json\/wp\/v2\/media\/30753"}],"wp:attachment":[{"href":"https:\/\/www.akuplastics.com\/hu\/wp-json\/wp\/v2\/media?parent=30998"}],"curies":[{"name":"wp","href":"https:\/\/api.w.org\/{rel}","templated":true}]}}