{"id":30981,"date":"2025-10-29T11:20:49","date_gmt":"2025-10-29T10:20:49","guid":{"rendered":"https:\/\/www.akuplastics.com\/kerek-reses-tolozar-csatlakozoval\/"},"modified":"2025-10-29T11:43:34","modified_gmt":"2025-10-29T10:43:34","slug":"kerek-reses-tolozar-csatlakozoval","status":"publish","type":"page","link":"https:\/\/www.akuplastics.com\/hu\/kerek-reses-tolozar-csatlakozoval\/","title":{"rendered":"Kerek r\u00e9ses tol\u00f3z\u00e1r csatlakoz\u00f3val"},"content":{"rendered":"\t\t<div data-elementor-type=\"wp-page\" data-elementor-id=\"30981\" class=\"elementor elementor-30981 elementor-30547\" data-elementor-post-type=\"page\">\n\t\t\t\t\t\t<section class=\"elementor-section elementor-top-section elementor-element elementor-element-6025abb3 elementor-section-full_width elementor-section-height-default elementor-section-height-default\" data-id=\"6025abb3\" data-element_type=\"section\" data-e-type=\"section\" data-settings=\"{&quot;background_background&quot;:&quot;gradient&quot;}\">\n\t\t\t\t\t\t<div class=\"elementor-container elementor-column-gap-default\">\n\t\t\t\t\t<div class=\"elementor-column elementor-col-100 elementor-top-column elementor-element elementor-element-c978d9b\" data-id=\"c978d9b\" data-element_type=\"column\" data-e-type=\"column\">\n\t\t\t<div class=\"elementor-widget-wrap elementor-element-populated\">\n\t\t\t\t\t\t<section class=\"elementor-section elementor-inner-section elementor-element elementor-element-1ead80f elementor-section-boxed elementor-section-height-default elementor-section-height-default\" data-id=\"1ead80f\" data-element_type=\"section\" data-e-type=\"section\">\n\t\t\t\t\t\t<div class=\"elementor-container elementor-column-gap-default\">\n\t\t\t\t\t<div class=\"elementor-column elementor-col-100 elementor-inner-column elementor-element elementor-element-97f2d40\" data-id=\"97f2d40\" data-element_type=\"column\" data-e-type=\"column\">\n\t\t\t<div class=\"elementor-widget-wrap elementor-element-populated\">\n\t\t\t\t\t\t<div class=\"elementor-element elementor-element-5288b20 elementor-widget__width-initial elementor-widget elementor-widget-text-editor\" data-id=\"5288b20\" data-element_type=\"widget\" data-e-type=\"widget\" data-widget_type=\"text-editor.default\">\n\t\t\t\t<div class=\"elementor-widget-container\">\n\t\t\t\t\t\t\t\t\t<h1 class=\"csc-firstHeader\" style=\"text-align: left;\">Kerek r\u00e9ses tol\u00f3z\u00e1r csatlakoz\u00f3val, PVC-U PPs PP-H PE-HD anyagb\u00f3l <\/h1>\t\t\t\t\t\t\t\t<\/div>\n\t\t\t\t<\/div>\n\t\t\t\t<div class=\"elementor-element elementor-element-843282f elementor-widget__width-initial elementor-widget elementor-widget-text-editor\" data-id=\"843282f\" data-element_type=\"widget\" data-e-type=\"widget\" data-widget_type=\"text-editor.default\">\n\t\t\t\t<div class=\"elementor-widget-container\">\n\t\t\t\t\t\t\t\t\t<p style=\"text-align: left;\">Kerek r\u00e9ses tol\u00f3z\u00e1r csatlakoz\u00f3val, l\u00e9gcs\u00f6vekre t\u00f6rt\u00e9n\u0151 szerel\u00e9shez, t\u00e9rfogat\u00e1ramok szab\u00e1lyoz\u00e1s\u00e1ra elsz\u00edv\u00e1si pontokon.<\/p>\n<p style=\"text-align: left;\">A r\u00e9ses tol\u00f3z\u00e1r melegleveg\u0151s h\u00faz\u00f3hegeszt\u00e9ssel r\u00f6gz\u00edthet\u0151 cs\u00f6vekre vagy csatorn\u00e1kra. \u00c1tm\u00e9r\u0151 a DIN 8074 szabv\u00e1ny szerint. <\/p>\t\t\t\t\t\t\t\t<\/div>\n\t\t\t\t<\/div>\n\t\t\t\t<div class=\"elementor-element elementor-element-b534910 elementor-widget__width-initial elementor-widget elementor-widget-text-editor\" data-id=\"b534910\" data-element_type=\"widget\" data-e-type=\"widget\" data-widget_type=\"text-editor.default\">\n\t\t\t\t<div class=\"elementor-widget-container\">\n\t\t\t\t\t\t\t\t\t<p style=\"text-align: left;\"> <\/p><p style=\"text-align: left;\">Lehets\u00e9ges negat\u00edv t\u00falnyom\u00e1s k\u00e9r\u00e9sre, mechanikai, k\u00e9miai \u00e9s termikus terhel\u00e9s ut\u00e1n.<\/p>\t\t\t\t\t\t\t\t<\/div>\n\t\t\t\t<\/div>\n\t\t\t\t<div class=\"elementor-element elementor-element-5a28bf2 elementor-widget__width-initial elementor-widget elementor-widget-text-editor\" data-id=\"5a28bf2\" data-element_type=\"widget\" data-e-type=\"widget\" data-widget_type=\"text-editor.default\">\n\t\t\t\t<div class=\"elementor-widget-container\">\n\t\t\t\t\t\t\t\t\t<table border=\"0\" width=\"800\" cellspacing=\"0\" cellpadding=\"0\">\n<tbody>\n<tr>\n<td width=\"80\" height=\"121\"> <\/td>\n<td colspan=\"3\" width=\"240\">PVC\/Feh\u00e9r PVC\/PE-HD\/PP-H\/PPs<\/td>\n<td width=\"80\">PVC<\/td>\n<td width=\"80\">Feh\u00e9r PVC<\/td>\n<td width=\"80\">PE-HD<\/td>\n<td width=\"80\">PP-H<\/td>\n<td width=\"80\">PPs<\/td>\n<td width=\"80\">Szabad keresztmetszet<\/td>\n<\/tr>\n<tr>\n<td width=\"80\" height=\"22\">\u00d8<\/td>\n<td width=\"80\">Da<\/td>\n<td width=\"80\">C<\/td>\n<td width=\"80\">L<\/td>\n<td colspan=\"5\" width=\"400\">S<\/td>\n<td width=\"80\">%<\/td>\n<\/tr>\n<tr>\n<td colspan=\"9\" width=\"720\" height=\"22\">Nincs feh\u00e9r PVC cs\u0151darabbal, a Da \u00d8 140, 180, 225 \u00e9s 280 m\u00e9retekhez igaz\u00edtva.<\/td>\n<td width=\"80\"> <\/td>\n<\/tr>\n<tr>\n<td width=\"80\" height=\"22\">110<\/td>\n<td width=\"80\">110<\/td>\n<td width=\"80\">12<\/td>\n<td width=\"80\">50<\/td>\n<td width=\"80\">1,8<\/td>\n<td width=\"80\">1,8<\/td>\n<td width=\"80\">2,7<\/td>\n<td width=\"80\">2,7<\/td>\n<td width=\"80\">2,7<\/td>\n<td width=\"80\">16<\/td>\n<\/tr>\n<tr>\n<td width=\"80\" height=\"21\">125<\/td>\n<td width=\"80\">125<\/td>\n<td width=\"80\">12<\/td>\n<td width=\"80\">50<\/td>\n<td width=\"80\">1,8<\/td>\n<td width=\"80\">1,8<\/td>\n<td width=\"80\">3,1<\/td>\n<td width=\"80\">3,1<\/td>\n<td width=\"80\">3,1<\/td>\n<td width=\"80\">16<\/td>\n<\/tr>\n<tr>\n<td width=\"80\" height=\"21\">140<\/td>\n<td width=\"80\">140<\/td>\n<td width=\"80\">12<\/td>\n<td width=\"80\">50<\/td>\n<td width=\"80\">1,8<\/td>\n<td width=\"80\">&#8211;<\/td>\n<td width=\"80\">3,5<\/td>\n<td width=\"80\">3,5<\/td>\n<td width=\"80\">3<\/td>\n<td width=\"80\">19<\/td>\n<\/tr>\n<tr>\n<td width=\"80\" height=\"21\">160<\/td>\n<td width=\"80\">160<\/td>\n<td width=\"80\">12<\/td>\n<td width=\"80\">50<\/td>\n<td width=\"80\">1,8<\/td>\n<td width=\"80\">1,8<\/td>\n<td width=\"80\">4<\/td>\n<td width=\"80\">4<\/td>\n<td width=\"80\">3<\/td>\n<td width=\"80\">21<\/td>\n<\/tr>\n<tr>\n<td width=\"80\" height=\"21\">180<\/td>\n<td width=\"80\">180<\/td>\n<td width=\"80\">12<\/td>\n<td width=\"80\">50<\/td>\n<td width=\"80\">1,8<\/td>\n<td width=\"80\">&#8211;<\/td>\n<td width=\"80\">4,4<\/td>\n<td width=\"80\">4,4<\/td>\n<td width=\"80\">3<\/td>\n<td width=\"80\">21<\/td>\n<\/tr>\n<tr>\n<td width=\"80\" height=\"21\">200<\/td>\n<td width=\"80\">200<\/td>\n<td width=\"80\">12<\/td>\n<td width=\"80\">50<\/td>\n<td width=\"80\">1,8<\/td>\n<td width=\"80\">1,8<\/td>\n<td width=\"80\">4,9<\/td>\n<td width=\"80\">3<\/td>\n<td width=\"80\">3<\/td>\n<td width=\"80\">24<\/td>\n<\/tr>\n<tr>\n<td width=\"80\" height=\"21\">225<\/td>\n<td width=\"80\">225<\/td>\n<td width=\"80\">12<\/td>\n<td width=\"80\">50<\/td>\n<td width=\"80\">1,8<\/td>\n<td width=\"80\">&#8211;<\/td>\n<td width=\"80\">5,5<\/td>\n<td width=\"80\">5,5<\/td>\n<td width=\"80\">3,5<\/td>\n<td width=\"80\">25<\/td>\n<\/tr>\n<tr>\n<td width=\"80\" height=\"21\">250<\/td>\n<td width=\"80\">250<\/td>\n<td width=\"80\">12<\/td>\n<td width=\"80\">50<\/td>\n<td width=\"80\">2<\/td>\n<td width=\"80\">3<\/td>\n<td width=\"80\">6,2<\/td>\n<td width=\"80\">3,5<\/td>\n<td width=\"80\">3,5<\/td>\n<td width=\"80\">27<\/td>\n<\/tr>\n<tr>\n<td width=\"80\" height=\"21\">280<\/td>\n<td width=\"80\">280<\/td>\n<td width=\"80\">12<\/td>\n<td width=\"80\">50<\/td>\n<td width=\"80\">2,3<\/td>\n<td width=\"80\">&#8211;<\/td>\n<td width=\"80\">6,9<\/td>\n<td width=\"80\">6,9<\/td>\n<td width=\"80\">4<\/td>\n<td width=\"80\">27<\/td>\n<\/tr>\n<tr>\n<td width=\"80\" height=\"21\">315<\/td>\n<td width=\"80\">315<\/td>\n<td width=\"80\">12<\/td>\n<td width=\"80\">50<\/td>\n<td width=\"80\">2,5<\/td>\n<td width=\"80\">2,9<\/td>\n<td width=\"80\">7,7<\/td>\n<td width=\"80\">5<\/td>\n<td width=\"80\">5<\/td>\n<td width=\"80\">30<\/td>\n<\/tr>\n<tr>\n<td width=\"80\" height=\"21\">355<\/td>\n<td width=\"80\">355<\/td>\n<td width=\"80\">12<\/td>\n<td width=\"80\">50<\/td>\n<td width=\"80\">2,9<\/td>\n<td width=\"80\">2,9<\/td>\n<td width=\"80\">8,7<\/td>\n<td width=\"80\">6<\/td>\n<td width=\"80\">5<\/td>\n<td width=\"80\">33<\/td>\n<\/tr>\n<tr>\n<td width=\"80\" height=\"20\">400<\/td>\n<td width=\"80\">400<\/td>\n<td width=\"80\">12<\/td>\n<td width=\"80\">50<\/td>\n<td width=\"80\">3,2<\/td>\n<td width=\"80\">3,2<\/td>\n<td width=\"80\">8<\/td>\n<td width=\"80\">6<\/td>\n<td width=\"80\">6<\/td>\n<td width=\"80\">33<\/td>\n<\/tr>\n<\/tbody>\n<\/table>\t\t\t\t\t\t\t\t<\/div>\n\t\t\t\t<\/div>\n\t\t\t\t\t<\/div>\n\t\t<\/div>\n\t\t\t\t<div class=\"elementor-column elementor-col-50 elementor-inner-column elementor-element elementor-element-97bb919\" data-id=\"97bb919\" data-element_type=\"column\" data-e-type=\"column\">\n\t\t\t<div class=\"elementor-widget-wrap elementor-element-populated\">\n\t\t\t\t\t\t<div class=\"elementor-element elementor-element-1a349e7 elementor-widget elementor-widget-image\" data-id=\"1a349e7\" data-element_type=\"widget\" data-e-type=\"widget\" data-widget_type=\"image.default\">\n\t\t\t\t<div class=\"elementor-widget-container\">\n\t\t\t\t\t\t\t\t\t\t\t\t<figure class=\"wp-caption\">\n\t\t\t\t\t\t\t\t\t\t<img loading=\"lazy\" decoding=\"async\" width=\"212\" height=\"300\" src=\"https:\/\/www.akuplastics.com\/wp-content\/uploads\/2025\/10\/Schlitzschieber-rund-mit-Anschlussstueck-PVC-U-PPs-PP-H-PE-HD-212x300.webp\" class=\"attachment-medium size-medium wp-image-30752\" alt=\"Kerek tol\u00f3z\u00e1r csatlakoz\u00f3val PVC-U PPs PP-H PE-HD\" srcset=\"https:\/\/www.akuplastics.com\/wp-content\/uploads\/2025\/10\/Schlitzschieber-rund-mit-Anschlussstueck-PVC-U-PPs-PP-H-PE-HD-212x300.webp 212w, https:\/\/www.akuplastics.com\/wp-content\/uploads\/2025\/10\/Schlitzschieber-rund-mit-Anschlussstueck-PVC-U-PPs-PP-H-PE-HD.webp 500w\" sizes=\"auto, (max-width: 212px) 100vw, 212px\" \/>\t\t\t\t\t\t\t\t\t\t\t<figcaption class=\"widget-image-caption wp-caption-text\">Kerek tol\u00f3z\u00e1r csatlakoz\u00f3val PVC-U PPs PP-H PE-HD<\/figcaption>\n\t\t\t\t\t\t\t\t\t\t<\/figure>\n\t\t\t\t\t\t\t\t\t<\/div>\n\t\t\t\t<\/div>\n\t\t\t\t\t<\/div>\n\t\t<\/div>\n\t\t\t\t\t<\/div>\n\t\t<\/section>\n\t\t\t\t\t<\/div>\n\t\t<\/div>\n\t\t\t\t\t<\/div>\n\t\t<\/section>\n\t\t\t\t<\/div>\n\t\t","protected":false},"excerpt":{"rendered":"<p>Kerek r\u00e9ses tol\u00f3z\u00e1r csatlakoz\u00f3val, PVC-U PPs PP-H PE-HD anyagb\u00f3l Kerek r\u00e9ses tol\u00f3z\u00e1r csatlakoz\u00f3val, l\u00e9gcs\u00f6vekre t\u00f6rt\u00e9n\u0151 szerel\u00e9shez, t\u00e9rfogat\u00e1ramok szab\u00e1lyoz\u00e1s\u00e1ra elsz\u00edv\u00e1si pontokon. A r\u00e9ses tol\u00f3z\u00e1r melegleveg\u0151s h\u00faz\u00f3hegeszt\u00e9ssel r\u00f6gz\u00edthet\u0151 cs\u00f6vekre vagy csatorn\u00e1kra. \u00c1tm\u00e9r\u0151 a DIN 8074 szabv\u00e1ny szerint. Lehets\u00e9ges negat\u00edv t\u00falnyom\u00e1s k\u00e9r\u00e9sre, mechanikai, k\u00e9miai \u00e9s termikus terhel\u00e9s ut\u00e1n. PVC\/Feh\u00e9r PVC\/PE-HD\/PP-H\/PPs PVC Feh\u00e9r PVC PE-HD PP-H PPs Szabad keresztmetszet [&hellip;]<\/p>\n","protected":false},"author":3,"featured_media":30752,"parent":0,"menu_order":1,"comment_status":"closed","ping_status":"closed","template":"","meta":{"iawp_total_views":0,"footnotes":""},"class_list":["post-30981","page","type-page","status-publish","has-post-thumbnail","hentry"],"yoast_head":"<!-- This site is optimized with the Yoast SEO Premium plugin v27.4 (Yoast SEO v27.5) - https:\/\/yoast.com\/product\/yoast-seo-premium-wordpress\/ -->\n<title>Kerek r\u00e9ses tol\u00f3z\u00e1r csatlakoz\u00f3 PVC-U PPs PP-H PE-HD<\/title>\n<meta name=\"description\" content=\"Kerek r\u00e9ses tol\u00f3z\u00e1r, l\u00e9gcs\u00f6vekre t\u00f6rt\u00e9n\u0151 szerel\u00e9shez, t\u00e9rfogat\u00e1ramok szab\u00e1lyoz\u00e1s\u00e1ra elsz\u00edv\u00e1si pontokon. A r\u00e9ses tol\u00f3z\u00e1r melegleveg\u0151s h\u00faz\u00f3hegeszt\u00e9ssel r\u00f6gz\u00edthet\u0151 cs\u00f6vekre vagy csatorn\u00e1kra. \u00c1tm\u00e9r\u0151 a DIN 8074 szabv\u00e1ny szerint.\" \/>\n<meta name=\"robots\" content=\"index, follow, max-snippet:-1, max-image-preview:large, max-video-preview:-1\" \/>\n<link rel=\"canonical\" href=\"https:\/\/www.akuplastics.com\/hu\/kerek-reses-tolozar-csatlakozoval\/\" \/>\n<script type=\"application\/ld+json\" class=\"yoast-schema-graph\">{\"@context\":\"https:\\\/\\\/schema.org\",\"@graph\":[{\"@type\":\"WebPage\",\"@id\":\"https:\\\/\\\/www.akuplastics.com\\\/hu\\\/kerek-reses-tolozar-csatlakozoval\\\/\",\"url\":\"https:\\\/\\\/www.akuplastics.com\\\/hu\\\/kerek-reses-tolozar-csatlakozoval\\\/\",\"name\":\"Kerek r\u00e9ses tol\u00f3z\u00e1r csatlakoz\u00f3 PVC-U PPs PP-H PE-HD\",\"isPartOf\":{\"@id\":\"https:\\\/\\\/www.akuplastics.com\\\/hu\\\/#website\"},\"primaryImageOfPage\":{\"@id\":\"https:\\\/\\\/www.akuplastics.com\\\/hu\\\/kerek-reses-tolozar-csatlakozoval\\\/#primaryimage\"},\"image\":{\"@id\":\"https:\\\/\\\/www.akuplastics.com\\\/hu\\\/kerek-reses-tolozar-csatlakozoval\\\/#primaryimage\"},\"thumbnailUrl\":\"https:\\\/\\\/www.akuplastics.com\\\/wp-content\\\/uploads\\\/2025\\\/10\\\/Schlitzschieber-rund-mit-Anschlussstueck-PVC-U-PPs-PP-H-PE-HD.webp\",\"datePublished\":\"2025-10-29T10:20:49+00:00\",\"dateModified\":\"2025-10-29T10:43:34+00:00\",\"description\":\"Kerek r\u00e9ses tol\u00f3z\u00e1r, l\u00e9gcs\u00f6vekre t\u00f6rt\u00e9n\u0151 szerel\u00e9shez, t\u00e9rfogat\u00e1ramok szab\u00e1lyoz\u00e1s\u00e1ra elsz\u00edv\u00e1si pontokon. A r\u00e9ses tol\u00f3z\u00e1r melegleveg\u0151s h\u00faz\u00f3hegeszt\u00e9ssel r\u00f6gz\u00edthet\u0151 cs\u00f6vekre vagy csatorn\u00e1kra. \u00c1tm\u00e9r\u0151 a DIN 8074 szabv\u00e1ny szerint.\",\"breadcrumb\":{\"@id\":\"https:\\\/\\\/www.akuplastics.com\\\/hu\\\/kerek-reses-tolozar-csatlakozoval\\\/#breadcrumb\"},\"inLanguage\":\"hu\",\"potentialAction\":[{\"@type\":\"ReadAction\",\"target\":[\"https:\\\/\\\/www.akuplastics.com\\\/hu\\\/kerek-reses-tolozar-csatlakozoval\\\/\"]}]},{\"@type\":\"ImageObject\",\"inLanguage\":\"hu\",\"@id\":\"https:\\\/\\\/www.akuplastics.com\\\/hu\\\/kerek-reses-tolozar-csatlakozoval\\\/#primaryimage\",\"url\":\"https:\\\/\\\/www.akuplastics.com\\\/wp-content\\\/uploads\\\/2025\\\/10\\\/Schlitzschieber-rund-mit-Anschlussstueck-PVC-U-PPs-PP-H-PE-HD.webp\",\"contentUrl\":\"https:\\\/\\\/www.akuplastics.com\\\/wp-content\\\/uploads\\\/2025\\\/10\\\/Schlitzschieber-rund-mit-Anschlussstueck-PVC-U-PPs-PP-H-PE-HD.webp\",\"width\":500,\"height\":709,\"caption\":\"Kerek tol\u00f3z\u00e1r csatlakoz\u00f3val PVC-U PPs PP-H PE-HD\"},{\"@type\":\"BreadcrumbList\",\"@id\":\"https:\\\/\\\/www.akuplastics.com\\\/hu\\\/kerek-reses-tolozar-csatlakozoval\\\/#breadcrumb\",\"itemListElement\":[{\"@type\":\"ListItem\",\"position\":1,\"name\":\"Kezd\u0151lap\",\"item\":\"https:\\\/\\\/www.akuplastics.com\\\/hu\\\/\"},{\"@type\":\"ListItem\",\"position\":2,\"name\":\"Kerek r\u00e9ses tol\u00f3z\u00e1r csatlakoz\u00f3val\"}]},{\"@type\":\"WebSite\",\"@id\":\"https:\\\/\\\/www.akuplastics.com\\\/hu\\\/#website\",\"url\":\"https:\\\/\\\/www.akuplastics.com\\\/hu\\\/\",\"name\":\"Semi-Finished Products \u2013 Finished Parts \u2013 Ventilation Moulded Parts \u2013 Machines\",\"description\":\"Halbzeuge, Halbfabrikate, Kunststoffhalbzeuge, Kunststoffhalbfabrikate\",\"publisher\":{\"@id\":\"https:\\\/\\\/www.akuplastics.com\\\/hu\\\/#organization\"},\"alternateName\":\"AKUPLASTICS \u2013 Engineering in Plastics\",\"potentialAction\":[{\"@type\":\"SearchAction\",\"target\":{\"@type\":\"EntryPoint\",\"urlTemplate\":\"https:\\\/\\\/www.akuplastics.com\\\/hu\\\/?s={search_term_string}\"},\"query-input\":{\"@type\":\"PropertyValueSpecification\",\"valueRequired\":true,\"valueName\":\"search_term_string\"}}],\"inLanguage\":\"hu\"},{\"@type\":\"Organization\",\"@id\":\"https:\\\/\\\/www.akuplastics.com\\\/hu\\\/#organization\",\"name\":\"Ing. Christian Ahlborn e.U.\",\"alternateName\":\"AKU\",\"url\":\"https:\\\/\\\/www.akuplastics.com\\\/hu\\\/\",\"logo\":{\"@type\":\"ImageObject\",\"inLanguage\":\"hu\",\"@id\":\"https:\\\/\\\/www.akuplastics.com\\\/hu\\\/#\\\/schema\\\/logo\\\/image\\\/\",\"url\":\"https:\\\/\\\/www.akuplastics.com\\\/wp-content\\\/uploads\\\/2020\\\/07\\\/Grafik14-inkl-r.png\",\"contentUrl\":\"https:\\\/\\\/www.akuplastics.com\\\/wp-content\\\/uploads\\\/2020\\\/07\\\/Grafik14-inkl-r.png\",\"width\":1994,\"height\":743,\"caption\":\"Ing. Christian Ahlborn e.U.\"},\"image\":{\"@id\":\"https:\\\/\\\/www.akuplastics.com\\\/hu\\\/#\\\/schema\\\/logo\\\/image\\\/\"}}]}<\/script>\n<!-- \/ Yoast SEO Premium plugin. -->","yoast_head_json":{"title":"Kerek r\u00e9ses tol\u00f3z\u00e1r csatlakoz\u00f3 PVC-U PPs PP-H PE-HD","description":"Kerek r\u00e9ses tol\u00f3z\u00e1r, l\u00e9gcs\u00f6vekre t\u00f6rt\u00e9n\u0151 szerel\u00e9shez, t\u00e9rfogat\u00e1ramok szab\u00e1lyoz\u00e1s\u00e1ra elsz\u00edv\u00e1si pontokon. A r\u00e9ses tol\u00f3z\u00e1r melegleveg\u0151s h\u00faz\u00f3hegeszt\u00e9ssel r\u00f6gz\u00edthet\u0151 cs\u00f6vekre vagy csatorn\u00e1kra. \u00c1tm\u00e9r\u0151 a DIN 8074 szabv\u00e1ny szerint.","robots":{"index":"index","follow":"follow","max-snippet":"max-snippet:-1","max-image-preview":"max-image-preview:large","max-video-preview":"max-video-preview:-1"},"canonical":"https:\/\/www.akuplastics.com\/hu\/kerek-reses-tolozar-csatlakozoval\/","schema":{"@context":"https:\/\/schema.org","@graph":[{"@type":"WebPage","@id":"https:\/\/www.akuplastics.com\/hu\/kerek-reses-tolozar-csatlakozoval\/","url":"https:\/\/www.akuplastics.com\/hu\/kerek-reses-tolozar-csatlakozoval\/","name":"Kerek r\u00e9ses tol\u00f3z\u00e1r csatlakoz\u00f3 PVC-U PPs PP-H PE-HD","isPartOf":{"@id":"https:\/\/www.akuplastics.com\/hu\/#website"},"primaryImageOfPage":{"@id":"https:\/\/www.akuplastics.com\/hu\/kerek-reses-tolozar-csatlakozoval\/#primaryimage"},"image":{"@id":"https:\/\/www.akuplastics.com\/hu\/kerek-reses-tolozar-csatlakozoval\/#primaryimage"},"thumbnailUrl":"https:\/\/www.akuplastics.com\/wp-content\/uploads\/2025\/10\/Schlitzschieber-rund-mit-Anschlussstueck-PVC-U-PPs-PP-H-PE-HD.webp","datePublished":"2025-10-29T10:20:49+00:00","dateModified":"2025-10-29T10:43:34+00:00","description":"Kerek r\u00e9ses tol\u00f3z\u00e1r, l\u00e9gcs\u00f6vekre t\u00f6rt\u00e9n\u0151 szerel\u00e9shez, t\u00e9rfogat\u00e1ramok szab\u00e1lyoz\u00e1s\u00e1ra elsz\u00edv\u00e1si pontokon. A r\u00e9ses tol\u00f3z\u00e1r melegleveg\u0151s h\u00faz\u00f3hegeszt\u00e9ssel r\u00f6gz\u00edthet\u0151 cs\u00f6vekre vagy csatorn\u00e1kra. \u00c1tm\u00e9r\u0151 a DIN 8074 szabv\u00e1ny szerint.","breadcrumb":{"@id":"https:\/\/www.akuplastics.com\/hu\/kerek-reses-tolozar-csatlakozoval\/#breadcrumb"},"inLanguage":"hu","potentialAction":[{"@type":"ReadAction","target":["https:\/\/www.akuplastics.com\/hu\/kerek-reses-tolozar-csatlakozoval\/"]}]},{"@type":"ImageObject","inLanguage":"hu","@id":"https:\/\/www.akuplastics.com\/hu\/kerek-reses-tolozar-csatlakozoval\/#primaryimage","url":"https:\/\/www.akuplastics.com\/wp-content\/uploads\/2025\/10\/Schlitzschieber-rund-mit-Anschlussstueck-PVC-U-PPs-PP-H-PE-HD.webp","contentUrl":"https:\/\/www.akuplastics.com\/wp-content\/uploads\/2025\/10\/Schlitzschieber-rund-mit-Anschlussstueck-PVC-U-PPs-PP-H-PE-HD.webp","width":500,"height":709,"caption":"Kerek tol\u00f3z\u00e1r csatlakoz\u00f3val PVC-U PPs PP-H PE-HD"},{"@type":"BreadcrumbList","@id":"https:\/\/www.akuplastics.com\/hu\/kerek-reses-tolozar-csatlakozoval\/#breadcrumb","itemListElement":[{"@type":"ListItem","position":1,"name":"Kezd\u0151lap","item":"https:\/\/www.akuplastics.com\/hu\/"},{"@type":"ListItem","position":2,"name":"Kerek r\u00e9ses tol\u00f3z\u00e1r csatlakoz\u00f3val"}]},{"@type":"WebSite","@id":"https:\/\/www.akuplastics.com\/hu\/#website","url":"https:\/\/www.akuplastics.com\/hu\/","name":"Semi-Finished Products \u2013 Finished Parts \u2013 Ventilation Moulded Parts \u2013 Machines","description":"Halbzeuge, Halbfabrikate, Kunststoffhalbzeuge, Kunststoffhalbfabrikate","publisher":{"@id":"https:\/\/www.akuplastics.com\/hu\/#organization"},"alternateName":"AKUPLASTICS \u2013 Engineering in Plastics","potentialAction":[{"@type":"SearchAction","target":{"@type":"EntryPoint","urlTemplate":"https:\/\/www.akuplastics.com\/hu\/?s={search_term_string}"},"query-input":{"@type":"PropertyValueSpecification","valueRequired":true,"valueName":"search_term_string"}}],"inLanguage":"hu"},{"@type":"Organization","@id":"https:\/\/www.akuplastics.com\/hu\/#organization","name":"Ing. Christian Ahlborn e.U.","alternateName":"AKU","url":"https:\/\/www.akuplastics.com\/hu\/","logo":{"@type":"ImageObject","inLanguage":"hu","@id":"https:\/\/www.akuplastics.com\/hu\/#\/schema\/logo\/image\/","url":"https:\/\/www.akuplastics.com\/wp-content\/uploads\/2020\/07\/Grafik14-inkl-r.png","contentUrl":"https:\/\/www.akuplastics.com\/wp-content\/uploads\/2020\/07\/Grafik14-inkl-r.png","width":1994,"height":743,"caption":"Ing. Christian Ahlborn e.U."},"image":{"@id":"https:\/\/www.akuplastics.com\/hu\/#\/schema\/logo\/image\/"}}]}},"_links":{"self":[{"href":"https:\/\/www.akuplastics.com\/hu\/wp-json\/wp\/v2\/pages\/30981","targetHints":{"allow":["GET"]}}],"collection":[{"href":"https:\/\/www.akuplastics.com\/hu\/wp-json\/wp\/v2\/pages"}],"about":[{"href":"https:\/\/www.akuplastics.com\/hu\/wp-json\/wp\/v2\/types\/page"}],"author":[{"embeddable":true,"href":"https:\/\/www.akuplastics.com\/hu\/wp-json\/wp\/v2\/users\/3"}],"replies":[{"embeddable":true,"href":"https:\/\/www.akuplastics.com\/hu\/wp-json\/wp\/v2\/comments?post=30981"}],"version-history":[{"count":2,"href":"https:\/\/www.akuplastics.com\/hu\/wp-json\/wp\/v2\/pages\/30981\/revisions"}],"predecessor-version":[{"id":30989,"href":"https:\/\/www.akuplastics.com\/hu\/wp-json\/wp\/v2\/pages\/30981\/revisions\/30989"}],"wp:featuredmedia":[{"embeddable":true,"href":"https:\/\/www.akuplastics.com\/hu\/wp-json\/wp\/v2\/media\/30752"}],"wp:attachment":[{"href":"https:\/\/www.akuplastics.com\/hu\/wp-json\/wp\/v2\/media?parent=30981"}],"curies":[{"name":"wp","href":"https:\/\/api.w.org\/{rel}","templated":true}]}}