{"id":30963,"date":"2025-10-29T11:10:52","date_gmt":"2025-10-29T10:10:52","guid":{"rendered":"https:\/\/www.akuplastics.com\/kerek-tolozsalu\/"},"modified":"2025-10-29T11:43:10","modified_gmt":"2025-10-29T10:43:10","slug":"kerek-tolozsalu","status":"publish","type":"page","link":"https:\/\/www.akuplastics.com\/hu\/kerek-tolozsalu\/","title":{"rendered":"Kerek tol\u00f3zsalu"},"content":{"rendered":"\t\t<div data-elementor-type=\"wp-page\" data-elementor-id=\"30963\" class=\"elementor elementor-30963 elementor-30535\" data-elementor-post-type=\"page\">\n\t\t\t\t\t\t<section class=\"elementor-section elementor-top-section elementor-element elementor-element-6025abb3 elementor-section-full_width elementor-section-height-default elementor-section-height-default\" data-id=\"6025abb3\" data-element_type=\"section\" data-e-type=\"section\" data-settings=\"{&quot;background_background&quot;:&quot;gradient&quot;}\">\n\t\t\t\t\t\t<div class=\"elementor-container elementor-column-gap-default\">\n\t\t\t\t\t<div class=\"elementor-column elementor-col-100 elementor-top-column elementor-element elementor-element-c978d9b\" data-id=\"c978d9b\" data-element_type=\"column\" data-e-type=\"column\">\n\t\t\t<div class=\"elementor-widget-wrap elementor-element-populated\">\n\t\t\t\t\t\t<section class=\"elementor-section elementor-inner-section elementor-element elementor-element-1ead80f elementor-section-boxed elementor-section-height-default elementor-section-height-default\" data-id=\"1ead80f\" data-element_type=\"section\" data-e-type=\"section\">\n\t\t\t\t\t\t<div class=\"elementor-container elementor-column-gap-default\">\n\t\t\t\t\t<div class=\"elementor-column elementor-col-100 elementor-inner-column elementor-element elementor-element-97f2d40\" data-id=\"97f2d40\" data-element_type=\"column\" data-e-type=\"column\">\n\t\t\t<div class=\"elementor-widget-wrap elementor-element-populated\">\n\t\t\t\t\t\t<div class=\"elementor-element elementor-element-5288b20 elementor-widget__width-initial elementor-widget elementor-widget-text-editor\" data-id=\"5288b20\" data-element_type=\"widget\" data-e-type=\"widget\" data-widget_type=\"text-editor.default\">\n\t\t\t\t<div class=\"elementor-widget-container\">\n\t\t\t\t\t\t\t\t\t<h1 class=\"csc-firstHeader\" style=\"text-align: left;\">Kerek tol\u00f3zsalu PVC-U, PPs, PP-H, PE-HD anyagb\u00f3l <\/h1>\t\t\t\t\t\t\t\t<\/div>\n\t\t\t\t<\/div>\n\t\t\t\t<div class=\"elementor-element elementor-element-843282f elementor-widget__width-initial elementor-widget elementor-widget-text-editor\" data-id=\"843282f\" data-element_type=\"widget\" data-e-type=\"widget\" data-widget_type=\"text-editor.default\">\n\t\t\t\t<div class=\"elementor-widget-container\">\n\t\t\t\t\t\t\t\t\t<p style=\"text-align: left;\">Kerek tol\u00f3zsalu l\u00e9gcs\u00f6vekre szerelhet\u0151 a t\u00e9rfogat\u00e1ram szab\u00e1lyoz\u00e1s\u00e1ra elsz\u00edv\u00e1si pontokon.<\/p><p style=\"text-align: left;\">A tol\u00f3z\u00e1r melegleveg\u0151s h\u00faz\u00f3hegeszt\u00e9ssel r\u00f6gz\u00fcl a cs\u0151v\u00e9gekre.<\/p><p style=\"text-align: left;\">\u00c1tm\u00e9r\u0151 a DIN 8062 szabv\u00e1ny szerint.<\/p>\t\t\t\t\t\t\t\t<\/div>\n\t\t\t\t<\/div>\n\t\t\t\t<div class=\"elementor-element elementor-element-b534910 elementor-widget__width-initial elementor-widget elementor-widget-text-editor\" data-id=\"b534910\" data-element_type=\"widget\" data-e-type=\"widget\" data-widget_type=\"text-editor.default\">\n\t\t\t\t<div class=\"elementor-widget-container\">\n\t\t\t\t\t\t\t\t\t<p style=\"text-align: left;\"> <\/p><p style=\"text-align: left;\">Lehets\u00e9ges negat\u00edv t\u00falnyom\u00e1s k\u00e9r\u00e9sre, mechanikai, k\u00e9miai \u00e9s termikus terhel\u00e9s ut\u00e1n.<\/p>\t\t\t\t\t\t\t\t<\/div>\n\t\t\t\t<\/div>\n\t\t\t\t<div class=\"elementor-element elementor-element-5a28bf2 elementor-widget__width-initial elementor-widget elementor-widget-text-editor\" data-id=\"5a28bf2\" data-element_type=\"widget\" data-e-type=\"widget\" data-widget_type=\"text-editor.default\">\n\t\t\t\t<div class=\"elementor-widget-container\">\n\t\t\t\t\t\t\t\t\t<table width=\"507\"><tbody><tr><td width=\"78\"> <\/td><td colspan=\"3\" width=\"153\">PVC\/Feh\u00e9r PVC\/PE-HD\/PP-H\/PPs<\/td><td width=\"31\">PVC<\/td><td width=\"31\">Feh\u00e9r PVC<\/td><td width=\"78\">PE-HD<\/td><td width=\"39\">PP-H<\/td><td width=\"60\">PPs<\/td><td width=\"37\">Szabad keresztmetszet<\/td><\/tr><tr><td width=\"78\">\u00d8<\/td><td width=\"39\">Da<\/td><td width=\"60\">C<\/td><td width=\"54\">L<\/td><td colspan=\"5\" width=\"239\">S<\/td><td width=\"37\">%<\/td><\/tr><tr><td colspan=\"9\" width=\"470\">Nincs feh\u00e9r PVC cs\u0151darabbal, a Da \u00d8 140, 180, 225 \u00e9s 280 m\u00e9retekhez igaz\u00edtva.<\/td><td width=\"37\"> <\/td><\/tr><tr><td width=\"78\">110<\/td><td width=\"39\">110<\/td><td width=\"60\">12<\/td><td width=\"54\">50<\/td><td width=\"31\">1,8<\/td><td width=\"31\">1,8<\/td><td width=\"78\">2,7<\/td><td width=\"39\">2,7<\/td><td width=\"60\">2,7<\/td><td width=\"37\">16<\/td><\/tr><tr><td width=\"78\">125<\/td><td width=\"39\">125<\/td><td width=\"60\">12<\/td><td width=\"54\">50<\/td><td width=\"31\">1,8<\/td><td width=\"31\">1,8<\/td><td width=\"78\">3,1<\/td><td width=\"39\">3,1<\/td><td width=\"60\">3,1<\/td><td width=\"37\">16<\/td><\/tr><tr><td width=\"78\">140<\/td><td width=\"39\">140<\/td><td width=\"60\">12<\/td><td width=\"54\">50<\/td><td width=\"31\">1,8<\/td><td width=\"31\">&#8211;<\/td><td width=\"78\">3,5<\/td><td width=\"39\">3,5<\/td><td width=\"60\">3<\/td><td width=\"37\">19<\/td><\/tr><tr><td width=\"78\">160<\/td><td width=\"39\">160<\/td><td width=\"60\">12<\/td><td width=\"54\">50<\/td><td width=\"31\">1,8<\/td><td width=\"31\">1,8<\/td><td width=\"78\">4<\/td><td width=\"39\">4<\/td><td width=\"60\">3<\/td><td width=\"37\">21<\/td><\/tr><tr><td width=\"78\">180<\/td><td width=\"39\">180<\/td><td width=\"60\">12<\/td><td width=\"54\">50<\/td><td width=\"31\">1,8<\/td><td width=\"31\">&#8211;<\/td><td width=\"78\">4,4<\/td><td width=\"39\">4,4<\/td><td width=\"60\">3<\/td><td width=\"37\">21<\/td><\/tr><tr><td width=\"78\">200<\/td><td width=\"39\">200<\/td><td width=\"60\">12<\/td><td width=\"54\">50<\/td><td width=\"31\">1,8<\/td><td width=\"31\">1,8<\/td><td width=\"78\">4,9<\/td><td width=\"39\">3<\/td><td width=\"60\">3<\/td><td width=\"37\">24<\/td><\/tr><tr><td width=\"78\">225<\/td><td width=\"39\">225<\/td><td width=\"60\">12<\/td><td width=\"54\">50<\/td><td width=\"31\">1,8<\/td><td width=\"31\">&#8211;<\/td><td width=\"78\">5,5<\/td><td width=\"39\">5,5<\/td><td width=\"60\">3,5<\/td><td width=\"37\">25<\/td><\/tr><tr><td width=\"78\">250<\/td><td width=\"39\">250<\/td><td width=\"60\">12<\/td><td width=\"54\">50<\/td><td width=\"31\">2<\/td><td width=\"31\">3<\/td><td width=\"78\">6,2<\/td><td width=\"39\">3,5<\/td><td width=\"60\">3,5<\/td><td width=\"37\">27<\/td><\/tr><tr><td width=\"78\">280<\/td><td width=\"39\">280<\/td><td width=\"60\">12<\/td><td width=\"54\">50<\/td><td width=\"31\">2,3<\/td><td width=\"31\">&#8211;<\/td><td width=\"78\">6,9<\/td><td width=\"39\">6,9<\/td><td width=\"60\">4<\/td><td width=\"37\">27<\/td><\/tr><tr><td width=\"78\">315<\/td><td width=\"39\">315<\/td><td width=\"60\">12<\/td><td width=\"54\">50<\/td><td width=\"31\">2,5<\/td><td width=\"31\">2,9<\/td><td width=\"78\">7,7<\/td><td width=\"39\">5<\/td><td width=\"60\">5<\/td><td width=\"37\">30<\/td><\/tr><tr><td width=\"78\">355<\/td><td width=\"39\">355<\/td><td width=\"60\">12<\/td><td width=\"54\">50<\/td><td width=\"31\">2,9<\/td><td width=\"31\">2,9<\/td><td width=\"78\">8,7<\/td><td width=\"39\">6<\/td><td width=\"60\">5<\/td><td width=\"37\">33<\/td><\/tr><tr><td width=\"78\">400<\/td><td width=\"39\">400<\/td><td width=\"60\">12<\/td><td width=\"54\">50<\/td><td width=\"31\">3,2<\/td><td width=\"31\">3,2<\/td><td width=\"78\">8<\/td><td width=\"39\">6<\/td><td width=\"60\">6<\/td><td width=\"37\">33<\/td><\/tr><\/tbody><\/table>\t\t\t\t\t\t\t\t<\/div>\n\t\t\t\t<\/div>\n\t\t\t\t\t<\/div>\n\t\t<\/div>\n\t\t\t\t<div class=\"elementor-column elementor-col-50 elementor-inner-column elementor-element elementor-element-97bb919\" data-id=\"97bb919\" data-element_type=\"column\" data-e-type=\"column\">\n\t\t\t<div class=\"elementor-widget-wrap elementor-element-populated\">\n\t\t\t\t\t\t<div class=\"elementor-element elementor-element-1a349e7 elementor-widget elementor-widget-image\" data-id=\"1a349e7\" data-element_type=\"widget\" data-e-type=\"widget\" data-widget_type=\"image.default\">\n\t\t\t\t<div class=\"elementor-widget-container\">\n\t\t\t\t\t\t\t\t\t\t\t\t<figure class=\"wp-caption\">\n\t\t\t\t\t\t\t\t\t\t<img loading=\"lazy\" decoding=\"async\" width=\"203\" height=\"300\" src=\"https:\/\/www.akuplastics.com\/wp-content\/uploads\/2025\/10\/Schlitzschieber-rund-PVC-U-PPs-PP-H-PE-HD-203x300.webp\" class=\"attachment-medium size-medium wp-image-30751\" alt=\"Kerek tol\u00f3z\u00e1r PVC-U PPs PP-H PE-HD\" srcset=\"https:\/\/www.akuplastics.com\/wp-content\/uploads\/2025\/10\/Schlitzschieber-rund-PVC-U-PPs-PP-H-PE-HD-203x300.webp 203w, https:\/\/www.akuplastics.com\/wp-content\/uploads\/2025\/10\/Schlitzschieber-rund-PVC-U-PPs-PP-H-PE-HD.webp 500w\" sizes=\"auto, (max-width: 203px) 100vw, 203px\" \/>\t\t\t\t\t\t\t\t\t\t\t<figcaption class=\"widget-image-caption wp-caption-text\">Kerek tol\u00f3z\u00e1r PVC-U PPs PP-H PE-HD<\/figcaption>\n\t\t\t\t\t\t\t\t\t\t<\/figure>\n\t\t\t\t\t\t\t\t\t<\/div>\n\t\t\t\t<\/div>\n\t\t\t\t\t<\/div>\n\t\t<\/div>\n\t\t\t\t\t<\/div>\n\t\t<\/section>\n\t\t\t\t\t<\/div>\n\t\t<\/div>\n\t\t\t\t\t<\/div>\n\t\t<\/section>\n\t\t\t\t<\/div>\n\t\t","protected":false},"excerpt":{"rendered":"<p>Kerek tol\u00f3zsalu PVC-U, PPs, PP-H, PE-HD anyagb\u00f3l Kerek tol\u00f3zsalu l\u00e9gcs\u00f6vekre szerelhet\u0151 a t\u00e9rfogat\u00e1ram szab\u00e1lyoz\u00e1s\u00e1ra elsz\u00edv\u00e1si pontokon. A tol\u00f3z\u00e1r melegleveg\u0151s h\u00faz\u00f3hegeszt\u00e9ssel r\u00f6gz\u00fcl a cs\u0151v\u00e9gekre. \u00c1tm\u00e9r\u0151 a DIN 8062 szabv\u00e1ny szerint. Lehets\u00e9ges negat\u00edv t\u00falnyom\u00e1s k\u00e9r\u00e9sre, mechanikai, k\u00e9miai \u00e9s termikus terhel\u00e9s ut\u00e1n. PVC\/Feh\u00e9r PVC\/PE-HD\/PP-H\/PPs PVC Feh\u00e9r PVC PE-HD PP-H PPs Szabad keresztmetszet \u00d8 Da C L S % [&hellip;]<\/p>\n","protected":false},"author":3,"featured_media":30751,"parent":0,"menu_order":1,"comment_status":"closed","ping_status":"closed","template":"","meta":{"iawp_total_views":1,"footnotes":""},"class_list":["post-30963","page","type-page","status-publish","has-post-thumbnail","hentry"],"yoast_head":"<!-- This site is optimized with the Yoast SEO Premium plugin v27.4 (Yoast SEO v27.5) - https:\/\/yoast.com\/product\/yoast-seo-premium-wordpress\/ -->\n<title>Kerek tol\u00f3z\u00e1r PVC-U PPs PP-H PE-HD<\/title>\n<meta name=\"description\" content=\"Kerek tol\u00f3zsalu, l\u00e9gcs\u00f6vekre szerelhet\u0151 a t\u00e9rfogat\u00e1ram szab\u00e1lyoz\u00e1s\u00e1ra elsz\u00edv\u00e1si pontokon. A tol\u00f3z\u00e1r melegleveg\u0151s h\u00faz\u00f3hegeszt\u00e9ssel r\u00f6gz\u00fcl a cs\u0151v\u00e9gekre. \u00c1tm\u00e9r\u0151 a DIN 8062 szabv\u00e1ny szerint.\" \/>\n<meta name=\"robots\" content=\"index, follow, max-snippet:-1, max-image-preview:large, max-video-preview:-1\" \/>\n<link rel=\"canonical\" href=\"https:\/\/www.akuplastics.com\/hu\/kerek-tolozsalu\/\" \/>\n<script type=\"application\/ld+json\" class=\"yoast-schema-graph\">{\"@context\":\"https:\\\/\\\/schema.org\",\"@graph\":[{\"@type\":\"WebPage\",\"@id\":\"https:\\\/\\\/www.akuplastics.com\\\/hu\\\/kerek-tolozsalu\\\/\",\"url\":\"https:\\\/\\\/www.akuplastics.com\\\/hu\\\/kerek-tolozsalu\\\/\",\"name\":\"Kerek tol\u00f3z\u00e1r PVC-U PPs PP-H PE-HD\",\"isPartOf\":{\"@id\":\"https:\\\/\\\/www.akuplastics.com\\\/hu\\\/#website\"},\"primaryImageOfPage\":{\"@id\":\"https:\\\/\\\/www.akuplastics.com\\\/hu\\\/kerek-tolozsalu\\\/#primaryimage\"},\"image\":{\"@id\":\"https:\\\/\\\/www.akuplastics.com\\\/hu\\\/kerek-tolozsalu\\\/#primaryimage\"},\"thumbnailUrl\":\"https:\\\/\\\/www.akuplastics.com\\\/wp-content\\\/uploads\\\/2025\\\/10\\\/Schlitzschieber-rund-PVC-U-PPs-PP-H-PE-HD.webp\",\"datePublished\":\"2025-10-29T10:10:52+00:00\",\"dateModified\":\"2025-10-29T10:43:10+00:00\",\"description\":\"Kerek tol\u00f3zsalu, l\u00e9gcs\u00f6vekre szerelhet\u0151 a t\u00e9rfogat\u00e1ram szab\u00e1lyoz\u00e1s\u00e1ra elsz\u00edv\u00e1si pontokon. A tol\u00f3z\u00e1r melegleveg\u0151s h\u00faz\u00f3hegeszt\u00e9ssel r\u00f6gz\u00fcl a cs\u0151v\u00e9gekre. \u00c1tm\u00e9r\u0151 a DIN 8062 szabv\u00e1ny szerint.\",\"breadcrumb\":{\"@id\":\"https:\\\/\\\/www.akuplastics.com\\\/hu\\\/kerek-tolozsalu\\\/#breadcrumb\"},\"inLanguage\":\"hu\",\"potentialAction\":[{\"@type\":\"ReadAction\",\"target\":[\"https:\\\/\\\/www.akuplastics.com\\\/hu\\\/kerek-tolozsalu\\\/\"]}]},{\"@type\":\"ImageObject\",\"inLanguage\":\"hu\",\"@id\":\"https:\\\/\\\/www.akuplastics.com\\\/hu\\\/kerek-tolozsalu\\\/#primaryimage\",\"url\":\"https:\\\/\\\/www.akuplastics.com\\\/wp-content\\\/uploads\\\/2025\\\/10\\\/Schlitzschieber-rund-PVC-U-PPs-PP-H-PE-HD.webp\",\"contentUrl\":\"https:\\\/\\\/www.akuplastics.com\\\/wp-content\\\/uploads\\\/2025\\\/10\\\/Schlitzschieber-rund-PVC-U-PPs-PP-H-PE-HD.webp\",\"width\":500,\"height\":738,\"caption\":\"Kerek tol\u00f3z\u00e1r PVC-U PPs PP-H PE-HD\"},{\"@type\":\"BreadcrumbList\",\"@id\":\"https:\\\/\\\/www.akuplastics.com\\\/hu\\\/kerek-tolozsalu\\\/#breadcrumb\",\"itemListElement\":[{\"@type\":\"ListItem\",\"position\":1,\"name\":\"Kezd\u0151lap\",\"item\":\"https:\\\/\\\/www.akuplastics.com\\\/hu\\\/\"},{\"@type\":\"ListItem\",\"position\":2,\"name\":\"Kerek tol\u00f3zsalu\"}]},{\"@type\":\"WebSite\",\"@id\":\"https:\\\/\\\/www.akuplastics.com\\\/hu\\\/#website\",\"url\":\"https:\\\/\\\/www.akuplastics.com\\\/hu\\\/\",\"name\":\"Semi-Finished Products \u2013 Finished Parts \u2013 Ventilation Moulded Parts \u2013 Machines\",\"description\":\"Halbzeuge, Halbfabrikate, Kunststoffhalbzeuge, Kunststoffhalbfabrikate\",\"publisher\":{\"@id\":\"https:\\\/\\\/www.akuplastics.com\\\/hu\\\/#organization\"},\"alternateName\":\"AKUPLASTICS \u2013 Engineering in Plastics\",\"potentialAction\":[{\"@type\":\"SearchAction\",\"target\":{\"@type\":\"EntryPoint\",\"urlTemplate\":\"https:\\\/\\\/www.akuplastics.com\\\/hu\\\/?s={search_term_string}\"},\"query-input\":{\"@type\":\"PropertyValueSpecification\",\"valueRequired\":true,\"valueName\":\"search_term_string\"}}],\"inLanguage\":\"hu\"},{\"@type\":\"Organization\",\"@id\":\"https:\\\/\\\/www.akuplastics.com\\\/hu\\\/#organization\",\"name\":\"Ing. Christian Ahlborn e.U.\",\"alternateName\":\"AKU\",\"url\":\"https:\\\/\\\/www.akuplastics.com\\\/hu\\\/\",\"logo\":{\"@type\":\"ImageObject\",\"inLanguage\":\"hu\",\"@id\":\"https:\\\/\\\/www.akuplastics.com\\\/hu\\\/#\\\/schema\\\/logo\\\/image\\\/\",\"url\":\"https:\\\/\\\/www.akuplastics.com\\\/wp-content\\\/uploads\\\/2020\\\/07\\\/Grafik14-inkl-r.png\",\"contentUrl\":\"https:\\\/\\\/www.akuplastics.com\\\/wp-content\\\/uploads\\\/2020\\\/07\\\/Grafik14-inkl-r.png\",\"width\":1994,\"height\":743,\"caption\":\"Ing. Christian Ahlborn e.U.\"},\"image\":{\"@id\":\"https:\\\/\\\/www.akuplastics.com\\\/hu\\\/#\\\/schema\\\/logo\\\/image\\\/\"}}]}<\/script>\n<!-- \/ Yoast SEO Premium plugin. -->","yoast_head_json":{"title":"Kerek tol\u00f3z\u00e1r PVC-U PPs PP-H PE-HD","description":"Kerek tol\u00f3zsalu, l\u00e9gcs\u00f6vekre szerelhet\u0151 a t\u00e9rfogat\u00e1ram szab\u00e1lyoz\u00e1s\u00e1ra elsz\u00edv\u00e1si pontokon. A tol\u00f3z\u00e1r melegleveg\u0151s h\u00faz\u00f3hegeszt\u00e9ssel r\u00f6gz\u00fcl a cs\u0151v\u00e9gekre. \u00c1tm\u00e9r\u0151 a DIN 8062 szabv\u00e1ny szerint.","robots":{"index":"index","follow":"follow","max-snippet":"max-snippet:-1","max-image-preview":"max-image-preview:large","max-video-preview":"max-video-preview:-1"},"canonical":"https:\/\/www.akuplastics.com\/hu\/kerek-tolozsalu\/","schema":{"@context":"https:\/\/schema.org","@graph":[{"@type":"WebPage","@id":"https:\/\/www.akuplastics.com\/hu\/kerek-tolozsalu\/","url":"https:\/\/www.akuplastics.com\/hu\/kerek-tolozsalu\/","name":"Kerek tol\u00f3z\u00e1r PVC-U PPs PP-H PE-HD","isPartOf":{"@id":"https:\/\/www.akuplastics.com\/hu\/#website"},"primaryImageOfPage":{"@id":"https:\/\/www.akuplastics.com\/hu\/kerek-tolozsalu\/#primaryimage"},"image":{"@id":"https:\/\/www.akuplastics.com\/hu\/kerek-tolozsalu\/#primaryimage"},"thumbnailUrl":"https:\/\/www.akuplastics.com\/wp-content\/uploads\/2025\/10\/Schlitzschieber-rund-PVC-U-PPs-PP-H-PE-HD.webp","datePublished":"2025-10-29T10:10:52+00:00","dateModified":"2025-10-29T10:43:10+00:00","description":"Kerek tol\u00f3zsalu, l\u00e9gcs\u00f6vekre szerelhet\u0151 a t\u00e9rfogat\u00e1ram szab\u00e1lyoz\u00e1s\u00e1ra elsz\u00edv\u00e1si pontokon. A tol\u00f3z\u00e1r melegleveg\u0151s h\u00faz\u00f3hegeszt\u00e9ssel r\u00f6gz\u00fcl a cs\u0151v\u00e9gekre. \u00c1tm\u00e9r\u0151 a DIN 8062 szabv\u00e1ny szerint.","breadcrumb":{"@id":"https:\/\/www.akuplastics.com\/hu\/kerek-tolozsalu\/#breadcrumb"},"inLanguage":"hu","potentialAction":[{"@type":"ReadAction","target":["https:\/\/www.akuplastics.com\/hu\/kerek-tolozsalu\/"]}]},{"@type":"ImageObject","inLanguage":"hu","@id":"https:\/\/www.akuplastics.com\/hu\/kerek-tolozsalu\/#primaryimage","url":"https:\/\/www.akuplastics.com\/wp-content\/uploads\/2025\/10\/Schlitzschieber-rund-PVC-U-PPs-PP-H-PE-HD.webp","contentUrl":"https:\/\/www.akuplastics.com\/wp-content\/uploads\/2025\/10\/Schlitzschieber-rund-PVC-U-PPs-PP-H-PE-HD.webp","width":500,"height":738,"caption":"Kerek tol\u00f3z\u00e1r PVC-U PPs PP-H PE-HD"},{"@type":"BreadcrumbList","@id":"https:\/\/www.akuplastics.com\/hu\/kerek-tolozsalu\/#breadcrumb","itemListElement":[{"@type":"ListItem","position":1,"name":"Kezd\u0151lap","item":"https:\/\/www.akuplastics.com\/hu\/"},{"@type":"ListItem","position":2,"name":"Kerek tol\u00f3zsalu"}]},{"@type":"WebSite","@id":"https:\/\/www.akuplastics.com\/hu\/#website","url":"https:\/\/www.akuplastics.com\/hu\/","name":"Semi-Finished Products \u2013 Finished Parts \u2013 Ventilation Moulded Parts \u2013 Machines","description":"Halbzeuge, Halbfabrikate, Kunststoffhalbzeuge, Kunststoffhalbfabrikate","publisher":{"@id":"https:\/\/www.akuplastics.com\/hu\/#organization"},"alternateName":"AKUPLASTICS \u2013 Engineering in Plastics","potentialAction":[{"@type":"SearchAction","target":{"@type":"EntryPoint","urlTemplate":"https:\/\/www.akuplastics.com\/hu\/?s={search_term_string}"},"query-input":{"@type":"PropertyValueSpecification","valueRequired":true,"valueName":"search_term_string"}}],"inLanguage":"hu"},{"@type":"Organization","@id":"https:\/\/www.akuplastics.com\/hu\/#organization","name":"Ing. Christian Ahlborn e.U.","alternateName":"AKU","url":"https:\/\/www.akuplastics.com\/hu\/","logo":{"@type":"ImageObject","inLanguage":"hu","@id":"https:\/\/www.akuplastics.com\/hu\/#\/schema\/logo\/image\/","url":"https:\/\/www.akuplastics.com\/wp-content\/uploads\/2020\/07\/Grafik14-inkl-r.png","contentUrl":"https:\/\/www.akuplastics.com\/wp-content\/uploads\/2020\/07\/Grafik14-inkl-r.png","width":1994,"height":743,"caption":"Ing. Christian Ahlborn e.U."},"image":{"@id":"https:\/\/www.akuplastics.com\/hu\/#\/schema\/logo\/image\/"}}]}},"_links":{"self":[{"href":"https:\/\/www.akuplastics.com\/hu\/wp-json\/wp\/v2\/pages\/30963","targetHints":{"allow":["GET"]}}],"collection":[{"href":"https:\/\/www.akuplastics.com\/hu\/wp-json\/wp\/v2\/pages"}],"about":[{"href":"https:\/\/www.akuplastics.com\/hu\/wp-json\/wp\/v2\/types\/page"}],"author":[{"embeddable":true,"href":"https:\/\/www.akuplastics.com\/hu\/wp-json\/wp\/v2\/users\/3"}],"replies":[{"embeddable":true,"href":"https:\/\/www.akuplastics.com\/hu\/wp-json\/wp\/v2\/comments?post=30963"}],"version-history":[{"count":2,"href":"https:\/\/www.akuplastics.com\/hu\/wp-json\/wp\/v2\/pages\/30963\/revisions"}],"predecessor-version":[{"id":30971,"href":"https:\/\/www.akuplastics.com\/hu\/wp-json\/wp\/v2\/pages\/30963\/revisions\/30971"}],"wp:featuredmedia":[{"embeddable":true,"href":"https:\/\/www.akuplastics.com\/hu\/wp-json\/wp\/v2\/media\/30751"}],"wp:attachment":[{"href":"https:\/\/www.akuplastics.com\/hu\/wp-json\/wp\/v2\/media?parent=30963"}],"curies":[{"name":"wp","href":"https:\/\/api.w.org\/{rel}","templated":true}]}}