{"id":30891,"date":"2025-10-29T10:54:24","date_gmt":"2025-10-29T09:54:24","guid":{"rendered":"https:\/\/www.akuplastics.com\/tisztitonyilas\/"},"modified":"2025-10-29T11:40:38","modified_gmt":"2025-10-29T10:40:38","slug":"tisztitonyilas-2","status":"publish","type":"page","link":"https:\/\/www.akuplastics.com\/hu\/tisztitonyilas-2\/","title":{"rendered":"Tiszt\u00edt\u00f3ny\u00edl\u00e1s"},"content":{"rendered":"\t\t<div data-elementor-type=\"wp-page\" data-elementor-id=\"30891\" class=\"elementor elementor-30891 elementor-30496\" data-elementor-post-type=\"page\">\n\t\t\t\t\t\t<section class=\"elementor-section elementor-top-section elementor-element elementor-element-6025abb3 elementor-section-full_width elementor-section-height-default elementor-section-height-default\" data-id=\"6025abb3\" data-element_type=\"section\" data-e-type=\"section\" data-settings=\"{&quot;background_background&quot;:&quot;gradient&quot;}\">\n\t\t\t\t\t\t<div class=\"elementor-container elementor-column-gap-default\">\n\t\t\t\t\t<div class=\"elementor-column elementor-col-100 elementor-top-column elementor-element elementor-element-c978d9b\" data-id=\"c978d9b\" data-element_type=\"column\" data-e-type=\"column\">\n\t\t\t<div class=\"elementor-widget-wrap elementor-element-populated\">\n\t\t\t\t\t\t<section class=\"elementor-section elementor-inner-section elementor-element elementor-element-1ead80f elementor-section-boxed elementor-section-height-default elementor-section-height-default\" data-id=\"1ead80f\" data-element_type=\"section\" data-e-type=\"section\">\n\t\t\t\t\t\t<div class=\"elementor-container elementor-column-gap-default\">\n\t\t\t\t\t<div class=\"elementor-column elementor-col-100 elementor-inner-column elementor-element elementor-element-97f2d40\" data-id=\"97f2d40\" data-element_type=\"column\" data-e-type=\"column\">\n\t\t\t<div class=\"elementor-widget-wrap elementor-element-populated\">\n\t\t\t\t\t\t<div class=\"elementor-element elementor-element-5288b20 elementor-widget__width-initial elementor-widget elementor-widget-text-editor\" data-id=\"5288b20\" data-element_type=\"widget\" data-e-type=\"widget\" data-widget_type=\"text-editor.default\">\n\t\t\t\t<div class=\"elementor-widget-container\">\n\t\t\t\t\t\t\t\t\t<h1 class=\"csc-firstHeader\" style=\"text-align: left;\">Tiszt\u00edt\u00f3ny\u00edl\u00e1s PVC-U PPs PPs-EL PP-H PE-HD PVDF<\/h1>\t\t\t\t\t\t\t\t<\/div>\n\t\t\t\t<\/div>\n\t\t\t\t<div class=\"elementor-element elementor-element-843282f elementor-widget__width-initial elementor-widget elementor-widget-text-editor\" data-id=\"843282f\" data-element_type=\"widget\" data-e-type=\"widget\" data-widget_type=\"text-editor.default\">\n\t\t\t\t<div class=\"elementor-widget-container\">\n\t\t\t\t\t\t\t\t\t<p style=\"text-align: left;\">Kerek m\u0171anyag tiszt\u00edt\u00f3ny\u00edl\u00e1s idom, bels\u0151 \u00fctk\u00f6z\u0151vel, cs\u00f6vek hegeszt\u00e9si elj\u00e1r\u00e1ssal t\u00f6rt\u00e9n\u0151 \u00f6sszek\u00f6t\u00e9s\u00e9re elsz\u00edv\u00f3rendszerben.<\/p><p style=\"text-align: left;\">Kimenet csavaros fed\u00e9llel, tiszt\u00edt\u00f3ny\u00edl\u00e1sk\u00e9nt.<\/p><p style=\"text-align: left;\">A tok bels\u0151 \u00e1tm\u00e9r\u0151je a DIN 8062 szabv\u00e1ny szerint.<\/p><p style=\"text-align: left;\">Gy\u00e1rt\u00e1si elj\u00e1r\u00e1s: f\u00e9lgy\u00e1rtm\u00e1nyokb\u00f3l k\u00e9sz\u00fcl.<\/p>\t\t\t\t\t\t\t\t<\/div>\n\t\t\t\t<\/div>\n\t\t\t\t<div class=\"elementor-element elementor-element-b534910 elementor-widget__width-initial elementor-widget elementor-widget-text-editor\" data-id=\"b534910\" data-element_type=\"widget\" data-e-type=\"widget\" data-widget_type=\"text-editor.default\">\n\t\t\t\t<div class=\"elementor-widget-container\">\n\t\t\t\t\t\t\t\t\t<p style=\"text-align: left;\"> <\/p><p style=\"text-align: left;\">Lehets\u00e9ges negat\u00edv t\u00falnyom\u00e1s k\u00e9r\u00e9sre, mechanikai, k\u00e9miai \u00e9s termikus terhel\u00e9s ut\u00e1n.<\/p>\t\t\t\t\t\t\t\t<\/div>\n\t\t\t\t<\/div>\n\t\t\t\t<div class=\"elementor-element elementor-element-5a28bf2 elementor-widget__width-initial elementor-widget elementor-widget-text-editor\" data-id=\"5a28bf2\" data-element_type=\"widget\" data-e-type=\"widget\" data-widget_type=\"text-editor.default\">\n\t\t\t\t<div class=\"elementor-widget-container\">\n\t\t\t\t\t\t\t\t\t<table width=\"507\"><tbody><tr> <td width=\"78\"> <\/td><td colspan=\"2\" width=\"99\">PVC<\/td><td colspan=\"2\" width=\"85\">PE-HD\/PP-H\/PPs\/PP-EL-s\/PVDF<\/td><td colspan=\"5\" width=\"245\">s\u0151 falvastags\u00e1ga<\/td><\/tr><tr><td width=\"78\">\u00d8<\/td><td width=\"39\">D1<\/td><td width=\"60\">H<\/td><td width=\"54\">D1<\/td><td width=\"31\">H<\/td><td width=\"31\">PPS<\/td><td width=\"78\">PP-H<\/td><td width=\"39\">PE-HD<\/td><td width=\"60\">PP-el-s<\/td><td width=\"37\">PVC<\/td><\/tr><tr><td width=\"78\">110<\/td><td width=\"39\">180<\/td><td width=\"60\">100<\/td><td width=\"54\">180<\/td><td width=\"31\">100<\/td><td width=\"31\">3<\/td><td width=\"78\">2,7<\/td><td width=\"39\">3,4<\/td><td width=\"60\">3<\/td><td width=\"37\">1,8<\/td><\/tr><tr><td width=\"78\">125<\/td><td width=\"39\">200<\/td><td width=\"60\">100<\/td><td width=\"54\">200<\/td><td width=\"31\">100<\/td><td width=\"31\">3<\/td><td width=\"78\">3,1<\/td><td width=\"39\">3,9<\/td><td width=\"60\">3<\/td><td width=\"37\">1,8<\/td><\/tr><tr><td width=\"78\">140<\/td><td width=\"39\">225<\/td><td width=\"60\">120<\/td><td width=\"54\">225<\/td><td width=\"31\">120<\/td><td width=\"31\">3<\/td><td width=\"78\">3,5<\/td><td width=\"39\">4,3<\/td><td width=\"60\">3<\/td><td width=\"37\">1,8<\/td><\/tr><tr><td width=\"78\">160<\/td><td width=\"39\">250<\/td><td width=\"60\">130<\/td><td width=\"54\">250<\/td><td width=\"31\">130<\/td><td width=\"31\">3<\/td><td width=\"78\">4<\/td><td width=\"39\">4<\/td><td width=\"60\">3<\/td><td width=\"37\">1,8<\/td><\/tr><tr><td width=\"78\">180<\/td><td width=\"39\">280<\/td><td width=\"60\">140<\/td><td width=\"54\">280<\/td><td width=\"31\">140<\/td><td width=\"31\">3<\/td><td width=\"78\">4,4<\/td><td width=\"39\">5,5<\/td><td width=\"60\">3<\/td><td width=\"37\">1,8<\/td><\/tr><tr><td width=\"78\">200<\/td><td width=\"39\">280<\/td><td width=\"60\">150<\/td><td width=\"54\">280<\/td><td width=\"31\">150<\/td><td width=\"31\">3<\/td><td width=\"78\">3<\/td><td width=\"39\">6,2<\/td><td width=\"60\">3<\/td><td width=\"37\">1,8<\/td><\/tr><tr><td width=\"78\">225<\/td><td width=\"39\">315<\/td><td width=\"60\">170<\/td><td width=\"54\">315<\/td><td width=\"31\">170<\/td><td width=\"31\">3,5<\/td><td width=\"78\">5,5<\/td><td width=\"39\">6,9<\/td><td width=\"60\">3,5<\/td><td width=\"37\">1,8<\/td><\/tr><tr><td width=\"78\">250<\/td><td width=\"39\">355<\/td><td width=\"60\">180<\/td><td width=\"54\">355<\/td><td width=\"31\">180<\/td><td width=\"31\">3,5<\/td><td width=\"78\">3,5<\/td><td width=\"39\">6,2<\/td><td width=\"60\">3,5<\/td><td width=\"37\">2<\/td><\/tr><tr><td width=\"78\">280<\/td><td width=\"39\">400<\/td><td width=\"60\">190<\/td><td width=\"54\">400<\/td><td width=\"31\">190<\/td><td width=\"31\">3,5<\/td><td width=\"78\">6,9<\/td><td width=\"39\">8,6<\/td><td width=\"60\">3,5<\/td><td width=\"37\">2,3<\/td><\/tr><tr><td width=\"78\">315<\/td><td width=\"39\">400<\/td><td width=\"60\">210<\/td><td width=\"54\">400<\/td><td width=\"31\">210<\/td><td width=\"31\">5<\/td><td width=\"78\">5<\/td><td width=\"39\">7,7<\/td><td width=\"60\">5<\/td><td width=\"37\">2,5<\/td><\/tr><tr><td width=\"78\">355<\/td><td width=\"39\">450<\/td><td width=\"60\">220<\/td><td width=\"54\">450<\/td><td width=\"31\">220<\/td><td width=\"31\">5<\/td><td width=\"78\">5<\/td><td width=\"39\">10,9<\/td><td width=\"60\">5<\/td><td width=\"37\">2,9<\/td><\/tr><tr><td width=\"78\">400<\/td><td width=\"39\">500<\/td><td width=\"60\">250<\/td><td width=\"54\">500<\/td><td width=\"31\">250<\/td><td width=\"31\">6<\/td><td width=\"78\">6<\/td><td width=\"39\">12,3<\/td><td width=\"60\">6<\/td><td width=\"37\">3,2<\/td><\/tr><tr><td width=\"78\">450<\/td><td width=\"39\">560<\/td><td width=\"60\">250<\/td><td width=\"54\">560<\/td><td width=\"31\">250<\/td><td width=\"31\">5<\/td><td width=\"78\">5<\/td><td width=\"39\">5<\/td><td width=\"60\">5<\/td><td width=\"37\">3,6<\/td><\/tr><tr><td width=\"78\">500<\/td><td width=\"39\">610<\/td><td width=\"60\">315<\/td><td width=\"54\">610<\/td><td width=\"31\">315<\/td><td width=\"31\">5<\/td><td width=\"78\">5<\/td><td width=\"39\">5<\/td><td width=\"60\">5<\/td><td width=\"37\">4<\/td><\/tr><tr><td width=\"78\">560<\/td><td width=\"39\">&#8211;<\/td><td width=\"60\">&#8211;<\/td><td width=\"54\">660<\/td><td width=\"31\">315<\/td><td width=\"31\">6<\/td><td width=\"78\">6<\/td><td width=\"39\">6<\/td><td width=\"60\">6<\/td><td width=\"37\">&#8211;<\/td><\/tr><tr><td width=\"78\">600<\/td><td width=\"39\">710<\/td><td width=\"60\">315<\/td><td width=\"54\">710<\/td><td width=\"31\">315<\/td><td width=\"31\">6<\/td><td width=\"78\">6<\/td><td width=\"39\">6<\/td><td width=\"60\">6<\/td><td width=\"37\">5<\/td><\/tr><tr><td width=\"78\">630<\/td><td width=\"39\">&#8211;<\/td><td width=\"60\">&#8211;<\/td><td width=\"54\">760<\/td><td width=\"31\">315<\/td><td width=\"31\">6<\/td><td width=\"78\">6<\/td><td width=\"39\">6<\/td><td width=\"60\">6<\/td><td width=\"37\">&#8211;<\/td><\/tr><tr><td width=\"78\">700<\/td><td width=\"39\">810<\/td><td width=\"60\">315<\/td><td width=\"54\">810<\/td><td width=\"31\">315<\/td><td width=\"31\">6<\/td><td width=\"78\">6<\/td><td width=\"39\">6<\/td><td width=\"60\">6<\/td><td width=\"37\">6<\/td><\/tr><tr><td width=\"78\">710<\/td><td width=\"39\">&#8211;<\/td><td width=\"60\">&#8211;<\/td><td width=\"54\">810<\/td><td width=\"31\">315<\/td><td width=\"31\">6<\/td><td width=\"78\">6<\/td><td width=\"39\">6<\/td><td width=\"60\">6<\/td><td width=\"37\">&#8211;<\/td><\/tr><tr><td width=\"78\">800<\/td><td width=\"39\">916<\/td><td width=\"60\">400<\/td><td width=\"54\">916<\/td><td width=\"31\">400<\/td><td width=\"31\">8<\/td><td width=\"78\">8<\/td><td width=\"39\">8<\/td><td width=\"60\">8<\/td><td width=\"37\">8<\/td><\/tr><tr><td width=\"78\">900<\/td><td width=\"39\">1016<\/td><td width=\"60\">400<\/td><td width=\"54\">1016<\/td><td width=\"31\">400<\/td><td width=\"31\">8<\/td><td width=\"78\">8<\/td><td width=\"39\">8<\/td><td width=\"60\">8<\/td><td width=\"37\">8<\/td><\/tr><tr><td width=\"78\">1000<\/td><td width=\"39\">1116<\/td><td width=\"60\">400<\/td><td width=\"54\">1116<\/td><td width=\"31\">400<\/td><td width=\"31\">10<\/td><td width=\"78\">10<\/td><td width=\"39\">10<\/td><td width=\"60\">10<\/td><td width=\"37\">10<\/td><\/tr><tr><td width=\"78\">1200<\/td><td width=\"39\">1320<\/td><td width=\"60\">400<\/td><td width=\"54\">1320<\/td><td width=\"31\">400<\/td><td width=\"31\">12<\/td><td width=\"78\">12<\/td><td width=\"39\">12<\/td><td width=\"60\">12<\/td><td width=\"37\">12<\/td><\/tr><tr><td width=\"78\">1250<\/td><td width=\"39\">1370<\/td><td width=\"60\">400<\/td><td width=\"54\">1370<\/td><td width=\"31\">400<\/td><td width=\"31\">12<\/td><td width=\"78\">12<\/td><td width=\"39\">12<\/td><td width=\"60\">12<\/td><td width=\"37\">12<\/td><\/tr><\/tbody><\/table>\t\t\t\t\t\t\t\t<\/div>\n\t\t\t\t<\/div>\n\t\t\t\t\t<\/div>\n\t\t<\/div>\n\t\t\t\t<div class=\"elementor-column elementor-col-50 elementor-inner-column elementor-element elementor-element-97bb919\" data-id=\"97bb919\" data-element_type=\"column\" data-e-type=\"column\">\n\t\t\t<div class=\"elementor-widget-wrap elementor-element-populated\">\n\t\t\t\t\t\t<div class=\"elementor-element elementor-element-1a349e7 elementor-widget elementor-widget-image\" data-id=\"1a349e7\" data-element_type=\"widget\" data-e-type=\"widget\" data-widget_type=\"image.default\">\n\t\t\t\t<div class=\"elementor-widget-container\">\n\t\t\t\t\t\t\t\t\t\t\t\t<figure class=\"wp-caption\">\n\t\t\t\t\t\t\t\t\t\t<img loading=\"lazy\" decoding=\"async\" width=\"214\" height=\"300\" src=\"https:\/\/www.akuplastics.com\/wp-content\/uploads\/2025\/10\/Reinigungsoeffnung-PVC-U-PPs-PPs-EL-PP-H-PE-HD-PVDF-214x300.webp\" class=\"attachment-medium size-medium wp-image-30744\" alt=\"Tiszt\u00edt\u00f3ny\u00edl\u00e1s PVC-U PPs PPs-EL PP-H PE-HD PVDF\" srcset=\"https:\/\/www.akuplastics.com\/wp-content\/uploads\/2025\/10\/Reinigungsoeffnung-PVC-U-PPs-PPs-EL-PP-H-PE-HD-PVDF-214x300.webp 214w, https:\/\/www.akuplastics.com\/wp-content\/uploads\/2025\/10\/Reinigungsoeffnung-PVC-U-PPs-PPs-EL-PP-H-PE-HD-PVDF.webp 500w\" sizes=\"auto, (max-width: 214px) 100vw, 214px\" \/>\t\t\t\t\t\t\t\t\t\t\t<figcaption class=\"widget-image-caption wp-caption-text\">Tiszt\u00edt\u00f3ny\u00edl\u00e1s PVC-U PPs PPs-EL PP-H PE-HD PVDF<\/figcaption>\n\t\t\t\t\t\t\t\t\t\t<\/figure>\n\t\t\t\t\t\t\t\t\t<\/div>\n\t\t\t\t<\/div>\n\t\t\t\t\t<\/div>\n\t\t<\/div>\n\t\t\t\t\t<\/div>\n\t\t<\/section>\n\t\t\t\t\t<\/div>\n\t\t<\/div>\n\t\t\t\t\t<\/div>\n\t\t<\/section>\n\t\t\t\t<\/div>\n\t\t","protected":false},"excerpt":{"rendered":"<p>Tiszt\u00edt\u00f3ny\u00edl\u00e1s PVC-U PPs PPs-EL PP-H PE-HD PVDF Kerek m\u0171anyag tiszt\u00edt\u00f3ny\u00edl\u00e1s idom, bels\u0151 \u00fctk\u00f6z\u0151vel, cs\u00f6vek hegeszt\u00e9si elj\u00e1r\u00e1ssal t\u00f6rt\u00e9n\u0151 \u00f6sszek\u00f6t\u00e9s\u00e9re elsz\u00edv\u00f3rendszerben. Kimenet csavaros fed\u00e9llel, tiszt\u00edt\u00f3ny\u00edl\u00e1sk\u00e9nt. A tok bels\u0151 \u00e1tm\u00e9r\u0151je a DIN 8062 szabv\u00e1ny szerint. Gy\u00e1rt\u00e1si elj\u00e1r\u00e1s: f\u00e9lgy\u00e1rtm\u00e1nyokb\u00f3l k\u00e9sz\u00fcl. Lehets\u00e9ges negat\u00edv t\u00falnyom\u00e1s k\u00e9r\u00e9sre, mechanikai, k\u00e9miai \u00e9s termikus terhel\u00e9s ut\u00e1n. PVC PE-HD\/PP-H\/PPs\/PP-EL-s\/PVDF s\u0151 falvastags\u00e1ga \u00d8 D1 H D1 H [&hellip;]<\/p>\n","protected":false},"author":3,"featured_media":30744,"parent":0,"menu_order":1,"comment_status":"closed","ping_status":"closed","template":"","meta":{"iawp_total_views":1,"footnotes":""},"class_list":["post-30891","page","type-page","status-publish","has-post-thumbnail","hentry"],"yoast_head":"<!-- This site is optimized with the Yoast SEO Premium plugin v27.4 (Yoast SEO v27.5) - https:\/\/yoast.com\/product\/yoast-seo-premium-wordpress\/ -->\n<title>Tiszt\u00edt\u00f3ny\u00edl\u00e1s PVC-U PPs PPs-EL PP-H PE-HD PVDF<\/title>\n<meta name=\"description\" content=\"Kerek m\u0171anyag tiszt\u00edt\u00f3ny\u00edl\u00e1s idom, bels\u0151 \u00fctk\u00f6z\u0151vel, cs\u00f6vek hegeszt\u00e9si elj\u00e1r\u00e1ssal t\u00f6rt\u00e9n\u0151 \u00f6sszek\u00f6t\u00e9s\u00e9re elsz\u00edv\u00f3rendszerben. A kimenet csavaros fed\u00e9llel van ell\u00e1tva, tiszt\u00edt\u00f3ny\u00edl\u00e1sk\u00e9nt funkcion\u00e1l. A tok bels\u0151 \u00e1tm\u00e9r\u0151je a DIN 8062 szabv\u00e1ny szerint. Gy\u00e1rt\u00e1si elj\u00e1r\u00e1s: f\u00e9lgy\u00e1rtm\u00e1nyokb\u00f3l k\u00e9sz\u00fcl.\" \/>\n<meta name=\"robots\" content=\"index, follow, max-snippet:-1, max-image-preview:large, max-video-preview:-1\" \/>\n<link rel=\"canonical\" href=\"https:\/\/www.akuplastics.com\/hu\/tisztitonyilas-2\/\" \/>\n<script type=\"application\/ld+json\" class=\"yoast-schema-graph\">{\"@context\":\"https:\\\/\\\/schema.org\",\"@graph\":[{\"@type\":\"WebPage\",\"@id\":\"https:\\\/\\\/www.akuplastics.com\\\/hu\\\/tisztitonyilas-2\\\/\",\"url\":\"https:\\\/\\\/www.akuplastics.com\\\/hu\\\/tisztitonyilas-2\\\/\",\"name\":\"Tiszt\u00edt\u00f3ny\u00edl\u00e1s PVC-U PPs PPs-EL PP-H PE-HD PVDF\",\"isPartOf\":{\"@id\":\"https:\\\/\\\/www.akuplastics.com\\\/hu\\\/#website\"},\"primaryImageOfPage\":{\"@id\":\"https:\\\/\\\/www.akuplastics.com\\\/hu\\\/tisztitonyilas-2\\\/#primaryimage\"},\"image\":{\"@id\":\"https:\\\/\\\/www.akuplastics.com\\\/hu\\\/tisztitonyilas-2\\\/#primaryimage\"},\"thumbnailUrl\":\"https:\\\/\\\/www.akuplastics.com\\\/wp-content\\\/uploads\\\/2025\\\/10\\\/Reinigungsoeffnung-PVC-U-PPs-PPs-EL-PP-H-PE-HD-PVDF.webp\",\"datePublished\":\"2025-10-29T09:54:24+00:00\",\"dateModified\":\"2025-10-29T10:40:38+00:00\",\"description\":\"Kerek m\u0171anyag tiszt\u00edt\u00f3ny\u00edl\u00e1s idom, bels\u0151 \u00fctk\u00f6z\u0151vel, cs\u00f6vek hegeszt\u00e9si elj\u00e1r\u00e1ssal t\u00f6rt\u00e9n\u0151 \u00f6sszek\u00f6t\u00e9s\u00e9re elsz\u00edv\u00f3rendszerben. A kimenet csavaros fed\u00e9llel van ell\u00e1tva, tiszt\u00edt\u00f3ny\u00edl\u00e1sk\u00e9nt funkcion\u00e1l. A tok bels\u0151 \u00e1tm\u00e9r\u0151je a DIN 8062 szabv\u00e1ny szerint. Gy\u00e1rt\u00e1si elj\u00e1r\u00e1s: f\u00e9lgy\u00e1rtm\u00e1nyokb\u00f3l k\u00e9sz\u00fcl.\",\"breadcrumb\":{\"@id\":\"https:\\\/\\\/www.akuplastics.com\\\/hu\\\/tisztitonyilas-2\\\/#breadcrumb\"},\"inLanguage\":\"hu\",\"potentialAction\":[{\"@type\":\"ReadAction\",\"target\":[\"https:\\\/\\\/www.akuplastics.com\\\/hu\\\/tisztitonyilas-2\\\/\"]}]},{\"@type\":\"ImageObject\",\"inLanguage\":\"hu\",\"@id\":\"https:\\\/\\\/www.akuplastics.com\\\/hu\\\/tisztitonyilas-2\\\/#primaryimage\",\"url\":\"https:\\\/\\\/www.akuplastics.com\\\/wp-content\\\/uploads\\\/2025\\\/10\\\/Reinigungsoeffnung-PVC-U-PPs-PPs-EL-PP-H-PE-HD-PVDF.webp\",\"contentUrl\":\"https:\\\/\\\/www.akuplastics.com\\\/wp-content\\\/uploads\\\/2025\\\/10\\\/Reinigungsoeffnung-PVC-U-PPs-PPs-EL-PP-H-PE-HD-PVDF.webp\",\"width\":500,\"height\":702,\"caption\":\"Tiszt\u00edt\u00f3ny\u00edl\u00e1s PVC-U PPs PPs-EL PP-H PE-HD PVDF\"},{\"@type\":\"BreadcrumbList\",\"@id\":\"https:\\\/\\\/www.akuplastics.com\\\/hu\\\/tisztitonyilas-2\\\/#breadcrumb\",\"itemListElement\":[{\"@type\":\"ListItem\",\"position\":1,\"name\":\"Kezd\u0151lap\",\"item\":\"https:\\\/\\\/www.akuplastics.com\\\/hu\\\/\"},{\"@type\":\"ListItem\",\"position\":2,\"name\":\"Tiszt\u00edt\u00f3ny\u00edl\u00e1s\"}]},{\"@type\":\"WebSite\",\"@id\":\"https:\\\/\\\/www.akuplastics.com\\\/hu\\\/#website\",\"url\":\"https:\\\/\\\/www.akuplastics.com\\\/hu\\\/\",\"name\":\"Semi-Finished Products \u2013 Finished Parts \u2013 Ventilation Moulded Parts \u2013 Machines\",\"description\":\"Halbzeuge, Halbfabrikate, Kunststoffhalbzeuge, Kunststoffhalbfabrikate\",\"publisher\":{\"@id\":\"https:\\\/\\\/www.akuplastics.com\\\/hu\\\/#organization\"},\"alternateName\":\"AKUPLASTICS \u2013 Engineering in Plastics\",\"potentialAction\":[{\"@type\":\"SearchAction\",\"target\":{\"@type\":\"EntryPoint\",\"urlTemplate\":\"https:\\\/\\\/www.akuplastics.com\\\/hu\\\/?s={search_term_string}\"},\"query-input\":{\"@type\":\"PropertyValueSpecification\",\"valueRequired\":true,\"valueName\":\"search_term_string\"}}],\"inLanguage\":\"hu\"},{\"@type\":\"Organization\",\"@id\":\"https:\\\/\\\/www.akuplastics.com\\\/hu\\\/#organization\",\"name\":\"Ing. Christian Ahlborn e.U.\",\"alternateName\":\"AKU\",\"url\":\"https:\\\/\\\/www.akuplastics.com\\\/hu\\\/\",\"logo\":{\"@type\":\"ImageObject\",\"inLanguage\":\"hu\",\"@id\":\"https:\\\/\\\/www.akuplastics.com\\\/hu\\\/#\\\/schema\\\/logo\\\/image\\\/\",\"url\":\"https:\\\/\\\/www.akuplastics.com\\\/wp-content\\\/uploads\\\/2020\\\/07\\\/Grafik14-inkl-r.png\",\"contentUrl\":\"https:\\\/\\\/www.akuplastics.com\\\/wp-content\\\/uploads\\\/2020\\\/07\\\/Grafik14-inkl-r.png\",\"width\":1994,\"height\":743,\"caption\":\"Ing. Christian Ahlborn e.U.\"},\"image\":{\"@id\":\"https:\\\/\\\/www.akuplastics.com\\\/hu\\\/#\\\/schema\\\/logo\\\/image\\\/\"}}]}<\/script>\n<!-- \/ Yoast SEO Premium plugin. -->","yoast_head_json":{"title":"Tiszt\u00edt\u00f3ny\u00edl\u00e1s PVC-U PPs PPs-EL PP-H PE-HD PVDF","description":"Kerek m\u0171anyag tiszt\u00edt\u00f3ny\u00edl\u00e1s idom, bels\u0151 \u00fctk\u00f6z\u0151vel, cs\u00f6vek hegeszt\u00e9si elj\u00e1r\u00e1ssal t\u00f6rt\u00e9n\u0151 \u00f6sszek\u00f6t\u00e9s\u00e9re elsz\u00edv\u00f3rendszerben. A kimenet csavaros fed\u00e9llel van ell\u00e1tva, tiszt\u00edt\u00f3ny\u00edl\u00e1sk\u00e9nt funkcion\u00e1l. A tok bels\u0151 \u00e1tm\u00e9r\u0151je a DIN 8062 szabv\u00e1ny szerint. Gy\u00e1rt\u00e1si elj\u00e1r\u00e1s: f\u00e9lgy\u00e1rtm\u00e1nyokb\u00f3l k\u00e9sz\u00fcl.","robots":{"index":"index","follow":"follow","max-snippet":"max-snippet:-1","max-image-preview":"max-image-preview:large","max-video-preview":"max-video-preview:-1"},"canonical":"https:\/\/www.akuplastics.com\/hu\/tisztitonyilas-2\/","schema":{"@context":"https:\/\/schema.org","@graph":[{"@type":"WebPage","@id":"https:\/\/www.akuplastics.com\/hu\/tisztitonyilas-2\/","url":"https:\/\/www.akuplastics.com\/hu\/tisztitonyilas-2\/","name":"Tiszt\u00edt\u00f3ny\u00edl\u00e1s PVC-U PPs PPs-EL PP-H PE-HD PVDF","isPartOf":{"@id":"https:\/\/www.akuplastics.com\/hu\/#website"},"primaryImageOfPage":{"@id":"https:\/\/www.akuplastics.com\/hu\/tisztitonyilas-2\/#primaryimage"},"image":{"@id":"https:\/\/www.akuplastics.com\/hu\/tisztitonyilas-2\/#primaryimage"},"thumbnailUrl":"https:\/\/www.akuplastics.com\/wp-content\/uploads\/2025\/10\/Reinigungsoeffnung-PVC-U-PPs-PPs-EL-PP-H-PE-HD-PVDF.webp","datePublished":"2025-10-29T09:54:24+00:00","dateModified":"2025-10-29T10:40:38+00:00","description":"Kerek m\u0171anyag tiszt\u00edt\u00f3ny\u00edl\u00e1s idom, bels\u0151 \u00fctk\u00f6z\u0151vel, cs\u00f6vek hegeszt\u00e9si elj\u00e1r\u00e1ssal t\u00f6rt\u00e9n\u0151 \u00f6sszek\u00f6t\u00e9s\u00e9re elsz\u00edv\u00f3rendszerben. A kimenet csavaros fed\u00e9llel van ell\u00e1tva, tiszt\u00edt\u00f3ny\u00edl\u00e1sk\u00e9nt funkcion\u00e1l. A tok bels\u0151 \u00e1tm\u00e9r\u0151je a DIN 8062 szabv\u00e1ny szerint. Gy\u00e1rt\u00e1si elj\u00e1r\u00e1s: f\u00e9lgy\u00e1rtm\u00e1nyokb\u00f3l k\u00e9sz\u00fcl.","breadcrumb":{"@id":"https:\/\/www.akuplastics.com\/hu\/tisztitonyilas-2\/#breadcrumb"},"inLanguage":"hu","potentialAction":[{"@type":"ReadAction","target":["https:\/\/www.akuplastics.com\/hu\/tisztitonyilas-2\/"]}]},{"@type":"ImageObject","inLanguage":"hu","@id":"https:\/\/www.akuplastics.com\/hu\/tisztitonyilas-2\/#primaryimage","url":"https:\/\/www.akuplastics.com\/wp-content\/uploads\/2025\/10\/Reinigungsoeffnung-PVC-U-PPs-PPs-EL-PP-H-PE-HD-PVDF.webp","contentUrl":"https:\/\/www.akuplastics.com\/wp-content\/uploads\/2025\/10\/Reinigungsoeffnung-PVC-U-PPs-PPs-EL-PP-H-PE-HD-PVDF.webp","width":500,"height":702,"caption":"Tiszt\u00edt\u00f3ny\u00edl\u00e1s PVC-U PPs PPs-EL PP-H PE-HD PVDF"},{"@type":"BreadcrumbList","@id":"https:\/\/www.akuplastics.com\/hu\/tisztitonyilas-2\/#breadcrumb","itemListElement":[{"@type":"ListItem","position":1,"name":"Kezd\u0151lap","item":"https:\/\/www.akuplastics.com\/hu\/"},{"@type":"ListItem","position":2,"name":"Tiszt\u00edt\u00f3ny\u00edl\u00e1s"}]},{"@type":"WebSite","@id":"https:\/\/www.akuplastics.com\/hu\/#website","url":"https:\/\/www.akuplastics.com\/hu\/","name":"Semi-Finished Products \u2013 Finished Parts \u2013 Ventilation Moulded Parts \u2013 Machines","description":"Halbzeuge, Halbfabrikate, Kunststoffhalbzeuge, Kunststoffhalbfabrikate","publisher":{"@id":"https:\/\/www.akuplastics.com\/hu\/#organization"},"alternateName":"AKUPLASTICS \u2013 Engineering in Plastics","potentialAction":[{"@type":"SearchAction","target":{"@type":"EntryPoint","urlTemplate":"https:\/\/www.akuplastics.com\/hu\/?s={search_term_string}"},"query-input":{"@type":"PropertyValueSpecification","valueRequired":true,"valueName":"search_term_string"}}],"inLanguage":"hu"},{"@type":"Organization","@id":"https:\/\/www.akuplastics.com\/hu\/#organization","name":"Ing. Christian Ahlborn e.U.","alternateName":"AKU","url":"https:\/\/www.akuplastics.com\/hu\/","logo":{"@type":"ImageObject","inLanguage":"hu","@id":"https:\/\/www.akuplastics.com\/hu\/#\/schema\/logo\/image\/","url":"https:\/\/www.akuplastics.com\/wp-content\/uploads\/2020\/07\/Grafik14-inkl-r.png","contentUrl":"https:\/\/www.akuplastics.com\/wp-content\/uploads\/2020\/07\/Grafik14-inkl-r.png","width":1994,"height":743,"caption":"Ing. Christian Ahlborn e.U."},"image":{"@id":"https:\/\/www.akuplastics.com\/hu\/#\/schema\/logo\/image\/"}}]}},"_links":{"self":[{"href":"https:\/\/www.akuplastics.com\/hu\/wp-json\/wp\/v2\/pages\/30891","targetHints":{"allow":["GET"]}}],"collection":[{"href":"https:\/\/www.akuplastics.com\/hu\/wp-json\/wp\/v2\/pages"}],"about":[{"href":"https:\/\/www.akuplastics.com\/hu\/wp-json\/wp\/v2\/types\/page"}],"author":[{"embeddable":true,"href":"https:\/\/www.akuplastics.com\/hu\/wp-json\/wp\/v2\/users\/3"}],"replies":[{"embeddable":true,"href":"https:\/\/www.akuplastics.com\/hu\/wp-json\/wp\/v2\/comments?post=30891"}],"version-history":[{"count":2,"href":"https:\/\/www.akuplastics.com\/hu\/wp-json\/wp\/v2\/pages\/30891\/revisions"}],"predecessor-version":[{"id":30906,"href":"https:\/\/www.akuplastics.com\/hu\/wp-json\/wp\/v2\/pages\/30891\/revisions\/30906"}],"wp:featuredmedia":[{"embeddable":true,"href":"https:\/\/www.akuplastics.com\/hu\/wp-json\/wp\/v2\/media\/30744"}],"wp:attachment":[{"href":"https:\/\/www.akuplastics.com\/hu\/wp-json\/wp\/v2\/media?parent=30891"}],"curies":[{"name":"wp","href":"https:\/\/api.w.org\/{rel}","templated":true}]}}