{"id":30844,"date":"2025-10-29T10:47:30","date_gmt":"2025-10-29T09:47:30","guid":{"rendered":"https:\/\/www.akuplastics.com\/madarvedo-racs-30-ban-ferditett\/"},"modified":"2025-10-29T11:40:12","modified_gmt":"2025-10-29T10:40:12","slug":"madarvedo-racs-30-ban-ferditett","status":"publish","type":"page","link":"https:\/\/www.akuplastics.com\/hu\/madarvedo-racs-30-ban-ferditett\/","title":{"rendered":"Mad\u00e1rv\u00e9d\u0151 r\u00e1cs 30\u00b0-ban ferd\u00edtett"},"content":{"rendered":"\t\t<div data-elementor-type=\"wp-page\" data-elementor-id=\"30844\" class=\"elementor elementor-30844 elementor-30472\" data-elementor-post-type=\"page\">\n\t\t\t\t\t\t<section class=\"elementor-section elementor-top-section elementor-element elementor-element-6025abb3 elementor-section-full_width elementor-section-height-default elementor-section-height-default\" data-id=\"6025abb3\" data-element_type=\"section\" data-e-type=\"section\" data-settings=\"{&quot;background_background&quot;:&quot;gradient&quot;}\">\n\t\t\t\t\t\t<div class=\"elementor-container elementor-column-gap-default\">\n\t\t\t\t\t<div class=\"elementor-column elementor-col-100 elementor-top-column elementor-element elementor-element-c978d9b\" data-id=\"c978d9b\" data-element_type=\"column\" data-e-type=\"column\">\n\t\t\t<div class=\"elementor-widget-wrap elementor-element-populated\">\n\t\t\t\t\t\t<section class=\"elementor-section elementor-inner-section elementor-element elementor-element-1ead80f elementor-section-boxed elementor-section-height-default elementor-section-height-default\" data-id=\"1ead80f\" data-element_type=\"section\" data-e-type=\"section\">\n\t\t\t\t\t\t<div class=\"elementor-container elementor-column-gap-default\">\n\t\t\t\t\t<div class=\"elementor-column elementor-col-100 elementor-inner-column elementor-element elementor-element-97f2d40\" data-id=\"97f2d40\" data-element_type=\"column\" data-e-type=\"column\">\n\t\t\t<div class=\"elementor-widget-wrap elementor-element-populated\">\n\t\t\t\t\t\t<div class=\"elementor-element elementor-element-5288b20 elementor-widget__width-initial elementor-widget elementor-widget-text-editor\" data-id=\"5288b20\" data-element_type=\"widget\" data-e-type=\"widget\" data-widget_type=\"text-editor.default\">\n\t\t\t\t<div class=\"elementor-widget-container\">\n\t\t\t\t\t\t\t\t\t<h1 class=\"csc-firstHeader\" style=\"text-align: left;\">Mad\u00e1rv\u00e9d\u0151 r\u00e1cs 30\u00b0-ban ferd\u00edtett PVC-U, PPs, PPs-EL, PP-H, PE-HD, PVDF anyagb\u00f3l<\/h1>\t\t\t\t\t\t\t\t<\/div>\n\t\t\t\t<\/div>\n\t\t\t\t<div class=\"elementor-element elementor-element-843282f elementor-widget__width-initial elementor-widget elementor-widget-text-editor\" data-id=\"843282f\" data-element_type=\"widget\" data-e-type=\"widget\" data-widget_type=\"text-editor.default\">\n\t\t\t\t<div class=\"elementor-widget-container\">\n\t\t\t\t\t\t\t\t\t<p style=\"text-align: left;\">Mad\u00e1rv\u00e9d\u0151 r\u00e1cs, teljesen m\u0171anyag. Kerek m\u0171anyag idom cs\u00f6vek hegeszt\u00e9si elj\u00e1r\u00e1ssal t\u00f6rt\u00e9n\u0151 \u00f6sszek\u00f6t\u00e9s\u00e9re elsz\u00edv\u00f3rendszerben.<\/p><p style=\"text-align: left;\">Teljesen m\u0171anyag mad\u00e1rv\u00e9d\u0151 r\u00e1csk\u00e9nt, 30\u00b0-ban ferd\u00edtve, behegesztett, teljesen m\u0171anyag v\u00e9d\u0151r\u00e1ccsal<\/p><p style=\"text-align: left;\">A tok bels\u0151 \u00e1tm\u00e9r\u0151je a DIN 8062 szabv\u00e1ny szerint.<\/p><p style=\"text-align: left;\">Gy\u00e1rt\u00e1si elj\u00e1r\u00e1s: \u00d8 50 \u00e9s 315 mm k\u00f6z\u00f6tt fr\u00f6ccs\u00f6nt\u00e9ssel, \u00d8 355 mm-t\u0151l f\u00e9lk\u00e9sz term\u00e9kekb\u0151l gy\u00e1rtva. <\/p>\t\t\t\t\t\t\t\t<\/div>\n\t\t\t\t<\/div>\n\t\t\t\t<div class=\"elementor-element elementor-element-b534910 elementor-widget__width-initial elementor-widget elementor-widget-text-editor\" data-id=\"b534910\" data-element_type=\"widget\" data-e-type=\"widget\" data-widget_type=\"text-editor.default\">\n\t\t\t\t<div class=\"elementor-widget-container\">\n\t\t\t\t\t\t\t\t\t<p style=\"text-align: left;\"> <\/p><p style=\"text-align: left;\">Lehets\u00e9ges negat\u00edv t\u00falnyom\u00e1s k\u00e9r\u00e9sre, mechanikai, k\u00e9miai \u00e9s termikus terhel\u00e9s ut\u00e1n.<\/p>\t\t\t\t\t\t\t\t<\/div>\n\t\t\t\t<\/div>\n\t\t\t\t<div class=\"elementor-element elementor-element-5a28bf2 elementor-widget__width-initial elementor-widget elementor-widget-text-editor\" data-id=\"5a28bf2\" data-element_type=\"widget\" data-e-type=\"widget\" data-widget_type=\"text-editor.default\">\n\t\t\t\t<div class=\"elementor-widget-container\">\n\t\t\t\t\t\t\t\t\t<table width=\"640\"><tbody><tr> <td width=\"80\"> <\/td><td colspan=\"2\" width=\"160\">PVC<\/td><td width=\"80\">PE-HD\/PP-H\/PPs\/PP-EL-s\/PVDF<\/td><td colspan=\"4\" width=\"320\">s\u0151 falvastags\u00e1ga<\/td><\/tr><tr><td width=\"80\">\u00d8<\/td><td width=\"80\">L<\/td><td width=\"80\">s<\/td><td width=\"80\">L<\/td><td width=\"80\">PPS<\/td><td width=\"80\">PP-H<\/td><td width=\"80\">PE-HD<\/td><td width=\"80\">PP-el-s<\/td><\/tr><tr><td width=\"80\">75<\/td><td width=\"80\">100<\/td><td width=\"80\">1,8<\/td><td width=\"80\">100<\/td><td width=\"80\">3<\/td><td width=\"80\">1,9<\/td><td width=\"80\">4,5<\/td><td width=\"80\">3<\/td><\/tr><tr><td width=\"80\">90<\/td><td width=\"80\">100<\/td><td width=\"80\">1,8<\/td><td width=\"80\">100<\/td><td width=\"80\">3<\/td><td width=\"80\">2,2<\/td><td width=\"80\">5,4<\/td><td width=\"80\">3<\/td><\/tr><tr><td width=\"80\">110<\/td><td width=\"80\">100<\/td><td width=\"80\">1,8<\/td><td width=\"80\">100<\/td><td width=\"80\">3<\/td><td width=\"80\">2,7<\/td><td width=\"80\">3,4<\/td><td width=\"80\">3<\/td><\/tr><tr><td width=\"80\">125<\/td><td width=\"80\">100<\/td><td width=\"80\">1,8<\/td><td width=\"80\">100<\/td><td width=\"80\">3<\/td><td width=\"80\">3,1<\/td><td width=\"80\">3,9<\/td><td width=\"80\">3<\/td><\/tr><tr><td width=\"80\">140<\/td><td width=\"80\">100<\/td><td width=\"80\">1,8<\/td><td width=\"80\">100<\/td><td width=\"80\">3<\/td><td width=\"80\">3,5<\/td><td width=\"80\">4,3<\/td><td width=\"80\">3<\/td><\/tr><tr><td width=\"80\">160<\/td><td width=\"80\">100<\/td><td width=\"80\">1,8<\/td><td width=\"80\">100<\/td><td width=\"80\">3<\/td><td width=\"80\">4<\/td><td width=\"80\">4<\/td><td width=\"80\">3<\/td><\/tr><tr><td width=\"80\">180<\/td><td width=\"80\">150<\/td><td width=\"80\">1,8<\/td><td width=\"80\">150<\/td><td width=\"80\">3<\/td><td width=\"80\">4,4<\/td><td width=\"80\">5,5<\/td><td width=\"80\">3<\/td><\/tr><tr><td width=\"80\">200<\/td><td width=\"80\">150<\/td><td width=\"80\">1,8<\/td><td width=\"80\">150<\/td><td width=\"80\">3<\/td><td width=\"80\">3<\/td><td width=\"80\">6,2<\/td><td width=\"80\">3<\/td><\/tr><tr><td width=\"80\">225<\/td><td width=\"80\">150<\/td><td width=\"80\">1,8<\/td><td width=\"80\">150<\/td><td width=\"80\">3,5<\/td><td width=\"80\">5,5<\/td><td width=\"80\">6,9<\/td><td width=\"80\">3,5<\/td><\/tr><tr><td width=\"80\">250<\/td><td width=\"80\">150<\/td><td width=\"80\">2<\/td><td width=\"80\">150<\/td><td width=\"80\">3,5<\/td><td width=\"80\">3,5<\/td><td width=\"80\">6,2<\/td><td width=\"80\">3,5<\/td><\/tr><tr><td width=\"80\">280<\/td><td width=\"80\">200<\/td><td width=\"80\">2,3<\/td><td width=\"80\">200<\/td><td width=\"80\">3,5<\/td><td width=\"80\">6,9<\/td><td width=\"80\">8,6<\/td><td width=\"80\">3,5<\/td><\/tr><tr><td width=\"80\">315<\/td><td width=\"80\">200<\/td><td width=\"80\">2,5<\/td><td width=\"80\">200<\/td><td width=\"80\">5<\/td><td width=\"80\">5<\/td><td width=\"80\">7,7<\/td><td width=\"80\">5<\/td><\/tr><tr><td width=\"80\">355<\/td><td width=\"80\">200<\/td><td width=\"80\">2,9<\/td><td width=\"80\">200<\/td><td width=\"80\">5<\/td><td width=\"80\">5<\/td><td width=\"80\">10,9<\/td><td width=\"80\">5<\/td><\/tr><tr><td width=\"80\">400<\/td><td width=\"80\">200<\/td><td width=\"80\">3,2<\/td><td width=\"80\">200<\/td><td width=\"80\">6<\/td><td width=\"80\">6<\/td><td width=\"80\">12,3<\/td><td width=\"80\">6<\/td><\/tr><tr><td width=\"80\">450<\/td><td width=\"80\">250<\/td><td width=\"80\">3,6<\/td><td width=\"80\">250<\/td><td width=\"80\">5<\/td><td width=\"80\">5<\/td><td width=\"80\">5<\/td><td width=\"80\">5<\/td><\/tr><tr><td width=\"80\">500<\/td><td width=\"80\">250<\/td><td width=\"80\">4<\/td><td width=\"80\">250<\/td><td width=\"80\">5<\/td><td width=\"80\">5<\/td><td width=\"80\">5<\/td><td width=\"80\">5<\/td><\/tr><tr><td width=\"80\">560<\/td><td width=\"80\">&#8211;<\/td><td width=\"80\">&#8211;<\/td><td width=\"80\">250<\/td><td width=\"80\">6<\/td><td width=\"80\">6<\/td><td width=\"80\">6<\/td><td width=\"80\">6<\/td><\/tr><tr><td width=\"80\">600<\/td><td width=\"80\">300<\/td><td width=\"80\">5<\/td><td width=\"80\">300<\/td><td width=\"80\">6<\/td><td width=\"80\">6<\/td><td width=\"80\">6<\/td><td width=\"80\">6<\/td><\/tr><tr><td width=\"80\">630<\/td><td width=\"80\">&#8211;<\/td><td width=\"80\">&#8211;<\/td><td width=\"80\">300<\/td><td width=\"80\">6<\/td><td width=\"80\">6<\/td><td width=\"80\">6<\/td><td width=\"80\">6<\/td><\/tr><tr><td width=\"80\">700<\/td><td width=\"80\">350<\/td><td width=\"80\">6<\/td><td width=\"80\">350<\/td><td width=\"80\">6<\/td><td width=\"80\">6<\/td><td width=\"80\">6<\/td><td width=\"80\">6<\/td><\/tr><tr><td width=\"80\">710<\/td><td width=\"80\">&#8211;<\/td><td width=\"80\">&#8211;<\/td><td width=\"80\">350<\/td><td width=\"80\">6<\/td><td width=\"80\">6<\/td><td width=\"80\">6<\/td><td width=\"80\">6<\/td><\/tr><tr><td width=\"80\">800<\/td><td width=\"80\">400<\/td><td width=\"80\">8<\/td><td width=\"80\">400<\/td><td width=\"80\">8<\/td><td width=\"80\">8<\/td><td width=\"80\">8<\/td><td width=\"80\">8<\/td><\/tr><tr><td width=\"80\">900<\/td><td width=\"80\">450<\/td><td width=\"80\">8<\/td><td width=\"80\">450<\/td><td width=\"80\">8<\/td><td width=\"80\">8<\/td><td width=\"80\">8<\/td><td width=\"80\">8<\/td><\/tr><tr><td width=\"80\">1000<\/td><td width=\"80\">500<\/td><td width=\"80\">10<\/td><td width=\"80\">500<\/td><td width=\"80\">10<\/td><td width=\"80\">10<\/td><td width=\"80\">10<\/td><td width=\"80\">10<\/td><\/tr><tr><td width=\"80\">1200<\/td><td width=\"80\">600<\/td><td width=\"80\">12<\/td><td width=\"80\">600<\/td><td width=\"80\">12<\/td><td width=\"80\">12<\/td><td width=\"80\">12<\/td><td width=\"80\">12<\/td><\/tr><tr><td width=\"80\">1250<\/td><td width=\"80\">600<\/td><td width=\"80\">12<\/td><td width=\"80\">600<\/td><td width=\"80\">12<\/td><td width=\"80\">12<\/td><td width=\"80\">12<\/td><td width=\"80\">12<\/td><\/tr><\/tbody><\/table>\t\t\t\t\t\t\t\t<\/div>\n\t\t\t\t<\/div>\n\t\t\t\t\t<\/div>\n\t\t<\/div>\n\t\t\t\t<div class=\"elementor-column elementor-col-50 elementor-inner-column elementor-element elementor-element-97bb919\" data-id=\"97bb919\" data-element_type=\"column\" data-e-type=\"column\">\n\t\t\t<div class=\"elementor-widget-wrap elementor-element-populated\">\n\t\t\t\t\t\t<div class=\"elementor-element elementor-element-1a349e7 elementor-widget elementor-widget-image\" data-id=\"1a349e7\" data-element_type=\"widget\" data-e-type=\"widget\" data-widget_type=\"image.default\">\n\t\t\t\t<div class=\"elementor-widget-container\">\n\t\t\t\t\t\t\t\t\t\t\t\t<figure class=\"wp-caption\">\n\t\t\t\t\t\t\t\t\t\t<img loading=\"lazy\" decoding=\"async\" width=\"214\" height=\"300\" src=\"https:\/\/www.akuplastics.com\/wp-content\/uploads\/2025\/10\/Vogelschutzgitter-30\u00b0-angeschraegt-PVC-U-PPs-PPs-EL-PP-H-PE-HD-PVDF-214x300.webp\" class=\"attachment-medium size-medium wp-image-30740\" alt=\"Mad\u00e1rv\u00e9d\u0151 r\u00e1cs 30\u00b0-ban ferd\u00edtett PVC-U PPs PPs-EL PP-H PE-HD PVDF\" srcset=\"https:\/\/www.akuplastics.com\/wp-content\/uploads\/2025\/10\/Vogelschutzgitter-30\u00b0-angeschraegt-PVC-U-PPs-PPs-EL-PP-H-PE-HD-PVDF-214x300.webp 214w, https:\/\/www.akuplastics.com\/wp-content\/uploads\/2025\/10\/Vogelschutzgitter-30\u00b0-angeschraegt-PVC-U-PPs-PPs-EL-PP-H-PE-HD-PVDF.webp 500w\" sizes=\"auto, (max-width: 214px) 100vw, 214px\" \/>\t\t\t\t\t\t\t\t\t\t\t<figcaption class=\"widget-image-caption wp-caption-text\">Mad\u00e1rv\u00e9d\u0151 r\u00e1cs 30\u00b0-ban ferd\u00edtett PVC-U PPs PPs-EL PP-H PE-HD PVDF<\/figcaption>\n\t\t\t\t\t\t\t\t\t\t<\/figure>\n\t\t\t\t\t\t\t\t\t<\/div>\n\t\t\t\t<\/div>\n\t\t\t\t\t<\/div>\n\t\t<\/div>\n\t\t\t\t\t<\/div>\n\t\t<\/section>\n\t\t\t\t\t<\/div>\n\t\t<\/div>\n\t\t\t\t\t<\/div>\n\t\t<\/section>\n\t\t\t\t<\/div>\n\t\t","protected":false},"excerpt":{"rendered":"<p>Mad\u00e1rv\u00e9d\u0151 r\u00e1cs 30\u00b0-ban ferd\u00edtett PVC-U, PPs, PPs-EL, PP-H, PE-HD, PVDF anyagb\u00f3l Mad\u00e1rv\u00e9d\u0151 r\u00e1cs, teljesen m\u0171anyag. Kerek m\u0171anyag idom cs\u00f6vek hegeszt\u00e9si elj\u00e1r\u00e1ssal t\u00f6rt\u00e9n\u0151 \u00f6sszek\u00f6t\u00e9s\u00e9re elsz\u00edv\u00f3rendszerben. Teljesen m\u0171anyag mad\u00e1rv\u00e9d\u0151 r\u00e1csk\u00e9nt, 30\u00b0-ban ferd\u00edtve, behegesztett, teljesen m\u0171anyag v\u00e9d\u0151r\u00e1ccsal A tok bels\u0151 \u00e1tm\u00e9r\u0151je a DIN 8062 szabv\u00e1ny szerint. Gy\u00e1rt\u00e1si elj\u00e1r\u00e1s: \u00d8 50 \u00e9s 315 mm k\u00f6z\u00f6tt fr\u00f6ccs\u00f6nt\u00e9ssel, \u00d8 355 mm-t\u0151l [&hellip;]<\/p>\n","protected":false},"author":3,"featured_media":30740,"parent":0,"menu_order":1,"comment_status":"closed","ping_status":"closed","template":"","meta":{"iawp_total_views":0,"footnotes":""},"class_list":["post-30844","page","type-page","status-publish","has-post-thumbnail","hentry"],"yoast_head":"<!-- This site is optimized with the Yoast SEO Premium plugin v27.4 (Yoast SEO v27.5) - https:\/\/yoast.com\/product\/yoast-seo-premium-wordpress\/ -->\n<title>Mad\u00e1rv\u00e9d\u0151 r\u00e1cs 30\u00b0-ban ferd\u00edtett PVC-U PPs PPs-EL PP-H PE-HD PVDF<\/title>\n<meta name=\"description\" content=\"Mad\u00e1rv\u00e9d\u0151 r\u00e1cs, teljesen m\u0171anyag. Kerek m\u0171anyag idom cs\u00f6vek hegeszt\u00e9si elj\u00e1r\u00e1ssal t\u00f6rt\u00e9n\u0151 \u00f6sszek\u00f6t\u00e9s\u00e9re elsz\u00edv\u00f3rendszerben. Teljesen m\u0171anyag mad\u00e1rv\u00e9d\u0151 r\u00e1csk\u00e9nt, 30\u00b0-ban ferd\u00edtve, behegesztett, teljesen m\u0171anyag v\u00e9d\u0151r\u00e1ccsal. A karmanty\u00fa bels\u0151 \u00e1tm\u00e9r\u0151je a DIN 8062 szabv\u00e1ny szerint. Gy\u00e1rt\u00e1si elj\u00e1r\u00e1s: \u00d8 50 \u00e9s 315 mm k\u00f6z\u00f6tt fr\u00f6ccs\u00f6nt\u00e9ssel, \u00d8 355 mm-t\u0151l f\u00e9lk\u00e9sz term\u00e9kekb\u0151l gy\u00e1rtva.\" \/>\n<meta name=\"robots\" content=\"index, follow, max-snippet:-1, max-image-preview:large, max-video-preview:-1\" \/>\n<link rel=\"canonical\" href=\"https:\/\/www.akuplastics.com\/hu\/madarvedo-racs-30-ban-ferditett\/\" \/>\n<script type=\"application\/ld+json\" class=\"yoast-schema-graph\">{\"@context\":\"https:\\\/\\\/schema.org\",\"@graph\":[{\"@type\":\"WebPage\",\"@id\":\"https:\\\/\\\/www.akuplastics.com\\\/hu\\\/madarvedo-racs-30-ban-ferditett\\\/\",\"url\":\"https:\\\/\\\/www.akuplastics.com\\\/hu\\\/madarvedo-racs-30-ban-ferditett\\\/\",\"name\":\"Mad\u00e1rv\u00e9d\u0151 r\u00e1cs 30\u00b0-ban ferd\u00edtett PVC-U PPs PPs-EL PP-H PE-HD PVDF\",\"isPartOf\":{\"@id\":\"https:\\\/\\\/www.akuplastics.com\\\/hu\\\/#website\"},\"primaryImageOfPage\":{\"@id\":\"https:\\\/\\\/www.akuplastics.com\\\/hu\\\/madarvedo-racs-30-ban-ferditett\\\/#primaryimage\"},\"image\":{\"@id\":\"https:\\\/\\\/www.akuplastics.com\\\/hu\\\/madarvedo-racs-30-ban-ferditett\\\/#primaryimage\"},\"thumbnailUrl\":\"https:\\\/\\\/www.akuplastics.com\\\/wp-content\\\/uploads\\\/2025\\\/10\\\/Vogelschutzgitter-30\u00b0-angeschraegt-PVC-U-PPs-PPs-EL-PP-H-PE-HD-PVDF.webp\",\"datePublished\":\"2025-10-29T09:47:30+00:00\",\"dateModified\":\"2025-10-29T10:40:12+00:00\",\"description\":\"Mad\u00e1rv\u00e9d\u0151 r\u00e1cs, teljesen m\u0171anyag. Kerek m\u0171anyag idom cs\u00f6vek hegeszt\u00e9si elj\u00e1r\u00e1ssal t\u00f6rt\u00e9n\u0151 \u00f6sszek\u00f6t\u00e9s\u00e9re elsz\u00edv\u00f3rendszerben. Teljesen m\u0171anyag mad\u00e1rv\u00e9d\u0151 r\u00e1csk\u00e9nt, 30\u00b0-ban ferd\u00edtve, behegesztett, teljesen m\u0171anyag v\u00e9d\u0151r\u00e1ccsal. A karmanty\u00fa bels\u0151 \u00e1tm\u00e9r\u0151je a DIN 8062 szabv\u00e1ny szerint. Gy\u00e1rt\u00e1si elj\u00e1r\u00e1s: \u00d8 50 \u00e9s 315 mm k\u00f6z\u00f6tt fr\u00f6ccs\u00f6nt\u00e9ssel, \u00d8 355 mm-t\u0151l f\u00e9lk\u00e9sz term\u00e9kekb\u0151l gy\u00e1rtva.\",\"breadcrumb\":{\"@id\":\"https:\\\/\\\/www.akuplastics.com\\\/hu\\\/madarvedo-racs-30-ban-ferditett\\\/#breadcrumb\"},\"inLanguage\":\"hu\",\"potentialAction\":[{\"@type\":\"ReadAction\",\"target\":[\"https:\\\/\\\/www.akuplastics.com\\\/hu\\\/madarvedo-racs-30-ban-ferditett\\\/\"]}]},{\"@type\":\"ImageObject\",\"inLanguage\":\"hu\",\"@id\":\"https:\\\/\\\/www.akuplastics.com\\\/hu\\\/madarvedo-racs-30-ban-ferditett\\\/#primaryimage\",\"url\":\"https:\\\/\\\/www.akuplastics.com\\\/wp-content\\\/uploads\\\/2025\\\/10\\\/Vogelschutzgitter-30\u00b0-angeschraegt-PVC-U-PPs-PPs-EL-PP-H-PE-HD-PVDF.webp\",\"contentUrl\":\"https:\\\/\\\/www.akuplastics.com\\\/wp-content\\\/uploads\\\/2025\\\/10\\\/Vogelschutzgitter-30\u00b0-angeschraegt-PVC-U-PPs-PPs-EL-PP-H-PE-HD-PVDF.webp\",\"width\":500,\"height\":702,\"caption\":\"Mad\u00e1rv\u00e9d\u0151 r\u00e1cs 30\u00b0-ban ferd\u00edtett PVC-U PPs PPs-EL PP-H PE-HD PVDF\"},{\"@type\":\"BreadcrumbList\",\"@id\":\"https:\\\/\\\/www.akuplastics.com\\\/hu\\\/madarvedo-racs-30-ban-ferditett\\\/#breadcrumb\",\"itemListElement\":[{\"@type\":\"ListItem\",\"position\":1,\"name\":\"Kezd\u0151lap\",\"item\":\"https:\\\/\\\/www.akuplastics.com\\\/hu\\\/\"},{\"@type\":\"ListItem\",\"position\":2,\"name\":\"Mad\u00e1rv\u00e9d\u0151 r\u00e1cs 30\u00b0-ban ferd\u00edtett\"}]},{\"@type\":\"WebSite\",\"@id\":\"https:\\\/\\\/www.akuplastics.com\\\/hu\\\/#website\",\"url\":\"https:\\\/\\\/www.akuplastics.com\\\/hu\\\/\",\"name\":\"Semi-Finished Products \u2013 Finished Parts \u2013 Ventilation Moulded Parts \u2013 Machines\",\"description\":\"Halbzeuge, Halbfabrikate, Kunststoffhalbzeuge, Kunststoffhalbfabrikate\",\"publisher\":{\"@id\":\"https:\\\/\\\/www.akuplastics.com\\\/hu\\\/#organization\"},\"alternateName\":\"AKUPLASTICS \u2013 Engineering in Plastics\",\"potentialAction\":[{\"@type\":\"SearchAction\",\"target\":{\"@type\":\"EntryPoint\",\"urlTemplate\":\"https:\\\/\\\/www.akuplastics.com\\\/hu\\\/?s={search_term_string}\"},\"query-input\":{\"@type\":\"PropertyValueSpecification\",\"valueRequired\":true,\"valueName\":\"search_term_string\"}}],\"inLanguage\":\"hu\"},{\"@type\":\"Organization\",\"@id\":\"https:\\\/\\\/www.akuplastics.com\\\/hu\\\/#organization\",\"name\":\"Ing. Christian Ahlborn e.U.\",\"alternateName\":\"AKU\",\"url\":\"https:\\\/\\\/www.akuplastics.com\\\/hu\\\/\",\"logo\":{\"@type\":\"ImageObject\",\"inLanguage\":\"hu\",\"@id\":\"https:\\\/\\\/www.akuplastics.com\\\/hu\\\/#\\\/schema\\\/logo\\\/image\\\/\",\"url\":\"https:\\\/\\\/www.akuplastics.com\\\/wp-content\\\/uploads\\\/2020\\\/07\\\/Grafik14-inkl-r.png\",\"contentUrl\":\"https:\\\/\\\/www.akuplastics.com\\\/wp-content\\\/uploads\\\/2020\\\/07\\\/Grafik14-inkl-r.png\",\"width\":1994,\"height\":743,\"caption\":\"Ing. Christian Ahlborn e.U.\"},\"image\":{\"@id\":\"https:\\\/\\\/www.akuplastics.com\\\/hu\\\/#\\\/schema\\\/logo\\\/image\\\/\"}}]}<\/script>\n<!-- \/ Yoast SEO Premium plugin. -->","yoast_head_json":{"title":"Mad\u00e1rv\u00e9d\u0151 r\u00e1cs 30\u00b0-ban ferd\u00edtett PVC-U PPs PPs-EL PP-H PE-HD PVDF","description":"Mad\u00e1rv\u00e9d\u0151 r\u00e1cs, teljesen m\u0171anyag. Kerek m\u0171anyag idom cs\u00f6vek hegeszt\u00e9si elj\u00e1r\u00e1ssal t\u00f6rt\u00e9n\u0151 \u00f6sszek\u00f6t\u00e9s\u00e9re elsz\u00edv\u00f3rendszerben. Teljesen m\u0171anyag mad\u00e1rv\u00e9d\u0151 r\u00e1csk\u00e9nt, 30\u00b0-ban ferd\u00edtve, behegesztett, teljesen m\u0171anyag v\u00e9d\u0151r\u00e1ccsal. A karmanty\u00fa bels\u0151 \u00e1tm\u00e9r\u0151je a DIN 8062 szabv\u00e1ny szerint. Gy\u00e1rt\u00e1si elj\u00e1r\u00e1s: \u00d8 50 \u00e9s 315 mm k\u00f6z\u00f6tt fr\u00f6ccs\u00f6nt\u00e9ssel, \u00d8 355 mm-t\u0151l f\u00e9lk\u00e9sz term\u00e9kekb\u0151l gy\u00e1rtva.","robots":{"index":"index","follow":"follow","max-snippet":"max-snippet:-1","max-image-preview":"max-image-preview:large","max-video-preview":"max-video-preview:-1"},"canonical":"https:\/\/www.akuplastics.com\/hu\/madarvedo-racs-30-ban-ferditett\/","schema":{"@context":"https:\/\/schema.org","@graph":[{"@type":"WebPage","@id":"https:\/\/www.akuplastics.com\/hu\/madarvedo-racs-30-ban-ferditett\/","url":"https:\/\/www.akuplastics.com\/hu\/madarvedo-racs-30-ban-ferditett\/","name":"Mad\u00e1rv\u00e9d\u0151 r\u00e1cs 30\u00b0-ban ferd\u00edtett PVC-U PPs PPs-EL PP-H PE-HD PVDF","isPartOf":{"@id":"https:\/\/www.akuplastics.com\/hu\/#website"},"primaryImageOfPage":{"@id":"https:\/\/www.akuplastics.com\/hu\/madarvedo-racs-30-ban-ferditett\/#primaryimage"},"image":{"@id":"https:\/\/www.akuplastics.com\/hu\/madarvedo-racs-30-ban-ferditett\/#primaryimage"},"thumbnailUrl":"https:\/\/www.akuplastics.com\/wp-content\/uploads\/2025\/10\/Vogelschutzgitter-30\u00b0-angeschraegt-PVC-U-PPs-PPs-EL-PP-H-PE-HD-PVDF.webp","datePublished":"2025-10-29T09:47:30+00:00","dateModified":"2025-10-29T10:40:12+00:00","description":"Mad\u00e1rv\u00e9d\u0151 r\u00e1cs, teljesen m\u0171anyag. Kerek m\u0171anyag idom cs\u00f6vek hegeszt\u00e9si elj\u00e1r\u00e1ssal t\u00f6rt\u00e9n\u0151 \u00f6sszek\u00f6t\u00e9s\u00e9re elsz\u00edv\u00f3rendszerben. Teljesen m\u0171anyag mad\u00e1rv\u00e9d\u0151 r\u00e1csk\u00e9nt, 30\u00b0-ban ferd\u00edtve, behegesztett, teljesen m\u0171anyag v\u00e9d\u0151r\u00e1ccsal. A karmanty\u00fa bels\u0151 \u00e1tm\u00e9r\u0151je a DIN 8062 szabv\u00e1ny szerint. Gy\u00e1rt\u00e1si elj\u00e1r\u00e1s: \u00d8 50 \u00e9s 315 mm k\u00f6z\u00f6tt fr\u00f6ccs\u00f6nt\u00e9ssel, \u00d8 355 mm-t\u0151l f\u00e9lk\u00e9sz term\u00e9kekb\u0151l gy\u00e1rtva.","breadcrumb":{"@id":"https:\/\/www.akuplastics.com\/hu\/madarvedo-racs-30-ban-ferditett\/#breadcrumb"},"inLanguage":"hu","potentialAction":[{"@type":"ReadAction","target":["https:\/\/www.akuplastics.com\/hu\/madarvedo-racs-30-ban-ferditett\/"]}]},{"@type":"ImageObject","inLanguage":"hu","@id":"https:\/\/www.akuplastics.com\/hu\/madarvedo-racs-30-ban-ferditett\/#primaryimage","url":"https:\/\/www.akuplastics.com\/wp-content\/uploads\/2025\/10\/Vogelschutzgitter-30\u00b0-angeschraegt-PVC-U-PPs-PPs-EL-PP-H-PE-HD-PVDF.webp","contentUrl":"https:\/\/www.akuplastics.com\/wp-content\/uploads\/2025\/10\/Vogelschutzgitter-30\u00b0-angeschraegt-PVC-U-PPs-PPs-EL-PP-H-PE-HD-PVDF.webp","width":500,"height":702,"caption":"Mad\u00e1rv\u00e9d\u0151 r\u00e1cs 30\u00b0-ban ferd\u00edtett PVC-U PPs PPs-EL PP-H PE-HD PVDF"},{"@type":"BreadcrumbList","@id":"https:\/\/www.akuplastics.com\/hu\/madarvedo-racs-30-ban-ferditett\/#breadcrumb","itemListElement":[{"@type":"ListItem","position":1,"name":"Kezd\u0151lap","item":"https:\/\/www.akuplastics.com\/hu\/"},{"@type":"ListItem","position":2,"name":"Mad\u00e1rv\u00e9d\u0151 r\u00e1cs 30\u00b0-ban ferd\u00edtett"}]},{"@type":"WebSite","@id":"https:\/\/www.akuplastics.com\/hu\/#website","url":"https:\/\/www.akuplastics.com\/hu\/","name":"Semi-Finished Products \u2013 Finished Parts \u2013 Ventilation Moulded Parts \u2013 Machines","description":"Halbzeuge, Halbfabrikate, Kunststoffhalbzeuge, Kunststoffhalbfabrikate","publisher":{"@id":"https:\/\/www.akuplastics.com\/hu\/#organization"},"alternateName":"AKUPLASTICS \u2013 Engineering in Plastics","potentialAction":[{"@type":"SearchAction","target":{"@type":"EntryPoint","urlTemplate":"https:\/\/www.akuplastics.com\/hu\/?s={search_term_string}"},"query-input":{"@type":"PropertyValueSpecification","valueRequired":true,"valueName":"search_term_string"}}],"inLanguage":"hu"},{"@type":"Organization","@id":"https:\/\/www.akuplastics.com\/hu\/#organization","name":"Ing. Christian Ahlborn e.U.","alternateName":"AKU","url":"https:\/\/www.akuplastics.com\/hu\/","logo":{"@type":"ImageObject","inLanguage":"hu","@id":"https:\/\/www.akuplastics.com\/hu\/#\/schema\/logo\/image\/","url":"https:\/\/www.akuplastics.com\/wp-content\/uploads\/2020\/07\/Grafik14-inkl-r.png","contentUrl":"https:\/\/www.akuplastics.com\/wp-content\/uploads\/2020\/07\/Grafik14-inkl-r.png","width":1994,"height":743,"caption":"Ing. Christian Ahlborn e.U."},"image":{"@id":"https:\/\/www.akuplastics.com\/hu\/#\/schema\/logo\/image\/"}}]}},"_links":{"self":[{"href":"https:\/\/www.akuplastics.com\/hu\/wp-json\/wp\/v2\/pages\/30844","targetHints":{"allow":["GET"]}}],"collection":[{"href":"https:\/\/www.akuplastics.com\/hu\/wp-json\/wp\/v2\/pages"}],"about":[{"href":"https:\/\/www.akuplastics.com\/hu\/wp-json\/wp\/v2\/types\/page"}],"author":[{"embeddable":true,"href":"https:\/\/www.akuplastics.com\/hu\/wp-json\/wp\/v2\/users\/3"}],"replies":[{"embeddable":true,"href":"https:\/\/www.akuplastics.com\/hu\/wp-json\/wp\/v2\/comments?post=30844"}],"version-history":[{"count":2,"href":"https:\/\/www.akuplastics.com\/hu\/wp-json\/wp\/v2\/pages\/30844\/revisions"}],"predecessor-version":[{"id":30852,"href":"https:\/\/www.akuplastics.com\/hu\/wp-json\/wp\/v2\/pages\/30844\/revisions\/30852"}],"wp:featuredmedia":[{"embeddable":true,"href":"https:\/\/www.akuplastics.com\/hu\/wp-json\/wp\/v2\/media\/30740"}],"wp:attachment":[{"href":"https:\/\/www.akuplastics.com\/hu\/wp-json\/wp\/v2\/media?parent=30844"}],"curies":[{"name":"wp","href":"https:\/\/api.w.org\/{rel}","templated":true}]}}