{"id":30809,"date":"2025-10-29T10:36:17","date_gmt":"2025-10-29T09:36:17","guid":{"rendered":"https:\/\/www.akuplastics.com\/lamellas-zarofedel\/"},"modified":"2025-10-29T11:39:45","modified_gmt":"2025-10-29T10:39:45","slug":"lamellas-zarofedel","status":"publish","type":"page","link":"https:\/\/www.akuplastics.com\/hu\/lamellas-zarofedel\/","title":{"rendered":"Lamell\u00e1s z\u00e1r\u00f3fed\u00e9l"},"content":{"rendered":"\t\t<div data-elementor-type=\"wp-page\" data-elementor-id=\"30809\" class=\"elementor elementor-30809 elementor-30439\" data-elementor-post-type=\"page\">\n\t\t\t\t\t\t<section class=\"elementor-section elementor-top-section elementor-element elementor-element-6025abb3 elementor-section-full_width elementor-section-height-default elementor-section-height-default\" data-id=\"6025abb3\" data-element_type=\"section\" data-e-type=\"section\" data-settings=\"{&quot;background_background&quot;:&quot;gradient&quot;}\">\n\t\t\t\t\t\t<div class=\"elementor-container elementor-column-gap-default\">\n\t\t\t\t\t<div class=\"elementor-column elementor-col-100 elementor-top-column elementor-element elementor-element-c978d9b\" data-id=\"c978d9b\" data-element_type=\"column\" data-e-type=\"column\">\n\t\t\t<div class=\"elementor-widget-wrap elementor-element-populated\">\n\t\t\t\t\t\t<section class=\"elementor-section elementor-inner-section elementor-element elementor-element-1ead80f elementor-section-boxed elementor-section-height-default elementor-section-height-default\" data-id=\"1ead80f\" data-element_type=\"section\" data-e-type=\"section\">\n\t\t\t\t\t\t<div class=\"elementor-container elementor-column-gap-default\">\n\t\t\t\t\t<div class=\"elementor-column elementor-col-100 elementor-inner-column elementor-element elementor-element-97f2d40\" data-id=\"97f2d40\" data-element_type=\"column\" data-e-type=\"column\">\n\t\t\t<div class=\"elementor-widget-wrap elementor-element-populated\">\n\t\t\t\t\t\t<div class=\"elementor-element elementor-element-5288b20 elementor-widget__width-initial elementor-widget elementor-widget-text-editor\" data-id=\"5288b20\" data-element_type=\"widget\" data-e-type=\"widget\" data-widget_type=\"text-editor.default\">\n\t\t\t\t<div class=\"elementor-widget-container\">\n\t\t\t\t\t\t\t\t\t<h1 class=\"csc-firstHeader\" style=\"text-align: left;\">PVC-U lamell\u00e1s z\u00e1r\u00f3fed\u00e9l<\/h1>\t\t\t\t\t\t\t\t<\/div>\n\t\t\t\t<\/div>\n\t\t\t\t<div class=\"elementor-element elementor-element-843282f elementor-widget__width-initial elementor-widget elementor-widget-text-editor\" data-id=\"843282f\" data-element_type=\"widget\" data-e-type=\"widget\" data-widget_type=\"text-editor.default\">\n\t\t\t\t<div class=\"elementor-widget-container\">\n\t\t\t\t\t\t\t\t\t<div id=\"c1350\" class=\"csc-frame csc-frame-default\"><div class=\"tx-jfmulticontent-pi1\"><div id=\"jfmulticontent_c1350\" class=\"ui-tabs ui-widget ui-widget-content ui-corner-all\"><div id=\"jfmulticontent_c1350-5\" class=\"ui-tabs-panel ui-widget-content ui-corner-bottom\" role=\"tabpanel\" aria-labelledby=\"ui-id-5\" aria-expanded=\"true\" aria-hidden=\"false\"><div id=\"c3692\" class=\"csc-frame csc-frame-default\"><p class=\"bodytext\" style=\"text-align: left;\">Lamell\u00e1s z\u00e1r\u00f3fed\u00e9l m\u0171anyag idom bels\u0151 \u00fctk\u00f6z\u0151vel cs\u00f6vek \u00f6sszek\u00f6t\u00e9s\u00e9hez.<\/p><p class=\"bodytext\" style=\"text-align: left;\">Automatikus lamell\u00e1s z\u00e1r\u00f3fed\u00e9lk\u00e9nt, falra szerel\u00e9shez.<\/p><p class=\"bodytext\" style=\"text-align: left;\">Gy\u00e1rt\u00e1si elj\u00e1r\u00e1s: fr\u00f6ccs\u00f6nt\u00e9s. <\/p><\/div><\/div><\/div><\/div><\/div>\t\t\t\t\t\t\t\t<\/div>\n\t\t\t\t<\/div>\n\t\t\t\t<div class=\"elementor-element elementor-element-b534910 elementor-widget__width-initial elementor-widget elementor-widget-text-editor\" data-id=\"b534910\" data-element_type=\"widget\" data-e-type=\"widget\" data-widget_type=\"text-editor.default\">\n\t\t\t\t<div class=\"elementor-widget-container\">\n\t\t\t\t\t\t\t\t\t<p style=\"text-align: left;\"> <\/p><p style=\"text-align: left;\">Lehets\u00e9ges negat\u00edv t\u00falnyom\u00e1s k\u00e9r\u00e9sre, mechanikai, k\u00e9miai \u00e9s termikus terhel\u00e9s ut\u00e1n.<\/p>\t\t\t\t\t\t\t\t<\/div>\n\t\t\t\t<\/div>\n\t\t\t\t<div class=\"elementor-element elementor-element-5a28bf2 elementor-widget__width-initial elementor-widget elementor-widget-text-editor\" data-id=\"5a28bf2\" data-element_type=\"widget\" data-e-type=\"widget\" data-widget_type=\"text-editor.default\">\n\t\t\t\t<div class=\"elementor-widget-container\">\n\t\t\t\t\t\t\t\t\t<table width=\"70\"><tbody><tr><td width=\"39\">\u00d8<\/td><td width=\"31\">A x A<\/td><\/tr><tr><td width=\"39\">110<\/td><td width=\"31\">160<\/td><\/tr><tr><td width=\"39\">125<\/td><td width=\"31\">160<\/td><\/tr><tr><td width=\"39\">140<\/td><td width=\"31\">194<\/td><\/tr><tr><td width=\"39\">160<\/td><td width=\"31\">194<\/td><\/tr><tr><td width=\"39\">180<\/td><td width=\"31\">244<\/td><\/tr><tr><td width=\"39\">200<\/td><td width=\"31\">244<\/td><\/tr><tr><td width=\"39\">225<\/td><td width=\"31\">294<\/td><\/tr><tr><td width=\"39\">250<\/td><td width=\"31\">294<\/td><\/tr><tr><td width=\"39\">280<\/td><td width=\"31\">347<\/td><\/tr><tr><td width=\"39\">315<\/td><td width=\"31\">347<\/td><\/tr><tr><td width=\"39\">355<\/td><td width=\"31\">397<\/td><\/tr><tr><td width=\"39\">400<\/td><td width=\"31\">462<\/td><\/tr><tr><td width=\"39\">450<\/td><td width=\"31\">501<\/td><\/tr><tr><td width=\"39\">500<\/td><td width=\"31\">549<\/td><\/tr><tr><td width=\"39\">600<\/td><td width=\"31\">696<\/td><\/tr><tr><td colspan=\"2\" width=\"70\">Maxim\u00e1lis \u00e1raml\u00e1si sebess\u00e9g 10m\/s<\/td><\/tr><\/tbody><\/table>\t\t\t\t\t\t\t\t<\/div>\n\t\t\t\t<\/div>\n\t\t\t\t\t<\/div>\n\t\t<\/div>\n\t\t\t\t<div class=\"elementor-column elementor-col-50 elementor-inner-column elementor-element elementor-element-97bb919\" data-id=\"97bb919\" data-element_type=\"column\" data-e-type=\"column\">\n\t\t\t<div class=\"elementor-widget-wrap elementor-element-populated\">\n\t\t\t\t\t\t<div class=\"elementor-element elementor-element-1a349e7 elementor-widget elementor-widget-image\" data-id=\"1a349e7\" data-element_type=\"widget\" data-e-type=\"widget\" data-widget_type=\"image.default\">\n\t\t\t\t<div class=\"elementor-widget-container\">\n\t\t\t\t\t\t\t\t\t\t\t\t<figure class=\"wp-caption\">\n\t\t\t\t\t\t\t\t\t\t<img loading=\"lazy\" decoding=\"async\" width=\"300\" height=\"277\" src=\"https:\/\/www.akuplastics.com\/wp-content\/uploads\/2025\/10\/Verschlussklappe-Lamellen-PVC-U-PPs-PPs-EL-PP-H-PE-HD-PVDF-300x277.webp\" class=\"attachment-medium size-medium wp-image-30736\" alt=\"Lamell\u00e1s z\u00e1r\u00f3fed\u00e9l PVC-U\" srcset=\"https:\/\/www.akuplastics.com\/wp-content\/uploads\/2025\/10\/Verschlussklappe-Lamellen-PVC-U-PPs-PPs-EL-PP-H-PE-HD-PVDF-300x277.webp 300w, https:\/\/www.akuplastics.com\/wp-content\/uploads\/2025\/10\/Verschlussklappe-Lamellen-PVC-U-PPs-PPs-EL-PP-H-PE-HD-PVDF.webp 500w\" sizes=\"auto, (max-width: 300px) 100vw, 300px\" \/>\t\t\t\t\t\t\t\t\t\t\t<figcaption class=\"widget-image-caption wp-caption-text\">Lamell\u00e1s z\u00e1r\u00f3fed\u00e9l PVC-U <\/figcaption>\n\t\t\t\t\t\t\t\t\t\t<\/figure>\n\t\t\t\t\t\t\t\t\t<\/div>\n\t\t\t\t<\/div>\n\t\t\t\t\t<\/div>\n\t\t<\/div>\n\t\t\t\t\t<\/div>\n\t\t<\/section>\n\t\t\t\t\t<\/div>\n\t\t<\/div>\n\t\t\t\t\t<\/div>\n\t\t<\/section>\n\t\t\t\t<\/div>\n\t\t","protected":false},"excerpt":{"rendered":"<p>PVC-U lamell\u00e1s z\u00e1r\u00f3fed\u00e9l Lamell\u00e1s z\u00e1r\u00f3fed\u00e9l m\u0171anyag idom bels\u0151 \u00fctk\u00f6z\u0151vel cs\u00f6vek \u00f6sszek\u00f6t\u00e9s\u00e9hez. Automatikus lamell\u00e1s z\u00e1r\u00f3fed\u00e9lk\u00e9nt, falra szerel\u00e9shez. Gy\u00e1rt\u00e1si elj\u00e1r\u00e1s: fr\u00f6ccs\u00f6nt\u00e9s. Lehets\u00e9ges negat\u00edv t\u00falnyom\u00e1s k\u00e9r\u00e9sre, mechanikai, k\u00e9miai \u00e9s termikus terhel\u00e9s ut\u00e1n. \u00d8 A x A 110 160 125 160 140 194 160 194 180 244 200 244 225 294 250 294 280 347 315 347 355 397 [&hellip;]<\/p>\n","protected":false},"author":3,"featured_media":30736,"parent":0,"menu_order":1,"comment_status":"closed","ping_status":"closed","template":"","meta":{"iawp_total_views":1,"footnotes":""},"class_list":["post-30809","page","type-page","status-publish","has-post-thumbnail","hentry"],"yoast_head":"<!-- This site is optimized with the Yoast SEO Premium plugin v27.4 (Yoast SEO v27.5) - https:\/\/yoast.com\/product\/yoast-seo-premium-wordpress\/ -->\n<title>Lamell\u00e1s z\u00e1r\u00f3fed\u00e9l PVC-U<\/title>\n<meta name=\"description\" content=\"Lamell\u00e1s z\u00e1r\u00f3fed\u00e9l m\u0171anyag idom bels\u0151 \u00fctk\u00f6z\u0151vel cs\u00f6vek \u00f6sszek\u00f6t\u00e9s\u00e9hez. Automatikus lamell\u00e1s z\u00e1r\u00f3fed\u00e9lk\u00e9nt, falra szerel\u00e9shez. Gy\u00e1rt\u00e1si elj\u00e1r\u00e1s: fr\u00f6ccs\u00f6nt\u00e9s. Lehets\u00e9ges negat\u00edv t\u00falnyom\u00e1s k\u00e9r\u00e9sre, mechanikai, k\u00e9miai \u00e9s termikus terhel\u00e9s ut\u00e1n.\" \/>\n<meta name=\"robots\" content=\"index, follow, max-snippet:-1, max-image-preview:large, max-video-preview:-1\" \/>\n<link rel=\"canonical\" href=\"https:\/\/www.akuplastics.com\/hu\/lamellas-zarofedel\/\" \/>\n<script type=\"application\/ld+json\" class=\"yoast-schema-graph\">{\"@context\":\"https:\\\/\\\/schema.org\",\"@graph\":[{\"@type\":\"WebPage\",\"@id\":\"https:\\\/\\\/www.akuplastics.com\\\/hu\\\/lamellas-zarofedel\\\/\",\"url\":\"https:\\\/\\\/www.akuplastics.com\\\/hu\\\/lamellas-zarofedel\\\/\",\"name\":\"Lamell\u00e1s z\u00e1r\u00f3fed\u00e9l PVC-U\",\"isPartOf\":{\"@id\":\"https:\\\/\\\/www.akuplastics.com\\\/hu\\\/#website\"},\"primaryImageOfPage\":{\"@id\":\"https:\\\/\\\/www.akuplastics.com\\\/hu\\\/lamellas-zarofedel\\\/#primaryimage\"},\"image\":{\"@id\":\"https:\\\/\\\/www.akuplastics.com\\\/hu\\\/lamellas-zarofedel\\\/#primaryimage\"},\"thumbnailUrl\":\"https:\\\/\\\/www.akuplastics.com\\\/wp-content\\\/uploads\\\/2025\\\/10\\\/Verschlussklappe-Lamellen-PVC-U-PPs-PPs-EL-PP-H-PE-HD-PVDF.webp\",\"datePublished\":\"2025-10-29T09:36:17+00:00\",\"dateModified\":\"2025-10-29T10:39:45+00:00\",\"description\":\"Lamell\u00e1s z\u00e1r\u00f3fed\u00e9l m\u0171anyag idom bels\u0151 \u00fctk\u00f6z\u0151vel cs\u00f6vek \u00f6sszek\u00f6t\u00e9s\u00e9hez. Automatikus lamell\u00e1s z\u00e1r\u00f3fed\u00e9lk\u00e9nt, falra szerel\u00e9shez. Gy\u00e1rt\u00e1si elj\u00e1r\u00e1s: fr\u00f6ccs\u00f6nt\u00e9s. Lehets\u00e9ges negat\u00edv t\u00falnyom\u00e1s k\u00e9r\u00e9sre, mechanikai, k\u00e9miai \u00e9s termikus terhel\u00e9s ut\u00e1n.\",\"breadcrumb\":{\"@id\":\"https:\\\/\\\/www.akuplastics.com\\\/hu\\\/lamellas-zarofedel\\\/#breadcrumb\"},\"inLanguage\":\"hu\",\"potentialAction\":[{\"@type\":\"ReadAction\",\"target\":[\"https:\\\/\\\/www.akuplastics.com\\\/hu\\\/lamellas-zarofedel\\\/\"]}]},{\"@type\":\"ImageObject\",\"inLanguage\":\"hu\",\"@id\":\"https:\\\/\\\/www.akuplastics.com\\\/hu\\\/lamellas-zarofedel\\\/#primaryimage\",\"url\":\"https:\\\/\\\/www.akuplastics.com\\\/wp-content\\\/uploads\\\/2025\\\/10\\\/Verschlussklappe-Lamellen-PVC-U-PPs-PPs-EL-PP-H-PE-HD-PVDF.webp\",\"contentUrl\":\"https:\\\/\\\/www.akuplastics.com\\\/wp-content\\\/uploads\\\/2025\\\/10\\\/Verschlussklappe-Lamellen-PVC-U-PPs-PPs-EL-PP-H-PE-HD-PVDF.webp\",\"width\":500,\"height\":461,\"caption\":\"Lamell\u00e1s z\u00e1r\u00f3fed\u00e9l PVC-U\"},{\"@type\":\"BreadcrumbList\",\"@id\":\"https:\\\/\\\/www.akuplastics.com\\\/hu\\\/lamellas-zarofedel\\\/#breadcrumb\",\"itemListElement\":[{\"@type\":\"ListItem\",\"position\":1,\"name\":\"Kezd\u0151lap\",\"item\":\"https:\\\/\\\/www.akuplastics.com\\\/hu\\\/\"},{\"@type\":\"ListItem\",\"position\":2,\"name\":\"Lamell\u00e1s z\u00e1r\u00f3fed\u00e9l\"}]},{\"@type\":\"WebSite\",\"@id\":\"https:\\\/\\\/www.akuplastics.com\\\/hu\\\/#website\",\"url\":\"https:\\\/\\\/www.akuplastics.com\\\/hu\\\/\",\"name\":\"Semi-Finished Products \u2013 Finished Parts \u2013 Ventilation Moulded Parts \u2013 Machines\",\"description\":\"Halbzeuge, Halbfabrikate, Kunststoffhalbzeuge, Kunststoffhalbfabrikate\",\"publisher\":{\"@id\":\"https:\\\/\\\/www.akuplastics.com\\\/hu\\\/#organization\"},\"alternateName\":\"AKUPLASTICS \u2013 Engineering in Plastics\",\"potentialAction\":[{\"@type\":\"SearchAction\",\"target\":{\"@type\":\"EntryPoint\",\"urlTemplate\":\"https:\\\/\\\/www.akuplastics.com\\\/hu\\\/?s={search_term_string}\"},\"query-input\":{\"@type\":\"PropertyValueSpecification\",\"valueRequired\":true,\"valueName\":\"search_term_string\"}}],\"inLanguage\":\"hu\"},{\"@type\":\"Organization\",\"@id\":\"https:\\\/\\\/www.akuplastics.com\\\/hu\\\/#organization\",\"name\":\"Ing. Christian Ahlborn e.U.\",\"alternateName\":\"AKU\",\"url\":\"https:\\\/\\\/www.akuplastics.com\\\/hu\\\/\",\"logo\":{\"@type\":\"ImageObject\",\"inLanguage\":\"hu\",\"@id\":\"https:\\\/\\\/www.akuplastics.com\\\/hu\\\/#\\\/schema\\\/logo\\\/image\\\/\",\"url\":\"https:\\\/\\\/www.akuplastics.com\\\/wp-content\\\/uploads\\\/2020\\\/07\\\/Grafik14-inkl-r.png\",\"contentUrl\":\"https:\\\/\\\/www.akuplastics.com\\\/wp-content\\\/uploads\\\/2020\\\/07\\\/Grafik14-inkl-r.png\",\"width\":1994,\"height\":743,\"caption\":\"Ing. Christian Ahlborn e.U.\"},\"image\":{\"@id\":\"https:\\\/\\\/www.akuplastics.com\\\/hu\\\/#\\\/schema\\\/logo\\\/image\\\/\"}}]}<\/script>\n<!-- \/ Yoast SEO Premium plugin. -->","yoast_head_json":{"title":"Lamell\u00e1s z\u00e1r\u00f3fed\u00e9l PVC-U","description":"Lamell\u00e1s z\u00e1r\u00f3fed\u00e9l m\u0171anyag idom bels\u0151 \u00fctk\u00f6z\u0151vel cs\u00f6vek \u00f6sszek\u00f6t\u00e9s\u00e9hez. Automatikus lamell\u00e1s z\u00e1r\u00f3fed\u00e9lk\u00e9nt, falra szerel\u00e9shez. Gy\u00e1rt\u00e1si elj\u00e1r\u00e1s: fr\u00f6ccs\u00f6nt\u00e9s. Lehets\u00e9ges negat\u00edv t\u00falnyom\u00e1s k\u00e9r\u00e9sre, mechanikai, k\u00e9miai \u00e9s termikus terhel\u00e9s ut\u00e1n.","robots":{"index":"index","follow":"follow","max-snippet":"max-snippet:-1","max-image-preview":"max-image-preview:large","max-video-preview":"max-video-preview:-1"},"canonical":"https:\/\/www.akuplastics.com\/hu\/lamellas-zarofedel\/","schema":{"@context":"https:\/\/schema.org","@graph":[{"@type":"WebPage","@id":"https:\/\/www.akuplastics.com\/hu\/lamellas-zarofedel\/","url":"https:\/\/www.akuplastics.com\/hu\/lamellas-zarofedel\/","name":"Lamell\u00e1s z\u00e1r\u00f3fed\u00e9l PVC-U","isPartOf":{"@id":"https:\/\/www.akuplastics.com\/hu\/#website"},"primaryImageOfPage":{"@id":"https:\/\/www.akuplastics.com\/hu\/lamellas-zarofedel\/#primaryimage"},"image":{"@id":"https:\/\/www.akuplastics.com\/hu\/lamellas-zarofedel\/#primaryimage"},"thumbnailUrl":"https:\/\/www.akuplastics.com\/wp-content\/uploads\/2025\/10\/Verschlussklappe-Lamellen-PVC-U-PPs-PPs-EL-PP-H-PE-HD-PVDF.webp","datePublished":"2025-10-29T09:36:17+00:00","dateModified":"2025-10-29T10:39:45+00:00","description":"Lamell\u00e1s z\u00e1r\u00f3fed\u00e9l m\u0171anyag idom bels\u0151 \u00fctk\u00f6z\u0151vel cs\u00f6vek \u00f6sszek\u00f6t\u00e9s\u00e9hez. Automatikus lamell\u00e1s z\u00e1r\u00f3fed\u00e9lk\u00e9nt, falra szerel\u00e9shez. Gy\u00e1rt\u00e1si elj\u00e1r\u00e1s: fr\u00f6ccs\u00f6nt\u00e9s. Lehets\u00e9ges negat\u00edv t\u00falnyom\u00e1s k\u00e9r\u00e9sre, mechanikai, k\u00e9miai \u00e9s termikus terhel\u00e9s ut\u00e1n.","breadcrumb":{"@id":"https:\/\/www.akuplastics.com\/hu\/lamellas-zarofedel\/#breadcrumb"},"inLanguage":"hu","potentialAction":[{"@type":"ReadAction","target":["https:\/\/www.akuplastics.com\/hu\/lamellas-zarofedel\/"]}]},{"@type":"ImageObject","inLanguage":"hu","@id":"https:\/\/www.akuplastics.com\/hu\/lamellas-zarofedel\/#primaryimage","url":"https:\/\/www.akuplastics.com\/wp-content\/uploads\/2025\/10\/Verschlussklappe-Lamellen-PVC-U-PPs-PPs-EL-PP-H-PE-HD-PVDF.webp","contentUrl":"https:\/\/www.akuplastics.com\/wp-content\/uploads\/2025\/10\/Verschlussklappe-Lamellen-PVC-U-PPs-PPs-EL-PP-H-PE-HD-PVDF.webp","width":500,"height":461,"caption":"Lamell\u00e1s z\u00e1r\u00f3fed\u00e9l PVC-U"},{"@type":"BreadcrumbList","@id":"https:\/\/www.akuplastics.com\/hu\/lamellas-zarofedel\/#breadcrumb","itemListElement":[{"@type":"ListItem","position":1,"name":"Kezd\u0151lap","item":"https:\/\/www.akuplastics.com\/hu\/"},{"@type":"ListItem","position":2,"name":"Lamell\u00e1s z\u00e1r\u00f3fed\u00e9l"}]},{"@type":"WebSite","@id":"https:\/\/www.akuplastics.com\/hu\/#website","url":"https:\/\/www.akuplastics.com\/hu\/","name":"Semi-Finished Products \u2013 Finished Parts \u2013 Ventilation Moulded Parts \u2013 Machines","description":"Halbzeuge, Halbfabrikate, Kunststoffhalbzeuge, Kunststoffhalbfabrikate","publisher":{"@id":"https:\/\/www.akuplastics.com\/hu\/#organization"},"alternateName":"AKUPLASTICS \u2013 Engineering in Plastics","potentialAction":[{"@type":"SearchAction","target":{"@type":"EntryPoint","urlTemplate":"https:\/\/www.akuplastics.com\/hu\/?s={search_term_string}"},"query-input":{"@type":"PropertyValueSpecification","valueRequired":true,"valueName":"search_term_string"}}],"inLanguage":"hu"},{"@type":"Organization","@id":"https:\/\/www.akuplastics.com\/hu\/#organization","name":"Ing. Christian Ahlborn e.U.","alternateName":"AKU","url":"https:\/\/www.akuplastics.com\/hu\/","logo":{"@type":"ImageObject","inLanguage":"hu","@id":"https:\/\/www.akuplastics.com\/hu\/#\/schema\/logo\/image\/","url":"https:\/\/www.akuplastics.com\/wp-content\/uploads\/2020\/07\/Grafik14-inkl-r.png","contentUrl":"https:\/\/www.akuplastics.com\/wp-content\/uploads\/2020\/07\/Grafik14-inkl-r.png","width":1994,"height":743,"caption":"Ing. Christian Ahlborn e.U."},"image":{"@id":"https:\/\/www.akuplastics.com\/hu\/#\/schema\/logo\/image\/"}}]}},"_links":{"self":[{"href":"https:\/\/www.akuplastics.com\/hu\/wp-json\/wp\/v2\/pages\/30809","targetHints":{"allow":["GET"]}}],"collection":[{"href":"https:\/\/www.akuplastics.com\/hu\/wp-json\/wp\/v2\/pages"}],"about":[{"href":"https:\/\/www.akuplastics.com\/hu\/wp-json\/wp\/v2\/types\/page"}],"author":[{"embeddable":true,"href":"https:\/\/www.akuplastics.com\/hu\/wp-json\/wp\/v2\/users\/3"}],"replies":[{"embeddable":true,"href":"https:\/\/www.akuplastics.com\/hu\/wp-json\/wp\/v2\/comments?post=30809"}],"version-history":[{"count":2,"href":"https:\/\/www.akuplastics.com\/hu\/wp-json\/wp\/v2\/pages\/30809\/revisions"}],"predecessor-version":[{"id":30817,"href":"https:\/\/www.akuplastics.com\/hu\/wp-json\/wp\/v2\/pages\/30809\/revisions\/30817"}],"wp:featuredmedia":[{"embeddable":true,"href":"https:\/\/www.akuplastics.com\/hu\/wp-json\/wp\/v2\/media\/30736"}],"wp:attachment":[{"href":"https:\/\/www.akuplastics.com\/hu\/wp-json\/wp\/v2\/media?parent=30809"}],"curies":[{"name":"wp","href":"https:\/\/api.w.org\/{rel}","templated":true}]}}