{"id":30241,"date":"2025-10-28T09:26:10","date_gmt":"2025-10-28T08:26:10","guid":{"rendered":"https:\/\/www.akuplastics.com\/deflektor-burkolat-karmantyuval\/"},"modified":"2025-10-28T12:54:03","modified_gmt":"2025-10-28T11:54:03","slug":"deflektor-burkolat-karmantyuval","status":"publish","type":"page","link":"https:\/\/www.akuplastics.com\/hu\/deflektor-burkolat-karmantyuval\/","title":{"rendered":"Deflektor burkolat karmanty\u00faval"},"content":{"rendered":"\t\t<div data-elementor-type=\"wp-page\" data-elementor-id=\"30241\" class=\"elementor elementor-30241 elementor-29822\" data-elementor-post-type=\"page\">\n\t\t\t\t\t\t<section class=\"elementor-section elementor-top-section elementor-element elementor-element-6025abb3 elementor-section-full_width elementor-section-height-default elementor-section-height-default\" data-id=\"6025abb3\" data-element_type=\"section\" data-e-type=\"section\" data-settings=\"{&quot;background_background&quot;:&quot;gradient&quot;}\">\n\t\t\t\t\t\t<div class=\"elementor-container elementor-column-gap-default\">\n\t\t\t\t\t<div class=\"elementor-column elementor-col-100 elementor-top-column elementor-element elementor-element-c978d9b\" data-id=\"c978d9b\" data-element_type=\"column\" data-e-type=\"column\">\n\t\t\t<div class=\"elementor-widget-wrap elementor-element-populated\">\n\t\t\t\t\t\t<section class=\"elementor-section elementor-inner-section elementor-element elementor-element-1ead80f elementor-section-boxed elementor-section-height-default elementor-section-height-default\" data-id=\"1ead80f\" data-element_type=\"section\" data-e-type=\"section\">\n\t\t\t\t\t\t<div class=\"elementor-container elementor-column-gap-default\">\n\t\t\t\t\t<div class=\"elementor-column elementor-col-100 elementor-inner-column elementor-element elementor-element-97f2d40\" data-id=\"97f2d40\" data-element_type=\"column\" data-e-type=\"column\">\n\t\t\t<div class=\"elementor-widget-wrap elementor-element-populated\">\n\t\t\t\t\t\t<div class=\"elementor-element elementor-element-5288b20 elementor-widget__width-initial elementor-widget elementor-widget-text-editor\" data-id=\"5288b20\" data-element_type=\"widget\" data-e-type=\"widget\" data-widget_type=\"text-editor.default\">\n\t\t\t\t<div class=\"elementor-widget-container\">\n\t\t\t\t\t\t\t\t\t<h1 class=\"csc-firstHeader\" style=\"text-align: left;\">Deflektor burkolat karmanty\u00faval PVC-U, PPs, PPs-EL, PP-H, PE-HD, PVDF anyagb\u00f3l<\/h1>\t\t\t\t\t\t\t\t<\/div>\n\t\t\t\t<\/div>\n\t\t\t\t<div class=\"elementor-element elementor-element-843282f elementor-widget__width-initial elementor-widget elementor-widget-text-editor\" data-id=\"843282f\" data-element_type=\"widget\" data-e-type=\"widget\" data-widget_type=\"text-editor.default\">\n\t\t\t\t<div class=\"elementor-widget-container\">\n\t\t\t\t\t\t\t\t\t<p style=\"text-align: left;\">Deflektor burkolat karmanty\u00faval. Kerek m\u0171anyag idom bels\u0151 \u00fctk\u00f6z\u0151vel, cs\u00f6vek hegeszt\u00e9si elj\u00e1r\u00e1ssal t\u00f6rt\u00e9n\u0151 \u00f6sszek\u00f6t\u00e9s\u00e9re elsz\u00edv\u00f3rendszerben.<\/p><p style=\"text-align: left;\">F\u00fcgg\u0151leges l\u00e9gki\u00e1raml\u00e1shoz, \u00e1raml\u00e1stani szempontb\u00f3l kedvez\u0151en kialak\u00edtott kerek h\u00e1z. Bels\u0151 gy\u0171jt\u0151t\u00f6lcs\u00e9r \u00e9s lefoly\u00f3cs\u0151 es\u0151v\u00edzhez. <\/p><p style=\"text-align: left;\">A tok bels\u0151 \u00e1tm\u00e9r\u0151je a DIN 8062 szabv\u00e1ny szerint.<\/p><p style=\"text-align: left;\">Gy\u00e1rt\u00e1si elj\u00e1r\u00e1s: f\u00e9lk\u00e9sz term\u00e9kekb\u0151l gy\u00e1rtva. Kerek kivitel, \u00d8 355 mm-t\u0151l sz\u00f6gletes kivitel. <\/p>\t\t\t\t\t\t\t\t<\/div>\n\t\t\t\t<\/div>\n\t\t\t\t<div class=\"elementor-element elementor-element-b534910 elementor-widget__width-initial elementor-widget elementor-widget-text-editor\" data-id=\"b534910\" data-element_type=\"widget\" data-e-type=\"widget\" data-widget_type=\"text-editor.default\">\n\t\t\t\t<div class=\"elementor-widget-container\">\n\t\t\t\t\t\t\t\t\t<p style=\"text-align: left;\"> <\/p><p style=\"text-align: left;\">Lehets\u00e9ges negat\u00edv t\u00falnyom\u00e1s k\u00e9r\u00e9sre, mechanikai, k\u00e9miai \u00e9s termikus terhel\u00e9s ut\u00e1n.<\/p>\t\t\t\t\t\t\t\t<\/div>\n\t\t\t\t<\/div>\n\t\t\t\t<div class=\"elementor-element elementor-element-5a28bf2 elementor-widget__width-initial elementor-widget elementor-widget-text-editor\" data-id=\"5a28bf2\" data-element_type=\"widget\" data-e-type=\"widget\" data-widget_type=\"text-editor.default\">\n\t\t\t\t<div class=\"elementor-widget-container\">\n\t\t\t\t\t\t\t\t\t<p> <\/p><p style=\"text-align: left;\"> <\/p>\t\t\t\t\t\t\t\t<\/div>\n\t\t\t\t<\/div>\n\t\t\t\t<div class=\"elementor-element elementor-element-d2091eb elementor-widget__width-initial elementor-widget elementor-widget-text-editor\" data-id=\"d2091eb\" data-element_type=\"widget\" data-e-type=\"widget\" data-widget_type=\"text-editor.default\">\n\t\t\t\t<div class=\"elementor-widget-container\">\n\t\t\t\t\t\t\t\t\t<table width=\"504\"><tbody><tr> <td width=\"56\"> <\/td><td colspan=\"4\" width=\"224\">PVC<\/td><td colspan=\"4\" width=\"224\">PE-HD\/PP-H\/PPs\/PP-EL-s\/PVDF<\/td><\/tr><tr><td width=\"56\">\u00d8<\/td><td width=\"56\">L<\/td><td width=\"56\">L1<\/td><td width=\"56\">A \u00d8 (xC)<\/td><td width=\"56\">B x C<\/td><td width=\"56\">L<\/td><td width=\"56\">L1<\/td><td width=\"56\">A \u00d8 (xC)<\/td><td width=\"56\">B x C<\/td><\/tr><tr><td width=\"56\">110<\/td><td width=\"56\">40<\/td><td width=\"56\">290<\/td><td width=\"56\">206<\/td><td width=\"56\">&#8211;<\/td><td width=\"56\">40<\/td><td width=\"56\">290<\/td><td width=\"56\">206<\/td><td width=\"56\">&#8211;<\/td><\/tr><tr><td width=\"56\">125<\/td><td width=\"56\">40<\/td><td width=\"56\">340<\/td><td width=\"56\">256<\/td><td width=\"56\">&#8211;<\/td><td width=\"56\">40<\/td><td width=\"56\">340<\/td><td width=\"56\">256<\/td><td width=\"56\">&#8211;<\/td><\/tr><tr><td width=\"56\">140<\/td><td width=\"56\">40<\/td><td width=\"56\">320<\/td><td width=\"56\">256<\/td><td width=\"56\">&#8211;<\/td><td width=\"56\">40<\/td><td width=\"56\">320<\/td><td width=\"56\">256<\/td><td width=\"56\">&#8211;<\/td><\/tr><tr><td width=\"56\">160<\/td><td width=\"56\">40<\/td><td width=\"56\">410<\/td><td width=\"56\">321<\/td><td width=\"56\">&#8211;<\/td><td width=\"56\">40<\/td><td width=\"56\">410<\/td><td width=\"56\">321<\/td><td width=\"56\">&#8211;<\/td><\/tr><tr><td width=\"56\">180<\/td><td width=\"56\">40<\/td><td width=\"56\">380<\/td><td width=\"56\">321<\/td><td width=\"56\">&#8211;<\/td><td width=\"56\">40<\/td><td width=\"56\">380<\/td><td width=\"56\">321<\/td><td width=\"56\">&#8211;<\/td><\/tr><tr><td width=\"56\">200<\/td><td width=\"56\">40<\/td><td width=\"56\">410<\/td><td width=\"56\">361<\/td><td width=\"56\">&#8211;<\/td><td width=\"56\">40<\/td><td width=\"56\">410<\/td><td width=\"56\">361<\/td><td width=\"56\">&#8211;<\/td><\/tr><tr><td width=\"56\">225<\/td><td width=\"56\">40<\/td><td width=\"56\">430<\/td><td width=\"56\">408<\/td><td width=\"56\">&#8211;<\/td><td width=\"56\">40<\/td><td width=\"56\">430<\/td><td width=\"56\">408<\/td><td width=\"56\">&#8211;<\/td><\/tr><tr><td width=\"56\">250<\/td><td width=\"56\">40<\/td><td width=\"56\">470<\/td><td width=\"56\">458<\/td><td width=\"56\">&#8211;<\/td><td width=\"56\">40<\/td><td width=\"56\">470<\/td><td width=\"56\">458<\/td><td width=\"56\">&#8211;<\/td><\/tr><tr><td width=\"56\">280<\/td><td width=\"56\">50<\/td><td width=\"56\">520<\/td><td width=\"56\">508<\/td><td width=\"56\">&#8211;<\/td><td width=\"56\">50<\/td><td width=\"56\">520<\/td><td width=\"56\">508<\/td><td width=\"56\">&#8211;<\/td><\/tr><tr><td width=\"56\">315<\/td><td width=\"56\">50<\/td><td width=\"56\">440<\/td><td width=\"56\">508<\/td><td width=\"56\">&#8211;<\/td><td width=\"56\">50<\/td><td width=\"56\">440<\/td><td width=\"56\">508<\/td><td width=\"56\">&#8211;<\/td><\/tr><tr><td width=\"56\">355<\/td><td width=\"56\">50<\/td><td width=\"56\">1097<\/td><td width=\"56\">600&#215;399<\/td><td width=\"56\">279&#215;399<\/td><td width=\"56\">50<\/td><td width=\"56\">1097<\/td><td width=\"56\">600&#215;399<\/td><td width=\"56\">279&#215;399<\/td><\/tr><tr><td width=\"56\">400<\/td><td width=\"56\">50<\/td><td width=\"56\">1202<\/td><td width=\"56\">674&#215;448<\/td><td width=\"56\">313&#215;448<\/td><td width=\"56\">50<\/td><td width=\"56\">1202<\/td><td width=\"56\">674&#215;448<\/td><td width=\"56\">313&#215;448<\/td><\/tr><tr><td width=\"56\">450<\/td><td width=\"56\">50<\/td><td width=\"56\">1322<\/td><td width=\"56\">758&#215;503<\/td><td width=\"56\">351&#215;503<\/td><td width=\"56\">50<\/td><td width=\"56\">1322<\/td><td width=\"56\">758&#215;503<\/td><td width=\"56\">351&#215;503<\/td><\/tr><tr><td width=\"56\">500<\/td><td width=\"56\">50<\/td><td width=\"56\">1440<\/td><td width=\"56\">840&#215;558<\/td><td width=\"56\">388&#215;558<\/td><td width=\"56\">50<\/td><td width=\"56\">1440<\/td><td width=\"56\">840&#215;558<\/td><td width=\"56\">388&#215;558<\/td><\/tr><tr><td width=\"56\">560<\/td><td width=\"56\">&#8211;<\/td><td width=\"56\">&#8211;<\/td><td width=\"56\">&#8211;<\/td><td width=\"56\">&#8211;<\/td><td width=\"56\">60<\/td><td width=\"56\">1570<\/td><td width=\"56\">923&#215;613<\/td><td width=\"56\">425&#215;613<\/td><\/tr><tr><td width=\"56\">600<\/td><td width=\"56\">60<\/td><td width=\"56\">1688<\/td><td width=\"56\">1005&#215;668<\/td><td width=\"56\">463&#215;668<\/td><td width=\"56\">60<\/td><td width=\"56\">1688<\/td><td width=\"56\">1005&#215;668<\/td><td width=\"56\">463&#215;668<\/td><\/tr><tr><td width=\"56\">630<\/td><td width=\"56\">&#8211;<\/td><td width=\"56\">&#8211;<\/td><td width=\"56\">&#8211;<\/td><td width=\"56\">&#8211;<\/td><td width=\"56\">70<\/td><td width=\"56\">1818<\/td><td width=\"56\">1089&#215;723<\/td><td width=\"56\">501&#215;723<\/td><\/tr><tr><td width=\"56\">700<\/td><td width=\"56\">70<\/td><td width=\"56\">1936<\/td><td width=\"56\">1170&#215;778<\/td><td width=\"56\">538&#215;778<\/td><td width=\"56\">70<\/td><td width=\"56\">1936<\/td><td width=\"56\">1170&#215;778<\/td><td width=\"56\">538&#215;778<\/td><\/tr><tr><td width=\"56\">710<\/td><td width=\"56\">&#8211;<\/td><td width=\"56\">&#8211;<\/td><td width=\"56\">&#8211;<\/td><td width=\"56\">&#8211;<\/td><td width=\"56\">80<\/td><td width=\"56\">2066<\/td><td width=\"56\">1254&#215;833<\/td><td width=\"56\">576&#215;833<\/td><\/tr><tr><td width=\"56\">800<\/td><td width=\"56\">80<\/td><td width=\"56\">2184<\/td><td width=\"56\">1336&#215;888<\/td><td width=\"56\">613&#215;888<\/td><td width=\"56\">80<\/td><td width=\"56\">2184<\/td><td width=\"56\">1336&#215;888<\/td><td width=\"56\">613&#215;888<\/td><\/tr><tr><td width=\"56\">900<\/td><td width=\"56\">90<\/td><td width=\"56\">2432<\/td><td width=\"56\">1501&#215;998<\/td><td width=\"56\">688&#215;998<\/td><td width=\"56\">90<\/td><td width=\"56\">2432<\/td><td width=\"56\">1501&#215;998<\/td><td width=\"56\">688&#215;998<\/td><\/tr><tr><td width=\"56\">1000<\/td><td width=\"56\">100<\/td><td width=\"56\">2680<\/td><td width=\"56\">1666&#215;1108<\/td><td width=\"56\">763&#215;1108<\/td><td width=\"56\">100<\/td><td width=\"56\">2680<\/td><td width=\"56\">1666&#215;1108<\/td><td width=\"56\">763&#215;1108<\/td><\/tr><tr><td width=\"56\">1200<\/td><td width=\"56\">120<\/td><td width=\"56\">3176<\/td><td width=\"56\">1997&#215;1328<\/td><td width=\"56\">913&#215;1328<\/td><td width=\"56\">120<\/td><td width=\"56\">3176<\/td><td width=\"56\">1997&#215;1328<\/td><td width=\"56\">913&#215;1328<\/td><\/tr><tr><td width=\"56\">1250<\/td><td width=\"56\">130<\/td><td width=\"56\">3306<\/td><td width=\"56\">2081&#215;1383<\/td><td width=\"56\">951&#215;1383<\/td><td width=\"56\">130<\/td><td width=\"56\">3306<\/td><td width=\"56\">2081&#215;1383<\/td><td width=\"56\">951&#215;1383<\/td><\/tr><tr><td colspan=\"9\" width=\"504\">\u00d8 355 mm-t\u0151l t\u00e9glalap alak\u00fa kivitel<\/td><\/tr><\/tbody><\/table>\t\t\t\t\t\t\t\t<\/div>\n\t\t\t\t<\/div>\n\t\t\t\t\t<\/div>\n\t\t<\/div>\n\t\t\t\t<div class=\"elementor-column elementor-col-50 elementor-inner-column elementor-element elementor-element-97bb919\" data-id=\"97bb919\" data-element_type=\"column\" data-e-type=\"column\">\n\t\t\t<div class=\"elementor-widget-wrap elementor-element-populated\">\n\t\t\t\t\t\t<div class=\"elementor-element elementor-element-1a349e7 elementor-widget elementor-widget-image\" data-id=\"1a349e7\" data-element_type=\"widget\" data-e-type=\"widget\" data-widget_type=\"image.default\">\n\t\t\t\t<div class=\"elementor-widget-container\">\n\t\t\t\t\t\t\t\t\t\t\t\t<figure class=\"wp-caption\">\n\t\t\t\t\t\t\t\t\t\t<img loading=\"lazy\" decoding=\"async\" width=\"216\" height=\"300\" src=\"https:\/\/www.akuplastics.com\/wp-content\/uploads\/2025\/10\/Deflektorhaube-Muffe-Flansch-PVC-U-PPs-PPs-EL-PP-H-PE-HD-PVDF-216x300.webp\" class=\"attachment-medium size-medium wp-image-29792\" alt=\"Deflektor burkolat tok PVC-U PPs PPs-EL PP-H PE-HD PVDF\" srcset=\"https:\/\/www.akuplastics.com\/wp-content\/uploads\/2025\/10\/Deflektorhaube-Muffe-Flansch-PVC-U-PPs-PPs-EL-PP-H-PE-HD-PVDF-216x300.webp 216w, https:\/\/www.akuplastics.com\/wp-content\/uploads\/2025\/10\/Deflektorhaube-Muffe-Flansch-PVC-U-PPs-PPs-EL-PP-H-PE-HD-PVDF.webp 500w\" sizes=\"auto, (max-width: 216px) 100vw, 216px\" \/>\t\t\t\t\t\t\t\t\t\t\t<figcaption class=\"widget-image-caption wp-caption-text\">Deflektor burkolat tok PVC-U PPs PPs-EL PP-H PE-HD PVDF<\/figcaption>\n\t\t\t\t\t\t\t\t\t\t<\/figure>\n\t\t\t\t\t\t\t\t\t<\/div>\n\t\t\t\t<\/div>\n\t\t\t\t<div class=\"elementor-element elementor-element-e1f56d4 elementor-widget elementor-widget-image\" data-id=\"e1f56d4\" data-element_type=\"widget\" data-e-type=\"widget\" data-widget_type=\"image.default\">\n\t\t\t\t<div class=\"elementor-widget-container\">\n\t\t\t\t\t\t\t\t\t\t\t\t<figure class=\"wp-caption\">\n\t\t\t\t\t\t\t\t\t\t<img loading=\"lazy\" decoding=\"async\" width=\"195\" height=\"300\" src=\"https:\/\/www.akuplastics.com\/wp-content\/uploads\/2025\/10\/Deflektorhaube-Muffe-Flansch-PVC-U-PPs-PPs-EL-PP-H-PE-HD-PVDF-2-195x300.webp\" class=\"attachment-medium size-medium wp-image-30016\" alt=\"Deflektor burkolat tok PVC-U PPs PPs-EL PP-H PE-HD PVDF\" srcset=\"https:\/\/www.akuplastics.com\/wp-content\/uploads\/2025\/10\/Deflektorhaube-Muffe-Flansch-PVC-U-PPs-PPs-EL-PP-H-PE-HD-PVDF-2-195x300.webp 195w, https:\/\/www.akuplastics.com\/wp-content\/uploads\/2025\/10\/Deflektorhaube-Muffe-Flansch-PVC-U-PPs-PPs-EL-PP-H-PE-HD-PVDF-2.webp 500w\" sizes=\"auto, (max-width: 195px) 100vw, 195px\" \/>\t\t\t\t\t\t\t\t\t\t\t<figcaption class=\"widget-image-caption wp-caption-text\">Deflektor burkolat tok PVC-U PPs PPs-EL PP-H PE-HD PVDF<\/figcaption>\n\t\t\t\t\t\t\t\t\t\t<\/figure>\n\t\t\t\t\t\t\t\t\t<\/div>\n\t\t\t\t<\/div>\n\t\t\t\t\t<\/div>\n\t\t<\/div>\n\t\t\t\t\t<\/div>\n\t\t<\/section>\n\t\t\t\t\t<\/div>\n\t\t<\/div>\n\t\t\t\t\t<\/div>\n\t\t<\/section>\n\t\t\t\t<\/div>\n\t\t","protected":false},"excerpt":{"rendered":"<p>Deflektor burkolat karmanty\u00faval PVC-U, PPs, PPs-EL, PP-H, PE-HD, PVDF anyagb\u00f3l Deflektor burkolat karmanty\u00faval. Kerek m\u0171anyag idom bels\u0151 \u00fctk\u00f6z\u0151vel, cs\u00f6vek hegeszt\u00e9si elj\u00e1r\u00e1ssal t\u00f6rt\u00e9n\u0151 \u00f6sszek\u00f6t\u00e9s\u00e9re elsz\u00edv\u00f3rendszerben. F\u00fcgg\u0151leges l\u00e9gki\u00e1raml\u00e1shoz, \u00e1raml\u00e1stani szempontb\u00f3l kedvez\u0151en kialak\u00edtott kerek h\u00e1z. Bels\u0151 gy\u0171jt\u0151t\u00f6lcs\u00e9r \u00e9s lefoly\u00f3cs\u0151 es\u0151v\u00edzhez. A tok bels\u0151 \u00e1tm\u00e9r\u0151je a DIN 8062 szabv\u00e1ny szerint. Gy\u00e1rt\u00e1si elj\u00e1r\u00e1s: f\u00e9lk\u00e9sz term\u00e9kekb\u0151l gy\u00e1rtva. Kerek kivitel, \u00d8 355 [&hellip;]<\/p>\n","protected":false},"author":3,"featured_media":29792,"parent":0,"menu_order":1,"comment_status":"closed","ping_status":"closed","template":"","meta":{"iawp_total_views":2,"footnotes":""},"class_list":["post-30241","page","type-page","status-publish","has-post-thumbnail","hentry"],"yoast_head":"<!-- This site is optimized with the Yoast SEO Premium plugin v27.4 (Yoast SEO v27.5) - https:\/\/yoast.com\/product\/yoast-seo-premium-wordpress\/ -->\n<title>Deflektor burkolat tok PVC-U PPs PPs-EL PP-H PE-HD PVDF<\/title>\n<meta name=\"description\" content=\"Deflektor burkolat karmanty\u00faval. Kerek m\u0171anyag idom bels\u0151 \u00fctk\u00f6z\u0151vel, cs\u00f6vek hegeszt\u00e9si elj\u00e1r\u00e1ssal t\u00f6rt\u00e9n\u0151 \u00f6sszek\u00f6t\u00e9s\u00e9re elsz\u00edv\u00f3rendszerben. F\u00fcgg\u0151leges l\u00e9gki\u00e1raml\u00e1shoz, \u00e1raml\u00e1stani szempontb\u00f3l kedvez\u0151en kialak\u00edtott kerek h\u00e1z. Bels\u0151 gy\u0171jt\u0151t\u00f6lcs\u00e9r \u00e9s lefoly\u00f3cs\u0151 es\u0151v\u00edzhez. A tok bels\u0151 \u00e1tm\u00e9r\u0151je a DIN 8062 szabv\u00e1ny szerint.\" \/>\n<meta name=\"robots\" content=\"index, follow, max-snippet:-1, max-image-preview:large, max-video-preview:-1\" \/>\n<link rel=\"canonical\" href=\"https:\/\/www.akuplastics.com\/hu\/deflektor-burkolat-karmantyuval\/\" \/>\n<script type=\"application\/ld+json\" class=\"yoast-schema-graph\">{\"@context\":\"https:\\\/\\\/schema.org\",\"@graph\":[{\"@type\":\"WebPage\",\"@id\":\"https:\\\/\\\/www.akuplastics.com\\\/hu\\\/deflektor-burkolat-karmantyuval\\\/\",\"url\":\"https:\\\/\\\/www.akuplastics.com\\\/hu\\\/deflektor-burkolat-karmantyuval\\\/\",\"name\":\"Deflektor burkolat tok PVC-U PPs PPs-EL PP-H PE-HD PVDF\",\"isPartOf\":{\"@id\":\"https:\\\/\\\/www.akuplastics.com\\\/hu\\\/#website\"},\"primaryImageOfPage\":{\"@id\":\"https:\\\/\\\/www.akuplastics.com\\\/hu\\\/deflektor-burkolat-karmantyuval\\\/#primaryimage\"},\"image\":{\"@id\":\"https:\\\/\\\/www.akuplastics.com\\\/hu\\\/deflektor-burkolat-karmantyuval\\\/#primaryimage\"},\"thumbnailUrl\":\"https:\\\/\\\/www.akuplastics.com\\\/wp-content\\\/uploads\\\/2025\\\/10\\\/Deflektorhaube-Muffe-Flansch-PVC-U-PPs-PPs-EL-PP-H-PE-HD-PVDF.webp\",\"datePublished\":\"2025-10-28T08:26:10+00:00\",\"dateModified\":\"2025-10-28T11:54:03+00:00\",\"description\":\"Deflektor burkolat karmanty\u00faval. Kerek m\u0171anyag idom bels\u0151 \u00fctk\u00f6z\u0151vel, cs\u00f6vek hegeszt\u00e9si elj\u00e1r\u00e1ssal t\u00f6rt\u00e9n\u0151 \u00f6sszek\u00f6t\u00e9s\u00e9re elsz\u00edv\u00f3rendszerben. F\u00fcgg\u0151leges l\u00e9gki\u00e1raml\u00e1shoz, \u00e1raml\u00e1stani szempontb\u00f3l kedvez\u0151en kialak\u00edtott kerek h\u00e1z. Bels\u0151 gy\u0171jt\u0151t\u00f6lcs\u00e9r \u00e9s lefoly\u00f3cs\u0151 es\u0151v\u00edzhez. A tok bels\u0151 \u00e1tm\u00e9r\u0151je a DIN 8062 szabv\u00e1ny szerint.\",\"breadcrumb\":{\"@id\":\"https:\\\/\\\/www.akuplastics.com\\\/hu\\\/deflektor-burkolat-karmantyuval\\\/#breadcrumb\"},\"inLanguage\":\"hu\",\"potentialAction\":[{\"@type\":\"ReadAction\",\"target\":[\"https:\\\/\\\/www.akuplastics.com\\\/hu\\\/deflektor-burkolat-karmantyuval\\\/\"]}]},{\"@type\":\"ImageObject\",\"inLanguage\":\"hu\",\"@id\":\"https:\\\/\\\/www.akuplastics.com\\\/hu\\\/deflektor-burkolat-karmantyuval\\\/#primaryimage\",\"url\":\"https:\\\/\\\/www.akuplastics.com\\\/wp-content\\\/uploads\\\/2025\\\/10\\\/Deflektorhaube-Muffe-Flansch-PVC-U-PPs-PPs-EL-PP-H-PE-HD-PVDF.webp\",\"contentUrl\":\"https:\\\/\\\/www.akuplastics.com\\\/wp-content\\\/uploads\\\/2025\\\/10\\\/Deflektorhaube-Muffe-Flansch-PVC-U-PPs-PPs-EL-PP-H-PE-HD-PVDF.webp\",\"width\":500,\"height\":695,\"caption\":\"Deflektor burkolat tok PVC-U PPs PPs-EL PP-H PE-HD PVDF\"},{\"@type\":\"BreadcrumbList\",\"@id\":\"https:\\\/\\\/www.akuplastics.com\\\/hu\\\/deflektor-burkolat-karmantyuval\\\/#breadcrumb\",\"itemListElement\":[{\"@type\":\"ListItem\",\"position\":1,\"name\":\"Kezd\u0151lap\",\"item\":\"https:\\\/\\\/www.akuplastics.com\\\/hu\\\/\"},{\"@type\":\"ListItem\",\"position\":2,\"name\":\"Deflektor burkolat karmanty\u00faval\"}]},{\"@type\":\"WebSite\",\"@id\":\"https:\\\/\\\/www.akuplastics.com\\\/hu\\\/#website\",\"url\":\"https:\\\/\\\/www.akuplastics.com\\\/hu\\\/\",\"name\":\"Semi-Finished Products \u2013 Finished Parts \u2013 Ventilation Moulded Parts \u2013 Machines\",\"description\":\"Halbzeuge, Halbfabrikate, Kunststoffhalbzeuge, Kunststoffhalbfabrikate\",\"publisher\":{\"@id\":\"https:\\\/\\\/www.akuplastics.com\\\/hu\\\/#organization\"},\"alternateName\":\"AKUPLASTICS \u2013 Engineering in Plastics\",\"potentialAction\":[{\"@type\":\"SearchAction\",\"target\":{\"@type\":\"EntryPoint\",\"urlTemplate\":\"https:\\\/\\\/www.akuplastics.com\\\/hu\\\/?s={search_term_string}\"},\"query-input\":{\"@type\":\"PropertyValueSpecification\",\"valueRequired\":true,\"valueName\":\"search_term_string\"}}],\"inLanguage\":\"hu\"},{\"@type\":\"Organization\",\"@id\":\"https:\\\/\\\/www.akuplastics.com\\\/hu\\\/#organization\",\"name\":\"Ing. Christian Ahlborn e.U.\",\"alternateName\":\"AKU\",\"url\":\"https:\\\/\\\/www.akuplastics.com\\\/hu\\\/\",\"logo\":{\"@type\":\"ImageObject\",\"inLanguage\":\"hu\",\"@id\":\"https:\\\/\\\/www.akuplastics.com\\\/hu\\\/#\\\/schema\\\/logo\\\/image\\\/\",\"url\":\"https:\\\/\\\/www.akuplastics.com\\\/wp-content\\\/uploads\\\/2020\\\/07\\\/Grafik14-inkl-r.png\",\"contentUrl\":\"https:\\\/\\\/www.akuplastics.com\\\/wp-content\\\/uploads\\\/2020\\\/07\\\/Grafik14-inkl-r.png\",\"width\":1994,\"height\":743,\"caption\":\"Ing. Christian Ahlborn e.U.\"},\"image\":{\"@id\":\"https:\\\/\\\/www.akuplastics.com\\\/hu\\\/#\\\/schema\\\/logo\\\/image\\\/\"}}]}<\/script>\n<!-- \/ Yoast SEO Premium plugin. -->","yoast_head_json":{"title":"Deflektor burkolat tok PVC-U PPs PPs-EL PP-H PE-HD PVDF","description":"Deflektor burkolat karmanty\u00faval. Kerek m\u0171anyag idom bels\u0151 \u00fctk\u00f6z\u0151vel, cs\u00f6vek hegeszt\u00e9si elj\u00e1r\u00e1ssal t\u00f6rt\u00e9n\u0151 \u00f6sszek\u00f6t\u00e9s\u00e9re elsz\u00edv\u00f3rendszerben. F\u00fcgg\u0151leges l\u00e9gki\u00e1raml\u00e1shoz, \u00e1raml\u00e1stani szempontb\u00f3l kedvez\u0151en kialak\u00edtott kerek h\u00e1z. Bels\u0151 gy\u0171jt\u0151t\u00f6lcs\u00e9r \u00e9s lefoly\u00f3cs\u0151 es\u0151v\u00edzhez. A tok bels\u0151 \u00e1tm\u00e9r\u0151je a DIN 8062 szabv\u00e1ny szerint.","robots":{"index":"index","follow":"follow","max-snippet":"max-snippet:-1","max-image-preview":"max-image-preview:large","max-video-preview":"max-video-preview:-1"},"canonical":"https:\/\/www.akuplastics.com\/hu\/deflektor-burkolat-karmantyuval\/","schema":{"@context":"https:\/\/schema.org","@graph":[{"@type":"WebPage","@id":"https:\/\/www.akuplastics.com\/hu\/deflektor-burkolat-karmantyuval\/","url":"https:\/\/www.akuplastics.com\/hu\/deflektor-burkolat-karmantyuval\/","name":"Deflektor burkolat tok PVC-U PPs PPs-EL PP-H PE-HD PVDF","isPartOf":{"@id":"https:\/\/www.akuplastics.com\/hu\/#website"},"primaryImageOfPage":{"@id":"https:\/\/www.akuplastics.com\/hu\/deflektor-burkolat-karmantyuval\/#primaryimage"},"image":{"@id":"https:\/\/www.akuplastics.com\/hu\/deflektor-burkolat-karmantyuval\/#primaryimage"},"thumbnailUrl":"https:\/\/www.akuplastics.com\/wp-content\/uploads\/2025\/10\/Deflektorhaube-Muffe-Flansch-PVC-U-PPs-PPs-EL-PP-H-PE-HD-PVDF.webp","datePublished":"2025-10-28T08:26:10+00:00","dateModified":"2025-10-28T11:54:03+00:00","description":"Deflektor burkolat karmanty\u00faval. Kerek m\u0171anyag idom bels\u0151 \u00fctk\u00f6z\u0151vel, cs\u00f6vek hegeszt\u00e9si elj\u00e1r\u00e1ssal t\u00f6rt\u00e9n\u0151 \u00f6sszek\u00f6t\u00e9s\u00e9re elsz\u00edv\u00f3rendszerben. F\u00fcgg\u0151leges l\u00e9gki\u00e1raml\u00e1shoz, \u00e1raml\u00e1stani szempontb\u00f3l kedvez\u0151en kialak\u00edtott kerek h\u00e1z. Bels\u0151 gy\u0171jt\u0151t\u00f6lcs\u00e9r \u00e9s lefoly\u00f3cs\u0151 es\u0151v\u00edzhez. A tok bels\u0151 \u00e1tm\u00e9r\u0151je a DIN 8062 szabv\u00e1ny szerint.","breadcrumb":{"@id":"https:\/\/www.akuplastics.com\/hu\/deflektor-burkolat-karmantyuval\/#breadcrumb"},"inLanguage":"hu","potentialAction":[{"@type":"ReadAction","target":["https:\/\/www.akuplastics.com\/hu\/deflektor-burkolat-karmantyuval\/"]}]},{"@type":"ImageObject","inLanguage":"hu","@id":"https:\/\/www.akuplastics.com\/hu\/deflektor-burkolat-karmantyuval\/#primaryimage","url":"https:\/\/www.akuplastics.com\/wp-content\/uploads\/2025\/10\/Deflektorhaube-Muffe-Flansch-PVC-U-PPs-PPs-EL-PP-H-PE-HD-PVDF.webp","contentUrl":"https:\/\/www.akuplastics.com\/wp-content\/uploads\/2025\/10\/Deflektorhaube-Muffe-Flansch-PVC-U-PPs-PPs-EL-PP-H-PE-HD-PVDF.webp","width":500,"height":695,"caption":"Deflektor burkolat tok PVC-U PPs PPs-EL PP-H PE-HD PVDF"},{"@type":"BreadcrumbList","@id":"https:\/\/www.akuplastics.com\/hu\/deflektor-burkolat-karmantyuval\/#breadcrumb","itemListElement":[{"@type":"ListItem","position":1,"name":"Kezd\u0151lap","item":"https:\/\/www.akuplastics.com\/hu\/"},{"@type":"ListItem","position":2,"name":"Deflektor burkolat karmanty\u00faval"}]},{"@type":"WebSite","@id":"https:\/\/www.akuplastics.com\/hu\/#website","url":"https:\/\/www.akuplastics.com\/hu\/","name":"Semi-Finished Products \u2013 Finished Parts \u2013 Ventilation Moulded Parts \u2013 Machines","description":"Halbzeuge, Halbfabrikate, Kunststoffhalbzeuge, Kunststoffhalbfabrikate","publisher":{"@id":"https:\/\/www.akuplastics.com\/hu\/#organization"},"alternateName":"AKUPLASTICS \u2013 Engineering in Plastics","potentialAction":[{"@type":"SearchAction","target":{"@type":"EntryPoint","urlTemplate":"https:\/\/www.akuplastics.com\/hu\/?s={search_term_string}"},"query-input":{"@type":"PropertyValueSpecification","valueRequired":true,"valueName":"search_term_string"}}],"inLanguage":"hu"},{"@type":"Organization","@id":"https:\/\/www.akuplastics.com\/hu\/#organization","name":"Ing. Christian Ahlborn e.U.","alternateName":"AKU","url":"https:\/\/www.akuplastics.com\/hu\/","logo":{"@type":"ImageObject","inLanguage":"hu","@id":"https:\/\/www.akuplastics.com\/hu\/#\/schema\/logo\/image\/","url":"https:\/\/www.akuplastics.com\/wp-content\/uploads\/2020\/07\/Grafik14-inkl-r.png","contentUrl":"https:\/\/www.akuplastics.com\/wp-content\/uploads\/2020\/07\/Grafik14-inkl-r.png","width":1994,"height":743,"caption":"Ing. Christian Ahlborn e.U."},"image":{"@id":"https:\/\/www.akuplastics.com\/hu\/#\/schema\/logo\/image\/"}}]}},"_links":{"self":[{"href":"https:\/\/www.akuplastics.com\/hu\/wp-json\/wp\/v2\/pages\/30241","targetHints":{"allow":["GET"]}}],"collection":[{"href":"https:\/\/www.akuplastics.com\/hu\/wp-json\/wp\/v2\/pages"}],"about":[{"href":"https:\/\/www.akuplastics.com\/hu\/wp-json\/wp\/v2\/types\/page"}],"author":[{"embeddable":true,"href":"https:\/\/www.akuplastics.com\/hu\/wp-json\/wp\/v2\/users\/3"}],"replies":[{"embeddable":true,"href":"https:\/\/www.akuplastics.com\/hu\/wp-json\/wp\/v2\/comments?post=30241"}],"version-history":[{"count":2,"href":"https:\/\/www.akuplastics.com\/hu\/wp-json\/wp\/v2\/pages\/30241\/revisions"}],"predecessor-version":[{"id":30249,"href":"https:\/\/www.akuplastics.com\/hu\/wp-json\/wp\/v2\/pages\/30241\/revisions\/30249"}],"wp:featuredmedia":[{"embeddable":true,"href":"https:\/\/www.akuplastics.com\/hu\/wp-json\/wp\/v2\/media\/29792"}],"wp:attachment":[{"href":"https:\/\/www.akuplastics.com\/hu\/wp-json\/wp\/v2\/media?parent=30241"}],"curies":[{"name":"wp","href":"https:\/\/api.w.org\/{rel}","templated":true}]}}