{"id":30169,"date":"2025-10-28T12:03:24","date_gmt":"2025-10-28T11:03:24","guid":{"rendered":"https:\/\/www.akuplastics.com\/nyeregidom-90-os-leagazassal\/"},"modified":"2025-10-28T12:53:11","modified_gmt":"2025-10-28T11:53:11","slug":"nyeregidom-90-os-leagazassal","status":"publish","type":"page","link":"https:\/\/www.akuplastics.com\/hu\/nyeregidom-90-os-leagazassal\/","title":{"rendered":"Nyeregidom 90\u00b0-os le\u00e1gaz\u00e1ssal"},"content":{"rendered":"\t\t<div data-elementor-type=\"wp-page\" data-elementor-id=\"30169\" class=\"elementor elementor-30169 elementor-29861\" data-elementor-post-type=\"page\">\n\t\t\t\t\t\t<section class=\"elementor-section elementor-top-section elementor-element elementor-element-6025abb3 elementor-section-full_width elementor-section-height-default elementor-section-height-default\" data-id=\"6025abb3\" data-element_type=\"section\" data-e-type=\"section\" data-settings=\"{&quot;background_background&quot;:&quot;gradient&quot;}\">\n\t\t\t\t\t\t<div class=\"elementor-container elementor-column-gap-default\">\n\t\t\t\t\t<div class=\"elementor-column elementor-col-100 elementor-top-column elementor-element elementor-element-c978d9b\" data-id=\"c978d9b\" data-element_type=\"column\" data-e-type=\"column\">\n\t\t\t<div class=\"elementor-widget-wrap elementor-element-populated\">\n\t\t\t\t\t\t<section class=\"elementor-section elementor-inner-section elementor-element elementor-element-1ead80f elementor-section-boxed elementor-section-height-default elementor-section-height-default\" data-id=\"1ead80f\" data-element_type=\"section\" data-e-type=\"section\">\n\t\t\t\t\t\t<div class=\"elementor-container elementor-column-gap-default\">\n\t\t\t\t\t<div class=\"elementor-column elementor-col-100 elementor-inner-column elementor-element elementor-element-97f2d40\" data-id=\"97f2d40\" data-element_type=\"column\" data-e-type=\"column\">\n\t\t\t<div class=\"elementor-widget-wrap elementor-element-populated\">\n\t\t\t\t\t\t<div class=\"elementor-element elementor-element-5288b20 elementor-widget__width-initial elementor-widget elementor-widget-text-editor\" data-id=\"5288b20\" data-element_type=\"widget\" data-e-type=\"widget\" data-widget_type=\"text-editor.default\">\n\t\t\t\t<div class=\"elementor-widget-container\">\n\t\t\t\t\t\t\t\t\t<h1 class=\"csc-firstHeader\" style=\"text-align: left;\">90\u00b0-os nyeregidom le\u00e1gaz\u00e1s tokkal vagy karim\u00e1val PVC-U PPs PPs-EL PP-H PE-HD PVD anyagb\u00f3l<\/h1>\t\t\t\t\t\t\t\t<\/div>\n\t\t\t\t<\/div>\n\t\t\t\t<div class=\"elementor-element elementor-element-843282f elementor-widget__width-initial elementor-widget elementor-widget-text-editor\" data-id=\"843282f\" data-element_type=\"widget\" data-e-type=\"widget\" data-widget_type=\"text-editor.default\">\n\t\t\t\t<div class=\"elementor-widget-container\">\n\t\t\t\t\t\t\t\t\t<p style=\"text-align: left;\">Nyeregidom 90\u00b0-os tokkal. Kerek m\u0171anyag idomdarab bels\u0151 \u00fctk\u00f6z\u0151vel, cs\u00f6vek hegeszt\u00e9si elj\u00e1r\u00e1ssal t\u00f6rt\u00e9n\u0151 \u00f6sszek\u00f6t\u00e9s\u00e9re elsz\u00edv\u00f3rendszerben.<\/p><p style=\"text-align: left;\">Szell\u0151z\u0151cs\u0151re hegeszt\u00e9shez. A tok bels\u0151 \u00e1tm\u00e9r\u0151je a DIN 8062 szabv\u00e1nyhoz igazodik, f\u00e9lk\u00e9sz term\u00e9kekb\u0151l gy\u00e1rtva.<\/p>\t\t\t\t\t\t\t\t<\/div>\n\t\t\t\t<\/div>\n\t\t\t\t<div class=\"elementor-element elementor-element-b534910 elementor-widget__width-initial elementor-widget elementor-widget-text-editor\" data-id=\"b534910\" data-element_type=\"widget\" data-e-type=\"widget\" data-widget_type=\"text-editor.default\">\n\t\t\t\t<div class=\"elementor-widget-container\">\n\t\t\t\t\t\t\t\t\t<p style=\"text-align: left;\"> <\/p><p style=\"text-align: left;\">Lehets\u00e9ges negat\u00edv t\u00falnyom\u00e1s k\u00e9r\u00e9sre, mechanikai, k\u00e9miai \u00e9s termikus terhel\u00e9s ut\u00e1n.<\/p>\t\t\t\t\t\t\t\t<\/div>\n\t\t\t\t<\/div>\n\t\t\t\t<div class=\"elementor-element elementor-element-5a28bf2 elementor-widget__width-initial elementor-widget elementor-widget-text-editor\" data-id=\"5a28bf2\" data-element_type=\"widget\" data-e-type=\"widget\" data-widget_type=\"text-editor.default\">\n\t\t\t\t<div class=\"elementor-widget-container\">\n\t\t\t\t\t\t\t\t\t<table width=\"800\"><tbody><tr> <td width=\"80\"> <\/td><td colspan=\"3\" width=\"240\">PVC<\/td><td colspan=\"2\" width=\"160\">PE-HD\/PP-H\/PPs\/PP-EL-s\/PVDF<\/td><td colspan=\"4\" width=\"320\">s\u0151 falvastags\u00e1ga<\/td><\/tr><tr><td width=\"80\">\u00d8<\/td><td width=\"80\">L<\/td><td width=\"80\">L1<\/td><td width=\"80\">s<\/td><td width=\"80\">L<\/td><td width=\"80\">L1<\/td><td width=\"80\">PPS<\/td><td width=\"80\">PP-H<\/td><td width=\"80\">PE-HD<\/td><td width=\"80\">PP-el-s<\/td><\/tr><tr><td width=\"80\">50<\/td><td width=\"80\">40<\/td><td width=\"80\">8<\/td><td width=\"80\">2,5<\/td><td width=\"80\">8<\/td><td width=\"80\">3<\/td><td width=\"80\">1,9<\/td><td width=\"80\">6<\/td><td width=\"80\">3<\/td><td width=\"80\">40<\/td><\/tr><tr><td width=\"80\">63<\/td><td width=\"80\">40<\/td><td width=\"80\">9<\/td><td width=\"80\">2,5<\/td><td width=\"80\">9<\/td><td width=\"80\">3<\/td><td width=\"80\">1,9<\/td><td width=\"80\">2,5<\/td><td width=\"80\">3<\/td><td width=\"80\">40<\/td><\/tr><tr><td width=\"80\">75<\/td><td width=\"80\">40<\/td><td width=\"80\">11<\/td><td width=\"80\">2,5<\/td><td width=\"80\">11<\/td><td width=\"80\">3<\/td><td width=\"80\">1,9<\/td><td width=\"80\">4,5<\/td><td width=\"80\">3<\/td><td width=\"80\">40<\/td><\/tr><tr><td width=\"80\">90<\/td><td width=\"80\">40<\/td><td width=\"80\">14<\/td><td width=\"80\">2,5<\/td><td width=\"80\">14<\/td><td width=\"80\">3<\/td><td width=\"80\">2,2<\/td><td width=\"80\">5,4<\/td><td width=\"80\">3<\/td><td width=\"80\">40<\/td><\/tr><tr><td width=\"80\">110<\/td><td width=\"80\">40<\/td><td width=\"80\">17<\/td><td width=\"80\">2,5<\/td><td width=\"80\">17<\/td><td width=\"80\">3<\/td><td width=\"80\">2,7<\/td><td width=\"80\">3,4<\/td><td width=\"80\">3<\/td><td width=\"80\">40<\/td><\/tr><tr><td width=\"80\">125<\/td><td width=\"80\">40<\/td><td width=\"80\">19<\/td><td width=\"80\">2,5<\/td><td width=\"80\">19<\/td><td width=\"80\">3<\/td><td width=\"80\">3,1<\/td><td width=\"80\">3,9<\/td><td width=\"80\">3<\/td><td width=\"80\">40<\/td><\/tr><tr><td width=\"80\">140<\/td><td width=\"80\">40<\/td><td width=\"80\">21<\/td><td width=\"80\">2,5<\/td><td width=\"80\">21<\/td><td width=\"80\">3<\/td><td width=\"80\">3,5<\/td><td width=\"80\">4,3<\/td><td width=\"80\">3<\/td><td width=\"80\">40<\/td><\/tr><tr><td width=\"80\">160<\/td><td width=\"80\">40<\/td><td width=\"80\">24<\/td><td width=\"80\">2,5<\/td><td width=\"80\">24<\/td><td width=\"80\">3<\/td><td width=\"80\">4<\/td><td width=\"80\">4<\/td><td width=\"80\">3<\/td><td width=\"80\">40<\/td><\/tr><tr><td width=\"80\">180<\/td><td width=\"80\">40<\/td><td width=\"80\">27<\/td><td width=\"80\">2,5<\/td><td width=\"80\">27<\/td><td width=\"80\">3<\/td><td width=\"80\">4,4<\/td><td width=\"80\">5,5<\/td><td width=\"80\">3,5<\/td><td width=\"80\">40<\/td><\/tr><tr><td width=\"80\">200<\/td><td width=\"80\">40<\/td><td width=\"80\">30<\/td><td width=\"80\">2,5<\/td><td width=\"80\">30<\/td><td width=\"80\">3<\/td><td width=\"80\">3<\/td><td width=\"80\">6,2<\/td><td width=\"80\">3,5<\/td><td width=\"80\">40<\/td><\/tr><tr><td width=\"80\">225<\/td><td width=\"80\">40<\/td><td width=\"80\">34<\/td><td width=\"80\">2,5<\/td><td width=\"80\">34<\/td><td width=\"80\">3,5<\/td><td width=\"80\">5,5<\/td><td width=\"80\">6,9<\/td><td width=\"80\">3,5<\/td><td width=\"80\">40<\/td><\/tr><tr><td width=\"80\">250<\/td><td width=\"80\">40<\/td><td width=\"80\">38<\/td><td width=\"80\">2,5<\/td><td width=\"80\">38<\/td><td width=\"80\">3,5<\/td><td width=\"80\">3,5<\/td><td width=\"80\">6,2<\/td><td width=\"80\">5<\/td><td width=\"80\">40<\/td><\/tr><tr><td width=\"80\">280<\/td><td width=\"80\">50<\/td><td width=\"80\">42<\/td><td width=\"80\">2,5<\/td><td width=\"80\">42<\/td><td width=\"80\">3,5<\/td><td width=\"80\">6,9<\/td><td width=\"80\">8,6<\/td><td width=\"80\">5<\/td><td width=\"80\">50<\/td><\/tr><tr><td width=\"80\">315<\/td><td width=\"80\">50<\/td><td width=\"80\">47<\/td><td width=\"80\">2,5<\/td><td width=\"80\">47<\/td><td width=\"80\">5<\/td><td width=\"80\">5<\/td><td width=\"80\">7,7<\/td><td width=\"80\">6<\/td><td width=\"80\">50<\/td><\/tr><tr><td width=\"80\">355<\/td><td width=\"80\">50<\/td><td width=\"80\">53<\/td><td width=\"80\">3<\/td><td width=\"80\">53<\/td><td width=\"80\">5<\/td><td width=\"80\">5<\/td><td width=\"80\">10,9<\/td><td width=\"80\">6<\/td><td width=\"80\">50<\/td><\/tr><tr><td width=\"80\">400<\/td><td width=\"80\">50<\/td><td width=\"80\">60<\/td><td width=\"80\">3<\/td><td width=\"80\">60<\/td><td width=\"80\">6<\/td><td width=\"80\">6<\/td><td width=\"80\">12,3<\/td><td width=\"80\">6<\/td><td width=\"80\">50<\/td><\/tr><tr><td width=\"80\">450<\/td><td width=\"80\">50<\/td><td width=\"80\">68<\/td><td width=\"80\">5<\/td><td width=\"80\">68<\/td><td width=\"80\">5<\/td><td width=\"80\">5<\/td><td width=\"80\">5<\/td><td width=\"80\">6<\/td><td width=\"80\">50<\/td><\/tr><tr><td width=\"80\">500<\/td><td width=\"80\">50<\/td><td width=\"80\">75<\/td><td width=\"80\">5<\/td><td width=\"80\">75<\/td><td width=\"80\">5<\/td><td width=\"80\">5<\/td><td width=\"80\">5<\/td><td width=\"80\">6<\/td><td width=\"80\">50<\/td><\/tr><tr><td width=\"80\">560<\/td><td width=\"80\">&#8211;<\/td><td width=\"80\">84<\/td><td width=\"80\">&#8211;<\/td><td width=\"80\">84<\/td><td width=\"80\">5<\/td><td width=\"80\">5<\/td><td width=\"80\">5<\/td><td width=\"80\">6<\/td><td width=\"80\">60<\/td><\/tr><tr><td width=\"80\">600<\/td><td width=\"80\">60<\/td><td width=\"80\">90<\/td><td width=\"80\">5<\/td><td width=\"80\">90<\/td><td width=\"80\">6<\/td><td width=\"80\">6<\/td><td width=\"80\">6<\/td><td width=\"80\">6<\/td><td width=\"80\">60<\/td><\/tr><tr><td width=\"80\">630<\/td><td width=\"80\">&#8211;<\/td><td width=\"80\">95<\/td><td width=\"80\">&#8211;<\/td><td width=\"80\">95<\/td><td width=\"80\">6<\/td><td width=\"80\">6<\/td><td width=\"80\">6<\/td><td width=\"80\">6<\/td><td width=\"80\">70<\/td><\/tr><tr><td width=\"80\">700<\/td><td width=\"80\">70<\/td><td width=\"80\">105<\/td><td width=\"80\">6<\/td><td width=\"80\">105<\/td><td width=\"80\">6<\/td><td width=\"80\">6<\/td><td width=\"80\">6<\/td><td width=\"80\">8<\/td><td width=\"80\">70<\/td><\/tr><tr><td width=\"80\">710<\/td><td width=\"80\">&#8211;<\/td><td width=\"80\">107<\/td><td width=\"80\">&#8211;<\/td><td width=\"80\">107<\/td><td width=\"80\">6<\/td><td width=\"80\">6<\/td><td width=\"80\">6<\/td><td width=\"80\">8<\/td><td width=\"80\">80<\/td><\/tr><tr><td width=\"80\">800<\/td><td width=\"80\">80<\/td><td width=\"80\">120<\/td><td width=\"80\">8<\/td><td width=\"80\">120<\/td><td width=\"80\">8<\/td><td width=\"80\">8<\/td><td width=\"80\">8<\/td><td width=\"80\">10<\/td><td width=\"80\">80<\/td><\/tr><tr><td width=\"80\">900<\/td><td width=\"80\">90<\/td><td width=\"80\">135<\/td><td width=\"80\">8<\/td><td width=\"80\">135<\/td><td width=\"80\">8<\/td><td width=\"80\">8<\/td><td width=\"80\">8<\/td><td width=\"80\">12<\/td><td width=\"80\">90<\/td><\/tr><tr><td width=\"80\">1000<\/td><td width=\"80\">100<\/td><td width=\"80\">150<\/td><td width=\"80\">10<\/td><td width=\"80\">150<\/td><td width=\"80\">10<\/td><td width=\"80\">10<\/td><td width=\"80\">10<\/td><td width=\"80\">12<\/td><td width=\"80\">100<\/td><\/tr><tr><td width=\"80\">1200<\/td><td width=\"80\">120<\/td><td width=\"80\">180<\/td><td width=\"80\">12<\/td><td width=\"80\">180<\/td><td width=\"80\">12<\/td><td width=\"80\">12<\/td><td width=\"80\">12<\/td><td width=\"80\">12<\/td><td width=\"80\">120<\/td><\/tr><tr><td width=\"80\">1250<\/td><td width=\"80\">130<\/td><td width=\"80\">188<\/td><td width=\"80\">12<\/td><td width=\"80\">188<\/td><td width=\"80\">12<\/td><td width=\"80\">12<\/td><td width=\"80\">12<\/td><td width=\"80\">12<\/td><td width=\"80\">130<\/td><\/tr><\/tbody><\/table>\t\t\t\t\t\t\t\t<\/div>\n\t\t\t\t<\/div>\n\t\t\t\t\t<\/div>\n\t\t<\/div>\n\t\t\t\t<div class=\"elementor-column elementor-col-50 elementor-inner-column elementor-element elementor-element-97bb919\" data-id=\"97bb919\" data-element_type=\"column\" data-e-type=\"column\">\n\t\t\t<div class=\"elementor-widget-wrap elementor-element-populated\">\n\t\t\t\t\t\t<div class=\"elementor-element elementor-element-e1f56d4 elementor-widget elementor-widget-image\" data-id=\"e1f56d4\" data-element_type=\"widget\" data-e-type=\"widget\" data-widget_type=\"image.default\">\n\t\t\t\t<div class=\"elementor-widget-container\">\n\t\t\t\t\t\t\t\t\t\t\t\t<figure class=\"wp-caption\">\n\t\t\t\t\t\t\t\t\t\t<img loading=\"lazy\" decoding=\"async\" width=\"277\" height=\"300\" src=\"https:\/\/www.akuplastics.com\/wp-content\/uploads\/2025\/10\/Sattelstutzen-90\u00b0-Abgang-PVC-U-PPs-PPs-EL-PP-H-PE-HD-PVDF-277x300.webp\" class=\"attachment-medium size-medium wp-image-30010\" alt=\"Nyeregidom 90\u00b0-os le\u00e1gaz\u00e1s PVC-U PPs PPs-EL PP-H PE-HD PVDF\" srcset=\"https:\/\/www.akuplastics.com\/wp-content\/uploads\/2025\/10\/Sattelstutzen-90\u00b0-Abgang-PVC-U-PPs-PPs-EL-PP-H-PE-HD-PVDF-277x300.webp 277w, https:\/\/www.akuplastics.com\/wp-content\/uploads\/2025\/10\/Sattelstutzen-90\u00b0-Abgang-PVC-U-PPs-PPs-EL-PP-H-PE-HD-PVDF.webp 500w\" sizes=\"auto, (max-width: 277px) 100vw, 277px\" \/>\t\t\t\t\t\t\t\t\t\t\t<figcaption class=\"widget-image-caption wp-caption-text\">Nyeregidom 90\u00b0-os le\u00e1gaz\u00e1s PVC-U PPs PPs-EL PP-H PE-HD PVDF<\/figcaption>\n\t\t\t\t\t\t\t\t\t\t<\/figure>\n\t\t\t\t\t\t\t\t\t<\/div>\n\t\t\t\t<\/div>\n\t\t\t\t\t<\/div>\n\t\t<\/div>\n\t\t\t\t\t<\/div>\n\t\t<\/section>\n\t\t\t\t\t<\/div>\n\t\t<\/div>\n\t\t\t\t\t<\/div>\n\t\t<\/section>\n\t\t\t\t<\/div>\n\t\t","protected":false},"excerpt":{"rendered":"<p>90\u00b0-os nyeregidom le\u00e1gaz\u00e1s tokkal vagy karim\u00e1val PVC-U PPs PPs-EL PP-H PE-HD PVD anyagb\u00f3l Nyeregidom 90\u00b0-os tokkal. Kerek m\u0171anyag idomdarab bels\u0151 \u00fctk\u00f6z\u0151vel, cs\u00f6vek hegeszt\u00e9si elj\u00e1r\u00e1ssal t\u00f6rt\u00e9n\u0151 \u00f6sszek\u00f6t\u00e9s\u00e9re elsz\u00edv\u00f3rendszerben. Szell\u0151z\u0151cs\u0151re hegeszt\u00e9shez. A tok bels\u0151 \u00e1tm\u00e9r\u0151je a DIN 8062 szabv\u00e1nyhoz igazodik, f\u00e9lk\u00e9sz term\u00e9kekb\u0151l gy\u00e1rtva. Lehets\u00e9ges negat\u00edv t\u00falnyom\u00e1s k\u00e9r\u00e9sre, mechanikai, k\u00e9miai \u00e9s termikus terhel\u00e9s ut\u00e1n. PVC PE-HD\/PP-H\/PPs\/PP-EL-s\/PVDF s\u0151 falvastags\u00e1ga [&hellip;]<\/p>\n","protected":false},"author":3,"featured_media":30010,"parent":0,"menu_order":1,"comment_status":"closed","ping_status":"closed","template":"","meta":{"iawp_total_views":0,"footnotes":""},"class_list":["post-30169","page","type-page","status-publish","has-post-thumbnail","hentry"],"yoast_head":"<!-- This site is optimized with the Yoast SEO Premium plugin v27.4 (Yoast SEO v27.5) - https:\/\/yoast.com\/product\/yoast-seo-premium-wordpress\/ -->\n<title>Nyeregidom 90\u00b0-os le\u00e1gaz\u00e1s tokkal PVC-U PPs PPs-EL PP-H PE-HD PVDF<\/title>\n<meta name=\"description\" content=\"90\u00b0-os nyeregidom le\u00e1gaz\u00e1s tokkal, kerek m\u0171anyag idom bels\u0151 \u00fctk\u00f6z\u0151vel, cs\u00f6vek hegeszt\u00e9si elj\u00e1r\u00e1ssal t\u00f6rt\u00e9n\u0151 \u00f6sszek\u00f6t\u00e9s\u00e9re elsz\u00edv\u00f3rendszerben. Szell\u0151z\u0151cs\u0151re hegeszt\u00e9shez. A tok bels\u0151 \u00e1tm\u00e9r\u0151je a DIN 8062 szabv\u00e1nyhoz igazodik, f\u00e9lk\u00e9sz term\u00e9kekb\u0151l gy\u00e1rtva.\" \/>\n<meta name=\"robots\" content=\"index, follow, max-snippet:-1, max-image-preview:large, max-video-preview:-1\" \/>\n<link rel=\"canonical\" href=\"https:\/\/www.akuplastics.com\/hu\/nyeregidom-90-os-leagazassal\/\" \/>\n<script type=\"application\/ld+json\" class=\"yoast-schema-graph\">{\"@context\":\"https:\\\/\\\/schema.org\",\"@graph\":[{\"@type\":\"WebPage\",\"@id\":\"https:\\\/\\\/www.akuplastics.com\\\/hu\\\/nyeregidom-90-os-leagazassal\\\/\",\"url\":\"https:\\\/\\\/www.akuplastics.com\\\/hu\\\/nyeregidom-90-os-leagazassal\\\/\",\"name\":\"Nyeregidom 90\u00b0-os le\u00e1gaz\u00e1s tokkal PVC-U PPs PPs-EL PP-H PE-HD PVDF\",\"isPartOf\":{\"@id\":\"https:\\\/\\\/www.akuplastics.com\\\/hu\\\/#website\"},\"primaryImageOfPage\":{\"@id\":\"https:\\\/\\\/www.akuplastics.com\\\/hu\\\/nyeregidom-90-os-leagazassal\\\/#primaryimage\"},\"image\":{\"@id\":\"https:\\\/\\\/www.akuplastics.com\\\/hu\\\/nyeregidom-90-os-leagazassal\\\/#primaryimage\"},\"thumbnailUrl\":\"https:\\\/\\\/www.akuplastics.com\\\/wp-content\\\/uploads\\\/2025\\\/10\\\/Sattelstutzen-90\u00b0-Abgang-PVC-U-PPs-PPs-EL-PP-H-PE-HD-PVDF.webp\",\"datePublished\":\"2025-10-28T11:03:24+00:00\",\"dateModified\":\"2025-10-28T11:53:11+00:00\",\"description\":\"90\u00b0-os nyeregidom le\u00e1gaz\u00e1s tokkal, kerek m\u0171anyag idom bels\u0151 \u00fctk\u00f6z\u0151vel, cs\u00f6vek hegeszt\u00e9si elj\u00e1r\u00e1ssal t\u00f6rt\u00e9n\u0151 \u00f6sszek\u00f6t\u00e9s\u00e9re elsz\u00edv\u00f3rendszerben. Szell\u0151z\u0151cs\u0151re hegeszt\u00e9shez. A tok bels\u0151 \u00e1tm\u00e9r\u0151je a DIN 8062 szabv\u00e1nyhoz igazodik, f\u00e9lk\u00e9sz term\u00e9kekb\u0151l gy\u00e1rtva.\",\"breadcrumb\":{\"@id\":\"https:\\\/\\\/www.akuplastics.com\\\/hu\\\/nyeregidom-90-os-leagazassal\\\/#breadcrumb\"},\"inLanguage\":\"hu\",\"potentialAction\":[{\"@type\":\"ReadAction\",\"target\":[\"https:\\\/\\\/www.akuplastics.com\\\/hu\\\/nyeregidom-90-os-leagazassal\\\/\"]}]},{\"@type\":\"ImageObject\",\"inLanguage\":\"hu\",\"@id\":\"https:\\\/\\\/www.akuplastics.com\\\/hu\\\/nyeregidom-90-os-leagazassal\\\/#primaryimage\",\"url\":\"https:\\\/\\\/www.akuplastics.com\\\/wp-content\\\/uploads\\\/2025\\\/10\\\/Sattelstutzen-90\u00b0-Abgang-PVC-U-PPs-PPs-EL-PP-H-PE-HD-PVDF.webp\",\"contentUrl\":\"https:\\\/\\\/www.akuplastics.com\\\/wp-content\\\/uploads\\\/2025\\\/10\\\/Sattelstutzen-90\u00b0-Abgang-PVC-U-PPs-PPs-EL-PP-H-PE-HD-PVDF.webp\",\"width\":500,\"height\":542,\"caption\":\"Nyeregidom 90\u00b0-os le\u00e1gaz\u00e1s PVC-U PPs PPs-EL PP-H PE-HD PVDF\"},{\"@type\":\"BreadcrumbList\",\"@id\":\"https:\\\/\\\/www.akuplastics.com\\\/hu\\\/nyeregidom-90-os-leagazassal\\\/#breadcrumb\",\"itemListElement\":[{\"@type\":\"ListItem\",\"position\":1,\"name\":\"Kezd\u0151lap\",\"item\":\"https:\\\/\\\/www.akuplastics.com\\\/hu\\\/\"},{\"@type\":\"ListItem\",\"position\":2,\"name\":\"Nyeregidom 90\u00b0-os le\u00e1gaz\u00e1ssal\"}]},{\"@type\":\"WebSite\",\"@id\":\"https:\\\/\\\/www.akuplastics.com\\\/hu\\\/#website\",\"url\":\"https:\\\/\\\/www.akuplastics.com\\\/hu\\\/\",\"name\":\"Semi-Finished Products \u2013 Finished Parts \u2013 Ventilation Moulded Parts \u2013 Machines\",\"description\":\"Halbzeuge, Halbfabrikate, Kunststoffhalbzeuge, Kunststoffhalbfabrikate\",\"publisher\":{\"@id\":\"https:\\\/\\\/www.akuplastics.com\\\/hu\\\/#organization\"},\"alternateName\":\"AKUPLASTICS \u2013 Engineering in Plastics\",\"potentialAction\":[{\"@type\":\"SearchAction\",\"target\":{\"@type\":\"EntryPoint\",\"urlTemplate\":\"https:\\\/\\\/www.akuplastics.com\\\/hu\\\/?s={search_term_string}\"},\"query-input\":{\"@type\":\"PropertyValueSpecification\",\"valueRequired\":true,\"valueName\":\"search_term_string\"}}],\"inLanguage\":\"hu\"},{\"@type\":\"Organization\",\"@id\":\"https:\\\/\\\/www.akuplastics.com\\\/hu\\\/#organization\",\"name\":\"Ing. Christian Ahlborn e.U.\",\"alternateName\":\"AKU\",\"url\":\"https:\\\/\\\/www.akuplastics.com\\\/hu\\\/\",\"logo\":{\"@type\":\"ImageObject\",\"inLanguage\":\"hu\",\"@id\":\"https:\\\/\\\/www.akuplastics.com\\\/hu\\\/#\\\/schema\\\/logo\\\/image\\\/\",\"url\":\"https:\\\/\\\/www.akuplastics.com\\\/wp-content\\\/uploads\\\/2020\\\/07\\\/Grafik14-inkl-r.png\",\"contentUrl\":\"https:\\\/\\\/www.akuplastics.com\\\/wp-content\\\/uploads\\\/2020\\\/07\\\/Grafik14-inkl-r.png\",\"width\":1994,\"height\":743,\"caption\":\"Ing. Christian Ahlborn e.U.\"},\"image\":{\"@id\":\"https:\\\/\\\/www.akuplastics.com\\\/hu\\\/#\\\/schema\\\/logo\\\/image\\\/\"}}]}<\/script>\n<!-- \/ Yoast SEO Premium plugin. -->","yoast_head_json":{"title":"Nyeregidom 90\u00b0-os le\u00e1gaz\u00e1s tokkal PVC-U PPs PPs-EL PP-H PE-HD PVDF","description":"90\u00b0-os nyeregidom le\u00e1gaz\u00e1s tokkal, kerek m\u0171anyag idom bels\u0151 \u00fctk\u00f6z\u0151vel, cs\u00f6vek hegeszt\u00e9si elj\u00e1r\u00e1ssal t\u00f6rt\u00e9n\u0151 \u00f6sszek\u00f6t\u00e9s\u00e9re elsz\u00edv\u00f3rendszerben. Szell\u0151z\u0151cs\u0151re hegeszt\u00e9shez. A tok bels\u0151 \u00e1tm\u00e9r\u0151je a DIN 8062 szabv\u00e1nyhoz igazodik, f\u00e9lk\u00e9sz term\u00e9kekb\u0151l gy\u00e1rtva.","robots":{"index":"index","follow":"follow","max-snippet":"max-snippet:-1","max-image-preview":"max-image-preview:large","max-video-preview":"max-video-preview:-1"},"canonical":"https:\/\/www.akuplastics.com\/hu\/nyeregidom-90-os-leagazassal\/","schema":{"@context":"https:\/\/schema.org","@graph":[{"@type":"WebPage","@id":"https:\/\/www.akuplastics.com\/hu\/nyeregidom-90-os-leagazassal\/","url":"https:\/\/www.akuplastics.com\/hu\/nyeregidom-90-os-leagazassal\/","name":"Nyeregidom 90\u00b0-os le\u00e1gaz\u00e1s tokkal PVC-U PPs PPs-EL PP-H PE-HD PVDF","isPartOf":{"@id":"https:\/\/www.akuplastics.com\/hu\/#website"},"primaryImageOfPage":{"@id":"https:\/\/www.akuplastics.com\/hu\/nyeregidom-90-os-leagazassal\/#primaryimage"},"image":{"@id":"https:\/\/www.akuplastics.com\/hu\/nyeregidom-90-os-leagazassal\/#primaryimage"},"thumbnailUrl":"https:\/\/www.akuplastics.com\/wp-content\/uploads\/2025\/10\/Sattelstutzen-90\u00b0-Abgang-PVC-U-PPs-PPs-EL-PP-H-PE-HD-PVDF.webp","datePublished":"2025-10-28T11:03:24+00:00","dateModified":"2025-10-28T11:53:11+00:00","description":"90\u00b0-os nyeregidom le\u00e1gaz\u00e1s tokkal, kerek m\u0171anyag idom bels\u0151 \u00fctk\u00f6z\u0151vel, cs\u00f6vek hegeszt\u00e9si elj\u00e1r\u00e1ssal t\u00f6rt\u00e9n\u0151 \u00f6sszek\u00f6t\u00e9s\u00e9re elsz\u00edv\u00f3rendszerben. Szell\u0151z\u0151cs\u0151re hegeszt\u00e9shez. A tok bels\u0151 \u00e1tm\u00e9r\u0151je a DIN 8062 szabv\u00e1nyhoz igazodik, f\u00e9lk\u00e9sz term\u00e9kekb\u0151l gy\u00e1rtva.","breadcrumb":{"@id":"https:\/\/www.akuplastics.com\/hu\/nyeregidom-90-os-leagazassal\/#breadcrumb"},"inLanguage":"hu","potentialAction":[{"@type":"ReadAction","target":["https:\/\/www.akuplastics.com\/hu\/nyeregidom-90-os-leagazassal\/"]}]},{"@type":"ImageObject","inLanguage":"hu","@id":"https:\/\/www.akuplastics.com\/hu\/nyeregidom-90-os-leagazassal\/#primaryimage","url":"https:\/\/www.akuplastics.com\/wp-content\/uploads\/2025\/10\/Sattelstutzen-90\u00b0-Abgang-PVC-U-PPs-PPs-EL-PP-H-PE-HD-PVDF.webp","contentUrl":"https:\/\/www.akuplastics.com\/wp-content\/uploads\/2025\/10\/Sattelstutzen-90\u00b0-Abgang-PVC-U-PPs-PPs-EL-PP-H-PE-HD-PVDF.webp","width":500,"height":542,"caption":"Nyeregidom 90\u00b0-os le\u00e1gaz\u00e1s PVC-U PPs PPs-EL PP-H PE-HD PVDF"},{"@type":"BreadcrumbList","@id":"https:\/\/www.akuplastics.com\/hu\/nyeregidom-90-os-leagazassal\/#breadcrumb","itemListElement":[{"@type":"ListItem","position":1,"name":"Kezd\u0151lap","item":"https:\/\/www.akuplastics.com\/hu\/"},{"@type":"ListItem","position":2,"name":"Nyeregidom 90\u00b0-os le\u00e1gaz\u00e1ssal"}]},{"@type":"WebSite","@id":"https:\/\/www.akuplastics.com\/hu\/#website","url":"https:\/\/www.akuplastics.com\/hu\/","name":"Semi-Finished Products \u2013 Finished Parts \u2013 Ventilation Moulded Parts \u2013 Machines","description":"Halbzeuge, Halbfabrikate, Kunststoffhalbzeuge, Kunststoffhalbfabrikate","publisher":{"@id":"https:\/\/www.akuplastics.com\/hu\/#organization"},"alternateName":"AKUPLASTICS \u2013 Engineering in Plastics","potentialAction":[{"@type":"SearchAction","target":{"@type":"EntryPoint","urlTemplate":"https:\/\/www.akuplastics.com\/hu\/?s={search_term_string}"},"query-input":{"@type":"PropertyValueSpecification","valueRequired":true,"valueName":"search_term_string"}}],"inLanguage":"hu"},{"@type":"Organization","@id":"https:\/\/www.akuplastics.com\/hu\/#organization","name":"Ing. Christian Ahlborn e.U.","alternateName":"AKU","url":"https:\/\/www.akuplastics.com\/hu\/","logo":{"@type":"ImageObject","inLanguage":"hu","@id":"https:\/\/www.akuplastics.com\/hu\/#\/schema\/logo\/image\/","url":"https:\/\/www.akuplastics.com\/wp-content\/uploads\/2020\/07\/Grafik14-inkl-r.png","contentUrl":"https:\/\/www.akuplastics.com\/wp-content\/uploads\/2020\/07\/Grafik14-inkl-r.png","width":1994,"height":743,"caption":"Ing. Christian Ahlborn e.U."},"image":{"@id":"https:\/\/www.akuplastics.com\/hu\/#\/schema\/logo\/image\/"}}]}},"_links":{"self":[{"href":"https:\/\/www.akuplastics.com\/hu\/wp-json\/wp\/v2\/pages\/30169","targetHints":{"allow":["GET"]}}],"collection":[{"href":"https:\/\/www.akuplastics.com\/hu\/wp-json\/wp\/v2\/pages"}],"about":[{"href":"https:\/\/www.akuplastics.com\/hu\/wp-json\/wp\/v2\/types\/page"}],"author":[{"embeddable":true,"href":"https:\/\/www.akuplastics.com\/hu\/wp-json\/wp\/v2\/users\/3"}],"replies":[{"embeddable":true,"href":"https:\/\/www.akuplastics.com\/hu\/wp-json\/wp\/v2\/comments?post=30169"}],"version-history":[{"count":2,"href":"https:\/\/www.akuplastics.com\/hu\/wp-json\/wp\/v2\/pages\/30169\/revisions"}],"predecessor-version":[{"id":30177,"href":"https:\/\/www.akuplastics.com\/hu\/wp-json\/wp\/v2\/pages\/30169\/revisions\/30177"}],"wp:featuredmedia":[{"embeddable":true,"href":"https:\/\/www.akuplastics.com\/hu\/wp-json\/wp\/v2\/media\/30010"}],"wp:attachment":[{"href":"https:\/\/www.akuplastics.com\/hu\/wp-json\/wp\/v2\/media?parent=30169"}],"curies":[{"name":"wp","href":"https:\/\/api.w.org\/{rel}","templated":true}]}}