{"id":30026,"date":"2025-10-28T12:42:02","date_gmt":"2025-10-28T11:42:02","guid":{"rendered":"https:\/\/www.akuplastics.com\/esovedo-sapka-csatlakozo\/"},"modified":"2025-10-28T12:49:56","modified_gmt":"2025-10-28T11:49:56","slug":"esovedo-sapka-csatlakozo","status":"publish","type":"page","link":"https:\/\/www.akuplastics.com\/hu\/esovedo-sapka-csatlakozo\/","title":{"rendered":"Es\u0151v\u00e9d\u0151 sapka csatlakoz\u00f3"},"content":{"rendered":"\t\t<div data-elementor-type=\"wp-page\" data-elementor-id=\"30026\" class=\"elementor elementor-30026 elementor-29943\" data-elementor-post-type=\"page\">\n\t\t\t\t\t\t<section class=\"elementor-section elementor-top-section elementor-element elementor-element-6025abb3 elementor-section-full_width elementor-section-height-default elementor-section-height-default\" data-id=\"6025abb3\" data-element_type=\"section\" data-e-type=\"section\" data-settings=\"{&quot;background_background&quot;:&quot;gradient&quot;}\">\n\t\t\t\t\t\t<div class=\"elementor-container elementor-column-gap-default\">\n\t\t\t\t\t<div class=\"elementor-column elementor-col-100 elementor-top-column elementor-element elementor-element-c978d9b\" data-id=\"c978d9b\" data-element_type=\"column\" data-e-type=\"column\">\n\t\t\t<div class=\"elementor-widget-wrap elementor-element-populated\">\n\t\t\t\t\t\t<section class=\"elementor-section elementor-inner-section elementor-element elementor-element-1ead80f elementor-section-boxed elementor-section-height-default elementor-section-height-default\" data-id=\"1ead80f\" data-element_type=\"section\" data-e-type=\"section\">\n\t\t\t\t\t\t<div class=\"elementor-container elementor-column-gap-default\">\n\t\t\t\t\t<div class=\"elementor-column elementor-col-100 elementor-inner-column elementor-element elementor-element-97f2d40\" data-id=\"97f2d40\" data-element_type=\"column\" data-e-type=\"column\">\n\t\t\t<div class=\"elementor-widget-wrap elementor-element-populated\">\n\t\t\t\t\t\t<div class=\"elementor-element elementor-element-5288b20 elementor-widget__width-initial elementor-widget elementor-widget-text-editor\" data-id=\"5288b20\" data-element_type=\"widget\" data-e-type=\"widget\" data-widget_type=\"text-editor.default\">\n\t\t\t\t<div class=\"elementor-widget-container\">\n\t\t\t\t\t\t\t\t\t<h1 class=\"csc-firstHeader\" style=\"text-align: left;\">Es\u0151v\u00e9d\u0151 sapka csatlakoz\u00f3val PVC-U PPs PPs-EL PP-H PE-HD PVDF anyagb\u00f3l<\/h1>\t\t\t\t\t\t\t\t<\/div>\n\t\t\t\t<\/div>\n\t\t\t\t<div class=\"elementor-element elementor-element-843282f elementor-widget__width-initial elementor-widget elementor-widget-text-editor\" data-id=\"843282f\" data-element_type=\"widget\" data-e-type=\"widget\" data-widget_type=\"text-editor.default\">\n\t\t\t\t<div class=\"elementor-widget-container\">\n\t\t\t\t\t\t\t\t\t<p style=\"text-align: left;\">Es\u0151v\u00e9d\u0151 sapka csatlakoz\u00f3val, k\u00f6r alak\u00fa m\u0171anyag idom bels\u0151 \u00fctk\u00f6z\u0151vel, cs\u00f6vek hegeszt\u00e9si elj\u00e1r\u00e1ssal t\u00f6rt\u00e9n\u0151 \u00f6sszek\u00f6t\u00e9s\u00e9re elsz\u00edv\u00f3rendszerben.<\/p><p style=\"text-align: left;\">F\u00fcgg\u0151leges l\u00e9gki\u00e1raml\u00e1shoz, \u00e1raml\u00e1stani szempontb\u00f3l optimaliz\u00e1lt kialak\u00edt\u00e1s.<\/p><p style=\"text-align: left;\">A tok bels\u0151 \u00e1tm\u00e9r\u0151je a DIN 8062 szabv\u00e1nyhoz igazodik. Gy\u00e1rt\u00e1si elj\u00e1r\u00e1s: f\u00e9lk\u00e9sz term\u00e9kekb\u0151l k\u00e9sz\u00fclt, kerek kivitel.<\/p>\t\t\t\t\t\t\t\t<\/div>\n\t\t\t\t<\/div>\n\t\t\t\t<div class=\"elementor-element elementor-element-b534910 elementor-widget__width-initial elementor-widget elementor-widget-text-editor\" data-id=\"b534910\" data-element_type=\"widget\" data-e-type=\"widget\" data-widget_type=\"text-editor.default\">\n\t\t\t\t<div class=\"elementor-widget-container\">\n\t\t\t\t\t\t\t\t\t<p style=\"text-align: left;\"> <\/p><p style=\"text-align: left;\">Lehets\u00e9ges negat\u00edv t\u00falnyom\u00e1s k\u00e9r\u00e9sre, mechanikai, k\u00e9miai \u00e9s termikus terhel\u00e9s ut\u00e1n.<\/p>\t\t\t\t\t\t\t\t<\/div>\n\t\t\t\t<\/div>\n\t\t\t\t<div class=\"elementor-element elementor-element-5a28bf2 elementor-widget__width-initial elementor-widget elementor-widget-text-editor\" data-id=\"5a28bf2\" data-element_type=\"widget\" data-e-type=\"widget\" data-widget_type=\"text-editor.default\">\n\t\t\t\t<div class=\"elementor-widget-container\">\n\t\t\t\t\t\t\t\t\t<table width=\"880\"><tbody><tr> <td width=\"80\"> <\/td><td colspan=\"5\" width=\"400\">PVC<\/td><td colspan=\"5\" width=\"400\">PE-HD\/PP-H\/PPs\/PP-EL-s\/PVDF<\/td><\/tr><tr><td width=\"80\">\u00d8<\/td><td width=\"80\">L<\/td><td width=\"80\">H<\/td><td width=\"80\">H1<\/td><td width=\"80\">B \u00d8<\/td><td width=\"80\">s<\/td><td width=\"80\">L<\/td><td width=\"80\">H<\/td><td width=\"80\">H1<\/td><td width=\"80\">B \u00d8<\/td><td width=\"80\">s<\/td><\/tr><tr><td width=\"80\">75<\/td><td width=\"80\">40<\/td><td width=\"80\">173<\/td><td width=\"80\">55<\/td><td width=\"80\">231<\/td><td width=\"80\">8<\/td><td width=\"80\">40<\/td><td width=\"80\">173<\/td><td width=\"80\">55<\/td><td width=\"80\">231<\/td><td width=\"80\">8<\/td><\/tr><tr><td width=\"80\">90<\/td><td width=\"80\">40<\/td><td width=\"80\">173<\/td><td width=\"80\">55<\/td><td width=\"80\">231<\/td><td width=\"80\">8<\/td><td width=\"80\">40<\/td><td width=\"80\">173<\/td><td width=\"80\">55<\/td><td width=\"80\">231<\/td><td width=\"80\">8<\/td><\/tr><tr><td width=\"80\">110<\/td><td width=\"80\">40<\/td><td width=\"80\">173<\/td><td width=\"80\">55<\/td><td width=\"80\">231<\/td><td width=\"80\">8<\/td><td width=\"80\">40<\/td><td width=\"80\">173<\/td><td width=\"80\">55<\/td><td width=\"80\">231<\/td><td width=\"80\">8<\/td><\/tr><tr><td width=\"80\">125<\/td><td width=\"80\">40<\/td><td width=\"80\">181<\/td><td width=\"80\">63<\/td><td width=\"80\">231<\/td><td width=\"80\">8<\/td><td width=\"80\">40<\/td><td width=\"80\">181<\/td><td width=\"80\">63<\/td><td width=\"80\">231<\/td><td width=\"80\">8<\/td><\/tr><tr><td width=\"80\">140<\/td><td width=\"80\">40<\/td><td width=\"80\">188<\/td><td width=\"80\">70<\/td><td width=\"80\">256<\/td><td width=\"80\">8<\/td><td width=\"80\">40<\/td><td width=\"80\">188<\/td><td width=\"80\">70<\/td><td width=\"80\">256<\/td><td width=\"80\">8<\/td><\/tr><tr><td width=\"80\">160<\/td><td width=\"80\">40<\/td><td width=\"80\">198<\/td><td width=\"80\">80<\/td><td width=\"80\">256<\/td><td width=\"80\">8<\/td><td width=\"80\">40<\/td><td width=\"80\">198<\/td><td width=\"80\">80<\/td><td width=\"80\">256<\/td><td width=\"80\">8<\/td><\/tr><tr><td width=\"80\">180<\/td><td width=\"80\">40<\/td><td width=\"80\">208<\/td><td width=\"80\">90<\/td><td width=\"80\">286<\/td><td width=\"80\">8<\/td><td width=\"80\">40<\/td><td width=\"80\">208<\/td><td width=\"80\">90<\/td><td width=\"80\">286<\/td><td width=\"80\">8<\/td><\/tr><tr><td width=\"80\">200<\/td><td width=\"80\">40<\/td><td width=\"80\">218<\/td><td width=\"80\">100<\/td><td width=\"80\">321<\/td><td width=\"80\">8<\/td><td width=\"80\">40<\/td><td width=\"80\">218<\/td><td width=\"80\">100<\/td><td width=\"80\">321<\/td><td width=\"80\">8<\/td><\/tr><tr><td width=\"80\">225<\/td><td width=\"80\">40<\/td><td width=\"80\">231<\/td><td width=\"80\">113<\/td><td width=\"80\">361<\/td><td width=\"80\">8<\/td><td width=\"80\">40<\/td><td width=\"80\">231<\/td><td width=\"80\">113<\/td><td width=\"80\">361<\/td><td width=\"80\">8<\/td><\/tr><tr><td width=\"80\">250<\/td><td width=\"80\">40<\/td><td width=\"80\">243<\/td><td width=\"80\">125<\/td><td width=\"80\">406<\/td><td width=\"80\">8<\/td><td width=\"80\">40<\/td><td width=\"80\">243<\/td><td width=\"80\">125<\/td><td width=\"80\">406<\/td><td width=\"80\">8<\/td><\/tr><tr><td width=\"80\">280<\/td><td width=\"80\">50<\/td><td width=\"80\">258<\/td><td width=\"80\">140<\/td><td width=\"80\">450<\/td><td width=\"80\">10<\/td><td width=\"80\">50<\/td><td width=\"80\">258<\/td><td width=\"80\">140<\/td><td width=\"80\">450<\/td><td width=\"80\">10<\/td><\/tr><tr><td width=\"80\">315<\/td><td width=\"80\">50<\/td><td width=\"80\">276<\/td><td width=\"80\">158<\/td><td width=\"80\">500<\/td><td width=\"80\">10<\/td><td width=\"80\">50<\/td><td width=\"80\">276<\/td><td width=\"80\">158<\/td><td width=\"80\">500<\/td><td width=\"80\">10<\/td><\/tr><tr><td width=\"80\">355<\/td><td width=\"80\">50<\/td><td width=\"80\">296<\/td><td width=\"80\">178<\/td><td width=\"80\">550<\/td><td width=\"80\">10<\/td><td width=\"80\">50<\/td><td width=\"80\">296<\/td><td width=\"80\">178<\/td><td width=\"80\">550<\/td><td width=\"80\">10<\/td><\/tr><tr><td width=\"80\">400<\/td><td width=\"80\">50<\/td><td width=\"80\">318<\/td><td width=\"80\">200<\/td><td width=\"80\">600<\/td><td width=\"80\">10<\/td><td width=\"80\">50<\/td><td width=\"80\">318<\/td><td width=\"80\">200<\/td><td width=\"80\">600<\/td><td width=\"80\">10<\/td><\/tr><tr><td width=\"80\">450<\/td><td width=\"80\">55<\/td><td width=\"80\">353<\/td><td width=\"80\">225<\/td><td width=\"80\">650<\/td><td width=\"80\">10<\/td><td width=\"80\">55<\/td><td width=\"80\">353<\/td><td width=\"80\">225<\/td><td width=\"80\">650<\/td><td width=\"80\">10<\/td><\/tr><tr><td width=\"80\">500<\/td><td width=\"80\">55<\/td><td width=\"80\">378<\/td><td width=\"80\">250<\/td><td width=\"80\">700<\/td><td width=\"80\">10<\/td><td width=\"80\">55<\/td><td width=\"80\">378<\/td><td width=\"80\">250<\/td><td width=\"80\">700<\/td><td width=\"80\">10<\/td><\/tr><tr><td width=\"80\">560<\/td><td width=\"80\">&#8211;<\/td><td width=\"80\">&#8211;<\/td><td width=\"80\">&#8211;<\/td><td width=\"80\">&#8211;<\/td><td width=\"80\">&#8211;<\/td><td width=\"80\">55<\/td><td width=\"80\">408<\/td><td width=\"80\">280<\/td><td width=\"80\">750<\/td><td width=\"80\">10<\/td><\/tr><tr><td width=\"80\">600<\/td><td width=\"80\">55<\/td><td width=\"80\">428<\/td><td width=\"80\">300<\/td><td width=\"80\">800<\/td><td width=\"80\">10<\/td><td width=\"80\">55<\/td><td width=\"80\">428<\/td><td width=\"80\">300<\/td><td width=\"80\">800<\/td><td width=\"80\">10<\/td><\/tr><tr><td width=\"80\">630<\/td><td width=\"80\">&#8211;<\/td><td width=\"80\">&#8211;<\/td><td width=\"80\">&#8211;<\/td><td width=\"80\">&#8211;<\/td><td width=\"80\">&#8211;<\/td><td width=\"80\">55<\/td><td width=\"80\">443<\/td><td width=\"80\">315<\/td><td width=\"80\">850<\/td><td width=\"80\">10<\/td><\/tr><tr><td width=\"80\">700<\/td><td width=\"80\">70<\/td><td width=\"80\">508<\/td><td width=\"80\">350<\/td><td width=\"80\">900<\/td><td width=\"80\">10<\/td><td width=\"80\">70<\/td><td width=\"80\">508<\/td><td width=\"80\">350<\/td><td width=\"80\">900<\/td><td width=\"80\">10<\/td><\/tr><tr><td width=\"80\">710<\/td><td width=\"80\">&#8211;<\/td><td width=\"80\">&#8211;<\/td><td width=\"80\">&#8211;<\/td><td width=\"80\">&#8211;<\/td><td width=\"80\">&#8211;<\/td><td width=\"80\">70<\/td><td width=\"80\">533<\/td><td width=\"80\">355<\/td><td width=\"80\">900<\/td><td width=\"80\">10<\/td><\/tr><tr><td width=\"80\">800<\/td><td width=\"80\">80<\/td><td width=\"80\">580<\/td><td width=\"80\">400<\/td><td width=\"80\">1000<\/td><td width=\"80\">10<\/td><td width=\"80\">80<\/td><td width=\"80\">580<\/td><td width=\"80\">400<\/td><td width=\"80\">1000<\/td><td width=\"80\">10<\/td><\/tr><tr><td width=\"80\">900<\/td><td width=\"80\">90<\/td><td width=\"80\">650<\/td><td width=\"80\">450<\/td><td width=\"80\">1100<\/td><td width=\"80\">10<\/td><td width=\"80\">90<\/td><td width=\"80\">650<\/td><td width=\"80\">450<\/td><td width=\"80\">1100<\/td><td width=\"80\">10<\/td><\/tr><tr><td width=\"80\">1000<\/td><td width=\"80\">100<\/td><td width=\"80\">720<\/td><td width=\"80\">500<\/td><td width=\"80\">1200<\/td><td width=\"80\">12<\/td><td width=\"80\">100<\/td><td width=\"80\">720<\/td><td width=\"80\">500<\/td><td width=\"80\">1200<\/td><td width=\"80\">12<\/td><\/tr><tr><td width=\"80\">1200<\/td><td width=\"80\">120<\/td><td width=\"80\">860<\/td><td width=\"80\">600<\/td><td width=\"80\">1400<\/td><td width=\"80\">12<\/td><td width=\"80\">120<\/td><td width=\"80\">860<\/td><td width=\"80\">600<\/td><td width=\"80\">1400<\/td><td width=\"80\">12<\/td><\/tr><tr><td width=\"80\">1250<\/td><td width=\"80\">130<\/td><td width=\"80\">905<\/td><td width=\"80\">625<\/td><td width=\"80\">1450<\/td><td width=\"80\">12<\/td><td width=\"80\">130<\/td><td width=\"80\">905<\/td><td width=\"80\">625<\/td><td width=\"80\">1450<\/td><td width=\"80\">12<\/td><\/tr><\/tbody><\/table>\t\t\t\t\t\t\t\t<\/div>\n\t\t\t\t<\/div>\n\t\t\t\t\t<\/div>\n\t\t<\/div>\n\t\t\t\t<div class=\"elementor-column elementor-col-50 elementor-inner-column elementor-element elementor-element-97bb919\" data-id=\"97bb919\" data-element_type=\"column\" data-e-type=\"column\">\n\t\t\t<div class=\"elementor-widget-wrap elementor-element-populated\">\n\t\t\t\t\t\t<div class=\"elementor-element elementor-element-f3d0cb4 elementor-widget elementor-widget-image\" data-id=\"f3d0cb4\" data-element_type=\"widget\" data-e-type=\"widget\" data-widget_type=\"image.default\">\n\t\t\t\t<div class=\"elementor-widget-container\">\n\t\t\t\t\t\t\t\t\t\t\t\t<figure class=\"wp-caption\">\n\t\t\t\t\t\t\t\t\t\t<img loading=\"lazy\" decoding=\"async\" width=\"214\" height=\"300\" src=\"https:\/\/www.akuplastics.com\/wp-content\/uploads\/2025\/10\/Regenhauben-Muffe-PVC-U-PPs-PPs-EL-PP-H-PE-HD-PVDF-214x300.webp\" class=\"attachment-medium size-medium wp-image-29971\" alt=\"Tokos es\u0151v\u00e9d\u0151 burkolatok PVC-U PPs PPs-EL PP-H PE-HD PVDF\" srcset=\"https:\/\/www.akuplastics.com\/wp-content\/uploads\/2025\/10\/Regenhauben-Muffe-PVC-U-PPs-PPs-EL-PP-H-PE-HD-PVDF-214x300.webp 214w, https:\/\/www.akuplastics.com\/wp-content\/uploads\/2025\/10\/Regenhauben-Muffe-PVC-U-PPs-PPs-EL-PP-H-PE-HD-PVDF.webp 500w\" sizes=\"auto, (max-width: 214px) 100vw, 214px\" \/>\t\t\t\t\t\t\t\t\t\t\t<figcaption class=\"widget-image-caption wp-caption-text\">Tokos es\u0151v\u00e9d\u0151 burkolatok PVC-U PPs PPs-EL PP-H PE-HD PVDF<\/figcaption>\n\t\t\t\t\t\t\t\t\t\t<\/figure>\n\t\t\t\t\t\t\t\t\t<\/div>\n\t\t\t\t<\/div>\n\t\t\t\t\t<\/div>\n\t\t<\/div>\n\t\t\t\t\t<\/div>\n\t\t<\/section>\n\t\t\t\t\t<\/div>\n\t\t<\/div>\n\t\t\t\t\t<\/div>\n\t\t<\/section>\n\t\t\t\t<\/div>\n\t\t","protected":false},"excerpt":{"rendered":"<p>Es\u0151v\u00e9d\u0151 sapka csatlakoz\u00f3val PVC-U PPs PPs-EL PP-H PE-HD PVDF anyagb\u00f3l Es\u0151v\u00e9d\u0151 sapka csatlakoz\u00f3val, k\u00f6r alak\u00fa m\u0171anyag idom bels\u0151 \u00fctk\u00f6z\u0151vel, cs\u00f6vek hegeszt\u00e9si elj\u00e1r\u00e1ssal t\u00f6rt\u00e9n\u0151 \u00f6sszek\u00f6t\u00e9s\u00e9re elsz\u00edv\u00f3rendszerben. F\u00fcgg\u0151leges l\u00e9gki\u00e1raml\u00e1shoz, \u00e1raml\u00e1stani szempontb\u00f3l optimaliz\u00e1lt kialak\u00edt\u00e1s. A tok bels\u0151 \u00e1tm\u00e9r\u0151je a DIN 8062 szabv\u00e1nyhoz igazodik. Gy\u00e1rt\u00e1si elj\u00e1r\u00e1s: f\u00e9lk\u00e9sz term\u00e9kekb\u0151l k\u00e9sz\u00fclt, kerek kivitel. Lehets\u00e9ges negat\u00edv t\u00falnyom\u00e1s k\u00e9r\u00e9sre, mechanikai, k\u00e9miai \u00e9s termikus [&hellip;]<\/p>\n","protected":false},"author":3,"featured_media":29971,"parent":0,"menu_order":0,"comment_status":"closed","ping_status":"closed","template":"","meta":{"iawp_total_views":3,"footnotes":""},"class_list":["post-30026","page","type-page","status-publish","has-post-thumbnail","hentry"],"yoast_head":"<!-- This site is optimized with the Yoast SEO Premium plugin v27.4 (Yoast SEO v27.5) - https:\/\/yoast.com\/product\/yoast-seo-premium-wordpress\/ -->\n<title>Tokos es\u0151v\u00e9d\u0151 burkolatok PVC-U PPs PPs-EL PP-H PE-HD PVDF<\/title>\n<meta name=\"description\" content=\"Es\u0151v\u00e9d\u0151 sapk\u00e1k csatlakoz\u00f3val PVC-U PPs PPs-EL PP-H PE-HD PVDFh anyagb\u00f3l, k\u00f6r alak\u00fa m\u0171anyag idom bels\u0151 \u00fctk\u00f6z\u0151vel, cs\u00f6vek hegeszt\u00e9si elj\u00e1r\u00e1ssal t\u00f6rt\u00e9n\u0151 \u00f6sszek\u00f6t\u00e9s\u00e9re elsz\u00edv\u00f3rendszerben. F\u00fcgg\u0151leges l\u00e9gki\u00e1raml\u00e1shoz, \u00e1raml\u00e1stechnikailag optimaliz\u00e1lt kialak\u00edt\u00e1s. A csatlakoz\u00f3 bels\u0151 \u00e1tm\u00e9r\u0151je a DIN 8062 szabv\u00e1ny szerint. Gy\u00e1rt\u00e1si elj\u00e1r\u00e1s: f\u00e9lk\u00e9sz term\u00e9kekb\u0151l k\u00e9sz\u00fclt, kerek kivitel.\" \/>\n<meta name=\"robots\" content=\"index, follow, max-snippet:-1, max-image-preview:large, max-video-preview:-1\" \/>\n<link rel=\"canonical\" href=\"https:\/\/www.akuplastics.com\/hu\/esovedo-sapka-csatlakozo\/\" \/>\n<script type=\"application\/ld+json\" class=\"yoast-schema-graph\">{\"@context\":\"https:\\\/\\\/schema.org\",\"@graph\":[{\"@type\":\"WebPage\",\"@id\":\"https:\\\/\\\/www.akuplastics.com\\\/hu\\\/esovedo-sapka-csatlakozo\\\/\",\"url\":\"https:\\\/\\\/www.akuplastics.com\\\/hu\\\/esovedo-sapka-csatlakozo\\\/\",\"name\":\"Tokos es\u0151v\u00e9d\u0151 burkolatok PVC-U PPs PPs-EL PP-H PE-HD PVDF\",\"isPartOf\":{\"@id\":\"https:\\\/\\\/www.akuplastics.com\\\/hu\\\/#website\"},\"primaryImageOfPage\":{\"@id\":\"https:\\\/\\\/www.akuplastics.com\\\/hu\\\/esovedo-sapka-csatlakozo\\\/#primaryimage\"},\"image\":{\"@id\":\"https:\\\/\\\/www.akuplastics.com\\\/hu\\\/esovedo-sapka-csatlakozo\\\/#primaryimage\"},\"thumbnailUrl\":\"https:\\\/\\\/www.akuplastics.com\\\/wp-content\\\/uploads\\\/2025\\\/10\\\/Regenhauben-Muffe-PVC-U-PPs-PPs-EL-PP-H-PE-HD-PVDF.webp\",\"datePublished\":\"2025-10-28T11:42:02+00:00\",\"dateModified\":\"2025-10-28T11:49:56+00:00\",\"description\":\"Es\u0151v\u00e9d\u0151 sapk\u00e1k csatlakoz\u00f3val PVC-U PPs PPs-EL PP-H PE-HD PVDFh anyagb\u00f3l, k\u00f6r alak\u00fa m\u0171anyag idom bels\u0151 \u00fctk\u00f6z\u0151vel, cs\u00f6vek hegeszt\u00e9si elj\u00e1r\u00e1ssal t\u00f6rt\u00e9n\u0151 \u00f6sszek\u00f6t\u00e9s\u00e9re elsz\u00edv\u00f3rendszerben. F\u00fcgg\u0151leges l\u00e9gki\u00e1raml\u00e1shoz, \u00e1raml\u00e1stechnikailag optimaliz\u00e1lt kialak\u00edt\u00e1s. A csatlakoz\u00f3 bels\u0151 \u00e1tm\u00e9r\u0151je a DIN 8062 szabv\u00e1ny szerint. Gy\u00e1rt\u00e1si elj\u00e1r\u00e1s: f\u00e9lk\u00e9sz term\u00e9kekb\u0151l k\u00e9sz\u00fclt, kerek kivitel.\",\"breadcrumb\":{\"@id\":\"https:\\\/\\\/www.akuplastics.com\\\/hu\\\/esovedo-sapka-csatlakozo\\\/#breadcrumb\"},\"inLanguage\":\"hu\",\"potentialAction\":[{\"@type\":\"ReadAction\",\"target\":[\"https:\\\/\\\/www.akuplastics.com\\\/hu\\\/esovedo-sapka-csatlakozo\\\/\"]}]},{\"@type\":\"ImageObject\",\"inLanguage\":\"hu\",\"@id\":\"https:\\\/\\\/www.akuplastics.com\\\/hu\\\/esovedo-sapka-csatlakozo\\\/#primaryimage\",\"url\":\"https:\\\/\\\/www.akuplastics.com\\\/wp-content\\\/uploads\\\/2025\\\/10\\\/Regenhauben-Muffe-PVC-U-PPs-PPs-EL-PP-H-PE-HD-PVDF.webp\",\"contentUrl\":\"https:\\\/\\\/www.akuplastics.com\\\/wp-content\\\/uploads\\\/2025\\\/10\\\/Regenhauben-Muffe-PVC-U-PPs-PPs-EL-PP-H-PE-HD-PVDF.webp\",\"width\":500,\"height\":702,\"caption\":\"Tokos es\u0151v\u00e9d\u0151 burkolatok PVC-U PPs PPs-EL PP-H PE-HD PVDF\"},{\"@type\":\"BreadcrumbList\",\"@id\":\"https:\\\/\\\/www.akuplastics.com\\\/hu\\\/esovedo-sapka-csatlakozo\\\/#breadcrumb\",\"itemListElement\":[{\"@type\":\"ListItem\",\"position\":1,\"name\":\"Kezd\u0151lap\",\"item\":\"https:\\\/\\\/www.akuplastics.com\\\/hu\\\/\"},{\"@type\":\"ListItem\",\"position\":2,\"name\":\"Es\u0151v\u00e9d\u0151 sapka csatlakoz\u00f3\"}]},{\"@type\":\"WebSite\",\"@id\":\"https:\\\/\\\/www.akuplastics.com\\\/hu\\\/#website\",\"url\":\"https:\\\/\\\/www.akuplastics.com\\\/hu\\\/\",\"name\":\"Semi-Finished Products \u2013 Finished Parts \u2013 Ventilation Moulded Parts \u2013 Machines\",\"description\":\"Halbzeuge, Halbfabrikate, Kunststoffhalbzeuge, Kunststoffhalbfabrikate\",\"publisher\":{\"@id\":\"https:\\\/\\\/www.akuplastics.com\\\/hu\\\/#organization\"},\"alternateName\":\"AKUPLASTICS \u2013 Engineering in Plastics\",\"potentialAction\":[{\"@type\":\"SearchAction\",\"target\":{\"@type\":\"EntryPoint\",\"urlTemplate\":\"https:\\\/\\\/www.akuplastics.com\\\/hu\\\/?s={search_term_string}\"},\"query-input\":{\"@type\":\"PropertyValueSpecification\",\"valueRequired\":true,\"valueName\":\"search_term_string\"}}],\"inLanguage\":\"hu\"},{\"@type\":\"Organization\",\"@id\":\"https:\\\/\\\/www.akuplastics.com\\\/hu\\\/#organization\",\"name\":\"Ing. Christian Ahlborn e.U.\",\"alternateName\":\"AKU\",\"url\":\"https:\\\/\\\/www.akuplastics.com\\\/hu\\\/\",\"logo\":{\"@type\":\"ImageObject\",\"inLanguage\":\"hu\",\"@id\":\"https:\\\/\\\/www.akuplastics.com\\\/hu\\\/#\\\/schema\\\/logo\\\/image\\\/\",\"url\":\"https:\\\/\\\/www.akuplastics.com\\\/wp-content\\\/uploads\\\/2020\\\/07\\\/Grafik14-inkl-r.png\",\"contentUrl\":\"https:\\\/\\\/www.akuplastics.com\\\/wp-content\\\/uploads\\\/2020\\\/07\\\/Grafik14-inkl-r.png\",\"width\":1994,\"height\":743,\"caption\":\"Ing. Christian Ahlborn e.U.\"},\"image\":{\"@id\":\"https:\\\/\\\/www.akuplastics.com\\\/hu\\\/#\\\/schema\\\/logo\\\/image\\\/\"}}]}<\/script>\n<!-- \/ Yoast SEO Premium plugin. -->","yoast_head_json":{"title":"Tokos es\u0151v\u00e9d\u0151 burkolatok PVC-U PPs PPs-EL PP-H PE-HD PVDF","description":"Es\u0151v\u00e9d\u0151 sapk\u00e1k csatlakoz\u00f3val PVC-U PPs PPs-EL PP-H PE-HD PVDFh anyagb\u00f3l, k\u00f6r alak\u00fa m\u0171anyag idom bels\u0151 \u00fctk\u00f6z\u0151vel, cs\u00f6vek hegeszt\u00e9si elj\u00e1r\u00e1ssal t\u00f6rt\u00e9n\u0151 \u00f6sszek\u00f6t\u00e9s\u00e9re elsz\u00edv\u00f3rendszerben. F\u00fcgg\u0151leges l\u00e9gki\u00e1raml\u00e1shoz, \u00e1raml\u00e1stechnikailag optimaliz\u00e1lt kialak\u00edt\u00e1s. A csatlakoz\u00f3 bels\u0151 \u00e1tm\u00e9r\u0151je a DIN 8062 szabv\u00e1ny szerint. Gy\u00e1rt\u00e1si elj\u00e1r\u00e1s: f\u00e9lk\u00e9sz term\u00e9kekb\u0151l k\u00e9sz\u00fclt, kerek kivitel.","robots":{"index":"index","follow":"follow","max-snippet":"max-snippet:-1","max-image-preview":"max-image-preview:large","max-video-preview":"max-video-preview:-1"},"canonical":"https:\/\/www.akuplastics.com\/hu\/esovedo-sapka-csatlakozo\/","schema":{"@context":"https:\/\/schema.org","@graph":[{"@type":"WebPage","@id":"https:\/\/www.akuplastics.com\/hu\/esovedo-sapka-csatlakozo\/","url":"https:\/\/www.akuplastics.com\/hu\/esovedo-sapka-csatlakozo\/","name":"Tokos es\u0151v\u00e9d\u0151 burkolatok PVC-U PPs PPs-EL PP-H PE-HD PVDF","isPartOf":{"@id":"https:\/\/www.akuplastics.com\/hu\/#website"},"primaryImageOfPage":{"@id":"https:\/\/www.akuplastics.com\/hu\/esovedo-sapka-csatlakozo\/#primaryimage"},"image":{"@id":"https:\/\/www.akuplastics.com\/hu\/esovedo-sapka-csatlakozo\/#primaryimage"},"thumbnailUrl":"https:\/\/www.akuplastics.com\/wp-content\/uploads\/2025\/10\/Regenhauben-Muffe-PVC-U-PPs-PPs-EL-PP-H-PE-HD-PVDF.webp","datePublished":"2025-10-28T11:42:02+00:00","dateModified":"2025-10-28T11:49:56+00:00","description":"Es\u0151v\u00e9d\u0151 sapk\u00e1k csatlakoz\u00f3val PVC-U PPs PPs-EL PP-H PE-HD PVDFh anyagb\u00f3l, k\u00f6r alak\u00fa m\u0171anyag idom bels\u0151 \u00fctk\u00f6z\u0151vel, cs\u00f6vek hegeszt\u00e9si elj\u00e1r\u00e1ssal t\u00f6rt\u00e9n\u0151 \u00f6sszek\u00f6t\u00e9s\u00e9re elsz\u00edv\u00f3rendszerben. F\u00fcgg\u0151leges l\u00e9gki\u00e1raml\u00e1shoz, \u00e1raml\u00e1stechnikailag optimaliz\u00e1lt kialak\u00edt\u00e1s. A csatlakoz\u00f3 bels\u0151 \u00e1tm\u00e9r\u0151je a DIN 8062 szabv\u00e1ny szerint. Gy\u00e1rt\u00e1si elj\u00e1r\u00e1s: f\u00e9lk\u00e9sz term\u00e9kekb\u0151l k\u00e9sz\u00fclt, kerek kivitel.","breadcrumb":{"@id":"https:\/\/www.akuplastics.com\/hu\/esovedo-sapka-csatlakozo\/#breadcrumb"},"inLanguage":"hu","potentialAction":[{"@type":"ReadAction","target":["https:\/\/www.akuplastics.com\/hu\/esovedo-sapka-csatlakozo\/"]}]},{"@type":"ImageObject","inLanguage":"hu","@id":"https:\/\/www.akuplastics.com\/hu\/esovedo-sapka-csatlakozo\/#primaryimage","url":"https:\/\/www.akuplastics.com\/wp-content\/uploads\/2025\/10\/Regenhauben-Muffe-PVC-U-PPs-PPs-EL-PP-H-PE-HD-PVDF.webp","contentUrl":"https:\/\/www.akuplastics.com\/wp-content\/uploads\/2025\/10\/Regenhauben-Muffe-PVC-U-PPs-PPs-EL-PP-H-PE-HD-PVDF.webp","width":500,"height":702,"caption":"Tokos es\u0151v\u00e9d\u0151 burkolatok PVC-U PPs PPs-EL PP-H PE-HD PVDF"},{"@type":"BreadcrumbList","@id":"https:\/\/www.akuplastics.com\/hu\/esovedo-sapka-csatlakozo\/#breadcrumb","itemListElement":[{"@type":"ListItem","position":1,"name":"Kezd\u0151lap","item":"https:\/\/www.akuplastics.com\/hu\/"},{"@type":"ListItem","position":2,"name":"Es\u0151v\u00e9d\u0151 sapka csatlakoz\u00f3"}]},{"@type":"WebSite","@id":"https:\/\/www.akuplastics.com\/hu\/#website","url":"https:\/\/www.akuplastics.com\/hu\/","name":"Semi-Finished Products \u2013 Finished Parts \u2013 Ventilation Moulded Parts \u2013 Machines","description":"Halbzeuge, Halbfabrikate, Kunststoffhalbzeuge, Kunststoffhalbfabrikate","publisher":{"@id":"https:\/\/www.akuplastics.com\/hu\/#organization"},"alternateName":"AKUPLASTICS \u2013 Engineering in Plastics","potentialAction":[{"@type":"SearchAction","target":{"@type":"EntryPoint","urlTemplate":"https:\/\/www.akuplastics.com\/hu\/?s={search_term_string}"},"query-input":{"@type":"PropertyValueSpecification","valueRequired":true,"valueName":"search_term_string"}}],"inLanguage":"hu"},{"@type":"Organization","@id":"https:\/\/www.akuplastics.com\/hu\/#organization","name":"Ing. Christian Ahlborn e.U.","alternateName":"AKU","url":"https:\/\/www.akuplastics.com\/hu\/","logo":{"@type":"ImageObject","inLanguage":"hu","@id":"https:\/\/www.akuplastics.com\/hu\/#\/schema\/logo\/image\/","url":"https:\/\/www.akuplastics.com\/wp-content\/uploads\/2020\/07\/Grafik14-inkl-r.png","contentUrl":"https:\/\/www.akuplastics.com\/wp-content\/uploads\/2020\/07\/Grafik14-inkl-r.png","width":1994,"height":743,"caption":"Ing. Christian Ahlborn e.U."},"image":{"@id":"https:\/\/www.akuplastics.com\/hu\/#\/schema\/logo\/image\/"}}]}},"_links":{"self":[{"href":"https:\/\/www.akuplastics.com\/hu\/wp-json\/wp\/v2\/pages\/30026","targetHints":{"allow":["GET"]}}],"collection":[{"href":"https:\/\/www.akuplastics.com\/hu\/wp-json\/wp\/v2\/pages"}],"about":[{"href":"https:\/\/www.akuplastics.com\/hu\/wp-json\/wp\/v2\/types\/page"}],"author":[{"embeddable":true,"href":"https:\/\/www.akuplastics.com\/hu\/wp-json\/wp\/v2\/users\/3"}],"replies":[{"embeddable":true,"href":"https:\/\/www.akuplastics.com\/hu\/wp-json\/wp\/v2\/comments?post=30026"}],"version-history":[{"count":4,"href":"https:\/\/www.akuplastics.com\/hu\/wp-json\/wp\/v2\/pages\/30026\/revisions"}],"predecessor-version":[{"id":30036,"href":"https:\/\/www.akuplastics.com\/hu\/wp-json\/wp\/v2\/pages\/30026\/revisions\/30036"}],"wp:featuredmedia":[{"embeddable":true,"href":"https:\/\/www.akuplastics.com\/hu\/wp-json\/wp\/v2\/media\/29971"}],"wp:attachment":[{"href":"https:\/\/www.akuplastics.com\/hu\/wp-json\/wp\/v2\/media?parent=30026"}],"curies":[{"name":"wp","href":"https:\/\/api.w.org\/{rel}","templated":true}]}}