{"id":29434,"date":"2025-10-27T13:54:36","date_gmt":"2025-10-27T12:54:36","guid":{"rendered":"https:\/\/www.akuplastics.com\/csohangtompito-karimaval-1250-mm-lamellahossz\/"},"modified":"2025-10-27T19:19:02","modified_gmt":"2025-10-27T18:19:02","slug":"csohangtompito-karimaval-1250-mm-lamellahossz","status":"publish","type":"page","link":"https:\/\/www.akuplastics.com\/hu\/csohangtompito-karimaval-1250-mm-lamellahossz\/","title":{"rendered":"Cs\u0151hangtomp\u00edt\u00f3 karim\u00e1val, 1250 mm lamellahossz"},"content":{"rendered":"\t\t<div data-elementor-type=\"wp-page\" data-elementor-id=\"29434\" class=\"elementor elementor-29434 elementor-29129\" data-elementor-post-type=\"page\">\n\t\t\t\t\t\t<section class=\"elementor-section elementor-top-section elementor-element elementor-element-6025abb3 elementor-section-full_width elementor-section-height-default elementor-section-height-default\" data-id=\"6025abb3\" data-element_type=\"section\" data-e-type=\"section\" data-settings=\"{&quot;background_background&quot;:&quot;gradient&quot;}\">\n\t\t\t\t\t\t<div class=\"elementor-container elementor-column-gap-default\">\n\t\t\t\t\t<div class=\"elementor-column elementor-col-100 elementor-top-column elementor-element elementor-element-c978d9b\" data-id=\"c978d9b\" data-element_type=\"column\" data-e-type=\"column\">\n\t\t\t<div class=\"elementor-widget-wrap elementor-element-populated\">\n\t\t\t\t\t\t<section class=\"elementor-section elementor-inner-section elementor-element elementor-element-1ead80f elementor-section-boxed elementor-section-height-default elementor-section-height-default\" data-id=\"1ead80f\" data-element_type=\"section\" data-e-type=\"section\">\n\t\t\t\t\t\t<div class=\"elementor-container elementor-column-gap-default\">\n\t\t\t\t\t<div class=\"elementor-column elementor-col-100 elementor-inner-column elementor-element elementor-element-97f2d40\" data-id=\"97f2d40\" data-element_type=\"column\" data-e-type=\"column\">\n\t\t\t<div class=\"elementor-widget-wrap elementor-element-populated\">\n\t\t\t\t\t\t<div class=\"elementor-element elementor-element-5288b20 elementor-widget__width-initial elementor-widget elementor-widget-text-editor\" data-id=\"5288b20\" data-element_type=\"widget\" data-e-type=\"widget\" data-widget_type=\"text-editor.default\">\n\t\t\t\t<div class=\"elementor-widget-container\">\n\t\t\t\t\t\t\t\t\t<h1 class=\"csc-firstHeader\" style=\"text-align: left;\">Cs\u0151hangtomp\u00edt\u00f3 karim\u00e1val, 1250 mm lamellahossz, PVC-U, PPs, PPs-EL, PP-H, PE-HD, PVDF anyagokb\u00f3l<\/h1>\t\t\t\t\t\t\t\t<\/div>\n\t\t\t\t<\/div>\n\t\t\t\t<div class=\"elementor-element elementor-element-843282f elementor-widget__width-initial elementor-widget elementor-widget-text-editor\" data-id=\"843282f\" data-element_type=\"widget\" data-e-type=\"widget\" data-widget_type=\"text-editor.default\">\n\t\t\t\t<div class=\"elementor-widget-container\">\n\t\t\t\t\t\t\t\t\t<p style=\"text-align: left;\">Cs\u0151hangtomp\u00edt\u00f3 karim\u00e1val, kerek m\u0171anyag idom bels\u0151 \u00fctk\u00f6z\u0151vel, cs\u00f6vek hegeszt\u00e9si elj\u00e1r\u00e1ssal t\u00f6rt\u00e9n\u0151 \u00f6sszek\u00f6t\u00e9s\u00e9re elsz\u00edv\u00f3rendszerben.<\/p><p style=\"text-align: left;\">100 mm-es t\u00f6ltetvastags\u00e1g, \u00e1sv\u00e1nygyapotb\u00f3l k\u00e9sz\u00fclt abszorpci\u00f3s anyag, perfor\u00e1lt bels\u0151 cs\u0151 \u00fcvegsz\u00f6vettel bor\u00edtva.<\/p><p style=\"text-align: left;\">A cs\u0151hangtomp\u00edt\u00f3kat az IFI Institut f\u00fcr Industrieaerodynamik GmbH bevizsg\u00e1lta.<\/p><p style=\"text-align: left;\"> <\/p>\t\t\t\t\t\t\t\t<\/div>\n\t\t\t\t<\/div>\n\t\t\t\t<div class=\"elementor-element elementor-element-b534910 elementor-widget__width-initial elementor-widget elementor-widget-text-editor\" data-id=\"b534910\" data-element_type=\"widget\" data-e-type=\"widget\" data-widget_type=\"text-editor.default\">\n\t\t\t\t<div class=\"elementor-widget-container\">\n\t\t\t\t\t\t\t\t\t<p style=\"text-align: left;\">Karmanty\u00fa bels\u0151 \u00e1tm\u00e9r\u0151je a DIN 8062 szabv\u00e1ny szerint<\/p><p style=\"text-align: left;\">Lehets\u00e9ges negat\u00edv t\u00falnyom\u00e1s k\u00e9r\u00e9sre, mechanikai, k\u00e9miai \u00e9s termikus terhel\u00e9s ut\u00e1n.<\/p>\t\t\t\t\t\t\t\t<\/div>\n\t\t\t\t<\/div>\n\t\t\t\t<div class=\"elementor-element elementor-element-5a28bf2 elementor-widget__width-initial elementor-widget elementor-widget-text-editor\" data-id=\"5a28bf2\" data-element_type=\"widget\" data-e-type=\"widget\" data-widget_type=\"text-editor.default\">\n\t\t\t\t<div class=\"elementor-widget-container\">\n\t\t\t\t\t\t\t\t\t<p> <\/p><p style=\"text-align: left;\">Adatok mm-ben, m\u00e9ret- \u00e9s konstrukci\u00f3s v\u00e1ltoztat\u00e1sok jog\u00e1t fenntartjuk!<\/p>\t\t\t\t\t\t\t\t<\/div>\n\t\t\t\t<\/div>\n\t\t\t\t<div class=\"elementor-element elementor-element-d2091eb elementor-widget__width-initial elementor-widget elementor-widget-text-editor\" data-id=\"d2091eb\" data-element_type=\"widget\" data-e-type=\"widget\" data-widget_type=\"text-editor.default\">\n\t\t\t\t<div class=\"elementor-widget-container\">\n\t\t\t\t\t\t\t\t\t<table width=\"560\"><tbody><tr><td width=\"80\"> <\/td><td width=\"80\"> <\/td><td colspan=\"5\" width=\"400\">Cs\u0151 falvastags\u00e1ga<\/td><\/tr><tr><td width=\"80\">\u00d8 1<\/td><td width=\"80\">\u00d8 2<\/td><td width=\"80\">L<\/td><td width=\"80\">PVC<\/td><td width=\"80\">PPS<\/td><td width=\"80\">PP-H<\/td><td width=\"80\">PE-HD<\/td><\/tr><tr><td width=\"80\">75<\/td><td width=\"80\">315<\/td><td width=\"80\">1450<\/td><td width=\"80\">2,5<\/td><td width=\"80\">5<\/td><td width=\"80\">5<\/td><td width=\"80\">7,7<\/td><\/tr><tr><td width=\"80\">90<\/td><td width=\"80\">315<\/td><td width=\"80\">1450<\/td><td width=\"80\">2,5<\/td><td width=\"80\">5<\/td><td width=\"80\">5<\/td><td width=\"80\">7,7<\/td><\/tr><tr><td width=\"80\">110<\/td><td width=\"80\">315<\/td><td width=\"80\">1450<\/td><td width=\"80\">2,5<\/td><td width=\"80\">5<\/td><td width=\"80\">5<\/td><td width=\"80\">7,7<\/td><\/tr><tr><td width=\"80\">125<\/td><td width=\"80\">315<\/td><td width=\"80\">1450<\/td><td width=\"80\">2,5<\/td><td width=\"80\">5<\/td><td width=\"80\">5<\/td><td width=\"80\">7,7<\/td><\/tr><tr><td width=\"80\">140<\/td><td width=\"80\">355<\/td><td width=\"80\">1450<\/td><td width=\"80\">2,9<\/td><td width=\"80\">5<\/td><td width=\"80\">5<\/td><td width=\"80\">5<\/td><\/tr><tr><td width=\"80\">160<\/td><td width=\"80\">355<\/td><td width=\"80\">1450<\/td><td width=\"80\">2,9<\/td><td width=\"80\">5<\/td><td width=\"80\">5<\/td><td width=\"80\">5<\/td><\/tr><tr><td width=\"80\">180<\/td><td width=\"80\">400<\/td><td width=\"80\">1450<\/td><td width=\"80\">3,2<\/td><td width=\"80\">6<\/td><td width=\"80\">6<\/td><td width=\"80\">5<\/td><\/tr><tr><td width=\"80\">200<\/td><td width=\"80\">400<\/td><td width=\"80\">1450<\/td><td width=\"80\">3,2<\/td><td width=\"80\">6<\/td><td width=\"80\">6<\/td><td width=\"80\">5<\/td><\/tr><tr><td width=\"80\">225<\/td><td width=\"80\">450<\/td><td width=\"80\">1450<\/td><td width=\"80\">3,6<\/td><td width=\"80\">5<\/td><td width=\"80\">5<\/td><td width=\"80\">5<\/td><\/tr><tr><td width=\"80\">250<\/td><td width=\"80\">450<\/td><td width=\"80\">1450<\/td><td width=\"80\">3,6<\/td><td width=\"80\">5<\/td><td width=\"80\">5<\/td><td width=\"80\">5<\/td><\/tr><tr><td width=\"80\">280<\/td><td width=\"80\">500<\/td><td width=\"80\">1450<\/td><td width=\"80\">4<\/td><td width=\"80\">5<\/td><td width=\"80\">5<\/td><td width=\"80\">5<\/td><\/tr><tr><td width=\"80\">315<\/td><td width=\"80\">500<\/td><td width=\"80\">1450<\/td><td width=\"80\">4<\/td><td width=\"80\">5<\/td><td width=\"80\">5<\/td><td width=\"80\">5<\/td><\/tr><tr><td width=\"80\">355<\/td><td width=\"80\">500<\/td><td width=\"80\">1450<\/td><td width=\"80\">4<\/td><td width=\"80\">5<\/td><td width=\"80\">5<\/td><td width=\"80\">5<\/td><\/tr><tr><td width=\"80\">400<\/td><td width=\"80\">600<\/td><td width=\"80\">1450<\/td><td width=\"80\">5<\/td><td width=\"80\">6<\/td><td width=\"80\">6<\/td><td width=\"80\">6<\/td><\/tr><tr><td width=\"80\">450<\/td><td width=\"80\">700<\/td><td width=\"80\">1450<\/td><td width=\"80\">6<\/td><td width=\"80\">6<\/td><td width=\"80\">6<\/td><td width=\"80\">6<\/td><\/tr><tr><td width=\"80\">500<\/td><td width=\"80\">700<\/td><td width=\"80\">1450<\/td><td width=\"80\">6<\/td><td width=\"80\">6<\/td><td width=\"80\">6<\/td><td width=\"80\">6<\/td><\/tr><tr><td width=\"80\">560<\/td><td width=\"80\">800<\/td><td width=\"80\">1450<\/td><td width=\"80\">8<\/td><td width=\"80\">8<\/td><td width=\"80\">8<\/td><td width=\"80\">8<\/td><\/tr><tr><td width=\"80\">600<\/td><td width=\"80\">800<\/td><td width=\"80\">1450<\/td><td width=\"80\">8<\/td><td width=\"80\">8<\/td><td width=\"80\">8<\/td><td width=\"80\">8<\/td><\/tr><tr><td width=\"80\">630<\/td><td width=\"80\">800<\/td><td width=\"80\">1450<\/td><td width=\"80\">8<\/td><td width=\"80\">8<\/td><td width=\"80\">8<\/td><td width=\"80\">8<\/td><\/tr><tr><td width=\"80\">700<\/td><td width=\"80\">900<\/td><td width=\"80\">1450<\/td><td width=\"80\">8<\/td><td width=\"80\">8<\/td><td width=\"80\">8<\/td><td width=\"80\">8<\/td><\/tr><tr><td width=\"80\">710<\/td><td width=\"80\">900<\/td><td width=\"80\">1450<\/td><td width=\"80\">8<\/td><td width=\"80\">8<\/td><td width=\"80\">8<\/td><td width=\"80\">8<\/td><\/tr><tr><td width=\"80\">800<\/td><td width=\"80\">1000<\/td><td width=\"80\">1450<\/td><td width=\"80\">10<\/td><td width=\"80\">10<\/td><td width=\"80\">10<\/td><td width=\"80\">10<\/td><\/tr><tr><td width=\"80\">900<\/td><td width=\"80\">1100<\/td><td width=\"80\">1450<\/td><td width=\"80\">10<\/td><td width=\"80\">10<\/td><td width=\"80\">10<\/td><td width=\"80\">10<\/td><\/tr><tr><td width=\"80\">1000<\/td><td width=\"80\">1200<\/td><td width=\"80\">1450<\/td><td width=\"80\">12<\/td><td width=\"80\">12<\/td><td width=\"80\">12<\/td><td width=\"80\">12<\/td><\/tr><tr><td width=\"80\">1200<\/td><td width=\"80\">1400<\/td><td width=\"80\">1450<\/td><td width=\"80\">12<\/td><td width=\"80\">12<\/td><td width=\"80\">12<\/td><td width=\"80\">12<\/td><\/tr><tr><td width=\"80\">1250<\/td><td width=\"80\">1400<\/td><td width=\"80\">1450<\/td><td width=\"80\">12<\/td><td width=\"80\">12<\/td><td width=\"80\">12<\/td><td width=\"80\">12<\/td><\/tr><\/tbody><\/table>\t\t\t\t\t\t\t\t<\/div>\n\t\t\t\t<\/div>\n\t\t\t\t\t<\/div>\n\t\t<\/div>\n\t\t\t\t<div class=\"elementor-column elementor-col-50 elementor-inner-column elementor-element elementor-element-97bb919\" data-id=\"97bb919\" data-element_type=\"column\" data-e-type=\"column\">\n\t\t\t<div class=\"elementor-widget-wrap elementor-element-populated\">\n\t\t\t\t\t\t<div class=\"elementor-element elementor-element-1a349e7 elementor-widget elementor-widget-image\" data-id=\"1a349e7\" data-element_type=\"widget\" data-e-type=\"widget\" data-widget_type=\"image.default\">\n\t\t\t\t<div class=\"elementor-widget-container\">\n\t\t\t\t\t\t\t\t\t\t\t\t<figure class=\"wp-caption\">\n\t\t\t\t\t\t\t\t\t\t<img loading=\"lazy\" decoding=\"async\" width=\"214\" height=\"300\" src=\"https:\/\/www.akuplastics.com\/wp-content\/uploads\/2025\/10\/Rohrschalldaempfer-mit-Flansch-PVC-U-PPs-PPs-EL-PP-H-PE-HD-PVDF-214x300.webp\" class=\"attachment-medium size-medium wp-image-29317\" alt=\"Cs\u0151hangtomp\u00edt\u00f3 karim\u00e1val PVC-U PPs PPs-EL PP-H PE-HD PVDF\" srcset=\"https:\/\/www.akuplastics.com\/wp-content\/uploads\/2025\/10\/Rohrschalldaempfer-mit-Flansch-PVC-U-PPs-PPs-EL-PP-H-PE-HD-PVDF-214x300.webp 214w, https:\/\/www.akuplastics.com\/wp-content\/uploads\/2025\/10\/Rohrschalldaempfer-mit-Flansch-PVC-U-PPs-PPs-EL-PP-H-PE-HD-PVDF.webp 500w\" sizes=\"auto, (max-width: 214px) 100vw, 214px\" \/>\t\t\t\t\t\t\t\t\t\t\t<figcaption class=\"widget-image-caption wp-caption-text\">Cs\u0151hangtomp\u00edt\u00f3 karim\u00e1val PVC-U PPs PPs-EL PP-H PE-HD PVDF<\/figcaption>\n\t\t\t\t\t\t\t\t\t\t<\/figure>\n\t\t\t\t\t\t\t\t\t<\/div>\n\t\t\t\t<\/div>\n\t\t\t\t\t<\/div>\n\t\t<\/div>\n\t\t\t\t\t<\/div>\n\t\t<\/section>\n\t\t\t\t\t<\/div>\n\t\t<\/div>\n\t\t\t\t\t<\/div>\n\t\t<\/section>\n\t\t\t\t<\/div>\n\t\t","protected":false},"excerpt":{"rendered":"<p>Cs\u0151hangtomp\u00edt\u00f3 karim\u00e1val, 1250 mm lamellahossz, PVC-U, PPs, PPs-EL, PP-H, PE-HD, PVDF anyagokb\u00f3l Cs\u0151hangtomp\u00edt\u00f3 karim\u00e1val, kerek m\u0171anyag idom bels\u0151 \u00fctk\u00f6z\u0151vel, cs\u00f6vek hegeszt\u00e9si elj\u00e1r\u00e1ssal t\u00f6rt\u00e9n\u0151 \u00f6sszek\u00f6t\u00e9s\u00e9re elsz\u00edv\u00f3rendszerben. 100 mm-es t\u00f6ltetvastags\u00e1g, \u00e1sv\u00e1nygyapotb\u00f3l k\u00e9sz\u00fclt abszorpci\u00f3s anyag, perfor\u00e1lt bels\u0151 cs\u0151 \u00fcvegsz\u00f6vettel bor\u00edtva. A cs\u0151hangtomp\u00edt\u00f3kat az IFI Institut f\u00fcr Industrieaerodynamik GmbH bevizsg\u00e1lta. Karmanty\u00fa bels\u0151 \u00e1tm\u00e9r\u0151je a DIN 8062 szabv\u00e1ny szerint Lehets\u00e9ges [&hellip;]<\/p>\n","protected":false},"author":3,"featured_media":29317,"parent":0,"menu_order":0,"comment_status":"closed","ping_status":"closed","template":"","meta":{"iawp_total_views":2,"footnotes":""},"class_list":["post-29434","page","type-page","status-publish","has-post-thumbnail","hentry"],"yoast_head":"<!-- This site is optimized with the Yoast SEO Premium plugin v27.4 (Yoast SEO v27.4) - https:\/\/yoast.com\/product\/yoast-seo-premium-wordpress\/ -->\n<title>Cs\u0151hangtomp\u00edt\u00f3 karim\u00e1val, 1250 mm lamellahossz, PVC-U, PPs, PPs-EL, PP-H, PE-HD, PVDF anyagokb\u00f3l<\/title>\n<meta name=\"description\" content=\"Cs\u0151hangtomp\u00edt\u00f3 karim\u00e1val, kerek m\u0171anyag idom bels\u0151 \u00fctk\u00f6z\u0151vel, cs\u00f6vek hegeszt\u00e9si elj\u00e1r\u00e1ssal t\u00f6rt\u00e9n\u0151 \u00f6sszek\u00f6t\u00e9s\u00e9re elsz\u00edv\u00f3rendszerben. T\u00f6ltetvastags\u00e1g 100 mm, \u00e1sv\u00e1nygyapotb\u00f3l k\u00e9sz\u00fclt abszorpci\u00f3s anyag, perfor\u00e1lt bels\u0151 cs\u0151 \u00fcvegsz\u00f6vettel bor\u00edtva. A cs\u0151hangtomp\u00edt\u00f3kat az IFI Institut f\u00fcr Industrieaerodynamik GmbH vizsg\u00e1lta.\" \/>\n<meta name=\"robots\" content=\"index, follow, max-snippet:-1, max-image-preview:large, max-video-preview:-1\" \/>\n<link rel=\"canonical\" href=\"https:\/\/www.akuplastics.com\/hu\/csohangtompito-karimaval-1250-mm-lamellahossz\/\" \/>\n<script type=\"application\/ld+json\" class=\"yoast-schema-graph\">{\"@context\":\"https:\\\/\\\/schema.org\",\"@graph\":[{\"@type\":\"WebPage\",\"@id\":\"https:\\\/\\\/www.akuplastics.com\\\/hu\\\/csohangtompito-karimaval-1250-mm-lamellahossz\\\/\",\"url\":\"https:\\\/\\\/www.akuplastics.com\\\/hu\\\/csohangtompito-karimaval-1250-mm-lamellahossz\\\/\",\"name\":\"Cs\u0151hangtomp\u00edt\u00f3 karim\u00e1val, 1250 mm lamellahossz, PVC-U, PPs, PPs-EL, PP-H, PE-HD, PVDF anyagokb\u00f3l\",\"isPartOf\":{\"@id\":\"https:\\\/\\\/www.akuplastics.com\\\/hu\\\/#website\"},\"primaryImageOfPage\":{\"@id\":\"https:\\\/\\\/www.akuplastics.com\\\/hu\\\/csohangtompito-karimaval-1250-mm-lamellahossz\\\/#primaryimage\"},\"image\":{\"@id\":\"https:\\\/\\\/www.akuplastics.com\\\/hu\\\/csohangtompito-karimaval-1250-mm-lamellahossz\\\/#primaryimage\"},\"thumbnailUrl\":\"https:\\\/\\\/www.akuplastics.com\\\/wp-content\\\/uploads\\\/2025\\\/10\\\/Rohrschalldaempfer-mit-Flansch-PVC-U-PPs-PPs-EL-PP-H-PE-HD-PVDF.webp\",\"datePublished\":\"2025-10-27T12:54:36+00:00\",\"dateModified\":\"2025-10-27T18:19:02+00:00\",\"description\":\"Cs\u0151hangtomp\u00edt\u00f3 karim\u00e1val, kerek m\u0171anyag idom bels\u0151 \u00fctk\u00f6z\u0151vel, cs\u00f6vek hegeszt\u00e9si elj\u00e1r\u00e1ssal t\u00f6rt\u00e9n\u0151 \u00f6sszek\u00f6t\u00e9s\u00e9re elsz\u00edv\u00f3rendszerben. T\u00f6ltetvastags\u00e1g 100 mm, \u00e1sv\u00e1nygyapotb\u00f3l k\u00e9sz\u00fclt abszorpci\u00f3s anyag, perfor\u00e1lt bels\u0151 cs\u0151 \u00fcvegsz\u00f6vettel bor\u00edtva. A cs\u0151hangtomp\u00edt\u00f3kat az IFI Institut f\u00fcr Industrieaerodynamik GmbH vizsg\u00e1lta.\",\"breadcrumb\":{\"@id\":\"https:\\\/\\\/www.akuplastics.com\\\/hu\\\/csohangtompito-karimaval-1250-mm-lamellahossz\\\/#breadcrumb\"},\"inLanguage\":\"hu\",\"potentialAction\":[{\"@type\":\"ReadAction\",\"target\":[\"https:\\\/\\\/www.akuplastics.com\\\/hu\\\/csohangtompito-karimaval-1250-mm-lamellahossz\\\/\"]}]},{\"@type\":\"ImageObject\",\"inLanguage\":\"hu\",\"@id\":\"https:\\\/\\\/www.akuplastics.com\\\/hu\\\/csohangtompito-karimaval-1250-mm-lamellahossz\\\/#primaryimage\",\"url\":\"https:\\\/\\\/www.akuplastics.com\\\/wp-content\\\/uploads\\\/2025\\\/10\\\/Rohrschalldaempfer-mit-Flansch-PVC-U-PPs-PPs-EL-PP-H-PE-HD-PVDF.webp\",\"contentUrl\":\"https:\\\/\\\/www.akuplastics.com\\\/wp-content\\\/uploads\\\/2025\\\/10\\\/Rohrschalldaempfer-mit-Flansch-PVC-U-PPs-PPs-EL-PP-H-PE-HD-PVDF.webp\",\"width\":500,\"height\":702,\"caption\":\"Cs\u0151hangtomp\u00edt\u00f3 karim\u00e1val PVC-U PPs PPs-EL PP-H PE-HD PVDF\"},{\"@type\":\"BreadcrumbList\",\"@id\":\"https:\\\/\\\/www.akuplastics.com\\\/hu\\\/csohangtompito-karimaval-1250-mm-lamellahossz\\\/#breadcrumb\",\"itemListElement\":[{\"@type\":\"ListItem\",\"position\":1,\"name\":\"Kezd\u0151lap\",\"item\":\"https:\\\/\\\/www.akuplastics.com\\\/hu\\\/\"},{\"@type\":\"ListItem\",\"position\":2,\"name\":\"Cs\u0151hangtomp\u00edt\u00f3 karim\u00e1val, 1250 mm lamellahossz\"}]},{\"@type\":\"WebSite\",\"@id\":\"https:\\\/\\\/www.akuplastics.com\\\/hu\\\/#website\",\"url\":\"https:\\\/\\\/www.akuplastics.com\\\/hu\\\/\",\"name\":\"Semi-Finished Products \u2013 Finished Parts \u2013 Ventilation Moulded Parts \u2013 Machines\",\"description\":\"Halbzeuge, Halbfabrikate, Kunststoffhalbzeuge, Kunststoffhalbfabrikate\",\"publisher\":{\"@id\":\"https:\\\/\\\/www.akuplastics.com\\\/hu\\\/#organization\"},\"alternateName\":\"AKUPLASTICS \u2013 Engineering in Plastics\",\"potentialAction\":[{\"@type\":\"SearchAction\",\"target\":{\"@type\":\"EntryPoint\",\"urlTemplate\":\"https:\\\/\\\/www.akuplastics.com\\\/hu\\\/?s={search_term_string}\"},\"query-input\":{\"@type\":\"PropertyValueSpecification\",\"valueRequired\":true,\"valueName\":\"search_term_string\"}}],\"inLanguage\":\"hu\"},{\"@type\":\"Organization\",\"@id\":\"https:\\\/\\\/www.akuplastics.com\\\/hu\\\/#organization\",\"name\":\"Ing. Christian Ahlborn e.U.\",\"alternateName\":\"AKU\",\"url\":\"https:\\\/\\\/www.akuplastics.com\\\/hu\\\/\",\"logo\":{\"@type\":\"ImageObject\",\"inLanguage\":\"hu\",\"@id\":\"https:\\\/\\\/www.akuplastics.com\\\/hu\\\/#\\\/schema\\\/logo\\\/image\\\/\",\"url\":\"https:\\\/\\\/www.akuplastics.com\\\/wp-content\\\/uploads\\\/2020\\\/07\\\/Grafik14-inkl-r.png\",\"contentUrl\":\"https:\\\/\\\/www.akuplastics.com\\\/wp-content\\\/uploads\\\/2020\\\/07\\\/Grafik14-inkl-r.png\",\"width\":1994,\"height\":743,\"caption\":\"Ing. Christian Ahlborn e.U.\"},\"image\":{\"@id\":\"https:\\\/\\\/www.akuplastics.com\\\/hu\\\/#\\\/schema\\\/logo\\\/image\\\/\"}}]}<\/script>\n<!-- \/ Yoast SEO Premium plugin. -->","yoast_head_json":{"title":"Cs\u0151hangtomp\u00edt\u00f3 karim\u00e1val, 1250 mm lamellahossz, PVC-U, PPs, PPs-EL, PP-H, PE-HD, PVDF anyagokb\u00f3l","description":"Cs\u0151hangtomp\u00edt\u00f3 karim\u00e1val, kerek m\u0171anyag idom bels\u0151 \u00fctk\u00f6z\u0151vel, cs\u00f6vek hegeszt\u00e9si elj\u00e1r\u00e1ssal t\u00f6rt\u00e9n\u0151 \u00f6sszek\u00f6t\u00e9s\u00e9re elsz\u00edv\u00f3rendszerben. T\u00f6ltetvastags\u00e1g 100 mm, \u00e1sv\u00e1nygyapotb\u00f3l k\u00e9sz\u00fclt abszorpci\u00f3s anyag, perfor\u00e1lt bels\u0151 cs\u0151 \u00fcvegsz\u00f6vettel bor\u00edtva. A cs\u0151hangtomp\u00edt\u00f3kat az IFI Institut f\u00fcr Industrieaerodynamik GmbH vizsg\u00e1lta.","robots":{"index":"index","follow":"follow","max-snippet":"max-snippet:-1","max-image-preview":"max-image-preview:large","max-video-preview":"max-video-preview:-1"},"canonical":"https:\/\/www.akuplastics.com\/hu\/csohangtompito-karimaval-1250-mm-lamellahossz\/","schema":{"@context":"https:\/\/schema.org","@graph":[{"@type":"WebPage","@id":"https:\/\/www.akuplastics.com\/hu\/csohangtompito-karimaval-1250-mm-lamellahossz\/","url":"https:\/\/www.akuplastics.com\/hu\/csohangtompito-karimaval-1250-mm-lamellahossz\/","name":"Cs\u0151hangtomp\u00edt\u00f3 karim\u00e1val, 1250 mm lamellahossz, PVC-U, PPs, PPs-EL, PP-H, PE-HD, PVDF anyagokb\u00f3l","isPartOf":{"@id":"https:\/\/www.akuplastics.com\/hu\/#website"},"primaryImageOfPage":{"@id":"https:\/\/www.akuplastics.com\/hu\/csohangtompito-karimaval-1250-mm-lamellahossz\/#primaryimage"},"image":{"@id":"https:\/\/www.akuplastics.com\/hu\/csohangtompito-karimaval-1250-mm-lamellahossz\/#primaryimage"},"thumbnailUrl":"https:\/\/www.akuplastics.com\/wp-content\/uploads\/2025\/10\/Rohrschalldaempfer-mit-Flansch-PVC-U-PPs-PPs-EL-PP-H-PE-HD-PVDF.webp","datePublished":"2025-10-27T12:54:36+00:00","dateModified":"2025-10-27T18:19:02+00:00","description":"Cs\u0151hangtomp\u00edt\u00f3 karim\u00e1val, kerek m\u0171anyag idom bels\u0151 \u00fctk\u00f6z\u0151vel, cs\u00f6vek hegeszt\u00e9si elj\u00e1r\u00e1ssal t\u00f6rt\u00e9n\u0151 \u00f6sszek\u00f6t\u00e9s\u00e9re elsz\u00edv\u00f3rendszerben. T\u00f6ltetvastags\u00e1g 100 mm, \u00e1sv\u00e1nygyapotb\u00f3l k\u00e9sz\u00fclt abszorpci\u00f3s anyag, perfor\u00e1lt bels\u0151 cs\u0151 \u00fcvegsz\u00f6vettel bor\u00edtva. A cs\u0151hangtomp\u00edt\u00f3kat az IFI Institut f\u00fcr Industrieaerodynamik GmbH vizsg\u00e1lta.","breadcrumb":{"@id":"https:\/\/www.akuplastics.com\/hu\/csohangtompito-karimaval-1250-mm-lamellahossz\/#breadcrumb"},"inLanguage":"hu","potentialAction":[{"@type":"ReadAction","target":["https:\/\/www.akuplastics.com\/hu\/csohangtompito-karimaval-1250-mm-lamellahossz\/"]}]},{"@type":"ImageObject","inLanguage":"hu","@id":"https:\/\/www.akuplastics.com\/hu\/csohangtompito-karimaval-1250-mm-lamellahossz\/#primaryimage","url":"https:\/\/www.akuplastics.com\/wp-content\/uploads\/2025\/10\/Rohrschalldaempfer-mit-Flansch-PVC-U-PPs-PPs-EL-PP-H-PE-HD-PVDF.webp","contentUrl":"https:\/\/www.akuplastics.com\/wp-content\/uploads\/2025\/10\/Rohrschalldaempfer-mit-Flansch-PVC-U-PPs-PPs-EL-PP-H-PE-HD-PVDF.webp","width":500,"height":702,"caption":"Cs\u0151hangtomp\u00edt\u00f3 karim\u00e1val PVC-U PPs PPs-EL PP-H PE-HD PVDF"},{"@type":"BreadcrumbList","@id":"https:\/\/www.akuplastics.com\/hu\/csohangtompito-karimaval-1250-mm-lamellahossz\/#breadcrumb","itemListElement":[{"@type":"ListItem","position":1,"name":"Kezd\u0151lap","item":"https:\/\/www.akuplastics.com\/hu\/"},{"@type":"ListItem","position":2,"name":"Cs\u0151hangtomp\u00edt\u00f3 karim\u00e1val, 1250 mm lamellahossz"}]},{"@type":"WebSite","@id":"https:\/\/www.akuplastics.com\/hu\/#website","url":"https:\/\/www.akuplastics.com\/hu\/","name":"Semi-Finished Products \u2013 Finished Parts \u2013 Ventilation Moulded Parts \u2013 Machines","description":"Halbzeuge, Halbfabrikate, Kunststoffhalbzeuge, Kunststoffhalbfabrikate","publisher":{"@id":"https:\/\/www.akuplastics.com\/hu\/#organization"},"alternateName":"AKUPLASTICS \u2013 Engineering in Plastics","potentialAction":[{"@type":"SearchAction","target":{"@type":"EntryPoint","urlTemplate":"https:\/\/www.akuplastics.com\/hu\/?s={search_term_string}"},"query-input":{"@type":"PropertyValueSpecification","valueRequired":true,"valueName":"search_term_string"}}],"inLanguage":"hu"},{"@type":"Organization","@id":"https:\/\/www.akuplastics.com\/hu\/#organization","name":"Ing. Christian Ahlborn e.U.","alternateName":"AKU","url":"https:\/\/www.akuplastics.com\/hu\/","logo":{"@type":"ImageObject","inLanguage":"hu","@id":"https:\/\/www.akuplastics.com\/hu\/#\/schema\/logo\/image\/","url":"https:\/\/www.akuplastics.com\/wp-content\/uploads\/2020\/07\/Grafik14-inkl-r.png","contentUrl":"https:\/\/www.akuplastics.com\/wp-content\/uploads\/2020\/07\/Grafik14-inkl-r.png","width":1994,"height":743,"caption":"Ing. Christian Ahlborn e.U."},"image":{"@id":"https:\/\/www.akuplastics.com\/hu\/#\/schema\/logo\/image\/"}}]}},"_links":{"self":[{"href":"https:\/\/www.akuplastics.com\/hu\/wp-json\/wp\/v2\/pages\/29434","targetHints":{"allow":["GET"]}}],"collection":[{"href":"https:\/\/www.akuplastics.com\/hu\/wp-json\/wp\/v2\/pages"}],"about":[{"href":"https:\/\/www.akuplastics.com\/hu\/wp-json\/wp\/v2\/types\/page"}],"author":[{"embeddable":true,"href":"https:\/\/www.akuplastics.com\/hu\/wp-json\/wp\/v2\/users\/3"}],"replies":[{"embeddable":true,"href":"https:\/\/www.akuplastics.com\/hu\/wp-json\/wp\/v2\/comments?post=29434"}],"version-history":[{"count":5,"href":"https:\/\/www.akuplastics.com\/hu\/wp-json\/wp\/v2\/pages\/29434\/revisions"}],"predecessor-version":[{"id":29766,"href":"https:\/\/www.akuplastics.com\/hu\/wp-json\/wp\/v2\/pages\/29434\/revisions\/29766"}],"wp:featuredmedia":[{"embeddable":true,"href":"https:\/\/www.akuplastics.com\/hu\/wp-json\/wp\/v2\/media\/29317"}],"wp:attachment":[{"href":"https:\/\/www.akuplastics.com\/hu\/wp-json\/wp\/v2\/media?parent=29434"}],"curies":[{"name":"wp","href":"https:\/\/api.w.org\/{rel}","templated":true}]}}