{"id":29328,"date":"2025-10-27T16:06:06","date_gmt":"2025-10-27T15:06:06","guid":{"rendered":"https:\/\/www.akuplastics.com\/csokoenyoekoek-es-tokok\/"},"modified":"2025-10-27T16:43:37","modified_gmt":"2025-10-27T15:43:37","slug":"csokoenyoekoek-es-tokok","status":"publish","type":"page","link":"https:\/\/www.akuplastics.com\/hu\/csokoenyoekoek-es-tokok\/","title":{"rendered":"Cs\u0151k\u00f6ny\u00f6k\u00f6k \u00e9s tokok"},"content":{"rendered":"\t\t<div data-elementor-type=\"wp-page\" data-elementor-id=\"29328\" class=\"elementor elementor-29328 elementor-29193\" data-elementor-post-type=\"page\">\n\t\t\t\t\t\t<section class=\"elementor-section elementor-top-section elementor-element elementor-element-6025abb3 elementor-section-full_width elementor-section-height-default elementor-section-height-default\" data-id=\"6025abb3\" data-element_type=\"section\" data-e-type=\"section\" data-settings=\"{&quot;background_background&quot;:&quot;gradient&quot;}\">\n\t\t\t\t\t\t<div class=\"elementor-container elementor-column-gap-default\">\n\t\t\t\t\t<div class=\"elementor-column elementor-col-100 elementor-top-column elementor-element elementor-element-c978d9b\" data-id=\"c978d9b\" data-element_type=\"column\" data-e-type=\"column\">\n\t\t\t<div class=\"elementor-widget-wrap elementor-element-populated\">\n\t\t\t\t\t\t<section class=\"elementor-section elementor-inner-section elementor-element elementor-element-1ead80f elementor-section-boxed elementor-section-height-default elementor-section-height-default\" data-id=\"1ead80f\" data-element_type=\"section\" data-e-type=\"section\">\n\t\t\t\t\t\t<div class=\"elementor-container elementor-column-gap-default\">\n\t\t\t\t\t<div class=\"elementor-column elementor-col-100 elementor-inner-column elementor-element elementor-element-97f2d40\" data-id=\"97f2d40\" data-element_type=\"column\" data-e-type=\"column\">\n\t\t\t<div class=\"elementor-widget-wrap elementor-element-populated\">\n\t\t\t\t\t\t<div class=\"elementor-element elementor-element-5288b20 elementor-widget__width-initial elementor-widget elementor-widget-text-editor\" data-id=\"5288b20\" data-element_type=\"widget\" data-e-type=\"widget\" data-widget_type=\"text-editor.default\">\n\t\t\t\t<div class=\"elementor-widget-container\">\n\t\t\t\t\t\t\t\t\t<h1 style=\"text-align: left;\">Cs\u0151k\u00f6ny\u00f6k\u00f6k \u00e9s tokok PVC-U PPs PPs-EL PP-H PE-HD PVDF anyagb\u00f3l<\/h1>\t\t\t\t\t\t\t\t<\/div>\n\t\t\t\t<\/div>\n\t\t\t\t<div class=\"elementor-element elementor-element-843282f elementor-widget__width-initial elementor-widget elementor-widget-text-editor\" data-id=\"843282f\" data-element_type=\"widget\" data-e-type=\"widget\" data-widget_type=\"text-editor.default\">\n\t\t\t\t<div class=\"elementor-widget-container\">\n\t\t\t\t\t\t\t\t\t<p style=\"text-align: left;\">Kerek cs\u0151k\u00f6ny\u00f6k tokkal, bels\u0151 \u00fctk\u00f6z\u0151vel, cs\u00f6vek hegeszt\u00e9si elj\u00e1r\u00e1ssal t\u00f6rt\u00e9n\u0151 \u00f6sszek\u00f6t\u00e9s\u00e9re elsz\u00edv\u00f3rendszerben. A tok bels\u0151 \u00e1tm\u00e9r\u0151je a DIN 8062 szabv\u00e1ny szerint. R=D. Gy\u00e1rt\u00e1si elj\u00e1r\u00e1s: \u00d8 50-400 mm fr\u00f6ccs\u00f6nt\u00e9s, \u00d8 450-600 mm szabadalmaztatott f\u00fav\u00e1sos form\u00e1z\u00e1s, \u00d8 700-t\u00f3l szegmenshegesztett.  Lehets\u00e9ges negat\u00edv t\u00falnyom\u00e1s k\u00e9r\u00e9sre, mechanikai, k\u00e9miai \u00e9s termikus terhel\u00e9s ut\u00e1n.<\/p><p> <\/p><p style=\"text-align: left;\">Kerek m\u0171anyag dupla tok bels\u0151 \u00fctk\u00f6z\u0151vel, cs\u00f6vek hegeszt\u00e9si elj\u00e1r\u00e1ssal t\u00f6rt\u00e9n\u0151 \u00f6sszek\u00f6t\u00e9s\u00e9re elsz\u00edv\u00f3rendszerben. A tok bels\u0151 \u00e1tm\u00e9r\u0151je a DIN 8062 szabv\u00e1ny szerint. Gy\u00e1rt\u00e1si elj\u00e1r\u00e1s: \u00d8 50-400 mm fr\u00f6ccs\u00f6nt\u00e9s, \u00d8 450 mm-t\u0151l f\u00e9lk\u00e9sz term\u00e9kekb\u0151l gy\u00e1rtva. Lehets\u00e9ges negat\u00edv t\u00falnyom\u00e1s k\u00e9r\u00e9sre, mechanikai, k\u00e9miai \u00e9s termikus terhel\u00e9s ut\u00e1n.<\/p>\t\t\t\t\t\t\t\t<\/div>\n\t\t\t\t<\/div>\n\t\t\t\t<div class=\"elementor-element elementor-element-b534910 elementor-widget__width-initial elementor-widget elementor-widget-text-editor\" data-id=\"b534910\" data-element_type=\"widget\" data-e-type=\"widget\" data-widget_type=\"text-editor.default\">\n\t\t\t\t<div class=\"elementor-widget-container\">\n\t\t\t\t\t\t\t\t\t<p style=\"text-align: left;\"> <\/p><p style=\"text-align: left;\">Lehets\u00e9ges negat\u00edv t\u00falnyom\u00e1s k\u00e9r\u00e9sre, mechanikai, k\u00e9miai \u00e9s termikus terhel\u00e9s ut\u00e1n.<\/p>\t\t\t\t\t\t\t\t<\/div>\n\t\t\t\t<\/div>\n\t\t\t\t<div class=\"elementor-element elementor-element-5a28bf2 elementor-widget__width-initial elementor-widget elementor-widget-text-editor\" data-id=\"5a28bf2\" data-element_type=\"widget\" data-e-type=\"widget\" data-widget_type=\"text-editor.default\">\n\t\t\t\t<div class=\"elementor-widget-container\">\n\t\t\t\t\t\t\t\t\t<p style=\"text-align: left;\">El\u00e9rhet\u0151 mint <\/p><p data-start=\"48\" data-end=\"59\"> <\/p><p style=\"text-align: left;\" data-start=\"48\" data-end=\"59\"><strong>Cs\u0151k\u00f6ny\u00f6k<\/strong><\/p><p style=\"text-align: left;\" data-start=\"63\" data-end=\"77\"><strong>Dupla tokok<\/strong><\/p><p style=\"text-align: left;\" data-start=\"81\" data-end=\"101\"><strong>90\u00b0-os T-idomok tokkal<\/strong><\/p><p style=\"text-align: left;\" data-start=\"105\" data-end=\"135\"><strong>90\u00b0-ban sz\u0171k\u00edtett tokos T-idomok<\/strong><\/p><p style=\"text-align: left;\" data-start=\"139\" data-end=\"159\"><strong>45\u00b0-os T-idom tokkal<\/strong><\/p><p style=\"text-align: left;\" data-start=\"163\" data-end=\"193\"><strong>Sz\u0171k\u00edtett tokos T-idomok 45\u00b0<\/strong><\/p><p style=\"text-align: left;\" data-start=\"197\" data-end=\"239\"><strong>T-idom tok 90\u00b0-os tiszt\u00edt\u00f3ny\u00edl\u00e1ssal<\/strong><\/p><p style=\"text-align: left;\" data-start=\"243\" data-end=\"268\"><strong>Szimmetrikus sz\u0171k\u00edt\u0151<\/strong><\/p><p style=\"text-align: left;\" data-start=\"272\" data-end=\"298\"><strong>Aszimmetrikus sz\u0171k\u00edt\u0151<\/strong><\/p><p style=\"text-align: left;\"> <\/p>\t\t\t\t\t\t\t\t<\/div>\n\t\t\t\t<\/div>\n\t\t\t\t\t<\/div>\n\t\t<\/div>\n\t\t\t\t<div class=\"elementor-column elementor-col-50 elementor-inner-column elementor-element elementor-element-97bb919\" data-id=\"97bb919\" data-element_type=\"column\" data-e-type=\"column\">\n\t\t\t<div class=\"elementor-widget-wrap elementor-element-populated\">\n\t\t\t\t\t\t<div class=\"elementor-element elementor-element-1a349e7 elementor-widget elementor-widget-image\" data-id=\"1a349e7\" data-element_type=\"widget\" data-e-type=\"widget\" data-widget_type=\"image.default\">\n\t\t\t\t<div class=\"elementor-widget-container\">\n\t\t\t\t\t\t\t\t\t\t\t\t<figure class=\"wp-caption\">\n\t\t\t\t\t\t\t\t\t\t<img loading=\"lazy\" decoding=\"async\" width=\"286\" height=\"283\" src=\"https:\/\/www.akuplastics.com\/wp-content\/uploads\/2025\/10\/image011-1.webp\" class=\"attachment-medium size-medium wp-image-27397\" alt=\"Tokos cs\u0151\u00edv, m\u0171anyag idom, 90\u00b0-os cs\u0151\u00edv\" \/>\t\t\t\t\t\t\t\t\t\t\t<figcaption class=\"widget-image-caption wp-caption-text\">Tokos cs\u0151\u00edv, m\u0171anyag idom, 90\u00b0-os cs\u0151\u00edv<\/figcaption>\n\t\t\t\t\t\t\t\t\t\t<\/figure>\n\t\t\t\t\t\t\t\t\t<\/div>\n\t\t\t\t<\/div>\n\t\t\t\t<div class=\"elementor-element elementor-element-e1f56d4 elementor-widget elementor-widget-image\" data-id=\"e1f56d4\" data-element_type=\"widget\" data-e-type=\"widget\" data-widget_type=\"image.default\">\n\t\t\t\t<div class=\"elementor-widget-container\">\n\t\t\t\t\t\t\t\t\t\t\t\t<figure class=\"wp-caption\">\n\t\t\t\t\t\t\t\t\t\t<img loading=\"lazy\" decoding=\"async\" width=\"300\" height=\"214\" src=\"https:\/\/www.akuplastics.com\/wp-content\/uploads\/2025\/10\/Doppelmuffe_technische_Zeichnung-300x214.webp\" class=\"attachment-medium size-medium wp-image-27363\" alt=\"Dupla tok m\u0171anyag PVC, feh\u00e9r, PPs, PP-H, PE-HD, PP-EL-s, PVDF\" srcset=\"https:\/\/www.akuplastics.com\/wp-content\/uploads\/2025\/10\/Doppelmuffe_technische_Zeichnung-300x214.webp 300w, https:\/\/www.akuplastics.com\/wp-content\/uploads\/2025\/10\/Doppelmuffe_technische_Zeichnung.webp 500w\" sizes=\"auto, (max-width: 300px) 100vw, 300px\" \/>\t\t\t\t\t\t\t\t\t\t\t<figcaption class=\"widget-image-caption wp-caption-text\">Dupla tok m\u0171anyag PVC, feh\u00e9r, PPs, PP-H, PE-HD, PP-EL-s, PVDF<\/figcaption>\n\t\t\t\t\t\t\t\t\t\t<\/figure>\n\t\t\t\t\t\t\t\t\t<\/div>\n\t\t\t\t<\/div>\n\t\t\t\t\t<\/div>\n\t\t<\/div>\n\t\t\t\t\t<\/div>\n\t\t<\/section>\n\t\t\t\t\t<\/div>\n\t\t<\/div>\n\t\t\t\t\t<\/div>\n\t\t<\/section>\n\t\t\t\t<\/div>\n\t\t","protected":false},"excerpt":{"rendered":"<p>Cs\u0151k\u00f6ny\u00f6k\u00f6k \u00e9s tokok PVC-U PPs PPs-EL PP-H PE-HD PVDF anyagb\u00f3l Kerek cs\u0151k\u00f6ny\u00f6k tokkal, bels\u0151 \u00fctk\u00f6z\u0151vel, cs\u00f6vek hegeszt\u00e9si elj\u00e1r\u00e1ssal t\u00f6rt\u00e9n\u0151 \u00f6sszek\u00f6t\u00e9s\u00e9re elsz\u00edv\u00f3rendszerben. A tok bels\u0151 \u00e1tm\u00e9r\u0151je a DIN 8062 szabv\u00e1ny szerint. R=D. Gy\u00e1rt\u00e1si elj\u00e1r\u00e1s: \u00d8 50-400 mm fr\u00f6ccs\u00f6nt\u00e9s, \u00d8 450-600 mm szabadalmaztatott f\u00fav\u00e1sos form\u00e1z\u00e1s, \u00d8 700-t\u00f3l szegmenshegesztett. Lehets\u00e9ges negat\u00edv t\u00falnyom\u00e1s k\u00e9r\u00e9sre, mechanikai, k\u00e9miai \u00e9s termikus terhel\u00e9s [&hellip;]<\/p>\n","protected":false},"author":3,"featured_media":27397,"parent":0,"menu_order":1,"comment_status":"closed","ping_status":"closed","template":"","meta":{"iawp_total_views":2,"footnotes":""},"class_list":["post-29328","page","type-page","status-publish","has-post-thumbnail","hentry"],"yoast_head":"<!-- This site is optimized with the Yoast SEO Premium plugin v27.4 (Yoast SEO v27.4) - https:\/\/yoast.com\/product\/yoast-seo-premium-wordpress\/ -->\n<title>Cs\u0151k\u00f6ny\u00f6k\u00f6k, tokok PVC-U PPs PPs-EL PP-H PE-HD PVDF<\/title>\n<meta name=\"description\" content=\"Cs\u0151k\u00f6ny\u00f6k\u00f6k tokkal \u00e9s dupla tokkal PVC-U PPs PPs-EL PP-H PE-HD PVDF anyagb\u00f3l. A tokok bels\u0151 \u00e1tm\u00e9r\u0151je a DIN 8062 szabv\u00e1ny szerint. Gy\u00e1rt\u00e1si elj\u00e1r\u00e1s: \u00d8 50-400 mm fr\u00f6ccs\u00f6nt\u00e9s, \u00d8 450-600 mm szabadalmaztatott f\u00fav\u00e1sos form\u00e1z\u00e1s, \u00d8 700-t\u00f3l szegmenshegesztett.\" \/>\n<meta name=\"robots\" content=\"index, follow, max-snippet:-1, max-image-preview:large, max-video-preview:-1\" \/>\n<link rel=\"canonical\" href=\"https:\/\/www.akuplastics.com\/hu\/csokoenyoekoek-es-tokok\/\" \/>\n<script type=\"application\/ld+json\" class=\"yoast-schema-graph\">{\"@context\":\"https:\\\/\\\/schema.org\",\"@graph\":[{\"@type\":\"WebPage\",\"@id\":\"https:\\\/\\\/www.akuplastics.com\\\/hu\\\/csokoenyoekoek-es-tokok\\\/\",\"url\":\"https:\\\/\\\/www.akuplastics.com\\\/hu\\\/csokoenyoekoek-es-tokok\\\/\",\"name\":\"Cs\u0151k\u00f6ny\u00f6k\u00f6k, tokok PVC-U PPs PPs-EL PP-H PE-HD PVDF\",\"isPartOf\":{\"@id\":\"https:\\\/\\\/www.akuplastics.com\\\/hu\\\/#website\"},\"primaryImageOfPage\":{\"@id\":\"https:\\\/\\\/www.akuplastics.com\\\/hu\\\/csokoenyoekoek-es-tokok\\\/#primaryimage\"},\"image\":{\"@id\":\"https:\\\/\\\/www.akuplastics.com\\\/hu\\\/csokoenyoekoek-es-tokok\\\/#primaryimage\"},\"thumbnailUrl\":\"https:\\\/\\\/www.akuplastics.com\\\/wp-content\\\/uploads\\\/2025\\\/10\\\/image011-1.webp\",\"datePublished\":\"2025-10-27T15:06:06+00:00\",\"dateModified\":\"2025-10-27T15:43:37+00:00\",\"description\":\"Cs\u0151k\u00f6ny\u00f6k\u00f6k tokkal \u00e9s dupla tokkal PVC-U PPs PPs-EL PP-H PE-HD PVDF anyagb\u00f3l. A tokok bels\u0151 \u00e1tm\u00e9r\u0151je a DIN 8062 szabv\u00e1ny szerint. Gy\u00e1rt\u00e1si elj\u00e1r\u00e1s: \u00d8 50-400 mm fr\u00f6ccs\u00f6nt\u00e9s, \u00d8 450-600 mm szabadalmaztatott f\u00fav\u00e1sos form\u00e1z\u00e1s, \u00d8 700-t\u00f3l szegmenshegesztett.\",\"breadcrumb\":{\"@id\":\"https:\\\/\\\/www.akuplastics.com\\\/hu\\\/csokoenyoekoek-es-tokok\\\/#breadcrumb\"},\"inLanguage\":\"hu\",\"potentialAction\":[{\"@type\":\"ReadAction\",\"target\":[\"https:\\\/\\\/www.akuplastics.com\\\/hu\\\/csokoenyoekoek-es-tokok\\\/\"]}]},{\"@type\":\"ImageObject\",\"inLanguage\":\"hu\",\"@id\":\"https:\\\/\\\/www.akuplastics.com\\\/hu\\\/csokoenyoekoek-es-tokok\\\/#primaryimage\",\"url\":\"https:\\\/\\\/www.akuplastics.com\\\/wp-content\\\/uploads\\\/2025\\\/10\\\/image011-1.webp\",\"contentUrl\":\"https:\\\/\\\/www.akuplastics.com\\\/wp-content\\\/uploads\\\/2025\\\/10\\\/image011-1.webp\",\"width\":286,\"height\":283,\"caption\":\"Tokos cs\u0151\u00edv, m\u0171anyag idom, 90\u00b0-os cs\u0151\u00edv\"},{\"@type\":\"BreadcrumbList\",\"@id\":\"https:\\\/\\\/www.akuplastics.com\\\/hu\\\/csokoenyoekoek-es-tokok\\\/#breadcrumb\",\"itemListElement\":[{\"@type\":\"ListItem\",\"position\":1,\"name\":\"Kezd\u0151lap\",\"item\":\"https:\\\/\\\/www.akuplastics.com\\\/hu\\\/\"},{\"@type\":\"ListItem\",\"position\":2,\"name\":\"Cs\u0151k\u00f6ny\u00f6k\u00f6k \u00e9s tokok\"}]},{\"@type\":\"WebSite\",\"@id\":\"https:\\\/\\\/www.akuplastics.com\\\/hu\\\/#website\",\"url\":\"https:\\\/\\\/www.akuplastics.com\\\/hu\\\/\",\"name\":\"Semi-Finished Products \u2013 Finished Parts \u2013 Ventilation Moulded Parts \u2013 Machines\",\"description\":\"Halbzeuge, Halbfabrikate, Kunststoffhalbzeuge, Kunststoffhalbfabrikate\",\"publisher\":{\"@id\":\"https:\\\/\\\/www.akuplastics.com\\\/hu\\\/#organization\"},\"alternateName\":\"AKUPLASTICS \u2013 Engineering in Plastics\",\"potentialAction\":[{\"@type\":\"SearchAction\",\"target\":{\"@type\":\"EntryPoint\",\"urlTemplate\":\"https:\\\/\\\/www.akuplastics.com\\\/hu\\\/?s={search_term_string}\"},\"query-input\":{\"@type\":\"PropertyValueSpecification\",\"valueRequired\":true,\"valueName\":\"search_term_string\"}}],\"inLanguage\":\"hu\"},{\"@type\":\"Organization\",\"@id\":\"https:\\\/\\\/www.akuplastics.com\\\/hu\\\/#organization\",\"name\":\"Ing. Christian Ahlborn e.U.\",\"alternateName\":\"AKU\",\"url\":\"https:\\\/\\\/www.akuplastics.com\\\/hu\\\/\",\"logo\":{\"@type\":\"ImageObject\",\"inLanguage\":\"hu\",\"@id\":\"https:\\\/\\\/www.akuplastics.com\\\/hu\\\/#\\\/schema\\\/logo\\\/image\\\/\",\"url\":\"https:\\\/\\\/www.akuplastics.com\\\/wp-content\\\/uploads\\\/2020\\\/07\\\/Grafik14-inkl-r.png\",\"contentUrl\":\"https:\\\/\\\/www.akuplastics.com\\\/wp-content\\\/uploads\\\/2020\\\/07\\\/Grafik14-inkl-r.png\",\"width\":1994,\"height\":743,\"caption\":\"Ing. Christian Ahlborn e.U.\"},\"image\":{\"@id\":\"https:\\\/\\\/www.akuplastics.com\\\/hu\\\/#\\\/schema\\\/logo\\\/image\\\/\"}}]}<\/script>\n<!-- \/ Yoast SEO Premium plugin. -->","yoast_head_json":{"title":"Cs\u0151k\u00f6ny\u00f6k\u00f6k, tokok PVC-U PPs PPs-EL PP-H PE-HD PVDF","description":"Cs\u0151k\u00f6ny\u00f6k\u00f6k tokkal \u00e9s dupla tokkal PVC-U PPs PPs-EL PP-H PE-HD PVDF anyagb\u00f3l. A tokok bels\u0151 \u00e1tm\u00e9r\u0151je a DIN 8062 szabv\u00e1ny szerint. Gy\u00e1rt\u00e1si elj\u00e1r\u00e1s: \u00d8 50-400 mm fr\u00f6ccs\u00f6nt\u00e9s, \u00d8 450-600 mm szabadalmaztatott f\u00fav\u00e1sos form\u00e1z\u00e1s, \u00d8 700-t\u00f3l szegmenshegesztett.","robots":{"index":"index","follow":"follow","max-snippet":"max-snippet:-1","max-image-preview":"max-image-preview:large","max-video-preview":"max-video-preview:-1"},"canonical":"https:\/\/www.akuplastics.com\/hu\/csokoenyoekoek-es-tokok\/","schema":{"@context":"https:\/\/schema.org","@graph":[{"@type":"WebPage","@id":"https:\/\/www.akuplastics.com\/hu\/csokoenyoekoek-es-tokok\/","url":"https:\/\/www.akuplastics.com\/hu\/csokoenyoekoek-es-tokok\/","name":"Cs\u0151k\u00f6ny\u00f6k\u00f6k, tokok PVC-U PPs PPs-EL PP-H PE-HD PVDF","isPartOf":{"@id":"https:\/\/www.akuplastics.com\/hu\/#website"},"primaryImageOfPage":{"@id":"https:\/\/www.akuplastics.com\/hu\/csokoenyoekoek-es-tokok\/#primaryimage"},"image":{"@id":"https:\/\/www.akuplastics.com\/hu\/csokoenyoekoek-es-tokok\/#primaryimage"},"thumbnailUrl":"https:\/\/www.akuplastics.com\/wp-content\/uploads\/2025\/10\/image011-1.webp","datePublished":"2025-10-27T15:06:06+00:00","dateModified":"2025-10-27T15:43:37+00:00","description":"Cs\u0151k\u00f6ny\u00f6k\u00f6k tokkal \u00e9s dupla tokkal PVC-U PPs PPs-EL PP-H PE-HD PVDF anyagb\u00f3l. A tokok bels\u0151 \u00e1tm\u00e9r\u0151je a DIN 8062 szabv\u00e1ny szerint. Gy\u00e1rt\u00e1si elj\u00e1r\u00e1s: \u00d8 50-400 mm fr\u00f6ccs\u00f6nt\u00e9s, \u00d8 450-600 mm szabadalmaztatott f\u00fav\u00e1sos form\u00e1z\u00e1s, \u00d8 700-t\u00f3l szegmenshegesztett.","breadcrumb":{"@id":"https:\/\/www.akuplastics.com\/hu\/csokoenyoekoek-es-tokok\/#breadcrumb"},"inLanguage":"hu","potentialAction":[{"@type":"ReadAction","target":["https:\/\/www.akuplastics.com\/hu\/csokoenyoekoek-es-tokok\/"]}]},{"@type":"ImageObject","inLanguage":"hu","@id":"https:\/\/www.akuplastics.com\/hu\/csokoenyoekoek-es-tokok\/#primaryimage","url":"https:\/\/www.akuplastics.com\/wp-content\/uploads\/2025\/10\/image011-1.webp","contentUrl":"https:\/\/www.akuplastics.com\/wp-content\/uploads\/2025\/10\/image011-1.webp","width":286,"height":283,"caption":"Tokos cs\u0151\u00edv, m\u0171anyag idom, 90\u00b0-os cs\u0151\u00edv"},{"@type":"BreadcrumbList","@id":"https:\/\/www.akuplastics.com\/hu\/csokoenyoekoek-es-tokok\/#breadcrumb","itemListElement":[{"@type":"ListItem","position":1,"name":"Kezd\u0151lap","item":"https:\/\/www.akuplastics.com\/hu\/"},{"@type":"ListItem","position":2,"name":"Cs\u0151k\u00f6ny\u00f6k\u00f6k \u00e9s tokok"}]},{"@type":"WebSite","@id":"https:\/\/www.akuplastics.com\/hu\/#website","url":"https:\/\/www.akuplastics.com\/hu\/","name":"Semi-Finished Products \u2013 Finished Parts \u2013 Ventilation Moulded Parts \u2013 Machines","description":"Halbzeuge, Halbfabrikate, Kunststoffhalbzeuge, Kunststoffhalbfabrikate","publisher":{"@id":"https:\/\/www.akuplastics.com\/hu\/#organization"},"alternateName":"AKUPLASTICS \u2013 Engineering in Plastics","potentialAction":[{"@type":"SearchAction","target":{"@type":"EntryPoint","urlTemplate":"https:\/\/www.akuplastics.com\/hu\/?s={search_term_string}"},"query-input":{"@type":"PropertyValueSpecification","valueRequired":true,"valueName":"search_term_string"}}],"inLanguage":"hu"},{"@type":"Organization","@id":"https:\/\/www.akuplastics.com\/hu\/#organization","name":"Ing. Christian Ahlborn e.U.","alternateName":"AKU","url":"https:\/\/www.akuplastics.com\/hu\/","logo":{"@type":"ImageObject","inLanguage":"hu","@id":"https:\/\/www.akuplastics.com\/hu\/#\/schema\/logo\/image\/","url":"https:\/\/www.akuplastics.com\/wp-content\/uploads\/2020\/07\/Grafik14-inkl-r.png","contentUrl":"https:\/\/www.akuplastics.com\/wp-content\/uploads\/2020\/07\/Grafik14-inkl-r.png","width":1994,"height":743,"caption":"Ing. Christian Ahlborn e.U."},"image":{"@id":"https:\/\/www.akuplastics.com\/hu\/#\/schema\/logo\/image\/"}}]}},"_links":{"self":[{"href":"https:\/\/www.akuplastics.com\/hu\/wp-json\/wp\/v2\/pages\/29328","targetHints":{"allow":["GET"]}}],"collection":[{"href":"https:\/\/www.akuplastics.com\/hu\/wp-json\/wp\/v2\/pages"}],"about":[{"href":"https:\/\/www.akuplastics.com\/hu\/wp-json\/wp\/v2\/types\/page"}],"author":[{"embeddable":true,"href":"https:\/\/www.akuplastics.com\/hu\/wp-json\/wp\/v2\/users\/3"}],"replies":[{"embeddable":true,"href":"https:\/\/www.akuplastics.com\/hu\/wp-json\/wp\/v2\/comments?post=29328"}],"version-history":[{"count":2,"href":"https:\/\/www.akuplastics.com\/hu\/wp-json\/wp\/v2\/pages\/29328\/revisions"}],"predecessor-version":[{"id":29336,"href":"https:\/\/www.akuplastics.com\/hu\/wp-json\/wp\/v2\/pages\/29328\/revisions\/29336"}],"wp:featuredmedia":[{"embeddable":true,"href":"https:\/\/www.akuplastics.com\/hu\/wp-json\/wp\/v2\/media\/27397"}],"wp:attachment":[{"href":"https:\/\/www.akuplastics.com\/hu\/wp-json\/wp\/v2\/media?parent=29328"}],"curies":[{"name":"wp","href":"https:\/\/api.w.org\/{rel}","templated":true}]}}