{"id":29273,"date":"2025-10-27T16:29:02","date_gmt":"2025-10-27T15:29:02","guid":{"rendered":"https:\/\/www.akuplastics.com\/szabalyozo-pillangoszelepek-szabalyozo-elzaro-pillangoszelepek\/"},"modified":"2025-10-28T12:54:50","modified_gmt":"2025-10-28T11:54:50","slug":"szabalyozo-pillangoszelepek-szabalyozo-elzaro-pillangoszelepek","status":"publish","type":"page","link":"https:\/\/www.akuplastics.com\/hu\/szabalyozo-pillangoszelepek-szabalyozo-elzaro-pillangoszelepek\/","title":{"rendered":"Szab\u00e1lyoz\u00f3 pillang\u00f3szelepek, szab\u00e1lyoz\u00f3 elz\u00e1r\u00f3 pillang\u00f3szelepek"},"content":{"rendered":"\t\t<div data-elementor-type=\"wp-page\" data-elementor-id=\"29273\" class=\"elementor elementor-29273 elementor-29219\" data-elementor-post-type=\"page\">\n\t\t\t\t\t\t<section class=\"elementor-section elementor-top-section elementor-element elementor-element-6025abb3 elementor-section-full_width elementor-section-height-default elementor-section-height-default\" data-id=\"6025abb3\" data-element_type=\"section\" data-e-type=\"section\" data-settings=\"{&quot;background_background&quot;:&quot;gradient&quot;}\">\n\t\t\t\t\t\t<div class=\"elementor-container elementor-column-gap-default\">\n\t\t\t\t\t<div class=\"elementor-column elementor-col-100 elementor-top-column elementor-element elementor-element-c978d9b\" data-id=\"c978d9b\" data-element_type=\"column\" data-e-type=\"column\">\n\t\t\t<div class=\"elementor-widget-wrap elementor-element-populated\">\n\t\t\t\t\t\t<section class=\"elementor-section elementor-inner-section elementor-element elementor-element-1ead80f elementor-section-boxed elementor-section-height-default elementor-section-height-default\" data-id=\"1ead80f\" data-element_type=\"section\" data-e-type=\"section\">\n\t\t\t\t\t\t<div class=\"elementor-container elementor-column-gap-default\">\n\t\t\t\t\t<div class=\"elementor-column elementor-col-100 elementor-inner-column elementor-element elementor-element-97f2d40\" data-id=\"97f2d40\" data-element_type=\"column\" data-e-type=\"column\">\n\t\t\t<div class=\"elementor-widget-wrap elementor-element-populated\">\n\t\t\t\t\t\t<div class=\"elementor-element elementor-element-5288b20 elementor-widget__width-initial elementor-widget elementor-widget-text-editor\" data-id=\"5288b20\" data-element_type=\"widget\" data-e-type=\"widget\" data-widget_type=\"text-editor.default\">\n\t\t\t\t<div class=\"elementor-widget-container\">\n\t\t\t\t\t\t\t\t\t<h1 style=\"text-align: left;\">Fojt\u00f3- \u00e9s elz\u00e1r\u00f3 pillang\u00f3szelepek PVC-U, PPs, PPs-EL, PP-H, PE-HD, PVDF anyagb\u00f3l<\/h1>\t\t\t\t\t\t\t\t<\/div>\n\t\t\t\t<\/div>\n\t\t\t\t<div class=\"elementor-element elementor-element-843282f elementor-widget__width-initial elementor-widget elementor-widget-text-editor\" data-id=\"843282f\" data-element_type=\"widget\" data-e-type=\"widget\" data-widget_type=\"text-editor.default\">\n\t\t\t\t<div class=\"elementor-widget-container\">\n\t\t\t\t\t\t\t\t\t<p style=\"text-align: left;\">Szab\u00e1lyoz\u00f3 pillang\u00f3szelep \/ szab\u00e1lyoz\u00f3 elz\u00e1r\u00f3 pillang\u00f3szelep tokkal vagy karim\u00e1val, kerek m\u0171anyag idom bels\u0151 \u00fctk\u00f6z\u0151vel, cs\u00f6vek hegeszt\u00e9si elj\u00e1r\u00e1ssal t\u00f6rt\u00e9n\u0151 \u00f6sszek\u00f6t\u00e9s\u00e9re elsz\u00edv\u00f3rendszerben.<\/p><p style=\"text-align: left;\">Szab\u00e1lyoz\u00f3 csappanty\u00fak\u00e9nt t\u00e9rfogat\u00e1ramok be\u00e1ll\u00edt\u00e1s\u00e1ra<\/p><p style=\"text-align: left;\">A tok bels\u0151 \u00e1tm\u00e9r\u0151je a DIN 8062 szabv\u00e1ny szerint. Gy\u00e1rt\u00e1si elj\u00e1r\u00e1s: f\u00e9lgy\u00e1rtm\u00e1nyokb\u00f3l k\u00e9sz\u00fcl. <\/p>\t\t\t\t\t\t\t\t<\/div>\n\t\t\t\t<\/div>\n\t\t\t\t<div class=\"elementor-element elementor-element-b534910 elementor-widget__width-initial elementor-widget elementor-widget-text-editor\" data-id=\"b534910\" data-element_type=\"widget\" data-e-type=\"widget\" data-widget_type=\"text-editor.default\">\n\t\t\t\t<div class=\"elementor-widget-container\">\n\t\t\t\t\t\t\t\t\t<p style=\"text-align: left;\"> <\/p><p style=\"text-align: left;\">Lehets\u00e9ges negat\u00edv t\u00falnyom\u00e1s k\u00e9r\u00e9sre, mechanikai, k\u00e9miai \u00e9s termikus terhel\u00e9s ut\u00e1n.<\/p>\t\t\t\t\t\t\t\t<\/div>\n\t\t\t\t<\/div>\n\t\t\t\t<div class=\"elementor-element elementor-element-5a28bf2 elementor-widget__width-initial elementor-widget elementor-widget-text-editor\" data-id=\"5a28bf2\" data-element_type=\"widget\" data-e-type=\"widget\" data-widget_type=\"text-editor.default\">\n\t\t\t\t<div class=\"elementor-widget-container\">\n\t\t\t\t\t\t\t\t\t<p style=\"text-align: left;\">El\u00e9rhet\u0151 mint:<\/p><p style=\"text-align: left;\"> <\/p><p style=\"text-align: left;\" data-start=\"844\" data-end=\"879\"><strong>Szab\u00e1lyoz\u00f3 csappanty\u00fa tokkal, D1 m\u0171k\u00f6dtet\u0151vel<\/strong><\/p><p style=\"text-align: left;\" data-start=\"884\" data-end=\"919\"><strong>Szab\u00e1lyoz\u00f3 csappanty\u00fa tokkal, m\u0171k\u00f6dtet\u0151vel D2<\/strong><\/p><p style=\"text-align: left;\" data-start=\"924\" data-end=\"961\"><strong>Szab\u00e1lyoz\u00f3 csappanty\u00fa, karima, D1 m\u0171k\u00f6dtet\u0151<\/strong><\/p><p style=\"text-align: left;\" data-start=\"966\" data-end=\"1003\"><strong>Szab\u00e1lyoz\u00f3 csappanty\u00fa karima \u00e1ll\u00edt\u00f3m\u0171 D2<\/strong><\/p><p style=\"text-align: left;\" data-start=\"1008\" data-end=\"1043\"><strong>D1 keresztir\u00e1ny\u00fa szab\u00e1lyoz\u00f3-elz\u00e1r\u00f3 csappanty\u00fa tokkal<\/strong><\/p><p style=\"text-align: left;\" data-start=\"1048\" data-end=\"1078\"><strong>Szab\u00e1lyoz\u00f3 \u00e9s elz\u00e1r\u00f3 pillang\u00f3szelep, tokos, D2<\/strong><\/p><p style=\"text-align: left;\" data-start=\"1083\" data-end=\"1115\"><strong>Szab\u00e1lyoz\u00f3-elz\u00e1r\u00f3 pillang\u00f3szelep D2 karim\u00e1val<\/strong><\/p>\t\t\t\t\t\t\t\t<\/div>\n\t\t\t\t<\/div>\n\t\t\t\t\t<\/div>\n\t\t<\/div>\n\t\t\t\t<div class=\"elementor-column elementor-col-50 elementor-inner-column elementor-element elementor-element-97bb919\" data-id=\"97bb919\" data-element_type=\"column\" data-e-type=\"column\">\n\t\t\t<div class=\"elementor-widget-wrap elementor-element-populated\">\n\t\t\t\t\t\t<div class=\"elementor-element elementor-element-1a349e7 elementor-widget elementor-widget-image\" data-id=\"1a349e7\" data-element_type=\"widget\" data-e-type=\"widget\" data-widget_type=\"image.default\">\n\t\t\t\t<div class=\"elementor-widget-container\">\n\t\t\t\t\t\t\t\t\t\t\t\t<figure class=\"wp-caption\">\n\t\t\t\t\t\t\t\t\t\t<img loading=\"lazy\" decoding=\"async\" width=\"300\" height=\"300\" src=\"https:\/\/www.akuplastics.com\/wp-content\/uploads\/2025\/10\/Absperrklappe-mit-Handhebel-und-Flansch-mit-15\u00b0-Raster-300x300.webp\" class=\"attachment-medium size-medium wp-image-28442\" alt=\"Pillang\u00f3szelep k\u00e9zi karral \u00e9s karim\u00e1val, 15\u00b0-os r\u00f6gz\u00edt\u00e9ssel, PVC, feh\u00e9r PVC, PPs, PP-H, PE-HD, PP-EL-s, PVDF anyagokb\u00f3l.\" srcset=\"https:\/\/www.akuplastics.com\/wp-content\/uploads\/2025\/10\/Absperrklappe-mit-Handhebel-und-Flansch-mit-15\u00b0-Raster-300x300.webp 300w, https:\/\/www.akuplastics.com\/wp-content\/uploads\/2025\/10\/Absperrklappe-mit-Handhebel-und-Flansch-mit-15\u00b0-Raster-150x150.webp 150w, https:\/\/www.akuplastics.com\/wp-content\/uploads\/2025\/10\/Absperrklappe-mit-Handhebel-und-Flansch-mit-15\u00b0-Raster.webp 500w\" sizes=\"auto, (max-width: 300px) 100vw, 300px\" \/>\t\t\t\t\t\t\t\t\t\t\t<figcaption class=\"widget-image-caption wp-caption-text\">Pillang\u00f3szelep k\u00e9zi karral \u00e9s karim\u00e1val, 15\u00b0-os r\u00f6gz\u00edt\u00e9ssel, PVC, feh\u00e9r PVC, PPs, PP-H, PE-HD, PP-EL-s, PVDF anyagokb\u00f3l.<\/figcaption>\n\t\t\t\t\t\t\t\t\t\t<\/figure>\n\t\t\t\t\t\t\t\t\t<\/div>\n\t\t\t\t<\/div>\n\t\t\t\t<div class=\"elementor-element elementor-element-e1f56d4 elementor-widget elementor-widget-image\" data-id=\"e1f56d4\" data-element_type=\"widget\" data-e-type=\"widget\" data-widget_type=\"image.default\">\n\t\t\t\t<div class=\"elementor-widget-container\">\n\t\t\t\t\t\t\t\t\t\t\t\t<figure class=\"wp-caption\">\n\t\t\t\t\t\t\t\t\t\t<img loading=\"lazy\" decoding=\"async\" width=\"300\" height=\"227\" src=\"https:\/\/www.akuplastics.com\/wp-content\/uploads\/2025\/10\/Regelklappe-mit-Muffe-Ausfuehrung-D1-fuer-Stellantrieb-PVC-PVC-weiss-PPs-PP-H-PE-HD-PP-EL-s-PVDF-300x227.webp\" class=\"attachment-medium size-medium wp-image-28636\" alt=\"Szab\u00e1lyoz\u00f3 csappanty\u00fa tokkal, D1 kivitel, m\u0171k\u00f6dtet\u0151h\u00f6z, PVC, feh\u00e9r PVC, PPs, PP-H, PE-HD, PP-EL-s, PVDF anyagokb\u00f3l.\" srcset=\"https:\/\/www.akuplastics.com\/wp-content\/uploads\/2025\/10\/Regelklappe-mit-Muffe-Ausfuehrung-D1-fuer-Stellantrieb-PVC-PVC-weiss-PPs-PP-H-PE-HD-PP-EL-s-PVDF-300x227.webp 300w, https:\/\/www.akuplastics.com\/wp-content\/uploads\/2025\/10\/Regelklappe-mit-Muffe-Ausfuehrung-D1-fuer-Stellantrieb-PVC-PVC-weiss-PPs-PP-H-PE-HD-PP-EL-s-PVDF.webp 500w\" sizes=\"auto, (max-width: 300px) 100vw, 300px\" \/>\t\t\t\t\t\t\t\t\t\t\t<figcaption class=\"widget-image-caption wp-caption-text\">Szab\u00e1lyoz\u00f3 csappanty\u00fa tokkal, D1 kivitel, m\u0171k\u00f6dtet\u0151h\u00f6z, PVC, feh\u00e9r PVC, PPs, PP-H, PE-HD, PP-EL-s, PVDF anyagokb\u00f3l.<\/figcaption>\n\t\t\t\t\t\t\t\t\t\t<\/figure>\n\t\t\t\t\t\t\t\t\t<\/div>\n\t\t\t\t<\/div>\n\t\t\t\t<div class=\"elementor-element elementor-element-9819023 elementor-widget elementor-widget-image\" data-id=\"9819023\" data-element_type=\"widget\" data-e-type=\"widget\" data-widget_type=\"image.default\">\n\t\t\t\t<div class=\"elementor-widget-container\">\n\t\t\t\t\t\t\t\t\t\t\t\t<figure class=\"wp-caption\">\n\t\t\t\t\t\t\t\t\t\t<img loading=\"lazy\" decoding=\"async\" width=\"222\" height=\"300\" src=\"https:\/\/www.akuplastics.com\/wp-content\/uploads\/2025\/10\/Regel-Absperrklappe-inkl.-Dichtung-vorgerichtet-fuer-Stellmotor-beidseitig-mit-Muffe-Ausfuehrung-1-quer-zur-Rohrrichtung-PVC-U-PPs-PPs-EL-PP-H-PE-HD-PVDF-222x300.webp\" class=\"attachment-medium size-medium wp-image-28789\" alt=\"Szab\u00e1lyoz\u00f3 \u00e9s elz\u00e1r\u00f3 pillang\u00f3szelep t\u00f6m\u00edt\u00e9ssel, m\u0171k\u00f6dtet\u0151 motorhoz el\u0151k\u00e9sz\u00edtve, k\u00e9toldali tokos csatlakoz\u00e1ssal, 1-es kivitel cs\u0151ir\u00e1nyra mer\u0151legesen, PVC-U PPs PPs-EL PP-H PE-HD PVDF.\" srcset=\"https:\/\/www.akuplastics.com\/wp-content\/uploads\/2025\/10\/Regel-Absperrklappe-inkl.-Dichtung-vorgerichtet-fuer-Stellmotor-beidseitig-mit-Muffe-Ausfuehrung-1-quer-zur-Rohrrichtung-PVC-U-PPs-PPs-EL-PP-H-PE-HD-PVDF-222x300.webp 222w, https:\/\/www.akuplastics.com\/wp-content\/uploads\/2025\/10\/Regel-Absperrklappe-inkl.-Dichtung-vorgerichtet-fuer-Stellmotor-beidseitig-mit-Muffe-Ausfuehrung-1-quer-zur-Rohrrichtung-PVC-U-PPs-PPs-EL-PP-H-PE-HD-PVDF.webp 500w\" sizes=\"auto, (max-width: 222px) 100vw, 222px\" \/>\t\t\t\t\t\t\t\t\t\t\t<figcaption class=\"widget-image-caption wp-caption-text\">Szab\u00e1lyoz\u00f3 \u00e9s elz\u00e1r\u00f3 pillang\u00f3szelep t\u00f6m\u00edt\u00e9ssel, m\u0171k\u00f6dtet\u0151 motorhoz el\u0151k\u00e9sz\u00edtve, k\u00e9toldali tokos csatlakoz\u00e1ssal, 1-es kivitel cs\u0151ir\u00e1nyra mer\u0151legesen, PVC-U PPs PPs-EL PP-H PE-HD PVDF. <\/figcaption>\n\t\t\t\t\t\t\t\t\t\t<\/figure>\n\t\t\t\t\t\t\t\t\t<\/div>\n\t\t\t\t<\/div>\n\t\t\t\t<div class=\"elementor-element elementor-element-a2ffce4 elementor-widget elementor-widget-image\" data-id=\"a2ffce4\" data-element_type=\"widget\" data-e-type=\"widget\" data-widget_type=\"image.default\">\n\t\t\t\t<div class=\"elementor-widget-container\">\n\t\t\t\t\t\t\t\t\t\t\t\t<figure class=\"wp-caption\">\n\t\t\t\t\t\t\t\t\t\t<img loading=\"lazy\" decoding=\"async\" width=\"300\" height=\"241\" src=\"https:\/\/www.akuplastics.com\/wp-content\/uploads\/2025\/10\/Regelklappe-Flansch-Stellantrieb-D2-PVC-U-PPs-PPs-EL-PP-H-PE-HD-PVDF-300x241.webp\" class=\"attachment-medium size-medium wp-image-28647\" alt=\"Szab\u00e1lyoz\u00f3 csappanty\u00fa karima \u00e1ll\u00edt\u00f3m\u0171 D2 PVC-U PPs PPs-EL PP-H PE-HD PVDF\" srcset=\"https:\/\/www.akuplastics.com\/wp-content\/uploads\/2025\/10\/Regelklappe-Flansch-Stellantrieb-D2-PVC-U-PPs-PPs-EL-PP-H-PE-HD-PVDF-300x241.webp 300w, https:\/\/www.akuplastics.com\/wp-content\/uploads\/2025\/10\/Regelklappe-Flansch-Stellantrieb-D2-PVC-U-PPs-PPs-EL-PP-H-PE-HD-PVDF.webp 500w\" sizes=\"auto, (max-width: 300px) 100vw, 300px\" \/>\t\t\t\t\t\t\t\t\t\t\t<figcaption class=\"widget-image-caption wp-caption-text\">Szab\u00e1lyoz\u00f3 csappanty\u00fa karima \u00e1ll\u00edt\u00f3m\u0171 D2 PVC-U PPs PPs-EL PP-H PE-HD PVDF<\/figcaption>\n\t\t\t\t\t\t\t\t\t\t<\/figure>\n\t\t\t\t\t\t\t\t\t<\/div>\n\t\t\t\t<\/div>\n\t\t\t\t\t<\/div>\n\t\t<\/div>\n\t\t\t\t\t<\/div>\n\t\t<\/section>\n\t\t\t\t\t<\/div>\n\t\t<\/div>\n\t\t\t\t\t<\/div>\n\t\t<\/section>\n\t\t\t\t<\/div>\n\t\t","protected":false},"excerpt":{"rendered":"<p>Fojt\u00f3- \u00e9s elz\u00e1r\u00f3 pillang\u00f3szelepek PVC-U, PPs, PPs-EL, PP-H, PE-HD, PVDF anyagb\u00f3l Szab\u00e1lyoz\u00f3 pillang\u00f3szelep \/ szab\u00e1lyoz\u00f3 elz\u00e1r\u00f3 pillang\u00f3szelep tokkal vagy karim\u00e1val, kerek m\u0171anyag idom bels\u0151 \u00fctk\u00f6z\u0151vel, cs\u00f6vek hegeszt\u00e9si elj\u00e1r\u00e1ssal t\u00f6rt\u00e9n\u0151 \u00f6sszek\u00f6t\u00e9s\u00e9re elsz\u00edv\u00f3rendszerben. Szab\u00e1lyoz\u00f3 csappanty\u00fak\u00e9nt t\u00e9rfogat\u00e1ramok be\u00e1ll\u00edt\u00e1s\u00e1ra A tok bels\u0151 \u00e1tm\u00e9r\u0151je a DIN 8062 szabv\u00e1ny szerint. Gy\u00e1rt\u00e1si elj\u00e1r\u00e1s: f\u00e9lgy\u00e1rtm\u00e1nyokb\u00f3l k\u00e9sz\u00fcl. Lehets\u00e9ges negat\u00edv t\u00falnyom\u00e1s k\u00e9r\u00e9sre, mechanikai, k\u00e9miai \u00e9s [&hellip;]<\/p>\n","protected":false},"author":3,"featured_media":28640,"parent":0,"menu_order":0,"comment_status":"closed","ping_status":"closed","template":"","meta":{"iawp_total_views":4,"footnotes":""},"class_list":["post-29273","page","type-page","status-publish","has-post-thumbnail","hentry"],"yoast_head":"<!-- This site is optimized with the Yoast SEO Premium plugin v27.4 (Yoast SEO v27.4) - https:\/\/yoast.com\/product\/yoast-seo-premium-wordpress\/ -->\n<title>szab\u00e1lyoz\u00f3-csappanty\u00fak-szab\u00e1lyoz\u00f3-elz\u00e1r\u00f3-csappanty\u00fak-pvc-u-pps-pps-el-pp-h-pe-hd-pvdf<\/title>\n<meta name=\"description\" content=\"Szab\u00e1lyoz\u00f3 pillang\u00f3szelep \/ szab\u00e1lyoz\u00f3 elz\u00e1r\u00f3 pillang\u00f3szelep tokkal vagy karim\u00e1val, kerek m\u0171anyag idom bels\u0151 \u00fctk\u00f6z\u0151vel, cs\u00f6vek hegeszt\u00e9si elj\u00e1r\u00e1ssal t\u00f6rt\u00e9n\u0151 \u00f6sszek\u00f6t\u00e9s\u00e9re elsz\u00edv\u00f3rendszerben. Szab\u00e1lyoz\u00f3 csappanty\u00fak\u00e9nt t\u00e9rfogat\u00e1ramok be\u00e1ll\u00edt\u00e1s\u00e1ra. A karmanty\u00fa bels\u0151 \u00e1tm\u00e9r\u0151je a DIN 8062 szabv\u00e1nyhoz igazodva. Gy\u00e1rt\u00e1si elj\u00e1r\u00e1s: f\u00e9lk\u00e9sz term\u00e9kekb\u0151l gy\u00e1rtva.\" \/>\n<meta name=\"robots\" content=\"index, follow, max-snippet:-1, max-image-preview:large, max-video-preview:-1\" \/>\n<link rel=\"canonical\" href=\"https:\/\/www.akuplastics.com\/hu\/szabalyozo-pillangoszelepek-szabalyozo-elzaro-pillangoszelepek\/\" \/>\n<script type=\"application\/ld+json\" class=\"yoast-schema-graph\">{\"@context\":\"https:\\\/\\\/schema.org\",\"@graph\":[{\"@type\":\"WebPage\",\"@id\":\"https:\\\/\\\/www.akuplastics.com\\\/hu\\\/szabalyozo-pillangoszelepek-szabalyozo-elzaro-pillangoszelepek\\\/\",\"url\":\"https:\\\/\\\/www.akuplastics.com\\\/hu\\\/szabalyozo-pillangoszelepek-szabalyozo-elzaro-pillangoszelepek\\\/\",\"name\":\"szab\u00e1lyoz\u00f3-csappanty\u00fak-szab\u00e1lyoz\u00f3-elz\u00e1r\u00f3-csappanty\u00fak-pvc-u-pps-pps-el-pp-h-pe-hd-pvdf\",\"isPartOf\":{\"@id\":\"https:\\\/\\\/www.akuplastics.com\\\/hu\\\/#website\"},\"primaryImageOfPage\":{\"@id\":\"https:\\\/\\\/www.akuplastics.com\\\/hu\\\/szabalyozo-pillangoszelepek-szabalyozo-elzaro-pillangoszelepek\\\/#primaryimage\"},\"image\":{\"@id\":\"https:\\\/\\\/www.akuplastics.com\\\/hu\\\/szabalyozo-pillangoszelepek-szabalyozo-elzaro-pillangoszelepek\\\/#primaryimage\"},\"thumbnailUrl\":\"https:\\\/\\\/www.akuplastics.com\\\/wp-content\\\/uploads\\\/2025\\\/10\\\/Regelklappe-Muffe-Stellantrieb-D2-PVC-U-PPs-PPs-EL-PP-H-PE-HD-PVDF-gedreht.webp\",\"datePublished\":\"2025-10-27T15:29:02+00:00\",\"dateModified\":\"2025-10-28T11:54:50+00:00\",\"description\":\"Szab\u00e1lyoz\u00f3 pillang\u00f3szelep \\\/ szab\u00e1lyoz\u00f3 elz\u00e1r\u00f3 pillang\u00f3szelep tokkal vagy karim\u00e1val, kerek m\u0171anyag idom bels\u0151 \u00fctk\u00f6z\u0151vel, cs\u00f6vek hegeszt\u00e9si elj\u00e1r\u00e1ssal t\u00f6rt\u00e9n\u0151 \u00f6sszek\u00f6t\u00e9s\u00e9re elsz\u00edv\u00f3rendszerben. Szab\u00e1lyoz\u00f3 csappanty\u00fak\u00e9nt t\u00e9rfogat\u00e1ramok be\u00e1ll\u00edt\u00e1s\u00e1ra. A karmanty\u00fa bels\u0151 \u00e1tm\u00e9r\u0151je a DIN 8062 szabv\u00e1nyhoz igazodva. Gy\u00e1rt\u00e1si elj\u00e1r\u00e1s: f\u00e9lk\u00e9sz term\u00e9kekb\u0151l gy\u00e1rtva.\",\"breadcrumb\":{\"@id\":\"https:\\\/\\\/www.akuplastics.com\\\/hu\\\/szabalyozo-pillangoszelepek-szabalyozo-elzaro-pillangoszelepek\\\/#breadcrumb\"},\"inLanguage\":\"hu\",\"potentialAction\":[{\"@type\":\"ReadAction\",\"target\":[\"https:\\\/\\\/www.akuplastics.com\\\/hu\\\/szabalyozo-pillangoszelepek-szabalyozo-elzaro-pillangoszelepek\\\/\"]}]},{\"@type\":\"ImageObject\",\"inLanguage\":\"hu\",\"@id\":\"https:\\\/\\\/www.akuplastics.com\\\/hu\\\/szabalyozo-pillangoszelepek-szabalyozo-elzaro-pillangoszelepek\\\/#primaryimage\",\"url\":\"https:\\\/\\\/www.akuplastics.com\\\/wp-content\\\/uploads\\\/2025\\\/10\\\/Regelklappe-Muffe-Stellantrieb-D2-PVC-U-PPs-PPs-EL-PP-H-PE-HD-PVDF-gedreht.webp\",\"contentUrl\":\"https:\\\/\\\/www.akuplastics.com\\\/wp-content\\\/uploads\\\/2025\\\/10\\\/Regelklappe-Muffe-Stellantrieb-D2-PVC-U-PPs-PPs-EL-PP-H-PE-HD-PVDF-gedreht.webp\",\"width\":500,\"height\":675,\"caption\":\"Szab\u00e1lyoz\u00f3 csappanty\u00fa, karmanty\u00fa, D2 m\u0171k\u00f6dtet\u0151 PVC-U PPs PPs-EL PP-H PE-HD eszterg\u00e1lt PVDF\"},{\"@type\":\"BreadcrumbList\",\"@id\":\"https:\\\/\\\/www.akuplastics.com\\\/hu\\\/szabalyozo-pillangoszelepek-szabalyozo-elzaro-pillangoszelepek\\\/#breadcrumb\",\"itemListElement\":[{\"@type\":\"ListItem\",\"position\":1,\"name\":\"Kezd\u0151lap\",\"item\":\"https:\\\/\\\/www.akuplastics.com\\\/hu\\\/\"},{\"@type\":\"ListItem\",\"position\":2,\"name\":\"Szab\u00e1lyoz\u00f3 pillang\u00f3szelepek, szab\u00e1lyoz\u00f3 elz\u00e1r\u00f3 pillang\u00f3szelepek\"}]},{\"@type\":\"WebSite\",\"@id\":\"https:\\\/\\\/www.akuplastics.com\\\/hu\\\/#website\",\"url\":\"https:\\\/\\\/www.akuplastics.com\\\/hu\\\/\",\"name\":\"Semi-Finished Products \u2013 Finished Parts \u2013 Ventilation Moulded Parts \u2013 Machines\",\"description\":\"Halbzeuge, Halbfabrikate, Kunststoffhalbzeuge, Kunststoffhalbfabrikate\",\"publisher\":{\"@id\":\"https:\\\/\\\/www.akuplastics.com\\\/hu\\\/#organization\"},\"alternateName\":\"AKUPLASTICS \u2013 Engineering in Plastics\",\"potentialAction\":[{\"@type\":\"SearchAction\",\"target\":{\"@type\":\"EntryPoint\",\"urlTemplate\":\"https:\\\/\\\/www.akuplastics.com\\\/hu\\\/?s={search_term_string}\"},\"query-input\":{\"@type\":\"PropertyValueSpecification\",\"valueRequired\":true,\"valueName\":\"search_term_string\"}}],\"inLanguage\":\"hu\"},{\"@type\":\"Organization\",\"@id\":\"https:\\\/\\\/www.akuplastics.com\\\/hu\\\/#organization\",\"name\":\"Ing. Christian Ahlborn e.U.\",\"alternateName\":\"AKU\",\"url\":\"https:\\\/\\\/www.akuplastics.com\\\/hu\\\/\",\"logo\":{\"@type\":\"ImageObject\",\"inLanguage\":\"hu\",\"@id\":\"https:\\\/\\\/www.akuplastics.com\\\/hu\\\/#\\\/schema\\\/logo\\\/image\\\/\",\"url\":\"https:\\\/\\\/www.akuplastics.com\\\/wp-content\\\/uploads\\\/2020\\\/07\\\/Grafik14-inkl-r.png\",\"contentUrl\":\"https:\\\/\\\/www.akuplastics.com\\\/wp-content\\\/uploads\\\/2020\\\/07\\\/Grafik14-inkl-r.png\",\"width\":1994,\"height\":743,\"caption\":\"Ing. Christian Ahlborn e.U.\"},\"image\":{\"@id\":\"https:\\\/\\\/www.akuplastics.com\\\/hu\\\/#\\\/schema\\\/logo\\\/image\\\/\"}}]}<\/script>\n<!-- \/ Yoast SEO Premium plugin. -->","yoast_head_json":{"title":"szab\u00e1lyoz\u00f3-csappanty\u00fak-szab\u00e1lyoz\u00f3-elz\u00e1r\u00f3-csappanty\u00fak-pvc-u-pps-pps-el-pp-h-pe-hd-pvdf","description":"Szab\u00e1lyoz\u00f3 pillang\u00f3szelep \/ szab\u00e1lyoz\u00f3 elz\u00e1r\u00f3 pillang\u00f3szelep tokkal vagy karim\u00e1val, kerek m\u0171anyag idom bels\u0151 \u00fctk\u00f6z\u0151vel, cs\u00f6vek hegeszt\u00e9si elj\u00e1r\u00e1ssal t\u00f6rt\u00e9n\u0151 \u00f6sszek\u00f6t\u00e9s\u00e9re elsz\u00edv\u00f3rendszerben. Szab\u00e1lyoz\u00f3 csappanty\u00fak\u00e9nt t\u00e9rfogat\u00e1ramok be\u00e1ll\u00edt\u00e1s\u00e1ra. A karmanty\u00fa bels\u0151 \u00e1tm\u00e9r\u0151je a DIN 8062 szabv\u00e1nyhoz igazodva. Gy\u00e1rt\u00e1si elj\u00e1r\u00e1s: f\u00e9lk\u00e9sz term\u00e9kekb\u0151l gy\u00e1rtva.","robots":{"index":"index","follow":"follow","max-snippet":"max-snippet:-1","max-image-preview":"max-image-preview:large","max-video-preview":"max-video-preview:-1"},"canonical":"https:\/\/www.akuplastics.com\/hu\/szabalyozo-pillangoszelepek-szabalyozo-elzaro-pillangoszelepek\/","schema":{"@context":"https:\/\/schema.org","@graph":[{"@type":"WebPage","@id":"https:\/\/www.akuplastics.com\/hu\/szabalyozo-pillangoszelepek-szabalyozo-elzaro-pillangoszelepek\/","url":"https:\/\/www.akuplastics.com\/hu\/szabalyozo-pillangoszelepek-szabalyozo-elzaro-pillangoszelepek\/","name":"szab\u00e1lyoz\u00f3-csappanty\u00fak-szab\u00e1lyoz\u00f3-elz\u00e1r\u00f3-csappanty\u00fak-pvc-u-pps-pps-el-pp-h-pe-hd-pvdf","isPartOf":{"@id":"https:\/\/www.akuplastics.com\/hu\/#website"},"primaryImageOfPage":{"@id":"https:\/\/www.akuplastics.com\/hu\/szabalyozo-pillangoszelepek-szabalyozo-elzaro-pillangoszelepek\/#primaryimage"},"image":{"@id":"https:\/\/www.akuplastics.com\/hu\/szabalyozo-pillangoszelepek-szabalyozo-elzaro-pillangoszelepek\/#primaryimage"},"thumbnailUrl":"https:\/\/www.akuplastics.com\/wp-content\/uploads\/2025\/10\/Regelklappe-Muffe-Stellantrieb-D2-PVC-U-PPs-PPs-EL-PP-H-PE-HD-PVDF-gedreht.webp","datePublished":"2025-10-27T15:29:02+00:00","dateModified":"2025-10-28T11:54:50+00:00","description":"Szab\u00e1lyoz\u00f3 pillang\u00f3szelep \/ szab\u00e1lyoz\u00f3 elz\u00e1r\u00f3 pillang\u00f3szelep tokkal vagy karim\u00e1val, kerek m\u0171anyag idom bels\u0151 \u00fctk\u00f6z\u0151vel, cs\u00f6vek hegeszt\u00e9si elj\u00e1r\u00e1ssal t\u00f6rt\u00e9n\u0151 \u00f6sszek\u00f6t\u00e9s\u00e9re elsz\u00edv\u00f3rendszerben. Szab\u00e1lyoz\u00f3 csappanty\u00fak\u00e9nt t\u00e9rfogat\u00e1ramok be\u00e1ll\u00edt\u00e1s\u00e1ra. A karmanty\u00fa bels\u0151 \u00e1tm\u00e9r\u0151je a DIN 8062 szabv\u00e1nyhoz igazodva. Gy\u00e1rt\u00e1si elj\u00e1r\u00e1s: f\u00e9lk\u00e9sz term\u00e9kekb\u0151l gy\u00e1rtva.","breadcrumb":{"@id":"https:\/\/www.akuplastics.com\/hu\/szabalyozo-pillangoszelepek-szabalyozo-elzaro-pillangoszelepek\/#breadcrumb"},"inLanguage":"hu","potentialAction":[{"@type":"ReadAction","target":["https:\/\/www.akuplastics.com\/hu\/szabalyozo-pillangoszelepek-szabalyozo-elzaro-pillangoszelepek\/"]}]},{"@type":"ImageObject","inLanguage":"hu","@id":"https:\/\/www.akuplastics.com\/hu\/szabalyozo-pillangoszelepek-szabalyozo-elzaro-pillangoszelepek\/#primaryimage","url":"https:\/\/www.akuplastics.com\/wp-content\/uploads\/2025\/10\/Regelklappe-Muffe-Stellantrieb-D2-PVC-U-PPs-PPs-EL-PP-H-PE-HD-PVDF-gedreht.webp","contentUrl":"https:\/\/www.akuplastics.com\/wp-content\/uploads\/2025\/10\/Regelklappe-Muffe-Stellantrieb-D2-PVC-U-PPs-PPs-EL-PP-H-PE-HD-PVDF-gedreht.webp","width":500,"height":675,"caption":"Szab\u00e1lyoz\u00f3 csappanty\u00fa, karmanty\u00fa, D2 m\u0171k\u00f6dtet\u0151 PVC-U PPs PPs-EL PP-H PE-HD eszterg\u00e1lt PVDF"},{"@type":"BreadcrumbList","@id":"https:\/\/www.akuplastics.com\/hu\/szabalyozo-pillangoszelepek-szabalyozo-elzaro-pillangoszelepek\/#breadcrumb","itemListElement":[{"@type":"ListItem","position":1,"name":"Kezd\u0151lap","item":"https:\/\/www.akuplastics.com\/hu\/"},{"@type":"ListItem","position":2,"name":"Szab\u00e1lyoz\u00f3 pillang\u00f3szelepek, szab\u00e1lyoz\u00f3 elz\u00e1r\u00f3 pillang\u00f3szelepek"}]},{"@type":"WebSite","@id":"https:\/\/www.akuplastics.com\/hu\/#website","url":"https:\/\/www.akuplastics.com\/hu\/","name":"Semi-Finished Products \u2013 Finished Parts \u2013 Ventilation Moulded Parts \u2013 Machines","description":"Halbzeuge, Halbfabrikate, Kunststoffhalbzeuge, Kunststoffhalbfabrikate","publisher":{"@id":"https:\/\/www.akuplastics.com\/hu\/#organization"},"alternateName":"AKUPLASTICS \u2013 Engineering in Plastics","potentialAction":[{"@type":"SearchAction","target":{"@type":"EntryPoint","urlTemplate":"https:\/\/www.akuplastics.com\/hu\/?s={search_term_string}"},"query-input":{"@type":"PropertyValueSpecification","valueRequired":true,"valueName":"search_term_string"}}],"inLanguage":"hu"},{"@type":"Organization","@id":"https:\/\/www.akuplastics.com\/hu\/#organization","name":"Ing. Christian Ahlborn e.U.","alternateName":"AKU","url":"https:\/\/www.akuplastics.com\/hu\/","logo":{"@type":"ImageObject","inLanguage":"hu","@id":"https:\/\/www.akuplastics.com\/hu\/#\/schema\/logo\/image\/","url":"https:\/\/www.akuplastics.com\/wp-content\/uploads\/2020\/07\/Grafik14-inkl-r.png","contentUrl":"https:\/\/www.akuplastics.com\/wp-content\/uploads\/2020\/07\/Grafik14-inkl-r.png","width":1994,"height":743,"caption":"Ing. Christian Ahlborn e.U."},"image":{"@id":"https:\/\/www.akuplastics.com\/hu\/#\/schema\/logo\/image\/"}}]}},"_links":{"self":[{"href":"https:\/\/www.akuplastics.com\/hu\/wp-json\/wp\/v2\/pages\/29273","targetHints":{"allow":["GET"]}}],"collection":[{"href":"https:\/\/www.akuplastics.com\/hu\/wp-json\/wp\/v2\/pages"}],"about":[{"href":"https:\/\/www.akuplastics.com\/hu\/wp-json\/wp\/v2\/types\/page"}],"author":[{"embeddable":true,"href":"https:\/\/www.akuplastics.com\/hu\/wp-json\/wp\/v2\/users\/3"}],"replies":[{"embeddable":true,"href":"https:\/\/www.akuplastics.com\/hu\/wp-json\/wp\/v2\/comments?post=29273"}],"version-history":[{"count":4,"href":"https:\/\/www.akuplastics.com\/hu\/wp-json\/wp\/v2\/pages\/29273\/revisions"}],"predecessor-version":[{"id":29283,"href":"https:\/\/www.akuplastics.com\/hu\/wp-json\/wp\/v2\/pages\/29273\/revisions\/29283"}],"wp:featuredmedia":[{"embeddable":true,"href":"https:\/\/www.akuplastics.com\/hu\/wp-json\/wp\/v2\/media\/28640"}],"wp:attachment":[{"href":"https:\/\/www.akuplastics.com\/hu\/wp-json\/wp\/v2\/media?parent=29273"}],"curies":[{"name":"wp","href":"https:\/\/api.w.org\/{rel}","templated":true}]}}