{"id":28950,"date":"2025-10-24T12:35:38","date_gmt":"2025-10-24T10:35:38","guid":{"rendered":"https:\/\/www.akuplastics.com\/tok-nelkueli-karima\/"},"modified":"2025-10-24T12:45:29","modified_gmt":"2025-10-24T10:45:29","slug":"tok-nelkueli-karima","status":"publish","type":"page","link":"https:\/\/www.akuplastics.com\/hu\/tok-nelkueli-karima\/","title":{"rendered":"Tok n\u00e9lk\u00fcli karima"},"content":{"rendered":"\t\t<div data-elementor-type=\"wp-page\" data-elementor-id=\"28950\" class=\"elementor elementor-28950 elementor-28890\" data-elementor-post-type=\"page\">\n\t\t\t\t\t\t<section class=\"elementor-section elementor-top-section elementor-element elementor-element-6025abb3 elementor-section-full_width elementor-section-height-default elementor-section-height-default\" data-id=\"6025abb3\" data-element_type=\"section\" data-e-type=\"section\" data-settings=\"{&quot;background_background&quot;:&quot;gradient&quot;}\">\n\t\t\t\t\t\t<div class=\"elementor-container elementor-column-gap-default\">\n\t\t\t\t\t<div class=\"elementor-column elementor-col-100 elementor-top-column elementor-element elementor-element-c978d9b\" data-id=\"c978d9b\" data-element_type=\"column\" data-e-type=\"column\">\n\t\t\t<div class=\"elementor-widget-wrap elementor-element-populated\">\n\t\t\t\t\t\t<section class=\"elementor-section elementor-inner-section elementor-element elementor-element-1ead80f elementor-section-boxed elementor-section-height-default elementor-section-height-default\" data-id=\"1ead80f\" data-element_type=\"section\" data-e-type=\"section\">\n\t\t\t\t\t\t<div class=\"elementor-container elementor-column-gap-default\">\n\t\t\t\t\t<div class=\"elementor-column elementor-col-100 elementor-inner-column elementor-element elementor-element-97f2d40\" data-id=\"97f2d40\" data-element_type=\"column\" data-e-type=\"column\">\n\t\t\t<div class=\"elementor-widget-wrap elementor-element-populated\">\n\t\t\t\t\t\t<div class=\"elementor-element elementor-element-5288b20 elementor-widget__width-initial elementor-widget elementor-widget-text-editor\" data-id=\"5288b20\" data-element_type=\"widget\" data-e-type=\"widget\" data-widget_type=\"text-editor.default\">\n\t\t\t\t<div class=\"elementor-widget-container\">\n\t\t\t\t\t\t\t\t\t<h1 class=\"csc-firstHeader\" style=\"text-align: left;\">Tok n\u00e9lk\u00fcli karima PVC-U PPs PPs-EL PP-H PE-HD PVDF anyagb\u00f3l<\/h1>\t\t\t\t\t\t\t\t<\/div>\n\t\t\t\t<\/div>\n\t\t\t\t<div class=\"elementor-element elementor-element-843282f elementor-widget__width-initial elementor-widget elementor-widget-text-editor\" data-id=\"843282f\" data-element_type=\"widget\" data-e-type=\"widget\" data-widget_type=\"text-editor.default\">\n\t\t\t\t<div class=\"elementor-widget-container\">\n\t\t\t\t\t\t\t\t\t<p style=\"text-align: left;\">Tok n\u00e9lk\u00fcli karima, kerek m\u0171anyag idom bels\u0151 \u00fctk\u00f6z\u0151vel, cs\u00f6vek hegeszt\u00e9si elj\u00e1r\u00e1ssal t\u00f6rt\u00e9n\u0151 \u00f6sszek\u00f6t\u00e9s\u00e9re elsz\u00edv\u00f3rendszerben.<\/p><p style=\"text-align: left;\">A tok bels\u0151 \u00e1tm\u00e9r\u0151je a DIN 8062 szabv\u00e1ny szerint, m\u00e9retek a DIN 1506 szabv\u00e1ny szerint.<\/p><p style=\"text-align: left;\">Gy\u00e1rt\u00e1si elj\u00e1r\u00e1s: \u00d8 75 mm-t\u0151l f\u00e9lk\u00e9sz term\u00e9kekb\u0151l k\u00e9sz\u00fcl.<\/p><p style=\"text-align: left;\"> <\/p>\t\t\t\t\t\t\t\t<\/div>\n\t\t\t\t<\/div>\n\t\t\t\t<div class=\"elementor-element elementor-element-b534910 elementor-widget__width-initial elementor-widget elementor-widget-text-editor\" data-id=\"b534910\" data-element_type=\"widget\" data-e-type=\"widget\" data-widget_type=\"text-editor.default\">\n\t\t\t\t<div class=\"elementor-widget-container\">\n\t\t\t\t\t\t\t\t\t<p style=\"text-align: left;\">Lehets\u00e9ges negat\u00edv t\u00falnyom\u00e1s k\u00e9r\u00e9sre, mechanikai, k\u00e9miai \u00e9s termikus terhel\u00e9s ut\u00e1n.<\/p>\t\t\t\t\t\t\t\t<\/div>\n\t\t\t\t<\/div>\n\t\t\t\t<div class=\"elementor-element elementor-element-5a28bf2 elementor-widget__width-initial elementor-widget elementor-widget-text-editor\" data-id=\"5a28bf2\" data-element_type=\"widget\" data-e-type=\"widget\" data-widget_type=\"text-editor.default\">\n\t\t\t\t<div class=\"elementor-widget-container\">\n\t\t\t\t\t\t\t\t\t<p> <\/p>\n<p style=\"text-align: left;\">Adatok mm-ben, m\u00e9ret- \u00e9s konstrukci\u00f3s v\u00e1ltoztat\u00e1sok jog\u00e1t fenntartjuk!<\/p>\n<p> <\/p>\t\t\t\t\t\t\t\t<\/div>\n\t\t\t\t<\/div>\n\t\t\t\t<div class=\"elementor-element elementor-element-d2091eb elementor-widget__width-initial elementor-widget elementor-widget-text-editor\" data-id=\"d2091eb\" data-element_type=\"widget\" data-e-type=\"widget\" data-widget_type=\"text-editor.default\">\n\t\t\t\t<div class=\"elementor-widget-container\">\n\t\t\t\t\t\t\t\t\t<table border=\"0\" width=\"640\" cellspacing=\"0\" cellpadding=\"0\"><tbody><tr><td width=\"80\" height=\"21\"> <\/td><td colspan=\"7\" width=\"560\">PVC\/PE-HD\/PP-H\/PPs\/PP-EL-s\/PVDF<\/td><\/tr><tr><td width=\"80\" height=\"42\">\u00d8<\/td><td width=\"80\">LK \u00d8<\/td><td width=\"80\">D1 \u00d8<\/td><td width=\"80\">D2 \u00d8<\/td><td width=\"80\">x<\/td><td width=\"80\">s<\/td><td width=\"80\">B \u00d8<\/td><td width=\"80\">Tol. B \u00d8 <\/td><\/tr><tr><td width=\"80\" height=\"22\">50<\/td><td width=\"80\">95<\/td><td width=\"80\">47<\/td><td width=\"80\">125<\/td><td width=\"80\">8<\/td><td width=\"80\">8<\/td><td width=\"80\">7,5<\/td><td width=\"80\">\u00b1 0,5<\/td><\/tr><tr><td width=\"80\" height=\"21\">63<\/td><td width=\"80\">102<\/td><td width=\"80\">58<\/td><td width=\"80\">132<\/td><td width=\"80\">8<\/td><td width=\"80\">8<\/td><td width=\"80\">7,5<\/td><td width=\"80\">\u00b1 0,5<\/td><\/tr><tr><td width=\"80\" height=\"21\">75<\/td><td width=\"80\">110<\/td><td width=\"80\">69<\/td><td width=\"80\">140<\/td><td width=\"80\">8<\/td><td width=\"80\">8<\/td><td width=\"80\">7,5<\/td><td width=\"80\">\u00b1 0,5<\/td><\/tr><tr><td width=\"80\" height=\"21\">90<\/td><td width=\"80\">128<\/td><td width=\"80\">84<\/td><td width=\"80\">158<\/td><td width=\"80\">8<\/td><td width=\"80\">8<\/td><td width=\"80\">7,5<\/td><td width=\"80\">\u00b1 0,5<\/td><\/tr><tr><td width=\"80\" height=\"21\">110<\/td><td width=\"80\">150<\/td><td width=\"80\">106<\/td><td width=\"80\">170<\/td><td width=\"80\">8<\/td><td width=\"80\">8<\/td><td width=\"80\">9,5<\/td><td width=\"80\">\u00b1 0,5<\/td><\/tr><tr><td width=\"80\" height=\"21\">125<\/td><td width=\"80\">165<\/td><td width=\"80\">122<\/td><td width=\"80\">185<\/td><td width=\"80\">8<\/td><td width=\"80\">8<\/td><td width=\"80\">9,5<\/td><td width=\"80\">\u00b1 0,5<\/td><\/tr><tr><td width=\"80\" height=\"21\">140<\/td><td width=\"80\">175<\/td><td width=\"80\">136<\/td><td width=\"80\">200<\/td><td width=\"80\">8<\/td><td width=\"80\">8<\/td><td width=\"80\">9,5<\/td><td width=\"80\">\u00b1 0,5<\/td><\/tr><tr><td width=\"80\" height=\"21\">160<\/td><td width=\"80\">200<\/td><td width=\"80\">156<\/td><td width=\"80\">230<\/td><td width=\"80\">8<\/td><td width=\"80\">8<\/td><td width=\"80\">9,5<\/td><td width=\"80\">\u00b1 0,5<\/td><\/tr><tr><td width=\"80\" height=\"21\">180<\/td><td width=\"80\">220<\/td><td width=\"80\">176<\/td><td width=\"80\">250<\/td><td width=\"80\">8<\/td><td width=\"80\">8<\/td><td width=\"80\">9,5<\/td><td width=\"80\">\u00b1 0,5<\/td><\/tr><tr><td width=\"80\" height=\"21\">200<\/td><td width=\"80\">240<\/td><td width=\"80\">196<\/td><td width=\"80\">270<\/td><td width=\"80\">8<\/td><td width=\"80\">8<\/td><td width=\"80\">9,5<\/td><td width=\"80\">\u00b1 0,5<\/td><\/tr><tr><td width=\"80\" height=\"21\">225<\/td><td width=\"80\">265<\/td><td width=\"80\">222<\/td><td width=\"80\">295<\/td><td width=\"80\">8<\/td><td width=\"80\">8<\/td><td width=\"80\">9,5<\/td><td width=\"80\">\u00b1 0,5<\/td><\/tr><tr><td width=\"80\" height=\"21\">250<\/td><td width=\"80\">290<\/td><td width=\"80\">246<\/td><td width=\"80\">320<\/td><td width=\"80\">12<\/td><td width=\"80\">8<\/td><td width=\"80\">9,5<\/td><td width=\"80\">\u00b1 0,5<\/td><\/tr><tr><td width=\"80\" height=\"21\">280<\/td><td width=\"80\">325<\/td><td width=\"80\">275<\/td><td width=\"80\">355<\/td><td width=\"80\">12<\/td><td width=\"80\">10<\/td><td width=\"80\">9,5<\/td><td width=\"80\">\u00b1 0,5<\/td><\/tr><tr><td width=\"80\" height=\"21\">315<\/td><td width=\"80\">350<\/td><td width=\"80\">310<\/td><td width=\"80\">395<\/td><td width=\"80\">12<\/td><td width=\"80\">10<\/td><td width=\"80\">9,5<\/td><td width=\"80\">\u00b1 0,5<\/td><\/tr><tr><td width=\"80\" height=\"21\">355<\/td><td width=\"80\">400<\/td><td width=\"80\">349<\/td><td width=\"80\">435<\/td><td width=\"80\">12<\/td><td width=\"80\">10<\/td><td width=\"80\">9,5<\/td><td width=\"80\">\u00b1 0,5<\/td><\/tr><tr><td width=\"80\" height=\"21\">400<\/td><td width=\"80\">445<\/td><td width=\"80\">393<\/td><td width=\"80\">475<\/td><td width=\"80\">16<\/td><td width=\"80\">10<\/td><td width=\"80\">9,5<\/td><td width=\"80\">\u00b1 0,5<\/td><\/tr><tr><td width=\"80\" height=\"21\">450<\/td><td width=\"80\">510<\/td><td width=\"80\">446<\/td><td width=\"80\">560<\/td><td width=\"80\">16<\/td><td width=\"80\">12<\/td><td width=\"80\">9,5<\/td><td width=\"80\">\u00b1 0,5<\/td><\/tr><tr><td width=\"80\" height=\"21\">500<\/td><td width=\"80\">560<\/td><td width=\"80\">496<\/td><td width=\"80\">610<\/td><td width=\"80\">20<\/td><td width=\"80\">12<\/td><td width=\"80\">9,5<\/td><td width=\"80\">\u00b1 0,5<\/td><\/tr><tr><td width=\"80\" height=\"21\">560<\/td><td width=\"80\">610<\/td><td width=\"80\">556<\/td><td width=\"80\">660<\/td><td width=\"80\">20<\/td><td width=\"80\">12<\/td><td width=\"80\">9,5<\/td><td width=\"80\">\u00b1 0,5<\/td><\/tr><tr><td width=\"80\" height=\"21\">600<\/td><td width=\"80\">660<\/td><td width=\"80\">596<\/td><td width=\"80\">710<\/td><td width=\"80\">24<\/td><td width=\"80\">12<\/td><td width=\"80\">9,5<\/td><td width=\"80\">\u00b1 0,5<\/td><\/tr><tr><td width=\"80\" height=\"21\">630<\/td><td width=\"80\">710<\/td><td width=\"80\">626<\/td><td width=\"80\">760<\/td><td width=\"80\">24<\/td><td width=\"80\">12<\/td><td width=\"80\">9,5<\/td><td width=\"80\">\u00b1 0,5<\/td><\/tr><tr><td width=\"80\" height=\"21\">700<\/td><td width=\"80\">760<\/td><td width=\"80\">696<\/td><td width=\"80\">810<\/td><td width=\"80\">24<\/td><td width=\"80\">12<\/td><td width=\"80\">9,5<\/td><td width=\"80\">\u00b1 0,5<\/td><\/tr><tr><td width=\"80\" height=\"21\">710<\/td><td width=\"80\">760<\/td><td width=\"80\">706<\/td><td width=\"80\">810<\/td><td width=\"80\">24<\/td><td width=\"80\">12<\/td><td width=\"80\">9,5<\/td><td width=\"80\">\u00b1 0,5<\/td><\/tr><tr><td width=\"80\" height=\"21\">800<\/td><td width=\"80\">866<\/td><td width=\"80\">796<\/td><td width=\"80\">916<\/td><td width=\"80\">28<\/td><td width=\"80\">12<\/td><td width=\"80\">9,5<\/td><td width=\"80\">\u00b1 0,5<\/td><\/tr><tr><td width=\"80\" height=\"21\">900<\/td><td width=\"80\">966<\/td><td width=\"80\">896<\/td><td width=\"80\">1016<\/td><td width=\"80\">32<\/td><td width=\"80\">12<\/td><td width=\"80\">9,5<\/td><td width=\"80\">\u00b1 0,5<\/td><\/tr><tr><td width=\"80\" height=\"21\">1000<\/td><td width=\"80\">1066<\/td><td width=\"80\">993<\/td><td width=\"80\">1116<\/td><td width=\"80\">36<\/td><td width=\"80\">12<\/td><td width=\"80\">9,5<\/td><td width=\"80\">\u00b1 0,5<\/td><\/tr><tr><td width=\"80\" height=\"21\">1200<\/td><td width=\"80\">1270<\/td><td width=\"80\">1193<\/td><td width=\"80\">1320<\/td><td width=\"80\">40<\/td><td width=\"80\">12<\/td><td width=\"80\">9,5<\/td><td width=\"80\">\u00b1 0,5<\/td><\/tr><tr><td width=\"80\" height=\"21\">1250<\/td><td width=\"80\">1320<\/td><td width=\"80\">1242<\/td><td width=\"80\">1370<\/td><td width=\"80\">44<\/td><td width=\"80\">12<\/td><td width=\"80\">9,5<\/td><td width=\"80\">\u00b1 0,5<\/td><\/tr><\/tbody><\/table>\t\t\t\t\t\t\t\t<\/div>\n\t\t\t\t<\/div>\n\t\t\t\t\t<\/div>\n\t\t<\/div>\n\t\t\t\t<div class=\"elementor-column elementor-col-50 elementor-inner-column elementor-element elementor-element-97bb919\" data-id=\"97bb919\" data-element_type=\"column\" data-e-type=\"column\">\n\t\t\t<div class=\"elementor-widget-wrap elementor-element-populated\">\n\t\t\t\t\t\t<div class=\"elementor-element elementor-element-1a349e7 elementor-widget elementor-widget-image\" data-id=\"1a349e7\" data-element_type=\"widget\" data-e-type=\"widget\" data-widget_type=\"image.default\">\n\t\t\t\t<div class=\"elementor-widget-container\">\n\t\t\t\t\t\t\t\t\t\t\t\t<figure class=\"wp-caption\">\n\t\t\t\t\t\t\t\t\t\t<img loading=\"lazy\" decoding=\"async\" width=\"214\" height=\"300\" src=\"https:\/\/www.akuplastics.com\/wp-content\/uploads\/2025\/10\/Flansch-ohne-Muffe-PVC-U-PPs-PPs-EL-PP-H-PE-HD-PVDF-214x300.webp\" class=\"attachment-medium size-medium wp-image-28919\" alt=\"Tok n\u00e9lk\u00fcli karima PVC-U PPs PPs-EL PP-H PE-HD PVDF\" srcset=\"https:\/\/www.akuplastics.com\/wp-content\/uploads\/2025\/10\/Flansch-ohne-Muffe-PVC-U-PPs-PPs-EL-PP-H-PE-HD-PVDF-214x300.webp 214w, https:\/\/www.akuplastics.com\/wp-content\/uploads\/2025\/10\/Flansch-ohne-Muffe-PVC-U-PPs-PPs-EL-PP-H-PE-HD-PVDF.webp 500w\" sizes=\"auto, (max-width: 214px) 100vw, 214px\" \/>\t\t\t\t\t\t\t\t\t\t\t<figcaption class=\"widget-image-caption wp-caption-text\">Tok n\u00e9lk\u00fcli karima PVC-U PPs PPs-EL PP-H PE-HD PVDF<\/figcaption>\n\t\t\t\t\t\t\t\t\t\t<\/figure>\n\t\t\t\t\t\t\t\t\t<\/div>\n\t\t\t\t<\/div>\n\t\t\t\t\t<\/div>\n\t\t<\/div>\n\t\t\t\t\t<\/div>\n\t\t<\/section>\n\t\t\t\t\t<\/div>\n\t\t<\/div>\n\t\t\t\t\t<\/div>\n\t\t<\/section>\n\t\t\t\t<\/div>\n\t\t","protected":false},"excerpt":{"rendered":"<p>Tok n\u00e9lk\u00fcli karima PVC-U PPs PPs-EL PP-H PE-HD PVDF anyagb\u00f3l Tok n\u00e9lk\u00fcli karima, kerek m\u0171anyag idom bels\u0151 \u00fctk\u00f6z\u0151vel, cs\u00f6vek hegeszt\u00e9si elj\u00e1r\u00e1ssal t\u00f6rt\u00e9n\u0151 \u00f6sszek\u00f6t\u00e9s\u00e9re elsz\u00edv\u00f3rendszerben. A tok bels\u0151 \u00e1tm\u00e9r\u0151je a DIN 8062 szabv\u00e1ny szerint, m\u00e9retek a DIN 1506 szabv\u00e1ny szerint. Gy\u00e1rt\u00e1si elj\u00e1r\u00e1s: \u00d8 75 mm-t\u0151l f\u00e9lk\u00e9sz term\u00e9kekb\u0151l k\u00e9sz\u00fcl. Lehets\u00e9ges negat\u00edv t\u00falnyom\u00e1s k\u00e9r\u00e9sre, mechanikai, k\u00e9miai \u00e9s termikus [&hellip;]<\/p>\n","protected":false},"author":3,"featured_media":28919,"parent":0,"menu_order":1,"comment_status":"closed","ping_status":"closed","template":"","meta":{"iawp_total_views":0,"footnotes":""},"class_list":["post-28950","page","type-page","status-publish","has-post-thumbnail","hentry"],"yoast_head":"<!-- This site is optimized with the Yoast SEO Premium plugin v27.4 (Yoast SEO v27.4) - https:\/\/yoast.com\/product\/yoast-seo-premium-wordpress\/ -->\n<title>Tok n\u00e9lk\u00fcli karima PVC-U PPs PPs-EL PP-H PE-HD PVDF<\/title>\n<meta name=\"description\" content=\"Tok n\u00e9lk\u00fcli karima, kerek m\u0171anyag idom bels\u0151 \u00fctk\u00f6z\u0151vel, cs\u00f6vek hegeszt\u00e9si elj\u00e1r\u00e1ssal t\u00f6rt\u00e9n\u0151 \u00f6sszek\u00f6t\u00e9s\u00e9re elsz\u00edv\u00f3rendszerben. A tok bels\u0151 \u00e1tm\u00e9r\u0151je a DIN 8062 szabv\u00e1ny szerint, m\u00e9retek a DIN 1506 szabv\u00e1ny szerint. Gy\u00e1rt\u00e1si elj\u00e1r\u00e1s: \u00d8 75 mm-t\u0151l f\u00e9lk\u00e9sz term\u00e9kekb\u0151l k\u00e9sz\u00fcl.\" \/>\n<meta name=\"robots\" content=\"index, follow, max-snippet:-1, max-image-preview:large, max-video-preview:-1\" \/>\n<link rel=\"canonical\" href=\"https:\/\/www.akuplastics.com\/hu\/tok-nelkueli-karima\/\" \/>\n<script type=\"application\/ld+json\" class=\"yoast-schema-graph\">{\"@context\":\"https:\\\/\\\/schema.org\",\"@graph\":[{\"@type\":\"WebPage\",\"@id\":\"https:\\\/\\\/www.akuplastics.com\\\/hu\\\/tok-nelkueli-karima\\\/\",\"url\":\"https:\\\/\\\/www.akuplastics.com\\\/hu\\\/tok-nelkueli-karima\\\/\",\"name\":\"Tok n\u00e9lk\u00fcli karima PVC-U PPs PPs-EL PP-H PE-HD PVDF\",\"isPartOf\":{\"@id\":\"https:\\\/\\\/www.akuplastics.com\\\/hu\\\/#website\"},\"primaryImageOfPage\":{\"@id\":\"https:\\\/\\\/www.akuplastics.com\\\/hu\\\/tok-nelkueli-karima\\\/#primaryimage\"},\"image\":{\"@id\":\"https:\\\/\\\/www.akuplastics.com\\\/hu\\\/tok-nelkueli-karima\\\/#primaryimage\"},\"thumbnailUrl\":\"https:\\\/\\\/www.akuplastics.com\\\/wp-content\\\/uploads\\\/2025\\\/10\\\/Flansch-ohne-Muffe-PVC-U-PPs-PPs-EL-PP-H-PE-HD-PVDF.webp\",\"datePublished\":\"2025-10-24T10:35:38+00:00\",\"dateModified\":\"2025-10-24T10:45:29+00:00\",\"description\":\"Tok n\u00e9lk\u00fcli karima, kerek m\u0171anyag idom bels\u0151 \u00fctk\u00f6z\u0151vel, cs\u00f6vek hegeszt\u00e9si elj\u00e1r\u00e1ssal t\u00f6rt\u00e9n\u0151 \u00f6sszek\u00f6t\u00e9s\u00e9re elsz\u00edv\u00f3rendszerben. A tok bels\u0151 \u00e1tm\u00e9r\u0151je a DIN 8062 szabv\u00e1ny szerint, m\u00e9retek a DIN 1506 szabv\u00e1ny szerint. Gy\u00e1rt\u00e1si elj\u00e1r\u00e1s: \u00d8 75 mm-t\u0151l f\u00e9lk\u00e9sz term\u00e9kekb\u0151l k\u00e9sz\u00fcl.\",\"breadcrumb\":{\"@id\":\"https:\\\/\\\/www.akuplastics.com\\\/hu\\\/tok-nelkueli-karima\\\/#breadcrumb\"},\"inLanguage\":\"hu\",\"potentialAction\":[{\"@type\":\"ReadAction\",\"target\":[\"https:\\\/\\\/www.akuplastics.com\\\/hu\\\/tok-nelkueli-karima\\\/\"]}]},{\"@type\":\"ImageObject\",\"inLanguage\":\"hu\",\"@id\":\"https:\\\/\\\/www.akuplastics.com\\\/hu\\\/tok-nelkueli-karima\\\/#primaryimage\",\"url\":\"https:\\\/\\\/www.akuplastics.com\\\/wp-content\\\/uploads\\\/2025\\\/10\\\/Flansch-ohne-Muffe-PVC-U-PPs-PPs-EL-PP-H-PE-HD-PVDF.webp\",\"contentUrl\":\"https:\\\/\\\/www.akuplastics.com\\\/wp-content\\\/uploads\\\/2025\\\/10\\\/Flansch-ohne-Muffe-PVC-U-PPs-PPs-EL-PP-H-PE-HD-PVDF.webp\",\"width\":500,\"height\":702,\"caption\":\"Tok n\u00e9lk\u00fcli karima PVC-U PPs PPs-EL PP-H PE-HD PVDF\"},{\"@type\":\"BreadcrumbList\",\"@id\":\"https:\\\/\\\/www.akuplastics.com\\\/hu\\\/tok-nelkueli-karima\\\/#breadcrumb\",\"itemListElement\":[{\"@type\":\"ListItem\",\"position\":1,\"name\":\"Kezd\u0151lap\",\"item\":\"https:\\\/\\\/www.akuplastics.com\\\/hu\\\/\"},{\"@type\":\"ListItem\",\"position\":2,\"name\":\"Tok n\u00e9lk\u00fcli karima\"}]},{\"@type\":\"WebSite\",\"@id\":\"https:\\\/\\\/www.akuplastics.com\\\/hu\\\/#website\",\"url\":\"https:\\\/\\\/www.akuplastics.com\\\/hu\\\/\",\"name\":\"Semi-Finished Products \u2013 Finished Parts \u2013 Ventilation Moulded Parts \u2013 Machines\",\"description\":\"Halbzeuge, Halbfabrikate, Kunststoffhalbzeuge, Kunststoffhalbfabrikate\",\"publisher\":{\"@id\":\"https:\\\/\\\/www.akuplastics.com\\\/hu\\\/#organization\"},\"alternateName\":\"AKUPLASTICS \u2013 Engineering in Plastics\",\"potentialAction\":[{\"@type\":\"SearchAction\",\"target\":{\"@type\":\"EntryPoint\",\"urlTemplate\":\"https:\\\/\\\/www.akuplastics.com\\\/hu\\\/?s={search_term_string}\"},\"query-input\":{\"@type\":\"PropertyValueSpecification\",\"valueRequired\":true,\"valueName\":\"search_term_string\"}}],\"inLanguage\":\"hu\"},{\"@type\":\"Organization\",\"@id\":\"https:\\\/\\\/www.akuplastics.com\\\/hu\\\/#organization\",\"name\":\"Ing. Christian Ahlborn e.U.\",\"alternateName\":\"AKU\",\"url\":\"https:\\\/\\\/www.akuplastics.com\\\/hu\\\/\",\"logo\":{\"@type\":\"ImageObject\",\"inLanguage\":\"hu\",\"@id\":\"https:\\\/\\\/www.akuplastics.com\\\/hu\\\/#\\\/schema\\\/logo\\\/image\\\/\",\"url\":\"https:\\\/\\\/www.akuplastics.com\\\/wp-content\\\/uploads\\\/2020\\\/07\\\/Grafik14-inkl-r.png\",\"contentUrl\":\"https:\\\/\\\/www.akuplastics.com\\\/wp-content\\\/uploads\\\/2020\\\/07\\\/Grafik14-inkl-r.png\",\"width\":1994,\"height\":743,\"caption\":\"Ing. Christian Ahlborn e.U.\"},\"image\":{\"@id\":\"https:\\\/\\\/www.akuplastics.com\\\/hu\\\/#\\\/schema\\\/logo\\\/image\\\/\"}}]}<\/script>\n<!-- \/ Yoast SEO Premium plugin. -->","yoast_head_json":{"title":"Tok n\u00e9lk\u00fcli karima PVC-U PPs PPs-EL PP-H PE-HD PVDF","description":"Tok n\u00e9lk\u00fcli karima, kerek m\u0171anyag idom bels\u0151 \u00fctk\u00f6z\u0151vel, cs\u00f6vek hegeszt\u00e9si elj\u00e1r\u00e1ssal t\u00f6rt\u00e9n\u0151 \u00f6sszek\u00f6t\u00e9s\u00e9re elsz\u00edv\u00f3rendszerben. A tok bels\u0151 \u00e1tm\u00e9r\u0151je a DIN 8062 szabv\u00e1ny szerint, m\u00e9retek a DIN 1506 szabv\u00e1ny szerint. Gy\u00e1rt\u00e1si elj\u00e1r\u00e1s: \u00d8 75 mm-t\u0151l f\u00e9lk\u00e9sz term\u00e9kekb\u0151l k\u00e9sz\u00fcl.","robots":{"index":"index","follow":"follow","max-snippet":"max-snippet:-1","max-image-preview":"max-image-preview:large","max-video-preview":"max-video-preview:-1"},"canonical":"https:\/\/www.akuplastics.com\/hu\/tok-nelkueli-karima\/","schema":{"@context":"https:\/\/schema.org","@graph":[{"@type":"WebPage","@id":"https:\/\/www.akuplastics.com\/hu\/tok-nelkueli-karima\/","url":"https:\/\/www.akuplastics.com\/hu\/tok-nelkueli-karima\/","name":"Tok n\u00e9lk\u00fcli karima PVC-U PPs PPs-EL PP-H PE-HD PVDF","isPartOf":{"@id":"https:\/\/www.akuplastics.com\/hu\/#website"},"primaryImageOfPage":{"@id":"https:\/\/www.akuplastics.com\/hu\/tok-nelkueli-karima\/#primaryimage"},"image":{"@id":"https:\/\/www.akuplastics.com\/hu\/tok-nelkueli-karima\/#primaryimage"},"thumbnailUrl":"https:\/\/www.akuplastics.com\/wp-content\/uploads\/2025\/10\/Flansch-ohne-Muffe-PVC-U-PPs-PPs-EL-PP-H-PE-HD-PVDF.webp","datePublished":"2025-10-24T10:35:38+00:00","dateModified":"2025-10-24T10:45:29+00:00","description":"Tok n\u00e9lk\u00fcli karima, kerek m\u0171anyag idom bels\u0151 \u00fctk\u00f6z\u0151vel, cs\u00f6vek hegeszt\u00e9si elj\u00e1r\u00e1ssal t\u00f6rt\u00e9n\u0151 \u00f6sszek\u00f6t\u00e9s\u00e9re elsz\u00edv\u00f3rendszerben. A tok bels\u0151 \u00e1tm\u00e9r\u0151je a DIN 8062 szabv\u00e1ny szerint, m\u00e9retek a DIN 1506 szabv\u00e1ny szerint. Gy\u00e1rt\u00e1si elj\u00e1r\u00e1s: \u00d8 75 mm-t\u0151l f\u00e9lk\u00e9sz term\u00e9kekb\u0151l k\u00e9sz\u00fcl.","breadcrumb":{"@id":"https:\/\/www.akuplastics.com\/hu\/tok-nelkueli-karima\/#breadcrumb"},"inLanguage":"hu","potentialAction":[{"@type":"ReadAction","target":["https:\/\/www.akuplastics.com\/hu\/tok-nelkueli-karima\/"]}]},{"@type":"ImageObject","inLanguage":"hu","@id":"https:\/\/www.akuplastics.com\/hu\/tok-nelkueli-karima\/#primaryimage","url":"https:\/\/www.akuplastics.com\/wp-content\/uploads\/2025\/10\/Flansch-ohne-Muffe-PVC-U-PPs-PPs-EL-PP-H-PE-HD-PVDF.webp","contentUrl":"https:\/\/www.akuplastics.com\/wp-content\/uploads\/2025\/10\/Flansch-ohne-Muffe-PVC-U-PPs-PPs-EL-PP-H-PE-HD-PVDF.webp","width":500,"height":702,"caption":"Tok n\u00e9lk\u00fcli karima PVC-U PPs PPs-EL PP-H PE-HD PVDF"},{"@type":"BreadcrumbList","@id":"https:\/\/www.akuplastics.com\/hu\/tok-nelkueli-karima\/#breadcrumb","itemListElement":[{"@type":"ListItem","position":1,"name":"Kezd\u0151lap","item":"https:\/\/www.akuplastics.com\/hu\/"},{"@type":"ListItem","position":2,"name":"Tok n\u00e9lk\u00fcli karima"}]},{"@type":"WebSite","@id":"https:\/\/www.akuplastics.com\/hu\/#website","url":"https:\/\/www.akuplastics.com\/hu\/","name":"Semi-Finished Products \u2013 Finished Parts \u2013 Ventilation Moulded Parts \u2013 Machines","description":"Halbzeuge, Halbfabrikate, Kunststoffhalbzeuge, Kunststoffhalbfabrikate","publisher":{"@id":"https:\/\/www.akuplastics.com\/hu\/#organization"},"alternateName":"AKUPLASTICS \u2013 Engineering in Plastics","potentialAction":[{"@type":"SearchAction","target":{"@type":"EntryPoint","urlTemplate":"https:\/\/www.akuplastics.com\/hu\/?s={search_term_string}"},"query-input":{"@type":"PropertyValueSpecification","valueRequired":true,"valueName":"search_term_string"}}],"inLanguage":"hu"},{"@type":"Organization","@id":"https:\/\/www.akuplastics.com\/hu\/#organization","name":"Ing. Christian Ahlborn e.U.","alternateName":"AKU","url":"https:\/\/www.akuplastics.com\/hu\/","logo":{"@type":"ImageObject","inLanguage":"hu","@id":"https:\/\/www.akuplastics.com\/hu\/#\/schema\/logo\/image\/","url":"https:\/\/www.akuplastics.com\/wp-content\/uploads\/2020\/07\/Grafik14-inkl-r.png","contentUrl":"https:\/\/www.akuplastics.com\/wp-content\/uploads\/2020\/07\/Grafik14-inkl-r.png","width":1994,"height":743,"caption":"Ing. Christian Ahlborn e.U."},"image":{"@id":"https:\/\/www.akuplastics.com\/hu\/#\/schema\/logo\/image\/"}}]}},"_links":{"self":[{"href":"https:\/\/www.akuplastics.com\/hu\/wp-json\/wp\/v2\/pages\/28950","targetHints":{"allow":["GET"]}}],"collection":[{"href":"https:\/\/www.akuplastics.com\/hu\/wp-json\/wp\/v2\/pages"}],"about":[{"href":"https:\/\/www.akuplastics.com\/hu\/wp-json\/wp\/v2\/types\/page"}],"author":[{"embeddable":true,"href":"https:\/\/www.akuplastics.com\/hu\/wp-json\/wp\/v2\/users\/3"}],"replies":[{"embeddable":true,"href":"https:\/\/www.akuplastics.com\/hu\/wp-json\/wp\/v2\/comments?post=28950"}],"version-history":[{"count":2,"href":"https:\/\/www.akuplastics.com\/hu\/wp-json\/wp\/v2\/pages\/28950\/revisions"}],"predecessor-version":[{"id":28966,"href":"https:\/\/www.akuplastics.com\/hu\/wp-json\/wp\/v2\/pages\/28950\/revisions\/28966"}],"wp:featuredmedia":[{"embeddable":true,"href":"https:\/\/www.akuplastics.com\/hu\/wp-json\/wp\/v2\/media\/28919"}],"wp:attachment":[{"href":"https:\/\/www.akuplastics.com\/hu\/wp-json\/wp\/v2\/media?parent=28950"}],"curies":[{"name":"wp","href":"https:\/\/api.w.org\/{rel}","templated":true}]}}