{"id":28443,"date":"2025-10-24T08:59:42","date_gmt":"2025-10-24T06:59:42","guid":{"rendered":"https:\/\/www.akuplastics.com\/pillangoszelep-kezi-karral-karimas-15-os-roegzitessel\/"},"modified":"2025-10-24T09:11:01","modified_gmt":"2025-10-24T07:11:01","slug":"pillangoszelep-kezi-karral-karimas-15-os-roegzitessel","status":"publish","type":"page","link":"https:\/\/www.akuplastics.com\/hu\/pillangoszelep-kezi-karral-karimas-15-os-roegzitessel\/","title":{"rendered":"Pillang\u00f3szelep k\u00e9zi karral, karim\u00e1s, 15\u00b0-os r\u00f6gz\u00edt\u00e9ssel."},"content":{"rendered":"\t\t<div data-elementor-type=\"wp-page\" data-elementor-id=\"28443\" class=\"elementor elementor-28443 elementor-28388\" data-elementor-post-type=\"page\">\n\t\t\t\t\t\t<section class=\"elementor-section elementor-top-section elementor-element elementor-element-6025abb3 elementor-section-full_width elementor-section-height-default elementor-section-height-default\" data-id=\"6025abb3\" data-element_type=\"section\" data-e-type=\"section\" data-settings=\"{&quot;background_background&quot;:&quot;gradient&quot;}\">\n\t\t\t\t\t\t<div class=\"elementor-container elementor-column-gap-default\">\n\t\t\t\t\t<div class=\"elementor-column elementor-col-100 elementor-top-column elementor-element elementor-element-c978d9b\" data-id=\"c978d9b\" data-element_type=\"column\" data-e-type=\"column\">\n\t\t\t<div class=\"elementor-widget-wrap elementor-element-populated\">\n\t\t\t\t\t\t<section class=\"elementor-section elementor-inner-section elementor-element elementor-element-1ead80f elementor-section-boxed elementor-section-height-default elementor-section-height-default\" data-id=\"1ead80f\" data-element_type=\"section\" data-e-type=\"section\">\n\t\t\t\t\t\t<div class=\"elementor-container elementor-column-gap-default\">\n\t\t\t\t\t<div class=\"elementor-column elementor-col-100 elementor-inner-column elementor-element elementor-element-97f2d40\" data-id=\"97f2d40\" data-element_type=\"column\" data-e-type=\"column\">\n\t\t\t<div class=\"elementor-widget-wrap elementor-element-populated\">\n\t\t\t\t\t\t<div class=\"elementor-element elementor-element-5288b20 elementor-widget__width-initial elementor-widget elementor-widget-text-editor\" data-id=\"5288b20\" data-element_type=\"widget\" data-e-type=\"widget\" data-widget_type=\"text-editor.default\">\n\t\t\t\t<div class=\"elementor-widget-container\">\n\t\t\t\t\t\t\t\t\t<h1 class=\"csc-firstHeader\" style=\"text-align: left;\">Pillang\u00f3szelep k\u00e9zi karral, karim\u00e1val \u00e9s 15\u00b0-os r\u00f6gz\u00edt\u00e9ssel, PVC, feh\u00e9r PVC, PPs, PP-H, PE-HD, PP-EL-s, PVDF anyagokb\u00f3l.<\/h1>\t\t\t\t\t\t\t\t<\/div>\n\t\t\t\t<\/div>\n\t\t\t\t<div class=\"elementor-element elementor-element-843282f elementor-widget__width-initial elementor-widget elementor-widget-text-editor\" data-id=\"843282f\" data-element_type=\"widget\" data-e-type=\"widget\" data-widget_type=\"text-editor.default\">\n\t\t\t\t<div class=\"elementor-widget-container\">\n\t\t\t\t\t\t\t\t\t<p style=\"text-align: left;\">Pillang\u00f3szelep k\u00e9zi karral \u00e9s karim\u00e1kkal, kerek m\u0171anyag idom bels\u0151 \u00fctk\u00f6z\u0151vel, cs\u00f6vek hegeszt\u00e9ssel t\u00f6rt\u00e9n\u0151 csatlakoztat\u00e1s\u00e1ra elsz\u00edv\u00f3rendszerben. <\/p><p style=\"text-align: left;\">T\u00e9rfogat\u00e1ramok be\u00e1ll\u00edt\u00e1s\u00e1ra szolg\u00e1l\u00f3 pillang\u00f3szelepk\u00e9nt. A tok bels\u0151 \u00e1tm\u00e9r\u0151je a DIN 8062 szabv\u00e1ny szerint.<\/p>\t\t\t\t\t\t\t\t<\/div>\n\t\t\t\t<\/div>\n\t\t\t\t<div class=\"elementor-element elementor-element-b534910 elementor-widget__width-initial elementor-widget elementor-widget-text-editor\" data-id=\"b534910\" data-element_type=\"widget\" data-e-type=\"widget\" data-widget_type=\"text-editor.default\">\n\t\t\t\t<div class=\"elementor-widget-container\">\n\t\t\t\t\t\t\t\t\t<p style=\"text-align: left;\"> <\/p>\n<p style=\"text-align: left;\"><strong>Gy\u00e1rt\u00e1si elj\u00e1r\u00e1s: 400 mm \u00e1tm\u00e9r\u0151ig fr\u00f6ccs\u00f6nt\u00f6tt alkatr\u00e9szekb\u0151l, 450 mm \u00e1tm\u00e9r\u0151t\u0151l f\u00e9lk\u00e9sz term\u00e9kekb\u0151l k\u00e9sz\u00fcl.<\/strong><\/p>\n<p> <\/p>\n<p style=\"text-align: left;\">Lehets\u00e9ges negat\u00edv t\u00falnyom\u00e1s k\u00e9r\u00e9sre, mechanikai, k\u00e9miai \u00e9s termikus terhel\u00e9s ut\u00e1n.<\/p>\t\t\t\t\t\t\t\t<\/div>\n\t\t\t\t<\/div>\n\t\t\t\t<div class=\"elementor-element elementor-element-5a28bf2 elementor-widget__width-initial elementor-widget elementor-widget-text-editor\" data-id=\"5a28bf2\" data-element_type=\"widget\" data-e-type=\"widget\" data-widget_type=\"text-editor.default\">\n\t\t\t\t<div class=\"elementor-widget-container\">\n\t\t\t\t\t\t\t\t\t<p> <\/p>\n<p style=\"text-align: left;\">Adatok mm-ben, m\u00e9ret- \u00e9s konstrukci\u00f3s v\u00e1ltoztat\u00e1sok jog\u00e1t fenntartjuk!<\/p>\n<p> <\/p>\t\t\t\t\t\t\t\t<\/div>\n\t\t\t\t<\/div>\n\t\t\t\t<div class=\"elementor-element elementor-element-d2091eb elementor-widget__width-initial elementor-widget elementor-widget-text-editor\" data-id=\"d2091eb\" data-element_type=\"widget\" data-e-type=\"widget\" data-widget_type=\"text-editor.default\">\n\t\t\t\t<div class=\"elementor-widget-container\">\n\t\t\t\t\t\t\t\t\t<table width=\"400\"><tbody><tr> <td width=\"80\"> <\/td><td colspan=\"2\" width=\"160\">PVC<\/td><td colspan=\"2\" width=\"160\">PE-HD\/PP-H\/PPs\/PP-EL-s\/PVDF<\/td><\/tr><tr><td width=\"80\">\u00d8<\/td><td width=\"80\">L<\/td><td width=\"80\">s<\/td><td width=\"80\">L<\/td><td width=\"80\">s<\/td><\/tr><tr><td width=\"80\">75<\/td><td width=\"80\">188<\/td><td width=\"80\">3<\/td><td width=\"80\">188<\/td><td width=\"80\">3<\/td><\/tr><tr><td width=\"80\">90<\/td><td width=\"80\">188<\/td><td width=\"80\">3<\/td><td width=\"80\">188<\/td><td width=\"80\">3<\/td><\/tr><tr><td width=\"80\">110<\/td><td width=\"80\">215<\/td><td width=\"80\">3<\/td><td width=\"80\">215<\/td><td width=\"80\">3<\/td><\/tr><tr><td width=\"80\">125<\/td><td width=\"80\">210<\/td><td width=\"80\">3<\/td><td width=\"80\">210<\/td><td width=\"80\">3<\/td><\/tr><tr><td width=\"80\">140<\/td><td width=\"80\">210<\/td><td width=\"80\">3<\/td><td width=\"80\">210<\/td><td width=\"80\">3<\/td><\/tr><tr><td width=\"80\">160<\/td><td width=\"80\">210<\/td><td width=\"80\">3<\/td><td width=\"80\">210<\/td><td width=\"80\">4<\/td><\/tr><tr><td width=\"80\">180<\/td><td width=\"80\">230<\/td><td width=\"80\">3<\/td><td width=\"80\">230<\/td><td width=\"80\">4<\/td><\/tr><tr><td width=\"80\">200<\/td><td width=\"80\">230<\/td><td width=\"80\">3<\/td><td width=\"80\">230<\/td><td width=\"80\">4<\/td><\/tr><tr><td width=\"80\">225<\/td><td width=\"80\">230<\/td><td width=\"80\">3<\/td><td width=\"80\">230<\/td><td width=\"80\">4<\/td><\/tr><tr><td width=\"80\">250<\/td><td width=\"80\">230<\/td><td width=\"80\">3<\/td><td width=\"80\">230<\/td><td width=\"80\">4<\/td><\/tr><tr><td width=\"80\">280<\/td><td width=\"80\">230<\/td><td width=\"80\">3<\/td><td width=\"80\">230<\/td><td width=\"80\">4<\/td><\/tr><tr><td width=\"80\">315<\/td><td width=\"80\">230<\/td><td width=\"80\">3<\/td><td width=\"80\">230<\/td><td width=\"80\">4<\/td><\/tr><tr><td width=\"80\">355<\/td><td width=\"80\">235<\/td><td width=\"80\">4<\/td><td width=\"80\">235<\/td><td width=\"80\">4<\/td><\/tr><tr><td width=\"80\">400<\/td><td width=\"80\">240<\/td><td width=\"80\">4<\/td><td width=\"80\">260<\/td><td width=\"80\">4<\/td><\/tr><tr><td width=\"80\">450<\/td><td width=\"80\">378<\/td><td width=\"80\">3,6<\/td><td width=\"80\">378<\/td><td width=\"80\">5<\/td><\/tr><tr><td width=\"80\">500<\/td><td width=\"80\">418<\/td><td width=\"80\">4<\/td><td width=\"80\">418<\/td><td width=\"80\">5<\/td><\/tr><tr><td width=\"80\">560<\/td><td width=\"80\">&#8211;<\/td><td width=\"80\">&#8211;<\/td><td width=\"80\">418<\/td><td width=\"80\">6<\/td><\/tr><tr><td width=\"80\">600<\/td><td width=\"80\">458<\/td><td width=\"80\">5<\/td><td width=\"80\">458<\/td><td width=\"80\">6<\/td><\/tr><tr><td width=\"80\">630<\/td><td width=\"80\">&#8211;<\/td><td width=\"80\">&#8211;<\/td><td width=\"80\">488<\/td><td width=\"80\">6<\/td><\/tr><tr><td width=\"80\">700<\/td><td width=\"80\">528<\/td><td width=\"80\">6<\/td><td width=\"80\">528<\/td><td width=\"80\">8<\/td><\/tr><tr><td width=\"80\">710<\/td><td width=\"80\">&#8211;<\/td><td width=\"80\">&#8211;<\/td><td width=\"80\">538<\/td><td width=\"80\">8<\/td><\/tr><tr><td width=\"80\">800<\/td><td width=\"80\">568<\/td><td width=\"80\">8<\/td><td width=\"80\">568<\/td><td width=\"80\">8<\/td><\/tr><tr><td width=\"80\">900<\/td><td width=\"80\">658<\/td><td width=\"80\">8<\/td><td width=\"80\">658<\/td><td width=\"80\">10<\/td><\/tr><tr><td width=\"80\">1000<\/td><td width=\"80\">748<\/td><td width=\"80\">10<\/td><td width=\"80\">748<\/td><td width=\"80\">10<\/td><\/tr><tr><td width=\"80\">1200<\/td><td width=\"80\">968<\/td><td width=\"80\">12<\/td><td width=\"80\">968<\/td><td width=\"80\">12<\/td><\/tr><tr><td width=\"80\">1250<\/td><td width=\"80\">968<\/td><td width=\"80\">12<\/td><td width=\"80\">968<\/td><td width=\"80\">12<\/td><\/tr><\/tbody><\/table>\t\t\t\t\t\t\t\t<\/div>\n\t\t\t\t<\/div>\n\t\t\t\t\t<\/div>\n\t\t<\/div>\n\t\t\t\t<div class=\"elementor-column elementor-col-50 elementor-inner-column elementor-element elementor-element-97bb919\" data-id=\"97bb919\" data-element_type=\"column\" data-e-type=\"column\">\n\t\t\t<div class=\"elementor-widget-wrap elementor-element-populated\">\n\t\t\t\t\t\t<div class=\"elementor-element elementor-element-1a349e7 elementor-widget elementor-widget-image\" data-id=\"1a349e7\" data-element_type=\"widget\" data-e-type=\"widget\" data-widget_type=\"image.default\">\n\t\t\t\t<div class=\"elementor-widget-container\">\n\t\t\t\t\t\t\t\t\t\t\t\t<figure class=\"wp-caption\">\n\t\t\t\t\t\t\t\t\t\t<img loading=\"lazy\" decoding=\"async\" width=\"300\" height=\"300\" src=\"https:\/\/www.akuplastics.com\/wp-content\/uploads\/2025\/10\/Absperrklappe-mit-Handhebel-und-Flansch-mit-15\u00b0-Raster-300x300.webp\" class=\"attachment-medium size-medium wp-image-28442\" alt=\"Pillang\u00f3szelep k\u00e9zi karral \u00e9s karim\u00e1val, 15\u00b0-os r\u00f6gz\u00edt\u00e9ssel, PVC, feh\u00e9r PVC, PPs, PP-H, PE-HD, PP-EL-s, PVDF anyagokb\u00f3l.\" srcset=\"https:\/\/www.akuplastics.com\/wp-content\/uploads\/2025\/10\/Absperrklappe-mit-Handhebel-und-Flansch-mit-15\u00b0-Raster-300x300.webp 300w, https:\/\/www.akuplastics.com\/wp-content\/uploads\/2025\/10\/Absperrklappe-mit-Handhebel-und-Flansch-mit-15\u00b0-Raster-150x150.webp 150w, https:\/\/www.akuplastics.com\/wp-content\/uploads\/2025\/10\/Absperrklappe-mit-Handhebel-und-Flansch-mit-15\u00b0-Raster.webp 500w\" sizes=\"auto, (max-width: 300px) 100vw, 300px\" \/>\t\t\t\t\t\t\t\t\t\t\t<figcaption class=\"widget-image-caption wp-caption-text\">Pillang\u00f3szelep k\u00e9zi karral \u00e9s karim\u00e1val, 15\u00b0-os r\u00f6gz\u00edt\u00e9ssel, PVC, feh\u00e9r PVC, PPs, PP-H, PE-HD, PP-EL-s, PVDF anyagokb\u00f3l.<\/figcaption>\n\t\t\t\t\t\t\t\t\t\t<\/figure>\n\t\t\t\t\t\t\t\t\t<\/div>\n\t\t\t\t<\/div>\n\t\t\t\t\t<\/div>\n\t\t<\/div>\n\t\t\t\t\t<\/div>\n\t\t<\/section>\n\t\t\t\t\t<\/div>\n\t\t<\/div>\n\t\t\t\t\t<\/div>\n\t\t<\/section>\n\t\t\t\t<\/div>\n\t\t","protected":false},"excerpt":{"rendered":"<p>Pillang\u00f3szelep k\u00e9zi karral, karim\u00e1val \u00e9s 15\u00b0-os r\u00f6gz\u00edt\u00e9ssel, PVC, feh\u00e9r PVC, PPs, PP-H, PE-HD, PP-EL-s, PVDF anyagokb\u00f3l. Pillang\u00f3szelep k\u00e9zi karral \u00e9s karim\u00e1kkal, kerek m\u0171anyag idom bels\u0151 \u00fctk\u00f6z\u0151vel, cs\u00f6vek hegeszt\u00e9ssel t\u00f6rt\u00e9n\u0151 csatlakoztat\u00e1s\u00e1ra elsz\u00edv\u00f3rendszerben. T\u00e9rfogat\u00e1ramok be\u00e1ll\u00edt\u00e1s\u00e1ra szolg\u00e1l\u00f3 pillang\u00f3szelepk\u00e9nt. A tok bels\u0151 \u00e1tm\u00e9r\u0151je a DIN 8062 szabv\u00e1ny szerint. Gy\u00e1rt\u00e1si elj\u00e1r\u00e1s: 400 mm \u00e1tm\u00e9r\u0151ig fr\u00f6ccs\u00f6nt\u00f6tt alkatr\u00e9szekb\u0151l, 450 mm \u00e1tm\u00e9r\u0151t\u0151l f\u00e9lk\u00e9sz [&hellip;]<\/p>\n","protected":false},"author":3,"featured_media":28442,"parent":0,"menu_order":1,"comment_status":"closed","ping_status":"closed","template":"","meta":{"iawp_total_views":1,"footnotes":""},"class_list":["post-28443","page","type-page","status-publish","has-post-thumbnail","hentry"],"yoast_head":"<!-- This site is optimized with the Yoast SEO Premium plugin v27.4 (Yoast SEO v27.4) - https:\/\/yoast.com\/product\/yoast-seo-premium-wordpress\/ -->\n<title>Pillang\u00f3szelep k\u00e9zi karral, karim\u00e1s, 15\u00b0-os r\u00f6gz\u00edt\u00e9ssel, PVC-U PPs PPs-EL PP-H PE-HD PVDF.<\/title>\n<meta name=\"description\" content=\"Pillang\u00f3szelep k\u00e9zi karral \u00e9s karim\u00e1kkal, kerek m\u0171anyag idom bels\u0151 \u00fctk\u00f6z\u0151vel, cs\u00f6vek hegeszt\u00e9ssel t\u00f6rt\u00e9n\u0151 csatlakoztat\u00e1s\u00e1ra elsz\u00edv\u00f3rendszerben. T\u00e9rfogat\u00e1ramok be\u00e1ll\u00edt\u00e1s\u00e1ra szolg\u00e1l\u00f3 elz\u00e1r\u00f3szelepk\u00e9nt. A tok bels\u0151 \u00e1tm\u00e9r\u0151je a DIN 8062 szabv\u00e1nyhoz igazodva. Gy\u00e1rt\u00e1si elj\u00e1r\u00e1s: \u00d8 400 mm-ig fr\u00f6ccs\u00f6nt\u00f6tt alkatr\u00e9szekb\u0151l k\u00e9sz\u00fcl, \u00d8 450 mm-t\u0151l f\u00e9lk\u00e9sz term\u00e9kekb\u0151l k\u00e9sz\u00fcl.\" \/>\n<meta name=\"robots\" content=\"index, follow, max-snippet:-1, max-image-preview:large, max-video-preview:-1\" \/>\n<link rel=\"canonical\" href=\"https:\/\/www.akuplastics.com\/hu\/pillangoszelep-kezi-karral-karimas-15-os-roegzitessel\/\" \/>\n<script type=\"application\/ld+json\" class=\"yoast-schema-graph\">{\"@context\":\"https:\\\/\\\/schema.org\",\"@graph\":[{\"@type\":\"WebPage\",\"@id\":\"https:\\\/\\\/www.akuplastics.com\\\/hu\\\/pillangoszelep-kezi-karral-karimas-15-os-roegzitessel\\\/\",\"url\":\"https:\\\/\\\/www.akuplastics.com\\\/hu\\\/pillangoszelep-kezi-karral-karimas-15-os-roegzitessel\\\/\",\"name\":\"Pillang\u00f3szelep k\u00e9zi karral, karim\u00e1s, 15\u00b0-os r\u00f6gz\u00edt\u00e9ssel, PVC-U PPs PPs-EL PP-H PE-HD PVDF.\",\"isPartOf\":{\"@id\":\"https:\\\/\\\/www.akuplastics.com\\\/hu\\\/#website\"},\"primaryImageOfPage\":{\"@id\":\"https:\\\/\\\/www.akuplastics.com\\\/hu\\\/pillangoszelep-kezi-karral-karimas-15-os-roegzitessel\\\/#primaryimage\"},\"image\":{\"@id\":\"https:\\\/\\\/www.akuplastics.com\\\/hu\\\/pillangoszelep-kezi-karral-karimas-15-os-roegzitessel\\\/#primaryimage\"},\"thumbnailUrl\":\"https:\\\/\\\/www.akuplastics.com\\\/wp-content\\\/uploads\\\/2025\\\/10\\\/Absperrklappe-mit-Handhebel-und-Flansch-mit-15\u00b0-Raster.webp\",\"datePublished\":\"2025-10-24T06:59:42+00:00\",\"dateModified\":\"2025-10-24T07:11:01+00:00\",\"description\":\"Pillang\u00f3szelep k\u00e9zi karral \u00e9s karim\u00e1kkal, kerek m\u0171anyag idom bels\u0151 \u00fctk\u00f6z\u0151vel, cs\u00f6vek hegeszt\u00e9ssel t\u00f6rt\u00e9n\u0151 csatlakoztat\u00e1s\u00e1ra elsz\u00edv\u00f3rendszerben. T\u00e9rfogat\u00e1ramok be\u00e1ll\u00edt\u00e1s\u00e1ra szolg\u00e1l\u00f3 elz\u00e1r\u00f3szelepk\u00e9nt. A tok bels\u0151 \u00e1tm\u00e9r\u0151je a DIN 8062 szabv\u00e1nyhoz igazodva. Gy\u00e1rt\u00e1si elj\u00e1r\u00e1s: \u00d8 400 mm-ig fr\u00f6ccs\u00f6nt\u00f6tt alkatr\u00e9szekb\u0151l k\u00e9sz\u00fcl, \u00d8 450 mm-t\u0151l f\u00e9lk\u00e9sz term\u00e9kekb\u0151l k\u00e9sz\u00fcl.\",\"breadcrumb\":{\"@id\":\"https:\\\/\\\/www.akuplastics.com\\\/hu\\\/pillangoszelep-kezi-karral-karimas-15-os-roegzitessel\\\/#breadcrumb\"},\"inLanguage\":\"hu\",\"potentialAction\":[{\"@type\":\"ReadAction\",\"target\":[\"https:\\\/\\\/www.akuplastics.com\\\/hu\\\/pillangoszelep-kezi-karral-karimas-15-os-roegzitessel\\\/\"]}]},{\"@type\":\"ImageObject\",\"inLanguage\":\"hu\",\"@id\":\"https:\\\/\\\/www.akuplastics.com\\\/hu\\\/pillangoszelep-kezi-karral-karimas-15-os-roegzitessel\\\/#primaryimage\",\"url\":\"https:\\\/\\\/www.akuplastics.com\\\/wp-content\\\/uploads\\\/2025\\\/10\\\/Absperrklappe-mit-Handhebel-und-Flansch-mit-15\u00b0-Raster.webp\",\"contentUrl\":\"https:\\\/\\\/www.akuplastics.com\\\/wp-content\\\/uploads\\\/2025\\\/10\\\/Absperrklappe-mit-Handhebel-und-Flansch-mit-15\u00b0-Raster.webp\",\"width\":500,\"height\":500,\"caption\":\"Pillang\u00f3szelep k\u00e9zi karral \u00e9s karim\u00e1val, 15\u00b0-os r\u00f6gz\u00edt\u00e9ssel, PVC, feh\u00e9r PVC, PPs, PP-H, PE-HD, PP-EL-s, PVDF anyagokb\u00f3l.\"},{\"@type\":\"BreadcrumbList\",\"@id\":\"https:\\\/\\\/www.akuplastics.com\\\/hu\\\/pillangoszelep-kezi-karral-karimas-15-os-roegzitessel\\\/#breadcrumb\",\"itemListElement\":[{\"@type\":\"ListItem\",\"position\":1,\"name\":\"Kezd\u0151lap\",\"item\":\"https:\\\/\\\/www.akuplastics.com\\\/hu\\\/\"},{\"@type\":\"ListItem\",\"position\":2,\"name\":\"Pillang\u00f3szelep k\u00e9zi karral, karim\u00e1s, 15\u00b0-os r\u00f6gz\u00edt\u00e9ssel.\"}]},{\"@type\":\"WebSite\",\"@id\":\"https:\\\/\\\/www.akuplastics.com\\\/hu\\\/#website\",\"url\":\"https:\\\/\\\/www.akuplastics.com\\\/hu\\\/\",\"name\":\"Semi-Finished Products \u2013 Finished Parts \u2013 Ventilation Moulded Parts \u2013 Machines\",\"description\":\"Halbzeuge, Halbfabrikate, Kunststoffhalbzeuge, Kunststoffhalbfabrikate\",\"publisher\":{\"@id\":\"https:\\\/\\\/www.akuplastics.com\\\/hu\\\/#organization\"},\"alternateName\":\"AKUPLASTICS \u2013 Engineering in Plastics\",\"potentialAction\":[{\"@type\":\"SearchAction\",\"target\":{\"@type\":\"EntryPoint\",\"urlTemplate\":\"https:\\\/\\\/www.akuplastics.com\\\/hu\\\/?s={search_term_string}\"},\"query-input\":{\"@type\":\"PropertyValueSpecification\",\"valueRequired\":true,\"valueName\":\"search_term_string\"}}],\"inLanguage\":\"hu\"},{\"@type\":\"Organization\",\"@id\":\"https:\\\/\\\/www.akuplastics.com\\\/hu\\\/#organization\",\"name\":\"Ing. Christian Ahlborn e.U.\",\"alternateName\":\"AKU\",\"url\":\"https:\\\/\\\/www.akuplastics.com\\\/hu\\\/\",\"logo\":{\"@type\":\"ImageObject\",\"inLanguage\":\"hu\",\"@id\":\"https:\\\/\\\/www.akuplastics.com\\\/hu\\\/#\\\/schema\\\/logo\\\/image\\\/\",\"url\":\"https:\\\/\\\/www.akuplastics.com\\\/wp-content\\\/uploads\\\/2020\\\/07\\\/Grafik14-inkl-r.png\",\"contentUrl\":\"https:\\\/\\\/www.akuplastics.com\\\/wp-content\\\/uploads\\\/2020\\\/07\\\/Grafik14-inkl-r.png\",\"width\":1994,\"height\":743,\"caption\":\"Ing. Christian Ahlborn e.U.\"},\"image\":{\"@id\":\"https:\\\/\\\/www.akuplastics.com\\\/hu\\\/#\\\/schema\\\/logo\\\/image\\\/\"}}]}<\/script>\n<!-- \/ Yoast SEO Premium plugin. -->","yoast_head_json":{"title":"Pillang\u00f3szelep k\u00e9zi karral, karim\u00e1s, 15\u00b0-os r\u00f6gz\u00edt\u00e9ssel, PVC-U PPs PPs-EL PP-H PE-HD PVDF.","description":"Pillang\u00f3szelep k\u00e9zi karral \u00e9s karim\u00e1kkal, kerek m\u0171anyag idom bels\u0151 \u00fctk\u00f6z\u0151vel, cs\u00f6vek hegeszt\u00e9ssel t\u00f6rt\u00e9n\u0151 csatlakoztat\u00e1s\u00e1ra elsz\u00edv\u00f3rendszerben. T\u00e9rfogat\u00e1ramok be\u00e1ll\u00edt\u00e1s\u00e1ra szolg\u00e1l\u00f3 elz\u00e1r\u00f3szelepk\u00e9nt. A tok bels\u0151 \u00e1tm\u00e9r\u0151je a DIN 8062 szabv\u00e1nyhoz igazodva. Gy\u00e1rt\u00e1si elj\u00e1r\u00e1s: \u00d8 400 mm-ig fr\u00f6ccs\u00f6nt\u00f6tt alkatr\u00e9szekb\u0151l k\u00e9sz\u00fcl, \u00d8 450 mm-t\u0151l f\u00e9lk\u00e9sz term\u00e9kekb\u0151l k\u00e9sz\u00fcl.","robots":{"index":"index","follow":"follow","max-snippet":"max-snippet:-1","max-image-preview":"max-image-preview:large","max-video-preview":"max-video-preview:-1"},"canonical":"https:\/\/www.akuplastics.com\/hu\/pillangoszelep-kezi-karral-karimas-15-os-roegzitessel\/","schema":{"@context":"https:\/\/schema.org","@graph":[{"@type":"WebPage","@id":"https:\/\/www.akuplastics.com\/hu\/pillangoszelep-kezi-karral-karimas-15-os-roegzitessel\/","url":"https:\/\/www.akuplastics.com\/hu\/pillangoszelep-kezi-karral-karimas-15-os-roegzitessel\/","name":"Pillang\u00f3szelep k\u00e9zi karral, karim\u00e1s, 15\u00b0-os r\u00f6gz\u00edt\u00e9ssel, PVC-U PPs PPs-EL PP-H PE-HD PVDF.","isPartOf":{"@id":"https:\/\/www.akuplastics.com\/hu\/#website"},"primaryImageOfPage":{"@id":"https:\/\/www.akuplastics.com\/hu\/pillangoszelep-kezi-karral-karimas-15-os-roegzitessel\/#primaryimage"},"image":{"@id":"https:\/\/www.akuplastics.com\/hu\/pillangoszelep-kezi-karral-karimas-15-os-roegzitessel\/#primaryimage"},"thumbnailUrl":"https:\/\/www.akuplastics.com\/wp-content\/uploads\/2025\/10\/Absperrklappe-mit-Handhebel-und-Flansch-mit-15\u00b0-Raster.webp","datePublished":"2025-10-24T06:59:42+00:00","dateModified":"2025-10-24T07:11:01+00:00","description":"Pillang\u00f3szelep k\u00e9zi karral \u00e9s karim\u00e1kkal, kerek m\u0171anyag idom bels\u0151 \u00fctk\u00f6z\u0151vel, cs\u00f6vek hegeszt\u00e9ssel t\u00f6rt\u00e9n\u0151 csatlakoztat\u00e1s\u00e1ra elsz\u00edv\u00f3rendszerben. T\u00e9rfogat\u00e1ramok be\u00e1ll\u00edt\u00e1s\u00e1ra szolg\u00e1l\u00f3 elz\u00e1r\u00f3szelepk\u00e9nt. A tok bels\u0151 \u00e1tm\u00e9r\u0151je a DIN 8062 szabv\u00e1nyhoz igazodva. Gy\u00e1rt\u00e1si elj\u00e1r\u00e1s: \u00d8 400 mm-ig fr\u00f6ccs\u00f6nt\u00f6tt alkatr\u00e9szekb\u0151l k\u00e9sz\u00fcl, \u00d8 450 mm-t\u0151l f\u00e9lk\u00e9sz term\u00e9kekb\u0151l k\u00e9sz\u00fcl.","breadcrumb":{"@id":"https:\/\/www.akuplastics.com\/hu\/pillangoszelep-kezi-karral-karimas-15-os-roegzitessel\/#breadcrumb"},"inLanguage":"hu","potentialAction":[{"@type":"ReadAction","target":["https:\/\/www.akuplastics.com\/hu\/pillangoszelep-kezi-karral-karimas-15-os-roegzitessel\/"]}]},{"@type":"ImageObject","inLanguage":"hu","@id":"https:\/\/www.akuplastics.com\/hu\/pillangoszelep-kezi-karral-karimas-15-os-roegzitessel\/#primaryimage","url":"https:\/\/www.akuplastics.com\/wp-content\/uploads\/2025\/10\/Absperrklappe-mit-Handhebel-und-Flansch-mit-15\u00b0-Raster.webp","contentUrl":"https:\/\/www.akuplastics.com\/wp-content\/uploads\/2025\/10\/Absperrklappe-mit-Handhebel-und-Flansch-mit-15\u00b0-Raster.webp","width":500,"height":500,"caption":"Pillang\u00f3szelep k\u00e9zi karral \u00e9s karim\u00e1val, 15\u00b0-os r\u00f6gz\u00edt\u00e9ssel, PVC, feh\u00e9r PVC, PPs, PP-H, PE-HD, PP-EL-s, PVDF anyagokb\u00f3l."},{"@type":"BreadcrumbList","@id":"https:\/\/www.akuplastics.com\/hu\/pillangoszelep-kezi-karral-karimas-15-os-roegzitessel\/#breadcrumb","itemListElement":[{"@type":"ListItem","position":1,"name":"Kezd\u0151lap","item":"https:\/\/www.akuplastics.com\/hu\/"},{"@type":"ListItem","position":2,"name":"Pillang\u00f3szelep k\u00e9zi karral, karim\u00e1s, 15\u00b0-os r\u00f6gz\u00edt\u00e9ssel."}]},{"@type":"WebSite","@id":"https:\/\/www.akuplastics.com\/hu\/#website","url":"https:\/\/www.akuplastics.com\/hu\/","name":"Semi-Finished Products \u2013 Finished Parts \u2013 Ventilation Moulded Parts \u2013 Machines","description":"Halbzeuge, Halbfabrikate, Kunststoffhalbzeuge, Kunststoffhalbfabrikate","publisher":{"@id":"https:\/\/www.akuplastics.com\/hu\/#organization"},"alternateName":"AKUPLASTICS \u2013 Engineering in Plastics","potentialAction":[{"@type":"SearchAction","target":{"@type":"EntryPoint","urlTemplate":"https:\/\/www.akuplastics.com\/hu\/?s={search_term_string}"},"query-input":{"@type":"PropertyValueSpecification","valueRequired":true,"valueName":"search_term_string"}}],"inLanguage":"hu"},{"@type":"Organization","@id":"https:\/\/www.akuplastics.com\/hu\/#organization","name":"Ing. Christian Ahlborn e.U.","alternateName":"AKU","url":"https:\/\/www.akuplastics.com\/hu\/","logo":{"@type":"ImageObject","inLanguage":"hu","@id":"https:\/\/www.akuplastics.com\/hu\/#\/schema\/logo\/image\/","url":"https:\/\/www.akuplastics.com\/wp-content\/uploads\/2020\/07\/Grafik14-inkl-r.png","contentUrl":"https:\/\/www.akuplastics.com\/wp-content\/uploads\/2020\/07\/Grafik14-inkl-r.png","width":1994,"height":743,"caption":"Ing. Christian Ahlborn e.U."},"image":{"@id":"https:\/\/www.akuplastics.com\/hu\/#\/schema\/logo\/image\/"}}]}},"_links":{"self":[{"href":"https:\/\/www.akuplastics.com\/hu\/wp-json\/wp\/v2\/pages\/28443","targetHints":{"allow":["GET"]}}],"collection":[{"href":"https:\/\/www.akuplastics.com\/hu\/wp-json\/wp\/v2\/pages"}],"about":[{"href":"https:\/\/www.akuplastics.com\/hu\/wp-json\/wp\/v2\/types\/page"}],"author":[{"embeddable":true,"href":"https:\/\/www.akuplastics.com\/hu\/wp-json\/wp\/v2\/users\/3"}],"replies":[{"embeddable":true,"href":"https:\/\/www.akuplastics.com\/hu\/wp-json\/wp\/v2\/comments?post=28443"}],"version-history":[{"count":2,"href":"https:\/\/www.akuplastics.com\/hu\/wp-json\/wp\/v2\/pages\/28443\/revisions"}],"predecessor-version":[{"id":28451,"href":"https:\/\/www.akuplastics.com\/hu\/wp-json\/wp\/v2\/pages\/28443\/revisions\/28451"}],"wp:featuredmedia":[{"embeddable":true,"href":"https:\/\/www.akuplastics.com\/hu\/wp-json\/wp\/v2\/media\/28442"}],"wp:attachment":[{"href":"https:\/\/www.akuplastics.com\/hu\/wp-json\/wp\/v2\/media?parent=28443"}],"curies":[{"name":"wp","href":"https:\/\/api.w.org\/{rel}","templated":true}]}}