{"id":28240,"date":"2025-10-23T14:38:22","date_gmt":"2025-10-23T12:38:22","guid":{"rendered":"https:\/\/www.akuplastics.com\/fojtoszelep-karima-es-forgatogomb\/"},"modified":"2025-10-23T14:46:04","modified_gmt":"2025-10-23T12:46:04","slug":"fojtoszelep-karima-es-forgatogomb","status":"publish","type":"page","link":"https:\/\/www.akuplastics.com\/hu\/fojtoszelep-karima-es-forgatogomb\/","title":{"rendered":"Fojt\u00f3szelep karima \u00e9s forgat\u00f3gomb"},"content":{"rendered":"\t\t<div data-elementor-type=\"wp-page\" data-elementor-id=\"28240\" class=\"elementor elementor-28240 elementor-28204\" data-elementor-post-type=\"page\">\n\t\t\t\t\t\t<section class=\"elementor-section elementor-top-section elementor-element elementor-element-6025abb3 elementor-section-full_width elementor-section-height-default elementor-section-height-default\" data-id=\"6025abb3\" data-element_type=\"section\" data-e-type=\"section\" data-settings=\"{&quot;background_background&quot;:&quot;gradient&quot;}\">\n\t\t\t\t\t\t<div class=\"elementor-container elementor-column-gap-default\">\n\t\t\t\t\t<div class=\"elementor-column elementor-col-100 elementor-top-column elementor-element elementor-element-c978d9b\" data-id=\"c978d9b\" data-element_type=\"column\" data-e-type=\"column\">\n\t\t\t<div class=\"elementor-widget-wrap elementor-element-populated\">\n\t\t\t\t\t\t<section class=\"elementor-section elementor-inner-section elementor-element elementor-element-1ead80f elementor-section-boxed elementor-section-height-default elementor-section-height-default\" data-id=\"1ead80f\" data-element_type=\"section\" data-e-type=\"section\">\n\t\t\t\t\t\t<div class=\"elementor-container elementor-column-gap-default\">\n\t\t\t\t\t<div class=\"elementor-column elementor-col-100 elementor-inner-column elementor-element elementor-element-97f2d40\" data-id=\"97f2d40\" data-element_type=\"column\" data-e-type=\"column\">\n\t\t\t<div class=\"elementor-widget-wrap elementor-element-populated\">\n\t\t\t\t\t\t<div class=\"elementor-element elementor-element-5288b20 elementor-widget__width-initial elementor-widget elementor-widget-text-editor\" data-id=\"5288b20\" data-element_type=\"widget\" data-e-type=\"widget\" data-widget_type=\"text-editor.default\">\n\t\t\t\t<div class=\"elementor-widget-container\">\n\t\t\t\t\t\t\t\t\t<h1 class=\"csc-firstHeader\" style=\"text-align: left;\">Fojt\u00f3szelep forgat\u00f3gombbal, mindk\u00e9t oldalon karim\u00e1val \u00e9s 15\u00b0-os oszt\u00e1ssal, PVC, feh\u00e9r PVC, PPs, PP-H, PE-HD, PP-EL-s, PVDF anyagb\u00f3l.<\/h1>\t\t\t\t\t\t\t\t<\/div>\n\t\t\t\t<\/div>\n\t\t\t\t<div class=\"elementor-element elementor-element-843282f elementor-widget__width-initial elementor-widget elementor-widget-text-editor\" data-id=\"843282f\" data-element_type=\"widget\" data-e-type=\"widget\" data-widget_type=\"text-editor.default\">\n\t\t\t\t<div class=\"elementor-widget-container\">\n\t\t\t\t\t\t\t\t\t<p style=\"text-align: left;\">Fojt\u00f3szelep forgat\u00f3gombbal, 15\u00b0-os oszt\u00e1ssal \u00e9s karim\u00e1val.<\/p><p style=\"text-align: left;\">Kerek m\u0171anyag idom bels\u0151 \u00fctk\u00f6z\u0151vel, cs\u00f6vek hegeszt\u00e9si elj\u00e1r\u00e1ssal t\u00f6rt\u00e9n\u0151 \u00f6sszek\u00f6t\u00e9s\u00e9re elsz\u00edv\u00f3rendszerben.<\/p><p style=\"text-align: left;\">Fojt\u00f3szelepk\u00e9nt t\u00e9rfogat\u00e1ramok be\u00e1ll\u00edt\u00e1s\u00e1ra<\/p><p style=\"text-align: left;\">A tok bels\u0151 \u00e1tm\u00e9r\u0151je a DIN 8062 szabv\u00e1ny szerint.<\/p><p style=\"text-align: left;\"><span style=\"letter-spacing: 0.1px;\">Lehets\u00e9ges negat\u00edv t\u00falnyom\u00e1s k\u00e9r\u00e9sre, mechanikai, k\u00e9miai \u00e9s termikus terhel\u00e9s ut\u00e1n.<\/span><\/p>\t\t\t\t\t\t\t\t<\/div>\n\t\t\t\t<\/div>\n\t\t\t\t<div class=\"elementor-element elementor-element-5a28bf2 elementor-widget__width-initial elementor-widget elementor-widget-text-editor\" data-id=\"5a28bf2\" data-element_type=\"widget\" data-e-type=\"widget\" data-widget_type=\"text-editor.default\">\n\t\t\t\t<div class=\"elementor-widget-container\">\n\t\t\t\t\t\t\t\t\t<p> <\/p><p style=\"text-align: left;\">Adatok mm-ben, m\u00e9ret- \u00e9s konstrukci\u00f3s v\u00e1ltoztat\u00e1sok jog\u00e1t fenntartjuk!<\/p><p> <\/p>\t\t\t\t\t\t\t\t<\/div>\n\t\t\t\t<\/div>\n\t\t\t\t<div class=\"elementor-element elementor-element-d2091eb elementor-widget__width-initial elementor-widget elementor-widget-text-editor\" data-id=\"d2091eb\" data-element_type=\"widget\" data-e-type=\"widget\" data-widget_type=\"text-editor.default\">\n\t\t\t\t<div class=\"elementor-widget-container\">\n\t\t\t\t\t\t\t\t\t<table width=\"400\"><tbody><tr> <td width=\"80\"> <\/td><td colspan=\"2\" width=\"160\">PVC<\/td><td colspan=\"2\" width=\"160\">PE-HD\/PP-H\/PPs\/PP-EL-s\/PVDF<\/td><\/tr><tr><td width=\"80\">\u00d8<\/td><td width=\"80\">L<\/td><td width=\"80\">min. s<\/td><td width=\"80\">L<\/td><td width=\"80\">min. s<\/td><\/tr><tr><td width=\"80\">75<\/td><td width=\"80\">188<\/td><td width=\"80\">3<\/td><td width=\"80\">188<\/td><td width=\"80\">3<\/td><\/tr><tr><td width=\"80\">90<\/td><td width=\"80\">188<\/td><td width=\"80\">3<\/td><td width=\"80\">188<\/td><td width=\"80\">3<\/td><\/tr><tr><td width=\"80\">110<\/td><td width=\"80\">215<\/td><td width=\"80\">3<\/td><td width=\"80\">215<\/td><td width=\"80\">3<\/td><\/tr><tr><td width=\"80\">125<\/td><td width=\"80\">210<\/td><td width=\"80\">3<\/td><td width=\"80\">210<\/td><td width=\"80\">3<\/td><\/tr><tr><td width=\"80\">140<\/td><td width=\"80\">210<\/td><td width=\"80\">3<\/td><td width=\"80\">210<\/td><td width=\"80\">3<\/td><\/tr><tr><td width=\"80\">160<\/td><td width=\"80\">210<\/td><td width=\"80\">3<\/td><td width=\"80\">210<\/td><td width=\"80\">4<\/td><\/tr><tr><td width=\"80\">180<\/td><td width=\"80\">230<\/td><td width=\"80\">3<\/td><td width=\"80\">230<\/td><td width=\"80\">4<\/td><\/tr><tr><td width=\"80\">200<\/td><td width=\"80\">230<\/td><td width=\"80\">3<\/td><td width=\"80\">230<\/td><td width=\"80\">4<\/td><\/tr><tr><td width=\"80\">225<\/td><td width=\"80\">230<\/td><td width=\"80\">3<\/td><td width=\"80\">230<\/td><td width=\"80\">4<\/td><\/tr><tr><td width=\"80\">250<\/td><td width=\"80\">230<\/td><td width=\"80\">3<\/td><td width=\"80\">230<\/td><td width=\"80\">4<\/td><\/tr><tr><td width=\"80\">280<\/td><td width=\"80\">230<\/td><td width=\"80\">3<\/td><td width=\"80\">230<\/td><td width=\"80\">4<\/td><\/tr><tr><td width=\"80\">315<\/td><td width=\"80\">230<\/td><td width=\"80\">3<\/td><td width=\"80\">230<\/td><td width=\"80\">4<\/td><\/tr><tr><td width=\"80\">355<\/td><td width=\"80\">235<\/td><td width=\"80\">4<\/td><td width=\"80\">235<\/td><td width=\"80\">4<\/td><\/tr><tr><td width=\"80\">400<\/td><td width=\"80\">240<\/td><td width=\"80\">4<\/td><td width=\"80\">260<\/td><td width=\"80\">4<\/td><\/tr><\/tbody><\/table>\t\t\t\t\t\t\t\t<\/div>\n\t\t\t\t<\/div>\n\t\t\t\t\t<\/div>\n\t\t<\/div>\n\t\t\t\t<div class=\"elementor-column elementor-col-50 elementor-inner-column elementor-element elementor-element-97bb919\" data-id=\"97bb919\" data-element_type=\"column\" data-e-type=\"column\">\n\t\t\t<div class=\"elementor-widget-wrap elementor-element-populated\">\n\t\t\t\t\t\t<div class=\"elementor-element elementor-element-1a349e7 elementor-widget elementor-widget-image\" data-id=\"1a349e7\" data-element_type=\"widget\" data-e-type=\"widget\" data-widget_type=\"image.default\">\n\t\t\t\t<div class=\"elementor-widget-container\">\n\t\t\t\t\t\t\t\t\t\t\t\t<figure class=\"wp-caption\">\n\t\t\t\t\t\t\t\t\t\t<img loading=\"lazy\" decoding=\"async\" width=\"300\" height=\"245\" src=\"https:\/\/www.akuplastics.com\/wp-content\/uploads\/2025\/10\/Drosselklappe-mit-Drehknopf-stufenlos-und-Flansch-300x245.webp\" class=\"attachment-medium size-medium wp-image-28239\" alt=\"Fojt\u00f3szelep forg\u00f3gombbal, 15\u00b0-os r\u00f6gz\u00edt\u00e9ssel, illetve fokozatmentesen, karim\u00e1val, PVC, feh\u00e9r PVC, PPs, PP-H, PE-HD, PP-EL-s, PVDF anyagokb\u00f3l\" srcset=\"https:\/\/www.akuplastics.com\/wp-content\/uploads\/2025\/10\/Drosselklappe-mit-Drehknopf-stufenlos-und-Flansch-300x245.webp 300w, https:\/\/www.akuplastics.com\/wp-content\/uploads\/2025\/10\/Drosselklappe-mit-Drehknopf-stufenlos-und-Flansch.webp 500w\" sizes=\"auto, (max-width: 300px) 100vw, 300px\" \/>\t\t\t\t\t\t\t\t\t\t\t<figcaption class=\"widget-image-caption wp-caption-text\">Fojt\u00f3szelep forg\u00f3gombbal, 15\u00b0-os r\u00f6gz\u00edt\u00e9ssel, illetve fokozatmentesen, karim\u00e1val, PVC, feh\u00e9r PVC, PPs, PP-H, PE-HD, PP-EL-s, PVDF anyagokb\u00f3l<\/figcaption>\n\t\t\t\t\t\t\t\t\t\t<\/figure>\n\t\t\t\t\t\t\t\t\t<\/div>\n\t\t\t\t<\/div>\n\t\t\t\t\t<\/div>\n\t\t<\/div>\n\t\t\t\t\t<\/div>\n\t\t<\/section>\n\t\t\t\t\t<\/div>\n\t\t<\/div>\n\t\t\t\t\t<\/div>\n\t\t<\/section>\n\t\t\t\t<\/div>\n\t\t","protected":false},"excerpt":{"rendered":"<p>Fojt\u00f3szelep forgat\u00f3gombbal, mindk\u00e9t oldalon karim\u00e1val \u00e9s 15\u00b0-os oszt\u00e1ssal, PVC, feh\u00e9r PVC, PPs, PP-H, PE-HD, PP-EL-s, PVDF anyagb\u00f3l. Fojt\u00f3szelep forgat\u00f3gombbal, 15\u00b0-os oszt\u00e1ssal \u00e9s karim\u00e1val. Kerek m\u0171anyag idom bels\u0151 \u00fctk\u00f6z\u0151vel, cs\u00f6vek hegeszt\u00e9si elj\u00e1r\u00e1ssal t\u00f6rt\u00e9n\u0151 \u00f6sszek\u00f6t\u00e9s\u00e9re elsz\u00edv\u00f3rendszerben. Fojt\u00f3szelepk\u00e9nt t\u00e9rfogat\u00e1ramok be\u00e1ll\u00edt\u00e1s\u00e1ra A tok bels\u0151 \u00e1tm\u00e9r\u0151je a DIN 8062 szabv\u00e1ny szerint. Lehets\u00e9ges negat\u00edv t\u00falnyom\u00e1s k\u00e9r\u00e9sre, mechanikai, k\u00e9miai \u00e9s termikus terhel\u00e9s [&hellip;]<\/p>\n","protected":false},"author":3,"featured_media":28239,"parent":0,"menu_order":1,"comment_status":"closed","ping_status":"closed","template":"","meta":{"iawp_total_views":0,"footnotes":""},"class_list":["post-28240","page","type-page","status-publish","has-post-thumbnail","hentry"],"yoast_head":"<!-- This site is optimized with the Yoast SEO Premium plugin v27.4 (Yoast SEO v27.4) - https:\/\/yoast.com\/product\/yoast-seo-premium-wordpress\/ -->\n<title>Fojt\u00f3szelep karima forgat\u00f3gomb PVC-U PPs PPs-EL PP-H PE-HD PVDF<\/title>\n<meta name=\"description\" content=\"Fojt\u00f3szelep forgat\u00f3gombbal, 15\u00b0-os oszt\u00e1ssal \u00e9s karim\u00e1val. Kerek m\u0171anyag idom bels\u0151 \u00fctk\u00f6z\u0151vel, cs\u00f6vek hegeszt\u00e9si elj\u00e1r\u00e1ssal t\u00f6rt\u00e9n\u0151 \u00f6sszek\u00f6t\u00e9s\u00e9re elsz\u00edv\u00f3rendszerben. Fojt\u00f3szelepk\u00e9nt a t\u00e9rfogat\u00e1ramok be\u00e1ll\u00edt\u00e1s\u00e1ra. A tok bels\u0151 \u00e1tm\u00e9r\u0151je a DIN 8062 szabv\u00e1ny szerint.\" \/>\n<meta name=\"robots\" content=\"index, follow, max-snippet:-1, max-image-preview:large, max-video-preview:-1\" \/>\n<link rel=\"canonical\" href=\"https:\/\/www.akuplastics.com\/hu\/fojtoszelep-karima-es-forgatogomb\/\" \/>\n<script type=\"application\/ld+json\" class=\"yoast-schema-graph\">{\"@context\":\"https:\\\/\\\/schema.org\",\"@graph\":[{\"@type\":\"WebPage\",\"@id\":\"https:\\\/\\\/www.akuplastics.com\\\/hu\\\/fojtoszelep-karima-es-forgatogomb\\\/\",\"url\":\"https:\\\/\\\/www.akuplastics.com\\\/hu\\\/fojtoszelep-karima-es-forgatogomb\\\/\",\"name\":\"Fojt\u00f3szelep karima forgat\u00f3gomb PVC-U PPs PPs-EL PP-H PE-HD PVDF\",\"isPartOf\":{\"@id\":\"https:\\\/\\\/www.akuplastics.com\\\/hu\\\/#website\"},\"primaryImageOfPage\":{\"@id\":\"https:\\\/\\\/www.akuplastics.com\\\/hu\\\/fojtoszelep-karima-es-forgatogomb\\\/#primaryimage\"},\"image\":{\"@id\":\"https:\\\/\\\/www.akuplastics.com\\\/hu\\\/fojtoszelep-karima-es-forgatogomb\\\/#primaryimage\"},\"thumbnailUrl\":\"https:\\\/\\\/www.akuplastics.com\\\/wp-content\\\/uploads\\\/2025\\\/10\\\/Drosselklappe-mit-Drehknopf-stufenlos-und-Flansch.webp\",\"datePublished\":\"2025-10-23T12:38:22+00:00\",\"dateModified\":\"2025-10-23T12:46:04+00:00\",\"description\":\"Fojt\u00f3szelep forgat\u00f3gombbal, 15\u00b0-os oszt\u00e1ssal \u00e9s karim\u00e1val. Kerek m\u0171anyag idom bels\u0151 \u00fctk\u00f6z\u0151vel, cs\u00f6vek hegeszt\u00e9si elj\u00e1r\u00e1ssal t\u00f6rt\u00e9n\u0151 \u00f6sszek\u00f6t\u00e9s\u00e9re elsz\u00edv\u00f3rendszerben. Fojt\u00f3szelepk\u00e9nt a t\u00e9rfogat\u00e1ramok be\u00e1ll\u00edt\u00e1s\u00e1ra. A tok bels\u0151 \u00e1tm\u00e9r\u0151je a DIN 8062 szabv\u00e1ny szerint.\",\"breadcrumb\":{\"@id\":\"https:\\\/\\\/www.akuplastics.com\\\/hu\\\/fojtoszelep-karima-es-forgatogomb\\\/#breadcrumb\"},\"inLanguage\":\"hu\",\"potentialAction\":[{\"@type\":\"ReadAction\",\"target\":[\"https:\\\/\\\/www.akuplastics.com\\\/hu\\\/fojtoszelep-karima-es-forgatogomb\\\/\"]}]},{\"@type\":\"ImageObject\",\"inLanguage\":\"hu\",\"@id\":\"https:\\\/\\\/www.akuplastics.com\\\/hu\\\/fojtoszelep-karima-es-forgatogomb\\\/#primaryimage\",\"url\":\"https:\\\/\\\/www.akuplastics.com\\\/wp-content\\\/uploads\\\/2025\\\/10\\\/Drosselklappe-mit-Drehknopf-stufenlos-und-Flansch.webp\",\"contentUrl\":\"https:\\\/\\\/www.akuplastics.com\\\/wp-content\\\/uploads\\\/2025\\\/10\\\/Drosselklappe-mit-Drehknopf-stufenlos-und-Flansch.webp\",\"width\":500,\"height\":408,\"caption\":\"Fojt\u00f3szelep forg\u00f3gombbal, 15\u00b0-os r\u00f6gz\u00edt\u00e9ssel, illetve fokozatmentesen, karim\u00e1val, PVC, feh\u00e9r PVC, PPs, PP-H, PE-HD, PP-EL-s, PVDF anyagokb\u00f3l\"},{\"@type\":\"BreadcrumbList\",\"@id\":\"https:\\\/\\\/www.akuplastics.com\\\/hu\\\/fojtoszelep-karima-es-forgatogomb\\\/#breadcrumb\",\"itemListElement\":[{\"@type\":\"ListItem\",\"position\":1,\"name\":\"Kezd\u0151lap\",\"item\":\"https:\\\/\\\/www.akuplastics.com\\\/hu\\\/\"},{\"@type\":\"ListItem\",\"position\":2,\"name\":\"Fojt\u00f3szelep karima \u00e9s forgat\u00f3gomb\"}]},{\"@type\":\"WebSite\",\"@id\":\"https:\\\/\\\/www.akuplastics.com\\\/hu\\\/#website\",\"url\":\"https:\\\/\\\/www.akuplastics.com\\\/hu\\\/\",\"name\":\"Semi-Finished Products \u2013 Finished Parts \u2013 Ventilation Moulded Parts \u2013 Machines\",\"description\":\"Halbzeuge, Halbfabrikate, Kunststoffhalbzeuge, Kunststoffhalbfabrikate\",\"publisher\":{\"@id\":\"https:\\\/\\\/www.akuplastics.com\\\/hu\\\/#organization\"},\"alternateName\":\"AKUPLASTICS \u2013 Engineering in Plastics\",\"potentialAction\":[{\"@type\":\"SearchAction\",\"target\":{\"@type\":\"EntryPoint\",\"urlTemplate\":\"https:\\\/\\\/www.akuplastics.com\\\/hu\\\/?s={search_term_string}\"},\"query-input\":{\"@type\":\"PropertyValueSpecification\",\"valueRequired\":true,\"valueName\":\"search_term_string\"}}],\"inLanguage\":\"hu\"},{\"@type\":\"Organization\",\"@id\":\"https:\\\/\\\/www.akuplastics.com\\\/hu\\\/#organization\",\"name\":\"Ing. Christian Ahlborn e.U.\",\"alternateName\":\"AKU\",\"url\":\"https:\\\/\\\/www.akuplastics.com\\\/hu\\\/\",\"logo\":{\"@type\":\"ImageObject\",\"inLanguage\":\"hu\",\"@id\":\"https:\\\/\\\/www.akuplastics.com\\\/hu\\\/#\\\/schema\\\/logo\\\/image\\\/\",\"url\":\"https:\\\/\\\/www.akuplastics.com\\\/wp-content\\\/uploads\\\/2020\\\/07\\\/Grafik14-inkl-r.png\",\"contentUrl\":\"https:\\\/\\\/www.akuplastics.com\\\/wp-content\\\/uploads\\\/2020\\\/07\\\/Grafik14-inkl-r.png\",\"width\":1994,\"height\":743,\"caption\":\"Ing. Christian Ahlborn e.U.\"},\"image\":{\"@id\":\"https:\\\/\\\/www.akuplastics.com\\\/hu\\\/#\\\/schema\\\/logo\\\/image\\\/\"}}]}<\/script>\n<!-- \/ Yoast SEO Premium plugin. -->","yoast_head_json":{"title":"Fojt\u00f3szelep karima forgat\u00f3gomb PVC-U PPs PPs-EL PP-H PE-HD PVDF","description":"Fojt\u00f3szelep forgat\u00f3gombbal, 15\u00b0-os oszt\u00e1ssal \u00e9s karim\u00e1val. Kerek m\u0171anyag idom bels\u0151 \u00fctk\u00f6z\u0151vel, cs\u00f6vek hegeszt\u00e9si elj\u00e1r\u00e1ssal t\u00f6rt\u00e9n\u0151 \u00f6sszek\u00f6t\u00e9s\u00e9re elsz\u00edv\u00f3rendszerben. Fojt\u00f3szelepk\u00e9nt a t\u00e9rfogat\u00e1ramok be\u00e1ll\u00edt\u00e1s\u00e1ra. A tok bels\u0151 \u00e1tm\u00e9r\u0151je a DIN 8062 szabv\u00e1ny szerint.","robots":{"index":"index","follow":"follow","max-snippet":"max-snippet:-1","max-image-preview":"max-image-preview:large","max-video-preview":"max-video-preview:-1"},"canonical":"https:\/\/www.akuplastics.com\/hu\/fojtoszelep-karima-es-forgatogomb\/","schema":{"@context":"https:\/\/schema.org","@graph":[{"@type":"WebPage","@id":"https:\/\/www.akuplastics.com\/hu\/fojtoszelep-karima-es-forgatogomb\/","url":"https:\/\/www.akuplastics.com\/hu\/fojtoszelep-karima-es-forgatogomb\/","name":"Fojt\u00f3szelep karima forgat\u00f3gomb PVC-U PPs PPs-EL PP-H PE-HD PVDF","isPartOf":{"@id":"https:\/\/www.akuplastics.com\/hu\/#website"},"primaryImageOfPage":{"@id":"https:\/\/www.akuplastics.com\/hu\/fojtoszelep-karima-es-forgatogomb\/#primaryimage"},"image":{"@id":"https:\/\/www.akuplastics.com\/hu\/fojtoszelep-karima-es-forgatogomb\/#primaryimage"},"thumbnailUrl":"https:\/\/www.akuplastics.com\/wp-content\/uploads\/2025\/10\/Drosselklappe-mit-Drehknopf-stufenlos-und-Flansch.webp","datePublished":"2025-10-23T12:38:22+00:00","dateModified":"2025-10-23T12:46:04+00:00","description":"Fojt\u00f3szelep forgat\u00f3gombbal, 15\u00b0-os oszt\u00e1ssal \u00e9s karim\u00e1val. Kerek m\u0171anyag idom bels\u0151 \u00fctk\u00f6z\u0151vel, cs\u00f6vek hegeszt\u00e9si elj\u00e1r\u00e1ssal t\u00f6rt\u00e9n\u0151 \u00f6sszek\u00f6t\u00e9s\u00e9re elsz\u00edv\u00f3rendszerben. Fojt\u00f3szelepk\u00e9nt a t\u00e9rfogat\u00e1ramok be\u00e1ll\u00edt\u00e1s\u00e1ra. A tok bels\u0151 \u00e1tm\u00e9r\u0151je a DIN 8062 szabv\u00e1ny szerint.","breadcrumb":{"@id":"https:\/\/www.akuplastics.com\/hu\/fojtoszelep-karima-es-forgatogomb\/#breadcrumb"},"inLanguage":"hu","potentialAction":[{"@type":"ReadAction","target":["https:\/\/www.akuplastics.com\/hu\/fojtoszelep-karima-es-forgatogomb\/"]}]},{"@type":"ImageObject","inLanguage":"hu","@id":"https:\/\/www.akuplastics.com\/hu\/fojtoszelep-karima-es-forgatogomb\/#primaryimage","url":"https:\/\/www.akuplastics.com\/wp-content\/uploads\/2025\/10\/Drosselklappe-mit-Drehknopf-stufenlos-und-Flansch.webp","contentUrl":"https:\/\/www.akuplastics.com\/wp-content\/uploads\/2025\/10\/Drosselklappe-mit-Drehknopf-stufenlos-und-Flansch.webp","width":500,"height":408,"caption":"Fojt\u00f3szelep forg\u00f3gombbal, 15\u00b0-os r\u00f6gz\u00edt\u00e9ssel, illetve fokozatmentesen, karim\u00e1val, PVC, feh\u00e9r PVC, PPs, PP-H, PE-HD, PP-EL-s, PVDF anyagokb\u00f3l"},{"@type":"BreadcrumbList","@id":"https:\/\/www.akuplastics.com\/hu\/fojtoszelep-karima-es-forgatogomb\/#breadcrumb","itemListElement":[{"@type":"ListItem","position":1,"name":"Kezd\u0151lap","item":"https:\/\/www.akuplastics.com\/hu\/"},{"@type":"ListItem","position":2,"name":"Fojt\u00f3szelep karima \u00e9s forgat\u00f3gomb"}]},{"@type":"WebSite","@id":"https:\/\/www.akuplastics.com\/hu\/#website","url":"https:\/\/www.akuplastics.com\/hu\/","name":"Semi-Finished Products \u2013 Finished Parts \u2013 Ventilation Moulded Parts \u2013 Machines","description":"Halbzeuge, Halbfabrikate, Kunststoffhalbzeuge, Kunststoffhalbfabrikate","publisher":{"@id":"https:\/\/www.akuplastics.com\/hu\/#organization"},"alternateName":"AKUPLASTICS \u2013 Engineering in Plastics","potentialAction":[{"@type":"SearchAction","target":{"@type":"EntryPoint","urlTemplate":"https:\/\/www.akuplastics.com\/hu\/?s={search_term_string}"},"query-input":{"@type":"PropertyValueSpecification","valueRequired":true,"valueName":"search_term_string"}}],"inLanguage":"hu"},{"@type":"Organization","@id":"https:\/\/www.akuplastics.com\/hu\/#organization","name":"Ing. Christian Ahlborn e.U.","alternateName":"AKU","url":"https:\/\/www.akuplastics.com\/hu\/","logo":{"@type":"ImageObject","inLanguage":"hu","@id":"https:\/\/www.akuplastics.com\/hu\/#\/schema\/logo\/image\/","url":"https:\/\/www.akuplastics.com\/wp-content\/uploads\/2020\/07\/Grafik14-inkl-r.png","contentUrl":"https:\/\/www.akuplastics.com\/wp-content\/uploads\/2020\/07\/Grafik14-inkl-r.png","width":1994,"height":743,"caption":"Ing. Christian Ahlborn e.U."},"image":{"@id":"https:\/\/www.akuplastics.com\/hu\/#\/schema\/logo\/image\/"}}]}},"_links":{"self":[{"href":"https:\/\/www.akuplastics.com\/hu\/wp-json\/wp\/v2\/pages\/28240","targetHints":{"allow":["GET"]}}],"collection":[{"href":"https:\/\/www.akuplastics.com\/hu\/wp-json\/wp\/v2\/pages"}],"about":[{"href":"https:\/\/www.akuplastics.com\/hu\/wp-json\/wp\/v2\/types\/page"}],"author":[{"embeddable":true,"href":"https:\/\/www.akuplastics.com\/hu\/wp-json\/wp\/v2\/users\/3"}],"replies":[{"embeddable":true,"href":"https:\/\/www.akuplastics.com\/hu\/wp-json\/wp\/v2\/comments?post=28240"}],"version-history":[{"count":2,"href":"https:\/\/www.akuplastics.com\/hu\/wp-json\/wp\/v2\/pages\/28240\/revisions"}],"predecessor-version":[{"id":28251,"href":"https:\/\/www.akuplastics.com\/hu\/wp-json\/wp\/v2\/pages\/28240\/revisions\/28251"}],"wp:featuredmedia":[{"embeddable":true,"href":"https:\/\/www.akuplastics.com\/hu\/wp-json\/wp\/v2\/media\/28239"}],"wp:attachment":[{"href":"https:\/\/www.akuplastics.com\/hu\/wp-json\/wp\/v2\/media?parent=28240"}],"curies":[{"name":"wp","href":"https:\/\/api.w.org\/{rel}","templated":true}]}}