{"id":27608,"date":"2025-10-23T08:24:02","date_gmt":"2025-10-23T06:24:02","guid":{"rendered":"https:\/\/www.akuplastics.com\/45-os-t-idom-tokkal\/"},"modified":"2025-10-23T08:30:28","modified_gmt":"2025-10-23T06:30:28","slug":"45-os-t-idom-tokkal","status":"publish","type":"page","link":"https:\/\/www.akuplastics.com\/hu\/45-os-t-idom-tokkal\/","title":{"rendered":"45\u00b0-os T-idom tokkal"},"content":{"rendered":"\t\t<div data-elementor-type=\"wp-page\" data-elementor-id=\"27608\" class=\"elementor elementor-27608 elementor-27570\" data-elementor-post-type=\"page\">\n\t\t\t\t\t\t<section class=\"elementor-section elementor-top-section elementor-element elementor-element-6025abb3 elementor-section-full_width elementor-section-height-default elementor-section-height-default\" data-id=\"6025abb3\" data-element_type=\"section\" data-e-type=\"section\" data-settings=\"{&quot;background_background&quot;:&quot;gradient&quot;}\">\n\t\t\t\t\t\t<div class=\"elementor-container elementor-column-gap-default\">\n\t\t\t\t\t<div class=\"elementor-column elementor-col-100 elementor-top-column elementor-element elementor-element-c978d9b\" data-id=\"c978d9b\" data-element_type=\"column\" data-e-type=\"column\">\n\t\t\t<div class=\"elementor-widget-wrap elementor-element-populated\">\n\t\t\t\t\t\t<section class=\"elementor-section elementor-inner-section elementor-element elementor-element-1ead80f elementor-section-boxed elementor-section-height-default elementor-section-height-default\" data-id=\"1ead80f\" data-element_type=\"section\" data-e-type=\"section\">\n\t\t\t\t\t\t<div class=\"elementor-container elementor-column-gap-default\">\n\t\t\t\t\t<div class=\"elementor-column elementor-col-100 elementor-inner-column elementor-element elementor-element-97f2d40\" data-id=\"97f2d40\" data-element_type=\"column\" data-e-type=\"column\">\n\t\t\t<div class=\"elementor-widget-wrap elementor-element-populated\">\n\t\t\t\t\t\t<div class=\"elementor-element elementor-element-5288b20 elementor-widget__width-initial elementor-widget elementor-widget-text-editor\" data-id=\"5288b20\" data-element_type=\"widget\" data-e-type=\"widget\" data-widget_type=\"text-editor.default\">\n\t\t\t\t<div class=\"elementor-widget-container\">\n\t\t\t\t\t\t\t\t\t<h1 style=\"text-align: left;\">45\u00b0-os T-idom tokkal PVC PE-HD PP-H PPs PP-EL-s PVDF anyagb\u00f3l<\/h1>\t\t\t\t\t\t\t\t<\/div>\n\t\t\t\t<\/div>\n\t\t\t\t<div class=\"elementor-element elementor-element-843282f elementor-widget__width-initial elementor-widget elementor-widget-text-editor\" data-id=\"843282f\" data-element_type=\"widget\" data-e-type=\"widget\" data-widget_type=\"text-editor.default\">\n\t\t\t\t<div class=\"elementor-widget-container\">\n\t\t\t\t\t\t\t\t\t<p style=\"text-align: left;\"> 45\u00b0-os T-idom tokkal. Kerek m\u0171anyag idomdarab bels\u0151 \u00fctk\u00f6z\u0151vel, cs\u00f6vek hegeszt\u00e9si elj\u00e1r\u00e1ssal t\u00f6rt\u00e9n\u0151 \u00f6sszek\u00f6t\u00e9s\u00e9re elsz\u00edv\u00f3rendszerekben.<\/p><p style=\"text-align: left;\">A tok bels\u0151 \u00e1tm\u00e9r\u0151je a DIN 8062 szabv\u00e1ny szerint. Gy\u00e1rt\u00e1si elj\u00e1r\u00e1s: \u00d8 50 \u00e9s 315 mm k\u00f6z\u00f6tt fr\u00f6ccs\u00f6nt\u00e9ssel, \u00d8 355 mm-t\u0151l f\u00e9lk\u00e9sz term\u00e9kekb\u0151l gy\u00e1rtva.<\/p><p style=\"text-align: left;\">Lehets\u00e9ges negat\u00edv t\u00falnyom\u00e1s k\u00e9r\u00e9sre, mechanikai, k\u00e9miai \u00e9s termikus terhel\u00e9s ut\u00e1n.<\/p>\t\t\t\t\t\t\t\t<\/div>\n\t\t\t\t<\/div>\n\t\t\t\t<div class=\"elementor-element elementor-element-c40d22e elementor-widget__width-initial elementor-widget elementor-widget-text-editor\" data-id=\"c40d22e\" data-element_type=\"widget\" data-e-type=\"widget\" data-widget_type=\"text-editor.default\">\n\t\t\t\t<div class=\"elementor-widget-container\">\n\t\t\t\t\t\t\t\t\t<table width=\"291\"><tbody><tr> <td width=\"39\"> <\/td><td colspan=\"4\" width=\"128\">PVC<\/td><td colspan=\"4\" width=\"124\">PE-HD\/PP-H\/PPs\/PP-EL-s\/PVDF<\/td><\/tr><tr><td width=\"39\">\u00d8<\/td><td width=\"31\">L<\/td><td width=\"39\">L1<\/td><td width=\"31\">L2<\/td><td width=\"27\">s<\/td><td width=\"31\">L<\/td><td width=\"39\">L1<\/td><td width=\"31\">L2<\/td><td width=\"23\">s<\/td><\/tr><tr><td width=\"39\">50<\/td><td width=\"31\">40<\/td><td width=\"39\">171<\/td><td width=\"31\">50<\/td><td width=\"27\">3<\/td><td width=\"31\">40<\/td><td width=\"39\">171<\/td><td width=\"31\">50<\/td><td width=\"23\">3<\/td><\/tr><tr><td width=\"39\">63<\/td><td width=\"31\">40<\/td><td width=\"39\">189<\/td><td width=\"31\">50<\/td><td width=\"27\">3<\/td><td width=\"31\">40<\/td><td width=\"39\">189<\/td><td width=\"31\">50<\/td><td width=\"23\">3<\/td><\/tr><tr><td width=\"39\">75<\/td><td width=\"31\">40<\/td><td width=\"39\">206<\/td><td width=\"31\">50<\/td><td width=\"27\">3<\/td><td width=\"31\">40<\/td><td width=\"39\">242<\/td><td width=\"31\">68<\/td><td width=\"23\">3<\/td><\/tr><tr><td width=\"39\">90<\/td><td width=\"31\">40<\/td><td width=\"39\">227<\/td><td width=\"31\">50<\/td><td width=\"27\">3<\/td><td width=\"31\">40<\/td><td width=\"39\">263<\/td><td width=\"31\">68<\/td><td width=\"23\">3<\/td><\/tr><tr><td width=\"39\">110<\/td><td width=\"31\">40<\/td><td width=\"39\">256<\/td><td width=\"31\">50<\/td><td width=\"27\">3<\/td><td width=\"31\">40<\/td><td width=\"39\">282<\/td><td width=\"31\">63<\/td><td width=\"23\">3<\/td><\/tr><tr><td width=\"39\">125<\/td><td width=\"31\">40<\/td><td width=\"39\">277<\/td><td width=\"31\">50<\/td><td width=\"27\">3<\/td><td width=\"31\">40<\/td><td width=\"39\">313<\/td><td width=\"31\">68<\/td><td width=\"23\">3<\/td><\/tr><tr><td width=\"39\">140<\/td><td width=\"31\">40<\/td><td width=\"39\">298<\/td><td width=\"31\">50<\/td><td width=\"27\">3<\/td><td width=\"31\">40<\/td><td width=\"39\">334<\/td><td width=\"31\">68<\/td><td width=\"23\">3<\/td><\/tr><tr><td width=\"39\">160<\/td><td width=\"31\">40<\/td><td width=\"39\">326<\/td><td width=\"31\">50<\/td><td width=\"27\">3<\/td><td width=\"31\">40<\/td><td width=\"39\">352<\/td><td width=\"31\">63<\/td><td width=\"23\">3<\/td><\/tr><tr><td width=\"39\">180<\/td><td width=\"31\">40<\/td><td width=\"39\">355<\/td><td width=\"31\">50<\/td><td width=\"27\">3<\/td><td width=\"31\">40<\/td><td width=\"39\">391<\/td><td width=\"31\">68<\/td><td width=\"23\">3<\/td><\/tr><tr><td width=\"39\">200<\/td><td width=\"31\">40<\/td><td width=\"39\">383<\/td><td width=\"31\">50<\/td><td width=\"27\">3<\/td><td width=\"31\">40<\/td><td width=\"39\">409<\/td><td width=\"31\">63<\/td><td width=\"23\">4<\/td><\/tr><tr><td width=\"39\">225<\/td><td width=\"31\">40<\/td><td width=\"39\">418<\/td><td width=\"31\">50<\/td><td width=\"27\">3<\/td><td width=\"31\">40<\/td><td width=\"39\">454<\/td><td width=\"31\">68<\/td><td width=\"23\">4<\/td><\/tr><tr><td width=\"39\">250<\/td><td width=\"31\">40<\/td><td width=\"39\">454<\/td><td width=\"31\">50<\/td><td width=\"27\">3<\/td><td width=\"31\">40<\/td><td width=\"39\">480<\/td><td width=\"31\">63<\/td><td width=\"23\">4<\/td><\/tr><tr><td width=\"39\">280<\/td><td width=\"31\">50<\/td><td width=\"39\">496<\/td><td width=\"31\">50<\/td><td width=\"27\">3<\/td><td width=\"31\">50<\/td><td width=\"39\">532<\/td><td width=\"31\">68<\/td><td width=\"23\">4<\/td><\/tr><tr><td width=\"39\">315<\/td><td width=\"31\">50<\/td><td width=\"39\">545<\/td><td width=\"31\">50<\/td><td width=\"27\">4<\/td><td width=\"31\">50<\/td><td width=\"39\">581<\/td><td width=\"31\">68<\/td><td width=\"23\">5<\/td><\/tr><tr><td width=\"39\">355<\/td><td width=\"31\">50<\/td><td width=\"39\">602<\/td><td width=\"31\">50<\/td><td width=\"27\">3<\/td><td width=\"31\">50<\/td><td width=\"39\">638<\/td><td width=\"31\">68<\/td><td width=\"23\">5<\/td><\/tr><tr><td width=\"39\">400<\/td><td width=\"31\">50<\/td><td width=\"39\">666<\/td><td width=\"31\">50<\/td><td width=\"27\">3<\/td><td width=\"31\">50<\/td><td width=\"39\">702<\/td><td width=\"31\">68<\/td><td width=\"23\">6<\/td><\/tr><tr><td width=\"39\">450<\/td><td width=\"31\">50<\/td><td width=\"39\">818<\/td><td width=\"31\">90<\/td><td width=\"27\">4<\/td><td width=\"31\">50<\/td><td width=\"39\">818<\/td><td width=\"31\">90<\/td><td width=\"23\">5<\/td><\/tr><tr><td width=\"39\">500<\/td><td width=\"31\">50<\/td><td width=\"39\">908<\/td><td width=\"31\">100<\/td><td width=\"27\">5<\/td><td width=\"31\">50<\/td><td width=\"39\">908<\/td><td width=\"31\">100<\/td><td width=\"23\">5<\/td><\/tr><tr><td width=\"39\">560<\/td><td width=\"31\">&#8211;<\/td><td width=\"39\">&#8211;<\/td><td width=\"31\">&#8211;<\/td><td width=\"27\">&#8211;<\/td><td width=\"31\">60<\/td><td width=\"39\">1016<\/td><td width=\"31\">112<\/td><td width=\"23\">6<\/td><\/tr><tr><td width=\"39\">600<\/td><td width=\"31\">60<\/td><td width=\"39\">1090<\/td><td width=\"31\">120<\/td><td width=\"27\">5<\/td><td width=\"31\">60<\/td><td width=\"39\">1090<\/td><td width=\"31\">120<\/td><td width=\"23\">6<\/td><\/tr><tr><td width=\"39\">630<\/td><td width=\"31\">&#8211;<\/td><td width=\"39\">&#8211;<\/td><td width=\"31\">&#8211;<\/td><td width=\"27\">&#8211;<\/td><td width=\"31\">70<\/td><td width=\"39\">1144<\/td><td width=\"31\">126<\/td><td width=\"23\">6<\/td><\/tr><tr><td width=\"39\">700<\/td><td width=\"31\">70<\/td><td width=\"39\">1270<\/td><td width=\"31\">140<\/td><td width=\"27\">6<\/td><td width=\"31\">70<\/td><td width=\"39\">1270<\/td><td width=\"31\">140<\/td><td width=\"23\">6<\/td><\/tr><tr><td width=\"39\">710<\/td><td width=\"31\">&#8211;<\/td><td width=\"39\">&#8211;<\/td><td width=\"31\">&#8211;<\/td><td width=\"27\">&#8211;<\/td><td width=\"31\">80<\/td><td width=\"39\">1290<\/td><td width=\"31\">142<\/td><td width=\"23\">6<\/td><\/tr><tr><td width=\"39\">800<\/td><td width=\"31\">80<\/td><td width=\"39\">1452<\/td><td width=\"31\">160<\/td><td width=\"27\">8<\/td><td width=\"31\">80<\/td><td width=\"39\">1452<\/td><td width=\"31\">160<\/td><td width=\"23\">8<\/td><\/tr><tr><td width=\"39\">900<\/td><td width=\"31\">90<\/td><td width=\"39\">1634<\/td><td width=\"31\">180<\/td><td width=\"27\">8<\/td><td width=\"31\">90<\/td><td width=\"39\">1634<\/td><td width=\"31\">180<\/td><td width=\"23\">8<\/td><\/tr><tr><td width=\"39\">1000<\/td><td width=\"31\">100<\/td><td width=\"39\">1816<\/td><td width=\"31\">200<\/td><td width=\"27\">10<\/td><td width=\"31\">100<\/td><td width=\"39\">1816<\/td><td width=\"31\">200<\/td><td width=\"23\">10<\/td><\/tr><tr><td width=\"39\">1200<\/td><td width=\"31\">120<\/td><td width=\"39\">2178<\/td><td width=\"31\">240<\/td><td width=\"27\">12<\/td><td width=\"31\">120<\/td><td width=\"39\">2178<\/td><td width=\"31\">240<\/td><td width=\"23\">12<\/td><\/tr><tr><td width=\"39\">1250<\/td><td width=\"31\">130<\/td><td width=\"39\">2268<\/td><td width=\"31\">250<\/td><td width=\"27\">12<\/td><td width=\"31\">130<\/td><td width=\"39\">2268<\/td><td width=\"31\">250<\/td><td width=\"23\">12<\/td><\/tr><\/tbody><\/table>\t\t\t\t\t\t\t\t<\/div>\n\t\t\t\t<\/div>\n\t\t\t\t\t<\/div>\n\t\t<\/div>\n\t\t\t\t<div class=\"elementor-column elementor-col-50 elementor-inner-column elementor-element elementor-element-97bb919\" data-id=\"97bb919\" data-element_type=\"column\" data-e-type=\"column\">\n\t\t\t<div class=\"elementor-widget-wrap elementor-element-populated\">\n\t\t\t\t\t\t<div class=\"elementor-element elementor-element-1a349e7 elementor-widget elementor-widget-image\" data-id=\"1a349e7\" data-element_type=\"widget\" data-e-type=\"widget\" data-widget_type=\"image.default\">\n\t\t\t\t<div class=\"elementor-widget-container\">\n\t\t\t\t\t\t\t\t\t\t\t\t<figure class=\"wp-caption\">\n\t\t\t\t\t\t\t\t\t\t<img loading=\"lazy\" decoding=\"async\" width=\"300\" height=\"262\" src=\"https:\/\/www.akuplastics.com\/wp-content\/uploads\/2025\/10\/t_stueck_45-300x262.webp\" class=\"attachment-medium size-medium wp-image-27607\" alt=\"45\u00b0-os T-idom tokkal PVC-U PPs PPs-EL PP-H PE-HD PVDF\" srcset=\"https:\/\/www.akuplastics.com\/wp-content\/uploads\/2025\/10\/t_stueck_45-300x262.webp 300w, https:\/\/www.akuplastics.com\/wp-content\/uploads\/2025\/10\/t_stueck_45.webp 500w\" sizes=\"auto, (max-width: 300px) 100vw, 300px\" \/>\t\t\t\t\t\t\t\t\t\t\t<figcaption class=\"widget-image-caption wp-caption-text\">45\u00b0-os T-idom tokkal PVC-U PPs PPs-EL PP-H PE-HD PVDF<\/figcaption>\n\t\t\t\t\t\t\t\t\t\t<\/figure>\n\t\t\t\t\t\t\t\t\t<\/div>\n\t\t\t\t<\/div>\n\t\t\t\t\t<\/div>\n\t\t<\/div>\n\t\t\t\t\t<\/div>\n\t\t<\/section>\n\t\t\t\t\t<\/div>\n\t\t<\/div>\n\t\t\t\t\t<\/div>\n\t\t<\/section>\n\t\t\t\t<\/div>\n\t\t","protected":false},"excerpt":{"rendered":"<p>45\u00b0-os T-idom tokkal PVC PE-HD PP-H PPs PP-EL-s PVDF anyagb\u00f3l 45\u00b0-os T-idom tokkal. Kerek m\u0171anyag idomdarab bels\u0151 \u00fctk\u00f6z\u0151vel, cs\u00f6vek hegeszt\u00e9si elj\u00e1r\u00e1ssal t\u00f6rt\u00e9n\u0151 \u00f6sszek\u00f6t\u00e9s\u00e9re elsz\u00edv\u00f3rendszerekben. A tok bels\u0151 \u00e1tm\u00e9r\u0151je a DIN 8062 szabv\u00e1ny szerint. Gy\u00e1rt\u00e1si elj\u00e1r\u00e1s: \u00d8 50 \u00e9s 315 mm k\u00f6z\u00f6tt fr\u00f6ccs\u00f6nt\u00e9ssel, \u00d8 355 mm-t\u0151l f\u00e9lk\u00e9sz term\u00e9kekb\u0151l gy\u00e1rtva. Lehets\u00e9ges negat\u00edv t\u00falnyom\u00e1s k\u00e9r\u00e9sre, mechanikai, k\u00e9miai \u00e9s [&hellip;]<\/p>\n","protected":false},"author":3,"featured_media":27607,"parent":0,"menu_order":1,"comment_status":"closed","ping_status":"closed","template":"","meta":{"iawp_total_views":0,"footnotes":""},"class_list":["post-27608","page","type-page","status-publish","has-post-thumbnail","hentry"],"yoast_head":"<!-- This site is optimized with the Yoast SEO Premium plugin v27.4 (Yoast SEO v27.4) - https:\/\/yoast.com\/product\/yoast-seo-premium-wordpress\/ -->\n<title>Szell\u0151z\u0151 T-idom tokkal 45\u00b0 PVC-U PPs PPs-EL PP-H PE-HD PVDF<\/title>\n<meta name=\"description\" content=\"45\u00b0-os T-idom tokkal. Kerek m\u0171anyag idomdarab bels\u0151 \u00fctk\u00f6z\u0151vel, cs\u00f6vek hegeszt\u00e9si elj\u00e1r\u00e1ssal t\u00f6rt\u00e9n\u0151 \u00f6sszek\u00f6t\u00e9s\u00e9re elsz\u00edv\u00f3rendszerekben. A tok bels\u0151 \u00e1tm\u00e9r\u0151je a DIN 8062 szabv\u00e1ny szerint.\" \/>\n<meta name=\"robots\" content=\"index, follow, max-snippet:-1, max-image-preview:large, max-video-preview:-1\" \/>\n<link rel=\"canonical\" href=\"https:\/\/www.akuplastics.com\/hu\/45-os-t-idom-tokkal\/\" \/>\n<script type=\"application\/ld+json\" class=\"yoast-schema-graph\">{\"@context\":\"https:\\\/\\\/schema.org\",\"@graph\":[{\"@type\":\"WebPage\",\"@id\":\"https:\\\/\\\/www.akuplastics.com\\\/hu\\\/45-os-t-idom-tokkal\\\/\",\"url\":\"https:\\\/\\\/www.akuplastics.com\\\/hu\\\/45-os-t-idom-tokkal\\\/\",\"name\":\"Szell\u0151z\u0151 T-idom tokkal 45\u00b0 PVC-U PPs PPs-EL PP-H PE-HD PVDF\",\"isPartOf\":{\"@id\":\"https:\\\/\\\/www.akuplastics.com\\\/hu\\\/#website\"},\"primaryImageOfPage\":{\"@id\":\"https:\\\/\\\/www.akuplastics.com\\\/hu\\\/45-os-t-idom-tokkal\\\/#primaryimage\"},\"image\":{\"@id\":\"https:\\\/\\\/www.akuplastics.com\\\/hu\\\/45-os-t-idom-tokkal\\\/#primaryimage\"},\"thumbnailUrl\":\"https:\\\/\\\/www.akuplastics.com\\\/wp-content\\\/uploads\\\/2025\\\/10\\\/t_stueck_45.webp\",\"datePublished\":\"2025-10-23T06:24:02+00:00\",\"dateModified\":\"2025-10-23T06:30:28+00:00\",\"description\":\"45\u00b0-os T-idom tokkal. Kerek m\u0171anyag idomdarab bels\u0151 \u00fctk\u00f6z\u0151vel, cs\u00f6vek hegeszt\u00e9si elj\u00e1r\u00e1ssal t\u00f6rt\u00e9n\u0151 \u00f6sszek\u00f6t\u00e9s\u00e9re elsz\u00edv\u00f3rendszerekben. A tok bels\u0151 \u00e1tm\u00e9r\u0151je a DIN 8062 szabv\u00e1ny szerint.\",\"breadcrumb\":{\"@id\":\"https:\\\/\\\/www.akuplastics.com\\\/hu\\\/45-os-t-idom-tokkal\\\/#breadcrumb\"},\"inLanguage\":\"hu\",\"potentialAction\":[{\"@type\":\"ReadAction\",\"target\":[\"https:\\\/\\\/www.akuplastics.com\\\/hu\\\/45-os-t-idom-tokkal\\\/\"]}]},{\"@type\":\"ImageObject\",\"inLanguage\":\"hu\",\"@id\":\"https:\\\/\\\/www.akuplastics.com\\\/hu\\\/45-os-t-idom-tokkal\\\/#primaryimage\",\"url\":\"https:\\\/\\\/www.akuplastics.com\\\/wp-content\\\/uploads\\\/2025\\\/10\\\/t_stueck_45.webp\",\"contentUrl\":\"https:\\\/\\\/www.akuplastics.com\\\/wp-content\\\/uploads\\\/2025\\\/10\\\/t_stueck_45.webp\",\"width\":500,\"height\":437,\"caption\":\"45\u00b0-os T-idom tokkal PVC-U PPs PPs-EL PP-H PE-HD PVDF\"},{\"@type\":\"BreadcrumbList\",\"@id\":\"https:\\\/\\\/www.akuplastics.com\\\/hu\\\/45-os-t-idom-tokkal\\\/#breadcrumb\",\"itemListElement\":[{\"@type\":\"ListItem\",\"position\":1,\"name\":\"Kezd\u0151lap\",\"item\":\"https:\\\/\\\/www.akuplastics.com\\\/hu\\\/\"},{\"@type\":\"ListItem\",\"position\":2,\"name\":\"45\u00b0-os T-idom tokkal\"}]},{\"@type\":\"WebSite\",\"@id\":\"https:\\\/\\\/www.akuplastics.com\\\/hu\\\/#website\",\"url\":\"https:\\\/\\\/www.akuplastics.com\\\/hu\\\/\",\"name\":\"Semi-Finished Products \u2013 Finished Parts \u2013 Ventilation Moulded Parts \u2013 Machines\",\"description\":\"Halbzeuge, Halbfabrikate, Kunststoffhalbzeuge, Kunststoffhalbfabrikate\",\"publisher\":{\"@id\":\"https:\\\/\\\/www.akuplastics.com\\\/hu\\\/#organization\"},\"alternateName\":\"AKUPLASTICS \u2013 Engineering in Plastics\",\"potentialAction\":[{\"@type\":\"SearchAction\",\"target\":{\"@type\":\"EntryPoint\",\"urlTemplate\":\"https:\\\/\\\/www.akuplastics.com\\\/hu\\\/?s={search_term_string}\"},\"query-input\":{\"@type\":\"PropertyValueSpecification\",\"valueRequired\":true,\"valueName\":\"search_term_string\"}}],\"inLanguage\":\"hu\"},{\"@type\":\"Organization\",\"@id\":\"https:\\\/\\\/www.akuplastics.com\\\/hu\\\/#organization\",\"name\":\"Ing. Christian Ahlborn e.U.\",\"alternateName\":\"AKU\",\"url\":\"https:\\\/\\\/www.akuplastics.com\\\/hu\\\/\",\"logo\":{\"@type\":\"ImageObject\",\"inLanguage\":\"hu\",\"@id\":\"https:\\\/\\\/www.akuplastics.com\\\/hu\\\/#\\\/schema\\\/logo\\\/image\\\/\",\"url\":\"https:\\\/\\\/www.akuplastics.com\\\/wp-content\\\/uploads\\\/2020\\\/07\\\/Grafik14-inkl-r.png\",\"contentUrl\":\"https:\\\/\\\/www.akuplastics.com\\\/wp-content\\\/uploads\\\/2020\\\/07\\\/Grafik14-inkl-r.png\",\"width\":1994,\"height\":743,\"caption\":\"Ing. Christian Ahlborn e.U.\"},\"image\":{\"@id\":\"https:\\\/\\\/www.akuplastics.com\\\/hu\\\/#\\\/schema\\\/logo\\\/image\\\/\"}}]}<\/script>\n<!-- \/ Yoast SEO Premium plugin. -->","yoast_head_json":{"title":"Szell\u0151z\u0151 T-idom tokkal 45\u00b0 PVC-U PPs PPs-EL PP-H PE-HD PVDF","description":"45\u00b0-os T-idom tokkal. Kerek m\u0171anyag idomdarab bels\u0151 \u00fctk\u00f6z\u0151vel, cs\u00f6vek hegeszt\u00e9si elj\u00e1r\u00e1ssal t\u00f6rt\u00e9n\u0151 \u00f6sszek\u00f6t\u00e9s\u00e9re elsz\u00edv\u00f3rendszerekben. A tok bels\u0151 \u00e1tm\u00e9r\u0151je a DIN 8062 szabv\u00e1ny szerint.","robots":{"index":"index","follow":"follow","max-snippet":"max-snippet:-1","max-image-preview":"max-image-preview:large","max-video-preview":"max-video-preview:-1"},"canonical":"https:\/\/www.akuplastics.com\/hu\/45-os-t-idom-tokkal\/","schema":{"@context":"https:\/\/schema.org","@graph":[{"@type":"WebPage","@id":"https:\/\/www.akuplastics.com\/hu\/45-os-t-idom-tokkal\/","url":"https:\/\/www.akuplastics.com\/hu\/45-os-t-idom-tokkal\/","name":"Szell\u0151z\u0151 T-idom tokkal 45\u00b0 PVC-U PPs PPs-EL PP-H PE-HD PVDF","isPartOf":{"@id":"https:\/\/www.akuplastics.com\/hu\/#website"},"primaryImageOfPage":{"@id":"https:\/\/www.akuplastics.com\/hu\/45-os-t-idom-tokkal\/#primaryimage"},"image":{"@id":"https:\/\/www.akuplastics.com\/hu\/45-os-t-idom-tokkal\/#primaryimage"},"thumbnailUrl":"https:\/\/www.akuplastics.com\/wp-content\/uploads\/2025\/10\/t_stueck_45.webp","datePublished":"2025-10-23T06:24:02+00:00","dateModified":"2025-10-23T06:30:28+00:00","description":"45\u00b0-os T-idom tokkal. Kerek m\u0171anyag idomdarab bels\u0151 \u00fctk\u00f6z\u0151vel, cs\u00f6vek hegeszt\u00e9si elj\u00e1r\u00e1ssal t\u00f6rt\u00e9n\u0151 \u00f6sszek\u00f6t\u00e9s\u00e9re elsz\u00edv\u00f3rendszerekben. A tok bels\u0151 \u00e1tm\u00e9r\u0151je a DIN 8062 szabv\u00e1ny szerint.","breadcrumb":{"@id":"https:\/\/www.akuplastics.com\/hu\/45-os-t-idom-tokkal\/#breadcrumb"},"inLanguage":"hu","potentialAction":[{"@type":"ReadAction","target":["https:\/\/www.akuplastics.com\/hu\/45-os-t-idom-tokkal\/"]}]},{"@type":"ImageObject","inLanguage":"hu","@id":"https:\/\/www.akuplastics.com\/hu\/45-os-t-idom-tokkal\/#primaryimage","url":"https:\/\/www.akuplastics.com\/wp-content\/uploads\/2025\/10\/t_stueck_45.webp","contentUrl":"https:\/\/www.akuplastics.com\/wp-content\/uploads\/2025\/10\/t_stueck_45.webp","width":500,"height":437,"caption":"45\u00b0-os T-idom tokkal PVC-U PPs PPs-EL PP-H PE-HD PVDF"},{"@type":"BreadcrumbList","@id":"https:\/\/www.akuplastics.com\/hu\/45-os-t-idom-tokkal\/#breadcrumb","itemListElement":[{"@type":"ListItem","position":1,"name":"Kezd\u0151lap","item":"https:\/\/www.akuplastics.com\/hu\/"},{"@type":"ListItem","position":2,"name":"45\u00b0-os T-idom tokkal"}]},{"@type":"WebSite","@id":"https:\/\/www.akuplastics.com\/hu\/#website","url":"https:\/\/www.akuplastics.com\/hu\/","name":"Semi-Finished Products \u2013 Finished Parts \u2013 Ventilation Moulded Parts \u2013 Machines","description":"Halbzeuge, Halbfabrikate, Kunststoffhalbzeuge, Kunststoffhalbfabrikate","publisher":{"@id":"https:\/\/www.akuplastics.com\/hu\/#organization"},"alternateName":"AKUPLASTICS \u2013 Engineering in Plastics","potentialAction":[{"@type":"SearchAction","target":{"@type":"EntryPoint","urlTemplate":"https:\/\/www.akuplastics.com\/hu\/?s={search_term_string}"},"query-input":{"@type":"PropertyValueSpecification","valueRequired":true,"valueName":"search_term_string"}}],"inLanguage":"hu"},{"@type":"Organization","@id":"https:\/\/www.akuplastics.com\/hu\/#organization","name":"Ing. Christian Ahlborn e.U.","alternateName":"AKU","url":"https:\/\/www.akuplastics.com\/hu\/","logo":{"@type":"ImageObject","inLanguage":"hu","@id":"https:\/\/www.akuplastics.com\/hu\/#\/schema\/logo\/image\/","url":"https:\/\/www.akuplastics.com\/wp-content\/uploads\/2020\/07\/Grafik14-inkl-r.png","contentUrl":"https:\/\/www.akuplastics.com\/wp-content\/uploads\/2020\/07\/Grafik14-inkl-r.png","width":1994,"height":743,"caption":"Ing. Christian Ahlborn e.U."},"image":{"@id":"https:\/\/www.akuplastics.com\/hu\/#\/schema\/logo\/image\/"}}]}},"_links":{"self":[{"href":"https:\/\/www.akuplastics.com\/hu\/wp-json\/wp\/v2\/pages\/27608","targetHints":{"allow":["GET"]}}],"collection":[{"href":"https:\/\/www.akuplastics.com\/hu\/wp-json\/wp\/v2\/pages"}],"about":[{"href":"https:\/\/www.akuplastics.com\/hu\/wp-json\/wp\/v2\/types\/page"}],"author":[{"embeddable":true,"href":"https:\/\/www.akuplastics.com\/hu\/wp-json\/wp\/v2\/users\/3"}],"replies":[{"embeddable":true,"href":"https:\/\/www.akuplastics.com\/hu\/wp-json\/wp\/v2\/comments?post=27608"}],"version-history":[{"count":2,"href":"https:\/\/www.akuplastics.com\/hu\/wp-json\/wp\/v2\/pages\/27608\/revisions"}],"predecessor-version":[{"id":27621,"href":"https:\/\/www.akuplastics.com\/hu\/wp-json\/wp\/v2\/pages\/27608\/revisions\/27621"}],"wp:featuredmedia":[{"embeddable":true,"href":"https:\/\/www.akuplastics.com\/hu\/wp-json\/wp\/v2\/media\/27607"}],"wp:attachment":[{"href":"https:\/\/www.akuplastics.com\/hu\/wp-json\/wp\/v2\/media?parent=27608"}],"curies":[{"name":"wp","href":"https:\/\/api.w.org\/{rel}","templated":true}]}}