{"id":27312,"date":"2025-10-21T14:28:03","date_gmt":"2025-10-21T12:28:03","guid":{"rendered":"https:\/\/www.akuplastics.com\/szellozo-idomok-csokoenyoek\/"},"modified":"2025-10-21T15:38:42","modified_gmt":"2025-10-21T13:38:42","slug":"szellozo-idomok-csokoenyoek","status":"publish","type":"page","link":"https:\/\/www.akuplastics.com\/hu\/szellozo-idomok-csokoenyoek\/","title":{"rendered":"Szell\u0151z\u0151 idomok: cs\u0151k\u00f6ny\u00f6k"},"content":{"rendered":"\t\t<div data-elementor-type=\"wp-page\" data-elementor-id=\"27312\" class=\"elementor elementor-27312 elementor-27280\" data-elementor-post-type=\"page\">\n\t\t\t\t\t\t<section class=\"elementor-section elementor-top-section elementor-element elementor-element-6025abb3 elementor-section-full_width elementor-section-height-default elementor-section-height-default\" data-id=\"6025abb3\" data-element_type=\"section\" data-e-type=\"section\" data-settings=\"{&quot;background_background&quot;:&quot;gradient&quot;}\">\n\t\t\t\t\t\t<div class=\"elementor-container elementor-column-gap-default\">\n\t\t\t\t\t<div class=\"elementor-column elementor-col-100 elementor-top-column elementor-element elementor-element-c978d9b\" data-id=\"c978d9b\" data-element_type=\"column\" data-e-type=\"column\">\n\t\t\t<div class=\"elementor-widget-wrap elementor-element-populated\">\n\t\t\t\t\t\t<section class=\"elementor-section elementor-inner-section elementor-element elementor-element-1ead80f elementor-section-boxed elementor-section-height-default elementor-section-height-default\" data-id=\"1ead80f\" data-element_type=\"section\" data-e-type=\"section\">\n\t\t\t\t\t\t<div class=\"elementor-container elementor-column-gap-default\">\n\t\t\t\t\t<div class=\"elementor-column elementor-col-100 elementor-inner-column elementor-element elementor-element-97f2d40\" data-id=\"97f2d40\" data-element_type=\"column\" data-e-type=\"column\">\n\t\t\t<div class=\"elementor-widget-wrap elementor-element-populated\">\n\t\t\t\t\t\t<div class=\"elementor-element elementor-element-5288b20 elementor-widget__width-initial elementor-widget elementor-widget-text-editor\" data-id=\"5288b20\" data-element_type=\"widget\" data-e-type=\"widget\" data-widget_type=\"text-editor.default\">\n\t\t\t\t<div class=\"elementor-widget-container\">\n\t\t\t\t\t\t\t\t\t<h1 style=\"text-align: left;\">Cs\u0151k\u00f6ny\u00f6k 90\u00b0 75\u00b0 60\u00b0 45\u00b0 30\u00b0 15\u00b0 PVC-U, PPs, PPs-EL, PP-H, PE-HD \u00e9s PVDF anyagb\u00f3l<\/h1>\t\t\t\t\t\t\t\t<\/div>\n\t\t\t\t<\/div>\n\t\t\t\t<div class=\"elementor-element elementor-element-843282f elementor-widget__width-initial elementor-widget elementor-widget-text-editor\" data-id=\"843282f\" data-element_type=\"widget\" data-e-type=\"widget\" data-widget_type=\"text-editor.default\">\n\t\t\t\t<div class=\"elementor-widget-container\">\n\t\t\t\t\t\t\t\t\t<p style=\"text-align: left;\">Tokos cs\u0151k\u00f6ny\u00f6k, kerek m\u0171anyag idom bels\u0151 \u00fctk\u00f6z\u0151vel, cs\u00f6vek hegeszt\u00e9si elj\u00e1r\u00e1ssal t\u00f6rt\u00e9n\u0151 \u00f6sszek\u00f6t\u00e9s\u00e9re elsz\u00edv\u00f3rendszerben.<\/p><p> <\/p><p style=\"text-align: left;\">A tok bels\u0151 \u00e1tm\u00e9r\u0151je a DIN 8062 szabv\u00e1ny szerint. R=D. Gy\u00e1rt\u00e1si elj\u00e1r\u00e1s: \u00d8 50-400 mm fr\u00f6ccs\u00f6nt\u00e9s, \u00d8 450-600 mm szabadalmaztatott f\u00fav\u00e1sos form\u00e1z\u00e1s, \u00d8 700 mm-t\u0151l szegmenshegesztett.  <\/p><p> <\/p><p style=\"text-align: left;\">Lehets\u00e9ges negat\u00edv t\u00falnyom\u00e1s k\u00e9r\u00e9sre, mechanikai, k\u00e9miai \u00e9s termikus terhel\u00e9s ut\u00e1n.<\/p><p> <\/p><table width=\"333\"><tbody><tr> <td width=\"55\"> <\/td><td width=\"75\">PVC<\/td><td colspan=\"3\" width=\"203\">PE-HD\/PP-H\/PPs\/PP-EL-s\/PVDF<\/td><\/tr><tr><td width=\"55\">\u00d8<\/td><td width=\"75\">L<\/td><td width=\"64\">min. s<\/td><td width=\"75\">L<\/td><td width=\"64\">min. s<\/td><\/tr><tr><td>50<\/td><td>25<\/td><td>1,8<\/td><td>25<\/td><td>3<\/td><\/tr><tr><td>63<\/td><td>25<\/td><td>1,8<\/td><td>25<\/td><td>3<\/td><\/tr><tr><td>75<\/td><td>40<\/td><td>1,8<\/td><td>40<\/td><td>3<\/td><\/tr><tr><td>90<\/td><td>40<\/td><td>1,8<\/td><td>40<\/td><td>3<\/td><\/tr><tr><td>110<\/td><td>40<\/td><td>1,8<\/td><td>40<\/td><td>3<\/td><\/tr><tr><td>125<\/td><td>40<\/td><td>1,8<\/td><td>40<\/td><td>3<\/td><\/tr><tr><td>140<\/td><td>40<\/td><td>1,8<\/td><td>40<\/td><td>3<\/td><\/tr><tr><td>160<\/td><td>40<\/td><td>1,8<\/td><td>40<\/td><td>3<\/td><\/tr><tr><td>180<\/td><td>40<\/td><td>1,8<\/td><td>40<\/td><td>3<\/td><\/tr><tr><td>200<\/td><td>40<\/td><td>1,8<\/td><td>40<\/td><td>3<\/td><\/tr><tr><td>225<\/td><td>40<\/td><td>1,8<\/td><td>40<\/td><td>3,5<\/td><\/tr><tr><td>250<\/td><td>40<\/td><td>2<\/td><td>40<\/td><td>3,5<\/td><\/tr><tr><td>280<\/td><td>50<\/td><td>2,3<\/td><td>50<\/td><td>3,5<\/td><\/tr><tr><td>315<\/td><td>50<\/td><td>2,5<\/td><td>50<\/td><td>4<\/td><\/tr><tr><td>355<\/td><td>50<\/td><td>2,9<\/td><td>50<\/td><td>4<\/td><\/tr><tr><td>400<\/td><td>50<\/td><td>3,2<\/td><td>50<\/td><td>4,5<\/td><\/tr><tr><td>450<\/td><td>50<\/td><td>3,6<\/td><td>50<\/td><td>5<\/td><\/tr><tr><td>500<\/td><td>50<\/td><td>4<\/td><td>50<\/td><td>5<\/td><\/tr><tr><td>560<\/td><td>&#8211;<\/td><td>&#8211;<\/td><td>60<\/td><td>5<\/td><\/tr><tr><td>600<\/td><td>60<\/td><td>5<\/td><td>60<\/td><td>6<\/td><\/tr><tr><td>630<\/td><td>&#8211;<\/td><td>&#8211;<\/td><td>70<\/td><td>6<\/td><\/tr><tr><td>700<\/td><td>70<\/td><td>6<\/td><td>70<\/td><td>6<\/td><\/tr><tr><td>710<\/td><td>&#8211;<\/td><td>&#8211;<\/td><td>80<\/td><td>6<\/td><\/tr><tr><td>800<\/td><td>80<\/td><td>8<\/td><td>80<\/td><td>8<\/td><\/tr><tr><td>900<\/td><td>90<\/td><td>8<\/td><td>90<\/td><td>8<\/td><\/tr><tr><td>1000<\/td><td>100<\/td><td>10<\/td><td>100<\/td><td>10<\/td><\/tr><tr><td>1200<\/td><td>120<\/td><td>12<\/td><td>120<\/td><td>12<\/td><\/tr><tr><td>1250<\/td><td>130<\/td><td>12<\/td><td>130<\/td><td>12<\/td><\/tr><\/tbody><\/table><p>Minden m\u00e9retadat mm-ben<\/p><p> <\/p><p style=\"text-align: left;\">PVC \u00d8 700 mm-t\u0151l, PE-HD\/PP-H\/PPs \u00d8 560 mm-t\u0151l, <br>PP-EL-s \u00e9s PVDF \u00d8 450 mm-t\u0151l szegmensk\u00f6ny\u00f6kk\u00e9nt gy\u00e1rtva.<\/p><p> <\/p>\t\t\t\t\t\t\t\t<\/div>\n\t\t\t\t<\/div>\n\t\t\t\t\t<\/div>\n\t\t<\/div>\n\t\t\t\t<div class=\"elementor-column elementor-col-50 elementor-inner-column elementor-element elementor-element-97bb919\" data-id=\"97bb919\" data-element_type=\"column\" data-e-type=\"column\">\n\t\t\t<div class=\"elementor-widget-wrap elementor-element-populated\">\n\t\t\t\t\t\t<div class=\"elementor-element elementor-element-d3e4701 elementor-widget elementor-widget-image\" data-id=\"d3e4701\" data-element_type=\"widget\" data-e-type=\"widget\" data-widget_type=\"image.default\">\n\t\t\t\t<div class=\"elementor-widget-container\">\n\t\t\t\t\t\t\t\t\t\t\t\t<figure class=\"wp-caption\">\n\t\t\t\t\t\t\t\t\t\t<img loading=\"lazy\" decoding=\"async\" width=\"222\" height=\"300\" src=\"https:\/\/www.akuplastics.com\/wp-content\/uploads\/2025\/10\/image011-222x300.webp\" class=\"attachment-medium size-medium wp-image-27311\" alt=\"Tokos m\u0171anyag cs\u0151k\u00f6ny\u00f6k 90\u00b0 75\u00b0 60\u00b0 45\u00b0 30\u00b0 15\u00b0\" srcset=\"https:\/\/www.akuplastics.com\/wp-content\/uploads\/2025\/10\/image011-222x300.webp 222w, https:\/\/www.akuplastics.com\/wp-content\/uploads\/2025\/10\/image011.webp 602w\" sizes=\"auto, (max-width: 222px) 100vw, 222px\" \/>\t\t\t\t\t\t\t\t\t\t\t<figcaption class=\"widget-image-caption wp-caption-text\">Tokos m\u0171anyag cs\u0151k\u00f6ny\u00f6k 90\u00b0 75\u00b0 60\u00b0 45\u00b0 30\u00b0 15\u00b0<\/figcaption>\n\t\t\t\t\t\t\t\t\t\t<\/figure>\n\t\t\t\t\t\t\t\t\t<\/div>\n\t\t\t\t<\/div>\n\t\t\t\t<div class=\"elementor-element elementor-element-b7d3c06 elementor-widget elementor-widget-image\" data-id=\"b7d3c06\" data-element_type=\"widget\" data-e-type=\"widget\" data-widget_type=\"image.default\">\n\t\t\t\t<div class=\"elementor-widget-container\">\n\t\t\t\t\t\t\t\t\t\t\t\t<figure class=\"wp-caption\">\n\t\t\t\t\t\t\t\t\t\t<img loading=\"lazy\" decoding=\"async\" width=\"286\" height=\"283\" src=\"https:\/\/www.akuplastics.com\/wp-content\/uploads\/2025\/10\/image011-1.webp\" class=\"attachment-medium size-medium wp-image-27397\" alt=\"Tokos cs\u0151\u00edv, m\u0171anyag idom, 90\u00b0-os cs\u0151\u00edv\" \/>\t\t\t\t\t\t\t\t\t\t\t<figcaption class=\"widget-image-caption wp-caption-text\">Tokos cs\u0151\u00edv, m\u0171anyag idom, 90\u00b0-os cs\u0151\u00edv<\/figcaption>\n\t\t\t\t\t\t\t\t\t\t<\/figure>\n\t\t\t\t\t\t\t\t\t<\/div>\n\t\t\t\t<\/div>\n\t\t\t\t<div class=\"elementor-element elementor-element-9da30c8 elementor-widget elementor-widget-image\" data-id=\"9da30c8\" data-element_type=\"widget\" data-e-type=\"widget\" data-widget_type=\"image.default\">\n\t\t\t\t<div class=\"elementor-widget-container\">\n\t\t\t\t\t\t\t\t\t\t\t\t<figure class=\"wp-caption\">\n\t\t\t\t\t\t\t\t\t\t<img loading=\"lazy\" decoding=\"async\" width=\"246\" height=\"282\" src=\"https:\/\/www.akuplastics.com\/wp-content\/uploads\/2025\/10\/image011-2.webp\" class=\"attachment-medium size-medium wp-image-27398\" alt=\"Rohrbogen mit Muffe Kunststoff-Formteil Rohrbogen 75\u00b0\" \/>\t\t\t\t\t\t\t\t\t\t\t<figcaption class=\"widget-image-caption wp-caption-text\">Rohrbogen mit Muffe Kunststoff-Formteil Rohrbogen 75\u00b0<\/figcaption>\n\t\t\t\t\t\t\t\t\t\t<\/figure>\n\t\t\t\t\t\t\t\t\t<\/div>\n\t\t\t\t<\/div>\n\t\t\t\t<div class=\"elementor-element elementor-element-708ac5b elementor-widget elementor-widget-image\" data-id=\"708ac5b\" data-element_type=\"widget\" data-e-type=\"widget\" data-widget_type=\"image.default\">\n\t\t\t\t<div class=\"elementor-widget-container\">\n\t\t\t\t\t\t\t\t\t\t\t\t<figure class=\"wp-caption\">\n\t\t\t\t\t\t\t\t\t\t<img loading=\"lazy\" decoding=\"async\" width=\"245\" height=\"276\" src=\"https:\/\/www.akuplastics.com\/wp-content\/uploads\/2025\/10\/image011-3.webp\" class=\"attachment-medium size-medium wp-image-27399\" alt=\"Rohrbogen mit Muffe Kunststoff-Formteil Rohrbogen\u00b0 60\u00b0\" \/>\t\t\t\t\t\t\t\t\t\t\t<figcaption class=\"widget-image-caption wp-caption-text\">Rohrbogen mit Muffe Kunststoff-Formteil Rohrbogen\u00b0 60\u00b0<\/figcaption>\n\t\t\t\t\t\t\t\t\t\t<\/figure>\n\t\t\t\t\t\t\t\t\t<\/div>\n\t\t\t\t<\/div>\n\t\t\t\t<div class=\"elementor-element elementor-element-37bc1fb elementor-widget elementor-widget-image\" data-id=\"37bc1fb\" data-element_type=\"widget\" data-e-type=\"widget\" data-widget_type=\"image.default\">\n\t\t\t\t<div class=\"elementor-widget-container\">\n\t\t\t\t\t\t\t\t\t\t\t\t<figure class=\"wp-caption\">\n\t\t\t\t\t\t\t\t\t\t<img loading=\"lazy\" decoding=\"async\" width=\"253\" height=\"251\" src=\"https:\/\/www.akuplastics.com\/wp-content\/uploads\/2025\/10\/image011-4.webp\" class=\"attachment-medium size-medium wp-image-27400\" alt=\"Rohrbogen mit Muffe Kunststoff-Formteil Rohrbogen\u00b0 45\u00b0\" srcset=\"https:\/\/www.akuplastics.com\/wp-content\/uploads\/2025\/10\/image011-4.webp 253w, https:\/\/www.akuplastics.com\/wp-content\/uploads\/2025\/10\/image011-4-150x150.webp 150w\" sizes=\"auto, (max-width: 253px) 100vw, 253px\" \/>\t\t\t\t\t\t\t\t\t\t\t<figcaption class=\"widget-image-caption wp-caption-text\">Rohrbogen mit Muffe Kunststoff-Formteil Rohrbogen\u00b0 45\u00b0<\/figcaption>\n\t\t\t\t\t\t\t\t\t\t<\/figure>\n\t\t\t\t\t\t\t\t\t<\/div>\n\t\t\t\t<\/div>\n\t\t\t\t<div class=\"elementor-element elementor-element-68a936b elementor-widget elementor-widget-image\" data-id=\"68a936b\" data-element_type=\"widget\" data-e-type=\"widget\" data-widget_type=\"image.default\">\n\t\t\t\t<div class=\"elementor-widget-container\">\n\t\t\t\t\t\t\t\t\t\t\t\t<figure class=\"wp-caption\">\n\t\t\t\t\t\t\t\t\t\t<img loading=\"lazy\" decoding=\"async\" width=\"251\" height=\"219\" src=\"https:\/\/www.akuplastics.com\/wp-content\/uploads\/2025\/10\/image011-5.webp\" class=\"attachment-medium size-medium wp-image-27401\" alt=\"Rohrbogen mit Muffe Kunststoff-Formteil Rohrbogen 30\u00b0\" \/>\t\t\t\t\t\t\t\t\t\t\t<figcaption class=\"widget-image-caption wp-caption-text\">Rohrbogen mit Muffe Kunststoff-Formteil Rohrbogen 30\u00b0 <\/figcaption>\n\t\t\t\t\t\t\t\t\t\t<\/figure>\n\t\t\t\t\t\t\t\t\t<\/div>\n\t\t\t\t<\/div>\n\t\t\t\t<div class=\"elementor-element elementor-element-ec07d2f elementor-widget elementor-widget-image\" data-id=\"ec07d2f\" data-element_type=\"widget\" data-e-type=\"widget\" data-widget_type=\"image.default\">\n\t\t\t\t<div class=\"elementor-widget-container\">\n\t\t\t\t\t\t\t\t\t\t\t\t<figure class=\"wp-caption\">\n\t\t\t\t\t\t\t\t\t\t<img loading=\"lazy\" decoding=\"async\" width=\"267\" height=\"190\" src=\"https:\/\/www.akuplastics.com\/wp-content\/uploads\/2025\/10\/image011-6.webp\" class=\"attachment-medium size-medium wp-image-27402\" alt=\"Rohrbogen mit Muffe Kunststoff-Formteil Rohrbogen 15\u00b0\" \/>\t\t\t\t\t\t\t\t\t\t\t<figcaption class=\"widget-image-caption wp-caption-text\">Rohrbogen mit Muffe Kunststoff-Formteil Rohrbogen 15\u00b0<\/figcaption>\n\t\t\t\t\t\t\t\t\t\t<\/figure>\n\t\t\t\t\t\t\t\t\t<\/div>\n\t\t\t\t<\/div>\n\t\t\t\t\t<\/div>\n\t\t<\/div>\n\t\t\t\t\t<\/div>\n\t\t<\/section>\n\t\t\t\t\t<\/div>\n\t\t<\/div>\n\t\t\t\t\t<\/div>\n\t\t<\/section>\n\t\t\t\t<\/div>\n\t\t","protected":false},"excerpt":{"rendered":"<p>Cs\u0151k\u00f6ny\u00f6k 90\u00b0 75\u00b0 60\u00b0 45\u00b0 30\u00b0 15\u00b0 PVC-U, PPs, PPs-EL, PP-H, PE-HD \u00e9s PVDF anyagb\u00f3l Tokos cs\u0151k\u00f6ny\u00f6k, kerek m\u0171anyag idom bels\u0151 \u00fctk\u00f6z\u0151vel, cs\u00f6vek hegeszt\u00e9si elj\u00e1r\u00e1ssal t\u00f6rt\u00e9n\u0151 \u00f6sszek\u00f6t\u00e9s\u00e9re elsz\u00edv\u00f3rendszerben. A tok bels\u0151 \u00e1tm\u00e9r\u0151je a DIN 8062 szabv\u00e1ny szerint. R=D. Gy\u00e1rt\u00e1si elj\u00e1r\u00e1s: \u00d8 50-400 mm fr\u00f6ccs\u00f6nt\u00e9s, \u00d8 450-600 mm szabadalmaztatott f\u00fav\u00e1sos form\u00e1z\u00e1s, \u00d8 700 mm-t\u0151l szegmenshegesztett. Lehets\u00e9ges [&hellip;]<\/p>\n","protected":false},"author":3,"featured_media":27311,"parent":0,"menu_order":0,"comment_status":"closed","ping_status":"closed","template":"","meta":{"iawp_total_views":2,"footnotes":""},"class_list":["post-27312","page","type-page","status-publish","has-post-thumbnail","hentry"],"yoast_head":"<!-- This site is optimized with the Yoast SEO Premium plugin v27.4 (Yoast SEO v27.4) - https:\/\/yoast.com\/product\/yoast-seo-premium-wordpress\/ -->\n<title>Szell\u0151z\u00e9s Cs\u0151k\u00f6ny\u00f6k PVC-U PPs PPs-EL PP-H PE-HD PVDF<\/title>\n<meta name=\"description\" content=\"Tokos cs\u0151k\u00f6ny\u00f6k, kerek m\u0171anyag idom bels\u0151 \u00fctk\u00f6z\u0151vel, cs\u00f6vek hegeszt\u00e9si elj\u00e1r\u00e1ssal t\u00f6rt\u00e9n\u0151 \u00f6sszek\u00f6t\u00e9s\u00e9re elsz\u00edv\u00f3rendszerben.\" \/>\n<meta name=\"robots\" content=\"index, follow, max-snippet:-1, max-image-preview:large, max-video-preview:-1\" \/>\n<link rel=\"canonical\" href=\"https:\/\/www.akuplastics.com\/hu\/szellozo-idomok-csokoenyoek\/\" \/>\n<script type=\"application\/ld+json\" class=\"yoast-schema-graph\">{\"@context\":\"https:\\\/\\\/schema.org\",\"@graph\":[{\"@type\":\"WebPage\",\"@id\":\"https:\\\/\\\/www.akuplastics.com\\\/hu\\\/szellozo-idomok-csokoenyoek\\\/\",\"url\":\"https:\\\/\\\/www.akuplastics.com\\\/hu\\\/szellozo-idomok-csokoenyoek\\\/\",\"name\":\"Szell\u0151z\u00e9s Cs\u0151k\u00f6ny\u00f6k PVC-U PPs PPs-EL PP-H PE-HD PVDF\",\"isPartOf\":{\"@id\":\"https:\\\/\\\/www.akuplastics.com\\\/hu\\\/#website\"},\"primaryImageOfPage\":{\"@id\":\"https:\\\/\\\/www.akuplastics.com\\\/hu\\\/szellozo-idomok-csokoenyoek\\\/#primaryimage\"},\"image\":{\"@id\":\"https:\\\/\\\/www.akuplastics.com\\\/hu\\\/szellozo-idomok-csokoenyoek\\\/#primaryimage\"},\"thumbnailUrl\":\"https:\\\/\\\/www.akuplastics.com\\\/wp-content\\\/uploads\\\/2025\\\/10\\\/image011.webp\",\"datePublished\":\"2025-10-21T12:28:03+00:00\",\"dateModified\":\"2025-10-21T13:38:42+00:00\",\"description\":\"Tokos cs\u0151k\u00f6ny\u00f6k, kerek m\u0171anyag idom bels\u0151 \u00fctk\u00f6z\u0151vel, cs\u00f6vek hegeszt\u00e9si elj\u00e1r\u00e1ssal t\u00f6rt\u00e9n\u0151 \u00f6sszek\u00f6t\u00e9s\u00e9re elsz\u00edv\u00f3rendszerben.\",\"breadcrumb\":{\"@id\":\"https:\\\/\\\/www.akuplastics.com\\\/hu\\\/szellozo-idomok-csokoenyoek\\\/#breadcrumb\"},\"inLanguage\":\"hu\",\"potentialAction\":[{\"@type\":\"ReadAction\",\"target\":[\"https:\\\/\\\/www.akuplastics.com\\\/hu\\\/szellozo-idomok-csokoenyoek\\\/\"]}]},{\"@type\":\"ImageObject\",\"inLanguage\":\"hu\",\"@id\":\"https:\\\/\\\/www.akuplastics.com\\\/hu\\\/szellozo-idomok-csokoenyoek\\\/#primaryimage\",\"url\":\"https:\\\/\\\/www.akuplastics.com\\\/wp-content\\\/uploads\\\/2025\\\/10\\\/image011.webp\",\"contentUrl\":\"https:\\\/\\\/www.akuplastics.com\\\/wp-content\\\/uploads\\\/2025\\\/10\\\/image011.webp\",\"width\":602,\"height\":814,\"caption\":\"Tokos m\u0171anyag cs\u0151k\u00f6ny\u00f6k 90\u00b0 75\u00b0 60\u00b0 45\u00b0 30\u00b0 15\u00b0\"},{\"@type\":\"BreadcrumbList\",\"@id\":\"https:\\\/\\\/www.akuplastics.com\\\/hu\\\/szellozo-idomok-csokoenyoek\\\/#breadcrumb\",\"itemListElement\":[{\"@type\":\"ListItem\",\"position\":1,\"name\":\"Kezd\u0151lap\",\"item\":\"https:\\\/\\\/www.akuplastics.com\\\/hu\\\/\"},{\"@type\":\"ListItem\",\"position\":2,\"name\":\"Szell\u0151z\u0151 idomok: cs\u0151k\u00f6ny\u00f6k\"}]},{\"@type\":\"WebSite\",\"@id\":\"https:\\\/\\\/www.akuplastics.com\\\/hu\\\/#website\",\"url\":\"https:\\\/\\\/www.akuplastics.com\\\/hu\\\/\",\"name\":\"Semi-Finished Products \u2013 Finished Parts \u2013 Ventilation Moulded Parts \u2013 Machines\",\"description\":\"Halbzeuge, Halbfabrikate, Kunststoffhalbzeuge, Kunststoffhalbfabrikate\",\"publisher\":{\"@id\":\"https:\\\/\\\/www.akuplastics.com\\\/hu\\\/#organization\"},\"alternateName\":\"AKUPLASTICS \u2013 Engineering in Plastics\",\"potentialAction\":[{\"@type\":\"SearchAction\",\"target\":{\"@type\":\"EntryPoint\",\"urlTemplate\":\"https:\\\/\\\/www.akuplastics.com\\\/hu\\\/?s={search_term_string}\"},\"query-input\":{\"@type\":\"PropertyValueSpecification\",\"valueRequired\":true,\"valueName\":\"search_term_string\"}}],\"inLanguage\":\"hu\"},{\"@type\":\"Organization\",\"@id\":\"https:\\\/\\\/www.akuplastics.com\\\/hu\\\/#organization\",\"name\":\"Ing. Christian Ahlborn e.U.\",\"alternateName\":\"AKU\",\"url\":\"https:\\\/\\\/www.akuplastics.com\\\/hu\\\/\",\"logo\":{\"@type\":\"ImageObject\",\"inLanguage\":\"hu\",\"@id\":\"https:\\\/\\\/www.akuplastics.com\\\/hu\\\/#\\\/schema\\\/logo\\\/image\\\/\",\"url\":\"https:\\\/\\\/www.akuplastics.com\\\/wp-content\\\/uploads\\\/2020\\\/07\\\/Grafik14-inkl-r.png\",\"contentUrl\":\"https:\\\/\\\/www.akuplastics.com\\\/wp-content\\\/uploads\\\/2020\\\/07\\\/Grafik14-inkl-r.png\",\"width\":1994,\"height\":743,\"caption\":\"Ing. Christian Ahlborn e.U.\"},\"image\":{\"@id\":\"https:\\\/\\\/www.akuplastics.com\\\/hu\\\/#\\\/schema\\\/logo\\\/image\\\/\"}}]}<\/script>\n<!-- \/ Yoast SEO Premium plugin. -->","yoast_head_json":{"title":"Szell\u0151z\u00e9s Cs\u0151k\u00f6ny\u00f6k PVC-U PPs PPs-EL PP-H PE-HD PVDF","description":"Tokos cs\u0151k\u00f6ny\u00f6k, kerek m\u0171anyag idom bels\u0151 \u00fctk\u00f6z\u0151vel, cs\u00f6vek hegeszt\u00e9si elj\u00e1r\u00e1ssal t\u00f6rt\u00e9n\u0151 \u00f6sszek\u00f6t\u00e9s\u00e9re elsz\u00edv\u00f3rendszerben.","robots":{"index":"index","follow":"follow","max-snippet":"max-snippet:-1","max-image-preview":"max-image-preview:large","max-video-preview":"max-video-preview:-1"},"canonical":"https:\/\/www.akuplastics.com\/hu\/szellozo-idomok-csokoenyoek\/","schema":{"@context":"https:\/\/schema.org","@graph":[{"@type":"WebPage","@id":"https:\/\/www.akuplastics.com\/hu\/szellozo-idomok-csokoenyoek\/","url":"https:\/\/www.akuplastics.com\/hu\/szellozo-idomok-csokoenyoek\/","name":"Szell\u0151z\u00e9s Cs\u0151k\u00f6ny\u00f6k PVC-U PPs PPs-EL PP-H PE-HD PVDF","isPartOf":{"@id":"https:\/\/www.akuplastics.com\/hu\/#website"},"primaryImageOfPage":{"@id":"https:\/\/www.akuplastics.com\/hu\/szellozo-idomok-csokoenyoek\/#primaryimage"},"image":{"@id":"https:\/\/www.akuplastics.com\/hu\/szellozo-idomok-csokoenyoek\/#primaryimage"},"thumbnailUrl":"https:\/\/www.akuplastics.com\/wp-content\/uploads\/2025\/10\/image011.webp","datePublished":"2025-10-21T12:28:03+00:00","dateModified":"2025-10-21T13:38:42+00:00","description":"Tokos cs\u0151k\u00f6ny\u00f6k, kerek m\u0171anyag idom bels\u0151 \u00fctk\u00f6z\u0151vel, cs\u00f6vek hegeszt\u00e9si elj\u00e1r\u00e1ssal t\u00f6rt\u00e9n\u0151 \u00f6sszek\u00f6t\u00e9s\u00e9re elsz\u00edv\u00f3rendszerben.","breadcrumb":{"@id":"https:\/\/www.akuplastics.com\/hu\/szellozo-idomok-csokoenyoek\/#breadcrumb"},"inLanguage":"hu","potentialAction":[{"@type":"ReadAction","target":["https:\/\/www.akuplastics.com\/hu\/szellozo-idomok-csokoenyoek\/"]}]},{"@type":"ImageObject","inLanguage":"hu","@id":"https:\/\/www.akuplastics.com\/hu\/szellozo-idomok-csokoenyoek\/#primaryimage","url":"https:\/\/www.akuplastics.com\/wp-content\/uploads\/2025\/10\/image011.webp","contentUrl":"https:\/\/www.akuplastics.com\/wp-content\/uploads\/2025\/10\/image011.webp","width":602,"height":814,"caption":"Tokos m\u0171anyag cs\u0151k\u00f6ny\u00f6k 90\u00b0 75\u00b0 60\u00b0 45\u00b0 30\u00b0 15\u00b0"},{"@type":"BreadcrumbList","@id":"https:\/\/www.akuplastics.com\/hu\/szellozo-idomok-csokoenyoek\/#breadcrumb","itemListElement":[{"@type":"ListItem","position":1,"name":"Kezd\u0151lap","item":"https:\/\/www.akuplastics.com\/hu\/"},{"@type":"ListItem","position":2,"name":"Szell\u0151z\u0151 idomok: cs\u0151k\u00f6ny\u00f6k"}]},{"@type":"WebSite","@id":"https:\/\/www.akuplastics.com\/hu\/#website","url":"https:\/\/www.akuplastics.com\/hu\/","name":"Semi-Finished Products \u2013 Finished Parts \u2013 Ventilation Moulded Parts \u2013 Machines","description":"Halbzeuge, Halbfabrikate, Kunststoffhalbzeuge, Kunststoffhalbfabrikate","publisher":{"@id":"https:\/\/www.akuplastics.com\/hu\/#organization"},"alternateName":"AKUPLASTICS \u2013 Engineering in Plastics","potentialAction":[{"@type":"SearchAction","target":{"@type":"EntryPoint","urlTemplate":"https:\/\/www.akuplastics.com\/hu\/?s={search_term_string}"},"query-input":{"@type":"PropertyValueSpecification","valueRequired":true,"valueName":"search_term_string"}}],"inLanguage":"hu"},{"@type":"Organization","@id":"https:\/\/www.akuplastics.com\/hu\/#organization","name":"Ing. Christian Ahlborn e.U.","alternateName":"AKU","url":"https:\/\/www.akuplastics.com\/hu\/","logo":{"@type":"ImageObject","inLanguage":"hu","@id":"https:\/\/www.akuplastics.com\/hu\/#\/schema\/logo\/image\/","url":"https:\/\/www.akuplastics.com\/wp-content\/uploads\/2020\/07\/Grafik14-inkl-r.png","contentUrl":"https:\/\/www.akuplastics.com\/wp-content\/uploads\/2020\/07\/Grafik14-inkl-r.png","width":1994,"height":743,"caption":"Ing. Christian Ahlborn e.U."},"image":{"@id":"https:\/\/www.akuplastics.com\/hu\/#\/schema\/logo\/image\/"}}]}},"_links":{"self":[{"href":"https:\/\/www.akuplastics.com\/hu\/wp-json\/wp\/v2\/pages\/27312","targetHints":{"allow":["GET"]}}],"collection":[{"href":"https:\/\/www.akuplastics.com\/hu\/wp-json\/wp\/v2\/pages"}],"about":[{"href":"https:\/\/www.akuplastics.com\/hu\/wp-json\/wp\/v2\/types\/page"}],"author":[{"embeddable":true,"href":"https:\/\/www.akuplastics.com\/hu\/wp-json\/wp\/v2\/users\/3"}],"replies":[{"embeddable":true,"href":"https:\/\/www.akuplastics.com\/hu\/wp-json\/wp\/v2\/comments?post=27312"}],"version-history":[{"count":3,"href":"https:\/\/www.akuplastics.com\/hu\/wp-json\/wp\/v2\/pages\/27312\/revisions"}],"predecessor-version":[{"id":27403,"href":"https:\/\/www.akuplastics.com\/hu\/wp-json\/wp\/v2\/pages\/27312\/revisions\/27403"}],"wp:featuredmedia":[{"embeddable":true,"href":"https:\/\/www.akuplastics.com\/hu\/wp-json\/wp\/v2\/media\/27311"}],"wp:attachment":[{"href":"https:\/\/www.akuplastics.com\/hu\/wp-json\/wp\/v2\/media?parent=27312"}],"curies":[{"name":"wp","href":"https:\/\/api.w.org\/{rel}","templated":true}]}}