{"id":27176,"date":"2025-09-08T11:43:35","date_gmt":"2025-09-08T09:43:35","guid":{"rendered":"https:\/\/www.akuplastics.com\/gepek-es-eszkoezoek\/szikratesztelo-keszuelek-pst-100\/"},"modified":"2025-09-11T09:02:43","modified_gmt":"2025-09-11T07:02:43","slug":"szikratesztelo-keszuelek-pst-100","status":"publish","type":"page","link":"https:\/\/www.akuplastics.com\/hu\/gepek-es-eszkoezoek\/szikratesztelo-keszuelek-pst-100\/","title":{"rendered":"Szikratesztel\u0151 k\u00e9sz\u00fcl\u00e9k PST 100"},"content":{"rendered":"\t\t<div data-elementor-type=\"wp-page\" data-elementor-id=\"27176\" class=\"elementor elementor-27176 elementor-27159\" data-elementor-post-type=\"page\">\n\t\t\t\t\t\t<section class=\"elementor-section elementor-top-section elementor-element elementor-element-707a9239 elementor-section-boxed elementor-section-height-default elementor-section-height-default\" data-id=\"707a9239\" data-element_type=\"section\" data-e-type=\"section\">\n\t\t\t\t\t\t<div class=\"elementor-container elementor-column-gap-default\">\n\t\t\t\t\t<div class=\"elementor-column elementor-col-100 elementor-top-column elementor-element elementor-element-6db969d7\" data-id=\"6db969d7\" data-element_type=\"column\" data-e-type=\"column\">\n\t\t\t<div class=\"elementor-widget-wrap elementor-element-populated\">\n\t\t\t\t\t\t<div class=\"elementor-element elementor-element-1694d4f0 elementor-widget elementor-widget-text-editor\" data-id=\"1694d4f0\" data-element_type=\"widget\" data-e-type=\"widget\" data-widget_type=\"text-editor.default\">\n\t\t\t\t<div class=\"elementor-widget-container\">\n\t\t\t\t\t\t\t\t\t<h1>Szikratesztel\u0151 k\u00e9sz\u00fcl\u00e9k PST 100 m\u0171anyagfeldolgoz\u00f3k sz\u00e1m\u00e1ra<\/h1>\t\t\t\t\t\t\t\t<\/div>\n\t\t\t\t<\/div>\n\t\t\t\t<section class=\"elementor-section elementor-inner-section elementor-element elementor-element-42189da3 elementor-section-boxed elementor-section-height-default elementor-section-height-default\" data-id=\"42189da3\" data-element_type=\"section\" data-e-type=\"section\">\n\t\t\t\t\t\t<div class=\"elementor-container elementor-column-gap-default\">\n\t\t\t\t\t<div class=\"elementor-column elementor-col-50 elementor-inner-column elementor-element elementor-element-7193794f\" data-id=\"7193794f\" data-element_type=\"column\" data-e-type=\"column\">\n\t\t\t<div class=\"elementor-widget-wrap elementor-element-populated\">\n\t\t\t\t\t\t<div class=\"elementor-element elementor-element-5616eb76 elementor-widget elementor-widget-text-editor\" data-id=\"5616eb76\" data-element_type=\"widget\" data-e-type=\"widget\" data-widget_type=\"text-editor.default\">\n\t\t\t\t<div class=\"elementor-widget-container\">\n\t\t\t\t\t\t\t\t\t<p>A PST 100 szikratesztel\u0151 lehet\u0151v\u00e9 teszi a <strong>bevonatok \u00e9s b\u00e9l\u00e9sek gyors \u00e9s gazdas\u00e1gos vizsg\u00e1lat\u00e1t<\/strong> <strong>3\u201330 mm-es vastags\u00e1gban.<\/strong><\/p><p> <\/p><p>A k\u00e9sz\u00fcl\u00e9k k\u00fcl\u00f6n\u00f6sen alkalmas a tompa- \u00e9s \u00e1tlapol\u00f3 hegeszt\u00e9si varratok ellen\u0151rz\u00e9s\u00e9re a m\u0171anyag- \u00e9s gumiiparban, petrolk\u00e9miai \u00fczemekben, valamint a cs\u0151vezet\u00e9k-\u00e9p\u00edt\u00e9sben.<\/p><p> <\/p><p>A sz\u00e1ll\u00edt\u00e1si terjedelem tartalmaz egy rugalmas vizsg\u00e1l\u00f3 szond\u00e1t. Speci\u00e1lis alkalmaz\u00e1sokhoz ezen fel\u00fcl szigetelt hosszabb\u00edt\u00f3 rudak \u00e9s elektr\u00f3d\u00e1k is sz\u00e1ll\u00edthat\u00f3k. <\/p><p>A stabil kimeneti fesz\u00fclts\u00e9g biztos\u00edt\u00e1sa \u00e9rdek\u00e9ben azonban ker\u00fclni kell a t\u00falm\u00e9retezett elektr\u00f3d\u00e1kat.<\/p><p> <\/p><p><strong>Minden nagyfrekvenci\u00e1s k\u00e9sz\u00fcl\u00e9khez 150 mm maxim\u00e1lis elektr\u00f3dahossz aj\u00e1nlott.<\/strong><\/p><p> <\/p><p>Egy opcion\u00e1lisan kaphat\u00f3 tartoz\u00e9kk\u00e9szlet tartalmaz egy kiv\u00e1l\u00f3 min\u0151s\u00e9g\u0171 sz\u00e1ll\u00edt\u00f3koffert, valamint megfelel\u0151 elektr\u00f3d\u00e1k v\u00e1laszt\u00e9k\u00e1t a PST szikratesztel\u0151vel val\u00f3 haszn\u00e1lathoz.<\/p><p> <\/p><p><strong>Alapk\u00e9szlet <\/strong><br>PST-100 k\u00e9sz\u00fcl\u00e9k, 230 V h\u00e1l\u00f3zati \u00fczem<br>Rugalmas szonda, 150 mm hossz\u00fas\u00e1g<br>Kezel\u00e9si \u00fatmutat\u00f3<br><br><strong>M\u0171szaki adatok<\/strong><br>Kimeneti fesz\u00fclts\u00e9g: 10 \u2013 55 kV<br>Kimeneti t\u00edpus: Impulzusgy\u0171r\u0171<br>Megfelel\u0151s\u00e9g: Teljesen CE-tan\u00fas\u00edtv\u00e1nnyal<br>H\u00e1l\u00f3zati fesz\u00fclts\u00e9g: 230 V AC, 50\/60 Hz (Ref.: T50)<br>S\u00faly (k\u00e9sz\u00fcl\u00e9k): 1,05 kg<br>M\u00e9retek (k\u00e9sz\u00fcl\u00e9k): 6 \u00d7 20 \u00d7 27 cm (Sz \u00d7 M \u00d7 H)<br>Sz\u00e1ll\u00edt\u00e1si s\u00faly (alapk\u00e9szlet): 1,4 kg<br>Csomagol\u00e1si m\u00e9retek: 41 \u00d7 36 \u00d7 14 cm<\/p>\t\t\t\t\t\t\t\t<\/div>\n\t\t\t\t<\/div>\n\t\t\t\t\t<\/div>\n\t\t<\/div>\n\t\t\t\t<div class=\"elementor-column elementor-col-50 elementor-inner-column elementor-element elementor-element-1cf13d0d\" data-id=\"1cf13d0d\" data-element_type=\"column\" data-e-type=\"column\">\n\t\t\t<div class=\"elementor-widget-wrap elementor-element-populated\">\n\t\t\t\t\t\t<div class=\"elementor-element elementor-element-069d661 elementor-widget elementor-widget-image\" data-id=\"069d661\" data-element_type=\"widget\" data-e-type=\"widget\" data-widget_type=\"image.default\">\n\t\t\t\t<div class=\"elementor-widget-container\">\n\t\t\t\t\t\t\t\t\t\t\t\t<figure class=\"wp-caption\">\n\t\t\t\t\t\t\t\t\t\t<img loading=\"lazy\" decoding=\"async\" width=\"300\" height=\"190\" src=\"https:\/\/www.akuplastics.com\/wp-content\/uploads\/2025\/09\/PST-100-Funkenpruefgeraet-Schweissnaht-300x190.webp\" class=\"attachment-medium size-medium wp-image-27193\" alt=\"PST 100 Funkenpr\u00fcfger\u00e4t Schwei\u00dfnaht\" srcset=\"https:\/\/www.akuplastics.com\/wp-content\/uploads\/2025\/09\/PST-100-Funkenpruefgeraet-Schweissnaht-300x190.webp 300w, https:\/\/www.akuplastics.com\/wp-content\/uploads\/2025\/09\/PST-100-Funkenpruefgeraet-Schweissnaht.webp 528w\" sizes=\"auto, (max-width: 300px) 100vw, 300px\" \/>\t\t\t\t\t\t\t\t\t\t\t<figcaption class=\"widget-image-caption wp-caption-text\">Szikratesztel\u0151 k\u00e9sz\u00fcl\u00e9k PST 100<\/figcaption>\n\t\t\t\t\t\t\t\t\t\t<\/figure>\n\t\t\t\t\t\t\t\t\t<\/div>\n\t\t\t\t<\/div>\n\t\t\t\t<div class=\"elementor-element elementor-element-671f914 elementor-widget elementor-widget-image\" data-id=\"671f914\" data-element_type=\"widget\" data-e-type=\"widget\" data-widget_type=\"image.default\">\n\t\t\t\t<div class=\"elementor-widget-container\">\n\t\t\t\t\t\t\t\t\t\t\t\t<figure class=\"wp-caption\">\n\t\t\t\t\t\t\t\t\t\t<img loading=\"lazy\" decoding=\"async\" width=\"221\" height=\"300\" src=\"https:\/\/www.akuplastics.com\/wp-content\/uploads\/2025\/09\/PST-100-Funkenpruefgeraet-Set-1-1-221x300.webp\" class=\"attachment-medium size-medium wp-image-27214\" alt=\"PST-100 szikr\u00e1ztat\u00f3 vizsg\u00e1l\u00f3 k\u00e9szlet\" srcset=\"https:\/\/www.akuplastics.com\/wp-content\/uploads\/2025\/09\/PST-100-Funkenpruefgeraet-Set-1-1-221x300.webp 221w, https:\/\/www.akuplastics.com\/wp-content\/uploads\/2025\/09\/PST-100-Funkenpruefgeraet-Set-1-1.webp 396w\" sizes=\"auto, (max-width: 221px) 100vw, 221px\" \/>\t\t\t\t\t\t\t\t\t\t\t<figcaption class=\"widget-image-caption wp-caption-text\">Szikratesztel\u0151 k\u00e9sz\u00fcl\u00e9k PST 100<\/figcaption>\n\t\t\t\t\t\t\t\t\t\t<\/figure>\n\t\t\t\t\t\t\t\t\t<\/div>\n\t\t\t\t<\/div>\n\t\t\t\t\t<\/div>\n\t\t<\/div>\n\t\t\t\t\t<\/div>\n\t\t<\/section>\n\t\t\t\t\t<\/div>\n\t\t<\/div>\n\t\t\t\t\t<\/div>\n\t\t<\/section>\n\t\t\t\t<\/div>\n\t\t","protected":false},"excerpt":{"rendered":"<p>Szikratesztel\u0151 k\u00e9sz\u00fcl\u00e9k PST 100 m\u0171anyagfeldolgoz\u00f3k sz\u00e1m\u00e1ra A PST 100 szikratesztel\u0151 lehet\u0151v\u00e9 teszi a bevonatok \u00e9s b\u00e9l\u00e9sek gyors \u00e9s gazdas\u00e1gos vizsg\u00e1lat\u00e1t 3\u201330 mm-es vastags\u00e1gban. A k\u00e9sz\u00fcl\u00e9k k\u00fcl\u00f6n\u00f6sen alkalmas a tompa- \u00e9s \u00e1tlapol\u00f3 hegeszt\u00e9si varratok ellen\u0151rz\u00e9s\u00e9re a m\u0171anyag- \u00e9s gumiiparban, petrolk\u00e9miai \u00fczemekben, valamint a cs\u0151vezet\u00e9k-\u00e9p\u00edt\u00e9sben. A sz\u00e1ll\u00edt\u00e1si terjedelem tartalmaz egy rugalmas vizsg\u00e1l\u00f3 szond\u00e1t. Speci\u00e1lis alkalmaz\u00e1sokhoz ezen fel\u00fcl [&hellip;]<\/p>\n","protected":false},"author":3,"featured_media":27193,"parent":9403,"menu_order":1,"comment_status":"closed","ping_status":"closed","template":"elementor_header_footer","meta":{"iawp_total_views":3,"footnotes":""},"class_list":["post-27176","page","type-page","status-publish","has-post-thumbnail","hentry"],"yoast_head":"<!-- This site is optimized with the Yoast SEO Premium plugin v27.4 (Yoast SEO v27.4) - https:\/\/yoast.com\/product\/yoast-seo-premium-wordpress\/ -->\n<title>Szikratesztel\u0151 k\u00e9sz\u00fcl\u00e9k, hegeszt\u00e9si varratok, DVS, m\u0171anyag feldolgoz\u00f3k<\/title>\n<meta name=\"description\" content=\"Professzion\u00e1lis szikratesztel\u0151 PST 100 3\u201330 mm-es bevonatokhoz. K\u00f6nny\u0171, kompakt, CE-tan\u00fas\u00edtv\u00e1nnyal. Rugalmas szond\u00e1val \u00e9s opcion\u00e1lis tartoz\u00e9kokkal.\" \/>\n<meta name=\"robots\" content=\"index, follow, max-snippet:-1, max-image-preview:large, max-video-preview:-1\" \/>\n<link rel=\"canonical\" href=\"https:\/\/www.akuplastics.com\/hu\/gepek-es-eszkoezoek\/szikratesztelo-keszuelek-pst-100\/\" \/>\n<script type=\"application\/ld+json\" class=\"yoast-schema-graph\">{\"@context\":\"https:\\\/\\\/schema.org\",\"@graph\":[{\"@type\":\"WebPage\",\"@id\":\"https:\\\/\\\/www.akuplastics.com\\\/hu\\\/gepek-es-eszkoezoek\\\/szikratesztelo-keszuelek-pst-100\\\/\",\"url\":\"https:\\\/\\\/www.akuplastics.com\\\/hu\\\/gepek-es-eszkoezoek\\\/szikratesztelo-keszuelek-pst-100\\\/\",\"name\":\"Szikratesztel\u0151 k\u00e9sz\u00fcl\u00e9k, hegeszt\u00e9si varratok, DVS, m\u0171anyag feldolgoz\u00f3k\",\"isPartOf\":{\"@id\":\"https:\\\/\\\/www.akuplastics.com\\\/hu\\\/#website\"},\"primaryImageOfPage\":{\"@id\":\"https:\\\/\\\/www.akuplastics.com\\\/hu\\\/gepek-es-eszkoezoek\\\/szikratesztelo-keszuelek-pst-100\\\/#primaryimage\"},\"image\":{\"@id\":\"https:\\\/\\\/www.akuplastics.com\\\/hu\\\/gepek-es-eszkoezoek\\\/szikratesztelo-keszuelek-pst-100\\\/#primaryimage\"},\"thumbnailUrl\":\"https:\\\/\\\/www.akuplastics.com\\\/wp-content\\\/uploads\\\/2025\\\/09\\\/PST-100-Funkenpruefgeraet-Schweissnaht.webp\",\"datePublished\":\"2025-09-08T09:43:35+00:00\",\"dateModified\":\"2025-09-11T07:02:43+00:00\",\"description\":\"Professzion\u00e1lis szikratesztel\u0151 PST 100 3\u201330 mm-es bevonatokhoz. K\u00f6nny\u0171, kompakt, CE-tan\u00fas\u00edtv\u00e1nnyal. Rugalmas szond\u00e1val \u00e9s opcion\u00e1lis tartoz\u00e9kokkal.\",\"breadcrumb\":{\"@id\":\"https:\\\/\\\/www.akuplastics.com\\\/hu\\\/gepek-es-eszkoezoek\\\/szikratesztelo-keszuelek-pst-100\\\/#breadcrumb\"},\"inLanguage\":\"hu\",\"potentialAction\":[{\"@type\":\"ReadAction\",\"target\":[\"https:\\\/\\\/www.akuplastics.com\\\/hu\\\/gepek-es-eszkoezoek\\\/szikratesztelo-keszuelek-pst-100\\\/\"]}]},{\"@type\":\"ImageObject\",\"inLanguage\":\"hu\",\"@id\":\"https:\\\/\\\/www.akuplastics.com\\\/hu\\\/gepek-es-eszkoezoek\\\/szikratesztelo-keszuelek-pst-100\\\/#primaryimage\",\"url\":\"https:\\\/\\\/www.akuplastics.com\\\/wp-content\\\/uploads\\\/2025\\\/09\\\/PST-100-Funkenpruefgeraet-Schweissnaht.webp\",\"contentUrl\":\"https:\\\/\\\/www.akuplastics.com\\\/wp-content\\\/uploads\\\/2025\\\/09\\\/PST-100-Funkenpruefgeraet-Schweissnaht.webp\",\"width\":528,\"height\":335,\"caption\":\"PST 100 Funkenpr\u00fcfger\u00e4t Schwei\u00dfnaht\"},{\"@type\":\"BreadcrumbList\",\"@id\":\"https:\\\/\\\/www.akuplastics.com\\\/hu\\\/gepek-es-eszkoezoek\\\/szikratesztelo-keszuelek-pst-100\\\/#breadcrumb\",\"itemListElement\":[{\"@type\":\"ListItem\",\"position\":1,\"name\":\"Kezd\u0151lap\",\"item\":\"https:\\\/\\\/www.akuplastics.com\\\/hu\\\/\"},{\"@type\":\"ListItem\",\"position\":2,\"name\":\"G\u00e9pek \u00e9s eszk\u00f6z\u00f6k\",\"item\":\"https:\\\/\\\/www.akuplastics.com\\\/hu\\\/gepek-es-eszkoezoek\\\/\"},{\"@type\":\"ListItem\",\"position\":3,\"name\":\"Szikratesztel\u0151 k\u00e9sz\u00fcl\u00e9k PST 100\"}]},{\"@type\":\"WebSite\",\"@id\":\"https:\\\/\\\/www.akuplastics.com\\\/hu\\\/#website\",\"url\":\"https:\\\/\\\/www.akuplastics.com\\\/hu\\\/\",\"name\":\"Semi-Finished Products \u2013 Finished Parts \u2013 Ventilation Moulded Parts \u2013 Machines\",\"description\":\"Halbzeuge, Halbfabrikate, Kunststoffhalbzeuge, Kunststoffhalbfabrikate\",\"publisher\":{\"@id\":\"https:\\\/\\\/www.akuplastics.com\\\/hu\\\/#organization\"},\"alternateName\":\"AKUPLASTICS \u2013 Engineering in Plastics\",\"potentialAction\":[{\"@type\":\"SearchAction\",\"target\":{\"@type\":\"EntryPoint\",\"urlTemplate\":\"https:\\\/\\\/www.akuplastics.com\\\/hu\\\/?s={search_term_string}\"},\"query-input\":{\"@type\":\"PropertyValueSpecification\",\"valueRequired\":true,\"valueName\":\"search_term_string\"}}],\"inLanguage\":\"hu\"},{\"@type\":\"Organization\",\"@id\":\"https:\\\/\\\/www.akuplastics.com\\\/hu\\\/#organization\",\"name\":\"Ing. Christian Ahlborn e.U.\",\"alternateName\":\"AKU\",\"url\":\"https:\\\/\\\/www.akuplastics.com\\\/hu\\\/\",\"logo\":{\"@type\":\"ImageObject\",\"inLanguage\":\"hu\",\"@id\":\"https:\\\/\\\/www.akuplastics.com\\\/hu\\\/#\\\/schema\\\/logo\\\/image\\\/\",\"url\":\"https:\\\/\\\/www.akuplastics.com\\\/wp-content\\\/uploads\\\/2020\\\/07\\\/Grafik14-inkl-r.png\",\"contentUrl\":\"https:\\\/\\\/www.akuplastics.com\\\/wp-content\\\/uploads\\\/2020\\\/07\\\/Grafik14-inkl-r.png\",\"width\":1994,\"height\":743,\"caption\":\"Ing. Christian Ahlborn e.U.\"},\"image\":{\"@id\":\"https:\\\/\\\/www.akuplastics.com\\\/hu\\\/#\\\/schema\\\/logo\\\/image\\\/\"}}]}<\/script>\n<!-- \/ Yoast SEO Premium plugin. -->","yoast_head_json":{"title":"Szikratesztel\u0151 k\u00e9sz\u00fcl\u00e9k, hegeszt\u00e9si varratok, DVS, m\u0171anyag feldolgoz\u00f3k","description":"Professzion\u00e1lis szikratesztel\u0151 PST 100 3\u201330 mm-es bevonatokhoz. K\u00f6nny\u0171, kompakt, CE-tan\u00fas\u00edtv\u00e1nnyal. Rugalmas szond\u00e1val \u00e9s opcion\u00e1lis tartoz\u00e9kokkal.","robots":{"index":"index","follow":"follow","max-snippet":"max-snippet:-1","max-image-preview":"max-image-preview:large","max-video-preview":"max-video-preview:-1"},"canonical":"https:\/\/www.akuplastics.com\/hu\/gepek-es-eszkoezoek\/szikratesztelo-keszuelek-pst-100\/","schema":{"@context":"https:\/\/schema.org","@graph":[{"@type":"WebPage","@id":"https:\/\/www.akuplastics.com\/hu\/gepek-es-eszkoezoek\/szikratesztelo-keszuelek-pst-100\/","url":"https:\/\/www.akuplastics.com\/hu\/gepek-es-eszkoezoek\/szikratesztelo-keszuelek-pst-100\/","name":"Szikratesztel\u0151 k\u00e9sz\u00fcl\u00e9k, hegeszt\u00e9si varratok, DVS, m\u0171anyag feldolgoz\u00f3k","isPartOf":{"@id":"https:\/\/www.akuplastics.com\/hu\/#website"},"primaryImageOfPage":{"@id":"https:\/\/www.akuplastics.com\/hu\/gepek-es-eszkoezoek\/szikratesztelo-keszuelek-pst-100\/#primaryimage"},"image":{"@id":"https:\/\/www.akuplastics.com\/hu\/gepek-es-eszkoezoek\/szikratesztelo-keszuelek-pst-100\/#primaryimage"},"thumbnailUrl":"https:\/\/www.akuplastics.com\/wp-content\/uploads\/2025\/09\/PST-100-Funkenpruefgeraet-Schweissnaht.webp","datePublished":"2025-09-08T09:43:35+00:00","dateModified":"2025-09-11T07:02:43+00:00","description":"Professzion\u00e1lis szikratesztel\u0151 PST 100 3\u201330 mm-es bevonatokhoz. K\u00f6nny\u0171, kompakt, CE-tan\u00fas\u00edtv\u00e1nnyal. Rugalmas szond\u00e1val \u00e9s opcion\u00e1lis tartoz\u00e9kokkal.","breadcrumb":{"@id":"https:\/\/www.akuplastics.com\/hu\/gepek-es-eszkoezoek\/szikratesztelo-keszuelek-pst-100\/#breadcrumb"},"inLanguage":"hu","potentialAction":[{"@type":"ReadAction","target":["https:\/\/www.akuplastics.com\/hu\/gepek-es-eszkoezoek\/szikratesztelo-keszuelek-pst-100\/"]}]},{"@type":"ImageObject","inLanguage":"hu","@id":"https:\/\/www.akuplastics.com\/hu\/gepek-es-eszkoezoek\/szikratesztelo-keszuelek-pst-100\/#primaryimage","url":"https:\/\/www.akuplastics.com\/wp-content\/uploads\/2025\/09\/PST-100-Funkenpruefgeraet-Schweissnaht.webp","contentUrl":"https:\/\/www.akuplastics.com\/wp-content\/uploads\/2025\/09\/PST-100-Funkenpruefgeraet-Schweissnaht.webp","width":528,"height":335,"caption":"PST 100 Funkenpr\u00fcfger\u00e4t Schwei\u00dfnaht"},{"@type":"BreadcrumbList","@id":"https:\/\/www.akuplastics.com\/hu\/gepek-es-eszkoezoek\/szikratesztelo-keszuelek-pst-100\/#breadcrumb","itemListElement":[{"@type":"ListItem","position":1,"name":"Kezd\u0151lap","item":"https:\/\/www.akuplastics.com\/hu\/"},{"@type":"ListItem","position":2,"name":"G\u00e9pek \u00e9s eszk\u00f6z\u00f6k","item":"https:\/\/www.akuplastics.com\/hu\/gepek-es-eszkoezoek\/"},{"@type":"ListItem","position":3,"name":"Szikratesztel\u0151 k\u00e9sz\u00fcl\u00e9k PST 100"}]},{"@type":"WebSite","@id":"https:\/\/www.akuplastics.com\/hu\/#website","url":"https:\/\/www.akuplastics.com\/hu\/","name":"Semi-Finished Products \u2013 Finished Parts \u2013 Ventilation Moulded Parts \u2013 Machines","description":"Halbzeuge, Halbfabrikate, Kunststoffhalbzeuge, Kunststoffhalbfabrikate","publisher":{"@id":"https:\/\/www.akuplastics.com\/hu\/#organization"},"alternateName":"AKUPLASTICS \u2013 Engineering in Plastics","potentialAction":[{"@type":"SearchAction","target":{"@type":"EntryPoint","urlTemplate":"https:\/\/www.akuplastics.com\/hu\/?s={search_term_string}"},"query-input":{"@type":"PropertyValueSpecification","valueRequired":true,"valueName":"search_term_string"}}],"inLanguage":"hu"},{"@type":"Organization","@id":"https:\/\/www.akuplastics.com\/hu\/#organization","name":"Ing. Christian Ahlborn e.U.","alternateName":"AKU","url":"https:\/\/www.akuplastics.com\/hu\/","logo":{"@type":"ImageObject","inLanguage":"hu","@id":"https:\/\/www.akuplastics.com\/hu\/#\/schema\/logo\/image\/","url":"https:\/\/www.akuplastics.com\/wp-content\/uploads\/2020\/07\/Grafik14-inkl-r.png","contentUrl":"https:\/\/www.akuplastics.com\/wp-content\/uploads\/2020\/07\/Grafik14-inkl-r.png","width":1994,"height":743,"caption":"Ing. Christian Ahlborn e.U."},"image":{"@id":"https:\/\/www.akuplastics.com\/hu\/#\/schema\/logo\/image\/"}}]}},"_links":{"self":[{"href":"https:\/\/www.akuplastics.com\/hu\/wp-json\/wp\/v2\/pages\/27176","targetHints":{"allow":["GET"]}}],"collection":[{"href":"https:\/\/www.akuplastics.com\/hu\/wp-json\/wp\/v2\/pages"}],"about":[{"href":"https:\/\/www.akuplastics.com\/hu\/wp-json\/wp\/v2\/types\/page"}],"author":[{"embeddable":true,"href":"https:\/\/www.akuplastics.com\/hu\/wp-json\/wp\/v2\/users\/3"}],"replies":[{"embeddable":true,"href":"https:\/\/www.akuplastics.com\/hu\/wp-json\/wp\/v2\/comments?post=27176"}],"version-history":[{"count":5,"href":"https:\/\/www.akuplastics.com\/hu\/wp-json\/wp\/v2\/pages\/27176\/revisions"}],"predecessor-version":[{"id":27222,"href":"https:\/\/www.akuplastics.com\/hu\/wp-json\/wp\/v2\/pages\/27176\/revisions\/27222"}],"up":[{"embeddable":true,"href":"https:\/\/www.akuplastics.com\/hu\/wp-json\/wp\/v2\/pages\/9403"}],"wp:featuredmedia":[{"embeddable":true,"href":"https:\/\/www.akuplastics.com\/hu\/wp-json\/wp\/v2\/media\/27193"}],"wp:attachment":[{"href":"https:\/\/www.akuplastics.com\/hu\/wp-json\/wp\/v2\/media?parent=27176"}],"curies":[{"name":"wp","href":"https:\/\/api.w.org\/{rel}","templated":true}]}}