{"id":26393,"date":"2025-02-19T10:22:47","date_gmt":"2025-02-19T09:22:47","guid":{"rendered":"https:\/\/www.akuplastics.com\/felhasznaloi-keszletek-forro-gazhegeszteshez\/"},"modified":"2025-02-19T10:57:36","modified_gmt":"2025-02-19T09:57:36","slug":"felhasznaloi-keszletek-forro-gazhegeszteshez","status":"publish","type":"page","link":"https:\/\/www.akuplastics.com\/hu\/felhasznaloi-keszletek-forro-gazhegeszteshez\/","title":{"rendered":"Felhaszn\u00e1l\u00f3i k\u00e9szletek forr\u00f3 g\u00e1zhegeszt\u00e9shez"},"content":{"rendered":"\t\t<div data-elementor-type=\"wp-page\" data-elementor-id=\"26393\" class=\"elementor elementor-26393 elementor-26345\" data-elementor-post-type=\"page\">\n\t\t\t\t\t\t<section class=\"elementor-section elementor-top-section elementor-element elementor-element-fe87f82 elementor-section-boxed elementor-section-height-default elementor-section-height-default\" data-id=\"fe87f82\" data-element_type=\"section\" data-e-type=\"section\">\n\t\t\t\t\t\t<div class=\"elementor-container elementor-column-gap-default\">\n\t\t\t\t\t<div class=\"elementor-column elementor-col-100 elementor-top-column elementor-element elementor-element-9d73eaf\" data-id=\"9d73eaf\" data-element_type=\"column\" data-e-type=\"column\">\n\t\t\t<div class=\"elementor-widget-wrap elementor-element-populated\">\n\t\t\t\t\t\t<div class=\"elementor-element elementor-element-b2e6bbb elementor-widget elementor-widget-text-editor\" data-id=\"b2e6bbb\" data-element_type=\"widget\" data-e-type=\"widget\" data-widget_type=\"text-editor.default\">\n\t\t\t\t<div class=\"elementor-widget-container\">\n\t\t\t\t\t\t\t\t\t<h1>Speci\u00e1lis felhaszn\u00e1l\u00f3i k\u00e9szletek ponyvagy\u00e1rt\u00f3k, tet\u0151fed\u0151k, t\u00f3\u00e9p\u00edt\u0151k, aut\u00f3k\u00e1rpitosok vagy m\u0171szaki text\u00edli\u00e1k feldolgoz\u00f3i sz\u00e1m\u00e1ra.<\/h1>\t\t\t\t\t\t\t\t<\/div>\n\t\t\t\t<\/div>\n\t\t\t\t<section class=\"elementor-section elementor-inner-section elementor-element elementor-element-801269c elementor-section-boxed elementor-section-height-default elementor-section-height-default\" data-id=\"801269c\" data-element_type=\"section\" data-e-type=\"section\">\n\t\t\t\t\t\t<div class=\"elementor-container elementor-column-gap-default\">\n\t\t\t\t\t<div class=\"elementor-column elementor-col-50 elementor-inner-column elementor-element elementor-element-a7a0317\" data-id=\"a7a0317\" data-element_type=\"column\" data-e-type=\"column\">\n\t\t\t<div class=\"elementor-widget-wrap elementor-element-populated\">\n\t\t\t\t\t\t<div class=\"elementor-element elementor-element-036b7b5 elementor-widget__width-initial elementor-widget elementor-widget-text-editor\" data-id=\"036b7b5\" data-element_type=\"widget\" data-e-type=\"widget\" data-widget_type=\"text-editor.default\">\n\t\t\t\t<div class=\"elementor-widget-container\">\n\t\t\t\t\t\t\t\t\t<h5><strong>A k\u00fcl\u00f6nb\u00f6z\u0151 alkalmaz\u00e1sokhoz k\u00e9zi hegeszt\u0151g\u00e9pekb\u0151l, forr\u00f3g\u00e1zos hegeszt\u0151g\u00e9pekb\u0151l \u00e9s a hozz\u00e1juk tartoz\u00f3 tartoz\u00e9kokb\u00f3l \u00e1ll\u00f3 professzion\u00e1lis felhaszn\u00e1l\u00f3i k\u00e9szleteket \u00e1ll\u00edtottunk \u00f6ssze.<\/strong><\/h5><p><br \/><strong>OVALSET1 <\/strong><\/p><p>Univerz\u00e1lis k\u00e9szlet ponyvagy\u00e1rt\u00f3k, rekl\u00e1mbanner- \u00e9s s\u00e1torgy\u00e1rt\u00f3k, aut\u00f3k\u00e1rpitosok \u00e9s m\u00e1sok sz\u00e1m\u00e1ra a sokoldal\u00fa Oval-Q k\u00e9zi hegeszt\u0151vel.<\/p><p><br \/><strong>OVALSET2 <\/strong><\/p><p>Tet\u0151fed\u0151 k\u00e9szlet tet\u0151fed\u0151k sz\u00e1m\u00e1ra, alkalmas bitumenes, lapos \u00e9s ferde tet\u0151h\u00e9jazatok hegeszt\u00e9s\u00e9re.<\/p><p><br \/><strong>OVALSET3 <\/strong><\/p><p>\u00dasz\u00f3medencek\u00e9szlet medenc\u00e9k, tavak v\u00edzszigetel\u00e9s\u00e9hez, valamint akvakult\u00far\u00e1k \u00e9p\u00edt\u00e9s\u00e9hez \u00e9s jav\u00edt\u00e1s\u00e1hoz.<\/p><p>\u00a0<\/p><p><strong>OVALSET4<\/strong><\/p><p>Padl\u00f3k\u00e9szlet professzion\u00e1lis padl\u00f3fektet\u00e9shez \u00e9s padl\u00f3\u00e9p\u00edt\u00e9shez.<\/p><p>\u00a0<\/p><p><strong>PLANSET1<\/strong><\/p><p>Ponyvagy\u00e1rt\u00f3k, transzparensgy\u00e1rt\u00f3k \u00e9s aut\u00f3k\u00e1rpitosok sz\u00e1m\u00e1ra k\u00e9sz\u00fclt k\u00e9szlet, ide\u00e1lis ponyv\u00e1k \u00e9s s\u00e1trak feldolgoz\u00e1s\u00e1hoz.<\/p><p><br \/><strong>PLANSET2 <\/strong><\/p><p>PVC ponyvak\u00e9szlet, kifejezetten aut\u00f3k\u00e1rpitosok \u00e9s ponyvagy\u00e1rt\u00f3k sz\u00e1m\u00e1ra, s\u00e1trak \u00e9s ponyv\u00e1k hegeszt\u00e9s\u00e9hez.<\/p><p>\u00a0<\/p><p><strong>PLANSET3<\/strong><\/p><p>Nagy teljes\u00edtm\u00e9ny\u0171, 2200 W-os Oval-H forr\u00f3leveg\u0151 egys\u00e9ggel ell\u00e1tott feldolgoz\u00f3 k\u00e9szlet, amely alkalmas m\u0171szaki text\u00edli\u00e1k, p\u00e9ld\u00e1ul t\u00f3f\u00f3li\u00e1k, hullad\u00e9klerak\u00f3 b\u00e9l\u00e9sek \u00e9s geotext\u00edli\u00e1k feldolgoz\u00e1s\u00e1ra.<\/p><h5>\u00a0<\/h5><h5><span style=\"font-size: 16px;\">A k\u00e9szletek a k\u00f6vetkez\u0151k <\/span><strong style=\"font-size: 16px;\" data-start=\"708\" data-end=\"737\">N\u00e9metorsz\u00e1gban gy\u00e1rtj\u00e1k<\/strong><\/h5>\t\t\t\t\t\t\t\t<\/div>\n\t\t\t\t<\/div>\n\t\t\t\t\t<\/div>\n\t\t<\/div>\n\t\t\t\t<div class=\"elementor-column elementor-col-50 elementor-inner-column elementor-element elementor-element-ce2cebd\" data-id=\"ce2cebd\" data-element_type=\"column\" data-e-type=\"column\">\n\t\t\t<div class=\"elementor-widget-wrap elementor-element-populated\">\n\t\t\t\t\t\t<div class=\"elementor-element elementor-element-e76a073 elementor-invisible elementor-widget elementor-widget-image\" data-id=\"e76a073\" data-element_type=\"widget\" data-e-type=\"widget\" data-settings=\"{&quot;_animation&quot;:&quot;fadeInDown&quot;}\" data-widget_type=\"image.default\">\n\t\t\t\t<div class=\"elementor-widget-container\">\n\t\t\t\t\t\t\t\t\t\t\t\t<figure class=\"wp-caption\">\n\t\t\t\t\t\t\t\t\t\t<img loading=\"lazy\" decoding=\"async\" width=\"300\" height=\"200\" src=\"https:\/\/www.akuplastics.com\/wp-content\/uploads\/2025\/02\/OVALSET1-Planen-Tarpaulin-Klein-300x200.webp\" class=\"attachment-medium size-medium wp-image-26354\" alt=\"OVALSET1  Planen-Set mit dem Universal-Handschweissger\u00e4t Oval-Q f\u00fcr Planenhersteller, Hersteller von Werbebannern und Zelten, Autosattler\" srcset=\"https:\/\/www.akuplastics.com\/wp-content\/uploads\/2025\/02\/OVALSET1-Planen-Tarpaulin-Klein-300x200.webp 300w, https:\/\/www.akuplastics.com\/wp-content\/uploads\/2025\/02\/OVALSET1-Planen-Tarpaulin-Klein.webp 720w\" sizes=\"auto, (max-width: 300px) 100vw, 300px\" \/>\t\t\t\t\t\t\t\t\t\t\t<figcaption class=\"widget-image-caption wp-caption-text\">OVALSET1 ponyvak\u00e9szlet az Oval-Q univerz\u00e1lis k\u00e9zi hegeszt\u0151vel ponyvagy\u00e1rt\u00f3k, rekl\u00e1mszalagok \u00e9s s\u00e1trak gy\u00e1rt\u00f3i, aut\u00f3k\u00e1rpitosok sz\u00e1m\u00e1ra.<\/figcaption>\n\t\t\t\t\t\t\t\t\t\t<\/figure>\n\t\t\t\t\t\t\t\t\t<\/div>\n\t\t\t\t<\/div>\n\t\t\t\t<div class=\"elementor-element elementor-element-42b34e0 elementor-invisible elementor-widget elementor-widget-image\" data-id=\"42b34e0\" data-element_type=\"widget\" data-e-type=\"widget\" data-settings=\"{&quot;_animation&quot;:&quot;fadeInUp&quot;}\" data-widget_type=\"image.default\">\n\t\t\t\t<div class=\"elementor-widget-container\">\n\t\t\t\t\t\t\t\t\t\t\t\t<figure class=\"wp-caption\">\n\t\t\t\t\t\t\t\t\t\t<img loading=\"lazy\" decoding=\"async\" width=\"300\" height=\"200\" src=\"https:\/\/www.akuplastics.com\/wp-content\/uploads\/2025\/02\/OVALSET2-Dach-Roof-Klein-300x200.webp\" class=\"attachment-medium size-medium wp-image-26357\" alt=\"\" srcset=\"https:\/\/www.akuplastics.com\/wp-content\/uploads\/2025\/02\/OVALSET2-Dach-Roof-Klein-300x200.webp 300w, https:\/\/www.akuplastics.com\/wp-content\/uploads\/2025\/02\/OVALSET2-Dach-Roof-Klein.webp 720w\" sizes=\"auto, (max-width: 300px) 100vw, 300px\" \/>\t\t\t\t\t\t\t\t\t\t\t<figcaption class=\"widget-image-caption wp-caption-text\">OVALSET2 tet\u0151fed\u0151 k\u00e9szlet tet\u0151fed\u0151k sz\u00e1m\u00e1ra, bitumenes, lapos \u00e9s ferde tet\u0151h\u00e9jazat hegeszt\u00e9s\u00e9hez<\/figcaption>\n\t\t\t\t\t\t\t\t\t\t<\/figure>\n\t\t\t\t\t\t\t\t\t<\/div>\n\t\t\t\t<\/div>\n\t\t\t\t<div class=\"elementor-element elementor-element-515979d elementor-invisible elementor-widget elementor-widget-image\" data-id=\"515979d\" data-element_type=\"widget\" data-e-type=\"widget\" data-settings=\"{&quot;_animation&quot;:&quot;fadeInLeft&quot;}\" data-widget_type=\"image.default\">\n\t\t\t\t<div class=\"elementor-widget-container\">\n\t\t\t\t\t\t\t\t\t\t\t\t<figure class=\"wp-caption\">\n\t\t\t\t\t\t\t\t\t\t<img loading=\"lazy\" decoding=\"async\" width=\"300\" height=\"200\" src=\"https:\/\/www.akuplastics.com\/wp-content\/uploads\/2025\/02\/OVALSET3-Schwimmbad-Pool-Klein-300x200.webp\" class=\"attachment-medium size-medium wp-image-26360\" alt=\"\" srcset=\"https:\/\/www.akuplastics.com\/wp-content\/uploads\/2025\/02\/OVALSET3-Schwimmbad-Pool-Klein-300x200.webp 300w, https:\/\/www.akuplastics.com\/wp-content\/uploads\/2025\/02\/OVALSET3-Schwimmbad-Pool-Klein.webp 720w\" sizes=\"auto, (max-width: 300px) 100vw, 300px\" \/>\t\t\t\t\t\t\t\t\t\t\t<figcaption class=\"widget-image-caption wp-caption-text\">OVALSET3 \u00fasz\u00f3medence szett medence v\u00edzszigetel\u00e9shez, t\u00f3 v\u00edzszigetel\u00e9shez \u00e9s akvakult\u00fara \u00e9p\u00edt\u00e9shez \u00e9s jav\u00edt\u00e1shoz<\/figcaption>\n\t\t\t\t\t\t\t\t\t\t<\/figure>\n\t\t\t\t\t\t\t\t\t<\/div>\n\t\t\t\t<\/div>\n\t\t\t\t<div class=\"elementor-element elementor-element-8bf616a elementor-invisible elementor-widget elementor-widget-image\" data-id=\"8bf616a\" data-element_type=\"widget\" data-e-type=\"widget\" data-settings=\"{&quot;_animation&quot;:&quot;fadeInLeft&quot;}\" data-widget_type=\"image.default\">\n\t\t\t\t<div class=\"elementor-widget-container\">\n\t\t\t\t\t\t\t\t\t\t\t\t<figure class=\"wp-caption\">\n\t\t\t\t\t\t\t\t\t\t<img loading=\"lazy\" decoding=\"async\" width=\"300\" height=\"200\" src=\"https:\/\/www.akuplastics.com\/wp-content\/uploads\/2025\/02\/OVALSET4-Boden-Floor-Klein-300x200.webp\" class=\"attachment-medium size-medium wp-image-26363\" alt=\"\" srcset=\"https:\/\/www.akuplastics.com\/wp-content\/uploads\/2025\/02\/OVALSET4-Boden-Floor-Klein-300x200.webp 300w, https:\/\/www.akuplastics.com\/wp-content\/uploads\/2025\/02\/OVALSET4-Boden-Floor-Klein.webp 720w\" sizes=\"auto, (max-width: 300px) 100vw, 300px\" \/>\t\t\t\t\t\t\t\t\t\t\t<figcaption class=\"widget-image-caption wp-caption-text\">OVALSET4 padl\u00f3szett padl\u00f3fektet\u00e9shez \u00e9s padl\u00f3\u00e9p\u00edt\u00e9shez<\/figcaption>\n\t\t\t\t\t\t\t\t\t\t<\/figure>\n\t\t\t\t\t\t\t\t\t<\/div>\n\t\t\t\t<\/div>\n\t\t\t\t<div class=\"elementor-element elementor-element-af8f9ee elementor-invisible elementor-widget elementor-widget-image\" data-id=\"af8f9ee\" data-element_type=\"widget\" data-e-type=\"widget\" data-settings=\"{&quot;_animation&quot;:&quot;fadeInLeft&quot;}\" data-widget_type=\"image.default\">\n\t\t\t\t<div class=\"elementor-widget-container\">\n\t\t\t\t\t\t\t\t\t\t\t\t<figure class=\"wp-caption\">\n\t\t\t\t\t\t\t\t\t\t<img loading=\"lazy\" decoding=\"async\" width=\"300\" height=\"200\" src=\"https:\/\/www.akuplastics.com\/wp-content\/uploads\/2025\/02\/PLANSET1-Klein-300x200.webp\" class=\"attachment-medium size-medium wp-image-26366\" alt=\"\" srcset=\"https:\/\/www.akuplastics.com\/wp-content\/uploads\/2025\/02\/PLANSET1-Klein-300x200.webp 300w, https:\/\/www.akuplastics.com\/wp-content\/uploads\/2025\/02\/PLANSET1-Klein.webp 720w\" sizes=\"auto, (max-width: 300px) 100vw, 300px\" \/>\t\t\t\t\t\t\t\t\t\t\t<figcaption class=\"widget-image-caption wp-caption-text\">PLANSET1 ponyvak\u00e9szlet ponyvagy\u00e1rt\u00f3k, rekl\u00e1mszalagok \u00e9s s\u00e1trak gy\u00e1rt\u00f3i, aut\u00f3k\u00e1rpitosok \u00e9s m\u00e1sok sz\u00e1m\u00e1ra<\/figcaption>\n\t\t\t\t\t\t\t\t\t\t<\/figure>\n\t\t\t\t\t\t\t\t\t<\/div>\n\t\t\t\t<\/div>\n\t\t\t\t<div class=\"elementor-element elementor-element-095db7a elementor-invisible elementor-widget elementor-widget-image\" data-id=\"095db7a\" data-element_type=\"widget\" data-e-type=\"widget\" data-settings=\"{&quot;_animation&quot;:&quot;fadeInLeft&quot;}\" data-widget_type=\"image.default\">\n\t\t\t\t<div class=\"elementor-widget-container\">\n\t\t\t\t\t\t\t\t\t\t\t\t<figure class=\"wp-caption\">\n\t\t\t\t\t\t\t\t\t\t<img loading=\"lazy\" decoding=\"async\" width=\"300\" height=\"200\" src=\"https:\/\/www.akuplastics.com\/wp-content\/uploads\/2025\/02\/PLANSET2-Klein-300x200.webp\" class=\"attachment-medium size-medium wp-image-26348\" alt=\"\" srcset=\"https:\/\/www.akuplastics.com\/wp-content\/uploads\/2025\/02\/PLANSET2-Klein-300x200.webp 300w, https:\/\/www.akuplastics.com\/wp-content\/uploads\/2025\/02\/PLANSET2-Klein.webp 720w\" sizes=\"auto, (max-width: 300px) 100vw, 300px\" \/>\t\t\t\t\t\t\t\t\t\t\t<figcaption class=\"widget-image-caption wp-caption-text\">PLANSET2 PVC ponyva k\u00e9szlet aut\u00f3k\u00e1rpitosoknak, ponyvagy\u00e1rt\u00f3knak \u00e9s hegeszt\u0151s\u00e1trakhoz<\/figcaption>\n\t\t\t\t\t\t\t\t\t\t<\/figure>\n\t\t\t\t\t\t\t\t\t<\/div>\n\t\t\t\t<\/div>\n\t\t\t\t<div class=\"elementor-element elementor-element-cdf6944 elementor-invisible elementor-widget elementor-widget-image\" data-id=\"cdf6944\" data-element_type=\"widget\" data-e-type=\"widget\" data-settings=\"{&quot;_animation&quot;:&quot;fadeInLeft&quot;}\" data-widget_type=\"image.default\">\n\t\t\t\t<div class=\"elementor-widget-container\">\n\t\t\t\t\t\t\t\t\t\t\t\t<figure class=\"wp-caption\">\n\t\t\t\t\t\t\t\t\t\t<img loading=\"lazy\" decoding=\"async\" width=\"300\" height=\"200\" src=\"https:\/\/www.akuplastics.com\/wp-content\/uploads\/2025\/02\/PLANSET3-Klein-300x200.webp\" class=\"attachment-medium size-medium wp-image-26351\" alt=\"\" srcset=\"https:\/\/www.akuplastics.com\/wp-content\/uploads\/2025\/02\/PLANSET3-Klein-300x200.webp 300w, https:\/\/www.akuplastics.com\/wp-content\/uploads\/2025\/02\/PLANSET3-Klein.webp 720w\" sizes=\"auto, (max-width: 300px) 100vw, 300px\" \/>\t\t\t\t\t\t\t\t\t\t\t<figcaption class=\"widget-image-caption wp-caption-text\">PLANSET3 feldolgoz\u00f3 k\u00e9szlet a nagy teljes\u00edtm\u00e9ny\u0171 2200 W-os Oval-H forr\u00f3leveg\u0151 egys\u00e9ggel m\u0171szaki text\u00edli\u00e1khoz, p\u00e9ld\u00e1ul t\u00f3- \u00e9s hullad\u00e9klerak\u00f3 b\u00e9l\u00e9sekhez, valamint geotext\u00edli\u00e1khoz.<\/figcaption>\n\t\t\t\t\t\t\t\t\t\t<\/figure>\n\t\t\t\t\t\t\t\t\t<\/div>\n\t\t\t\t<\/div>\n\t\t\t\t<div class=\"elementor-element elementor-element-c82ff2e elementor-widget elementor-widget-video\" data-id=\"c82ff2e\" data-element_type=\"widget\" data-e-type=\"widget\" data-settings=\"{&quot;video_type&quot;:&quot;hosted&quot;,&quot;controls&quot;:&quot;yes&quot;}\" data-widget_type=\"video.default\">\n\t\t\t\t<div class=\"elementor-widget-container\">\n\t\t\t\t\t\t\t<div class=\"e-hosted-video elementor-wrapper elementor-open-inline\">\n\t\t\t\t\t<video class=\"elementor-video\" src=\"https:\/\/www.akuplastics.com\/wp-content\/uploads\/2025\/02\/AKU-Forsthoff-Hot-Air-Welding-Gun-Mini-Electronic.webm\" controls=\"\" preload=\"metadata\" controlsList=\"nodownload\" poster=\"https:\/\/www.akuplastics.com\/wp-content\/uploads\/2025\/02\/Anwendung-Quick-L-electronic-Klein.webp\"><\/video>\n\t\t\t\t<\/div>\n\t\t\t\t\t\t<\/div>\n\t\t\t\t<\/div>\n\t\t\t\t\t<\/div>\n\t\t<\/div>\n\t\t\t\t\t<\/div>\n\t\t<\/section>\n\t\t\t\t\t<\/div>\n\t\t<\/div>\n\t\t\t\t\t<\/div>\n\t\t<\/section>\n\t\t\t\t<\/div>\n\t\t","protected":false},"excerpt":{"rendered":"<p>Speci\u00e1lis felhaszn\u00e1l\u00f3i k\u00e9szletek ponyvagy\u00e1rt\u00f3k, tet\u0151fed\u0151k, t\u00f3\u00e9p\u00edt\u0151k, aut\u00f3k\u00e1rpitosok vagy m\u0171szaki text\u00edli\u00e1k feldolgoz\u00f3i sz\u00e1m\u00e1ra. A k\u00fcl\u00f6nb\u00f6z\u0151 alkalmaz\u00e1sokhoz k\u00e9zi hegeszt\u0151g\u00e9pekb\u0151l, forr\u00f3g\u00e1zos hegeszt\u0151g\u00e9pekb\u0151l \u00e9s a hozz\u00e1juk tartoz\u00f3 tartoz\u00e9kokb\u00f3l \u00e1ll\u00f3 professzion\u00e1lis felhaszn\u00e1l\u00f3i k\u00e9szleteket \u00e1ll\u00edtottunk \u00f6ssze. OVALSET1 Univerz\u00e1lis k\u00e9szlet ponyvagy\u00e1rt\u00f3k, rekl\u00e1mbanner- \u00e9s s\u00e1torgy\u00e1rt\u00f3k, aut\u00f3k\u00e1rpitosok \u00e9s m\u00e1sok sz\u00e1m\u00e1ra a sokoldal\u00fa Oval-Q k\u00e9zi hegeszt\u0151vel. OVALSET2 Tet\u0151fed\u0151 k\u00e9szlet tet\u0151fed\u0151k sz\u00e1m\u00e1ra, alkalmas bitumenes, lapos \u00e9s [&hellip;]<\/p>\n","protected":false},"author":3,"featured_media":26366,"parent":0,"menu_order":1,"comment_status":"closed","ping_status":"closed","template":"","meta":{"iawp_total_views":1,"footnotes":""},"class_list":["post-26393","page","type-page","status-publish","has-post-thumbnail","hentry"],"yoast_head":"<!-- This site is optimized with the Yoast SEO Premium plugin v27.4 (Yoast SEO v27.5) - https:\/\/yoast.com\/product\/yoast-seo-premium-wordpress\/ -->\n<title>Hegeszt\u0151berendez\u00e9sek Hegeszt\u0151berendez\u00e9sek tartoz\u00e9kai Ipari berendez\u00e9sek<\/title>\n<meta name=\"description\" content=\"A k\u00fcl\u00f6nb\u00f6z\u0151 alkalmaz\u00e1sokhoz professzion\u00e1lis k\u00e9zi hegeszt\u0151g\u00e9pek, forr\u00f3 g\u00e1zhegeszt\u0151k \u00e9s a hozz\u00e1juk tartoz\u00f3 tartoz\u00e9kok k\u00e9szleteit \u00e1ll\u00edtottuk \u00f6ssze.\" \/>\n<meta name=\"robots\" content=\"index, follow, max-snippet:-1, max-image-preview:large, max-video-preview:-1\" \/>\n<link rel=\"canonical\" href=\"https:\/\/www.akuplastics.com\/hu\/felhasznaloi-keszletek-forro-gazhegeszteshez\/\" \/>\n<script type=\"application\/ld+json\" class=\"yoast-schema-graph\">{\"@context\":\"https:\\\/\\\/schema.org\",\"@graph\":[{\"@type\":\"WebPage\",\"@id\":\"https:\\\/\\\/www.akuplastics.com\\\/hu\\\/felhasznaloi-keszletek-forro-gazhegeszteshez\\\/\",\"url\":\"https:\\\/\\\/www.akuplastics.com\\\/hu\\\/felhasznaloi-keszletek-forro-gazhegeszteshez\\\/\",\"name\":\"Hegeszt\u0151berendez\u00e9sek Hegeszt\u0151berendez\u00e9sek tartoz\u00e9kai Ipari berendez\u00e9sek\",\"isPartOf\":{\"@id\":\"https:\\\/\\\/www.akuplastics.com\\\/hu\\\/#website\"},\"primaryImageOfPage\":{\"@id\":\"https:\\\/\\\/www.akuplastics.com\\\/hu\\\/felhasznaloi-keszletek-forro-gazhegeszteshez\\\/#primaryimage\"},\"image\":{\"@id\":\"https:\\\/\\\/www.akuplastics.com\\\/hu\\\/felhasznaloi-keszletek-forro-gazhegeszteshez\\\/#primaryimage\"},\"thumbnailUrl\":\"https:\\\/\\\/www.akuplastics.com\\\/wp-content\\\/uploads\\\/2025\\\/02\\\/PLANSET1-Klein.webp\",\"datePublished\":\"2025-02-19T09:22:47+00:00\",\"dateModified\":\"2025-02-19T09:57:36+00:00\",\"description\":\"A k\u00fcl\u00f6nb\u00f6z\u0151 alkalmaz\u00e1sokhoz professzion\u00e1lis k\u00e9zi hegeszt\u0151g\u00e9pek, forr\u00f3 g\u00e1zhegeszt\u0151k \u00e9s a hozz\u00e1juk tartoz\u00f3 tartoz\u00e9kok k\u00e9szleteit \u00e1ll\u00edtottuk \u00f6ssze.\",\"breadcrumb\":{\"@id\":\"https:\\\/\\\/www.akuplastics.com\\\/hu\\\/felhasznaloi-keszletek-forro-gazhegeszteshez\\\/#breadcrumb\"},\"inLanguage\":\"hu\",\"potentialAction\":[{\"@type\":\"ReadAction\",\"target\":[\"https:\\\/\\\/www.akuplastics.com\\\/hu\\\/felhasznaloi-keszletek-forro-gazhegeszteshez\\\/\"]}]},{\"@type\":\"ImageObject\",\"inLanguage\":\"hu\",\"@id\":\"https:\\\/\\\/www.akuplastics.com\\\/hu\\\/felhasznaloi-keszletek-forro-gazhegeszteshez\\\/#primaryimage\",\"url\":\"https:\\\/\\\/www.akuplastics.com\\\/wp-content\\\/uploads\\\/2025\\\/02\\\/PLANSET1-Klein.webp\",\"contentUrl\":\"https:\\\/\\\/www.akuplastics.com\\\/wp-content\\\/uploads\\\/2025\\\/02\\\/PLANSET1-Klein.webp\",\"width\":720,\"height\":480},{\"@type\":\"BreadcrumbList\",\"@id\":\"https:\\\/\\\/www.akuplastics.com\\\/hu\\\/felhasznaloi-keszletek-forro-gazhegeszteshez\\\/#breadcrumb\",\"itemListElement\":[{\"@type\":\"ListItem\",\"position\":1,\"name\":\"Kezd\u0151lap\",\"item\":\"https:\\\/\\\/www.akuplastics.com\\\/hu\\\/\"},{\"@type\":\"ListItem\",\"position\":2,\"name\":\"Felhaszn\u00e1l\u00f3i k\u00e9szletek forr\u00f3 g\u00e1zhegeszt\u00e9shez\"}]},{\"@type\":\"WebSite\",\"@id\":\"https:\\\/\\\/www.akuplastics.com\\\/hu\\\/#website\",\"url\":\"https:\\\/\\\/www.akuplastics.com\\\/hu\\\/\",\"name\":\"Semi-Finished Products \u2013 Finished Parts \u2013 Ventilation Moulded Parts \u2013 Machines\",\"description\":\"Halbzeuge, Halbfabrikate, Kunststoffhalbzeuge, Kunststoffhalbfabrikate\",\"publisher\":{\"@id\":\"https:\\\/\\\/www.akuplastics.com\\\/hu\\\/#organization\"},\"alternateName\":\"AKUPLASTICS \u2013 Engineering in Plastics\",\"potentialAction\":[{\"@type\":\"SearchAction\",\"target\":{\"@type\":\"EntryPoint\",\"urlTemplate\":\"https:\\\/\\\/www.akuplastics.com\\\/hu\\\/?s={search_term_string}\"},\"query-input\":{\"@type\":\"PropertyValueSpecification\",\"valueRequired\":true,\"valueName\":\"search_term_string\"}}],\"inLanguage\":\"hu\"},{\"@type\":\"Organization\",\"@id\":\"https:\\\/\\\/www.akuplastics.com\\\/hu\\\/#organization\",\"name\":\"Ing. Christian Ahlborn e.U.\",\"alternateName\":\"AKU\",\"url\":\"https:\\\/\\\/www.akuplastics.com\\\/hu\\\/\",\"logo\":{\"@type\":\"ImageObject\",\"inLanguage\":\"hu\",\"@id\":\"https:\\\/\\\/www.akuplastics.com\\\/hu\\\/#\\\/schema\\\/logo\\\/image\\\/\",\"url\":\"https:\\\/\\\/www.akuplastics.com\\\/wp-content\\\/uploads\\\/2020\\\/07\\\/Grafik14-inkl-r.png\",\"contentUrl\":\"https:\\\/\\\/www.akuplastics.com\\\/wp-content\\\/uploads\\\/2020\\\/07\\\/Grafik14-inkl-r.png\",\"width\":1994,\"height\":743,\"caption\":\"Ing. Christian Ahlborn e.U.\"},\"image\":{\"@id\":\"https:\\\/\\\/www.akuplastics.com\\\/hu\\\/#\\\/schema\\\/logo\\\/image\\\/\"}}]}<\/script>\n<!-- \/ Yoast SEO Premium plugin. -->","yoast_head_json":{"title":"Hegeszt\u0151berendez\u00e9sek Hegeszt\u0151berendez\u00e9sek tartoz\u00e9kai Ipari berendez\u00e9sek","description":"A k\u00fcl\u00f6nb\u00f6z\u0151 alkalmaz\u00e1sokhoz professzion\u00e1lis k\u00e9zi hegeszt\u0151g\u00e9pek, forr\u00f3 g\u00e1zhegeszt\u0151k \u00e9s a hozz\u00e1juk tartoz\u00f3 tartoz\u00e9kok k\u00e9szleteit \u00e1ll\u00edtottuk \u00f6ssze.","robots":{"index":"index","follow":"follow","max-snippet":"max-snippet:-1","max-image-preview":"max-image-preview:large","max-video-preview":"max-video-preview:-1"},"canonical":"https:\/\/www.akuplastics.com\/hu\/felhasznaloi-keszletek-forro-gazhegeszteshez\/","schema":{"@context":"https:\/\/schema.org","@graph":[{"@type":"WebPage","@id":"https:\/\/www.akuplastics.com\/hu\/felhasznaloi-keszletek-forro-gazhegeszteshez\/","url":"https:\/\/www.akuplastics.com\/hu\/felhasznaloi-keszletek-forro-gazhegeszteshez\/","name":"Hegeszt\u0151berendez\u00e9sek Hegeszt\u0151berendez\u00e9sek tartoz\u00e9kai Ipari berendez\u00e9sek","isPartOf":{"@id":"https:\/\/www.akuplastics.com\/hu\/#website"},"primaryImageOfPage":{"@id":"https:\/\/www.akuplastics.com\/hu\/felhasznaloi-keszletek-forro-gazhegeszteshez\/#primaryimage"},"image":{"@id":"https:\/\/www.akuplastics.com\/hu\/felhasznaloi-keszletek-forro-gazhegeszteshez\/#primaryimage"},"thumbnailUrl":"https:\/\/www.akuplastics.com\/wp-content\/uploads\/2025\/02\/PLANSET1-Klein.webp","datePublished":"2025-02-19T09:22:47+00:00","dateModified":"2025-02-19T09:57:36+00:00","description":"A k\u00fcl\u00f6nb\u00f6z\u0151 alkalmaz\u00e1sokhoz professzion\u00e1lis k\u00e9zi hegeszt\u0151g\u00e9pek, forr\u00f3 g\u00e1zhegeszt\u0151k \u00e9s a hozz\u00e1juk tartoz\u00f3 tartoz\u00e9kok k\u00e9szleteit \u00e1ll\u00edtottuk \u00f6ssze.","breadcrumb":{"@id":"https:\/\/www.akuplastics.com\/hu\/felhasznaloi-keszletek-forro-gazhegeszteshez\/#breadcrumb"},"inLanguage":"hu","potentialAction":[{"@type":"ReadAction","target":["https:\/\/www.akuplastics.com\/hu\/felhasznaloi-keszletek-forro-gazhegeszteshez\/"]}]},{"@type":"ImageObject","inLanguage":"hu","@id":"https:\/\/www.akuplastics.com\/hu\/felhasznaloi-keszletek-forro-gazhegeszteshez\/#primaryimage","url":"https:\/\/www.akuplastics.com\/wp-content\/uploads\/2025\/02\/PLANSET1-Klein.webp","contentUrl":"https:\/\/www.akuplastics.com\/wp-content\/uploads\/2025\/02\/PLANSET1-Klein.webp","width":720,"height":480},{"@type":"BreadcrumbList","@id":"https:\/\/www.akuplastics.com\/hu\/felhasznaloi-keszletek-forro-gazhegeszteshez\/#breadcrumb","itemListElement":[{"@type":"ListItem","position":1,"name":"Kezd\u0151lap","item":"https:\/\/www.akuplastics.com\/hu\/"},{"@type":"ListItem","position":2,"name":"Felhaszn\u00e1l\u00f3i k\u00e9szletek forr\u00f3 g\u00e1zhegeszt\u00e9shez"}]},{"@type":"WebSite","@id":"https:\/\/www.akuplastics.com\/hu\/#website","url":"https:\/\/www.akuplastics.com\/hu\/","name":"Semi-Finished Products \u2013 Finished Parts \u2013 Ventilation Moulded Parts \u2013 Machines","description":"Halbzeuge, Halbfabrikate, Kunststoffhalbzeuge, Kunststoffhalbfabrikate","publisher":{"@id":"https:\/\/www.akuplastics.com\/hu\/#organization"},"alternateName":"AKUPLASTICS \u2013 Engineering in Plastics","potentialAction":[{"@type":"SearchAction","target":{"@type":"EntryPoint","urlTemplate":"https:\/\/www.akuplastics.com\/hu\/?s={search_term_string}"},"query-input":{"@type":"PropertyValueSpecification","valueRequired":true,"valueName":"search_term_string"}}],"inLanguage":"hu"},{"@type":"Organization","@id":"https:\/\/www.akuplastics.com\/hu\/#organization","name":"Ing. Christian Ahlborn e.U.","alternateName":"AKU","url":"https:\/\/www.akuplastics.com\/hu\/","logo":{"@type":"ImageObject","inLanguage":"hu","@id":"https:\/\/www.akuplastics.com\/hu\/#\/schema\/logo\/image\/","url":"https:\/\/www.akuplastics.com\/wp-content\/uploads\/2020\/07\/Grafik14-inkl-r.png","contentUrl":"https:\/\/www.akuplastics.com\/wp-content\/uploads\/2020\/07\/Grafik14-inkl-r.png","width":1994,"height":743,"caption":"Ing. Christian Ahlborn e.U."},"image":{"@id":"https:\/\/www.akuplastics.com\/hu\/#\/schema\/logo\/image\/"}}]}},"_links":{"self":[{"href":"https:\/\/www.akuplastics.com\/hu\/wp-json\/wp\/v2\/pages\/26393","targetHints":{"allow":["GET"]}}],"collection":[{"href":"https:\/\/www.akuplastics.com\/hu\/wp-json\/wp\/v2\/pages"}],"about":[{"href":"https:\/\/www.akuplastics.com\/hu\/wp-json\/wp\/v2\/types\/page"}],"author":[{"embeddable":true,"href":"https:\/\/www.akuplastics.com\/hu\/wp-json\/wp\/v2\/users\/3"}],"replies":[{"embeddable":true,"href":"https:\/\/www.akuplastics.com\/hu\/wp-json\/wp\/v2\/comments?post=26393"}],"version-history":[{"count":5,"href":"https:\/\/www.akuplastics.com\/hu\/wp-json\/wp\/v2\/pages\/26393\/revisions"}],"predecessor-version":[{"id":26447,"href":"https:\/\/www.akuplastics.com\/hu\/wp-json\/wp\/v2\/pages\/26393\/revisions\/26447"}],"wp:featuredmedia":[{"embeddable":true,"href":"https:\/\/www.akuplastics.com\/hu\/wp-json\/wp\/v2\/media\/26366"}],"wp:attachment":[{"href":"https:\/\/www.akuplastics.com\/hu\/wp-json\/wp\/v2\/media?parent=26393"}],"curies":[{"name":"wp","href":"https:\/\/api.w.org\/{rel}","templated":true}]}}