{"id":26333,"date":"2025-02-19T09:54:13","date_gmt":"2025-02-19T08:54:13","guid":{"rendered":"https:\/\/www.akuplastics.com\/quick-l-elektronikus\/"},"modified":"2025-02-19T10:40:17","modified_gmt":"2025-02-19T09:40:17","slug":"quick-l-elektronikus","status":"publish","type":"page","link":"https:\/\/www.akuplastics.com\/hu\/quick-l-elektronikus\/","title":{"rendered":"Quick-L elektronikus potenciom\u00e9ter"},"content":{"rendered":"\t\t<div data-elementor-type=\"wp-page\" data-elementor-id=\"26333\" class=\"elementor elementor-26333 elementor-26297\" data-elementor-post-type=\"page\">\n\t\t\t\t\t\t<section class=\"elementor-section elementor-top-section elementor-element elementor-element-fe87f82 elementor-section-boxed elementor-section-height-default elementor-section-height-default\" data-id=\"fe87f82\" data-element_type=\"section\" data-e-type=\"section\">\n\t\t\t\t\t\t<div class=\"elementor-container elementor-column-gap-default\">\n\t\t\t\t\t<div class=\"elementor-column elementor-col-100 elementor-top-column elementor-element elementor-element-9d73eaf\" data-id=\"9d73eaf\" data-element_type=\"column\" data-e-type=\"column\">\n\t\t\t<div class=\"elementor-widget-wrap elementor-element-populated\">\n\t\t\t\t\t\t<div class=\"elementor-element elementor-element-b2e6bbb elementor-widget elementor-widget-text-editor\" data-id=\"b2e6bbb\" data-element_type=\"widget\" data-e-type=\"widget\" data-widget_type=\"text-editor.default\">\n\t\t\t\t<div class=\"elementor-widget-container\">\n\t\t\t\t\t\t\t\t\t<h1>Quick-L elektronikus k\u00e9zi hegeszt\u0151g\u00e9p s\u00fcllyesztett potenciom\u00e9terrel \u00e9s kieg\u00e9sz\u00edt\u0151 hidegfokozattal &#8211; ide\u00e1lis speci\u00e1lis g\u00e9pgy\u00e1rt\u00e1sban val\u00f3 haszn\u00e1latra.<\/h1>\t\t\t\t\t\t\t\t<\/div>\n\t\t\t\t<\/div>\n\t\t\t\t<section class=\"elementor-section elementor-inner-section elementor-element elementor-element-801269c elementor-section-boxed elementor-section-height-default elementor-section-height-default\" data-id=\"801269c\" data-element_type=\"section\" data-e-type=\"section\">\n\t\t\t\t\t\t<div class=\"elementor-container elementor-column-gap-default\">\n\t\t\t\t\t<div class=\"elementor-column elementor-col-50 elementor-inner-column elementor-element elementor-element-a7a0317\" data-id=\"a7a0317\" data-element_type=\"column\" data-e-type=\"column\">\n\t\t\t<div class=\"elementor-widget-wrap elementor-element-populated\">\n\t\t\t\t\t\t<div class=\"elementor-element elementor-element-036b7b5 elementor-widget__width-initial elementor-widget elementor-widget-text-editor\" data-id=\"036b7b5\" data-element_type=\"widget\" data-e-type=\"widget\" data-widget_type=\"text-editor.default\">\n\t\t\t\t<div class=\"elementor-widget-container\">\n\t\t\t\t\t\t\t\t\t<h5><strong>Quick-L-elektronikus melegleveg\u0151s k\u00e9sz\u00fcl\u00e9k s\u00fcllyesztett potenciom\u00e9terrel<\/strong><\/h5><p data-start=\"0\" data-end=\"585\"> <\/p><p data-start=\"0\" data-end=\"585\">A j\u00f3l ismert Quick-L elektronikus melegg\u00e1zhegeszt\u0151 k\u00e9sz\u00fcl\u00e9k speci\u00e1lis v\u00e1ltozatban a k\u00e9sz\u00fcl\u00e9kgy\u00e1rt\u00e1shoz, a kont\u00e9ner\u00e9p\u00edt\u00e9shez \u00e9s a speci\u00e1lis g\u00e9pgy\u00e1rt\u00e1shoz k\u00fcl\u00f6n\u00f6sen felhaszn\u00e1l\u00f3bar\u00e1t kezel\u00e9st k\u00edn\u00e1l.<\/p><p data-start=\"0\" data-end=\"585\"> <\/p><p data-start=\"0\" data-end=\"585\"><strong>Forg\u00f3gomb helyett egy s\u00fcllyesztett potenciom\u00e9terrel rendelkezik, amely egy csavarh\u00faz\u00f3val k\u00f6nnyen be\u00e1ll\u00edthat\u00f3. Ez azt jelenti, hogy a k\u00e9sz\u00fcl\u00e9k k\u00f6nnyen haszn\u00e1lhat\u00f3 extruderekn\u00e9l, jigekn\u00e9l \u00e9s g\u00e9pekn\u00e9l an\u00e9lk\u00fcl, hogy a f\u0171t\u00e9si el\u0151v\u00e1laszt\u00e1st meg kellene v\u00e1ltoztatni. <\/strong><\/p><p data-start=\"0\" data-end=\"585\"> <\/p><p data-start=\"0\" data-end=\"585\">A k\u00e9sz\u00fcl\u00e9k hideg be\u00e1ll\u00edt\u00e1st is k\u00edn\u00e1l, amely a f\u0171t\u00e9si el\u0151v\u00e1laszt\u00e1s megv\u00e1ltoztat\u00e1sa n\u00e9lk\u00fcl is aktiv\u00e1lhat\u00f3.<\/p><p data-start=\"0\" data-end=\"585\"> <\/p><p data-start=\"587\" data-end=\"1119\" data-is-last-node=\"\">1500 W-os teljes\u00edtm\u00e9ny\u00e9vel \u00e9s a k\u00fcl\u00f6nb\u00f6z\u0151 csatlakoztathat\u00f3 f\u00fav\u00f3k\u00e1k haszn\u00e1lat\u00e1nak lehet\u0151s\u00e9g\u00e9vel rugalmass\u00e1got \u00e9s hat\u00e9konys\u00e1got k\u00edn\u00e1l.<\/p><p data-start=\"587\" data-end=\"1119\" data-is-last-node=\"\"> <\/p><p data-start=\"587\" data-end=\"1119\" data-is-last-node=\"\">A motor kollektorsz\u00e9neket t\u00f6bbsz\u00f6r is ki lehet cser\u00e9lni a folyamatos m\u0171k\u00f6d\u00e9s biztos\u00edt\u00e1sa \u00e9rdek\u00e9ben.<\/p><p data-start=\"587\" data-end=\"1119\" data-is-last-node=\"\"> <\/p><p data-start=\"587\" data-end=\"1119\" data-is-last-node=\"\">A fasz\u00e9n k\u00f6nnyen cser\u00e9lhet\u0151 k\u00edv\u00fclr\u0151l, a k\u00e9sz\u00fcl\u00e9k kinyit\u00e1sa n\u00e9lk\u00fcl, \u00e9s csak 1500 \u00f3ra ut\u00e1n kell cser\u00e9lni.<\/p><p data-start=\"587\" data-end=\"1119\" data-is-last-node=\"\">A sz\u00e9nkef\u00e9k elhaszn\u00e1l\u00f3d\u00e1sa ut\u00e1n a motor k\u00e1rosod\u00e1s\u00e1nak megel\u0151z\u00e9se \u00e9rdek\u00e9ben a sz\u00e9nkef\u00e9k kikapcsol\u00f3 mechanizmussal vannak ell\u00e1tva.<\/p><p data-start=\"587\" data-end=\"1119\" data-is-last-node=\"\"> <\/p><p> <\/p><table><thead><tr><th><strong>M\u0171szaki adatok<\/strong><\/th><th>\u00c9rt\u00e9kek<\/th><\/tr><\/thead><tbody><tr><td><strong>Fesz\u00fclts\u00e9g<\/strong><\/td><td>230 V; 120V<\/td><\/tr><tr><td><strong>Teljes\u00edtm\u00e9ny<\/strong><\/td><td>max. 1600W<\/td><\/tr><tr><td><strong>Frekvencia<\/strong><\/td><td>50\/60 Hz<\/td><\/tr><tr><td><strong>h\u0151m\u00e9rs\u00e9klet<\/strong><\/td><td>20 &#8211; 700\u00b0C<\/td><\/tr><tr><td><strong>Leveg\u0151mennyis\u00e9g<\/strong><\/td><td>300 l\/min<\/td><\/tr><tr><td><strong>M\u00e9retek<\/strong><\/td><td>\u00d8 320 x 95 mm, foganty\u00fa \u00d8 48 mm<\/td><\/tr><tr><td><strong>S\u00faly<\/strong><\/td><td>1,2 kg 3 m csatlakoz\u00f3k\u00e1bellel<\/td><\/tr><tr><td><strong>A megfelel\u0151s\u00e9g jele<\/strong><\/td><td>CE; EAC<\/td><\/tr><tr><td><strong>V\u00e9delmi oszt\u00e1ly<\/strong><\/td><td>II<\/td><\/tr><\/tbody><\/table><p> <\/p><div class=\"flex max-w-full flex-col flex-grow\"><div class=\"min-h-8 text-message flex w-full flex-col items-end gap-2 whitespace-normal break-words text-start [.text-message+&amp;]:mt-5\" dir=\"auto\" data-message-author-role=\"assistant\" data-message-id=\"443eb266-1c24-4f7a-995a-0761b66a7c1b\" data-message-model-slug=\"gpt-4o-mini\"><div class=\"flex w-full flex-col gap-1 empty:hidden first:pt-[3px]\"><div class=\"markdown prose w-full break-words dark:prose-invert light\"><p data-start=\"0\" data-end=\"589\" data-is-last-node=\"\">A Quick-L-electronic speci\u00e1lis kivitelben, s\u00fcllyesztett potenciom\u00e9terrel egy sokoldal\u00fa forr\u00f3leveg\u0151s hegeszt\u0151, amelyet kifejezetten a k\u00e9sz\u00fcl\u00e9kgy\u00e1rt\u00e1shoz, a kont\u00e9ner\u00e9p\u00edt\u00e9shez \u00e9s a speci\u00e1lis g\u00e9pgy\u00e1rt\u00e1shoz fejlesztettek ki.<\/p><p data-start=\"0\" data-end=\"589\" data-is-last-node=\"\"> <\/p><p data-start=\"0\" data-end=\"589\" data-is-last-node=\"\">Extruderek f\u00fav\u00f3k\u00e1jak\u00e9nt is haszn\u00e1lhat\u00f3, \u00e9s praktikus kialak\u00edt\u00e1s\u00e1nak \u00e9s a potenciom\u00e9ter csavarh\u00faz\u00f3val t\u00f6rt\u00e9n\u0151 be\u00e1ll\u00edt\u00e1s\u00e1nak k\u00f6sz\u00f6nhet\u0151en a f\u0171t\u00e9s pontos szab\u00e1lyoz\u00e1s\u00e1t biztos\u00edtja az el\u0151v\u00e1laszt\u00e1s be\u00e1ll\u00edt\u00e1sa n\u00e9lk\u00fcl.<\/p><p data-start=\"0\" data-end=\"589\" data-is-last-node=\"\">Ez a k\u00e9sz\u00fcl\u00e9k ide\u00e1lis az ig\u00e9nyes ipari alkalmaz\u00e1sokhoz, \u00e9s megb\u00edzhat\u00f3 teljes\u00edtm\u00e9nyt ny\u00fajt m\u00e9g a hossz\u00fa ideig tart\u00f3 folyamatos haszn\u00e1lat sor\u00e1n is.<\/p><p data-start=\"0\" data-end=\"589\" data-is-last-node=\"\"> <\/p><p data-start=\"0\" data-end=\"589\" data-is-last-node=\"\">A k\u00e9sz\u00fcl\u00e9ket <strong data-start=\"708\" data-end=\"737\">N\u00e9metorsz\u00e1gban gy\u00e1rtj\u00e1k<\/strong><\/p><\/div><\/div><\/div><\/div>\t\t\t\t\t\t\t\t<\/div>\n\t\t\t\t<\/div>\n\t\t\t\t\t<\/div>\n\t\t<\/div>\n\t\t\t\t<div class=\"elementor-column elementor-col-50 elementor-inner-column elementor-element elementor-element-ce2cebd\" data-id=\"ce2cebd\" data-element_type=\"column\" data-e-type=\"column\">\n\t\t\t<div class=\"elementor-widget-wrap elementor-element-populated\">\n\t\t\t\t\t\t<div class=\"elementor-element elementor-element-e76a073 elementor-invisible elementor-widget elementor-widget-image\" data-id=\"e76a073\" data-element_type=\"widget\" data-e-type=\"widget\" data-settings=\"{&quot;_animation&quot;:&quot;fadeInDown&quot;}\" data-widget_type=\"image.default\">\n\t\t\t\t<div class=\"elementor-widget-container\">\n\t\t\t\t\t\t\t\t\t\t\t\t<figure class=\"wp-caption\">\n\t\t\t\t\t\t\t\t\t\t<img loading=\"lazy\" decoding=\"async\" width=\"300\" height=\"200\" src=\"https:\/\/www.akuplastics.com\/wp-content\/uploads\/2025\/02\/Quick-L-electronic-mit-versenktem-Potentiometer-3-300x200.webp\" class=\"attachment-medium size-medium wp-image-26300\" alt=\"Quick-L-electronic mit versenktem Potentiometer\" srcset=\"https:\/\/www.akuplastics.com\/wp-content\/uploads\/2025\/02\/Quick-L-electronic-mit-versenktem-Potentiometer-3-300x200.webp 300w, https:\/\/www.akuplastics.com\/wp-content\/uploads\/2025\/02\/Quick-L-electronic-mit-versenktem-Potentiometer-3-1024x683.webp 1024w, https:\/\/www.akuplastics.com\/wp-content\/uploads\/2025\/02\/Quick-L-electronic-mit-versenktem-Potentiometer-3-768x512.webp 768w, https:\/\/www.akuplastics.com\/wp-content\/uploads\/2025\/02\/Quick-L-electronic-mit-versenktem-Potentiometer-3-1536x1024.webp 1536w, https:\/\/www.akuplastics.com\/wp-content\/uploads\/2025\/02\/Quick-L-electronic-mit-versenktem-Potentiometer-3.webp 1920w\" sizes=\"auto, (max-width: 300px) 100vw, 300px\" \/>\t\t\t\t\t\t\t\t\t\t\t<figcaption class=\"widget-image-caption wp-caption-text\">Quick-L-elektronikus s\u00fcllyesztett potenciom\u00e9terrel<\/figcaption>\n\t\t\t\t\t\t\t\t\t\t<\/figure>\n\t\t\t\t\t\t\t\t\t<\/div>\n\t\t\t\t<\/div>\n\t\t\t\t<div class=\"elementor-element elementor-element-42b34e0 elementor-invisible elementor-widget elementor-widget-image\" data-id=\"42b34e0\" data-element_type=\"widget\" data-e-type=\"widget\" data-settings=\"{&quot;_animation&quot;:&quot;fadeInUp&quot;}\" data-widget_type=\"image.default\">\n\t\t\t\t<div class=\"elementor-widget-container\">\n\t\t\t\t\t\t\t\t\t\t\t\t<figure class=\"wp-caption\">\n\t\t\t\t\t\t\t\t\t\t<img loading=\"lazy\" decoding=\"async\" width=\"300\" height=\"200\" src=\"https:\/\/www.akuplastics.com\/wp-content\/uploads\/2025\/02\/Quick-L-electronic-mit-versenktem-Potentiometer-2-300x200.webp\" class=\"attachment-medium size-medium wp-image-26306\" alt=\"\" srcset=\"https:\/\/www.akuplastics.com\/wp-content\/uploads\/2025\/02\/Quick-L-electronic-mit-versenktem-Potentiometer-2-300x200.webp 300w, https:\/\/www.akuplastics.com\/wp-content\/uploads\/2025\/02\/Quick-L-electronic-mit-versenktem-Potentiometer-2-1024x683.webp 1024w, https:\/\/www.akuplastics.com\/wp-content\/uploads\/2025\/02\/Quick-L-electronic-mit-versenktem-Potentiometer-2-768x512.webp 768w, https:\/\/www.akuplastics.com\/wp-content\/uploads\/2025\/02\/Quick-L-electronic-mit-versenktem-Potentiometer-2-1536x1024.webp 1536w, https:\/\/www.akuplastics.com\/wp-content\/uploads\/2025\/02\/Quick-L-electronic-mit-versenktem-Potentiometer-2.webp 1920w\" sizes=\"auto, (max-width: 300px) 100vw, 300px\" \/>\t\t\t\t\t\t\t\t\t\t\t<figcaption class=\"widget-image-caption wp-caption-text\">Quick-L-elektronikus s\u00fcllyesztett potenciom\u00e9terrel<\/figcaption>\n\t\t\t\t\t\t\t\t\t\t<\/figure>\n\t\t\t\t\t\t\t\t\t<\/div>\n\t\t\t\t<\/div>\n\t\t\t\t<div class=\"elementor-element elementor-element-515979d elementor-invisible elementor-widget elementor-widget-image\" data-id=\"515979d\" data-element_type=\"widget\" data-e-type=\"widget\" data-settings=\"{&quot;_animation&quot;:&quot;fadeInLeft&quot;}\" data-widget_type=\"image.default\">\n\t\t\t\t<div class=\"elementor-widget-container\">\n\t\t\t\t\t\t\t\t\t\t\t\t<figure class=\"wp-caption\">\n\t\t\t\t\t\t\t\t\t\t<img loading=\"lazy\" decoding=\"async\" width=\"300\" height=\"200\" src=\"https:\/\/www.akuplastics.com\/wp-content\/uploads\/2025\/02\/Quick-L-electronic-mit-versenktem-Potentiometer-300x200.webp\" class=\"attachment-medium size-medium wp-image-26303\" alt=\"\" srcset=\"https:\/\/www.akuplastics.com\/wp-content\/uploads\/2025\/02\/Quick-L-electronic-mit-versenktem-Potentiometer-300x200.webp 300w, https:\/\/www.akuplastics.com\/wp-content\/uploads\/2025\/02\/Quick-L-electronic-mit-versenktem-Potentiometer-1024x683.webp 1024w, https:\/\/www.akuplastics.com\/wp-content\/uploads\/2025\/02\/Quick-L-electronic-mit-versenktem-Potentiometer-768x512.webp 768w, https:\/\/www.akuplastics.com\/wp-content\/uploads\/2025\/02\/Quick-L-electronic-mit-versenktem-Potentiometer-1536x1024.webp 1536w, https:\/\/www.akuplastics.com\/wp-content\/uploads\/2025\/02\/Quick-L-electronic-mit-versenktem-Potentiometer.webp 1920w\" sizes=\"auto, (max-width: 300px) 100vw, 300px\" \/>\t\t\t\t\t\t\t\t\t\t\t<figcaption class=\"widget-image-caption wp-caption-text\">Quick-L-elektronikus s\u00fcllyesztett potenciom\u00e9terrel<\/figcaption>\n\t\t\t\t\t\t\t\t\t\t<\/figure>\n\t\t\t\t\t\t\t\t\t<\/div>\n\t\t\t\t<\/div>\n\t\t\t\t<div class=\"elementor-element elementor-element-c82ff2e elementor-widget elementor-widget-video\" data-id=\"c82ff2e\" data-element_type=\"widget\" data-e-type=\"widget\" data-settings=\"{&quot;video_type&quot;:&quot;hosted&quot;,&quot;controls&quot;:&quot;yes&quot;}\" data-widget_type=\"video.default\">\n\t\t\t\t<div class=\"elementor-widget-container\">\n\t\t\t\t\t\t\t<div class=\"e-hosted-video elementor-wrapper elementor-open-inline\">\n\t\t\t\t\t<video class=\"elementor-video\" src=\"https:\/\/www.akuplastics.com\/wp-content\/uploads\/2025\/02\/AKU-Forsthoff-Hot-Air-Welding-Gun-Mini-Electronic.webm\" controls=\"\" preload=\"metadata\" controlsList=\"nodownload\" poster=\"https:\/\/www.akuplastics.com\/wp-content\/uploads\/2025\/02\/Anwendung-Quick-L-electronic-Klein.webp\"><\/video>\n\t\t\t\t<\/div>\n\t\t\t\t\t\t<\/div>\n\t\t\t\t<\/div>\n\t\t\t\t\t<\/div>\n\t\t<\/div>\n\t\t\t\t\t<\/div>\n\t\t<\/section>\n\t\t\t\t\t<\/div>\n\t\t<\/div>\n\t\t\t\t\t<\/div>\n\t\t<\/section>\n\t\t\t\t<\/div>\n\t\t","protected":false},"excerpt":{"rendered":"<p>Quick-L elektronikus k\u00e9zi hegeszt\u0151g\u00e9p s\u00fcllyesztett potenciom\u00e9terrel \u00e9s kieg\u00e9sz\u00edt\u0151 hidegfokozattal &#8211; ide\u00e1lis speci\u00e1lis g\u00e9pgy\u00e1rt\u00e1sban val\u00f3 haszn\u00e1latra. Quick-L-elektronikus melegleveg\u0151s k\u00e9sz\u00fcl\u00e9k s\u00fcllyesztett potenciom\u00e9terrel A j\u00f3l ismert Quick-L elektronikus melegg\u00e1zhegeszt\u0151 k\u00e9sz\u00fcl\u00e9k speci\u00e1lis v\u00e1ltozatban a k\u00e9sz\u00fcl\u00e9kgy\u00e1rt\u00e1shoz, a kont\u00e9ner\u00e9p\u00edt\u00e9shez \u00e9s a speci\u00e1lis g\u00e9pgy\u00e1rt\u00e1shoz k\u00fcl\u00f6n\u00f6sen felhaszn\u00e1l\u00f3bar\u00e1t kezel\u00e9st k\u00edn\u00e1l. Forg\u00f3gomb helyett egy s\u00fcllyesztett potenciom\u00e9terrel rendelkezik, amely egy csavarh\u00faz\u00f3val k\u00f6nnyen be\u00e1ll\u00edthat\u00f3. Ez azt jelenti, [&hellip;]<\/p>\n","protected":false},"author":3,"featured_media":26300,"parent":0,"menu_order":0,"comment_status":"closed","ping_status":"closed","template":"","meta":{"iawp_total_views":1,"footnotes":""},"class_list":["post-26333","page","type-page","status-publish","has-post-thumbnail","hentry"],"yoast_head":"<!-- This site is optimized with the Yoast SEO Premium plugin v27.4 (Yoast SEO v27.5) - https:\/\/yoast.com\/product\/yoast-seo-premium-wordpress\/ -->\n<title>Forg\u00f3gomb n\u00e9lk\u00fcli k\u00e9zi hegeszt\u0151 speci\u00e1lis g\u00e9pszerkezethez<\/title>\n<meta name=\"description\" content=\"A forgat\u00f3gomb n\u00e9lk\u00fcli k\u00e9zi hegeszt\u0151 egy s\u00fcllyesztett potenciom\u00e9terrel \u00e9s egy tov\u00e1bbi hidegfokozattal rendelkezik, amely a f\u0171t\u00e9si el\u0151v\u00e1laszt\u00e1s be\u00e1ll\u00edt\u00e1sa n\u00e9lk\u00fcl \u00e1ll\u00edthat\u00f3 be. K\u00fcl\u00f6n\u00f6sen ide\u00e1lis a speci\u00e1lis g\u00e9pszerkezetekn\u00e9l t\u00f6rt\u00e9n\u0151 haszn\u00e1latra.\" \/>\n<meta name=\"robots\" content=\"index, follow, max-snippet:-1, max-image-preview:large, max-video-preview:-1\" \/>\n<link rel=\"canonical\" href=\"https:\/\/www.akuplastics.com\/hu\/quick-l-elektronikus\/\" \/>\n<script type=\"application\/ld+json\" class=\"yoast-schema-graph\">{\"@context\":\"https:\\\/\\\/schema.org\",\"@graph\":[{\"@type\":\"WebPage\",\"@id\":\"https:\\\/\\\/www.akuplastics.com\\\/hu\\\/quick-l-elektronikus\\\/\",\"url\":\"https:\\\/\\\/www.akuplastics.com\\\/hu\\\/quick-l-elektronikus\\\/\",\"name\":\"Forg\u00f3gomb n\u00e9lk\u00fcli k\u00e9zi hegeszt\u0151 speci\u00e1lis g\u00e9pszerkezethez\",\"isPartOf\":{\"@id\":\"https:\\\/\\\/www.akuplastics.com\\\/hu\\\/#website\"},\"primaryImageOfPage\":{\"@id\":\"https:\\\/\\\/www.akuplastics.com\\\/hu\\\/quick-l-elektronikus\\\/#primaryimage\"},\"image\":{\"@id\":\"https:\\\/\\\/www.akuplastics.com\\\/hu\\\/quick-l-elektronikus\\\/#primaryimage\"},\"thumbnailUrl\":\"https:\\\/\\\/www.akuplastics.com\\\/wp-content\\\/uploads\\\/2025\\\/02\\\/Quick-L-electronic-mit-versenktem-Potentiometer-3.webp\",\"datePublished\":\"2025-02-19T08:54:13+00:00\",\"dateModified\":\"2025-02-19T09:40:17+00:00\",\"description\":\"A forgat\u00f3gomb n\u00e9lk\u00fcli k\u00e9zi hegeszt\u0151 egy s\u00fcllyesztett potenciom\u00e9terrel \u00e9s egy tov\u00e1bbi hidegfokozattal rendelkezik, amely a f\u0171t\u00e9si el\u0151v\u00e1laszt\u00e1s be\u00e1ll\u00edt\u00e1sa n\u00e9lk\u00fcl \u00e1ll\u00edthat\u00f3 be. K\u00fcl\u00f6n\u00f6sen ide\u00e1lis a speci\u00e1lis g\u00e9pszerkezetekn\u00e9l t\u00f6rt\u00e9n\u0151 haszn\u00e1latra.\",\"breadcrumb\":{\"@id\":\"https:\\\/\\\/www.akuplastics.com\\\/hu\\\/quick-l-elektronikus\\\/#breadcrumb\"},\"inLanguage\":\"hu\",\"potentialAction\":[{\"@type\":\"ReadAction\",\"target\":[\"https:\\\/\\\/www.akuplastics.com\\\/hu\\\/quick-l-elektronikus\\\/\"]}]},{\"@type\":\"ImageObject\",\"inLanguage\":\"hu\",\"@id\":\"https:\\\/\\\/www.akuplastics.com\\\/hu\\\/quick-l-elektronikus\\\/#primaryimage\",\"url\":\"https:\\\/\\\/www.akuplastics.com\\\/wp-content\\\/uploads\\\/2025\\\/02\\\/Quick-L-electronic-mit-versenktem-Potentiometer-3.webp\",\"contentUrl\":\"https:\\\/\\\/www.akuplastics.com\\\/wp-content\\\/uploads\\\/2025\\\/02\\\/Quick-L-electronic-mit-versenktem-Potentiometer-3.webp\",\"width\":1920,\"height\":1280,\"caption\":\"Quick-L-electronic mit versenktem Potentiometer\"},{\"@type\":\"BreadcrumbList\",\"@id\":\"https:\\\/\\\/www.akuplastics.com\\\/hu\\\/quick-l-elektronikus\\\/#breadcrumb\",\"itemListElement\":[{\"@type\":\"ListItem\",\"position\":1,\"name\":\"Kezd\u0151lap\",\"item\":\"https:\\\/\\\/www.akuplastics.com\\\/hu\\\/\"},{\"@type\":\"ListItem\",\"position\":2,\"name\":\"Quick-L elektronikus potenciom\u00e9ter\"}]},{\"@type\":\"WebSite\",\"@id\":\"https:\\\/\\\/www.akuplastics.com\\\/hu\\\/#website\",\"url\":\"https:\\\/\\\/www.akuplastics.com\\\/hu\\\/\",\"name\":\"Semi-Finished Products \u2013 Finished Parts \u2013 Ventilation Moulded Parts \u2013 Machines\",\"description\":\"Halbzeuge, Halbfabrikate, Kunststoffhalbzeuge, Kunststoffhalbfabrikate\",\"publisher\":{\"@id\":\"https:\\\/\\\/www.akuplastics.com\\\/hu\\\/#organization\"},\"alternateName\":\"AKUPLASTICS \u2013 Engineering in Plastics\",\"potentialAction\":[{\"@type\":\"SearchAction\",\"target\":{\"@type\":\"EntryPoint\",\"urlTemplate\":\"https:\\\/\\\/www.akuplastics.com\\\/hu\\\/?s={search_term_string}\"},\"query-input\":{\"@type\":\"PropertyValueSpecification\",\"valueRequired\":true,\"valueName\":\"search_term_string\"}}],\"inLanguage\":\"hu\"},{\"@type\":\"Organization\",\"@id\":\"https:\\\/\\\/www.akuplastics.com\\\/hu\\\/#organization\",\"name\":\"Ing. Christian Ahlborn e.U.\",\"alternateName\":\"AKU\",\"url\":\"https:\\\/\\\/www.akuplastics.com\\\/hu\\\/\",\"logo\":{\"@type\":\"ImageObject\",\"inLanguage\":\"hu\",\"@id\":\"https:\\\/\\\/www.akuplastics.com\\\/hu\\\/#\\\/schema\\\/logo\\\/image\\\/\",\"url\":\"https:\\\/\\\/www.akuplastics.com\\\/wp-content\\\/uploads\\\/2020\\\/07\\\/Grafik14-inkl-r.png\",\"contentUrl\":\"https:\\\/\\\/www.akuplastics.com\\\/wp-content\\\/uploads\\\/2020\\\/07\\\/Grafik14-inkl-r.png\",\"width\":1994,\"height\":743,\"caption\":\"Ing. Christian Ahlborn e.U.\"},\"image\":{\"@id\":\"https:\\\/\\\/www.akuplastics.com\\\/hu\\\/#\\\/schema\\\/logo\\\/image\\\/\"}}]}<\/script>\n<!-- \/ Yoast SEO Premium plugin. -->","yoast_head_json":{"title":"Forg\u00f3gomb n\u00e9lk\u00fcli k\u00e9zi hegeszt\u0151 speci\u00e1lis g\u00e9pszerkezethez","description":"A forgat\u00f3gomb n\u00e9lk\u00fcli k\u00e9zi hegeszt\u0151 egy s\u00fcllyesztett potenciom\u00e9terrel \u00e9s egy tov\u00e1bbi hidegfokozattal rendelkezik, amely a f\u0171t\u00e9si el\u0151v\u00e1laszt\u00e1s be\u00e1ll\u00edt\u00e1sa n\u00e9lk\u00fcl \u00e1ll\u00edthat\u00f3 be. K\u00fcl\u00f6n\u00f6sen ide\u00e1lis a speci\u00e1lis g\u00e9pszerkezetekn\u00e9l t\u00f6rt\u00e9n\u0151 haszn\u00e1latra.","robots":{"index":"index","follow":"follow","max-snippet":"max-snippet:-1","max-image-preview":"max-image-preview:large","max-video-preview":"max-video-preview:-1"},"canonical":"https:\/\/www.akuplastics.com\/hu\/quick-l-elektronikus\/","schema":{"@context":"https:\/\/schema.org","@graph":[{"@type":"WebPage","@id":"https:\/\/www.akuplastics.com\/hu\/quick-l-elektronikus\/","url":"https:\/\/www.akuplastics.com\/hu\/quick-l-elektronikus\/","name":"Forg\u00f3gomb n\u00e9lk\u00fcli k\u00e9zi hegeszt\u0151 speci\u00e1lis g\u00e9pszerkezethez","isPartOf":{"@id":"https:\/\/www.akuplastics.com\/hu\/#website"},"primaryImageOfPage":{"@id":"https:\/\/www.akuplastics.com\/hu\/quick-l-elektronikus\/#primaryimage"},"image":{"@id":"https:\/\/www.akuplastics.com\/hu\/quick-l-elektronikus\/#primaryimage"},"thumbnailUrl":"https:\/\/www.akuplastics.com\/wp-content\/uploads\/2025\/02\/Quick-L-electronic-mit-versenktem-Potentiometer-3.webp","datePublished":"2025-02-19T08:54:13+00:00","dateModified":"2025-02-19T09:40:17+00:00","description":"A forgat\u00f3gomb n\u00e9lk\u00fcli k\u00e9zi hegeszt\u0151 egy s\u00fcllyesztett potenciom\u00e9terrel \u00e9s egy tov\u00e1bbi hidegfokozattal rendelkezik, amely a f\u0171t\u00e9si el\u0151v\u00e1laszt\u00e1s be\u00e1ll\u00edt\u00e1sa n\u00e9lk\u00fcl \u00e1ll\u00edthat\u00f3 be. K\u00fcl\u00f6n\u00f6sen ide\u00e1lis a speci\u00e1lis g\u00e9pszerkezetekn\u00e9l t\u00f6rt\u00e9n\u0151 haszn\u00e1latra.","breadcrumb":{"@id":"https:\/\/www.akuplastics.com\/hu\/quick-l-elektronikus\/#breadcrumb"},"inLanguage":"hu","potentialAction":[{"@type":"ReadAction","target":["https:\/\/www.akuplastics.com\/hu\/quick-l-elektronikus\/"]}]},{"@type":"ImageObject","inLanguage":"hu","@id":"https:\/\/www.akuplastics.com\/hu\/quick-l-elektronikus\/#primaryimage","url":"https:\/\/www.akuplastics.com\/wp-content\/uploads\/2025\/02\/Quick-L-electronic-mit-versenktem-Potentiometer-3.webp","contentUrl":"https:\/\/www.akuplastics.com\/wp-content\/uploads\/2025\/02\/Quick-L-electronic-mit-versenktem-Potentiometer-3.webp","width":1920,"height":1280,"caption":"Quick-L-electronic mit versenktem Potentiometer"},{"@type":"BreadcrumbList","@id":"https:\/\/www.akuplastics.com\/hu\/quick-l-elektronikus\/#breadcrumb","itemListElement":[{"@type":"ListItem","position":1,"name":"Kezd\u0151lap","item":"https:\/\/www.akuplastics.com\/hu\/"},{"@type":"ListItem","position":2,"name":"Quick-L elektronikus potenciom\u00e9ter"}]},{"@type":"WebSite","@id":"https:\/\/www.akuplastics.com\/hu\/#website","url":"https:\/\/www.akuplastics.com\/hu\/","name":"Semi-Finished Products \u2013 Finished Parts \u2013 Ventilation Moulded Parts \u2013 Machines","description":"Halbzeuge, Halbfabrikate, Kunststoffhalbzeuge, Kunststoffhalbfabrikate","publisher":{"@id":"https:\/\/www.akuplastics.com\/hu\/#organization"},"alternateName":"AKUPLASTICS \u2013 Engineering in Plastics","potentialAction":[{"@type":"SearchAction","target":{"@type":"EntryPoint","urlTemplate":"https:\/\/www.akuplastics.com\/hu\/?s={search_term_string}"},"query-input":{"@type":"PropertyValueSpecification","valueRequired":true,"valueName":"search_term_string"}}],"inLanguage":"hu"},{"@type":"Organization","@id":"https:\/\/www.akuplastics.com\/hu\/#organization","name":"Ing. Christian Ahlborn e.U.","alternateName":"AKU","url":"https:\/\/www.akuplastics.com\/hu\/","logo":{"@type":"ImageObject","inLanguage":"hu","@id":"https:\/\/www.akuplastics.com\/hu\/#\/schema\/logo\/image\/","url":"https:\/\/www.akuplastics.com\/wp-content\/uploads\/2020\/07\/Grafik14-inkl-r.png","contentUrl":"https:\/\/www.akuplastics.com\/wp-content\/uploads\/2020\/07\/Grafik14-inkl-r.png","width":1994,"height":743,"caption":"Ing. Christian Ahlborn e.U."},"image":{"@id":"https:\/\/www.akuplastics.com\/hu\/#\/schema\/logo\/image\/"}}]}},"_links":{"self":[{"href":"https:\/\/www.akuplastics.com\/hu\/wp-json\/wp\/v2\/pages\/26333","targetHints":{"allow":["GET"]}}],"collection":[{"href":"https:\/\/www.akuplastics.com\/hu\/wp-json\/wp\/v2\/pages"}],"about":[{"href":"https:\/\/www.akuplastics.com\/hu\/wp-json\/wp\/v2\/types\/page"}],"author":[{"embeddable":true,"href":"https:\/\/www.akuplastics.com\/hu\/wp-json\/wp\/v2\/users\/3"}],"replies":[{"embeddable":true,"href":"https:\/\/www.akuplastics.com\/hu\/wp-json\/wp\/v2\/comments?post=26333"}],"version-history":[{"count":3,"href":"https:\/\/www.akuplastics.com\/hu\/wp-json\/wp\/v2\/pages\/26333\/revisions"}],"predecessor-version":[{"id":26408,"href":"https:\/\/www.akuplastics.com\/hu\/wp-json\/wp\/v2\/pages\/26333\/revisions\/26408"}],"wp:featuredmedia":[{"embeddable":true,"href":"https:\/\/www.akuplastics.com\/hu\/wp-json\/wp\/v2\/media\/26300"}],"wp:attachment":[{"href":"https:\/\/www.akuplastics.com\/hu\/wp-json\/wp\/v2\/media?parent=26333"}],"curies":[{"name":"wp","href":"https:\/\/api.w.org\/{rel}","templated":true}]}}