{"id":26285,"date":"2025-02-19T09:34:48","date_gmt":"2025-02-19T08:34:48","guid":{"rendered":"https:\/\/www.akuplastics.com\/robust-l\/"},"modified":"2025-02-19T09:44:03","modified_gmt":"2025-02-19T08:44:03","slug":"robust-l","status":"publish","type":"page","link":"https:\/\/www.akuplastics.com\/hu\/robust-l\/","title":{"rendered":"Robust-L"},"content":{"rendered":"\t\t<div data-elementor-type=\"wp-page\" data-elementor-id=\"26285\" class=\"elementor elementor-26285 elementor-26253\" data-elementor-post-type=\"page\">\n\t\t\t\t\t\t<section class=\"elementor-section elementor-top-section elementor-element elementor-element-fe87f82 elementor-section-boxed elementor-section-height-default elementor-section-height-default\" data-id=\"fe87f82\" data-element_type=\"section\" data-e-type=\"section\">\n\t\t\t\t\t\t<div class=\"elementor-container elementor-column-gap-default\">\n\t\t\t\t\t<div class=\"elementor-column elementor-col-100 elementor-top-column elementor-element elementor-element-9d73eaf\" data-id=\"9d73eaf\" data-element_type=\"column\" data-e-type=\"column\">\n\t\t\t<div class=\"elementor-widget-wrap elementor-element-populated\">\n\t\t\t\t\t\t<div class=\"elementor-element elementor-element-b2e6bbb elementor-widget elementor-widget-text-editor\" data-id=\"b2e6bbb\" data-element_type=\"widget\" data-e-type=\"widget\" data-widget_type=\"text-editor.default\">\n\t\t\t\t<div class=\"elementor-widget-container\">\n\t\t\t\t\t\t\t\t\t<h1>Robust-L k\u00e9zre\u00e1ll\u00f3, k\u00f6nny\u0171 k\u00e9zi hegeszt\u0151g\u00e9p, ide\u00e1lis aut\u00f3k\u00e1rpitosok \u00e9s ponyvafeldolgoz\u00f3k sz\u00e1m\u00e1ra.<\/h1>\t\t\t\t\t\t\t\t<\/div>\n\t\t\t\t<\/div>\n\t\t\t\t<section class=\"elementor-section elementor-inner-section elementor-element elementor-element-801269c elementor-section-boxed elementor-section-height-default elementor-section-height-default\" data-id=\"801269c\" data-element_type=\"section\" data-e-type=\"section\">\n\t\t\t\t\t\t<div class=\"elementor-container elementor-column-gap-default\">\n\t\t\t\t\t<div class=\"elementor-column elementor-col-50 elementor-inner-column elementor-element elementor-element-a7a0317\" data-id=\"a7a0317\" data-element_type=\"column\" data-e-type=\"column\">\n\t\t\t<div class=\"elementor-widget-wrap elementor-element-populated\">\n\t\t\t\t\t\t<div class=\"elementor-element elementor-element-036b7b5 elementor-widget__width-initial elementor-widget elementor-widget-text-editor\" data-id=\"036b7b5\" data-element_type=\"widget\" data-e-type=\"widget\" data-widget_type=\"text-editor.default\">\n\t\t\t\t<div class=\"elementor-widget-container\">\n\t\t\t\t\t\t\t\t\t<h5><strong>Robust-L melegleveg\u0151s k\u00e9sz\u00fcl\u00e9k k\u00f6lts\u00e9ghat\u00e9kony \u00e9s felhaszn\u00e1l\u00f3bar\u00e1t k\u00e9sz\u00fcl\u00e9k<\/strong><\/h5><div><div dir=\"auto\" data-message-author-role=\"assistant\" data-message-id=\"2f911f9d-53b2-48b2-ad8c-adefac669b42\" data-message-model-slug=\"gpt-4o\"><p> <\/p><p>A <strong>k\u00f6lts\u00e9ghat\u00e9kony, k\u00e9zre\u00e1ll\u00f3 \u00e9s egyszer\u0171 k\u00e9zi hegeszt\u0151<\/strong> ide\u00e1lis a <strong>ponyvaiparban<\/strong>, k\u00fcl\u00f6n\u00f6sen a PVC-ponyva \u00e1gazatban dolgoz\u00f3 <strong>aut\u00f3k\u00e1rpitosok<\/strong> sz\u00e1m\u00e1ra.<\/p><p> <\/p><p><strong>Fix f\u0171t\u00e9si szinttel<\/strong> \u00e9s egy <strong>kieg\u00e9sz\u00edt\u0151 hideg szinttel<\/strong> rendelkezik, \u00edgy praktikus \u00e9s olcs\u00f3 ponyvahegeszt\u0151 k\u00e9sz\u00fcl\u00e9k. A ponyvafeldolgoz\u00f3k egyenletes h\u0151teljes\u00edtm\u00e9nnyel hegeszthetik <strong>PVC anyagukat<\/strong>, \u00e9s az <strong>ergonomikus foganty\u00fanak<\/strong> \u00e9s a megszokott magas <strong>ipari min\u0151s\u00e9gnek<\/strong> k\u00f6sz\u00f6nhet\u0151en <strong>professzion\u00e1lis \u00e9s f\u00e1radts\u00e1gmentes kezel\u00e9sben<\/strong> r\u00e9szes\u00fclnek. <\/p><p>Mint minden <strong>k\u00e9zi hegeszt\u0151g\u00e9pn\u00e9l<\/strong>, a <strong>gy\u0171jt\u0151sz\u00e9neket<\/strong> enn\u00e9l a modelln\u00e9l is egyszer\u0171en, k\u00edv\u00fclr\u0151l lehet cser\u00e9lni &#8211; a k\u00e9sz\u00fcl\u00e9k kinyit\u00e1sa n\u00e9lk\u00fcl.<\/p><p> <\/p><p>A <strong>sz\u00e9nkef\u00e9k<\/strong> <strong>\u00e9lettartama 1500 \u00f3ra<\/strong>, \u00e9s olyan <strong>kikapcsol\u00f3 mechanizmussal<\/strong> vannak ell\u00e1tva, amely le\u00e1ll\u00edtja a motort, amint a sz\u00e9nkef\u00e9k elhaszn\u00e1l\u00f3dnak, hogy megel\u0151zze a kollektor k\u00e1rosod\u00e1s\u00e1t \u00e9s ez\u00e1ltal a magas jav\u00edt\u00e1si k\u00f6lts\u00e9geket.<\/p><p> <\/p><p>A <strong>h\u0151teljes\u00edtm\u00e9ny<\/strong> a <strong>20 mm-es vagy 40 mm-es<\/strong> <strong>csatlakoztathat\u00f3 f\u00fav\u00f3k\u00e1k<\/strong> seg\u00edts\u00e9g\u00e9vel ig\u00e9ny szerint \u00e1ll\u00edthat\u00f3, \u00e9s a k\u00e9sz\u00fcl\u00e9k <strong>900 W-os \u00e9s 1500 W-os v\u00e1ltozatban<\/strong> is kaphat\u00f3.<\/p><p> <\/p><\/div><table data-start=\"0\" data-end=\"846\" data-is-last-node=\"\"><thead data-start=\"0\" data-end=\"72\"><tr data-start=\"0\" data-end=\"72\"><th data-start=\"0\" data-end=\"32\"><strong data-start=\"2\" data-end=\"22\">M\u0171szaki adatok<\/strong><\/th><th data-start=\"32\" data-end=\"72\"><strong data-start=\"34\" data-end=\"43\">\u00c9rt\u00e9kek<\/strong><\/th><\/tr><\/thead><tbody data-start=\"146\" data-end=\"846\" data-is-last-node=\"\"><tr data-start=\"146\" data-end=\"219\"><td><strong data-start=\"148\" data-end=\"160\">Fesz\u00fclts\u00e9g<\/strong><\/td><td>230V; 120V<\/td><\/tr><tr data-start=\"220\" data-end=\"315\"><td><strong data-start=\"222\" data-end=\"234\">Teljes\u00edtm\u00e9ny<\/strong><\/td><td>900W 230V vagy 1500W 230V; 1300W 120V, a f\u00fav\u00f3ka tartoz\u00e9kt\u00f3l f\u00fcgg\u0151en.<\/td><\/tr><tr data-start=\"316\" data-end=\"389\"><td><strong data-start=\"318\" data-end=\"330\">Frekvencia<\/strong><\/td><td>50\/60 Hz<\/td><\/tr><tr data-start=\"390\" data-end=\"476\"><td><strong data-start=\"392\" data-end=\"406\">H\u0151m\u00e9rs\u00e9klet<\/strong><\/td><td>max. 700\u00b0C-ig; maxim\u00e1lis teljes\u00edtm\u00e9nyig \u00e1ll\u00edthat\u00f3 <\/td><\/tr><tr data-start=\"477\" data-end=\"550\"><td><strong data-start=\"479\" data-end=\"492\">Leveg\u0151mennyis\u00e9g<\/strong><\/td><td>300 l\/min<\/td><\/tr><tr data-start=\"551\" data-end=\"624\"><td><strong data-start=\"553\" data-end=\"568\">M\u00e9retek<\/strong><\/td><td>\u00d8 320 x 95 mm, foganty\u00fa \u00d8 48 mm<\/td><\/tr><tr data-start=\"625\" data-end=\"698\"><td><strong data-start=\"627\" data-end=\"638\">S\u00faly<\/strong><\/td><td>1,2 kg 3 m csatlakoz\u00f3k\u00e1bellel<\/td><\/tr><tr data-start=\"699\" data-end=\"772\"><td><strong data-start=\"701\" data-end=\"724\">A megfelel\u0151s\u00e9g jele<\/strong><\/td><td>CE; EAC<\/td><\/tr><tr data-start=\"773\" data-end=\"846\" data-is-last-node=\"\"><td><strong data-start=\"775\" data-end=\"791\">V\u00e9delmi oszt\u00e1ly<\/strong><\/td><td>II<\/td><\/tr><\/tbody><\/table><\/div><p>A k\u00e9zi hegeszt\u0151 alkalmaz\u00e1si ter\u00fcletei k\u00f6z\u00e9 tartoznak az aut\u00f3k\u00e1rpitosok, a ponyvagy\u00e1rt\u00f3k, a s\u00e1trak, ponyv\u00e1k \u00e9s rekl\u00e1mszalagok gy\u00e1rt\u00f3i.<\/p><p>A k\u00e9sz\u00fcl\u00e9ket <strong data-start=\"708\" data-end=\"737\">N\u00e9metorsz\u00e1gban gy\u00e1rtj\u00e1k<\/strong><\/p>\t\t\t\t\t\t\t\t<\/div>\n\t\t\t\t<\/div>\n\t\t\t\t\t<\/div>\n\t\t<\/div>\n\t\t\t\t<div class=\"elementor-column elementor-col-50 elementor-inner-column elementor-element elementor-element-ce2cebd\" data-id=\"ce2cebd\" data-element_type=\"column\" data-e-type=\"column\">\n\t\t\t<div class=\"elementor-widget-wrap elementor-element-populated\">\n\t\t\t\t\t\t<div class=\"elementor-element elementor-element-e76a073 elementor-invisible elementor-widget elementor-widget-image\" data-id=\"e76a073\" data-element_type=\"widget\" data-e-type=\"widget\" data-settings=\"{&quot;_animation&quot;:&quot;fadeInDown&quot;}\" data-widget_type=\"image.default\">\n\t\t\t\t<div class=\"elementor-widget-container\">\n\t\t\t\t\t\t\t\t\t\t\t\t<figure class=\"wp-caption\">\n\t\t\t\t\t\t\t\t\t\t<img loading=\"lazy\" decoding=\"async\" width=\"300\" height=\"200\" src=\"https:\/\/www.akuplastics.com\/wp-content\/uploads\/2025\/02\/Robust-L-Klein-300x200.webp\" class=\"attachment-medium size-medium wp-image-26256\" alt=\"Robust-L leicht kosteng\u00fcnstig f\u00fcr Autosattler  Planenverarbeiter\" srcset=\"https:\/\/www.akuplastics.com\/wp-content\/uploads\/2025\/02\/Robust-L-Klein-300x200.webp 300w, https:\/\/www.akuplastics.com\/wp-content\/uploads\/2025\/02\/Robust-L-Klein.webp 720w\" sizes=\"auto, (max-width: 300px) 100vw, 300px\" \/>\t\t\t\t\t\t\t\t\t\t\t<figcaption class=\"widget-image-caption wp-caption-text\">Robust-L k\u00f6nnyen k\u00f6lts\u00e9ghat\u00e9kony az aut\u00f3k\u00e1rpitosok sz\u00e1m\u00e1ra ponyv\u00e1t feldolgoz\u00f3k sz\u00e1m\u00e1ra<\/figcaption>\n\t\t\t\t\t\t\t\t\t\t<\/figure>\n\t\t\t\t\t\t\t\t\t<\/div>\n\t\t\t\t<\/div>\n\t\t\t\t<div class=\"elementor-element elementor-element-42b34e0 elementor-invisible elementor-widget elementor-widget-image\" data-id=\"42b34e0\" data-element_type=\"widget\" data-e-type=\"widget\" data-settings=\"{&quot;_animation&quot;:&quot;fadeInUp&quot;}\" data-widget_type=\"image.default\">\n\t\t\t\t<div class=\"elementor-widget-container\">\n\t\t\t\t\t\t\t\t\t\t\t\t<figure class=\"wp-caption\">\n\t\t\t\t\t\t\t\t\t\t<img loading=\"lazy\" decoding=\"async\" width=\"300\" height=\"200\" src=\"https:\/\/www.akuplastics.com\/wp-content\/uploads\/2025\/02\/Anwendung-Oval-Q-3-Klein-300x200.webp\" class=\"attachment-medium size-medium wp-image-26171\" alt=\"\" srcset=\"https:\/\/www.akuplastics.com\/wp-content\/uploads\/2025\/02\/Anwendung-Oval-Q-3-Klein-300x200.webp 300w, https:\/\/www.akuplastics.com\/wp-content\/uploads\/2025\/02\/Anwendung-Oval-Q-3-Klein.webp 720w\" sizes=\"auto, (max-width: 300px) 100vw, 300px\" \/>\t\t\t\t\t\t\t\t\t\t\t<figcaption class=\"widget-image-caption wp-caption-text\">Robust-L k\u00f6nnyen k\u00f6lts\u00e9ghat\u00e9kony az aut\u00f3k\u00e1rpitosok sz\u00e1m\u00e1ra ponyv\u00e1t feldolgoz\u00f3k sz\u00e1m\u00e1ra<\/figcaption>\n\t\t\t\t\t\t\t\t\t\t<\/figure>\n\t\t\t\t\t\t\t\t\t<\/div>\n\t\t\t\t<\/div>\n\t\t\t\t<div class=\"elementor-element elementor-element-c82ff2e elementor-widget elementor-widget-video\" data-id=\"c82ff2e\" data-element_type=\"widget\" data-e-type=\"widget\" data-settings=\"{&quot;video_type&quot;:&quot;hosted&quot;,&quot;controls&quot;:&quot;yes&quot;}\" data-widget_type=\"video.default\">\n\t\t\t\t<div class=\"elementor-widget-container\">\n\t\t\t\t\t\t\t<div class=\"e-hosted-video elementor-wrapper elementor-open-inline\">\n\t\t\t\t\t<video class=\"elementor-video\" src=\"https:\/\/www.akuplastics.com\/wp-content\/uploads\/2025\/02\/AKU-Forsthoff-Hot-Air-Welding-Gun-Mini-Electronic.webm\" controls=\"\" preload=\"metadata\" controlsList=\"nodownload\" poster=\"https:\/\/www.akuplastics.com\/wp-content\/uploads\/2025\/02\/Anwendung-Quick-L-electronic-Klein.webp\"><\/video>\n\t\t\t\t<\/div>\n\t\t\t\t\t\t<\/div>\n\t\t\t\t<\/div>\n\t\t\t\t\t<\/div>\n\t\t<\/div>\n\t\t\t\t\t<\/div>\n\t\t<\/section>\n\t\t\t\t\t<\/div>\n\t\t<\/div>\n\t\t\t\t\t<\/div>\n\t\t<\/section>\n\t\t\t\t<\/div>\n\t\t","protected":false},"excerpt":{"rendered":"<p>Robust-L k\u00e9zre\u00e1ll\u00f3, k\u00f6nny\u0171 k\u00e9zi hegeszt\u0151g\u00e9p, ide\u00e1lis aut\u00f3k\u00e1rpitosok \u00e9s ponyvafeldolgoz\u00f3k sz\u00e1m\u00e1ra. Robust-L melegleveg\u0151s k\u00e9sz\u00fcl\u00e9k k\u00f6lts\u00e9ghat\u00e9kony \u00e9s felhaszn\u00e1l\u00f3bar\u00e1t k\u00e9sz\u00fcl\u00e9k A k\u00f6lts\u00e9ghat\u00e9kony, k\u00e9zre\u00e1ll\u00f3 \u00e9s egyszer\u0171 k\u00e9zi hegeszt\u0151 ide\u00e1lis a ponyvaiparban, k\u00fcl\u00f6n\u00f6sen a PVC-ponyva \u00e1gazatban dolgoz\u00f3 aut\u00f3k\u00e1rpitosok sz\u00e1m\u00e1ra. Fix f\u0171t\u00e9si szinttel \u00e9s egy kieg\u00e9sz\u00edt\u0151 hideg szinttel rendelkezik, \u00edgy praktikus \u00e9s olcs\u00f3 ponyvahegeszt\u0151 k\u00e9sz\u00fcl\u00e9k. A ponyvafeldolgoz\u00f3k egyenletes h\u0151teljes\u00edtm\u00e9nnyel hegeszthetik PVC [&hellip;]<\/p>\n","protected":false},"author":3,"featured_media":26256,"parent":0,"menu_order":1,"comment_status":"closed","ping_status":"closed","template":"","meta":{"iawp_total_views":1,"footnotes":""},"class_list":["post-26285","page","type-page","status-publish","has-post-thumbnail","hentry"],"yoast_head":"<!-- This site is optimized with the Yoast SEO Premium plugin v27.4 (Yoast SEO v27.5) - https:\/\/yoast.com\/product\/yoast-seo-premium-wordpress\/ -->\n<title>K\u00f6lts\u00e9ghat\u00e9kony k\u00e9zi hegeszt\u0151 Aut\u00f3k\u00e1rpitoz\u00f3 Ponyvafeldolgoz\u00f3<\/title>\n<meta name=\"description\" content=\"A praktikus \u00e9s k\u00f6nny\u0171 k\u00e9zi hegeszt\u0151 ide\u00e1lis az aut\u00f3k\u00e1rpitosok \u00e9s ponyvafeldolgoz\u00f3k sz\u00e1m\u00e1ra. K\u00f6lts\u00e9ghat\u00e9kony \u00e9s felhaszn\u00e1l\u00f3bar\u00e1t k\u00e9sz\u00fcl\u00e9k, amely egy fix h\u0151fokbe\u00e1ll\u00edt\u00e1ssal \u00e9s egy tov\u00e1bbi hidegfokbe\u00e1ll\u00edt\u00e1ssal rendelkezik.\" \/>\n<meta name=\"robots\" content=\"index, follow, max-snippet:-1, max-image-preview:large, max-video-preview:-1\" \/>\n<link rel=\"canonical\" href=\"https:\/\/www.akuplastics.com\/hu\/robust-l\/\" \/>\n<script type=\"application\/ld+json\" class=\"yoast-schema-graph\">{\"@context\":\"https:\\\/\\\/schema.org\",\"@graph\":[{\"@type\":\"WebPage\",\"@id\":\"https:\\\/\\\/www.akuplastics.com\\\/hu\\\/robust-l\\\/\",\"url\":\"https:\\\/\\\/www.akuplastics.com\\\/hu\\\/robust-l\\\/\",\"name\":\"K\u00f6lts\u00e9ghat\u00e9kony k\u00e9zi hegeszt\u0151 Aut\u00f3k\u00e1rpitoz\u00f3 Ponyvafeldolgoz\u00f3\",\"isPartOf\":{\"@id\":\"https:\\\/\\\/www.akuplastics.com\\\/hu\\\/#website\"},\"primaryImageOfPage\":{\"@id\":\"https:\\\/\\\/www.akuplastics.com\\\/hu\\\/robust-l\\\/#primaryimage\"},\"image\":{\"@id\":\"https:\\\/\\\/www.akuplastics.com\\\/hu\\\/robust-l\\\/#primaryimage\"},\"thumbnailUrl\":\"https:\\\/\\\/www.akuplastics.com\\\/wp-content\\\/uploads\\\/2025\\\/02\\\/Robust-L-Klein.webp\",\"datePublished\":\"2025-02-19T08:34:48+00:00\",\"dateModified\":\"2025-02-19T08:44:03+00:00\",\"description\":\"A praktikus \u00e9s k\u00f6nny\u0171 k\u00e9zi hegeszt\u0151 ide\u00e1lis az aut\u00f3k\u00e1rpitosok \u00e9s ponyvafeldolgoz\u00f3k sz\u00e1m\u00e1ra. K\u00f6lts\u00e9ghat\u00e9kony \u00e9s felhaszn\u00e1l\u00f3bar\u00e1t k\u00e9sz\u00fcl\u00e9k, amely egy fix h\u0151fokbe\u00e1ll\u00edt\u00e1ssal \u00e9s egy tov\u00e1bbi hidegfokbe\u00e1ll\u00edt\u00e1ssal rendelkezik.\",\"breadcrumb\":{\"@id\":\"https:\\\/\\\/www.akuplastics.com\\\/hu\\\/robust-l\\\/#breadcrumb\"},\"inLanguage\":\"hu\",\"potentialAction\":[{\"@type\":\"ReadAction\",\"target\":[\"https:\\\/\\\/www.akuplastics.com\\\/hu\\\/robust-l\\\/\"]}]},{\"@type\":\"ImageObject\",\"inLanguage\":\"hu\",\"@id\":\"https:\\\/\\\/www.akuplastics.com\\\/hu\\\/robust-l\\\/#primaryimage\",\"url\":\"https:\\\/\\\/www.akuplastics.com\\\/wp-content\\\/uploads\\\/2025\\\/02\\\/Robust-L-Klein.webp\",\"contentUrl\":\"https:\\\/\\\/www.akuplastics.com\\\/wp-content\\\/uploads\\\/2025\\\/02\\\/Robust-L-Klein.webp\",\"width\":720,\"height\":480,\"caption\":\"Robust-L leicht kosteng\u00fcnstig f\u00fcr Autosattler Planenverarbeiter\"},{\"@type\":\"BreadcrumbList\",\"@id\":\"https:\\\/\\\/www.akuplastics.com\\\/hu\\\/robust-l\\\/#breadcrumb\",\"itemListElement\":[{\"@type\":\"ListItem\",\"position\":1,\"name\":\"Kezd\u0151lap\",\"item\":\"https:\\\/\\\/www.akuplastics.com\\\/hu\\\/\"},{\"@type\":\"ListItem\",\"position\":2,\"name\":\"Robust-L\"}]},{\"@type\":\"WebSite\",\"@id\":\"https:\\\/\\\/www.akuplastics.com\\\/hu\\\/#website\",\"url\":\"https:\\\/\\\/www.akuplastics.com\\\/hu\\\/\",\"name\":\"Semi-Finished Products \u2013 Finished Parts \u2013 Ventilation Moulded Parts \u2013 Machines\",\"description\":\"Halbzeuge, Halbfabrikate, Kunststoffhalbzeuge, Kunststoffhalbfabrikate\",\"publisher\":{\"@id\":\"https:\\\/\\\/www.akuplastics.com\\\/hu\\\/#organization\"},\"alternateName\":\"AKUPLASTICS \u2013 Engineering in Plastics\",\"potentialAction\":[{\"@type\":\"SearchAction\",\"target\":{\"@type\":\"EntryPoint\",\"urlTemplate\":\"https:\\\/\\\/www.akuplastics.com\\\/hu\\\/?s={search_term_string}\"},\"query-input\":{\"@type\":\"PropertyValueSpecification\",\"valueRequired\":true,\"valueName\":\"search_term_string\"}}],\"inLanguage\":\"hu\"},{\"@type\":\"Organization\",\"@id\":\"https:\\\/\\\/www.akuplastics.com\\\/hu\\\/#organization\",\"name\":\"Ing. Christian Ahlborn e.U.\",\"alternateName\":\"AKU\",\"url\":\"https:\\\/\\\/www.akuplastics.com\\\/hu\\\/\",\"logo\":{\"@type\":\"ImageObject\",\"inLanguage\":\"hu\",\"@id\":\"https:\\\/\\\/www.akuplastics.com\\\/hu\\\/#\\\/schema\\\/logo\\\/image\\\/\",\"url\":\"https:\\\/\\\/www.akuplastics.com\\\/wp-content\\\/uploads\\\/2020\\\/07\\\/Grafik14-inkl-r.png\",\"contentUrl\":\"https:\\\/\\\/www.akuplastics.com\\\/wp-content\\\/uploads\\\/2020\\\/07\\\/Grafik14-inkl-r.png\",\"width\":1994,\"height\":743,\"caption\":\"Ing. Christian Ahlborn e.U.\"},\"image\":{\"@id\":\"https:\\\/\\\/www.akuplastics.com\\\/hu\\\/#\\\/schema\\\/logo\\\/image\\\/\"}}]}<\/script>\n<!-- \/ Yoast SEO Premium plugin. -->","yoast_head_json":{"title":"K\u00f6lts\u00e9ghat\u00e9kony k\u00e9zi hegeszt\u0151 Aut\u00f3k\u00e1rpitoz\u00f3 Ponyvafeldolgoz\u00f3","description":"A praktikus \u00e9s k\u00f6nny\u0171 k\u00e9zi hegeszt\u0151 ide\u00e1lis az aut\u00f3k\u00e1rpitosok \u00e9s ponyvafeldolgoz\u00f3k sz\u00e1m\u00e1ra. K\u00f6lts\u00e9ghat\u00e9kony \u00e9s felhaszn\u00e1l\u00f3bar\u00e1t k\u00e9sz\u00fcl\u00e9k, amely egy fix h\u0151fokbe\u00e1ll\u00edt\u00e1ssal \u00e9s egy tov\u00e1bbi hidegfokbe\u00e1ll\u00edt\u00e1ssal rendelkezik.","robots":{"index":"index","follow":"follow","max-snippet":"max-snippet:-1","max-image-preview":"max-image-preview:large","max-video-preview":"max-video-preview:-1"},"canonical":"https:\/\/www.akuplastics.com\/hu\/robust-l\/","schema":{"@context":"https:\/\/schema.org","@graph":[{"@type":"WebPage","@id":"https:\/\/www.akuplastics.com\/hu\/robust-l\/","url":"https:\/\/www.akuplastics.com\/hu\/robust-l\/","name":"K\u00f6lts\u00e9ghat\u00e9kony k\u00e9zi hegeszt\u0151 Aut\u00f3k\u00e1rpitoz\u00f3 Ponyvafeldolgoz\u00f3","isPartOf":{"@id":"https:\/\/www.akuplastics.com\/hu\/#website"},"primaryImageOfPage":{"@id":"https:\/\/www.akuplastics.com\/hu\/robust-l\/#primaryimage"},"image":{"@id":"https:\/\/www.akuplastics.com\/hu\/robust-l\/#primaryimage"},"thumbnailUrl":"https:\/\/www.akuplastics.com\/wp-content\/uploads\/2025\/02\/Robust-L-Klein.webp","datePublished":"2025-02-19T08:34:48+00:00","dateModified":"2025-02-19T08:44:03+00:00","description":"A praktikus \u00e9s k\u00f6nny\u0171 k\u00e9zi hegeszt\u0151 ide\u00e1lis az aut\u00f3k\u00e1rpitosok \u00e9s ponyvafeldolgoz\u00f3k sz\u00e1m\u00e1ra. K\u00f6lts\u00e9ghat\u00e9kony \u00e9s felhaszn\u00e1l\u00f3bar\u00e1t k\u00e9sz\u00fcl\u00e9k, amely egy fix h\u0151fokbe\u00e1ll\u00edt\u00e1ssal \u00e9s egy tov\u00e1bbi hidegfokbe\u00e1ll\u00edt\u00e1ssal rendelkezik.","breadcrumb":{"@id":"https:\/\/www.akuplastics.com\/hu\/robust-l\/#breadcrumb"},"inLanguage":"hu","potentialAction":[{"@type":"ReadAction","target":["https:\/\/www.akuplastics.com\/hu\/robust-l\/"]}]},{"@type":"ImageObject","inLanguage":"hu","@id":"https:\/\/www.akuplastics.com\/hu\/robust-l\/#primaryimage","url":"https:\/\/www.akuplastics.com\/wp-content\/uploads\/2025\/02\/Robust-L-Klein.webp","contentUrl":"https:\/\/www.akuplastics.com\/wp-content\/uploads\/2025\/02\/Robust-L-Klein.webp","width":720,"height":480,"caption":"Robust-L leicht kosteng\u00fcnstig f\u00fcr Autosattler Planenverarbeiter"},{"@type":"BreadcrumbList","@id":"https:\/\/www.akuplastics.com\/hu\/robust-l\/#breadcrumb","itemListElement":[{"@type":"ListItem","position":1,"name":"Kezd\u0151lap","item":"https:\/\/www.akuplastics.com\/hu\/"},{"@type":"ListItem","position":2,"name":"Robust-L"}]},{"@type":"WebSite","@id":"https:\/\/www.akuplastics.com\/hu\/#website","url":"https:\/\/www.akuplastics.com\/hu\/","name":"Semi-Finished Products \u2013 Finished Parts \u2013 Ventilation Moulded Parts \u2013 Machines","description":"Halbzeuge, Halbfabrikate, Kunststoffhalbzeuge, Kunststoffhalbfabrikate","publisher":{"@id":"https:\/\/www.akuplastics.com\/hu\/#organization"},"alternateName":"AKUPLASTICS \u2013 Engineering in Plastics","potentialAction":[{"@type":"SearchAction","target":{"@type":"EntryPoint","urlTemplate":"https:\/\/www.akuplastics.com\/hu\/?s={search_term_string}"},"query-input":{"@type":"PropertyValueSpecification","valueRequired":true,"valueName":"search_term_string"}}],"inLanguage":"hu"},{"@type":"Organization","@id":"https:\/\/www.akuplastics.com\/hu\/#organization","name":"Ing. Christian Ahlborn e.U.","alternateName":"AKU","url":"https:\/\/www.akuplastics.com\/hu\/","logo":{"@type":"ImageObject","inLanguage":"hu","@id":"https:\/\/www.akuplastics.com\/hu\/#\/schema\/logo\/image\/","url":"https:\/\/www.akuplastics.com\/wp-content\/uploads\/2020\/07\/Grafik14-inkl-r.png","contentUrl":"https:\/\/www.akuplastics.com\/wp-content\/uploads\/2020\/07\/Grafik14-inkl-r.png","width":1994,"height":743,"caption":"Ing. Christian Ahlborn e.U."},"image":{"@id":"https:\/\/www.akuplastics.com\/hu\/#\/schema\/logo\/image\/"}}]}},"_links":{"self":[{"href":"https:\/\/www.akuplastics.com\/hu\/wp-json\/wp\/v2\/pages\/26285","targetHints":{"allow":["GET"]}}],"collection":[{"href":"https:\/\/www.akuplastics.com\/hu\/wp-json\/wp\/v2\/pages"}],"about":[{"href":"https:\/\/www.akuplastics.com\/hu\/wp-json\/wp\/v2\/types\/page"}],"author":[{"embeddable":true,"href":"https:\/\/www.akuplastics.com\/hu\/wp-json\/wp\/v2\/users\/3"}],"replies":[{"embeddable":true,"href":"https:\/\/www.akuplastics.com\/hu\/wp-json\/wp\/v2\/comments?post=26285"}],"version-history":[{"count":2,"href":"https:\/\/www.akuplastics.com\/hu\/wp-json\/wp\/v2\/pages\/26285\/revisions"}],"predecessor-version":[{"id":26296,"href":"https:\/\/www.akuplastics.com\/hu\/wp-json\/wp\/v2\/pages\/26285\/revisions\/26296"}],"wp:featuredmedia":[{"embeddable":true,"href":"https:\/\/www.akuplastics.com\/hu\/wp-json\/wp\/v2\/media\/26256"}],"wp:attachment":[{"href":"https:\/\/www.akuplastics.com\/hu\/wp-json\/wp\/v2\/media?parent=26285"}],"curies":[{"name":"wp","href":"https:\/\/api.w.org\/{rel}","templated":true}]}}