{"id":26241,"date":"2025-02-19T09:18:26","date_gmt":"2025-02-19T08:18:26","guid":{"rendered":"https:\/\/www.akuplastics.com\/oval-h\/"},"modified":"2025-02-21T16:11:20","modified_gmt":"2025-02-21T15:11:20","slug":"oval-h","status":"publish","type":"page","link":"https:\/\/www.akuplastics.com\/hu\/oval-h\/","title":{"rendered":"Oval-H"},"content":{"rendered":"\t\t<div data-elementor-type=\"wp-page\" data-elementor-id=\"26241\" class=\"elementor elementor-26241 elementor-26215\" data-elementor-post-type=\"page\">\n\t\t\t\t\t\t<section class=\"elementor-section elementor-top-section elementor-element elementor-element-fe87f82 elementor-section-boxed elementor-section-height-default elementor-section-height-default\" data-id=\"fe87f82\" data-element_type=\"section\" data-e-type=\"section\">\n\t\t\t\t\t\t<div class=\"elementor-container elementor-column-gap-default\">\n\t\t\t\t\t<div class=\"elementor-column elementor-col-100 elementor-top-column elementor-element elementor-element-9d73eaf\" data-id=\"9d73eaf\" data-element_type=\"column\" data-e-type=\"column\">\n\t\t\t<div class=\"elementor-widget-wrap elementor-element-populated\">\n\t\t\t\t\t\t<div class=\"elementor-element elementor-element-b2e6bbb elementor-widget elementor-widget-text-editor\" data-id=\"b2e6bbb\" data-element_type=\"widget\" data-e-type=\"widget\" data-widget_type=\"text-editor.default\">\n\t\t\t\t<div class=\"elementor-widget-container\">\n\t\t\t\t\t\t\t\t\t<h1>Oval-H professzion\u00e1lis \u00e9s robusztus forr\u00f3leveg\u0151s szersz\u00e1m 3000 W-os, fokozatmentesen szab\u00e1lyozhat\u00f3 h\u0151m\u00e9rs\u00e9klet\u0171, iker turbina rendszerrel \u00e9s k\u00f6nnyen cser\u00e9lhet\u0151 sz\u0171r\u0151kkel &#8211; ide\u00e1lis az \u00e9p\u00edtkez\u00e9seken val\u00f3 haszn\u00e1lathoz.<\/h1>\t\t\t\t\t\t\t\t<\/div>\n\t\t\t\t<\/div>\n\t\t\t\t<section class=\"elementor-section elementor-inner-section elementor-element elementor-element-801269c elementor-section-boxed elementor-section-height-default elementor-section-height-default\" data-id=\"801269c\" data-element_type=\"section\" data-e-type=\"section\">\n\t\t\t\t\t\t<div class=\"elementor-container elementor-column-gap-default\">\n\t\t\t\t\t<div class=\"elementor-column elementor-col-50 elementor-inner-column elementor-element elementor-element-a7a0317\" data-id=\"a7a0317\" data-element_type=\"column\" data-e-type=\"column\">\n\t\t\t<div class=\"elementor-widget-wrap elementor-element-populated\">\n\t\t\t\t\t\t<div class=\"elementor-element elementor-element-036b7b5 elementor-widget__width-initial elementor-widget elementor-widget-text-editor\" data-id=\"036b7b5\" data-element_type=\"widget\" data-e-type=\"widget\" data-widget_type=\"text-editor.default\">\n\t\t\t\t<div class=\"elementor-widget-container\">\n\t\t\t\t\t\t\t\t\t<h5><strong>Oval-H melegleveg\u0151s k\u00e9sz\u00fcl\u00e9k fokozatmentesen szab\u00e1lyozhat\u00f3 h\u0151m\u00e9rs\u00e9klettel<\/strong><\/h5><div><div dir=\"auto\" data-message-author-role=\"assistant\" data-message-id=\"2f911f9d-53b2-48b2-ad8c-adefac669b42\" data-message-model-slug=\"gpt-4o\"><p>Az <strong> Oval-H<\/strong> egy nagy teljes\u00edtm\u00e9ny\u0171 \u00e9s k\u00e9zre\u00e1ll\u00f3 forr\u00f3leveg\u0151s hegeszt\u0151 az \u00faj <strong>Oval-Line<\/strong> term\u00e9kcsal\u00e1db\u00f3l. <strong>Nagy l\u00e9gkibocs\u00e1t\u00e1ssal<\/strong> \u00e9s <strong>er\u0151teljes, 3000 W-os h\u0151teljes\u00edtm\u00e9nnyel<\/strong> rendelkezik, \u00e9s a professzion\u00e1lis haszn\u00e1lathoz az ergonomikus kialak\u00edt\u00e1st robusztus konstrukci\u00f3val \u00f6tv\u00f6zi. <\/p><p>A <strong>40 mm-es sz\u00e9les ny\u00edl\u00e1s\u00fa f\u00fav\u00f3k\u00e1nak<\/strong> k\u00f6sz\u00f6nhet\u0151en az Oval-H hat\u00e9kony \u00e9s er\u0151teljes hegeszt\u00e9st tesz lehet\u0151v\u00e9 &#8211; ide\u00e1lis a <strong>hullad\u00e9klerak\u00f3 b\u00e9l\u00e9sek, t\u00f3f\u00f3li\u00e1k \u00e9s neh\u00e9z ponyv\u00e1k<\/strong> hegeszt\u00e9s\u00e9hez. Az <strong>aut\u00f3iparban<\/strong> is haszn\u00e1lj\u00e1k, p\u00e9ld\u00e1ul a <strong>t\u00f6lt\u0151anyag kisz<\/strong> \u00e1r\u00edt\u00e1s\u00e1ra vagy a <strong>m\u0171anyag alkatr\u00e9szek aktiv\u00e1l\u00e1s\u00e1ra<\/strong>. <\/p><p>A <strong>20\u00b0C \u00e9s 700\u00b0C<\/strong> k\u00f6z\u00f6tt <strong>fokozatmentesen szab\u00e1lyozhat\u00f3 h\u0151m\u00e9rs\u00e9klet-be\u00e1ll\u00edt\u00e1s<\/strong> prec\u00edz munk\u00e1t biztos\u00edt, m\u00edg a nagy teljes\u00edtm\u00e9ny\u0171 <strong>ikerturbin\u00e1s rendszer<\/strong> megb\u00edzhat\u00f3 <strong>\u00e1tfed\u00e9ses hegeszt\u00e9st<\/strong> tesz lehet\u0151v\u00e9.<\/p><p>A v\u00e9kony foganty\u00faval ell\u00e1tott <strong>ergonomikus kialak\u00edt\u00e1s<\/strong> k\u00e9nyelmes munkav\u00e9gz\u00e9st biztos\u00edt. A <strong>k\u00f6nnyen tiszt\u00edthat\u00f3 l\u00e9gsz\u0171r\u0151k<\/strong> \u00e9s a <strong>kikapcsolhat\u00f3 sz\u00e9nkef\u00e9k<\/strong> hossz\u00fa \u00e9lettartamot biztos\u00edtanak. A sz\u00e9n \u00e9lettartama kb. <strong>1500 \u00f3ra<\/strong>, \u00e9s a motoros kollektor k\u00e1rosod\u00e1s\u00e1nak elker\u00fcl\u00e9se \u00e9rdek\u00e9ben a sz\u00e9neket t\u00f6bbsz\u00f6r is k\u00f6nnyen cser\u00e9lni lehet.  <\/p><table><thead><tr><th>M\u0171szaki specifik\u00e1ci\u00f3k<\/th><th>M\u0171szaki adatok<\/th><\/tr><\/thead><tbody><tr><td><strong>Fesz\u00fclts\u00e9g<\/strong><\/td><td>230V; 120V<\/td><\/tr><tr><td><strong>Teljes\u00edtm\u00e9ny<\/strong><\/td><td>max. 1600W<\/td><\/tr><tr><td><strong>Frekvencia<\/strong><\/td><td>50\/60 Hz<\/td><\/tr><tr><td><strong>h\u0151m\u00e9rs\u00e9klet<\/strong><\/td><td>20 &#8211; 700\u00b0C<\/td><\/tr><tr><td><strong>Leveg\u0151mennyis\u00e9g<\/strong><\/td><td>280 l\/min<\/td><\/tr><tr><td><strong>M\u00e9retek<\/strong><\/td><td>\u00d8 334 x 95 mm, foganty\u00fa \u00d8 58 mm<\/td><\/tr><tr><td><strong>S\u00faly<\/strong><\/td><td>1,4 kg 3 m csatlakoz\u00f3k\u00e1bellel<\/td><\/tr><tr><td><strong>A megfelel\u0151s\u00e9g jele<\/strong><\/td><td>CE; EAC<\/td><\/tr><tr><td><strong>V\u00e9delmi oszt\u00e1ly<\/strong><\/td><td>II \/<\/td><\/tr><\/tbody><\/table><p>A k\u00e9sz\u00fcl\u00e9k sz\u00e1mos alkalmaz\u00e1si ter\u00fcletre alkalmas, t\u00f6bbek k\u00f6z\u00f6tt <strong data-start=\"76\" data-end=\"141\">rekl\u00e1mszalagok, ponyv\u00e1k \u00e9s lapos tet\u0151h\u00e9jazatok hegeszt\u00e9s\u00e9re<\/strong>, <strong data-start=\"147\" data-end=\"190\">PVC padl\u00f3burkolatok \u00e9s lin\u00f3leum megmunk\u00e1l\u00e1s\u00e1ra<\/strong>, valamint <strong data-start=\"202\" data-end=\"255\">aut\u00f3ponyva, s\u00e1trak \u00e9s m\u0171anyagok jav\u00edt\u00e1s\u00e1ra<\/strong>.<\/p><p>Haszn\u00e1lhat\u00f3 tov\u00e1bb\u00e1 <strong data-start=\"274\" data-end=\"322\">f\u00f3li\u00e1k, k\u00e1belek \u00e9s t\u00f6ml\u0151k zsugor\u00edt\u00e1s\u00e1ra<\/strong>, <strong data-start=\"328\" data-end=\"356\">m\u0171anyag form\u00e1z\u00e1s\u00e1ra<\/strong> \u00e9s az \u00e9lelmiszeriparban <strong data-start=\"365\" data-end=\"399\">a csomagol\u00e1s steriliz\u00e1l\u00e1s\u00e1ra<\/strong>.<\/p><p>Tov\u00e1bbi alkalmaz\u00e1si ter\u00fcletei k\u00f6z\u00e9 tartozik a <strong data-start=\"483\" data-end=\"535\">szintetikus sz\u00e1lak v\u00e1g\u00e1sa \u00e9s \u00f6sszeolvaszt\u00e1sa<\/strong>, <strong data-start=\"541\" data-end=\"582\">a m\u0171anyag form\u00e1z\u00e1si g\u00f6rcs\u00f6k elt\u00e1vol\u00edt\u00e1sa<\/strong>, <strong data-start=\"588\" data-end=\"622\">a tablett\u00e1k \u00e9s bevont tablett\u00e1k sim\u00edt\u00e1sa<\/strong>, valamint <strong data-start=\"634\" data-end=\"669\">a medenc\u00e9k \u00e9s tavak t\u00f6m\u00edt\u00e9se<\/strong>.<\/p><p>Az <strong data-start=\"689\" data-end=\"720\">elektromechanikai munk\u00e1khoz<\/strong>, az <strong data-start=\"726\" data-end=\"779\">akvakult\u00far\u00e1k \u00e9s haj\u00f3k \u00e9p\u00edt\u00e9s\u00e9hez \u00e9s jav\u00edt\u00e1s\u00e1hoz<\/strong> is haszn\u00e1lj\u00e1k, \u00e9s <strong data-start=\"792\" data-end=\"826\">N\u00e9metorsz\u00e1gban gy\u00e1rtj\u00e1k<\/strong>.<\/p><\/div><\/div>\t\t\t\t\t\t\t\t<\/div>\n\t\t\t\t<\/div>\n\t\t\t\t\t<\/div>\n\t\t<\/div>\n\t\t\t\t<div class=\"elementor-column elementor-col-50 elementor-inner-column elementor-element elementor-element-ce2cebd\" data-id=\"ce2cebd\" data-element_type=\"column\" data-e-type=\"column\">\n\t\t\t<div class=\"elementor-widget-wrap elementor-element-populated\">\n\t\t\t\t\t\t<div class=\"elementor-element elementor-element-e76a073 elementor-invisible elementor-widget elementor-widget-image\" data-id=\"e76a073\" data-element_type=\"widget\" data-e-type=\"widget\" data-settings=\"{&quot;_animation&quot;:&quot;fadeInDown&quot;}\" data-widget_type=\"image.default\">\n\t\t\t\t<div class=\"elementor-widget-container\">\n\t\t\t\t\t\t\t\t\t\t\t\t<figure class=\"wp-caption\">\n\t\t\t\t\t\t\t\t\t\t<img loading=\"lazy\" decoding=\"async\" width=\"300\" height=\"200\" src=\"https:\/\/www.akuplastics.com\/wp-content\/uploads\/2025\/02\/Oval-H-300x200.webp\" class=\"attachment-medium size-medium wp-image-26159\" alt=\"\" srcset=\"https:\/\/www.akuplastics.com\/wp-content\/uploads\/2025\/02\/Oval-H-300x200.webp 300w, https:\/\/www.akuplastics.com\/wp-content\/uploads\/2025\/02\/Oval-H-1024x683.webp 1024w, https:\/\/www.akuplastics.com\/wp-content\/uploads\/2025\/02\/Oval-H-768x512.webp 768w, https:\/\/www.akuplastics.com\/wp-content\/uploads\/2025\/02\/Oval-H-1536x1024.webp 1536w, https:\/\/www.akuplastics.com\/wp-content\/uploads\/2025\/02\/Oval-H.webp 1920w\" sizes=\"auto, (max-width: 300px) 100vw, 300px\" \/>\t\t\t\t\t\t\t\t\t\t\t<figcaption class=\"widget-image-caption wp-caption-text\">K\u00e9zi hegeszt\u0151 Oval-H Fokozatmentesen szab\u00e1lyozhat\u00f3 h\u0151m\u00e9rs\u00e9klet<\/figcaption>\n\t\t\t\t\t\t\t\t\t\t<\/figure>\n\t\t\t\t\t\t\t\t\t<\/div>\n\t\t\t\t<\/div>\n\t\t\t\t<div class=\"elementor-element elementor-element-42b34e0 elementor-invisible elementor-widget elementor-widget-image\" data-id=\"42b34e0\" data-element_type=\"widget\" data-e-type=\"widget\" data-settings=\"{&quot;_animation&quot;:&quot;fadeInUp&quot;}\" data-widget_type=\"image.default\">\n\t\t\t\t<div class=\"elementor-widget-container\">\n\t\t\t\t\t\t\t\t\t\t\t\t<figure class=\"wp-caption\">\n\t\t\t\t\t\t\t\t\t\t<img loading=\"lazy\" decoding=\"async\" width=\"300\" height=\"200\" src=\"https:\/\/www.akuplastics.com\/wp-content\/uploads\/2025\/02\/Anwendung-Oval-Q-3-Klein-300x200.webp\" class=\"attachment-medium size-medium wp-image-26171\" alt=\"\" srcset=\"https:\/\/www.akuplastics.com\/wp-content\/uploads\/2025\/02\/Anwendung-Oval-Q-3-Klein-300x200.webp 300w, https:\/\/www.akuplastics.com\/wp-content\/uploads\/2025\/02\/Anwendung-Oval-Q-3-Klein.webp 720w\" sizes=\"auto, (max-width: 300px) 100vw, 300px\" \/>\t\t\t\t\t\t\t\t\t\t\t<figcaption class=\"widget-image-caption wp-caption-text\">K\u00e9zi hegeszt\u0151 Oval-H Fokozatmentesen szab\u00e1lyozhat\u00f3 h\u0151m\u00e9rs\u00e9klet<\/figcaption>\n\t\t\t\t\t\t\t\t\t\t<\/figure>\n\t\t\t\t\t\t\t\t\t<\/div>\n\t\t\t\t<\/div>\n\t\t\t\t<div class=\"elementor-element elementor-element-515979d elementor-invisible elementor-widget elementor-widget-image\" data-id=\"515979d\" data-element_type=\"widget\" data-e-type=\"widget\" data-settings=\"{&quot;_animation&quot;:&quot;fadeInLeft&quot;}\" data-widget_type=\"image.default\">\n\t\t\t\t<div class=\"elementor-widget-container\">\n\t\t\t\t\t\t\t\t\t\t\t\t<figure class=\"wp-caption\">\n\t\t\t\t\t\t\t\t\t\t<img loading=\"lazy\" decoding=\"async\" width=\"300\" height=\"200\" src=\"https:\/\/www.akuplastics.com\/wp-content\/uploads\/2025\/02\/Anwendung-Oval-Q-1-Klein-300x200.webp\" class=\"attachment-medium size-medium wp-image-26165\" alt=\"\" srcset=\"https:\/\/www.akuplastics.com\/wp-content\/uploads\/2025\/02\/Anwendung-Oval-Q-1-Klein-300x200.webp 300w, https:\/\/www.akuplastics.com\/wp-content\/uploads\/2025\/02\/Anwendung-Oval-Q-1-Klein.webp 720w\" sizes=\"auto, (max-width: 300px) 100vw, 300px\" \/>\t\t\t\t\t\t\t\t\t\t\t<figcaption class=\"widget-image-caption wp-caption-text\">Alkalmaz\u00e1s Alkalmaz\u00e1s K\u00e9zi hegeszt\u0151 Oval-Q Fokozatmentesen szab\u00e1lyozhat\u00f3 h\u0151m\u00e9rs\u00e9klet<\/figcaption>\n\t\t\t\t\t\t\t\t\t\t<\/figure>\n\t\t\t\t\t\t\t\t\t<\/div>\n\t\t\t\t<\/div>\n\t\t\t\t<div class=\"elementor-element elementor-element-c5d8608 elementor-invisible elementor-widget elementor-widget-image\" data-id=\"c5d8608\" data-element_type=\"widget\" data-e-type=\"widget\" data-settings=\"{&quot;_animation&quot;:&quot;fadeInRight&quot;}\" data-widget_type=\"image.default\">\n\t\t\t\t<div class=\"elementor-widget-container\">\n\t\t\t\t\t\t\t\t\t\t\t\t<figure class=\"wp-caption\">\n\t\t\t\t\t\t\t\t\t\t<img loading=\"lazy\" decoding=\"async\" width=\"300\" height=\"200\" src=\"https:\/\/www.akuplastics.com\/wp-content\/uploads\/2025\/02\/Anwendung-Oval-Q-2-Klein-300x200.webp\" class=\"attachment-medium size-medium wp-image-26168\" alt=\"\" srcset=\"https:\/\/www.akuplastics.com\/wp-content\/uploads\/2025\/02\/Anwendung-Oval-Q-2-Klein-300x200.webp 300w, https:\/\/www.akuplastics.com\/wp-content\/uploads\/2025\/02\/Anwendung-Oval-Q-2-Klein.webp 720w\" sizes=\"auto, (max-width: 300px) 100vw, 300px\" \/>\t\t\t\t\t\t\t\t\t\t\t<figcaption class=\"widget-image-caption wp-caption-text\">K\u00e9zi hegeszt\u0151 Oval-H Fokozatmentesen szab\u00e1lyozhat\u00f3 h\u0151m\u00e9rs\u00e9klet<\/figcaption>\n\t\t\t\t\t\t\t\t\t\t<\/figure>\n\t\t\t\t\t\t\t\t\t<\/div>\n\t\t\t\t<\/div>\n\t\t\t\t<div class=\"elementor-element elementor-element-c82ff2e elementor-widget elementor-widget-video\" data-id=\"c82ff2e\" data-element_type=\"widget\" data-e-type=\"widget\" data-settings=\"{&quot;video_type&quot;:&quot;hosted&quot;,&quot;controls&quot;:&quot;yes&quot;}\" data-widget_type=\"video.default\">\n\t\t\t\t<div class=\"elementor-widget-container\">\n\t\t\t\t\t\t\t<div class=\"e-hosted-video elementor-wrapper elementor-open-inline\">\n\t\t\t\t\t<video class=\"elementor-video\" src=\"https:\/\/www.akuplastics.com\/wp-content\/uploads\/2025\/02\/AKU-Forsthoff-Hot-Air-Welding-Gun-Mini-Electronic.webm\" controls=\"\" preload=\"metadata\" controlsList=\"nodownload\" poster=\"https:\/\/www.akuplastics.com\/wp-content\/uploads\/2025\/02\/Anwendung-Quick-L-electronic-Klein.webp\"><\/video>\n\t\t\t\t<\/div>\n\t\t\t\t\t\t<\/div>\n\t\t\t\t<\/div>\n\t\t\t\t\t<\/div>\n\t\t<\/div>\n\t\t\t\t\t<\/div>\n\t\t<\/section>\n\t\t\t\t\t<\/div>\n\t\t<\/div>\n\t\t\t\t\t<\/div>\n\t\t<\/section>\n\t\t\t\t<\/div>\n\t\t","protected":false},"excerpt":{"rendered":"<p>Oval-H professzion\u00e1lis \u00e9s robusztus forr\u00f3leveg\u0151s szersz\u00e1m 3000 W-os, fokozatmentesen szab\u00e1lyozhat\u00f3 h\u0151m\u00e9rs\u00e9klet\u0171, iker turbina rendszerrel \u00e9s k\u00f6nnyen cser\u00e9lhet\u0151 sz\u0171r\u0151kkel &#8211; ide\u00e1lis az \u00e9p\u00edtkez\u00e9seken val\u00f3 haszn\u00e1lathoz. Oval-H melegleveg\u0151s k\u00e9sz\u00fcl\u00e9k fokozatmentesen szab\u00e1lyozhat\u00f3 h\u0151m\u00e9rs\u00e9klettel Az Oval-H egy nagy teljes\u00edtm\u00e9ny\u0171 \u00e9s k\u00e9zre\u00e1ll\u00f3 forr\u00f3leveg\u0151s hegeszt\u0151 az \u00faj Oval-Line term\u00e9kcsal\u00e1db\u00f3l. Nagy l\u00e9gkibocs\u00e1t\u00e1ssal \u00e9s er\u0151teljes, 3000 W-os h\u0151teljes\u00edtm\u00e9nnyel rendelkezik, \u00e9s a professzion\u00e1lis haszn\u00e1lathoz [&hellip;]<\/p>\n","protected":false},"author":3,"featured_media":26159,"parent":0,"menu_order":0,"comment_status":"closed","ping_status":"closed","template":"","meta":{"iawp_total_views":0,"footnotes":""},"class_list":["post-26241","page","type-page","status-publish","has-post-thumbnail","hentry"],"yoast_head":"<!-- This site is optimized with the Yoast SEO Premium plugin v27.4 (Yoast SEO v27.5) - https:\/\/yoast.com\/product\/yoast-seo-premium-wordpress\/ -->\n<title>Robusztus forr\u00f3g\u00e1z hegeszt\u0151 fokozatmentesen szab\u00e1lyozhat\u00f3 h\u0151m\u00e9rs\u00e9klet\u0171 ikerturbin\u00e1s rendszer<\/title>\n<meta name=\"description\" content=\"Professzion\u00e1lis \u00e9s robusztus forr\u00f3leveg\u0151s szersz\u00e1m fokozatmentesen szab\u00e1lyozhat\u00f3 h\u0151m\u00e9rs\u00e9klettel, ikerturbin\u00e1s rendszerrel \u00e9s k\u00f6nnyen cser\u00e9lhet\u0151 sz\u0171r\u0151kkel - ide\u00e1lis az \u00e9p\u00edtkez\u00e9seken val\u00f3 haszn\u00e1lathoz.\" \/>\n<meta name=\"robots\" content=\"index, follow, max-snippet:-1, max-image-preview:large, max-video-preview:-1\" \/>\n<link rel=\"canonical\" href=\"https:\/\/www.akuplastics.com\/hu\/oval-h\/\" \/>\n<script type=\"application\/ld+json\" class=\"yoast-schema-graph\">{\"@context\":\"https:\\\/\\\/schema.org\",\"@graph\":[{\"@type\":\"WebPage\",\"@id\":\"https:\\\/\\\/www.akuplastics.com\\\/hu\\\/oval-h\\\/\",\"url\":\"https:\\\/\\\/www.akuplastics.com\\\/hu\\\/oval-h\\\/\",\"name\":\"Robusztus forr\u00f3g\u00e1z hegeszt\u0151 fokozatmentesen szab\u00e1lyozhat\u00f3 h\u0151m\u00e9rs\u00e9klet\u0171 ikerturbin\u00e1s rendszer\",\"isPartOf\":{\"@id\":\"https:\\\/\\\/www.akuplastics.com\\\/hu\\\/#website\"},\"primaryImageOfPage\":{\"@id\":\"https:\\\/\\\/www.akuplastics.com\\\/hu\\\/oval-h\\\/#primaryimage\"},\"image\":{\"@id\":\"https:\\\/\\\/www.akuplastics.com\\\/hu\\\/oval-h\\\/#primaryimage\"},\"thumbnailUrl\":\"https:\\\/\\\/www.akuplastics.com\\\/wp-content\\\/uploads\\\/2025\\\/02\\\/Oval-H.webp\",\"datePublished\":\"2025-02-19T08:18:26+00:00\",\"dateModified\":\"2025-02-21T15:11:20+00:00\",\"description\":\"Professzion\u00e1lis \u00e9s robusztus forr\u00f3leveg\u0151s szersz\u00e1m fokozatmentesen szab\u00e1lyozhat\u00f3 h\u0151m\u00e9rs\u00e9klettel, ikerturbin\u00e1s rendszerrel \u00e9s k\u00f6nnyen cser\u00e9lhet\u0151 sz\u0171r\u0151kkel - ide\u00e1lis az \u00e9p\u00edtkez\u00e9seken val\u00f3 haszn\u00e1lathoz.\",\"breadcrumb\":{\"@id\":\"https:\\\/\\\/www.akuplastics.com\\\/hu\\\/oval-h\\\/#breadcrumb\"},\"inLanguage\":\"hu\",\"potentialAction\":[{\"@type\":\"ReadAction\",\"target\":[\"https:\\\/\\\/www.akuplastics.com\\\/hu\\\/oval-h\\\/\"]}]},{\"@type\":\"ImageObject\",\"inLanguage\":\"hu\",\"@id\":\"https:\\\/\\\/www.akuplastics.com\\\/hu\\\/oval-h\\\/#primaryimage\",\"url\":\"https:\\\/\\\/www.akuplastics.com\\\/wp-content\\\/uploads\\\/2025\\\/02\\\/Oval-H.webp\",\"contentUrl\":\"https:\\\/\\\/www.akuplastics.com\\\/wp-content\\\/uploads\\\/2025\\\/02\\\/Oval-H.webp\",\"width\":1920,\"height\":1280},{\"@type\":\"BreadcrumbList\",\"@id\":\"https:\\\/\\\/www.akuplastics.com\\\/hu\\\/oval-h\\\/#breadcrumb\",\"itemListElement\":[{\"@type\":\"ListItem\",\"position\":1,\"name\":\"Kezd\u0151lap\",\"item\":\"https:\\\/\\\/www.akuplastics.com\\\/hu\\\/\"},{\"@type\":\"ListItem\",\"position\":2,\"name\":\"Oval-H\"}]},{\"@type\":\"WebSite\",\"@id\":\"https:\\\/\\\/www.akuplastics.com\\\/hu\\\/#website\",\"url\":\"https:\\\/\\\/www.akuplastics.com\\\/hu\\\/\",\"name\":\"Semi-Finished Products \u2013 Finished Parts \u2013 Ventilation Moulded Parts \u2013 Machines\",\"description\":\"Halbzeuge, Halbfabrikate, Kunststoffhalbzeuge, Kunststoffhalbfabrikate\",\"publisher\":{\"@id\":\"https:\\\/\\\/www.akuplastics.com\\\/hu\\\/#organization\"},\"alternateName\":\"AKUPLASTICS \u2013 Engineering in Plastics\",\"potentialAction\":[{\"@type\":\"SearchAction\",\"target\":{\"@type\":\"EntryPoint\",\"urlTemplate\":\"https:\\\/\\\/www.akuplastics.com\\\/hu\\\/?s={search_term_string}\"},\"query-input\":{\"@type\":\"PropertyValueSpecification\",\"valueRequired\":true,\"valueName\":\"search_term_string\"}}],\"inLanguage\":\"hu\"},{\"@type\":\"Organization\",\"@id\":\"https:\\\/\\\/www.akuplastics.com\\\/hu\\\/#organization\",\"name\":\"Ing. Christian Ahlborn e.U.\",\"alternateName\":\"AKU\",\"url\":\"https:\\\/\\\/www.akuplastics.com\\\/hu\\\/\",\"logo\":{\"@type\":\"ImageObject\",\"inLanguage\":\"hu\",\"@id\":\"https:\\\/\\\/www.akuplastics.com\\\/hu\\\/#\\\/schema\\\/logo\\\/image\\\/\",\"url\":\"https:\\\/\\\/www.akuplastics.com\\\/wp-content\\\/uploads\\\/2020\\\/07\\\/Grafik14-inkl-r.png\",\"contentUrl\":\"https:\\\/\\\/www.akuplastics.com\\\/wp-content\\\/uploads\\\/2020\\\/07\\\/Grafik14-inkl-r.png\",\"width\":1994,\"height\":743,\"caption\":\"Ing. Christian Ahlborn e.U.\"},\"image\":{\"@id\":\"https:\\\/\\\/www.akuplastics.com\\\/hu\\\/#\\\/schema\\\/logo\\\/image\\\/\"}}]}<\/script>\n<!-- \/ Yoast SEO Premium plugin. -->","yoast_head_json":{"title":"Robusztus forr\u00f3g\u00e1z hegeszt\u0151 fokozatmentesen szab\u00e1lyozhat\u00f3 h\u0151m\u00e9rs\u00e9klet\u0171 ikerturbin\u00e1s rendszer","description":"Professzion\u00e1lis \u00e9s robusztus forr\u00f3leveg\u0151s szersz\u00e1m fokozatmentesen szab\u00e1lyozhat\u00f3 h\u0151m\u00e9rs\u00e9klettel, ikerturbin\u00e1s rendszerrel \u00e9s k\u00f6nnyen cser\u00e9lhet\u0151 sz\u0171r\u0151kkel - ide\u00e1lis az \u00e9p\u00edtkez\u00e9seken val\u00f3 haszn\u00e1lathoz.","robots":{"index":"index","follow":"follow","max-snippet":"max-snippet:-1","max-image-preview":"max-image-preview:large","max-video-preview":"max-video-preview:-1"},"canonical":"https:\/\/www.akuplastics.com\/hu\/oval-h\/","schema":{"@context":"https:\/\/schema.org","@graph":[{"@type":"WebPage","@id":"https:\/\/www.akuplastics.com\/hu\/oval-h\/","url":"https:\/\/www.akuplastics.com\/hu\/oval-h\/","name":"Robusztus forr\u00f3g\u00e1z hegeszt\u0151 fokozatmentesen szab\u00e1lyozhat\u00f3 h\u0151m\u00e9rs\u00e9klet\u0171 ikerturbin\u00e1s rendszer","isPartOf":{"@id":"https:\/\/www.akuplastics.com\/hu\/#website"},"primaryImageOfPage":{"@id":"https:\/\/www.akuplastics.com\/hu\/oval-h\/#primaryimage"},"image":{"@id":"https:\/\/www.akuplastics.com\/hu\/oval-h\/#primaryimage"},"thumbnailUrl":"https:\/\/www.akuplastics.com\/wp-content\/uploads\/2025\/02\/Oval-H.webp","datePublished":"2025-02-19T08:18:26+00:00","dateModified":"2025-02-21T15:11:20+00:00","description":"Professzion\u00e1lis \u00e9s robusztus forr\u00f3leveg\u0151s szersz\u00e1m fokozatmentesen szab\u00e1lyozhat\u00f3 h\u0151m\u00e9rs\u00e9klettel, ikerturbin\u00e1s rendszerrel \u00e9s k\u00f6nnyen cser\u00e9lhet\u0151 sz\u0171r\u0151kkel - ide\u00e1lis az \u00e9p\u00edtkez\u00e9seken val\u00f3 haszn\u00e1lathoz.","breadcrumb":{"@id":"https:\/\/www.akuplastics.com\/hu\/oval-h\/#breadcrumb"},"inLanguage":"hu","potentialAction":[{"@type":"ReadAction","target":["https:\/\/www.akuplastics.com\/hu\/oval-h\/"]}]},{"@type":"ImageObject","inLanguage":"hu","@id":"https:\/\/www.akuplastics.com\/hu\/oval-h\/#primaryimage","url":"https:\/\/www.akuplastics.com\/wp-content\/uploads\/2025\/02\/Oval-H.webp","contentUrl":"https:\/\/www.akuplastics.com\/wp-content\/uploads\/2025\/02\/Oval-H.webp","width":1920,"height":1280},{"@type":"BreadcrumbList","@id":"https:\/\/www.akuplastics.com\/hu\/oval-h\/#breadcrumb","itemListElement":[{"@type":"ListItem","position":1,"name":"Kezd\u0151lap","item":"https:\/\/www.akuplastics.com\/hu\/"},{"@type":"ListItem","position":2,"name":"Oval-H"}]},{"@type":"WebSite","@id":"https:\/\/www.akuplastics.com\/hu\/#website","url":"https:\/\/www.akuplastics.com\/hu\/","name":"Semi-Finished Products \u2013 Finished Parts \u2013 Ventilation Moulded Parts \u2013 Machines","description":"Halbzeuge, Halbfabrikate, Kunststoffhalbzeuge, Kunststoffhalbfabrikate","publisher":{"@id":"https:\/\/www.akuplastics.com\/hu\/#organization"},"alternateName":"AKUPLASTICS \u2013 Engineering in Plastics","potentialAction":[{"@type":"SearchAction","target":{"@type":"EntryPoint","urlTemplate":"https:\/\/www.akuplastics.com\/hu\/?s={search_term_string}"},"query-input":{"@type":"PropertyValueSpecification","valueRequired":true,"valueName":"search_term_string"}}],"inLanguage":"hu"},{"@type":"Organization","@id":"https:\/\/www.akuplastics.com\/hu\/#organization","name":"Ing. Christian Ahlborn e.U.","alternateName":"AKU","url":"https:\/\/www.akuplastics.com\/hu\/","logo":{"@type":"ImageObject","inLanguage":"hu","@id":"https:\/\/www.akuplastics.com\/hu\/#\/schema\/logo\/image\/","url":"https:\/\/www.akuplastics.com\/wp-content\/uploads\/2020\/07\/Grafik14-inkl-r.png","contentUrl":"https:\/\/www.akuplastics.com\/wp-content\/uploads\/2020\/07\/Grafik14-inkl-r.png","width":1994,"height":743,"caption":"Ing. Christian Ahlborn e.U."},"image":{"@id":"https:\/\/www.akuplastics.com\/hu\/#\/schema\/logo\/image\/"}}]}},"_links":{"self":[{"href":"https:\/\/www.akuplastics.com\/hu\/wp-json\/wp\/v2\/pages\/26241","targetHints":{"allow":["GET"]}}],"collection":[{"href":"https:\/\/www.akuplastics.com\/hu\/wp-json\/wp\/v2\/pages"}],"about":[{"href":"https:\/\/www.akuplastics.com\/hu\/wp-json\/wp\/v2\/types\/page"}],"author":[{"embeddable":true,"href":"https:\/\/www.akuplastics.com\/hu\/wp-json\/wp\/v2\/users\/3"}],"replies":[{"embeddable":true,"href":"https:\/\/www.akuplastics.com\/hu\/wp-json\/wp\/v2\/comments?post=26241"}],"version-history":[{"count":3,"href":"https:\/\/www.akuplastics.com\/hu\/wp-json\/wp\/v2\/pages\/26241\/revisions"}],"predecessor-version":[{"id":26480,"href":"https:\/\/www.akuplastics.com\/hu\/wp-json\/wp\/v2\/pages\/26241\/revisions\/26480"}],"wp:featuredmedia":[{"embeddable":true,"href":"https:\/\/www.akuplastics.com\/hu\/wp-json\/wp\/v2\/media\/26159"}],"wp:attachment":[{"href":"https:\/\/www.akuplastics.com\/hu\/wp-json\/wp\/v2\/media?parent=26241"}],"curies":[{"name":"wp","href":"https:\/\/api.w.org\/{rel}","templated":true}]}}