{"id":26203,"date":"2025-02-19T09:04:08","date_gmt":"2025-02-19T08:04:08","guid":{"rendered":"https:\/\/www.akuplastics.com\/oval-q\/"},"modified":"2025-02-21T16:11:25","modified_gmt":"2025-02-21T15:11:25","slug":"oval-q","status":"publish","type":"page","link":"https:\/\/www.akuplastics.com\/hu\/oval-q\/","title":{"rendered":"Oval-Q"},"content":{"rendered":"\t\t<div data-elementor-type=\"wp-page\" data-elementor-id=\"26203\" class=\"elementor elementor-26203 elementor-26156\" data-elementor-post-type=\"page\">\n\t\t\t\t\t\t<section class=\"elementor-section elementor-top-section elementor-element elementor-element-fe87f82 elementor-section-boxed elementor-section-height-default elementor-section-height-default\" data-id=\"fe87f82\" data-element_type=\"section\" data-e-type=\"section\">\n\t\t\t\t\t\t<div class=\"elementor-container elementor-column-gap-default\">\n\t\t\t\t\t<div class=\"elementor-column elementor-col-100 elementor-top-column elementor-element elementor-element-9d73eaf\" data-id=\"9d73eaf\" data-element_type=\"column\" data-e-type=\"column\">\n\t\t\t<div class=\"elementor-widget-wrap elementor-element-populated\">\n\t\t\t\t\t\t<div class=\"elementor-element elementor-element-b2e6bbb elementor-widget elementor-widget-text-editor\" data-id=\"b2e6bbb\" data-element_type=\"widget\" data-e-type=\"widget\" data-widget_type=\"text-editor.default\">\n\t\t\t\t<div class=\"elementor-widget-container\">\n\t\t\t\t\t\t\t\t\t<h1>Oval-Q forr\u00f3g\u00e1zhegeszt\u0151 1500\/1600W-os, nagy l\u00e9gteljes\u00edtm\u00e9ny\u0171, ikerturbin\u00e1s rendszerrel, k\u00f6nnyen cser\u00e9lhet\u0151 rost\u00e1kkal \u00e9s fokozatmentesen szab\u00e1lyozhat\u00f3 h\u0151m\u00e9rs\u00e9klettel &#8211; robusztus \u00e9s \u00e9p\u00edtkez\u00e9sekhez alkalmas.<\/h1>\t\t\t\t\t\t\t\t<\/div>\n\t\t\t\t<\/div>\n\t\t\t\t<section class=\"elementor-section elementor-inner-section elementor-element elementor-element-801269c elementor-section-boxed elementor-section-height-default elementor-section-height-default\" data-id=\"801269c\" data-element_type=\"section\" data-e-type=\"section\">\n\t\t\t\t\t\t<div class=\"elementor-container elementor-column-gap-default\">\n\t\t\t\t\t<div class=\"elementor-column elementor-col-50 elementor-inner-column elementor-element elementor-element-a7a0317\" data-id=\"a7a0317\" data-element_type=\"column\" data-e-type=\"column\">\n\t\t\t<div class=\"elementor-widget-wrap elementor-element-populated\">\n\t\t\t\t\t\t<div class=\"elementor-element elementor-element-036b7b5 elementor-widget__width-initial elementor-widget elementor-widget-text-editor\" data-id=\"036b7b5\" data-element_type=\"widget\" data-e-type=\"widget\" data-widget_type=\"text-editor.default\">\n\t\t\t\t<div class=\"elementor-widget-container\">\n\t\t\t\t\t\t\t\t\t<h5><strong>Melegleveg\u0151s k\u00e9sz\u00fcl\u00e9k Oval-Q kapcsolhat\u00f3<\/strong><\/h5><div><div><div dir=\"auto\" data-message-author-role=\"assistant\" data-message-id=\"2f911f9d-53b2-48b2-ad8c-adefac669b42\" data-message-model-slug=\"gpt-4o\"><div><div> <\/div><\/div><\/div><\/div><\/div><p>Az <strong>Oval-Q<\/strong> egy kompakt \u00e9s modern forr\u00f3leveg\u0151s szersz\u00e1m, amely sokoldal\u00fa professzion\u00e1lis eszk\u00f6zk\u00e9nt haszn\u00e1lhat\u00f3 k\u00fcl\u00f6nb\u00f6z\u0151 h\u0151re l\u00e1gyul\u00f3 m\u0171anyagok <strong>hegeszt\u00e9s\u00e9hez, megmunk\u00e1l\u00e1s\u00e1hoz, zsugor\u00edt\u00e1s\u00e1hoz \u00e9s form\u00e1z\u00e1s\u00e1hoz<\/strong>.<\/p><p> <\/p><p>Robusztus kialak\u00edt\u00e1s\u00e1t k\u00f6nnyen tiszt\u00edthat\u00f3, vizu\u00e1lisan tetszet\u0151s l\u00e9gsz\u0171r\u0151k eg\u00e9sz\u00edtik ki. Mint minden Forsthoff k\u00e9zi hegeszt\u0151g\u00e9p, ez a modell is nagy teljes\u00edtm\u00e9ny\u0171 <strong>n\u00e9met motorral<\/strong> van felszerelve, amelyet a v\u00e1llalat saj\u00e1t solingeni gy\u00e1rt\u00f3\u00fczem\u00e9ben gy\u00e1rtanak. Az <strong>ikerturbin\u00e1s rendszer<\/strong> nagy, <strong>percenk\u00e9nt 280 literes<\/strong> l\u00e9gkibocs\u00e1t\u00e1st biztos\u00edt, az <strong>ergonomikus, karcs\u00fa foganty\u00fa<\/strong> pedig k\u00e9nyelmes \u00e9s f\u00e1radts\u00e1gmentes munkav\u00e9gz\u00e9st tesz lehet\u0151v\u00e9.  <\/p><p> <\/p><p>A j\u00f3l bev\u00e1lt <strong>Tube-Q<\/strong> ut\u00f3djak\u00e9nt az <strong>Oval-Q<\/strong> nagy teljes\u00edtm\u00e9ny\u0171, <strong>1500 W (230 V) vagy 1600 W (120 V)<\/strong> f\u0171t\u0151teljes\u00edtm\u00e9nyt k\u00edn\u00e1l. A prec\u00edz \u00e9s megb\u00edzhat\u00f3 vez\u00e9rl\u0151elektronika <strong>700 \u00b0C-ig<\/strong> lehet\u0151v\u00e9 teszi <strong>a h\u0151m\u00e9rs\u00e9klet szab\u00e1lyoz\u00e1s\u00e1t<\/strong>. A k\u00e9sz\u00fcl\u00e9k emellett <strong>hossz\u00fa, 1500 \u00f3r\u00e1s sz\u00e9nkef\u00e9s \u00e9lettartam\u00e1val<\/strong> is leny\u0171g\u00f6z. A kollektorsz\u00e9neket t\u00f6bbsz\u00f6r is ki lehet cser\u00e9lni, \u00e9s automatikus kikapcsol\u00e1si funkci\u00f3val rendelkeznek, amely v\u00e9di a motort, amint a sz\u00e9nkef\u00e9k elhaszn\u00e1l\u00f3dnak.   <\/p><p> <\/p><p>A <strong>l\u00e9gh\u0171t\u00e9ses f\u0171t\u0151elem-cs\u0151nek<\/strong> k\u00f6sz\u00f6nhet\u0151en a k\u00e9sz\u00fcl\u00e9k sz\u00e1mos csatlakoztathat\u00f3 f\u00fav\u00f3k\u00e1val kompatibilis. Ez\u00e1ltal ide\u00e1lis <strong>valamennyi h\u0151re l\u00e1gyul\u00f3 m\u0171anyag hegeszt\u00e9s\u00e9hez<\/strong>, valamint <strong>m\u0171szaki text\u00edli\u00e1k, ponyvaanyagok, transzparenssz\u00f6vetek, t\u00f3- \u00e9s tet\u0151f\u00f3li\u00e1k<\/strong> vagy \u00fasz\u00f3medence-\u00e9p\u00edt\u00e9sben haszn\u00e1lt f\u00f3li\u00e1k megmunk\u00e1l\u00e1s\u00e1hoz. A h\u0151re l\u00e1gyul\u00f3 anyagok sz\u00e9les sk\u00e1l\u00e1j\u00e1nak <strong>aktiv\u00e1l\u00e1s\u00e1ra, meleg\u00edt\u00e9s\u00e9re, form\u00e1z\u00e1s\u00e1ra \u00e9s zsugor\u00edt\u00e1s\u00e1ra<\/strong> is haszn\u00e1lhat\u00f3.  <\/p><p> <\/p><table><thead><tr><th><strong>M\u0171szaki adatok<\/strong><\/th><th><strong>\u00c9rt\u00e9kek<\/strong><\/th><\/tr><\/thead><tbody><tr><td><strong>Fesz\u00fclts\u00e9g<\/strong><\/td><td>230V; 120V<\/td><\/tr><tr><td><strong>Teljes\u00edtm\u00e9ny<\/strong><\/td><td>Max. 1600W<\/td><\/tr><tr><td><strong>Frekvencia<\/strong><\/td><td>50\/60 Hz<\/td><\/tr><tr><td><strong>h\u0151m\u00e9rs\u00e9klet<\/strong><\/td><td>20 &#8211; 700\u00b0C<\/td><\/tr><tr><td><strong>Leveg\u0151mennyis\u00e9g<\/strong><\/td><td>280 l\/min<\/td><\/tr><tr><td><strong>M\u00e9retek<\/strong><\/td><td>\u00d8 334 x 95 mm, foganty\u00fa \u00d8 58 mm<\/td><\/tr><tr><td><strong>S\u00faly<\/strong><\/td><td>1,4 kg 3 m csatlakoz\u00f3k\u00e1bellel<\/td><\/tr><tr><td><strong>A megfelel\u0151s\u00e9g jele<\/strong><\/td><td>CE; EAC<\/td><\/tr><tr><td><strong>V\u00e9delmi oszt\u00e1ly<\/strong><\/td><td>II<\/td><\/tr><\/tbody><\/table><p data-start=\"0\" data-end=\"257\"> <\/p><p data-start=\"0\" data-end=\"257\">A k\u00e9sz\u00fcl\u00e9k ide\u00e1lis a legk\u00fcl\u00f6nb\u00f6z\u0151bb alkalmaz\u00e1sokhoz, bele\u00e9rtve a <strong data-start=\"76\" data-end=\"141\">rekl\u00e1mszalagok, ponyv\u00e1k \u00e9s lapos tet\u0151h\u00e9jazatok hegeszt\u00e9s\u00e9t<\/strong>, a <strong data-start=\"147\" data-end=\"190\">PVC padl\u00f3burkolatok \u00e9s lin\u00f3leum megmunk\u00e1l\u00e1s\u00e1t<\/strong>, valamint <strong data-start=\"201\" data-end=\"254\">az aut\u00f3ponyva, s\u00e1trak \u00e9s m\u0171anyagok jav\u00edt\u00e1s\u00e1t<\/strong>.<\/p><p data-start=\"0\" data-end=\"257\"> <\/p><p data-start=\"259\" data-end=\"691\">Haszn\u00e1lhat\u00f3 tov\u00e1bb\u00e1 <strong data-start=\"282\" data-end=\"330\">f\u00f3li\u00e1k, k\u00e1belek \u00e9s cs\u00f6vek zsugor\u00edt\u00e1s\u00e1ra<\/strong>, <strong data-start=\"336\" data-end=\"396\">h\u0151re l\u00e1gyul\u00f3 anyagok alak\u00edt\u00e1s\u00e1ra \u00e9s olvaszt\u00e1s\u00e1ra<\/strong>, valamint <strong data-start=\"407\" data-end=\"470\">az \u00e9lelmiszeriparban a csomagol\u00e1s steriliz\u00e1l\u00e1s\u00e1ra<\/strong>. A <strong data-start=\"496\" data-end=\"530\">tablett\u00e1k \u00e9s bevont tablett\u00e1k sim\u00edt\u00e1sa<\/strong>, a <strong data-start=\"536\" data-end=\"576\">m\u0171anyag form\u00e1z\u00e1si g\u00f6rcs\u00f6k elt\u00e1vol\u00edt\u00e1sa<\/strong>, valamint <strong data-start=\"587\" data-end=\"656\">az akvakult\u00far\u00e1k, cs\u00f3nakok, medenc\u00e9k \u00e9s tavak \u00e9p\u00edt\u00e9se \u00e9s jav\u00edt\u00e1sa<\/strong> szint\u00e9n az alkalmaz\u00e1si ter\u00fcletek k\u00f6z\u00e9 tartozik. <\/p><p data-start=\"259\" data-end=\"691\"> <\/p><p data-start=\"693\" data-end=\"801\" data-is-last-node=\"\">A k\u00e9sz\u00fcl\u00e9ket <strong data-start=\"708\" data-end=\"737\">N\u00e9metorsz\u00e1gban gy\u00e1rtj\u00e1k<\/strong>, \u00e9s <strong data-start=\"760\" data-end=\"791\">elektromechanikus munk\u00e1ra<\/strong> is alkalmas.<\/p><p> <\/p>\t\t\t\t\t\t\t\t<\/div>\n\t\t\t\t<\/div>\n\t\t\t\t\t<\/div>\n\t\t<\/div>\n\t\t\t\t<div class=\"elementor-column elementor-col-50 elementor-inner-column elementor-element elementor-element-ce2cebd\" data-id=\"ce2cebd\" data-element_type=\"column\" data-e-type=\"column\">\n\t\t\t<div class=\"elementor-widget-wrap elementor-element-populated\">\n\t\t\t\t\t\t<div class=\"elementor-element elementor-element-e76a073 elementor-invisible elementor-widget elementor-widget-image\" data-id=\"e76a073\" data-element_type=\"widget\" data-e-type=\"widget\" data-settings=\"{&quot;_animation&quot;:&quot;fadeInDown&quot;}\" data-widget_type=\"image.default\">\n\t\t\t\t<div class=\"elementor-widget-container\">\n\t\t\t\t\t\t\t\t\t\t\t\t<figure class=\"wp-caption\">\n\t\t\t\t\t\t\t\t\t\t<img loading=\"lazy\" decoding=\"async\" width=\"300\" height=\"180\" src=\"https:\/\/www.akuplastics.com\/wp-content\/uploads\/2025\/02\/Oval-Q-1-Klein-300x180.webp\" class=\"attachment-medium size-medium wp-image-26174\" alt=\"\" srcset=\"https:\/\/www.akuplastics.com\/wp-content\/uploads\/2025\/02\/Oval-Q-1-Klein-300x180.webp 300w, https:\/\/www.akuplastics.com\/wp-content\/uploads\/2025\/02\/Oval-Q-1-Klein-768x460.webp 768w, https:\/\/www.akuplastics.com\/wp-content\/uploads\/2025\/02\/Oval-Q-1-Klein.webp 801w\" sizes=\"auto, (max-width: 300px) 100vw, 300px\" \/>\t\t\t\t\t\t\t\t\t\t\t<figcaption class=\"widget-image-caption wp-caption-text\">Oval-Q k\u00e9zi hegeszt\u0151 fokozatmentesen szab\u00e1lyozhat\u00f3 h\u0151m\u00e9rs\u00e9klet<\/figcaption>\n\t\t\t\t\t\t\t\t\t\t<\/figure>\n\t\t\t\t\t\t\t\t\t<\/div>\n\t\t\t\t<\/div>\n\t\t\t\t<div class=\"elementor-element elementor-element-42b34e0 elementor-invisible elementor-widget elementor-widget-image\" data-id=\"42b34e0\" data-element_type=\"widget\" data-e-type=\"widget\" data-settings=\"{&quot;_animation&quot;:&quot;fadeInUp&quot;}\" data-widget_type=\"image.default\">\n\t\t\t\t<div class=\"elementor-widget-container\">\n\t\t\t\t\t\t\t\t\t\t\t\t<figure class=\"wp-caption\">\n\t\t\t\t\t\t\t\t\t\t<img loading=\"lazy\" decoding=\"async\" width=\"300\" height=\"200\" src=\"https:\/\/www.akuplastics.com\/wp-content\/uploads\/2025\/02\/Anwendung-Oval-Q-3-Klein-300x200.webp\" class=\"attachment-medium size-medium wp-image-26171\" alt=\"\" srcset=\"https:\/\/www.akuplastics.com\/wp-content\/uploads\/2025\/02\/Anwendung-Oval-Q-3-Klein-300x200.webp 300w, https:\/\/www.akuplastics.com\/wp-content\/uploads\/2025\/02\/Anwendung-Oval-Q-3-Klein.webp 720w\" sizes=\"auto, (max-width: 300px) 100vw, 300px\" \/>\t\t\t\t\t\t\t\t\t\t\t<figcaption class=\"widget-image-caption wp-caption-text\">Alkalmaz\u00e1s K\u00e9zi hegeszt\u0151 Oval-Q Fokozatmentesen szab\u00e1lyozhat\u00f3 h\u0151m\u00e9rs\u00e9klet<\/figcaption>\n\t\t\t\t\t\t\t\t\t\t<\/figure>\n\t\t\t\t\t\t\t\t\t<\/div>\n\t\t\t\t<\/div>\n\t\t\t\t<div class=\"elementor-element elementor-element-515979d elementor-invisible elementor-widget elementor-widget-image\" data-id=\"515979d\" data-element_type=\"widget\" data-e-type=\"widget\" data-settings=\"{&quot;_animation&quot;:&quot;fadeInLeft&quot;}\" data-widget_type=\"image.default\">\n\t\t\t\t<div class=\"elementor-widget-container\">\n\t\t\t\t\t\t\t\t\t\t\t\t<figure class=\"wp-caption\">\n\t\t\t\t\t\t\t\t\t\t<img loading=\"lazy\" decoding=\"async\" width=\"300\" height=\"200\" src=\"https:\/\/www.akuplastics.com\/wp-content\/uploads\/2025\/02\/Anwendung-Oval-Q-1-Klein-300x200.webp\" class=\"attachment-medium size-medium wp-image-26165\" alt=\"\" srcset=\"https:\/\/www.akuplastics.com\/wp-content\/uploads\/2025\/02\/Anwendung-Oval-Q-1-Klein-300x200.webp 300w, https:\/\/www.akuplastics.com\/wp-content\/uploads\/2025\/02\/Anwendung-Oval-Q-1-Klein.webp 720w\" sizes=\"auto, (max-width: 300px) 100vw, 300px\" \/>\t\t\t\t\t\t\t\t\t\t\t<figcaption class=\"widget-image-caption wp-caption-text\">Alkalmaz\u00e1s Alkalmaz\u00e1s K\u00e9zi hegeszt\u0151 Oval-Q Fokozatmentesen szab\u00e1lyozhat\u00f3 h\u0151m\u00e9rs\u00e9klet<\/figcaption>\n\t\t\t\t\t\t\t\t\t\t<\/figure>\n\t\t\t\t\t\t\t\t\t<\/div>\n\t\t\t\t<\/div>\n\t\t\t\t<div class=\"elementor-element elementor-element-c5d8608 elementor-invisible elementor-widget elementor-widget-image\" data-id=\"c5d8608\" data-element_type=\"widget\" data-e-type=\"widget\" data-settings=\"{&quot;_animation&quot;:&quot;fadeInRight&quot;}\" data-widget_type=\"image.default\">\n\t\t\t\t<div class=\"elementor-widget-container\">\n\t\t\t\t\t\t\t\t\t\t\t\t<figure class=\"wp-caption\">\n\t\t\t\t\t\t\t\t\t\t<img loading=\"lazy\" decoding=\"async\" width=\"300\" height=\"200\" src=\"https:\/\/www.akuplastics.com\/wp-content\/uploads\/2025\/02\/Anwendung-Oval-Q-2-Klein-300x200.webp\" class=\"attachment-medium size-medium wp-image-26168\" alt=\"\" srcset=\"https:\/\/www.akuplastics.com\/wp-content\/uploads\/2025\/02\/Anwendung-Oval-Q-2-Klein-300x200.webp 300w, https:\/\/www.akuplastics.com\/wp-content\/uploads\/2025\/02\/Anwendung-Oval-Q-2-Klein.webp 720w\" sizes=\"auto, (max-width: 300px) 100vw, 300px\" \/>\t\t\t\t\t\t\t\t\t\t\t<figcaption class=\"widget-image-caption wp-caption-text\">Alkalmaz\u00e1s Alkalmaz\u00e1s K\u00e9zi hegeszt\u0151 Oval-Q Fokozatmentesen szab\u00e1lyozhat\u00f3 h\u0151m\u00e9rs\u00e9klet<\/figcaption>\n\t\t\t\t\t\t\t\t\t\t<\/figure>\n\t\t\t\t\t\t\t\t\t<\/div>\n\t\t\t\t<\/div>\n\t\t\t\t<div class=\"elementor-element elementor-element-c82ff2e elementor-widget elementor-widget-video\" data-id=\"c82ff2e\" data-element_type=\"widget\" data-e-type=\"widget\" data-settings=\"{&quot;video_type&quot;:&quot;hosted&quot;,&quot;controls&quot;:&quot;yes&quot;}\" data-widget_type=\"video.default\">\n\t\t\t\t<div class=\"elementor-widget-container\">\n\t\t\t\t\t\t\t<div class=\"e-hosted-video elementor-wrapper elementor-open-inline\">\n\t\t\t\t\t<video class=\"elementor-video\" src=\"https:\/\/www.akuplastics.com\/wp-content\/uploads\/2025\/02\/AKU-Forsthoff-Hot-Air-Welding-Gun-Mini-Electronic.webm\" controls=\"\" preload=\"metadata\" controlsList=\"nodownload\" poster=\"https:\/\/www.akuplastics.com\/wp-content\/uploads\/2025\/02\/Anwendung-Quick-L-electronic-Klein.webp\"><\/video>\n\t\t\t\t<\/div>\n\t\t\t\t\t\t<\/div>\n\t\t\t\t<\/div>\n\t\t\t\t\t<\/div>\n\t\t<\/div>\n\t\t\t\t\t<\/div>\n\t\t<\/section>\n\t\t\t\t\t<\/div>\n\t\t<\/div>\n\t\t\t\t\t<\/div>\n\t\t<\/section>\n\t\t\t\t<\/div>\n\t\t","protected":false},"excerpt":{"rendered":"<p>Oval-Q forr\u00f3g\u00e1zhegeszt\u0151 1500\/1600W-os, nagy l\u00e9gteljes\u00edtm\u00e9ny\u0171, ikerturbin\u00e1s rendszerrel, k\u00f6nnyen cser\u00e9lhet\u0151 rost\u00e1kkal \u00e9s fokozatmentesen szab\u00e1lyozhat\u00f3 h\u0151m\u00e9rs\u00e9klettel &#8211; robusztus \u00e9s \u00e9p\u00edtkez\u00e9sekhez alkalmas. Melegleveg\u0151s k\u00e9sz\u00fcl\u00e9k Oval-Q kapcsolhat\u00f3 Az Oval-Q egy kompakt \u00e9s modern forr\u00f3leveg\u0151s szersz\u00e1m, amely sokoldal\u00fa professzion\u00e1lis eszk\u00f6zk\u00e9nt haszn\u00e1lhat\u00f3 k\u00fcl\u00f6nb\u00f6z\u0151 h\u0151re l\u00e1gyul\u00f3 m\u0171anyagok hegeszt\u00e9s\u00e9hez, megmunk\u00e1l\u00e1s\u00e1hoz, zsugor\u00edt\u00e1s\u00e1hoz \u00e9s form\u00e1z\u00e1s\u00e1hoz. Robusztus kialak\u00edt\u00e1s\u00e1t k\u00f6nnyen tiszt\u00edthat\u00f3, vizu\u00e1lisan tetszet\u0151s l\u00e9gsz\u0171r\u0151k eg\u00e9sz\u00edtik ki. Mint [&hellip;]<\/p>\n","protected":false},"author":3,"featured_media":26174,"parent":0,"menu_order":0,"comment_status":"closed","ping_status":"closed","template":"","meta":{"iawp_total_views":2,"footnotes":""},"class_list":["post-26203","page","type-page","status-publish","has-post-thumbnail","hentry"],"yoast_head":"<!-- This site is optimized with the Yoast SEO Premium plugin v27.4 (Yoast SEO v27.5) - https:\/\/yoast.com\/product\/yoast-seo-premium-wordpress\/ -->\n<title>Robusztus \u00e9p\u00edtkez\u00e9si forr\u00f3 g\u00e1zhegeszt\u0151 fokozatmentesen szab\u00e1lyozhat\u00f3 h\u0151m\u00e9rs\u00e9kleten<\/title>\n<meta name=\"description\" content=\"Robusztus, \u00e9p\u00edtkez\u00e9sekhez alkalmas professzion\u00e1lis forr\u00f3leveg\u0151s szersz\u00e1m, fokozatmentesen szab\u00e1lyozhat\u00f3 h\u0151m\u00e9rs\u00e9klettel, ikerturbina rendszerrel \u00e9s k\u00f6nnyen cser\u00e9lhet\u0151 sz\u0171r\u0151kkel.\" \/>\n<meta name=\"robots\" content=\"index, follow, max-snippet:-1, max-image-preview:large, max-video-preview:-1\" \/>\n<link rel=\"canonical\" href=\"https:\/\/www.akuplastics.com\/hu\/oval-q\/\" \/>\n<script type=\"application\/ld+json\" class=\"yoast-schema-graph\">{\"@context\":\"https:\\\/\\\/schema.org\",\"@graph\":[{\"@type\":\"WebPage\",\"@id\":\"https:\\\/\\\/www.akuplastics.com\\\/hu\\\/oval-q\\\/\",\"url\":\"https:\\\/\\\/www.akuplastics.com\\\/hu\\\/oval-q\\\/\",\"name\":\"Robusztus \u00e9p\u00edtkez\u00e9si forr\u00f3 g\u00e1zhegeszt\u0151 fokozatmentesen szab\u00e1lyozhat\u00f3 h\u0151m\u00e9rs\u00e9kleten\",\"isPartOf\":{\"@id\":\"https:\\\/\\\/www.akuplastics.com\\\/hu\\\/#website\"},\"primaryImageOfPage\":{\"@id\":\"https:\\\/\\\/www.akuplastics.com\\\/hu\\\/oval-q\\\/#primaryimage\"},\"image\":{\"@id\":\"https:\\\/\\\/www.akuplastics.com\\\/hu\\\/oval-q\\\/#primaryimage\"},\"thumbnailUrl\":\"https:\\\/\\\/www.akuplastics.com\\\/wp-content\\\/uploads\\\/2025\\\/02\\\/Oval-Q-1-Klein.webp\",\"datePublished\":\"2025-02-19T08:04:08+00:00\",\"dateModified\":\"2025-02-21T15:11:25+00:00\",\"description\":\"Robusztus, \u00e9p\u00edtkez\u00e9sekhez alkalmas professzion\u00e1lis forr\u00f3leveg\u0151s szersz\u00e1m, fokozatmentesen szab\u00e1lyozhat\u00f3 h\u0151m\u00e9rs\u00e9klettel, ikerturbina rendszerrel \u00e9s k\u00f6nnyen cser\u00e9lhet\u0151 sz\u0171r\u0151kkel.\",\"breadcrumb\":{\"@id\":\"https:\\\/\\\/www.akuplastics.com\\\/hu\\\/oval-q\\\/#breadcrumb\"},\"inLanguage\":\"hu\",\"potentialAction\":[{\"@type\":\"ReadAction\",\"target\":[\"https:\\\/\\\/www.akuplastics.com\\\/hu\\\/oval-q\\\/\"]}]},{\"@type\":\"ImageObject\",\"inLanguage\":\"hu\",\"@id\":\"https:\\\/\\\/www.akuplastics.com\\\/hu\\\/oval-q\\\/#primaryimage\",\"url\":\"https:\\\/\\\/www.akuplastics.com\\\/wp-content\\\/uploads\\\/2025\\\/02\\\/Oval-Q-1-Klein.webp\",\"contentUrl\":\"https:\\\/\\\/www.akuplastics.com\\\/wp-content\\\/uploads\\\/2025\\\/02\\\/Oval-Q-1-Klein.webp\",\"width\":801,\"height\":480},{\"@type\":\"BreadcrumbList\",\"@id\":\"https:\\\/\\\/www.akuplastics.com\\\/hu\\\/oval-q\\\/#breadcrumb\",\"itemListElement\":[{\"@type\":\"ListItem\",\"position\":1,\"name\":\"Kezd\u0151lap\",\"item\":\"https:\\\/\\\/www.akuplastics.com\\\/hu\\\/\"},{\"@type\":\"ListItem\",\"position\":2,\"name\":\"Oval-Q\"}]},{\"@type\":\"WebSite\",\"@id\":\"https:\\\/\\\/www.akuplastics.com\\\/hu\\\/#website\",\"url\":\"https:\\\/\\\/www.akuplastics.com\\\/hu\\\/\",\"name\":\"Semi-Finished Products \u2013 Finished Parts \u2013 Ventilation Moulded Parts \u2013 Machines\",\"description\":\"Halbzeuge, Halbfabrikate, Kunststoffhalbzeuge, Kunststoffhalbfabrikate\",\"publisher\":{\"@id\":\"https:\\\/\\\/www.akuplastics.com\\\/hu\\\/#organization\"},\"alternateName\":\"AKUPLASTICS \u2013 Engineering in Plastics\",\"potentialAction\":[{\"@type\":\"SearchAction\",\"target\":{\"@type\":\"EntryPoint\",\"urlTemplate\":\"https:\\\/\\\/www.akuplastics.com\\\/hu\\\/?s={search_term_string}\"},\"query-input\":{\"@type\":\"PropertyValueSpecification\",\"valueRequired\":true,\"valueName\":\"search_term_string\"}}],\"inLanguage\":\"hu\"},{\"@type\":\"Organization\",\"@id\":\"https:\\\/\\\/www.akuplastics.com\\\/hu\\\/#organization\",\"name\":\"Ing. Christian Ahlborn e.U.\",\"alternateName\":\"AKU\",\"url\":\"https:\\\/\\\/www.akuplastics.com\\\/hu\\\/\",\"logo\":{\"@type\":\"ImageObject\",\"inLanguage\":\"hu\",\"@id\":\"https:\\\/\\\/www.akuplastics.com\\\/hu\\\/#\\\/schema\\\/logo\\\/image\\\/\",\"url\":\"https:\\\/\\\/www.akuplastics.com\\\/wp-content\\\/uploads\\\/2020\\\/07\\\/Grafik14-inkl-r.png\",\"contentUrl\":\"https:\\\/\\\/www.akuplastics.com\\\/wp-content\\\/uploads\\\/2020\\\/07\\\/Grafik14-inkl-r.png\",\"width\":1994,\"height\":743,\"caption\":\"Ing. Christian Ahlborn e.U.\"},\"image\":{\"@id\":\"https:\\\/\\\/www.akuplastics.com\\\/hu\\\/#\\\/schema\\\/logo\\\/image\\\/\"}}]}<\/script>\n<!-- \/ Yoast SEO Premium plugin. -->","yoast_head_json":{"title":"Robusztus \u00e9p\u00edtkez\u00e9si forr\u00f3 g\u00e1zhegeszt\u0151 fokozatmentesen szab\u00e1lyozhat\u00f3 h\u0151m\u00e9rs\u00e9kleten","description":"Robusztus, \u00e9p\u00edtkez\u00e9sekhez alkalmas professzion\u00e1lis forr\u00f3leveg\u0151s szersz\u00e1m, fokozatmentesen szab\u00e1lyozhat\u00f3 h\u0151m\u00e9rs\u00e9klettel, ikerturbina rendszerrel \u00e9s k\u00f6nnyen cser\u00e9lhet\u0151 sz\u0171r\u0151kkel.","robots":{"index":"index","follow":"follow","max-snippet":"max-snippet:-1","max-image-preview":"max-image-preview:large","max-video-preview":"max-video-preview:-1"},"canonical":"https:\/\/www.akuplastics.com\/hu\/oval-q\/","schema":{"@context":"https:\/\/schema.org","@graph":[{"@type":"WebPage","@id":"https:\/\/www.akuplastics.com\/hu\/oval-q\/","url":"https:\/\/www.akuplastics.com\/hu\/oval-q\/","name":"Robusztus \u00e9p\u00edtkez\u00e9si forr\u00f3 g\u00e1zhegeszt\u0151 fokozatmentesen szab\u00e1lyozhat\u00f3 h\u0151m\u00e9rs\u00e9kleten","isPartOf":{"@id":"https:\/\/www.akuplastics.com\/hu\/#website"},"primaryImageOfPage":{"@id":"https:\/\/www.akuplastics.com\/hu\/oval-q\/#primaryimage"},"image":{"@id":"https:\/\/www.akuplastics.com\/hu\/oval-q\/#primaryimage"},"thumbnailUrl":"https:\/\/www.akuplastics.com\/wp-content\/uploads\/2025\/02\/Oval-Q-1-Klein.webp","datePublished":"2025-02-19T08:04:08+00:00","dateModified":"2025-02-21T15:11:25+00:00","description":"Robusztus, \u00e9p\u00edtkez\u00e9sekhez alkalmas professzion\u00e1lis forr\u00f3leveg\u0151s szersz\u00e1m, fokozatmentesen szab\u00e1lyozhat\u00f3 h\u0151m\u00e9rs\u00e9klettel, ikerturbina rendszerrel \u00e9s k\u00f6nnyen cser\u00e9lhet\u0151 sz\u0171r\u0151kkel.","breadcrumb":{"@id":"https:\/\/www.akuplastics.com\/hu\/oval-q\/#breadcrumb"},"inLanguage":"hu","potentialAction":[{"@type":"ReadAction","target":["https:\/\/www.akuplastics.com\/hu\/oval-q\/"]}]},{"@type":"ImageObject","inLanguage":"hu","@id":"https:\/\/www.akuplastics.com\/hu\/oval-q\/#primaryimage","url":"https:\/\/www.akuplastics.com\/wp-content\/uploads\/2025\/02\/Oval-Q-1-Klein.webp","contentUrl":"https:\/\/www.akuplastics.com\/wp-content\/uploads\/2025\/02\/Oval-Q-1-Klein.webp","width":801,"height":480},{"@type":"BreadcrumbList","@id":"https:\/\/www.akuplastics.com\/hu\/oval-q\/#breadcrumb","itemListElement":[{"@type":"ListItem","position":1,"name":"Kezd\u0151lap","item":"https:\/\/www.akuplastics.com\/hu\/"},{"@type":"ListItem","position":2,"name":"Oval-Q"}]},{"@type":"WebSite","@id":"https:\/\/www.akuplastics.com\/hu\/#website","url":"https:\/\/www.akuplastics.com\/hu\/","name":"Semi-Finished Products \u2013 Finished Parts \u2013 Ventilation Moulded Parts \u2013 Machines","description":"Halbzeuge, Halbfabrikate, Kunststoffhalbzeuge, Kunststoffhalbfabrikate","publisher":{"@id":"https:\/\/www.akuplastics.com\/hu\/#organization"},"alternateName":"AKUPLASTICS \u2013 Engineering in Plastics","potentialAction":[{"@type":"SearchAction","target":{"@type":"EntryPoint","urlTemplate":"https:\/\/www.akuplastics.com\/hu\/?s={search_term_string}"},"query-input":{"@type":"PropertyValueSpecification","valueRequired":true,"valueName":"search_term_string"}}],"inLanguage":"hu"},{"@type":"Organization","@id":"https:\/\/www.akuplastics.com\/hu\/#organization","name":"Ing. Christian Ahlborn e.U.","alternateName":"AKU","url":"https:\/\/www.akuplastics.com\/hu\/","logo":{"@type":"ImageObject","inLanguage":"hu","@id":"https:\/\/www.akuplastics.com\/hu\/#\/schema\/logo\/image\/","url":"https:\/\/www.akuplastics.com\/wp-content\/uploads\/2020\/07\/Grafik14-inkl-r.png","contentUrl":"https:\/\/www.akuplastics.com\/wp-content\/uploads\/2020\/07\/Grafik14-inkl-r.png","width":1994,"height":743,"caption":"Ing. Christian Ahlborn e.U."},"image":{"@id":"https:\/\/www.akuplastics.com\/hu\/#\/schema\/logo\/image\/"}}]}},"_links":{"self":[{"href":"https:\/\/www.akuplastics.com\/hu\/wp-json\/wp\/v2\/pages\/26203","targetHints":{"allow":["GET"]}}],"collection":[{"href":"https:\/\/www.akuplastics.com\/hu\/wp-json\/wp\/v2\/pages"}],"about":[{"href":"https:\/\/www.akuplastics.com\/hu\/wp-json\/wp\/v2\/types\/page"}],"author":[{"embeddable":true,"href":"https:\/\/www.akuplastics.com\/hu\/wp-json\/wp\/v2\/users\/3"}],"replies":[{"embeddable":true,"href":"https:\/\/www.akuplastics.com\/hu\/wp-json\/wp\/v2\/comments?post=26203"}],"version-history":[{"count":3,"href":"https:\/\/www.akuplastics.com\/hu\/wp-json\/wp\/v2\/pages\/26203\/revisions"}],"predecessor-version":[{"id":26481,"href":"https:\/\/www.akuplastics.com\/hu\/wp-json\/wp\/v2\/pages\/26203\/revisions\/26481"}],"wp:featuredmedia":[{"embeddable":true,"href":"https:\/\/www.akuplastics.com\/hu\/wp-json\/wp\/v2\/media\/26174"}],"wp:attachment":[{"href":"https:\/\/www.akuplastics.com\/hu\/wp-json\/wp\/v2\/media?parent=26203"}],"curies":[{"name":"wp","href":"https:\/\/api.w.org\/{rel}","templated":true}]}}