{"id":26088,"date":"2025-02-18T17:11:44","date_gmt":"2025-02-18T16:11:44","guid":{"rendered":"https:\/\/www.akuplastics.com\/quick-l-kapcsolhato\/"},"modified":"2025-02-18T17:55:51","modified_gmt":"2025-02-18T16:55:51","slug":"quick-l-kapcsolhato","status":"publish","type":"page","link":"https:\/\/www.akuplastics.com\/hu\/quick-l-kapcsolhato\/","title":{"rendered":"Quick-L kapcsolhat\u00f3"},"content":{"rendered":"\t\t<div data-elementor-type=\"wp-page\" data-elementor-id=\"26088\" class=\"elementor elementor-26088 elementor-26041\" data-elementor-post-type=\"page\">\n\t\t\t\t\t\t<section class=\"elementor-section elementor-top-section elementor-element elementor-element-fe87f82 elementor-section-boxed elementor-section-height-default elementor-section-height-default\" data-id=\"fe87f82\" data-element_type=\"section\" data-e-type=\"section\">\n\t\t\t\t\t\t<div class=\"elementor-container elementor-column-gap-default\">\n\t\t\t\t\t<div class=\"elementor-column elementor-col-100 elementor-top-column elementor-element elementor-element-9d73eaf\" data-id=\"9d73eaf\" data-element_type=\"column\" data-e-type=\"column\">\n\t\t\t<div class=\"elementor-widget-wrap elementor-element-populated\">\n\t\t\t\t\t\t<div class=\"elementor-element elementor-element-b2e6bbb elementor-widget elementor-widget-text-editor\" data-id=\"b2e6bbb\" data-element_type=\"widget\" data-e-type=\"widget\" data-widget_type=\"text-editor.default\">\n\t\t\t\t<div class=\"elementor-widget-container\">\n\t\t\t\t\t\t\t\t\t<h1>A Quick-L kapcsolhat\u00f3 egy kompakt, k\u00f6nny\u0171 \u00e9s felhaszn\u00e1l\u00f3bar\u00e1t forr\u00f3leveg\u0151s hegeszt\u0151g\u00e9p ponyvafeldolgoz\u00f3k sz\u00e1m\u00e1ra.  <\/h1>\t\t\t\t\t\t\t\t<\/div>\n\t\t\t\t<\/div>\n\t\t\t\t<section class=\"elementor-section elementor-inner-section elementor-element elementor-element-801269c elementor-section-boxed elementor-section-height-default elementor-section-height-default\" data-id=\"801269c\" data-element_type=\"section\" data-e-type=\"section\">\n\t\t\t\t\t\t<div class=\"elementor-container elementor-column-gap-default\">\n\t\t\t\t\t<div class=\"elementor-column elementor-col-50 elementor-inner-column elementor-element elementor-element-a7a0317\" data-id=\"a7a0317\" data-element_type=\"column\" data-e-type=\"column\">\n\t\t\t<div class=\"elementor-widget-wrap elementor-element-populated\">\n\t\t\t\t\t\t<div class=\"elementor-element elementor-element-036b7b5 elementor-widget__width-initial elementor-widget elementor-widget-text-editor\" data-id=\"036b7b5\" data-element_type=\"widget\" data-e-type=\"widget\" data-widget_type=\"text-editor.default\">\n\t\t\t\t<div class=\"elementor-widget-container\">\n\t\t\t\t\t\t\t\t\t<h5><strong>Quick-L kapcsolhat\u00f3 forr\u00f3leveg\u0151s k\u00e9sz\u00fcl\u00e9k<\/strong><\/h5>\n<div>\n<div>\n<div dir=\"auto\" data-message-author-role=\"assistant\" data-message-id=\"2f911f9d-53b2-48b2-ad8c-adefac669b42\" data-message-model-slug=\"gpt-4o\">\n<div>\n<div>\n<p data-start=\"0\" data-end=\"146\"> <\/p>\n<p data-start=\"0\" data-end=\"146\">A <strong data-start=\"4\" data-end=\"25\">Quick-L kapcsolhat\u00f3<\/strong> egy kompakt, k\u00f6nny\u0171 \u00e9s felhaszn\u00e1l\u00f3bar\u00e1t forr\u00f3leveg\u0151s hegeszt\u0151g\u00e9p, amelyet kifejezetten ponyvafeldolgoz\u00f3k sz\u00e1m\u00e1ra fejlesztettek ki.<\/p>\n<p data-start=\"0\" data-end=\"146\"> <\/p>\n<p data-start=\"148\" data-end=\"554\">A bev\u00e1lt <strong data-start=\"175\" data-end=\"197\">Quick-L elektronika<\/strong> egyik v\u00e1ltozatak\u00e9nt ez a modell eltekint a fokozatmentesen szab\u00e1lyozhat\u00f3 h\u0151m\u00e9rs\u00e9klet-be\u00e1ll\u00edt\u00e1sokt\u00f3l, \u00e9s helyette <strong data-start=\"293\" data-end=\"351\">k\u00e9t fix h\u0151fokot \u00e9s egy tov\u00e1bbi hidegfokot<\/strong> k\u00edn\u00e1l. Mivel a ponyv\u00e1kat, s\u00e1trakat \u00e9s napellenz\u0151ket gyakran csak egyf\u00e9le anyagb\u00f3l \u00e9s egy adott hegeszt\u00e9si sz\u00e9less\u00e9ggel hegesztik, ez a k\u00e9sz\u00fcl\u00e9k egyszer\u0171 \u00e9s hat\u00e9kony megold\u00e1st k\u00edn\u00e1l a felhaszn\u00e1l\u00f3 sz\u00e1m\u00e1ra. <\/p>\n<p data-start=\"148\" data-end=\"554\"> <\/p>\n<p data-start=\"556\" data-end=\"786\">A h\u0151teljes\u00edtm\u00e9nyt a sz\u00fcks\u00e9ges cs\u00edptet\u0151f\u00fav\u00f3k\u00e1khoz optimaliz\u00e1lt\u00e1k: <strong data-start=\"640\" data-end=\"659\">20 mm-es lapos f\u00fav\u00f3k\u00e1val<\/strong> <strong data-start=\"672\" data-end=\"691\">900 W 230 V-on<\/strong>, m\u00edg <strong data-start=\"715\" data-end=\"734\">40 mm-es lapos f\u00fav\u00f3k\u00e1val<\/strong> <strong data-start=\"739\" data-end=\"777\">1500 W (230 V) vagy 1300 W (120 V)<\/strong>.<\/p>\n<p data-start=\"556\" data-end=\"786\"> <\/p>\n<p data-start=\"788\" data-end=\"1181\">Mint minden melegg\u00e1zhegeszt\u0151 g\u00e9p\u00fcnkn\u00e9l, a sz\u00e9nkef\u00e9k \u00e9lettartama <strong data-start=\"873\" data-end=\"898\">1500 \u00fczem\u00f3ra<\/strong>. A motor kollektorsz\u00e9nkef\u00e9k t\u00f6bbsz\u00f6r is cser\u00e9lhet\u0151k, ami folyamatos m\u0171k\u00f6d\u00e9st tesz lehet\u0151v\u00e9. K\u00edv\u00fclr\u0151l, a k\u00e9sz\u00fcl\u00e9k felnyit\u00e1sa n\u00e9lk\u00fcl k\u00f6nnyen cser\u00e9lhet\u0151k.    <\/p>\n<p data-start=\"788\" data-end=\"1181\"> <\/p>\n<p data-start=\"788\" data-end=\"1181\">Ezenk\u00edv\u00fcl egy automatikus kikapcsol\u00f3 rendszer v\u00e9di a motort a k\u00e1rosod\u00e1st\u00f3l, ha a par\u00e1zs elfogyott.<\/p>\n<\/div>\n<\/div>\n<\/div>\n<\/div>\n<\/div>\n<h5 data-start=\"0\" data-end=\"42\"> <\/h5>\n<table>\n<thead>\n<tr>\n<th><strong>M\u0171szaki adatok<\/strong><\/th>\n<th><strong>\u00c9rt\u00e9kek<\/strong><\/th>\n<\/tr>\n<\/thead>\n<tbody>\n<tr>\n<td><strong>Fesz\u00fclts\u00e9g<\/strong><\/td>\n<td>230V; 120V<\/td>\n<\/tr>\n<tr>\n<td><strong>Teljes\u00edtm\u00e9ny<\/strong><\/td>\n<td>F\u00fav\u00f3k\u00e1t\u00f3l f\u00fcgg\u0151en: 900W (230V) vagy 1500W (230V); 1300W (120V)<\/td>\n<\/tr>\n<tr>\n<td><strong>Frekvencia<\/strong><\/td>\n<td>50\/60 Hz<\/td>\n<\/tr>\n<tr>\n<td><strong>H\u0151m\u00e9rs\u00e9klet<\/strong><\/td>\n<td>max. 700\u00b0C-ig; 2 fix f\u0171t\u00e9si fokozatban \u00e1ll\u00edthat\u00f3 <\/td>\n<\/tr>\n<tr>\n<td><strong>Leveg\u0151mennyis\u00e9g<\/strong><\/td>\n<td>300 l\/min<\/td>\n<\/tr>\n<tr>\n<td><strong>M\u00e9retek<\/strong><\/td>\n<td>\u00d8 320 x 95 mm, foganty\u00fa \u00d8 48 mm<\/td>\n<\/tr>\n<tr>\n<td><strong>S\u00faly<\/strong><\/td>\n<td>1,2 kg 3 m csatlakoz\u00f3k\u00e1bellel<\/td>\n<\/tr>\n<tr>\n<td><strong>A megfelel\u0151s\u00e9g jele<\/strong><\/td>\n<td>CE; EAC<\/td>\n<\/tr>\n<tr>\n<td><strong>V\u00e9delmi oszt\u00e1ly<\/strong><\/td>\n<td>II<\/td>\n<\/tr>\n<\/tbody>\n<\/table>\n<p> <\/p>\n<h5 data-start=\"0\" data-end=\"42\"><strong>Sokoldal\u00fa alkalmaz\u00e1si lehet\u0151s\u00e9gek<\/strong><\/h5>\n<p> <\/p>\n<p data-start=\"0\" data-end=\"293\">A <strong data-start=\"4\" data-end=\"25\">Quick-L kapcsolhat\u00f3<\/strong> ide\u00e1lis k\u00fcl\u00f6nb\u00f6z\u0151 alkalmaz\u00e1sokhoz. K\u00fcl\u00f6n\u00f6sen <strong data-start=\"99\" data-end=\"115\">aut\u00f3k\u00e1rpitosok<\/strong>, <strong data-start=\"117\" data-end=\"138\">ponyvagy\u00e1rt\u00f3k<\/strong> \u00e9s <strong data-start=\"143\" data-end=\"162\">s\u00e1torgy\u00e1rt\u00f3k<\/strong> haszn\u00e1lj\u00e1k.   <\/p>\n<p data-start=\"0\" data-end=\"293\">Ide\u00e1lis tov\u00e1bb\u00e1 <strong data-start=\"215\" data-end=\"248\">ponyv\u00e1k feldolgoz\u00e1s\u00e1ra<\/strong> \u00e9s <strong data-start=\"259\" data-end=\"290\">rekl\u00e1mponyv\u00e1k gy\u00e1rt\u00e1s\u00e1ra<\/strong>.<\/p>\n<p data-start=\"0\" data-end=\"293\"> <\/p>\n<p data-start=\"295\" data-end=\"380\" data-is-last-node=\"\">A <strong data-start=\"308\" data-end=\"323\">N\u00e9metorsz\u00e1gban<\/strong> gy\u00e1rtott k\u00e9sz\u00fcl\u00e9k a legmagasabb min\u0151s\u00e9get \u00e9s tart\u00f3ss\u00e1got k\u00e9pviseli.<\/p>\t\t\t\t\t\t\t\t<\/div>\n\t\t\t\t<\/div>\n\t\t\t\t\t<\/div>\n\t\t<\/div>\n\t\t\t\t<div class=\"elementor-column elementor-col-50 elementor-inner-column elementor-element elementor-element-ce2cebd\" data-id=\"ce2cebd\" data-element_type=\"column\" data-e-type=\"column\">\n\t\t\t<div class=\"elementor-widget-wrap elementor-element-populated\">\n\t\t\t\t\t\t<div class=\"elementor-element elementor-element-e76a073 elementor-invisible elementor-widget elementor-widget-image\" data-id=\"e76a073\" data-element_type=\"widget\" data-e-type=\"widget\" data-settings=\"{&quot;_animation&quot;:&quot;fadeInDown&quot;}\" data-widget_type=\"image.default\">\n\t\t\t\t<div class=\"elementor-widget-container\">\n\t\t\t\t\t\t\t\t\t\t\t\t<figure class=\"wp-caption\">\n\t\t\t\t\t\t\t\t\t\t<img loading=\"lazy\" decoding=\"async\" width=\"300\" height=\"200\" src=\"https:\/\/www.akuplastics.com\/wp-content\/uploads\/2025\/02\/Anwendung-Quick-L-schaltbar-Klein-300x200.webp\" class=\"attachment-medium size-medium wp-image-26056\" alt=\"\" srcset=\"https:\/\/www.akuplastics.com\/wp-content\/uploads\/2025\/02\/Anwendung-Quick-L-schaltbar-Klein-300x200.webp 300w, https:\/\/www.akuplastics.com\/wp-content\/uploads\/2025\/02\/Anwendung-Quick-L-schaltbar-Klein.webp 720w\" sizes=\"auto, (max-width: 300px) 100vw, 300px\" \/>\t\t\t\t\t\t\t\t\t\t\t<figcaption class=\"widget-image-caption wp-caption-text\">Alkalmaz\u00e1s Quick-L-kapcsolhat\u00f3 k\u00e9zi hegeszt\u0151g\u00e9p<\/figcaption>\n\t\t\t\t\t\t\t\t\t\t<\/figure>\n\t\t\t\t\t\t\t\t\t<\/div>\n\t\t\t\t<\/div>\n\t\t\t\t<div class=\"elementor-element elementor-element-42b34e0 elementor-invisible elementor-widget elementor-widget-image\" data-id=\"42b34e0\" data-element_type=\"widget\" data-e-type=\"widget\" data-settings=\"{&quot;_animation&quot;:&quot;fadeInUp&quot;}\" data-widget_type=\"image.default\">\n\t\t\t\t<div class=\"elementor-widget-container\">\n\t\t\t\t\t\t\t\t\t\t\t\t<figure class=\"wp-caption\">\n\t\t\t\t\t\t\t\t\t\t<img loading=\"lazy\" decoding=\"async\" width=\"300\" height=\"200\" src=\"https:\/\/www.akuplastics.com\/wp-content\/uploads\/2025\/02\/Quick-L-schaltbar-Klein-300x200.webp\" class=\"attachment-medium size-medium wp-image-26059\" alt=\"\" srcset=\"https:\/\/www.akuplastics.com\/wp-content\/uploads\/2025\/02\/Quick-L-schaltbar-Klein-300x200.webp 300w, https:\/\/www.akuplastics.com\/wp-content\/uploads\/2025\/02\/Quick-L-schaltbar-Klein.webp 720w\" sizes=\"auto, (max-width: 300px) 100vw, 300px\" \/>\t\t\t\t\t\t\t\t\t\t\t<figcaption class=\"widget-image-caption wp-caption-text\">Alkalmaz\u00e1s Quick-L-kapcsolhat\u00f3 k\u00e9zi hegeszt\u0151g\u00e9p<\/figcaption>\n\t\t\t\t\t\t\t\t\t\t<\/figure>\n\t\t\t\t\t\t\t\t\t<\/div>\n\t\t\t\t<\/div>\n\t\t\t\t<div class=\"elementor-element elementor-element-c82ff2e elementor-widget elementor-widget-video\" data-id=\"c82ff2e\" data-element_type=\"widget\" data-e-type=\"widget\" data-settings=\"{&quot;video_type&quot;:&quot;hosted&quot;,&quot;controls&quot;:&quot;yes&quot;}\" data-widget_type=\"video.default\">\n\t\t\t\t<div class=\"elementor-widget-container\">\n\t\t\t\t\t\t\t<div class=\"e-hosted-video elementor-wrapper elementor-open-inline\">\n\t\t\t\t\t<video class=\"elementor-video\" src=\"https:\/\/www.akuplastics.com\/wp-content\/uploads\/2025\/02\/AKU-Forsthoff-Hot-Air-Welding-Gun-Mini-Electronic.webm\" controls=\"\" preload=\"metadata\" controlsList=\"nodownload\" poster=\"https:\/\/www.akuplastics.com\/wp-content\/uploads\/2025\/02\/Anwendung-Quick-L-electronic-Klein.webp\"><\/video>\n\t\t\t\t<\/div>\n\t\t\t\t\t\t<\/div>\n\t\t\t\t<\/div>\n\t\t\t\t\t<\/div>\n\t\t<\/div>\n\t\t\t\t\t<\/div>\n\t\t<\/section>\n\t\t\t\t\t<\/div>\n\t\t<\/div>\n\t\t\t\t\t<\/div>\n\t\t<\/section>\n\t\t\t\t<\/div>\n\t\t","protected":false},"excerpt":{"rendered":"<p>A Quick-L kapcsolhat\u00f3 egy kompakt, k\u00f6nny\u0171 \u00e9s felhaszn\u00e1l\u00f3bar\u00e1t forr\u00f3leveg\u0151s hegeszt\u0151g\u00e9p ponyvafeldolgoz\u00f3k sz\u00e1m\u00e1ra. Quick-L kapcsolhat\u00f3 forr\u00f3leveg\u0151s k\u00e9sz\u00fcl\u00e9k A Quick-L kapcsolhat\u00f3 egy kompakt, k\u00f6nny\u0171 \u00e9s felhaszn\u00e1l\u00f3bar\u00e1t forr\u00f3leveg\u0151s hegeszt\u0151g\u00e9p, amelyet kifejezetten ponyvafeldolgoz\u00f3k sz\u00e1m\u00e1ra fejlesztettek ki. A bev\u00e1lt Quick-L elektronika egyik v\u00e1ltozatak\u00e9nt ez a modell eltekint a fokozatmentesen szab\u00e1lyozhat\u00f3 h\u0151m\u00e9rs\u00e9klet-be\u00e1ll\u00edt\u00e1sokt\u00f3l, \u00e9s helyette k\u00e9t fix h\u0151fokot \u00e9s egy tov\u00e1bbi hidegfokot [&hellip;]<\/p>\n","protected":false},"author":3,"featured_media":0,"parent":0,"menu_order":1,"comment_status":"closed","ping_status":"closed","template":"","meta":{"iawp_total_views":1,"footnotes":""},"class_list":["post-26088","page","type-page","status-publish","hentry"],"yoast_head":"<!-- This site is optimized with the Yoast SEO Premium plugin v27.4 (Yoast SEO v27.5) - https:\/\/yoast.com\/product\/yoast-seo-premium-wordpress\/ -->\n<title>K\u00e9zi k\u00f6nny\u0171 k\u00e9zi hegeszt\u0151 Aut\u00f3k\u00e1rpitoz\u00f3 Ponyvafeldolgoz\u00f3<\/title>\n<meta name=\"description\" content=\"Kompakt \u00e9s k\u00f6nny\u0171 hegeszt\u0151berendez\u00e9s, ide\u00e1lis aut\u00f3k\u00e1rpitosok \u00e9s ponyvafeldolgoz\u00f3k sz\u00e1m\u00e1ra. Gazdas\u00e1gos \u00e9s k\u00f6nnyen kezelhet\u0151, k\u00e9t fix h\u0151fokbe\u00e1ll\u00edt\u00e1ssal \u00e9s egy tov\u00e1bbi hidegfokbe\u00e1ll\u00edt\u00e1ssal felszerelt.\" \/>\n<meta name=\"robots\" content=\"index, follow, max-snippet:-1, max-image-preview:large, max-video-preview:-1\" \/>\n<link rel=\"canonical\" href=\"https:\/\/www.akuplastics.com\/hu\/quick-l-kapcsolhato\/\" \/>\n<script type=\"application\/ld+json\" class=\"yoast-schema-graph\">{\"@context\":\"https:\\\/\\\/schema.org\",\"@graph\":[{\"@type\":\"WebPage\",\"@id\":\"https:\\\/\\\/www.akuplastics.com\\\/hu\\\/quick-l-kapcsolhato\\\/\",\"url\":\"https:\\\/\\\/www.akuplastics.com\\\/hu\\\/quick-l-kapcsolhato\\\/\",\"name\":\"K\u00e9zi k\u00f6nny\u0171 k\u00e9zi hegeszt\u0151 Aut\u00f3k\u00e1rpitoz\u00f3 Ponyvafeldolgoz\u00f3\",\"isPartOf\":{\"@id\":\"https:\\\/\\\/www.akuplastics.com\\\/hu\\\/#website\"},\"primaryImageOfPage\":{\"@id\":\"https:\\\/\\\/www.akuplastics.com\\\/hu\\\/quick-l-kapcsolhato\\\/#primaryimage\"},\"image\":{\"@id\":\"https:\\\/\\\/www.akuplastics.com\\\/hu\\\/quick-l-kapcsolhato\\\/#primaryimage\"},\"thumbnailUrl\":\"https:\\\/\\\/www.akuplastics.com\\\/wp-content\\\/uploads\\\/2025\\\/02\\\/Anwendung-Quick-L-schaltbar-Klein-300x200.webp\",\"datePublished\":\"2025-02-18T16:11:44+00:00\",\"dateModified\":\"2025-02-18T16:55:51+00:00\",\"description\":\"Kompakt \u00e9s k\u00f6nny\u0171 hegeszt\u0151berendez\u00e9s, ide\u00e1lis aut\u00f3k\u00e1rpitosok \u00e9s ponyvafeldolgoz\u00f3k sz\u00e1m\u00e1ra. Gazdas\u00e1gos \u00e9s k\u00f6nnyen kezelhet\u0151, k\u00e9t fix h\u0151fokbe\u00e1ll\u00edt\u00e1ssal \u00e9s egy tov\u00e1bbi hidegfokbe\u00e1ll\u00edt\u00e1ssal felszerelt.\",\"breadcrumb\":{\"@id\":\"https:\\\/\\\/www.akuplastics.com\\\/hu\\\/quick-l-kapcsolhato\\\/#breadcrumb\"},\"inLanguage\":\"hu\",\"potentialAction\":[{\"@type\":\"ReadAction\",\"target\":[\"https:\\\/\\\/www.akuplastics.com\\\/hu\\\/quick-l-kapcsolhato\\\/\"]}]},{\"@type\":\"ImageObject\",\"inLanguage\":\"hu\",\"@id\":\"https:\\\/\\\/www.akuplastics.com\\\/hu\\\/quick-l-kapcsolhato\\\/#primaryimage\",\"url\":\"https:\\\/\\\/www.akuplastics.com\\\/wp-content\\\/uploads\\\/2025\\\/02\\\/Anwendung-Quick-L-schaltbar-Klein-300x200.webp\",\"contentUrl\":\"https:\\\/\\\/www.akuplastics.com\\\/wp-content\\\/uploads\\\/2025\\\/02\\\/Anwendung-Quick-L-schaltbar-Klein-300x200.webp\"},{\"@type\":\"BreadcrumbList\",\"@id\":\"https:\\\/\\\/www.akuplastics.com\\\/hu\\\/quick-l-kapcsolhato\\\/#breadcrumb\",\"itemListElement\":[{\"@type\":\"ListItem\",\"position\":1,\"name\":\"Kezd\u0151lap\",\"item\":\"https:\\\/\\\/www.akuplastics.com\\\/hu\\\/\"},{\"@type\":\"ListItem\",\"position\":2,\"name\":\"Quick-L kapcsolhat\u00f3\"}]},{\"@type\":\"WebSite\",\"@id\":\"https:\\\/\\\/www.akuplastics.com\\\/hu\\\/#website\",\"url\":\"https:\\\/\\\/www.akuplastics.com\\\/hu\\\/\",\"name\":\"Semi-Finished Products \u2013 Finished Parts \u2013 Ventilation Moulded Parts \u2013 Machines\",\"description\":\"Halbzeuge, Halbfabrikate, Kunststoffhalbzeuge, Kunststoffhalbfabrikate\",\"publisher\":{\"@id\":\"https:\\\/\\\/www.akuplastics.com\\\/hu\\\/#organization\"},\"alternateName\":\"AKUPLASTICS \u2013 Engineering in Plastics\",\"potentialAction\":[{\"@type\":\"SearchAction\",\"target\":{\"@type\":\"EntryPoint\",\"urlTemplate\":\"https:\\\/\\\/www.akuplastics.com\\\/hu\\\/?s={search_term_string}\"},\"query-input\":{\"@type\":\"PropertyValueSpecification\",\"valueRequired\":true,\"valueName\":\"search_term_string\"}}],\"inLanguage\":\"hu\"},{\"@type\":\"Organization\",\"@id\":\"https:\\\/\\\/www.akuplastics.com\\\/hu\\\/#organization\",\"name\":\"Ing. Christian Ahlborn e.U.\",\"alternateName\":\"AKU\",\"url\":\"https:\\\/\\\/www.akuplastics.com\\\/hu\\\/\",\"logo\":{\"@type\":\"ImageObject\",\"inLanguage\":\"hu\",\"@id\":\"https:\\\/\\\/www.akuplastics.com\\\/hu\\\/#\\\/schema\\\/logo\\\/image\\\/\",\"url\":\"https:\\\/\\\/www.akuplastics.com\\\/wp-content\\\/uploads\\\/2020\\\/07\\\/Grafik14-inkl-r.png\",\"contentUrl\":\"https:\\\/\\\/www.akuplastics.com\\\/wp-content\\\/uploads\\\/2020\\\/07\\\/Grafik14-inkl-r.png\",\"width\":1994,\"height\":743,\"caption\":\"Ing. Christian Ahlborn e.U.\"},\"image\":{\"@id\":\"https:\\\/\\\/www.akuplastics.com\\\/hu\\\/#\\\/schema\\\/logo\\\/image\\\/\"}}]}<\/script>\n<!-- \/ Yoast SEO Premium plugin. -->","yoast_head_json":{"title":"K\u00e9zi k\u00f6nny\u0171 k\u00e9zi hegeszt\u0151 Aut\u00f3k\u00e1rpitoz\u00f3 Ponyvafeldolgoz\u00f3","description":"Kompakt \u00e9s k\u00f6nny\u0171 hegeszt\u0151berendez\u00e9s, ide\u00e1lis aut\u00f3k\u00e1rpitosok \u00e9s ponyvafeldolgoz\u00f3k sz\u00e1m\u00e1ra. Gazdas\u00e1gos \u00e9s k\u00f6nnyen kezelhet\u0151, k\u00e9t fix h\u0151fokbe\u00e1ll\u00edt\u00e1ssal \u00e9s egy tov\u00e1bbi hidegfokbe\u00e1ll\u00edt\u00e1ssal felszerelt.","robots":{"index":"index","follow":"follow","max-snippet":"max-snippet:-1","max-image-preview":"max-image-preview:large","max-video-preview":"max-video-preview:-1"},"canonical":"https:\/\/www.akuplastics.com\/hu\/quick-l-kapcsolhato\/","schema":{"@context":"https:\/\/schema.org","@graph":[{"@type":"WebPage","@id":"https:\/\/www.akuplastics.com\/hu\/quick-l-kapcsolhato\/","url":"https:\/\/www.akuplastics.com\/hu\/quick-l-kapcsolhato\/","name":"K\u00e9zi k\u00f6nny\u0171 k\u00e9zi hegeszt\u0151 Aut\u00f3k\u00e1rpitoz\u00f3 Ponyvafeldolgoz\u00f3","isPartOf":{"@id":"https:\/\/www.akuplastics.com\/hu\/#website"},"primaryImageOfPage":{"@id":"https:\/\/www.akuplastics.com\/hu\/quick-l-kapcsolhato\/#primaryimage"},"image":{"@id":"https:\/\/www.akuplastics.com\/hu\/quick-l-kapcsolhato\/#primaryimage"},"thumbnailUrl":"https:\/\/www.akuplastics.com\/wp-content\/uploads\/2025\/02\/Anwendung-Quick-L-schaltbar-Klein-300x200.webp","datePublished":"2025-02-18T16:11:44+00:00","dateModified":"2025-02-18T16:55:51+00:00","description":"Kompakt \u00e9s k\u00f6nny\u0171 hegeszt\u0151berendez\u00e9s, ide\u00e1lis aut\u00f3k\u00e1rpitosok \u00e9s ponyvafeldolgoz\u00f3k sz\u00e1m\u00e1ra. Gazdas\u00e1gos \u00e9s k\u00f6nnyen kezelhet\u0151, k\u00e9t fix h\u0151fokbe\u00e1ll\u00edt\u00e1ssal \u00e9s egy tov\u00e1bbi hidegfokbe\u00e1ll\u00edt\u00e1ssal felszerelt.","breadcrumb":{"@id":"https:\/\/www.akuplastics.com\/hu\/quick-l-kapcsolhato\/#breadcrumb"},"inLanguage":"hu","potentialAction":[{"@type":"ReadAction","target":["https:\/\/www.akuplastics.com\/hu\/quick-l-kapcsolhato\/"]}]},{"@type":"ImageObject","inLanguage":"hu","@id":"https:\/\/www.akuplastics.com\/hu\/quick-l-kapcsolhato\/#primaryimage","url":"https:\/\/www.akuplastics.com\/wp-content\/uploads\/2025\/02\/Anwendung-Quick-L-schaltbar-Klein-300x200.webp","contentUrl":"https:\/\/www.akuplastics.com\/wp-content\/uploads\/2025\/02\/Anwendung-Quick-L-schaltbar-Klein-300x200.webp"},{"@type":"BreadcrumbList","@id":"https:\/\/www.akuplastics.com\/hu\/quick-l-kapcsolhato\/#breadcrumb","itemListElement":[{"@type":"ListItem","position":1,"name":"Kezd\u0151lap","item":"https:\/\/www.akuplastics.com\/hu\/"},{"@type":"ListItem","position":2,"name":"Quick-L kapcsolhat\u00f3"}]},{"@type":"WebSite","@id":"https:\/\/www.akuplastics.com\/hu\/#website","url":"https:\/\/www.akuplastics.com\/hu\/","name":"Semi-Finished Products \u2013 Finished Parts \u2013 Ventilation Moulded Parts \u2013 Machines","description":"Halbzeuge, Halbfabrikate, Kunststoffhalbzeuge, Kunststoffhalbfabrikate","publisher":{"@id":"https:\/\/www.akuplastics.com\/hu\/#organization"},"alternateName":"AKUPLASTICS \u2013 Engineering in Plastics","potentialAction":[{"@type":"SearchAction","target":{"@type":"EntryPoint","urlTemplate":"https:\/\/www.akuplastics.com\/hu\/?s={search_term_string}"},"query-input":{"@type":"PropertyValueSpecification","valueRequired":true,"valueName":"search_term_string"}}],"inLanguage":"hu"},{"@type":"Organization","@id":"https:\/\/www.akuplastics.com\/hu\/#organization","name":"Ing. Christian Ahlborn e.U.","alternateName":"AKU","url":"https:\/\/www.akuplastics.com\/hu\/","logo":{"@type":"ImageObject","inLanguage":"hu","@id":"https:\/\/www.akuplastics.com\/hu\/#\/schema\/logo\/image\/","url":"https:\/\/www.akuplastics.com\/wp-content\/uploads\/2020\/07\/Grafik14-inkl-r.png","contentUrl":"https:\/\/www.akuplastics.com\/wp-content\/uploads\/2020\/07\/Grafik14-inkl-r.png","width":1994,"height":743,"caption":"Ing. Christian Ahlborn e.U."},"image":{"@id":"https:\/\/www.akuplastics.com\/hu\/#\/schema\/logo\/image\/"}}]}},"_links":{"self":[{"href":"https:\/\/www.akuplastics.com\/hu\/wp-json\/wp\/v2\/pages\/26088","targetHints":{"allow":["GET"]}}],"collection":[{"href":"https:\/\/www.akuplastics.com\/hu\/wp-json\/wp\/v2\/pages"}],"about":[{"href":"https:\/\/www.akuplastics.com\/hu\/wp-json\/wp\/v2\/types\/page"}],"author":[{"embeddable":true,"href":"https:\/\/www.akuplastics.com\/hu\/wp-json\/wp\/v2\/users\/3"}],"replies":[{"embeddable":true,"href":"https:\/\/www.akuplastics.com\/hu\/wp-json\/wp\/v2\/comments?post=26088"}],"version-history":[{"count":2,"href":"https:\/\/www.akuplastics.com\/hu\/wp-json\/wp\/v2\/pages\/26088\/revisions"}],"predecessor-version":[{"id":26099,"href":"https:\/\/www.akuplastics.com\/hu\/wp-json\/wp\/v2\/pages\/26088\/revisions\/26099"}],"wp:attachment":[{"href":"https:\/\/www.akuplastics.com\/hu\/wp-json\/wp\/v2\/media?parent=26088"}],"curies":[{"name":"wp","href":"https:\/\/api.w.org\/{rel}","templated":true}]}}