{"id":25350,"date":"2024-10-17T11:48:53","date_gmt":"2024-10-17T09:48:53","guid":{"rendered":"https:\/\/www.akuplastics.com\/gepek-es-eszkoezoek\/mozgathato-felig-szerelheto-eszkoez-asv-3\/"},"modified":"2024-10-28T09:49:05","modified_gmt":"2024-10-28T08:49:05","slug":"mozgathato-felig-szerelheto-eszkoez-asv-3","status":"publish","type":"page","link":"https:\/\/www.akuplastics.com\/hu\/gepek-es-eszkoezoek\/mozgathato-felig-szerelheto-eszkoez-asv-3\/","title":{"rendered":"Mozgathat\u00f3 f\u00e9lig szerelhet\u0151 eszk\u00f6z ASV 3"},"content":{"rendered":"\t\t<div data-elementor-type=\"wp-page\" data-elementor-id=\"25350\" class=\"elementor elementor-25350 elementor-25338\" data-elementor-post-type=\"page\">\n\t\t\t\t\t\t<section class=\"elementor-section elementor-top-section elementor-element elementor-element-3674ff77 elementor-section-boxed elementor-section-height-default elementor-section-height-default\" data-id=\"3674ff77\" data-element_type=\"section\" data-e-type=\"section\">\n\t\t\t\t\t\t<div class=\"elementor-container elementor-column-gap-default\">\n\t\t\t\t\t<div class=\"elementor-column elementor-col-100 elementor-top-column elementor-element elementor-element-474a5599\" data-id=\"474a5599\" data-element_type=\"column\" data-e-type=\"column\">\n\t\t\t<div class=\"elementor-widget-wrap elementor-element-populated\">\n\t\t\t\t\t\t<div class=\"elementor-element elementor-element-510ca892 elementor-widget elementor-widget-text-editor\" data-id=\"510ca892\" data-element_type=\"widget\" data-e-type=\"widget\" data-widget_type=\"text-editor.default\">\n\t\t\t\t<div class=\"elementor-widget-container\">\n\t\t\t\t\t\t\t\t\t<h1>Nyerges hegeszt\u0151g\u00e9pek cs\u00f6kkentett PP vagy PE T-darabok gy\u00e1rt\u00e1s\u00e1hoz <\/h1>\n\t\t\t\t\t\t\t\t<\/div>\n\t\t\t\t<\/div>\n\t\t\t\t<section class=\"elementor-section elementor-inner-section elementor-element elementor-element-13e9a7c7 elementor-section-boxed elementor-section-height-default elementor-section-height-default\" data-id=\"13e9a7c7\" data-element_type=\"section\" data-e-type=\"section\">\n\t\t\t\t\t\t<div class=\"elementor-container elementor-column-gap-default\">\n\t\t\t\t\t<div class=\"elementor-column elementor-col-50 elementor-inner-column elementor-element elementor-element-2ee951f2\" data-id=\"2ee951f2\" data-element_type=\"column\" data-e-type=\"column\">\n\t\t\t<div class=\"elementor-widget-wrap elementor-element-populated\">\n\t\t\t\t\t\t<div class=\"elementor-element elementor-element-0c1ac7e elementor-widget elementor-widget-text-editor\" data-id=\"0c1ac7e\" data-element_type=\"widget\" data-e-type=\"widget\" data-widget_type=\"text-editor.default\">\n\t\t\t\t<div class=\"elementor-widget-container\">\n\t\t\t\t\t\t\t\t\t<p>Az ASV 3 egy mobil hegeszt\u0151berendez\u00e9s 90\u00b0-os sz\u00f6gben l\u00e9v\u0151 kivezet\u0151 cs\u00f6vek prec\u00edz f\u0171t\u0151elemes nyereghegeszt\u00e9s\u00e9hez.<\/p>\n<p>F\u0151 jellemz\u0151ik a k\u00f6vetkez\u0151k:<\/p>\t\t\t\t\t\t\t\t<\/div>\n\t\t\t\t<\/div>\n\t\t\t\t<div class=\"elementor-element elementor-element-303396d elementor-widget elementor-widget-text-editor\" data-id=\"303396d\" data-element_type=\"widget\" data-e-type=\"widget\" data-settings=\"{&quot;_animation&quot;:&quot;none&quot;}\" data-widget_type=\"text-editor.default\">\n\t\t\t\t<div class=\"elementor-widget-container\">\n\t\t\t\t\t\t\t\t\t<p class=\"mb-2 mt-6 text-lg first:mt-3\"><strong>Alkalmaz\u00e1si ter\u00fclet<\/strong><\/p>\n<ul class=\"marker:text-textOff list-disc pl-8\">\n<li>\n<p>F\u0151cs\u00f6vek: \u00e1tm\u00e9r\u0151 50 mm-t\u0151l 630 mm-ig<\/p>\n<\/li>\n<li>\n<p>Kimeneti cs\u00f6vek: \u00c1tm\u00e9r\u0151 20 mm \u00e9s 110 mm k\u00f6z\u00f6tt<\/p>\n<\/li>\n<li>\n<p>Alkalmas hegesztett nyergekhez \u00e9s t\u00f6bbnyereg\u0171 nyergekhez<\/p>\n<\/li>\n<\/ul>\n<p> <\/p>\n<p class=\"mb-2 mt-6 text-lg first:mt-3\"><strong>M\u0171szaki jellemz\u0151k<\/strong><\/p>\n<ul class=\"marker:text-textOff list-disc pl-8\">\n<li>\n<p>Robusztus fesz\u00edt\u0151heveder-rendszer a f\u0151cs\u0151 biztons\u00e1gos r\u00f6gz\u00edt\u00e9s\u00e9hez<\/p>\n<\/li>\n<li>\n<p>Cser\u00e9lhet\u0151 sz\u0171k\u00edt\u0151k k\u00fcl\u00f6nb\u00f6z\u0151 kimeneti cs\u0151m\u00e9retekhez (20-90 mm)<\/p>\n<\/li>\n<li>\n<p>Finoman \u00e1ll\u00edthat\u00f3 sk\u00e1la az \u00e9rintkez\u00e9si nyom\u00e1s pontos be\u00e1ll\u00edt\u00e1s\u00e1hoz<\/p>\n<\/li>\n<\/ul>\n<p> <\/p>\n<p class=\"mb-2 mt-6 text-lg first:mt-3\"><strong>Hegeszt\u00e9si technol\u00f3gia<\/strong><\/p>\n<ul class=\"marker:text-textOff list-disc pl-8\">\n<li>\n<p>Speci\u00e1lisan bevont nyerges f\u0171t\u0151elemek az anyagtapad\u00e1s minimaliz\u00e1l\u00e1sa \u00e9rdek\u00e9ben<\/p>\n<\/li>\n<li>\n<p>Optimaliz\u00e1lt 90\u00b0-os sz\u00f6ghegeszt\u00e9sekhez<\/p>\n<\/li>\n<\/ul>\n<p> <\/p>\n<p class=\"mb-2 mt-6 text-lg first:mt-3\"><strong>Rugalmass\u00e1g \u00e9s mobilit\u00e1s<\/strong><\/p>\n<ul class=\"marker:text-textOff list-disc pl-8\">\n<li>\n<p>K\u00fcl\u00f6nb\u00f6z\u0151 cs\u0151m\u00e9retekhez igaz\u00edthat\u00f3 a reduk\u00e1l\u00f3 f\u00e9lh\u00e9jaknak k\u00f6sz\u00f6nhet\u0151en<\/p>\n<\/li>\n<li>\n<p>Mobil v\u00e1ltozat az \u00e9p\u00edtkez\u00e9seken val\u00f3 rugalmas haszn\u00e1lathoz<\/p>\n<\/li>\n<\/ul>\n<p> <\/p>\n<p>Ez a nyerget r\u00f6gz\u00edt\u0151 eszk\u00f6z hat\u00e9kony \u00e9s pontos megold\u00e1st k\u00edn\u00e1l a k\u00fcl\u00f6nb\u00f6z\u0151 m\u00e9ret\u0171 nyergek hegeszt\u00e9s\u00e9hez, \u00e9s mobilit\u00e1sa \u00e9s alkalmazkod\u00f3k\u00e9pess\u00e9ge jellemzi.<\/p>\n<p> <\/p>\n<table width=\"377\">\n<tbody>\n<tr>\n<td width=\"137\"><strong>m\u00e9ret <\/strong><\/td><td width=\"240\"><strong>M\u00e9ret<\/strong><\/td>\n<\/tr>\n<tr>\n<td width=\"137\">F\u0151 cs\u0151m\u00e9retek<\/td><td width=\"240\">\u00d8 50 mm &#8211; 630 mm<\/td>\n<\/tr>\n<tr>\n<td width=\"137\">Kimeneti cs\u0151m\u00e9retek<\/td><td width=\"240\">\u00d8 20 mm &#8211; 110 mm<\/td>\n<\/tr>\n<tr>\n<td width=\"137\">F\u00e9lh\u00e9jak cs\u00f6kkent\u00e9se<\/td><td width=\"240\">\u00d8 20 mm &#8211; 90 mm (a kivezet\u0151 cs\u0151 m\u00e9ret\u00e9t\u0151l f\u00fcgg\u0151en)<\/td>\n<\/tr>\n<\/tbody>\n<\/table>\n<p> <\/p>\n<p><strong>Lieferm\u00f6glichkeiten<\/strong>:<\/p>\n<table class=\"table table-bordered\">\n<thead>\n<tr>\n<th width=\"40%\"> <\/th>\n<th class=\"text-center\" width=\"\">ASV 3<\/th><th class=\"text-center\" width=\"\">ASG 3 T<\/th><th class=\"text-center\" width=\"\">ASG 3 E<\/th><th class=\"text-center\" width=\"\">ASG 3 T<\/th><th class=\"text-center\" width=\"\">ASG 3 E<\/th>\n<\/tr>\n<\/thead>\n<tbody>\n<tr>\n<th scope=\"row\">T\u00e9telsz\u00e1m<\/th>\n<td class=\"text-center\">300 209<\/td>\n<td class=\"text-center\">300 206<\/td>\n<td class=\"text-center\">300 207<\/td>\n<td class=\"text-center\">302 944<\/td>\n<td class=\"text-center\">300 208<\/td>\n<\/tr>\n<tr>\n<th scope=\"row\">Szab\u00e1lyoz\u00e1s<\/th>\n<td class=\"text-center\">&#8211;<\/td>\n<td class=\"text-center\">Termoszt\u00e1t<\/td>\n<td class=\"text-center\">Elektronika<\/td>\n<td class=\"text-center\">Termoszt\u00e1t<\/td>\n<td class=\"text-center\">Elektronika<\/td>\n<\/tr>\n<tr>\n<th scope=\"row\">T\u00f6meg (kg)<\/th>\n<td class=\"text-center\">12,5<\/td>\n<td class=\"text-center\">2,4<\/td>\n<td class=\"text-center\">2,4<\/td>\n<td class=\"text-center\">2,4<\/td>\n<td class=\"text-center\">2,4<\/td>\n<\/tr>\n<tr>\n<th scope=\"row\">Teljes csatlakoztatott terhel\u00e9s (kVA)<\/th>\n<td class=\"text-center\">&#8211;<\/td>\n<td class=\"text-center\">1.0<\/td>\n<td class=\"text-center\">1.0<\/td>\n<td class=\"text-center\">1.0<\/td>\n<td class=\"text-center\">1.0<\/td>\n<\/tr>\n<tr>\n<th scope=\"row\"><br>H\u00e1l\u00f3zati fesz\u00fclts\u00e9g (V)<small>az EN 60204 szabv\u00e1ny szerint<\/small><\/th>\n<td class=\"text-center\">&#8211;<\/td>\n<td class=\"text-center\">230<\/td>\n<td class=\"text-center\">230<\/td>\n<td class=\"text-center\">110<\/td>\n<td class=\"text-center\">110<\/td>\n<\/tr>\n<\/tbody>\n<\/table>\t\t\t\t\t\t\t\t<\/div>\n\t\t\t\t<\/div>\n\t\t\t\t<div class=\"elementor-element elementor-element-7d4ca77 elementor-widget elementor-widget-text-editor\" data-id=\"7d4ca77\" data-element_type=\"widget\" data-e-type=\"widget\" data-widget_type=\"text-editor.default\">\n\t\t\t\t<div class=\"elementor-widget-container\">\n\t\t\t\t\t\t\t\t\t<p><span style=\"color: var( --e-global-color-text ); font-family: var( --e-global-typography-text-font-family ), arial; font-size: var( --e-global-typography-text-font-size ); font-weight: var( --e-global-typography-text-font-weight ); letter-spacing: 0px;\">E speci\u00e1lis g\u00e9pek legfontosabb \u00e1ltal\u00e1nos jellemz\u0151i \u00e9s funkci\u00f3i:<\/span><\/p>\n<\/p>\n<p><strong>Szerkezet \u00e9s stabilit\u00e1s<\/strong><\/p>\n<p>A cs\u0151hegeszt\u0151 g\u00e9peket stabil \u00e9s megb\u00edzhat\u00f3 kialak\u00edt\u00e1s jellemzi.<\/p>\n<\/p>\n<p>K\u00f6r\u00fclbel\u00fcl:<\/p>\n<ul class=\"marker:text-textOff list-disc pl-8\">\n<li>\n<p>Torzi\u00f3\u00e1ll\u00f3 alapkeret<\/p>\n<\/li>\n<li>\n<p>Prec\u00edz line\u00e1ris vezet\u0151k<\/p>\n<\/li>\n<li>\n<p>Nagy pontoss\u00e1g \u00e9s rugalmass\u00e1g<\/p>\n<\/li>\n<\/ul>\n<p class=\"mb-2 mt-6 text-lg first:mt-3\"><strong>Ir\u00e1ny\u00edt\u00e1s \u00e9s automatiz\u00e1l\u00e1s<\/strong><\/p>\n<p>A modern m\u0171helyg\u00e9pek fejlett vez\u00e9rl\u00e9si lehet\u0151s\u00e9geket is k\u00edn\u00e1lnak, pl:<\/p>\n<ul class=\"marker:text-textOff list-disc pl-8\">\n<li>\n<p>Sz\u00e1m\u00edt\u00f3g\u00e9pes rendszerek<\/p>\n<\/li>\n<li>\n<p>Hidraulikus \u00fczemm\u00f3d<\/p>\n<\/li>\n<li>\n<p>Digit\u00e1lis kijelz\u0151k \u00e9s vez\u00e9rl\u0151rendszerek<\/p>\n<\/li>\n<\/ul>\n<p class=\"mb-2 mt-6 text-lg first:mt-3\"><strong>Hegeszt\u00e9si folyamat \u00e9s anyagok<\/strong><\/p>\n<p>Ezek a g\u00e9pek sokoldal\u00faak \u00e9s alkalmasak olyan feladatokra, mint a PE, PP, PVDF \u00e9s m\u00e1s h\u0151re l\u00e1gyul\u00f3 anyagok hegeszt\u00e9se.<\/p>\n<p>Programozhat\u00f3 hegeszt\u00e9si param\u00e9tereket \u00e9s pontos h\u0151m\u00e9rs\u00e9klet-szab\u00e1lyoz\u00e1st k\u00edn\u00e1lnak a k\u00edv\u00e1nt olvad\u00e1si h\u0151m\u00e9rs\u00e9klet el\u00e9r\u00e9s\u00e9hez.<\/p>\n<\/p>\n<p class=\"mb-2 mt-6 text-lg first:mt-3\"><strong>Tov\u00e1bbi funkci\u00f3k<\/strong><\/p>\n<p>A hat\u00e9konys\u00e1g \u00e9s a min\u0151s\u00e9g jav\u00edt\u00e1sa \u00e9rdek\u00e9ben a k\u00f6vetkez\u0151 funkci\u00f3kat lehet integr\u00e1lni, p\u00e9ld\u00e1ul <\/p>\n<ul class=\"marker:text-textOff list-disc pl-8\">\n<li>\n<p>PTFE bevonat\u00fa f\u0171t\u0151elem<\/p>\n<\/li>\n<li>\n<p>Elektromos gyalu<\/p>\n<\/li>\n<li>\n<p>Hegeszt\u00e9si jegyz\u0151k\u00f6nyvek automatikus l\u00e9trehoz\u00e1sa a dokument\u00e1ci\u00f3hoz \u00e9s ellen\u0151rz\u00e9shez<\/p>\n<\/li>\n<\/ul>\n<p class=\"mb-2 mt-6 text-lg first:mt-3\"><strong>Speci\u00e1lis hegeszt\u00e9si lehet\u0151s\u00e9gek tov\u00e1bbi el\u0151nyk\u00e9nt<\/strong><\/p>\n<p>A g\u00e9pek kib\u0151v\u00edtett hegeszt\u00e9si lehet\u0151s\u00e9geket k\u00edn\u00e1lnak:<\/p>\n<ul class=\"marker:text-textOff list-disc pl-8\">\n<li>\n<p>Speci\u00e1lis szor\u00edt\u00f3szersz\u00e1mok T, Y \u00e9s X hegeszt\u00e9si varratokhoz<\/p>\n<\/li>\n<li>\n<p>Lehet\u0151s\u00e9g k\u00fcl\u00f6nb\u00f6z\u0151 sz\u00f6gben (45\u00b0, 60\u00b0 \u00e9s 90\u00b0) hegeszt\u00e9si varratok k\u00e9sz\u00edt\u00e9s\u00e9re<\/p>\n<\/li>\n<\/ul>\n<p class=\"mb-2 mt-6 text-lg first:mt-3\"><strong>Teljes\u00edtm\u00e9ny \u00e9s hat\u00e9konys\u00e1g<\/strong><\/p>\n<p>A modern cs\u0151hegeszt\u0151 g\u00e9peket j\u00f3 hegeszt\u00e9si varratk\u00e9pz\u00e9s jellemzi, \u00e9s lehet\u0151v\u00e9 teszik a m\u0171anyag cs\u00f6vek pontos, hat\u00e9kony \u00e9s sokoldal\u00fa feldolgoz\u00e1s\u00e1t a k\u00fcl\u00f6nb\u00f6z\u0151 ipari alkalmaz\u00e1sokban.<\/p>\n\t\t\t\t\t\t\t\t<\/div>\n\t\t\t\t<\/div>\n\t\t\t\t\t<\/div>\n\t\t<\/div>\n\t\t\t\t<div class=\"elementor-column elementor-col-50 elementor-inner-column elementor-element elementor-element-1e45b33\" data-id=\"1e45b33\" data-element_type=\"column\" data-e-type=\"column\">\n\t\t\t<div class=\"elementor-widget-wrap elementor-element-populated\">\n\t\t\t\t\t\t<div class=\"elementor-element elementor-element-427e49f0 elementor-widget elementor-widget-image\" data-id=\"427e49f0\" data-element_type=\"widget\" data-e-type=\"widget\" data-settings=\"{&quot;_animation&quot;:&quot;none&quot;}\" data-widget_type=\"image.default\">\n\t\t\t\t<div class=\"elementor-widget-container\">\n\t\t\t\t\t\t\t\t\t\t\t\t<figure class=\"wp-caption\">\n\t\t\t\t\t\t\t\t\t\t<img loading=\"lazy\" decoding=\"async\" width=\"246\" height=\"300\" src=\"https:\/\/www.akuplastics.com\/wp-content\/uploads\/2024\/10\/Mobile-Aufsattelvorrichtung-ASV-3-246x300.webp\" class=\"attachment-medium size-medium wp-image-25343\" alt=\"Mobile-Aufsattelvorrichtung-ASV-3\" srcset=\"https:\/\/www.akuplastics.com\/wp-content\/uploads\/2024\/10\/Mobile-Aufsattelvorrichtung-ASV-3-246x300.webp 246w, https:\/\/www.akuplastics.com\/wp-content\/uploads\/2024\/10\/Mobile-Aufsattelvorrichtung-ASV-3.webp 455w\" sizes=\"auto, (max-width: 246px) 100vw, 246px\" \/>\t\t\t\t\t\t\t\t\t\t\t<figcaption class=\"widget-image-caption wp-caption-text\">Mobil nyergel\u0151berendez\u00e9s-ASV-3 90\u00b0-os sz\u00f6gben kimen\u0151 cs\u00f6vekhez.<\/figcaption>\n\t\t\t\t\t\t\t\t\t\t<\/figure>\n\t\t\t\t\t\t\t\t\t<\/div>\n\t\t\t\t<\/div>\n\t\t\t\t\t<\/div>\n\t\t<\/div>\n\t\t\t\t\t<\/div>\n\t\t<\/section>\n\t\t\t\t\t<\/div>\n\t\t<\/div>\n\t\t\t\t\t<\/div>\n\t\t<\/section>\n\t\t<div class=\"elementor-element elementor-element-efa8817 e-flex e-con-boxed e-con e-parent\" data-id=\"efa8817\" data-element_type=\"container\" data-e-type=\"container\">\n\t\t\t\t\t<div class=\"e-con-inner\">\n\t\t\t\t\t<\/div>\n\t\t\t\t<\/div>\n\t\t\t\t<\/div>\n\t\t","protected":false},"excerpt":{"rendered":"<p>Nyerges hegeszt\u0151g\u00e9pek cs\u00f6kkentett PP vagy PE T-darabok gy\u00e1rt\u00e1s\u00e1hoz Az ASV 3 egy mobil hegeszt\u0151berendez\u00e9s 90\u00b0-os sz\u00f6gben l\u00e9v\u0151 kivezet\u0151 cs\u00f6vek prec\u00edz f\u0171t\u0151elemes nyereghegeszt\u00e9s\u00e9hez. F\u0151 jellemz\u0151ik a k\u00f6vetkez\u0151k: Alkalmaz\u00e1si ter\u00fclet F\u0151cs\u00f6vek: \u00e1tm\u00e9r\u0151 50 mm-t\u0151l 630 mm-ig Kimeneti cs\u00f6vek: \u00c1tm\u00e9r\u0151 20 mm \u00e9s 110 mm k\u00f6z\u00f6tt Alkalmas hegesztett nyergekhez \u00e9s t\u00f6bbnyereg\u0171 nyergekhez M\u0171szaki jellemz\u0151k Robusztus fesz\u00edt\u0151heveder-rendszer a f\u0151cs\u0151 [&hellip;]<\/p>\n","protected":false},"author":3,"featured_media":0,"parent":9403,"menu_order":0,"comment_status":"closed","ping_status":"closed","template":"elementor_header_footer","meta":{"iawp_total_views":2,"footnotes":""},"class_list":["post-25350","page","type-page","status-publish","hentry"],"yoast_head":"<!-- This site is optimized with the Yoast SEO Premium plugin v27.4 (Yoast SEO v27.5) - https:\/\/yoast.com\/product\/yoast-seo-premium-wordpress\/ -->\n<title>Biztons\u00e1gos \u00e9s prec\u00edz: hegeszt\u0151berendez\u00e9s Prec\u00edz f\u0171t\u0151elem Nyerges hegeszt\u00e9s Kimeneti cs\u0151 90\u00b0-os sz\u00f6gben<\/title>\n<meta name=\"description\" content=\"Az ASV 3 egy mobil hegeszt\u0151berendez\u00e9s 90\u00b0-os sz\u00f6gben l\u00e9v\u0151 kivezet\u0151 cs\u00f6vek prec\u00edz f\u0171t\u0151elemes hegeszt\u00e9s\u00e9hez.\" \/>\n<meta name=\"robots\" content=\"index, follow, max-snippet:-1, max-image-preview:large, max-video-preview:-1\" \/>\n<link rel=\"canonical\" href=\"https:\/\/www.akuplastics.com\/hu\/gepek-es-eszkoezoek\/mozgathato-felig-szerelheto-eszkoez-asv-3\/\" \/>\n<script type=\"application\/ld+json\" class=\"yoast-schema-graph\">{\"@context\":\"https:\\\/\\\/schema.org\",\"@graph\":[{\"@type\":\"WebPage\",\"@id\":\"https:\\\/\\\/www.akuplastics.com\\\/hu\\\/gepek-es-eszkoezoek\\\/mozgathato-felig-szerelheto-eszkoez-asv-3\\\/\",\"url\":\"https:\\\/\\\/www.akuplastics.com\\\/hu\\\/gepek-es-eszkoezoek\\\/mozgathato-felig-szerelheto-eszkoez-asv-3\\\/\",\"name\":\"Biztons\u00e1gos \u00e9s prec\u00edz: hegeszt\u0151berendez\u00e9s Prec\u00edz f\u0171t\u0151elem Nyerges hegeszt\u00e9s Kimeneti cs\u0151 90\u00b0-os sz\u00f6gben\",\"isPartOf\":{\"@id\":\"https:\\\/\\\/www.akuplastics.com\\\/hu\\\/#website\"},\"primaryImageOfPage\":{\"@id\":\"https:\\\/\\\/www.akuplastics.com\\\/hu\\\/gepek-es-eszkoezoek\\\/mozgathato-felig-szerelheto-eszkoez-asv-3\\\/#primaryimage\"},\"image\":{\"@id\":\"https:\\\/\\\/www.akuplastics.com\\\/hu\\\/gepek-es-eszkoezoek\\\/mozgathato-felig-szerelheto-eszkoez-asv-3\\\/#primaryimage\"},\"thumbnailUrl\":\"https:\\\/\\\/www.akuplastics.com\\\/wp-content\\\/uploads\\\/2024\\\/10\\\/Mobile-Aufsattelvorrichtung-ASV-3-246x300.webp\",\"datePublished\":\"2024-10-17T09:48:53+00:00\",\"dateModified\":\"2024-10-28T08:49:05+00:00\",\"description\":\"Az ASV 3 egy mobil hegeszt\u0151berendez\u00e9s 90\u00b0-os sz\u00f6gben l\u00e9v\u0151 kivezet\u0151 cs\u00f6vek prec\u00edz f\u0171t\u0151elemes hegeszt\u00e9s\u00e9hez.\",\"breadcrumb\":{\"@id\":\"https:\\\/\\\/www.akuplastics.com\\\/hu\\\/gepek-es-eszkoezoek\\\/mozgathato-felig-szerelheto-eszkoez-asv-3\\\/#breadcrumb\"},\"inLanguage\":\"hu\",\"potentialAction\":[{\"@type\":\"ReadAction\",\"target\":[\"https:\\\/\\\/www.akuplastics.com\\\/hu\\\/gepek-es-eszkoezoek\\\/mozgathato-felig-szerelheto-eszkoez-asv-3\\\/\"]}]},{\"@type\":\"ImageObject\",\"inLanguage\":\"hu\",\"@id\":\"https:\\\/\\\/www.akuplastics.com\\\/hu\\\/gepek-es-eszkoezoek\\\/mozgathato-felig-szerelheto-eszkoez-asv-3\\\/#primaryimage\",\"url\":\"https:\\\/\\\/www.akuplastics.com\\\/wp-content\\\/uploads\\\/2024\\\/10\\\/Mobile-Aufsattelvorrichtung-ASV-3-246x300.webp\",\"contentUrl\":\"https:\\\/\\\/www.akuplastics.com\\\/wp-content\\\/uploads\\\/2024\\\/10\\\/Mobile-Aufsattelvorrichtung-ASV-3-246x300.webp\"},{\"@type\":\"BreadcrumbList\",\"@id\":\"https:\\\/\\\/www.akuplastics.com\\\/hu\\\/gepek-es-eszkoezoek\\\/mozgathato-felig-szerelheto-eszkoez-asv-3\\\/#breadcrumb\",\"itemListElement\":[{\"@type\":\"ListItem\",\"position\":1,\"name\":\"Kezd\u0151lap\",\"item\":\"https:\\\/\\\/www.akuplastics.com\\\/hu\\\/\"},{\"@type\":\"ListItem\",\"position\":2,\"name\":\"G\u00e9pek \u00e9s eszk\u00f6z\u00f6k\",\"item\":\"https:\\\/\\\/www.akuplastics.com\\\/hu\\\/gepek-es-eszkoezoek\\\/\"},{\"@type\":\"ListItem\",\"position\":3,\"name\":\"Mozgathat\u00f3 f\u00e9lig szerelhet\u0151 eszk\u00f6z ASV 3\"}]},{\"@type\":\"WebSite\",\"@id\":\"https:\\\/\\\/www.akuplastics.com\\\/hu\\\/#website\",\"url\":\"https:\\\/\\\/www.akuplastics.com\\\/hu\\\/\",\"name\":\"Semi-Finished Products \u2013 Finished Parts \u2013 Ventilation Moulded Parts \u2013 Machines\",\"description\":\"Halbzeuge, Halbfabrikate, Kunststoffhalbzeuge, Kunststoffhalbfabrikate\",\"publisher\":{\"@id\":\"https:\\\/\\\/www.akuplastics.com\\\/hu\\\/#organization\"},\"alternateName\":\"AKUPLASTICS \u2013 Engineering in Plastics\",\"potentialAction\":[{\"@type\":\"SearchAction\",\"target\":{\"@type\":\"EntryPoint\",\"urlTemplate\":\"https:\\\/\\\/www.akuplastics.com\\\/hu\\\/?s={search_term_string}\"},\"query-input\":{\"@type\":\"PropertyValueSpecification\",\"valueRequired\":true,\"valueName\":\"search_term_string\"}}],\"inLanguage\":\"hu\"},{\"@type\":\"Organization\",\"@id\":\"https:\\\/\\\/www.akuplastics.com\\\/hu\\\/#organization\",\"name\":\"Ing. Christian Ahlborn e.U.\",\"alternateName\":\"AKU\",\"url\":\"https:\\\/\\\/www.akuplastics.com\\\/hu\\\/\",\"logo\":{\"@type\":\"ImageObject\",\"inLanguage\":\"hu\",\"@id\":\"https:\\\/\\\/www.akuplastics.com\\\/hu\\\/#\\\/schema\\\/logo\\\/image\\\/\",\"url\":\"https:\\\/\\\/www.akuplastics.com\\\/wp-content\\\/uploads\\\/2020\\\/07\\\/Grafik14-inkl-r.png\",\"contentUrl\":\"https:\\\/\\\/www.akuplastics.com\\\/wp-content\\\/uploads\\\/2020\\\/07\\\/Grafik14-inkl-r.png\",\"width\":1994,\"height\":743,\"caption\":\"Ing. Christian Ahlborn e.U.\"},\"image\":{\"@id\":\"https:\\\/\\\/www.akuplastics.com\\\/hu\\\/#\\\/schema\\\/logo\\\/image\\\/\"}}]}<\/script>\n<!-- \/ Yoast SEO Premium plugin. -->","yoast_head_json":{"title":"Biztons\u00e1gos \u00e9s prec\u00edz: hegeszt\u0151berendez\u00e9s Prec\u00edz f\u0171t\u0151elem Nyerges hegeszt\u00e9s Kimeneti cs\u0151 90\u00b0-os sz\u00f6gben","description":"Az ASV 3 egy mobil hegeszt\u0151berendez\u00e9s 90\u00b0-os sz\u00f6gben l\u00e9v\u0151 kivezet\u0151 cs\u00f6vek prec\u00edz f\u0171t\u0151elemes hegeszt\u00e9s\u00e9hez.","robots":{"index":"index","follow":"follow","max-snippet":"max-snippet:-1","max-image-preview":"max-image-preview:large","max-video-preview":"max-video-preview:-1"},"canonical":"https:\/\/www.akuplastics.com\/hu\/gepek-es-eszkoezoek\/mozgathato-felig-szerelheto-eszkoez-asv-3\/","schema":{"@context":"https:\/\/schema.org","@graph":[{"@type":"WebPage","@id":"https:\/\/www.akuplastics.com\/hu\/gepek-es-eszkoezoek\/mozgathato-felig-szerelheto-eszkoez-asv-3\/","url":"https:\/\/www.akuplastics.com\/hu\/gepek-es-eszkoezoek\/mozgathato-felig-szerelheto-eszkoez-asv-3\/","name":"Biztons\u00e1gos \u00e9s prec\u00edz: hegeszt\u0151berendez\u00e9s Prec\u00edz f\u0171t\u0151elem Nyerges hegeszt\u00e9s Kimeneti cs\u0151 90\u00b0-os sz\u00f6gben","isPartOf":{"@id":"https:\/\/www.akuplastics.com\/hu\/#website"},"primaryImageOfPage":{"@id":"https:\/\/www.akuplastics.com\/hu\/gepek-es-eszkoezoek\/mozgathato-felig-szerelheto-eszkoez-asv-3\/#primaryimage"},"image":{"@id":"https:\/\/www.akuplastics.com\/hu\/gepek-es-eszkoezoek\/mozgathato-felig-szerelheto-eszkoez-asv-3\/#primaryimage"},"thumbnailUrl":"https:\/\/www.akuplastics.com\/wp-content\/uploads\/2024\/10\/Mobile-Aufsattelvorrichtung-ASV-3-246x300.webp","datePublished":"2024-10-17T09:48:53+00:00","dateModified":"2024-10-28T08:49:05+00:00","description":"Az ASV 3 egy mobil hegeszt\u0151berendez\u00e9s 90\u00b0-os sz\u00f6gben l\u00e9v\u0151 kivezet\u0151 cs\u00f6vek prec\u00edz f\u0171t\u0151elemes hegeszt\u00e9s\u00e9hez.","breadcrumb":{"@id":"https:\/\/www.akuplastics.com\/hu\/gepek-es-eszkoezoek\/mozgathato-felig-szerelheto-eszkoez-asv-3\/#breadcrumb"},"inLanguage":"hu","potentialAction":[{"@type":"ReadAction","target":["https:\/\/www.akuplastics.com\/hu\/gepek-es-eszkoezoek\/mozgathato-felig-szerelheto-eszkoez-asv-3\/"]}]},{"@type":"ImageObject","inLanguage":"hu","@id":"https:\/\/www.akuplastics.com\/hu\/gepek-es-eszkoezoek\/mozgathato-felig-szerelheto-eszkoez-asv-3\/#primaryimage","url":"https:\/\/www.akuplastics.com\/wp-content\/uploads\/2024\/10\/Mobile-Aufsattelvorrichtung-ASV-3-246x300.webp","contentUrl":"https:\/\/www.akuplastics.com\/wp-content\/uploads\/2024\/10\/Mobile-Aufsattelvorrichtung-ASV-3-246x300.webp"},{"@type":"BreadcrumbList","@id":"https:\/\/www.akuplastics.com\/hu\/gepek-es-eszkoezoek\/mozgathato-felig-szerelheto-eszkoez-asv-3\/#breadcrumb","itemListElement":[{"@type":"ListItem","position":1,"name":"Kezd\u0151lap","item":"https:\/\/www.akuplastics.com\/hu\/"},{"@type":"ListItem","position":2,"name":"G\u00e9pek \u00e9s eszk\u00f6z\u00f6k","item":"https:\/\/www.akuplastics.com\/hu\/gepek-es-eszkoezoek\/"},{"@type":"ListItem","position":3,"name":"Mozgathat\u00f3 f\u00e9lig szerelhet\u0151 eszk\u00f6z ASV 3"}]},{"@type":"WebSite","@id":"https:\/\/www.akuplastics.com\/hu\/#website","url":"https:\/\/www.akuplastics.com\/hu\/","name":"Semi-Finished Products \u2013 Finished Parts \u2013 Ventilation Moulded Parts \u2013 Machines","description":"Halbzeuge, Halbfabrikate, Kunststoffhalbzeuge, Kunststoffhalbfabrikate","publisher":{"@id":"https:\/\/www.akuplastics.com\/hu\/#organization"},"alternateName":"AKUPLASTICS \u2013 Engineering in Plastics","potentialAction":[{"@type":"SearchAction","target":{"@type":"EntryPoint","urlTemplate":"https:\/\/www.akuplastics.com\/hu\/?s={search_term_string}"},"query-input":{"@type":"PropertyValueSpecification","valueRequired":true,"valueName":"search_term_string"}}],"inLanguage":"hu"},{"@type":"Organization","@id":"https:\/\/www.akuplastics.com\/hu\/#organization","name":"Ing. Christian Ahlborn e.U.","alternateName":"AKU","url":"https:\/\/www.akuplastics.com\/hu\/","logo":{"@type":"ImageObject","inLanguage":"hu","@id":"https:\/\/www.akuplastics.com\/hu\/#\/schema\/logo\/image\/","url":"https:\/\/www.akuplastics.com\/wp-content\/uploads\/2020\/07\/Grafik14-inkl-r.png","contentUrl":"https:\/\/www.akuplastics.com\/wp-content\/uploads\/2020\/07\/Grafik14-inkl-r.png","width":1994,"height":743,"caption":"Ing. Christian Ahlborn e.U."},"image":{"@id":"https:\/\/www.akuplastics.com\/hu\/#\/schema\/logo\/image\/"}}]}},"_links":{"self":[{"href":"https:\/\/www.akuplastics.com\/hu\/wp-json\/wp\/v2\/pages\/25350","targetHints":{"allow":["GET"]}}],"collection":[{"href":"https:\/\/www.akuplastics.com\/hu\/wp-json\/wp\/v2\/pages"}],"about":[{"href":"https:\/\/www.akuplastics.com\/hu\/wp-json\/wp\/v2\/types\/page"}],"author":[{"embeddable":true,"href":"https:\/\/www.akuplastics.com\/hu\/wp-json\/wp\/v2\/users\/3"}],"replies":[{"embeddable":true,"href":"https:\/\/www.akuplastics.com\/hu\/wp-json\/wp\/v2\/comments?post=25350"}],"version-history":[{"count":3,"href":"https:\/\/www.akuplastics.com\/hu\/wp-json\/wp\/v2\/pages\/25350\/revisions"}],"predecessor-version":[{"id":25482,"href":"https:\/\/www.akuplastics.com\/hu\/wp-json\/wp\/v2\/pages\/25350\/revisions\/25482"}],"up":[{"embeddable":true,"href":"https:\/\/www.akuplastics.com\/hu\/wp-json\/wp\/v2\/pages\/9403"}],"wp:attachment":[{"href":"https:\/\/www.akuplastics.com\/hu\/wp-json\/wp\/v2\/media?parent=25350"}],"curies":[{"name":"wp","href":"https:\/\/api.w.org\/{rel}","templated":true}]}}