{"id":25332,"date":"2024-10-17T11:31:58","date_gmt":"2024-10-17T09:31:58","guid":{"rendered":"https:\/\/www.akuplastics.com\/gepek-es-eszkoezoek\/nyereghegeszto-gepek-ssm-630\/"},"modified":"2024-10-28T09:48:14","modified_gmt":"2024-10-28T08:48:14","slug":"nyereghegeszto-gepek-ssm-630","status":"publish","type":"page","link":"https:\/\/www.akuplastics.com\/hu\/gepek-es-eszkoezoek\/nyereghegeszto-gepek-ssm-630\/","title":{"rendered":"Nyereghegeszt\u0151 g\u00e9pek SSM-630"},"content":{"rendered":"\t\t<div data-elementor-type=\"wp-page\" data-elementor-id=\"25332\" class=\"elementor elementor-25332 elementor-25312\" data-elementor-post-type=\"page\">\n\t\t\t\t\t\t<section class=\"elementor-section elementor-top-section elementor-element elementor-element-3674ff77 elementor-section-boxed elementor-section-height-default elementor-section-height-default\" data-id=\"3674ff77\" data-element_type=\"section\" data-e-type=\"section\">\n\t\t\t\t\t\t<div class=\"elementor-container elementor-column-gap-default\">\n\t\t\t\t\t<div class=\"elementor-column elementor-col-100 elementor-top-column elementor-element elementor-element-474a5599\" data-id=\"474a5599\" data-element_type=\"column\" data-e-type=\"column\">\n\t\t\t<div class=\"elementor-widget-wrap elementor-element-populated\">\n\t\t\t\t\t\t<div class=\"elementor-element elementor-element-510ca892 elementor-widget elementor-widget-text-editor\" data-id=\"510ca892\" data-element_type=\"widget\" data-e-type=\"widget\" data-widget_type=\"text-editor.default\">\n\t\t\t\t<div class=\"elementor-widget-container\">\n\t\t\t\t\t\t\t\t\t<h1>Nyerges hegeszt\u0151g\u00e9pek cs\u00f6kkentett PP vagy PE T-darabok gy\u00e1rt\u00e1s\u00e1hoz <\/h1>\n\t\t\t\t\t\t\t\t<\/div>\n\t\t\t\t<\/div>\n\t\t\t\t<section class=\"elementor-section elementor-inner-section elementor-element elementor-element-13e9a7c7 elementor-section-boxed elementor-section-height-default elementor-section-height-default\" data-id=\"13e9a7c7\" data-element_type=\"section\" data-e-type=\"section\">\n\t\t\t\t\t\t<div class=\"elementor-container elementor-column-gap-default\">\n\t\t\t\t\t<div class=\"elementor-column elementor-col-50 elementor-inner-column elementor-element elementor-element-2ee951f2\" data-id=\"2ee951f2\" data-element_type=\"column\" data-e-type=\"column\">\n\t\t\t<div class=\"elementor-widget-wrap elementor-element-populated\">\n\t\t\t\t\t\t<div class=\"elementor-element elementor-element-0c1ac7e elementor-widget elementor-widget-text-editor\" data-id=\"0c1ac7e\" data-element_type=\"widget\" data-e-type=\"widget\" data-widget_type=\"text-editor.default\">\n\t\t\t\t<div class=\"elementor-widget-container\">\n\t\t\t\t\t\t\t\t\t<p>A nyereghegeszt\u0151 g\u00e9pek speci\u00e1lis berendez\u00e9sek a cs\u0151rendszerek cs\u00f6kkentett T-alak\u00fa darabjainak gy\u00e1rt\u00e1s\u00e1ra.<\/p>\n<p>Ezek a g\u00e9pek a k\u00f6vetkez\u0151 f\u0151 jellemz\u0151ket k\u00edn\u00e1lj\u00e1k:<\/p>\n\t\t\t\t\t\t\t\t<\/div>\n\t\t\t\t<\/div>\n\t\t\t\t<div class=\"elementor-element elementor-element-303396d elementor-widget elementor-widget-text-editor\" data-id=\"303396d\" data-element_type=\"widget\" data-e-type=\"widget\" data-settings=\"{&quot;_animation&quot;:&quot;none&quot;}\" data-widget_type=\"text-editor.default\">\n\t\t\t\t<div class=\"elementor-widget-container\">\n\t\t\t\t\t\t\t\t\t<p><strong style=\"color: var( --e-global-color-text ); letter-spacing: 0px;\">Alkalmaz\u00e1si ter\u00fclet<\/strong><\/p>\n<ul class=\"marker:text-textOff list-disc pl-8\">\n<li>\n<p>F\u0151cs\u00f6vek: \u00c1tm\u00e9r\u0151: 200 mm \u00e9s 630 mm k\u00f6z\u00f6tt<\/p>\n<\/li>\n<li>\n<p>Kimeneti cs\u00f6vek: \u00e1tm\u00e9r\u0151 160 mm \u00e9s 400 mm k\u00f6z\u00f6tt<\/p>\n<\/li>\n<li>\n<p>Alkalmas PP \u00e9s PE hegeszt\u00e9s\u00e9re a nyereghegeszt\u00e9si elj\u00e1r\u00e1s sor\u00e1n<\/p>\n<\/li>\n<\/ul>\n<p class=\"mb-2 mt-6 text-lg first:mt-3\"><strong>\u00c9p\u00edt\u00e9s<\/strong><\/p>\n<ul class=\"marker:text-textOff list-disc pl-8\">\n<li>Robusztus ac\u00e9lcs\u00f6ves al\u00e9p\u00edtm\u00e9ny a stabilit\u00e1s \u00e9rdek\u00e9ben<\/li>\n<li>Pontos line\u00e1ris vezet\u0151k a kocsin a pontos mozg\u00e1sokhoz<\/li>\n<\/ul>\n<p class=\"mb-2 mt-6 text-lg first:mt-3\"><strong>Hegeszt\u00e9si technol\u00f3gia<\/strong><\/p>\n<ul class=\"marker:text-textOff list-disc pl-8\">\n<li>F\u0171t\u0151elem pneumatikus vagy elektromos beh\u00faz\u00f3 \u00e9s kih\u00faz\u00f3 mechanizmussal<\/li>\n<li>Rugalmas szor\u00edt\u00e1si lehet\u0151s\u00e9gek: k\u00e9zi, pneumatikus vagy hidraulikus a f\u0151vezet\u00e9khez \u00e9s a kivezet\u0151 cs\u00f6vekhez<\/li>\n<\/ul>\n<p class=\"mb-2 mt-6 text-lg first:mt-3\"><strong>Automatiz\u00e1lts\u00e1gi fok<\/strong><\/p>\n<ul class=\"marker:text-textOff list-disc pl-8\">\n<li>F\u00e9lautomata vagy teljesen automata v\u00e1ltozatban<\/li>\n<\/ul>\n<p><strong>Ezek a g\u00e9pek lehet\u0151v\u00e9 teszik a k\u00fcl\u00f6nb\u00f6z\u0151 \u00e1tm\u00e9r\u0151j\u0171 cs\u00f6vek cs\u00f6kkentett T-alak\u00fa darabjainak hat\u00e9kony \u00e9s pontos gy\u00e1rt\u00e1s\u00e1t, \u00e9s rugalmass\u00e1guk \u00e9s k\u00fcl\u00f6nb\u00f6z\u0151 automatiz\u00e1l\u00e1si szintekhez val\u00f3 alkalmazkod\u00f3k\u00e9pess\u00e9g\u00fck jellemzi \u0151ket.<\/strong><\/p>\n<\/p>\n<div class=\"table-responsive\">\n<p><strong>K\u00e9r\u00e9sre m\u00e1s cs\u0151m\u00e9retekhez is rendelhet\u0151k g\u00e9pek<\/strong><\/p>\n<\/p>\n<p><strong>Elektromos adatok<\/strong> F\u0171t\u0151elem 400 Voltos, 8 kW, 50\/60 Hz-es fesz\u00fclts\u00e9ggel<\/p>\n<\/div>\n\t\t\t\t\t\t\t\t<\/div>\n\t\t\t\t<\/div>\n\t\t\t\t<div class=\"elementor-element elementor-element-7d4ca77 elementor-widget elementor-widget-text-editor\" data-id=\"7d4ca77\" data-element_type=\"widget\" data-e-type=\"widget\" data-widget_type=\"text-editor.default\">\n\t\t\t\t<div class=\"elementor-widget-container\">\n\t\t\t\t\t\t\t\t\t<p><span style=\"color: var( --e-global-color-text ); font-family: var( --e-global-typography-text-font-family ), arial; font-size: var( --e-global-typography-text-font-size ); font-weight: var( --e-global-typography-text-font-weight ); letter-spacing: 0px;\">E speci\u00e1lis g\u00e9pek legfontosabb \u00e1ltal\u00e1nos jellemz\u0151i \u00e9s funkci\u00f3i:<\/span><\/p>\n<\/p>\n<p><strong>Szerkezet \u00e9s stabilit\u00e1s<\/strong><\/p>\n<p>A cs\u0151hegeszt\u0151 g\u00e9peket stabil \u00e9s megb\u00edzhat\u00f3 kialak\u00edt\u00e1s jellemzi.<\/p>\n<\/p>\n<p>K\u00f6r\u00fclbel\u00fcl:<\/p>\n<ul class=\"marker:text-textOff list-disc pl-8\">\n<li>\n<p>Torzi\u00f3\u00e1ll\u00f3 alapkeret<\/p>\n<\/li>\n<li>\n<p>Prec\u00edz line\u00e1ris vezet\u0151k<\/p>\n<\/li>\n<li>\n<p>Nagy pontoss\u00e1g \u00e9s rugalmass\u00e1g<\/p>\n<\/li>\n<\/ul>\n<p class=\"mb-2 mt-6 text-lg first:mt-3\"><strong>Ir\u00e1ny\u00edt\u00e1s \u00e9s automatiz\u00e1l\u00e1s<\/strong><\/p>\n<p>A modern m\u0171helyg\u00e9pek fejlett vez\u00e9rl\u00e9si lehet\u0151s\u00e9geket is k\u00edn\u00e1lnak, pl:<\/p>\n<ul class=\"marker:text-textOff list-disc pl-8\">\n<li>\n<p>Sz\u00e1m\u00edt\u00f3g\u00e9pes rendszerek<\/p>\n<\/li>\n<li>\n<p>Hidraulikus \u00fczemm\u00f3d<\/p>\n<\/li>\n<li>\n<p>Digit\u00e1lis kijelz\u0151k \u00e9s vez\u00e9rl\u0151rendszerek<\/p>\n<\/li>\n<\/ul>\n<p class=\"mb-2 mt-6 text-lg first:mt-3\"><strong>Hegeszt\u00e9si folyamat \u00e9s anyagok<\/strong><\/p>\n<p>Ezek a g\u00e9pek sokoldal\u00faak \u00e9s alkalmasak olyan feladatokra, mint a PE, PP, PVDF \u00e9s m\u00e1s h\u0151re l\u00e1gyul\u00f3 anyagok hegeszt\u00e9se.<\/p>\n<p>Programozhat\u00f3 hegeszt\u00e9si param\u00e9tereket \u00e9s pontos h\u0151m\u00e9rs\u00e9klet-szab\u00e1lyoz\u00e1st k\u00edn\u00e1lnak a k\u00edv\u00e1nt olvad\u00e1si h\u0151m\u00e9rs\u00e9klet el\u00e9r\u00e9s\u00e9hez.<\/p>\n<\/p>\n<p class=\"mb-2 mt-6 text-lg first:mt-3\"><strong>Tov\u00e1bbi funkci\u00f3k<\/strong><\/p>\n<p>A hat\u00e9konys\u00e1g \u00e9s a min\u0151s\u00e9g jav\u00edt\u00e1sa \u00e9rdek\u00e9ben a k\u00f6vetkez\u0151 funkci\u00f3kat lehet integr\u00e1lni, p\u00e9ld\u00e1ul <\/p>\n<ul class=\"marker:text-textOff list-disc pl-8\">\n<li>\n<p>PTFE bevonat\u00fa f\u0171t\u0151elem<\/p>\n<\/li>\n<li>\n<p>Elektromos gyalu<\/p>\n<\/li>\n<li>\n<p>Hegeszt\u00e9si jegyz\u0151k\u00f6nyvek automatikus l\u00e9trehoz\u00e1sa a dokument\u00e1ci\u00f3hoz \u00e9s ellen\u0151rz\u00e9shez<\/p>\n<\/li>\n<\/ul>\n<p class=\"mb-2 mt-6 text-lg first:mt-3\"><strong>Speci\u00e1lis hegeszt\u00e9si lehet\u0151s\u00e9gek tov\u00e1bbi el\u0151nyk\u00e9nt<\/strong><\/p>\n<p>A g\u00e9pek kib\u0151v\u00edtett hegeszt\u00e9si lehet\u0151s\u00e9geket k\u00edn\u00e1lnak:<\/p>\n<ul class=\"marker:text-textOff list-disc pl-8\">\n<li>\n<p>Speci\u00e1lis szor\u00edt\u00f3szersz\u00e1mok T, Y \u00e9s X hegeszt\u00e9si varratokhoz<\/p>\n<\/li>\n<li>\n<p>Lehet\u0151s\u00e9g k\u00fcl\u00f6nb\u00f6z\u0151 sz\u00f6gben (45\u00b0, 60\u00b0 \u00e9s 90\u00b0) hegeszt\u00e9si varratok k\u00e9sz\u00edt\u00e9s\u00e9re<\/p>\n<\/li>\n<\/ul>\n<p class=\"mb-2 mt-6 text-lg first:mt-3\"><strong>Teljes\u00edtm\u00e9ny \u00e9s hat\u00e9konys\u00e1g<\/strong><\/p>\n<p>A modern cs\u0151hegeszt\u0151 g\u00e9peket j\u00f3 hegeszt\u00e9si varratk\u00e9pz\u00e9s jellemzi, \u00e9s lehet\u0151v\u00e9 teszik a m\u0171anyag cs\u00f6vek pontos, hat\u00e9kony \u00e9s sokoldal\u00fa feldolgoz\u00e1s\u00e1t a k\u00fcl\u00f6nb\u00f6z\u0151 ipari alkalmaz\u00e1sokban.<\/p>\n\t\t\t\t\t\t\t\t<\/div>\n\t\t\t\t<\/div>\n\t\t\t\t\t<\/div>\n\t\t<\/div>\n\t\t\t\t<div class=\"elementor-column elementor-col-50 elementor-inner-column elementor-element elementor-element-1e45b33\" data-id=\"1e45b33\" data-element_type=\"column\" data-e-type=\"column\">\n\t\t\t<div class=\"elementor-widget-wrap elementor-element-populated\">\n\t\t\t\t\t\t<div class=\"elementor-element elementor-element-427e49f0 elementor-widget elementor-widget-image\" data-id=\"427e49f0\" data-element_type=\"widget\" data-e-type=\"widget\" data-settings=\"{&quot;_animation&quot;:&quot;none&quot;}\" data-widget_type=\"image.default\">\n\t\t\t\t<div class=\"elementor-widget-container\">\n\t\t\t\t\t\t\t\t\t\t\t\t<figure class=\"wp-caption\">\n\t\t\t\t\t\t\t\t\t\t<img loading=\"lazy\" decoding=\"async\" width=\"246\" height=\"300\" src=\"https:\/\/www.akuplastics.com\/wp-content\/uploads\/2024\/10\/SSM-630-Sattelschweissmaschinen-246x300.webp\" class=\"attachment-medium size-medium wp-image-25320\" alt=\"SSM 630 \/ 400 Sattelschwei\u00dfmaschinen\nzur Herstellung von reduzierten T-St\u00fccken\" srcset=\"https:\/\/www.akuplastics.com\/wp-content\/uploads\/2024\/10\/SSM-630-Sattelschweissmaschinen-246x300.webp 246w, https:\/\/www.akuplastics.com\/wp-content\/uploads\/2024\/10\/SSM-630-Sattelschweissmaschinen.webp 455w\" sizes=\"auto, (max-width: 246px) 100vw, 246px\" \/>\t\t\t\t\t\t\t\t\t\t\t<figcaption class=\"widget-image-caption wp-caption-text\">SSM 630 \/ 400 nyerges hegeszt\u0151g\u00e9pek cs\u00f6kkentett T-alak\u00fa darabok gy\u00e1rt\u00e1s\u00e1hoz<\/figcaption>\n\t\t\t\t\t\t\t\t\t\t<\/figure>\n\t\t\t\t\t\t\t\t\t<\/div>\n\t\t\t\t<\/div>\n\t\t\t\t<div class=\"elementor-element elementor-element-6ecbf39 elementor-widget elementor-widget-image\" data-id=\"6ecbf39\" data-element_type=\"widget\" data-e-type=\"widget\" data-settings=\"{&quot;_animation&quot;:&quot;none&quot;}\" data-widget_type=\"image.default\">\n\t\t\t\t<div class=\"elementor-widget-container\">\n\t\t\t\t\t\t\t\t\t\t\t\t<figure class=\"wp-caption\">\n\t\t\t\t\t\t\t\t\t\t<img loading=\"lazy\" decoding=\"async\" width=\"300\" height=\"300\" src=\"https:\/\/www.akuplastics.com\/wp-content\/uploads\/2024\/10\/SSM-630-Sattelschweissmaschinen_Kompressor-300x300.webp\" class=\"attachment-medium size-medium wp-image-25326\" alt=\"Kompressor SSM 630 \/ 400 Sattelschwei\u00dfmaschinen\nzur Herstellung von reduzierten T-St\u00fccken\" srcset=\"https:\/\/www.akuplastics.com\/wp-content\/uploads\/2024\/10\/SSM-630-Sattelschweissmaschinen_Kompressor-300x300.webp 300w, https:\/\/www.akuplastics.com\/wp-content\/uploads\/2024\/10\/SSM-630-Sattelschweissmaschinen_Kompressor-150x150.webp 150w, https:\/\/www.akuplastics.com\/wp-content\/uploads\/2024\/10\/SSM-630-Sattelschweissmaschinen_Kompressor.webp 555w\" sizes=\"auto, (max-width: 300px) 100vw, 300px\" \/>\t\t\t\t\t\t\t\t\t\t\t<figcaption class=\"widget-image-caption wp-caption-text\">Kompresszor SSM 630 \/ 400 Nyerges hegeszt\u0151g\u00e9pek cs\u00f6kkentett T-alak\u00fa darabok gy\u00e1rt\u00e1s\u00e1hoz<\/figcaption>\n\t\t\t\t\t\t\t\t\t\t<\/figure>\n\t\t\t\t\t\t\t\t\t<\/div>\n\t\t\t\t<\/div>\n\t\t\t\t<div class=\"elementor-element elementor-element-97e6189 elementor-widget elementor-widget-image\" data-id=\"97e6189\" data-element_type=\"widget\" data-e-type=\"widget\" data-settings=\"{&quot;_animation&quot;:&quot;none&quot;}\" data-widget_type=\"image.default\">\n\t\t\t\t<div class=\"elementor-widget-container\">\n\t\t\t\t\t\t\t\t\t\t\t\t<figure class=\"wp-caption\">\n\t\t\t\t\t\t\t\t\t\t<img loading=\"lazy\" decoding=\"async\" width=\"300\" height=\"300\" src=\"https:\/\/www.akuplastics.com\/wp-content\/uploads\/2024\/10\/SSM-630-Sattelschweissmaschinen_Schweissung-300x300.webp\" class=\"attachment-medium size-medium wp-image-25323\" alt=\"Detailansicht SSM 630 \/ 400 Sattelschwei\u00dfmaschinen\nzur Herstellung von reduzierten T-St\u00fccken\" srcset=\"https:\/\/www.akuplastics.com\/wp-content\/uploads\/2024\/10\/SSM-630-Sattelschweissmaschinen_Schweissung-300x300.webp 300w, https:\/\/www.akuplastics.com\/wp-content\/uploads\/2024\/10\/SSM-630-Sattelschweissmaschinen_Schweissung-150x150.webp 150w, https:\/\/www.akuplastics.com\/wp-content\/uploads\/2024\/10\/SSM-630-Sattelschweissmaschinen_Schweissung.webp 555w\" sizes=\"auto, (max-width: 300px) 100vw, 300px\" \/>\t\t\t\t\t\t\t\t\t\t\t<figcaption class=\"widget-image-caption wp-caption-text\">Az SSM 630 \/ 400 nyerges hegeszt\u0151g\u00e9pek r\u00e9szletes n\u00e9zete cs\u00f6kkentett T-alak\u00fa darabok gy\u00e1rt\u00e1s\u00e1hoz<\/figcaption>\n\t\t\t\t\t\t\t\t\t\t<\/figure>\n\t\t\t\t\t\t\t\t\t<\/div>\n\t\t\t\t<\/div>\n\t\t\t\t\t<\/div>\n\t\t<\/div>\n\t\t\t\t\t<\/div>\n\t\t<\/section>\n\t\t\t\t\t<\/div>\n\t\t<\/div>\n\t\t\t\t\t<\/div>\n\t\t<\/section>\n\t\t<div class=\"elementor-element elementor-element-efa8817 e-flex e-con-boxed e-con e-parent\" data-id=\"efa8817\" data-element_type=\"container\" data-e-type=\"container\">\n\t\t\t\t\t<div class=\"e-con-inner\">\n\t\t\t\t\t<\/div>\n\t\t\t\t<\/div>\n\t\t\t\t<\/div>\n\t\t","protected":false},"excerpt":{"rendered":"<p>Nyerges hegeszt\u0151g\u00e9pek cs\u00f6kkentett PP vagy PE T-darabok gy\u00e1rt\u00e1s\u00e1hoz A nyereghegeszt\u0151 g\u00e9pek speci\u00e1lis berendez\u00e9sek a cs\u0151rendszerek cs\u00f6kkentett T-alak\u00fa darabjainak gy\u00e1rt\u00e1s\u00e1ra. Ezek a g\u00e9pek a k\u00f6vetkez\u0151 f\u0151 jellemz\u0151ket k\u00edn\u00e1lj\u00e1k: Alkalmaz\u00e1si ter\u00fclet F\u0151cs\u00f6vek: \u00c1tm\u00e9r\u0151: 200 mm \u00e9s 630 mm k\u00f6z\u00f6tt Kimeneti cs\u00f6vek: \u00e1tm\u00e9r\u0151 160 mm \u00e9s 400 mm k\u00f6z\u00f6tt Alkalmas PP \u00e9s PE hegeszt\u00e9s\u00e9re a nyereghegeszt\u00e9si elj\u00e1r\u00e1s sor\u00e1n [&hellip;]<\/p>\n","protected":false},"author":3,"featured_media":0,"parent":9403,"menu_order":0,"comment_status":"closed","ping_status":"closed","template":"elementor_header_footer","meta":{"iawp_total_views":4,"footnotes":""},"class_list":["post-25332","page","type-page","status-publish","hentry"],"yoast_head":"<!-- This site is optimized with the Yoast SEO Premium plugin v27.4 (Yoast SEO v27.5) - https:\/\/yoast.com\/product\/yoast-seo-premium-wordpress\/ -->\n<title>Cs\u00f6kkentett T-alak\u00fa darabok prec\u00edz gy\u00e1rt\u00e1sa: PP \u00e9s PE nyereghegeszt\u0151 g\u00e9pek<\/title>\n<meta name=\"description\" content=\"A nyereghegeszt\u0151 g\u00e9peink speci\u00e1lis berendez\u00e9sek a cs\u00f6kkentett T-alak\u00fa darabok gy\u00e1rt\u00e1s\u00e1ra a max. 630 \u00e9s max. 400 mm k\u00f6z\u00f6tti cs\u0151rendszerekben.\" \/>\n<meta name=\"robots\" content=\"index, follow, max-snippet:-1, max-image-preview:large, max-video-preview:-1\" \/>\n<link rel=\"canonical\" href=\"https:\/\/www.akuplastics.com\/hu\/gepek-es-eszkoezoek\/nyereghegeszto-gepek-ssm-630\/\" \/>\n<script type=\"application\/ld+json\" class=\"yoast-schema-graph\">{\"@context\":\"https:\\\/\\\/schema.org\",\"@graph\":[{\"@type\":\"WebPage\",\"@id\":\"https:\\\/\\\/www.akuplastics.com\\\/hu\\\/gepek-es-eszkoezoek\\\/nyereghegeszto-gepek-ssm-630\\\/\",\"url\":\"https:\\\/\\\/www.akuplastics.com\\\/hu\\\/gepek-es-eszkoezoek\\\/nyereghegeszto-gepek-ssm-630\\\/\",\"name\":\"Cs\u00f6kkentett T-alak\u00fa darabok prec\u00edz gy\u00e1rt\u00e1sa: PP \u00e9s PE nyereghegeszt\u0151 g\u00e9pek\",\"isPartOf\":{\"@id\":\"https:\\\/\\\/www.akuplastics.com\\\/hu\\\/#website\"},\"primaryImageOfPage\":{\"@id\":\"https:\\\/\\\/www.akuplastics.com\\\/hu\\\/gepek-es-eszkoezoek\\\/nyereghegeszto-gepek-ssm-630\\\/#primaryimage\"},\"image\":{\"@id\":\"https:\\\/\\\/www.akuplastics.com\\\/hu\\\/gepek-es-eszkoezoek\\\/nyereghegeszto-gepek-ssm-630\\\/#primaryimage\"},\"thumbnailUrl\":\"https:\\\/\\\/www.akuplastics.com\\\/wp-content\\\/uploads\\\/2024\\\/10\\\/SSM-630-Sattelschweissmaschinen-246x300.webp\",\"datePublished\":\"2024-10-17T09:31:58+00:00\",\"dateModified\":\"2024-10-28T08:48:14+00:00\",\"description\":\"A nyereghegeszt\u0151 g\u00e9peink speci\u00e1lis berendez\u00e9sek a cs\u00f6kkentett T-alak\u00fa darabok gy\u00e1rt\u00e1s\u00e1ra a max. 630 \u00e9s max. 400 mm k\u00f6z\u00f6tti cs\u0151rendszerekben.\",\"breadcrumb\":{\"@id\":\"https:\\\/\\\/www.akuplastics.com\\\/hu\\\/gepek-es-eszkoezoek\\\/nyereghegeszto-gepek-ssm-630\\\/#breadcrumb\"},\"inLanguage\":\"hu\",\"potentialAction\":[{\"@type\":\"ReadAction\",\"target\":[\"https:\\\/\\\/www.akuplastics.com\\\/hu\\\/gepek-es-eszkoezoek\\\/nyereghegeszto-gepek-ssm-630\\\/\"]}]},{\"@type\":\"ImageObject\",\"inLanguage\":\"hu\",\"@id\":\"https:\\\/\\\/www.akuplastics.com\\\/hu\\\/gepek-es-eszkoezoek\\\/nyereghegeszto-gepek-ssm-630\\\/#primaryimage\",\"url\":\"https:\\\/\\\/www.akuplastics.com\\\/wp-content\\\/uploads\\\/2024\\\/10\\\/SSM-630-Sattelschweissmaschinen-246x300.webp\",\"contentUrl\":\"https:\\\/\\\/www.akuplastics.com\\\/wp-content\\\/uploads\\\/2024\\\/10\\\/SSM-630-Sattelschweissmaschinen-246x300.webp\"},{\"@type\":\"BreadcrumbList\",\"@id\":\"https:\\\/\\\/www.akuplastics.com\\\/hu\\\/gepek-es-eszkoezoek\\\/nyereghegeszto-gepek-ssm-630\\\/#breadcrumb\",\"itemListElement\":[{\"@type\":\"ListItem\",\"position\":1,\"name\":\"Kezd\u0151lap\",\"item\":\"https:\\\/\\\/www.akuplastics.com\\\/hu\\\/\"},{\"@type\":\"ListItem\",\"position\":2,\"name\":\"G\u00e9pek \u00e9s eszk\u00f6z\u00f6k\",\"item\":\"https:\\\/\\\/www.akuplastics.com\\\/hu\\\/gepek-es-eszkoezoek\\\/\"},{\"@type\":\"ListItem\",\"position\":3,\"name\":\"Nyereghegeszt\u0151 g\u00e9pek SSM-630\"}]},{\"@type\":\"WebSite\",\"@id\":\"https:\\\/\\\/www.akuplastics.com\\\/hu\\\/#website\",\"url\":\"https:\\\/\\\/www.akuplastics.com\\\/hu\\\/\",\"name\":\"Semi-Finished Products \u2013 Finished Parts \u2013 Ventilation Moulded Parts \u2013 Machines\",\"description\":\"Halbzeuge, Halbfabrikate, Kunststoffhalbzeuge, Kunststoffhalbfabrikate\",\"publisher\":{\"@id\":\"https:\\\/\\\/www.akuplastics.com\\\/hu\\\/#organization\"},\"alternateName\":\"AKUPLASTICS \u2013 Engineering in Plastics\",\"potentialAction\":[{\"@type\":\"SearchAction\",\"target\":{\"@type\":\"EntryPoint\",\"urlTemplate\":\"https:\\\/\\\/www.akuplastics.com\\\/hu\\\/?s={search_term_string}\"},\"query-input\":{\"@type\":\"PropertyValueSpecification\",\"valueRequired\":true,\"valueName\":\"search_term_string\"}}],\"inLanguage\":\"hu\"},{\"@type\":\"Organization\",\"@id\":\"https:\\\/\\\/www.akuplastics.com\\\/hu\\\/#organization\",\"name\":\"Ing. Christian Ahlborn e.U.\",\"alternateName\":\"AKU\",\"url\":\"https:\\\/\\\/www.akuplastics.com\\\/hu\\\/\",\"logo\":{\"@type\":\"ImageObject\",\"inLanguage\":\"hu\",\"@id\":\"https:\\\/\\\/www.akuplastics.com\\\/hu\\\/#\\\/schema\\\/logo\\\/image\\\/\",\"url\":\"https:\\\/\\\/www.akuplastics.com\\\/wp-content\\\/uploads\\\/2020\\\/07\\\/Grafik14-inkl-r.png\",\"contentUrl\":\"https:\\\/\\\/www.akuplastics.com\\\/wp-content\\\/uploads\\\/2020\\\/07\\\/Grafik14-inkl-r.png\",\"width\":1994,\"height\":743,\"caption\":\"Ing. Christian Ahlborn e.U.\"},\"image\":{\"@id\":\"https:\\\/\\\/www.akuplastics.com\\\/hu\\\/#\\\/schema\\\/logo\\\/image\\\/\"}}]}<\/script>\n<!-- \/ Yoast SEO Premium plugin. -->","yoast_head_json":{"title":"Cs\u00f6kkentett T-alak\u00fa darabok prec\u00edz gy\u00e1rt\u00e1sa: PP \u00e9s PE nyereghegeszt\u0151 g\u00e9pek","description":"A nyereghegeszt\u0151 g\u00e9peink speci\u00e1lis berendez\u00e9sek a cs\u00f6kkentett T-alak\u00fa darabok gy\u00e1rt\u00e1s\u00e1ra a max. 630 \u00e9s max. 400 mm k\u00f6z\u00f6tti cs\u0151rendszerekben.","robots":{"index":"index","follow":"follow","max-snippet":"max-snippet:-1","max-image-preview":"max-image-preview:large","max-video-preview":"max-video-preview:-1"},"canonical":"https:\/\/www.akuplastics.com\/hu\/gepek-es-eszkoezoek\/nyereghegeszto-gepek-ssm-630\/","schema":{"@context":"https:\/\/schema.org","@graph":[{"@type":"WebPage","@id":"https:\/\/www.akuplastics.com\/hu\/gepek-es-eszkoezoek\/nyereghegeszto-gepek-ssm-630\/","url":"https:\/\/www.akuplastics.com\/hu\/gepek-es-eszkoezoek\/nyereghegeszto-gepek-ssm-630\/","name":"Cs\u00f6kkentett T-alak\u00fa darabok prec\u00edz gy\u00e1rt\u00e1sa: PP \u00e9s PE nyereghegeszt\u0151 g\u00e9pek","isPartOf":{"@id":"https:\/\/www.akuplastics.com\/hu\/#website"},"primaryImageOfPage":{"@id":"https:\/\/www.akuplastics.com\/hu\/gepek-es-eszkoezoek\/nyereghegeszto-gepek-ssm-630\/#primaryimage"},"image":{"@id":"https:\/\/www.akuplastics.com\/hu\/gepek-es-eszkoezoek\/nyereghegeszto-gepek-ssm-630\/#primaryimage"},"thumbnailUrl":"https:\/\/www.akuplastics.com\/wp-content\/uploads\/2024\/10\/SSM-630-Sattelschweissmaschinen-246x300.webp","datePublished":"2024-10-17T09:31:58+00:00","dateModified":"2024-10-28T08:48:14+00:00","description":"A nyereghegeszt\u0151 g\u00e9peink speci\u00e1lis berendez\u00e9sek a cs\u00f6kkentett T-alak\u00fa darabok gy\u00e1rt\u00e1s\u00e1ra a max. 630 \u00e9s max. 400 mm k\u00f6z\u00f6tti cs\u0151rendszerekben.","breadcrumb":{"@id":"https:\/\/www.akuplastics.com\/hu\/gepek-es-eszkoezoek\/nyereghegeszto-gepek-ssm-630\/#breadcrumb"},"inLanguage":"hu","potentialAction":[{"@type":"ReadAction","target":["https:\/\/www.akuplastics.com\/hu\/gepek-es-eszkoezoek\/nyereghegeszto-gepek-ssm-630\/"]}]},{"@type":"ImageObject","inLanguage":"hu","@id":"https:\/\/www.akuplastics.com\/hu\/gepek-es-eszkoezoek\/nyereghegeszto-gepek-ssm-630\/#primaryimage","url":"https:\/\/www.akuplastics.com\/wp-content\/uploads\/2024\/10\/SSM-630-Sattelschweissmaschinen-246x300.webp","contentUrl":"https:\/\/www.akuplastics.com\/wp-content\/uploads\/2024\/10\/SSM-630-Sattelschweissmaschinen-246x300.webp"},{"@type":"BreadcrumbList","@id":"https:\/\/www.akuplastics.com\/hu\/gepek-es-eszkoezoek\/nyereghegeszto-gepek-ssm-630\/#breadcrumb","itemListElement":[{"@type":"ListItem","position":1,"name":"Kezd\u0151lap","item":"https:\/\/www.akuplastics.com\/hu\/"},{"@type":"ListItem","position":2,"name":"G\u00e9pek \u00e9s eszk\u00f6z\u00f6k","item":"https:\/\/www.akuplastics.com\/hu\/gepek-es-eszkoezoek\/"},{"@type":"ListItem","position":3,"name":"Nyereghegeszt\u0151 g\u00e9pek SSM-630"}]},{"@type":"WebSite","@id":"https:\/\/www.akuplastics.com\/hu\/#website","url":"https:\/\/www.akuplastics.com\/hu\/","name":"Semi-Finished Products \u2013 Finished Parts \u2013 Ventilation Moulded Parts \u2013 Machines","description":"Halbzeuge, Halbfabrikate, Kunststoffhalbzeuge, Kunststoffhalbfabrikate","publisher":{"@id":"https:\/\/www.akuplastics.com\/hu\/#organization"},"alternateName":"AKUPLASTICS \u2013 Engineering in Plastics","potentialAction":[{"@type":"SearchAction","target":{"@type":"EntryPoint","urlTemplate":"https:\/\/www.akuplastics.com\/hu\/?s={search_term_string}"},"query-input":{"@type":"PropertyValueSpecification","valueRequired":true,"valueName":"search_term_string"}}],"inLanguage":"hu"},{"@type":"Organization","@id":"https:\/\/www.akuplastics.com\/hu\/#organization","name":"Ing. Christian Ahlborn e.U.","alternateName":"AKU","url":"https:\/\/www.akuplastics.com\/hu\/","logo":{"@type":"ImageObject","inLanguage":"hu","@id":"https:\/\/www.akuplastics.com\/hu\/#\/schema\/logo\/image\/","url":"https:\/\/www.akuplastics.com\/wp-content\/uploads\/2020\/07\/Grafik14-inkl-r.png","contentUrl":"https:\/\/www.akuplastics.com\/wp-content\/uploads\/2020\/07\/Grafik14-inkl-r.png","width":1994,"height":743,"caption":"Ing. Christian Ahlborn e.U."},"image":{"@id":"https:\/\/www.akuplastics.com\/hu\/#\/schema\/logo\/image\/"}}]}},"_links":{"self":[{"href":"https:\/\/www.akuplastics.com\/hu\/wp-json\/wp\/v2\/pages\/25332","targetHints":{"allow":["GET"]}}],"collection":[{"href":"https:\/\/www.akuplastics.com\/hu\/wp-json\/wp\/v2\/pages"}],"about":[{"href":"https:\/\/www.akuplastics.com\/hu\/wp-json\/wp\/v2\/types\/page"}],"author":[{"embeddable":true,"href":"https:\/\/www.akuplastics.com\/hu\/wp-json\/wp\/v2\/users\/3"}],"replies":[{"embeddable":true,"href":"https:\/\/www.akuplastics.com\/hu\/wp-json\/wp\/v2\/comments?post=25332"}],"version-history":[{"count":3,"href":"https:\/\/www.akuplastics.com\/hu\/wp-json\/wp\/v2\/pages\/25332\/revisions"}],"predecessor-version":[{"id":25480,"href":"https:\/\/www.akuplastics.com\/hu\/wp-json\/wp\/v2\/pages\/25332\/revisions\/25480"}],"up":[{"embeddable":true,"href":"https:\/\/www.akuplastics.com\/hu\/wp-json\/wp\/v2\/pages\/9403"}],"wp:attachment":[{"href":"https:\/\/www.akuplastics.com\/hu\/wp-json\/wp\/v2\/media?parent=25332"}],"curies":[{"name":"wp","href":"https:\/\/api.w.org\/{rel}","templated":true}]}}