{"id":25288,"date":"2024-10-17T10:51:59","date_gmt":"2024-10-17T08:51:59","guid":{"rendered":"https:\/\/www.akuplastics.com\/gepek-es-eszkoezoek\/kezi-tompahegesztogep-sm-160-s\/"},"modified":"2024-10-17T11:12:07","modified_gmt":"2024-10-17T09:12:07","slug":"kezi-tompahegesztogep-sm-160-s","status":"publish","type":"page","link":"https:\/\/www.akuplastics.com\/hu\/gepek-es-eszkoezoek\/kezi-tompahegesztogep-sm-160-s\/","title":{"rendered":"K\u00e9zi tompahegeszt\u0151g\u00e9p SM 160-S"},"content":{"rendered":"\t\t<div data-elementor-type=\"wp-page\" data-elementor-id=\"25288\" class=\"elementor elementor-25288 elementor-25270\" data-elementor-post-type=\"page\">\n\t\t\t\t\t\t<section class=\"elementor-section elementor-top-section elementor-element elementor-element-3674ff77 elementor-section-boxed elementor-section-height-default elementor-section-height-default\" data-id=\"3674ff77\" data-element_type=\"section\" data-e-type=\"section\">\n\t\t\t\t\t\t<div class=\"elementor-container elementor-column-gap-default\">\n\t\t\t\t\t<div class=\"elementor-column elementor-col-100 elementor-top-column elementor-element elementor-element-474a5599\" data-id=\"474a5599\" data-element_type=\"column\" data-e-type=\"column\">\n\t\t\t<div class=\"elementor-widget-wrap elementor-element-populated\">\n\t\t\t\t\t\t<div class=\"elementor-element elementor-element-510ca892 elementor-widget elementor-widget-text-editor\" data-id=\"510ca892\" data-element_type=\"widget\" data-e-type=\"widget\" data-widget_type=\"text-editor.default\">\n\t\t\t\t<div class=\"elementor-widget-container\">\n\t\t\t\t\t\t\t\t\t<h1>K\u00e9zi \u00e9s sz\u00e1ll\u00edthat\u00f3 tompahegeszt\u0151g\u00e9p 40 mm &#8211; 160 mm \u00e1tm\u00e9r\u0151j\u0171 cs\u00f6vekhez <\/h1>\n\t\t\t\t\t\t\t\t<\/div>\n\t\t\t\t<\/div>\n\t\t\t\t<section class=\"elementor-section elementor-inner-section elementor-element elementor-element-13e9a7c7 elementor-section-boxed elementor-section-height-default elementor-section-height-default\" data-id=\"13e9a7c7\" data-element_type=\"section\" data-e-type=\"section\">\n\t\t\t\t\t\t<div class=\"elementor-container elementor-column-gap-default\">\n\t\t\t\t\t<div class=\"elementor-column elementor-col-50 elementor-inner-column elementor-element elementor-element-2ee951f2\" data-id=\"2ee951f2\" data-element_type=\"column\" data-e-type=\"column\">\n\t\t\t<div class=\"elementor-widget-wrap elementor-element-populated\">\n\t\t\t\t\t\t<div class=\"elementor-element elementor-element-0c1ac7e elementor-widget elementor-widget-text-editor\" data-id=\"0c1ac7e\" data-element_type=\"widget\" data-e-type=\"widget\" data-widget_type=\"text-editor.default\">\n\t\t\t\t<div class=\"elementor-widget-container\">\n\t\t\t\t\t\t\t\t\t<p>A <strong>cs\u0151hegeszt\u0151<\/strong> g\u00e9pek olyan speci\u00e1lis berendez\u00e9sek, amelyeket a m\u0171anyag cs\u00f6vek prec\u00edz \u00e9s hat\u00e9kony hegeszt\u00e9s\u00e9re fejlesztettek ki.<\/p>\n<p>Ide\u00e1lis a<span style=\"color: var( --e-global-color-text ); font-family: var( --e-global-typography-text-font-family ), arial; font-size: var( --e-global-typography-text-font-size ); font-weight: var( --e-global-typography-text-font-weight );\">cs\u00f6vek prec\u00edz hegeszt\u00e9s\u00e9hez a hat\u00e9kony feldolgoz\u00e1s \u00e9rdek\u00e9ben.<\/span><\/p>\n\t\t\t\t\t\t\t\t<\/div>\n\t\t\t\t<\/div>\n\t\t\t\t<div class=\"elementor-element elementor-element-303396d elementor-widget elementor-widget-text-editor\" data-id=\"303396d\" data-element_type=\"widget\" data-e-type=\"widget\" data-settings=\"{&quot;_animation&quot;:&quot;none&quot;}\" data-widget_type=\"text-editor.default\">\n\t\t\t\t<div class=\"elementor-widget-container\">\n\t\t\t\t\t\t\t\t\t<p>Az SM 160-S egy sz\u00e1ll\u00edthat\u00f3 k\u00e9zi tompaolvaszt\u00f3 g\u00e9p m\u0171anyag cs\u00f6vekhez, amely a k\u00f6vetkez\u0151 f\u0151 jellemz\u0151kkel rendelkezik:<\/p>\n<p><strong>40 mm \u00e9s 160 mm k\u00f6z\u00f6tti \u00e1tm\u00e9r\u0151j\u0171 cs\u00f6vekhez alkalmas<\/strong><\/p>\n<\/p>\n<p class=\"mb-2 mt-6 text-lg first:mt-3\"><strong>Van<\/strong><\/p>\n<ul class=\"marker:text-textOff list-disc pl-8\">\n<li>Alapvet\u0151 szor\u00edt\u00f3szersz\u00e1mok 160 mm-es cs\u00f6vekhez<\/li>\n<li>Szor\u00edt\u00f3bet\u00e9tek k\u00fcl\u00f6nb\u00f6z\u0151 cs\u0151\u00e1tm\u00e9r\u0151kh\u00f6z (4 db k\u00e9szletenk\u00e9nt 40-140 mm)<\/li>\n<li>Cs\u0151tart\u00f3k 160 mm-es cs\u00f6vekhez<\/li>\n<li>K\u00fcl\u00f6nb\u00f6z\u0151 m\u00e9ret\u0171 cs\u0151tart\u00f3khoz val\u00f3 bet\u00e9tek (4 db k\u00e9szletenk\u00e9nt 40-160 mm)<\/li>\n<\/ul>\n<p class=\"mb-2 mt-6 text-lg first:mt-3\"><strong>Az \u00e9p\u00edt\u00e9s:<\/strong><\/p>\n<ul class=\"marker:text-textOff list-disc pl-8\">\n<li>Stabil keret integr\u00e1lt szersz\u00e1mtart\u00f3val<\/li>\n<li>A m\u0171k\u00f6d\u00e9shez sz\u00fcks\u00e9ges szersz\u00e1mok<\/li>\n<\/ul>\n<p class=\"mb-2 mt-6 text-lg first:mt-3\"><strong>J\u00f3 rugalmass\u00e1g<\/strong><\/p>\n<ul class=\"marker:text-textOff list-disc pl-8\">\n<li>Modul\u00e1ris rendszer cser\u00e9lhet\u0151 bet\u00e9tekkel k\u00fcl\u00f6nb\u00f6z\u0151 cs\u0151\u00e1tm\u00e9r\u0151kh\u00f6z<\/li>\n<li>Lehet\u0151v\u00e9 teszi a k\u00fcl\u00f6nb\u00f6z\u0151 cs\u0151m\u00e9retekhez val\u00f3 alkalmazkod\u00e1st teljes g\u00e9pcsere n\u00e9lk\u00fcl<\/li>\n<\/ul>\n<p class=\"mb-2 mt-6 text-lg first:mt-3\"><strong>A legjobb mobilit\u00e1s<\/strong><\/p>\n<ul class=\"marker:text-textOff list-disc pl-8\">\n<li>Sz\u00e1ll\u00edthat\u00f3 kialak\u00edt\u00e1s a k\u00fcl\u00f6nb\u00f6z\u0151 munkahelyeken t\u00f6rt\u00e9n\u0151 rugalmas haszn\u00e1lathoz<\/li>\n<\/ul>\n<p>Ez a k\u00e9zi hegeszt\u0151g\u00e9p ez\u00e9rt sokoldal\u00fa \u00e9s mobil megold\u00e1st k\u00edn\u00e1l a m\u0171anyag cs\u00f6vek tompahegeszt\u00e9s\u00e9hez sz\u00e9les \u00e1tm\u00e9r\u0151tartom\u00e1nyban.<\/p>\n<\/p>\n<p><strong>M\u0171szaki adatok<br \/><\/strong><\/p>\n<table class=\"texttable\">\n<tbody>\n<tr>\n<td class=\"cellnormal\" height=\"13px\">Fesz\u00fclts\u00e9g:<\/td>\n<td class=\"cellnormal\">230 V<\/td>\n<\/tr>\n<tr>\n<td class=\"cellnormal\" height=\"13px\"><span class=\"textheading1 mobile-undersized-upper\">Gyakoris\u00e1g:<\/span><\/td>\n<td class=\"cellnormal\"><span class=\"textheading1 mobile-undersized-upper\">frekvencia: 50\/60 Hz<\/span><\/td>\n<\/tr>\n<tr>\n<td class=\"cellnormal\" height=\"13px\"><span class=\"textheading1 mobile-undersized-upper\">F\u0171t\u0151elem kimenete:<\/span><\/td>\n<td class=\"cellnormal\"><span class=\"textheading1 mobile-undersized-upper\">800 W<\/span><\/td>\n<\/tr>\n<tr>\n<td class=\"cellnormal\" height=\"13px\"><span class=\"textheading1 mobile-undersized-upper\">Szeletel\u0151g\u00e9p teljes\u00edtm\u00e9nye:<\/span><\/td>\n<td class=\"cellnormal\"><span class=\"textheading1 mobile-undersized-upper\">710 W<\/span><\/td>\n<\/tr>\n<tr>\n<td class=\"cellnormal\" height=\"13px\">\u00c1ramer\u0151ss\u00e9g:<\/td>\n<td class=\"cellnormal\"><span class=\"textheading1 mobile-undersized-upper\">7 A<\/span><\/td>\n<\/tr>\n<\/tbody>\n<\/table>\n<p><strong> <\/strong><\/p>\n<p><strong>Tartalmazott eszk\u00f6z\u00f6k<\/strong><\/p>\n<ul>\n<li>Szor\u00edt\u00f3bet\u00e9t szor\u00edt\u00f3szersz\u00e1mokhoz<\/li>\n<li>Beilleszt\u00e9sek cs\u0151tart\u00f3khoz<\/li>\n<li>Csavarok \u00e9s imbuszkulcs<\/li>\n<\/ul>\n\t\t\t\t\t\t\t\t<\/div>\n\t\t\t\t<\/div>\n\t\t\t\t<div class=\"elementor-element elementor-element-7d4ca77 elementor-widget elementor-widget-text-editor\" data-id=\"7d4ca77\" data-element_type=\"widget\" data-e-type=\"widget\" data-widget_type=\"text-editor.default\">\n\t\t\t\t<div class=\"elementor-widget-container\">\n\t\t\t\t\t\t\t\t\t<p><span style=\"color: var( --e-global-color-text ); font-family: var( --e-global-typography-text-font-family ), arial; font-size: var( --e-global-typography-text-font-size ); font-weight: var( --e-global-typography-text-font-weight ); letter-spacing: 0px;\">E speci\u00e1lis g\u00e9pek legfontosabb \u00e1ltal\u00e1nos jellemz\u0151i \u00e9s funkci\u00f3i:<\/span><\/p>\n<\/p>\n<p><strong>Szerkezet \u00e9s stabilit\u00e1s<\/strong><\/p>\n<p>A cs\u0151hegeszt\u0151 g\u00e9peket stabil \u00e9s megb\u00edzhat\u00f3 kialak\u00edt\u00e1s jellemzi.<\/p>\n<\/p>\n<p>K\u00f6r\u00fclbel\u00fcl:<\/p>\n<ul class=\"marker:text-textOff list-disc pl-8\">\n<li>\n<p>Torzi\u00f3\u00e1ll\u00f3 alapkeret<\/p>\n<\/li>\n<li>\n<p>Prec\u00edz line\u00e1ris vezet\u0151k<\/p>\n<\/li>\n<li>\n<p>Nagy pontoss\u00e1g \u00e9s rugalmass\u00e1g<\/p>\n<\/li>\n<\/ul>\n<p class=\"mb-2 mt-6 text-lg first:mt-3\"><strong>Ir\u00e1ny\u00edt\u00e1s \u00e9s automatiz\u00e1l\u00e1s<\/strong><\/p>\n<p>A modern m\u0171helyg\u00e9pek fejlett vez\u00e9rl\u00e9si lehet\u0151s\u00e9geket is k\u00edn\u00e1lnak, pl:<\/p>\n<ul class=\"marker:text-textOff list-disc pl-8\">\n<li>\n<p>Sz\u00e1m\u00edt\u00f3g\u00e9pes rendszerek<\/p>\n<\/li>\n<li>\n<p>Hidraulikus \u00fczemm\u00f3d<\/p>\n<\/li>\n<li>\n<p>Digit\u00e1lis kijelz\u0151k \u00e9s vez\u00e9rl\u0151rendszerek<\/p>\n<\/li>\n<\/ul>\n<p class=\"mb-2 mt-6 text-lg first:mt-3\"><strong>Hegeszt\u00e9si folyamat \u00e9s anyagok<\/strong><\/p>\n<p>Ezek a g\u00e9pek sokoldal\u00faak \u00e9s alkalmasak olyan feladatokra, mint a PE, PP, PVDF \u00e9s m\u00e1s h\u0151re l\u00e1gyul\u00f3 anyagok hegeszt\u00e9se.<\/p>\n<p>Programozhat\u00f3 hegeszt\u00e9si param\u00e9tereket \u00e9s pontos h\u0151m\u00e9rs\u00e9klet-szab\u00e1lyoz\u00e1st k\u00edn\u00e1lnak a k\u00edv\u00e1nt olvad\u00e1si h\u0151m\u00e9rs\u00e9klet el\u00e9r\u00e9s\u00e9hez.<\/p>\n<\/p>\n<p class=\"mb-2 mt-6 text-lg first:mt-3\"><strong>Tov\u00e1bbi funkci\u00f3k<\/strong><\/p>\n<p>A hat\u00e9konys\u00e1g \u00e9s a min\u0151s\u00e9g jav\u00edt\u00e1sa \u00e9rdek\u00e9ben a k\u00f6vetkez\u0151 funkci\u00f3kat lehet integr\u00e1lni, p\u00e9ld\u00e1ul <\/p>\n<ul class=\"marker:text-textOff list-disc pl-8\">\n<li>\n<p>PTFE bevonat\u00fa f\u0171t\u0151elem<\/p>\n<\/li>\n<li>\n<p>Elektromos gyalu<\/p>\n<\/li>\n<li>\n<p>Hegeszt\u00e9si jegyz\u0151k\u00f6nyvek automatikus l\u00e9trehoz\u00e1sa a dokument\u00e1ci\u00f3hoz \u00e9s ellen\u0151rz\u00e9shez<\/p>\n<\/li>\n<\/ul>\n<p class=\"mb-2 mt-6 text-lg first:mt-3\"><strong>Speci\u00e1lis hegeszt\u00e9si lehet\u0151s\u00e9gek tov\u00e1bbi el\u0151nyk\u00e9nt<\/strong><\/p>\n<p>A g\u00e9pek kib\u0151v\u00edtett hegeszt\u00e9si lehet\u0151s\u00e9geket k\u00edn\u00e1lnak:<\/p>\n<ul class=\"marker:text-textOff list-disc pl-8\">\n<li>\n<p>Speci\u00e1lis szor\u00edt\u00f3szersz\u00e1mok T, Y \u00e9s X hegeszt\u00e9si varratokhoz<\/p>\n<\/li>\n<li>\n<p>Lehet\u0151s\u00e9g k\u00fcl\u00f6nb\u00f6z\u0151 sz\u00f6gben (45\u00b0, 60\u00b0 \u00e9s 90\u00b0) hegeszt\u00e9si varratok k\u00e9sz\u00edt\u00e9s\u00e9re<\/p>\n<\/li>\n<\/ul>\n<p class=\"mb-2 mt-6 text-lg first:mt-3\"><strong>Teljes\u00edtm\u00e9ny \u00e9s hat\u00e9konys\u00e1g<\/strong><\/p>\n<p>A modern cs\u0151hegeszt\u0151 g\u00e9peket j\u00f3 hegeszt\u00e9si varratk\u00e9pz\u00e9s jellemzi, \u00e9s lehet\u0151v\u00e9 teszik a m\u0171anyag cs\u00f6vek pontos, hat\u00e9kony \u00e9s sokoldal\u00fa feldolgoz\u00e1s\u00e1t a k\u00fcl\u00f6nb\u00f6z\u0151 ipari alkalmaz\u00e1sokban.<\/p>\n\t\t\t\t\t\t\t\t<\/div>\n\t\t\t\t<\/div>\n\t\t\t\t\t<\/div>\n\t\t<\/div>\n\t\t\t\t<div class=\"elementor-column elementor-col-50 elementor-inner-column elementor-element elementor-element-1e45b33\" data-id=\"1e45b33\" data-element_type=\"column\" data-e-type=\"column\">\n\t\t\t<div class=\"elementor-widget-wrap elementor-element-populated\">\n\t\t\t\t\t\t<div class=\"elementor-element elementor-element-427e49f0 elementor-widget elementor-widget-image\" data-id=\"427e49f0\" data-element_type=\"widget\" data-e-type=\"widget\" data-settings=\"{&quot;_animation&quot;:&quot;none&quot;}\" data-widget_type=\"image.default\">\n\t\t\t\t<div class=\"elementor-widget-container\">\n\t\t\t\t\t\t\t\t\t\t\t\t<figure class=\"wp-caption\">\n\t\t\t\t\t\t\t\t\t\t<img loading=\"lazy\" decoding=\"async\" width=\"246\" height=\"300\" src=\"https:\/\/www.akuplastics.com\/wp-content\/uploads\/2024\/10\/SM-160-S-Manuelle-Schweissmaschine-246x300.webp\" class=\"attachment-medium size-medium wp-image-25274\" alt=\"SM-160-S-Manuelle-transportable Stumpfschwei\u00dfmaschine\" srcset=\"https:\/\/www.akuplastics.com\/wp-content\/uploads\/2024\/10\/SM-160-S-Manuelle-Schweissmaschine-246x300.webp 246w, https:\/\/www.akuplastics.com\/wp-content\/uploads\/2024\/10\/SM-160-S-Manuelle-Schweissmaschine.webp 456w\" sizes=\"auto, (max-width: 246px) 100vw, 246px\" \/>\t\t\t\t\t\t\t\t\t\t\t<figcaption class=\"widget-image-caption wp-caption-text\">SM-160-S K\u00e9zi \u00e9s sz\u00e1ll\u00edthat\u00f3 tompahegeszt\u0151 g\u00e9p<\/figcaption>\n\t\t\t\t\t\t\t\t\t\t<\/figure>\n\t\t\t\t\t\t\t\t\t<\/div>\n\t\t\t\t<\/div>\n\t\t\t\t\t<\/div>\n\t\t<\/div>\n\t\t\t\t\t<\/div>\n\t\t<\/section>\n\t\t\t\t\t<\/div>\n\t\t<\/div>\n\t\t\t\t\t<\/div>\n\t\t<\/section>\n\t\t<div class=\"elementor-element elementor-element-efa8817 e-flex e-con-boxed e-con e-parent\" data-id=\"efa8817\" data-element_type=\"container\" data-e-type=\"container\">\n\t\t\t\t\t<div class=\"e-con-inner\">\n\t\t\t\t\t<\/div>\n\t\t\t\t<\/div>\n\t\t\t\t<\/div>\n\t\t","protected":false},"excerpt":{"rendered":"<p>K\u00e9zi \u00e9s sz\u00e1ll\u00edthat\u00f3 tompahegeszt\u0151g\u00e9p 40 mm &#8211; 160 mm \u00e1tm\u00e9r\u0151j\u0171 cs\u00f6vekhez A cs\u0151hegeszt\u0151 g\u00e9pek olyan speci\u00e1lis berendez\u00e9sek, amelyeket a m\u0171anyag cs\u00f6vek prec\u00edz \u00e9s hat\u00e9kony hegeszt\u00e9s\u00e9re fejlesztettek ki. Ide\u00e1lis acs\u00f6vek prec\u00edz hegeszt\u00e9s\u00e9hez a hat\u00e9kony feldolgoz\u00e1s \u00e9rdek\u00e9ben. Az SM 160-S egy sz\u00e1ll\u00edthat\u00f3 k\u00e9zi tompaolvaszt\u00f3 g\u00e9p m\u0171anyag cs\u00f6vekhez, amely a k\u00f6vetkez\u0151 f\u0151 jellemz\u0151kkel rendelkezik: 40 mm \u00e9s 160 [&hellip;]<\/p>\n","protected":false},"author":3,"featured_media":0,"parent":9403,"menu_order":0,"comment_status":"closed","ping_status":"closed","template":"elementor_header_footer","meta":{"iawp_total_views":5,"footnotes":""},"class_list":["post-25288","page","type-page","status-publish","hentry"],"yoast_head":"<!-- This site is optimized with the Yoast SEO Premium plugin v27.4 (Yoast SEO v27.5) - https:\/\/yoast.com\/product\/yoast-seo-premium-wordpress\/ -->\n<title>K\u00e9zi tompaolvaszt\u00f3 g\u00e9p M\u0171anyag cs\u00f6vek Sz\u00e1ll\u00edthat\u00f3 160 mm<\/title>\n<meta name=\"description\" content=\"Az SM 160-S k\u00e9zi tompaolvaszt\u00f3 g\u00e9p\u00fcnk sz\u00e1ll\u00edthat\u00f3, \u00e9s ide\u00e1lis a 40 mm \u00d8 \u00e9s 160 mm \u00d8 k\u00f6z\u00f6tti \u00e1tm\u00e9r\u0151j\u0171 m\u0171anyag cs\u00f6vekhez. A g\u00e9p robusztus kialak\u00edt\u00e1s\u00fa, \u00d8 160 mm-es alapszor\u00edt\u00f3szersz\u00e1mokkal \u00e9s k\u00fcl\u00f6nb\u00f6z\u0151 m\u00e9ret\u0171 szor\u00edt\u00f3bet\u00e9tekkel rendelkezik a rugalmas alkalmaz\u00e1si lehet\u0151s\u00e9gekhez.\" \/>\n<meta name=\"robots\" content=\"index, follow, max-snippet:-1, max-image-preview:large, max-video-preview:-1\" \/>\n<link rel=\"canonical\" href=\"https:\/\/www.akuplastics.com\/hu\/gepek-es-eszkoezoek\/kezi-tompahegesztogep-sm-160-s\/\" \/>\n<script type=\"application\/ld+json\" class=\"yoast-schema-graph\">{\"@context\":\"https:\\\/\\\/schema.org\",\"@graph\":[{\"@type\":\"WebPage\",\"@id\":\"https:\\\/\\\/www.akuplastics.com\\\/hu\\\/gepek-es-eszkoezoek\\\/kezi-tompahegesztogep-sm-160-s\\\/\",\"url\":\"https:\\\/\\\/www.akuplastics.com\\\/hu\\\/gepek-es-eszkoezoek\\\/kezi-tompahegesztogep-sm-160-s\\\/\",\"name\":\"K\u00e9zi tompaolvaszt\u00f3 g\u00e9p M\u0171anyag cs\u00f6vek Sz\u00e1ll\u00edthat\u00f3 160 mm\",\"isPartOf\":{\"@id\":\"https:\\\/\\\/www.akuplastics.com\\\/hu\\\/#website\"},\"primaryImageOfPage\":{\"@id\":\"https:\\\/\\\/www.akuplastics.com\\\/hu\\\/gepek-es-eszkoezoek\\\/kezi-tompahegesztogep-sm-160-s\\\/#primaryimage\"},\"image\":{\"@id\":\"https:\\\/\\\/www.akuplastics.com\\\/hu\\\/gepek-es-eszkoezoek\\\/kezi-tompahegesztogep-sm-160-s\\\/#primaryimage\"},\"thumbnailUrl\":\"https:\\\/\\\/www.akuplastics.com\\\/wp-content\\\/uploads\\\/2024\\\/10\\\/SM-160-S-Manuelle-Schweissmaschine-246x300.webp\",\"datePublished\":\"2024-10-17T08:51:59+00:00\",\"dateModified\":\"2024-10-17T09:12:07+00:00\",\"description\":\"Az SM 160-S k\u00e9zi tompaolvaszt\u00f3 g\u00e9p\u00fcnk sz\u00e1ll\u00edthat\u00f3, \u00e9s ide\u00e1lis a 40 mm \u00d8 \u00e9s 160 mm \u00d8 k\u00f6z\u00f6tti \u00e1tm\u00e9r\u0151j\u0171 m\u0171anyag cs\u00f6vekhez. A g\u00e9p robusztus kialak\u00edt\u00e1s\u00fa, \u00d8 160 mm-es alapszor\u00edt\u00f3szersz\u00e1mokkal \u00e9s k\u00fcl\u00f6nb\u00f6z\u0151 m\u00e9ret\u0171 szor\u00edt\u00f3bet\u00e9tekkel rendelkezik a rugalmas alkalmaz\u00e1si lehet\u0151s\u00e9gekhez.\",\"breadcrumb\":{\"@id\":\"https:\\\/\\\/www.akuplastics.com\\\/hu\\\/gepek-es-eszkoezoek\\\/kezi-tompahegesztogep-sm-160-s\\\/#breadcrumb\"},\"inLanguage\":\"hu\",\"potentialAction\":[{\"@type\":\"ReadAction\",\"target\":[\"https:\\\/\\\/www.akuplastics.com\\\/hu\\\/gepek-es-eszkoezoek\\\/kezi-tompahegesztogep-sm-160-s\\\/\"]}]},{\"@type\":\"ImageObject\",\"inLanguage\":\"hu\",\"@id\":\"https:\\\/\\\/www.akuplastics.com\\\/hu\\\/gepek-es-eszkoezoek\\\/kezi-tompahegesztogep-sm-160-s\\\/#primaryimage\",\"url\":\"https:\\\/\\\/www.akuplastics.com\\\/wp-content\\\/uploads\\\/2024\\\/10\\\/SM-160-S-Manuelle-Schweissmaschine-246x300.webp\",\"contentUrl\":\"https:\\\/\\\/www.akuplastics.com\\\/wp-content\\\/uploads\\\/2024\\\/10\\\/SM-160-S-Manuelle-Schweissmaschine-246x300.webp\"},{\"@type\":\"BreadcrumbList\",\"@id\":\"https:\\\/\\\/www.akuplastics.com\\\/hu\\\/gepek-es-eszkoezoek\\\/kezi-tompahegesztogep-sm-160-s\\\/#breadcrumb\",\"itemListElement\":[{\"@type\":\"ListItem\",\"position\":1,\"name\":\"Kezd\u0151lap\",\"item\":\"https:\\\/\\\/www.akuplastics.com\\\/hu\\\/\"},{\"@type\":\"ListItem\",\"position\":2,\"name\":\"G\u00e9pek \u00e9s eszk\u00f6z\u00f6k\",\"item\":\"https:\\\/\\\/www.akuplastics.com\\\/hu\\\/gepek-es-eszkoezoek\\\/\"},{\"@type\":\"ListItem\",\"position\":3,\"name\":\"K\u00e9zi tompahegeszt\u0151g\u00e9p SM 160-S\"}]},{\"@type\":\"WebSite\",\"@id\":\"https:\\\/\\\/www.akuplastics.com\\\/hu\\\/#website\",\"url\":\"https:\\\/\\\/www.akuplastics.com\\\/hu\\\/\",\"name\":\"Semi-Finished Products \u2013 Finished Parts \u2013 Ventilation Moulded Parts \u2013 Machines\",\"description\":\"Halbzeuge, Halbfabrikate, Kunststoffhalbzeuge, Kunststoffhalbfabrikate\",\"publisher\":{\"@id\":\"https:\\\/\\\/www.akuplastics.com\\\/hu\\\/#organization\"},\"alternateName\":\"AKUPLASTICS \u2013 Engineering in Plastics\",\"potentialAction\":[{\"@type\":\"SearchAction\",\"target\":{\"@type\":\"EntryPoint\",\"urlTemplate\":\"https:\\\/\\\/www.akuplastics.com\\\/hu\\\/?s={search_term_string}\"},\"query-input\":{\"@type\":\"PropertyValueSpecification\",\"valueRequired\":true,\"valueName\":\"search_term_string\"}}],\"inLanguage\":\"hu\"},{\"@type\":\"Organization\",\"@id\":\"https:\\\/\\\/www.akuplastics.com\\\/hu\\\/#organization\",\"name\":\"Ing. Christian Ahlborn e.U.\",\"alternateName\":\"AKU\",\"url\":\"https:\\\/\\\/www.akuplastics.com\\\/hu\\\/\",\"logo\":{\"@type\":\"ImageObject\",\"inLanguage\":\"hu\",\"@id\":\"https:\\\/\\\/www.akuplastics.com\\\/hu\\\/#\\\/schema\\\/logo\\\/image\\\/\",\"url\":\"https:\\\/\\\/www.akuplastics.com\\\/wp-content\\\/uploads\\\/2020\\\/07\\\/Grafik14-inkl-r.png\",\"contentUrl\":\"https:\\\/\\\/www.akuplastics.com\\\/wp-content\\\/uploads\\\/2020\\\/07\\\/Grafik14-inkl-r.png\",\"width\":1994,\"height\":743,\"caption\":\"Ing. Christian Ahlborn e.U.\"},\"image\":{\"@id\":\"https:\\\/\\\/www.akuplastics.com\\\/hu\\\/#\\\/schema\\\/logo\\\/image\\\/\"}}]}<\/script>\n<!-- \/ Yoast SEO Premium plugin. -->","yoast_head_json":{"title":"K\u00e9zi tompaolvaszt\u00f3 g\u00e9p M\u0171anyag cs\u00f6vek Sz\u00e1ll\u00edthat\u00f3 160 mm","description":"Az SM 160-S k\u00e9zi tompaolvaszt\u00f3 g\u00e9p\u00fcnk sz\u00e1ll\u00edthat\u00f3, \u00e9s ide\u00e1lis a 40 mm \u00d8 \u00e9s 160 mm \u00d8 k\u00f6z\u00f6tti \u00e1tm\u00e9r\u0151j\u0171 m\u0171anyag cs\u00f6vekhez. A g\u00e9p robusztus kialak\u00edt\u00e1s\u00fa, \u00d8 160 mm-es alapszor\u00edt\u00f3szersz\u00e1mokkal \u00e9s k\u00fcl\u00f6nb\u00f6z\u0151 m\u00e9ret\u0171 szor\u00edt\u00f3bet\u00e9tekkel rendelkezik a rugalmas alkalmaz\u00e1si lehet\u0151s\u00e9gekhez.","robots":{"index":"index","follow":"follow","max-snippet":"max-snippet:-1","max-image-preview":"max-image-preview:large","max-video-preview":"max-video-preview:-1"},"canonical":"https:\/\/www.akuplastics.com\/hu\/gepek-es-eszkoezoek\/kezi-tompahegesztogep-sm-160-s\/","schema":{"@context":"https:\/\/schema.org","@graph":[{"@type":"WebPage","@id":"https:\/\/www.akuplastics.com\/hu\/gepek-es-eszkoezoek\/kezi-tompahegesztogep-sm-160-s\/","url":"https:\/\/www.akuplastics.com\/hu\/gepek-es-eszkoezoek\/kezi-tompahegesztogep-sm-160-s\/","name":"K\u00e9zi tompaolvaszt\u00f3 g\u00e9p M\u0171anyag cs\u00f6vek Sz\u00e1ll\u00edthat\u00f3 160 mm","isPartOf":{"@id":"https:\/\/www.akuplastics.com\/hu\/#website"},"primaryImageOfPage":{"@id":"https:\/\/www.akuplastics.com\/hu\/gepek-es-eszkoezoek\/kezi-tompahegesztogep-sm-160-s\/#primaryimage"},"image":{"@id":"https:\/\/www.akuplastics.com\/hu\/gepek-es-eszkoezoek\/kezi-tompahegesztogep-sm-160-s\/#primaryimage"},"thumbnailUrl":"https:\/\/www.akuplastics.com\/wp-content\/uploads\/2024\/10\/SM-160-S-Manuelle-Schweissmaschine-246x300.webp","datePublished":"2024-10-17T08:51:59+00:00","dateModified":"2024-10-17T09:12:07+00:00","description":"Az SM 160-S k\u00e9zi tompaolvaszt\u00f3 g\u00e9p\u00fcnk sz\u00e1ll\u00edthat\u00f3, \u00e9s ide\u00e1lis a 40 mm \u00d8 \u00e9s 160 mm \u00d8 k\u00f6z\u00f6tti \u00e1tm\u00e9r\u0151j\u0171 m\u0171anyag cs\u00f6vekhez. A g\u00e9p robusztus kialak\u00edt\u00e1s\u00fa, \u00d8 160 mm-es alapszor\u00edt\u00f3szersz\u00e1mokkal \u00e9s k\u00fcl\u00f6nb\u00f6z\u0151 m\u00e9ret\u0171 szor\u00edt\u00f3bet\u00e9tekkel rendelkezik a rugalmas alkalmaz\u00e1si lehet\u0151s\u00e9gekhez.","breadcrumb":{"@id":"https:\/\/www.akuplastics.com\/hu\/gepek-es-eszkoezoek\/kezi-tompahegesztogep-sm-160-s\/#breadcrumb"},"inLanguage":"hu","potentialAction":[{"@type":"ReadAction","target":["https:\/\/www.akuplastics.com\/hu\/gepek-es-eszkoezoek\/kezi-tompahegesztogep-sm-160-s\/"]}]},{"@type":"ImageObject","inLanguage":"hu","@id":"https:\/\/www.akuplastics.com\/hu\/gepek-es-eszkoezoek\/kezi-tompahegesztogep-sm-160-s\/#primaryimage","url":"https:\/\/www.akuplastics.com\/wp-content\/uploads\/2024\/10\/SM-160-S-Manuelle-Schweissmaschine-246x300.webp","contentUrl":"https:\/\/www.akuplastics.com\/wp-content\/uploads\/2024\/10\/SM-160-S-Manuelle-Schweissmaschine-246x300.webp"},{"@type":"BreadcrumbList","@id":"https:\/\/www.akuplastics.com\/hu\/gepek-es-eszkoezoek\/kezi-tompahegesztogep-sm-160-s\/#breadcrumb","itemListElement":[{"@type":"ListItem","position":1,"name":"Kezd\u0151lap","item":"https:\/\/www.akuplastics.com\/hu\/"},{"@type":"ListItem","position":2,"name":"G\u00e9pek \u00e9s eszk\u00f6z\u00f6k","item":"https:\/\/www.akuplastics.com\/hu\/gepek-es-eszkoezoek\/"},{"@type":"ListItem","position":3,"name":"K\u00e9zi tompahegeszt\u0151g\u00e9p SM 160-S"}]},{"@type":"WebSite","@id":"https:\/\/www.akuplastics.com\/hu\/#website","url":"https:\/\/www.akuplastics.com\/hu\/","name":"Semi-Finished Products \u2013 Finished Parts \u2013 Ventilation Moulded Parts \u2013 Machines","description":"Halbzeuge, Halbfabrikate, Kunststoffhalbzeuge, Kunststoffhalbfabrikate","publisher":{"@id":"https:\/\/www.akuplastics.com\/hu\/#organization"},"alternateName":"AKUPLASTICS \u2013 Engineering in Plastics","potentialAction":[{"@type":"SearchAction","target":{"@type":"EntryPoint","urlTemplate":"https:\/\/www.akuplastics.com\/hu\/?s={search_term_string}"},"query-input":{"@type":"PropertyValueSpecification","valueRequired":true,"valueName":"search_term_string"}}],"inLanguage":"hu"},{"@type":"Organization","@id":"https:\/\/www.akuplastics.com\/hu\/#organization","name":"Ing. Christian Ahlborn e.U.","alternateName":"AKU","url":"https:\/\/www.akuplastics.com\/hu\/","logo":{"@type":"ImageObject","inLanguage":"hu","@id":"https:\/\/www.akuplastics.com\/hu\/#\/schema\/logo\/image\/","url":"https:\/\/www.akuplastics.com\/wp-content\/uploads\/2020\/07\/Grafik14-inkl-r.png","contentUrl":"https:\/\/www.akuplastics.com\/wp-content\/uploads\/2020\/07\/Grafik14-inkl-r.png","width":1994,"height":743,"caption":"Ing. Christian Ahlborn e.U."},"image":{"@id":"https:\/\/www.akuplastics.com\/hu\/#\/schema\/logo\/image\/"}}]}},"_links":{"self":[{"href":"https:\/\/www.akuplastics.com\/hu\/wp-json\/wp\/v2\/pages\/25288","targetHints":{"allow":["GET"]}}],"collection":[{"href":"https:\/\/www.akuplastics.com\/hu\/wp-json\/wp\/v2\/pages"}],"about":[{"href":"https:\/\/www.akuplastics.com\/hu\/wp-json\/wp\/v2\/types\/page"}],"author":[{"embeddable":true,"href":"https:\/\/www.akuplastics.com\/hu\/wp-json\/wp\/v2\/users\/3"}],"replies":[{"embeddable":true,"href":"https:\/\/www.akuplastics.com\/hu\/wp-json\/wp\/v2\/comments?post=25288"}],"version-history":[{"count":4,"href":"https:\/\/www.akuplastics.com\/hu\/wp-json\/wp\/v2\/pages\/25288\/revisions"}],"predecessor-version":[{"id":25296,"href":"https:\/\/www.akuplastics.com\/hu\/wp-json\/wp\/v2\/pages\/25288\/revisions\/25296"}],"up":[{"embeddable":true,"href":"https:\/\/www.akuplastics.com\/hu\/wp-json\/wp\/v2\/pages\/9403"}],"wp:attachment":[{"href":"https:\/\/www.akuplastics.com\/hu\/wp-json\/wp\/v2\/media?parent=25288"}],"curies":[{"name":"wp","href":"https:\/\/api.w.org\/{rel}","templated":true}]}}