{"id":25170,"date":"2024-10-09T14:39:34","date_gmt":"2024-10-09T12:39:34","guid":{"rendered":"https:\/\/www.akuplastics.com\/felkesz-termekek-lemezek-tomor-rudak-ureges-rudak-profilok-csovek-hegesztesi-rudak\/tomor-rudak-rudak-felkesz-termekek-muanyagok\/ptfe-attekintes-szilard-rudak\/"},"modified":"2025-12-02T14:09:29","modified_gmt":"2025-12-02T13:09:29","slug":"ptfe-attekintes-szilard-rudak","status":"publish","type":"page","link":"https:\/\/www.akuplastics.com\/hu\/felkesz-termekek-lemezek-tomor-rudak-ureges-rudak-profilok-csovek-hegesztesi-rudak\/tomor-rudak-rudak-felkesz-termekek-muanyagok\/ptfe-attekintes-szilard-rudak\/","title":{"rendered":"PTFE \u00c1ttekint\u00e9s szil\u00e1rd rudak"},"content":{"rendered":"\t\t<div data-elementor-type=\"wp-post\" data-elementor-id=\"25170\" class=\"elementor elementor-25170 elementor-25149\" data-elementor-post-type=\"page\">\n\t\t\t\t\t\t<section class=\"elementor-section elementor-top-section elementor-element elementor-element-166b94ca elementor-section-full_width elementor-section-height-default elementor-section-height-default\" data-id=\"166b94ca\" data-element_type=\"section\" data-e-type=\"section\" data-settings=\"{&quot;background_background&quot;:&quot;gradient&quot;}\">\n\t\t\t\t\t\t<div class=\"elementor-container elementor-column-gap-default\">\n\t\t\t\t\t<div class=\"elementor-column elementor-col-100 elementor-top-column elementor-element elementor-element-593d882f\" data-id=\"593d882f\" data-element_type=\"column\" data-e-type=\"column\">\n\t\t\t<div class=\"elementor-widget-wrap elementor-element-populated\">\n\t\t\t\t\t\t<section class=\"elementor-section elementor-inner-section elementor-element elementor-element-6bdd9cf6 elementor-section-boxed elementor-section-height-default elementor-section-height-default\" data-id=\"6bdd9cf6\" data-element_type=\"section\" data-e-type=\"section\">\n\t\t\t\t\t\t<div class=\"elementor-container elementor-column-gap-default\">\n\t\t\t\t\t<div class=\"elementor-column elementor-col-50 elementor-inner-column elementor-element elementor-element-6d8db792\" data-id=\"6d8db792\" data-element_type=\"column\" data-e-type=\"column\">\n\t\t\t<div class=\"elementor-widget-wrap elementor-element-populated\">\n\t\t\t\t\t\t<div class=\"elementor-element elementor-element-1f3ec76 elementor-widget elementor-widget-text-editor\" data-id=\"1f3ec76\" data-element_type=\"widget\" data-e-type=\"widget\" data-widget_type=\"text-editor.default\">\n\t\t\t\t<div class=\"elementor-widget-container\">\n\t\t\t\t\t\t\t\t\t<h1>PTFE \u00c1ttekint\u00e9s TELJES RUDAK vagy K\u00d6R\u00d6S RUDAK form\u00e1j\u00e1ban<\/h1><p>a k\u00f6vetkez\u0151 v\u00e1ltozatokban \u00e1llnak rendelkez\u00e9sre:<\/p><ul><li><a href=\"https:\/\/www.akuplastics.com\/hu\/ptfe-szilard-rudak\/\"><b>PTFE sz\u0171z<\/b><\/a><\/li><li><a href=\"https:\/\/www.akuplastics.com\/hu\/ptfe-toemoer-rudak-ptfe-c25-keverek-modositva\/\"><b>PTFE C25 &#8211; 25%-os sz\u00e9nkever\u00e9kkel<\/b><\/a><\/li><li><a href=\"https:\/\/www.akuplastics.com\/ptfe-gf30-30-glasfaser-vollstaebe-staebe-stab-rundstaebe\/\"><b>PTFE GF25 &#8211; 25% \u00fcvegsz\u00e1llal<\/b><\/a><\/li><li><a href=\"https:\/\/www.akuplastics.com\/hu\/ptfe-szilard-rudak\/\"><strong>PTFE 1550<\/strong><\/a><\/li><li><a href=\"https:\/\/www.akuplastics.com\/hu\/ptfe-szilard-rudak\/\"><strong>PTFE vegy\u00fcletek, t\u00f6ltve <\/strong><\/a><ul><li><a href=\"https:\/\/www.akuplastics.com\/hu\/ptfe-szilard-rudak\/\"><strong>15% grafit, 40% vagy 60% bronz<\/strong><\/a><\/li><li><a href=\"https:\/\/www.akuplastics.com\/hu\/ptfe-szilard-rudak\/\"><strong>50% rozsdamentes ac\u00e9l (Niro)<\/strong><\/a><\/li><li><a href=\"https:\/\/www.akuplastics.com\/hu\/ptfe-szilard-rudak\/\"><strong>25% GF+MoS2<\/strong><\/a><\/li><li><a href=\"https:\/\/www.akuplastics.com\/hu\/ptfe-szilard-rudak\/\"><strong>25% GF+15% grafit<\/strong><\/a><\/li><li><a href=\"https:\/\/www.akuplastics.com\/hu\/ptfe-szilard-rudak\/\"><strong>25% ker\u00e1mia<\/strong><\/a><\/li><\/ul><\/li><\/ul>\t\t\t\t\t\t\t\t<\/div>\n\t\t\t\t<\/div>\n\t\t\t\t<div class=\"elementor-element elementor-element-eedcb79 elementor-widget elementor-widget-text-editor\" data-id=\"eedcb79\" data-element_type=\"widget\" data-e-type=\"widget\" data-widget_type=\"text-editor.default\">\n\t\t\t\t<div class=\"elementor-widget-container\">\n\t\t\t\t\t\t\t\t\t<h5><b>Poli-tetrafluor-etil\u00e9n<\/b><\/h5><p>r\u00f6vid\u00edtve PTFE, egy szintetikus fluorm\u0171anyag, amely egyed\u00fcl\u00e1ll\u00f3 k\u00e9miai \u00e9s fizikai tulajdons\u00e1gair\u00f3l ismert. A PTFE-t tetrafluoretil\u00e9n (TFE) polimeriz\u00e1ci\u00f3j\u00e1val \u00e1ll\u00edtj\u00e1k el\u0151, \u00e9s legink\u00e1bb a Teflon\u00ae m\u00e1rkan\u00e9v alatt ismert. <\/p><p><strong>A PTFE tulajdons\u00e1gai:<\/strong><\/p><ul><li><p><br><strong>Magas h\u0151m\u00e9rs\u00e9kleti ellen\u00e1ll\u00e1s:<\/strong> A PTFE rendk\u00edv\u00fcl h\u0151\u00e1ll\u00f3, \u00e9s ak\u00e1r 260\u00b0C-os h\u0151m\u00e9rs\u00e9kletet is kib\u00edr an\u00e9lk\u00fcl, hogy szerkezeti tulajdons\u00e1gai megv\u00e1ltozn\u00e1nak. Ez a tulajdons\u00e1ga alkalmass\u00e1 teszi a sz\u00e9ls\u0151s\u00e9ges h\u0151m\u00e9rs\u00e9kleti tartom\u00e1nyokban t\u00f6rt\u00e9n\u0151 alkalmaz\u00e1sra.<\/p><\/li><li><p><br><strong>Kiv\u00e1l\u00f3 k\u00e9miai ellen\u00e1ll\u00e1s: <\/strong>A PTFE a vegyi anyagok, savak \u00e9s b\u00e1zisok sz\u00e9les sk\u00e1l\u00e1j\u00e1val szemben kiv\u00e9teles ellen\u00e1ll\u00e1st mutat. A legt\u00f6bb vegyi anyaggal szemben inert, ez\u00e9rt gyakran haszn\u00e1lj\u00e1k ig\u00e9nyes k\u00e9miai k\u00f6rnyezetben.<\/p><\/li><li><p><br><strong>Ken\u0151k\u00e9pess\u00e9g: <\/strong>A PTFE fel\u00fclete rendk\u00edv\u00fcl sima, ami kiv\u00e1l\u00f3 ken\u0151k\u00e9pess\u00e9get eredm\u00e9nyez. Ez teszi alkalmass\u00e1 a g\u00e9pgy\u00e1rt\u00e1sban val\u00f3 alkalmaz\u00e1sra, valamint csap\u00e1gyak \u00e9s t\u00f6m\u00edt\u00e9sek cs\u00fasz\u00f3anyagak\u00e9nt.<\/p><\/li><li><p><br><strong>Alacsony s\u00farl\u00f3d\u00e1s: <\/strong>A PTFE-nek alacsony a s\u00farl\u00f3d\u00e1sa, ami \u00e9rdekess\u00e9 teszi az aut\u00f3iparban, az \u00e9lelmiszeriparban \u00e9s m\u00e1s ter\u00fcleteken t\u00f6rt\u00e9n\u0151 alkalmaz\u00e1sokat.<\/p><\/li><li><p><br><strong>Elektromos szigetel\u00e9s: <\/strong>A PTFE kiv\u00e1l\u00f3 szigetel\u0151anyag, ez\u00e9rt az elektromos iparban gyakran haszn\u00e1lj\u00e1k k\u00e1belek, csatlakoz\u00f3k \u00e9s szigetel\u0151k gy\u00e1rt\u00e1s\u00e1hoz.<\/p><\/li><li><p><br><strong>J\u00f3 id\u0151j\u00e1r\u00e1s\u00e1ll\u00f3s\u00e1g: <\/strong>A PTFE ellen\u00e1ll az UV-sug\u00e1rz\u00e1snak \u00e9s az id\u0151j\u00e1r\u00e1s viszontags\u00e1gainak, \u00edgy alkalmas k\u00fclt\u00e9ri haszn\u00e1latra.<\/p><\/li><\/ul><p><strong>A PTFE alkalmaz\u00e1sai:<\/strong><\/p><p>A PTFE-t sz\u00e1mos alkalmaz\u00e1sban haszn\u00e1lj\u00e1k, t\u00f6bbek k\u00f6z\u00f6tt a k\u00f6vetkez\u0151kben<\/p><ul><li><p><strong>Vegyipar:<\/strong> szelepek, cs\u0151vezet\u00e9kek, t\u00f6m\u00edt\u00e9sek \u00e9s tart\u00e1lyok vegyi ellen\u00e1ll\u00f3s\u00e1ga miatt.<\/p><\/li><li><p><strong>Elektromos \u00e9s elektronikai ipar:<\/strong> k\u00e1belszigetel\u00e9s, csatlakoz\u00f3k \u00e9s egy\u00e9b elektromos alkatr\u00e9szek.<\/p><\/li><li><p><strong>\u00c9lelmiszer-feldolgoz\u00e1s:<\/strong> tapad\u00e1smentes bevonatok f\u0151z\u0151ed\u00e9nyekhez, t\u00f6m\u00edt\u00e9sekhez \u00e9s sz\u00e1ll\u00edt\u00f3szalagokhoz.<\/p><\/li><li><p><strong>Orvostechnika:<\/strong> implant\u00e1tumok, cs\u00f6vek \u00e9s t\u00f6m\u00edt\u00e9sek biokompatibilit\u00e1s\u00e1nak k\u00f6sz\u00f6nhet\u0151en.<\/p><\/li><li><p><strong>Aut\u00f3ipar:<\/strong> t\u00f6m\u00edt\u00e9sek, csap\u00e1gyak, cs\u00fasz\u00f3csap\u00e1gyak \u00e9s magas h\u0151m\u00e9rs\u00e9kletnek ellen\u00e1ll\u00f3 alkatr\u00e9szek.<\/p><\/li><\/ul><p>A PTFE-t tulajdons\u00e1gainak <b>egyed\u00fcl\u00e1ll\u00f3 kombin\u00e1ci\u00f3ja<\/b> miatt <b>sz\u00e9les k\u00f6rben haszn\u00e1lj\u00e1k k\u00fcl\u00f6nb\u00f6z\u0151 m\u0171szaki alkalmaz\u00e1sokban.<\/b><\/p>\t\t\t\t\t\t\t\t<\/div>\n\t\t\t\t<\/div>\n\t\t\t\t\t<\/div>\n\t\t<\/div>\n\t\t\t\t<div class=\"elementor-column elementor-col-50 elementor-inner-column elementor-element elementor-element-5d0d711\" data-id=\"5d0d711\" data-element_type=\"column\" data-e-type=\"column\">\n\t\t\t<div class=\"elementor-widget-wrap elementor-element-populated\">\n\t\t\t\t\t\t<div class=\"elementor-element elementor-element-30732ef elementor-widget elementor-widget-image\" data-id=\"30732ef\" data-element_type=\"widget\" data-e-type=\"widget\" data-widget_type=\"image.default\">\n\t\t\t\t<div class=\"elementor-widget-container\">\n\t\t\t\t\t\t\t\t\t\t\t\t<figure class=\"wp-caption\">\n\t\t\t\t\t\t\t\t\t\t<img loading=\"lazy\" decoding=\"async\" width=\"300\" height=\"168\" src=\"https:\/\/www.akuplastics.com\/wp-content\/uploads\/2024\/02\/Platten-Staebe-Hohlstaebe-Schweissdraht_2100-300x168.webp\" class=\"attachment-medium size-medium wp-image-17408\" alt=\"PVDF t\u00f6m\u00f6r r\u00fad minta\" srcset=\"https:\/\/www.akuplastics.com\/wp-content\/uploads\/2024\/02\/Platten-Staebe-Hohlstaebe-Schweissdraht_2100-300x168.webp 300w, https:\/\/www.akuplastics.com\/wp-content\/uploads\/2024\/02\/Platten-Staebe-Hohlstaebe-Schweissdraht_2100-1024x575.webp 1024w, https:\/\/www.akuplastics.com\/wp-content\/uploads\/2024\/02\/Platten-Staebe-Hohlstaebe-Schweissdraht_2100-768x431.webp 768w, https:\/\/www.akuplastics.com\/wp-content\/uploads\/2024\/02\/Platten-Staebe-Hohlstaebe-Schweissdraht_2100-1536x862.webp 1536w, https:\/\/www.akuplastics.com\/wp-content\/uploads\/2024\/02\/Platten-Staebe-Hohlstaebe-Schweissdraht_2100.webp 1920w\" sizes=\"auto, (max-width: 300px) 100vw, 300px\" \/>\t\t\t\t\t\t\t\t\t\t\t<figcaption class=\"widget-image-caption wp-caption-text\">T\u00f6m\u00f6r rudak Rudak PTFE term\u00e9szetes minta<\/figcaption>\n\t\t\t\t\t\t\t\t\t\t<\/figure>\n\t\t\t\t\t\t\t\t\t<\/div>\n\t\t\t\t<\/div>\n\t\t\t\t\t<\/div>\n\t\t<\/div>\n\t\t\t\t\t<\/div>\n\t\t<\/section>\n\t\t\t\t\t<\/div>\n\t\t<\/div>\n\t\t\t\t\t<\/div>\n\t\t<\/section>\n\t\t\t\t<\/div>\n\t\t","protected":false},"excerpt":{"rendered":"<p>PTFE t\u00f6m\u00f6r rudakat, illetve k\u00f6rrudakat az al\u00e1bbi kivitelben sz\u00e1ll\u00edtjuk:<br \/>\nSz\u0171z PTFE; PTFE C25 \u2013 25% sz\u00e9nkever\u00e9kkel; PTFE GF30 \u2013 30% \u00fcvegsz\u00e1llal; PTFE 1550; PTFE-vegy\u00fcletek, amelyek 15% grafittal, 40% vagy 60% bronzzal, 50% rozsdamentes ac\u00e9llal (Niro), 25% GF+MoS2-vel, 25% GF+15% grafittal vagy 25% ker\u00e1mi\u00e1val vannak t\u00f6ltve.<\/p>\n","protected":false},"author":3,"featured_media":17408,"parent":9156,"menu_order":0,"comment_status":"closed","ping_status":"closed","template":"","meta":{"iawp_total_views":1,"footnotes":""},"class_list":["post-25170","page","type-page","status-publish","has-post-thumbnail","hentry"],"yoast_head":"<!-- This site is optimized with the Yoast SEO Premium plugin v27.3 (Yoast SEO v27.4) - https:\/\/yoast.com\/product\/yoast-seo-premium-wordpress\/ -->\n<title>PTFE \u00c1ttekint\u00e9s Szil\u00e1rd rudak Rudak GF30 C25 Sz\u0171z sz\u0171z<\/title>\n<meta name=\"description\" content=\"Term\u00e9keink szil\u00e1rd rudak PTFE sz\u0171z vagy GF30 30% \u00fcvegsz\u00e1llal vagy C25 25% sz\u00e9nnel. Egy\u00e9b kever\u00e9kek vagy PTFE-kever\u00e9kek, pl. 15% grafittal, 40% vagy 60% bronzzal, 50% rozsdamentes ac\u00e9llal (Niro), 25% GF+MoS2, 25% GF+15% grafittal, 25% ker\u00e1mi\u00e1val t\u00f6ltve k\u00e9r\u00e9sre.\" \/>\n<meta name=\"robots\" content=\"index, follow, max-snippet:-1, max-image-preview:large, max-video-preview:-1\" \/>\n<link rel=\"canonical\" href=\"https:\/\/www.akuplastics.com\/hu\/felkesz-termekek-lemezek-tomor-rudak-ureges-rudak-profilok-csovek-hegesztesi-rudak\/tomor-rudak-rudak-felkesz-termekek-muanyagok\/ptfe-attekintes-szilard-rudak\/\" \/>\n<script type=\"application\/ld+json\" class=\"yoast-schema-graph\">{\"@context\":\"https:\\\/\\\/schema.org\",\"@graph\":[{\"@type\":\"WebPage\",\"@id\":\"https:\\\/\\\/www.akuplastics.com\\\/hu\\\/felkesz-termekek-lemezek-tomor-rudak-ureges-rudak-profilok-csovek-hegesztesi-rudak\\\/tomor-rudak-rudak-felkesz-termekek-muanyagok\\\/ptfe-attekintes-szilard-rudak\\\/\",\"url\":\"https:\\\/\\\/www.akuplastics.com\\\/hu\\\/felkesz-termekek-lemezek-tomor-rudak-ureges-rudak-profilok-csovek-hegesztesi-rudak\\\/tomor-rudak-rudak-felkesz-termekek-muanyagok\\\/ptfe-attekintes-szilard-rudak\\\/\",\"name\":\"PTFE \u00c1ttekint\u00e9s Szil\u00e1rd rudak Rudak GF30 C25 Sz\u0171z sz\u0171z\",\"isPartOf\":{\"@id\":\"https:\\\/\\\/www.akuplastics.com\\\/hu\\\/#website\"},\"primaryImageOfPage\":{\"@id\":\"https:\\\/\\\/www.akuplastics.com\\\/hu\\\/felkesz-termekek-lemezek-tomor-rudak-ureges-rudak-profilok-csovek-hegesztesi-rudak\\\/tomor-rudak-rudak-felkesz-termekek-muanyagok\\\/ptfe-attekintes-szilard-rudak\\\/#primaryimage\"},\"image\":{\"@id\":\"https:\\\/\\\/www.akuplastics.com\\\/hu\\\/felkesz-termekek-lemezek-tomor-rudak-ureges-rudak-profilok-csovek-hegesztesi-rudak\\\/tomor-rudak-rudak-felkesz-termekek-muanyagok\\\/ptfe-attekintes-szilard-rudak\\\/#primaryimage\"},\"thumbnailUrl\":\"https:\\\/\\\/www.akuplastics.com\\\/wp-content\\\/uploads\\\/2024\\\/02\\\/Platten-Staebe-Hohlstaebe-Schweissdraht_2100.webp\",\"datePublished\":\"2024-10-09T12:39:34+00:00\",\"dateModified\":\"2025-12-02T13:09:29+00:00\",\"description\":\"Term\u00e9keink szil\u00e1rd rudak PTFE sz\u0171z vagy GF30 30% \u00fcvegsz\u00e1llal vagy C25 25% sz\u00e9nnel. Egy\u00e9b kever\u00e9kek vagy PTFE-kever\u00e9kek, pl. 15% grafittal, 40% vagy 60% bronzzal, 50% rozsdamentes ac\u00e9llal (Niro), 25% GF+MoS2, 25% GF+15% grafittal, 25% ker\u00e1mi\u00e1val t\u00f6ltve k\u00e9r\u00e9sre.\",\"breadcrumb\":{\"@id\":\"https:\\\/\\\/www.akuplastics.com\\\/hu\\\/felkesz-termekek-lemezek-tomor-rudak-ureges-rudak-profilok-csovek-hegesztesi-rudak\\\/tomor-rudak-rudak-felkesz-termekek-muanyagok\\\/ptfe-attekintes-szilard-rudak\\\/#breadcrumb\"},\"inLanguage\":\"hu\",\"potentialAction\":[{\"@type\":\"ReadAction\",\"target\":[\"https:\\\/\\\/www.akuplastics.com\\\/hu\\\/felkesz-termekek-lemezek-tomor-rudak-ureges-rudak-profilok-csovek-hegesztesi-rudak\\\/tomor-rudak-rudak-felkesz-termekek-muanyagok\\\/ptfe-attekintes-szilard-rudak\\\/\"]}]},{\"@type\":\"ImageObject\",\"inLanguage\":\"hu\",\"@id\":\"https:\\\/\\\/www.akuplastics.com\\\/hu\\\/felkesz-termekek-lemezek-tomor-rudak-ureges-rudak-profilok-csovek-hegesztesi-rudak\\\/tomor-rudak-rudak-felkesz-termekek-muanyagok\\\/ptfe-attekintes-szilard-rudak\\\/#primaryimage\",\"url\":\"https:\\\/\\\/www.akuplastics.com\\\/wp-content\\\/uploads\\\/2024\\\/02\\\/Platten-Staebe-Hohlstaebe-Schweissdraht_2100.webp\",\"contentUrl\":\"https:\\\/\\\/www.akuplastics.com\\\/wp-content\\\/uploads\\\/2024\\\/02\\\/Platten-Staebe-Hohlstaebe-Schweissdraht_2100.webp\",\"width\":1920,\"height\":1078,\"caption\":\"PVDF t\u00f6m\u00f6r r\u00fad minta\"},{\"@type\":\"BreadcrumbList\",\"@id\":\"https:\\\/\\\/www.akuplastics.com\\\/hu\\\/felkesz-termekek-lemezek-tomor-rudak-ureges-rudak-profilok-csovek-hegesztesi-rudak\\\/tomor-rudak-rudak-felkesz-termekek-muanyagok\\\/ptfe-attekintes-szilard-rudak\\\/#breadcrumb\",\"itemListElement\":[{\"@type\":\"ListItem\",\"position\":1,\"name\":\"Kezd\u0151lap\",\"item\":\"https:\\\/\\\/www.akuplastics.com\\\/hu\\\/\"},{\"@type\":\"ListItem\",\"position\":2,\"name\":\"F\u00e9lk\u00e9sz term\u00e9kek\",\"item\":\"https:\\\/\\\/www.akuplastics.com\\\/hu\\\/felkesz-termekek-lemezek-tomor-rudak-ureges-rudak-profilok-csovek-hegesztesi-rudak\\\/\"},{\"@type\":\"ListItem\",\"position\":3,\"name\":\"T\u00f6m\u00f6r rudak\",\"item\":\"https:\\\/\\\/www.akuplastics.com\\\/hu\\\/halbzeug-platten-vollstabe-hohlstabe-profile-rohre-schweisdrahte\\\/vollstaebe-stab-staebe-halbzeug-kunststoffe\\\/\"},{\"@type\":\"ListItem\",\"position\":4,\"name\":\"PTFE \u00c1ttekint\u00e9s szil\u00e1rd rudak\"}]},{\"@type\":\"WebSite\",\"@id\":\"https:\\\/\\\/www.akuplastics.com\\\/hu\\\/#website\",\"url\":\"https:\\\/\\\/www.akuplastics.com\\\/hu\\\/\",\"name\":\"Semi-Finished Products \u2013 Finished Parts \u2013 Ventilation Moulded Parts \u2013 Machines\",\"description\":\"Halbzeuge, Halbfabrikate, Kunststoffhalbzeuge, Kunststoffhalbfabrikate\",\"publisher\":{\"@id\":\"https:\\\/\\\/www.akuplastics.com\\\/hu\\\/#organization\"},\"alternateName\":\"AKUPLASTICS \u2013 Engineering in Plastics\",\"potentialAction\":[{\"@type\":\"SearchAction\",\"target\":{\"@type\":\"EntryPoint\",\"urlTemplate\":\"https:\\\/\\\/www.akuplastics.com\\\/hu\\\/?s={search_term_string}\"},\"query-input\":{\"@type\":\"PropertyValueSpecification\",\"valueRequired\":true,\"valueName\":\"search_term_string\"}}],\"inLanguage\":\"hu\"},{\"@type\":\"Organization\",\"@id\":\"https:\\\/\\\/www.akuplastics.com\\\/hu\\\/#organization\",\"name\":\"Ing. Christian Ahlborn e.U.\",\"alternateName\":\"AKU\",\"url\":\"https:\\\/\\\/www.akuplastics.com\\\/hu\\\/\",\"logo\":{\"@type\":\"ImageObject\",\"inLanguage\":\"hu\",\"@id\":\"https:\\\/\\\/www.akuplastics.com\\\/hu\\\/#\\\/schema\\\/logo\\\/image\\\/\",\"url\":\"https:\\\/\\\/www.akuplastics.com\\\/wp-content\\\/uploads\\\/2020\\\/07\\\/Grafik14-inkl-r.png\",\"contentUrl\":\"https:\\\/\\\/www.akuplastics.com\\\/wp-content\\\/uploads\\\/2020\\\/07\\\/Grafik14-inkl-r.png\",\"width\":1994,\"height\":743,\"caption\":\"Ing. Christian Ahlborn e.U.\"},\"image\":{\"@id\":\"https:\\\/\\\/www.akuplastics.com\\\/hu\\\/#\\\/schema\\\/logo\\\/image\\\/\"}}]}<\/script>\n<!-- \/ Yoast SEO Premium plugin. -->","yoast_head_json":{"title":"PTFE \u00c1ttekint\u00e9s Szil\u00e1rd rudak Rudak GF30 C25 Sz\u0171z sz\u0171z","description":"Term\u00e9keink szil\u00e1rd rudak PTFE sz\u0171z vagy GF30 30% \u00fcvegsz\u00e1llal vagy C25 25% sz\u00e9nnel. Egy\u00e9b kever\u00e9kek vagy PTFE-kever\u00e9kek, pl. 15% grafittal, 40% vagy 60% bronzzal, 50% rozsdamentes ac\u00e9llal (Niro), 25% GF+MoS2, 25% GF+15% grafittal, 25% ker\u00e1mi\u00e1val t\u00f6ltve k\u00e9r\u00e9sre.","robots":{"index":"index","follow":"follow","max-snippet":"max-snippet:-1","max-image-preview":"max-image-preview:large","max-video-preview":"max-video-preview:-1"},"canonical":"https:\/\/www.akuplastics.com\/hu\/felkesz-termekek-lemezek-tomor-rudak-ureges-rudak-profilok-csovek-hegesztesi-rudak\/tomor-rudak-rudak-felkesz-termekek-muanyagok\/ptfe-attekintes-szilard-rudak\/","schema":{"@context":"https:\/\/schema.org","@graph":[{"@type":"WebPage","@id":"https:\/\/www.akuplastics.com\/hu\/felkesz-termekek-lemezek-tomor-rudak-ureges-rudak-profilok-csovek-hegesztesi-rudak\/tomor-rudak-rudak-felkesz-termekek-muanyagok\/ptfe-attekintes-szilard-rudak\/","url":"https:\/\/www.akuplastics.com\/hu\/felkesz-termekek-lemezek-tomor-rudak-ureges-rudak-profilok-csovek-hegesztesi-rudak\/tomor-rudak-rudak-felkesz-termekek-muanyagok\/ptfe-attekintes-szilard-rudak\/","name":"PTFE \u00c1ttekint\u00e9s Szil\u00e1rd rudak Rudak GF30 C25 Sz\u0171z sz\u0171z","isPartOf":{"@id":"https:\/\/www.akuplastics.com\/hu\/#website"},"primaryImageOfPage":{"@id":"https:\/\/www.akuplastics.com\/hu\/felkesz-termekek-lemezek-tomor-rudak-ureges-rudak-profilok-csovek-hegesztesi-rudak\/tomor-rudak-rudak-felkesz-termekek-muanyagok\/ptfe-attekintes-szilard-rudak\/#primaryimage"},"image":{"@id":"https:\/\/www.akuplastics.com\/hu\/felkesz-termekek-lemezek-tomor-rudak-ureges-rudak-profilok-csovek-hegesztesi-rudak\/tomor-rudak-rudak-felkesz-termekek-muanyagok\/ptfe-attekintes-szilard-rudak\/#primaryimage"},"thumbnailUrl":"https:\/\/www.akuplastics.com\/wp-content\/uploads\/2024\/02\/Platten-Staebe-Hohlstaebe-Schweissdraht_2100.webp","datePublished":"2024-10-09T12:39:34+00:00","dateModified":"2025-12-02T13:09:29+00:00","description":"Term\u00e9keink szil\u00e1rd rudak PTFE sz\u0171z vagy GF30 30% \u00fcvegsz\u00e1llal vagy C25 25% sz\u00e9nnel. Egy\u00e9b kever\u00e9kek vagy PTFE-kever\u00e9kek, pl. 15% grafittal, 40% vagy 60% bronzzal, 50% rozsdamentes ac\u00e9llal (Niro), 25% GF+MoS2, 25% GF+15% grafittal, 25% ker\u00e1mi\u00e1val t\u00f6ltve k\u00e9r\u00e9sre.","breadcrumb":{"@id":"https:\/\/www.akuplastics.com\/hu\/felkesz-termekek-lemezek-tomor-rudak-ureges-rudak-profilok-csovek-hegesztesi-rudak\/tomor-rudak-rudak-felkesz-termekek-muanyagok\/ptfe-attekintes-szilard-rudak\/#breadcrumb"},"inLanguage":"hu","potentialAction":[{"@type":"ReadAction","target":["https:\/\/www.akuplastics.com\/hu\/felkesz-termekek-lemezek-tomor-rudak-ureges-rudak-profilok-csovek-hegesztesi-rudak\/tomor-rudak-rudak-felkesz-termekek-muanyagok\/ptfe-attekintes-szilard-rudak\/"]}]},{"@type":"ImageObject","inLanguage":"hu","@id":"https:\/\/www.akuplastics.com\/hu\/felkesz-termekek-lemezek-tomor-rudak-ureges-rudak-profilok-csovek-hegesztesi-rudak\/tomor-rudak-rudak-felkesz-termekek-muanyagok\/ptfe-attekintes-szilard-rudak\/#primaryimage","url":"https:\/\/www.akuplastics.com\/wp-content\/uploads\/2024\/02\/Platten-Staebe-Hohlstaebe-Schweissdraht_2100.webp","contentUrl":"https:\/\/www.akuplastics.com\/wp-content\/uploads\/2024\/02\/Platten-Staebe-Hohlstaebe-Schweissdraht_2100.webp","width":1920,"height":1078,"caption":"PVDF t\u00f6m\u00f6r r\u00fad minta"},{"@type":"BreadcrumbList","@id":"https:\/\/www.akuplastics.com\/hu\/felkesz-termekek-lemezek-tomor-rudak-ureges-rudak-profilok-csovek-hegesztesi-rudak\/tomor-rudak-rudak-felkesz-termekek-muanyagok\/ptfe-attekintes-szilard-rudak\/#breadcrumb","itemListElement":[{"@type":"ListItem","position":1,"name":"Kezd\u0151lap","item":"https:\/\/www.akuplastics.com\/hu\/"},{"@type":"ListItem","position":2,"name":"F\u00e9lk\u00e9sz term\u00e9kek","item":"https:\/\/www.akuplastics.com\/hu\/felkesz-termekek-lemezek-tomor-rudak-ureges-rudak-profilok-csovek-hegesztesi-rudak\/"},{"@type":"ListItem","position":3,"name":"T\u00f6m\u00f6r rudak","item":"https:\/\/www.akuplastics.com\/hu\/halbzeug-platten-vollstabe-hohlstabe-profile-rohre-schweisdrahte\/vollstaebe-stab-staebe-halbzeug-kunststoffe\/"},{"@type":"ListItem","position":4,"name":"PTFE \u00c1ttekint\u00e9s szil\u00e1rd rudak"}]},{"@type":"WebSite","@id":"https:\/\/www.akuplastics.com\/hu\/#website","url":"https:\/\/www.akuplastics.com\/hu\/","name":"Semi-Finished Products \u2013 Finished Parts \u2013 Ventilation Moulded Parts \u2013 Machines","description":"Halbzeuge, Halbfabrikate, Kunststoffhalbzeuge, Kunststoffhalbfabrikate","publisher":{"@id":"https:\/\/www.akuplastics.com\/hu\/#organization"},"alternateName":"AKUPLASTICS \u2013 Engineering in Plastics","potentialAction":[{"@type":"SearchAction","target":{"@type":"EntryPoint","urlTemplate":"https:\/\/www.akuplastics.com\/hu\/?s={search_term_string}"},"query-input":{"@type":"PropertyValueSpecification","valueRequired":true,"valueName":"search_term_string"}}],"inLanguage":"hu"},{"@type":"Organization","@id":"https:\/\/www.akuplastics.com\/hu\/#organization","name":"Ing. Christian Ahlborn e.U.","alternateName":"AKU","url":"https:\/\/www.akuplastics.com\/hu\/","logo":{"@type":"ImageObject","inLanguage":"hu","@id":"https:\/\/www.akuplastics.com\/hu\/#\/schema\/logo\/image\/","url":"https:\/\/www.akuplastics.com\/wp-content\/uploads\/2020\/07\/Grafik14-inkl-r.png","contentUrl":"https:\/\/www.akuplastics.com\/wp-content\/uploads\/2020\/07\/Grafik14-inkl-r.png","width":1994,"height":743,"caption":"Ing. Christian Ahlborn e.U."},"image":{"@id":"https:\/\/www.akuplastics.com\/hu\/#\/schema\/logo\/image\/"}}]}},"_links":{"self":[{"href":"https:\/\/www.akuplastics.com\/hu\/wp-json\/wp\/v2\/pages\/25170","targetHints":{"allow":["GET"]}}],"collection":[{"href":"https:\/\/www.akuplastics.com\/hu\/wp-json\/wp\/v2\/pages"}],"about":[{"href":"https:\/\/www.akuplastics.com\/hu\/wp-json\/wp\/v2\/types\/page"}],"author":[{"embeddable":true,"href":"https:\/\/www.akuplastics.com\/hu\/wp-json\/wp\/v2\/users\/3"}],"replies":[{"embeddable":true,"href":"https:\/\/www.akuplastics.com\/hu\/wp-json\/wp\/v2\/comments?post=25170"}],"version-history":[{"count":8,"href":"https:\/\/www.akuplastics.com\/hu\/wp-json\/wp\/v2\/pages\/25170\/revisions"}],"predecessor-version":[{"id":32082,"href":"https:\/\/www.akuplastics.com\/hu\/wp-json\/wp\/v2\/pages\/25170\/revisions\/32082"}],"up":[{"embeddable":true,"href":"https:\/\/www.akuplastics.com\/hu\/wp-json\/wp\/v2\/pages\/9156"}],"wp:featuredmedia":[{"embeddable":true,"href":"https:\/\/www.akuplastics.com\/hu\/wp-json\/wp\/v2\/media\/17408"}],"wp:attachment":[{"href":"https:\/\/www.akuplastics.com\/hu\/wp-json\/wp\/v2\/media?parent=25170"}],"curies":[{"name":"wp","href":"https:\/\/api.w.org\/{rel}","templated":true}]}}