{"id":23116,"date":"2024-05-23T10:37:51","date_gmt":"2024-05-23T08:37:51","guid":{"rendered":"https:\/\/www.akuplastics.com\/gepek-es-eszkoezoek\/negyzet-alaku-hegeszto-tuekoer\/"},"modified":"2026-01-26T16:30:38","modified_gmt":"2026-01-26T15:30:38","slug":"negyzet-alaku-hegeszto-tuekoer","status":"publish","type":"page","link":"https:\/\/www.akuplastics.com\/hu\/gepek-es-eszkoezoek\/negyzet-alaku-hegeszto-tuekoer\/","title":{"rendered":"N\u00e9gyzet alak\u00fa hegeszt\u0151 t\u00fck\u00f6r"},"content":{"rendered":"\t\t<div data-elementor-type=\"wp-page\" data-elementor-id=\"23116\" class=\"elementor elementor-23116 elementor-23099\" data-elementor-post-type=\"page\">\n\t\t\t\t\t\t<section class=\"elementor-section elementor-top-section elementor-element elementor-element-25f95862 elementor-section-boxed elementor-section-height-default elementor-section-height-default\" data-id=\"25f95862\" data-element_type=\"section\" data-e-type=\"section\">\n\t\t\t\t\t\t<div class=\"elementor-container elementor-column-gap-default\">\n\t\t\t\t\t<div class=\"elementor-column elementor-col-100 elementor-top-column elementor-element elementor-element-381f0fb4\" data-id=\"381f0fb4\" data-element_type=\"column\" data-e-type=\"column\">\n\t\t\t<div class=\"elementor-widget-wrap elementor-element-populated\">\n\t\t\t\t\t\t<div class=\"elementor-element elementor-element-439a6057 elementor-widget elementor-widget-text-editor\" data-id=\"439a6057\" data-element_type=\"widget\" data-e-type=\"widget\" data-widget_type=\"text-editor.default\">\n\t\t\t\t<div class=\"elementor-widget-container\">\n\t\t\t\t\t\t\t\t\t<h1>F\u0171t\u0151elemek tompahegeszt\u00e9shez sz\u00f6gletes kivitelben<\/h1>\t\t\t\t\t\t\t\t<\/div>\n\t\t\t\t<\/div>\n\t\t\t\t<section class=\"elementor-section elementor-inner-section elementor-element elementor-element-4bdb1992 elementor-section-boxed elementor-section-height-default elementor-section-height-default\" data-id=\"4bdb1992\" data-element_type=\"section\" data-e-type=\"section\">\n\t\t\t\t\t\t<div class=\"elementor-container elementor-column-gap-default\">\n\t\t\t\t\t<div class=\"elementor-column elementor-col-50 elementor-inner-column elementor-element elementor-element-7338e428\" data-id=\"7338e428\" data-element_type=\"column\" data-e-type=\"column\">\n\t\t\t<div class=\"elementor-widget-wrap elementor-element-populated\">\n\t\t\t\t\t\t<div class=\"elementor-element elementor-element-65e51add elementor-widget elementor-widget-text-editor\" data-id=\"65e51add\" data-element_type=\"widget\" data-e-type=\"widget\" data-widget_type=\"text-editor.default\">\n\t\t\t\t<div class=\"elementor-widget-container\">\n\t\t\t\t\t\t\t\t\t<p><span style=\"color: var( --e-global-color-text ); font-family: var( --e-global-typography-text-font-family ), arial; font-size: var( --e-global-typography-text-font-size ); letter-spacing: 0px;\">A tompahegeszt\u00e9shez haszn\u00e1lt n\u00e9gyzet alak\u00fa f\u0171t\u0151elemek sokoldal\u00faak \u00e9s univerz\u00e1lisan haszn\u00e1lhat\u00f3k az anyagok \u00e9s alkalmaz\u00e1sok sz\u00e9les sk\u00e1l\u00e1j\u00e1hoz. <\/span><\/p><p><span style=\"color: var( --e-global-color-text ); font-family: var( --e-global-typography-text-font-family ), arial; font-size: var( --e-global-typography-text-font-size ); letter-spacing: 0px;\"> <\/span><\/p><p><span style=\"color: var( --e-global-color-text ); font-family: var( --e-global-typography-text-font-family ), arial; font-size: var( --e-global-typography-text-font-size ); letter-spacing: 0px;\">K\u00fcl\u00f6nb\u00f6z\u0151 m\u00e9retekben kaphat\u00f3k, \u00e9s sz\u00e1mos el\u0151nyt k\u00edn\u00e1lnak, mint pl.<\/span><\/p><p><strong style=\"color: var( --e-global-color-text ); font-family: var( --e-global-typography-text-font-family ), arial; font-size: var( --e-global-typography-text-font-size ); letter-spacing: 0px;\">H\u0151m\u00e9rs\u00e9klet-szab\u00e1lyoz\u00e1s:<\/strong><\/p><p>K\u00e9sz\u00fcl\u00e9keink a h\u0151m\u00e9rs\u00e9kletet termoszt\u00e1ton vagy elektronik\u00e1n kereszt\u00fcl szab\u00e1lyozz\u00e1k. A foganty\u00faba \u00e9p\u00edtett jelz\u0151f\u00e9ny mutatja a f\u0171t\u00e9si id\u0151intervallumot.<\/p><p><strong>Tapad\u00e1smentes bevonat:<\/strong><\/p><p>A k\u00f6zvetlen anyagfeldolgoz\u00e1shoz haszn\u00e1lt f\u0171t\u0151elemek tapad\u00e1smentes PFTE bevonattal rendelkeznek a k\u00f6nny\u0171 kezelhet\u0151s\u00e9g \u00e9rdek\u00e9ben.<\/p><p><strong>Munkapad konzol:<\/strong><\/p><p>A k\u00e9sz\u00fcl\u00e9k munkapadon val\u00f3 biztons\u00e1gos elhelyez\u00e9s\u00e9re szolg\u00e1l\u00f3 tart\u00f3 a tartoz\u00e9k.<\/p><p><strong>El\u0151ny\u00f6k egy pillant\u00e1sra:<\/strong><\/p><ul><li><strong>Tapad\u00e1smentes bevonat:<br><\/strong>Az egyszer\u0171 tiszt\u00edt\u00e1s\u00e9rt \u00e9s jobb feldolgoz\u00e1s\u00e9rt.<\/li><li><strong>Teljesen felszerelt:<br><\/strong>Csatlakoz\u00f3k\u00e1bellel \u00e9s h\u00e1l\u00f3zati csatlakoz\u00f3val.<\/li><li><strong>Megb\u00edzhat\u00f3 h\u0151m\u00e9rs\u00e9klet-szab\u00e1lyoz\u00e1s:<br><\/strong>Termoszt\u00e1t vagy elektronikus vez\u00e9rl\u00e9s.<\/li><li><strong>Kontrolll\u00e1mpa a markolatban:<br><\/strong>Jelzi a f\u0171t\u00e9si intervallumot.<\/li><li><strong>Elektronikus szab\u00e1lyoz\u00e1s:<br><\/strong>H\u0151m\u00e9rs\u00e9klet-be\u00e1ll\u00edt\u00e1s \u00e9s -fel\u00fcgyelet a DVS 2208 szerint elektronikus eszk\u00f6z\u00f6k eset\u00e9n.<\/li><li><strong>Munkaasztal-tart\u00f3:<br><\/strong>Tartoz\u00e9k a biztons\u00e1gos munkaasztalra r\u00f6gz\u00edt\u00e9shez.<\/li><li><strong>K\u00fcl\u00f6nb\u00f6z\u0151 fesz\u00fclts\u00e9gek:<br><\/strong>115 Voltos v\u00e1ltozatban is kaphat\u00f3, egy\u00e9b fesz\u00fclts\u00e9gek k\u00e9r\u00e9sre.<\/li><\/ul><div> <\/div><p>Ezek a f\u0171t\u0151elemek megb\u00edzhat\u00f3 \u00e9s hat\u00e9kony megold\u00e1st k\u00edn\u00e1lnak a tompahegeszt\u00e9shez, \u00e9s ide\u00e1lisak a k\u00fcl\u00f6nb\u00f6z\u0151 \u00e1gazatokban t\u00f6rt\u00e9n\u0151 professzion\u00e1lis alkalmaz\u00e1sokhoz.<\/p><p><strong>N\u00e9gyzet alak\u00fa k\u00e9zi hegeszt\u0151 t\u00fckr\u00f6k v\u00e1laszt\u00e9ka:<\/strong><\/p><div><div><table border=\"0\" width=\"560\" cellspacing=\"0\" cellpadding=\"0\"><tbody><tr><td width=\"80\" height=\"40\"> <\/td><td width=\"80\">HSPV 1015 T<\/td><td width=\"80\">HSPV 1015 E<\/td><td width=\"80\">HSPV 1515 T<\/td><td width=\"80\">HSPV 1515 E<\/td><td width=\"80\">HSPV 2525 T<\/td><td width=\"80\">HSPV 2525 E<\/td><\/tr><tr><td width=\"80\" height=\"34\">F\u0171t\u0151t\u00fck\u00f6r-\u2300 (mm)<\/td><td colspan=\"2\" width=\"160\">100 x 150<\/td><td colspan=\"2\" width=\"160\">150 x 150<\/td><td colspan=\"2\" width=\"160\">250 x 250<\/td><\/tr><tr><td width=\"80\" height=\"34\">S\u00faly (kg)<\/td><td colspan=\"2\" align=\"right\" width=\"160\">1,8<\/td><td colspan=\"2\" align=\"right\" width=\"160\">2,3<\/td><td colspan=\"2\" align=\"right\" width=\"160\">4,3<\/td><\/tr><tr><td width=\"80\" height=\"51\">Teljes csatlakoztatott terhel\u00e9s (W)<\/td><td colspan=\"2\" align=\"right\" width=\"160\">600<\/td><td colspan=\"2\" align=\"right\" width=\"160\">800<\/td><td colspan=\"2\" align=\"right\" width=\"160\">1.400<\/td><\/tr><tr><td width=\"80\" height=\"34\">H\u00e1l\u00f3zati fesz\u00fclts\u00e9g (V)<\/td><td colspan=\"6\" rowspan=\"2\" align=\"right\" width=\"480\">230<\/td><\/tr><tr><td width=\"80\" height=\"30\">az EN 60204 szabv\u00e1ny szerint<\/td><\/tr><tr><td width=\"80\" height=\"34\">Szab\u00e1lyoz\u00e1s<\/td><td width=\"80\">Termoszt\u00e1t<\/td><td width=\"80\">Elektronika<\/td><td width=\"80\">Termoszt\u00e1t<\/td><td width=\"80\">Elektronika<\/td><td width=\"80\">Termoszt\u00e1t<\/td><td width=\"80\">Elektronika<\/td><\/tr><tr><td width=\"80\" height=\"51\">H\u0151m\u00e9rs\u00e9klet-be\u00e1ll\u00edt\u00e1si tartom\u00e1ny (\u00b0C)<\/td><td width=\"80\">50 &#8211; 300<\/td><td width=\"80\">130 &#8211; 300<\/td><td width=\"80\">50 &#8211; 300<\/td><td width=\"80\">130 &#8211; 300<\/td><td width=\"80\">50 &#8211; 300<\/td><td width=\"80\">130 &#8211; 300<\/td><\/tr><tr><td width=\"80\" height=\"68\">max. aj\u00e1nlott \u00fczemi h\u0151m\u00e9rs\u00e9klet (\u00b0C)<\/td><td width=\"80\">260 \u2013 280<\/td><td width=\"80\">260 \u2013 280<\/td><td width=\"80\">260 \u2013 280<\/td><td width=\"80\">260 \u2013 280<\/td><td width=\"80\">260 \u2013 280<\/td><td width=\"80\">260 \u2013 280<\/td><\/tr><\/tbody><\/table><\/div><\/div><div class=\"row\"><div class=\"col-md-12\"><p><strong> <\/strong><\/p><p><strong>Tartoz\u00e9kok <\/strong><\/p><div class=\"table-responsive\"><table width=\"565\"><tbody><tr> <td style=\"font-style: inherit;\" width=\"182\"> <\/td><td width=\"149\">Tart\u00f3\u00e1llv\u00e1ny a k\u00f6vetkez\u0151kh\u00f6z:<br>HSPV 1015, HSPV 1515, HSPV 2515<\/td><td width=\"115\">Hordt\u00e1ska a k\u00f6vetkez\u0151kh\u00f6z: <br>HSPV 1015 \u00e9s HSPV 1515<\/td><td width=\"119\">Hordt\u00e1ska a k\u00f6vetkez\u0151h\u00f6z: <br>HSPV 2525<\/td><\/tr><tr><td><b>S\u00faly (kg)<\/b><\/td><td style=\"font-style: inherit;\">0,6<\/td><td style=\"font-style: inherit;\">3<\/td><td style=\"font-style: inherit;\">3,9<\/td><\/tr><\/tbody><\/table><\/div><\/div><\/div><p><b style=\"color: var( --e-global-color-text ); font-family: var( --e-global-typography-text-font-family ), arial; font-size: var( --e-global-typography-text-font-size ); letter-spacing: 0px;\"><br>Adatlapok<\/b><span style=\"color: var( --e-global-color-text ); font-family: var( --e-global-typography-text-font-family ), arial; font-size: var( --e-global-typography-text-font-size ); font-weight: var( --e-global-typography-text-font-weight ); letter-spacing: 0px;\">:<\/span><\/p><p><a href=\"https:\/\/www.akuplastics.com\/wp-content\/uploads\/2023\/06\/Handschweissspiegel-viereckig.pdf\"><strong>K\u00e9zi hegeszt\u0151 t\u00fck\u00f6r n\u00e9gyzet.pdf<\/strong><\/a><\/p>\t\t\t\t\t\t\t\t<\/div>\n\t\t\t\t<\/div>\n\t\t\t\t<div class=\"elementor-element elementor-element-cff67ac elementor-widget elementor-widget-text-editor\" data-id=\"cff67ac\" data-element_type=\"widget\" data-e-type=\"widget\" data-widget_type=\"text-editor.default\">\n\t\t\t\t<div class=\"elementor-widget-container\">\n\t\t\t\t\t\t\t\t\t<p>A hegeszt\u0151t\u00fck\u00f6r egy <b>speci\u00e1lis eszk\u00f6z, amelyet a m\u0171anyaghegeszt\u00e9si technol\u00f3gi\u00e1ban haszn\u00e1lnak<\/b> a <b>hegeszt\u00e9si h\u0151 <\/b> <b>pontos szab\u00e1lyoz\u00e1s\u00e1ra \u00e9s f\u00f3kusz\u00e1l\u00e1s\u00e1ra<\/b>. <br><br>Ezzel az eszk\u00f6zzel a hegeszt\u0151k szab\u00e1lyozni tudj\u00e1k a m\u0171anyag fel\u00fcletekre juttatott h\u0151mennyis\u00e9get az egyenletes olvad\u00e1s \u00e9s az er\u0151s hegeszt\u00e9si varratok el\u00e9r\u00e9se \u00e9rdek\u00e9ben.&nbsp;<br><br><\/p>\n<p><strong>A hegeszt\u0151t\u00fck\u00f6r tulajdons\u00e1gai:<br><br><\/strong><\/p>\n<ul>\n<li>\n<p><strong style=\"background-color: transparent; color: var( --e-global-color-text ); font-family: var( --e-global-typography-text-font-family ), arial;\">Alak \u00e9s m\u00e9ret:<\/strong><span style=\"background-color: transparent; color: var( --e-global-color-text ); font-family: var( --e-global-typography-text-font-family ), arial; font-weight: var( --e-global-typography-text-font-weight );\"> <br>A hegeszt\u0151t\u00fckr\u00f6k az alkalmaz\u00e1st\u00f3l \u00e9s a hegeszt\u00e9si elj\u00e1r\u00e1st\u00f3l f\u00fcgg\u0151en k\u00fcl\u00f6nb\u00f6z\u0151 form\u00e1j\u00fa \u00e9s m\u00e9ret\u0171ek lehetnek, a kerek t\u00fckr\u00f6kt\u0151l a t\u00e9glalap alak\u00fa t\u00fckr\u00f6kig.<\/span><br><\/p>\n<\/li>\n<li>\n<p><strong>H\u0151\u00e1ll\u00f3 anyag:<\/strong> <br>A fel\u00fclet h\u0151\u00e1ll\u00f3 anyagb\u00f3l k\u00e9sz\u00fclt, amely ellen\u00e1ll a m\u0171anyaghegeszt\u00e9s magas h\u0151m\u00e9rs\u00e9klet\u00e9nek.<\/p>\n<\/li>\n<li>\n<p><strong>Foganty\u00fa vagy tart\u00f3:<br><\/strong> A hegeszt\u0151t\u00fckr\u00f6t gyakran ell\u00e1tj\u00e1k foganty\u00faval vagy tart\u00f3val, hogy a hegeszt\u00e9si folyamat sor\u00e1n k\u00e9nyelmesen lehessen kezelni \u00e9s elhelyezni.<br><br><\/p>\n<\/li>\n<\/ul>\n<p><strong>Funkci\u00f3k:<br><br><\/strong><\/p>\n<ul>\n<li>\n<p><strong>H\u0151f\u00f3kusz\u00e1l\u00e1s:<\/strong> <br>A hegeszt\u0151t\u00fck\u00f6r a visszavert h\u0151t a hegesztend\u0151 m\u0171anyagfel\u00fcletekre koncentr\u00e1lja, \u00edgy biztos\u00edtva az egyenletes felmeleged\u00e9st \u00e9s olvad\u00e1st.<\/p>\n<\/li>\n<li>\n<p><strong>H\u0151m\u00e9rs\u00e9klet-szab\u00e1lyoz\u00e1s:<\/strong> <br>A d\u0151l\u00e9ssz\u00f6g be\u00e1ll\u00edt\u00e1s\u00e1val a hegeszt\u0151t\u00fck\u00f6r befoly\u00e1solhatja a h\u0151m\u00e9rs\u00e9klet-szab\u00e1lyoz\u00e1st \u00e9s ez\u00e1ltal a hegeszt\u00e9si felt\u00e9teleket.<\/p>\n<\/li>\n<li>\n<p><strong>Pontos hegeszt\u00e9si ir\u00e1ny\u00edt\u00e1s:<\/strong> <br>A hegeszt\u0151k a t\u00fck\u00f6r seg\u00edts\u00e9g\u00e9vel pontosan ir\u00e1ny\u00edthatj\u00e1k a hegeszt\u00e9si h\u0151t, \u00e9s \u00edgy pontos ir\u00e1ny\u00edt\u00e1st biztos\u00edthatnak a hegeszt\u00e9si folyamat sor\u00e1n.<\/p>\n<\/li>\n<li>\n<p><strong>Fokozott hat\u00e9konys\u00e1g:<\/strong> <br>A h\u0151 hegeszt\u0151t\u00fck\u00f6r \u00e1ltali f\u00f3kusz\u00e1l\u00e1sa hozz\u00e1j\u00e1rul a hegeszt\u00e9si folyamat hat\u00e9konys\u00e1g\u00e1hoz, mivel az energi\u00e1t c\u00e9lzottan a hegeszt\u00e9si z\u00f3n\u00e1ba ir\u00e1ny\u00edtja.<\/p>\n<\/li>\n<li>\n<p><strong>A hegeszt\u00e9si torzul\u00e1sok cs\u00f6kkent\u00e9se:<\/strong> <br>A hegeszt\u0151t\u00fck\u00f6r a h\u0151bevitel pontos szab\u00e1lyoz\u00e1s\u00e1val seg\u00edthet a hegeszt\u00e9si torzul\u00e1sok minimaliz\u00e1l\u00e1s\u00e1ban \u00e9s a kiv\u00e1l\u00f3 min\u0151s\u00e9g\u0171 hegesztett k\u00f6t\u00e9s biztos\u00edt\u00e1s\u00e1ban.<br><br><\/p>\n<\/li>\n<\/ul>\n<p>A hegeszt\u0151t\u00fck\u00f6r a <b>m\u0171anyaghegeszt\u00e9si technol\u00f3gia alapvet\u0151 eszk\u00f6ze<\/b>, amely a <b>h\u0151 pontos szab\u00e1lyoz\u00e1s\u00e1ra<\/b> val\u00f3 k\u00e9pess\u00e9g\u00e9nek k\u00f6sz\u00f6nhet\u0151en seg\u00edt a <b>kiv\u00e1l\u00f3 min\u0151s\u00e9g\u0171 hegesztett k\u00f6t\u00e9sek<\/b> el\u0151\u00e1ll\u00edt\u00e1s\u00e1ban.<\/p>\t\t\t\t\t\t\t\t<\/div>\n\t\t\t\t<\/div>\n\t\t\t\t\t<\/div>\n\t\t<\/div>\n\t\t\t\t<div class=\"elementor-column elementor-col-50 elementor-inner-column elementor-element elementor-element-1d70094b\" data-id=\"1d70094b\" data-element_type=\"column\" data-e-type=\"column\" data-settings=\"{&quot;animation&quot;:&quot;none&quot;}\">\n\t\t\t<div class=\"elementor-widget-wrap elementor-element-populated\">\n\t\t\t\t\t\t<div class=\"elementor-element elementor-element-2d02ec5 elementor-invisible elementor-widget elementor-widget-image\" data-id=\"2d02ec5\" data-element_type=\"widget\" data-e-type=\"widget\" data-settings=\"{&quot;_animation&quot;:&quot;fadeInUp&quot;}\" data-widget_type=\"image.default\">\n\t\t\t\t<div class=\"elementor-widget-container\">\n\t\t\t\t\t\t\t\t\t\t\t\t<figure class=\"wp-caption\">\n\t\t\t\t\t\t\t\t\t\t<img loading=\"lazy\" decoding=\"async\" width=\"200\" height=\"220\" src=\"https:\/\/www.akuplastics.com\/wp-content\/uploads\/2021\/06\/HSP-viereck.png\" class=\"attachment-medium size-medium wp-image-13139\" alt=\"T\u00e9glalap alak\u00fa k\u00e9zi hegeszt\u0151 t\u00fckr\u00f6k kiv\u00e1laszt\u00e1sa\" \/>\t\t\t\t\t\t\t\t\t\t\t<figcaption class=\"widget-image-caption wp-caption-text\">T\u00e9glalap alak\u00fa k\u00e9zi hegeszt\u0151 t\u00fckr\u00f6k kiv\u00e1laszt\u00e1sa<\/figcaption>\n\t\t\t\t\t\t\t\t\t\t<\/figure>\n\t\t\t\t\t\t\t\t\t<\/div>\n\t\t\t\t<\/div>\n\t\t\t\t\t<\/div>\n\t\t<\/div>\n\t\t\t\t\t<\/div>\n\t\t<\/section>\n\t\t\t\t\t<\/div>\n\t\t<\/div>\n\t\t\t\t\t<\/div>\n\t\t<\/section>\n\t\t\t\t<\/div>\n\t\t","protected":false},"excerpt":{"rendered":"<p>F\u0171t\u0151elemek tompahegeszt\u00e9shez sz\u00f6gletes kivitelben A tompahegeszt\u00e9shez haszn\u00e1lt n\u00e9gyzet alak\u00fa f\u0171t\u0151elemek sokoldal\u00faak \u00e9s univerz\u00e1lisan haszn\u00e1lhat\u00f3k az anyagok \u00e9s alkalmaz\u00e1sok sz\u00e9les sk\u00e1l\u00e1j\u00e1hoz. K\u00fcl\u00f6nb\u00f6z\u0151 m\u00e9retekben kaphat\u00f3k, \u00e9s sz\u00e1mos el\u0151nyt k\u00edn\u00e1lnak, mint pl. H\u0151m\u00e9rs\u00e9klet-szab\u00e1lyoz\u00e1s: K\u00e9sz\u00fcl\u00e9keink a h\u0151m\u00e9rs\u00e9kletet termoszt\u00e1ton vagy elektronik\u00e1n kereszt\u00fcl szab\u00e1lyozz\u00e1k. A foganty\u00faba \u00e9p\u00edtett jelz\u0151f\u00e9ny mutatja a f\u0171t\u00e9si id\u0151intervallumot. Tapad\u00e1smentes bevonat: A k\u00f6zvetlen anyagfeldolgoz\u00e1shoz haszn\u00e1lt f\u0171t\u0151elemek tapad\u00e1smentes PFTE [&hellip;]<\/p>\n","protected":false},"author":3,"featured_media":0,"parent":9403,"menu_order":0,"comment_status":"closed","ping_status":"closed","template":"elementor_header_footer","meta":{"iawp_total_views":5,"footnotes":""},"class_list":["post-23116","page","type-page","status-publish","hentry"],"yoast_head":"<!-- This site is optimized with the Yoast SEO Premium plugin v27.4 (Yoast SEO v27.5) - https:\/\/yoast.com\/product\/yoast-seo-premium-wordpress\/ -->\n<title>K\u00e9zi hegeszt\u0151 t\u00fck\u00f6r n\u00e9gyzet teflon f\u0171t\u0151elemek Butt hegeszt\u00e9s<\/title>\n<meta name=\"description\" content=\"F\u0171t\u0151elemek tompahegeszt\u00e9shez sz\u00f6gletes kivitelben A tompahegeszt\u00e9shez haszn\u00e1lt f\u0171t\u0151elemek sokoldal\u00faak \u00e9s univerz\u00e1lisan haszn\u00e1lhat\u00f3k az anyagok \u00e9s alkalmaz\u00e1sok sz\u00e9les sk\u00e1l\u00e1j\u00e1hoz. K\u00fcl\u00f6nb\u00f6z\u0151 m\u00e9retekben kaphat\u00f3k, \u00e9s sz\u00e1mos el\u0151nnyel j\u00e1rnak.\" \/>\n<meta name=\"robots\" content=\"index, follow, max-snippet:-1, max-image-preview:large, max-video-preview:-1\" \/>\n<link rel=\"canonical\" href=\"https:\/\/www.akuplastics.com\/hu\/gepek-es-eszkoezoek\/negyzet-alaku-hegeszto-tuekoer\/\" \/>\n<script type=\"application\/ld+json\" class=\"yoast-schema-graph\">{\"@context\":\"https:\\\/\\\/schema.org\",\"@graph\":[{\"@type\":\"WebPage\",\"@id\":\"https:\\\/\\\/www.akuplastics.com\\\/hu\\\/gepek-es-eszkoezoek\\\/negyzet-alaku-hegeszto-tuekoer\\\/\",\"url\":\"https:\\\/\\\/www.akuplastics.com\\\/hu\\\/gepek-es-eszkoezoek\\\/negyzet-alaku-hegeszto-tuekoer\\\/\",\"name\":\"K\u00e9zi hegeszt\u0151 t\u00fck\u00f6r n\u00e9gyzet teflon f\u0171t\u0151elemek Butt hegeszt\u00e9s\",\"isPartOf\":{\"@id\":\"https:\\\/\\\/www.akuplastics.com\\\/hu\\\/#website\"},\"primaryImageOfPage\":{\"@id\":\"https:\\\/\\\/www.akuplastics.com\\\/hu\\\/gepek-es-eszkoezoek\\\/negyzet-alaku-hegeszto-tuekoer\\\/#primaryimage\"},\"image\":{\"@id\":\"https:\\\/\\\/www.akuplastics.com\\\/hu\\\/gepek-es-eszkoezoek\\\/negyzet-alaku-hegeszto-tuekoer\\\/#primaryimage\"},\"thumbnailUrl\":\"https:\\\/\\\/www.akuplastics.com\\\/wp-content\\\/uploads\\\/2021\\\/06\\\/HSP-viereck.png\",\"datePublished\":\"2024-05-23T08:37:51+00:00\",\"dateModified\":\"2026-01-26T15:30:38+00:00\",\"description\":\"F\u0171t\u0151elemek tompahegeszt\u00e9shez sz\u00f6gletes kivitelben A tompahegeszt\u00e9shez haszn\u00e1lt f\u0171t\u0151elemek sokoldal\u00faak \u00e9s univerz\u00e1lisan haszn\u00e1lhat\u00f3k az anyagok \u00e9s alkalmaz\u00e1sok sz\u00e9les sk\u00e1l\u00e1j\u00e1hoz. K\u00fcl\u00f6nb\u00f6z\u0151 m\u00e9retekben kaphat\u00f3k, \u00e9s sz\u00e1mos el\u0151nnyel j\u00e1rnak.\",\"breadcrumb\":{\"@id\":\"https:\\\/\\\/www.akuplastics.com\\\/hu\\\/gepek-es-eszkoezoek\\\/negyzet-alaku-hegeszto-tuekoer\\\/#breadcrumb\"},\"inLanguage\":\"hu\",\"potentialAction\":[{\"@type\":\"ReadAction\",\"target\":[\"https:\\\/\\\/www.akuplastics.com\\\/hu\\\/gepek-es-eszkoezoek\\\/negyzet-alaku-hegeszto-tuekoer\\\/\"]}]},{\"@type\":\"ImageObject\",\"inLanguage\":\"hu\",\"@id\":\"https:\\\/\\\/www.akuplastics.com\\\/hu\\\/gepek-es-eszkoezoek\\\/negyzet-alaku-hegeszto-tuekoer\\\/#primaryimage\",\"url\":\"https:\\\/\\\/www.akuplastics.com\\\/wp-content\\\/uploads\\\/2021\\\/06\\\/HSP-viereck.png\",\"contentUrl\":\"https:\\\/\\\/www.akuplastics.com\\\/wp-content\\\/uploads\\\/2021\\\/06\\\/HSP-viereck.png\"},{\"@type\":\"BreadcrumbList\",\"@id\":\"https:\\\/\\\/www.akuplastics.com\\\/hu\\\/gepek-es-eszkoezoek\\\/negyzet-alaku-hegeszto-tuekoer\\\/#breadcrumb\",\"itemListElement\":[{\"@type\":\"ListItem\",\"position\":1,\"name\":\"Kezd\u0151lap\",\"item\":\"https:\\\/\\\/www.akuplastics.com\\\/hu\\\/\"},{\"@type\":\"ListItem\",\"position\":2,\"name\":\"G\u00e9pek \u00e9s eszk\u00f6z\u00f6k\",\"item\":\"https:\\\/\\\/www.akuplastics.com\\\/hu\\\/gepek-es-eszkoezoek\\\/\"},{\"@type\":\"ListItem\",\"position\":3,\"name\":\"N\u00e9gyzet alak\u00fa hegeszt\u0151 t\u00fck\u00f6r\"}]},{\"@type\":\"WebSite\",\"@id\":\"https:\\\/\\\/www.akuplastics.com\\\/hu\\\/#website\",\"url\":\"https:\\\/\\\/www.akuplastics.com\\\/hu\\\/\",\"name\":\"Semi-Finished Products \u2013 Finished Parts \u2013 Ventilation Moulded Parts \u2013 Machines\",\"description\":\"Halbzeuge, Halbfabrikate, Kunststoffhalbzeuge, Kunststoffhalbfabrikate\",\"publisher\":{\"@id\":\"https:\\\/\\\/www.akuplastics.com\\\/hu\\\/#organization\"},\"alternateName\":\"AKUPLASTICS \u2013 Engineering in Plastics\",\"potentialAction\":[{\"@type\":\"SearchAction\",\"target\":{\"@type\":\"EntryPoint\",\"urlTemplate\":\"https:\\\/\\\/www.akuplastics.com\\\/hu\\\/?s={search_term_string}\"},\"query-input\":{\"@type\":\"PropertyValueSpecification\",\"valueRequired\":true,\"valueName\":\"search_term_string\"}}],\"inLanguage\":\"hu\"},{\"@type\":\"Organization\",\"@id\":\"https:\\\/\\\/www.akuplastics.com\\\/hu\\\/#organization\",\"name\":\"Ing. Christian Ahlborn e.U.\",\"alternateName\":\"AKU\",\"url\":\"https:\\\/\\\/www.akuplastics.com\\\/hu\\\/\",\"logo\":{\"@type\":\"ImageObject\",\"inLanguage\":\"hu\",\"@id\":\"https:\\\/\\\/www.akuplastics.com\\\/hu\\\/#\\\/schema\\\/logo\\\/image\\\/\",\"url\":\"https:\\\/\\\/www.akuplastics.com\\\/wp-content\\\/uploads\\\/2020\\\/07\\\/Grafik14-inkl-r.png\",\"contentUrl\":\"https:\\\/\\\/www.akuplastics.com\\\/wp-content\\\/uploads\\\/2020\\\/07\\\/Grafik14-inkl-r.png\",\"width\":1994,\"height\":743,\"caption\":\"Ing. Christian Ahlborn e.U.\"},\"image\":{\"@id\":\"https:\\\/\\\/www.akuplastics.com\\\/hu\\\/#\\\/schema\\\/logo\\\/image\\\/\"}}]}<\/script>\n<!-- \/ Yoast SEO Premium plugin. -->","yoast_head_json":{"title":"K\u00e9zi hegeszt\u0151 t\u00fck\u00f6r n\u00e9gyzet teflon f\u0171t\u0151elemek Butt hegeszt\u00e9s","description":"F\u0171t\u0151elemek tompahegeszt\u00e9shez sz\u00f6gletes kivitelben A tompahegeszt\u00e9shez haszn\u00e1lt f\u0171t\u0151elemek sokoldal\u00faak \u00e9s univerz\u00e1lisan haszn\u00e1lhat\u00f3k az anyagok \u00e9s alkalmaz\u00e1sok sz\u00e9les sk\u00e1l\u00e1j\u00e1hoz. K\u00fcl\u00f6nb\u00f6z\u0151 m\u00e9retekben kaphat\u00f3k, \u00e9s sz\u00e1mos el\u0151nnyel j\u00e1rnak.","robots":{"index":"index","follow":"follow","max-snippet":"max-snippet:-1","max-image-preview":"max-image-preview:large","max-video-preview":"max-video-preview:-1"},"canonical":"https:\/\/www.akuplastics.com\/hu\/gepek-es-eszkoezoek\/negyzet-alaku-hegeszto-tuekoer\/","schema":{"@context":"https:\/\/schema.org","@graph":[{"@type":"WebPage","@id":"https:\/\/www.akuplastics.com\/hu\/gepek-es-eszkoezoek\/negyzet-alaku-hegeszto-tuekoer\/","url":"https:\/\/www.akuplastics.com\/hu\/gepek-es-eszkoezoek\/negyzet-alaku-hegeszto-tuekoer\/","name":"K\u00e9zi hegeszt\u0151 t\u00fck\u00f6r n\u00e9gyzet teflon f\u0171t\u0151elemek Butt hegeszt\u00e9s","isPartOf":{"@id":"https:\/\/www.akuplastics.com\/hu\/#website"},"primaryImageOfPage":{"@id":"https:\/\/www.akuplastics.com\/hu\/gepek-es-eszkoezoek\/negyzet-alaku-hegeszto-tuekoer\/#primaryimage"},"image":{"@id":"https:\/\/www.akuplastics.com\/hu\/gepek-es-eszkoezoek\/negyzet-alaku-hegeszto-tuekoer\/#primaryimage"},"thumbnailUrl":"https:\/\/www.akuplastics.com\/wp-content\/uploads\/2021\/06\/HSP-viereck.png","datePublished":"2024-05-23T08:37:51+00:00","dateModified":"2026-01-26T15:30:38+00:00","description":"F\u0171t\u0151elemek tompahegeszt\u00e9shez sz\u00f6gletes kivitelben A tompahegeszt\u00e9shez haszn\u00e1lt f\u0171t\u0151elemek sokoldal\u00faak \u00e9s univerz\u00e1lisan haszn\u00e1lhat\u00f3k az anyagok \u00e9s alkalmaz\u00e1sok sz\u00e9les sk\u00e1l\u00e1j\u00e1hoz. K\u00fcl\u00f6nb\u00f6z\u0151 m\u00e9retekben kaphat\u00f3k, \u00e9s sz\u00e1mos el\u0151nnyel j\u00e1rnak.","breadcrumb":{"@id":"https:\/\/www.akuplastics.com\/hu\/gepek-es-eszkoezoek\/negyzet-alaku-hegeszto-tuekoer\/#breadcrumb"},"inLanguage":"hu","potentialAction":[{"@type":"ReadAction","target":["https:\/\/www.akuplastics.com\/hu\/gepek-es-eszkoezoek\/negyzet-alaku-hegeszto-tuekoer\/"]}]},{"@type":"ImageObject","inLanguage":"hu","@id":"https:\/\/www.akuplastics.com\/hu\/gepek-es-eszkoezoek\/negyzet-alaku-hegeszto-tuekoer\/#primaryimage","url":"https:\/\/www.akuplastics.com\/wp-content\/uploads\/2021\/06\/HSP-viereck.png","contentUrl":"https:\/\/www.akuplastics.com\/wp-content\/uploads\/2021\/06\/HSP-viereck.png"},{"@type":"BreadcrumbList","@id":"https:\/\/www.akuplastics.com\/hu\/gepek-es-eszkoezoek\/negyzet-alaku-hegeszto-tuekoer\/#breadcrumb","itemListElement":[{"@type":"ListItem","position":1,"name":"Kezd\u0151lap","item":"https:\/\/www.akuplastics.com\/hu\/"},{"@type":"ListItem","position":2,"name":"G\u00e9pek \u00e9s eszk\u00f6z\u00f6k","item":"https:\/\/www.akuplastics.com\/hu\/gepek-es-eszkoezoek\/"},{"@type":"ListItem","position":3,"name":"N\u00e9gyzet alak\u00fa hegeszt\u0151 t\u00fck\u00f6r"}]},{"@type":"WebSite","@id":"https:\/\/www.akuplastics.com\/hu\/#website","url":"https:\/\/www.akuplastics.com\/hu\/","name":"Semi-Finished Products \u2013 Finished Parts \u2013 Ventilation Moulded Parts \u2013 Machines","description":"Halbzeuge, Halbfabrikate, Kunststoffhalbzeuge, Kunststoffhalbfabrikate","publisher":{"@id":"https:\/\/www.akuplastics.com\/hu\/#organization"},"alternateName":"AKUPLASTICS \u2013 Engineering in Plastics","potentialAction":[{"@type":"SearchAction","target":{"@type":"EntryPoint","urlTemplate":"https:\/\/www.akuplastics.com\/hu\/?s={search_term_string}"},"query-input":{"@type":"PropertyValueSpecification","valueRequired":true,"valueName":"search_term_string"}}],"inLanguage":"hu"},{"@type":"Organization","@id":"https:\/\/www.akuplastics.com\/hu\/#organization","name":"Ing. Christian Ahlborn e.U.","alternateName":"AKU","url":"https:\/\/www.akuplastics.com\/hu\/","logo":{"@type":"ImageObject","inLanguage":"hu","@id":"https:\/\/www.akuplastics.com\/hu\/#\/schema\/logo\/image\/","url":"https:\/\/www.akuplastics.com\/wp-content\/uploads\/2020\/07\/Grafik14-inkl-r.png","contentUrl":"https:\/\/www.akuplastics.com\/wp-content\/uploads\/2020\/07\/Grafik14-inkl-r.png","width":1994,"height":743,"caption":"Ing. Christian Ahlborn e.U."},"image":{"@id":"https:\/\/www.akuplastics.com\/hu\/#\/schema\/logo\/image\/"}}]}},"_links":{"self":[{"href":"https:\/\/www.akuplastics.com\/hu\/wp-json\/wp\/v2\/pages\/23116","targetHints":{"allow":["GET"]}}],"collection":[{"href":"https:\/\/www.akuplastics.com\/hu\/wp-json\/wp\/v2\/pages"}],"about":[{"href":"https:\/\/www.akuplastics.com\/hu\/wp-json\/wp\/v2\/types\/page"}],"author":[{"embeddable":true,"href":"https:\/\/www.akuplastics.com\/hu\/wp-json\/wp\/v2\/users\/3"}],"replies":[{"embeddable":true,"href":"https:\/\/www.akuplastics.com\/hu\/wp-json\/wp\/v2\/comments?post=23116"}],"version-history":[{"count":10,"href":"https:\/\/www.akuplastics.com\/hu\/wp-json\/wp\/v2\/pages\/23116\/revisions"}],"predecessor-version":[{"id":32172,"href":"https:\/\/www.akuplastics.com\/hu\/wp-json\/wp\/v2\/pages\/23116\/revisions\/32172"}],"up":[{"embeddable":true,"href":"https:\/\/www.akuplastics.com\/hu\/wp-json\/wp\/v2\/pages\/9403"}],"wp:attachment":[{"href":"https:\/\/www.akuplastics.com\/hu\/wp-json\/wp\/v2\/media?parent=23116"}],"curies":[{"name":"wp","href":"https:\/\/api.w.org\/{rel}","templated":true}]}}