{"id":22990,"date":"2024-05-22T11:15:58","date_gmt":"2024-05-22T09:15:58","guid":{"rendered":"https:\/\/www.akuplastics.com\/apx100-foliak\/"},"modified":"2024-09-03T16:10:20","modified_gmt":"2024-09-03T14:10:20","slug":"apx100-foliak","status":"publish","type":"page","link":"https:\/\/www.akuplastics.com\/hu\/apx100-foliak\/","title":{"rendered":"APX100 f\u00f3li\u00e1k"},"content":{"rendered":"\t\t<div data-elementor-type=\"wp-page\" data-elementor-id=\"22990\" class=\"elementor elementor-22990 elementor-22938\" data-elementor-post-type=\"page\">\n\t\t\t\t\t\t<section class=\"elementor-section elementor-top-section elementor-element elementor-element-b6f191f elementor-section-boxed elementor-section-height-default elementor-section-height-default\" data-id=\"b6f191f\" data-element_type=\"section\" data-e-type=\"section\">\n\t\t\t\t\t\t<div class=\"elementor-container elementor-column-gap-default\">\n\t\t\t\t\t<div class=\"elementor-column elementor-col-100 elementor-top-column elementor-element elementor-element-2109bfd\" data-id=\"2109bfd\" data-element_type=\"column\" data-e-type=\"column\">\n\t\t\t<div class=\"elementor-widget-wrap elementor-element-populated\">\n\t\t\t\t\t\t<div class=\"elementor-element elementor-element-5a31dc9 elementor-widget elementor-widget-text-editor\" data-id=\"5a31dc9\" data-element_type=\"widget\" data-e-type=\"widget\" data-widget_type=\"text-editor.default\">\n\t\t\t\t<div class=\"elementor-widget-container\">\n\t\t\t\t\t\t\t\t\t<h1>APX100 forr\u00f3leveg\u0151s pisztoly meleg\u00edt\u00e9shez, felmeleg\u00edt\u00e9shez, form\u00e1z\u00e1shoz, zsugor\u00edt\u00e1shoz \u00e9s aktiv\u00e1l\u00e1shoz<\/h1>\n\t\t\t\t\t\t\t\t<\/div>\n\t\t\t\t<\/div>\n\t\t\t\t<section class=\"elementor-section elementor-inner-section elementor-element elementor-element-5386378 elementor-section-boxed elementor-section-height-default elementor-section-height-default\" data-id=\"5386378\" data-element_type=\"section\" data-e-type=\"section\">\n\t\t\t\t\t\t<div class=\"elementor-container elementor-column-gap-default\">\n\t\t\t\t\t<div class=\"elementor-column elementor-col-50 elementor-inner-column elementor-element elementor-element-3819d49\" data-id=\"3819d49\" data-element_type=\"column\" data-e-type=\"column\">\n\t\t\t<div class=\"elementor-widget-wrap elementor-element-populated\">\n\t\t\t\t\t\t<div class=\"elementor-element elementor-element-b64a1c7 elementor-widget elementor-widget-text-editor\" data-id=\"b64a1c7\" data-element_type=\"widget\" data-e-type=\"widget\" data-widget_type=\"text-editor.default\">\n\t\t\t\t<div class=\"elementor-widget-container\">\n\t\t\t\t\t\t\t\t\t<div>\n<p>A nagy teljes\u00edtm\u00e9ny\u0171 APX100 forr\u00f3leveg\u0151 pisztoly az ipar \u00e9s a kereskedelem sz\u00e1m\u00e1ra<\/p>\n<\/p>\n<p>Az APX100 forr\u00f3leveg\u0151-f\u00fav\u00f3t minden olyan helyen haszn\u00e1lj\u00e1k, ahol forr\u00f3 leveg\u0151 \u00e1raml\u00e1s\u00e1ra van sz\u00fcks\u00e9g a k\u00f6vetkez\u0151kh\u00f6z <\/p>\n<ul>\n<li>Bemeleg\u00edt\u00e9s,<\/li>\n<li>H\u0151s\u00e9g,<\/li>\n<li>Form\u00e1z\u00e1s,<\/li>\n<li>Zsugorod\u00e1s<\/li>\n<li>\u00e9s aktiv\u00e1lja <\/li>\n<\/ul>\n<p>sz\u00fcks\u00e9ges.<\/p>\n<\/p>\n<p>A h\u0151teljes\u00edtm\u00e9ny 230 V-on v\u00e1laszthat\u00f3an 2600 W vagy 3000 W, \u00e9s szobah\u0151m\u00e9rs\u00e9klett\u0151l 650 \u00b0C-ig fokozatmentesen \u00e1ll\u00edthat\u00f3. <\/p>\n<\/p>\n<p>A k\u00e9sz\u00fcl\u00e9k egy tov\u00e1bbi hideg be\u00e1ll\u00edt\u00e1ssal is rendelkezik, an\u00e9lk\u00fcl, hogy a f\u0171t\u00e9si el\u0151v\u00e1laszt\u00e1st meg kellene v\u00e1ltoztatni. <\/p>\n<\/p>\n<p>A haszn\u00e1lt f\u00fav\u00f3k\u00e1t\u00f3l f\u00fcgg\u0151en a l\u00e9g\u00e1ram 450 liter\/perc.<\/p>\n<\/p>\n<p><b>A l\u00e9g\u00e1ram k\u00fcl\u00f6nb\u00f6z\u0151 csatlakoztathat\u00f3 f\u00fav\u00f3k\u00e1k seg\u00edts\u00e9g\u00e9vel \u00e1ll\u00edthat\u00f3, \u00edgy az alkalmaz\u00e1sok sz\u00e9les sk\u00e1l\u00e1j\u00e1t teszi lehet\u0151v\u00e9. <\/b><\/p>\n<\/p>\n<p>A be\u00e9p\u00edtett f\u00fav\u00f3 foganty\u00faja ergonomikus \u00e9s kompakt kialak\u00edt\u00e1s\u00fa.<\/p>\n<p>A sz\u00e9nkef\u00e9k k\u00edv\u00fclr\u0151l, a k\u00e9sz\u00fcl\u00e9k kinyit\u00e1sa n\u00e9lk\u00fcl k\u00f6nnyen cser\u00e9lhet\u0151k, ami folyamatos m\u0171k\u00f6d\u00e9st tesz lehet\u0151v\u00e9.<\/p>\n<\/p>\n<p>A mind\u00f6ssze 1360 g-os t\u00f6meg\u00e9vel \u00e9s 3 m\u00e9teres csatlakoz\u00f3k\u00e1bel\u00e9vel az APX100 k\u00f6nny\u0171 \u00e9s rugalmasan haszn\u00e1lhat\u00f3, mind k\u00e9zi eszk\u00f6zk\u00e9nt, mind k\u00fcl\u00f6nb\u00f6z\u0151 g\u00e9pekbe val\u00f3 be\u00e9p\u00edt\u00e9shez.<\/p>\n<\/p>\n<\/div>\n<div><strong>M\u0171szaki adatok<\/strong><\/div>\n<div> <\/div>\n<div>\n<table class=\"woocommerce-product-attributes shop_attributes\">\n<tbody>\n<tr class=\"woocommerce-product-attributes-item woocommerce-product-attributes-item--attribute_spannung\">\n<th class=\"woocommerce-product-attributes-item__label\">Fesz\u00fclts\u00e9g<\/th>\n<td class=\"woocommerce-product-attributes-item__value\">\n<p>230 V 50\/60 Hz<\/p>\n<\/td>\n<\/tr>\n<tr class=\"woocommerce-product-attributes-item woocommerce-product-attributes-item--attribute_heizleistung\">\n<th class=\"woocommerce-product-attributes-item__label\">H\u0151teljes\u00edtm\u00e9ny<\/th>\n<td class=\"woocommerce-product-attributes-item__value\">\n<p>2600 W 230 V<\/p>\n<\/td>\n<\/tr>\n<tr class=\"woocommerce-product-attributes-item woocommerce-product-attributes-item--attribute_temperatur\">\n<th class=\"woocommerce-product-attributes-item__label\">H\u0151m\u00e9rs\u00e9klet<\/th>\n<td class=\"woocommerce-product-attributes-item__value\">\n<p>20-650 \u00b0C, fokozatmentesen \u00e1ll\u00edthat\u00f3<\/p>\n<\/td>\n<\/tr>\n<tr class=\"woocommerce-product-attributes-item woocommerce-product-attributes-item--attribute_gewicht\">\n<th class=\"woocommerce-product-attributes-item__label\">S\u00faly<\/th>\n<td class=\"woocommerce-product-attributes-item__value\">\n<p>1360 g 3 m csatlakoz\u00f3k\u00e1bellel<\/p>\n<\/td>\n<\/tr>\n<tr class=\"woocommerce-product-attributes-item woocommerce-product-attributes-item--attribute_regelung\">\n<th class=\"woocommerce-product-attributes-item__label\">Szab\u00e1lyoz\u00e1s<\/th>\n<td class=\"woocommerce-product-attributes-item__value\">\n<p>Elektronika<\/p>\n<\/td>\n<\/tr>\n<\/tbody>\n<\/table>\n<\/div>\n<div> <\/div>\n\t\t\t\t\t\t\t\t<\/div>\n\t\t\t\t<\/div>\n\t\t\t\t\t<\/div>\n\t\t<\/div>\n\t\t\t\t<div class=\"elementor-column elementor-col-50 elementor-inner-column elementor-element elementor-element-2b1eac8\" data-id=\"2b1eac8\" data-element_type=\"column\" data-e-type=\"column\">\n\t\t\t<div class=\"elementor-widget-wrap elementor-element-populated\">\n\t\t\t\t\t\t<div class=\"elementor-element elementor-element-700d6f6 elementor-widget elementor-widget-image\" data-id=\"700d6f6\" data-element_type=\"widget\" data-e-type=\"widget\" data-widget_type=\"image.default\">\n\t\t\t\t<div class=\"elementor-widget-container\">\n\t\t\t\t\t\t\t\t\t\t\t\t<figure class=\"wp-caption\">\n\t\t\t\t\t\t\t\t\t\t<img loading=\"lazy\" decoding=\"async\" width=\"300\" height=\"169\" src=\"https:\/\/www.akuplastics.com\/wp-content\/uploads\/2024\/05\/APX100-300x169.webp\" class=\"attachment-medium size-medium wp-image-22950\" alt=\"Heissluftgebl\u00e4se APX100\" srcset=\"https:\/\/www.akuplastics.com\/wp-content\/uploads\/2024\/05\/APX100-300x169.webp 300w, https:\/\/www.akuplastics.com\/wp-content\/uploads\/2024\/05\/APX100.webp 600w\" sizes=\"auto, (max-width: 300px) 100vw, 300px\" \/>\t\t\t\t\t\t\t\t\t\t\t<figcaption class=\"widget-image-caption wp-caption-text\">APX100 forr\u00f3leveg\u0151-f\u00fav\u00f3 <\/figcaption>\n\t\t\t\t\t\t\t\t\t\t<\/figure>\n\t\t\t\t\t\t\t\t\t<\/div>\n\t\t\t\t<\/div>\n\t\t\t\t\t<\/div>\n\t\t<\/div>\n\t\t\t\t\t<\/div>\n\t\t<\/section>\n\t\t\t\t\t<\/div>\n\t\t<\/div>\n\t\t\t\t\t<\/div>\n\t\t<\/section>\n\t\t\t\t<\/div>\n\t\t","protected":false},"excerpt":{"rendered":"<p>APX100 forr\u00f3leveg\u0151s pisztoly meleg\u00edt\u00e9shez, felmeleg\u00edt\u00e9shez, form\u00e1z\u00e1shoz, zsugor\u00edt\u00e1shoz \u00e9s aktiv\u00e1l\u00e1shoz A nagy teljes\u00edtm\u00e9ny\u0171 APX100 forr\u00f3leveg\u0151 pisztoly az ipar \u00e9s a kereskedelem sz\u00e1m\u00e1ra Az APX100 forr\u00f3leveg\u0151-f\u00fav\u00f3t minden olyan helyen haszn\u00e1lj\u00e1k, ahol forr\u00f3 leveg\u0151 \u00e1raml\u00e1s\u00e1ra van sz\u00fcks\u00e9g a k\u00f6vetkez\u0151kh\u00f6z Bemeleg\u00edt\u00e9s, H\u0151s\u00e9g, Form\u00e1z\u00e1s, Zsugorod\u00e1s \u00e9s aktiv\u00e1lja sz\u00fcks\u00e9ges. A h\u0151teljes\u00edtm\u00e9ny 230 V-on v\u00e1laszthat\u00f3an 2600 W vagy 3000 W, \u00e9s szobah\u0151m\u00e9rs\u00e9klett\u0151l [&hellip;]<\/p>\n","protected":false},"author":3,"featured_media":22950,"parent":0,"menu_order":0,"comment_status":"closed","ping_status":"closed","template":"elementor_header_footer","meta":{"iawp_total_views":3,"footnotes":""},"class_list":["post-22990","page","type-page","status-publish","has-post-thumbnail","hentry"],"yoast_head":"<!-- This site is optimized with the Yoast SEO Premium plugin v27.4 (Yoast SEO v27.5) - https:\/\/yoast.com\/product\/yoast-seo-premium-wordpress\/ -->\n<title>Forr\u00f3leveg\u0151 f\u00fav\u00f3ka F\u00f3li\u00e1k fokozatmentesen szab\u00e1lyozhat\u00f3 2600 3000 W F\u0171t\u00e9s F\u0171t\u00e9s Form\u00e1z\u00e1s Zsugor\u00edt\u00e1s Aktiv\u00e1l\u00e1s: A ponyvafeldolgoz\u00f3k v\u00e9gs\u0151 eszk\u00f6ze<\/title>\n<meta name=\"description\" content=\"Dolgozzon hat\u00e9konyan az APX300 forr\u00f3leveg\u0151-k\u00e9szlettel professzion\u00e1lis alkalmaz\u00e1sokhoz. Jav\u00edtsa k\u00f6nnyed\u00e9n \u00e9s pontosan a teheraut\u00f3 ponyv\u00e1kat.\" \/>\n<meta name=\"robots\" content=\"index, follow, max-snippet:-1, max-image-preview:large, max-video-preview:-1\" \/>\n<link rel=\"canonical\" href=\"https:\/\/www.akuplastics.com\/hu\/apx100-foliak\/\" \/>\n<script type=\"application\/ld+json\" class=\"yoast-schema-graph\">{\"@context\":\"https:\\\/\\\/schema.org\",\"@graph\":[{\"@type\":\"WebPage\",\"@id\":\"https:\\\/\\\/www.akuplastics.com\\\/hu\\\/apx100-foliak\\\/\",\"url\":\"https:\\\/\\\/www.akuplastics.com\\\/hu\\\/apx100-foliak\\\/\",\"name\":\"Forr\u00f3leveg\u0151 f\u00fav\u00f3ka F\u00f3li\u00e1k fokozatmentesen szab\u00e1lyozhat\u00f3 2600 3000 W F\u0171t\u00e9s F\u0171t\u00e9s Form\u00e1z\u00e1s Zsugor\u00edt\u00e1s Aktiv\u00e1l\u00e1s: A ponyvafeldolgoz\u00f3k v\u00e9gs\u0151 eszk\u00f6ze\",\"isPartOf\":{\"@id\":\"https:\\\/\\\/www.akuplastics.com\\\/hu\\\/#website\"},\"primaryImageOfPage\":{\"@id\":\"https:\\\/\\\/www.akuplastics.com\\\/hu\\\/apx100-foliak\\\/#primaryimage\"},\"image\":{\"@id\":\"https:\\\/\\\/www.akuplastics.com\\\/hu\\\/apx100-foliak\\\/#primaryimage\"},\"thumbnailUrl\":\"https:\\\/\\\/www.akuplastics.com\\\/wp-content\\\/uploads\\\/2024\\\/05\\\/APX100.webp\",\"datePublished\":\"2024-05-22T09:15:58+00:00\",\"dateModified\":\"2024-09-03T14:10:20+00:00\",\"description\":\"Dolgozzon hat\u00e9konyan az APX300 forr\u00f3leveg\u0151-k\u00e9szlettel professzion\u00e1lis alkalmaz\u00e1sokhoz. Jav\u00edtsa k\u00f6nnyed\u00e9n \u00e9s pontosan a teheraut\u00f3 ponyv\u00e1kat.\",\"breadcrumb\":{\"@id\":\"https:\\\/\\\/www.akuplastics.com\\\/hu\\\/apx100-foliak\\\/#breadcrumb\"},\"inLanguage\":\"hu\",\"potentialAction\":[{\"@type\":\"ReadAction\",\"target\":[\"https:\\\/\\\/www.akuplastics.com\\\/hu\\\/apx100-foliak\\\/\"]}]},{\"@type\":\"ImageObject\",\"inLanguage\":\"hu\",\"@id\":\"https:\\\/\\\/www.akuplastics.com\\\/hu\\\/apx100-foliak\\\/#primaryimage\",\"url\":\"https:\\\/\\\/www.akuplastics.com\\\/wp-content\\\/uploads\\\/2024\\\/05\\\/APX100.webp\",\"contentUrl\":\"https:\\\/\\\/www.akuplastics.com\\\/wp-content\\\/uploads\\\/2024\\\/05\\\/APX100.webp\",\"width\":600,\"height\":338,\"caption\":\"Heissluftgebl\u00e4se APX100\"},{\"@type\":\"BreadcrumbList\",\"@id\":\"https:\\\/\\\/www.akuplastics.com\\\/hu\\\/apx100-foliak\\\/#breadcrumb\",\"itemListElement\":[{\"@type\":\"ListItem\",\"position\":1,\"name\":\"Kezd\u0151lap\",\"item\":\"https:\\\/\\\/www.akuplastics.com\\\/hu\\\/\"},{\"@type\":\"ListItem\",\"position\":2,\"name\":\"APX100 f\u00f3li\u00e1k\"}]},{\"@type\":\"WebSite\",\"@id\":\"https:\\\/\\\/www.akuplastics.com\\\/hu\\\/#website\",\"url\":\"https:\\\/\\\/www.akuplastics.com\\\/hu\\\/\",\"name\":\"Semi-Finished Products \u2013 Finished Parts \u2013 Ventilation Moulded Parts \u2013 Machines\",\"description\":\"Halbzeuge, Halbfabrikate, Kunststoffhalbzeuge, Kunststoffhalbfabrikate\",\"publisher\":{\"@id\":\"https:\\\/\\\/www.akuplastics.com\\\/hu\\\/#organization\"},\"alternateName\":\"AKUPLASTICS \u2013 Engineering in Plastics\",\"potentialAction\":[{\"@type\":\"SearchAction\",\"target\":{\"@type\":\"EntryPoint\",\"urlTemplate\":\"https:\\\/\\\/www.akuplastics.com\\\/hu\\\/?s={search_term_string}\"},\"query-input\":{\"@type\":\"PropertyValueSpecification\",\"valueRequired\":true,\"valueName\":\"search_term_string\"}}],\"inLanguage\":\"hu\"},{\"@type\":\"Organization\",\"@id\":\"https:\\\/\\\/www.akuplastics.com\\\/hu\\\/#organization\",\"name\":\"Ing. Christian Ahlborn e.U.\",\"alternateName\":\"AKU\",\"url\":\"https:\\\/\\\/www.akuplastics.com\\\/hu\\\/\",\"logo\":{\"@type\":\"ImageObject\",\"inLanguage\":\"hu\",\"@id\":\"https:\\\/\\\/www.akuplastics.com\\\/hu\\\/#\\\/schema\\\/logo\\\/image\\\/\",\"url\":\"https:\\\/\\\/www.akuplastics.com\\\/wp-content\\\/uploads\\\/2020\\\/07\\\/Grafik14-inkl-r.png\",\"contentUrl\":\"https:\\\/\\\/www.akuplastics.com\\\/wp-content\\\/uploads\\\/2020\\\/07\\\/Grafik14-inkl-r.png\",\"width\":1994,\"height\":743,\"caption\":\"Ing. Christian Ahlborn e.U.\"},\"image\":{\"@id\":\"https:\\\/\\\/www.akuplastics.com\\\/hu\\\/#\\\/schema\\\/logo\\\/image\\\/\"}}]}<\/script>\n<!-- \/ Yoast SEO Premium plugin. -->","yoast_head_json":{"title":"Forr\u00f3leveg\u0151 f\u00fav\u00f3ka F\u00f3li\u00e1k fokozatmentesen szab\u00e1lyozhat\u00f3 2600 3000 W F\u0171t\u00e9s F\u0171t\u00e9s Form\u00e1z\u00e1s Zsugor\u00edt\u00e1s Aktiv\u00e1l\u00e1s: A ponyvafeldolgoz\u00f3k v\u00e9gs\u0151 eszk\u00f6ze","description":"Dolgozzon hat\u00e9konyan az APX300 forr\u00f3leveg\u0151-k\u00e9szlettel professzion\u00e1lis alkalmaz\u00e1sokhoz. Jav\u00edtsa k\u00f6nnyed\u00e9n \u00e9s pontosan a teheraut\u00f3 ponyv\u00e1kat.","robots":{"index":"index","follow":"follow","max-snippet":"max-snippet:-1","max-image-preview":"max-image-preview:large","max-video-preview":"max-video-preview:-1"},"canonical":"https:\/\/www.akuplastics.com\/hu\/apx100-foliak\/","schema":{"@context":"https:\/\/schema.org","@graph":[{"@type":"WebPage","@id":"https:\/\/www.akuplastics.com\/hu\/apx100-foliak\/","url":"https:\/\/www.akuplastics.com\/hu\/apx100-foliak\/","name":"Forr\u00f3leveg\u0151 f\u00fav\u00f3ka F\u00f3li\u00e1k fokozatmentesen szab\u00e1lyozhat\u00f3 2600 3000 W F\u0171t\u00e9s F\u0171t\u00e9s Form\u00e1z\u00e1s Zsugor\u00edt\u00e1s Aktiv\u00e1l\u00e1s: A ponyvafeldolgoz\u00f3k v\u00e9gs\u0151 eszk\u00f6ze","isPartOf":{"@id":"https:\/\/www.akuplastics.com\/hu\/#website"},"primaryImageOfPage":{"@id":"https:\/\/www.akuplastics.com\/hu\/apx100-foliak\/#primaryimage"},"image":{"@id":"https:\/\/www.akuplastics.com\/hu\/apx100-foliak\/#primaryimage"},"thumbnailUrl":"https:\/\/www.akuplastics.com\/wp-content\/uploads\/2024\/05\/APX100.webp","datePublished":"2024-05-22T09:15:58+00:00","dateModified":"2024-09-03T14:10:20+00:00","description":"Dolgozzon hat\u00e9konyan az APX300 forr\u00f3leveg\u0151-k\u00e9szlettel professzion\u00e1lis alkalmaz\u00e1sokhoz. Jav\u00edtsa k\u00f6nnyed\u00e9n \u00e9s pontosan a teheraut\u00f3 ponyv\u00e1kat.","breadcrumb":{"@id":"https:\/\/www.akuplastics.com\/hu\/apx100-foliak\/#breadcrumb"},"inLanguage":"hu","potentialAction":[{"@type":"ReadAction","target":["https:\/\/www.akuplastics.com\/hu\/apx100-foliak\/"]}]},{"@type":"ImageObject","inLanguage":"hu","@id":"https:\/\/www.akuplastics.com\/hu\/apx100-foliak\/#primaryimage","url":"https:\/\/www.akuplastics.com\/wp-content\/uploads\/2024\/05\/APX100.webp","contentUrl":"https:\/\/www.akuplastics.com\/wp-content\/uploads\/2024\/05\/APX100.webp","width":600,"height":338,"caption":"Heissluftgebl\u00e4se APX100"},{"@type":"BreadcrumbList","@id":"https:\/\/www.akuplastics.com\/hu\/apx100-foliak\/#breadcrumb","itemListElement":[{"@type":"ListItem","position":1,"name":"Kezd\u0151lap","item":"https:\/\/www.akuplastics.com\/hu\/"},{"@type":"ListItem","position":2,"name":"APX100 f\u00f3li\u00e1k"}]},{"@type":"WebSite","@id":"https:\/\/www.akuplastics.com\/hu\/#website","url":"https:\/\/www.akuplastics.com\/hu\/","name":"Semi-Finished Products \u2013 Finished Parts \u2013 Ventilation Moulded Parts \u2013 Machines","description":"Halbzeuge, Halbfabrikate, Kunststoffhalbzeuge, Kunststoffhalbfabrikate","publisher":{"@id":"https:\/\/www.akuplastics.com\/hu\/#organization"},"alternateName":"AKUPLASTICS \u2013 Engineering in Plastics","potentialAction":[{"@type":"SearchAction","target":{"@type":"EntryPoint","urlTemplate":"https:\/\/www.akuplastics.com\/hu\/?s={search_term_string}"},"query-input":{"@type":"PropertyValueSpecification","valueRequired":true,"valueName":"search_term_string"}}],"inLanguage":"hu"},{"@type":"Organization","@id":"https:\/\/www.akuplastics.com\/hu\/#organization","name":"Ing. Christian Ahlborn e.U.","alternateName":"AKU","url":"https:\/\/www.akuplastics.com\/hu\/","logo":{"@type":"ImageObject","inLanguage":"hu","@id":"https:\/\/www.akuplastics.com\/hu\/#\/schema\/logo\/image\/","url":"https:\/\/www.akuplastics.com\/wp-content\/uploads\/2020\/07\/Grafik14-inkl-r.png","contentUrl":"https:\/\/www.akuplastics.com\/wp-content\/uploads\/2020\/07\/Grafik14-inkl-r.png","width":1994,"height":743,"caption":"Ing. Christian Ahlborn e.U."},"image":{"@id":"https:\/\/www.akuplastics.com\/hu\/#\/schema\/logo\/image\/"}}]}},"_links":{"self":[{"href":"https:\/\/www.akuplastics.com\/hu\/wp-json\/wp\/v2\/pages\/22990","targetHints":{"allow":["GET"]}}],"collection":[{"href":"https:\/\/www.akuplastics.com\/hu\/wp-json\/wp\/v2\/pages"}],"about":[{"href":"https:\/\/www.akuplastics.com\/hu\/wp-json\/wp\/v2\/types\/page"}],"author":[{"embeddable":true,"href":"https:\/\/www.akuplastics.com\/hu\/wp-json\/wp\/v2\/users\/3"}],"replies":[{"embeddable":true,"href":"https:\/\/www.akuplastics.com\/hu\/wp-json\/wp\/v2\/comments?post=22990"}],"version-history":[{"count":4,"href":"https:\/\/www.akuplastics.com\/hu\/wp-json\/wp\/v2\/pages\/22990\/revisions"}],"predecessor-version":[{"id":23003,"href":"https:\/\/www.akuplastics.com\/hu\/wp-json\/wp\/v2\/pages\/22990\/revisions\/23003"}],"wp:featuredmedia":[{"embeddable":true,"href":"https:\/\/www.akuplastics.com\/hu\/wp-json\/wp\/v2\/media\/22950"}],"wp:attachment":[{"href":"https:\/\/www.akuplastics.com\/hu\/wp-json\/wp\/v2\/media?parent=22990"}],"curies":[{"name":"wp","href":"https:\/\/api.w.org\/{rel}","templated":true}]}}