{"id":22870,"date":"2024-05-06T16:32:00","date_gmt":"2024-05-06T14:32:00","guid":{"rendered":"https:\/\/www.akuplastics.com\/gepek-es-eszkoezoek\/kezi-fuvok-forro-gazhegesztok\/"},"modified":"2024-05-21T12:46:00","modified_gmt":"2024-05-21T10:46:00","slug":"kezi-fuvok-forro-gazhegesztok","status":"publish","type":"page","link":"https:\/\/www.akuplastics.com\/hu\/gepek-es-eszkoezoek\/kezi-fuvok-forro-gazhegesztok\/","title":{"rendered":"K\u00e9zi f\u00fav\u00f3k Forr\u00f3 g\u00e1zhegeszt\u0151k"},"content":{"rendered":"\t\t<div data-elementor-type=\"wp-page\" data-elementor-id=\"22870\" class=\"elementor elementor-22870 elementor-22852\" data-elementor-post-type=\"page\">\n\t\t\t\t\t\t<section class=\"elementor-section elementor-top-section elementor-element elementor-element-834d050 elementor-section-boxed elementor-section-height-default elementor-section-height-default\" data-id=\"834d050\" data-element_type=\"section\" data-e-type=\"section\">\n\t\t\t\t\t\t<div class=\"elementor-container elementor-column-gap-default\">\n\t\t\t\t\t<div class=\"elementor-column elementor-col-100 elementor-top-column elementor-element elementor-element-5d494b49\" data-id=\"5d494b49\" data-element_type=\"column\" data-e-type=\"column\">\n\t\t\t<div class=\"elementor-widget-wrap elementor-element-populated\">\n\t\t\t\t\t\t<div class=\"elementor-element elementor-element-7edd439b elementor-widget elementor-widget-text-editor\" data-id=\"7edd439b\" data-element_type=\"widget\" data-e-type=\"widget\" data-widget_type=\"text-editor.default\">\n\t\t\t\t<div class=\"elementor-widget-container\">\n\t\t\t\t\t\t\t\t\t<h1>K\u00e9zi f\u00fav\u00f3ka forr\u00f3 g\u00e1zhegeszt\u0151kh\u00f6z<\/h1>\n\t\t\t\t\t\t\t\t<\/div>\n\t\t\t\t<\/div>\n\t\t\t\t<section class=\"elementor-section elementor-inner-section elementor-element elementor-element-7f2fb347 elementor-section-boxed elementor-section-height-default elementor-section-height-default\" data-id=\"7f2fb347\" data-element_type=\"section\" data-e-type=\"section\">\n\t\t\t\t\t\t<div class=\"elementor-container elementor-column-gap-default\">\n\t\t\t\t\t<div class=\"elementor-column elementor-col-50 elementor-inner-column elementor-element elementor-element-1ff159d3\" data-id=\"1ff159d3\" data-element_type=\"column\" data-e-type=\"column\">\n\t\t\t<div class=\"elementor-widget-wrap elementor-element-populated\">\n\t\t\t\t\t\t<div class=\"elementor-element elementor-element-872d1d6 elementor-widget elementor-widget-text-editor\" data-id=\"872d1d6\" data-element_type=\"widget\" data-e-type=\"widget\" data-widget_type=\"text-editor.default\">\n\t\t\t\t<div class=\"elementor-widget-container\">\n\t\t\t\t\t\t\t\t\t<p>Term\u00e9k\u00fcnket kifejezetten a k\u00f6vetkez\u0151kh\u00f6z tervezt\u00fck <strong><a href=\"https:\/\/www.akuplastics.com\/hu\/gepek-es-eszkoezoek\/forro-gazhegeszto-hegesztopisztoly-200\/\">Forr\u00f3 g\u00e1zhegeszt\u0151 200 <\/a><\/strong>\u00e9s m\u00e1sokhoz, sz\u00e9les k\u00f6r\u0171 alkalmaz\u00e1st k\u00edn\u00e1lva a k\u00fcl\u00f6nb\u00f6z\u0151 ipar\u00e1gakban.<\/p>\n<\/p>\n<p>\u00cdme n\u00e9h\u00e1ny p\u00e9lda arra, hogyan lehet ezt a term\u00e9ket haszn\u00e1lni:<\/p>\n<ul>\n<li>Padl\u00f3feldolgoz\u00e1s<\/li>\n<li>Tet\u0151f\u00f3lia hegeszt\u00e9s<\/li>\n<li>Aut\u00f3ponyva \u00e9s napellenz\u0151 gy\u00e1rt\u00e1sa<\/li>\n<li>Kont\u00e9ner\u00e9p\u00edt\u00e9s \u00e9s m\u0171anyag hegeszt\u00e9s<\/li>\n<li>\u00c9p\u00edt\u0151ipar<\/li>\n<li>Szabadid\u0151ipar<\/li>\n<li>Aut\u00f3gy\u00e1rt\u00f3<\/li>\n<\/ul>\n<p>Term\u00e9k\u00fcnk nemcsak a lehets\u00e9ges alkalmaz\u00e1sok sz\u00e9les k\u00f6r\u00e9t k\u00edn\u00e1lja, hanem nagy teljes\u00edtm\u00e9nyt \u00e9s megb\u00edzhat\u00f3s\u00e1got is.<\/p>\n<p>M\u0171szaki specifik\u00e1ci\u00f3inak k\u00f6sz\u00f6nhet\u0151en t\u00f6k\u00e9letes megold\u00e1st jelent az ipari k\u00f6vetelm\u00e9nyek sz\u00e9les k\u00f6r\u00e9re.<\/p>\n<\/p>\n<p>Alkalmas t\u00f6bbek k\u00f6z\u00f6tt:<\/p>\n<ul>\n<li><strong><a href=\"https:\/\/www.akuplastics.com\/hu\/gepek-es-eszkoezoek\/forro-gazhegeszto-hegesztopisztoly-200\/\">Forr\u00f3g\u00e1zhegeszt\u0151 200 k\u00fcls\u0151 leveg\u0151h\u00f6z, f\u00fav\u00f3k\u00e1k n\u00e9lk\u00fcl. <\/a><\/strong><br \/>Az 1500 W 230 V-os f\u0171t\u0151teljes\u00edtm\u00e9ny fokozatmentesen \u00e1ll\u00edthat\u00f3 20 \u00e9s 700 \u00b0C k\u00f6z\u00f6tt, \u00e9s elektronikusan \u00e1lland\u00f3 \u00e9rt\u00e9ken tarthat\u00f3. Ezenk\u00edv\u00fcl a sz\u00fcks\u00e9ges l\u00e9gmennyis\u00e9g egy tov\u00e1bbi forgat\u00f3gombbal egyedileg szab\u00e1lyozhat\u00f3.<\/li>\n<\/ul>\n<p><strong>M\u0171szaki adatok:<\/strong><\/p>\n<table>\n<tbody>\n<tr>\n<td>Fesz\u00fclts\u00e9g<\/td>\n<td>230 V 50\/60 Hz-en vagy 120 V 50\/60 Hz-en<\/td>\n<\/tr>\n<tr>\n<td>Sz\u00e1ll\u00edt\u00e1si ar\u00e1ny<\/td>\n<td>300 liter percenk\u00e9nt<\/td>\n<\/tr>\n<tr>\n<td>S\u00faly<\/td>\n<td>1200 gramm 3 m\u00e9teres csatlakoz\u00f3k\u00e1bellel<\/td>\n<\/tr>\n<\/tbody>\n<\/table>\n\t\t\t\t\t\t\t\t<\/div>\n\t\t\t\t<\/div>\n\t\t\t\t<div class=\"elementor-element elementor-element-8580633 elementor-widget elementor-widget-text-editor\" data-id=\"8580633\" data-element_type=\"widget\" data-e-type=\"widget\" data-widget_type=\"text-editor.default\">\n\t\t\t\t<div class=\"elementor-widget-container\">\n\t\t\t\t\t\t\t\t\t<p><strong>Tov\u00e1bbi inform\u00e1ci\u00f3k a m\u0171anyaghegeszt\u00e9shez haszn\u00e1lt s\u0171r\u00edtett leveg\u0151vel kapcsolatban:<br><br><\/strong><\/p>\n<p>A m\u0171anyag-feldolgoz\u00f3 iparban a s\u0171r\u00edtett leveg\u0151t gyakran haszn\u00e1lj\u00e1k k\u00fcl\u00f6nb\u00f6z\u0151 hegeszt\u00e9si technik\u00e1khoz.<br>A s\u0171r\u00edtett leveg\u0151 az alkalmazott hegeszt\u00e9si elj\u00e1r\u00e1st\u00f3l f\u00fcgg\u0151en t\u00f6bbf\u00e9le funkci\u00f3t is bet\u00f6lthet.<br><br><\/p>\n<ul>\n<li><strong>Forr\u00f3leveg\u0151s hegeszt\u00e9s:<\/strong><br>Egyes m\u0171anyaghegeszt\u00e9si technik\u00e1kn\u00e1l, p\u00e9ld\u00e1ul a forr\u00f3leveg\u0151s hegeszt\u00e9sn\u00e9l s\u0171r\u00edtett leveg\u0151t haszn\u00e1lnak, hogy meleg\u00edtett leveg\u0151t ir\u00e1ny\u00edtsanak az \u00f6sszeillesztend\u0151 m\u0171anyagfel\u00fcletekre. A felmeleg\u00edtett leveg\u0151 megolvasztja a m\u0171anyagokat, \u00e9s leh\u0171l\u00e9s ut\u00e1n szil\u00e1rd hegeszt\u00e9si varrat j\u00f6n l\u00e9tre.<\/li>\n<li><strong>Ultrahangos hegeszt\u00e9s:<\/strong><br>Enn\u00e9l a m\u00f3dszern\u00e9l s\u0171r\u00edtett leveg\u0151t haszn\u00e1lnak egy ultrahangos jel\u00e1talak\u00edt\u00f3 m\u0171k\u00f6dtet\u00e9s\u00e9re, amely rezg\u00e9seket gener\u00e1l. Ezek a rezg\u00e9sek a m\u0171anyag fel\u00fcletek s\u00farl\u00f3d\u00e1s\u00e1t \u00e9s felmeleged\u00e9s\u00e9t okozz\u00e1k, ami a fel\u00fcletek \u00f6sszeolvad\u00e1s\u00e1hoz \u00e9s a hegeszt\u00e9si varrat kialakul\u00e1s\u00e1hoz vezet.<\/li>\n<li><strong>Extrud\u00e1l\u00e1sos hegeszt\u00e9s:<\/strong><br>Egyes esetekben s\u0171r\u00edtett leveg\u0151t haszn\u00e1lnak az extrud\u00e1l\u00e1si folyamat vez\u00e9rl\u00e9s\u00e9re. Az olvadt m\u0171anyagot egy f\u00fav\u00f3k\u00e1b\u00f3l pr\u00e9selik ki \u00e9s s\u0171r\u00edtett leveg\u0151vel form\u00e1zz\u00e1k, hogy hegesztett k\u00f6t\u00e9st hozzanak l\u00e9tre.<br><br><\/li>\n<\/ul>\n<p><strong>Jellemz\u0151k:<br><br><\/strong><\/p>\n<ul>\n<li><strong>Pontos vez\u00e9rl\u00e9s:<\/strong><br>A m\u0171anyagok hegeszt\u00e9s\u00e9hez haszn\u00e1lt s\u0171r\u00edtett leveg\u0151s rendszerek gyakran pontos szab\u00e1lyoz\u00e1st ig\u00e9nyelnek a sz\u00fcks\u00e9ges nyom\u00e1s \u00e9s az optim\u00e1lis leveg\u0151\u00f6sszet\u00e9tel biztos\u00edt\u00e1sa \u00e9rdek\u00e9ben.<\/li>\n<li><strong>Alkalmazkod\u00f3k\u00e9pess\u00e9g:<\/strong><br>A s\u0171r\u00edtett leveg\u0151 forr\u00e1s\u00e1nak alkalmazkodnia kell a k\u00fcl\u00f6nb\u00f6z\u0151 hegeszt\u00e9si technik\u00e1khoz \u00e9s m\u0171anyagokhoz.<\/li>\n<li><strong>Megb\u00edzhat\u00f3s\u00e1g:<\/strong><br>A megb\u00edzhat\u00f3 s\u0171r\u00edtettleveg\u0151-rendszer elengedhetetlen a hegeszt\u00e9si folyamat egyenletes eredm\u00e9nyeinek biztos\u00edt\u00e1s\u00e1hoz.<\/li>\n<li><strong>Biztons\u00e1gi funkci\u00f3k:<\/strong><br>A hegeszt\u00e9si alkalmaz\u00e1s speci\u00e1lis k\u00f6vetelm\u00e9nyeit\u0151l f\u00fcgg\u0151en biztons\u00e1gi funkci\u00f3k, p\u00e9ld\u00e1ul nyom\u00e1sszab\u00e1lyoz\u00f3k \u00e9s biztons\u00e1gi szelepek is felszerelhet\u0151k.<br><br><\/li>\n<\/ul>\n<p>Fontos megjegyezni, hogy a <b>s\u0171r\u00edtett leveg\u0151forr\u00e1s pontos t\u00edpusa \u00e9s funkci\u00f3i nagym\u00e9rt\u00e9kben f\u00fcggnek az adott hegeszt\u00e9si technol\u00f3gi\u00e1t\u00f3l \u00e9s a m\u0171anyaghegeszt\u00e9si folyamat k\u00f6vetelm\u00e9nyeit\u0151l<\/b>.<\/p>\t\t\t\t\t\t\t\t<\/div>\n\t\t\t\t<\/div>\n\t\t\t\t\t<\/div>\n\t\t<\/div>\n\t\t\t\t<div class=\"elementor-column elementor-col-50 elementor-inner-column elementor-element elementor-element-22be94a9\" data-id=\"22be94a9\" data-element_type=\"column\" data-e-type=\"column\">\n\t\t\t<div class=\"elementor-widget-wrap elementor-element-populated\">\n\t\t\t\t\t\t<div class=\"elementor-element elementor-element-393d648 elementor-invisible elementor-widget elementor-widget-image\" data-id=\"393d648\" data-element_type=\"widget\" data-e-type=\"widget\" data-settings=\"{&quot;_animation&quot;:&quot;fadeInDown&quot;}\" data-widget_type=\"image.default\">\n\t\t\t\t<div class=\"elementor-widget-container\">\n\t\t\t\t\t\t\t\t\t\t\t\t<figure class=\"wp-caption\">\n\t\t\t\t\t\t\t\t\t\t<img loading=\"lazy\" decoding=\"async\" width=\"300\" height=\"172\" src=\"https:\/\/www.akuplastics.com\/wp-content\/uploads\/2024\/05\/APX-Handgeblaese-300x172.webp\" class=\"attachment-medium size-medium wp-image-22856\" alt=\"Handgebl\u00e4se f\u00fcr Warmgasschweissger\u00e4te\" srcset=\"https:\/\/www.akuplastics.com\/wp-content\/uploads\/2024\/05\/APX-Handgeblaese-300x172.webp 300w, https:\/\/www.akuplastics.com\/wp-content\/uploads\/2024\/05\/APX-Handgeblaese.webp 600w\" sizes=\"auto, (max-width: 300px) 100vw, 300px\" \/>\t\t\t\t\t\t\t\t\t\t\t<figcaption class=\"widget-image-caption wp-caption-text\">K\u00e9zi f\u00fav\u00f3ka forr\u00f3 g\u00e1zhegeszt\u0151kh\u00f6z<\/figcaption>\n\t\t\t\t\t\t\t\t\t\t<\/figure>\n\t\t\t\t\t\t\t\t\t<\/div>\n\t\t\t\t<\/div>\n\t\t\t\t\t<\/div>\n\t\t<\/div>\n\t\t\t\t\t<\/div>\n\t\t<\/section>\n\t\t\t\t\t<\/div>\n\t\t<\/div>\n\t\t\t\t\t<\/div>\n\t\t<\/section>\n\t\t\t\t<\/div>\n\t\t","protected":false},"excerpt":{"rendered":"<p>K\u00e9zi f\u00fav\u00f3ka forr\u00f3 g\u00e1zhegeszt\u0151kh\u00f6z Term\u00e9k\u00fcnket kifejezetten a k\u00f6vetkez\u0151kh\u00f6z tervezt\u00fck Forr\u00f3 g\u00e1zhegeszt\u0151 200 \u00e9s m\u00e1sokhoz, sz\u00e9les k\u00f6r\u0171 alkalmaz\u00e1st k\u00edn\u00e1lva a k\u00fcl\u00f6nb\u00f6z\u0151 ipar\u00e1gakban. \u00cdme n\u00e9h\u00e1ny p\u00e9lda arra, hogyan lehet ezt a term\u00e9ket haszn\u00e1lni: Padl\u00f3feldolgoz\u00e1s Tet\u0151f\u00f3lia hegeszt\u00e9s Aut\u00f3ponyva \u00e9s napellenz\u0151 gy\u00e1rt\u00e1sa Kont\u00e9ner\u00e9p\u00edt\u00e9s \u00e9s m\u0171anyag hegeszt\u00e9s \u00c9p\u00edt\u0151ipar Szabadid\u0151ipar Aut\u00f3gy\u00e1rt\u00f3 Term\u00e9k\u00fcnk nemcsak a lehets\u00e9ges alkalmaz\u00e1sok sz\u00e9les k\u00f6r\u00e9t k\u00edn\u00e1lja, hanem nagy [&hellip;]<\/p>\n","protected":false},"author":3,"featured_media":22856,"parent":9403,"menu_order":0,"comment_status":"closed","ping_status":"closed","template":"elementor_header_footer","meta":{"iawp_total_views":4,"footnotes":""},"class_list":["post-22870","page","type-page","status-publish","has-post-thumbnail","hentry"],"yoast_head":"<!-- This site is optimized with the Yoast SEO Premium plugin v27.4 (Yoast SEO v27.5) - https:\/\/yoast.com\/product\/yoast-seo-premium-wordpress\/ -->\n<title>K\u00fcls\u0151 hordozhat\u00f3 l\u00e9gkompresszorok Hegeszt\u0151leveg\u0151 DVS k\u00e9zi f\u00fav\u00f3k Forr\u00f3g\u00e1zos hegeszt\u0151g\u00e9pek<\/title>\n<meta name=\"description\" content=\"Sokoldal\u00fa alkalmaz\u00e1si lehet\u0151s\u00e9gek pl. a Hot Gas Welder 200 k\u00e9sz\u00fcl\u00e9kkel Term\u00e9k\u00fcnket kifejezetten a Hot Gas Welder 200 \u00e9s m\u00e1s k\u00e9sz\u00fcl\u00e9kekkel val\u00f3 haszn\u00e1latra tervezt\u00fck, \u00edgy sz\u00e9les k\u00f6r\u0171 alkalmaz\u00e1si lehet\u0151s\u00e9geket k\u00edn\u00e1l a k\u00fcl\u00f6nb\u00f6z\u0151 ipar\u00e1gakban, \u00edme n\u00e9h\u00e1ny p\u00e9lda a term\u00e9k felhaszn\u00e1l\u00e1s\u00e1ra: Padl\u00f3feldolgoz\u00e1s Tet\u0151f\u00f3lia hegeszt\u00e9s Aut\u00f3ponyva \u00e9s napellenz\u0151 gy\u00e1rt\u00e1sa Kont\u00e9ner\u00e9p\u00edt\u00e9s \u00e9s m\u0171anyag hegeszt\u00e9s \u00c9p\u00edt\u0151ipar Szabadid\u0151ipar Aut\u00f3gy\u00e1rt\u00f3k Aut\u00f3ipar\" \/>\n<meta name=\"robots\" content=\"index, follow, max-snippet:-1, max-image-preview:large, max-video-preview:-1\" \/>\n<link rel=\"canonical\" href=\"https:\/\/www.akuplastics.com\/hu\/gepek-es-eszkoezoek\/kezi-fuvok-forro-gazhegesztok\/\" \/>\n<script type=\"application\/ld+json\" class=\"yoast-schema-graph\">{\"@context\":\"https:\\\/\\\/schema.org\",\"@graph\":[{\"@type\":\"WebPage\",\"@id\":\"https:\\\/\\\/www.akuplastics.com\\\/hu\\\/gepek-es-eszkoezoek\\\/kezi-fuvok-forro-gazhegesztok\\\/\",\"url\":\"https:\\\/\\\/www.akuplastics.com\\\/hu\\\/gepek-es-eszkoezoek\\\/kezi-fuvok-forro-gazhegesztok\\\/\",\"name\":\"K\u00fcls\u0151 hordozhat\u00f3 l\u00e9gkompresszorok Hegeszt\u0151leveg\u0151 DVS k\u00e9zi f\u00fav\u00f3k Forr\u00f3g\u00e1zos hegeszt\u0151g\u00e9pek\",\"isPartOf\":{\"@id\":\"https:\\\/\\\/www.akuplastics.com\\\/hu\\\/#website\"},\"primaryImageOfPage\":{\"@id\":\"https:\\\/\\\/www.akuplastics.com\\\/hu\\\/gepek-es-eszkoezoek\\\/kezi-fuvok-forro-gazhegesztok\\\/#primaryimage\"},\"image\":{\"@id\":\"https:\\\/\\\/www.akuplastics.com\\\/hu\\\/gepek-es-eszkoezoek\\\/kezi-fuvok-forro-gazhegesztok\\\/#primaryimage\"},\"thumbnailUrl\":\"https:\\\/\\\/www.akuplastics.com\\\/wp-content\\\/uploads\\\/2024\\\/05\\\/APX-Handgeblaese.webp\",\"datePublished\":\"2024-05-06T14:32:00+00:00\",\"dateModified\":\"2024-05-21T10:46:00+00:00\",\"description\":\"Sokoldal\u00fa alkalmaz\u00e1si lehet\u0151s\u00e9gek pl. a Hot Gas Welder 200 k\u00e9sz\u00fcl\u00e9kkel Term\u00e9k\u00fcnket kifejezetten a Hot Gas Welder 200 \u00e9s m\u00e1s k\u00e9sz\u00fcl\u00e9kekkel val\u00f3 haszn\u00e1latra tervezt\u00fck, \u00edgy sz\u00e9les k\u00f6r\u0171 alkalmaz\u00e1si lehet\u0151s\u00e9geket k\u00edn\u00e1l a k\u00fcl\u00f6nb\u00f6z\u0151 ipar\u00e1gakban, \u00edme n\u00e9h\u00e1ny p\u00e9lda a term\u00e9k felhaszn\u00e1l\u00e1s\u00e1ra: Padl\u00f3feldolgoz\u00e1s Tet\u0151f\u00f3lia hegeszt\u00e9s Aut\u00f3ponyva \u00e9s napellenz\u0151 gy\u00e1rt\u00e1sa Kont\u00e9ner\u00e9p\u00edt\u00e9s \u00e9s m\u0171anyag hegeszt\u00e9s \u00c9p\u00edt\u0151ipar Szabadid\u0151ipar Aut\u00f3gy\u00e1rt\u00f3k Aut\u00f3ipar\",\"breadcrumb\":{\"@id\":\"https:\\\/\\\/www.akuplastics.com\\\/hu\\\/gepek-es-eszkoezoek\\\/kezi-fuvok-forro-gazhegesztok\\\/#breadcrumb\"},\"inLanguage\":\"hu\",\"potentialAction\":[{\"@type\":\"ReadAction\",\"target\":[\"https:\\\/\\\/www.akuplastics.com\\\/hu\\\/gepek-es-eszkoezoek\\\/kezi-fuvok-forro-gazhegesztok\\\/\"]}]},{\"@type\":\"ImageObject\",\"inLanguage\":\"hu\",\"@id\":\"https:\\\/\\\/www.akuplastics.com\\\/hu\\\/gepek-es-eszkoezoek\\\/kezi-fuvok-forro-gazhegesztok\\\/#primaryimage\",\"url\":\"https:\\\/\\\/www.akuplastics.com\\\/wp-content\\\/uploads\\\/2024\\\/05\\\/APX-Handgeblaese.webp\",\"contentUrl\":\"https:\\\/\\\/www.akuplastics.com\\\/wp-content\\\/uploads\\\/2024\\\/05\\\/APX-Handgeblaese.webp\",\"width\":600,\"height\":344,\"caption\":\"Handgebl\u00e4se f\u00fcr Warmgasschweissger\u00e4te\"},{\"@type\":\"BreadcrumbList\",\"@id\":\"https:\\\/\\\/www.akuplastics.com\\\/hu\\\/gepek-es-eszkoezoek\\\/kezi-fuvok-forro-gazhegesztok\\\/#breadcrumb\",\"itemListElement\":[{\"@type\":\"ListItem\",\"position\":1,\"name\":\"Kezd\u0151lap\",\"item\":\"https:\\\/\\\/www.akuplastics.com\\\/hu\\\/\"},{\"@type\":\"ListItem\",\"position\":2,\"name\":\"G\u00e9pek \u00e9s eszk\u00f6z\u00f6k\",\"item\":\"https:\\\/\\\/www.akuplastics.com\\\/hu\\\/gepek-es-eszkoezoek\\\/\"},{\"@type\":\"ListItem\",\"position\":3,\"name\":\"K\u00e9zi f\u00fav\u00f3k Forr\u00f3 g\u00e1zhegeszt\u0151k\"}]},{\"@type\":\"WebSite\",\"@id\":\"https:\\\/\\\/www.akuplastics.com\\\/hu\\\/#website\",\"url\":\"https:\\\/\\\/www.akuplastics.com\\\/hu\\\/\",\"name\":\"Semi-Finished Products \u2013 Finished Parts \u2013 Ventilation Moulded Parts \u2013 Machines\",\"description\":\"Halbzeuge, Halbfabrikate, Kunststoffhalbzeuge, Kunststoffhalbfabrikate\",\"publisher\":{\"@id\":\"https:\\\/\\\/www.akuplastics.com\\\/hu\\\/#organization\"},\"alternateName\":\"AKUPLASTICS \u2013 Engineering in Plastics\",\"potentialAction\":[{\"@type\":\"SearchAction\",\"target\":{\"@type\":\"EntryPoint\",\"urlTemplate\":\"https:\\\/\\\/www.akuplastics.com\\\/hu\\\/?s={search_term_string}\"},\"query-input\":{\"@type\":\"PropertyValueSpecification\",\"valueRequired\":true,\"valueName\":\"search_term_string\"}}],\"inLanguage\":\"hu\"},{\"@type\":\"Organization\",\"@id\":\"https:\\\/\\\/www.akuplastics.com\\\/hu\\\/#organization\",\"name\":\"Ing. Christian Ahlborn e.U.\",\"alternateName\":\"AKU\",\"url\":\"https:\\\/\\\/www.akuplastics.com\\\/hu\\\/\",\"logo\":{\"@type\":\"ImageObject\",\"inLanguage\":\"hu\",\"@id\":\"https:\\\/\\\/www.akuplastics.com\\\/hu\\\/#\\\/schema\\\/logo\\\/image\\\/\",\"url\":\"https:\\\/\\\/www.akuplastics.com\\\/wp-content\\\/uploads\\\/2020\\\/07\\\/Grafik14-inkl-r.png\",\"contentUrl\":\"https:\\\/\\\/www.akuplastics.com\\\/wp-content\\\/uploads\\\/2020\\\/07\\\/Grafik14-inkl-r.png\",\"width\":1994,\"height\":743,\"caption\":\"Ing. Christian Ahlborn e.U.\"},\"image\":{\"@id\":\"https:\\\/\\\/www.akuplastics.com\\\/hu\\\/#\\\/schema\\\/logo\\\/image\\\/\"}}]}<\/script>\n<!-- \/ Yoast SEO Premium plugin. -->","yoast_head_json":{"title":"K\u00fcls\u0151 hordozhat\u00f3 l\u00e9gkompresszorok Hegeszt\u0151leveg\u0151 DVS k\u00e9zi f\u00fav\u00f3k Forr\u00f3g\u00e1zos hegeszt\u0151g\u00e9pek","description":"Sokoldal\u00fa alkalmaz\u00e1si lehet\u0151s\u00e9gek pl. a Hot Gas Welder 200 k\u00e9sz\u00fcl\u00e9kkel Term\u00e9k\u00fcnket kifejezetten a Hot Gas Welder 200 \u00e9s m\u00e1s k\u00e9sz\u00fcl\u00e9kekkel val\u00f3 haszn\u00e1latra tervezt\u00fck, \u00edgy sz\u00e9les k\u00f6r\u0171 alkalmaz\u00e1si lehet\u0151s\u00e9geket k\u00edn\u00e1l a k\u00fcl\u00f6nb\u00f6z\u0151 ipar\u00e1gakban, \u00edme n\u00e9h\u00e1ny p\u00e9lda a term\u00e9k felhaszn\u00e1l\u00e1s\u00e1ra: Padl\u00f3feldolgoz\u00e1s Tet\u0151f\u00f3lia hegeszt\u00e9s Aut\u00f3ponyva \u00e9s napellenz\u0151 gy\u00e1rt\u00e1sa Kont\u00e9ner\u00e9p\u00edt\u00e9s \u00e9s m\u0171anyag hegeszt\u00e9s \u00c9p\u00edt\u0151ipar Szabadid\u0151ipar Aut\u00f3gy\u00e1rt\u00f3k Aut\u00f3ipar","robots":{"index":"index","follow":"follow","max-snippet":"max-snippet:-1","max-image-preview":"max-image-preview:large","max-video-preview":"max-video-preview:-1"},"canonical":"https:\/\/www.akuplastics.com\/hu\/gepek-es-eszkoezoek\/kezi-fuvok-forro-gazhegesztok\/","schema":{"@context":"https:\/\/schema.org","@graph":[{"@type":"WebPage","@id":"https:\/\/www.akuplastics.com\/hu\/gepek-es-eszkoezoek\/kezi-fuvok-forro-gazhegesztok\/","url":"https:\/\/www.akuplastics.com\/hu\/gepek-es-eszkoezoek\/kezi-fuvok-forro-gazhegesztok\/","name":"K\u00fcls\u0151 hordozhat\u00f3 l\u00e9gkompresszorok Hegeszt\u0151leveg\u0151 DVS k\u00e9zi f\u00fav\u00f3k Forr\u00f3g\u00e1zos hegeszt\u0151g\u00e9pek","isPartOf":{"@id":"https:\/\/www.akuplastics.com\/hu\/#website"},"primaryImageOfPage":{"@id":"https:\/\/www.akuplastics.com\/hu\/gepek-es-eszkoezoek\/kezi-fuvok-forro-gazhegesztok\/#primaryimage"},"image":{"@id":"https:\/\/www.akuplastics.com\/hu\/gepek-es-eszkoezoek\/kezi-fuvok-forro-gazhegesztok\/#primaryimage"},"thumbnailUrl":"https:\/\/www.akuplastics.com\/wp-content\/uploads\/2024\/05\/APX-Handgeblaese.webp","datePublished":"2024-05-06T14:32:00+00:00","dateModified":"2024-05-21T10:46:00+00:00","description":"Sokoldal\u00fa alkalmaz\u00e1si lehet\u0151s\u00e9gek pl. a Hot Gas Welder 200 k\u00e9sz\u00fcl\u00e9kkel Term\u00e9k\u00fcnket kifejezetten a Hot Gas Welder 200 \u00e9s m\u00e1s k\u00e9sz\u00fcl\u00e9kekkel val\u00f3 haszn\u00e1latra tervezt\u00fck, \u00edgy sz\u00e9les k\u00f6r\u0171 alkalmaz\u00e1si lehet\u0151s\u00e9geket k\u00edn\u00e1l a k\u00fcl\u00f6nb\u00f6z\u0151 ipar\u00e1gakban, \u00edme n\u00e9h\u00e1ny p\u00e9lda a term\u00e9k felhaszn\u00e1l\u00e1s\u00e1ra: Padl\u00f3feldolgoz\u00e1s Tet\u0151f\u00f3lia hegeszt\u00e9s Aut\u00f3ponyva \u00e9s napellenz\u0151 gy\u00e1rt\u00e1sa Kont\u00e9ner\u00e9p\u00edt\u00e9s \u00e9s m\u0171anyag hegeszt\u00e9s \u00c9p\u00edt\u0151ipar Szabadid\u0151ipar Aut\u00f3gy\u00e1rt\u00f3k Aut\u00f3ipar","breadcrumb":{"@id":"https:\/\/www.akuplastics.com\/hu\/gepek-es-eszkoezoek\/kezi-fuvok-forro-gazhegesztok\/#breadcrumb"},"inLanguage":"hu","potentialAction":[{"@type":"ReadAction","target":["https:\/\/www.akuplastics.com\/hu\/gepek-es-eszkoezoek\/kezi-fuvok-forro-gazhegesztok\/"]}]},{"@type":"ImageObject","inLanguage":"hu","@id":"https:\/\/www.akuplastics.com\/hu\/gepek-es-eszkoezoek\/kezi-fuvok-forro-gazhegesztok\/#primaryimage","url":"https:\/\/www.akuplastics.com\/wp-content\/uploads\/2024\/05\/APX-Handgeblaese.webp","contentUrl":"https:\/\/www.akuplastics.com\/wp-content\/uploads\/2024\/05\/APX-Handgeblaese.webp","width":600,"height":344,"caption":"Handgebl\u00e4se f\u00fcr Warmgasschweissger\u00e4te"},{"@type":"BreadcrumbList","@id":"https:\/\/www.akuplastics.com\/hu\/gepek-es-eszkoezoek\/kezi-fuvok-forro-gazhegesztok\/#breadcrumb","itemListElement":[{"@type":"ListItem","position":1,"name":"Kezd\u0151lap","item":"https:\/\/www.akuplastics.com\/hu\/"},{"@type":"ListItem","position":2,"name":"G\u00e9pek \u00e9s eszk\u00f6z\u00f6k","item":"https:\/\/www.akuplastics.com\/hu\/gepek-es-eszkoezoek\/"},{"@type":"ListItem","position":3,"name":"K\u00e9zi f\u00fav\u00f3k Forr\u00f3 g\u00e1zhegeszt\u0151k"}]},{"@type":"WebSite","@id":"https:\/\/www.akuplastics.com\/hu\/#website","url":"https:\/\/www.akuplastics.com\/hu\/","name":"Semi-Finished Products \u2013 Finished Parts \u2013 Ventilation Moulded Parts \u2013 Machines","description":"Halbzeuge, Halbfabrikate, Kunststoffhalbzeuge, Kunststoffhalbfabrikate","publisher":{"@id":"https:\/\/www.akuplastics.com\/hu\/#organization"},"alternateName":"AKUPLASTICS \u2013 Engineering in Plastics","potentialAction":[{"@type":"SearchAction","target":{"@type":"EntryPoint","urlTemplate":"https:\/\/www.akuplastics.com\/hu\/?s={search_term_string}"},"query-input":{"@type":"PropertyValueSpecification","valueRequired":true,"valueName":"search_term_string"}}],"inLanguage":"hu"},{"@type":"Organization","@id":"https:\/\/www.akuplastics.com\/hu\/#organization","name":"Ing. Christian Ahlborn e.U.","alternateName":"AKU","url":"https:\/\/www.akuplastics.com\/hu\/","logo":{"@type":"ImageObject","inLanguage":"hu","@id":"https:\/\/www.akuplastics.com\/hu\/#\/schema\/logo\/image\/","url":"https:\/\/www.akuplastics.com\/wp-content\/uploads\/2020\/07\/Grafik14-inkl-r.png","contentUrl":"https:\/\/www.akuplastics.com\/wp-content\/uploads\/2020\/07\/Grafik14-inkl-r.png","width":1994,"height":743,"caption":"Ing. Christian Ahlborn e.U."},"image":{"@id":"https:\/\/www.akuplastics.com\/hu\/#\/schema\/logo\/image\/"}}]}},"_links":{"self":[{"href":"https:\/\/www.akuplastics.com\/hu\/wp-json\/wp\/v2\/pages\/22870","targetHints":{"allow":["GET"]}}],"collection":[{"href":"https:\/\/www.akuplastics.com\/hu\/wp-json\/wp\/v2\/pages"}],"about":[{"href":"https:\/\/www.akuplastics.com\/hu\/wp-json\/wp\/v2\/types\/page"}],"author":[{"embeddable":true,"href":"https:\/\/www.akuplastics.com\/hu\/wp-json\/wp\/v2\/users\/3"}],"replies":[{"embeddable":true,"href":"https:\/\/www.akuplastics.com\/hu\/wp-json\/wp\/v2\/comments?post=22870"}],"version-history":[{"count":8,"href":"https:\/\/www.akuplastics.com\/hu\/wp-json\/wp\/v2\/pages\/22870\/revisions"}],"predecessor-version":[{"id":22927,"href":"https:\/\/www.akuplastics.com\/hu\/wp-json\/wp\/v2\/pages\/22870\/revisions\/22927"}],"up":[{"embeddable":true,"href":"https:\/\/www.akuplastics.com\/hu\/wp-json\/wp\/v2\/pages\/9403"}],"wp:featuredmedia":[{"embeddable":true,"href":"https:\/\/www.akuplastics.com\/hu\/wp-json\/wp\/v2\/media\/22856"}],"wp:attachment":[{"href":"https:\/\/www.akuplastics.com\/hu\/wp-json\/wp\/v2\/media?parent=22870"}],"curies":[{"name":"wp","href":"https:\/\/api.w.org\/{rel}","templated":true}]}}