{"id":21637,"date":"2024-04-15T09:42:25","date_gmt":"2024-04-15T07:42:25","guid":{"rendered":"https:\/\/www.akuplastics.com\/automatikus-panelhajlitok\/"},"modified":"2024-04-16T13:54:41","modified_gmt":"2024-04-16T11:54:41","slug":"automatikus-panelhajlitok","status":"publish","type":"page","link":"https:\/\/www.akuplastics.com\/hu\/automatikus-panelhajlitok\/","title":{"rendered":"Automatikus panelhajl\u00edt\u00f3k"},"content":{"rendered":"\t\t<div data-elementor-type=\"wp-page\" data-elementor-id=\"21637\" class=\"elementor elementor-21637 elementor-21607\" data-elementor-post-type=\"page\">\n\t\t\t\t\t\t<section class=\"elementor-section elementor-top-section elementor-element elementor-element-7a93e034 elementor-section-full_width elementor-section-height-default elementor-section-height-default\" data-id=\"7a93e034\" data-element_type=\"section\" data-e-type=\"section\" data-settings=\"{&quot;background_background&quot;:&quot;classic&quot;}\">\n\t\t\t\t\t\t<div class=\"elementor-container elementor-column-gap-default\">\n\t\t\t\t\t<div class=\"elementor-column elementor-col-100 elementor-top-column elementor-element elementor-element-776fe7de\" data-id=\"776fe7de\" data-element_type=\"column\" data-e-type=\"column\" data-settings=\"{&quot;animation&quot;:&quot;none&quot;}\">\n\t\t\t<div class=\"elementor-widget-wrap elementor-element-populated\">\n\t\t\t\t\t\t<section class=\"elementor-section elementor-inner-section elementor-element elementor-element-2567fef5 elementor-section-boxed elementor-section-height-default elementor-section-height-default\" data-id=\"2567fef5\" data-element_type=\"section\" data-e-type=\"section\">\n\t\t\t\t\t\t<div class=\"elementor-container elementor-column-gap-default\">\n\t\t\t\t\t<div class=\"elementor-column elementor-col-50 elementor-inner-column elementor-element elementor-element-2dddcdf5\" data-id=\"2dddcdf5\" data-element_type=\"column\" data-e-type=\"column\" data-settings=\"{&quot;animation&quot;:&quot;none&quot;}\">\n\t\t\t<div class=\"elementor-widget-wrap elementor-element-populated\">\n\t\t\t\t\t\t<div class=\"elementor-element elementor-element-67491f2 elementor-widget elementor-widget-text-editor\" data-id=\"67491f2\" data-element_type=\"widget\" data-e-type=\"widget\" data-widget_type=\"text-editor.default\">\n\t\t\t\t<div class=\"elementor-widget-container\">\n\t\t\t\t\t\t\t\t\t<h1>Teljesen automatikus lemezhajl\u00edt\u00f3 g\u00e9pek PLC vez\u00e9rl\u00e9ssel \u00e9s adatb\u00e1zissal (PE\/PP\/PVC-U\/PVDF)<br \/><b><br \/><\/b><\/h1>\n<h5><b>A-BA modell<\/b><\/h5>\n<\/p>\n<p><span style=\"color: var( --e-global-color-text ); font-family: var( --e-global-typography-text-font-family ), arial; font-size: var( --e-global-typography-text-font-size ); font-weight: var( --e-global-typography-text-font-weight ); background-color: rgba(122, 122, 122, 0); letter-spacing: 0px;\">Az A-BA sorozat\u00fa panelhajl\u00edt\u00f3 modell, a k\u00f6vetkez\u0151k <\/span><b style=\"color: var( --e-global-color-text ); font-family: var( --e-global-typography-text-font-family ), arial; font-size: var( --e-global-typography-text-font-size ); background-color: rgba(122, 122, 122, 0); letter-spacing: 0px;\">robusztus, minden ig\u00e9nyt kiel\u00e9g\u00edt\u0151 g\u00e9pek<\/b><span style=\"color: var( --e-global-color-text ); font-family: var( --e-global-typography-text-font-family ), arial; font-size: var( --e-global-typography-text-font-size ); font-weight: var( --e-global-typography-text-font-weight ); background-color: rgba(122, 122, 122, 0); letter-spacing: 0px;\"> a <\/span><b style=\"color: var( --e-global-color-text ); font-family: var( --e-global-typography-text-font-family ), arial; font-size: var( --e-global-typography-text-font-size ); background-color: rgba(122, 122, 122, 0); letter-spacing: 0px;\">rugalmas alkalmaz\u00e1si ter\u00fclet<\/b><span style=\"color: var( --e-global-color-text ); font-family: var( --e-global-typography-text-font-family ), arial; font-size: var( --e-global-typography-text-font-size ); font-weight: var( --e-global-typography-text-font-weight ); background-color: rgba(122, 122, 122, 0); letter-spacing: 0px;\">de ide\u00e1lisak a <\/span><b style=\"color: var( --e-global-color-text ); font-family: var( --e-global-typography-text-font-family ), arial; font-size: var( --e-global-typography-text-font-size ); background-color: rgba(122, 122, 122, 0); letter-spacing: 0px;\">szell\u0151z\u0151csatorn\u00e1k gy\u00e1rt\u00e1s\u00e1ra<\/b><span style=\"color: var( --e-global-color-text ); font-family: var( --e-global-typography-text-font-family ), arial; font-size: var( --e-global-typography-text-font-size ); font-weight: var( --e-global-typography-text-font-weight ); background-color: rgba(122, 122, 122, 0); letter-spacing: 0px;\">.<\/span><\/p>\n<p><b>A hajl\u00edt\u00e1si ciklus teljesen automatikusan<\/b> fut, a <b>hajl\u00edt\u00e1si param\u00e9terek be\u00e1ll\u00edt\u00e1sa a kijelz\u0151n kereszt\u00fcl t\u00f6rt\u00e9nik<\/b> (ciklusid\u0151 el\u0151v\u00e1laszt\u00e1s az adatb\u00e1zisb\u00f3l PE \/ PP \/ PVC-U \/ PVDF eset\u00e9n).<\/p>\n<p>Az A-BA modell <b>PLC-vez\u00e9rl\u00e9s\u0171 poz\u00edci\u00f3hajt\u00e1ssal rendelkezik.<\/b><\/p>\n<p>Ez mag\u00e1ban foglalja egy munkadarab <b>ak\u00e1r 6 hajl\u00edt\u00e1s automatikus sorozat\u00e1t<\/b>.  <br \/>A l\u00e1bhossz\u00fas\u00e1gok digit\u00e1lisan, a kijelz\u0151n kereszt\u00fcl ker\u00fclnek bevitelre.<\/p>\n<p>Ez a <b>g\u00e9p a k\u00f6vetkez\u0151 v\u00e1ltozatokban kaphat\u00f3<\/b>: 2m \u00e9s 3m.<br \/>A maxim\u00e1lisan feldolgozhat\u00f3 anyagvastags\u00e1g 25 mm.<\/p>\n<\/p>\n<p>A k\u00f6vetkez\u0151 modellek \u00e1llnak rendelkez\u00e9sre:<\/p>\n<\/p>\n<table>\n<tbody>\n<tr>\n<td width=\"201\"><strong>Modell<\/strong><\/td>\n<td width=\"201\"><strong>Munkasz\u00e9less\u00e9g<\/strong><\/td>\n<td width=\"201\"><strong>Anyagvastags\u00e1g<\/strong><\/td>\n<\/tr>\n<tr>\n<td width=\"201\">20.15 A-BA<\/td>\n<td width=\"201\">2,000 mm<\/td>\n<td width=\"201\">15 mm<\/td>\n<\/tr>\n<tr>\n<td width=\"201\">30.15 A-BA<\/td>\n<td width=\"201\">3,000 mm<\/td>\n<td width=\"201\">15 mm<\/td>\n<\/tr>\n<\/tbody>\n<\/table>\n<p><strong>Kieg\u00e9sz\u00edt\u0151 berendez\u00e9sek<\/strong><\/p>\n<ul>\n<li>Tov\u00e1bbi 5 mm vastags\u00e1ggal val\u00f3 b\u0151v\u00edt\u00e9s a panelvastags\u00e1gokhoz<\/li>\n<li>Kieg\u00e9sz\u00edt\u0151 befog\u00e1si ter\u00fclet, t\u00f6bb munkadarab befog\u00e1s\u00e1hoz<\/li>\n<li>Tart\u00f3szerkezet (megakad\u00e1lyozza a hossz\u00fa munkadarabok t\u00falhajl\u00edt\u00e1s\u00e1t)<\/li>\n<li>L\u00e1bkapcsol\u00f3 a fesz\u00edt\u00e9shez<\/li>\n<li>Hangjelz\u00e9s a hajl\u00edt\u00e1si ciklus v\u00e9g\u00e9n<\/li>\n<li>K\u00fcl\u00f6nleges energiaell\u00e1t\u00e1s k\u00e9r\u00e9sre<\/li>\n<li>K\u00fcl\u00f6nleges fest\u00e9s<\/li>\n<\/ul>\n\t\t\t\t\t\t\t\t<\/div>\n\t\t\t\t<\/div>\n\t\t\t\t<div class=\"elementor-element elementor-element-9c84b9a elementor-widget__width-initial elementor-widget elementor-widget-text-editor\" data-id=\"9c84b9a\" data-element_type=\"widget\" data-e-type=\"widget\" data-widget_type=\"text-editor.default\">\n\t\t\t\t<div class=\"elementor-widget-container\">\n\t\t\t\t\t\t\t\t\t<h5><strong>\u00c1ltal\u00e1nos inform\u00e1ci\u00f3k a&nbsp;panelhajl\u00edt\u00f3r\u00f3l<br><br><\/strong><\/h5>\n<p>A lemezhajl\u00edt\u00f3 g\u00e9p, m\u00e1s n\u00e9ven pr\u00e9sf\u00e9k vagy hajtogat\u00f3g\u00e9p, m\u0171anyag hajl\u00edt\u00e1s\u00e1ra haszn\u00e1lt szersz\u00e1mg\u00e9p.<br><strong><br><\/strong><\/p>\n<p><strong>Funkcionalit\u00e1s:<br><\/strong> <br>A lemezhajl\u00edt\u00f3t s\u00edk lapok vagy lemezek meghat\u00e1rozott form\u00e1ra hajl\u00edt\u00e1s\u00e1ra tervezt\u00e9k.  <br>\u00c1ltal\u00e1ban egy fix fels\u0151 \u00e9s egy mozgathat\u00f3 als\u00f3 pof\u00e1b\u00f3l \u00e1ll.  <br>A hajl\u00edtand\u00f3 anyagot e k\u00e9t orc\u00e1ja k\u00f6z\u00e9 helyezz\u00fck.  <br>A fels\u0151 orc\u00e1t leengedve a m\u0171anyag az als\u00f3 orc\u00e1hoz nyom\u00f3dik, \u00e9s k\u00f6zben meghajlik.<br><br><\/p>\n<p><strong>A panelhajl\u00edt\u00f3 jellemz\u0151i:<br><br><\/strong><\/p>\n<ul>\n<li>\n<p><strong>Hajl\u00edt\u00f3er\u0151:<\/strong> <br>A lemezhajl\u00edt\u00f3 g\u00e9pek k\u00fcl\u00f6nb\u00f6z\u0151 m\u00e9retekben \u00e9s k\u00fcl\u00f6nb\u00f6z\u0151 hajl\u00edt\u00f3er\u0151kkel \u00e1llnak rendelkez\u00e9sre, hogy megfeleljenek a k\u00fcl\u00f6nb\u00f6z\u0151 vastags\u00e1gok \u00e9s anyagok k\u00f6vetelm\u00e9nyeinek.<\/p>\n<\/li>\n<li>\n<p><strong>Arc hossza:<\/strong> <br>Az orc\u00e1k hossza hat\u00e1rozza meg a hajl\u00edtand\u00f3 anyag maxim\u00e1lis hossz\u00e1t. L\u00e9teznek r\u00f6vid orr\u00fa g\u00e9pek a kisebb munk\u00e1khoz \u00e9s hosszabb orr\u00fa g\u00e9pek a nagyobb m\u00e9retekhez.<\/p>\n<\/li>\n<li>\n<p><strong>CNC-vez\u00e9rl\u00e9s:<\/strong> <br>A legmodernebb panelhajl\u00edt\u00f3k gyakran CNC-vez\u00e9rl\u00e9ssel vannak felszerelve, amelyek prec\u00edz hajl\u00edt\u00e1si folyamatokat tesznek lehet\u0151v\u00e9, \u00e9s nagy pontoss\u00e1ggal k\u00e9pesek \u00f6sszetett form\u00e1k el\u0151\u00e1ll\u00edt\u00e1s\u00e1ra.<\/p>\n<\/li>\n<li>\n<p><strong>Pen\u00e9szcsere:<\/strong> <br>A panelhajl\u00edt\u00f3k k\u00fcl\u00f6nb\u00f6z\u0151 hajl\u00edt\u00f3szersz\u00e1mokkal szerelhet\u0151k fel a k\u00fcl\u00f6nb\u00f6z\u0151 hajl\u00edt\u00e1si profilok \u00e9s sugarak el\u0151\u00e1ll\u00edt\u00e1s\u00e1hoz. A gyors szersz\u00e1mcsere lehet\u0151v\u00e9 teszi a rugalmas alkalmazkod\u00e1st a k\u00fcl\u00f6nb\u00f6z\u0151 k\u00f6vetelm\u00e9nyekhez.<\/p>\n<\/li>\n<li>\n<p><strong>H\u00e1ts\u00f3 m\u00e9r\u0151m\u0171szer:<\/strong> <br>A h\u00e1ts\u00f3 m\u00e9r\u0151m\u0171szer egy \u00e1ll\u00edthat\u00f3 elem, amely meghat\u00e1rozza a hajl\u00edtand\u00f3 anyag helyzet\u00e9t. Pontos \u00e9s megism\u00e9telhet\u0151 hajl\u00edt\u00e1si folyamatokat tesz lehet\u0151v\u00e9.<br><br><\/p>\n<\/li>\n<\/ul>\n<p><strong>Alkalmaz\u00e1sok:<br><br><\/strong><\/p>\n<p>A lemezhajl\u00edt\u00f3 g\u00e9peket k\u00fcl\u00f6nb\u00f6z\u0151 ipar\u00e1gakban \u00e9s alkalmaz\u00e1sokban haszn\u00e1lj\u00e1k, t\u00f6bbek k\u00f6z\u00f6tt a k\u00f6vetkez\u0151kben<br><br><\/p>\n<ul>\n<li>\n<p><strong>F\u00e9mfeldolgoz\u00e1s:<\/strong> <br>Alkatr\u00e9szek, h\u00e1zak, csatorn\u00e1k \u00e9s egy\u00e9b alkatr\u00e9szek gy\u00e1rt\u00e1s\u00e1hoz.<\/p>\n<\/li>\n<li>\n<p><strong>\u00c9p\u00edt\u00e9s:<\/strong> <br>\u00c9p\u00edt\u0151ipari \u00e9p\u00edt\u0151elemek, p\u00e9ld\u00e1ul tet\u0151burkolatok \u00e9s homlokzatok gy\u00e1rt\u00e1s\u00e1hoz.<\/p>\n<\/li>\n<li>\n<p><strong>Aut\u00f3ipar:<\/strong> <br>Karossz\u00e9riaelemek, burkolatok \u00e9s egy\u00e9b alkatr\u00e9szek gy\u00e1rt\u00e1s\u00e1hoz az aut\u00f3iparban.<\/p>\n<\/li>\n<li>\n<p><strong>Elektronikai ipar:<br><\/strong>&nbsp; Elektronikai eszk\u00f6z\u00f6k h\u00e1zainak, burkolatainak \u00e9s alkatr\u00e9szeinek gy\u00e1rt\u00e1s\u00e1hoz.<\/p>\n<\/li>\n<li>\n<p><strong>l\u00e9gik\u00f6zleked\u00e9si ipar:<\/strong> <br>Rep\u00fcl\u0151g\u00e9pek \u00e9s \u0171rhaj\u00f3k alkatr\u00e9szeinek gy\u00e1rt\u00e1sa.<br><br><\/p>\n<\/li>\n<\/ul>\n<p>A lemezhajl\u00edt\u00f3 <b>d\u00f6nt\u0151 szerepet j\u00e1tszik a feldolgoz\u00e1sban<\/b>, \u00e9s lehet\u0151v\u00e9 teszi a k\u00fcl\u00f6nb\u00f6z\u0151 alkalmaz\u00e1sokhoz sz\u00fcks\u00e9ges <b>form\u00e1zott alkatr\u00e9szek prec\u00edz form\u00e1zott alkatr\u00e9szek.<\/b><\/p>\t\t\t\t\t\t\t\t<\/div>\n\t\t\t\t<\/div>\n\t\t\t\t\t<\/div>\n\t\t<\/div>\n\t\t\t\t<div class=\"elementor-column elementor-col-50 elementor-inner-column elementor-element elementor-element-ab07998\" data-id=\"ab07998\" data-element_type=\"column\" data-e-type=\"column\">\n\t\t\t<div class=\"elementor-widget-wrap elementor-element-populated\">\n\t\t\t\t\t\t<div class=\"elementor-element elementor-element-bb51ca8 elementor-widget elementor-widget-image\" data-id=\"bb51ca8\" data-element_type=\"widget\" data-e-type=\"widget\" data-widget_type=\"image.default\">\n\t\t\t\t<div class=\"elementor-widget-container\">\n\t\t\t\t\t\t\t\t\t\t\t\t<figure class=\"wp-caption\">\n\t\t\t\t\t\t\t\t\t\t<img loading=\"lazy\" decoding=\"async\" width=\"300\" height=\"251\" src=\"https:\/\/www.akuplastics.com\/wp-content\/uploads\/2024\/04\/Tafelbiegemaschiene-A-BA-300x251.jpg\" class=\"attachment-medium size-medium wp-image-21611\" alt=\"Vollautomatische\" srcset=\"https:\/\/www.akuplastics.com\/wp-content\/uploads\/2024\/04\/Tafelbiegemaschiene-A-BA-300x251.jpg 300w, https:\/\/www.akuplastics.com\/wp-content\/uploads\/2024\/04\/Tafelbiegemaschiene-A-BA-768x643.jpg 768w, https:\/\/www.akuplastics.com\/wp-content\/uploads\/2024\/04\/Tafelbiegemaschiene-A-BA.jpg 1024w\" sizes=\"auto, (max-width: 300px) 100vw, 300px\" \/>\t\t\t\t\t\t\t\t\t\t\t<figcaption class=\"widget-image-caption wp-caption-text\">Teljesen automatikus lemezhajl\u00edt\u00f3 g\u00e9p A-BA sorozat\u00fa modell, PLC vez\u00e9rl\u00e9ssel \u00e9s adatb\u00e1zissal PE \/ PP \/ PVC-U \/ PVDF sz\u00e1m\u00e1ra<\/figcaption>\n\t\t\t\t\t\t\t\t\t\t<\/figure>\n\t\t\t\t\t\t\t\t\t<\/div>\n\t\t\t\t<\/div>\n\t\t\t\t\t<\/div>\n\t\t<\/div>\n\t\t\t\t\t<\/div>\n\t\t<\/section>\n\t\t\t\t\t<\/div>\n\t\t<\/div>\n\t\t\t\t\t<\/div>\n\t\t<\/section>\n\t\t\t\t<\/div>\n\t\t","protected":false},"excerpt":{"rendered":"<p>Teljesen automatikus lemezhajl\u00edt\u00f3 g\u00e9pek PLC vez\u00e9rl\u00e9ssel \u00e9s adatb\u00e1zissal (PE\/PP\/PVC-U\/PVDF) A-BA modell Az A-BA sorozat\u00fa panelhajl\u00edt\u00f3 modell, a k\u00f6vetkez\u0151k robusztus, minden ig\u00e9nyt kiel\u00e9g\u00edt\u0151 g\u00e9pek a rugalmas alkalmaz\u00e1si ter\u00fcletde ide\u00e1lisak a szell\u0151z\u0151csatorn\u00e1k gy\u00e1rt\u00e1s\u00e1ra. A hajl\u00edt\u00e1si ciklus teljesen automatikusan fut, a hajl\u00edt\u00e1si param\u00e9terek be\u00e1ll\u00edt\u00e1sa a kijelz\u0151n kereszt\u00fcl t\u00f6rt\u00e9nik (ciklusid\u0151 el\u0151v\u00e1laszt\u00e1s az adatb\u00e1zisb\u00f3l PE \/ PP \/ PVC-U \/ [&hellip;]<\/p>\n","protected":false},"author":3,"featured_media":0,"parent":0,"menu_order":0,"comment_status":"closed","ping_status":"closed","template":"elementor_header_footer","meta":{"iawp_total_views":2,"footnotes":""},"class_list":["post-21637","page","type-page","status-publish","hentry"],"yoast_head":"<!-- This site is optimized with the Yoast SEO Premium plugin v27.4 (Yoast SEO v27.5) - https:\/\/yoast.com\/product\/yoast-seo-premium-wordpress\/ -->\n<title>teljesen automatikus panelhajl\u00edt\u00f3k-sps term\u00e9kek<\/title>\n<meta name=\"description\" content=\"Az A-BA sorozat\u00fa lemezhajl\u00edt\u00f3 g\u00e9p egy robusztus, minden ig\u00e9nyt kiel\u00e9g\u00edt\u0151 g\u00e9p, amely rugalmasan alkalmazhat\u00f3, de ide\u00e1lis a szell\u0151z\u0151csatorn\u00e1k gy\u00e1rt\u00e1s\u00e1hoz. a hajl\u00edt\u00e1si ciklus teljesen automatikus, a hajl\u00edt\u00e1si param\u00e9terek be\u00e1ll\u00edt\u00e1sa a kijelz\u0151n kereszt\u00fcl t\u00f6rt\u00e9nik (ciklusid\u0151 el\u0151v\u00e1laszt\u00e1s adatb\u00e1zisb\u00f3l PE \/ PP \/ PVC-U \/ PVDF eset\u00e9n). az A-BA modell PLC vez\u00e9rl\u00e9ssel ell\u00e1tott poz\u00edci\u00f3hajt\u00e1ssal rendelkezik.\" \/>\n<meta name=\"robots\" content=\"index, follow, max-snippet:-1, max-image-preview:large, max-video-preview:-1\" \/>\n<link rel=\"canonical\" href=\"https:\/\/www.akuplastics.com\/hu\/automatikus-panelhajlitok\/\" \/>\n<script type=\"application\/ld+json\" class=\"yoast-schema-graph\">{\"@context\":\"https:\\\/\\\/schema.org\",\"@graph\":[{\"@type\":\"WebPage\",\"@id\":\"https:\\\/\\\/www.akuplastics.com\\\/hu\\\/automatikus-panelhajlitok\\\/\",\"url\":\"https:\\\/\\\/www.akuplastics.com\\\/hu\\\/automatikus-panelhajlitok\\\/\",\"name\":\"teljesen automatikus panelhajl\u00edt\u00f3k-sps term\u00e9kek\",\"isPartOf\":{\"@id\":\"https:\\\/\\\/www.akuplastics.com\\\/hu\\\/#website\"},\"primaryImageOfPage\":{\"@id\":\"https:\\\/\\\/www.akuplastics.com\\\/hu\\\/automatikus-panelhajlitok\\\/#primaryimage\"},\"image\":{\"@id\":\"https:\\\/\\\/www.akuplastics.com\\\/hu\\\/automatikus-panelhajlitok\\\/#primaryimage\"},\"thumbnailUrl\":\"https:\\\/\\\/www.akuplastics.com\\\/wp-content\\\/uploads\\\/2024\\\/04\\\/Tafelbiegemaschiene-A-BA-300x251.jpg\",\"datePublished\":\"2024-04-15T07:42:25+00:00\",\"dateModified\":\"2024-04-16T11:54:41+00:00\",\"description\":\"Az A-BA sorozat\u00fa lemezhajl\u00edt\u00f3 g\u00e9p egy robusztus, minden ig\u00e9nyt kiel\u00e9g\u00edt\u0151 g\u00e9p, amely rugalmasan alkalmazhat\u00f3, de ide\u00e1lis a szell\u0151z\u0151csatorn\u00e1k gy\u00e1rt\u00e1s\u00e1hoz. a hajl\u00edt\u00e1si ciklus teljesen automatikus, a hajl\u00edt\u00e1si param\u00e9terek be\u00e1ll\u00edt\u00e1sa a kijelz\u0151n kereszt\u00fcl t\u00f6rt\u00e9nik (ciklusid\u0151 el\u0151v\u00e1laszt\u00e1s adatb\u00e1zisb\u00f3l PE \\\/ PP \\\/ PVC-U \\\/ PVDF eset\u00e9n). az A-BA modell PLC vez\u00e9rl\u00e9ssel ell\u00e1tott poz\u00edci\u00f3hajt\u00e1ssal rendelkezik.\",\"breadcrumb\":{\"@id\":\"https:\\\/\\\/www.akuplastics.com\\\/hu\\\/automatikus-panelhajlitok\\\/#breadcrumb\"},\"inLanguage\":\"hu\",\"potentialAction\":[{\"@type\":\"ReadAction\",\"target\":[\"https:\\\/\\\/www.akuplastics.com\\\/hu\\\/automatikus-panelhajlitok\\\/\"]}]},{\"@type\":\"ImageObject\",\"inLanguage\":\"hu\",\"@id\":\"https:\\\/\\\/www.akuplastics.com\\\/hu\\\/automatikus-panelhajlitok\\\/#primaryimage\",\"url\":\"https:\\\/\\\/www.akuplastics.com\\\/wp-content\\\/uploads\\\/2024\\\/04\\\/Tafelbiegemaschiene-A-BA-300x251.jpg\",\"contentUrl\":\"https:\\\/\\\/www.akuplastics.com\\\/wp-content\\\/uploads\\\/2024\\\/04\\\/Tafelbiegemaschiene-A-BA-300x251.jpg\"},{\"@type\":\"BreadcrumbList\",\"@id\":\"https:\\\/\\\/www.akuplastics.com\\\/hu\\\/automatikus-panelhajlitok\\\/#breadcrumb\",\"itemListElement\":[{\"@type\":\"ListItem\",\"position\":1,\"name\":\"Kezd\u0151lap\",\"item\":\"https:\\\/\\\/www.akuplastics.com\\\/hu\\\/\"},{\"@type\":\"ListItem\",\"position\":2,\"name\":\"Automatikus panelhajl\u00edt\u00f3k\"}]},{\"@type\":\"WebSite\",\"@id\":\"https:\\\/\\\/www.akuplastics.com\\\/hu\\\/#website\",\"url\":\"https:\\\/\\\/www.akuplastics.com\\\/hu\\\/\",\"name\":\"Semi-Finished Products \u2013 Finished Parts \u2013 Ventilation Moulded Parts \u2013 Machines\",\"description\":\"Halbzeuge, Halbfabrikate, Kunststoffhalbzeuge, Kunststoffhalbfabrikate\",\"publisher\":{\"@id\":\"https:\\\/\\\/www.akuplastics.com\\\/hu\\\/#organization\"},\"alternateName\":\"AKUPLASTICS \u2013 Engineering in Plastics\",\"potentialAction\":[{\"@type\":\"SearchAction\",\"target\":{\"@type\":\"EntryPoint\",\"urlTemplate\":\"https:\\\/\\\/www.akuplastics.com\\\/hu\\\/?s={search_term_string}\"},\"query-input\":{\"@type\":\"PropertyValueSpecification\",\"valueRequired\":true,\"valueName\":\"search_term_string\"}}],\"inLanguage\":\"hu\"},{\"@type\":\"Organization\",\"@id\":\"https:\\\/\\\/www.akuplastics.com\\\/hu\\\/#organization\",\"name\":\"Ing. Christian Ahlborn e.U.\",\"alternateName\":\"AKU\",\"url\":\"https:\\\/\\\/www.akuplastics.com\\\/hu\\\/\",\"logo\":{\"@type\":\"ImageObject\",\"inLanguage\":\"hu\",\"@id\":\"https:\\\/\\\/www.akuplastics.com\\\/hu\\\/#\\\/schema\\\/logo\\\/image\\\/\",\"url\":\"https:\\\/\\\/www.akuplastics.com\\\/wp-content\\\/uploads\\\/2020\\\/07\\\/Grafik14-inkl-r.png\",\"contentUrl\":\"https:\\\/\\\/www.akuplastics.com\\\/wp-content\\\/uploads\\\/2020\\\/07\\\/Grafik14-inkl-r.png\",\"width\":1994,\"height\":743,\"caption\":\"Ing. Christian Ahlborn e.U.\"},\"image\":{\"@id\":\"https:\\\/\\\/www.akuplastics.com\\\/hu\\\/#\\\/schema\\\/logo\\\/image\\\/\"}}]}<\/script>\n<!-- \/ Yoast SEO Premium plugin. -->","yoast_head_json":{"title":"teljesen automatikus panelhajl\u00edt\u00f3k-sps term\u00e9kek","description":"Az A-BA sorozat\u00fa lemezhajl\u00edt\u00f3 g\u00e9p egy robusztus, minden ig\u00e9nyt kiel\u00e9g\u00edt\u0151 g\u00e9p, amely rugalmasan alkalmazhat\u00f3, de ide\u00e1lis a szell\u0151z\u0151csatorn\u00e1k gy\u00e1rt\u00e1s\u00e1hoz. a hajl\u00edt\u00e1si ciklus teljesen automatikus, a hajl\u00edt\u00e1si param\u00e9terek be\u00e1ll\u00edt\u00e1sa a kijelz\u0151n kereszt\u00fcl t\u00f6rt\u00e9nik (ciklusid\u0151 el\u0151v\u00e1laszt\u00e1s adatb\u00e1zisb\u00f3l PE \/ PP \/ PVC-U \/ PVDF eset\u00e9n). az A-BA modell PLC vez\u00e9rl\u00e9ssel ell\u00e1tott poz\u00edci\u00f3hajt\u00e1ssal rendelkezik.","robots":{"index":"index","follow":"follow","max-snippet":"max-snippet:-1","max-image-preview":"max-image-preview:large","max-video-preview":"max-video-preview:-1"},"canonical":"https:\/\/www.akuplastics.com\/hu\/automatikus-panelhajlitok\/","schema":{"@context":"https:\/\/schema.org","@graph":[{"@type":"WebPage","@id":"https:\/\/www.akuplastics.com\/hu\/automatikus-panelhajlitok\/","url":"https:\/\/www.akuplastics.com\/hu\/automatikus-panelhajlitok\/","name":"teljesen automatikus panelhajl\u00edt\u00f3k-sps term\u00e9kek","isPartOf":{"@id":"https:\/\/www.akuplastics.com\/hu\/#website"},"primaryImageOfPage":{"@id":"https:\/\/www.akuplastics.com\/hu\/automatikus-panelhajlitok\/#primaryimage"},"image":{"@id":"https:\/\/www.akuplastics.com\/hu\/automatikus-panelhajlitok\/#primaryimage"},"thumbnailUrl":"https:\/\/www.akuplastics.com\/wp-content\/uploads\/2024\/04\/Tafelbiegemaschiene-A-BA-300x251.jpg","datePublished":"2024-04-15T07:42:25+00:00","dateModified":"2024-04-16T11:54:41+00:00","description":"Az A-BA sorozat\u00fa lemezhajl\u00edt\u00f3 g\u00e9p egy robusztus, minden ig\u00e9nyt kiel\u00e9g\u00edt\u0151 g\u00e9p, amely rugalmasan alkalmazhat\u00f3, de ide\u00e1lis a szell\u0151z\u0151csatorn\u00e1k gy\u00e1rt\u00e1s\u00e1hoz. a hajl\u00edt\u00e1si ciklus teljesen automatikus, a hajl\u00edt\u00e1si param\u00e9terek be\u00e1ll\u00edt\u00e1sa a kijelz\u0151n kereszt\u00fcl t\u00f6rt\u00e9nik (ciklusid\u0151 el\u0151v\u00e1laszt\u00e1s adatb\u00e1zisb\u00f3l PE \/ PP \/ PVC-U \/ PVDF eset\u00e9n). az A-BA modell PLC vez\u00e9rl\u00e9ssel ell\u00e1tott poz\u00edci\u00f3hajt\u00e1ssal rendelkezik.","breadcrumb":{"@id":"https:\/\/www.akuplastics.com\/hu\/automatikus-panelhajlitok\/#breadcrumb"},"inLanguage":"hu","potentialAction":[{"@type":"ReadAction","target":["https:\/\/www.akuplastics.com\/hu\/automatikus-panelhajlitok\/"]}]},{"@type":"ImageObject","inLanguage":"hu","@id":"https:\/\/www.akuplastics.com\/hu\/automatikus-panelhajlitok\/#primaryimage","url":"https:\/\/www.akuplastics.com\/wp-content\/uploads\/2024\/04\/Tafelbiegemaschiene-A-BA-300x251.jpg","contentUrl":"https:\/\/www.akuplastics.com\/wp-content\/uploads\/2024\/04\/Tafelbiegemaschiene-A-BA-300x251.jpg"},{"@type":"BreadcrumbList","@id":"https:\/\/www.akuplastics.com\/hu\/automatikus-panelhajlitok\/#breadcrumb","itemListElement":[{"@type":"ListItem","position":1,"name":"Kezd\u0151lap","item":"https:\/\/www.akuplastics.com\/hu\/"},{"@type":"ListItem","position":2,"name":"Automatikus panelhajl\u00edt\u00f3k"}]},{"@type":"WebSite","@id":"https:\/\/www.akuplastics.com\/hu\/#website","url":"https:\/\/www.akuplastics.com\/hu\/","name":"Semi-Finished Products \u2013 Finished Parts \u2013 Ventilation Moulded Parts \u2013 Machines","description":"Halbzeuge, Halbfabrikate, Kunststoffhalbzeuge, Kunststoffhalbfabrikate","publisher":{"@id":"https:\/\/www.akuplastics.com\/hu\/#organization"},"alternateName":"AKUPLASTICS \u2013 Engineering in Plastics","potentialAction":[{"@type":"SearchAction","target":{"@type":"EntryPoint","urlTemplate":"https:\/\/www.akuplastics.com\/hu\/?s={search_term_string}"},"query-input":{"@type":"PropertyValueSpecification","valueRequired":true,"valueName":"search_term_string"}}],"inLanguage":"hu"},{"@type":"Organization","@id":"https:\/\/www.akuplastics.com\/hu\/#organization","name":"Ing. Christian Ahlborn e.U.","alternateName":"AKU","url":"https:\/\/www.akuplastics.com\/hu\/","logo":{"@type":"ImageObject","inLanguage":"hu","@id":"https:\/\/www.akuplastics.com\/hu\/#\/schema\/logo\/image\/","url":"https:\/\/www.akuplastics.com\/wp-content\/uploads\/2020\/07\/Grafik14-inkl-r.png","contentUrl":"https:\/\/www.akuplastics.com\/wp-content\/uploads\/2020\/07\/Grafik14-inkl-r.png","width":1994,"height":743,"caption":"Ing. Christian Ahlborn e.U."},"image":{"@id":"https:\/\/www.akuplastics.com\/hu\/#\/schema\/logo\/image\/"}}]}},"_links":{"self":[{"href":"https:\/\/www.akuplastics.com\/hu\/wp-json\/wp\/v2\/pages\/21637","targetHints":{"allow":["GET"]}}],"collection":[{"href":"https:\/\/www.akuplastics.com\/hu\/wp-json\/wp\/v2\/pages"}],"about":[{"href":"https:\/\/www.akuplastics.com\/hu\/wp-json\/wp\/v2\/types\/page"}],"author":[{"embeddable":true,"href":"https:\/\/www.akuplastics.com\/hu\/wp-json\/wp\/v2\/users\/3"}],"replies":[{"embeddable":true,"href":"https:\/\/www.akuplastics.com\/hu\/wp-json\/wp\/v2\/comments?post=21637"}],"version-history":[{"count":3,"href":"https:\/\/www.akuplastics.com\/hu\/wp-json\/wp\/v2\/pages\/21637\/revisions"}],"predecessor-version":[{"id":22038,"href":"https:\/\/www.akuplastics.com\/hu\/wp-json\/wp\/v2\/pages\/21637\/revisions\/22038"}],"wp:attachment":[{"href":"https:\/\/www.akuplastics.com\/hu\/wp-json\/wp\/v2\/media?parent=21637"}],"curies":[{"name":"wp","href":"https:\/\/api.w.org\/{rel}","templated":true}]}}