{"id":21595,"date":"2024-04-15T09:22:01","date_gmt":"2024-04-15T07:22:01","guid":{"rendered":"https:\/\/www.akuplastics.com\/felautomata-lemezhajlitok\/"},"modified":"2024-04-18T16:01:16","modified_gmt":"2024-04-18T14:01:16","slug":"felautomata-lemezhajlitok","status":"publish","type":"page","link":"https:\/\/www.akuplastics.com\/hu\/felautomata-lemezhajlitok\/","title":{"rendered":"F\u00e9lautomata lemezhajl\u00edt\u00f3k"},"content":{"rendered":"\t\t<div data-elementor-type=\"wp-page\" data-elementor-id=\"21595\" class=\"elementor elementor-21595 elementor-21563\" data-elementor-post-type=\"page\">\n\t\t\t\t\t\t<section class=\"elementor-section elementor-top-section elementor-element elementor-element-7a93e034 elementor-section-full_width elementor-section-height-default elementor-section-height-default\" data-id=\"7a93e034\" data-element_type=\"section\" data-e-type=\"section\" data-settings=\"{&quot;background_background&quot;:&quot;classic&quot;}\">\n\t\t\t\t\t\t<div class=\"elementor-container elementor-column-gap-default\">\n\t\t\t\t\t<div class=\"elementor-column elementor-col-100 elementor-top-column elementor-element elementor-element-776fe7de\" data-id=\"776fe7de\" data-element_type=\"column\" data-e-type=\"column\" data-settings=\"{&quot;animation&quot;:&quot;none&quot;}\">\n\t\t\t<div class=\"elementor-widget-wrap elementor-element-populated\">\n\t\t\t\t\t\t<section class=\"elementor-section elementor-inner-section elementor-element elementor-element-2567fef5 elementor-section-boxed elementor-section-height-default elementor-section-height-default\" data-id=\"2567fef5\" data-element_type=\"section\" data-e-type=\"section\">\n\t\t\t\t\t\t<div class=\"elementor-container elementor-column-gap-default\">\n\t\t\t\t\t<div class=\"elementor-column elementor-col-50 elementor-inner-column elementor-element elementor-element-2dddcdf5\" data-id=\"2dddcdf5\" data-element_type=\"column\" data-e-type=\"column\" data-settings=\"{&quot;animation&quot;:&quot;none&quot;}\">\n\t\t\t<div class=\"elementor-widget-wrap elementor-element-populated\">\n\t\t\t\t\t\t<div class=\"elementor-element elementor-element-67491f2 elementor-widget elementor-widget-text-editor\" data-id=\"67491f2\" data-element_type=\"widget\" data-e-type=\"widget\" data-widget_type=\"text-editor.default\">\n\t\t\t\t<div class=\"elementor-widget-container\">\n\t\t\t\t\t\t\t\t\t<h1>F\u00e9lautomata lemezhajl\u00edt\u00f3 automatikus hajl\u00edt\u00e1si ciklussal<br \/><b><br \/><\/b><\/h1>\n<h5><strong>A-BW modell<\/strong><\/h5>\n<\/p>\n<p>Az A-BW modellsorozat egy <b>f\u00e9lautomata sorozat<\/b>.<\/p>\n<p>A <b>hajl\u00edt\u00e1si ciklus automatikusan lefut<\/b>.<\/p>\n<p><b><br \/><\/b><b>A hajl\u00edt\u00e1si id\u0151k a kijelz\u0151n kereszt\u00fcl \u00e1ll\u00edthat\u00f3k b<\/b>e. <br \/>Minden megadott \u00e9rt\u00e9ket a kezel\u0151 megv\u00e1ltoztathat. <br \/><b>A hajl\u00edt\u00e1si sugarakat k\u00e9zzel kell be\u00e1ll\u00edtani a hajl\u00edt\u00f3vonal-korrekci\u00f3 seg\u00edts\u00e9g\u00e9vel.<\/b> <br \/><b>Ez lehet\u0151v\u00e9 teszi a 10\u00b0 &#8211; 95\u00b0 k\u00f6z\u00f6tti<\/b>, fokozatmentesen \u00e1ll\u00edthat\u00f3 hajl\u00edt\u00e1si sz\u00f6gek be\u00e1ll\u00edt\u00e1s\u00e1t. <\/p>\n<p>A g\u00e9p a szok\u00e1sos lemezsz\u00e1ll\u00edt\u00e1s n\u00e9lk\u00fcl m\u0171k\u00f6dik, mivel a f\u0171t\u00e9si folyamat \u00e9s a hajl\u00edt\u00e1s egy poz\u00edci\u00f3ban t\u00f6rt\u00e9nik.  <br \/>Ez lehet\u0151v\u00e9 teszi a g\u00e9p <b>egyszer\u0171 \u00e9s felhaszn\u00e1l\u00f3bar\u00e1t kezel\u00e9s\u00e9t<\/b>.<\/p>\n<\/p>\n<p>Ez a g\u00e9p a <b>k\u00f6vetkez\u0151 v\u00e1ltozatokban<\/b> kaphat\u00f3: 1 m, 2 m, 3 m \u00e9s 4 m munkasz\u00e9less\u00e9gben.<\/p>\n<\/p>\n<p>A megmunk\u00e1land\u00f3 anyagvastags\u00e1g legfeljebb 25 mm.<\/p>\n<\/p>\n<p>A k\u00f6vetkez\u0151 modellek \u00e1llnak rendelkez\u00e9sre:<\/p>\n<table>\n<tbody>\n<tr>\n<td width=\"201\">\n<p><strong>Modell<\/strong><\/p>\n<\/td>\n<td width=\"201\">\n<p><strong>Munkasz\u00e9less\u00e9g<\/strong><\/p>\n<\/td>\n<td width=\"201\">\n<p><strong>Anyagvastags\u00e1g<\/strong><\/p>\n<\/td>\n<\/tr>\n<tr>\n<td width=\"201\">\n<p>20.15 A-BW<\/p>\n<\/td>\n<td width=\"201\">\n<p>2,000 mm<\/p>\n<\/td>\n<td width=\"201\">\n<p>15 mm<\/p>\n<\/td>\n<\/tr>\n<tr>\n<td width=\"201\">\n<p>30.15 A-BW<\/p>\n<\/td>\n<td width=\"201\">\n<p>3,000 mm<\/p>\n<\/td>\n<td width=\"201\">\n<p>15 mm<\/p>\n<\/td>\n<\/tr>\n<tr>\n<td width=\"201\">\n<p>40.15 A-BW<\/p>\n<\/td>\n<td width=\"201\">\n<p>4,000 mm<\/p>\n<\/td>\n<td width=\"201\">\n<p>15 mm<\/p>\n<\/td>\n<\/tr>\n<\/tbody>\n<\/table><\/p>\n\t\t\t\t\t\t\t\t<\/div>\n\t\t\t\t<\/div>\n\t\t\t\t<div class=\"elementor-element elementor-element-9c84b9a elementor-widget__width-initial elementor-widget elementor-widget-text-editor\" data-id=\"9c84b9a\" data-element_type=\"widget\" data-e-type=\"widget\" data-widget_type=\"text-editor.default\">\n\t\t\t\t<div class=\"elementor-widget-container\">\n\t\t\t\t\t\t\t\t\t<h5><strong>\u00c1ltal\u00e1nos inform\u00e1ci\u00f3k a&nbsp;panelhajl\u00edt\u00f3r\u00f3l<br><br><\/strong><\/h5>\n<p>A lemezhajl\u00edt\u00f3 g\u00e9p, m\u00e1s n\u00e9ven pr\u00e9sf\u00e9k vagy hajtogat\u00f3g\u00e9p, m\u0171anyag hajl\u00edt\u00e1s\u00e1ra haszn\u00e1lt szersz\u00e1mg\u00e9p.<br><strong><br><\/strong><\/p>\n<p><strong>Funkcionalit\u00e1s:<br><\/strong> <br>A lemezhajl\u00edt\u00f3t s\u00edk lapok vagy lemezek meghat\u00e1rozott form\u00e1ra hajl\u00edt\u00e1s\u00e1ra tervezt\u00e9k.  <br>\u00c1ltal\u00e1ban egy fix fels\u0151 \u00e9s egy mozgathat\u00f3 als\u00f3 pof\u00e1b\u00f3l \u00e1ll.  <br>A hajl\u00edtand\u00f3 anyagot e k\u00e9t orc\u00e1ja k\u00f6z\u00e9 helyezz\u00fck.  <br>A fels\u0151 orc\u00e1t leengedve a m\u0171anyag az als\u00f3 orc\u00e1hoz nyom\u00f3dik, \u00e9s k\u00f6zben meghajlik.<br><br><\/p>\n<p><strong>A panelhajl\u00edt\u00f3 jellemz\u0151i:<br><br><\/strong><\/p>\n<ul>\n<li>\n<p><strong>Hajl\u00edt\u00f3er\u0151:<\/strong> <br>A lemezhajl\u00edt\u00f3 g\u00e9pek k\u00fcl\u00f6nb\u00f6z\u0151 m\u00e9retekben \u00e9s k\u00fcl\u00f6nb\u00f6z\u0151 hajl\u00edt\u00f3er\u0151kkel \u00e1llnak rendelkez\u00e9sre, hogy megfeleljenek a k\u00fcl\u00f6nb\u00f6z\u0151 vastags\u00e1gok \u00e9s anyagok k\u00f6vetelm\u00e9nyeinek.<\/p>\n<\/li>\n<li>\n<p><strong>Arc hossza:<\/strong> <br>Az orc\u00e1k hossza hat\u00e1rozza meg a hajl\u00edtand\u00f3 anyag maxim\u00e1lis hossz\u00e1t. L\u00e9teznek r\u00f6vid orr\u00fa g\u00e9pek a kisebb munk\u00e1khoz \u00e9s hosszabb orr\u00fa g\u00e9pek a nagyobb m\u00e9retekhez.<\/p>\n<\/li>\n<li>\n<p><strong>CNC-vez\u00e9rl\u00e9s:<\/strong> <br>A legmodernebb panelhajl\u00edt\u00f3k gyakran CNC-vez\u00e9rl\u00e9ssel vannak felszerelve, amelyek prec\u00edz hajl\u00edt\u00e1si folyamatokat tesznek lehet\u0151v\u00e9, \u00e9s nagy pontoss\u00e1ggal k\u00e9pesek \u00f6sszetett form\u00e1k el\u0151\u00e1ll\u00edt\u00e1s\u00e1ra.<\/p>\n<\/li>\n<li>\n<p><strong>Pen\u00e9szcsere:<\/strong> <br>A panelhajl\u00edt\u00f3k k\u00fcl\u00f6nb\u00f6z\u0151 hajl\u00edt\u00f3szersz\u00e1mokkal szerelhet\u0151k fel a k\u00fcl\u00f6nb\u00f6z\u0151 hajl\u00edt\u00e1si profilok \u00e9s sugarak el\u0151\u00e1ll\u00edt\u00e1s\u00e1hoz. A gyors szersz\u00e1mcsere lehet\u0151v\u00e9 teszi a rugalmas alkalmazkod\u00e1st a k\u00fcl\u00f6nb\u00f6z\u0151 k\u00f6vetelm\u00e9nyekhez.<\/p>\n<\/li>\n<li>\n<p><strong>H\u00e1ts\u00f3 m\u00e9r\u0151m\u0171szer:<\/strong> <br>A h\u00e1ts\u00f3 m\u00e9r\u0151m\u0171szer egy \u00e1ll\u00edthat\u00f3 elem, amely meghat\u00e1rozza a hajl\u00edtand\u00f3 anyag helyzet\u00e9t. Pontos \u00e9s megism\u00e9telhet\u0151 hajl\u00edt\u00e1si folyamatokat tesz lehet\u0151v\u00e9.<br><br><\/p>\n<\/li>\n<\/ul>\n<p><strong>Alkalmaz\u00e1sok:<br><br><\/strong><\/p>\n<p>A lemezhajl\u00edt\u00f3 g\u00e9peket k\u00fcl\u00f6nb\u00f6z\u0151 ipar\u00e1gakban \u00e9s alkalmaz\u00e1sokban haszn\u00e1lj\u00e1k, t\u00f6bbek k\u00f6z\u00f6tt a k\u00f6vetkez\u0151kben<br><br><\/p>\n<ul>\n<li>\n<p><strong>F\u00e9mfeldolgoz\u00e1s:<\/strong> <br>Alkatr\u00e9szek, h\u00e1zak, csatorn\u00e1k \u00e9s egy\u00e9b alkatr\u00e9szek gy\u00e1rt\u00e1s\u00e1hoz.<\/p>\n<\/li>\n<li>\n<p><strong>\u00c9p\u00edt\u00e9s:<\/strong> <br>\u00c9p\u00edt\u0151ipari \u00e9p\u00edt\u0151elemek, p\u00e9ld\u00e1ul tet\u0151burkolatok \u00e9s homlokzatok gy\u00e1rt\u00e1s\u00e1hoz.<\/p>\n<\/li>\n<li>\n<p><strong>Aut\u00f3ipar:<\/strong> <br>Karossz\u00e9riaelemek, burkolatok \u00e9s egy\u00e9b alkatr\u00e9szek gy\u00e1rt\u00e1s\u00e1hoz az aut\u00f3iparban.<\/p>\n<\/li>\n<li>\n<p><strong>Elektronikai ipar:<br><\/strong>&nbsp; Elektronikai eszk\u00f6z\u00f6k h\u00e1zainak, burkolatainak \u00e9s alkatr\u00e9szeinek gy\u00e1rt\u00e1s\u00e1hoz.<\/p>\n<\/li>\n<li>\n<p><strong>l\u00e9gik\u00f6zleked\u00e9si ipar:<\/strong> <br>Rep\u00fcl\u0151g\u00e9pek \u00e9s \u0171rhaj\u00f3k alkatr\u00e9szeinek gy\u00e1rt\u00e1sa.<br><br><\/p>\n<\/li>\n<\/ul>\n<p>A lemezhajl\u00edt\u00f3 <b>d\u00f6nt\u0151 szerepet j\u00e1tszik a feldolgoz\u00e1sban<\/b>, \u00e9s lehet\u0151v\u00e9 teszi a k\u00fcl\u00f6nb\u00f6z\u0151 alkalmaz\u00e1sokhoz sz\u00fcks\u00e9ges <b>form\u00e1zott alkatr\u00e9szek prec\u00edz form\u00e1zott alkatr\u00e9szek.<\/b><\/p>\t\t\t\t\t\t\t\t<\/div>\n\t\t\t\t<\/div>\n\t\t\t\t\t<\/div>\n\t\t<\/div>\n\t\t\t\t<div class=\"elementor-column elementor-col-50 elementor-inner-column elementor-element elementor-element-ab07998\" data-id=\"ab07998\" data-element_type=\"column\" data-e-type=\"column\">\n\t\t\t<div class=\"elementor-widget-wrap elementor-element-populated\">\n\t\t\t\t\t\t<div class=\"elementor-element elementor-element-8e0a46c elementor-widget elementor-widget-image\" data-id=\"8e0a46c\" data-element_type=\"widget\" data-e-type=\"widget\" data-widget_type=\"image.default\">\n\t\t\t\t<div class=\"elementor-widget-container\">\n\t\t\t\t\t\t\t\t\t\t\t\t<figure class=\"wp-caption\">\n\t\t\t\t\t\t\t\t\t\t<img loading=\"lazy\" decoding=\"async\" width=\"300\" height=\"202\" src=\"https:\/\/www.akuplastics.com\/wp-content\/uploads\/2024\/04\/Tafelbiegemaschine-30.15-A-BW-300x202.jpg\" class=\"attachment-medium size-medium wp-image-21579\" alt=\"Tafelbiegemaschine\" srcset=\"https:\/\/www.akuplastics.com\/wp-content\/uploads\/2024\/04\/Tafelbiegemaschine-30.15-A-BW-300x202.jpg 300w, https:\/\/www.akuplastics.com\/wp-content\/uploads\/2024\/04\/Tafelbiegemaschine-30.15-A-BW-768x518.jpg 768w, https:\/\/www.akuplastics.com\/wp-content\/uploads\/2024\/04\/Tafelbiegemaschine-30.15-A-BW.jpg 1024w\" sizes=\"auto, (max-width: 300px) 100vw, 300px\" \/>\t\t\t\t\t\t\t\t\t\t\t<figcaption class=\"widget-image-caption wp-caption-text\">Modell sorozat hajl\u00edt\u00f3 g\u00e9p A-BW f\u00e9lautomata panelhajl\u00edt\u00f3 automata hajl\u00edt\u00e1si ciklussal <\/figcaption>\n\t\t\t\t\t\t\t\t\t\t<\/figure>\n\t\t\t\t\t\t\t\t\t<\/div>\n\t\t\t\t<\/div>\n\t\t\t\t\t<\/div>\n\t\t<\/div>\n\t\t\t\t\t<\/div>\n\t\t<\/section>\n\t\t\t\t\t<\/div>\n\t\t<\/div>\n\t\t\t\t\t<\/div>\n\t\t<\/section>\n\t\t\t\t<\/div>\n\t\t","protected":false},"excerpt":{"rendered":"<p>F\u00e9lautomata lemezhajl\u00edt\u00f3 automatikus hajl\u00edt\u00e1si ciklussal A-BW modell Az A-BW modellsorozat egy f\u00e9lautomata sorozat. A hajl\u00edt\u00e1si ciklus automatikusan lefut. A hajl\u00edt\u00e1si id\u0151k a kijelz\u0151n kereszt\u00fcl \u00e1ll\u00edthat\u00f3k be. Minden megadott \u00e9rt\u00e9ket a kezel\u0151 megv\u00e1ltoztathat. A hajl\u00edt\u00e1si sugarakat k\u00e9zzel kell be\u00e1ll\u00edtani a hajl\u00edt\u00f3vonal-korrekci\u00f3 seg\u00edts\u00e9g\u00e9vel. Ez lehet\u0151v\u00e9 teszi a 10\u00b0 &#8211; 95\u00b0 k\u00f6z\u00f6tti, fokozatmentesen \u00e1ll\u00edthat\u00f3 hajl\u00edt\u00e1si sz\u00f6gek be\u00e1ll\u00edt\u00e1s\u00e1t. A [&hellip;]<\/p>\n","protected":false},"author":3,"featured_media":0,"parent":0,"menu_order":0,"comment_status":"closed","ping_status":"closed","template":"elementor_header_footer","meta":{"iawp_total_views":5,"footnotes":""},"class_list":["post-21595","page","type-page","status-publish","hentry"],"yoast_head":"<!-- This site is optimized with the Yoast SEO Premium plugin v27.3 (Yoast SEO v27.4) - https:\/\/yoast.com\/product\/yoast-seo-premium-wordpress\/ -->\n<title>f\u00e9lbehajtott lemez hajl\u00edt\u00f3 g\u00e9pek m\u0171anyag term\u00e9kek 2 m 3 m 4 m<\/title>\n<meta name=\"description\" content=\"Az A-BW modellsorozat egy f\u00e9lautomata sorozat.A hajl\u00edt\u00e1si ciklus automatikusan fut.A hajl\u00edt\u00e1si id\u0151k a kijelz\u0151n kereszt\u00fcl ker\u00fclnek be\u00e1ll\u00edt\u00e1sra.Minden be\u00edrt \u00e9rt\u00e9ket a kezel\u0151 megv\u00e1ltoztathat.A hajl\u00edt\u00e1si sugarak manu\u00e1lisan, egy hajl\u00edt\u00e1si vonal korrekci\u00f3val ker\u00fclnek be\u00e1ll\u00edt\u00e1sra.\" \/>\n<meta name=\"robots\" content=\"index, follow, max-snippet:-1, max-image-preview:large, max-video-preview:-1\" \/>\n<link rel=\"canonical\" href=\"https:\/\/www.akuplastics.com\/hu\/felautomata-lemezhajlitok\/\" \/>\n<script type=\"application\/ld+json\" class=\"yoast-schema-graph\">{\"@context\":\"https:\\\/\\\/schema.org\",\"@graph\":[{\"@type\":\"WebPage\",\"@id\":\"https:\\\/\\\/www.akuplastics.com\\\/hu\\\/felautomata-lemezhajlitok\\\/\",\"url\":\"https:\\\/\\\/www.akuplastics.com\\\/hu\\\/felautomata-lemezhajlitok\\\/\",\"name\":\"f\u00e9lbehajtott lemez hajl\u00edt\u00f3 g\u00e9pek m\u0171anyag term\u00e9kek 2 m 3 m 4 m\",\"isPartOf\":{\"@id\":\"https:\\\/\\\/www.akuplastics.com\\\/hu\\\/#website\"},\"primaryImageOfPage\":{\"@id\":\"https:\\\/\\\/www.akuplastics.com\\\/hu\\\/felautomata-lemezhajlitok\\\/#primaryimage\"},\"image\":{\"@id\":\"https:\\\/\\\/www.akuplastics.com\\\/hu\\\/felautomata-lemezhajlitok\\\/#primaryimage\"},\"thumbnailUrl\":\"https:\\\/\\\/www.akuplastics.com\\\/wp-content\\\/uploads\\\/2024\\\/04\\\/Tafelbiegemaschine-30.15-A-BW-300x202.jpg\",\"datePublished\":\"2024-04-15T07:22:01+00:00\",\"dateModified\":\"2024-04-18T14:01:16+00:00\",\"description\":\"Az A-BW modellsorozat egy f\u00e9lautomata sorozat.A hajl\u00edt\u00e1si ciklus automatikusan fut.A hajl\u00edt\u00e1si id\u0151k a kijelz\u0151n kereszt\u00fcl ker\u00fclnek be\u00e1ll\u00edt\u00e1sra.Minden be\u00edrt \u00e9rt\u00e9ket a kezel\u0151 megv\u00e1ltoztathat.A hajl\u00edt\u00e1si sugarak manu\u00e1lisan, egy hajl\u00edt\u00e1si vonal korrekci\u00f3val ker\u00fclnek be\u00e1ll\u00edt\u00e1sra.\",\"breadcrumb\":{\"@id\":\"https:\\\/\\\/www.akuplastics.com\\\/hu\\\/felautomata-lemezhajlitok\\\/#breadcrumb\"},\"inLanguage\":\"hu\",\"potentialAction\":[{\"@type\":\"ReadAction\",\"target\":[\"https:\\\/\\\/www.akuplastics.com\\\/hu\\\/felautomata-lemezhajlitok\\\/\"]}]},{\"@type\":\"ImageObject\",\"inLanguage\":\"hu\",\"@id\":\"https:\\\/\\\/www.akuplastics.com\\\/hu\\\/felautomata-lemezhajlitok\\\/#primaryimage\",\"url\":\"https:\\\/\\\/www.akuplastics.com\\\/wp-content\\\/uploads\\\/2024\\\/04\\\/Tafelbiegemaschine-30.15-A-BW-300x202.jpg\",\"contentUrl\":\"https:\\\/\\\/www.akuplastics.com\\\/wp-content\\\/uploads\\\/2024\\\/04\\\/Tafelbiegemaschine-30.15-A-BW-300x202.jpg\"},{\"@type\":\"BreadcrumbList\",\"@id\":\"https:\\\/\\\/www.akuplastics.com\\\/hu\\\/felautomata-lemezhajlitok\\\/#breadcrumb\",\"itemListElement\":[{\"@type\":\"ListItem\",\"position\":1,\"name\":\"Kezd\u0151lap\",\"item\":\"https:\\\/\\\/www.akuplastics.com\\\/hu\\\/\"},{\"@type\":\"ListItem\",\"position\":2,\"name\":\"F\u00e9lautomata lemezhajl\u00edt\u00f3k\"}]},{\"@type\":\"WebSite\",\"@id\":\"https:\\\/\\\/www.akuplastics.com\\\/hu\\\/#website\",\"url\":\"https:\\\/\\\/www.akuplastics.com\\\/hu\\\/\",\"name\":\"Semi-Finished Products \u2013 Finished Parts \u2013 Ventilation Moulded Parts \u2013 Machines\",\"description\":\"Halbzeuge, Halbfabrikate, Kunststoffhalbzeuge, Kunststoffhalbfabrikate\",\"publisher\":{\"@id\":\"https:\\\/\\\/www.akuplastics.com\\\/hu\\\/#organization\"},\"alternateName\":\"AKUPLASTICS \u2013 Engineering in Plastics\",\"potentialAction\":[{\"@type\":\"SearchAction\",\"target\":{\"@type\":\"EntryPoint\",\"urlTemplate\":\"https:\\\/\\\/www.akuplastics.com\\\/hu\\\/?s={search_term_string}\"},\"query-input\":{\"@type\":\"PropertyValueSpecification\",\"valueRequired\":true,\"valueName\":\"search_term_string\"}}],\"inLanguage\":\"hu\"},{\"@type\":\"Organization\",\"@id\":\"https:\\\/\\\/www.akuplastics.com\\\/hu\\\/#organization\",\"name\":\"Ing. Christian Ahlborn e.U.\",\"alternateName\":\"AKU\",\"url\":\"https:\\\/\\\/www.akuplastics.com\\\/hu\\\/\",\"logo\":{\"@type\":\"ImageObject\",\"inLanguage\":\"hu\",\"@id\":\"https:\\\/\\\/www.akuplastics.com\\\/hu\\\/#\\\/schema\\\/logo\\\/image\\\/\",\"url\":\"https:\\\/\\\/www.akuplastics.com\\\/wp-content\\\/uploads\\\/2020\\\/07\\\/Grafik14-inkl-r.png\",\"contentUrl\":\"https:\\\/\\\/www.akuplastics.com\\\/wp-content\\\/uploads\\\/2020\\\/07\\\/Grafik14-inkl-r.png\",\"width\":1994,\"height\":743,\"caption\":\"Ing. Christian Ahlborn e.U.\"},\"image\":{\"@id\":\"https:\\\/\\\/www.akuplastics.com\\\/hu\\\/#\\\/schema\\\/logo\\\/image\\\/\"}}]}<\/script>\n<!-- \/ Yoast SEO Premium plugin. -->","yoast_head_json":{"title":"f\u00e9lbehajtott lemez hajl\u00edt\u00f3 g\u00e9pek m\u0171anyag term\u00e9kek 2 m 3 m 4 m","description":"Az A-BW modellsorozat egy f\u00e9lautomata sorozat.A hajl\u00edt\u00e1si ciklus automatikusan fut.A hajl\u00edt\u00e1si id\u0151k a kijelz\u0151n kereszt\u00fcl ker\u00fclnek be\u00e1ll\u00edt\u00e1sra.Minden be\u00edrt \u00e9rt\u00e9ket a kezel\u0151 megv\u00e1ltoztathat.A hajl\u00edt\u00e1si sugarak manu\u00e1lisan, egy hajl\u00edt\u00e1si vonal korrekci\u00f3val ker\u00fclnek be\u00e1ll\u00edt\u00e1sra.","robots":{"index":"index","follow":"follow","max-snippet":"max-snippet:-1","max-image-preview":"max-image-preview:large","max-video-preview":"max-video-preview:-1"},"canonical":"https:\/\/www.akuplastics.com\/hu\/felautomata-lemezhajlitok\/","schema":{"@context":"https:\/\/schema.org","@graph":[{"@type":"WebPage","@id":"https:\/\/www.akuplastics.com\/hu\/felautomata-lemezhajlitok\/","url":"https:\/\/www.akuplastics.com\/hu\/felautomata-lemezhajlitok\/","name":"f\u00e9lbehajtott lemez hajl\u00edt\u00f3 g\u00e9pek m\u0171anyag term\u00e9kek 2 m 3 m 4 m","isPartOf":{"@id":"https:\/\/www.akuplastics.com\/hu\/#website"},"primaryImageOfPage":{"@id":"https:\/\/www.akuplastics.com\/hu\/felautomata-lemezhajlitok\/#primaryimage"},"image":{"@id":"https:\/\/www.akuplastics.com\/hu\/felautomata-lemezhajlitok\/#primaryimage"},"thumbnailUrl":"https:\/\/www.akuplastics.com\/wp-content\/uploads\/2024\/04\/Tafelbiegemaschine-30.15-A-BW-300x202.jpg","datePublished":"2024-04-15T07:22:01+00:00","dateModified":"2024-04-18T14:01:16+00:00","description":"Az A-BW modellsorozat egy f\u00e9lautomata sorozat.A hajl\u00edt\u00e1si ciklus automatikusan fut.A hajl\u00edt\u00e1si id\u0151k a kijelz\u0151n kereszt\u00fcl ker\u00fclnek be\u00e1ll\u00edt\u00e1sra.Minden be\u00edrt \u00e9rt\u00e9ket a kezel\u0151 megv\u00e1ltoztathat.A hajl\u00edt\u00e1si sugarak manu\u00e1lisan, egy hajl\u00edt\u00e1si vonal korrekci\u00f3val ker\u00fclnek be\u00e1ll\u00edt\u00e1sra.","breadcrumb":{"@id":"https:\/\/www.akuplastics.com\/hu\/felautomata-lemezhajlitok\/#breadcrumb"},"inLanguage":"hu","potentialAction":[{"@type":"ReadAction","target":["https:\/\/www.akuplastics.com\/hu\/felautomata-lemezhajlitok\/"]}]},{"@type":"ImageObject","inLanguage":"hu","@id":"https:\/\/www.akuplastics.com\/hu\/felautomata-lemezhajlitok\/#primaryimage","url":"https:\/\/www.akuplastics.com\/wp-content\/uploads\/2024\/04\/Tafelbiegemaschine-30.15-A-BW-300x202.jpg","contentUrl":"https:\/\/www.akuplastics.com\/wp-content\/uploads\/2024\/04\/Tafelbiegemaschine-30.15-A-BW-300x202.jpg"},{"@type":"BreadcrumbList","@id":"https:\/\/www.akuplastics.com\/hu\/felautomata-lemezhajlitok\/#breadcrumb","itemListElement":[{"@type":"ListItem","position":1,"name":"Kezd\u0151lap","item":"https:\/\/www.akuplastics.com\/hu\/"},{"@type":"ListItem","position":2,"name":"F\u00e9lautomata lemezhajl\u00edt\u00f3k"}]},{"@type":"WebSite","@id":"https:\/\/www.akuplastics.com\/hu\/#website","url":"https:\/\/www.akuplastics.com\/hu\/","name":"Semi-Finished Products \u2013 Finished Parts \u2013 Ventilation Moulded Parts \u2013 Machines","description":"Halbzeuge, Halbfabrikate, Kunststoffhalbzeuge, Kunststoffhalbfabrikate","publisher":{"@id":"https:\/\/www.akuplastics.com\/hu\/#organization"},"alternateName":"AKUPLASTICS \u2013 Engineering in Plastics","potentialAction":[{"@type":"SearchAction","target":{"@type":"EntryPoint","urlTemplate":"https:\/\/www.akuplastics.com\/hu\/?s={search_term_string}"},"query-input":{"@type":"PropertyValueSpecification","valueRequired":true,"valueName":"search_term_string"}}],"inLanguage":"hu"},{"@type":"Organization","@id":"https:\/\/www.akuplastics.com\/hu\/#organization","name":"Ing. Christian Ahlborn e.U.","alternateName":"AKU","url":"https:\/\/www.akuplastics.com\/hu\/","logo":{"@type":"ImageObject","inLanguage":"hu","@id":"https:\/\/www.akuplastics.com\/hu\/#\/schema\/logo\/image\/","url":"https:\/\/www.akuplastics.com\/wp-content\/uploads\/2020\/07\/Grafik14-inkl-r.png","contentUrl":"https:\/\/www.akuplastics.com\/wp-content\/uploads\/2020\/07\/Grafik14-inkl-r.png","width":1994,"height":743,"caption":"Ing. Christian Ahlborn e.U."},"image":{"@id":"https:\/\/www.akuplastics.com\/hu\/#\/schema\/logo\/image\/"}}]}},"_links":{"self":[{"href":"https:\/\/www.akuplastics.com\/hu\/wp-json\/wp\/v2\/pages\/21595","targetHints":{"allow":["GET"]}}],"collection":[{"href":"https:\/\/www.akuplastics.com\/hu\/wp-json\/wp\/v2\/pages"}],"about":[{"href":"https:\/\/www.akuplastics.com\/hu\/wp-json\/wp\/v2\/types\/page"}],"author":[{"embeddable":true,"href":"https:\/\/www.akuplastics.com\/hu\/wp-json\/wp\/v2\/users\/3"}],"replies":[{"embeddable":true,"href":"https:\/\/www.akuplastics.com\/hu\/wp-json\/wp\/v2\/comments?post=21595"}],"version-history":[{"count":3,"href":"https:\/\/www.akuplastics.com\/hu\/wp-json\/wp\/v2\/pages\/21595\/revisions"}],"predecessor-version":[{"id":22123,"href":"https:\/\/www.akuplastics.com\/hu\/wp-json\/wp\/v2\/pages\/21595\/revisions\/22123"}],"wp:attachment":[{"href":"https:\/\/www.akuplastics.com\/hu\/wp-json\/wp\/v2\/media?parent=21595"}],"curies":[{"name":"wp","href":"https:\/\/api.w.org\/{rel}","templated":true}]}}