{"id":21508,"date":"2024-04-12T18:24:57","date_gmt":"2024-04-12T16:24:57","guid":{"rendered":"https:\/\/www.akuplastics.com\/gepek-es-eszkoezoek\/p-sw-tompahegeszto-gep\/"},"modified":"2024-10-14T16:56:37","modified_gmt":"2024-10-14T14:56:37","slug":"p-sw-tompahegeszto-gep","status":"publish","type":"page","link":"https:\/\/www.akuplastics.com\/hu\/gepek-es-eszkoezoek\/p-sw-tompahegeszto-gep\/","title":{"rendered":"P-SW tompahegeszt\u0151 g\u00e9p"},"content":{"rendered":"\t\t<div data-elementor-type=\"wp-page\" data-elementor-id=\"21508\" class=\"elementor elementor-21508 elementor-21493\" data-elementor-post-type=\"page\">\n\t\t\t\t\t\t<section class=\"elementor-section elementor-top-section elementor-element elementor-element-3be7ddce elementor-section-boxed elementor-section-height-default elementor-section-height-default\" data-id=\"3be7ddce\" data-element_type=\"section\" data-e-type=\"section\">\n\t\t\t\t\t\t<div class=\"elementor-container elementor-column-gap-default\">\n\t\t\t\t\t<div class=\"elementor-column elementor-col-100 elementor-top-column elementor-element elementor-element-572d334d\" data-id=\"572d334d\" data-element_type=\"column\" data-e-type=\"column\">\n\t\t\t<div class=\"elementor-widget-wrap elementor-element-populated\">\n\t\t\t\t\t\t<div class=\"elementor-element elementor-element-67c989fc elementor-widget elementor-widget-text-editor\" data-id=\"67c989fc\" data-element_type=\"widget\" data-e-type=\"widget\" data-widget_type=\"text-editor.default\">\n\t\t\t\t<div class=\"elementor-widget-container\">\n\t\t\t\t\t\t\t\t\t<h1>Automatikus tompahegeszt\u0151g\u00e9p k\u00e9t r\u00f6gz\u00edt\u00e9si tartom\u00e1nyban, asztaloldalank\u00e9nt \u00datvonalm\u00e9r\u00e9s \u00e9s \u00fatvonalvez\u00e9rl\u00e9s<\/h1>\n\t\t\t\t\t\t\t\t<\/div>\n\t\t\t\t<\/div>\n\t\t\t\t<section class=\"elementor-section elementor-inner-section elementor-element elementor-element-4b68b8ba elementor-section-boxed elementor-section-height-default elementor-section-height-default\" data-id=\"4b68b8ba\" data-element_type=\"section\" data-e-type=\"section\">\n\t\t\t\t\t\t<div class=\"elementor-container elementor-column-gap-default\">\n\t\t\t\t\t<div class=\"elementor-column elementor-col-50 elementor-inner-column elementor-element elementor-element-3e047d67\" data-id=\"3e047d67\" data-element_type=\"column\" data-e-type=\"column\">\n\t\t\t<div class=\"elementor-widget-wrap elementor-element-populated\">\n\t\t\t\t\t\t<div class=\"elementor-element elementor-element-14ebd2df elementor-widget elementor-widget-text-editor\" data-id=\"14ebd2df\" data-element_type=\"widget\" data-e-type=\"widget\" data-widget_type=\"text-editor.default\">\n\t\t\t\t<div class=\"elementor-widget-container\">\n\t\t\t\t\t\t\t\t\t<p>Az SW modellsorozatot \u00fagy fejlesztett\u00e9k ki, hogy a min\u0151s\u00e9g \u00e9s a teljes\u00edtm\u00e9ny tekintet\u00e9ben a legmagasabb elv\u00e1r\u00e1soknak is megfeleljen.<\/p>\n<p><br><\/p>\n<p>Ez a v\u00e1ltozat alapfelszerelts\u00e9gk\u00e9nt asztali oldalank\u00e9nt k\u00e9t befog\u00e1si tartom\u00e1nyt, valamint az elmozdul\u00e1s m\u00e9r\u00e9s\u00e9t \u00e9s vez\u00e9rl\u00e9s\u00e9t tartalmazza. A g\u00e9peket ebben a sorozatban CNC-asztal-er\u0151szab\u00e1lyz\u00f3val \u00e9s adatb\u00e1zissal sz\u00e1ll\u00edtj\u00e1k, \u00e9s a vev\u0151 k\u00e9r\u00e9s\u00e9re teljesen automatikus 90\u00b0-os hegeszt\u0151berendez\u00e9ssel is felszerelhet\u0151k.<\/p>\n<p><br><\/p>\n<p><\/p>\n<p><strong>A g\u00e9p hegeszt\u00e9si ciklusa teljesen automatikus.<\/strong><\/p>\n<p><strong><br><\/strong><\/p>\n<p><\/p>\n<p><strong>A g\u00e9p a k\u00f6vetkez\u0151 v\u00e1ltozatokban kaphat\u00f3: <\/strong><\/p>\n<p><strong><br><\/strong><\/p>\n<ul>\n<li><strong>2 m, <\/strong><\/li>\n<li><strong>3 m, <\/strong><\/li>\n<li><strong>4 m, <\/strong><\/li>\n<li><strong>5 m <\/strong><\/li>\n<li><strong>vagy <\/strong><strong>6 m.<\/strong><\/li>\n<\/ul>\n<div><b><br><\/b><\/div>\n<p><strong>Hegeszthet\u0151 vastags\u00e1gok: 3 &#8211; 30\/40\/50\/60 mm&nbsp;<\/strong><span style=\"color: var( --e-global-color-text ); font-family: var( --e-global-typography-text-font-family ), arial; font-size: var( --e-global-typography-text-font-size ); font-weight: var( --e-global-typography-text-font-weight ); letter-spacing: 0px;\">modellt\u0151l f\u00fcgg\u0151en.<\/span><strong style=\"color: var( --e-global-color-text ); font-family: var( --e-global-typography-text-font-family ), arial; font-size: var( --e-global-typography-text-font-size ); letter-spacing: 0px;\">.<\/strong><\/p>\n<p><strong><br><\/strong><\/p>\n<p><\/p>\n<p><strong>K\u00e9r\u00e9sre szem\u00e9lyre szabott megold\u00e1sok is rendelkez\u00e9sre \u00e1llnak.<\/strong><\/p>\n<p><strong><br><\/strong><\/p>\n<p><\/p>\n<p><strong>Kieg\u00e9sz\u00edt\u0151 felszerel\u00e9s&nbsp; P-SW<\/strong><\/p>\n<p><strong><br><\/strong><\/p>\n<p><\/p>\n<ul>\n<li>Online diagnosztikai rendszer<\/li>\n<li>A hegeszt\u00e9si ter\u00fclet megvil\u00e1g\u00edt\u00e1sa<\/li>\n<li>M\u00e9retez\u00e9s az asztal mindk\u00e9t oldal\u00e1n&nbsp;<\/li>\n<li>65 mm-es befog\u00e1si magass\u00e1gig t\u00f6rt\u00e9n\u0151 meghosszabb\u00edt\u00e1s, pl. \u00fcreges kamr\u00e1s panelekhez&nbsp;<\/li>\n<li>Lemezemel\u00e9s (csak az egyik oldalon)<\/li>\n<li>Tov\u00e1bbi szor\u00edt\u00f3tartom\u00e1ny oldalank\u00e9nt (2-3 tartom\u00e1nyban)<\/li>\n<li>T-hegeszt\u0151 program (csak a&nbsp; 90\u00b0 L-<\/li>\n<li>sz\u00f6ghegeszt\u0151 k\u00e9sz\u00fcl\u00e9k)<\/li>\n<li>Offset kompenz\u00e1ci\u00f3, a h\u00faz\u00f3- \u00e9s s\u00farl\u00f3d\u00e1si er\u0151k meghat\u00e1roz\u00e1s\u00e1hoz \u00e9s kiegyenl\u00edt\u00e9s\u00e9hez<\/li>\n<li>Automatikus asztali h\u00e9zagbe\u00e1ll\u00edt\u00e1s<\/li>\n<li>T\u00e1vir\u00e1ny\u00edt\u00f3 vagy l\u00e1bkapcsol\u00f3 a fesz\u00edt\u00e9shez<\/li>\n<li>Nyomtat\u00f3 hegeszt\u00e9si jegyz\u0151k\u00f6nyv k\u00e9sz\u00edt\u00e9s\u00e9hez&nbsp; a DVS 2207-11 szabv\u00e1ny szerint<\/li>\n<li>Hangjelz\u00e9s a hegeszt\u00e9si ciklus v\u00e9g\u00e9n<\/li>\n<li>Hosszabb\u00edt\u00f3 karok goly\u00f3s g\u00f6rg\u0151kkel<\/li>\n<li>Automatikus nyom\u00e1segys\u00e9g<\/li>\n<li>Automatikus 90\u00b0-os L-sz\u00f6g\u0171 hegeszt\u0151berendez\u00e9s<\/li>\n<li>Kerek h\u00faz\u00f3eszk\u00f6z<\/li>\n<li>K\u00fcl\u00f6nleges fest\u00e9s<\/li>\n<\/ul>\n<div><br><\/div>\n<p>A k\u00f6vetkez\u0151 modellek \u00e1llnak rendelkez\u00e9sre:<\/p>\n<p><\/p>\n<table>\n<tbody>\n<tr>\n<td width=\"201\"><strong>Modell<\/strong><\/td>\n<td width=\"201\"><strong>Munkasz\u00e9less\u00e9g<\/strong><\/td>\n<td width=\"201\"><strong>Anyagvastags\u00e1g<\/strong><\/td>\n<\/tr>\n<tr>\n<td width=\"201\">20.30 P-SW<\/td>\n<td width=\"201\">2,000 mm<\/td>\n<td width=\"201\">30 mm<\/td>\n<\/tr>\n<tr>\n<td width=\"201\">30.30 P-SW<\/td>\n<td width=\"201\">3,000 mm<\/td>\n<td width=\"201\">30 mm<\/td>\n<\/tr>\n<tr>\n<td width=\"201\">40.30 P-SW<\/td>\n<td width=\"201\">4,000 mm<\/td>\n<td width=\"201\">30 mm<\/td>\n<\/tr>\n<tr>\n<td width=\"201\">50.30 P-SW<\/td>\n<td width=\"201\">5,000 mm<\/td>\n<td width=\"201\">30 mm<\/td>\n<\/tr>\n<tr>\n<td width=\"201\">30.40 P-SW<\/td>\n<td width=\"201\">3,000 mm<\/td>\n<td width=\"201\">40 mm<\/td>\n<\/tr>\n<tr>\n<td width=\"201\">40.40 P-SW<\/td>\n<td width=\"201\">4,000 mm<\/td>\n<td width=\"201\">40 mm<\/td>\n<\/tr>\n<tr>\n<td width=\"201\">50.40 P-SW<\/td>\n<td width=\"201\">5,000 mm<\/td>\n<td width=\"201\">40 mm<\/td>\n<\/tr>\n<tr>\n<td width=\"201\">30.50 P-SW<\/td>\n<td width=\"201\">3,000 mm<\/td>\n<td width=\"201\">50 mm<\/td>\n<\/tr>\n<tr>\n<td width=\"201\">40.50 P-SW<\/td>\n<td width=\"201\">4,000 mm<\/td>\n<td width=\"201\">50 mm<\/td>\n<\/tr>\n<\/tbody>\n<\/table>\t\t\t\t\t\t\t\t<\/div>\n\t\t\t\t<\/div>\n\t\t\t\t<div class=\"elementor-element elementor-element-a3c11f9 elementor-widget elementor-widget-text-editor\" data-id=\"a3c11f9\" data-element_type=\"widget\" data-e-type=\"widget\" data-widget_type=\"text-editor.default\">\n\t\t\t\t<div class=\"elementor-widget-container\">\n\t\t\t\t\t\t\t\t\t<p><b>M\u0171anyaglemezek prec\u00edz automatikus hegeszt\u00e9se<\/p>\n<p><\/b><\/p>\n<p>Az automata panelhegeszt\u0151 g\u00e9pek a legkorszer\u0171bb berendez\u00e9sek, amelyeket k\u00fcl\u00f6nb\u00f6z\u0151 anyagokb\u00f3l k\u00e9sz\u00fclt panelek automatiz\u00e1lt hegeszt\u00e9s\u00e9re terveztek.<\/p>\n<\/p>\n<p>Ezek a g\u00e9pek hat\u00e9kony megold\u00e1st k\u00edn\u00e1lnak a nagym\u00e9ret\u0171 panelszerkezetek gy\u00e1rt\u00e1s\u00e1hoz, \u00e9s lehet\u0151v\u00e9 teszik a hossz\u00fa hegeszt\u00e9si varratok prec\u00edz \u00e9s megb\u00edzhat\u00f3 hegeszt\u00e9s\u00e9t.<\/p>\n<\/p>\n<p>Az automata lemezhegeszt\u0151 g\u00e9pek sz\u00e1mos olyan funkci\u00f3val vannak felszerelve, amelyek optim\u00e1lis hegeszt\u00e9si min\u0151s\u00e9get garant\u00e1lnak.<\/p>\n<p>Ezek k\u00f6z\u00e9 tartozik a prec\u00edz hegeszt\u00e9si \u00e1ramszab\u00e1lyoz\u00e1s, az automatikus hegeszt\u00e9si varratk\u00f6vet\u00e9s \u00e9s -be\u00e1ll\u00edt\u00e1s, valamint az integr\u00e1lt min\u0151s\u00e9gbiztos\u00edt\u00e1si rendszerek.<\/p>\n<p>Ezek a rendszerek folyamatosan figyelemmel k\u00eds\u00e9rik a hegeszt\u00e9si folyamatot, \u00e9s lehet\u0151v\u00e9 teszik az elt\u00e9r\u00e9sek azonnali felismer\u00e9s\u00e9t \u00e9s korrig\u00e1l\u00e1s\u00e1t.<\/p>\n<p>Ezenk\u00edv\u00fcl az automata lemezhegeszt\u0151 g\u00e9pek gyakran felhaszn\u00e1l\u00f3bar\u00e1t kezel\u0151fel\u00fclettel rendelkeznek, amely lehet\u0151v\u00e9 teszi a kezel\u0151 sz\u00e1m\u00e1ra a hegeszt\u00e9si folyamat egyszer\u0171 vez\u00e9rl\u00e9s\u00e9t \u00e9s fel\u00fcgyelet\u00e9t.<\/p>\n<\/p>\n<p><strong>Nagy termel\u00e9kenys\u00e9g\u00fcknek \u00e9s pontoss\u00e1guknak k\u00f6sz\u00f6nhet\u0151en az automata lemezhegeszt\u0151 g\u00e9pek \u00e9rt\u00e9kes beruh\u00e1z\u00e1st jelentenek a nagym\u00e9ret\u0171 lemezszerkezeteket gy\u00e1rt\u00f3 v\u00e1llalatok sz\u00e1m\u00e1ra.<\/strong><\/p>\n<\/p>\n<p>Hat\u00e9kony \u00e9s k\u00f6lts\u00e9ghat\u00e9kony megold\u00e1st k\u00edn\u00e1lnak a panelek hegeszt\u00e9s\u00e9hez k\u00fcl\u00f6nb\u00f6z\u0151 ipar\u00e1gakban, p\u00e9ld\u00e1ul a haj\u00f3\u00e9p\u00edt\u00e9sben, az \u00e9p\u00edt\u0151iparban \u00e9s a speci\u00e1lis alkalmaz\u00e1sok gy\u00e1rt\u00e1s\u00e1ban.<\/p><\/p>\n\t\t\t\t\t\t\t\t<\/div>\n\t\t\t\t<\/div>\n\t\t\t\t\t<\/div>\n\t\t<\/div>\n\t\t\t\t<div class=\"elementor-column elementor-col-50 elementor-inner-column elementor-element elementor-element-7567f51b\" data-id=\"7567f51b\" data-element_type=\"column\" data-e-type=\"column\">\n\t\t\t<div class=\"elementor-widget-wrap elementor-element-populated\">\n\t\t\t\t\t\t<div class=\"elementor-element elementor-element-4a6681b9 elementor-widget__width-initial elementor-widget elementor-widget-image\" data-id=\"4a6681b9\" data-element_type=\"widget\" data-e-type=\"widget\" data-widget_type=\"image.default\">\n\t\t\t\t<div class=\"elementor-widget-container\">\n\t\t\t\t\t\t\t\t\t\t\t\t<figure class=\"wp-caption\">\n\t\t\t\t\t\t\t\t\t\t<img loading=\"lazy\" decoding=\"async\" width=\"300\" height=\"217\" src=\"https:\/\/www.akuplastics.com\/wp-content\/uploads\/2024\/04\/Stumpf-Schweissmaschine-P-SW-300x217.jpg\" class=\"attachment-medium size-medium wp-image-21500\" alt=\"Stumpf-Schwei\u00dfmaschine P-SW\" srcset=\"https:\/\/www.akuplastics.com\/wp-content\/uploads\/2024\/04\/Stumpf-Schweissmaschine-P-SW-300x217.jpg 300w, https:\/\/www.akuplastics.com\/wp-content\/uploads\/2024\/04\/Stumpf-Schweissmaschine-P-SW-768x557.jpg 768w, https:\/\/www.akuplastics.com\/wp-content\/uploads\/2024\/04\/Stumpf-Schweissmaschine-P-SW.jpg 1024w\" sizes=\"auto, (max-width: 300px) 100vw, 300px\" \/>\t\t\t\t\t\t\t\t\t\t\t<figcaption class=\"widget-image-caption wp-caption-text\">P-SW tompahegeszt\u0151g\u00e9p asztaloldalank\u00e9nt k\u00e9t befog\u00e1si ter\u00fclettel, valamint p\u00e1lyam\u00e9r\u00e9ssel \u00e9s p\u00e1lyavez\u00e9rl\u00e9ssel.<\/figcaption>\n\t\t\t\t\t\t\t\t\t\t<\/figure>\n\t\t\t\t\t\t\t\t\t<\/div>\n\t\t\t\t<\/div>\n\t\t\t\t\t<\/div>\n\t\t<\/div>\n\t\t\t\t\t<\/div>\n\t\t<\/section>\n\t\t\t\t\t<\/div>\n\t\t<\/div>\n\t\t\t\t\t<\/div>\n\t\t<\/section>\n\t\t\t\t<\/div>\n\t\t","protected":false},"excerpt":{"rendered":"<p>Automatikus tompahegeszt\u0151g\u00e9p k\u00e9t r\u00f6gz\u00edt\u00e9si tartom\u00e1nyban, asztaloldalank\u00e9nt \u00datvonalm\u00e9r\u00e9s \u00e9s \u00fatvonalvez\u00e9rl\u00e9s Az SW modellsorozatot \u00fagy fejlesztett\u00e9k ki, hogy a min\u0151s\u00e9g \u00e9s a teljes\u00edtm\u00e9ny tekintet\u00e9ben a legmagasabb elv\u00e1r\u00e1soknak is megfeleljen. Ez a v\u00e1ltozat alapfelszerelts\u00e9gk\u00e9nt asztali oldalank\u00e9nt k\u00e9t befog\u00e1si tartom\u00e1nyt, valamint az elmozdul\u00e1s m\u00e9r\u00e9s\u00e9t \u00e9s vez\u00e9rl\u00e9s\u00e9t tartalmazza. A g\u00e9peket ebben a sorozatban CNC-asztal-er\u0151szab\u00e1lyz\u00f3val \u00e9s adatb\u00e1zissal sz\u00e1ll\u00edtj\u00e1k, \u00e9s a vev\u0151 [&hellip;]<\/p>\n","protected":false},"author":3,"featured_media":0,"parent":9403,"menu_order":0,"comment_status":"closed","ping_status":"closed","template":"","meta":{"iawp_total_views":2,"footnotes":""},"class_list":["post-21508","page","type-page","status-publish","hentry"],"yoast_head":"<!-- This site is optimized with the Yoast SEO Premium plugin v27.4 (Yoast SEO v27.5) - https:\/\/yoast.com\/product\/yoast-seo-premium-wordpress\/ -->\n<title>aphegeszt\u0151 g\u00e9p hegeszt\u0151g\u00e9p CNC automatikus m\u0171anyag feldolgoz\u00e1s<\/title>\n<meta name=\"description\" content=\"Az SW modellsorozatot \u00fagy fejlesztett\u00e9k ki, hogy a min\u0151s\u00e9g \u00e9s a teljes\u00edtm\u00e9ny tekintet\u00e9ben a legmagasabb elv\u00e1r\u00e1soknak is megfeleljen. Ez a v\u00e1ltozat alapfelszerelts\u00e9gk\u00e9nt asztali oldalank\u00e9nt k\u00e9t befog\u00e1si tartom\u00e1nyt, valamint az elmozdul\u00e1s m\u00e9r\u00e9s\u00e9t \u00e9s vez\u00e9rl\u00e9s\u00e9t tartalmazza. A g\u00e9peket ebben a sorozatban CNC-asztal-er\u0151szab\u00e1lyz\u00f3val \u00e9s adatb\u00e1zissal sz\u00e1ll\u00edtj\u00e1k, \u00e9s a vev\u0151 k\u00e9r\u00e9s\u00e9re teljesen automatikus 90\u00b0-os hegeszt\u0151berendez\u00e9ssel is felszerelhet\u0151k.\" \/>\n<meta name=\"robots\" content=\"index, follow, max-snippet:-1, max-image-preview:large, max-video-preview:-1\" \/>\n<link rel=\"canonical\" href=\"https:\/\/www.akuplastics.com\/hu\/gepek-es-eszkoezoek\/p-sw-tompahegeszto-gep\/\" \/>\n<script type=\"application\/ld+json\" class=\"yoast-schema-graph\">{\"@context\":\"https:\\\/\\\/schema.org\",\"@graph\":[{\"@type\":\"WebPage\",\"@id\":\"https:\\\/\\\/www.akuplastics.com\\\/hu\\\/gepek-es-eszkoezoek\\\/p-sw-tompahegeszto-gep\\\/\",\"url\":\"https:\\\/\\\/www.akuplastics.com\\\/hu\\\/gepek-es-eszkoezoek\\\/p-sw-tompahegeszto-gep\\\/\",\"name\":\"aphegeszt\u0151 g\u00e9p hegeszt\u0151g\u00e9p CNC automatikus m\u0171anyag feldolgoz\u00e1s\",\"isPartOf\":{\"@id\":\"https:\\\/\\\/www.akuplastics.com\\\/hu\\\/#website\"},\"primaryImageOfPage\":{\"@id\":\"https:\\\/\\\/www.akuplastics.com\\\/hu\\\/gepek-es-eszkoezoek\\\/p-sw-tompahegeszto-gep\\\/#primaryimage\"},\"image\":{\"@id\":\"https:\\\/\\\/www.akuplastics.com\\\/hu\\\/gepek-es-eszkoezoek\\\/p-sw-tompahegeszto-gep\\\/#primaryimage\"},\"thumbnailUrl\":\"https:\\\/\\\/www.akuplastics.com\\\/wp-content\\\/uploads\\\/2024\\\/04\\\/Stumpf-Schweissmaschine-P-SW-300x217.jpg\",\"datePublished\":\"2024-04-12T16:24:57+00:00\",\"dateModified\":\"2024-10-14T14:56:37+00:00\",\"description\":\"Az SW modellsorozatot \u00fagy fejlesztett\u00e9k ki, hogy a min\u0151s\u00e9g \u00e9s a teljes\u00edtm\u00e9ny tekintet\u00e9ben a legmagasabb elv\u00e1r\u00e1soknak is megfeleljen. Ez a v\u00e1ltozat alapfelszerelts\u00e9gk\u00e9nt asztali oldalank\u00e9nt k\u00e9t befog\u00e1si tartom\u00e1nyt, valamint az elmozdul\u00e1s m\u00e9r\u00e9s\u00e9t \u00e9s vez\u00e9rl\u00e9s\u00e9t tartalmazza. A g\u00e9peket ebben a sorozatban CNC-asztal-er\u0151szab\u00e1lyz\u00f3val \u00e9s adatb\u00e1zissal sz\u00e1ll\u00edtj\u00e1k, \u00e9s a vev\u0151 k\u00e9r\u00e9s\u00e9re teljesen automatikus 90\u00b0-os hegeszt\u0151berendez\u00e9ssel is felszerelhet\u0151k.\",\"breadcrumb\":{\"@id\":\"https:\\\/\\\/www.akuplastics.com\\\/hu\\\/gepek-es-eszkoezoek\\\/p-sw-tompahegeszto-gep\\\/#breadcrumb\"},\"inLanguage\":\"hu\",\"potentialAction\":[{\"@type\":\"ReadAction\",\"target\":[\"https:\\\/\\\/www.akuplastics.com\\\/hu\\\/gepek-es-eszkoezoek\\\/p-sw-tompahegeszto-gep\\\/\"]}]},{\"@type\":\"ImageObject\",\"inLanguage\":\"hu\",\"@id\":\"https:\\\/\\\/www.akuplastics.com\\\/hu\\\/gepek-es-eszkoezoek\\\/p-sw-tompahegeszto-gep\\\/#primaryimage\",\"url\":\"https:\\\/\\\/www.akuplastics.com\\\/wp-content\\\/uploads\\\/2024\\\/04\\\/Stumpf-Schweissmaschine-P-SW-300x217.jpg\",\"contentUrl\":\"https:\\\/\\\/www.akuplastics.com\\\/wp-content\\\/uploads\\\/2024\\\/04\\\/Stumpf-Schweissmaschine-P-SW-300x217.jpg\"},{\"@type\":\"BreadcrumbList\",\"@id\":\"https:\\\/\\\/www.akuplastics.com\\\/hu\\\/gepek-es-eszkoezoek\\\/p-sw-tompahegeszto-gep\\\/#breadcrumb\",\"itemListElement\":[{\"@type\":\"ListItem\",\"position\":1,\"name\":\"Kezd\u0151lap\",\"item\":\"https:\\\/\\\/www.akuplastics.com\\\/hu\\\/\"},{\"@type\":\"ListItem\",\"position\":2,\"name\":\"G\u00e9pek \u00e9s eszk\u00f6z\u00f6k\",\"item\":\"https:\\\/\\\/www.akuplastics.com\\\/hu\\\/gepek-es-eszkoezoek\\\/\"},{\"@type\":\"ListItem\",\"position\":3,\"name\":\"P-SW tompahegeszt\u0151 g\u00e9p\"}]},{\"@type\":\"WebSite\",\"@id\":\"https:\\\/\\\/www.akuplastics.com\\\/hu\\\/#website\",\"url\":\"https:\\\/\\\/www.akuplastics.com\\\/hu\\\/\",\"name\":\"Semi-Finished Products \u2013 Finished Parts \u2013 Ventilation Moulded Parts \u2013 Machines\",\"description\":\"Halbzeuge, Halbfabrikate, Kunststoffhalbzeuge, Kunststoffhalbfabrikate\",\"publisher\":{\"@id\":\"https:\\\/\\\/www.akuplastics.com\\\/hu\\\/#organization\"},\"alternateName\":\"AKUPLASTICS \u2013 Engineering in Plastics\",\"potentialAction\":[{\"@type\":\"SearchAction\",\"target\":{\"@type\":\"EntryPoint\",\"urlTemplate\":\"https:\\\/\\\/www.akuplastics.com\\\/hu\\\/?s={search_term_string}\"},\"query-input\":{\"@type\":\"PropertyValueSpecification\",\"valueRequired\":true,\"valueName\":\"search_term_string\"}}],\"inLanguage\":\"hu\"},{\"@type\":\"Organization\",\"@id\":\"https:\\\/\\\/www.akuplastics.com\\\/hu\\\/#organization\",\"name\":\"Ing. Christian Ahlborn e.U.\",\"alternateName\":\"AKU\",\"url\":\"https:\\\/\\\/www.akuplastics.com\\\/hu\\\/\",\"logo\":{\"@type\":\"ImageObject\",\"inLanguage\":\"hu\",\"@id\":\"https:\\\/\\\/www.akuplastics.com\\\/hu\\\/#\\\/schema\\\/logo\\\/image\\\/\",\"url\":\"https:\\\/\\\/www.akuplastics.com\\\/wp-content\\\/uploads\\\/2020\\\/07\\\/Grafik14-inkl-r.png\",\"contentUrl\":\"https:\\\/\\\/www.akuplastics.com\\\/wp-content\\\/uploads\\\/2020\\\/07\\\/Grafik14-inkl-r.png\",\"width\":1994,\"height\":743,\"caption\":\"Ing. Christian Ahlborn e.U.\"},\"image\":{\"@id\":\"https:\\\/\\\/www.akuplastics.com\\\/hu\\\/#\\\/schema\\\/logo\\\/image\\\/\"}}]}<\/script>\n<!-- \/ Yoast SEO Premium plugin. -->","yoast_head_json":{"title":"aphegeszt\u0151 g\u00e9p hegeszt\u0151g\u00e9p CNC automatikus m\u0171anyag feldolgoz\u00e1s","description":"Az SW modellsorozatot \u00fagy fejlesztett\u00e9k ki, hogy a min\u0151s\u00e9g \u00e9s a teljes\u00edtm\u00e9ny tekintet\u00e9ben a legmagasabb elv\u00e1r\u00e1soknak is megfeleljen. Ez a v\u00e1ltozat alapfelszerelts\u00e9gk\u00e9nt asztali oldalank\u00e9nt k\u00e9t befog\u00e1si tartom\u00e1nyt, valamint az elmozdul\u00e1s m\u00e9r\u00e9s\u00e9t \u00e9s vez\u00e9rl\u00e9s\u00e9t tartalmazza. A g\u00e9peket ebben a sorozatban CNC-asztal-er\u0151szab\u00e1lyz\u00f3val \u00e9s adatb\u00e1zissal sz\u00e1ll\u00edtj\u00e1k, \u00e9s a vev\u0151 k\u00e9r\u00e9s\u00e9re teljesen automatikus 90\u00b0-os hegeszt\u0151berendez\u00e9ssel is felszerelhet\u0151k.","robots":{"index":"index","follow":"follow","max-snippet":"max-snippet:-1","max-image-preview":"max-image-preview:large","max-video-preview":"max-video-preview:-1"},"canonical":"https:\/\/www.akuplastics.com\/hu\/gepek-es-eszkoezoek\/p-sw-tompahegeszto-gep\/","schema":{"@context":"https:\/\/schema.org","@graph":[{"@type":"WebPage","@id":"https:\/\/www.akuplastics.com\/hu\/gepek-es-eszkoezoek\/p-sw-tompahegeszto-gep\/","url":"https:\/\/www.akuplastics.com\/hu\/gepek-es-eszkoezoek\/p-sw-tompahegeszto-gep\/","name":"aphegeszt\u0151 g\u00e9p hegeszt\u0151g\u00e9p CNC automatikus m\u0171anyag feldolgoz\u00e1s","isPartOf":{"@id":"https:\/\/www.akuplastics.com\/hu\/#website"},"primaryImageOfPage":{"@id":"https:\/\/www.akuplastics.com\/hu\/gepek-es-eszkoezoek\/p-sw-tompahegeszto-gep\/#primaryimage"},"image":{"@id":"https:\/\/www.akuplastics.com\/hu\/gepek-es-eszkoezoek\/p-sw-tompahegeszto-gep\/#primaryimage"},"thumbnailUrl":"https:\/\/www.akuplastics.com\/wp-content\/uploads\/2024\/04\/Stumpf-Schweissmaschine-P-SW-300x217.jpg","datePublished":"2024-04-12T16:24:57+00:00","dateModified":"2024-10-14T14:56:37+00:00","description":"Az SW modellsorozatot \u00fagy fejlesztett\u00e9k ki, hogy a min\u0151s\u00e9g \u00e9s a teljes\u00edtm\u00e9ny tekintet\u00e9ben a legmagasabb elv\u00e1r\u00e1soknak is megfeleljen. Ez a v\u00e1ltozat alapfelszerelts\u00e9gk\u00e9nt asztali oldalank\u00e9nt k\u00e9t befog\u00e1si tartom\u00e1nyt, valamint az elmozdul\u00e1s m\u00e9r\u00e9s\u00e9t \u00e9s vez\u00e9rl\u00e9s\u00e9t tartalmazza. A g\u00e9peket ebben a sorozatban CNC-asztal-er\u0151szab\u00e1lyz\u00f3val \u00e9s adatb\u00e1zissal sz\u00e1ll\u00edtj\u00e1k, \u00e9s a vev\u0151 k\u00e9r\u00e9s\u00e9re teljesen automatikus 90\u00b0-os hegeszt\u0151berendez\u00e9ssel is felszerelhet\u0151k.","breadcrumb":{"@id":"https:\/\/www.akuplastics.com\/hu\/gepek-es-eszkoezoek\/p-sw-tompahegeszto-gep\/#breadcrumb"},"inLanguage":"hu","potentialAction":[{"@type":"ReadAction","target":["https:\/\/www.akuplastics.com\/hu\/gepek-es-eszkoezoek\/p-sw-tompahegeszto-gep\/"]}]},{"@type":"ImageObject","inLanguage":"hu","@id":"https:\/\/www.akuplastics.com\/hu\/gepek-es-eszkoezoek\/p-sw-tompahegeszto-gep\/#primaryimage","url":"https:\/\/www.akuplastics.com\/wp-content\/uploads\/2024\/04\/Stumpf-Schweissmaschine-P-SW-300x217.jpg","contentUrl":"https:\/\/www.akuplastics.com\/wp-content\/uploads\/2024\/04\/Stumpf-Schweissmaschine-P-SW-300x217.jpg"},{"@type":"BreadcrumbList","@id":"https:\/\/www.akuplastics.com\/hu\/gepek-es-eszkoezoek\/p-sw-tompahegeszto-gep\/#breadcrumb","itemListElement":[{"@type":"ListItem","position":1,"name":"Kezd\u0151lap","item":"https:\/\/www.akuplastics.com\/hu\/"},{"@type":"ListItem","position":2,"name":"G\u00e9pek \u00e9s eszk\u00f6z\u00f6k","item":"https:\/\/www.akuplastics.com\/hu\/gepek-es-eszkoezoek\/"},{"@type":"ListItem","position":3,"name":"P-SW tompahegeszt\u0151 g\u00e9p"}]},{"@type":"WebSite","@id":"https:\/\/www.akuplastics.com\/hu\/#website","url":"https:\/\/www.akuplastics.com\/hu\/","name":"Semi-Finished Products \u2013 Finished Parts \u2013 Ventilation Moulded Parts \u2013 Machines","description":"Halbzeuge, Halbfabrikate, Kunststoffhalbzeuge, Kunststoffhalbfabrikate","publisher":{"@id":"https:\/\/www.akuplastics.com\/hu\/#organization"},"alternateName":"AKUPLASTICS \u2013 Engineering in Plastics","potentialAction":[{"@type":"SearchAction","target":{"@type":"EntryPoint","urlTemplate":"https:\/\/www.akuplastics.com\/hu\/?s={search_term_string}"},"query-input":{"@type":"PropertyValueSpecification","valueRequired":true,"valueName":"search_term_string"}}],"inLanguage":"hu"},{"@type":"Organization","@id":"https:\/\/www.akuplastics.com\/hu\/#organization","name":"Ing. Christian Ahlborn e.U.","alternateName":"AKU","url":"https:\/\/www.akuplastics.com\/hu\/","logo":{"@type":"ImageObject","inLanguage":"hu","@id":"https:\/\/www.akuplastics.com\/hu\/#\/schema\/logo\/image\/","url":"https:\/\/www.akuplastics.com\/wp-content\/uploads\/2020\/07\/Grafik14-inkl-r.png","contentUrl":"https:\/\/www.akuplastics.com\/wp-content\/uploads\/2020\/07\/Grafik14-inkl-r.png","width":1994,"height":743,"caption":"Ing. Christian Ahlborn e.U."},"image":{"@id":"https:\/\/www.akuplastics.com\/hu\/#\/schema\/logo\/image\/"}}]}},"_links":{"self":[{"href":"https:\/\/www.akuplastics.com\/hu\/wp-json\/wp\/v2\/pages\/21508","targetHints":{"allow":["GET"]}}],"collection":[{"href":"https:\/\/www.akuplastics.com\/hu\/wp-json\/wp\/v2\/pages"}],"about":[{"href":"https:\/\/www.akuplastics.com\/hu\/wp-json\/wp\/v2\/types\/page"}],"author":[{"embeddable":true,"href":"https:\/\/www.akuplastics.com\/hu\/wp-json\/wp\/v2\/users\/3"}],"replies":[{"embeddable":true,"href":"https:\/\/www.akuplastics.com\/hu\/wp-json\/wp\/v2\/comments?post=21508"}],"version-history":[{"count":11,"href":"https:\/\/www.akuplastics.com\/hu\/wp-json\/wp\/v2\/pages\/21508\/revisions"}],"predecessor-version":[{"id":25215,"href":"https:\/\/www.akuplastics.com\/hu\/wp-json\/wp\/v2\/pages\/21508\/revisions\/25215"}],"up":[{"embeddable":true,"href":"https:\/\/www.akuplastics.com\/hu\/wp-json\/wp\/v2\/pages\/9403"}],"wp:attachment":[{"href":"https:\/\/www.akuplastics.com\/hu\/wp-json\/wp\/v2\/media?parent=21508"}],"curies":[{"name":"wp","href":"https:\/\/api.w.org\/{rel}","templated":true}]}}