{"id":21476,"date":"2024-04-12T18:09:57","date_gmt":"2024-04-12T16:09:57","guid":{"rendered":"https:\/\/www.akuplastics.com\/felueleti-hegesztogep\/"},"modified":"2025-03-29T16:39:34","modified_gmt":"2025-03-29T15:39:34","slug":"felueleti-hegesztogep","status":"publish","type":"page","link":"https:\/\/www.akuplastics.com\/hu\/felueleti-hegesztogep\/","title":{"rendered":"Fel\u00fcleti hegeszt\u0151g\u00e9p"},"content":{"rendered":"\t\t<div data-elementor-type=\"wp-page\" data-elementor-id=\"21476\" class=\"elementor elementor-21476 elementor-21434\" data-elementor-post-type=\"page\">\n\t\t\t\t\t\t<section class=\"elementor-section elementor-top-section elementor-element elementor-element-20ab3f5 elementor-section-boxed elementor-section-height-default elementor-section-height-default\" data-id=\"20ab3f5\" data-element_type=\"section\" data-e-type=\"section\">\n\t\t\t\t\t\t<div class=\"elementor-container elementor-column-gap-default\">\n\t\t\t\t\t<div class=\"elementor-column elementor-col-50 elementor-top-column elementor-element elementor-element-0c3e5d5\" data-id=\"0c3e5d5\" data-element_type=\"column\" data-e-type=\"column\">\n\t\t\t<div class=\"elementor-widget-wrap elementor-element-populated\">\n\t\t\t\t\t\t<div class=\"elementor-element elementor-element-b47ab76 elementor-widget__width-initial elementor-widget elementor-widget-text-editor\" data-id=\"b47ab76\" data-element_type=\"widget\" data-e-type=\"widget\" data-widget_type=\"text-editor.default\">\n\t\t\t\t<div class=\"elementor-widget-container\">\n\t\t\t\t\t\t\t\t\t<h1>Fel\u00fclethegeszt\u0151 g\u00e9p raklapokhoz vagy panelekhez<\/h1>\n<p><\/p>\n<p>Az Y-P-SF sorozat\u00fa fel\u00fclethegeszt\u0151 g\u00e9pek robusztus, minden ig\u00e9nyt kiel\u00e9g\u00edt\u0151 g\u00e9pek, amelyeket nagy fel\u00fclet\u0171, v\u00edzszintes elrendez\u00e9s\u0171 alkatr\u00e9szek hegeszt\u00e9s\u00e9re fejlesztettek ki.<\/p>\n<p><\/p>\n<p>A hegeszt\u00e9si ciklus teljesen automatikusan zajlik, \u00e9s a legfontosabb hegeszt\u00e9si param\u00e9tereket egy k\u00f6zponti sz\u00e1m\u00edt\u00f3g\u00e9p hat\u00e1rozza meg.<\/p>\n<p><\/p>\n<p>A minim\u00e1lis munkasz\u00e9less\u00e9g 0,6 x 0,6 m (06.06 SP modell), m\u00edg a maxim\u00e1lis sz\u00e9less\u00e9g 2 x 2 m (20.20 SP modell).<\/p>\n<p><\/p>\n<p><strong>Ezek a g\u00e9pek alkalmasak az \u00f6sszes szok\u00e1sos h\u0151re l\u00e1gyul\u00f3 anyag feldolgoz\u00e1s\u00e1ra.<\/strong><\/p>\n<p><strong>&nbsp;<\/strong><\/p>\n<p><strong>Kieg\u00e9sz\u00edt\u0151 berendez\u00e9sek&nbsp;Y-P-SF<\/strong><\/p>\n<ul>\n<li>Tov\u00e1bbi r\u00f6gz\u00edt\u00e9si ter\u00fcletek t\u00f6bb munkadarab r\u00f6gz\u00edt\u00e9s\u00e9hez<\/li>\n<li>G\u00e9pburkolat elsz\u00edv\u00f3 f\u00fav\u00f3k\u00e1val (f\u00fav\u00f3ka n\u00e9lk\u00fcl), a hegeszt\u00e9si g\u00e1zok elt\u00e1vol\u00edt\u00e1s\u00e1hoz<\/li>\n<li>Biztons\u00e1gi ajt\u00f3 a g\u00e9p k\u00e9zi bet\u00f6lt\u00e9s\u00e9hez \u00e9s \u00fcr\u00edt\u00e9s\u00e9hez<\/li>\n<li>Sz\u00e9less\u00e9g\u00e1ll\u00edt\u00e1si tartom\u00e1ny sz\u00e1ll\u00edt\u00f3egys\u00e9g az automatikus&nbsp;be- \u00e9s kirakod\u00e1shoz.<\/li>\n<li>A term\u00e9kek kiterjeszt\u00e9se, bele\u00e9rtve a k\u00f6vetkez\u0151ket. Bet\u00e1pl\u00e1l\u00f3 \u00e9s v\u00e9grakod\u00f3 sz\u00e1ll\u00edt\u00f3szalag<\/li>\n<li>K\u00fcl\u00f6nleges energiaell\u00e1t\u00e1s k\u00e9r\u00e9sre<\/li>\n<li>Er\u0151m\u00e9r\u0151 rendszer er\u0151szab\u00e1lyoz\u00e1ssal \u00e9s offset kompenz\u00e1ci\u00f3val,&nbsp;FESTO<\/li>\n<li>Teljes megold\u00e1s, bele\u00e9rtve a k\u00f6vetkez\u0151ket. Nyomtat\u00f3<\/li>\n<li>K\u00fcl\u00f6nleges fest\u00e9s<\/li>\n<li>Online diagnosztikai rendszer&nbsp;<\/li>\n<\/ul>\n<p><strong>&nbsp;<\/strong><\/p>\n<p>A k\u00f6vetkez\u0151 modellek \u00e1llnak rendelkez\u00e9sre:<\/p>\n<table style=\"background-color: #ffffff; margin-bottom: 20px; margin-top: 0px; width: 693px; border: 1px solid #e9e9e9; color: #706e6f; font-family: Helvetica, Arial; font-size: 14px; text-align: center; height: 153px;\" width=\"0\">\n<tbody>\n<tr>\n<td style=\"border-color: #e9e9e9; line-height: 1.42857; padding: 5px; vertical-align: middle;\" width=\"151\">\n<p style=\"margin-top: 0px; margin-bottom: 0.9375rem; word-break: break-word; overflow-wrap: break-word;\"><strong style=\"font-weight: bold;\">Modell<\/strong><\/p>\n<\/td>\n<td style=\"border-color: #e9e9e9; line-height: 1.42857; padding: 5px; vertical-align: middle;\" width=\"151\"><strong style=\"font-weight: bold;\">Max. Munkafel\u00fclet<\/strong><\/td>\n<\/tr>\n<tr>\n<td style=\"border-color: #e9e9e9; line-height: 1.42857; padding: 5px; vertical-align: middle;\" width=\"151\">06.06 Y-P-SF<\/td>\n<td style=\"border-color: #e9e9e9; line-height: 1.42857; padding: 5px; vertical-align: middle;\" width=\"151\">650 x 650 mm<\/td>\n<\/tr>\n<tr>\n<td style=\"border-color: #e9e9e9; line-height: 1.42857; padding: 5px; vertical-align: middle;\" width=\"151\">12.08 Y-P-SF<\/td>\n<td style=\"border-color: #e9e9e9; line-height: 1.42857; padding: 5px; vertical-align: middle;\" width=\"151\">1,205 x 850 mm<\/td>\n<\/tr>\n<tr>\n<td style=\"border-color: #e9e9e9; line-height: 1.42857; padding: 5px; vertical-align: middle;\" width=\"151\">12.12 Y-P-SF<\/td>\n<td style=\"border-color: #e9e9e9; line-height: 1.42857; padding: 5px; vertical-align: middle;\" width=\"151\">1,250 x 1,250 mm<\/td>\n<\/tr>\n<\/tbody>\n<\/table>\t\t\t\t\t\t\t\t<\/div>\n\t\t\t\t<\/div>\n\t\t\t\t\t<\/div>\n\t\t<\/div>\n\t\t\t\t<div class=\"elementor-column elementor-col-50 elementor-top-column elementor-element elementor-element-28dbbbc\" data-id=\"28dbbbc\" data-element_type=\"column\" data-e-type=\"column\">\n\t\t\t<div class=\"elementor-widget-wrap elementor-element-populated\">\n\t\t\t\t\t\t<div class=\"elementor-element elementor-element-ed8acd1 elementor-widget elementor-widget-image\" data-id=\"ed8acd1\" data-element_type=\"widget\" data-e-type=\"widget\" data-widget_type=\"image.default\">\n\t\t\t\t<div class=\"elementor-widget-container\">\n\t\t\t\t\t\t\t\t\t\t\t\t<figure class=\"wp-caption\">\n\t\t\t\t\t\t\t\t\t\t<img loading=\"lazy\" decoding=\"async\" width=\"300\" height=\"225\" src=\"https:\/\/www.akuplastics.com\/wp-content\/uploads\/2024\/04\/Flaechenschweissanlage-innen-300x225.jpg\" class=\"attachment-medium size-medium wp-image-21444\" alt=\"Fl\u00e4chen-Schwei\u00dfmaschine Y-P-SF f\u00fcr Paletten oder Paneele\" srcset=\"https:\/\/www.akuplastics.com\/wp-content\/uploads\/2024\/04\/Flaechenschweissanlage-innen-300x225.jpg 300w, https:\/\/www.akuplastics.com\/wp-content\/uploads\/2024\/04\/Flaechenschweissanlage-innen-768x576.jpg 768w, https:\/\/www.akuplastics.com\/wp-content\/uploads\/2024\/04\/Flaechenschweissanlage-innen.jpg 1024w\" sizes=\"auto, (max-width: 300px) 100vw, 300px\" \/>\t\t\t\t\t\t\t\t\t\t\t<figcaption class=\"widget-image-caption wp-caption-text\">Y-P-SF fel\u00fclethegeszt\u0151 g\u00e9p raklapokhoz vagy panelekhez<\/figcaption>\n\t\t\t\t\t\t\t\t\t\t<\/figure>\n\t\t\t\t\t\t\t\t\t<\/div>\n\t\t\t\t<\/div>\n\t\t\t\t<div class=\"elementor-element elementor-element-771693b elementor-widget elementor-widget-image\" data-id=\"771693b\" data-element_type=\"widget\" data-e-type=\"widget\" data-widget_type=\"image.default\">\n\t\t\t\t<div class=\"elementor-widget-container\">\n\t\t\t\t\t\t\t\t\t\t\t\t<figure class=\"wp-caption\">\n\t\t\t\t\t\t\t\t\t\t<img loading=\"lazy\" decoding=\"async\" width=\"300\" height=\"267\" src=\"https:\/\/www.akuplastics.com\/wp-content\/uploads\/2024\/04\/Flaechenschweissanlage-300x267.jpg\" class=\"attachment-medium size-medium wp-image-21441\" alt=\"Fl\u00e4chen-Schwei\u00dfmaschine Y-P-SF f\u00fcr Paletten oder Paneele\" srcset=\"https:\/\/www.akuplastics.com\/wp-content\/uploads\/2024\/04\/Flaechenschweissanlage-300x267.jpg 300w, https:\/\/www.akuplastics.com\/wp-content\/uploads\/2024\/04\/Flaechenschweissanlage-768x683.jpg 768w, https:\/\/www.akuplastics.com\/wp-content\/uploads\/2024\/04\/Flaechenschweissanlage.jpg 926w\" sizes=\"auto, (max-width: 300px) 100vw, 300px\" \/>\t\t\t\t\t\t\t\t\t\t\t<figcaption class=\"widget-image-caption wp-caption-text\">Y-P-SF fel\u00fclethegeszt\u0151 g\u00e9p raklapokhoz vagy panelekhez<\/figcaption>\n\t\t\t\t\t\t\t\t\t\t<\/figure>\n\t\t\t\t\t\t\t\t\t<\/div>\n\t\t\t\t<\/div>\n\t\t\t\t<div class=\"elementor-element elementor-element-ec63390 elementor-widget elementor-widget-image\" data-id=\"ec63390\" data-element_type=\"widget\" data-e-type=\"widget\" data-widget_type=\"image.default\">\n\t\t\t\t<div class=\"elementor-widget-container\">\n\t\t\t\t\t\t\t\t\t\t\t\t<figure class=\"wp-caption\">\n\t\t\t\t\t\t\t\t\t\t<img loading=\"lazy\" decoding=\"async\" width=\"300\" height=\"166\" src=\"https:\/\/www.akuplastics.com\/wp-content\/uploads\/2024\/04\/Flaechenschweissanlage-Produkte-300x166.jpg\" class=\"attachment-medium size-medium wp-image-21438\" alt=\"Produkte der Fl\u00e4chen-Schwei\u00dfmaschine Y-P-SF\" srcset=\"https:\/\/www.akuplastics.com\/wp-content\/uploads\/2024\/04\/Flaechenschweissanlage-Produkte-300x166.jpg 300w, https:\/\/www.akuplastics.com\/wp-content\/uploads\/2024\/04\/Flaechenschweissanlage-Produkte-768x426.jpg 768w, https:\/\/www.akuplastics.com\/wp-content\/uploads\/2024\/04\/Flaechenschweissanlage-Produkte.jpg 905w\" sizes=\"auto, (max-width: 300px) 100vw, 300px\" \/>\t\t\t\t\t\t\t\t\t\t\t<figcaption class=\"widget-image-caption wp-caption-text\">Az Y-P-SF fel\u00fclethegeszt\u0151 g\u00e9p term\u00e9kei <\/figcaption>\n\t\t\t\t\t\t\t\t\t\t<\/figure>\n\t\t\t\t\t\t\t\t\t<\/div>\n\t\t\t\t<\/div>\n\t\t\t\t<div class=\"elementor-element elementor-element-a49999f elementor-widget elementor-widget-video\" data-id=\"a49999f\" data-element_type=\"widget\" data-e-type=\"widget\" data-settings=\"{&quot;video_type&quot;:&quot;hosted&quot;,&quot;controls&quot;:&quot;yes&quot;}\" data-widget_type=\"video.default\">\n\t\t\t\t<div class=\"elementor-widget-container\">\n\t\t\t\t\t\t\t<div class=\"e-hosted-video elementor-wrapper elementor-open-inline\">\n\t\t\t\t\t<video class=\"elementor-video\" src=\"https:\/\/www.akuplastics.com\/wp-content\/uploads\/2025\/03\/AKU-KG-Palettenschweissanlage.webm\" controls=\"\" preload=\"metadata\" controlsList=\"nodownload\" poster=\"https:\/\/www.akuplastics.com\/wp-content\/uploads\/2024\/04\/Flaechenschweissanlage.jpg\"><\/video>\n\t\t\t\t<\/div>\n\t\t\t\t\t\t<\/div>\n\t\t\t\t<\/div>\n\t\t\t\t\t<\/div>\n\t\t<\/div>\n\t\t\t\t\t<\/div>\n\t\t<\/section>\n\t\t\t\t<\/div>\n\t\t","protected":false},"excerpt":{"rendered":"<p>Fel\u00fclethegeszt\u0151 g\u00e9p raklapokhoz vagy panelekhez Az Y-P-SF sorozat\u00fa fel\u00fclethegeszt\u0151 g\u00e9pek robusztus, minden ig\u00e9nyt kiel\u00e9g\u00edt\u0151 g\u00e9pek, amelyeket nagy fel\u00fclet\u0171, v\u00edzszintes elrendez\u00e9s\u0171 alkatr\u00e9szek hegeszt\u00e9s\u00e9re fejlesztettek ki. A hegeszt\u00e9si ciklus teljesen automatikusan zajlik, \u00e9s a legfontosabb hegeszt\u00e9si param\u00e9tereket egy k\u00f6zponti sz\u00e1m\u00edt\u00f3g\u00e9p hat\u00e1rozza meg. A minim\u00e1lis munkasz\u00e9less\u00e9g 0,6 x 0,6 m (06.06 SP modell), m\u00edg a maxim\u00e1lis sz\u00e9less\u00e9g 2 [&hellip;]<\/p>\n","protected":false},"author":3,"featured_media":0,"parent":0,"menu_order":0,"comment_status":"closed","ping_status":"closed","template":"elementor_header_footer","meta":{"iawp_total_views":0,"footnotes":""},"class_list":["post-21476","page","type-page","status-publish","hentry"],"yoast_head":"<!-- This site is optimized with the Yoast SEO Premium plugin v27.4 (Yoast SEO v27.5) - https:\/\/yoast.com\/product\/yoast-seo-premium-wordpress\/ -->\n<title>Fel\u00fclethegeszt\u0151 g\u00e9p Raklapok Panelek M\u0171anyag hegeszt\u0151g\u00e9p Hegeszt\u00e9si rendszer<\/title>\n<meta name=\"description\" content=\"Az Y-P-SF sorozat\u00fa fel\u00fclethegeszt\u0151 g\u00e9pek robusztus, minden ig\u00e9nyt kiel\u00e9g\u00edt\u0151 g\u00e9pek, amelyeket nagy fel\u00fclet\u0171, v\u00edzszintes elrendez\u00e9s\u0171 alkatr\u00e9szek hegeszt\u00e9s\u00e9re fejlesztettek ki. A hegeszt\u00e9si ciklus teljesen automatikusan zajlik, \u00e9s a legfontosabb hegeszt\u00e9si param\u00e9tereket egy k\u00f6zponti sz\u00e1m\u00edt\u00f3g\u00e9p hat\u00e1rozza meg.\" \/>\n<meta name=\"robots\" content=\"index, follow, max-snippet:-1, max-image-preview:large, max-video-preview:-1\" \/>\n<link rel=\"canonical\" href=\"https:\/\/www.akuplastics.com\/hu\/felueleti-hegesztogep\/\" \/>\n<script type=\"application\/ld+json\" class=\"yoast-schema-graph\">{\"@context\":\"https:\\\/\\\/schema.org\",\"@graph\":[{\"@type\":\"WebPage\",\"@id\":\"https:\\\/\\\/www.akuplastics.com\\\/hu\\\/felueleti-hegesztogep\\\/\",\"url\":\"https:\\\/\\\/www.akuplastics.com\\\/hu\\\/felueleti-hegesztogep\\\/\",\"name\":\"Fel\u00fclethegeszt\u0151 g\u00e9p Raklapok Panelek M\u0171anyag hegeszt\u0151g\u00e9p Hegeszt\u00e9si rendszer\",\"isPartOf\":{\"@id\":\"https:\\\/\\\/www.akuplastics.com\\\/hu\\\/#website\"},\"primaryImageOfPage\":{\"@id\":\"https:\\\/\\\/www.akuplastics.com\\\/hu\\\/felueleti-hegesztogep\\\/#primaryimage\"},\"image\":{\"@id\":\"https:\\\/\\\/www.akuplastics.com\\\/hu\\\/felueleti-hegesztogep\\\/#primaryimage\"},\"thumbnailUrl\":\"https:\\\/\\\/www.akuplastics.com\\\/wp-content\\\/uploads\\\/2024\\\/04\\\/Flaechenschweissanlage-innen-300x225.jpg\",\"datePublished\":\"2024-04-12T16:09:57+00:00\",\"dateModified\":\"2025-03-29T15:39:34+00:00\",\"description\":\"Az Y-P-SF sorozat\u00fa fel\u00fclethegeszt\u0151 g\u00e9pek robusztus, minden ig\u00e9nyt kiel\u00e9g\u00edt\u0151 g\u00e9pek, amelyeket nagy fel\u00fclet\u0171, v\u00edzszintes elrendez\u00e9s\u0171 alkatr\u00e9szek hegeszt\u00e9s\u00e9re fejlesztettek ki. A hegeszt\u00e9si ciklus teljesen automatikusan zajlik, \u00e9s a legfontosabb hegeszt\u00e9si param\u00e9tereket egy k\u00f6zponti sz\u00e1m\u00edt\u00f3g\u00e9p hat\u00e1rozza meg.\",\"breadcrumb\":{\"@id\":\"https:\\\/\\\/www.akuplastics.com\\\/hu\\\/felueleti-hegesztogep\\\/#breadcrumb\"},\"inLanguage\":\"hu\",\"potentialAction\":[{\"@type\":\"ReadAction\",\"target\":[\"https:\\\/\\\/www.akuplastics.com\\\/hu\\\/felueleti-hegesztogep\\\/\"]}]},{\"@type\":\"ImageObject\",\"inLanguage\":\"hu\",\"@id\":\"https:\\\/\\\/www.akuplastics.com\\\/hu\\\/felueleti-hegesztogep\\\/#primaryimage\",\"url\":\"https:\\\/\\\/www.akuplastics.com\\\/wp-content\\\/uploads\\\/2024\\\/04\\\/Flaechenschweissanlage-innen-300x225.jpg\",\"contentUrl\":\"https:\\\/\\\/www.akuplastics.com\\\/wp-content\\\/uploads\\\/2024\\\/04\\\/Flaechenschweissanlage-innen-300x225.jpg\"},{\"@type\":\"BreadcrumbList\",\"@id\":\"https:\\\/\\\/www.akuplastics.com\\\/hu\\\/felueleti-hegesztogep\\\/#breadcrumb\",\"itemListElement\":[{\"@type\":\"ListItem\",\"position\":1,\"name\":\"Kezd\u0151lap\",\"item\":\"https:\\\/\\\/www.akuplastics.com\\\/hu\\\/\"},{\"@type\":\"ListItem\",\"position\":2,\"name\":\"Fel\u00fcleti hegeszt\u0151g\u00e9p\"}]},{\"@type\":\"WebSite\",\"@id\":\"https:\\\/\\\/www.akuplastics.com\\\/hu\\\/#website\",\"url\":\"https:\\\/\\\/www.akuplastics.com\\\/hu\\\/\",\"name\":\"Semi-Finished Products \u2013 Finished Parts \u2013 Ventilation Moulded Parts \u2013 Machines\",\"description\":\"Halbzeuge, Halbfabrikate, Kunststoffhalbzeuge, Kunststoffhalbfabrikate\",\"publisher\":{\"@id\":\"https:\\\/\\\/www.akuplastics.com\\\/hu\\\/#organization\"},\"alternateName\":\"AKUPLASTICS \u2013 Engineering in Plastics\",\"potentialAction\":[{\"@type\":\"SearchAction\",\"target\":{\"@type\":\"EntryPoint\",\"urlTemplate\":\"https:\\\/\\\/www.akuplastics.com\\\/hu\\\/?s={search_term_string}\"},\"query-input\":{\"@type\":\"PropertyValueSpecification\",\"valueRequired\":true,\"valueName\":\"search_term_string\"}}],\"inLanguage\":\"hu\"},{\"@type\":\"Organization\",\"@id\":\"https:\\\/\\\/www.akuplastics.com\\\/hu\\\/#organization\",\"name\":\"Ing. Christian Ahlborn e.U.\",\"alternateName\":\"AKU\",\"url\":\"https:\\\/\\\/www.akuplastics.com\\\/hu\\\/\",\"logo\":{\"@type\":\"ImageObject\",\"inLanguage\":\"hu\",\"@id\":\"https:\\\/\\\/www.akuplastics.com\\\/hu\\\/#\\\/schema\\\/logo\\\/image\\\/\",\"url\":\"https:\\\/\\\/www.akuplastics.com\\\/wp-content\\\/uploads\\\/2020\\\/07\\\/Grafik14-inkl-r.png\",\"contentUrl\":\"https:\\\/\\\/www.akuplastics.com\\\/wp-content\\\/uploads\\\/2020\\\/07\\\/Grafik14-inkl-r.png\",\"width\":1994,\"height\":743,\"caption\":\"Ing. Christian Ahlborn e.U.\"},\"image\":{\"@id\":\"https:\\\/\\\/www.akuplastics.com\\\/hu\\\/#\\\/schema\\\/logo\\\/image\\\/\"}}]}<\/script>\n<!-- \/ Yoast SEO Premium plugin. -->","yoast_head_json":{"title":"Fel\u00fclethegeszt\u0151 g\u00e9p Raklapok Panelek M\u0171anyag hegeszt\u0151g\u00e9p Hegeszt\u00e9si rendszer","description":"Az Y-P-SF sorozat\u00fa fel\u00fclethegeszt\u0151 g\u00e9pek robusztus, minden ig\u00e9nyt kiel\u00e9g\u00edt\u0151 g\u00e9pek, amelyeket nagy fel\u00fclet\u0171, v\u00edzszintes elrendez\u00e9s\u0171 alkatr\u00e9szek hegeszt\u00e9s\u00e9re fejlesztettek ki. A hegeszt\u00e9si ciklus teljesen automatikusan zajlik, \u00e9s a legfontosabb hegeszt\u00e9si param\u00e9tereket egy k\u00f6zponti sz\u00e1m\u00edt\u00f3g\u00e9p hat\u00e1rozza meg.","robots":{"index":"index","follow":"follow","max-snippet":"max-snippet:-1","max-image-preview":"max-image-preview:large","max-video-preview":"max-video-preview:-1"},"canonical":"https:\/\/www.akuplastics.com\/hu\/felueleti-hegesztogep\/","schema":{"@context":"https:\/\/schema.org","@graph":[{"@type":"WebPage","@id":"https:\/\/www.akuplastics.com\/hu\/felueleti-hegesztogep\/","url":"https:\/\/www.akuplastics.com\/hu\/felueleti-hegesztogep\/","name":"Fel\u00fclethegeszt\u0151 g\u00e9p Raklapok Panelek M\u0171anyag hegeszt\u0151g\u00e9p Hegeszt\u00e9si rendszer","isPartOf":{"@id":"https:\/\/www.akuplastics.com\/hu\/#website"},"primaryImageOfPage":{"@id":"https:\/\/www.akuplastics.com\/hu\/felueleti-hegesztogep\/#primaryimage"},"image":{"@id":"https:\/\/www.akuplastics.com\/hu\/felueleti-hegesztogep\/#primaryimage"},"thumbnailUrl":"https:\/\/www.akuplastics.com\/wp-content\/uploads\/2024\/04\/Flaechenschweissanlage-innen-300x225.jpg","datePublished":"2024-04-12T16:09:57+00:00","dateModified":"2025-03-29T15:39:34+00:00","description":"Az Y-P-SF sorozat\u00fa fel\u00fclethegeszt\u0151 g\u00e9pek robusztus, minden ig\u00e9nyt kiel\u00e9g\u00edt\u0151 g\u00e9pek, amelyeket nagy fel\u00fclet\u0171, v\u00edzszintes elrendez\u00e9s\u0171 alkatr\u00e9szek hegeszt\u00e9s\u00e9re fejlesztettek ki. A hegeszt\u00e9si ciklus teljesen automatikusan zajlik, \u00e9s a legfontosabb hegeszt\u00e9si param\u00e9tereket egy k\u00f6zponti sz\u00e1m\u00edt\u00f3g\u00e9p hat\u00e1rozza meg.","breadcrumb":{"@id":"https:\/\/www.akuplastics.com\/hu\/felueleti-hegesztogep\/#breadcrumb"},"inLanguage":"hu","potentialAction":[{"@type":"ReadAction","target":["https:\/\/www.akuplastics.com\/hu\/felueleti-hegesztogep\/"]}]},{"@type":"ImageObject","inLanguage":"hu","@id":"https:\/\/www.akuplastics.com\/hu\/felueleti-hegesztogep\/#primaryimage","url":"https:\/\/www.akuplastics.com\/wp-content\/uploads\/2024\/04\/Flaechenschweissanlage-innen-300x225.jpg","contentUrl":"https:\/\/www.akuplastics.com\/wp-content\/uploads\/2024\/04\/Flaechenschweissanlage-innen-300x225.jpg"},{"@type":"BreadcrumbList","@id":"https:\/\/www.akuplastics.com\/hu\/felueleti-hegesztogep\/#breadcrumb","itemListElement":[{"@type":"ListItem","position":1,"name":"Kezd\u0151lap","item":"https:\/\/www.akuplastics.com\/hu\/"},{"@type":"ListItem","position":2,"name":"Fel\u00fcleti hegeszt\u0151g\u00e9p"}]},{"@type":"WebSite","@id":"https:\/\/www.akuplastics.com\/hu\/#website","url":"https:\/\/www.akuplastics.com\/hu\/","name":"Semi-Finished Products \u2013 Finished Parts \u2013 Ventilation Moulded Parts \u2013 Machines","description":"Halbzeuge, Halbfabrikate, Kunststoffhalbzeuge, Kunststoffhalbfabrikate","publisher":{"@id":"https:\/\/www.akuplastics.com\/hu\/#organization"},"alternateName":"AKUPLASTICS \u2013 Engineering in Plastics","potentialAction":[{"@type":"SearchAction","target":{"@type":"EntryPoint","urlTemplate":"https:\/\/www.akuplastics.com\/hu\/?s={search_term_string}"},"query-input":{"@type":"PropertyValueSpecification","valueRequired":true,"valueName":"search_term_string"}}],"inLanguage":"hu"},{"@type":"Organization","@id":"https:\/\/www.akuplastics.com\/hu\/#organization","name":"Ing. Christian Ahlborn e.U.","alternateName":"AKU","url":"https:\/\/www.akuplastics.com\/hu\/","logo":{"@type":"ImageObject","inLanguage":"hu","@id":"https:\/\/www.akuplastics.com\/hu\/#\/schema\/logo\/image\/","url":"https:\/\/www.akuplastics.com\/wp-content\/uploads\/2020\/07\/Grafik14-inkl-r.png","contentUrl":"https:\/\/www.akuplastics.com\/wp-content\/uploads\/2020\/07\/Grafik14-inkl-r.png","width":1994,"height":743,"caption":"Ing. Christian Ahlborn e.U."},"image":{"@id":"https:\/\/www.akuplastics.com\/hu\/#\/schema\/logo\/image\/"}}]}},"_links":{"self":[{"href":"https:\/\/www.akuplastics.com\/hu\/wp-json\/wp\/v2\/pages\/21476","targetHints":{"allow":["GET"]}}],"collection":[{"href":"https:\/\/www.akuplastics.com\/hu\/wp-json\/wp\/v2\/pages"}],"about":[{"href":"https:\/\/www.akuplastics.com\/hu\/wp-json\/wp\/v2\/types\/page"}],"author":[{"embeddable":true,"href":"https:\/\/www.akuplastics.com\/hu\/wp-json\/wp\/v2\/users\/3"}],"replies":[{"embeddable":true,"href":"https:\/\/www.akuplastics.com\/hu\/wp-json\/wp\/v2\/comments?post=21476"}],"version-history":[{"count":7,"href":"https:\/\/www.akuplastics.com\/hu\/wp-json\/wp\/v2\/pages\/21476\/revisions"}],"predecessor-version":[{"id":26523,"href":"https:\/\/www.akuplastics.com\/hu\/wp-json\/wp\/v2\/pages\/21476\/revisions\/26523"}],"wp:attachment":[{"href":"https:\/\/www.akuplastics.com\/hu\/wp-json\/wp\/v2\/media?parent=21476"}],"curies":[{"name":"wp","href":"https:\/\/api.w.org\/{rel}","templated":true}]}}